{"id":3799,"date":"2022-12-17T12:35:09","date_gmt":"2022-12-17T12:35:09","guid":{"rendered":"https:\/\/egytourpackages.com\/o-nas\/"},"modified":"2025-06-02T22:43:09","modified_gmt":"2025-06-02T22:43:09","slug":"o-nas","status":"publish","type":"page","link":"https:\/\/egytourpackages.com\/cs\/o-nas\/","title":{"rendered":"O n\u00e1s"},"content":{"rendered":"&#13;\n<p>Sna\u017e\u00edme se b\u00fdt t\u011bmi, kte\u0159\u00ed d\u011blaj\u00ed kouzla. Vyu\u017eili jsme na\u0161i minutu odvahy a rozhodli se zalo\u017eit toto podnik\u00e1ni s\u202fohledem na to, \u017ee jsme organizovan\u00ed a na spr\u00e1vn\u00e9 cest\u011b. Kolektiv Bal\u00ed\u010dky v\u00fdlet\u016f po Egypt\u011b si uv\u011bdomuje, \u017ee cesta, kterou si vybral, nen\u00ed dl\u00e1\u017ed\u011bn\u00e1 r\u016f\u017eemi. Chceme zajistit, aby n\u00e1mi poskytovan\u00e9 slu\u017eby byly extr\u00e9mn\u011b kvalitn\u00ed a pohodln\u00e9.<\/p>&#13;\n&#13;\n<p><span class=\"TextRun SCXW32534087 BCX0\" lang=\"CS-CZ\" xml:lang=\"CS-CZ\" data-contrast=\"auto\"><span class=\"NormalTextRun SCXW32534087 BCX0\">V\u202fBal\u00ed\u010dky v\u00fdlet\u016f po Egypt\u011b v\u011b\u0159\u00edme, <\/span><span class=\"NormalTextRun SCXW32534087 BCX0\">\u017e<\/span><span class=\"NormalTextRun SCXW32534087 BCX0\">e v\u017edy existuje <\/span><span class=\"NormalTextRun SCXW32534087 BCX0\">lep\u0161\u00ed zp\u016fsob, jak si za\u0159\u00eddit z\u00e1jezdy do Egypta i <\/span><\/span><span class=\"TextRun Underlined SCXW32534087 BCX0\" lang=\"CS-CZ\" xml:lang=\"CS-CZ\" data-contrast=\"auto\"><span class=\"NormalTextRun SCXW32534087 BCX0\">v\u00fdlety po<\/span><\/span> <span class=\"TextRun Underlined SCXW32534087 BCX0\" lang=\"CS-CZ\" xml:lang=\"CS-CZ\" data-contrast=\"auto\"><span class=\"NormalTextRun SCXW32534087 BCX0\">Egypt\u011b<\/span><\/span><span class=\"TextRun SCXW32534087 BCX0\" lang=\"CS-CZ\" xml:lang=\"CS-CZ\" data-contrast=\"auto\"><span class=\"NormalTextRun SCXW32534087 BCX0\">. <\/span><span class=\"NormalTextRun SCXW32534087 BCX0\">Jsme proto posedl\u00ed v\u00e1\u0161ni a na\u0161im posl\u00e1n\u00edm je <\/span><span class=\"NormalTextRun SCXW32534087 BCX0\">pom\u00e1hat lidem toho dosahovat. <\/span><span class=\"NormalTextRun SCXW32534087 BCX0\">Zam\u011b\u0159ujeme se na spokojenost <\/span><span class=\"NormalTextRun SCXW32534087 BCX0\">na\u0161<\/span><span class=\"NormalTextRun SCXW32534087 BCX0\">ich z\u00e1kazn\u00edk\u016f.\u00a0<\/span><\/span><span class=\"EOP SCXW32534087 BCX0\" data-ccp-props=\"{}\">\u00a0<\/span><\/p>&#13;\n&#13;\n<p>Z\u202fna\u0161ich informac\u00ed v\u00edme, \u017ee podle Institutu slu\u017eeb(ISES) spokojenost z\u00e1kazn\u00edk\u016f klesla. Levn\u00e9 hotely nejsou v\u017edy dobr\u00fd n\u00e1pad a jedn\u00e1n\u00ed s\u202ftaxik\u00e1\u0159i je opravdu hrozn\u00e9. Cestujte proto stylov\u011b a spokojenost z\u00e1kazn\u00edk\u016f, pokud pro v\u00e1s n\u011bco znamen\u00e1, pro n\u00e1s znamen\u00e1 v\u0161echno. Na\u0161im c\u00edlem je zajistit, abyste z\u00edskali nejlep\u0161\u00ed dostupn\u00e9 slu\u017eby za nejni\u017e\u0161\u00ed cenu. A z\u00e1rove\u0148 si m\u016f\u017eete maximalizovat sv\u00e9 zku\u0161enosti, z\u00e1\u017eitky a pot\u011b\u0161en\u00ed.  <\/p>&#13;\n&#13;\n<p><span class=\"TextRun SCXW4873580 BCX0\" lang=\"CS-CZ\" xml:lang=\"CS-CZ\" data-contrast=\"auto\"><span class=\"NormalTextRun SCXW4873580 BCX0\">S\u202fradost\u00ed nab\u00edz\u00edme <\/span><\/span><span class=\"TextRun Underlined SCXW4873580 BCX0\" lang=\"CS-CZ\" xml:lang=\"CS-CZ\" data-contrast=\"auto\"><span class=\"NormalTextRun SCXW4873580 BCX0\">Bal\u00ed\u010dky v\u00fdlet\u016f po <\/span><span class=\"NormalTextRun SCXW4873580 BCX0\">Egypt\u011b<\/span><\/span><span class=\"TextRun SCXW4873580 BCX0\" lang=\"CS-CZ\" xml:lang=\"CS-CZ\" data-contrast=\"auto\"> <span class=\"NormalTextRun ContextualSpellingAndGrammarErrorV2Themed SCXW4873580 BCX0\">v\u0161em<\/span><span class=\"NormalTextRun SCXW4873580 BCX0\"> a to<\/span> <span class=\"NormalTextRun SCXW4873580 BCX0\">prost\u0159ednictv\u00edm na\u0161ich kvalitn\u00edch slu\u017eeb, <\/span><span class=\"NormalTextRun SCXW4873580 BCX0\">pr\u016fvodc\u016f a cen.\u00a0<\/span><\/span><span class=\"EOP SCXW4873580 BCX0\" data-ccp-props=\"{}\">\u00a0<\/span><\/p>&#13;\n","protected":false},"excerpt":{"rendered":"<p>&#13; Sna\u017e\u00edme se b\u00fdt t\u011bmi, kte\u0159\u00ed d\u011blaj\u00ed kouzla. Vyu\u017eili jsme na\u0161i minutu odvahy a rozhodli se zalo\u017eit toto podnik\u00e1ni s\u202fohledem na to, \u017ee jsme organizovan\u00ed a na spr\u00e1vn\u00e9 cest\u011b. Kolektiv Bal\u00ed\u010dky v\u00fdlet\u016f po Egypt\u011b si uv\u011bdomuje, \u017ee cesta, kterou si vybral, nen\u00ed dl\u00e1\u017ed\u011bn\u00e1 r\u016f\u017eemi. Chceme zajistit, aby n\u00e1mi poskytovan\u00e9 slu\u017eby byly extr\u00e9mn\u011b kvalitn\u00ed a pohodln\u00e9.<\/p>\n<div class=\"padding-top text-center\"><a href=\"https:\/\/egytourpackages.com\/cs\/o-nas\/\" class=\"atbtn atbtn--medium atbtn--rounded atbtn--transparent\">&#8230;v\u00edce<i class=\"atbtn__icon atbtn__icon--right fa fa-long-arrow-right\"><\/i><\/a><\/div>\n","protected":false},"author":1,"featured_media":0,"parent":0,"menu_order":0,"comment_status":"closed","ping_status":"closed","template":"","meta":{"footnotes":""},"class_list":["post-3799","page","type-page","status-publish","hentry"],"yoast_head":"<!-- This site is optimized with the Yoast SEO Premium plugin v27.4 (Yoast SEO v27.4) - https:\/\/yoast.com\/product\/yoast-seo-premium-wordpress\/ -->\n<title>O n\u00e1s | Bal\u00ed\u010dky v\u00fdlet\u016f po Egypt\u011b<\/title>\n<meta name=\"description\" content=\"O n\u00e1s | V\u011b\u0159\u00edme, \u017ee na\u0161e cesta nen\u00ed dl\u00e1\u017ed\u011bna r\u016f\u017eemi. Na\u0161\u00edm c\u00edlem je zajistit, aby slu\u017eby, kter\u00e9 poskytujeme, byly extr\u00e9mn\u011b vysok\u00e9 kvality.\" \/>\n<meta name=\"robots\" content=\"index, follow, max-snippet:-1, max-image-preview:large, max-video-preview:-1\" \/>\n<link rel=\"canonical\" href=\"https:\/\/egytourpackages.com\/cs\/o-nas\/\" \/>\n<meta property=\"og:locale\" content=\"cs_CZ\" \/>\n<meta property=\"og:type\" content=\"article\" \/>\n<meta property=\"og:title\" content=\"O n\u00e1s | Bal\u00ed\u010dky v\u00fdlet\u016f po Egypt\u011b\" \/>\n<meta property=\"og:description\" content=\"O n\u00e1s | V\u011b\u0159\u00edme, \u017ee na\u0161e cesta nen\u00ed dl\u00e1\u017ed\u011bna r\u016f\u017eemi. Na\u0161\u00edm c\u00edlem je zajistit, aby slu\u017eby, kter\u00e9 poskytujeme, byly extr\u00e9mn\u011b vysok\u00e9 kvality.\" \/>\n<meta property=\"og:url\" content=\"https:\/\/egytourpackages.com\/cs\/o-nas\/\" \/>\n<meta property=\"og:site_name\" content=\"Z\u00e1jezdy po Egypt\u011b\" \/>\n<meta property=\"article:publisher\" content=\"https:\/\/www.facebook.com\/egytourpackages\" \/>\n<meta property=\"article:modified_time\" content=\"2025-06-02T22:43:09+00:00\" \/>\n<meta property=\"og:image\" content=\"https:\/\/egytourpackages.com\/wp-content\/uploads\/2025\/12\/IMG_20241212_130656.jpg\" \/>\n\t<meta property=\"og:image:width\" content=\"900\" \/>\n\t<meta property=\"og:image:height\" content=\"675\" \/>\n\t<meta property=\"og:image:type\" content=\"image\/jpeg\" \/>\n<meta name=\"twitter:card\" content=\"summary_large_image\" \/>\n<meta name=\"twitter:title\" content=\"O n\u00e1s\" \/>\n<meta name=\"twitter:label1\" content=\"Odhadovan\u00e1 doba \u010dten\u00ed\" \/>\n\t<meta name=\"twitter:data1\" content=\"1 minuta\" \/>\n<script type=\"application\/ld+json\" class=\"yoast-schema-graph\">{\"@context\":\"https:\\\/\\\/schema.org\",\"@graph\":[{\"@type\":\"WebPage\",\"@id\":\"https:\\\/\\\/egytourpackages.com\\\/cs\\\/o-nas\\\/\",\"url\":\"https:\\\/\\\/egytourpackages.com\\\/cs\\\/o-nas\\\/\",\"name\":\"O n\u00e1s | Bal\u00ed\u010dky v\u00fdlet\u016f po Egypt\u011b\",\"isPartOf\":{\"@id\":\"https:\\\/\\\/egytourpackages.com\\\/cs\\\/#website\"},\"datePublished\":\"2022-12-17T12:35:09+00:00\",\"dateModified\":\"2025-06-02T22:43:09+00:00\",\"description\":\"O n\u00e1s | V\u011b\u0159\u00edme, \u017ee na\u0161e cesta nen\u00ed dl\u00e1\u017ed\u011bna r\u016f\u017eemi. Na\u0161\u00edm c\u00edlem je zajistit, aby slu\u017eby, kter\u00e9 poskytujeme, byly extr\u00e9mn\u011b vysok\u00e9 kvality.\",\"breadcrumb\":{\"@id\":\"https:\\\/\\\/egytourpackages.com\\\/cs\\\/o-nas\\\/#breadcrumb\"},\"inLanguage\":\"cs\",\"potentialAction\":[{\"@type\":\"ReadAction\",\"target\":[\"https:\\\/\\\/egytourpackages.com\\\/cs\\\/o-nas\\\/\"]}]},{\"@type\":\"BreadcrumbList\",\"@id\":\"https:\\\/\\\/egytourpackages.com\\\/cs\\\/o-nas\\\/#breadcrumb\",\"itemListElement\":[{\"@type\":\"ListItem\",\"position\":1,\"name\":\"Dom\u016f\",\"item\":\"https:\\\/\\\/egytourpackages.com\\\/cs\\\/balicky-vyletu-po-egypte\\\/\"},{\"@type\":\"ListItem\",\"position\":2,\"name\":\"O n\u00e1s\"}]},{\"@type\":\"WebSite\",\"@id\":\"https:\\\/\\\/egytourpackages.com\\\/cs\\\/#website\",\"url\":\"https:\\\/\\\/egytourpackages.com\\\/cs\\\/\",\"name\":\"Egy tour packages\",\"description\":\"\",\"publisher\":{\"@id\":\"https:\\\/\\\/egytourpackages.com\\\/cs\\\/#organization\"},\"potentialAction\":[{\"@type\":\"SearchAction\",\"target\":{\"@type\":\"EntryPoint\",\"urlTemplate\":\"https:\\\/\\\/egytourpackages.com\\\/cs\\\/?s={search_term_string}\"},\"query-input\":{\"@type\":\"PropertyValueSpecification\",\"valueRequired\":true,\"valueName\":\"search_term_string\"}}],\"inLanguage\":\"cs\"},{\"@type\":[\"Organization\",\"Place\",\"TravelAgency\"],\"@id\":\"https:\\\/\\\/egytourpackages.com\\\/cs\\\/#organization\",\"name\":\"egypt tour packages\",\"alternateName\":\"egypt tour packages\",\"url\":\"https:\\\/\\\/egytourpackages.com\\\/cs\\\/\",\"logo\":{\"@id\":\"https:\\\/\\\/egytourpackages.com\\\/cs\\\/o-nas\\\/#local-main-organization-logo\"},\"image\":{\"@id\":\"https:\\\/\\\/egytourpackages.com\\\/cs\\\/o-nas\\\/#local-main-organization-logo\"},\"sameAs\":[\"https:\\\/\\\/www.facebook.com\\\/egytourpackages\"],\"legalName\":\"Egy tour packages\",\"address\":{\"@id\":\"https:\\\/\\\/egytourpackages.com\\\/cs\\\/o-nas\\\/#local-main-place-address\"},\"telephone\":[\"00201000852186\",\"00201028685533\"],\"contactPoint\":{\"@type\":\"ContactPoint\",\"telephone\":\"00201000852186\"},\"openingHoursSpecification\":[{\"@type\":\"OpeningHoursSpecification\",\"dayOfWeek\":[\"Monday\",\"Tuesday\",\"Wednesday\",\"Thursday\",\"Friday\",\"Saturday\",\"Sunday\"],\"opens\":\"00:00\",\"closes\":\"23:59\"}],\"email\":\"info@egytourpackages.com\",\"areaServed\":\"Cairo, Hurghada, Luxor, Sharm El Sheikh, Marsa Alam, Aswan\",\"priceRange\":\"$\",\"currenciesAccepted\":\"euro\",\"paymentAccepted\":\"Payment links online\"},{\"@type\":\"PostalAddress\",\"@id\":\"https:\\\/\\\/egytourpackages.com\\\/cs\\\/o-nas\\\/#local-main-place-address\",\"streetAddress\":\"Mubarak 8, Al Kawthar District, Hurghada\",\"addressLocality\":\"Hurghada\",\"postalCode\":\"84511\",\"addressRegion\":\"Red Sea\",\"addressCountry\":\"EG\"},{\"@type\":\"ImageObject\",\"inLanguage\":\"cs\",\"@id\":\"https:\\\/\\\/egytourpackages.com\\\/cs\\\/o-nas\\\/#local-main-organization-logo\",\"url\":\"https:\\\/\\\/egytourpackages.com\\\/wp-content\\\/uploads\\\/2025\\\/12\\\/Turquoise-Dahabiya-Nile-Cruise-1.jpeg\",\"contentUrl\":\"https:\\\/\\\/egytourpackages.com\\\/wp-content\\\/uploads\\\/2025\\\/12\\\/Turquoise-Dahabiya-Nile-Cruise-1.jpeg\",\"width\":1040,\"height\":694,\"caption\":\"egypt tour packages\"}]}<\/script>\n<meta name=\"geo.placename\" content=\"Hurghada\" \/>\n<meta name=\"geo.region\" content=\"Egypt\" \/>\n<!-- \/ Yoast SEO Premium plugin. -->","yoast_head_json":{"title":"O n\u00e1s | Bal\u00ed\u010dky v\u00fdlet\u016f po Egypt\u011b","description":"O n\u00e1s | V\u011b\u0159\u00edme, \u017ee na\u0161e cesta nen\u00ed dl\u00e1\u017ed\u011bna r\u016f\u017eemi. Na\u0161\u00edm c\u00edlem je zajistit, aby slu\u017eby, kter\u00e9 poskytujeme, byly extr\u00e9mn\u011b vysok\u00e9 kvality.","robots":{"index":"index","follow":"follow","max-snippet":"max-snippet:-1","max-image-preview":"max-image-preview:large","max-video-preview":"max-video-preview:-1"},"canonical":"https:\/\/egytourpackages.com\/cs\/o-nas\/","og_locale":"cs_CZ","og_type":"article","og_title":"O n\u00e1s | Bal\u00ed\u010dky v\u00fdlet\u016f po Egypt\u011b","og_description":"O n\u00e1s | V\u011b\u0159\u00edme, \u017ee na\u0161e cesta nen\u00ed dl\u00e1\u017ed\u011bna r\u016f\u017eemi. Na\u0161\u00edm c\u00edlem je zajistit, aby slu\u017eby, kter\u00e9 poskytujeme, byly extr\u00e9mn\u011b vysok\u00e9 kvality.","og_url":"https:\/\/egytourpackages.com\/cs\/o-nas\/","og_site_name":"Z\u00e1jezdy po Egypt\u011b","article_publisher":"https:\/\/www.facebook.com\/egytourpackages","article_modified_time":"2025-06-02T22:43:09+00:00","og_image":[{"width":900,"height":675,"url":"https:\/\/egytourpackages.com\/wp-content\/uploads\/2025\/12\/IMG_20241212_130656.jpg","type":"image\/jpeg"}],"twitter_card":"summary_large_image","twitter_title":"O n\u00e1s","twitter_misc":{"Odhadovan\u00e1 doba \u010dten\u00ed":"1 minuta"},"schema":{"@context":"https:\/\/schema.org","@graph":[{"@type":"WebPage","@id":"https:\/\/egytourpackages.com\/cs\/o-nas\/","url":"https:\/\/egytourpackages.com\/cs\/o-nas\/","name":"O n\u00e1s | Bal\u00ed\u010dky v\u00fdlet\u016f po Egypt\u011b","isPartOf":{"@id":"https:\/\/egytourpackages.com\/cs\/#website"},"datePublished":"2022-12-17T12:35:09+00:00","dateModified":"2025-06-02T22:43:09+00:00","description":"O n\u00e1s | V\u011b\u0159\u00edme, \u017ee na\u0161e cesta nen\u00ed dl\u00e1\u017ed\u011bna r\u016f\u017eemi. Na\u0161\u00edm c\u00edlem je zajistit, aby slu\u017eby, kter\u00e9 poskytujeme, byly extr\u00e9mn\u011b vysok\u00e9 kvality.","breadcrumb":{"@id":"https:\/\/egytourpackages.com\/cs\/o-nas\/#breadcrumb"},"inLanguage":"cs","potentialAction":[{"@type":"ReadAction","target":["https:\/\/egytourpackages.com\/cs\/o-nas\/"]}]},{"@type":"BreadcrumbList","@id":"https:\/\/egytourpackages.com\/cs\/o-nas\/#breadcrumb","itemListElement":[{"@type":"ListItem","position":1,"name":"Dom\u016f","item":"https:\/\/egytourpackages.com\/cs\/balicky-vyletu-po-egypte\/"},{"@type":"ListItem","position":2,"name":"O n\u00e1s"}]},{"@type":"WebSite","@id":"https:\/\/egytourpackages.com\/cs\/#website","url":"https:\/\/egytourpackages.com\/cs\/","name":"Egy tour packages","description":"","publisher":{"@id":"https:\/\/egytourpackages.com\/cs\/#organization"},"potentialAction":[{"@type":"SearchAction","target":{"@type":"EntryPoint","urlTemplate":"https:\/\/egytourpackages.com\/cs\/?s={search_term_string}"},"query-input":{"@type":"PropertyValueSpecification","valueRequired":true,"valueName":"search_term_string"}}],"inLanguage":"cs"},{"@type":["Organization","Place","TravelAgency"],"@id":"https:\/\/egytourpackages.com\/cs\/#organization","name":"egypt tour packages","alternateName":"egypt tour packages","url":"https:\/\/egytourpackages.com\/cs\/","logo":{"@id":"https:\/\/egytourpackages.com\/cs\/o-nas\/#local-main-organization-logo"},"image":{"@id":"https:\/\/egytourpackages.com\/cs\/o-nas\/#local-main-organization-logo"},"sameAs":["https:\/\/www.facebook.com\/egytourpackages"],"legalName":"Egy tour packages","address":{"@id":"https:\/\/egytourpackages.com\/cs\/o-nas\/#local-main-place-address"},"telephone":["00201000852186","00201028685533"],"contactPoint":{"@type":"ContactPoint","telephone":"00201000852186"},"openingHoursSpecification":[{"@type":"OpeningHoursSpecification","dayOfWeek":["Monday","Tuesday","Wednesday","Thursday","Friday","Saturday","Sunday"],"opens":"00:00","closes":"23:59"}],"email":"info@egytourpackages.com","areaServed":"Cairo, Hurghada, Luxor, Sharm El Sheikh, Marsa Alam, Aswan","priceRange":"$","currenciesAccepted":"euro","paymentAccepted":"Payment links online"},{"@type":"PostalAddress","@id":"https:\/\/egytourpackages.com\/cs\/o-nas\/#local-main-place-address","streetAddress":"Mubarak 8, Al Kawthar District, Hurghada","addressLocality":"Hurghada","postalCode":"84511","addressRegion":"Red Sea","addressCountry":"EG"},{"@type":"ImageObject","inLanguage":"cs","@id":"https:\/\/egytourpackages.com\/cs\/o-nas\/#local-main-organization-logo","url":"https:\/\/egytourpackages.com\/wp-content\/uploads\/2025\/12\/Turquoise-Dahabiya-Nile-Cruise-1.jpeg","contentUrl":"https:\/\/egytourpackages.com\/wp-content\/uploads\/2025\/12\/Turquoise-Dahabiya-Nile-Cruise-1.jpeg","width":1040,"height":694,"caption":"egypt tour packages"}]},"geo.placename":"Hurghada","geo.region":"Egypt"},"_links":{"self":[{"href":"https:\/\/egytourpackages.com\/cs\/wp-json\/wp\/v2\/pages\/3799","targetHints":{"allow":["GET"]}}],"collection":[{"href":"https:\/\/egytourpackages.com\/cs\/wp-json\/wp\/v2\/pages"}],"about":[{"href":"https:\/\/egytourpackages.com\/cs\/wp-json\/wp\/v2\/types\/page"}],"author":[{"embeddable":true,"href":"https:\/\/egytourpackages.com\/cs\/wp-json\/wp\/v2\/users\/1"}],"replies":[{"embeddable":true,"href":"https:\/\/egytourpackages.com\/cs\/wp-json\/wp\/v2\/comments?post=3799"}],"version-history":[{"count":0,"href":"https:\/\/egytourpackages.com\/cs\/wp-json\/wp\/v2\/pages\/3799\/revisions"}],"wp:attachment":[{"href":"https:\/\/egytourpackages.com\/cs\/wp-json\/wp\/v2\/media?parent=3799"}],"curies":[{"name":"wp","href":"https:\/\/api.w.org\/{rel}","templated":true}]}}