{"id":14072,"date":"2025-12-01T09:30:28","date_gmt":"2025-12-01T09:30:28","guid":{"rendered":"https:\/\/egytourpackages.com\/product\/ranni-safari-z-marsa-alam\/"},"modified":"2026-01-27T21:25:04","modified_gmt":"2026-01-27T21:25:04","slug":"ranni-safari-z-marsa-alam","status":"publish","type":"product","link":"https:\/\/egytourpackages.com\/cs\/prohlidky\/ranni-safari-z-marsa-alam\/","title":{"rendered":"Rann\u00ed safari z Marsa Alam"},"content":{"rendered":"<p><span style=\"color: #ff6600;\"><strong>Rann\u00ed safari z Marsa Alam: Adrenalin a tradice v srdci pou\u0161t\u011b<\/strong><\/span><\/p>\n<p>Pro\u017eijte to nejlep\u0161\u00ed z egyptsk\u00e9 pou\u0161t\u011b s na\u0161\u00edm v\u00fdletem <strong>Rann\u00ed safari: Adrenalin a tradice<\/strong>. Tento nezapomenuteln\u00fd z\u00e1\u017eitek je navr\u017een pro ty, kte\u0159\u00ed tou\u017e\u00ed po dobrodru\u017estv\u00ed, ale z\u00e1rove\u0148 hledaj\u00ed autentick\u00fd vhled do m\u00edstn\u00ed kultury. Program za\u010d\u00edn\u00e1 p\u0159esn\u011b v <strong>8:30 r\u00e1no<\/strong> na na\u0161\u00ed safari z\u00e1kladn\u011b.<\/p>\n<p>Adrenalin poc\u00edt\u00edte hned na za\u010d\u00e1tku p\u0159i energick\u00e9, <strong>hodinov\u00e9 j\u00edzd\u011b na \u010dty\u0159kolce (ATV)<\/strong>. P\u0159evezm\u011bte plnou kontrolu nad strojem a proj\u00ed\u017ed\u011bjte \u00fachvatn\u00fdmi otev\u0159en\u00fdmi dunami, zat\u00edmco si budete razit vlastn\u00ed cestu v p\u00edsku.<\/p>\n<p>Po tomto vzru\u0161uj\u00edc\u00edm \u00favodu si dop\u0159ejeme zaslou\u017eenou pauzu na osv\u011b\u017een\u00ed. \u010cek\u00e1 v\u00e1s <strong>tradi\u010dn\u00ed \u010daj, arabsk\u00e1 k\u00e1va a studen\u00e1 voda<\/strong>. Hluk motor\u016f ale je\u0161t\u011b neutichne! N\u00e1sledovat bude dal\u0161\u00ed d\u00e1vka vzru\u0161en\u00ed p\u0159i rychl\u00e9, <strong>15minutov\u00e9 j\u00edzd\u011b v bugin\u011b<\/strong>.<\/p>\n<p>Druh\u00e1 polovina dopoledne se ponese v duchu bohat\u00e9ho d\u011bdictv\u00ed obyvatel pou\u0161t\u011b. V\u00e1\u0161 zku\u0161en\u00fd pr\u016fvodce v\u00e1s provede fascinuj\u00edc\u00ed \u010d\u00e1st\u00ed v\u011bnovanou <strong>historii a tradic\u00edm Bedu\u00edn\u016f<\/strong>.<\/p>\n<p>Tento jedine\u010dn\u00fd z\u00e1\u017eitek zahrnuje tak\u00e9 n\u00e1v\u0161t\u011bvu slavn\u00e9 <strong>bedu\u00ednsk\u00e9 l\u00e9k\u00e1rny<\/strong>, kde se dozv\u00edte o p\u0159\u00edrodn\u00edch l\u00e9c\u00edch a <strong>l\u00e9\u010div\u00fdch bylin\u00e1ch<\/strong>, kter\u00e9 m\u00edstn\u00ed vyu\u017e\u00edvaj\u00ed po cel\u00e9 generace.<\/p>\n<p>Va\u0161i cestu zakon\u010d\u00edme relaxa\u010dn\u00ed <strong>lehkou sn\u00eddan\u00ed<\/strong> s m\u00edstn\u00edmi chut\u011bmi, jako je <strong>d\u017eem, med, s\u00fdr, sal\u00e1ty a fazole<\/strong>. Tento v\u00fdlet p\u0159edstavuje dokonalou kombinaci ak\u010dn\u00ed z\u00e1bavy a autentick\u00e9ho pozn\u00e1v\u00e1n\u00ed kultury, zabalenou do jednoho nezapomenuteln\u00e9ho dopoledne.<\/p>\n<h3><span style=\"color: #ff6600;\">Detaily v\u00fdletu<\/span><\/h3>\n<ul>\n<li>Doba trv\u00e1n\u00ed: 5 hodin<\/li>\n<li>Lokalita: V\u00fdchodn\u00ed pou\u0161\u0165, Marsa Alam<\/li>\n<li>Dostupnost: Na vy\u017e\u00e1d\u00e1n\u00ed<\/li>\n<li>Vyzvednut\u00ed a odvoz: Hotely v Marsa Alam<\/li>\n<li>Typ v\u00fdletu: Skupinov\u00fd \/ Soukrom\u00fd<\/li>\n<li>Jazyk: Angli\u010dtina (pr\u016fvodce)<\/li>\n<\/ul>\n<h3><span style=\"color: #ff6600;\">Hlavn\u00ed body v\u00fdletu<\/span><\/h3>\n<ul>\n<li>J\u00edzda na \u010dty\u0159kolce (ATV) po dobu jedn\u00e9 hodiny<\/li>\n<li>J\u00edzda v bugin\u011b<\/li>\n<li>Tradi\u010dn\u00ed \u010daj a arabsk\u00e1 k\u00e1va<\/li>\n<li>Pozn\u00e1n\u00ed bedu\u00ednsk\u00e9ho \u017eivotn\u00edho stylu<\/li>\n<li>Sn\u00eddan\u011b v pou\u0161ti<\/li>\n<\/ul>\n<h3><span style=\"color: #ff6600;\">V cen\u011b je zahrnuto<\/span><\/h3>\n<ul>\n<li>Vyzvednut\u00ed a odvoz z va\u0161eho hotelu v Marsa Alam<\/li>\n<li>Profesion\u00e1ln\u00ed pou\u0161tn\u00ed pr\u016fvodce mluv\u00edc\u00ed anglicky<\/li>\n<li>Zku\u0161ebn\u00ed j\u00edzda p\u0159ed za\u010d\u00e1tkem tour<\/li>\n<li>\u010cty\u0159kolka, bugina, sn\u00eddan\u011b<\/li>\n<li>V\u0161echny servisn\u00ed poplatky a dan\u011b jsou ji\u017e v cen\u011b<\/li>\n<\/ul>\n<h3><span style=\"color: #ff6600;\">V cen\u011b nen\u00ed zahrnuto<\/span><\/h3>\n<ul>\n<li>DVD a fotografie od fotografa<\/li>\n<li>Spropitn\u00e9<\/li>\n<li>Cokoli, co nen\u00ed uvedeno v programu<\/li>\n<\/ul>\n<h3><span style=\"color: #ff6600;\">Co si vz\u00edt s sebou<\/span><\/h3>\n<ul>\n<li>Kopii cestovn\u00edho pasu<\/li>\n<li>Klobouk, slune\u010dn\u00ed br\u00fdle a opalovac\u00ed kr\u00e9m<\/li>\n<li>Pohodlnou obuv a oble\u010den\u00ed<\/li>\n<\/ul>\n<h3><span style=\"color: #ff6600;\">Upozorn\u011bn\u00ed<\/span><\/h3>\n<ul>\n<li>V\u0161echny na\u0161e v\u00fdlety jsou pln\u011b poji\u0161t\u011bny<\/li>\n<li>D\u016frazn\u011b doporu\u010dujeme pou\u017e\u00edvat helmy<\/li>\n<li>\u0160\u00e1tky (mo\u017enost dokoupit za 5 eur)<\/li>\n<li>Ochrann\u00e9 br\u00fdle k zap\u016fj\u010den\u00ed (2 eura za kus)<\/li>\n<\/ul>\n<h2><span style=\"color: #ff6600;\">Itiner\u00e1\u0159<\/span><\/h2>\n<h3><span style=\"color: #ff6600;\">Rann\u00ed safari v pou\u0161ti: Za\u017eijte adrenalin a tradice<\/span><\/h3>\n<p>Zapome\u0148te na obvykl\u00fd shon \u2013 toto je va\u0161e \u0161ance skute\u010dn\u011b se spojit s pou\u0161t\u00ed. Na\u0161e rann\u00ed safari m\u00e1 ide\u00e1ln\u00ed tempo, ve kter\u00e9m se m\u00eds\u00ed ak\u010dn\u00ed j\u00edzda s autentick\u00fdmi kulturn\u00edmi momenty, a to v\u0161e d\u0159\u00edve, ne\u017e nastanou denn\u00ed horka.<\/p>\n<p><strong>Dobrodru\u017estv\u00ed za\u010d\u00edn\u00e1: Adrenalin na \u010dty\u0159kolk\u00e1ch<\/strong> Za\u010d\u00edn\u00e1me p\u0159esn\u011b v <strong>8:30<\/strong> na na\u0161\u00ed safari z\u00e1kladn\u011b. P\u0159ipravte se na po\u0159\u00e1dn\u00fd v\u00fdkon!<\/p>\n<p>Va\u0161e dobrodru\u017estv\u00ed odstartuje vzru\u0161uj\u00edc\u00ed <strong>hodinovou j\u00edzdou na \u010dty\u0159kolce (ATV)<\/strong>. U\u017eijte si pocit svobody p\u0159i \u0159ez\u00e1n\u00ed zat\u00e1\u010dek v dun\u00e1ch a zanechte svou stopu v hork\u00e9m zlatav\u00e9m p\u00edsku.<\/p>\n<p><strong>Osv\u011b\u017euj\u00edc\u00ed pauza a z\u00e1bava v bugin\u00e1ch<\/strong> Po adrenalinov\u00e9 j\u00edzd\u011b je \u010das si odpo\u010dinout a osv\u011b\u017eit se jako m\u00edstn\u00ed. Nab\u00eddneme v\u00e1m <strong>tradi\u010dn\u00ed \u010daj, silnou arabskou k\u00e1vu a studenou vodu<\/strong>.<\/p>\n<p>Tato kr\u00e1tk\u00e1 p\u0159est\u00e1vka v\u00e1m dod\u00e1 energii na dal\u0161\u00ed kolo z\u00e1bavy: rychlou <strong>15minutovou j\u00edzdu v dunov\u00e9 bugin\u011b<\/strong>. Dr\u017ete se pevn\u011b a u\u017eijte si j\u00edzdu!<\/p>\n<p><strong>Bedu\u00ednsk\u00e1 kultura: P\u0159\u00edb\u011bhy, historie a zdrav\u00ed<\/strong> Nyn\u00ed zvoln\u00edme a nahl\u00e9dneme do srdce pou\u0161tn\u00edho d\u011bdictv\u00ed. N\u00e1\u0161 znal\u00fd pr\u016fvodce se s v\u00e1mi pod\u011bl\u00ed o podmanivou <strong>historii a tradice Bedu\u00edn\u016f<\/strong> \u2013 p\u0159\u00edb\u011bhy p\u0159ed\u00e1van\u00e9 z generace na generaci.<\/p>\n<p>Tento kulturn\u00ed z\u00e1\u017eitek zakon\u010d\u00edte n\u00e1v\u0161t\u011bvou <strong>bedu\u00ednsk\u00e9 l\u00e9k\u00e1rny<\/strong>, kde se dozv\u00edte v\u0161e o jejich d\u016fle\u017eit\u00fdch <strong>l\u00e9\u010div\u00fdch bylin\u00e1ch<\/strong> a p\u0159\u00edrodn\u00edch l\u00e9c\u00edch, kter\u00e9 se pou\u017e\u00edvaj\u00ed po stalet\u00ed. Je to fascinuj\u00edc\u00ed pohled na pou\u0161tn\u00ed medic\u00ednu.<\/p>\n<h3><span style=\"color: #ff6600;\">Dopln\u011bn\u00ed energie: Lehk\u00e1 bedu\u00ednsk\u00e1 sn\u00eddan\u011b <\/span><\/h3>\n<p>Va\u0161e dopoledn\u00ed dobrodru\u017estv\u00ed zakon\u010d\u00edme chutnou a <strong>lehkou sn\u00eddan\u00ed<\/strong>. Pod\u00e1v\u00e1me klasick\u00fd v\u00fdb\u011br v\u010detn\u011b \u010derstv\u00e9ho <strong>d\u017eemu, medu a s\u00fdra<\/strong>, spolu se slan\u00fdmi p\u0159\u00edlohami, jako jsou <strong>sal\u00e1ty a fazole<\/strong>.<\/p>\n<p>Je to ide\u00e1ln\u00ed zp\u016fsob, jak uzav\u0159\u00edt autentick\u00fd v\u00fdlet do pou\u0161t\u011b s pocitem energie a inspirace.<\/p>\n<h3><span style=\"color: #ff6600;\">Cen\u00edk rann\u00edho safari z Marsa Alam<\/span><\/h3>\n<ul>\n<li>Cena za dosp\u011bl\u00e9ho = 30 \u20ac<\/li>\n<li>Infanti (0\u20135 let) = zdarma<\/li>\n<li>D\u011bti (5\u201311 let) = 50 % z ceny dosp\u011bl\u00e9ho<\/li>\n<\/ul>\n<h3><span style=\"color: #ff6600;\">Rezervace<\/span><\/h3>\n<p>Svoji tour si m\u016f\u017eete rezervovat p\u0159es WhatsApp nebo n\u00e1m poslat e-mail. Potvrzen\u00ed obdr\u017e\u00edte obratem. Pros\u00edme, za\u0161lete n\u00e1m n\u00e1zev va\u0161eho hotelu, \u010d\u00edslo pokoje a kopie pas\u016f.<\/p>\n<ul>\n<li>WhatsApp: +201000852186<\/li>\n<li>E-mail: info@egytourpackages.com<\/li>\n<\/ul>\n<h3><span style=\"color: #ff6600;\">Rezervujte nyn\u00ed a pla\u0165te a\u017e na m\u00edst\u011b<\/span><\/h3>\n<p>Zarezervujte si sv\u016fj obl\u00edben\u00fd v\u00fdlet a zapla\u0165te v den kon\u00e1n\u00ed akce.<\/p>\n<h3><span style=\"color: #ff6600;\">Platba<\/span><\/h3>\n<p>Platit m\u016f\u017eete v egyptsk\u00fdch libr\u00e1ch, dolarech ($), eurech (\u20ac) nebo libr\u00e1ch (\u00a3).<\/p>\n<h3><span style=\"color: #ff6600;\">Storno podm\u00ednky<\/span><\/h3>\n<ul>\n<li>Zru\u0161en\u00ed je zdarma a\u017e 24 hodin p\u0159edem.<\/li>\n<li>P\u0159i zru\u0161en\u00ed v den v\u00fdletu (r\u00e1no) \u010din\u00ed storno poplatek 50 % z ceny.<\/li>\n<\/ul>\n","protected":false},"excerpt":{"rendered":"<p>Za\u017eijte rann\u00ed safari z Marsa Alam! U\u017eijte si j\u00edzdu na \u010dty\u0159kolk\u00e1ch v pou\u0161ti, n\u00e1v\u0161t\u011bvu bedu\u00ednsk\u00e9 vesnice a \u00fachvatn\u00e9 v\u00fdhledy. Rezervujte si sv\u016fj v\u00fdlet dnes.<\/p>\n","protected":false},"featured_media":9495,"comment_status":"closed","ping_status":"closed","template":"","meta":[],"product_brand":[],"product_cat":[1466],"product_tag":[1470,2341],"class_list":{"0":"post-14072","1":"product","2":"type-product","3":"status-publish","4":"has-post-thumbnail","6":"product_cat-vylety","7":"product_tag-jednodenni-vylety-po-egypte","8":"product_tag-zajezdy-marsa-alam","9":"tour_category-jednodenni-vylety-po-egypte-cs","10":"tour_category-vylety-do-marsa-alam","12":"first","13":"instock","14":"sale","15":"shipping-taxable","16":"purchasable","17":"product-type-tour","18":"has-default-attributes"},"yoast_head":"<!-- This site is optimized with the Yoast SEO Premium plugin v27.2 (Yoast SEO v27.2) - https:\/\/yoast.com\/product\/yoast-seo-premium-wordpress\/ -->\n<title>Rann\u00ed safari z Marsa Alam : Egy tour packages<\/title>\n<meta name=\"description\" content=\"Za\u017eijte rann\u00ed safari z Marsa Alam! U\u017eijte si j\u00edzdu na \u010dty\u0159kolk\u00e1ch v pou\u0161ti, n\u00e1v\u0161t\u011bvu bedu\u00ednsk\u00e9 vesnice a \u00fachvatn\u00e9 v\u00fdhledy. Rezervujte si sv\u016fj v\u00fdlet dnes.\" \/>\n<meta name=\"robots\" content=\"index, follow, max-snippet:-1, max-image-preview:large, max-video-preview:-1\" \/>\n<link rel=\"canonical\" href=\"https:\/\/egytourpackages.com\/cs\/prohlidky\/ranni-safari-z-marsa-alam\/\" \/>\n<meta property=\"og:locale\" content=\"cs_CZ\" \/>\n<meta property=\"og:type\" content=\"article\" \/>\n<meta property=\"og:title\" content=\"Rann\u00ed safari z Marsa Alam\" \/>\n<meta property=\"og:description\" content=\"Za\u017eijte rann\u00ed safari z Marsa Alam! U\u017eijte si j\u00edzdu na \u010dty\u0159kolk\u00e1ch v pou\u0161ti, n\u00e1v\u0161t\u011bvu bedu\u00ednsk\u00e9 vesnice a \u00fachvatn\u00e9 v\u00fdhledy. Rezervujte si sv\u016fj v\u00fdlet dnes.\" \/>\n<meta property=\"og:url\" content=\"https:\/\/egytourpackages.com\/cs\/prohlidky\/ranni-safari-z-marsa-alam\/\" \/>\n<meta property=\"og:site_name\" content=\"Z\u00e1jezdy po Egypt\u011b\" \/>\n<meta property=\"article:publisher\" content=\"https:\/\/www.facebook.com\/egytourpackages\" \/>\n<meta property=\"article:modified_time\" content=\"2026-01-27T21:25:04+00:00\" \/>\n<meta property=\"og:image\" content=\"https:\/\/egytourpackages.com\/wp-content\/uploads\/2025\/12\/Morning-Safari-from-Marsa-Alam.jpeg\" \/>\n\t<meta property=\"og:image:width\" content=\"1200\" \/>\n\t<meta property=\"og:image:height\" content=\"802\" \/>\n\t<meta property=\"og:image:type\" content=\"image\/jpeg\" \/>\n<meta name=\"twitter:card\" content=\"summary_large_image\" \/>\n<meta name=\"twitter:title\" content=\"Rann\u00ed safari z Marsa Alam\" \/>\n<meta name=\"twitter:label1\" content=\"Cena\" \/>\n\t<meta name=\"twitter:data1\" content=\"&euro;30\" \/>\n\t<meta name=\"twitter:label2\" content=\"Dostupnost\" \/>\n\t<meta name=\"twitter:data2\" content=\"Skladem\" \/>\n<script type=\"application\/ld+json\" class=\"yoast-schema-graph\">{\"@context\":\"https:\/\/schema.org\",\"@graph\":[{\"@type\":\"WebPage\",\"@id\":\"https:\/\/egytourpackages.com\/cs\/prohlidky\/ranni-safari-z-marsa-alam\/\",\"url\":\"https:\/\/egytourpackages.com\/cs\/prohlidky\/ranni-safari-z-marsa-alam\/\",\"name\":\"Rann\u00ed safari z Marsa Alam : Egy tour packages\",\"isPartOf\":{\"@id\":\"https:\/\/egytourpackages.com\/cs\/#website\"},\"primaryImageOfPage\":{\"@id\":\"https:\/\/egytourpackages.com\/cs\/prohlidky\/ranni-safari-z-marsa-alam\/#primaryimage\"},\"image\":{\"@id\":\"https:\/\/egytourpackages.com\/cs\/prohlidky\/ranni-safari-z-marsa-alam\/#primaryimage\"},\"thumbnailUrl\":\"https:\/\/egytourpackages.com\/wp-content\/uploads\/2025\/12\/Morning-Safari-from-Marsa-Alam.jpeg\",\"datePublished\":\"2025-12-01T09:30:28+00:00\",\"dateModified\":\"2026-01-27T21:25:04+00:00\",\"description\":\"Za\u017eijte rann\u00ed safari z Marsa Alam! U\u017eijte si j\u00edzdu na \u010dty\u0159kolk\u00e1ch v pou\u0161ti, n\u00e1v\u0161t\u011bvu bedu\u00ednsk\u00e9 vesnice a \u00fachvatn\u00e9 v\u00fdhledy. Rezervujte si sv\u016fj v\u00fdlet dnes.\",\"breadcrumb\":{\"@id\":\"https:\/\/egytourpackages.com\/cs\/prohlidky\/ranni-safari-z-marsa-alam\/#breadcrumb\"},\"inLanguage\":\"cs\",\"potentialAction\":[{\"@type\":\"ReadAction\",\"target\":[\"https:\/\/egytourpackages.com\/cs\/prohlidky\/ranni-safari-z-marsa-alam\/\"]}]},{\"@type\":\"ImageObject\",\"inLanguage\":\"cs\",\"@id\":\"https:\/\/egytourpackages.com\/cs\/prohlidky\/ranni-safari-z-marsa-alam\/#primaryimage\",\"url\":\"https:\/\/egytourpackages.com\/wp-content\/uploads\/2025\/12\/Morning-Safari-from-Marsa-Alam.jpeg\",\"contentUrl\":\"https:\/\/egytourpackages.com\/wp-content\/uploads\/2025\/12\/Morning-Safari-from-Marsa-Alam.jpeg\",\"width\":1200,\"height\":802,\"caption\":\"Rann\u00ed safari z Marsa Alam\"},{\"@type\":\"BreadcrumbList\",\"@id\":\"https:\/\/egytourpackages.com\/cs\/prohlidky\/ranni-safari-z-marsa-alam\/#breadcrumb\",\"itemListElement\":[{\"@type\":\"ListItem\",\"position\":1,\"name\":\"Dom\u016f\",\"item\":\"https:\/\/egytourpackages.com\/cs\/balicky-vyletu-po-egypte\/\"},{\"@type\":\"ListItem\",\"position\":2,\"name\":\"Shop\",\"item\":\"https:\/\/egytourpackages.com\/cs\/shop\/\"},{\"@type\":\"ListItem\",\"position\":3,\"name\":\"Rann\u00ed safari z Marsa Alam\"}]},{\"@type\":\"WebSite\",\"@id\":\"https:\/\/egytourpackages.com\/cs\/#website\",\"url\":\"https:\/\/egytourpackages.com\/cs\/\",\"name\":\"Egy tour packages\",\"description\":\"\",\"publisher\":{\"@id\":\"https:\/\/egytourpackages.com\/cs\/#organization\"},\"potentialAction\":[{\"@type\":\"SearchAction\",\"target\":{\"@type\":\"EntryPoint\",\"urlTemplate\":\"https:\/\/egytourpackages.com\/cs\/?s={search_term_string}\"},\"query-input\":{\"@type\":\"PropertyValueSpecification\",\"valueRequired\":true,\"valueName\":\"search_term_string\"}}],\"inLanguage\":\"cs\"},{\"@type\":[\"Organization\",\"Place\",\"TravelAgency\"],\"@id\":\"https:\/\/egytourpackages.com\/cs\/#organization\",\"name\":\"egypt tour packages\",\"alternateName\":\"egypt tour packages\",\"url\":\"https:\/\/egytourpackages.com\/cs\/\",\"logo\":{\"@id\":\"https:\/\/egytourpackages.com\/cs\/prohlidky\/ranni-safari-z-marsa-alam\/#local-main-organization-logo\"},\"image\":{\"@id\":\"https:\/\/egytourpackages.com\/cs\/prohlidky\/ranni-safari-z-marsa-alam\/#local-main-organization-logo\"},\"sameAs\":[\"https:\/\/www.facebook.com\/egytourpackages\"],\"legalName\":\"Egy tour packages\",\"address\":{\"@id\":\"https:\/\/egytourpackages.com\/cs\/prohlidky\/ranni-safari-z-marsa-alam\/#local-main-place-address\"},\"telephone\":[\"00201000852186\",\"00201028685533\"],\"contactPoint\":{\"@type\":\"ContactPoint\",\"telephone\":\"00201000852186\"},\"openingHoursSpecification\":[{\"@type\":\"OpeningHoursSpecification\",\"dayOfWeek\":[\"Monday\",\"Tuesday\",\"Wednesday\",\"Thursday\",\"Friday\",\"Saturday\",\"Sunday\"],\"opens\":\"00:00\",\"closes\":\"23:59\"}],\"email\":\"info@egytourpackages.com\",\"areaServed\":\"Cairo, Hurghada, Luxor, Sharm El Sheikh, Marsa Alam, Aswan\",\"priceRange\":\"$\",\"currenciesAccepted\":\"euro\",\"paymentAccepted\":\"Payment links online\"},{\"@type\":\"PostalAddress\",\"@id\":\"https:\/\/egytourpackages.com\/cs\/prohlidky\/ranni-safari-z-marsa-alam\/#local-main-place-address\",\"streetAddress\":\"Mubarak 8, Al Kawthar District, Hurghada\",\"addressLocality\":\"Hurghada\",\"postalCode\":\"84511\",\"addressRegion\":\"Red Sea\",\"addressCountry\":\"EG\"},{\"@type\":\"ImageObject\",\"inLanguage\":\"cs\",\"@id\":\"https:\/\/egytourpackages.com\/cs\/prohlidky\/ranni-safari-z-marsa-alam\/#local-main-organization-logo\",\"url\":\"https:\/\/egytourpackages.com\/wp-content\/uploads\/2025\/12\/Turquoise-Dahabiya-Nile-Cruise-1.jpeg\",\"contentUrl\":\"https:\/\/egytourpackages.com\/wp-content\/uploads\/2025\/12\/Turquoise-Dahabiya-Nile-Cruise-1.jpeg\",\"width\":1040,\"height\":694,\"caption\":\"egypt tour packages\"}]}<\/script>\n<meta property=\"product:brand\" content=\"Jednodenn\u00ed v\u00fdlety po Egypt\u011b\" \/>\n<meta property=\"product:price:amount\" content=\"30\" \/>\n<meta property=\"product:price:currency\" content=\"EUR\" \/>\n<meta property=\"og:availability\" content=\"instock\" \/>\n<meta property=\"product:availability\" content=\"instock\" \/>\n<meta property=\"product:retailer_item_id\" content=\"MAT19\" \/>\n<meta property=\"product:condition\" content=\"new\" \/>\n<meta name=\"geo.placename\" content=\"Hurghada\" \/>\n<meta name=\"geo.region\" content=\"Egypt\" \/>\n<!-- \/ Yoast SEO Premium plugin. -->","yoast_head_json":{"title":"Rann\u00ed safari z Marsa Alam : Egy tour packages","description":"Za\u017eijte rann\u00ed safari z Marsa Alam! U\u017eijte si j\u00edzdu na \u010dty\u0159kolk\u00e1ch v pou\u0161ti, n\u00e1v\u0161t\u011bvu bedu\u00ednsk\u00e9 vesnice a \u00fachvatn\u00e9 v\u00fdhledy. Rezervujte si sv\u016fj v\u00fdlet dnes.","robots":{"index":"index","follow":"follow","max-snippet":"max-snippet:-1","max-image-preview":"max-image-preview:large","max-video-preview":"max-video-preview:-1"},"canonical":"https:\/\/egytourpackages.com\/cs\/prohlidky\/ranni-safari-z-marsa-alam\/","og_locale":"cs_CZ","og_type":"article","og_title":"Rann\u00ed safari z Marsa Alam","og_description":"Za\u017eijte rann\u00ed safari z Marsa Alam! U\u017eijte si j\u00edzdu na \u010dty\u0159kolk\u00e1ch v pou\u0161ti, n\u00e1v\u0161t\u011bvu bedu\u00ednsk\u00e9 vesnice a \u00fachvatn\u00e9 v\u00fdhledy. Rezervujte si sv\u016fj v\u00fdlet dnes.","og_url":"https:\/\/egytourpackages.com\/cs\/prohlidky\/ranni-safari-z-marsa-alam\/","og_site_name":"Z\u00e1jezdy po Egypt\u011b","article_publisher":"https:\/\/www.facebook.com\/egytourpackages","article_modified_time":"2026-01-27T21:25:04+00:00","og_image":[{"width":1200,"height":802,"url":"https:\/\/egytourpackages.com\/wp-content\/uploads\/2025\/12\/Morning-Safari-from-Marsa-Alam.jpeg","type":"image\/jpeg"}],"twitter_card":"summary_large_image","twitter_title":"Rann\u00ed safari z Marsa Alam","twitter_misc":{"Cena":"&euro;30","Dostupnost":"Skladem"},"schema":{"@context":"https:\/\/schema.org","@graph":[{"@type":"WebPage","@id":"https:\/\/egytourpackages.com\/cs\/prohlidky\/ranni-safari-z-marsa-alam\/","url":"https:\/\/egytourpackages.com\/cs\/prohlidky\/ranni-safari-z-marsa-alam\/","name":"Rann\u00ed safari z Marsa Alam : Egy tour packages","isPartOf":{"@id":"https:\/\/egytourpackages.com\/cs\/#website"},"primaryImageOfPage":{"@id":"https:\/\/egytourpackages.com\/cs\/prohlidky\/ranni-safari-z-marsa-alam\/#primaryimage"},"image":{"@id":"https:\/\/egytourpackages.com\/cs\/prohlidky\/ranni-safari-z-marsa-alam\/#primaryimage"},"thumbnailUrl":"https:\/\/egytourpackages.com\/wp-content\/uploads\/2025\/12\/Morning-Safari-from-Marsa-Alam.jpeg","datePublished":"2025-12-01T09:30:28+00:00","dateModified":"2026-01-27T21:25:04+00:00","description":"Za\u017eijte rann\u00ed safari z Marsa Alam! U\u017eijte si j\u00edzdu na \u010dty\u0159kolk\u00e1ch v pou\u0161ti, n\u00e1v\u0161t\u011bvu bedu\u00ednsk\u00e9 vesnice a \u00fachvatn\u00e9 v\u00fdhledy. Rezervujte si sv\u016fj v\u00fdlet dnes.","breadcrumb":{"@id":"https:\/\/egytourpackages.com\/cs\/prohlidky\/ranni-safari-z-marsa-alam\/#breadcrumb"},"inLanguage":"cs","potentialAction":[{"@type":"ReadAction","target":["https:\/\/egytourpackages.com\/cs\/prohlidky\/ranni-safari-z-marsa-alam\/"]}]},{"@type":"ImageObject","inLanguage":"cs","@id":"https:\/\/egytourpackages.com\/cs\/prohlidky\/ranni-safari-z-marsa-alam\/#primaryimage","url":"https:\/\/egytourpackages.com\/wp-content\/uploads\/2025\/12\/Morning-Safari-from-Marsa-Alam.jpeg","contentUrl":"https:\/\/egytourpackages.com\/wp-content\/uploads\/2025\/12\/Morning-Safari-from-Marsa-Alam.jpeg","width":1200,"height":802,"caption":"Rann\u00ed safari z Marsa Alam"},{"@type":"BreadcrumbList","@id":"https:\/\/egytourpackages.com\/cs\/prohlidky\/ranni-safari-z-marsa-alam\/#breadcrumb","itemListElement":[{"@type":"ListItem","position":1,"name":"Dom\u016f","item":"https:\/\/egytourpackages.com\/cs\/balicky-vyletu-po-egypte\/"},{"@type":"ListItem","position":2,"name":"Shop","item":"https:\/\/egytourpackages.com\/cs\/shop\/"},{"@type":"ListItem","position":3,"name":"Rann\u00ed safari z Marsa Alam"}]},{"@type":"WebSite","@id":"https:\/\/egytourpackages.com\/cs\/#website","url":"https:\/\/egytourpackages.com\/cs\/","name":"Egy tour packages","description":"","publisher":{"@id":"https:\/\/egytourpackages.com\/cs\/#organization"},"potentialAction":[{"@type":"SearchAction","target":{"@type":"EntryPoint","urlTemplate":"https:\/\/egytourpackages.com\/cs\/?s={search_term_string}"},"query-input":{"@type":"PropertyValueSpecification","valueRequired":true,"valueName":"search_term_string"}}],"inLanguage":"cs"},{"@type":["Organization","Place","TravelAgency"],"@id":"https:\/\/egytourpackages.com\/cs\/#organization","name":"egypt tour packages","alternateName":"egypt tour packages","url":"https:\/\/egytourpackages.com\/cs\/","logo":{"@id":"https:\/\/egytourpackages.com\/cs\/prohlidky\/ranni-safari-z-marsa-alam\/#local-main-organization-logo"},"image":{"@id":"https:\/\/egytourpackages.com\/cs\/prohlidky\/ranni-safari-z-marsa-alam\/#local-main-organization-logo"},"sameAs":["https:\/\/www.facebook.com\/egytourpackages"],"legalName":"Egy tour packages","address":{"@id":"https:\/\/egytourpackages.com\/cs\/prohlidky\/ranni-safari-z-marsa-alam\/#local-main-place-address"},"telephone":["00201000852186","00201028685533"],"contactPoint":{"@type":"ContactPoint","telephone":"00201000852186"},"openingHoursSpecification":[{"@type":"OpeningHoursSpecification","dayOfWeek":["Monday","Tuesday","Wednesday","Thursday","Friday","Saturday","Sunday"],"opens":"00:00","closes":"23:59"}],"email":"info@egytourpackages.com","areaServed":"Cairo, Hurghada, Luxor, Sharm El Sheikh, Marsa Alam, Aswan","priceRange":"$","currenciesAccepted":"euro","paymentAccepted":"Payment links online"},{"@type":"PostalAddress","@id":"https:\/\/egytourpackages.com\/cs\/prohlidky\/ranni-safari-z-marsa-alam\/#local-main-place-address","streetAddress":"Mubarak 8, Al Kawthar District, Hurghada","addressLocality":"Hurghada","postalCode":"84511","addressRegion":"Red Sea","addressCountry":"EG"},{"@type":"ImageObject","inLanguage":"cs","@id":"https:\/\/egytourpackages.com\/cs\/prohlidky\/ranni-safari-z-marsa-alam\/#local-main-organization-logo","url":"https:\/\/egytourpackages.com\/wp-content\/uploads\/2025\/12\/Turquoise-Dahabiya-Nile-Cruise-1.jpeg","contentUrl":"https:\/\/egytourpackages.com\/wp-content\/uploads\/2025\/12\/Turquoise-Dahabiya-Nile-Cruise-1.jpeg","width":1040,"height":694,"caption":"egypt tour packages"}]},"product_brand":"Jednodenn\u00ed v\u00fdlety po Egypt\u011b","product_price_amount":"30","product_price_currency":"EUR","og_availability":"instock","product_availability":"instock","product_retailer_item_id":"MAT19","product_condition":"new","geo.placename":"Hurghada","geo.region":"Egypt"},"_links":{"self":[{"href":"https:\/\/egytourpackages.com\/cs\/wp-json\/wp\/v2\/product\/14072","targetHints":{"allow":["GET"]}}],"collection":[{"href":"https:\/\/egytourpackages.com\/cs\/wp-json\/wp\/v2\/product"}],"about":[{"href":"https:\/\/egytourpackages.com\/cs\/wp-json\/wp\/v2\/types\/product"}],"replies":[{"embeddable":true,"href":"https:\/\/egytourpackages.com\/cs\/wp-json\/wp\/v2\/comments?post=14072"}],"wp:featuredmedia":[{"embeddable":true,"href":"https:\/\/egytourpackages.com\/cs\/wp-json\/wp\/v2\/media\/9495"}],"wp:attachment":[{"href":"https:\/\/egytourpackages.com\/cs\/wp-json\/wp\/v2\/media?parent=14072"}],"wp:term":[{"taxonomy":"product_brand","embeddable":true,"href":"https:\/\/egytourpackages.com\/cs\/wp-json\/wp\/v2\/product_brand?post=14072"},{"taxonomy":"product_cat","embeddable":true,"href":"https:\/\/egytourpackages.com\/cs\/wp-json\/wp\/v2\/product_cat?post=14072"},{"taxonomy":"product_tag","embeddable":true,"href":"https:\/\/egytourpackages.com\/cs\/wp-json\/wp\/v2\/product_tag?post=14072"}],"curies":[{"name":"wp","href":"https:\/\/api.w.org\/{rel}","templated":true}]}}