{"id":14104,"date":"2025-11-30T22:43:52","date_gmt":"2025-11-30T22:43:52","guid":{"rendered":"https:\/\/egytourpackages.com\/product\/golden-safari-tour-z-marsa-alam\/"},"modified":"2026-01-27T22:38:44","modified_gmt":"2026-01-27T22:38:44","slug":"golden-safari-tour-z-marsa-alam","status":"publish","type":"product","link":"https:\/\/egytourpackages.com\/cs\/prohlidky\/golden-safari-tour-z-marsa-alam\/","title":{"rendered":"Golden Safari tour z Marsa Alam"},"content":{"rendered":"<p><span style=\"color: #ff6600;\"><strong>Golden Safari tour z Marsa Alam<\/strong><\/span><\/p>\n<p><span style=\"color: #800000;\"><em><strong>Jeep 4*4 | \u010cty\u0159kolky | Buggy | J\u00edzda na velbloudu | Ve\u010de\u0159e BBQ | Pozorov\u00e1n\u00ed hv\u011bzd<\/strong><\/em><\/span><\/p>\n<p><strong>Golden Safari tour z Marsa Alam<\/strong> je dokonal\u00fd dobrodru\u017en\u00fd v\u00fdlet do pou\u0161t\u011b typu &#8222;v\u0161e v jednom&#8220;. Perfektn\u011b kombinuje adrenalin, kulturn\u00ed z\u00e1\u017eitky a velkolep\u00e9 <strong>pozorov\u00e1n\u00ed hv\u011bzd<\/strong> pod jasnou oblohou <strong>V\u00fdchodn\u00ed pou\u0161t\u011b<\/strong>.<\/p>\n<p>Tento pe\u010dliv\u011b sestaven\u00fd itiner\u00e1\u0159 za\u010d\u00edn\u00e1 dobrodru\u017enou <strong>j\u00edzdou v jeepu 4\u00d74<\/strong> a panoramatickou cestou \u00fachvatnou krajinou <strong>Zlat\u00e9 hory<\/strong> (Golden Mountain).<\/p>\n<p>Milovn\u00edci adrenalinu si p\u0159ijdou na sv\u00e9 p\u0159i prodlou\u017een\u00e9 <strong>40minutov\u00e9 j\u00edzd\u011b na \u010dty\u0159kolk\u00e1ch (ATV)<\/strong> a rychl\u00e9, vzru\u0161uj\u00edc\u00ed <strong>15minutov\u00e9 j\u00edzd\u011b v Buggy<\/strong> mezi dunami.<\/p>\n<p>Pro vyv\u00e1\u017een\u00ed rychlosti zahrnuje tour tak\u00e9 klasickou, pokojnou <strong>j\u00edzdu na velbloudu<\/strong> a n\u00e1v\u0161t\u011bvu <strong>ter\u00e1ria (domu plaz\u016f)<\/strong> pro nahl\u00e9dnut\u00ed do pou\u0161tn\u00edho ekosyst\u00e9mu.<\/p>\n<p>Ve\u010der je stejn\u011b nezapomenuteln\u00fd: cestovatel\u00e9 se sejdou na vyhl\u00eddce v hor\u00e1ch, aby sledovali magick\u00fd <strong>z\u00e1pad slunce<\/strong> nad p\u00edse\u010dn\u00fdmi dunami. N\u00e1sleduje vynikaj\u00edc\u00ed <strong>ve\u010de\u0159e formou otev\u0159en\u00e9ho bufetu<\/strong> s bedu\u00ednskou kuchyn\u00ed a \u017eiv\u00e1 <strong>ve\u010dern\u00ed show<\/strong> s kulturn\u00edm programem.<\/p>\n<p>Noc vrchol\u00ed profesion\u00e1ln\u00edm <strong>pozorov\u00e1n\u00edm hv\u011bzd<\/strong>, kde v\u00e1s specialista provede neuv\u011b\u0159itelnou no\u010dn\u00ed oblohou bez sv\u011bteln\u00e9ho zne\u010di\u0161t\u011bn\u00ed pomoc\u00ed v\u00fdkonn\u00e9ho <strong>teleskopu<\/strong>.<\/p>\n<p>Je to <strong>nejlep\u0161\u00ed safari v Marsa Alam<\/strong> pro nezapomenutelnou kombinaci dobrodru\u017estv\u00ed a astronomie, se v\u0161emi transfery v cen\u011b.<\/p>\n<h3><span style=\"color: #ff6600;\">Detaily<\/span><\/h3>\n<ul>\n<li>Doba trv\u00e1n\u00ed: 6 hodin<\/li>\n<li>Lokalita: V\u00fdchodn\u00ed pou\u0161\u0165, Marsa Alam<\/li>\n<li>Dostupnost: Na vy\u017e\u00e1d\u00e1n\u00ed<\/li>\n<li>Vyzvednut\u00ed a n\u00e1vrat: Hotely v Marsa Alam<\/li>\n<li>Typ v\u00fdletu: Skupinov\u00fd \/ Soukrom\u00fd<\/li>\n<li>Jazyk: \u010ce\u0161tina \/ Angli\u010dtina<\/li>\n<\/ul>\n<h3><span style=\"color: #ff6600;\">Hlavn\u00ed body v\u00fdletu<\/span><\/h3>\n<ul>\n<li>J\u00edzda na \u010dty\u0159kolk\u00e1ch (ATV) cca 35 km<\/li>\n<li>J\u00edzda v Buggy<\/li>\n<li>J\u00edzda na velbloudu<\/li>\n<li>Pozorov\u00e1n\u00ed hv\u011bzd (Stargazing)<\/li>\n<li>Pozn\u00e1n\u00ed bedu\u00ednsk\u00e9ho \u017eivotn\u00edho stylu<\/li>\n<li>D\u016fm plaz\u016f (Reptile House)<\/li>\n<\/ul>\n<h3><span style=\"color: #ff6600;\">V cen\u011b je zahrnuto<\/span><\/h3>\n<ul>\n<li>Vyzvednut\u00ed a odvoz zp\u011bt do hotel\u016f v Marsa Alam<\/li>\n<li>Profesion\u00e1ln\u00ed pr\u016fvodce pou\u0161t\u00ed mluv\u00edc\u00ed anglicky\/\u010desky<\/li>\n<li>J\u00edzda na velbloudu v pou\u0161ti Marsa Alam<\/li>\n<li>Zku\u0161ebn\u00ed j\u00edzda p\u0159ed za\u010d\u00e1tkem tour<\/li>\n<li>\u010cty\u0159kolky, Buggy, BBQ ve\u010de\u0159e, pozorov\u00e1n\u00ed hv\u011bzd<\/li>\n<li>V\u0161echny servisn\u00ed poplatky a dan\u011b jsou zahrnuty v cen\u011b<\/li>\n<\/ul>\n<h3><span style=\"color: #ff6600;\">V cen\u011b nen\u00ed zahrnuto<\/span><\/h3>\n<ul>\n<li>DVD a fotografie od fotografa<\/li>\n<li>Spropitn\u00e9<\/li>\n<li>Cokoli, co nen\u00ed zm\u00edn\u011bno v programu<\/li>\n<\/ul>\n<h3><span style=\"color: #ff6600;\">Co si vz\u00edt s sebou<\/span><\/h3>\n<ul>\n<li>Kopii cestovn\u00edho pasu<\/li>\n<li>Klobouk, slune\u010dn\u00ed br\u00fdle a opalovac\u00ed kr\u00e9m<\/li>\n<li>Pohodlnou obuv a oble\u010den\u00ed<\/li>\n<\/ul>\n<h3><span style=\"color: #ff6600;\">Upozorn\u011bn\u00ed<\/span><\/h3>\n<ul>\n<li>V\u0161echny na\u0161e exkurze jsou pln\u011b poji\u0161t\u011bny<\/li>\n<li>Doporu\u010dujeme pou\u017e\u00edvat helmy<\/li>\n<li>\u0160\u00e1tky (5 eur)<\/li>\n<li>Pron\u00e1jem ochrann\u00fdch br\u00fdl\u00ed (2 eura za kus)<\/li>\n<\/ul>\n<h2><span style=\"color: #ff6600;\">Itiner\u00e1\u0159<\/span><\/h2>\n<h3><span style=\"color: #ff6600;\">Objevte dokonal\u00e9 dobrodru\u017estv\u00ed na safari v pou\u0161ti Marsa Alam!<\/span><\/h3>\n<p>Ute\u010dte z resortu za vzru\u0161uj\u00edc\u00edm odpolednem a nezapomenuteln\u00fdm ve\u010derem na <strong>Golden Safari Tour<\/strong>. Je to cesta pln\u00e1 akce do velkolep\u00e9 <strong>V\u00fdchodn\u00ed pou\u0161t\u011b<\/strong>, kter\u00e1 v\u00e1m p\u0159inese autentick\u00fd z\u00e1\u017eitek z egyptsk\u00e9ho dobrodru\u017estv\u00ed.<\/p>\n<p>V\u00e1\u0161 nap\u00ednav\u00fd z\u00e1\u017eitek za\u010d\u00edn\u00e1 pohodln\u00fdm transferem vozem 4\u00d74 p\u0159\u00edmo z va\u0161eho hotelu hluboko do krajiny <strong>pou\u0161t\u011b Marsa Alam<\/strong>.<\/p>\n<p>P\u0159ipravte se na p\u0159\u00edval adrenalinu p\u0159i <strong>tour v jeepu 4\u00d74<\/strong>, p\u0159i kter\u00e9 budete zdol\u00e1vat n\u00e1ro\u010dn\u00e9 duny a drsn\u00fd ter\u00e9n. Pot\u00e9 nasedn\u011bte na v\u00fdkonnou <strong>\u010dty\u0159kolku (ATV)<\/strong> a u\u017eijte si <strong>40minutovou j\u00edzdu na \u010dty\u0159kolk\u00e1ch<\/strong> po zlatav\u00e9m p\u00edsku \u2013 poci\u0165te svobodu pou\u0161t\u011b p\u0159i rychl\u00e9 j\u00edzd\u011b krajinou.<\/p>\n<p>N\u00e1sleduje vysokorychlostn\u00ed <strong>15minutov\u00e1 j\u00edzda v Buggy<\/strong>, kter\u00e1 v\u00e1m d\u00e1 okusit vzru\u0161en\u00ed z off-road z\u00e1vod\u016f.<\/p>\n<p>Cesta pokra\u010duje ke <strong>Zlat\u00e9 ho\u0159e<\/strong> (Golden Mountain), kde v\u00e1s \u010dek\u00e1 <strong>panoramatick\u00e1 j\u00edzda<\/strong> nab\u00edzej\u00edc\u00ed <strong>dechberouc\u00ed v\u00fdhledy na pou\u0161\u0165<\/strong> sahaj\u00edc\u00ed a\u017e k obzoru \u2013 naprost\u00e1 nezbytnost pro milovn\u00edky fotografov\u00e1n\u00ed.<\/p>\n<p>Zde v\u00e1s \u010dek\u00e1 tak\u00e9 kulturn\u00ed zast\u00e1vka v <strong>Dom\u011b plaz\u016f<\/strong>, kde se dozv\u00edte v\u00edce o unik\u00e1tn\u00edm pou\u0161tn\u00edm ekosyst\u00e9mu.<\/p>\n<p>Zpomalte tempo p\u0159i <strong>tradi\u010dn\u00ed j\u00edzd\u011b na velbloudu<\/strong>, kter\u00e1 v\u00e1m umo\u017en\u00ed poklidn\u011b se pohupovat v p\u00edsku jako d\u00e1vn\u00ed cestovatel\u00e9.<\/p>\n<p>Jakmile se den p\u0159ehoupne do noci, vystoup\u00e1te na vyhl\u00eddku v hor\u00e1ch, abyste se stali sv\u011bdky skute\u010dn\u011b <strong>velkolep\u00e9ho z\u00e1padu slunce<\/strong> nad pou\u0161t\u00ed, kter\u00fd v\u0161e zalije magickou zlatavou z\u00e1\u0159\u00ed.<\/p>\n<p>Po \u00fa\u017easn\u00e9m z\u00e1padu slunce je \u010das dop\u0159\u00e1t si <strong>vynikaj\u00edc\u00ed ve\u010de\u0159i formou bufetu<\/strong>, kter\u00e1 zahrnuje autentick\u00e9 BBQ a bedu\u00ednskou kuchyni pod\u00e1vanou v tradi\u010dn\u00edm prost\u0159ed\u00ed pou\u0161tn\u00edho kempu.<\/p>\n<p>Po ve\u010de\u0159i se atmosf\u00e9ra zm\u011bn\u00ed v oslavu p\u0159i <strong>ve\u010dern\u00ed p\u00e1rty<\/strong> \u2013 vychutnejte si m\u00edstn\u00ed hudbu, tradi\u010dn\u00ed vystoupen\u00ed a \u017eivou atmosf\u00e9ru pod hv\u011bzdami.<\/p>\n<h3><span style=\"color: #ff6600;\">Pozorov\u00e1n\u00ed hv\u011bzd<\/span><\/h3>\n<p>Velk\u00fdm fin\u00e1le je neuv\u011b\u0159iteln\u00e9 <strong>pozorov\u00e1n\u00ed hv\u011bzd<\/strong>. S pomoc\u00ed <strong>odborn\u00e9ho astronoma<\/strong> a <strong>v\u00fdkonn\u00e9ho teleskopu<\/strong> pohl\u00e9dnete do jasn\u00e9 a \u010dist\u00e9 <strong>no\u010dn\u00ed oblohy nad Marsa Alam<\/strong> a budete identifikovat souhv\u011bzd\u00ed, planety a nebesk\u00e9 divy.<\/p>\n<p>Po cel\u00e9m dni pln\u00e9m dobrodru\u017estv\u00ed, kultury a objevov\u00e1n\u00ed budete bezpe\u010dn\u011b dopraveni <strong>zp\u011bt do va\u0161eho hotelu<\/strong>. Toto je <strong>nejlep\u0161\u00ed safari v pou\u0161ti Marsa Alam<\/strong> pro milovn\u00edky dobrodru\u017estv\u00ed a astronomie!<\/p>\n<h3><span style=\"color: #ff6600;\">Cena Golden Safari tour z Marsa Alam<\/span><\/h3>\n<ul>\n<li>Cena pro dosp\u011bl\u00e9 = 45 \u20ac<\/li>\n<li>D\u011bti 0-5 let = Zdarma<\/li>\n<li>D\u011bti 5-11 let = 50 % z ceny pro dosp\u011bl\u00e9<\/li>\n<\/ul>\n<h3><span style=\"color: #ff6600;\">Rezervace<\/span><\/h3>\n<p>Tour si m\u016f\u017eete rezervovat p\u0159es WhatsApp nebo n\u00e1m poslat e-mail a potvrzen\u00ed obdr\u017e\u00edte obratem.<\/p>\n<p>Za\u0161lete n\u00e1m pros\u00edm n\u00e1zev va\u0161eho hotelu, \u010d\u00edslo pokoje a kopie pas\u016f.<\/p>\n<p>WhatsApp: +201000852186<\/p>\n<p>E-mail: info@egytourpackages.com<\/p>\n<h3><span style=\"color: #ff6600;\">Rezervujte nyn\u00ed a pla\u0165te na m\u00edst\u011b<\/span><\/h3>\n<p>Rezervujte si sv\u016fj obl\u00edben\u00fd v\u00fdlet a zapla\u0165te a\u017e v den v\u00fdletu.<\/p>\n<h3><span style=\"color: #ff6600;\">Platba<\/span><\/h3>\n<p>M\u016f\u017eete platit v egyptsk\u00fdch libr\u00e1ch, $, \u20ac nebo \u00a3.<\/p>\n<h3><span style=\"color: #ff6600;\">Storno podm\u00ednky<\/span><\/h3>\n<ul>\n<li>Zru\u0161en\u00ed je zdarma do 24 hodin p\u0159edem.<\/li>\n<li>Zru\u0161en\u00ed v den v\u00fdletu r\u00e1no \u010din\u00ed poplatek 50 % z ceny.<\/li>\n<\/ul>\n","protected":false},"excerpt":{"rendered":"<p>Za\u017eijte Golden Safari tour z Marsa Alam: j\u00edzda na \u010dty\u0159kolk\u00e1ch, velbloudi a tradi\u010dn\u00ed bedu\u00ednsk\u00e1 ve\u010de\u0159e pod hv\u011bzdami. Rezervujte si sv\u00e9 dobrodru\u017estv\u00ed v pou\u0161ti!<\/p>\n","protected":false},"featured_media":14115,"comment_status":"closed","ping_status":"closed","template":"","meta":[],"product_brand":[],"product_cat":[1466],"product_tag":[1470,2341],"class_list":{"0":"post-14104","1":"product","2":"type-product","3":"status-publish","4":"has-post-thumbnail","6":"product_cat-vylety","7":"product_tag-jednodenni-vylety-po-egypte","8":"product_tag-zajezdy-marsa-alam","9":"tour_category-jednodenni-vylety-po-egypte-cs","10":"tour_category-vylety-do-marsa-alam","12":"first","13":"instock","14":"sale","15":"shipping-taxable","16":"purchasable","17":"product-type-tour","18":"has-default-attributes"},"yoast_head":"<!-- This site is optimized with the Yoast SEO Premium plugin v27.2 (Yoast SEO v27.2) - https:\/\/yoast.com\/product\/yoast-seo-premium-wordpress\/ -->\n<title>Golden Safari tour z Marsa Alam<\/title>\n<meta name=\"description\" content=\"Za\u017eijte Golden Safari tour z Marsa Alam: j\u00edzda na \u010dty\u0159kolk\u00e1ch, velbloudi a tradi\u010dn\u00ed bedu\u00ednsk\u00e1 ve\u010de\u0159e pod hv\u011bzdami. Rezervujte si sv\u00e9 dobrodru\u017estv\u00ed v pou\u0161ti!\" \/>\n<meta name=\"robots\" content=\"index, follow, max-snippet:-1, max-image-preview:large, max-video-preview:-1\" \/>\n<link rel=\"canonical\" href=\"https:\/\/egytourpackages.com\/cs\/prohlidky\/golden-safari-tour-z-marsa-alam\/\" \/>\n<meta property=\"og:locale\" content=\"cs_CZ\" \/>\n<meta property=\"og:type\" content=\"article\" \/>\n<meta property=\"og:title\" content=\"Golden Safari tour z Marsa Alam\" \/>\n<meta property=\"og:description\" content=\"Za\u017eijte Golden Safari tour z Marsa Alam: j\u00edzda na \u010dty\u0159kolk\u00e1ch, velbloudi a tradi\u010dn\u00ed bedu\u00ednsk\u00e1 ve\u010de\u0159e pod hv\u011bzdami. Rezervujte si sv\u00e9 dobrodru\u017estv\u00ed v pou\u0161ti!\" \/>\n<meta property=\"og:url\" content=\"https:\/\/egytourpackages.com\/cs\/prohlidky\/golden-safari-tour-z-marsa-alam\/\" \/>\n<meta property=\"og:site_name\" content=\"Z\u00e1jezdy po Egypt\u011b\" \/>\n<meta property=\"article:publisher\" content=\"https:\/\/www.facebook.com\/egytourpackages\" \/>\n<meta property=\"article:modified_time\" content=\"2026-01-27T22:38:44+00:00\" \/>\n<meta property=\"og:image\" content=\"https:\/\/egytourpackages.com\/wp-content\/uploads\/2025\/11\/Golden-Safari-tour-from-Marsa-Alam-1024x768.jpg\" \/>\n<meta name=\"twitter:card\" content=\"summary_large_image\" \/>\n<meta name=\"twitter:title\" content=\"Golden Safari tour z Marsa Alam\" \/>\n<meta name=\"twitter:label1\" content=\"Cena\" \/>\n\t<meta name=\"twitter:data1\" content=\"&euro;45\" \/>\n\t<meta name=\"twitter:label2\" content=\"Dostupnost\" \/>\n\t<meta name=\"twitter:data2\" content=\"Skladem\" \/>\n<script type=\"application\/ld+json\" class=\"yoast-schema-graph\">{\"@context\":\"https:\/\/schema.org\",\"@graph\":[{\"@type\":\"WebPage\",\"@id\":\"https:\/\/egytourpackages.com\/cs\/prohlidky\/golden-safari-tour-z-marsa-alam\/\",\"url\":\"https:\/\/egytourpackages.com\/cs\/prohlidky\/golden-safari-tour-z-marsa-alam\/\",\"name\":\"Golden Safari tour z Marsa Alam\",\"isPartOf\":{\"@id\":\"https:\/\/egytourpackages.com\/cs\/#website\"},\"primaryImageOfPage\":{\"@id\":\"https:\/\/egytourpackages.com\/cs\/prohlidky\/golden-safari-tour-z-marsa-alam\/#primaryimage\"},\"image\":{\"@id\":\"https:\/\/egytourpackages.com\/cs\/prohlidky\/golden-safari-tour-z-marsa-alam\/#primaryimage\"},\"thumbnailUrl\":\"https:\/\/egytourpackages.com\/wp-content\/uploads\/2025\/11\/Golden-Safari-tour-from-Marsa-Alam-1.jpg\",\"datePublished\":\"2025-11-30T22:43:52+00:00\",\"dateModified\":\"2026-01-27T22:38:44+00:00\",\"description\":\"Za\u017eijte Golden Safari tour z Marsa Alam: j\u00edzda na \u010dty\u0159kolk\u00e1ch, velbloudi a tradi\u010dn\u00ed bedu\u00ednsk\u00e1 ve\u010de\u0159e pod hv\u011bzdami. Rezervujte si sv\u00e9 dobrodru\u017estv\u00ed v pou\u0161ti!\",\"breadcrumb\":{\"@id\":\"https:\/\/egytourpackages.com\/cs\/prohlidky\/golden-safari-tour-z-marsa-alam\/#breadcrumb\"},\"inLanguage\":\"cs\",\"potentialAction\":[{\"@type\":\"ReadAction\",\"target\":[\"https:\/\/egytourpackages.com\/cs\/prohlidky\/golden-safari-tour-z-marsa-alam\/\"]}]},{\"@type\":\"ImageObject\",\"inLanguage\":\"cs\",\"@id\":\"https:\/\/egytourpackages.com\/cs\/prohlidky\/golden-safari-tour-z-marsa-alam\/#primaryimage\",\"url\":\"https:\/\/egytourpackages.com\/wp-content\/uploads\/2025\/11\/Golden-Safari-tour-from-Marsa-Alam-1.jpg\",\"contentUrl\":\"https:\/\/egytourpackages.com\/wp-content\/uploads\/2025\/11\/Golden-Safari-tour-from-Marsa-Alam-1.jpg\",\"width\":1400,\"height\":934,\"caption\":\"Golden Safari tour from Marsa Alam\"},{\"@type\":\"BreadcrumbList\",\"@id\":\"https:\/\/egytourpackages.com\/cs\/prohlidky\/golden-safari-tour-z-marsa-alam\/#breadcrumb\",\"itemListElement\":[{\"@type\":\"ListItem\",\"position\":1,\"name\":\"Dom\u016f\",\"item\":\"https:\/\/egytourpackages.com\/cs\/balicky-vyletu-po-egypte\/\"},{\"@type\":\"ListItem\",\"position\":2,\"name\":\"Shop\",\"item\":\"https:\/\/egytourpackages.com\/cs\/shop\/\"},{\"@type\":\"ListItem\",\"position\":3,\"name\":\"Golden Safari tour z Marsa Alam\"}]},{\"@type\":\"WebSite\",\"@id\":\"https:\/\/egytourpackages.com\/cs\/#website\",\"url\":\"https:\/\/egytourpackages.com\/cs\/\",\"name\":\"Egy tour packages\",\"description\":\"\",\"publisher\":{\"@id\":\"https:\/\/egytourpackages.com\/cs\/#organization\"},\"potentialAction\":[{\"@type\":\"SearchAction\",\"target\":{\"@type\":\"EntryPoint\",\"urlTemplate\":\"https:\/\/egytourpackages.com\/cs\/?s={search_term_string}\"},\"query-input\":{\"@type\":\"PropertyValueSpecification\",\"valueRequired\":true,\"valueName\":\"search_term_string\"}}],\"inLanguage\":\"cs\"},{\"@type\":[\"Organization\",\"Place\",\"TravelAgency\"],\"@id\":\"https:\/\/egytourpackages.com\/cs\/#organization\",\"name\":\"egypt tour packages\",\"alternateName\":\"egypt tour packages\",\"url\":\"https:\/\/egytourpackages.com\/cs\/\",\"logo\":{\"@id\":\"https:\/\/egytourpackages.com\/cs\/prohlidky\/golden-safari-tour-z-marsa-alam\/#local-main-organization-logo\"},\"image\":{\"@id\":\"https:\/\/egytourpackages.com\/cs\/prohlidky\/golden-safari-tour-z-marsa-alam\/#local-main-organization-logo\"},\"sameAs\":[\"https:\/\/www.facebook.com\/egytourpackages\"],\"legalName\":\"Egy tour packages\",\"address\":{\"@id\":\"https:\/\/egytourpackages.com\/cs\/prohlidky\/golden-safari-tour-z-marsa-alam\/#local-main-place-address\"},\"telephone\":[\"00201000852186\",\"00201028685533\"],\"contactPoint\":{\"@type\":\"ContactPoint\",\"telephone\":\"00201000852186\"},\"openingHoursSpecification\":[{\"@type\":\"OpeningHoursSpecification\",\"dayOfWeek\":[\"Monday\",\"Tuesday\",\"Wednesday\",\"Thursday\",\"Friday\",\"Saturday\",\"Sunday\"],\"opens\":\"00:00\",\"closes\":\"23:59\"}],\"email\":\"info@egytourpackages.com\",\"areaServed\":\"Cairo, Hurghada, Luxor, Sharm El Sheikh, Marsa Alam, Aswan\",\"priceRange\":\"$\",\"currenciesAccepted\":\"euro\",\"paymentAccepted\":\"Payment links online\"},{\"@type\":\"PostalAddress\",\"@id\":\"https:\/\/egytourpackages.com\/cs\/prohlidky\/golden-safari-tour-z-marsa-alam\/#local-main-place-address\",\"streetAddress\":\"Mubarak 8, Al Kawthar District, Hurghada\",\"addressLocality\":\"Hurghada\",\"postalCode\":\"84511\",\"addressRegion\":\"Red Sea\",\"addressCountry\":\"EG\"},{\"@type\":\"ImageObject\",\"inLanguage\":\"cs\",\"@id\":\"https:\/\/egytourpackages.com\/cs\/prohlidky\/golden-safari-tour-z-marsa-alam\/#local-main-organization-logo\",\"url\":\"https:\/\/egytourpackages.com\/wp-content\/uploads\/2025\/12\/Turquoise-Dahabiya-Nile-Cruise-1.jpeg\",\"contentUrl\":\"https:\/\/egytourpackages.com\/wp-content\/uploads\/2025\/12\/Turquoise-Dahabiya-Nile-Cruise-1.jpeg\",\"width\":1040,\"height\":694,\"caption\":\"egypt tour packages\"}]}<\/script>\n<meta property=\"product:brand\" content=\"Jednodenn\u00ed v\u00fdlety po Egypt\u011b\" \/>\n<meta property=\"product:price:amount\" content=\"45\" \/>\n<meta property=\"product:price:currency\" content=\"EUR\" \/>\n<meta property=\"og:availability\" content=\"instock\" \/>\n<meta property=\"product:availability\" content=\"instock\" \/>\n<meta property=\"product:retailer_item_id\" content=\"MAT18\" \/>\n<meta property=\"product:condition\" content=\"new\" \/>\n<meta name=\"geo.placename\" content=\"Hurghada\" \/>\n<meta name=\"geo.region\" content=\"Egypt\" \/>\n<!-- \/ Yoast SEO Premium plugin. -->","yoast_head_json":{"title":"Golden Safari tour z Marsa Alam","description":"Za\u017eijte Golden Safari tour z Marsa Alam: j\u00edzda na \u010dty\u0159kolk\u00e1ch, velbloudi a tradi\u010dn\u00ed bedu\u00ednsk\u00e1 ve\u010de\u0159e pod hv\u011bzdami. Rezervujte si sv\u00e9 dobrodru\u017estv\u00ed v pou\u0161ti!","robots":{"index":"index","follow":"follow","max-snippet":"max-snippet:-1","max-image-preview":"max-image-preview:large","max-video-preview":"max-video-preview:-1"},"canonical":"https:\/\/egytourpackages.com\/cs\/prohlidky\/golden-safari-tour-z-marsa-alam\/","og_locale":"cs_CZ","og_type":"article","og_title":"Golden Safari tour z Marsa Alam","og_description":"Za\u017eijte Golden Safari tour z Marsa Alam: j\u00edzda na \u010dty\u0159kolk\u00e1ch, velbloudi a tradi\u010dn\u00ed bedu\u00ednsk\u00e1 ve\u010de\u0159e pod hv\u011bzdami. Rezervujte si sv\u00e9 dobrodru\u017estv\u00ed v pou\u0161ti!","og_url":"https:\/\/egytourpackages.com\/cs\/prohlidky\/golden-safari-tour-z-marsa-alam\/","og_site_name":"Z\u00e1jezdy po Egypt\u011b","article_publisher":"https:\/\/www.facebook.com\/egytourpackages","article_modified_time":"2026-01-27T22:38:44+00:00","og_image":[{"url":"https:\/\/egytourpackages.com\/wp-content\/uploads\/2025\/11\/Golden-Safari-tour-from-Marsa-Alam-1024x768.jpg","type":"","width":"","height":""}],"twitter_card":"summary_large_image","twitter_title":"Golden Safari tour z Marsa Alam","twitter_misc":{"Cena":"&euro;45","Dostupnost":"Skladem"},"schema":{"@context":"https:\/\/schema.org","@graph":[{"@type":"WebPage","@id":"https:\/\/egytourpackages.com\/cs\/prohlidky\/golden-safari-tour-z-marsa-alam\/","url":"https:\/\/egytourpackages.com\/cs\/prohlidky\/golden-safari-tour-z-marsa-alam\/","name":"Golden Safari tour z Marsa Alam","isPartOf":{"@id":"https:\/\/egytourpackages.com\/cs\/#website"},"primaryImageOfPage":{"@id":"https:\/\/egytourpackages.com\/cs\/prohlidky\/golden-safari-tour-z-marsa-alam\/#primaryimage"},"image":{"@id":"https:\/\/egytourpackages.com\/cs\/prohlidky\/golden-safari-tour-z-marsa-alam\/#primaryimage"},"thumbnailUrl":"https:\/\/egytourpackages.com\/wp-content\/uploads\/2025\/11\/Golden-Safari-tour-from-Marsa-Alam-1.jpg","datePublished":"2025-11-30T22:43:52+00:00","dateModified":"2026-01-27T22:38:44+00:00","description":"Za\u017eijte Golden Safari tour z Marsa Alam: j\u00edzda na \u010dty\u0159kolk\u00e1ch, velbloudi a tradi\u010dn\u00ed bedu\u00ednsk\u00e1 ve\u010de\u0159e pod hv\u011bzdami. Rezervujte si sv\u00e9 dobrodru\u017estv\u00ed v pou\u0161ti!","breadcrumb":{"@id":"https:\/\/egytourpackages.com\/cs\/prohlidky\/golden-safari-tour-z-marsa-alam\/#breadcrumb"},"inLanguage":"cs","potentialAction":[{"@type":"ReadAction","target":["https:\/\/egytourpackages.com\/cs\/prohlidky\/golden-safari-tour-z-marsa-alam\/"]}]},{"@type":"ImageObject","inLanguage":"cs","@id":"https:\/\/egytourpackages.com\/cs\/prohlidky\/golden-safari-tour-z-marsa-alam\/#primaryimage","url":"https:\/\/egytourpackages.com\/wp-content\/uploads\/2025\/11\/Golden-Safari-tour-from-Marsa-Alam-1.jpg","contentUrl":"https:\/\/egytourpackages.com\/wp-content\/uploads\/2025\/11\/Golden-Safari-tour-from-Marsa-Alam-1.jpg","width":1400,"height":934,"caption":"Golden Safari tour from Marsa Alam"},{"@type":"BreadcrumbList","@id":"https:\/\/egytourpackages.com\/cs\/prohlidky\/golden-safari-tour-z-marsa-alam\/#breadcrumb","itemListElement":[{"@type":"ListItem","position":1,"name":"Dom\u016f","item":"https:\/\/egytourpackages.com\/cs\/balicky-vyletu-po-egypte\/"},{"@type":"ListItem","position":2,"name":"Shop","item":"https:\/\/egytourpackages.com\/cs\/shop\/"},{"@type":"ListItem","position":3,"name":"Golden Safari tour z Marsa Alam"}]},{"@type":"WebSite","@id":"https:\/\/egytourpackages.com\/cs\/#website","url":"https:\/\/egytourpackages.com\/cs\/","name":"Egy tour packages","description":"","publisher":{"@id":"https:\/\/egytourpackages.com\/cs\/#organization"},"potentialAction":[{"@type":"SearchAction","target":{"@type":"EntryPoint","urlTemplate":"https:\/\/egytourpackages.com\/cs\/?s={search_term_string}"},"query-input":{"@type":"PropertyValueSpecification","valueRequired":true,"valueName":"search_term_string"}}],"inLanguage":"cs"},{"@type":["Organization","Place","TravelAgency"],"@id":"https:\/\/egytourpackages.com\/cs\/#organization","name":"egypt tour packages","alternateName":"egypt tour packages","url":"https:\/\/egytourpackages.com\/cs\/","logo":{"@id":"https:\/\/egytourpackages.com\/cs\/prohlidky\/golden-safari-tour-z-marsa-alam\/#local-main-organization-logo"},"image":{"@id":"https:\/\/egytourpackages.com\/cs\/prohlidky\/golden-safari-tour-z-marsa-alam\/#local-main-organization-logo"},"sameAs":["https:\/\/www.facebook.com\/egytourpackages"],"legalName":"Egy tour packages","address":{"@id":"https:\/\/egytourpackages.com\/cs\/prohlidky\/golden-safari-tour-z-marsa-alam\/#local-main-place-address"},"telephone":["00201000852186","00201028685533"],"contactPoint":{"@type":"ContactPoint","telephone":"00201000852186"},"openingHoursSpecification":[{"@type":"OpeningHoursSpecification","dayOfWeek":["Monday","Tuesday","Wednesday","Thursday","Friday","Saturday","Sunday"],"opens":"00:00","closes":"23:59"}],"email":"info@egytourpackages.com","areaServed":"Cairo, Hurghada, Luxor, Sharm El Sheikh, Marsa Alam, Aswan","priceRange":"$","currenciesAccepted":"euro","paymentAccepted":"Payment links online"},{"@type":"PostalAddress","@id":"https:\/\/egytourpackages.com\/cs\/prohlidky\/golden-safari-tour-z-marsa-alam\/#local-main-place-address","streetAddress":"Mubarak 8, Al Kawthar District, Hurghada","addressLocality":"Hurghada","postalCode":"84511","addressRegion":"Red Sea","addressCountry":"EG"},{"@type":"ImageObject","inLanguage":"cs","@id":"https:\/\/egytourpackages.com\/cs\/prohlidky\/golden-safari-tour-z-marsa-alam\/#local-main-organization-logo","url":"https:\/\/egytourpackages.com\/wp-content\/uploads\/2025\/12\/Turquoise-Dahabiya-Nile-Cruise-1.jpeg","contentUrl":"https:\/\/egytourpackages.com\/wp-content\/uploads\/2025\/12\/Turquoise-Dahabiya-Nile-Cruise-1.jpeg","width":1040,"height":694,"caption":"egypt tour packages"}]},"product_brand":"Jednodenn\u00ed v\u00fdlety po Egypt\u011b","product_price_amount":"45","product_price_currency":"EUR","og_availability":"instock","product_availability":"instock","product_retailer_item_id":"MAT18","product_condition":"new","geo.placename":"Hurghada","geo.region":"Egypt"},"_links":{"self":[{"href":"https:\/\/egytourpackages.com\/cs\/wp-json\/wp\/v2\/product\/14104","targetHints":{"allow":["GET"]}}],"collection":[{"href":"https:\/\/egytourpackages.com\/cs\/wp-json\/wp\/v2\/product"}],"about":[{"href":"https:\/\/egytourpackages.com\/cs\/wp-json\/wp\/v2\/types\/product"}],"replies":[{"embeddable":true,"href":"https:\/\/egytourpackages.com\/cs\/wp-json\/wp\/v2\/comments?post=14104"}],"wp:featuredmedia":[{"embeddable":true,"href":"https:\/\/egytourpackages.com\/cs\/wp-json\/wp\/v2\/media\/14115"}],"wp:attachment":[{"href":"https:\/\/egytourpackages.com\/cs\/wp-json\/wp\/v2\/media?parent=14104"}],"wp:term":[{"taxonomy":"product_brand","embeddable":true,"href":"https:\/\/egytourpackages.com\/cs\/wp-json\/wp\/v2\/product_brand?post=14104"},{"taxonomy":"product_cat","embeddable":true,"href":"https:\/\/egytourpackages.com\/cs\/wp-json\/wp\/v2\/product_cat?post=14104"},{"taxonomy":"product_tag","embeddable":true,"href":"https:\/\/egytourpackages.com\/cs\/wp-json\/wp\/v2\/product_tag?post=14104"}],"curies":[{"name":"wp","href":"https:\/\/api.w.org\/{rel}","templated":true}]}}