{"id":14183,"date":"2025-11-03T20:00:48","date_gmt":"2025-11-03T20:00:48","guid":{"rendered":"https:\/\/egytourpackages.com\/product\/foceni-s-delfiny-makadi-bay\/"},"modified":"2026-01-29T01:20:52","modified_gmt":"2026-01-29T01:20:52","slug":"foceni-s-delfiny-makadi-bay","status":"publish","type":"product","link":"https:\/\/egytourpackages.com\/cs\/prohlidky\/foceni-s-delfiny-makadi-bay\/","title":{"rendered":"Focen\u00ed s delf\u00edny Makadi Bay"},"content":{"rendered":"<p><span style=\"color: #ff6600;\"><strong>Focen\u00ed s delf\u00edny Makadi Bay | Odvezte si nezapomenuteln\u00e9 vzpom\u00ednky<\/strong><\/span><\/p>\n<p>Rezervujte si exkluzivn\u00ed <strong>Focen\u00ed s delf\u00edny Makadi Bay<\/strong> a po\u0159i\u010fte si nezapomenuteln\u00e9 <strong>detailn\u00ed fotografie<\/strong> s t\u011bmi nejinteligentn\u011bj\u0161\u00edmi tvory <strong>Rud\u00e9ho mo\u0159e<\/strong>. Toto je ide\u00e1ln\u00ed <strong>v\u00fdlet v Makadi Bay<\/strong> pro jednotlivce, <strong>p\u00e1ry<\/strong> i <strong>rodiny<\/strong>, kte\u0159\u00ed hledaj\u00ed skute\u010dn\u011b osobn\u00ed a srde\u010dn\u00fd kontakt s <strong>mo\u0159sk\u00fdm \u017eivotem<\/strong>.<\/p>\n<p>Tato specializovan\u00e1 <strong>fotosezen\u00ed s delf\u00edny<\/strong> prob\u00edhaj\u00ed v kontrolovan\u00e9m prost\u0159ed\u00ed ve vyhrazen\u00e9m akvatick\u00e9m centru, co\u017e zaji\u0161\u0165uje pohodl\u00ed a bezpe\u010dnost jak pro v\u00e1s, tak pro <strong>delf\u00edny<\/strong>.<\/p>\n<p>V praxi budete st\u00e1t na okraji baz\u00e9nu nebo vstoup\u00edte do m\u011blk\u00e9 vody pro r\u016fzn\u00e9 p\u00f3zy, zat\u00edmco profesion\u00e1ln\u00ed fotograf zachyt\u00ed intimn\u00ed momenty va\u0161\u00ed interakce se zv\u00ed\u0159etem, jako je <strong>polibek od delf\u00edna<\/strong> nebo <strong>objet\u00ed s delf\u00ednem<\/strong>.<\/p>\n<p>Tento z\u00e1\u017eitek je navr\u017een jako rychl\u00e9, ale hlubok\u00e9 zpest\u0159en\u00ed va\u0161\u00ed <strong>dovolen\u00e9 v Egypt\u011b<\/strong>, kter\u00e9 v\u00e1m p\u0159inese vysoce kvalitn\u00ed, profesion\u00e1ln\u00ed fotografie slou\u017e\u00edc\u00ed jako vz\u00e1cn\u00e9 <strong>rodinn\u00e9 vzpom\u00ednky<\/strong>.<\/p>\n<p>Je to nejlep\u0161\u00ed zp\u016fsob, jak se dostat do t\u011bsn\u00e9 bl\u00edzkosti <strong>delf\u00edna<\/strong>, ani\u017e byste se museli \u00fa\u010dastnit cel\u00e9ho plav\u00e1n\u00ed, co\u017e z t\u00e9to aktivity \u010din\u00ed jednu z nejvyhled\u00e1van\u011bj\u0161\u00edch <strong>atrakc\u00ed v Makadi Bay<\/strong>.<\/p>\n<h3><span style=\"color: #ff6600;\">Detaily v\u00fdletu<\/span><\/h3>\n<ul>\n<li>Doba trv\u00e1n\u00ed: Cca 15\u201320 minut (vlastn\u00ed \u010das focen\u00ed)<\/li>\n<li>Lokalita: Dolphin World (pobl\u00ed\u017e Makadi Bay \/ Hurghada)<\/li>\n<li>Dostupnost: Denn\u011b (napl\u00e1nov\u00e1no kolem hlavn\u00edch \u010das\u016f show)<\/li>\n<li>Vyzvednut\u00ed a odvoz: V\u00e1\u0161 hotel v Makadi Bay<\/li>\n<li>Typ: Skupinov\u00fd (sd\u00edlen\u00fd transfer) \/ Soukrom\u00e9 sezen\u00ed (\u010das je v\u011bnov\u00e1n pouze va\u0161\u00ed skupin\u011b)<\/li>\n<\/ul>\n<h3><span style=\"color: #ff6600;\">Hlavn\u00ed body v\u00fdletu<\/span><\/h3>\n<ul>\n<li>Interakce zbl\u00edzka s delf\u00ednem.<\/li>\n<li>Profesion\u00e1ln\u00ed fotografie ve vysok\u00e9 kvalit\u011b v cen\u011b.<\/li>\n<li>Mo\u017enost p\u00f3z jako polibek od delf\u00edna a objet\u00ed s delf\u00ednem.<\/li>\n<li>Ide\u00e1ln\u00ed pro p\u00e1ry a rodinn\u00e9 fotografie.<\/li>\n<li>Kr\u00e1tk\u00e9 sezen\u00ed, kter\u00e9 vhodn\u011b dopl\u0148uje hlavn\u00ed show.<\/li>\n<\/ul>\n<h3><span style=\"color: #ff6600;\">V cen\u011b je zahrnuto<\/span><\/h3>\n<ul>\n<li>Zp\u00e1te\u010dn\u00ed transfer z va\u0161eho hotelu v Makadi Bay modern\u00edm klimatizovan\u00fdm vozem.<\/li>\n<li>Vstup do vyhrazen\u00e9ho prostoru pro focen\u00ed s delf\u00edny.<\/li>\n<li>Slu\u017eby profesion\u00e1ln\u00edho fotografa.<\/li>\n<li>Digit\u00e1ln\u00ed kopie fotografi\u00ed ve vysok\u00e9m rozli\u0161en\u00ed (po\u010det se li\u0161\u00ed dle bal\u00ed\u010dku).<\/li>\n<li>Asistence tren\u00e9ra delf\u00edn\u016f po celou dobu sezen\u00ed.<\/li>\n<\/ul>\n<h3><span style=\"color: #ff6600;\">V cen\u011b nen\u00ed zahrnuto<\/span><\/h3>\n<ul>\n<li>Vstupenka na hlavn\u00ed show s delf\u00edny (pokud ji\u017e nen\u00ed zakoupena).<\/li>\n<li>Plav\u00e1n\u00ed s delf\u00edny (samostatn\u00e1 aktivita).<\/li>\n<li>Spropitn\u00e9 (doporu\u010deno pro tren\u00e9ra a \u0159idi\u010de).<\/li>\n<li>Fyzick\u00e9 tisky fotografi\u00ed (obvykle se kupuj\u00ed zvl\u00e1\u0161\u0165).<\/li>\n<\/ul>\n<h3><span style=\"color: #ff6600;\">Co si vz\u00edt s sebou<\/span><\/h3>\n<ul>\n<li>Lehk\u00e9, vod\u011bodoln\u00e9 oble\u010den\u00ed (voliteln\u00e9, pro fotky u okraje baz\u00e9nu).<\/li>\n<li>Hotovost na p\u0159\u00edpadn\u00e9 dal\u0161\u00ed tisky fotek nebo bal\u00ed\u010dky.<\/li>\n<li>Ru\u010dn\u00edk (minim\u00e1ln\u00ed pot\u0159eba).<\/li>\n<li>Fotoapar\u00e1t nebo telefon (pro z\u00e1b\u011bry ze z\u00e1kulis\u00ed po\u0159\u00edzen\u00e9 va\u0161\u00edm doprovodem).<\/li>\n<\/ul>\n<h2><span style=\"color: #ff6600;\">Itiner\u00e1\u0159<\/span><\/h2>\n<h3><span style=\"color: #ff6600;\">Vyzvednut\u00ed p\u0159ed sezen\u00edm: <\/span><\/h3>\n<p>Klimatizovan\u00fd v\u016fz v\u00e1s vyzvedne u va\u0161eho hotelu v Makadi Bay (\u010das je stanoven podle denn\u00edho rozvrhu focen\u00ed v centru).<\/p>\n<h3><span style=\"color: #ff6600;\">P\u0159\u00edjezd a instrukt\u00e1\u017e: <\/span><\/h3>\n<p>P\u0159\u00edjezd do centra <strong>Dolphin World<\/strong>. Pr\u016fvodce v\u00e1m pom\u016f\u017ee se vstupem a tren\u00e9r v\u00e1m poskytne kr\u00e1tk\u00fd <strong>bezpe\u010dnostn\u00ed p\u0159ehled<\/strong> a vysv\u011btl\u00ed jednotliv\u00e9 p\u00f3zy.<\/p>\n<h3><span style=\"color: #ff6600;\">Focen\u00ed: <\/span><\/h3>\n<p>Budete odvedeni k okraji baz\u00e9nu. <strong>Profesion\u00e1ln\u00ed fotograf<\/strong> zachyt\u00ed r\u016fzn\u00e9 p\u00f3zy (nap\u0159. pod\u00e1n\u00ed ruky, <strong>polibek od delf\u00edna<\/strong>) podle pokyn\u016f <strong>tren\u00e9ra delf\u00edn\u016f<\/strong>. Sezen\u00ed je rychl\u00e9 a intenzivn\u011b zam\u011b\u0159en\u00e9 na zachycen\u00ed t\u011bch nejlep\u0161\u00edch moment\u016f.<\/p>\n<h3><span style=\"color: #ff6600;\">Prohl\u00ed\u017een\u00ed a v\u00fdb\u011br fotografi\u00ed: <\/span><\/h3>\n<p>Ihned po skon\u010den\u00ed <strong>focen\u00ed s delf\u00edny<\/strong> budete nasm\u011brov\u00e1ni k fotografick\u00e9mu pultu, kde si prohl\u00e9dnete a vyberete po\u017eadovan\u00e9 tisky nebo digit\u00e1ln\u00ed bal\u00ed\u010dky.<\/p>\n<h3><span style=\"color: #ff6600;\">N\u00e1vrat do hotelu: <\/span><\/h3>\n<p>V\u00e1\u0161 transfer bude p\u0159ipraven, aby v\u00e1s odvezl zp\u011bt do hotelu.<\/p>\n<h2><span style=\"color: #ff6600;\">FAQ<\/span><\/h2>\n<h3><span style=\"color: #ff6600;\">Mohu b\u011bhem sezen\u00ed pou\u017e\u00edvat vlastn\u00ed fotoapar\u00e1t?<\/span><\/h3>\n<p>Zat\u00edmco profesion\u00e1ln\u00ed fotograf se star\u00e1 o hlavn\u00ed sn\u00edmky, obvykle je dovoleno, aby \u010dlen va\u0161\u00ed skupiny po\u0159izoval rychl\u00e9 fotky\/videa z ur\u010den\u00e9ho m\u00edsta, pokud nenaru\u0161uje pr\u00e1ci profesion\u00e1la nebo nerozptyluje delf\u00edna.<\/p>\n<h3><span style=\"color: #ff6600;\">Mus\u00edm um\u011bt plavat, abych mohl j\u00edt na focen\u00ed?<\/span><\/h3>\n<p>Ne, nemus\u00edte um\u011bt plavat. V\u011bt\u0161ina interakce prob\u00edh\u00e1 ve stoje na bezpe\u010dn\u00e9 plo\u0161in\u011b u okraje baz\u00e9nu nebo ve velmi m\u011blk\u00e9 vod\u011b.<\/p>\n<h3><span style=\"color: #ff6600;\">Jsou fotografie zahrnuty v cen\u011b?<\/span><\/h3>\n<p>Ano, z\u00e1kladn\u00ed cena obvykle zahrnuje poplatek za sezen\u00ed a minim\u00e1ln\u00ed bal\u00ed\u010dek digit\u00e1ln\u00edch fotografi\u00ed ve vysok\u00e9m rozli\u0161en\u00ed. Fyzick\u00e9 tisky nebo v\u011bt\u0161\u00ed fotoalba lze dokoupit zvl\u00e1\u0161\u0165.<\/p>\n<h3><span style=\"color: #ff6600;\">M\u016f\u017ee b\u00fdt na fotce s delf\u00ednem v\u00edce lid\u00ed?<\/span><\/h3>\n<p>Ano. Focen\u00ed s delf\u00edny je ide\u00e1ln\u00ed pro rodinn\u00e9 fotky nebo p\u00e1ry. Tren\u00e9r p\u0159iprav\u00ed n\u011bkolik p\u00f3z tak, aby ka\u017ed\u00fd \u010dlen va\u0161\u00ed skupiny m\u011bl sv\u016fj speci\u00e1ln\u00ed moment s delf\u00ednem.<\/p>\n<h3><span style=\"color: #ff6600;\">Pot\u0159ebuji samostatnou vstupenku na show s delf\u00edny?<\/span><\/h3>\n<p>Ano. Focen\u00ed s delf\u00edny je samostatn\u00e1 rezervace. Pokud chcete sledovat show, mus\u00edte si ke bal\u00ed\u010dku focen\u00ed zakoupit tak\u00e9 vstupenku na p\u0159edstaven\u00ed.<\/p>\n","protected":false},"excerpt":{"rendered":"<p>Za\u017eijte Focen\u00ed s delf\u00edny Makadi Bay. Profesion\u00e1ln\u00ed sn\u00edmky v Rud\u00e9m mo\u0159i pro kr\u00e1sn\u00e9 vzpom\u00ednky. Skv\u011bl\u00e1 cena a online rezervace. Rezervujte si sv\u016fj term\u00edn hned!<\/p>\n","protected":false},"featured_media":9021,"comment_status":"closed","ping_status":"closed","template":"","meta":[],"product_brand":[],"product_cat":[1466],"product_tag":[1470,1469],"class_list":{"0":"post-14183","1":"product","2":"type-product","3":"status-publish","4":"has-post-thumbnail","6":"product_cat-vylety","7":"product_tag-jednodenni-vylety-po-egypte","8":"product_tag-vylety-v-hurgade","9":"tour_category-jednodenni-vylety-po-egypte-cs","10":"tour_category-nejlepsi-aktivity-s-detmi-v-hurghade","11":"tour_category-vylety-v-hurgade","13":"first","14":"instock","15":"sale","16":"shipping-taxable","17":"purchasable","18":"product-type-tour"},"yoast_head":"<!-- This site is optimized with the Yoast SEO Premium plugin v27.2 (Yoast SEO v27.2) - https:\/\/yoast.com\/product\/yoast-seo-premium-wordpress\/ -->\n<title>Focen\u00ed s delf\u00edny Makadi Bay<\/title>\n<meta name=\"description\" content=\"Za\u017eijte Focen\u00ed s delf\u00edny Makadi Bay. Profesion\u00e1ln\u00ed sn\u00edmky v Rud\u00e9m mo\u0159i pro kr\u00e1sn\u00e9 vzpom\u00ednky. Skv\u011bl\u00e1 cena a online rezervace. Rezervujte si sv\u016fj term\u00edn hned!\" \/>\n<meta name=\"robots\" content=\"index, follow, max-snippet:-1, max-image-preview:large, max-video-preview:-1\" \/>\n<link rel=\"canonical\" href=\"https:\/\/egytourpackages.com\/cs\/prohlidky\/foceni-s-delfiny-makadi-bay\/\" \/>\n<meta property=\"og:locale\" content=\"cs_CZ\" \/>\n<meta property=\"og:type\" content=\"article\" \/>\n<meta property=\"og:title\" content=\"Focen\u00ed s delf\u00edny Makadi Bay\" \/>\n<meta property=\"og:description\" content=\"Za\u017eijte Focen\u00ed s delf\u00edny Makadi Bay. Profesion\u00e1ln\u00ed sn\u00edmky v Rud\u00e9m mo\u0159i pro kr\u00e1sn\u00e9 vzpom\u00ednky. Skv\u011bl\u00e1 cena a online rezervace. Rezervujte si sv\u016fj term\u00edn hned!\" \/>\n<meta property=\"og:url\" content=\"https:\/\/egytourpackages.com\/cs\/prohlidky\/foceni-s-delfiny-makadi-bay\/\" \/>\n<meta property=\"og:site_name\" content=\"Z\u00e1jezdy po Egypt\u011b\" \/>\n<meta property=\"article:publisher\" content=\"https:\/\/www.facebook.com\/egytourpackages\" \/>\n<meta property=\"article:modified_time\" content=\"2026-01-29T01:20:52+00:00\" \/>\n<meta property=\"og:image\" content=\"https:\/\/egytourpackages.com\/wp-content\/uploads\/2025\/11\/Dolphin-Photo-Sessions-Makadi-Bay-1024x461.jpeg\" \/>\n<meta name=\"twitter:card\" content=\"summary_large_image\" \/>\n<meta name=\"twitter:title\" content=\"Focen\u00ed s delf\u00edny Makadi Bay\" \/>\n<meta name=\"twitter:label1\" content=\"Cena\" \/>\n\t<meta name=\"twitter:data1\" content=\"&euro;30\" \/>\n\t<meta name=\"twitter:label2\" content=\"Dostupnost\" \/>\n\t<meta name=\"twitter:data2\" content=\"Skladem\" \/>\n<script type=\"application\/ld+json\" class=\"yoast-schema-graph\">{\"@context\":\"https:\/\/schema.org\",\"@graph\":[{\"@type\":\"WebPage\",\"@id\":\"https:\/\/egytourpackages.com\/cs\/prohlidky\/foceni-s-delfiny-makadi-bay\/\",\"url\":\"https:\/\/egytourpackages.com\/cs\/prohlidky\/foceni-s-delfiny-makadi-bay\/\",\"name\":\"Focen\u00ed s delf\u00edny Makadi Bay\",\"isPartOf\":{\"@id\":\"https:\/\/egytourpackages.com\/cs\/#website\"},\"primaryImageOfPage\":{\"@id\":\"https:\/\/egytourpackages.com\/cs\/prohlidky\/foceni-s-delfiny-makadi-bay\/#primaryimage\"},\"image\":{\"@id\":\"https:\/\/egytourpackages.com\/cs\/prohlidky\/foceni-s-delfiny-makadi-bay\/#primaryimage\"},\"thumbnailUrl\":\"https:\/\/egytourpackages.com\/wp-content\/uploads\/2025\/11\/Dolphin-Photo-Sessions-Makadi-Bay.jpeg\",\"datePublished\":\"2025-11-03T20:00:48+00:00\",\"dateModified\":\"2026-01-29T01:20:52+00:00\",\"description\":\"Za\u017eijte Focen\u00ed s delf\u00edny Makadi Bay. Profesion\u00e1ln\u00ed sn\u00edmky v Rud\u00e9m mo\u0159i pro kr\u00e1sn\u00e9 vzpom\u00ednky. Skv\u011bl\u00e1 cena a online rezervace. Rezervujte si sv\u016fj term\u00edn hned!\",\"breadcrumb\":{\"@id\":\"https:\/\/egytourpackages.com\/cs\/prohlidky\/foceni-s-delfiny-makadi-bay\/#breadcrumb\"},\"inLanguage\":\"cs\",\"potentialAction\":[{\"@type\":\"ReadAction\",\"target\":[\"https:\/\/egytourpackages.com\/cs\/prohlidky\/foceni-s-delfiny-makadi-bay\/\"]}]},{\"@type\":\"ImageObject\",\"inLanguage\":\"cs\",\"@id\":\"https:\/\/egytourpackages.com\/cs\/prohlidky\/foceni-s-delfiny-makadi-bay\/#primaryimage\",\"url\":\"https:\/\/egytourpackages.com\/wp-content\/uploads\/2025\/11\/Dolphin-Photo-Sessions-Makadi-Bay.jpeg\",\"contentUrl\":\"https:\/\/egytourpackages.com\/wp-content\/uploads\/2025\/11\/Dolphin-Photo-Sessions-Makadi-Bay.jpeg\",\"width\":1150,\"height\":518,\"caption\":\"Focen\u00ed s delf\u00edny Makadi Bay\"},{\"@type\":\"BreadcrumbList\",\"@id\":\"https:\/\/egytourpackages.com\/cs\/prohlidky\/foceni-s-delfiny-makadi-bay\/#breadcrumb\",\"itemListElement\":[{\"@type\":\"ListItem\",\"position\":1,\"name\":\"Dom\u016f\",\"item\":\"https:\/\/egytourpackages.com\/cs\/balicky-vyletu-po-egypte\/\"},{\"@type\":\"ListItem\",\"position\":2,\"name\":\"Shop\",\"item\":\"https:\/\/egytourpackages.com\/cs\/shop\/\"},{\"@type\":\"ListItem\",\"position\":3,\"name\":\"Focen\u00ed s delf\u00edny Makadi Bay\"}]},{\"@type\":\"WebSite\",\"@id\":\"https:\/\/egytourpackages.com\/cs\/#website\",\"url\":\"https:\/\/egytourpackages.com\/cs\/\",\"name\":\"Egy tour packages\",\"description\":\"\",\"publisher\":{\"@id\":\"https:\/\/egytourpackages.com\/cs\/#organization\"},\"potentialAction\":[{\"@type\":\"SearchAction\",\"target\":{\"@type\":\"EntryPoint\",\"urlTemplate\":\"https:\/\/egytourpackages.com\/cs\/?s={search_term_string}\"},\"query-input\":{\"@type\":\"PropertyValueSpecification\",\"valueRequired\":true,\"valueName\":\"search_term_string\"}}],\"inLanguage\":\"cs\"},{\"@type\":[\"Organization\",\"Place\",\"TravelAgency\"],\"@id\":\"https:\/\/egytourpackages.com\/cs\/#organization\",\"name\":\"egypt tour packages\",\"alternateName\":\"egypt tour packages\",\"url\":\"https:\/\/egytourpackages.com\/cs\/\",\"logo\":{\"@id\":\"https:\/\/egytourpackages.com\/cs\/prohlidky\/foceni-s-delfiny-makadi-bay\/#local-main-organization-logo\"},\"image\":{\"@id\":\"https:\/\/egytourpackages.com\/cs\/prohlidky\/foceni-s-delfiny-makadi-bay\/#local-main-organization-logo\"},\"sameAs\":[\"https:\/\/www.facebook.com\/egytourpackages\"],\"legalName\":\"Egy tour packages\",\"address\":{\"@id\":\"https:\/\/egytourpackages.com\/cs\/prohlidky\/foceni-s-delfiny-makadi-bay\/#local-main-place-address\"},\"telephone\":[\"00201000852186\",\"00201028685533\"],\"contactPoint\":{\"@type\":\"ContactPoint\",\"telephone\":\"00201000852186\"},\"openingHoursSpecification\":[{\"@type\":\"OpeningHoursSpecification\",\"dayOfWeek\":[\"Monday\",\"Tuesday\",\"Wednesday\",\"Thursday\",\"Friday\",\"Saturday\",\"Sunday\"],\"opens\":\"00:00\",\"closes\":\"23:59\"}],\"email\":\"info@egytourpackages.com\",\"areaServed\":\"Cairo, Hurghada, Luxor, Sharm El Sheikh, Marsa Alam, Aswan\",\"priceRange\":\"$\",\"currenciesAccepted\":\"euro\",\"paymentAccepted\":\"Payment links online\"},{\"@type\":\"PostalAddress\",\"@id\":\"https:\/\/egytourpackages.com\/cs\/prohlidky\/foceni-s-delfiny-makadi-bay\/#local-main-place-address\",\"streetAddress\":\"Mubarak 8, Al Kawthar District, Hurghada\",\"addressLocality\":\"Hurghada\",\"postalCode\":\"84511\",\"addressRegion\":\"Red Sea\",\"addressCountry\":\"EG\"},{\"@type\":\"ImageObject\",\"inLanguage\":\"cs\",\"@id\":\"https:\/\/egytourpackages.com\/cs\/prohlidky\/foceni-s-delfiny-makadi-bay\/#local-main-organization-logo\",\"url\":\"https:\/\/egytourpackages.com\/wp-content\/uploads\/2025\/12\/Turquoise-Dahabiya-Nile-Cruise-1.jpeg\",\"contentUrl\":\"https:\/\/egytourpackages.com\/wp-content\/uploads\/2025\/12\/Turquoise-Dahabiya-Nile-Cruise-1.jpeg\",\"width\":1040,\"height\":694,\"caption\":\"egypt tour packages\"}]}<\/script>\n<meta property=\"product:brand\" content=\"Jednodenn\u00ed v\u00fdlety po Egypt\u011b\" \/>\n<meta property=\"product:price:amount\" content=\"30\" \/>\n<meta property=\"product:price:currency\" content=\"EUR\" \/>\n<meta property=\"og:availability\" content=\"instock\" \/>\n<meta property=\"product:availability\" content=\"instock\" \/>\n<meta property=\"product:retailer_item_id\" content=\"HDT29\" \/>\n<meta property=\"product:condition\" content=\"new\" \/>\n<meta name=\"geo.placename\" content=\"Hurghada\" \/>\n<meta name=\"geo.region\" content=\"Egypt\" \/>\n<!-- \/ Yoast SEO Premium plugin. -->","yoast_head_json":{"title":"Focen\u00ed s delf\u00edny Makadi Bay","description":"Za\u017eijte Focen\u00ed s delf\u00edny Makadi Bay. Profesion\u00e1ln\u00ed sn\u00edmky v Rud\u00e9m mo\u0159i pro kr\u00e1sn\u00e9 vzpom\u00ednky. Skv\u011bl\u00e1 cena a online rezervace. Rezervujte si sv\u016fj term\u00edn hned!","robots":{"index":"index","follow":"follow","max-snippet":"max-snippet:-1","max-image-preview":"max-image-preview:large","max-video-preview":"max-video-preview:-1"},"canonical":"https:\/\/egytourpackages.com\/cs\/prohlidky\/foceni-s-delfiny-makadi-bay\/","og_locale":"cs_CZ","og_type":"article","og_title":"Focen\u00ed s delf\u00edny Makadi Bay","og_description":"Za\u017eijte Focen\u00ed s delf\u00edny Makadi Bay. Profesion\u00e1ln\u00ed sn\u00edmky v Rud\u00e9m mo\u0159i pro kr\u00e1sn\u00e9 vzpom\u00ednky. Skv\u011bl\u00e1 cena a online rezervace. Rezervujte si sv\u016fj term\u00edn hned!","og_url":"https:\/\/egytourpackages.com\/cs\/prohlidky\/foceni-s-delfiny-makadi-bay\/","og_site_name":"Z\u00e1jezdy po Egypt\u011b","article_publisher":"https:\/\/www.facebook.com\/egytourpackages","article_modified_time":"2026-01-29T01:20:52+00:00","og_image":[{"url":"https:\/\/egytourpackages.com\/wp-content\/uploads\/2025\/11\/Dolphin-Photo-Sessions-Makadi-Bay-1024x461.jpeg","type":"","width":"","height":""}],"twitter_card":"summary_large_image","twitter_title":"Focen\u00ed s delf\u00edny Makadi Bay","twitter_misc":{"Cena":"&euro;30","Dostupnost":"Skladem"},"schema":{"@context":"https:\/\/schema.org","@graph":[{"@type":"WebPage","@id":"https:\/\/egytourpackages.com\/cs\/prohlidky\/foceni-s-delfiny-makadi-bay\/","url":"https:\/\/egytourpackages.com\/cs\/prohlidky\/foceni-s-delfiny-makadi-bay\/","name":"Focen\u00ed s delf\u00edny Makadi Bay","isPartOf":{"@id":"https:\/\/egytourpackages.com\/cs\/#website"},"primaryImageOfPage":{"@id":"https:\/\/egytourpackages.com\/cs\/prohlidky\/foceni-s-delfiny-makadi-bay\/#primaryimage"},"image":{"@id":"https:\/\/egytourpackages.com\/cs\/prohlidky\/foceni-s-delfiny-makadi-bay\/#primaryimage"},"thumbnailUrl":"https:\/\/egytourpackages.com\/wp-content\/uploads\/2025\/11\/Dolphin-Photo-Sessions-Makadi-Bay.jpeg","datePublished":"2025-11-03T20:00:48+00:00","dateModified":"2026-01-29T01:20:52+00:00","description":"Za\u017eijte Focen\u00ed s delf\u00edny Makadi Bay. Profesion\u00e1ln\u00ed sn\u00edmky v Rud\u00e9m mo\u0159i pro kr\u00e1sn\u00e9 vzpom\u00ednky. Skv\u011bl\u00e1 cena a online rezervace. Rezervujte si sv\u016fj term\u00edn hned!","breadcrumb":{"@id":"https:\/\/egytourpackages.com\/cs\/prohlidky\/foceni-s-delfiny-makadi-bay\/#breadcrumb"},"inLanguage":"cs","potentialAction":[{"@type":"ReadAction","target":["https:\/\/egytourpackages.com\/cs\/prohlidky\/foceni-s-delfiny-makadi-bay\/"]}]},{"@type":"ImageObject","inLanguage":"cs","@id":"https:\/\/egytourpackages.com\/cs\/prohlidky\/foceni-s-delfiny-makadi-bay\/#primaryimage","url":"https:\/\/egytourpackages.com\/wp-content\/uploads\/2025\/11\/Dolphin-Photo-Sessions-Makadi-Bay.jpeg","contentUrl":"https:\/\/egytourpackages.com\/wp-content\/uploads\/2025\/11\/Dolphin-Photo-Sessions-Makadi-Bay.jpeg","width":1150,"height":518,"caption":"Focen\u00ed s delf\u00edny Makadi Bay"},{"@type":"BreadcrumbList","@id":"https:\/\/egytourpackages.com\/cs\/prohlidky\/foceni-s-delfiny-makadi-bay\/#breadcrumb","itemListElement":[{"@type":"ListItem","position":1,"name":"Dom\u016f","item":"https:\/\/egytourpackages.com\/cs\/balicky-vyletu-po-egypte\/"},{"@type":"ListItem","position":2,"name":"Shop","item":"https:\/\/egytourpackages.com\/cs\/shop\/"},{"@type":"ListItem","position":3,"name":"Focen\u00ed s delf\u00edny Makadi Bay"}]},{"@type":"WebSite","@id":"https:\/\/egytourpackages.com\/cs\/#website","url":"https:\/\/egytourpackages.com\/cs\/","name":"Egy tour packages","description":"","publisher":{"@id":"https:\/\/egytourpackages.com\/cs\/#organization"},"potentialAction":[{"@type":"SearchAction","target":{"@type":"EntryPoint","urlTemplate":"https:\/\/egytourpackages.com\/cs\/?s={search_term_string}"},"query-input":{"@type":"PropertyValueSpecification","valueRequired":true,"valueName":"search_term_string"}}],"inLanguage":"cs"},{"@type":["Organization","Place","TravelAgency"],"@id":"https:\/\/egytourpackages.com\/cs\/#organization","name":"egypt tour packages","alternateName":"egypt tour packages","url":"https:\/\/egytourpackages.com\/cs\/","logo":{"@id":"https:\/\/egytourpackages.com\/cs\/prohlidky\/foceni-s-delfiny-makadi-bay\/#local-main-organization-logo"},"image":{"@id":"https:\/\/egytourpackages.com\/cs\/prohlidky\/foceni-s-delfiny-makadi-bay\/#local-main-organization-logo"},"sameAs":["https:\/\/www.facebook.com\/egytourpackages"],"legalName":"Egy tour packages","address":{"@id":"https:\/\/egytourpackages.com\/cs\/prohlidky\/foceni-s-delfiny-makadi-bay\/#local-main-place-address"},"telephone":["00201000852186","00201028685533"],"contactPoint":{"@type":"ContactPoint","telephone":"00201000852186"},"openingHoursSpecification":[{"@type":"OpeningHoursSpecification","dayOfWeek":["Monday","Tuesday","Wednesday","Thursday","Friday","Saturday","Sunday"],"opens":"00:00","closes":"23:59"}],"email":"info@egytourpackages.com","areaServed":"Cairo, Hurghada, Luxor, Sharm El Sheikh, Marsa Alam, Aswan","priceRange":"$","currenciesAccepted":"euro","paymentAccepted":"Payment links online"},{"@type":"PostalAddress","@id":"https:\/\/egytourpackages.com\/cs\/prohlidky\/foceni-s-delfiny-makadi-bay\/#local-main-place-address","streetAddress":"Mubarak 8, Al Kawthar District, Hurghada","addressLocality":"Hurghada","postalCode":"84511","addressRegion":"Red Sea","addressCountry":"EG"},{"@type":"ImageObject","inLanguage":"cs","@id":"https:\/\/egytourpackages.com\/cs\/prohlidky\/foceni-s-delfiny-makadi-bay\/#local-main-organization-logo","url":"https:\/\/egytourpackages.com\/wp-content\/uploads\/2025\/12\/Turquoise-Dahabiya-Nile-Cruise-1.jpeg","contentUrl":"https:\/\/egytourpackages.com\/wp-content\/uploads\/2025\/12\/Turquoise-Dahabiya-Nile-Cruise-1.jpeg","width":1040,"height":694,"caption":"egypt tour packages"}]},"product_brand":"Jednodenn\u00ed v\u00fdlety po Egypt\u011b","product_price_amount":"30","product_price_currency":"EUR","og_availability":"instock","product_availability":"instock","product_retailer_item_id":"HDT29","product_condition":"new","geo.placename":"Hurghada","geo.region":"Egypt"},"_links":{"self":[{"href":"https:\/\/egytourpackages.com\/cs\/wp-json\/wp\/v2\/product\/14183","targetHints":{"allow":["GET"]}}],"collection":[{"href":"https:\/\/egytourpackages.com\/cs\/wp-json\/wp\/v2\/product"}],"about":[{"href":"https:\/\/egytourpackages.com\/cs\/wp-json\/wp\/v2\/types\/product"}],"replies":[{"embeddable":true,"href":"https:\/\/egytourpackages.com\/cs\/wp-json\/wp\/v2\/comments?post=14183"}],"wp:featuredmedia":[{"embeddable":true,"href":"https:\/\/egytourpackages.com\/cs\/wp-json\/wp\/v2\/media\/9021"}],"wp:attachment":[{"href":"https:\/\/egytourpackages.com\/cs\/wp-json\/wp\/v2\/media?parent=14183"}],"wp:term":[{"taxonomy":"product_brand","embeddable":true,"href":"https:\/\/egytourpackages.com\/cs\/wp-json\/wp\/v2\/product_brand?post=14183"},{"taxonomy":"product_cat","embeddable":true,"href":"https:\/\/egytourpackages.com\/cs\/wp-json\/wp\/v2\/product_cat?post=14183"},{"taxonomy":"product_tag","embeddable":true,"href":"https:\/\/egytourpackages.com\/cs\/wp-json\/wp\/v2\/product_tag?post=14183"}],"curies":[{"name":"wp","href":"https:\/\/api.w.org\/{rel}","templated":true}]}}