{"id":14546,"date":"2025-12-15T01:09:45","date_gmt":"2025-12-15T01:09:45","guid":{"rendered":"https:\/\/egytourpackages.com\/product\/soukromy-vylet-do-velkeho-egyptskeho-muzea-z-hurghady\/"},"modified":"2026-02-08T12:56:50","modified_gmt":"2026-02-08T12:56:50","slug":"soukromy-vylet-do-velkeho-egyptskeho-muzea-z-hurghady","status":"publish","type":"product","link":"https:\/\/egytourpackages.com\/cs\/prohlidky\/soukromy-vylet-do-velkeho-egyptskeho-muzea-z-hurghady\/","title":{"rendered":"Soukrom\u00fd v\u00fdlet do Velk\u00e9ho egyptsk\u00e9ho muzea z Hurghady"},"content":{"rendered":"<p><span style=\"color: #ff6600;\"><strong>Soukrom\u00fd v\u00fdlet do Velk\u00e9ho egyptsk\u00e9ho muzea z Hurghady: Poklady kr\u00e1le Tutanchamona a nad\u010dasov\u00e9 divy<\/strong><\/span><\/p>\n<p><span style=\"color: #ff0000;\"><em><strong>P\u0159ehled v\u00fdletu<\/strong><\/em><\/span><\/p>\n<p>Toto je dokonal\u00fd z\u00e1\u017eitek pro <strong>celodenn\u00ed v\u00fdlet do K\u00e1hiry<\/strong>, kter\u00fd plynule propoj\u00ed va\u0161i dovolenou u Rud\u00e9ho mo\u0159e se sv\u011btov\u00fdm archeologick\u00fdm z\u00e1zrakem, kter\u00fdm je <strong>Velk\u00e9 egyptsk\u00e9 muzeum (GEM)<\/strong>, spolu s n\u00e1v\u0161t\u011bvou nejslavn\u011bj\u0161\u00ed starov\u011bk\u00e9 pam\u00e1tky Egypta, kterou m\u00e1 ka\u017ed\u00fd na sv\u00e9m seznamu p\u0159\u00e1n\u00ed.<\/p>\n<p>Zapome\u0148te na starosti s pl\u00e1nov\u00e1n\u00edm \u2013 o dlouhou cestu se postar\u00e1me my v na\u0161ich pohodln\u00fdch, klimatizovan\u00fdch vozech a p\u0159id\u011bl\u00edme v\u00e1m zku\u0161en\u00e9ho, zap\u00e1len\u00e9ho <strong>pr\u016fvodce egyptologa<\/strong>.<\/p>\n<p>Prozkoum\u00e1te \u00fachvatn\u00e9 nov\u00e9 GEM, kter\u00e9 je domovem kompletn\u00ed, neb\u00fdval\u00e9 sb\u00edrky <strong>zlat\u00fdch poklad\u016f kr\u00e1le Tutanchamona<\/strong>. Krom\u011b toho budete st\u00e1t v \u00fa\u017easu p\u0159ed majest\u00e1tn\u00edmi <strong>Velk\u00fdmi pyramidami<\/strong> a legend\u00e1rn\u00ed <strong>Sfingou<\/strong>.<\/p>\n<p>Tento z\u00e1jezd p\u0159edstavuje celodenn\u00ed pono\u0159en\u00ed do 7 000 let star\u00e9 historie, navr\u017een\u00e9 pro cestovatele, kte\u0159\u00ed hledaj\u00ed pohodl\u00ed i hlubok\u00e9, nezapomenuteln\u00e9 objevov\u00e1n\u00ed. Je to skute\u010dn\u011b z\u00e1sadn\u00ed z\u00e1\u017eitek pro nad\u0161ence do historie i pro ty, kte\u0159\u00ed nav\u0161t\u00edv\u00ed Egypt poprv\u00e9.<\/p>\n<h3><span style=\"color: #ff6600;\">Detaily v\u00fdletu<\/span><\/h3>\n<ul>\n<li>Doba trv\u00e1n\u00ed: 17 hodin<\/li>\n<li>Lokalita: K\u00e1hira<\/li>\n<li>Dostupnost: Denn\u011b na vy\u017e\u00e1d\u00e1n\u00ed<\/li>\n<li>Vyzvednut\u00ed a odvoz: Hotely v Hurghad\u011b<\/li>\n<li>Typ v\u00fdletu: Soukrom\u00fd<\/li>\n<li>Jazyk: \u010ce\u0161tina<\/li>\n<li>Bezbari\u00e9rov\u00fd p\u0159\u00edstup: Ano<\/li>\n<\/ul>\n<h3><span style=\"color: #ff6600;\">Hlavn\u00ed body v\u00fdletu<\/span><\/h3>\n<ul>\n<li>Velk\u00e9 egyptsk\u00e9 muzeum (GEM)<\/li>\n<li>Pyramidy v G\u00edze<\/li>\n<li>Velk\u00e1 sfinga<\/li>\n<li>\u00dadoln\u00ed chr\u00e1m (chr\u00e1m mumifikace)<\/li>\n<li>Ob\u011bd<\/li>\n<\/ul>\n<h3><span style=\"color: #ff6600;\">V cen\u011b je zahrnuto<\/span><\/h3>\n<ul>\n<li>Transfer modern\u00edm vozem.<\/li>\n<li>Vstupn\u00e9 do v\u0161ech pam\u00e1tek v programu.<\/li>\n<li>Kvalitn\u00ed ob\u011bd v m\u00edstn\u00ed restauraci.<\/li>\n<li>Pr\u016fvodce archeolog hovo\u0159\u00edc\u00ed \u010desky.<\/li>\n<li>Voda b\u011bhem dne.<\/li>\n<\/ul>\n<h3><span style=\"color: #ff6600;\">V cen\u011b nen\u00ed zahrnuto<\/span><\/h3>\n<ul>\n<li>Vstupn\u00e9 do Cheopsovy pyramidy.<\/li>\n<li>Vstupn\u00e9 do Menkaureovy pyramidy.<\/li>\n<li>N\u00e1poje b\u011bhem ob\u011bda.<\/li>\n<li>Spropitn\u00e9 pro pr\u016fvodce a \u0159idi\u010de.<\/li>\n<\/ul>\n<h3><span style=\"color: #ff6600;\">Co si zabalit?<\/span><\/h3>\n<ul>\n<li>Pohodln\u00e9 boty a oble\u010den\u00ed.<\/li>\n<li>Klobouk nebo \u010depici.<\/li>\n<li>Slune\u010dn\u00ed br\u00fdle.<\/li>\n<li>Opalovac\u00ed kr\u00e9m.<\/li>\n<li>Teplou bundu v zim\u011b.<\/li>\n<\/ul>\n<h2><span style=\"color: #ff0000;\"><em>Itiner\u00e1\u0159<\/em><\/span><\/h2>\n<h3><span style=\"color: #ff6600;\">Transfer z Hurghady do K\u00e1hiry<\/span><\/h3>\n<p>Den za\u010d\u00edn\u00e1 \u010dasn\u011b r\u00e1no vyzvednut\u00edm z va\u0161eho hotelu v Hurghad\u011b. Pohodln\u011b se usa\u010fte v na\u0161em klimatizovan\u00e9m voze na cestu do G\u00edzy. V polovin\u011b cesty je napl\u00e1nov\u00e1na zast\u00e1vka na odpo\u010dinek. Po p\u0159\u00edjezdu do G\u00edzy se setk\u00e1te se sv\u00fdm <strong>zku\u0161en\u00fdm egyptologem<\/strong>, kter\u00fd je p\u0159ipraven zah\u00e1jit va\u0161i historickou cestu.<\/p>\n<h3><span style=\"color: #ff6600;\">Velk\u00e9 egyptsk\u00e9 muzeum (GEM)<\/span><\/h3>\n<p>Za\u017eijte velkolep\u00e9 <strong>Velk\u00e9 egyptsk\u00e9 muzeum (GEM)<\/strong>. Mezi hlavn\u00ed l\u00e1kadla pat\u0159\u00ed visut\u00fd obelisk, kolos\u00e1ln\u00ed socha <strong>Ramsese II.<\/strong> a stoupaj\u00edc\u00ed Velk\u00e9 schodi\u0161t\u011b. Hlavn\u00edm bodem programu je velkolep\u00e1, kompletn\u00ed sb\u00edrka <strong>zlat\u00fdch poklad\u016f kr\u00e1le Tutanchamona<\/strong> \u2013 jeho ikonick\u00e1 maska, vozy a \u0161perky \u2013 vystaven\u00e9 poprv\u00e9 spole\u010dn\u011b v jejich nov\u00e9m domov\u011b.<\/p>\n<h3><span style=\"color: #ff6600;\">Ob\u011bd<\/span><\/h3>\n<p>Po dopoledn\u00edm hlubok\u00e9m pr\u016fzkumu muzea si vychutn\u00e1te lahodn\u00fd a syt\u00fd <strong>autentick\u00fd egyptsk\u00fd ob\u011bd<\/strong>. J\u00eddlo se pod\u00e1v\u00e1 v kvalitn\u00ed m\u00edstn\u00ed restauraci v oblasti G\u00edzy a nab\u00edz\u00ed ide\u00e1ln\u00ed p\u0159\u00edle\u017eitost k odpo\u010dinku a dobit\u00ed energie.<\/p>\n<h3><span style=\"color: #ff6600;\">Pyramidy v G\u00edze a Sfinga<\/span><\/h3>\n<p>Odpoledne je v\u011bnov\u00e1no starov\u011bk\u00fdm div\u016fm <strong>komplexu pyramid v G\u00edze<\/strong>. Obdivujte majest\u00e1tn\u00ed <strong>Velk\u00e9 pyramidy<\/strong> Chufua, Rachefa a Menkaurea. Postavte se p\u0159ed legend\u00e1rn\u00ed <strong>Velkou sfingu<\/strong>, kolos\u00e1ln\u00edho str\u00e1\u017ece plo\u0161iny. V\u00e1\u0161 pr\u016fvodce v\u00e1m odborn\u011b vysv\u011btl\u00ed historii, v\u00fdznam a tajemstv\u00ed stavby t\u011bchto nad\u010dasov\u00fdch pam\u00e1tek.<\/p>\n<h3><span style=\"color: #ff6600;\"><strong>N\u00e1vrat do Hurghady<\/strong><\/span><\/h3>\n<p>V pozdn\u00edm odpoledni zah\u00e1j\u00edte pohodlnou cestu zp\u011bt k pob\u0159e\u017e\u00ed Rud\u00e9ho mo\u0159e. Po dlouh\u00e9m dni pln\u00e9m tis\u00edcilet\u00e9 historie zakon\u010d\u00edte sv\u016fj k\u00e1hirsk\u00fd z\u00e1\u017eitek ve\u010dern\u00edm <strong>odvozem zp\u011bt do va\u0161eho hotelu<\/strong> v Hurghad\u011b.<\/p>\n<h3><span style=\"color: #ff6600;\">Cena v\u00fdletu do Velk\u00e9ho egyptsk\u00e9ho muzea z Hurghady<\/span><\/h3>\n<ul>\n<li>Cena pro dosp\u011bl\u00e9 = 150 \u20ac<\/li>\n<li>D\u011bti 0\u20135 let = zdarma<\/li>\n<li>D\u011bti 5\u201311 let = 50 % z ceny pro dosp\u011bl\u00e9<\/li>\n<\/ul>\n<h3><span style=\"color: #ff6600;\">Rezervace<\/span><\/h3>\n<p>Sv\u00e9 v\u00fdlety z Hurghady si m\u016f\u017eete rezervovat p\u0159es WhatsApp nebo e-mail a potvrzen\u00ed obdr\u017e\u00edte obratem. Za\u0161lete n\u00e1m pros\u00edm n\u00e1zev hotelu, \u010d\u00edslo pokoje a kopie pas\u016f.<\/p>\n<ul>\n<li>WhatsApp: +201000852186<\/li>\n<li>E-mail: info@egytourpackages.com<\/li>\n<\/ul>\n<h3><span style=\"color: #ff6600;\">Rezervujte nyn\u00ed a pla\u0165te na m\u00edst\u011b.<\/span><\/h3>\n<p>Rezervujte si sv\u016fj obl\u00edben\u00fd v\u00fdlet a zapla\u0165te a\u017e v den cesty.<\/p>\n<h3><span style=\"color: #ff6600;\">Platba:<\/span><\/h3>\n<p>M\u016f\u017eete platit v egyptsk\u00fdch libr\u00e1ch, $, \u20ac nebo \u00a3.<\/p>\n<h3><span style=\"color: #ff6600;\">Storno podm\u00ednky:<\/span><\/h3>\n<p>Zru\u0161en\u00ed je zdarma a\u017e 24 hodin p\u0159edem.<\/p>\n","protected":false},"excerpt":{"rendered":"<p>U\u017eijte si Soukrom\u00fd v\u00fdlet do Velk\u00e9ho egyptsk\u00e9ho muzea z Hurghady. Obdivujte poklady Tutanchamona, pyramidy v G\u00edze a Sfingu s \u010desk\u00fdm pr\u016fvodcem. Rezervujte!<\/p>\n","protected":false},"featured_media":10135,"comment_status":"closed","ping_status":"closed","template":"","meta":[],"product_brand":[],"product_cat":[1466],"product_tag":[1470,3569,1469],"class_list":{"0":"post-14546","1":"product","2":"type-product","3":"status-publish","4":"has-post-thumbnail","6":"product_cat-vylety","7":"product_tag-jednodenni-vylety-po-egypte","8":"product_tag-rezervujte-si-online-velke-egyptske-muzeum-gem-z-hurghady","9":"product_tag-vylety-v-hurgade","10":"tour_category-jednodenni-vylety-po-egypte-cs","11":"tour_category-vylety-v-hurgade","13":"first","14":"instock","15":"sale","16":"shipping-taxable","17":"purchasable","18":"product-type-tour","19":"has-default-attributes"},"yoast_head":"<!-- This site is optimized with the Yoast SEO Premium plugin v27.4 (Yoast SEO v27.4) - https:\/\/yoast.com\/product\/yoast-seo-premium-wordpress\/ -->\n<title>Soukrom\u00fd v\u00fdlet do Velk\u00e9ho egyptsk\u00e9ho muzea z Hurghady<\/title>\n<meta name=\"description\" content=\"U\u017eijte si Soukrom\u00fd v\u00fdlet do Velk\u00e9ho egyptsk\u00e9ho muzea z Hurghady. Obdivujte poklady Tutanchamona, pyramidy v G\u00edze a Sfingu s \u010desk\u00fdm pr\u016fvodcem. Rezervujte!\" \/>\n<meta name=\"robots\" content=\"index, follow, max-snippet:-1, max-image-preview:large, max-video-preview:-1\" \/>\n<link rel=\"canonical\" href=\"https:\/\/egytourpackages.com\/cs\/prohlidky\/soukromy-vylet-do-velkeho-egyptskeho-muzea-z-hurghady\/\" \/>\n<meta property=\"og:locale\" content=\"cs_CZ\" \/>\n<meta property=\"og:type\" content=\"article\" \/>\n<meta property=\"og:title\" content=\"Soukrom\u00fd v\u00fdlet do Velk\u00e9ho egyptsk\u00e9ho muzea z Hurghady\" \/>\n<meta property=\"og:description\" content=\"U\u017eijte si Soukrom\u00fd v\u00fdlet do Velk\u00e9ho egyptsk\u00e9ho muzea z Hurghady. Obdivujte poklady Tutanchamona, pyramidy v G\u00edze a Sfingu s \u010desk\u00fdm pr\u016fvodcem. Rezervujte!\" \/>\n<meta property=\"og:url\" content=\"https:\/\/egytourpackages.com\/cs\/prohlidky\/soukromy-vylet-do-velkeho-egyptskeho-muzea-z-hurghady\/\" \/>\n<meta property=\"og:site_name\" content=\"Z\u00e1jezdy po Egypt\u011b\" \/>\n<meta property=\"article:publisher\" content=\"https:\/\/www.facebook.com\/egytourpackages\" \/>\n<meta property=\"article:modified_time\" content=\"2026-02-08T12:56:50+00:00\" \/>\n<meta property=\"og:image\" content=\"https:\/\/egytourpackages.com\/wp-content\/uploads\/2025\/12\/Grand-Egyptian-Museum-Tour-from-Hurghada.jpg\" \/>\n\t<meta property=\"og:image:width\" content=\"1200\" \/>\n\t<meta property=\"og:image:height\" content=\"900\" \/>\n\t<meta property=\"og:image:type\" content=\"image\/jpeg\" \/>\n<meta name=\"twitter:card\" content=\"summary_large_image\" \/>\n<meta name=\"twitter:label1\" content=\"Cena\" \/>\n\t<meta name=\"twitter:data1\" content=\"&euro;0\" \/>\n\t<meta name=\"twitter:label2\" content=\"Dostupnost\" \/>\n\t<meta name=\"twitter:data2\" content=\"Skladem\" \/>\n<script type=\"application\/ld+json\" class=\"yoast-schema-graph\">{\"@context\":\"https:\\\/\\\/schema.org\",\"@graph\":[{\"@type\":\"WebPage\",\"@id\":\"https:\\\/\\\/egytourpackages.com\\\/cs\\\/prohlidky\\\/soukromy-vylet-do-velkeho-egyptskeho-muzea-z-hurghady\\\/\",\"url\":\"https:\\\/\\\/egytourpackages.com\\\/cs\\\/prohlidky\\\/soukromy-vylet-do-velkeho-egyptskeho-muzea-z-hurghady\\\/\",\"name\":\"Soukrom\u00fd v\u00fdlet do Velk\u00e9ho egyptsk\u00e9ho muzea z Hurghady\",\"isPartOf\":{\"@id\":\"https:\\\/\\\/egytourpackages.com\\\/cs\\\/#website\"},\"primaryImageOfPage\":{\"@id\":\"https:\\\/\\\/egytourpackages.com\\\/cs\\\/prohlidky\\\/soukromy-vylet-do-velkeho-egyptskeho-muzea-z-hurghady\\\/#primaryimage\"},\"image\":{\"@id\":\"https:\\\/\\\/egytourpackages.com\\\/cs\\\/prohlidky\\\/soukromy-vylet-do-velkeho-egyptskeho-muzea-z-hurghady\\\/#primaryimage\"},\"thumbnailUrl\":\"https:\\\/\\\/egytourpackages.com\\\/wp-content\\\/uploads\\\/2025\\\/12\\\/Grand-Egyptian-Museum-Tour-from-Hurghada.jpg\",\"datePublished\":\"2025-12-15T01:09:45+00:00\",\"dateModified\":\"2026-02-08T12:56:50+00:00\",\"description\":\"U\u017eijte si Soukrom\u00fd v\u00fdlet do Velk\u00e9ho egyptsk\u00e9ho muzea z Hurghady. Obdivujte poklady Tutanchamona, pyramidy v G\u00edze a Sfingu s \u010desk\u00fdm pr\u016fvodcem. Rezervujte!\",\"breadcrumb\":{\"@id\":\"https:\\\/\\\/egytourpackages.com\\\/cs\\\/prohlidky\\\/soukromy-vylet-do-velkeho-egyptskeho-muzea-z-hurghady\\\/#breadcrumb\"},\"inLanguage\":\"cs\",\"potentialAction\":[{\"@type\":\"ReadAction\",\"target\":[\"https:\\\/\\\/egytourpackages.com\\\/cs\\\/prohlidky\\\/soukromy-vylet-do-velkeho-egyptskeho-muzea-z-hurghady\\\/\"]}]},{\"@type\":\"ImageObject\",\"inLanguage\":\"cs\",\"@id\":\"https:\\\/\\\/egytourpackages.com\\\/cs\\\/prohlidky\\\/soukromy-vylet-do-velkeho-egyptskeho-muzea-z-hurghady\\\/#primaryimage\",\"url\":\"https:\\\/\\\/egytourpackages.com\\\/wp-content\\\/uploads\\\/2025\\\/12\\\/Grand-Egyptian-Museum-Tour-from-Hurghada.jpg\",\"contentUrl\":\"https:\\\/\\\/egytourpackages.com\\\/wp-content\\\/uploads\\\/2025\\\/12\\\/Grand-Egyptian-Museum-Tour-from-Hurghada.jpg\",\"width\":1200,\"height\":900,\"caption\":\"Soukrom\u00fd v\u00fdlet do Velk\u00e9ho egyptsk\u00e9ho muzea z Hurghady\"},{\"@type\":\"BreadcrumbList\",\"@id\":\"https:\\\/\\\/egytourpackages.com\\\/cs\\\/prohlidky\\\/soukromy-vylet-do-velkeho-egyptskeho-muzea-z-hurghady\\\/#breadcrumb\",\"itemListElement\":[{\"@type\":\"ListItem\",\"position\":1,\"name\":\"Dom\u016f\",\"item\":\"https:\\\/\\\/egytourpackages.com\\\/cs\\\/balicky-vyletu-po-egypte\\\/\"},{\"@type\":\"ListItem\",\"position\":2,\"name\":\"Shop\",\"item\":\"https:\\\/\\\/egytourpackages.com\\\/cs\\\/shop\\\/\"},{\"@type\":\"ListItem\",\"position\":3,\"name\":\"Soukrom\u00fd v\u00fdlet do Velk\u00e9ho egyptsk\u00e9ho muzea z Hurghady\"}]},{\"@type\":\"WebSite\",\"@id\":\"https:\\\/\\\/egytourpackages.com\\\/cs\\\/#website\",\"url\":\"https:\\\/\\\/egytourpackages.com\\\/cs\\\/\",\"name\":\"Egy tour packages\",\"description\":\"\",\"publisher\":{\"@id\":\"https:\\\/\\\/egytourpackages.com\\\/cs\\\/#organization\"},\"potentialAction\":[{\"@type\":\"SearchAction\",\"target\":{\"@type\":\"EntryPoint\",\"urlTemplate\":\"https:\\\/\\\/egytourpackages.com\\\/cs\\\/?s={search_term_string}\"},\"query-input\":{\"@type\":\"PropertyValueSpecification\",\"valueRequired\":true,\"valueName\":\"search_term_string\"}}],\"inLanguage\":\"cs\"},{\"@type\":[\"Organization\",\"Place\",\"TravelAgency\"],\"@id\":\"https:\\\/\\\/egytourpackages.com\\\/cs\\\/#organization\",\"name\":\"egypt tour packages\",\"alternateName\":\"egypt tour packages\",\"url\":\"https:\\\/\\\/egytourpackages.com\\\/cs\\\/\",\"logo\":{\"@id\":\"https:\\\/\\\/egytourpackages.com\\\/cs\\\/prohlidky\\\/soukromy-vylet-do-velkeho-egyptskeho-muzea-z-hurghady\\\/#local-main-organization-logo\"},\"image\":{\"@id\":\"https:\\\/\\\/egytourpackages.com\\\/cs\\\/prohlidky\\\/soukromy-vylet-do-velkeho-egyptskeho-muzea-z-hurghady\\\/#local-main-organization-logo\"},\"sameAs\":[\"https:\\\/\\\/www.facebook.com\\\/egytourpackages\"],\"legalName\":\"Egy tour packages\",\"address\":{\"@id\":\"https:\\\/\\\/egytourpackages.com\\\/cs\\\/prohlidky\\\/soukromy-vylet-do-velkeho-egyptskeho-muzea-z-hurghady\\\/#local-main-place-address\"},\"telephone\":[\"00201000852186\",\"00201028685533\"],\"contactPoint\":{\"@type\":\"ContactPoint\",\"telephone\":\"00201000852186\"},\"openingHoursSpecification\":[{\"@type\":\"OpeningHoursSpecification\",\"dayOfWeek\":[\"Monday\",\"Tuesday\",\"Wednesday\",\"Thursday\",\"Friday\",\"Saturday\",\"Sunday\"],\"opens\":\"00:00\",\"closes\":\"23:59\"}],\"email\":\"info@egytourpackages.com\",\"areaServed\":\"Cairo, Hurghada, Luxor, Sharm El Sheikh, Marsa Alam, Aswan\",\"priceRange\":\"$\",\"currenciesAccepted\":\"euro\",\"paymentAccepted\":\"Payment links online\"},{\"@type\":\"PostalAddress\",\"@id\":\"https:\\\/\\\/egytourpackages.com\\\/cs\\\/prohlidky\\\/soukromy-vylet-do-velkeho-egyptskeho-muzea-z-hurghady\\\/#local-main-place-address\",\"streetAddress\":\"Mubarak 8, Al Kawthar District, Hurghada\",\"addressLocality\":\"Hurghada\",\"postalCode\":\"84511\",\"addressRegion\":\"Red Sea\",\"addressCountry\":\"EG\"},{\"@type\":\"ImageObject\",\"inLanguage\":\"cs\",\"@id\":\"https:\\\/\\\/egytourpackages.com\\\/cs\\\/prohlidky\\\/soukromy-vylet-do-velkeho-egyptskeho-muzea-z-hurghady\\\/#local-main-organization-logo\",\"url\":\"https:\\\/\\\/egytourpackages.com\\\/wp-content\\\/uploads\\\/2025\\\/12\\\/Turquoise-Dahabiya-Nile-Cruise-1.jpeg\",\"contentUrl\":\"https:\\\/\\\/egytourpackages.com\\\/wp-content\\\/uploads\\\/2025\\\/12\\\/Turquoise-Dahabiya-Nile-Cruise-1.jpeg\",\"width\":1040,\"height\":694,\"caption\":\"egypt tour packages\"}]}<\/script>\n<meta property=\"product:brand\" content=\"Jednodenn\u00ed v\u00fdlety po Egypt\u011b\" \/>\n<meta property=\"product:price:amount\" content=\"0\" \/>\n<meta property=\"product:price:currency\" content=\"EUR\" \/>\n<meta property=\"og:availability\" content=\"instock\" \/>\n<meta property=\"product:availability\" content=\"instock\" \/>\n<meta property=\"product:retailer_item_id\" content=\"HDT25\" \/>\n<meta property=\"product:condition\" content=\"new\" \/>\n<meta name=\"geo.placename\" content=\"Hurghada\" \/>\n<meta name=\"geo.region\" content=\"Egypt\" \/>\n<!-- \/ Yoast SEO Premium plugin. -->","yoast_head_json":{"title":"Soukrom\u00fd v\u00fdlet do Velk\u00e9ho egyptsk\u00e9ho muzea z Hurghady","description":"U\u017eijte si Soukrom\u00fd v\u00fdlet do Velk\u00e9ho egyptsk\u00e9ho muzea z Hurghady. Obdivujte poklady Tutanchamona, pyramidy v G\u00edze a Sfingu s \u010desk\u00fdm pr\u016fvodcem. Rezervujte!","robots":{"index":"index","follow":"follow","max-snippet":"max-snippet:-1","max-image-preview":"max-image-preview:large","max-video-preview":"max-video-preview:-1"},"canonical":"https:\/\/egytourpackages.com\/cs\/prohlidky\/soukromy-vylet-do-velkeho-egyptskeho-muzea-z-hurghady\/","og_locale":"cs_CZ","og_type":"article","og_title":"Soukrom\u00fd v\u00fdlet do Velk\u00e9ho egyptsk\u00e9ho muzea z Hurghady","og_description":"U\u017eijte si Soukrom\u00fd v\u00fdlet do Velk\u00e9ho egyptsk\u00e9ho muzea z Hurghady. Obdivujte poklady Tutanchamona, pyramidy v G\u00edze a Sfingu s \u010desk\u00fdm pr\u016fvodcem. Rezervujte!","og_url":"https:\/\/egytourpackages.com\/cs\/prohlidky\/soukromy-vylet-do-velkeho-egyptskeho-muzea-z-hurghady\/","og_site_name":"Z\u00e1jezdy po Egypt\u011b","article_publisher":"https:\/\/www.facebook.com\/egytourpackages","article_modified_time":"2026-02-08T12:56:50+00:00","og_image":[{"width":1200,"height":900,"url":"https:\/\/egytourpackages.com\/wp-content\/uploads\/2025\/12\/Grand-Egyptian-Museum-Tour-from-Hurghada.jpg","type":"image\/jpeg"}],"twitter_card":"summary_large_image","twitter_misc":{"Cena":"&euro;0","Dostupnost":"Skladem"},"schema":{"@context":"https:\/\/schema.org","@graph":[{"@type":"WebPage","@id":"https:\/\/egytourpackages.com\/cs\/prohlidky\/soukromy-vylet-do-velkeho-egyptskeho-muzea-z-hurghady\/","url":"https:\/\/egytourpackages.com\/cs\/prohlidky\/soukromy-vylet-do-velkeho-egyptskeho-muzea-z-hurghady\/","name":"Soukrom\u00fd v\u00fdlet do Velk\u00e9ho egyptsk\u00e9ho muzea z Hurghady","isPartOf":{"@id":"https:\/\/egytourpackages.com\/cs\/#website"},"primaryImageOfPage":{"@id":"https:\/\/egytourpackages.com\/cs\/prohlidky\/soukromy-vylet-do-velkeho-egyptskeho-muzea-z-hurghady\/#primaryimage"},"image":{"@id":"https:\/\/egytourpackages.com\/cs\/prohlidky\/soukromy-vylet-do-velkeho-egyptskeho-muzea-z-hurghady\/#primaryimage"},"thumbnailUrl":"https:\/\/egytourpackages.com\/wp-content\/uploads\/2025\/12\/Grand-Egyptian-Museum-Tour-from-Hurghada.jpg","datePublished":"2025-12-15T01:09:45+00:00","dateModified":"2026-02-08T12:56:50+00:00","description":"U\u017eijte si Soukrom\u00fd v\u00fdlet do Velk\u00e9ho egyptsk\u00e9ho muzea z Hurghady. Obdivujte poklady Tutanchamona, pyramidy v G\u00edze a Sfingu s \u010desk\u00fdm pr\u016fvodcem. Rezervujte!","breadcrumb":{"@id":"https:\/\/egytourpackages.com\/cs\/prohlidky\/soukromy-vylet-do-velkeho-egyptskeho-muzea-z-hurghady\/#breadcrumb"},"inLanguage":"cs","potentialAction":[{"@type":"ReadAction","target":["https:\/\/egytourpackages.com\/cs\/prohlidky\/soukromy-vylet-do-velkeho-egyptskeho-muzea-z-hurghady\/"]}]},{"@type":"ImageObject","inLanguage":"cs","@id":"https:\/\/egytourpackages.com\/cs\/prohlidky\/soukromy-vylet-do-velkeho-egyptskeho-muzea-z-hurghady\/#primaryimage","url":"https:\/\/egytourpackages.com\/wp-content\/uploads\/2025\/12\/Grand-Egyptian-Museum-Tour-from-Hurghada.jpg","contentUrl":"https:\/\/egytourpackages.com\/wp-content\/uploads\/2025\/12\/Grand-Egyptian-Museum-Tour-from-Hurghada.jpg","width":1200,"height":900,"caption":"Soukrom\u00fd v\u00fdlet do Velk\u00e9ho egyptsk\u00e9ho muzea z Hurghady"},{"@type":"BreadcrumbList","@id":"https:\/\/egytourpackages.com\/cs\/prohlidky\/soukromy-vylet-do-velkeho-egyptskeho-muzea-z-hurghady\/#breadcrumb","itemListElement":[{"@type":"ListItem","position":1,"name":"Dom\u016f","item":"https:\/\/egytourpackages.com\/cs\/balicky-vyletu-po-egypte\/"},{"@type":"ListItem","position":2,"name":"Shop","item":"https:\/\/egytourpackages.com\/cs\/shop\/"},{"@type":"ListItem","position":3,"name":"Soukrom\u00fd v\u00fdlet do Velk\u00e9ho egyptsk\u00e9ho muzea z Hurghady"}]},{"@type":"WebSite","@id":"https:\/\/egytourpackages.com\/cs\/#website","url":"https:\/\/egytourpackages.com\/cs\/","name":"Egy tour packages","description":"","publisher":{"@id":"https:\/\/egytourpackages.com\/cs\/#organization"},"potentialAction":[{"@type":"SearchAction","target":{"@type":"EntryPoint","urlTemplate":"https:\/\/egytourpackages.com\/cs\/?s={search_term_string}"},"query-input":{"@type":"PropertyValueSpecification","valueRequired":true,"valueName":"search_term_string"}}],"inLanguage":"cs"},{"@type":["Organization","Place","TravelAgency"],"@id":"https:\/\/egytourpackages.com\/cs\/#organization","name":"egypt tour packages","alternateName":"egypt tour packages","url":"https:\/\/egytourpackages.com\/cs\/","logo":{"@id":"https:\/\/egytourpackages.com\/cs\/prohlidky\/soukromy-vylet-do-velkeho-egyptskeho-muzea-z-hurghady\/#local-main-organization-logo"},"image":{"@id":"https:\/\/egytourpackages.com\/cs\/prohlidky\/soukromy-vylet-do-velkeho-egyptskeho-muzea-z-hurghady\/#local-main-organization-logo"},"sameAs":["https:\/\/www.facebook.com\/egytourpackages"],"legalName":"Egy tour packages","address":{"@id":"https:\/\/egytourpackages.com\/cs\/prohlidky\/soukromy-vylet-do-velkeho-egyptskeho-muzea-z-hurghady\/#local-main-place-address"},"telephone":["00201000852186","00201028685533"],"contactPoint":{"@type":"ContactPoint","telephone":"00201000852186"},"openingHoursSpecification":[{"@type":"OpeningHoursSpecification","dayOfWeek":["Monday","Tuesday","Wednesday","Thursday","Friday","Saturday","Sunday"],"opens":"00:00","closes":"23:59"}],"email":"info@egytourpackages.com","areaServed":"Cairo, Hurghada, Luxor, Sharm El Sheikh, Marsa Alam, Aswan","priceRange":"$","currenciesAccepted":"euro","paymentAccepted":"Payment links online"},{"@type":"PostalAddress","@id":"https:\/\/egytourpackages.com\/cs\/prohlidky\/soukromy-vylet-do-velkeho-egyptskeho-muzea-z-hurghady\/#local-main-place-address","streetAddress":"Mubarak 8, Al Kawthar District, Hurghada","addressLocality":"Hurghada","postalCode":"84511","addressRegion":"Red Sea","addressCountry":"EG"},{"@type":"ImageObject","inLanguage":"cs","@id":"https:\/\/egytourpackages.com\/cs\/prohlidky\/soukromy-vylet-do-velkeho-egyptskeho-muzea-z-hurghady\/#local-main-organization-logo","url":"https:\/\/egytourpackages.com\/wp-content\/uploads\/2025\/12\/Turquoise-Dahabiya-Nile-Cruise-1.jpeg","contentUrl":"https:\/\/egytourpackages.com\/wp-content\/uploads\/2025\/12\/Turquoise-Dahabiya-Nile-Cruise-1.jpeg","width":1040,"height":694,"caption":"egypt tour packages"}]},"product_brand":"Jednodenn\u00ed v\u00fdlety po Egypt\u011b","product_price_currency":"EUR","og_availability":"instock","product_availability":"instock","product_retailer_item_id":"HDT25","product_condition":"new","geo.placename":"Hurghada","geo.region":"Egypt"},"_links":{"self":[{"href":"https:\/\/egytourpackages.com\/cs\/wp-json\/wp\/v2\/product\/14546","targetHints":{"allow":["GET"]}}],"collection":[{"href":"https:\/\/egytourpackages.com\/cs\/wp-json\/wp\/v2\/product"}],"about":[{"href":"https:\/\/egytourpackages.com\/cs\/wp-json\/wp\/v2\/types\/product"}],"replies":[{"embeddable":true,"href":"https:\/\/egytourpackages.com\/cs\/wp-json\/wp\/v2\/comments?post=14546"}],"wp:featuredmedia":[{"embeddable":true,"href":"https:\/\/egytourpackages.com\/cs\/wp-json\/wp\/v2\/media\/10135"}],"wp:attachment":[{"href":"https:\/\/egytourpackages.com\/cs\/wp-json\/wp\/v2\/media?parent=14546"}],"wp:term":[{"taxonomy":"product_brand","embeddable":true,"href":"https:\/\/egytourpackages.com\/cs\/wp-json\/wp\/v2\/product_brand?post=14546"},{"taxonomy":"product_cat","embeddable":true,"href":"https:\/\/egytourpackages.com\/cs\/wp-json\/wp\/v2\/product_cat?post=14546"},{"taxonomy":"product_tag","embeddable":true,"href":"https:\/\/egytourpackages.com\/cs\/wp-json\/wp\/v2\/product_tag?post=14546"}],"curies":[{"name":"wp","href":"https:\/\/api.w.org\/{rel}","templated":true}]}}