{"id":14760,"date":"2025-11-04T14:04:09","date_gmt":"2025-11-04T14:04:09","guid":{"rendered":"https:\/\/egytourpackages.com\/product\/dvoudenni-vylet-do-oazy-siwa-z-kahiry\/"},"modified":"2026-02-10T21:10:42","modified_gmt":"2026-02-10T21:10:42","slug":"dvoudenni-vylet-do-oazy-siwa-z-kahiry","status":"publish","type":"product","link":"https:\/\/egytourpackages.com\/cs\/prohlidky\/dvoudenni-vylet-do-oazy-siwa-z-kahiry\/","title":{"rendered":"Dvoudenn\u00ed v\u00fdlet do o\u00e1zy Siwa z K\u00e1hiry"},"content":{"rendered":"<p><span style=\"color: #ff6600;\"><strong>Dvoudenn\u00ed v\u00fdlet do o\u00e1zy Siwa z K\u00e1hiry: Ultim\u00e1tn\u00ed dobrodru\u017estv\u00ed v pou\u0161ti<\/strong><\/span><\/p>\n<p>Vydejte se na jedine\u010dn\u00fd <strong>dvoudenn\u00ed v\u00fdlet do o\u00e1zy Siwa z K\u00e1hiry<\/strong>, transformativn\u00ed dobrodru\u017estv\u00ed do <strong>Z\u00e1padn\u00ed pou\u0161t\u011b Egypta<\/strong>. Tato intenzivn\u00ed cesta je navr\u017eena tak, aby v\u00e1s pohltila odlehlou kr\u00e1sou a hlubokou histori\u00ed <strong>o\u00e1zy Siwa<\/strong>, kter\u00e1 je \u010dasto naz\u00fdv\u00e1na klenotem Sahary.<\/p>\n<p>Expedice za\u010d\u00edn\u00e1 pohodln\u00fdm no\u010dn\u00edm transferem, kter\u00fd zajist\u00ed, \u017ee doraz\u00edte odpo\u010dat\u00ed a p\u0159ipraveni na objevov\u00e1n\u00ed. Va\u0161\u00ed prvn\u00ed zast\u00e1vkou je legend\u00e1rn\u00ed <strong>chr\u00e1m v\u011b\u0161t\u00edrny boha Amona<\/strong>, m\u00edsto nesm\u00edrn\u00e9ho historick\u00e9ho v\u00fdznamu, kde kdysi i Alexandr Velik\u00fd hledal bo\u017esk\u00e9 potvrzen\u00ed.<\/p>\n<p>N\u00e1sledn\u011b za\u017eijete neskute\u010dn\u00e9, l\u00e9\u010div\u00e9 vody <strong>slan\u00fdch jezer v Siw\u011b<\/strong>, ve kter\u00fdch se budete vzn\u00e1\u0161et, n\u00e1sledovan\u00e9 osv\u011b\u017euj\u00edc\u00ed koupel\u00ed ve slavn\u00e9m prameni <strong>Kleopat\u0159iny l\u00e1zn\u011b<\/strong>.<\/p>\n<p>Odpoledne graduje vzru\u0161uj\u00edc\u00edm safari v <strong>Velk\u00e9m p\u00edse\u010dn\u00e9m mo\u0159i (Great Sand Sea)<\/strong>, kter\u00e9 zahrnuje adrenalinov\u00fd <strong>sandboarding<\/strong> na ob\u0159\u00edch dun\u00e1ch a hloubkov\u00fd pr\u016fzkum pou\u0161t\u011b, zakon\u010den\u00fd relaxac\u00ed u p\u0159\u00edrodn\u00edch <strong>hork\u00fdch a studen\u00fdch pramen\u016f Bir Waheed<\/strong>.<\/p>\n<p>Ve\u010der str\u00e1v\u00edte v autentick\u00e9m luxusu v proslul\u00e9m <strong>Ghaliet Eco-lodge Siwa<\/strong>. Druh\u00fd den uzav\u0159ete sv\u00e9 pou\u0161tn\u00ed dobrodru\u017estv\u00ed prohl\u00eddkou ikonick\u00fdch ruin <strong>pevnosti Shali<\/strong> z nep\u00e1len\u00fdch cihel a n\u00e1slednou sc\u00e9nickou j\u00edzdou zp\u011bt pod\u00e9l pob\u0159e\u017e\u00ed p\u0159es <strong>Marsa Matrouh<\/strong>.<\/p>\n<p>Tento itiner\u00e1\u0159 je ide\u00e1ln\u00ed pro cestovatele, kte\u0159\u00ed hledaj\u00ed bezkonkuren\u010dn\u00ed kulturn\u00ed z\u00e1\u017eitek a po\u0159\u00e1dnou d\u00e1vku pou\u0161tn\u00edho adrenalinu.<\/p>\n<h3><span style=\"color: #ff6600;\">Detaily<\/span><\/h3>\n<ul>\n<li>Doba trv\u00e1n\u00ed: 2 dny \/ 1 noc (v\u00fdlet z K\u00e1hiry)<\/li>\n<li>Typ z\u00e1jezdu: Soukrom\u00fd<\/li>\n<li>Dostupnost: Ka\u017ed\u00fd den<\/li>\n<li>Velikost skupiny: 1 a\u017e 8 osob<\/li>\n<li>Jazyky: \u010ce\u0161tina<\/li>\n<li>Pl\u00e1nov\u00e1n\u00ed: Rezervace online<\/li>\n<li>Vyzvednut\u00ed a odvoz: Hotely v K\u00e1hi\u0159e<\/li>\n<\/ul>\n<h3><span style=\"color: #ff6600;\">Hlavn\u00ed body programu<\/span><\/h3>\n<ul>\n<li>Slan\u00e9 jezero<\/li>\n<li>Kleopat\u0159iny l\u00e1zn\u011b<\/li>\n<li>Hora mrtv\u00fdch<\/li>\n<li>Hora Dakror<\/li>\n<li>Chr\u00e1m v\u011b\u0161t\u00edrny<\/li>\n<li>Velk\u00e9 p\u00edse\u010dn\u00e9 mo\u0159e<\/li>\n<li>Hork\u00fd pramen Bir Wahed<\/li>\n<li>Pevnost Shali<\/li>\n<\/ul>\n<h3><span style=\"color: #ff6600;\">V cen\u011b je zahrnuto<\/span><\/h3>\n<ul>\n<li>Zp\u00e1te\u010dn\u00ed transfer modern\u00edmi klimatizovan\u00fdmi vozy z K\u00e1hiry do Siwy a zp\u011bt.<\/li>\n<li>Odborn\u00fd pr\u016fvodce mluv\u00edc\u00ed \u010desky.<\/li>\n<li>Ubytov\u00e1n\u00ed na 1 noc v hotelu s polopenz\u00ed.<\/li>\n<li>Ob\u011bd v lok\u00e1ln\u00ed restauraci.<\/li>\n<li>Voda a drobn\u00e9 ob\u010derstven\u00ed.<\/li>\n<li>Vstupn\u00e9 do v\u0161ech objekt\u016f v programu.<\/li>\n<li>Dan\u011b a servisn\u00ed poplatky.<\/li>\n<\/ul>\n<h3><span style=\"color: #ff6600;\">V cen\u011b nen\u00ed zahrnuto<\/span><\/h3>\n<ul>\n<li>Osobn\u00ed v\u00fddaje.<\/li>\n<li>Alkoholick\u00e9 n\u00e1poje.<\/li>\n<li>Spropitn\u00e9.<\/li>\n<\/ul>\n<h3><span style=\"color: #ff6600;\">Co si vz\u00edt s sebou?<\/span><\/h3>\n<ul>\n<li>Cestovn\u00ed pasy.<\/li>\n<li>Klobouk, \u0161\u00e1tek.<\/li>\n<li>Slune\u010dn\u00ed br\u00fdle a opalovac\u00ed kr\u00e9m.<\/li>\n<li>Plavky.<\/li>\n<li>V zim\u011b tepl\u00e9 oble\u010den\u00ed.<\/li>\n<\/ul>\n<h2><span style=\"color: #993366;\"><em>Itiner\u00e1\u0159<\/em><\/span><\/h2>\n<h3><span style=\"color: #ff6600;\">Den 1: Z K\u00e1hiry do o\u00e1zy Siwa \u2014 Objevov\u00e1n\u00ed pou\u0161t\u011b<\/span><\/h3>\n<p>N\u00e1\u0161 intenzivn\u00ed <strong>v\u00fdlet do o\u00e1zy Siwa z K\u00e1hiry<\/strong> za\u010d\u00edn\u00e1 brzk\u00fdm odjezdem z va\u0161eho hotelu kolem 01:00 r\u00e1no. Hotel v\u00e1m na cestu p\u0159iprav\u00ed sn\u00edda\u0148ov\u00e9 bal\u00ed\u010dky.<\/p>\n<p>Po p\u0159\u00edjezdu okam\u017eit\u011b zah\u00e1j\u00edme historick\u00e9 objevov\u00e1n\u00ed n\u00e1v\u0161t\u011bvou starov\u011bk\u00e9ho <strong>chr\u00e1mu v\u011b\u0161t\u00edrny<\/strong> (Amon\u016fv chr\u00e1m) a pot\u00e9 se p\u0159esuneme k unik\u00e1tn\u00edmu l\u00e9\u010div\u00e9mu vzn\u00e1\u0161en\u00ed v \u00fachvatn\u00fdch <strong>slan\u00fdch jezerech v Siw\u011b<\/strong>.<\/p>\n<p>Pot\u00e9 si odpo\u010dineme a zaplaveme v legend\u00e1rn\u00edch vod\u00e1ch <strong>Kleopat\u0159in\u00fdch l\u00e1zn\u00ed<\/strong>, ne\u017e zam\u00ed\u0159\u00edme na ob\u011bd do m\u00edstn\u00ed restaurace. Po ob\u011bd\u011b n\u00e1sleduje vzru\u0161uj\u00edc\u00ed safari v <strong>Velk\u00e9m p\u00edse\u010dn\u00e9m mo\u0159i<\/strong>, kde prozkoum\u00e1te \u0161irou pou\u0161\u0165 a u\u017eijete si adrenalinov\u00fd <strong>sandboarding<\/strong> na vysok\u00fdch dun\u00e1ch.<\/p>\n<p>N\u00e1sledn\u011b nav\u0161t\u00edv\u00edme p\u0159\u00edrodn\u00ed prameny <strong>Bir Waheed<\/strong> pro hloubkovou relaxaci a vychutn\u00e1me si autentick\u00fd <strong>bedu\u00ednsk\u00fd \u010daj<\/strong> p\u0159i z\u00e1padu slunce nad Saharou. Den zakon\u010d\u00edme ve\u010de\u0159\u00ed a noclehem v proslul\u00e9m <strong>Ghaliet Eco-lodge<\/strong>, \u010d\u00edm\u017e zavr\u0161\u00edme den pln\u00fd dobrodru\u017estv\u00ed a kultury.<\/p>\n<p><strong>Strava:<\/strong> Sn\u00eddan\u011b, Ob\u011bd, Ve\u010de\u0159e<\/p>\n<h3><span style=\"color: #ff6600;\">Den 2: Historie Siwy a n\u00e1vrat do K\u00e1hiry<\/span><\/h3>\n<p>Den za\u010dnete vydatnou sn\u00eddan\u00ed v eko-lodge, po kter\u00e9 n\u00e1sleduje prohl\u00eddka ikonick\u00fdch historick\u00fdch ruin <strong>pevnosti Shali<\/strong>, kter\u00e1 shl\u00ed\u017e\u00ed na celou o\u00e1zu.<\/p>\n<p>Pot\u00e9, co nasajete historii m\u011bsta z nep\u00e1len\u00fdch cihel, okam\u017eit\u011b zah\u00e1j\u00edme dlouhou a sc\u00e9nickou cestu zp\u011bt do K\u00e1hiry. Zp\u00e1te\u010dn\u00ed trasa vede p\u0159es n\u00e1dhern\u00e9 pob\u0159e\u017en\u00ed m\u011bsto <strong>Marsa Matrouh<\/strong>, kde je napl\u00e1nov\u00e1na d\u016fle\u017eit\u00e1 zast\u00e1vka na ob\u011bd. Nakonec se na\u0161e <strong>v\u00fdprava do Z\u00e1padn\u00ed pou\u0161t\u011b Egypta<\/strong> uzav\u0159e p\u0159\u00edjezdem k va\u0161emu hotelu v K\u00e1hi\u0159e.<\/p>\n<p><strong>Strava:<\/strong> Sn\u00eddan\u011b, Ob\u011bd<\/p>\n<h3><span style=\"color: #ff6600;\">Cena dvoudenn\u00edho v\u00fdletu do o\u00e1zy Siwa z K\u00e1hiry<\/span><\/h3>\n<ul>\n<li>Cena pro dosp\u011bl\u00e9ho = 400 \u20ac<\/li>\n<li>D\u011bti 0\u20135 let = zdarma<\/li>\n<li>D\u011bti 5\u201311 let = 50 % z ceny dosp\u011bl\u00e9ho<\/li>\n<\/ul>\n<h3><span style=\"color: #ff6600;\">Rezervace<\/span><\/h3>\n<p>Sv\u00e9 m\u00edsto si m\u016f\u017eete rezervovat p\u0159es WhatsApp nebo e-mailem, potvrzen\u00ed obdr\u017e\u00edte obratem.<\/p>\n<p>Za\u0161lete n\u00e1m pros\u00edm n\u00e1zev va\u0161eho hotelu, \u010d\u00edslo pokoje a kopie pas\u016f.<\/p>\n<p>WhatsApp: +201000852186<\/p>\n<p>info@egytourpackages.com<\/p>\n<h3><span style=\"color: #ff6600;\">Rezervujte nyn\u00ed, pla\u0165te na m\u00edst\u011b<\/span><\/h3>\n<p>Rezervujte si sv\u016fj obl\u00edben\u00fd v\u00fdlet a zapla\u0165te a\u017e v den jeho kon\u00e1n\u00ed.<\/p>\n<h3><span style=\"color: #ff6600;\">Platba<\/span><\/h3>\n<p>Platit m\u016f\u017eete v egyptsk\u00fdch libr\u00e1ch, $, \u20ac nebo \u00a3.<\/p>\n<h3><span style=\"color: #ff6600;\">Storno podm\u00ednky<\/span><\/h3>\n<ul>\n<li>Zru\u0161en\u00ed zdarma a\u017e 24 hodin p\u0159edem.<\/li>\n<li>P\u0159i zru\u0161en\u00ed v den v\u00fdletu r\u00e1no \u010din\u00ed poplatek 50 % z ceny.<\/li>\n<\/ul>\n","protected":false},"excerpt":{"rendered":"<p>Dvoudenn\u00ed v\u00fdlet do o\u00e1zy Siwa z K\u00e1hiry: Objevte Amon\u016fv chr\u00e1m, Kleopat\u0159iny l\u00e1zn\u011b a kouzlo pou\u0161t\u011b. U\u017eijte si nezapomenuteln\u00e9 dobrodru\u017estv\u00ed s profesion\u00e1ly.<\/p>\n","protected":false},"featured_media":9059,"comment_status":"closed","ping_status":"closed","template":"","meta":[],"product_brand":[],"product_cat":[1466],"product_tag":[2373,1470,3799],"class_list":{"0":"post-14760","1":"product","2":"type-product","3":"status-publish","4":"has-post-thumbnail","6":"product_cat-vylety","7":"product_tag-jednodenni-vylety-kahira","8":"product_tag-jednodenni-vylety-po-egypte","9":"product_tag-oaza-siwa-2","10":"tour_category-jednodenni-vylet-do-kahiry","11":"tour_category-jednodenni-vylety-po-egypte-cs","12":"tour_category-vylety-z-kahiry-do-oazy-siwa","14":"first","15":"instock","16":"sale","17":"shipping-taxable","18":"purchasable","19":"product-type-tour","20":"has-default-attributes"},"yoast_head":"<!-- This site is optimized with the Yoast SEO Premium plugin v27.4 (Yoast SEO v27.4) - https:\/\/yoast.com\/product\/yoast-seo-premium-wordpress\/ -->\n<title>Dvoudenn\u00ed v\u00fdlet do o\u00e1zy Siwa z K\u00e1hiry<\/title>\n<meta name=\"description\" content=\"Dvoudenn\u00ed v\u00fdlet do o\u00e1zy Siwa z K\u00e1hiry: Objevte Amon\u016fv chr\u00e1m, Kleopat\u0159iny l\u00e1zn\u011b a kouzlo pou\u0161t\u011b. U\u017eijte si nezapomenuteln\u00e9 dobrodru\u017estv\u00ed s profesion\u00e1ly.\" \/>\n<meta name=\"robots\" content=\"index, follow, max-snippet:-1, max-image-preview:large, max-video-preview:-1\" \/>\n<link rel=\"canonical\" href=\"https:\/\/egytourpackages.com\/cs\/prohlidky\/dvoudenni-vylet-do-oazy-siwa-z-kahiry\/\" \/>\n<meta property=\"og:locale\" content=\"cs_CZ\" \/>\n<meta property=\"og:type\" content=\"article\" \/>\n<meta property=\"og:title\" content=\"Dvoudenn\u00ed v\u00fdlet do o\u00e1zy Siwa z K\u00e1hiry\" \/>\n<meta property=\"og:description\" content=\"Dvoudenn\u00ed v\u00fdlet do o\u00e1zy Siwa z K\u00e1hiry: Objevte Amon\u016fv chr\u00e1m, Kleopat\u0159iny l\u00e1zn\u011b a kouzlo pou\u0161t\u011b. U\u017eijte si nezapomenuteln\u00e9 dobrodru\u017estv\u00ed s profesion\u00e1ly.\" \/>\n<meta property=\"og:url\" content=\"https:\/\/egytourpackages.com\/cs\/prohlidky\/dvoudenni-vylet-do-oazy-siwa-z-kahiry\/\" \/>\n<meta property=\"og:site_name\" content=\"Z\u00e1jezdy po Egypt\u011b\" \/>\n<meta property=\"article:publisher\" content=\"https:\/\/www.facebook.com\/egytourpackages\" \/>\n<meta property=\"article:modified_time\" content=\"2026-02-10T21:10:42+00:00\" \/>\n<meta property=\"og:image\" content=\"https:\/\/egytourpackages.com\/wp-content\/uploads\/2025\/11\/CleopatraSpring.jpg\" \/>\n\t<meta property=\"og:image:width\" content=\"1500\" \/>\n\t<meta property=\"og:image:height\" content=\"1125\" \/>\n\t<meta property=\"og:image:type\" content=\"image\/jpeg\" \/>\n<meta name=\"twitter:card\" content=\"summary_large_image\" \/>\n<meta name=\"twitter:title\" content=\"Dvoudenn\u00ed v\u00fdlet do o\u00e1zy Siwa z K\u00e1hiry\" \/>\n<meta name=\"twitter:label1\" content=\"Cena\" \/>\n\t<meta name=\"twitter:data1\" content=\"&euro;400\" \/>\n\t<meta name=\"twitter:label2\" content=\"Dostupnost\" \/>\n\t<meta name=\"twitter:data2\" content=\"Skladem\" \/>\n<script type=\"application\/ld+json\" class=\"yoast-schema-graph\">{\"@context\":\"https:\\\/\\\/schema.org\",\"@graph\":[{\"@type\":\"WebPage\",\"@id\":\"https:\\\/\\\/egytourpackages.com\\\/cs\\\/prohlidky\\\/dvoudenni-vylet-do-oazy-siwa-z-kahiry\\\/\",\"url\":\"https:\\\/\\\/egytourpackages.com\\\/cs\\\/prohlidky\\\/dvoudenni-vylet-do-oazy-siwa-z-kahiry\\\/\",\"name\":\"Dvoudenn\u00ed v\u00fdlet do o\u00e1zy Siwa z K\u00e1hiry\",\"isPartOf\":{\"@id\":\"https:\\\/\\\/egytourpackages.com\\\/cs\\\/#website\"},\"primaryImageOfPage\":{\"@id\":\"https:\\\/\\\/egytourpackages.com\\\/cs\\\/prohlidky\\\/dvoudenni-vylet-do-oazy-siwa-z-kahiry\\\/#primaryimage\"},\"image\":{\"@id\":\"https:\\\/\\\/egytourpackages.com\\\/cs\\\/prohlidky\\\/dvoudenni-vylet-do-oazy-siwa-z-kahiry\\\/#primaryimage\"},\"thumbnailUrl\":\"https:\\\/\\\/egytourpackages.com\\\/wp-content\\\/uploads\\\/2025\\\/11\\\/CleopatraSpring.jpg\",\"datePublished\":\"2025-11-04T14:04:09+00:00\",\"dateModified\":\"2026-02-10T21:10:42+00:00\",\"description\":\"Dvoudenn\u00ed v\u00fdlet do o\u00e1zy Siwa z K\u00e1hiry: Objevte Amon\u016fv chr\u00e1m, Kleopat\u0159iny l\u00e1zn\u011b a kouzlo pou\u0161t\u011b. U\u017eijte si nezapomenuteln\u00e9 dobrodru\u017estv\u00ed s profesion\u00e1ly.\",\"breadcrumb\":{\"@id\":\"https:\\\/\\\/egytourpackages.com\\\/cs\\\/prohlidky\\\/dvoudenni-vylet-do-oazy-siwa-z-kahiry\\\/#breadcrumb\"},\"inLanguage\":\"cs\",\"potentialAction\":[{\"@type\":\"ReadAction\",\"target\":[\"https:\\\/\\\/egytourpackages.com\\\/cs\\\/prohlidky\\\/dvoudenni-vylet-do-oazy-siwa-z-kahiry\\\/\"]}]},{\"@type\":\"ImageObject\",\"inLanguage\":\"cs\",\"@id\":\"https:\\\/\\\/egytourpackages.com\\\/cs\\\/prohlidky\\\/dvoudenni-vylet-do-oazy-siwa-z-kahiry\\\/#primaryimage\",\"url\":\"https:\\\/\\\/egytourpackages.com\\\/wp-content\\\/uploads\\\/2025\\\/11\\\/CleopatraSpring.jpg\",\"contentUrl\":\"https:\\\/\\\/egytourpackages.com\\\/wp-content\\\/uploads\\\/2025\\\/11\\\/CleopatraSpring.jpg\",\"width\":1500,\"height\":1125,\"caption\":\"Dvoudenn\u00ed v\u00fdlet do o\u00e1zy Siwa z K\u00e1hiry\"},{\"@type\":\"BreadcrumbList\",\"@id\":\"https:\\\/\\\/egytourpackages.com\\\/cs\\\/prohlidky\\\/dvoudenni-vylet-do-oazy-siwa-z-kahiry\\\/#breadcrumb\",\"itemListElement\":[{\"@type\":\"ListItem\",\"position\":1,\"name\":\"Dom\u016f\",\"item\":\"https:\\\/\\\/egytourpackages.com\\\/cs\\\/balicky-vyletu-po-egypte\\\/\"},{\"@type\":\"ListItem\",\"position\":2,\"name\":\"Shop\",\"item\":\"https:\\\/\\\/egytourpackages.com\\\/cs\\\/shop\\\/\"},{\"@type\":\"ListItem\",\"position\":3,\"name\":\"Dvoudenn\u00ed v\u00fdlet do o\u00e1zy Siwa z K\u00e1hiry\"}]},{\"@type\":\"WebSite\",\"@id\":\"https:\\\/\\\/egytourpackages.com\\\/cs\\\/#website\",\"url\":\"https:\\\/\\\/egytourpackages.com\\\/cs\\\/\",\"name\":\"Egy tour packages\",\"description\":\"\",\"publisher\":{\"@id\":\"https:\\\/\\\/egytourpackages.com\\\/cs\\\/#organization\"},\"potentialAction\":[{\"@type\":\"SearchAction\",\"target\":{\"@type\":\"EntryPoint\",\"urlTemplate\":\"https:\\\/\\\/egytourpackages.com\\\/cs\\\/?s={search_term_string}\"},\"query-input\":{\"@type\":\"PropertyValueSpecification\",\"valueRequired\":true,\"valueName\":\"search_term_string\"}}],\"inLanguage\":\"cs\"},{\"@type\":[\"Organization\",\"Place\",\"TravelAgency\"],\"@id\":\"https:\\\/\\\/egytourpackages.com\\\/cs\\\/#organization\",\"name\":\"egypt tour packages\",\"alternateName\":\"egypt tour packages\",\"url\":\"https:\\\/\\\/egytourpackages.com\\\/cs\\\/\",\"logo\":{\"@id\":\"https:\\\/\\\/egytourpackages.com\\\/cs\\\/prohlidky\\\/dvoudenni-vylet-do-oazy-siwa-z-kahiry\\\/#local-main-organization-logo\"},\"image\":{\"@id\":\"https:\\\/\\\/egytourpackages.com\\\/cs\\\/prohlidky\\\/dvoudenni-vylet-do-oazy-siwa-z-kahiry\\\/#local-main-organization-logo\"},\"sameAs\":[\"https:\\\/\\\/www.facebook.com\\\/egytourpackages\"],\"legalName\":\"Egy tour packages\",\"address\":{\"@id\":\"https:\\\/\\\/egytourpackages.com\\\/cs\\\/prohlidky\\\/dvoudenni-vylet-do-oazy-siwa-z-kahiry\\\/#local-main-place-address\"},\"telephone\":[\"00201000852186\",\"00201028685533\"],\"contactPoint\":{\"@type\":\"ContactPoint\",\"telephone\":\"00201000852186\"},\"openingHoursSpecification\":[{\"@type\":\"OpeningHoursSpecification\",\"dayOfWeek\":[\"Monday\",\"Tuesday\",\"Wednesday\",\"Thursday\",\"Friday\",\"Saturday\",\"Sunday\"],\"opens\":\"00:00\",\"closes\":\"23:59\"}],\"email\":\"info@egytourpackages.com\",\"areaServed\":\"Cairo, Hurghada, Luxor, Sharm El Sheikh, Marsa Alam, Aswan\",\"priceRange\":\"$\",\"currenciesAccepted\":\"euro\",\"paymentAccepted\":\"Payment links online\"},{\"@type\":\"PostalAddress\",\"@id\":\"https:\\\/\\\/egytourpackages.com\\\/cs\\\/prohlidky\\\/dvoudenni-vylet-do-oazy-siwa-z-kahiry\\\/#local-main-place-address\",\"streetAddress\":\"Mubarak 8, Al Kawthar District, Hurghada\",\"addressLocality\":\"Hurghada\",\"postalCode\":\"84511\",\"addressRegion\":\"Red Sea\",\"addressCountry\":\"EG\"},{\"@type\":\"ImageObject\",\"inLanguage\":\"cs\",\"@id\":\"https:\\\/\\\/egytourpackages.com\\\/cs\\\/prohlidky\\\/dvoudenni-vylet-do-oazy-siwa-z-kahiry\\\/#local-main-organization-logo\",\"url\":\"https:\\\/\\\/egytourpackages.com\\\/wp-content\\\/uploads\\\/2025\\\/12\\\/Turquoise-Dahabiya-Nile-Cruise-1.jpeg\",\"contentUrl\":\"https:\\\/\\\/egytourpackages.com\\\/wp-content\\\/uploads\\\/2025\\\/12\\\/Turquoise-Dahabiya-Nile-Cruise-1.jpeg\",\"width\":1040,\"height\":694,\"caption\":\"egypt tour packages\"}]}<\/script>\n<meta property=\"product:brand\" content=\"Jednodenn\u00ed v\u00fdlet do K\u00e1hiry\" \/>\n<meta property=\"product:price:amount\" content=\"400\" \/>\n<meta property=\"product:price:currency\" content=\"EUR\" \/>\n<meta property=\"og:availability\" content=\"instock\" \/>\n<meta property=\"product:availability\" content=\"instock\" \/>\n<meta property=\"product:retailer_item_id\" content=\"CDT09\" \/>\n<meta property=\"product:condition\" content=\"new\" \/>\n<meta name=\"geo.placename\" content=\"Hurghada\" \/>\n<meta name=\"geo.region\" content=\"Egypt\" \/>\n<!-- \/ Yoast SEO Premium plugin. -->","yoast_head_json":{"title":"Dvoudenn\u00ed v\u00fdlet do o\u00e1zy Siwa z K\u00e1hiry","description":"Dvoudenn\u00ed v\u00fdlet do o\u00e1zy Siwa z K\u00e1hiry: Objevte Amon\u016fv chr\u00e1m, Kleopat\u0159iny l\u00e1zn\u011b a kouzlo pou\u0161t\u011b. U\u017eijte si nezapomenuteln\u00e9 dobrodru\u017estv\u00ed s profesion\u00e1ly.","robots":{"index":"index","follow":"follow","max-snippet":"max-snippet:-1","max-image-preview":"max-image-preview:large","max-video-preview":"max-video-preview:-1"},"canonical":"https:\/\/egytourpackages.com\/cs\/prohlidky\/dvoudenni-vylet-do-oazy-siwa-z-kahiry\/","og_locale":"cs_CZ","og_type":"article","og_title":"Dvoudenn\u00ed v\u00fdlet do o\u00e1zy Siwa z K\u00e1hiry","og_description":"Dvoudenn\u00ed v\u00fdlet do o\u00e1zy Siwa z K\u00e1hiry: Objevte Amon\u016fv chr\u00e1m, Kleopat\u0159iny l\u00e1zn\u011b a kouzlo pou\u0161t\u011b. U\u017eijte si nezapomenuteln\u00e9 dobrodru\u017estv\u00ed s profesion\u00e1ly.","og_url":"https:\/\/egytourpackages.com\/cs\/prohlidky\/dvoudenni-vylet-do-oazy-siwa-z-kahiry\/","og_site_name":"Z\u00e1jezdy po Egypt\u011b","article_publisher":"https:\/\/www.facebook.com\/egytourpackages","article_modified_time":"2026-02-10T21:10:42+00:00","og_image":[{"width":1500,"height":1125,"url":"https:\/\/egytourpackages.com\/wp-content\/uploads\/2025\/11\/CleopatraSpring.jpg","type":"image\/jpeg"}],"twitter_card":"summary_large_image","twitter_title":"Dvoudenn\u00ed v\u00fdlet do o\u00e1zy Siwa z K\u00e1hiry","twitter_misc":{"Cena":"&euro;400","Dostupnost":"Skladem"},"schema":{"@context":"https:\/\/schema.org","@graph":[{"@type":"WebPage","@id":"https:\/\/egytourpackages.com\/cs\/prohlidky\/dvoudenni-vylet-do-oazy-siwa-z-kahiry\/","url":"https:\/\/egytourpackages.com\/cs\/prohlidky\/dvoudenni-vylet-do-oazy-siwa-z-kahiry\/","name":"Dvoudenn\u00ed v\u00fdlet do o\u00e1zy Siwa z K\u00e1hiry","isPartOf":{"@id":"https:\/\/egytourpackages.com\/cs\/#website"},"primaryImageOfPage":{"@id":"https:\/\/egytourpackages.com\/cs\/prohlidky\/dvoudenni-vylet-do-oazy-siwa-z-kahiry\/#primaryimage"},"image":{"@id":"https:\/\/egytourpackages.com\/cs\/prohlidky\/dvoudenni-vylet-do-oazy-siwa-z-kahiry\/#primaryimage"},"thumbnailUrl":"https:\/\/egytourpackages.com\/wp-content\/uploads\/2025\/11\/CleopatraSpring.jpg","datePublished":"2025-11-04T14:04:09+00:00","dateModified":"2026-02-10T21:10:42+00:00","description":"Dvoudenn\u00ed v\u00fdlet do o\u00e1zy Siwa z K\u00e1hiry: Objevte Amon\u016fv chr\u00e1m, Kleopat\u0159iny l\u00e1zn\u011b a kouzlo pou\u0161t\u011b. U\u017eijte si nezapomenuteln\u00e9 dobrodru\u017estv\u00ed s profesion\u00e1ly.","breadcrumb":{"@id":"https:\/\/egytourpackages.com\/cs\/prohlidky\/dvoudenni-vylet-do-oazy-siwa-z-kahiry\/#breadcrumb"},"inLanguage":"cs","potentialAction":[{"@type":"ReadAction","target":["https:\/\/egytourpackages.com\/cs\/prohlidky\/dvoudenni-vylet-do-oazy-siwa-z-kahiry\/"]}]},{"@type":"ImageObject","inLanguage":"cs","@id":"https:\/\/egytourpackages.com\/cs\/prohlidky\/dvoudenni-vylet-do-oazy-siwa-z-kahiry\/#primaryimage","url":"https:\/\/egytourpackages.com\/wp-content\/uploads\/2025\/11\/CleopatraSpring.jpg","contentUrl":"https:\/\/egytourpackages.com\/wp-content\/uploads\/2025\/11\/CleopatraSpring.jpg","width":1500,"height":1125,"caption":"Dvoudenn\u00ed v\u00fdlet do o\u00e1zy Siwa z K\u00e1hiry"},{"@type":"BreadcrumbList","@id":"https:\/\/egytourpackages.com\/cs\/prohlidky\/dvoudenni-vylet-do-oazy-siwa-z-kahiry\/#breadcrumb","itemListElement":[{"@type":"ListItem","position":1,"name":"Dom\u016f","item":"https:\/\/egytourpackages.com\/cs\/balicky-vyletu-po-egypte\/"},{"@type":"ListItem","position":2,"name":"Shop","item":"https:\/\/egytourpackages.com\/cs\/shop\/"},{"@type":"ListItem","position":3,"name":"Dvoudenn\u00ed v\u00fdlet do o\u00e1zy Siwa z K\u00e1hiry"}]},{"@type":"WebSite","@id":"https:\/\/egytourpackages.com\/cs\/#website","url":"https:\/\/egytourpackages.com\/cs\/","name":"Egy tour packages","description":"","publisher":{"@id":"https:\/\/egytourpackages.com\/cs\/#organization"},"potentialAction":[{"@type":"SearchAction","target":{"@type":"EntryPoint","urlTemplate":"https:\/\/egytourpackages.com\/cs\/?s={search_term_string}"},"query-input":{"@type":"PropertyValueSpecification","valueRequired":true,"valueName":"search_term_string"}}],"inLanguage":"cs"},{"@type":["Organization","Place","TravelAgency"],"@id":"https:\/\/egytourpackages.com\/cs\/#organization","name":"egypt tour packages","alternateName":"egypt tour packages","url":"https:\/\/egytourpackages.com\/cs\/","logo":{"@id":"https:\/\/egytourpackages.com\/cs\/prohlidky\/dvoudenni-vylet-do-oazy-siwa-z-kahiry\/#local-main-organization-logo"},"image":{"@id":"https:\/\/egytourpackages.com\/cs\/prohlidky\/dvoudenni-vylet-do-oazy-siwa-z-kahiry\/#local-main-organization-logo"},"sameAs":["https:\/\/www.facebook.com\/egytourpackages"],"legalName":"Egy tour packages","address":{"@id":"https:\/\/egytourpackages.com\/cs\/prohlidky\/dvoudenni-vylet-do-oazy-siwa-z-kahiry\/#local-main-place-address"},"telephone":["00201000852186","00201028685533"],"contactPoint":{"@type":"ContactPoint","telephone":"00201000852186"},"openingHoursSpecification":[{"@type":"OpeningHoursSpecification","dayOfWeek":["Monday","Tuesday","Wednesday","Thursday","Friday","Saturday","Sunday"],"opens":"00:00","closes":"23:59"}],"email":"info@egytourpackages.com","areaServed":"Cairo, Hurghada, Luxor, Sharm El Sheikh, Marsa Alam, Aswan","priceRange":"$","currenciesAccepted":"euro","paymentAccepted":"Payment links online"},{"@type":"PostalAddress","@id":"https:\/\/egytourpackages.com\/cs\/prohlidky\/dvoudenni-vylet-do-oazy-siwa-z-kahiry\/#local-main-place-address","streetAddress":"Mubarak 8, Al Kawthar District, Hurghada","addressLocality":"Hurghada","postalCode":"84511","addressRegion":"Red Sea","addressCountry":"EG"},{"@type":"ImageObject","inLanguage":"cs","@id":"https:\/\/egytourpackages.com\/cs\/prohlidky\/dvoudenni-vylet-do-oazy-siwa-z-kahiry\/#local-main-organization-logo","url":"https:\/\/egytourpackages.com\/wp-content\/uploads\/2025\/12\/Turquoise-Dahabiya-Nile-Cruise-1.jpeg","contentUrl":"https:\/\/egytourpackages.com\/wp-content\/uploads\/2025\/12\/Turquoise-Dahabiya-Nile-Cruise-1.jpeg","width":1040,"height":694,"caption":"egypt tour packages"}]},"product_brand":"Jednodenn\u00ed v\u00fdlet do K\u00e1hiry","product_price_amount":"400","product_price_currency":"EUR","og_availability":"instock","product_availability":"instock","product_retailer_item_id":"CDT09","product_condition":"new","geo.placename":"Hurghada","geo.region":"Egypt"},"_links":{"self":[{"href":"https:\/\/egytourpackages.com\/cs\/wp-json\/wp\/v2\/product\/14760","targetHints":{"allow":["GET"]}}],"collection":[{"href":"https:\/\/egytourpackages.com\/cs\/wp-json\/wp\/v2\/product"}],"about":[{"href":"https:\/\/egytourpackages.com\/cs\/wp-json\/wp\/v2\/types\/product"}],"replies":[{"embeddable":true,"href":"https:\/\/egytourpackages.com\/cs\/wp-json\/wp\/v2\/comments?post=14760"}],"wp:featuredmedia":[{"embeddable":true,"href":"https:\/\/egytourpackages.com\/cs\/wp-json\/wp\/v2\/media\/9059"}],"wp:attachment":[{"href":"https:\/\/egytourpackages.com\/cs\/wp-json\/wp\/v2\/media?parent=14760"}],"wp:term":[{"taxonomy":"product_brand","embeddable":true,"href":"https:\/\/egytourpackages.com\/cs\/wp-json\/wp\/v2\/product_brand?post=14760"},{"taxonomy":"product_cat","embeddable":true,"href":"https:\/\/egytourpackages.com\/cs\/wp-json\/wp\/v2\/product_cat?post=14760"},{"taxonomy":"product_tag","embeddable":true,"href":"https:\/\/egytourpackages.com\/cs\/wp-json\/wp\/v2\/product_tag?post=14760"}],"curies":[{"name":"wp","href":"https:\/\/api.w.org\/{rel}","templated":true}]}}