{"id":15172,"date":"2025-11-03T19:18:16","date_gmt":"2025-11-03T19:18:16","guid":{"rendered":"https:\/\/egytourpackages.com\/product\/show-s-delfiny-v-makadi-bay\/"},"modified":"2026-02-17T10:03:54","modified_gmt":"2026-02-17T10:03:54","slug":"show-s-delfiny-v-makadi-bay","status":"publish","type":"product","link":"https:\/\/egytourpackages.com\/cs\/prohlidky\/show-s-delfiny-v-makadi-bay\/","title":{"rendered":"Show s delf\u00edny v Makadi Bay"},"content":{"rendered":"<p><span style=\"color: #ff6600;\"><strong>Show s delf\u00edny v Makadi Bay | Nejlep\u0161\u00ed rodinn\u00e9 v\u00fdlety v Makadi Bay<\/strong><\/span><\/p>\n<p>Rezervujte si vstupenky na velkolepou show <strong>Dolphin Show Makadi<\/strong>, ud\u00e1lost, kterou mus\u00edte vid\u011bt, a jeden z <strong>nejlep\u0161\u00edch rodinn\u00fdch v\u00fdlet\u016f<\/strong> v Makadi Bay.<\/p>\n<p>Tento podmaniv\u00fd <strong>v\u00fdlet v Makadi Bay<\/strong> nab\u00edz\u00ed vzru\u0161uj\u00edc\u00ed a dojemn\u00fd z\u00e1\u017eitek, ide\u00e1ln\u00ed pro vytv\u00e1\u0159en\u00ed drahocenn\u00fdch <strong>rodinn\u00fdch vzpom\u00ednek<\/strong> a vychutn\u00e1n\u00ed si nezapomenuteln\u00e9 <strong>kr\u00e1tk\u00e9 p\u0159est\u00e1vky<\/strong> b\u011bhem va\u0161\u00ed <strong>dovolen\u00e9 v Egypt\u011b<\/strong>.<\/p>\n<p>Sta\u0148te se sv\u011bdky neuv\u011b\u0159iteln\u00e9 inteligence a hbitosti <strong>delf\u00edn\u016f<\/strong> a <strong>lachtan\u016f<\/strong>, kte\u0159\u00ed p\u0159edv\u00e1d\u011bj\u00ed \u00fa\u017easn\u00e9 triky, akrobacii a interaktivn\u00ed \u010d\u00e1sti navr\u017een\u00e9 tak, aby pot\u011b\u0161ily d\u011bti i dosp\u011bl\u00e9.<\/p>\n<p>Na\u0161e <strong>Show s delf\u00edny<\/strong> se kon\u00e1 v modern\u00edm a bezpe\u010dn\u00e9m vodn\u00edm are\u00e1lu, kter\u00fd zaji\u0161\u0165uje pohodln\u00fd v\u00fdhled zbl\u00edzka na tyto n\u00e1dhern\u00e9 <strong>mo\u0159sk\u00e9 savce<\/strong>.<\/p>\n<p>Tento v\u00fdlet poskytuje zaru\u010denou <strong>rodinnou z\u00e1bavu<\/strong> a vysokou hodnotu z\u00e1\u017eitku, co\u017e z n\u011bj \u010din\u00ed jednoho z hlavn\u00edch favorit\u016f mezi <strong>atrakcemi v Makadi Bay<\/strong>.<\/p>\n<p>Vylep\u0161ete sv\u016fj z\u00e1\u017eitek voliteln\u00fdm <strong>plav\u00e1n\u00edm s delf\u00edny<\/strong> po skon\u010den\u00ed show, kter\u00e9 nab\u00edz\u00ed jedine\u010dnou p\u0159\u00edle\u017eitost k <strong>vodn\u00ed terapii<\/strong> a up\u0159\u00edmnou interakci s t\u011bmito jemn\u00fdmi zv\u00ed\u0159aty.<\/p>\n<p>Za\u017eijte kouzlo nejobl\u00edben\u011bj\u0161\u00edch tvor\u016f Rud\u00e9ho mo\u0159e, ani\u017e byste se namo\u010dili (pokud si nezvol\u00edte mo\u017enost plav\u00e1n\u00ed)!<\/p>\n<h3><span style=\"color: #ff6600;\">Podrobnosti o v\u00fdletu<\/span><\/h3>\n<p>Doba trv\u00e1n\u00ed: P\u0159ibli\u017en\u011b 3 hodiny (D\u00e9lka show: 45 a\u017e 60 minut)<\/p>\n<p>M\u00edsto: Dolphin World (Pobl\u00ed\u017e Makadi Bay \/ Hurghada)<\/p>\n<p>Dostupnost: Denn\u011b (Zkontrolujte rozvrh pro \u010dasy p\u0159edstaven\u00ed)<\/p>\n<p>Vyzvednut\u00ed a odvoz: V\u00e1\u0161 hotel v Makadi Bay<\/p>\n<p>Typ: Skupinov\u00fd<\/p>\n<h3><span style=\"color: #ff6600;\">Hlavn\u00ed body v\u00fdletu<\/span><\/h3>\n<ul>\n<li>Velkolep\u00e1 45minutov\u00e1 show s delf\u00edny a lachtany.<\/li>\n<li>Sledujte akrobacii a inteligentn\u00ed triky.<\/li>\n<li>Ide\u00e1ln\u00ed rodinn\u00e1 z\u00e1bava a aktivita pro d\u011bti.<\/li>\n<li>Voliteln\u00e9 plav\u00e1n\u00ed s delf\u00edny nebo focen\u00ed s delf\u00edny.<\/li>\n<li>Snadn\u00e9 a pohodln\u00e9 transfery z Makadi Bay.<\/li>\n<\/ul>\n<h3><span style=\"color: #ff6600;\">V cen\u011b je zahrnuto<\/span><\/h3>\n<ul>\n<li>Transfer tam i zp\u011bt z va\u0161eho hotelu v Makadi Bay modern\u00edm klimatizovan\u00fdm vozidlem.<\/li>\n<li>Vstupenka do ar\u00e9ny na show s delf\u00edny.<\/li>\n<li>Asistence z\u00e1stupce (mluv\u00edc\u00edho anglicky nebo \u0161pan\u011blsky).<\/li>\n<\/ul>\n<h3><span style=\"color: #ff6600;\">V cen\u011b nen\u00ed zahrnuto<\/span><\/h3>\n<ul>\n<li>Poplatky za plav\u00e1n\u00ed s delf\u00edny nebo focen\u00ed (voliteln\u00fd p\u0159\u00edplatek).<\/li>\n<li>Spropitn\u00e9 (doporu\u010deno pro \u0159idi\u010de a tren\u00e9ry).<\/li>\n<li>J\u00eddlo nebo n\u00e1poje uvnit\u0159 ar\u00e9ny.<\/li>\n<\/ul>\n<h3><span style=\"color: #ff6600;\">Co si vz\u00edt s sebou<\/span><\/h3>\n<ul>\n<li>Fotoapar\u00e1t nebo telefon (pro zachycen\u00ed show).<\/li>\n<li>Plavky a ru\u010dn\u00edk (Pouze v p\u0159\u00edpad\u011b rezervace varianty plav\u00e1n\u00ed s delf\u00edny).<\/li>\n<li>Klobouk nebo slune\u010dn\u00ed br\u00fdle (pro pobyt venku mimo ar\u00e9nu).<\/li>\n<li>Hotovost na voliteln\u00e9 fotografie, ob\u010derstven\u00ed a osobn\u00ed v\u00fddaje.<\/li>\n<\/ul>\n<h2><span style=\"color: #993366;\"><em>Itiner\u00e1\u0159<\/em><\/span><\/h2>\n<p><span style=\"color: #993366;\"><em><strong>Vyzvednut\u00ed p\u0159ed show:<\/strong><\/em><\/span><\/p>\n<p>Va\u0161e klimatizovan\u00e9 vozidlo v\u00e1s vyzvedne z va\u0161eho hotelu v Makadi Bay (na\u010dasov\u00e1n\u00ed je upraveno podle denn\u00edho rozvrhu p\u0159edstaven\u00ed).<\/p>\n<p><span style=\"color: #993366;\"><em><strong>P\u0159\u00edjezd do Dolphin World:<\/strong><\/em><\/span><\/p>\n<p>P\u0159\u00edjezd do modern\u00edho vodn\u00edho komplexu. V\u00e1\u0161 z\u00e1stupce v\u00e1m pom\u016f\u017ee se vstupenkami a vstupem do ar\u00e9ny na <strong>Show s delf\u00edny<\/strong>.<\/p>\n<p><span style=\"color: #993366;\"><em><strong>Show s delf\u00edny:<\/strong><\/em><\/span><\/p>\n<p>Zaujm\u011bte sv\u00e9 m\u00edsto a vychutnejte si velkolep\u00e9 <strong>45 a\u017e 60minutov\u00e9 p\u0159edstaven\u00ed<\/strong>, ve kter\u00e9m delf\u00edni a lachtani p\u0159edv\u00e1d\u011bj\u00ed choreografick\u00e9 sestavy, triky s m\u00ed\u010dem a skoky do v\u00fd\u0161ky.<\/p>\n<p><span style=\"color: #993366;\"><em><strong>Voliteln\u00e9 aktivity (za p\u0159\u00edplatek):<\/strong><\/em><\/span><\/p>\n<p>Host\u00e9, kte\u0159\u00ed si p\u0159edem rezervovali <strong>plav\u00e1n\u00ed s delf\u00edny<\/strong>, se p\u0159esunou k baz\u00e9nu na svou osobn\u00ed interakci ve vod\u011b (obvykle 10 a\u017e 15 minut). Ostatn\u00ed se mohou rozhodnout pro rychl\u00e9 focen\u00ed s delf\u00edny z okraje baz\u00e9nu.<\/p>\n<p><span style=\"color: #993366;\"><em><strong>N\u00e1vrat do Makadi Bay:<\/strong><\/em><\/span><\/p>\n<p>Skupina se sejde po skon\u010den\u00ed show a voliteln\u00fdch aktivit a klimatizovan\u00e9 vozidlo zajist\u00ed pohodln\u00fd transfer zp\u011bt do va\u0161eho hotelu v Makadi Bay.<\/p>\n<h3><span style=\"color: #ff6600;\">Cena v\u00fdletu na show s delf\u00edny v Makadi<\/span><\/h3>\n<p>Cena pro dosp\u011bl\u00e9 = 15 \u20ac<\/p>\n<p>D\u011bti od 5 do 11 let = 50 procent z ceny pro dosp\u011bl\u00e9<\/p>\n<p>Infanti od 0 do 5 let = zdarma<\/p>\n<h3><span style=\"color: #ff6600;\">Rezervace<\/span><\/h3>\n<p>S sv\u016fj v\u00fdlet si m\u016f\u017eete rezervovat p\u0159es WhatsApp nebo n\u00e1m poslat e-mail a potvrzen\u00ed obdr\u017e\u00edte okam\u017eit\u011b.<\/p>\n<p>Pros\u00edm, po\u0161lete n\u00e1m n\u00e1zev va\u0161eho hotelu a \u010d\u00edslo pokoje.<\/p>\n<p>WhatsApp: +201000852186<\/p>\n<p>E-mail: info@egytourpackages.com<\/p>\n<h3><span style=\"color: #ff6600;\">Rezervujte nyn\u00ed a pla\u0165te na m\u00edst\u011b<\/span><\/h3>\n<p>Rezervujte si sv\u016fj obl\u00edben\u00fd v\u00fdlet a zapla\u0165te v den cesty.<\/p>\n<h3><span style=\"color: #ff6600;\">Platba<\/span><\/h3>\n<p>M\u016f\u017eete platit v egyptsk\u00fdch libr\u00e1ch, americk\u00fdch dolarech, eurech nebo britsk\u00fdch libr\u00e1ch.<\/p>\n<h2><span style=\"color: #993366;\">\u010casto kladen\u00e9 dotazy a pozn\u00e1mky<\/span><\/h2>\n<h3><span style=\"color: #ff6600;\">Je plav\u00e1n\u00ed s delf\u00edny zahrnuto v z\u00e1kladn\u00ed cen\u011b? <\/span><\/h3>\n<p>Ne, plav\u00e1n\u00ed s delf\u00edny a focen\u00ed s delf\u00edny jsou voliteln\u00e9 dopl\u0148ky a vy\u017eaduj\u00ed samostatn\u00fd poplatek, kter\u00fd mus\u00ed b\u00fdt rezervov\u00e1n a zaplacen nav\u00edc k hlavn\u00ed vstupence na show.<\/p>\n<h3><span style=\"color: #ff6600;\">Jak bl\u00edzko se b\u011bhem show dostaneme k delf\u00edn\u016fm?<\/span><\/h3>\n<p>Sedadla v ar\u00e9n\u011b jsou navr\u017eena tak, aby poskytovala vynikaj\u00edc\u00ed v\u00fdhled, a delf\u00edni \u010dasto plavou bl\u00edzko p\u0159edn\u00edch \u0159ad. Host\u00e9 v p\u0159edn\u00edch \u0159ad\u00e1ch mohou b\u00fdt ob\u010das post\u0159\u00edk\u00e1ni vodou!<\/p>\n<h3><span style=\"color: #ff6600;\">Je are\u00e1l vodn\u00edho parku b\u011bhem show otev\u0159en\u00fd?<\/span><\/h3>\n<p>Show se kon\u00e1 ve vyhrazen\u00e9 vnit\u0159n\u00ed nebo venkovn\u00ed ar\u00e9n\u011b. P\u0159\u00edstup k dal\u0161\u00edm atrakc\u00edm nebo za\u0159\u00edzen\u00edm vodn\u00edho parku m\u016f\u017ee vy\u017eadovat samostatnou vstupenku, kter\u00e1 nen\u00ed zahrnuta v bal\u00ed\u010dku show s delf\u00edny.<\/p>\n<h3><span style=\"color: #ff6600;\">Je b\u011bhem show povoleno fotografov\u00e1n\u00ed?<\/span><\/h3>\n<p>Ano, fotografov\u00e1n\u00ed bez blesku je b\u011bhem show s delf\u00edny obecn\u011b povoleno. Profesion\u00e1ln\u00ed focen\u00ed s delf\u00edny (po show) je v\u0161ak k dispozici za p\u0159\u00edplatek.<\/p>\n<h3><span style=\"color: #ff6600;\">Je to vhodn\u00e1 aktivita pro batolata?<\/span><\/h3>\n<p>Ano, vizu\u00e1ln\u00ed pod\u00edvan\u00e1 a vzru\u0161uj\u00edc\u00ed hudba d\u011blaj\u00ed z show s delf\u00edny velmi poutavou a vhodnou aktivitu pro batolata a mal\u00e9 d\u011bti.<\/p>\n","protected":false},"excerpt":{"rendered":"<p>Rezervujte si <b data-path-to-node=\"0\" data-index-in-node=\"14\">Show s delf\u00edny v Makadi Bay<\/b>. Ide\u00e1ln\u00ed rodinn\u00fd v\u00fdlet pln\u00fd akrobacie, lachtan\u016f a mo\u017enosti plav\u00e1n\u00ed. Nejlep\u0161\u00ed cena a skv\u011bl\u00e1 z\u00e1bava zaji\u0161t\u011bna!<\/p>\n","protected":false},"featured_media":9013,"comment_status":"closed","ping_status":"closed","template":"","meta":[],"product_brand":[],"product_cat":[1466],"product_tag":[1470,1469],"class_list":{"0":"post-15172","1":"product","2":"type-product","3":"status-publish","4":"has-post-thumbnail","6":"product_cat-vylety","7":"product_tag-jednodenni-vylety-po-egypte","8":"product_tag-vylety-v-hurgade","9":"tour_category-jednodenni-vylety-po-egypte-cs","10":"tour_category-nejlepsi-aktivity-s-detmi-v-hurghade","11":"tour_category-vylety-v-hurgade","13":"first","14":"instock","15":"sale","16":"shipping-taxable","17":"purchasable","18":"product-type-tour","19":"has-default-attributes"},"yoast_head":"<!-- This site is optimized with the Yoast SEO Premium plugin v27.2 (Yoast SEO v27.2) - https:\/\/yoast.com\/product\/yoast-seo-premium-wordpress\/ -->\n<title>Show s delf\u00edny v Makadi Bay<\/title>\n<meta name=\"description\" content=\"Rezervujte si Show s delf\u00edny v Makadi Bay. Ide\u00e1ln\u00ed rodinn\u00fd v\u00fdlet pln\u00fd akrobacie, lachtan\u016f a mo\u017enosti plav\u00e1n\u00ed. Nejlep\u0161\u00ed cena a skv\u011bl\u00e1 z\u00e1bava zaji\u0161t\u011bna!\" \/>\n<meta name=\"robots\" content=\"index, follow, max-snippet:-1, max-image-preview:large, max-video-preview:-1\" \/>\n<link rel=\"canonical\" href=\"https:\/\/egytourpackages.com\/cs\/prohlidky\/show-s-delfiny-v-makadi-bay\/\" \/>\n<meta property=\"og:locale\" content=\"cs_CZ\" \/>\n<meta property=\"og:type\" content=\"article\" \/>\n<meta property=\"og:title\" content=\"Show s delf\u00edny v Makadi Bay\" \/>\n<meta property=\"og:description\" content=\"Rezervujte si Show s delf\u00edny v Makadi Bay. Ide\u00e1ln\u00ed rodinn\u00fd v\u00fdlet pln\u00fd akrobacie, lachtan\u016f a mo\u017enosti plav\u00e1n\u00ed. Nejlep\u0161\u00ed cena a skv\u011bl\u00e1 z\u00e1bava zaji\u0161t\u011bna!\" \/>\n<meta property=\"og:url\" content=\"https:\/\/egytourpackages.com\/cs\/prohlidky\/show-s-delfiny-v-makadi-bay\/\" \/>\n<meta property=\"og:site_name\" content=\"Z\u00e1jezdy po Egypt\u011b\" \/>\n<meta property=\"article:publisher\" content=\"https:\/\/www.facebook.com\/egytourpackages\" \/>\n<meta property=\"article:modified_time\" content=\"2026-02-17T10:03:54+00:00\" \/>\n<meta property=\"og:image\" content=\"https:\/\/egytourpackages.com\/wp-content\/uploads\/2025\/11\/Makadi-Dolphin-Show-Tour-1024x768.jpeg\" \/>\n<meta name=\"twitter:card\" content=\"summary_large_image\" \/>\n<meta name=\"twitter:title\" content=\"Show s delf\u00edny v Makadi Bay\" \/>\n<meta name=\"twitter:label1\" content=\"Cena\" \/>\n\t<meta name=\"twitter:data1\" content=\"&euro;15\" \/>\n\t<meta name=\"twitter:label2\" content=\"Dostupnost\" \/>\n\t<meta name=\"twitter:data2\" content=\"Skladem\" \/>\n<script type=\"application\/ld+json\" class=\"yoast-schema-graph\">{\"@context\":\"https:\/\/schema.org\",\"@graph\":[{\"@type\":\"WebPage\",\"@id\":\"https:\/\/egytourpackages.com\/cs\/prohlidky\/show-s-delfiny-v-makadi-bay\/\",\"url\":\"https:\/\/egytourpackages.com\/cs\/prohlidky\/show-s-delfiny-v-makadi-bay\/\",\"name\":\"Show s delf\u00edny v Makadi Bay\",\"isPartOf\":{\"@id\":\"https:\/\/egytourpackages.com\/cs\/#website\"},\"primaryImageOfPage\":{\"@id\":\"https:\/\/egytourpackages.com\/cs\/prohlidky\/show-s-delfiny-v-makadi-bay\/#primaryimage\"},\"image\":{\"@id\":\"https:\/\/egytourpackages.com\/cs\/prohlidky\/show-s-delfiny-v-makadi-bay\/#primaryimage\"},\"thumbnailUrl\":\"https:\/\/egytourpackages.com\/wp-content\/uploads\/2025\/11\/Makadi-Dolphin-Show-Tour.jpeg\",\"datePublished\":\"2025-11-03T19:18:16+00:00\",\"dateModified\":\"2026-02-17T10:03:54+00:00\",\"description\":\"Rezervujte si Show s delf\u00edny v Makadi Bay. Ide\u00e1ln\u00ed rodinn\u00fd v\u00fdlet pln\u00fd akrobacie, lachtan\u016f a mo\u017enosti plav\u00e1n\u00ed. Nejlep\u0161\u00ed cena a skv\u011bl\u00e1 z\u00e1bava zaji\u0161t\u011bna!\",\"breadcrumb\":{\"@id\":\"https:\/\/egytourpackages.com\/cs\/prohlidky\/show-s-delfiny-v-makadi-bay\/#breadcrumb\"},\"inLanguage\":\"cs\",\"potentialAction\":[{\"@type\":\"ReadAction\",\"target\":[\"https:\/\/egytourpackages.com\/cs\/prohlidky\/show-s-delfiny-v-makadi-bay\/\"]}]},{\"@type\":\"ImageObject\",\"inLanguage\":\"cs\",\"@id\":\"https:\/\/egytourpackages.com\/cs\/prohlidky\/show-s-delfiny-v-makadi-bay\/#primaryimage\",\"url\":\"https:\/\/egytourpackages.com\/wp-content\/uploads\/2025\/11\/Makadi-Dolphin-Show-Tour.jpeg\",\"contentUrl\":\"https:\/\/egytourpackages.com\/wp-content\/uploads\/2025\/11\/Makadi-Dolphin-Show-Tour.jpeg\",\"width\":1150,\"height\":862,\"caption\":\"Show s delf\u00edny v Makadi Bay\"},{\"@type\":\"BreadcrumbList\",\"@id\":\"https:\/\/egytourpackages.com\/cs\/prohlidky\/show-s-delfiny-v-makadi-bay\/#breadcrumb\",\"itemListElement\":[{\"@type\":\"ListItem\",\"position\":1,\"name\":\"Dom\u016f\",\"item\":\"https:\/\/egytourpackages.com\/cs\/balicky-vyletu-po-egypte\/\"},{\"@type\":\"ListItem\",\"position\":2,\"name\":\"Shop\",\"item\":\"https:\/\/egytourpackages.com\/cs\/shop\/\"},{\"@type\":\"ListItem\",\"position\":3,\"name\":\"Show s delf\u00edny v Makadi Bay\"}]},{\"@type\":\"WebSite\",\"@id\":\"https:\/\/egytourpackages.com\/cs\/#website\",\"url\":\"https:\/\/egytourpackages.com\/cs\/\",\"name\":\"Egy tour packages\",\"description\":\"\",\"publisher\":{\"@id\":\"https:\/\/egytourpackages.com\/cs\/#organization\"},\"potentialAction\":[{\"@type\":\"SearchAction\",\"target\":{\"@type\":\"EntryPoint\",\"urlTemplate\":\"https:\/\/egytourpackages.com\/cs\/?s={search_term_string}\"},\"query-input\":{\"@type\":\"PropertyValueSpecification\",\"valueRequired\":true,\"valueName\":\"search_term_string\"}}],\"inLanguage\":\"cs\"},{\"@type\":[\"Organization\",\"Place\",\"TravelAgency\"],\"@id\":\"https:\/\/egytourpackages.com\/cs\/#organization\",\"name\":\"egypt tour packages\",\"alternateName\":\"egypt tour packages\",\"url\":\"https:\/\/egytourpackages.com\/cs\/\",\"logo\":{\"@id\":\"https:\/\/egytourpackages.com\/cs\/prohlidky\/show-s-delfiny-v-makadi-bay\/#local-main-organization-logo\"},\"image\":{\"@id\":\"https:\/\/egytourpackages.com\/cs\/prohlidky\/show-s-delfiny-v-makadi-bay\/#local-main-organization-logo\"},\"sameAs\":[\"https:\/\/www.facebook.com\/egytourpackages\"],\"legalName\":\"Egy tour packages\",\"address\":{\"@id\":\"https:\/\/egytourpackages.com\/cs\/prohlidky\/show-s-delfiny-v-makadi-bay\/#local-main-place-address\"},\"telephone\":[\"00201000852186\",\"00201028685533\"],\"contactPoint\":{\"@type\":\"ContactPoint\",\"telephone\":\"00201000852186\"},\"openingHoursSpecification\":[{\"@type\":\"OpeningHoursSpecification\",\"dayOfWeek\":[\"Monday\",\"Tuesday\",\"Wednesday\",\"Thursday\",\"Friday\",\"Saturday\",\"Sunday\"],\"opens\":\"00:00\",\"closes\":\"23:59\"}],\"email\":\"info@egytourpackages.com\",\"areaServed\":\"Cairo, Hurghada, Luxor, Sharm El Sheikh, Marsa Alam, Aswan\",\"priceRange\":\"$\",\"currenciesAccepted\":\"euro\",\"paymentAccepted\":\"Payment links online\"},{\"@type\":\"PostalAddress\",\"@id\":\"https:\/\/egytourpackages.com\/cs\/prohlidky\/show-s-delfiny-v-makadi-bay\/#local-main-place-address\",\"streetAddress\":\"Mubarak 8, Al Kawthar District, Hurghada\",\"addressLocality\":\"Hurghada\",\"postalCode\":\"84511\",\"addressRegion\":\"Red Sea\",\"addressCountry\":\"EG\"},{\"@type\":\"ImageObject\",\"inLanguage\":\"cs\",\"@id\":\"https:\/\/egytourpackages.com\/cs\/prohlidky\/show-s-delfiny-v-makadi-bay\/#local-main-organization-logo\",\"url\":\"https:\/\/egytourpackages.com\/wp-content\/uploads\/2025\/12\/Turquoise-Dahabiya-Nile-Cruise-1.jpeg\",\"contentUrl\":\"https:\/\/egytourpackages.com\/wp-content\/uploads\/2025\/12\/Turquoise-Dahabiya-Nile-Cruise-1.jpeg\",\"width\":1040,\"height\":694,\"caption\":\"egypt tour packages\"}]}<\/script>\n<meta property=\"product:brand\" content=\"Jednodenn\u00ed v\u00fdlety po Egypt\u011b\" \/>\n<meta property=\"product:price:amount\" content=\"15\" \/>\n<meta property=\"product:price:currency\" content=\"EUR\" \/>\n<meta property=\"og:availability\" content=\"instock\" \/>\n<meta property=\"product:availability\" content=\"instock\" \/>\n<meta property=\"product:retailer_item_id\" content=\"HDT30\" \/>\n<meta property=\"product:condition\" content=\"new\" \/>\n<meta name=\"geo.placename\" content=\"Hurghada\" \/>\n<meta name=\"geo.region\" content=\"Egypt\" \/>\n<!-- \/ Yoast SEO Premium plugin. -->","yoast_head_json":{"title":"Show s delf\u00edny v Makadi Bay","description":"Rezervujte si Show s delf\u00edny v Makadi Bay. Ide\u00e1ln\u00ed rodinn\u00fd v\u00fdlet pln\u00fd akrobacie, lachtan\u016f a mo\u017enosti plav\u00e1n\u00ed. Nejlep\u0161\u00ed cena a skv\u011bl\u00e1 z\u00e1bava zaji\u0161t\u011bna!","robots":{"index":"index","follow":"follow","max-snippet":"max-snippet:-1","max-image-preview":"max-image-preview:large","max-video-preview":"max-video-preview:-1"},"canonical":"https:\/\/egytourpackages.com\/cs\/prohlidky\/show-s-delfiny-v-makadi-bay\/","og_locale":"cs_CZ","og_type":"article","og_title":"Show s delf\u00edny v Makadi Bay","og_description":"Rezervujte si Show s delf\u00edny v Makadi Bay. Ide\u00e1ln\u00ed rodinn\u00fd v\u00fdlet pln\u00fd akrobacie, lachtan\u016f a mo\u017enosti plav\u00e1n\u00ed. Nejlep\u0161\u00ed cena a skv\u011bl\u00e1 z\u00e1bava zaji\u0161t\u011bna!","og_url":"https:\/\/egytourpackages.com\/cs\/prohlidky\/show-s-delfiny-v-makadi-bay\/","og_site_name":"Z\u00e1jezdy po Egypt\u011b","article_publisher":"https:\/\/www.facebook.com\/egytourpackages","article_modified_time":"2026-02-17T10:03:54+00:00","og_image":[{"url":"https:\/\/egytourpackages.com\/wp-content\/uploads\/2025\/11\/Makadi-Dolphin-Show-Tour-1024x768.jpeg","type":"","width":"","height":""}],"twitter_card":"summary_large_image","twitter_title":"Show s delf\u00edny v Makadi Bay","twitter_misc":{"Cena":"&euro;15","Dostupnost":"Skladem"},"schema":{"@context":"https:\/\/schema.org","@graph":[{"@type":"WebPage","@id":"https:\/\/egytourpackages.com\/cs\/prohlidky\/show-s-delfiny-v-makadi-bay\/","url":"https:\/\/egytourpackages.com\/cs\/prohlidky\/show-s-delfiny-v-makadi-bay\/","name":"Show s delf\u00edny v Makadi Bay","isPartOf":{"@id":"https:\/\/egytourpackages.com\/cs\/#website"},"primaryImageOfPage":{"@id":"https:\/\/egytourpackages.com\/cs\/prohlidky\/show-s-delfiny-v-makadi-bay\/#primaryimage"},"image":{"@id":"https:\/\/egytourpackages.com\/cs\/prohlidky\/show-s-delfiny-v-makadi-bay\/#primaryimage"},"thumbnailUrl":"https:\/\/egytourpackages.com\/wp-content\/uploads\/2025\/11\/Makadi-Dolphin-Show-Tour.jpeg","datePublished":"2025-11-03T19:18:16+00:00","dateModified":"2026-02-17T10:03:54+00:00","description":"Rezervujte si Show s delf\u00edny v Makadi Bay. Ide\u00e1ln\u00ed rodinn\u00fd v\u00fdlet pln\u00fd akrobacie, lachtan\u016f a mo\u017enosti plav\u00e1n\u00ed. Nejlep\u0161\u00ed cena a skv\u011bl\u00e1 z\u00e1bava zaji\u0161t\u011bna!","breadcrumb":{"@id":"https:\/\/egytourpackages.com\/cs\/prohlidky\/show-s-delfiny-v-makadi-bay\/#breadcrumb"},"inLanguage":"cs","potentialAction":[{"@type":"ReadAction","target":["https:\/\/egytourpackages.com\/cs\/prohlidky\/show-s-delfiny-v-makadi-bay\/"]}]},{"@type":"ImageObject","inLanguage":"cs","@id":"https:\/\/egytourpackages.com\/cs\/prohlidky\/show-s-delfiny-v-makadi-bay\/#primaryimage","url":"https:\/\/egytourpackages.com\/wp-content\/uploads\/2025\/11\/Makadi-Dolphin-Show-Tour.jpeg","contentUrl":"https:\/\/egytourpackages.com\/wp-content\/uploads\/2025\/11\/Makadi-Dolphin-Show-Tour.jpeg","width":1150,"height":862,"caption":"Show s delf\u00edny v Makadi Bay"},{"@type":"BreadcrumbList","@id":"https:\/\/egytourpackages.com\/cs\/prohlidky\/show-s-delfiny-v-makadi-bay\/#breadcrumb","itemListElement":[{"@type":"ListItem","position":1,"name":"Dom\u016f","item":"https:\/\/egytourpackages.com\/cs\/balicky-vyletu-po-egypte\/"},{"@type":"ListItem","position":2,"name":"Shop","item":"https:\/\/egytourpackages.com\/cs\/shop\/"},{"@type":"ListItem","position":3,"name":"Show s delf\u00edny v Makadi Bay"}]},{"@type":"WebSite","@id":"https:\/\/egytourpackages.com\/cs\/#website","url":"https:\/\/egytourpackages.com\/cs\/","name":"Egy tour packages","description":"","publisher":{"@id":"https:\/\/egytourpackages.com\/cs\/#organization"},"potentialAction":[{"@type":"SearchAction","target":{"@type":"EntryPoint","urlTemplate":"https:\/\/egytourpackages.com\/cs\/?s={search_term_string}"},"query-input":{"@type":"PropertyValueSpecification","valueRequired":true,"valueName":"search_term_string"}}],"inLanguage":"cs"},{"@type":["Organization","Place","TravelAgency"],"@id":"https:\/\/egytourpackages.com\/cs\/#organization","name":"egypt tour packages","alternateName":"egypt tour packages","url":"https:\/\/egytourpackages.com\/cs\/","logo":{"@id":"https:\/\/egytourpackages.com\/cs\/prohlidky\/show-s-delfiny-v-makadi-bay\/#local-main-organization-logo"},"image":{"@id":"https:\/\/egytourpackages.com\/cs\/prohlidky\/show-s-delfiny-v-makadi-bay\/#local-main-organization-logo"},"sameAs":["https:\/\/www.facebook.com\/egytourpackages"],"legalName":"Egy tour packages","address":{"@id":"https:\/\/egytourpackages.com\/cs\/prohlidky\/show-s-delfiny-v-makadi-bay\/#local-main-place-address"},"telephone":["00201000852186","00201028685533"],"contactPoint":{"@type":"ContactPoint","telephone":"00201000852186"},"openingHoursSpecification":[{"@type":"OpeningHoursSpecification","dayOfWeek":["Monday","Tuesday","Wednesday","Thursday","Friday","Saturday","Sunday"],"opens":"00:00","closes":"23:59"}],"email":"info@egytourpackages.com","areaServed":"Cairo, Hurghada, Luxor, Sharm El Sheikh, Marsa Alam, Aswan","priceRange":"$","currenciesAccepted":"euro","paymentAccepted":"Payment links online"},{"@type":"PostalAddress","@id":"https:\/\/egytourpackages.com\/cs\/prohlidky\/show-s-delfiny-v-makadi-bay\/#local-main-place-address","streetAddress":"Mubarak 8, Al Kawthar District, Hurghada","addressLocality":"Hurghada","postalCode":"84511","addressRegion":"Red Sea","addressCountry":"EG"},{"@type":"ImageObject","inLanguage":"cs","@id":"https:\/\/egytourpackages.com\/cs\/prohlidky\/show-s-delfiny-v-makadi-bay\/#local-main-organization-logo","url":"https:\/\/egytourpackages.com\/wp-content\/uploads\/2025\/12\/Turquoise-Dahabiya-Nile-Cruise-1.jpeg","contentUrl":"https:\/\/egytourpackages.com\/wp-content\/uploads\/2025\/12\/Turquoise-Dahabiya-Nile-Cruise-1.jpeg","width":1040,"height":694,"caption":"egypt tour packages"}]},"product_brand":"Jednodenn\u00ed v\u00fdlety po Egypt\u011b","product_price_amount":"15","product_price_currency":"EUR","og_availability":"instock","product_availability":"instock","product_retailer_item_id":"HDT30","product_condition":"new","geo.placename":"Hurghada","geo.region":"Egypt"},"_links":{"self":[{"href":"https:\/\/egytourpackages.com\/cs\/wp-json\/wp\/v2\/product\/15172","targetHints":{"allow":["GET"]}}],"collection":[{"href":"https:\/\/egytourpackages.com\/cs\/wp-json\/wp\/v2\/product"}],"about":[{"href":"https:\/\/egytourpackages.com\/cs\/wp-json\/wp\/v2\/types\/product"}],"replies":[{"embeddable":true,"href":"https:\/\/egytourpackages.com\/cs\/wp-json\/wp\/v2\/comments?post=15172"}],"wp:featuredmedia":[{"embeddable":true,"href":"https:\/\/egytourpackages.com\/cs\/wp-json\/wp\/v2\/media\/9013"}],"wp:attachment":[{"href":"https:\/\/egytourpackages.com\/cs\/wp-json\/wp\/v2\/media?parent=15172"}],"wp:term":[{"taxonomy":"product_brand","embeddable":true,"href":"https:\/\/egytourpackages.com\/cs\/wp-json\/wp\/v2\/product_brand?post=15172"},{"taxonomy":"product_cat","embeddable":true,"href":"https:\/\/egytourpackages.com\/cs\/wp-json\/wp\/v2\/product_cat?post=15172"},{"taxonomy":"product_tag","embeddable":true,"href":"https:\/\/egytourpackages.com\/cs\/wp-json\/wp\/v2\/product_tag?post=15172"}],"curies":[{"name":"wp","href":"https:\/\/api.w.org\/{rel}","templated":true}]}}