{"id":15212,"date":"2026-02-12T14:05:14","date_gmt":"2026-02-12T14:05:14","guid":{"rendered":"https:\/\/egytourpackages.com\/product\/soukrome-transfery-z-letiste-hurghada-do-sahl-hasheesh\/"},"modified":"2026-02-17T10:00:17","modified_gmt":"2026-02-17T10:00:17","slug":"soukrome-transfery-z-letiste-hurghada-do-sahl-hasheesh","status":"publish","type":"product","link":"https:\/\/egytourpackages.com\/cs\/prohlidky\/soukrome-transfery-z-letiste-hurghada-do-sahl-hasheesh\/","title":{"rendered":"Soukrom\u00e9 transfery z leti\u0161t\u011b Hurghada do Sahl Hasheesh"},"content":{"rendered":"<p><span style=\"color: #ff6600;\"><strong>Soukrom\u00e9 transfery z leti\u0161t\u011b Hurghada do Sahl Hasheesh<\/strong><\/span><\/p>\n<p>N\u00e1\u0161 <strong>soukrom\u00fd transfer z leti\u0161t\u011b Hurghada do Sahl Hasheesh<\/strong> p\u0159edstavuje nejrychlej\u0161\u00ed a nejpohodln\u011bj\u0161\u00ed zp\u016fsob, jak se dostat do va\u0161eho resortu u pl\u00e1\u017ee. Pro\u010d se spokojit s p\u0159epln\u011bn\u00fdm autobusem, kdy\u017e si m\u016f\u017eete u\u017e\u00edt <strong>VIP slu\u017eby osobn\u00edho \u0159idi\u010de<\/strong>?<\/p>\n<h3><span style=\"color: #ff6600;\">Z\u00e1\u017eitek z vyzvednut\u00ed na m\u00edru<\/span><\/h3>\n<p>N\u00e1\u0161 t\u00fdm sleduje v\u00e1\u0161 let v re\u00e1ln\u00e9m \u010dase, \u010d\u00edm\u017e zaji\u0161\u0165uje, \u017ee v\u00e1\u0161 <strong>soukrom\u00fd \u0159idi\u010d<\/strong> bude na pozici a p\u0159ipraven ve chv\u00edli, kdy opust\u00edte termin\u00e1l. Na\u0161e slu\u017eba \u201eCedule se jm\u00e9nem\u201c zaru\u010duje <strong>bezprobl\u00e9mov\u00fd p\u0159echod<\/strong> z leti\u0161t\u011b do va\u0161eho luxusn\u00edho vozidla.<\/p>\n<h3><span style=\"color: #ff6600;\">Elitn\u00ed standardy p\u0159epravy<\/span><\/h3>\n<p>Poskytujeme v\u00edce ne\u017e jen odvoz; poskytujeme klid v du\u0161i. N\u00e1\u0161 transfer na <strong>leti\u0161t\u011b Sahl Hasheesh<\/strong> zahrnuje:<\/p>\n<ul>\n<li><strong>Luxusn\u00ed vozidla:<\/strong> \u010cist\u00e9, stylov\u00e9 a pln\u011b <strong>klimatizovan\u00e9<\/strong> vozy.<\/li>\n<li><strong>Spolehlivost:<\/strong> K dispozici 24 hodin denn\u011b, 7 dn\u00ed v t\u00fddnu, a to i pro rezervace na posledn\u00ed chv\u00edli (a\u017e 1 hodinu p\u0159edem).<\/li>\n<li><strong>Profesionalita:<\/strong> V\u00edcejazy\u010dn\u00ed a <strong>zdvo\u0159il\u00ed \u0159idi\u010di<\/strong>, kte\u0159\u00ed znaj\u00ed nejlep\u0161\u00ed trasy, aby se vyhnuli dopravn\u00edm z\u00e1cp\u00e1m.<\/li>\n<\/ul>\n<h3><span style=\"color: #ff6600;\">Cen\u00edk transfer\u016f do Sahl Hasheesh<\/span><\/h3>\n<table>\n<thead>\n<tr>\n<td><strong>Po\u010det cestuj\u00edc\u00edch<\/strong><\/td>\n<td><strong>Cena za osobu<\/strong><\/td>\n<td><strong>Celkov\u00e1 cena transferu<\/strong><\/td>\n<\/tr>\n<\/thead>\n<tbody>\n<tr>\n<td>1 osoba<\/td>\n<td>\u20ac 25<\/td>\n<td>\u20ac 25<\/td>\n<\/tr>\n<tr>\n<td>2 osoby<\/td>\n<td>\u20ac 12.5<\/td>\n<td>\u20ac 25<\/td>\n<\/tr>\n<tr>\n<td>3 osoby<\/td>\n<td>\u20ac 8.5<\/td>\n<td>\u20ac 25<\/td>\n<\/tr>\n<\/tbody>\n<\/table>\n<h3><span style=\"color: #ff6600;\">Zahrnuto ve va\u0161em bal\u00ed\u010dku<\/span><\/h3>\n<ul>\n<li>Soukrom\u00fd transfer od dve\u0159\u00ed ke dve\u0159\u00edm do jak\u00e9hokoli resortu v Sahl Hasheesh.<\/li>\n<li>Bezplatn\u00e9 Wi-Fi na palub\u011b pro v\u0161echny hosty.<\/li>\n<li>Osv\u011b\u017euj\u00edc\u00ed uv\u00edtac\u00ed n\u00e1poje p\u0159i vyzvednut\u00ed.<\/li>\n<li>Asistence se zavazadly a palivov\u00e9 p\u0159\u00edplatky.<\/li>\n<\/ul>\n<h3><span style=\"color: #ff6600;\">Nezahrnuto<\/span><\/h3>\n<ul>\n<li>Vstupn\u00ed v\u00edzum do Egypta.<\/li>\n<li>Osobn\u00ed spropitn\u00e9.<\/li>\n<\/ul>\n","protected":false},"excerpt":{"rendered":"<p>U\u017eijte si pohodl\u00ed a klid s na\u0161imi <b data-path-to-node=\"0\" data-index-in-node=\"34\">Soukrom\u00e9 transfery z leti\u0161t\u011b Hurghada do Sahl Hasheesh<\/b>. Modern\u00ed vozy, fixn\u00ed ceny a profesion\u00e1ln\u00ed \u0159idi\u010di. Rezervujte nyn\u00ed!<\/p>\n","protected":false},"featured_media":14862,"comment_status":"closed","ping_status":"closed","template":"","meta":[],"product_brand":[],"product_cat":[1466],"product_tag":[4184,4186,4187,4185],"class_list":{"0":"post-15212","1":"product","2":"type-product","3":"status-publish","4":"has-post-thumbnail","6":"product_cat-vylety","7":"product_tag-rezervujte-si-svuj-soukromy-transfer-z-letiste-hurghada-do-baron-palace-sahl-hasheesh","8":"product_tag-rezervujte-si-svuj-soukromy-transfer-z-letiste-hurghada-do-gravity-sahl-hasheesh","9":"product_tag-rezervujte-si-svuj-soukromy-transfer-z-letiste-hurghada-do-old-palace-sahl-hasheesh","10":"product_tag-rezervujte-si-svuj-soukromy-transfer-z-letiste-hurghada-do-premier-le-reve-sahl-hasheesh","11":"tour_category-jednodenni-vylety-po-egypte-cs","12":"tour_category-transfery-z-letiste-a-na-letiste","13":"tour_category-vylety-do-sahl-hasheesh","15":"first","16":"instock","17":"sale","18":"shipping-taxable","19":"purchasable","20":"product-type-tour","21":"has-default-attributes"},"yoast_head":"<!-- This site is optimized with the Yoast SEO Premium plugin v27.2 (Yoast SEO v27.2) - https:\/\/yoast.com\/product\/yoast-seo-premium-wordpress\/ -->\n<title>Soukrom\u00e9 transfery z leti\u0161t\u011b Hurghada do Sahl Hasheesh<\/title>\n<meta name=\"description\" content=\"U\u017eijte si pohodl\u00ed a klid s na\u0161imi Soukrom\u00e9 transfery z leti\u0161t\u011b Hurghada do Sahl Hasheesh. Modern\u00ed vozy, fixn\u00ed ceny a profesion\u00e1ln\u00ed \u0159idi\u010di. Rezervujte nyn\u00ed!\" \/>\n<meta name=\"robots\" content=\"index, follow, max-snippet:-1, max-image-preview:large, max-video-preview:-1\" \/>\n<link rel=\"canonical\" href=\"https:\/\/egytourpackages.com\/cs\/prohlidky\/soukrome-transfery-z-letiste-hurghada-do-sahl-hasheesh\/\" \/>\n<meta property=\"og:locale\" content=\"cs_CZ\" \/>\n<meta property=\"og:type\" content=\"article\" \/>\n<meta property=\"og:title\" content=\"Soukrom\u00e9 transfery z leti\u0161t\u011b Hurghada do Sahl Hasheesh\" \/>\n<meta property=\"og:description\" content=\"U\u017eijte si pohodl\u00ed a klid s na\u0161imi Soukrom\u00e9 transfery z leti\u0161t\u011b Hurghada do Sahl Hasheesh. Modern\u00ed vozy, fixn\u00ed ceny a profesion\u00e1ln\u00ed \u0159idi\u010di. Rezervujte nyn\u00ed!\" \/>\n<meta property=\"og:url\" content=\"https:\/\/egytourpackages.com\/cs\/prohlidky\/soukrome-transfery-z-letiste-hurghada-do-sahl-hasheesh\/\" \/>\n<meta property=\"og:site_name\" content=\"Z\u00e1jezdy po Egypt\u011b\" \/>\n<meta property=\"article:publisher\" content=\"https:\/\/www.facebook.com\/egytourpackages\" \/>\n<meta property=\"article:modified_time\" content=\"2026-02-17T10:00:17+00:00\" \/>\n<meta property=\"og:image\" content=\"https:\/\/egytourpackages.com\/wp-content\/uploads\/2026\/02\/Private-Transfers-from-Hurghada-Airport-to-Sahl-Hasheesh.jpeg\" \/>\n\t<meta property=\"og:image:width\" content=\"1400\" \/>\n\t<meta property=\"og:image:height\" content=\"1050\" \/>\n\t<meta property=\"og:image:type\" content=\"image\/jpeg\" \/>\n<meta name=\"twitter:card\" content=\"summary_large_image\" \/>\n<meta name=\"twitter:label1\" content=\"Cena\" \/>\n\t<meta name=\"twitter:data1\" content=\"&euro;0\" \/>\n\t<meta name=\"twitter:label2\" content=\"Dostupnost\" \/>\n\t<meta name=\"twitter:data2\" content=\"Skladem\" \/>\n<script type=\"application\/ld+json\" class=\"yoast-schema-graph\">{\"@context\":\"https:\/\/schema.org\",\"@graph\":[{\"@type\":\"WebPage\",\"@id\":\"https:\/\/egytourpackages.com\/cs\/prohlidky\/soukrome-transfery-z-letiste-hurghada-do-sahl-hasheesh\/\",\"url\":\"https:\/\/egytourpackages.com\/cs\/prohlidky\/soukrome-transfery-z-letiste-hurghada-do-sahl-hasheesh\/\",\"name\":\"Soukrom\u00e9 transfery z leti\u0161t\u011b Hurghada do Sahl Hasheesh\",\"isPartOf\":{\"@id\":\"https:\/\/egytourpackages.com\/cs\/#website\"},\"primaryImageOfPage\":{\"@id\":\"https:\/\/egytourpackages.com\/cs\/prohlidky\/soukrome-transfery-z-letiste-hurghada-do-sahl-hasheesh\/#primaryimage\"},\"image\":{\"@id\":\"https:\/\/egytourpackages.com\/cs\/prohlidky\/soukrome-transfery-z-letiste-hurghada-do-sahl-hasheesh\/#primaryimage\"},\"thumbnailUrl\":\"https:\/\/egytourpackages.com\/wp-content\/uploads\/2026\/02\/Private-Transfers-from-Hurghada-Airport-to-Sahl-Hasheesh.jpeg\",\"datePublished\":\"2026-02-12T14:05:14+00:00\",\"dateModified\":\"2026-02-17T10:00:17+00:00\",\"description\":\"U\u017eijte si pohodl\u00ed a klid s na\u0161imi Soukrom\u00e9 transfery z leti\u0161t\u011b Hurghada do Sahl Hasheesh. Modern\u00ed vozy, fixn\u00ed ceny a profesion\u00e1ln\u00ed \u0159idi\u010di. Rezervujte nyn\u00ed!\",\"breadcrumb\":{\"@id\":\"https:\/\/egytourpackages.com\/cs\/prohlidky\/soukrome-transfery-z-letiste-hurghada-do-sahl-hasheesh\/#breadcrumb\"},\"inLanguage\":\"cs\",\"potentialAction\":[{\"@type\":\"ReadAction\",\"target\":[\"https:\/\/egytourpackages.com\/cs\/prohlidky\/soukrome-transfery-z-letiste-hurghada-do-sahl-hasheesh\/\"]}]},{\"@type\":\"ImageObject\",\"inLanguage\":\"cs\",\"@id\":\"https:\/\/egytourpackages.com\/cs\/prohlidky\/soukrome-transfery-z-letiste-hurghada-do-sahl-hasheesh\/#primaryimage\",\"url\":\"https:\/\/egytourpackages.com\/wp-content\/uploads\/2026\/02\/Private-Transfers-from-Hurghada-Airport-to-Sahl-Hasheesh.jpeg\",\"contentUrl\":\"https:\/\/egytourpackages.com\/wp-content\/uploads\/2026\/02\/Private-Transfers-from-Hurghada-Airport-to-Sahl-Hasheesh.jpeg\",\"width\":1400,\"height\":1050,\"caption\":\"Soukrom\u00e9 transfery z leti\u0161t\u011b Hurghada do Sahl Hasheesh\"},{\"@type\":\"BreadcrumbList\",\"@id\":\"https:\/\/egytourpackages.com\/cs\/prohlidky\/soukrome-transfery-z-letiste-hurghada-do-sahl-hasheesh\/#breadcrumb\",\"itemListElement\":[{\"@type\":\"ListItem\",\"position\":1,\"name\":\"Dom\u016f\",\"item\":\"https:\/\/egytourpackages.com\/cs\/balicky-vyletu-po-egypte\/\"},{\"@type\":\"ListItem\",\"position\":2,\"name\":\"Shop\",\"item\":\"https:\/\/egytourpackages.com\/cs\/shop\/\"},{\"@type\":\"ListItem\",\"position\":3,\"name\":\"Soukrom\u00e9 transfery z leti\u0161t\u011b Hurghada do Sahl Hasheesh\"}]},{\"@type\":\"WebSite\",\"@id\":\"https:\/\/egytourpackages.com\/cs\/#website\",\"url\":\"https:\/\/egytourpackages.com\/cs\/\",\"name\":\"Egy tour packages\",\"description\":\"\",\"publisher\":{\"@id\":\"https:\/\/egytourpackages.com\/cs\/#organization\"},\"potentialAction\":[{\"@type\":\"SearchAction\",\"target\":{\"@type\":\"EntryPoint\",\"urlTemplate\":\"https:\/\/egytourpackages.com\/cs\/?s={search_term_string}\"},\"query-input\":{\"@type\":\"PropertyValueSpecification\",\"valueRequired\":true,\"valueName\":\"search_term_string\"}}],\"inLanguage\":\"cs\"},{\"@type\":[\"Organization\",\"Place\",\"TravelAgency\"],\"@id\":\"https:\/\/egytourpackages.com\/cs\/#organization\",\"name\":\"egypt tour packages\",\"alternateName\":\"egypt tour packages\",\"url\":\"https:\/\/egytourpackages.com\/cs\/\",\"logo\":{\"@id\":\"https:\/\/egytourpackages.com\/cs\/prohlidky\/soukrome-transfery-z-letiste-hurghada-do-sahl-hasheesh\/#local-main-organization-logo\"},\"image\":{\"@id\":\"https:\/\/egytourpackages.com\/cs\/prohlidky\/soukrome-transfery-z-letiste-hurghada-do-sahl-hasheesh\/#local-main-organization-logo\"},\"sameAs\":[\"https:\/\/www.facebook.com\/egytourpackages\"],\"legalName\":\"Egy tour packages\",\"address\":{\"@id\":\"https:\/\/egytourpackages.com\/cs\/prohlidky\/soukrome-transfery-z-letiste-hurghada-do-sahl-hasheesh\/#local-main-place-address\"},\"telephone\":[\"00201000852186\",\"00201028685533\"],\"contactPoint\":{\"@type\":\"ContactPoint\",\"telephone\":\"00201000852186\"},\"openingHoursSpecification\":[{\"@type\":\"OpeningHoursSpecification\",\"dayOfWeek\":[\"Monday\",\"Tuesday\",\"Wednesday\",\"Thursday\",\"Friday\",\"Saturday\",\"Sunday\"],\"opens\":\"00:00\",\"closes\":\"23:59\"}],\"email\":\"info@egytourpackages.com\",\"areaServed\":\"Cairo, Hurghada, Luxor, Sharm El Sheikh, Marsa Alam, Aswan\",\"priceRange\":\"$\",\"currenciesAccepted\":\"euro\",\"paymentAccepted\":\"Payment links online\"},{\"@type\":\"PostalAddress\",\"@id\":\"https:\/\/egytourpackages.com\/cs\/prohlidky\/soukrome-transfery-z-letiste-hurghada-do-sahl-hasheesh\/#local-main-place-address\",\"streetAddress\":\"Mubarak 8, Al Kawthar District, Hurghada\",\"addressLocality\":\"Hurghada\",\"postalCode\":\"84511\",\"addressRegion\":\"Red Sea\",\"addressCountry\":\"EG\"},{\"@type\":\"ImageObject\",\"inLanguage\":\"cs\",\"@id\":\"https:\/\/egytourpackages.com\/cs\/prohlidky\/soukrome-transfery-z-letiste-hurghada-do-sahl-hasheesh\/#local-main-organization-logo\",\"url\":\"https:\/\/egytourpackages.com\/wp-content\/uploads\/2025\/12\/Turquoise-Dahabiya-Nile-Cruise-1.jpeg\",\"contentUrl\":\"https:\/\/egytourpackages.com\/wp-content\/uploads\/2025\/12\/Turquoise-Dahabiya-Nile-Cruise-1.jpeg\",\"width\":1040,\"height\":694,\"caption\":\"egypt tour packages\"}]}<\/script>\n<meta property=\"product:brand\" content=\"Jednodenn\u00ed v\u00fdlety po Egypt\u011b\" \/>\n<meta property=\"product:price:amount\" content=\"0\" \/>\n<meta property=\"product:price:currency\" content=\"EUR\" \/>\n<meta property=\"og:availability\" content=\"instock\" \/>\n<meta property=\"product:availability\" content=\"instock\" \/>\n<meta property=\"product:retailer_item_id\" content=\"AT 06\" \/>\n<meta property=\"product:condition\" content=\"new\" \/>\n<meta name=\"geo.placename\" content=\"Hurghada\" \/>\n<meta name=\"geo.region\" content=\"Egypt\" \/>\n<!-- \/ Yoast SEO Premium plugin. -->","yoast_head_json":{"title":"Soukrom\u00e9 transfery z leti\u0161t\u011b Hurghada do Sahl Hasheesh","description":"U\u017eijte si pohodl\u00ed a klid s na\u0161imi Soukrom\u00e9 transfery z leti\u0161t\u011b Hurghada do Sahl Hasheesh. Modern\u00ed vozy, fixn\u00ed ceny a profesion\u00e1ln\u00ed \u0159idi\u010di. Rezervujte nyn\u00ed!","robots":{"index":"index","follow":"follow","max-snippet":"max-snippet:-1","max-image-preview":"max-image-preview:large","max-video-preview":"max-video-preview:-1"},"canonical":"https:\/\/egytourpackages.com\/cs\/prohlidky\/soukrome-transfery-z-letiste-hurghada-do-sahl-hasheesh\/","og_locale":"cs_CZ","og_type":"article","og_title":"Soukrom\u00e9 transfery z leti\u0161t\u011b Hurghada do Sahl Hasheesh","og_description":"U\u017eijte si pohodl\u00ed a klid s na\u0161imi Soukrom\u00e9 transfery z leti\u0161t\u011b Hurghada do Sahl Hasheesh. Modern\u00ed vozy, fixn\u00ed ceny a profesion\u00e1ln\u00ed \u0159idi\u010di. Rezervujte nyn\u00ed!","og_url":"https:\/\/egytourpackages.com\/cs\/prohlidky\/soukrome-transfery-z-letiste-hurghada-do-sahl-hasheesh\/","og_site_name":"Z\u00e1jezdy po Egypt\u011b","article_publisher":"https:\/\/www.facebook.com\/egytourpackages","article_modified_time":"2026-02-17T10:00:17+00:00","og_image":[{"width":1400,"height":1050,"url":"https:\/\/egytourpackages.com\/wp-content\/uploads\/2026\/02\/Private-Transfers-from-Hurghada-Airport-to-Sahl-Hasheesh.jpeg","type":"image\/jpeg"}],"twitter_card":"summary_large_image","twitter_misc":{"Cena":"&euro;0","Dostupnost":"Skladem"},"schema":{"@context":"https:\/\/schema.org","@graph":[{"@type":"WebPage","@id":"https:\/\/egytourpackages.com\/cs\/prohlidky\/soukrome-transfery-z-letiste-hurghada-do-sahl-hasheesh\/","url":"https:\/\/egytourpackages.com\/cs\/prohlidky\/soukrome-transfery-z-letiste-hurghada-do-sahl-hasheesh\/","name":"Soukrom\u00e9 transfery z leti\u0161t\u011b Hurghada do Sahl Hasheesh","isPartOf":{"@id":"https:\/\/egytourpackages.com\/cs\/#website"},"primaryImageOfPage":{"@id":"https:\/\/egytourpackages.com\/cs\/prohlidky\/soukrome-transfery-z-letiste-hurghada-do-sahl-hasheesh\/#primaryimage"},"image":{"@id":"https:\/\/egytourpackages.com\/cs\/prohlidky\/soukrome-transfery-z-letiste-hurghada-do-sahl-hasheesh\/#primaryimage"},"thumbnailUrl":"https:\/\/egytourpackages.com\/wp-content\/uploads\/2026\/02\/Private-Transfers-from-Hurghada-Airport-to-Sahl-Hasheesh.jpeg","datePublished":"2026-02-12T14:05:14+00:00","dateModified":"2026-02-17T10:00:17+00:00","description":"U\u017eijte si pohodl\u00ed a klid s na\u0161imi Soukrom\u00e9 transfery z leti\u0161t\u011b Hurghada do Sahl Hasheesh. Modern\u00ed vozy, fixn\u00ed ceny a profesion\u00e1ln\u00ed \u0159idi\u010di. Rezervujte nyn\u00ed!","breadcrumb":{"@id":"https:\/\/egytourpackages.com\/cs\/prohlidky\/soukrome-transfery-z-letiste-hurghada-do-sahl-hasheesh\/#breadcrumb"},"inLanguage":"cs","potentialAction":[{"@type":"ReadAction","target":["https:\/\/egytourpackages.com\/cs\/prohlidky\/soukrome-transfery-z-letiste-hurghada-do-sahl-hasheesh\/"]}]},{"@type":"ImageObject","inLanguage":"cs","@id":"https:\/\/egytourpackages.com\/cs\/prohlidky\/soukrome-transfery-z-letiste-hurghada-do-sahl-hasheesh\/#primaryimage","url":"https:\/\/egytourpackages.com\/wp-content\/uploads\/2026\/02\/Private-Transfers-from-Hurghada-Airport-to-Sahl-Hasheesh.jpeg","contentUrl":"https:\/\/egytourpackages.com\/wp-content\/uploads\/2026\/02\/Private-Transfers-from-Hurghada-Airport-to-Sahl-Hasheesh.jpeg","width":1400,"height":1050,"caption":"Soukrom\u00e9 transfery z leti\u0161t\u011b Hurghada do Sahl Hasheesh"},{"@type":"BreadcrumbList","@id":"https:\/\/egytourpackages.com\/cs\/prohlidky\/soukrome-transfery-z-letiste-hurghada-do-sahl-hasheesh\/#breadcrumb","itemListElement":[{"@type":"ListItem","position":1,"name":"Dom\u016f","item":"https:\/\/egytourpackages.com\/cs\/balicky-vyletu-po-egypte\/"},{"@type":"ListItem","position":2,"name":"Shop","item":"https:\/\/egytourpackages.com\/cs\/shop\/"},{"@type":"ListItem","position":3,"name":"Soukrom\u00e9 transfery z leti\u0161t\u011b Hurghada do Sahl Hasheesh"}]},{"@type":"WebSite","@id":"https:\/\/egytourpackages.com\/cs\/#website","url":"https:\/\/egytourpackages.com\/cs\/","name":"Egy tour packages","description":"","publisher":{"@id":"https:\/\/egytourpackages.com\/cs\/#organization"},"potentialAction":[{"@type":"SearchAction","target":{"@type":"EntryPoint","urlTemplate":"https:\/\/egytourpackages.com\/cs\/?s={search_term_string}"},"query-input":{"@type":"PropertyValueSpecification","valueRequired":true,"valueName":"search_term_string"}}],"inLanguage":"cs"},{"@type":["Organization","Place","TravelAgency"],"@id":"https:\/\/egytourpackages.com\/cs\/#organization","name":"egypt tour packages","alternateName":"egypt tour packages","url":"https:\/\/egytourpackages.com\/cs\/","logo":{"@id":"https:\/\/egytourpackages.com\/cs\/prohlidky\/soukrome-transfery-z-letiste-hurghada-do-sahl-hasheesh\/#local-main-organization-logo"},"image":{"@id":"https:\/\/egytourpackages.com\/cs\/prohlidky\/soukrome-transfery-z-letiste-hurghada-do-sahl-hasheesh\/#local-main-organization-logo"},"sameAs":["https:\/\/www.facebook.com\/egytourpackages"],"legalName":"Egy tour packages","address":{"@id":"https:\/\/egytourpackages.com\/cs\/prohlidky\/soukrome-transfery-z-letiste-hurghada-do-sahl-hasheesh\/#local-main-place-address"},"telephone":["00201000852186","00201028685533"],"contactPoint":{"@type":"ContactPoint","telephone":"00201000852186"},"openingHoursSpecification":[{"@type":"OpeningHoursSpecification","dayOfWeek":["Monday","Tuesday","Wednesday","Thursday","Friday","Saturday","Sunday"],"opens":"00:00","closes":"23:59"}],"email":"info@egytourpackages.com","areaServed":"Cairo, Hurghada, Luxor, Sharm El Sheikh, Marsa Alam, Aswan","priceRange":"$","currenciesAccepted":"euro","paymentAccepted":"Payment links online"},{"@type":"PostalAddress","@id":"https:\/\/egytourpackages.com\/cs\/prohlidky\/soukrome-transfery-z-letiste-hurghada-do-sahl-hasheesh\/#local-main-place-address","streetAddress":"Mubarak 8, Al Kawthar District, Hurghada","addressLocality":"Hurghada","postalCode":"84511","addressRegion":"Red Sea","addressCountry":"EG"},{"@type":"ImageObject","inLanguage":"cs","@id":"https:\/\/egytourpackages.com\/cs\/prohlidky\/soukrome-transfery-z-letiste-hurghada-do-sahl-hasheesh\/#local-main-organization-logo","url":"https:\/\/egytourpackages.com\/wp-content\/uploads\/2025\/12\/Turquoise-Dahabiya-Nile-Cruise-1.jpeg","contentUrl":"https:\/\/egytourpackages.com\/wp-content\/uploads\/2025\/12\/Turquoise-Dahabiya-Nile-Cruise-1.jpeg","width":1040,"height":694,"caption":"egypt tour packages"}]},"product_brand":"Jednodenn\u00ed v\u00fdlety po Egypt\u011b","product_price_currency":"EUR","og_availability":"instock","product_availability":"instock","product_retailer_item_id":"AT 06","product_condition":"new","geo.placename":"Hurghada","geo.region":"Egypt"},"_links":{"self":[{"href":"https:\/\/egytourpackages.com\/cs\/wp-json\/wp\/v2\/product\/15212","targetHints":{"allow":["GET"]}}],"collection":[{"href":"https:\/\/egytourpackages.com\/cs\/wp-json\/wp\/v2\/product"}],"about":[{"href":"https:\/\/egytourpackages.com\/cs\/wp-json\/wp\/v2\/types\/product"}],"replies":[{"embeddable":true,"href":"https:\/\/egytourpackages.com\/cs\/wp-json\/wp\/v2\/comments?post=15212"}],"wp:featuredmedia":[{"embeddable":true,"href":"https:\/\/egytourpackages.com\/cs\/wp-json\/wp\/v2\/media\/14862"}],"wp:attachment":[{"href":"https:\/\/egytourpackages.com\/cs\/wp-json\/wp\/v2\/media?parent=15212"}],"wp:term":[{"taxonomy":"product_brand","embeddable":true,"href":"https:\/\/egytourpackages.com\/cs\/wp-json\/wp\/v2\/product_brand?post=15212"},{"taxonomy":"product_cat","embeddable":true,"href":"https:\/\/egytourpackages.com\/cs\/wp-json\/wp\/v2\/product_cat?post=15212"},{"taxonomy":"product_tag","embeddable":true,"href":"https:\/\/egytourpackages.com\/cs\/wp-json\/wp\/v2\/product_tag?post=15212"}],"curies":[{"name":"wp","href":"https:\/\/api.w.org\/{rel}","templated":true}]}}