{"id":15283,"date":"2026-02-12T11:32:31","date_gmt":"2026-02-12T11:32:31","guid":{"rendered":"https:\/\/egytourpackages.com\/product\/soukromy-transfer-z-letiste-hurghada-do-soma-bay\/"},"modified":"2026-02-20T22:22:31","modified_gmt":"2026-02-20T22:22:31","slug":"soukromy-transfer-z-letiste-hurghada-do-soma-bay","status":"publish","type":"product","link":"https:\/\/egytourpackages.com\/cs\/prohlidky\/soukromy-transfer-z-letiste-hurghada-do-soma-bay\/","title":{"rendered":"Soukrom\u00fd transfer z leti\u0161t\u011b Hurghada do Soma Bay"},"content":{"rendered":"<p><span style=\"color: #ff6600;\"><strong>Soukrom\u00fd transfer z leti\u0161t\u011b Hurghada do Soma Bay: Cesta bez stresu<\/strong><\/span><\/p>\n<p>Za\u017eijte maxim\u00e1ln\u00ed pohodl\u00ed se <strong>soukrom\u00fdm transferem z leti\u0161t\u011b Hurghada do Soma Bay<\/strong>. Vyhn\u011bte se dlouh\u00fdm front\u00e1m na taxi a p\u0159epln\u011bn\u00fdm kyvadlov\u00fdm autobus\u016fm a rezervujte si <strong>j\u00edzdu bez stresu<\/strong> p\u0159\u00edmo do va\u0161eho resortu.<\/p>\n<p>A\u0165 u\u017e bydl\u00edte v hotelu Cascades, Kempinski nebo Sheraton, na\u0161e <strong>luxusn\u00ed leti\u0161tn\u00ed transfery<\/strong> zajist\u00ed, \u017ee va\u0161e dovolen\u00e1 za\u010dne ve velk\u00e9m stylu.<\/p>\n<h3><span style=\"color: #993366;\"><em>Spolehliv\u00e1 slu\u017eba vyzvednut\u00ed na leti\u0161ti 24\/7<\/em><\/span><\/h3>\n<p>N\u00e1\u0161 <strong>transfer z Hurghady do Soma Bay<\/strong> je k dispozici 24 hodin denn\u011b, 7 dn\u00ed v t\u00fddnu. Sledujeme stav va\u0161eho letu v re\u00e1ln\u00e9m \u010dase, tak\u017ee i kdy\u017e se v\u00e1\u0161 let opozd\u00ed, v\u00e1\u0161 <strong>soukrom\u00fd \u0159idi\u010d<\/strong> tam bude na v\u00e1s \u010dekat.<\/p>\n<p>Po p\u0159ist\u00e1n\u00ed na v\u00e1s bude \u0159idi\u010d \u010dekat p\u0159ed p\u0159\u00edletovou halou a bude dr\u017eet <strong>ceduli s va\u0161\u00edm jm\u00e9nem<\/strong>.<\/p>\n<h3><span style=\"color: #993366;\">Pro\u010d si vybrat Egy Tour Packages pro v\u00e1\u0161 transfer do Soma Bay?<\/span><\/h3>\n<p>Zakl\u00e1d\u00e1me si na poskytov\u00e1n\u00ed <strong>pr\u00e9miov\u00fdch p\u0159epravn\u00edch slu\u017eeb<\/strong> \u0161it\u00fdch na m\u00edru va\u0161im pot\u0159eb\u00e1m. N\u00e1\u0161 vozov\u00fd park se skl\u00e1d\u00e1 z <strong>modern\u00edch neku\u0159\u00e1ck\u00fdch voz\u016f<\/strong> vybaven\u00fdch nejnov\u011bj\u0161\u00edm vybaven\u00edm, kter\u00e9 zajist\u00ed p\u0159\u00edjemnou cestu.<\/p>\n<ul>\n<li><span style=\"color: #800080;\"><em><strong>Luxusn\u00ed vozov\u00fd park:<\/strong><\/em><\/span> U\u017eijte si klimatizovan\u00e1 vozidla s prostorn\u00fdmi, polohovateln\u00fdmi sedadly.<\/li>\n<li><span style=\"color: #800080;\"><em><strong>Profesion\u00e1ln\u00ed \u0159idi\u010di:<\/strong><\/em><\/span> N\u00e1\u0161 t\u00fdm se skl\u00e1d\u00e1 ze <strong>slu\u0161n\u00fdch, v\u00edcejazy\u010dn\u00fdch<\/strong> \u0159idi\u010d\u016f, kte\u0159\u00ed up\u0159ednost\u0148uj\u00ed va\u0161i bezpe\u010dnost.<\/li>\n<li><span style=\"color: #800080;\"><em><strong>Rezervace na posledn\u00ed chv\u00edli:<\/strong><\/em><\/span> Soukrom\u00e9 auto do Soma Bay si m\u016f\u017eete rezervovat a\u017e hodinu p\u0159ed p\u0159\u00edletem.<\/li>\n<li><span style=\"color: #800080;\"><em><strong>Slu\u017eba od dve\u0159\u00ed ke dve\u0159\u00edm:<\/strong><\/em><\/span> Postar\u00e1me se o va\u0161e <strong>zavazadla<\/strong> a odvezeme v\u00e1s p\u0159\u00edmo do haly va\u0161eho hotelu.<\/li>\n<\/ul>\n<h3><span style=\"color: #ff6600;\">Snadn\u00e1 platba za taxi v Hurghad\u011b<\/span><\/h3>\n<p>Rezervace je jednoduch\u00e1 a na\u0161e ceny jsou transparentn\u00ed. M\u016f\u017eete se rozhodnout <strong>zaplatit \u0159idi\u010di<\/strong> b\u011bhem cesty nebo po p\u0159\u00edjezdu do va\u0161eho <strong>resortu v Soma Bay<\/strong> \u2013 \u017e\u00e1dn\u00e9 skryt\u00e9 poplatky, \u017e\u00e1dn\u00fd stres \u2013 jen <strong>spolehliv\u00e9 taxi z leti\u0161t\u011b Hurghada<\/strong>.<\/p>\n<p>Hled\u00e1te n\u011bco v\u00edc? Prozkoumejte na\u0161i <strong>sekci leti\u0161tn\u00edch transfer\u016f<\/strong> pro <strong>soukrom\u00e9 transfery do m\u011bsta Hurghada<\/strong>, m\u00edstn\u00ed n\u00e1kupn\u00ed v\u00fdlety nebo dopravu do jin\u00fdch destinac\u00ed u Rud\u00e9ho mo\u0159e.<\/p>\n<h3><span style=\"color: #ff6600;\">Zahrnuto v tomto transferu<\/span><\/h3>\n<ul>\n<li>Soukrom\u00fd transfer z leti\u0161t\u011b Hurghada do Soma Bay.<\/li>\n<li>Bezplatn\u00e9 Wi-Fi p\u0159ipojen\u00ed po celou dobu j\u00edzdy.<\/li>\n<li>Uv\u00edtac\u00ed n\u00e1poj zdarma pro ka\u017ed\u00e9ho cestuj\u00edc\u00edho.<\/li>\n<li>Profesion\u00e1ln\u00ed a p\u0159\u00e1tel\u0161t\u00ed \u0159idi\u010di.<\/li>\n<li>V\u0161echny dan\u011b a servisn\u00ed poplatky.<\/li>\n<\/ul>\n<h3><span style=\"color: #ff6600;\">Nezahrnuto v transferech do Soma Bay<\/span><\/h3>\n<ul>\n<li>Vstupn\u00ed v\u00edzum do Egypta (vy\u017eaduje se po p\u0159\u00edletu).<\/li>\n<li>Spropitn\u00e9 pro \u0159idi\u010de (dobrovoln\u00e9).<\/li>\n<\/ul>\n<h3><span style=\"color: #993366;\"><em>Pozn\u00e1mka<\/em><\/span><\/h3>\n<p>Upozor\u0148ujeme, \u017ee na\u0161e cena za transfery z leti\u0161t\u011b Hurghada do resort\u016f v Soma Bay je za vozidlo a ne\u010dekaj\u00ed v\u00e1s \u017e\u00e1dn\u00e1 skryt\u00e1 p\u0159ekvapen\u00ed. Dal\u0161\u00ed informace o taxi transferech z leti\u0161t\u011b Hurghada naleznete v na\u0161\u00ed sekci <strong>leti\u0161tn\u00ed transfery<\/strong>.<\/p>\n<h3><span style=\"color: #ff6600;\">Cena soukrom\u00e9ho transferu z leti\u0161t\u011b Hurghada do hotel\u016f v Soma Bay<\/span><\/h3>\n<p>Na\u0161e ceny jsou navr\u017eeny tak, aby nab\u00edzely nejlep\u0161\u00ed hodnotu za v\u00e1\u0161 <strong>soukrom\u00fd transfer z leti\u0161t\u011b Hurghada<\/strong>. A\u0165 u\u017e cestujete sami nebo ve skupin\u011b, poskytujeme konkurenceschopn\u00e9 ceny za <strong>luxusn\u00ed slu\u017ebu od dve\u0159\u00ed ke dve\u0159\u00edm<\/strong>.<\/p>\n<p><span style=\"color: #993366;\"><em>N\u00ed\u017ee jsou uvedeny sazby na osobu na z\u00e1klad\u011b velikosti va\u0161\u00ed skupiny:<\/em><\/span><\/p>\n<table>\n<thead>\n<tr>\n<td><strong>Po\u010det cestuj\u00edc\u00edch<\/strong><\/td>\n<td><strong>Cena za osobu<\/strong><\/td>\n<td><strong>Celkov\u00e1 cena transferu<\/strong><\/td>\n<\/tr>\n<\/thead>\n<tbody>\n<tr>\n<td><strong>1 osoba<\/strong><\/td>\n<td><strong>\u20ac30<\/strong><\/td>\n<td><strong>\u20ac30<\/strong><\/td>\n<\/tr>\n<tr>\n<td><strong>2 osoby<\/strong><\/td>\n<td><strong>\u20ac15<\/strong><\/td>\n<td><strong>\u20ac30<\/strong><\/td>\n<\/tr>\n<tr>\n<td><strong>3+ osoby<\/strong><\/td>\n<td><strong>\u20ac10<\/strong><\/td>\n<td><strong>\u20ac30<\/strong><\/td>\n<\/tr>\n<\/tbody>\n<\/table>\n<h3><span style=\"color: #ff6600;\">Rezervace<\/span><\/h3>\n<p>Sv\u016fj v\u00fdlet si m\u016f\u017eete rezervovat p\u0159es WhatsApp nebo n\u00e1m poslat e-mail a potvrzen\u00ed obdr\u017e\u00edte okam\u017eit\u011b.<\/p>\n<p><strong>WhatsApp:<\/strong> +201000852186<\/p>\n<p><strong>Email:<\/strong> info@egytourpackages.com<\/p>\n<h3><span style=\"color: #ff6600;\">Rezervujte nyn\u00ed a pla\u0165te na m\u00edst\u011b<\/span><\/h3>\n<p>Rezervujte si sv\u016fj obl\u00edben\u00fd transfer a zapla\u0165te p\u0159\u00edmo na m\u00edst\u011b.<\/p>\n<h3><span style=\"color: #ff6600;\">Platba<\/span><\/h3>\n<p>M\u016f\u017eete platit v egyptsk\u00fdch libr\u00e1ch, $, \u20ac nebo \u00a3.<\/p>\n<h3><span style=\"color: #ff6600;\">Storno podm\u00ednky<\/span><\/h3>\n<p>Zru\u0161en\u00ed rezervace je zdarma.<\/p>\n","protected":false},"excerpt":{"rendered":"<p>Rezervujte si <b data-path-to-node=\"0\" data-index-in-node=\"14\">Soukrom\u00fd transfer z leti\u0161t\u011b Hurghada do Soma Bay<\/b>. U\u017eijte si pohodlnou a bezpe\u010dnou j\u00edzdu p\u0159\u00edmo do va\u0161eho hotelu za skv\u011blou cenu. Rezervujte zde<\/p>\n","protected":false},"featured_media":14831,"comment_status":"closed","ping_status":"closed","template":"","meta":[],"product_brand":[],"product_cat":[1466],"product_tag":[2392,4229,4232,4231,4230,2394,4228],"class_list":{"0":"post-15283","1":"product","2":"type-product","3":"status-publish","4":"has-post-thumbnail","6":"product_cat-vylety","7":"product_tag-letistni-transfery","8":"product_tag-rezervujte-si-soukromy-transfer-z-letiste-hurghada-do-hotelu-kempinski","9":"product_tag-rezervujte-si-soukromy-transfer-z-letiste-hurghada-do-jaz-soma-bay","10":"product_tag-rezervujte-si-soukromy-transfer-z-letiste-hurghada-do-kaktus-soma-bay","11":"product_tag-rezervujte-si-soukromy-transfer-z-letiste-hurghada-do-sheraton-soma-bay","12":"product_tag-taxi-hurghada-cs","13":"product_tag-vylety-ze-soma-bay-2","14":"tour_category-jednodenni-vylety-po-egypte-cs","15":"tour_category-transfery-z-letiste-a-na-letiste","16":"tour_category-vylety-do-soma-bay","18":"first","19":"instock","20":"sale","21":"shipping-taxable","22":"purchasable","23":"product-type-tour","24":"has-default-attributes"},"yoast_head":"<!-- This site is optimized with the Yoast SEO Premium plugin v27.2 (Yoast SEO v27.2) - https:\/\/yoast.com\/product\/yoast-seo-premium-wordpress\/ -->\n<title>Soukrom\u00fd transfer z leti\u0161t\u011b Hurghada do Soma Bay<\/title>\n<meta name=\"description\" content=\"Rezervujte si Soukrom\u00fd transfer z leti\u0161t\u011b Hurghada do Soma Bay. U\u017eijte si pohodlnou a bezpe\u010dnou j\u00edzdu p\u0159\u00edmo do va\u0161eho hotelu za skv\u011blou cenu. Rezervujte zde\" \/>\n<meta name=\"robots\" content=\"index, follow, max-snippet:-1, max-image-preview:large, max-video-preview:-1\" \/>\n<link rel=\"canonical\" href=\"https:\/\/egytourpackages.com\/cs\/prohlidky\/soukromy-transfer-z-letiste-hurghada-do-soma-bay\/\" \/>\n<meta property=\"og:locale\" content=\"cs_CZ\" \/>\n<meta property=\"og:type\" content=\"article\" \/>\n<meta property=\"og:title\" content=\"Soukrom\u00fd transfer z leti\u0161t\u011b Hurghada do Soma Bay\" \/>\n<meta property=\"og:description\" content=\"Rezervujte si Soukrom\u00fd transfer z leti\u0161t\u011b Hurghada do Soma Bay. U\u017eijte si pohodlnou a bezpe\u010dnou j\u00edzdu p\u0159\u00edmo do va\u0161eho hotelu za skv\u011blou cenu. Rezervujte zde\" \/>\n<meta property=\"og:url\" content=\"https:\/\/egytourpackages.com\/cs\/prohlidky\/soukromy-transfer-z-letiste-hurghada-do-soma-bay\/\" \/>\n<meta property=\"og:site_name\" content=\"Z\u00e1jezdy po Egypt\u011b\" \/>\n<meta property=\"article:publisher\" content=\"https:\/\/www.facebook.com\/egytourpackages\" \/>\n<meta property=\"article:modified_time\" content=\"2026-02-20T22:22:31+00:00\" \/>\n<meta property=\"og:image\" content=\"https:\/\/egytourpackages.com\/wp-content\/uploads\/2026\/02\/Private-Transfers-from-Hurghada-Airport-to-Soma-Bay.jpeg\" \/>\n\t<meta property=\"og:image:width\" content=\"1500\" \/>\n\t<meta property=\"og:image:height\" content=\"843\" \/>\n\t<meta property=\"og:image:type\" content=\"image\/jpeg\" \/>\n<meta name=\"twitter:card\" content=\"summary_large_image\" \/>\n<meta name=\"twitter:label1\" content=\"Cena\" \/>\n\t<meta name=\"twitter:data1\" content=\"&euro;0\" \/>\n\t<meta name=\"twitter:label2\" content=\"Dostupnost\" \/>\n\t<meta name=\"twitter:data2\" content=\"Skladem\" \/>\n<script type=\"application\/ld+json\" class=\"yoast-schema-graph\">{\"@context\":\"https:\/\/schema.org\",\"@graph\":[{\"@type\":\"WebPage\",\"@id\":\"https:\/\/egytourpackages.com\/cs\/prohlidky\/soukromy-transfer-z-letiste-hurghada-do-soma-bay\/\",\"url\":\"https:\/\/egytourpackages.com\/cs\/prohlidky\/soukromy-transfer-z-letiste-hurghada-do-soma-bay\/\",\"name\":\"Soukrom\u00fd transfer z leti\u0161t\u011b Hurghada do Soma Bay\",\"isPartOf\":{\"@id\":\"https:\/\/egytourpackages.com\/cs\/#website\"},\"primaryImageOfPage\":{\"@id\":\"https:\/\/egytourpackages.com\/cs\/prohlidky\/soukromy-transfer-z-letiste-hurghada-do-soma-bay\/#primaryimage\"},\"image\":{\"@id\":\"https:\/\/egytourpackages.com\/cs\/prohlidky\/soukromy-transfer-z-letiste-hurghada-do-soma-bay\/#primaryimage\"},\"thumbnailUrl\":\"https:\/\/egytourpackages.com\/wp-content\/uploads\/2026\/02\/Private-Transfers-from-Hurghada-Airport-to-Soma-Bay.jpeg\",\"datePublished\":\"2026-02-12T11:32:31+00:00\",\"dateModified\":\"2026-02-20T22:22:31+00:00\",\"description\":\"Rezervujte si Soukrom\u00fd transfer z leti\u0161t\u011b Hurghada do Soma Bay. U\u017eijte si pohodlnou a bezpe\u010dnou j\u00edzdu p\u0159\u00edmo do va\u0161eho hotelu za skv\u011blou cenu. Rezervujte zde\",\"breadcrumb\":{\"@id\":\"https:\/\/egytourpackages.com\/cs\/prohlidky\/soukromy-transfer-z-letiste-hurghada-do-soma-bay\/#breadcrumb\"},\"inLanguage\":\"cs\",\"potentialAction\":[{\"@type\":\"ReadAction\",\"target\":[\"https:\/\/egytourpackages.com\/cs\/prohlidky\/soukromy-transfer-z-letiste-hurghada-do-soma-bay\/\"]}]},{\"@type\":\"ImageObject\",\"inLanguage\":\"cs\",\"@id\":\"https:\/\/egytourpackages.com\/cs\/prohlidky\/soukromy-transfer-z-letiste-hurghada-do-soma-bay\/#primaryimage\",\"url\":\"https:\/\/egytourpackages.com\/wp-content\/uploads\/2026\/02\/Private-Transfers-from-Hurghada-Airport-to-Soma-Bay.jpeg\",\"contentUrl\":\"https:\/\/egytourpackages.com\/wp-content\/uploads\/2026\/02\/Private-Transfers-from-Hurghada-Airport-to-Soma-Bay.jpeg\",\"width\":1500,\"height\":843,\"caption\":\"Soukrom\u00fd transfer z leti\u0161t\u011b Hurghada do Soma Bay\"},{\"@type\":\"BreadcrumbList\",\"@id\":\"https:\/\/egytourpackages.com\/cs\/prohlidky\/soukromy-transfer-z-letiste-hurghada-do-soma-bay\/#breadcrumb\",\"itemListElement\":[{\"@type\":\"ListItem\",\"position\":1,\"name\":\"Dom\u016f\",\"item\":\"https:\/\/egytourpackages.com\/cs\/balicky-vyletu-po-egypte\/\"},{\"@type\":\"ListItem\",\"position\":2,\"name\":\"Shop\",\"item\":\"https:\/\/egytourpackages.com\/cs\/shop\/\"},{\"@type\":\"ListItem\",\"position\":3,\"name\":\"Soukrom\u00fd transfer z leti\u0161t\u011b Hurghada do Soma Bay\"}]},{\"@type\":\"WebSite\",\"@id\":\"https:\/\/egytourpackages.com\/cs\/#website\",\"url\":\"https:\/\/egytourpackages.com\/cs\/\",\"name\":\"Egy tour packages\",\"description\":\"\",\"publisher\":{\"@id\":\"https:\/\/egytourpackages.com\/cs\/#organization\"},\"potentialAction\":[{\"@type\":\"SearchAction\",\"target\":{\"@type\":\"EntryPoint\",\"urlTemplate\":\"https:\/\/egytourpackages.com\/cs\/?s={search_term_string}\"},\"query-input\":{\"@type\":\"PropertyValueSpecification\",\"valueRequired\":true,\"valueName\":\"search_term_string\"}}],\"inLanguage\":\"cs\"},{\"@type\":[\"Organization\",\"Place\",\"TravelAgency\"],\"@id\":\"https:\/\/egytourpackages.com\/cs\/#organization\",\"name\":\"egypt tour packages\",\"alternateName\":\"egypt tour packages\",\"url\":\"https:\/\/egytourpackages.com\/cs\/\",\"logo\":{\"@id\":\"https:\/\/egytourpackages.com\/cs\/prohlidky\/soukromy-transfer-z-letiste-hurghada-do-soma-bay\/#local-main-organization-logo\"},\"image\":{\"@id\":\"https:\/\/egytourpackages.com\/cs\/prohlidky\/soukromy-transfer-z-letiste-hurghada-do-soma-bay\/#local-main-organization-logo\"},\"sameAs\":[\"https:\/\/www.facebook.com\/egytourpackages\"],\"legalName\":\"Egy tour packages\",\"address\":{\"@id\":\"https:\/\/egytourpackages.com\/cs\/prohlidky\/soukromy-transfer-z-letiste-hurghada-do-soma-bay\/#local-main-place-address\"},\"telephone\":[\"00201000852186\",\"00201028685533\"],\"contactPoint\":{\"@type\":\"ContactPoint\",\"telephone\":\"00201000852186\"},\"openingHoursSpecification\":[{\"@type\":\"OpeningHoursSpecification\",\"dayOfWeek\":[\"Monday\",\"Tuesday\",\"Wednesday\",\"Thursday\",\"Friday\",\"Saturday\",\"Sunday\"],\"opens\":\"00:00\",\"closes\":\"23:59\"}],\"email\":\"info@egytourpackages.com\",\"areaServed\":\"Cairo, Hurghada, Luxor, Sharm El Sheikh, Marsa Alam, Aswan\",\"priceRange\":\"$\",\"currenciesAccepted\":\"euro\",\"paymentAccepted\":\"Payment links online\"},{\"@type\":\"PostalAddress\",\"@id\":\"https:\/\/egytourpackages.com\/cs\/prohlidky\/soukromy-transfer-z-letiste-hurghada-do-soma-bay\/#local-main-place-address\",\"streetAddress\":\"Mubarak 8, Al Kawthar District, Hurghada\",\"addressLocality\":\"Hurghada\",\"postalCode\":\"84511\",\"addressRegion\":\"Red Sea\",\"addressCountry\":\"EG\"},{\"@type\":\"ImageObject\",\"inLanguage\":\"cs\",\"@id\":\"https:\/\/egytourpackages.com\/cs\/prohlidky\/soukromy-transfer-z-letiste-hurghada-do-soma-bay\/#local-main-organization-logo\",\"url\":\"https:\/\/egytourpackages.com\/wp-content\/uploads\/2025\/12\/Turquoise-Dahabiya-Nile-Cruise-1.jpeg\",\"contentUrl\":\"https:\/\/egytourpackages.com\/wp-content\/uploads\/2025\/12\/Turquoise-Dahabiya-Nile-Cruise-1.jpeg\",\"width\":1040,\"height\":694,\"caption\":\"egypt tour packages\"}]}<\/script>\n<meta property=\"product:brand\" content=\"Jednodenn\u00ed v\u00fdlety po Egypt\u011b\" \/>\n<meta property=\"product:price:amount\" content=\"0\" \/>\n<meta property=\"product:price:currency\" content=\"EUR\" \/>\n<meta property=\"og:availability\" content=\"instock\" \/>\n<meta property=\"product:availability\" content=\"instock\" \/>\n<meta property=\"product:retailer_item_id\" content=\"AT 05\" \/>\n<meta property=\"product:condition\" content=\"new\" \/>\n<meta name=\"geo.placename\" content=\"Hurghada\" \/>\n<meta name=\"geo.region\" content=\"Egypt\" \/>\n<!-- \/ Yoast SEO Premium plugin. -->","yoast_head_json":{"title":"Soukrom\u00fd transfer z leti\u0161t\u011b Hurghada do Soma Bay","description":"Rezervujte si Soukrom\u00fd transfer z leti\u0161t\u011b Hurghada do Soma Bay. U\u017eijte si pohodlnou a bezpe\u010dnou j\u00edzdu p\u0159\u00edmo do va\u0161eho hotelu za skv\u011blou cenu. Rezervujte zde","robots":{"index":"index","follow":"follow","max-snippet":"max-snippet:-1","max-image-preview":"max-image-preview:large","max-video-preview":"max-video-preview:-1"},"canonical":"https:\/\/egytourpackages.com\/cs\/prohlidky\/soukromy-transfer-z-letiste-hurghada-do-soma-bay\/","og_locale":"cs_CZ","og_type":"article","og_title":"Soukrom\u00fd transfer z leti\u0161t\u011b Hurghada do Soma Bay","og_description":"Rezervujte si Soukrom\u00fd transfer z leti\u0161t\u011b Hurghada do Soma Bay. U\u017eijte si pohodlnou a bezpe\u010dnou j\u00edzdu p\u0159\u00edmo do va\u0161eho hotelu za skv\u011blou cenu. Rezervujte zde","og_url":"https:\/\/egytourpackages.com\/cs\/prohlidky\/soukromy-transfer-z-letiste-hurghada-do-soma-bay\/","og_site_name":"Z\u00e1jezdy po Egypt\u011b","article_publisher":"https:\/\/www.facebook.com\/egytourpackages","article_modified_time":"2026-02-20T22:22:31+00:00","og_image":[{"width":1500,"height":843,"url":"https:\/\/egytourpackages.com\/wp-content\/uploads\/2026\/02\/Private-Transfers-from-Hurghada-Airport-to-Soma-Bay.jpeg","type":"image\/jpeg"}],"twitter_card":"summary_large_image","twitter_misc":{"Cena":"&euro;0","Dostupnost":"Skladem"},"schema":{"@context":"https:\/\/schema.org","@graph":[{"@type":"WebPage","@id":"https:\/\/egytourpackages.com\/cs\/prohlidky\/soukromy-transfer-z-letiste-hurghada-do-soma-bay\/","url":"https:\/\/egytourpackages.com\/cs\/prohlidky\/soukromy-transfer-z-letiste-hurghada-do-soma-bay\/","name":"Soukrom\u00fd transfer z leti\u0161t\u011b Hurghada do Soma Bay","isPartOf":{"@id":"https:\/\/egytourpackages.com\/cs\/#website"},"primaryImageOfPage":{"@id":"https:\/\/egytourpackages.com\/cs\/prohlidky\/soukromy-transfer-z-letiste-hurghada-do-soma-bay\/#primaryimage"},"image":{"@id":"https:\/\/egytourpackages.com\/cs\/prohlidky\/soukromy-transfer-z-letiste-hurghada-do-soma-bay\/#primaryimage"},"thumbnailUrl":"https:\/\/egytourpackages.com\/wp-content\/uploads\/2026\/02\/Private-Transfers-from-Hurghada-Airport-to-Soma-Bay.jpeg","datePublished":"2026-02-12T11:32:31+00:00","dateModified":"2026-02-20T22:22:31+00:00","description":"Rezervujte si Soukrom\u00fd transfer z leti\u0161t\u011b Hurghada do Soma Bay. U\u017eijte si pohodlnou a bezpe\u010dnou j\u00edzdu p\u0159\u00edmo do va\u0161eho hotelu za skv\u011blou cenu. Rezervujte zde","breadcrumb":{"@id":"https:\/\/egytourpackages.com\/cs\/prohlidky\/soukromy-transfer-z-letiste-hurghada-do-soma-bay\/#breadcrumb"},"inLanguage":"cs","potentialAction":[{"@type":"ReadAction","target":["https:\/\/egytourpackages.com\/cs\/prohlidky\/soukromy-transfer-z-letiste-hurghada-do-soma-bay\/"]}]},{"@type":"ImageObject","inLanguage":"cs","@id":"https:\/\/egytourpackages.com\/cs\/prohlidky\/soukromy-transfer-z-letiste-hurghada-do-soma-bay\/#primaryimage","url":"https:\/\/egytourpackages.com\/wp-content\/uploads\/2026\/02\/Private-Transfers-from-Hurghada-Airport-to-Soma-Bay.jpeg","contentUrl":"https:\/\/egytourpackages.com\/wp-content\/uploads\/2026\/02\/Private-Transfers-from-Hurghada-Airport-to-Soma-Bay.jpeg","width":1500,"height":843,"caption":"Soukrom\u00fd transfer z leti\u0161t\u011b Hurghada do Soma Bay"},{"@type":"BreadcrumbList","@id":"https:\/\/egytourpackages.com\/cs\/prohlidky\/soukromy-transfer-z-letiste-hurghada-do-soma-bay\/#breadcrumb","itemListElement":[{"@type":"ListItem","position":1,"name":"Dom\u016f","item":"https:\/\/egytourpackages.com\/cs\/balicky-vyletu-po-egypte\/"},{"@type":"ListItem","position":2,"name":"Shop","item":"https:\/\/egytourpackages.com\/cs\/shop\/"},{"@type":"ListItem","position":3,"name":"Soukrom\u00fd transfer z leti\u0161t\u011b Hurghada do Soma Bay"}]},{"@type":"WebSite","@id":"https:\/\/egytourpackages.com\/cs\/#website","url":"https:\/\/egytourpackages.com\/cs\/","name":"Egy tour packages","description":"","publisher":{"@id":"https:\/\/egytourpackages.com\/cs\/#organization"},"potentialAction":[{"@type":"SearchAction","target":{"@type":"EntryPoint","urlTemplate":"https:\/\/egytourpackages.com\/cs\/?s={search_term_string}"},"query-input":{"@type":"PropertyValueSpecification","valueRequired":true,"valueName":"search_term_string"}}],"inLanguage":"cs"},{"@type":["Organization","Place","TravelAgency"],"@id":"https:\/\/egytourpackages.com\/cs\/#organization","name":"egypt tour packages","alternateName":"egypt tour packages","url":"https:\/\/egytourpackages.com\/cs\/","logo":{"@id":"https:\/\/egytourpackages.com\/cs\/prohlidky\/soukromy-transfer-z-letiste-hurghada-do-soma-bay\/#local-main-organization-logo"},"image":{"@id":"https:\/\/egytourpackages.com\/cs\/prohlidky\/soukromy-transfer-z-letiste-hurghada-do-soma-bay\/#local-main-organization-logo"},"sameAs":["https:\/\/www.facebook.com\/egytourpackages"],"legalName":"Egy tour packages","address":{"@id":"https:\/\/egytourpackages.com\/cs\/prohlidky\/soukromy-transfer-z-letiste-hurghada-do-soma-bay\/#local-main-place-address"},"telephone":["00201000852186","00201028685533"],"contactPoint":{"@type":"ContactPoint","telephone":"00201000852186"},"openingHoursSpecification":[{"@type":"OpeningHoursSpecification","dayOfWeek":["Monday","Tuesday","Wednesday","Thursday","Friday","Saturday","Sunday"],"opens":"00:00","closes":"23:59"}],"email":"info@egytourpackages.com","areaServed":"Cairo, Hurghada, Luxor, Sharm El Sheikh, Marsa Alam, Aswan","priceRange":"$","currenciesAccepted":"euro","paymentAccepted":"Payment links online"},{"@type":"PostalAddress","@id":"https:\/\/egytourpackages.com\/cs\/prohlidky\/soukromy-transfer-z-letiste-hurghada-do-soma-bay\/#local-main-place-address","streetAddress":"Mubarak 8, Al Kawthar District, Hurghada","addressLocality":"Hurghada","postalCode":"84511","addressRegion":"Red Sea","addressCountry":"EG"},{"@type":"ImageObject","inLanguage":"cs","@id":"https:\/\/egytourpackages.com\/cs\/prohlidky\/soukromy-transfer-z-letiste-hurghada-do-soma-bay\/#local-main-organization-logo","url":"https:\/\/egytourpackages.com\/wp-content\/uploads\/2025\/12\/Turquoise-Dahabiya-Nile-Cruise-1.jpeg","contentUrl":"https:\/\/egytourpackages.com\/wp-content\/uploads\/2025\/12\/Turquoise-Dahabiya-Nile-Cruise-1.jpeg","width":1040,"height":694,"caption":"egypt tour packages"}]},"product_brand":"Jednodenn\u00ed v\u00fdlety po Egypt\u011b","product_price_currency":"EUR","og_availability":"instock","product_availability":"instock","product_retailer_item_id":"AT 05","product_condition":"new","geo.placename":"Hurghada","geo.region":"Egypt"},"_links":{"self":[{"href":"https:\/\/egytourpackages.com\/cs\/wp-json\/wp\/v2\/product\/15283","targetHints":{"allow":["GET"]}}],"collection":[{"href":"https:\/\/egytourpackages.com\/cs\/wp-json\/wp\/v2\/product"}],"about":[{"href":"https:\/\/egytourpackages.com\/cs\/wp-json\/wp\/v2\/types\/product"}],"replies":[{"embeddable":true,"href":"https:\/\/egytourpackages.com\/cs\/wp-json\/wp\/v2\/comments?post=15283"}],"wp:featuredmedia":[{"embeddable":true,"href":"https:\/\/egytourpackages.com\/cs\/wp-json\/wp\/v2\/media\/14831"}],"wp:attachment":[{"href":"https:\/\/egytourpackages.com\/cs\/wp-json\/wp\/v2\/media?parent=15283"}],"wp:term":[{"taxonomy":"product_brand","embeddable":true,"href":"https:\/\/egytourpackages.com\/cs\/wp-json\/wp\/v2\/product_brand?post=15283"},{"taxonomy":"product_cat","embeddable":true,"href":"https:\/\/egytourpackages.com\/cs\/wp-json\/wp\/v2\/product_cat?post=15283"},{"taxonomy":"product_tag","embeddable":true,"href":"https:\/\/egytourpackages.com\/cs\/wp-json\/wp\/v2\/product_tag?post=15283"}],"curies":[{"name":"wp","href":"https:\/\/api.w.org\/{rel}","templated":true}]}}