{"id":15307,"date":"2026-02-12T13:07:50","date_gmt":"2026-02-12T13:07:50","guid":{"rendered":"https:\/\/egytourpackages.com\/product\/soukrome-transfery-z-letiste-hurghada-do-el-gouna\/"},"modified":"2026-02-18T23:14:10","modified_gmt":"2026-02-18T23:14:10","slug":"soukrome-transfery-z-letiste-hurghada-do-el-gouna","status":"publish","type":"product","link":"https:\/\/egytourpackages.com\/cs\/prohlidky\/soukrome-transfery-z-letiste-hurghada-do-el-gouna\/","title":{"rendered":"Soukrom\u00e9 transfery z leti\u0161t\u011b Hurghada do El Gouna"},"content":{"rendered":"<p><span style=\"color: #ff6600;\"><strong>Soukrom\u00e9 transfery z leti\u0161t\u011b Hurghada do El Gouna: Va\u0161e p\u0159\u00edm\u00e1 cesta do r\u00e1je<\/strong><\/span><\/p>\n<p>U\u017eijte si bezprobl\u00e9mov\u00fd p\u0159\u00edjezd s na\u0161\u00edm <strong>soukrom\u00fdm transferem z leti\u0161t\u011b Hurghada do El Gouna<\/strong>. El Gouna, zn\u00e1m\u00e1 jako Ben\u00e1tky Rud\u00e9ho mo\u0159e, si zaslou\u017e\u00ed uv\u00edt\u00e1n\u00ed, kter\u00e9 odpov\u00edd\u00e1 jej\u00ed eleganci.<\/p>\n<p>Ho\u010fte za hlavu stres z m\u00edstn\u00ed dopravy a nastupte do <strong>luxusn\u00edho soukrom\u00e9ho vozu<\/strong> ur\u010den\u00e9ho v\u00fdhradn\u011b pro va\u0161e pohodl\u00ed.<\/p>\n<h3><span style=\"color: #993366;\"><em>Rychl\u00e1 slu\u017eba Meet &amp; Greet 24\/7<\/em><\/span><\/h3>\n<p>Fungujeme nep\u0159etr\u017eit\u011b, abychom zajistili, \u017ee nikdy nez\u016fstanete \u010dekat. Poskytnut\u00edm \u00fadaj\u016f o sv\u00e9m letu garantujete, \u017ee n\u00e1\u0161 <strong>profesion\u00e1ln\u00ed \u0159idi\u010d<\/strong> na v\u00e1s bude \u010dekat v p\u0159\u00edletov\u00e9 hale.<\/p>\n<p>Hledejte sv\u00e9 jm\u00e9no na <strong>jasn\u00e9 ceduli<\/strong> \u2013 \u017e\u00e1dn\u00e9 hled\u00e1n\u00ed, \u017e\u00e1dn\u00e9 \u010dek\u00e1n\u00ed, jen p\u0159\u00edm\u00e1 cesta k va\u0161\u00ed dovolen\u00e9.<\/p>\n<h3><span style=\"color: #993366;\"><em>Pro\u010d si rezervovat transfer do El Gouna u n\u00e1s?<\/em><\/span><\/h3>\n<p>V Egy tour packages m\u011bn\u00edme oby\u010dejn\u00e9 doj\u00ed\u017ed\u011bn\u00ed v pr\u00e9miov\u00fd cestovatelsk\u00fd z\u00e1\u017eitek. Na\u0161e <strong>soukrom\u00e9 taxi do El Gouna<\/strong> jsou pro cestovatele, kte\u0159\u00ed si cen\u00ed efektivity a kvality.<\/p>\n<ul>\n<li><span style=\"color: #800080;\"><em><strong>\u00dapln\u00e9 soukrom\u00ed:<\/strong><\/em><\/span> \u017d\u00e1dn\u00e9 sd\u00edlen\u00e9 j\u00edzdy ani zast\u00e1vky cestou. Jedete p\u0159\u00edmo do sv\u00e9ho hotelu nebo vily.<\/li>\n<li><span style=\"color: #800080;\"><em><strong>Modern\u00ed vozov\u00fd park:<\/strong> <\/em><\/span>Cestujte v <strong>klimatizovan\u00fdch neku\u0159\u00e1ck\u00fdch vozech<\/strong> s polohovateln\u00fdmi sedadly.<\/li>\n<li><span style=\"color: #800080;\"><em><strong>Bezpe\u010dnost na prvn\u00edm m\u00edst\u011b:<\/strong><\/em><\/span> Na\u0161i <strong>p\u0159\u00e1tel\u0161t\u00ed \u0159idi\u010di<\/strong> jsou vysoce vy\u0161koleni a prioritou je va\u0161e bezpe\u010dnost na silnici.<\/li>\n<li><span style=\"color: #800080;\"><em><strong>Pln\u00e1 podpora:<\/strong><\/em><\/span> T\u011b\u017ekou pr\u00e1ci nechte na n\u00e1s. V\u00e1\u0161 \u0159idi\u010d se postar\u00e1 o va\u0161e <strong>zavazadla<\/strong> od leti\u0161tn\u00edho chodn\u00edku a\u017e do haly hotelu.<\/li>\n<\/ul>\n<h3><span style=\"color: #ff6600;\">Pevn\u00e9 sazby a snadn\u00e1 platba<\/span><\/h3>\n<p>Nab\u00edz\u00edme transparentn\u00ed ceny v eurech, kter\u00e9 v\u00e1m pomohou efektivn\u011b spravovat v\u00e1\u0161 pr\u00e1zdninov\u00fd rozpo\u010det. Sv\u00e9mu <strong>\u0159idi\u010di m\u016f\u017eete zaplatit p\u0159\u00edmo<\/strong> po dosa\u017een\u00ed c\u00edle v El Gouna.<\/p>\n<table>\n<thead>\n<tr>\n<td><strong>Po\u010det cestuj\u00edc\u00edch<\/strong><\/td>\n<td><strong>Cena za osobu<\/strong><\/td>\n<td><strong>Celkov\u00e1 cena transferu<\/strong><\/td>\n<\/tr>\n<\/thead>\n<tbody>\n<tr>\n<td><strong>1 osoba<\/strong><\/td>\n<td><strong>\u20ac30<\/strong><\/td>\n<td><strong>\u20ac30<\/strong><\/td>\n<\/tr>\n<tr>\n<td><strong>2 osoby<\/strong><\/td>\n<td><strong>\u20ac15<\/strong><\/td>\n<td><strong>\u20ac30<\/strong><\/td>\n<\/tr>\n<tr>\n<td><strong>3 osoby<\/strong><\/td>\n<td><strong>\u20ac10<\/strong><\/td>\n<td><strong>\u20ac30<\/strong><\/td>\n<\/tr>\n<\/tbody>\n<\/table>\n<h3><span style=\"color: #ff6600;\">Pr\u00e9miov\u00e9 slu\u017eby v cen\u011b<\/span><\/h3>\n<ul>\n<li>Slu\u017eba soukrom\u00e9ho vozu z leti\u0161t\u011b Hurghada do El Gouna.<\/li>\n<li>Wi-Fi zdarma, abyste z\u016fstali b\u011bhem j\u00edzdy ve spojen\u00ed.<\/li>\n<li>Pro ka\u017ed\u00e9ho cestuj\u00edc\u00edho je p\u0159ipraven chlazen\u00fd uv\u00edtac\u00ed n\u00e1poj.<\/li>\n<li>Z\u00e1kaznick\u00e1 podpora 24\/7 pro \u00fapravy rezervac\u00ed.<\/li>\n<\/ul>\n<h3><span style=\"color: #ff6600;\">Vylou\u010den\u00ed<\/span><\/h3>\n<ul>\n<li>Vstupn\u00ed v\u00edzum do Egypta (k zakoupen\u00ed v leti\u0161tn\u00edch kiosc\u00edch).<\/li>\n<li>Voliteln\u00e9 spropitn\u00e9 pro \u0159idi\u010de.<\/li>\n<\/ul>\n","protected":false},"excerpt":{"rendered":"<p>Rezervujte si <b data-path-to-node=\"0\" data-index-in-node=\"14\">Soukrom\u00e9 transfery z leti\u0161t\u011b Hurghada do El Gouna<\/b>. U\u017eijte si pohodlnou a bezpe\u010dnou j\u00edzdu p\u0159\u00edmo do va\u0161eho hotelu. Rezervujte nyn\u00ed online!<\/p>\n","protected":false},"featured_media":14850,"comment_status":"closed","ping_status":"closed","template":"","meta":[],"product_brand":[],"product_cat":[1466],"product_tag":[2392],"class_list":{"0":"post-15307","1":"product","2":"type-product","3":"status-publish","4":"has-post-thumbnail","6":"product_cat-vylety","7":"product_tag-letistni-transfery","8":"tour_category-jednodenni-vylety-po-egypte-cs","9":"tour_category-transfery-z-letiste-a-na-letiste","10":"tour_category-vylety-do-el-gouny","12":"first","13":"instock","14":"sale","15":"shipping-taxable","16":"purchasable","17":"product-type-tour","18":"has-default-attributes"},"yoast_head":"<!-- This site is optimized with the Yoast SEO Premium plugin v27.2 (Yoast SEO v27.2) - https:\/\/yoast.com\/product\/yoast-seo-premium-wordpress\/ -->\n<title>Soukrom\u00e9 transfery z leti\u0161t\u011b Hurghada do El Gouna<\/title>\n<meta name=\"description\" content=\"Rezervujte si Soukrom\u00e9 transfery z leti\u0161t\u011b Hurghada do El Gouna. U\u017eijte si pohodlnou a bezpe\u010dnou j\u00edzdu p\u0159\u00edmo do va\u0161eho hotelu. Rezervujte nyn\u00ed online!\" \/>\n<meta name=\"robots\" content=\"index, follow, max-snippet:-1, max-image-preview:large, max-video-preview:-1\" \/>\n<link rel=\"canonical\" href=\"https:\/\/egytourpackages.com\/cs\/prohlidky\/soukrome-transfery-z-letiste-hurghada-do-el-gouna\/\" \/>\n<meta property=\"og:locale\" content=\"cs_CZ\" \/>\n<meta property=\"og:type\" content=\"article\" \/>\n<meta property=\"og:title\" content=\"Soukrom\u00e9 transfery z leti\u0161t\u011b Hurghada do El Gouna\" \/>\n<meta property=\"og:description\" content=\"Rezervujte si Soukrom\u00e9 transfery z leti\u0161t\u011b Hurghada do El Gouna. U\u017eijte si pohodlnou a bezpe\u010dnou j\u00edzdu p\u0159\u00edmo do va\u0161eho hotelu. Rezervujte nyn\u00ed online!\" \/>\n<meta property=\"og:url\" content=\"https:\/\/egytourpackages.com\/cs\/prohlidky\/soukrome-transfery-z-letiste-hurghada-do-el-gouna\/\" \/>\n<meta property=\"og:site_name\" content=\"Z\u00e1jezdy po Egypt\u011b\" \/>\n<meta property=\"article:publisher\" content=\"https:\/\/www.facebook.com\/egytourpackages\" \/>\n<meta property=\"article:modified_time\" content=\"2026-02-18T23:14:10+00:00\" \/>\n<meta property=\"og:image\" content=\"https:\/\/egytourpackages.com\/wp-content\/uploads\/2026\/02\/Private-Transfers-from-Hurghada-Airport-to-El-Gouna.jpeg\" \/>\n\t<meta property=\"og:image:width\" content=\"1400\" \/>\n\t<meta property=\"og:image:height\" content=\"1050\" \/>\n\t<meta property=\"og:image:type\" content=\"image\/jpeg\" \/>\n<meta name=\"twitter:card\" content=\"summary_large_image\" \/>\n<meta name=\"twitter:title\" content=\"Soukrom\u00e9 transfery z leti\u0161t\u011b Hurghada do El Gouna\" \/>\n<meta name=\"twitter:label1\" content=\"Cena\" \/>\n\t<meta name=\"twitter:data1\" content=\"&euro;30\" \/>\n\t<meta name=\"twitter:label2\" content=\"Dostupnost\" \/>\n\t<meta name=\"twitter:data2\" content=\"Skladem\" \/>\n<script type=\"application\/ld+json\" class=\"yoast-schema-graph\">{\"@context\":\"https:\/\/schema.org\",\"@graph\":[{\"@type\":\"WebPage\",\"@id\":\"https:\/\/egytourpackages.com\/cs\/prohlidky\/soukrome-transfery-z-letiste-hurghada-do-el-gouna\/\",\"url\":\"https:\/\/egytourpackages.com\/cs\/prohlidky\/soukrome-transfery-z-letiste-hurghada-do-el-gouna\/\",\"name\":\"Soukrom\u00e9 transfery z leti\u0161t\u011b Hurghada do El Gouna\",\"isPartOf\":{\"@id\":\"https:\/\/egytourpackages.com\/cs\/#website\"},\"primaryImageOfPage\":{\"@id\":\"https:\/\/egytourpackages.com\/cs\/prohlidky\/soukrome-transfery-z-letiste-hurghada-do-el-gouna\/#primaryimage\"},\"image\":{\"@id\":\"https:\/\/egytourpackages.com\/cs\/prohlidky\/soukrome-transfery-z-letiste-hurghada-do-el-gouna\/#primaryimage\"},\"thumbnailUrl\":\"https:\/\/egytourpackages.com\/wp-content\/uploads\/2026\/02\/Private-Transfers-from-Hurghada-Airport-to-El-Gouna.jpeg\",\"datePublished\":\"2026-02-12T13:07:50+00:00\",\"dateModified\":\"2026-02-18T23:14:10+00:00\",\"description\":\"Rezervujte si Soukrom\u00e9 transfery z leti\u0161t\u011b Hurghada do El Gouna. U\u017eijte si pohodlnou a bezpe\u010dnou j\u00edzdu p\u0159\u00edmo do va\u0161eho hotelu. Rezervujte nyn\u00ed online!\",\"breadcrumb\":{\"@id\":\"https:\/\/egytourpackages.com\/cs\/prohlidky\/soukrome-transfery-z-letiste-hurghada-do-el-gouna\/#breadcrumb\"},\"inLanguage\":\"cs\",\"potentialAction\":[{\"@type\":\"ReadAction\",\"target\":[\"https:\/\/egytourpackages.com\/cs\/prohlidky\/soukrome-transfery-z-letiste-hurghada-do-el-gouna\/\"]}]},{\"@type\":\"ImageObject\",\"inLanguage\":\"cs\",\"@id\":\"https:\/\/egytourpackages.com\/cs\/prohlidky\/soukrome-transfery-z-letiste-hurghada-do-el-gouna\/#primaryimage\",\"url\":\"https:\/\/egytourpackages.com\/wp-content\/uploads\/2026\/02\/Private-Transfers-from-Hurghada-Airport-to-El-Gouna.jpeg\",\"contentUrl\":\"https:\/\/egytourpackages.com\/wp-content\/uploads\/2026\/02\/Private-Transfers-from-Hurghada-Airport-to-El-Gouna.jpeg\",\"width\":1400,\"height\":1050,\"caption\":\"Soukrom\u00e9 transfery z leti\u0161t\u011b Hurghada do El Gouna\"},{\"@type\":\"BreadcrumbList\",\"@id\":\"https:\/\/egytourpackages.com\/cs\/prohlidky\/soukrome-transfery-z-letiste-hurghada-do-el-gouna\/#breadcrumb\",\"itemListElement\":[{\"@type\":\"ListItem\",\"position\":1,\"name\":\"Dom\u016f\",\"item\":\"https:\/\/egytourpackages.com\/cs\/balicky-vyletu-po-egypte\/\"},{\"@type\":\"ListItem\",\"position\":2,\"name\":\"Shop\",\"item\":\"https:\/\/egytourpackages.com\/cs\/shop\/\"},{\"@type\":\"ListItem\",\"position\":3,\"name\":\"Soukrom\u00e9 transfery z leti\u0161t\u011b Hurghada do El Gouna\"}]},{\"@type\":\"WebSite\",\"@id\":\"https:\/\/egytourpackages.com\/cs\/#website\",\"url\":\"https:\/\/egytourpackages.com\/cs\/\",\"name\":\"Egy tour packages\",\"description\":\"\",\"publisher\":{\"@id\":\"https:\/\/egytourpackages.com\/cs\/#organization\"},\"potentialAction\":[{\"@type\":\"SearchAction\",\"target\":{\"@type\":\"EntryPoint\",\"urlTemplate\":\"https:\/\/egytourpackages.com\/cs\/?s={search_term_string}\"},\"query-input\":{\"@type\":\"PropertyValueSpecification\",\"valueRequired\":true,\"valueName\":\"search_term_string\"}}],\"inLanguage\":\"cs\"},{\"@type\":[\"Organization\",\"Place\",\"TravelAgency\"],\"@id\":\"https:\/\/egytourpackages.com\/cs\/#organization\",\"name\":\"egypt tour packages\",\"alternateName\":\"egypt tour packages\",\"url\":\"https:\/\/egytourpackages.com\/cs\/\",\"logo\":{\"@id\":\"https:\/\/egytourpackages.com\/cs\/prohlidky\/soukrome-transfery-z-letiste-hurghada-do-el-gouna\/#local-main-organization-logo\"},\"image\":{\"@id\":\"https:\/\/egytourpackages.com\/cs\/prohlidky\/soukrome-transfery-z-letiste-hurghada-do-el-gouna\/#local-main-organization-logo\"},\"sameAs\":[\"https:\/\/www.facebook.com\/egytourpackages\"],\"legalName\":\"Egy tour packages\",\"address\":{\"@id\":\"https:\/\/egytourpackages.com\/cs\/prohlidky\/soukrome-transfery-z-letiste-hurghada-do-el-gouna\/#local-main-place-address\"},\"telephone\":[\"00201000852186\",\"00201028685533\"],\"contactPoint\":{\"@type\":\"ContactPoint\",\"telephone\":\"00201000852186\"},\"openingHoursSpecification\":[{\"@type\":\"OpeningHoursSpecification\",\"dayOfWeek\":[\"Monday\",\"Tuesday\",\"Wednesday\",\"Thursday\",\"Friday\",\"Saturday\",\"Sunday\"],\"opens\":\"00:00\",\"closes\":\"23:59\"}],\"email\":\"info@egytourpackages.com\",\"areaServed\":\"Cairo, Hurghada, Luxor, Sharm El Sheikh, Marsa Alam, Aswan\",\"priceRange\":\"$\",\"currenciesAccepted\":\"euro\",\"paymentAccepted\":\"Payment links online\"},{\"@type\":\"PostalAddress\",\"@id\":\"https:\/\/egytourpackages.com\/cs\/prohlidky\/soukrome-transfery-z-letiste-hurghada-do-el-gouna\/#local-main-place-address\",\"streetAddress\":\"Mubarak 8, Al Kawthar District, Hurghada\",\"addressLocality\":\"Hurghada\",\"postalCode\":\"84511\",\"addressRegion\":\"Red Sea\",\"addressCountry\":\"EG\"},{\"@type\":\"ImageObject\",\"inLanguage\":\"cs\",\"@id\":\"https:\/\/egytourpackages.com\/cs\/prohlidky\/soukrome-transfery-z-letiste-hurghada-do-el-gouna\/#local-main-organization-logo\",\"url\":\"https:\/\/egytourpackages.com\/wp-content\/uploads\/2025\/12\/Turquoise-Dahabiya-Nile-Cruise-1.jpeg\",\"contentUrl\":\"https:\/\/egytourpackages.com\/wp-content\/uploads\/2025\/12\/Turquoise-Dahabiya-Nile-Cruise-1.jpeg\",\"width\":1040,\"height\":694,\"caption\":\"egypt tour packages\"}]}<\/script>\n<meta property=\"product:brand\" content=\"Jednodenn\u00ed v\u00fdlety po Egypt\u011b\" \/>\n<meta property=\"product:price:amount\" content=\"30\" \/>\n<meta property=\"product:price:currency\" content=\"EUR\" \/>\n<meta property=\"og:availability\" content=\"instock\" \/>\n<meta property=\"product:availability\" content=\"instock\" \/>\n<meta property=\"product:retailer_item_id\" content=\"AT 07\" \/>\n<meta property=\"product:condition\" content=\"new\" \/>\n<meta name=\"geo.placename\" content=\"Hurghada\" \/>\n<meta name=\"geo.region\" content=\"Egypt\" \/>\n<!-- \/ Yoast SEO Premium plugin. -->","yoast_head_json":{"title":"Soukrom\u00e9 transfery z leti\u0161t\u011b Hurghada do El Gouna","description":"Rezervujte si Soukrom\u00e9 transfery z leti\u0161t\u011b Hurghada do El Gouna. U\u017eijte si pohodlnou a bezpe\u010dnou j\u00edzdu p\u0159\u00edmo do va\u0161eho hotelu. Rezervujte nyn\u00ed online!","robots":{"index":"index","follow":"follow","max-snippet":"max-snippet:-1","max-image-preview":"max-image-preview:large","max-video-preview":"max-video-preview:-1"},"canonical":"https:\/\/egytourpackages.com\/cs\/prohlidky\/soukrome-transfery-z-letiste-hurghada-do-el-gouna\/","og_locale":"cs_CZ","og_type":"article","og_title":"Soukrom\u00e9 transfery z leti\u0161t\u011b Hurghada do El Gouna","og_description":"Rezervujte si Soukrom\u00e9 transfery z leti\u0161t\u011b Hurghada do El Gouna. U\u017eijte si pohodlnou a bezpe\u010dnou j\u00edzdu p\u0159\u00edmo do va\u0161eho hotelu. Rezervujte nyn\u00ed online!","og_url":"https:\/\/egytourpackages.com\/cs\/prohlidky\/soukrome-transfery-z-letiste-hurghada-do-el-gouna\/","og_site_name":"Z\u00e1jezdy po Egypt\u011b","article_publisher":"https:\/\/www.facebook.com\/egytourpackages","article_modified_time":"2026-02-18T23:14:10+00:00","og_image":[{"width":1400,"height":1050,"url":"https:\/\/egytourpackages.com\/wp-content\/uploads\/2026\/02\/Private-Transfers-from-Hurghada-Airport-to-El-Gouna.jpeg","type":"image\/jpeg"}],"twitter_card":"summary_large_image","twitter_title":"Soukrom\u00e9 transfery z leti\u0161t\u011b Hurghada do El Gouna","twitter_misc":{"Cena":"&euro;30","Dostupnost":"Skladem"},"schema":{"@context":"https:\/\/schema.org","@graph":[{"@type":"WebPage","@id":"https:\/\/egytourpackages.com\/cs\/prohlidky\/soukrome-transfery-z-letiste-hurghada-do-el-gouna\/","url":"https:\/\/egytourpackages.com\/cs\/prohlidky\/soukrome-transfery-z-letiste-hurghada-do-el-gouna\/","name":"Soukrom\u00e9 transfery z leti\u0161t\u011b Hurghada do El Gouna","isPartOf":{"@id":"https:\/\/egytourpackages.com\/cs\/#website"},"primaryImageOfPage":{"@id":"https:\/\/egytourpackages.com\/cs\/prohlidky\/soukrome-transfery-z-letiste-hurghada-do-el-gouna\/#primaryimage"},"image":{"@id":"https:\/\/egytourpackages.com\/cs\/prohlidky\/soukrome-transfery-z-letiste-hurghada-do-el-gouna\/#primaryimage"},"thumbnailUrl":"https:\/\/egytourpackages.com\/wp-content\/uploads\/2026\/02\/Private-Transfers-from-Hurghada-Airport-to-El-Gouna.jpeg","datePublished":"2026-02-12T13:07:50+00:00","dateModified":"2026-02-18T23:14:10+00:00","description":"Rezervujte si Soukrom\u00e9 transfery z leti\u0161t\u011b Hurghada do El Gouna. U\u017eijte si pohodlnou a bezpe\u010dnou j\u00edzdu p\u0159\u00edmo do va\u0161eho hotelu. Rezervujte nyn\u00ed online!","breadcrumb":{"@id":"https:\/\/egytourpackages.com\/cs\/prohlidky\/soukrome-transfery-z-letiste-hurghada-do-el-gouna\/#breadcrumb"},"inLanguage":"cs","potentialAction":[{"@type":"ReadAction","target":["https:\/\/egytourpackages.com\/cs\/prohlidky\/soukrome-transfery-z-letiste-hurghada-do-el-gouna\/"]}]},{"@type":"ImageObject","inLanguage":"cs","@id":"https:\/\/egytourpackages.com\/cs\/prohlidky\/soukrome-transfery-z-letiste-hurghada-do-el-gouna\/#primaryimage","url":"https:\/\/egytourpackages.com\/wp-content\/uploads\/2026\/02\/Private-Transfers-from-Hurghada-Airport-to-El-Gouna.jpeg","contentUrl":"https:\/\/egytourpackages.com\/wp-content\/uploads\/2026\/02\/Private-Transfers-from-Hurghada-Airport-to-El-Gouna.jpeg","width":1400,"height":1050,"caption":"Soukrom\u00e9 transfery z leti\u0161t\u011b Hurghada do El Gouna"},{"@type":"BreadcrumbList","@id":"https:\/\/egytourpackages.com\/cs\/prohlidky\/soukrome-transfery-z-letiste-hurghada-do-el-gouna\/#breadcrumb","itemListElement":[{"@type":"ListItem","position":1,"name":"Dom\u016f","item":"https:\/\/egytourpackages.com\/cs\/balicky-vyletu-po-egypte\/"},{"@type":"ListItem","position":2,"name":"Shop","item":"https:\/\/egytourpackages.com\/cs\/shop\/"},{"@type":"ListItem","position":3,"name":"Soukrom\u00e9 transfery z leti\u0161t\u011b Hurghada do El Gouna"}]},{"@type":"WebSite","@id":"https:\/\/egytourpackages.com\/cs\/#website","url":"https:\/\/egytourpackages.com\/cs\/","name":"Egy tour packages","description":"","publisher":{"@id":"https:\/\/egytourpackages.com\/cs\/#organization"},"potentialAction":[{"@type":"SearchAction","target":{"@type":"EntryPoint","urlTemplate":"https:\/\/egytourpackages.com\/cs\/?s={search_term_string}"},"query-input":{"@type":"PropertyValueSpecification","valueRequired":true,"valueName":"search_term_string"}}],"inLanguage":"cs"},{"@type":["Organization","Place","TravelAgency"],"@id":"https:\/\/egytourpackages.com\/cs\/#organization","name":"egypt tour packages","alternateName":"egypt tour packages","url":"https:\/\/egytourpackages.com\/cs\/","logo":{"@id":"https:\/\/egytourpackages.com\/cs\/prohlidky\/soukrome-transfery-z-letiste-hurghada-do-el-gouna\/#local-main-organization-logo"},"image":{"@id":"https:\/\/egytourpackages.com\/cs\/prohlidky\/soukrome-transfery-z-letiste-hurghada-do-el-gouna\/#local-main-organization-logo"},"sameAs":["https:\/\/www.facebook.com\/egytourpackages"],"legalName":"Egy tour packages","address":{"@id":"https:\/\/egytourpackages.com\/cs\/prohlidky\/soukrome-transfery-z-letiste-hurghada-do-el-gouna\/#local-main-place-address"},"telephone":["00201000852186","00201028685533"],"contactPoint":{"@type":"ContactPoint","telephone":"00201000852186"},"openingHoursSpecification":[{"@type":"OpeningHoursSpecification","dayOfWeek":["Monday","Tuesday","Wednesday","Thursday","Friday","Saturday","Sunday"],"opens":"00:00","closes":"23:59"}],"email":"info@egytourpackages.com","areaServed":"Cairo, Hurghada, Luxor, Sharm El Sheikh, Marsa Alam, Aswan","priceRange":"$","currenciesAccepted":"euro","paymentAccepted":"Payment links online"},{"@type":"PostalAddress","@id":"https:\/\/egytourpackages.com\/cs\/prohlidky\/soukrome-transfery-z-letiste-hurghada-do-el-gouna\/#local-main-place-address","streetAddress":"Mubarak 8, Al Kawthar District, Hurghada","addressLocality":"Hurghada","postalCode":"84511","addressRegion":"Red Sea","addressCountry":"EG"},{"@type":"ImageObject","inLanguage":"cs","@id":"https:\/\/egytourpackages.com\/cs\/prohlidky\/soukrome-transfery-z-letiste-hurghada-do-el-gouna\/#local-main-organization-logo","url":"https:\/\/egytourpackages.com\/wp-content\/uploads\/2025\/12\/Turquoise-Dahabiya-Nile-Cruise-1.jpeg","contentUrl":"https:\/\/egytourpackages.com\/wp-content\/uploads\/2025\/12\/Turquoise-Dahabiya-Nile-Cruise-1.jpeg","width":1040,"height":694,"caption":"egypt tour packages"}]},"product_brand":"Jednodenn\u00ed v\u00fdlety po Egypt\u011b","product_price_amount":"30","product_price_currency":"EUR","og_availability":"instock","product_availability":"instock","product_retailer_item_id":"AT 07","product_condition":"new","geo.placename":"Hurghada","geo.region":"Egypt"},"_links":{"self":[{"href":"https:\/\/egytourpackages.com\/cs\/wp-json\/wp\/v2\/product\/15307","targetHints":{"allow":["GET"]}}],"collection":[{"href":"https:\/\/egytourpackages.com\/cs\/wp-json\/wp\/v2\/product"}],"about":[{"href":"https:\/\/egytourpackages.com\/cs\/wp-json\/wp\/v2\/types\/product"}],"replies":[{"embeddable":true,"href":"https:\/\/egytourpackages.com\/cs\/wp-json\/wp\/v2\/comments?post=15307"}],"wp:featuredmedia":[{"embeddable":true,"href":"https:\/\/egytourpackages.com\/cs\/wp-json\/wp\/v2\/media\/14850"}],"wp:attachment":[{"href":"https:\/\/egytourpackages.com\/cs\/wp-json\/wp\/v2\/media?parent=15307"}],"wp:term":[{"taxonomy":"product_brand","embeddable":true,"href":"https:\/\/egytourpackages.com\/cs\/wp-json\/wp\/v2\/product_brand?post=15307"},{"taxonomy":"product_cat","embeddable":true,"href":"https:\/\/egytourpackages.com\/cs\/wp-json\/wp\/v2\/product_cat?post=15307"},{"taxonomy":"product_tag","embeddable":true,"href":"https:\/\/egytourpackages.com\/cs\/wp-json\/wp\/v2\/product_tag?post=15307"}],"curies":[{"name":"wp","href":"https:\/\/api.w.org\/{rel}","templated":true}]}}