{"id":15376,"date":"2025-11-03T20:11:49","date_gmt":"2025-11-03T20:11:49","guid":{"rendered":"https:\/\/egytourpackages.com\/product\/plavani-s-delfiny-makadi-bay\/"},"modified":"2026-02-19T20:14:22","modified_gmt":"2026-02-19T20:14:22","slug":"plavani-s-delfiny-makadi-bay","status":"publish","type":"product","link":"https:\/\/egytourpackages.com\/cs\/prohlidky\/plavani-s-delfiny-makadi-bay\/","title":{"rendered":"Plav\u00e1n\u00ed s delf\u00edny Makadi Bay"},"content":{"rendered":"<p><span style=\"color: #ff6600;\"><strong>Plav\u00e1n\u00ed s delf\u00edny Makadi Bay | 5 nebo 10 minut \u010dist\u00e9 radosti<\/strong><\/span><\/p>\n<p>Spl\u0148te si sv\u016fj celo\u017eivotn\u00ed sen a rezervujte si <strong>nezapomenuteln\u00e9 plav\u00e1n\u00ed s delf\u00edny<\/strong> v prvot\u0159\u00eddn\u00edm vodn\u00edm centru pobl\u00ed\u017e Makadi Bay.<\/p>\n<p>Tento <strong>V\u00fdlet z Makadi Bay<\/strong> je nejlep\u0161\u00ed zp\u016fsob, jak za\u017e\u00edt hlubok\u00e9, osobn\u00ed spojen\u00ed s t\u011bmito neuv\u011b\u0159iteln\u011b <strong>inteligentn\u00edmi mo\u0159sk\u00fdmi savci<\/strong> v bezpe\u010dn\u00e9m a kontrolovan\u00e9m prost\u0159ed\u00ed.<\/p>\n<p>Vyberte si ide\u00e1ln\u00ed d\u00e9lku sezen\u00ed \u2013 bu\u010f intenzivn\u00edch <strong>5 minut radosti s delf\u00edny<\/strong>, nebo prodlou\u017een\u00fdch <strong>10 minut interaktivn\u00edho plav\u00e1n\u00ed<\/strong> \u2013 a vytvo\u0159te si b\u011bhem sv\u00e9 <strong>dovolen\u00e9 v Egypt\u011b<\/strong> skute\u010dn\u011b <strong>nezapomenuteln\u00e9 rodinn\u00e9 vzpom\u00ednky<\/strong>.<\/p>\n<p>Pod p\u0159\u00edsn\u00fdm dohledem <strong>profesion\u00e1ln\u00edch tren\u00e9r\u016f delf\u00edn\u016f<\/strong> vstoup\u00edte do baz\u00e9nu pro <strong>bl\u00edzkou interakci ve vod\u011b<\/strong>. Tento z\u00e1\u017eitek obvykle zahrnuje vzru\u0161uj\u00edc\u00ed aktivity, jako je dr\u017een\u00ed se h\u0159betn\u00ed ploutve delf\u00edna p\u0159i kr\u00e1tk\u00e9 <strong>j\u00edzd\u011b na delf\u00ednovi<\/strong> p\u0159es baz\u00e9n, jemn\u00fd <strong>polibek od delf\u00edna<\/strong> nebo \u00fa\u010dast na hrav\u00fdch vodn\u00edch aktivit\u00e1ch.<\/p>\n<p>Toto kr\u00e1tk\u00e9, siln\u00e9 sezen\u00ed je proslul\u00e9 svou <strong>pozitivn\u00ed energi\u00ed<\/strong> a <strong>terapeutick\u00fdmi \u00fa\u010dinky<\/strong>, d\u00edky \u010demu\u017e pat\u0159\u00ed mezi nejobl\u00edben\u011bj\u0161\u00ed <strong>atrakce v Makadi Bay<\/strong>.<\/p>\n<p>Jak <strong>5minutov\u00e9<\/strong>, tak <strong>10minutov\u00e9<\/strong> sezen\u00ed nab\u00edz\u00ed dostatek \u010dasu na osobn\u00ed sbl\u00ed\u017een\u00ed a zaji\u0161\u0165uje, \u017ee profesion\u00e1ln\u00ed fotograf zachyt\u00ed va\u0161e nejvz\u00e1cn\u011bj\u0161\u00ed okam\u017eiky (fotografie a videa jsou k dispozici samostatn\u011b).<\/p>\n<p>Jedn\u00e1 se o z\u00e1\u017eitek typu <strong>kr\u00e1tk\u00fd odpo\u010dinek<\/strong> zam\u011b\u0159en\u00fd \u010dist\u011b na <strong>intimn\u00ed interakci s delf\u00edny<\/strong> \u2013 dokonal\u00fd dopln\u011bk ka\u017ed\u00e9 dovolen\u00e9 u Rud\u00e9ho mo\u0159e.<\/p>\n<h3><span style=\"color: #ff6600;\">Detaily z\u00e1jezdu<\/span><\/h3>\n<ul>\n<li>Doba trv\u00e1n\u00ed: Cca 2 hodiny (Celkov\u00fd \u010das v\u010detn\u011b transferu a p\u0159\u00edpravy)<\/li>\n<li>Mo\u017enosti sezen\u00ed: 5 minut (Jednotlivec) nebo 10 minut (Duo\/Jednotlivec)<\/li>\n<li>M\u00edsto: Dolphin World (Pobl\u00ed\u017e Makadi Bay \/ Hurghada)<\/li>\n<li>Dostupnost: Denn\u011b (Napl\u00e1nov\u00e1no kolem hlavn\u00edch \u010das\u016f show)<\/li>\n<li>Vyzvednut\u00ed a odvoz: V\u00e1\u0161 hotel v Hurghad\u011b<\/li>\n<li>Typ: Skupinov\u00fd (Sd\u00edlen\u00fd transfer) \/ Soukrom\u00e9 sezen\u00ed (\u010casov\u00fd slot je vyhrazen pro va\u0161i skupinu)<\/li>\n<\/ul>\n<h3><span style=\"color: #ff6600;\">Hlavn\u00ed body z\u00e1jezdu<\/span><\/h3>\n<ul>\n<li>V\u00fdb\u011br mezi 5 nebo 10 minutami p\u0159\u00edm\u00e9 interakce s delf\u00edny<\/li>\n<li>Za\u017eijte vzru\u0161uj\u00edc\u00ed j\u00edzdu na delf\u00ednovi (tah za h\u0159betn\u00ed ploutev)<\/li>\n<li>P\u0159\u00edle\u017eitost pro polibek od delf\u00edna a pot\u0159esen\u00ed ploutv\u00ed<\/li>\n<li>Kontrolovan\u00e9 a bezpe\u010dn\u00e9 prost\u0159ed\u00ed baz\u00e9nu s odborn\u00fdmi tren\u00e9ry<\/li>\n<li>Nezapomenuteln\u00e9 pocity a v\u00fdm\u011bna pozitivn\u00ed energie<\/li>\n<\/ul>\n<h3><span style=\"color: #ff6600;\">V cen\u011b<\/span><\/h3>\n<ul>\n<li>Transfer tam i zp\u011bt z va\u0161eho hotelu v Makadi Bay modern\u00edm klimatizovan\u00fdm vozidlem.<\/li>\n<li>\u010cas sezen\u00ed v baz\u00e9nu (5 nebo 10 minut) s delf\u00ednem.<\/li>\n<li>Pou\u017eit\u00ed z\u00e1chrann\u00fdch vest a bezpe\u010dnostn\u00edho vybaven\u00ed.<\/li>\n<li>Veden\u00ed a bezpe\u010dnostn\u00ed dohled profesion\u00e1ln\u00edch tren\u00e9r\u016f delf\u00edn\u016f.<\/li>\n<\/ul>\n<h3><span style=\"color: #ff6600;\">Nen\u00ed v cen\u011b<\/span><\/h3>\n<ul>\n<li>Vstupenka na hlavn\u00ed show s delf\u00edny (nutno zakoupit samostatn\u011b).<\/li>\n<li>Fotografie a videa po\u0159\u00edzen\u00e1 profesion\u00e1ln\u00edm fotografem (za p\u0159\u00edplatek).<\/li>\n<li>Spropitn\u00e9 (doporu\u010deno pro tren\u00e9ry a \u0159idi\u010de).<\/li>\n<li>J\u00eddlo nebo n\u00e1poje v are\u00e1lu.<\/li>\n<\/ul>\n<h3><span style=\"color: #ff6600;\">Co si vz\u00edt s sebou<\/span><\/h3>\n<ul>\n<li>Plavky (Nutno m\u00edt na sob\u011b pod oble\u010den\u00edm)<\/li>\n<li>Ru\u010dn\u00edk<\/li>\n<li>Opalovac\u00ed kr\u00e9m (Aplikujte p\u0159ed sezen\u00edm)<\/li>\n<li>Hotovost na n\u00e1kup fotografi\u00ed\/vide\u00ed a voliteln\u00e9 spropitn\u00e9<\/li>\n<\/ul>\n<h2><span style=\"color: #993366;\"><em>Itiner\u00e1\u0159<\/em><\/span><\/h2>\n<p>Vyzvednut\u00ed p\u0159ed sezen\u00edm:<\/p>\n<p>Va\u0161e klimatizovan\u00e9 vozidlo v\u00e1s vyzvedne z va\u0161eho hotelu v Makadi Bay (na\u010dasov\u00e1n\u00ed je ur\u010deno podle slotu sezen\u00ed, \u010dasto p\u0159ed nebo po hlavn\u00ed show).<\/p>\n<h3><span style=\"color: #993366;\">P\u0159\u00edjezd a bezpe\u010dnostn\u00ed instrukt\u00e1\u017e:<\/span><\/h3>\n<p>P\u0159\u00edjezd do centra <strong>Dolphin World<\/strong>. Setk\u00e1te se se sv\u00fdm tren\u00e9rem, dostanete z\u00e1chrannou vestu a absolvujete p\u0159\u00edsnou <strong>bezpe\u010dnostn\u00ed instrukt\u00e1\u017e<\/strong> o tom, jak s <strong>delf\u00edny<\/strong> komunikovat.<\/p>\n<h3><span style=\"color: #993366;\"><em>Plav\u00e1n\u00ed (5 nebo 10 minut):<\/em><\/span><\/h3>\n<p>Vstup do prostoru baz\u00e9nu. Sv\u016fj vyhrazen\u00fd \u010das str\u00e1v\u00edte <strong>plav\u00e1n\u00edm a hran\u00edm si s delf\u00edny<\/strong> pod p\u0159\u00edm\u00fdm dohledem tren\u00e9ra. Mezi p\u00f3zy \u010dasto pat\u0159\u00ed <strong>j\u00edzda na delf\u00ednovi<\/strong> a interaktivn\u00ed objet\u00ed\/polibek.<\/p>\n<h3><span style=\"color: #993366;\"><em>Prohl\u00ed\u017een\u00ed fotek a n\u00e1vrat:<\/em><\/span><\/h3>\n<p>Ihned po <strong>bl\u00edzk\u00e9 interakci<\/strong> opust\u00edte baz\u00e9n. Budete m\u00edt mo\u017enost prohl\u00e9dnout si a zakoupit profesion\u00e1ln\u00ed fotografie\/videa po\u0159\u00edzen\u00e1 b\u011bhem va\u0161eho sezen\u00ed, ne\u017e v\u00e1s pohodln\u00fd transfer odveze zp\u011bt do va\u0161eho hotelu v Makadi Bay.<\/p>\n<h3><span style=\"color: #ff6600;\">Cena plav\u00e1n\u00ed s delf\u00edny Makadi Bay<\/span><\/h3>\n<ul>\n<li>Cena pro dosp\u011bl\u00e9 za 5 minut = 40 \u20ac<\/li>\n<li>Cena pro dosp\u011bl\u00e9 za 10 minut = 55 \u20ac<\/li>\n<li>D\u011bti 5-11 let = stejn\u00e1 cena jako pro dosp\u011bl\u00e9<\/li>\n<\/ul>\n<h3><span style=\"color: #ff6600;\">Rezervace<\/span><\/h3>\n<p>Sv\u00e9 plav\u00e1n\u00ed s delf\u00edny v Makadi Bay si m\u016f\u017eete rezervovat p\u0159es WhatsApp nebo n\u00e1m poslat e-mail a potvrzen\u00ed obdr\u017e\u00edte obratem.<\/p>\n<p>Za\u0161lete n\u00e1m pros\u00edm n\u00e1zev hotelu a \u010d\u00edslo pokoje,<\/p>\n<p>WhatsApp: +201000852186<\/p>\n<p>info@egytourpackages.com<\/p>\n<h3><span style=\"color: #ff6600;\">Rezervujte nyn\u00ed a pla\u0165te na m\u00edst\u011b<\/span><\/h3>\n<p>Rezervujte si sv\u016fj obl\u00edben\u00fd v\u00fdlet a zapla\u0165te v den cesty.<\/p>\n<h3><span style=\"color: #ff6600;\">Platba<\/span><\/h3>\n<p>Platit m\u016f\u017eete v egyptsk\u00fdch libr\u00e1ch, $, \u20ac nebo \u00a3.<\/p>\n<h2><span style=\"color: #993366;\"><em>\u010cast\u00e9 dotazy a pozn\u00e1mky<\/em><\/span><\/h2>\n<h3><span style=\"color: #ff6600;\">Jak\u00e1 d\u00e9lka sezen\u00ed se doporu\u010duje?<\/span><\/h3>\n<p>5minutov\u00e9 sezen\u00ed je ide\u00e1ln\u00ed pro d\u011bti nebo ty, kte\u0159\u00ed cht\u011bj\u00ed rychl\u00e9, magick\u00e9 setk\u00e1n\u00ed. 10minutov\u00e9 sezen\u00ed doporu\u010dujeme p\u00e1r\u016fm nebo jednotlivc\u016fm, kte\u0159\u00ed tou\u017e\u00ed po del\u0161\u00ed interakci s delf\u00ednem, co\u017e umo\u017e\u0148uje v\u011bt\u0161\u00ed rozmanitost p\u0159i h\u0159e a v\u00edce p\u0159\u00edle\u017eitost\u00ed k focen\u00ed.<\/p>\n<h3><span style=\"color: #ff6600;\">M\u016f\u017ee se sezen\u00ed z\u00fa\u010dastnit i neplavec?<\/span><\/h3>\n<p>Ano. Sezen\u00ed prob\u00edh\u00e1 v baz\u00e9nu s tren\u00e9rem, z\u00e1chrann\u00e1 vesta je k dispozici a je povinn\u00e1 pro v\u0161echny \u00fa\u010dastn\u00edky, co\u017e zaji\u0161\u0165uje maxim\u00e1ln\u00ed bezpe\u010dnost bez ohledu na plaveck\u00e9 schopnosti.<\/p>\n<h3><span style=\"color: #ff6600;\">Mohu plavat se sv\u00fdm d\u00edt\u011btem v 5minutov\u00e9m sezen\u00ed?<\/span><\/h3>\n<p>Obvykle je 5minutov\u00e9 sezen\u00ed individu\u00e1ln\u00ed. Pokud chcete sd\u00edlet \u010das ve vod\u011b s bl\u00edzkou osobou (nap\u0159. d\u00edt\u011btem nebo partnerem), m\u011bli byste si rezervovat 10minutovou variantu Duo Swimming, abyste oba m\u011bli kvalitn\u00ed \u010das na interakci.<\/p>\n<h3><span style=\"color: #ff6600;\">Pro\u010d nejsou v baz\u00e9nu povoleny vlastn\u00ed fotoapar\u00e1ty?<\/span><\/h3>\n<p>Z d\u016fvodu bezpe\u010dnosti delf\u00edn\u016f je osobn\u00ed fotografov\u00e1n\u00ed uvnit\u0159 prostoru baz\u00e9nu p\u0159\u00edsn\u011b zak\u00e1z\u00e1no. Tato pravidla zaji\u0161\u0165uj\u00ed, \u017ee zv\u00ed\u0159ata nejsou rozptylov\u00e1na p\u0159\u00edstroji a umo\u017e\u0148uj\u00ed tren\u00e9r\u016fm pln\u011b se soust\u0159edit na interakci.<\/p>\n<h3><span style=\"color: #ff6600;\">Pot\u0159ebuji samostatnou vstupenku na show s delf\u00edny?<\/span><\/h3>\n<p>Ano. Plav\u00e1n\u00ed s delf\u00edny je pr\u00e9miov\u00e1 aktivita s konkr\u00e9tn\u00edm \u010dasem a jej\u00ed cena nezahrnuje vstup na obecnou show s delf\u00edny. Tyto vstupenky je nutn\u00e9 zakoupit zvl\u00e1\u0161\u0165.<\/p>\n","protected":false},"excerpt":{"rendered":"<p>Za\u017eijte Plav\u00e1n\u00ed s delf\u00edny Makadi Bay! Nezapomenuteln\u00fd z\u00e1\u017eitek v Egypt\u011b, profesion\u00e1ln\u00ed p\u0159\u00edstup a \u00fa\u017easn\u00e9 momenty ve vod\u011b. Rezervujte si sv\u016fj v\u00fdlet je\u0161t\u011b dnes<\/p>\n","protected":false},"featured_media":0,"comment_status":"closed","ping_status":"closed","template":"","meta":[],"product_brand":[],"product_cat":[1466],"product_tag":[1470,1469],"class_list":{"0":"post-15376","1":"product","2":"type-product","3":"status-publish","5":"product_cat-vylety","6":"product_tag-jednodenni-vylety-po-egypte","7":"product_tag-vylety-v-hurgade","8":"tour_category-jednodenni-vylety-po-egypte-cs","9":"tour_category-nejlepsi-aktivity-s-detmi-v-hurghade","10":"tour_category-vylety-v-hurgade","12":"first","13":"instock","14":"sale","15":"shipping-taxable","16":"purchasable","17":"product-type-tour","18":"has-default-attributes"},"yoast_head":"<!-- This site is optimized with the Yoast SEO Premium plugin v27.2 (Yoast SEO v27.2) - https:\/\/yoast.com\/product\/yoast-seo-premium-wordpress\/ -->\n<title>Plav\u00e1n\u00ed s delf\u00edny Makadi Bay: Egy tour packages<\/title>\n<meta name=\"description\" content=\"Za\u017eijte Plav\u00e1n\u00ed s delf\u00edny Makadi Bay! Nezapomenuteln\u00fd z\u00e1\u017eitek v Egypt\u011b, profesion\u00e1ln\u00ed p\u0159\u00edstup a \u00fa\u017easn\u00e9 momenty ve vod\u011b. Rezervujte si sv\u016fj v\u00fdlet je\u0161t\u011b dnes\" \/>\n<meta name=\"robots\" content=\"index, follow, max-snippet:-1, max-image-preview:large, max-video-preview:-1\" \/>\n<link rel=\"canonical\" href=\"https:\/\/egytourpackages.com\/cs\/prohlidky\/plavani-s-delfiny-makadi-bay\/\" \/>\n<meta property=\"og:locale\" content=\"cs_CZ\" \/>\n<meta property=\"og:type\" content=\"article\" \/>\n<meta property=\"og:title\" content=\"Plav\u00e1n\u00ed s delf\u00edny Makadi Bay\" \/>\n<meta property=\"og:description\" content=\"Za\u017eijte Plav\u00e1n\u00ed s delf\u00edny Makadi Bay! Nezapomenuteln\u00fd z\u00e1\u017eitek v Egypt\u011b, profesion\u00e1ln\u00ed p\u0159\u00edstup a \u00fa\u017easn\u00e9 momenty ve vod\u011b. Rezervujte si sv\u016fj v\u00fdlet je\u0161t\u011b dnes\" \/>\n<meta property=\"og:url\" content=\"https:\/\/egytourpackages.com\/cs\/prohlidky\/plavani-s-delfiny-makadi-bay\/\" \/>\n<meta property=\"og:site_name\" content=\"Z\u00e1jezdy po Egypt\u011b\" \/>\n<meta property=\"article:publisher\" content=\"https:\/\/www.facebook.com\/egytourpackages\" \/>\n<meta property=\"article:modified_time\" content=\"2026-02-19T20:14:22+00:00\" \/>\n<meta property=\"og:image\" content=\"https:\/\/egytourpackages.com\/wp-content\/uploads\/2025\/12\/IMG_20241212_130656.jpg\" \/>\n\t<meta property=\"og:image:width\" content=\"900\" \/>\n\t<meta property=\"og:image:height\" content=\"675\" \/>\n\t<meta property=\"og:image:type\" content=\"image\/jpeg\" \/>\n<meta name=\"twitter:card\" content=\"summary_large_image\" \/>\n<meta name=\"twitter:title\" content=\"Plav\u00e1n\u00ed s delf\u00edny Makadi Bay\" \/>\n<meta name=\"twitter:label1\" content=\"Cena\" \/>\n\t<meta name=\"twitter:data1\" content=\"&euro;40\" \/>\n\t<meta name=\"twitter:label2\" content=\"Dostupnost\" \/>\n\t<meta name=\"twitter:data2\" content=\"Skladem\" \/>\n<script type=\"application\/ld+json\" class=\"yoast-schema-graph\">{\"@context\":\"https:\/\/schema.org\",\"@graph\":[{\"@type\":\"WebPage\",\"@id\":\"https:\/\/egytourpackages.com\/cs\/prohlidky\/plavani-s-delfiny-makadi-bay\/\",\"url\":\"https:\/\/egytourpackages.com\/cs\/prohlidky\/plavani-s-delfiny-makadi-bay\/\",\"name\":\"Plav\u00e1n\u00ed s delf\u00edny Makadi Bay: Egy tour packages\",\"isPartOf\":{\"@id\":\"https:\/\/egytourpackages.com\/cs\/#website\"},\"datePublished\":\"2025-11-03T20:11:49+00:00\",\"dateModified\":\"2026-02-19T20:14:22+00:00\",\"description\":\"Za\u017eijte Plav\u00e1n\u00ed s delf\u00edny Makadi Bay! Nezapomenuteln\u00fd z\u00e1\u017eitek v Egypt\u011b, profesion\u00e1ln\u00ed p\u0159\u00edstup a \u00fa\u017easn\u00e9 momenty ve vod\u011b. Rezervujte si sv\u016fj v\u00fdlet je\u0161t\u011b dnes\",\"breadcrumb\":{\"@id\":\"https:\/\/egytourpackages.com\/cs\/prohlidky\/plavani-s-delfiny-makadi-bay\/#breadcrumb\"},\"inLanguage\":\"cs\",\"potentialAction\":[{\"@type\":\"ReadAction\",\"target\":[\"https:\/\/egytourpackages.com\/cs\/prohlidky\/plavani-s-delfiny-makadi-bay\/\"]}]},{\"@type\":\"BreadcrumbList\",\"@id\":\"https:\/\/egytourpackages.com\/cs\/prohlidky\/plavani-s-delfiny-makadi-bay\/#breadcrumb\",\"itemListElement\":[{\"@type\":\"ListItem\",\"position\":1,\"name\":\"Dom\u016f\",\"item\":\"https:\/\/egytourpackages.com\/cs\/balicky-vyletu-po-egypte\/\"},{\"@type\":\"ListItem\",\"position\":2,\"name\":\"Shop\",\"item\":\"https:\/\/egytourpackages.com\/cs\/shop\/\"},{\"@type\":\"ListItem\",\"position\":3,\"name\":\"Plav\u00e1n\u00ed s delf\u00edny Makadi Bay\"}]},{\"@type\":\"WebSite\",\"@id\":\"https:\/\/egytourpackages.com\/cs\/#website\",\"url\":\"https:\/\/egytourpackages.com\/cs\/\",\"name\":\"Egy tour packages\",\"description\":\"\",\"publisher\":{\"@id\":\"https:\/\/egytourpackages.com\/cs\/#organization\"},\"potentialAction\":[{\"@type\":\"SearchAction\",\"target\":{\"@type\":\"EntryPoint\",\"urlTemplate\":\"https:\/\/egytourpackages.com\/cs\/?s={search_term_string}\"},\"query-input\":{\"@type\":\"PropertyValueSpecification\",\"valueRequired\":true,\"valueName\":\"search_term_string\"}}],\"inLanguage\":\"cs\"},{\"@type\":[\"Organization\",\"Place\",\"TravelAgency\"],\"@id\":\"https:\/\/egytourpackages.com\/cs\/#organization\",\"name\":\"egypt tour packages\",\"alternateName\":\"egypt tour packages\",\"url\":\"https:\/\/egytourpackages.com\/cs\/\",\"logo\":{\"@id\":\"https:\/\/egytourpackages.com\/cs\/prohlidky\/plavani-s-delfiny-makadi-bay\/#local-main-organization-logo\"},\"image\":{\"@id\":\"https:\/\/egytourpackages.com\/cs\/prohlidky\/plavani-s-delfiny-makadi-bay\/#local-main-organization-logo\"},\"sameAs\":[\"https:\/\/www.facebook.com\/egytourpackages\"],\"legalName\":\"Egy tour packages\",\"address\":{\"@id\":\"https:\/\/egytourpackages.com\/cs\/prohlidky\/plavani-s-delfiny-makadi-bay\/#local-main-place-address\"},\"telephone\":[\"00201000852186\",\"00201028685533\"],\"contactPoint\":{\"@type\":\"ContactPoint\",\"telephone\":\"00201000852186\"},\"openingHoursSpecification\":[{\"@type\":\"OpeningHoursSpecification\",\"dayOfWeek\":[\"Monday\",\"Tuesday\",\"Wednesday\",\"Thursday\",\"Friday\",\"Saturday\",\"Sunday\"],\"opens\":\"00:00\",\"closes\":\"23:59\"}],\"email\":\"info@egytourpackages.com\",\"areaServed\":\"Cairo, Hurghada, Luxor, Sharm El Sheikh, Marsa Alam, Aswan\",\"priceRange\":\"$\",\"currenciesAccepted\":\"euro\",\"paymentAccepted\":\"Payment links online\"},{\"@type\":\"PostalAddress\",\"@id\":\"https:\/\/egytourpackages.com\/cs\/prohlidky\/plavani-s-delfiny-makadi-bay\/#local-main-place-address\",\"streetAddress\":\"Mubarak 8, Al Kawthar District, Hurghada\",\"addressLocality\":\"Hurghada\",\"postalCode\":\"84511\",\"addressRegion\":\"Red Sea\",\"addressCountry\":\"EG\"},{\"@type\":\"ImageObject\",\"inLanguage\":\"cs\",\"@id\":\"https:\/\/egytourpackages.com\/cs\/prohlidky\/plavani-s-delfiny-makadi-bay\/#local-main-organization-logo\",\"url\":\"https:\/\/egytourpackages.com\/wp-content\/uploads\/2025\/12\/Turquoise-Dahabiya-Nile-Cruise-1.jpeg\",\"contentUrl\":\"https:\/\/egytourpackages.com\/wp-content\/uploads\/2025\/12\/Turquoise-Dahabiya-Nile-Cruise-1.jpeg\",\"width\":1040,\"height\":694,\"caption\":\"egypt tour packages\"}]}<\/script>\n<meta property=\"product:brand\" content=\"Jednodenn\u00ed v\u00fdlety po Egypt\u011b\" \/>\n<meta property=\"product:price:amount\" content=\"40\" \/>\n<meta property=\"product:price:currency\" content=\"EUR\" \/>\n<meta property=\"og:availability\" content=\"instock\" \/>\n<meta property=\"product:availability\" content=\"instock\" \/>\n<meta property=\"product:retailer_item_id\" content=\"HDT28\" \/>\n<meta property=\"product:condition\" content=\"new\" \/>\n<meta name=\"geo.placename\" content=\"Hurghada\" \/>\n<meta name=\"geo.region\" content=\"Egypt\" \/>\n<!-- \/ Yoast SEO Premium plugin. -->","yoast_head_json":{"title":"Plav\u00e1n\u00ed s delf\u00edny Makadi Bay: Egy tour packages","description":"Za\u017eijte Plav\u00e1n\u00ed s delf\u00edny Makadi Bay! Nezapomenuteln\u00fd z\u00e1\u017eitek v Egypt\u011b, profesion\u00e1ln\u00ed p\u0159\u00edstup a \u00fa\u017easn\u00e9 momenty ve vod\u011b. Rezervujte si sv\u016fj v\u00fdlet je\u0161t\u011b dnes","robots":{"index":"index","follow":"follow","max-snippet":"max-snippet:-1","max-image-preview":"max-image-preview:large","max-video-preview":"max-video-preview:-1"},"canonical":"https:\/\/egytourpackages.com\/cs\/prohlidky\/plavani-s-delfiny-makadi-bay\/","og_locale":"cs_CZ","og_type":"article","og_title":"Plav\u00e1n\u00ed s delf\u00edny Makadi Bay","og_description":"Za\u017eijte Plav\u00e1n\u00ed s delf\u00edny Makadi Bay! Nezapomenuteln\u00fd z\u00e1\u017eitek v Egypt\u011b, profesion\u00e1ln\u00ed p\u0159\u00edstup a \u00fa\u017easn\u00e9 momenty ve vod\u011b. Rezervujte si sv\u016fj v\u00fdlet je\u0161t\u011b dnes","og_url":"https:\/\/egytourpackages.com\/cs\/prohlidky\/plavani-s-delfiny-makadi-bay\/","og_site_name":"Z\u00e1jezdy po Egypt\u011b","article_publisher":"https:\/\/www.facebook.com\/egytourpackages","article_modified_time":"2026-02-19T20:14:22+00:00","og_image":[{"width":900,"height":675,"url":"https:\/\/egytourpackages.com\/wp-content\/uploads\/2025\/12\/IMG_20241212_130656.jpg","type":"image\/jpeg"}],"twitter_card":"summary_large_image","twitter_title":"Plav\u00e1n\u00ed s delf\u00edny Makadi Bay","twitter_misc":{"Cena":"&euro;40","Dostupnost":"Skladem"},"schema":{"@context":"https:\/\/schema.org","@graph":[{"@type":"WebPage","@id":"https:\/\/egytourpackages.com\/cs\/prohlidky\/plavani-s-delfiny-makadi-bay\/","url":"https:\/\/egytourpackages.com\/cs\/prohlidky\/plavani-s-delfiny-makadi-bay\/","name":"Plav\u00e1n\u00ed s delf\u00edny Makadi Bay: Egy tour packages","isPartOf":{"@id":"https:\/\/egytourpackages.com\/cs\/#website"},"datePublished":"2025-11-03T20:11:49+00:00","dateModified":"2026-02-19T20:14:22+00:00","description":"Za\u017eijte Plav\u00e1n\u00ed s delf\u00edny Makadi Bay! Nezapomenuteln\u00fd z\u00e1\u017eitek v Egypt\u011b, profesion\u00e1ln\u00ed p\u0159\u00edstup a \u00fa\u017easn\u00e9 momenty ve vod\u011b. Rezervujte si sv\u016fj v\u00fdlet je\u0161t\u011b dnes","breadcrumb":{"@id":"https:\/\/egytourpackages.com\/cs\/prohlidky\/plavani-s-delfiny-makadi-bay\/#breadcrumb"},"inLanguage":"cs","potentialAction":[{"@type":"ReadAction","target":["https:\/\/egytourpackages.com\/cs\/prohlidky\/plavani-s-delfiny-makadi-bay\/"]}]},{"@type":"BreadcrumbList","@id":"https:\/\/egytourpackages.com\/cs\/prohlidky\/plavani-s-delfiny-makadi-bay\/#breadcrumb","itemListElement":[{"@type":"ListItem","position":1,"name":"Dom\u016f","item":"https:\/\/egytourpackages.com\/cs\/balicky-vyletu-po-egypte\/"},{"@type":"ListItem","position":2,"name":"Shop","item":"https:\/\/egytourpackages.com\/cs\/shop\/"},{"@type":"ListItem","position":3,"name":"Plav\u00e1n\u00ed s delf\u00edny Makadi Bay"}]},{"@type":"WebSite","@id":"https:\/\/egytourpackages.com\/cs\/#website","url":"https:\/\/egytourpackages.com\/cs\/","name":"Egy tour packages","description":"","publisher":{"@id":"https:\/\/egytourpackages.com\/cs\/#organization"},"potentialAction":[{"@type":"SearchAction","target":{"@type":"EntryPoint","urlTemplate":"https:\/\/egytourpackages.com\/cs\/?s={search_term_string}"},"query-input":{"@type":"PropertyValueSpecification","valueRequired":true,"valueName":"search_term_string"}}],"inLanguage":"cs"},{"@type":["Organization","Place","TravelAgency"],"@id":"https:\/\/egytourpackages.com\/cs\/#organization","name":"egypt tour packages","alternateName":"egypt tour packages","url":"https:\/\/egytourpackages.com\/cs\/","logo":{"@id":"https:\/\/egytourpackages.com\/cs\/prohlidky\/plavani-s-delfiny-makadi-bay\/#local-main-organization-logo"},"image":{"@id":"https:\/\/egytourpackages.com\/cs\/prohlidky\/plavani-s-delfiny-makadi-bay\/#local-main-organization-logo"},"sameAs":["https:\/\/www.facebook.com\/egytourpackages"],"legalName":"Egy tour packages","address":{"@id":"https:\/\/egytourpackages.com\/cs\/prohlidky\/plavani-s-delfiny-makadi-bay\/#local-main-place-address"},"telephone":["00201000852186","00201028685533"],"contactPoint":{"@type":"ContactPoint","telephone":"00201000852186"},"openingHoursSpecification":[{"@type":"OpeningHoursSpecification","dayOfWeek":["Monday","Tuesday","Wednesday","Thursday","Friday","Saturday","Sunday"],"opens":"00:00","closes":"23:59"}],"email":"info@egytourpackages.com","areaServed":"Cairo, Hurghada, Luxor, Sharm El Sheikh, Marsa Alam, Aswan","priceRange":"$","currenciesAccepted":"euro","paymentAccepted":"Payment links online"},{"@type":"PostalAddress","@id":"https:\/\/egytourpackages.com\/cs\/prohlidky\/plavani-s-delfiny-makadi-bay\/#local-main-place-address","streetAddress":"Mubarak 8, Al Kawthar District, Hurghada","addressLocality":"Hurghada","postalCode":"84511","addressRegion":"Red Sea","addressCountry":"EG"},{"@type":"ImageObject","inLanguage":"cs","@id":"https:\/\/egytourpackages.com\/cs\/prohlidky\/plavani-s-delfiny-makadi-bay\/#local-main-organization-logo","url":"https:\/\/egytourpackages.com\/wp-content\/uploads\/2025\/12\/Turquoise-Dahabiya-Nile-Cruise-1.jpeg","contentUrl":"https:\/\/egytourpackages.com\/wp-content\/uploads\/2025\/12\/Turquoise-Dahabiya-Nile-Cruise-1.jpeg","width":1040,"height":694,"caption":"egypt tour packages"}]},"product_brand":"Jednodenn\u00ed v\u00fdlety po Egypt\u011b","product_price_amount":"40","product_price_currency":"EUR","og_availability":"instock","product_availability":"instock","product_retailer_item_id":"HDT28","product_condition":"new","geo.placename":"Hurghada","geo.region":"Egypt"},"_links":{"self":[{"href":"https:\/\/egytourpackages.com\/cs\/wp-json\/wp\/v2\/product\/15376","targetHints":{"allow":["GET"]}}],"collection":[{"href":"https:\/\/egytourpackages.com\/cs\/wp-json\/wp\/v2\/product"}],"about":[{"href":"https:\/\/egytourpackages.com\/cs\/wp-json\/wp\/v2\/types\/product"}],"replies":[{"embeddable":true,"href":"https:\/\/egytourpackages.com\/cs\/wp-json\/wp\/v2\/comments?post=15376"}],"wp:attachment":[{"href":"https:\/\/egytourpackages.com\/cs\/wp-json\/wp\/v2\/media?parent=15376"}],"wp:term":[{"taxonomy":"product_brand","embeddable":true,"href":"https:\/\/egytourpackages.com\/cs\/wp-json\/wp\/v2\/product_brand?post=15376"},{"taxonomy":"product_cat","embeddable":true,"href":"https:\/\/egytourpackages.com\/cs\/wp-json\/wp\/v2\/product_cat?post=15376"},{"taxonomy":"product_tag","embeddable":true,"href":"https:\/\/egytourpackages.com\/cs\/wp-json\/wp\/v2\/product_tag?post=15376"}],"curies":[{"name":"wp","href":"https:\/\/api.w.org\/{rel}","templated":true}]}}