{"id":15400,"date":"2025-11-14T23:32:22","date_gmt":"2025-11-14T23:32:22","guid":{"rendered":"https:\/\/egytourpackages.com\/product\/soukromy-transfer-z-letiste-hurghada-do-hotelu-v-makadi-bay\/"},"modified":"2026-02-19T20:16:31","modified_gmt":"2026-02-19T20:16:31","slug":"soukromy-transfer-z-letiste-hurghada-do-hotelu-v-makadi-bay","status":"publish","type":"product","link":"https:\/\/egytourpackages.com\/cs\/prohlidky\/soukromy-transfer-z-letiste-hurghada-do-hotelu-v-makadi-bay\/","title":{"rendered":"Soukrom\u00fd transfer z leti\u0161t\u011b Hurghada do hotel\u016f v Makadi Bay"},"content":{"rendered":"<p><span style=\"color: #ff6600;\"><strong>Soukrom\u00fd transfer z leti\u0161t\u011b Hurghada do hotel\u016f v Makadi Bay | Cena za vozidlo<\/strong><\/span><\/p>\n<p>Za\u010dn\u011bte svou exkluzivn\u00ed <strong>dovolenou v Makadi Bay<\/strong> s maxim\u00e1ln\u00edm <strong>cestov\u00e1n\u00edm bez stresu<\/strong>: <strong>p\u0159edem rezervovan\u00fdm soukrom\u00fdm transferem<\/strong> z <strong>mezin\u00e1rodn\u00edho leti\u0161t\u011b Hurghada (HRG)<\/strong> p\u0159\u00edmo do va\u0161eho <strong>hotelu v Makadi Bay<\/strong>.<\/p>\n<p>P\u0159i hled\u00e1n\u00ed <strong>spolehliv\u00e9 dopravy u Rud\u00e9ho mo\u0159e<\/strong> je slu\u017eba soukrom\u00e9ho vozu trvale hodnocena jako <strong>nejlep\u0161\u00ed mo\u017enost leti\u0161tn\u00edho transferu<\/strong> pro svou rychlost, bezpe\u010dnost a pohodl\u00ed.<\/p>\n<h3><span style=\"color: #ff6600;\">Pro\u010d si rezervovat soukrom\u00fd transfer z Hurghady do Makadi Bay?<\/span><\/h3>\n<p><span style=\"color: #993366;\"><em><strong>Osobn\u00ed p\u0159iv\u00edt\u00e1n\u00ed &#8222;Meet &amp; Greet&#8220;<\/strong><\/em><\/span><\/p>\n<p>Zapome\u0148te na stres s hled\u00e1n\u00edm dopravy. V\u00e1\u0161 <strong>vyhrazen\u00fd \u0159idi\u010d<\/strong> na v\u00e1s bude \u010dekat p\u0159\u00edmo p\u0159ed <strong>p\u0159\u00edletovou halou<\/strong> s cedul\u00ed, na kter\u00e9 bude jasn\u011b uvedeno va\u0161e jm\u00e9no.<\/p>\n<p>Osobn\u011b v\u00e1m pom\u016f\u017ee s va\u0161imi <strong>zavazadly<\/strong>, co\u017e v\u00e1m umo\u017en\u00ed se prost\u011b uvolnit a <strong>u\u017e\u00edt si sv\u016fj soukrom\u00fd transfer<\/strong> z <strong>leti\u0161t\u011b Hurghada do va\u0161eho hotelu v Makadi Bay<\/strong>.<\/p>\n<p>Cesta do hotel\u016f v Makadi Bay trv\u00e1 p\u0159ibli\u017en\u011b 30\u201345 minut a m\u011b\u0159\u00ed asi 30 kilometr\u016f. Jedn\u00e1 se o nejrychlej\u0161\u00ed a <strong>nejefektivn\u011bj\u0161\u00ed vyzvednut\u00ed na leti\u0161ti<\/strong>, kter\u00e9 je k dispozici.<\/p>\n<p><span style=\"color: #993366;\"><em><strong>Zaru\u010den\u00e9 pohodl\u00ed a bezpe\u010dnost<\/strong><\/em><\/span><\/p>\n<p>V\u00e1\u0161 transfer prob\u00edh\u00e1 v <strong>modern\u00edm, klimatizovan\u00e9m vozidle<\/strong>, kter\u00e9 zajist\u00ed pohodlnou j\u00edzdu po va\u0161em letu. V\u0161echna vozidla jsou pravideln\u011b udr\u017eov\u00e1na a obvykle nab\u00edzej\u00ed prostor pro va\u0161e <strong>zavazadla, golfov\u00e9 ta\u0161ky nebo pot\u00e1p\u011b\u010dsk\u00e9 vybaven\u00ed<\/strong>.<\/p>\n<p>Pro rodiny nab\u00edz\u00ed mnoho slu\u017eeb na vy\u017e\u00e1d\u00e1n\u00ed <strong>d\u011btsk\u00e9 seda\u010dky<\/strong> nebo podsed\u00e1ky, co\u017e zvy\u0161uje bezpe\u010dnost va\u0161ich d\u011bt\u00ed.<\/p>\n<p><span style=\"color: #993366;\"><em><strong>Snadn\u00e1 rezervace a servis 24\/7<\/strong><\/em><\/span><\/p>\n<p>Rezervace transferu do <strong>resort\u016f v Makadi Bay<\/strong> je navr\u017eena pro maxim\u00e1ln\u00ed pohodl\u00ed. Sv\u016fj <strong>transfer leti\u0161tn\u00edm taxi v Hurghad\u011b<\/strong> si m\u016f\u017eete snadno rezervovat p\u0159es <strong>WhatsApp, e-mail nebo telefonn\u00ed hovor<\/strong>.<\/p>\n<p>K zaji\u0161t\u011bn\u00ed cesty sta\u010d\u00ed uv\u00e9st <strong>\u010d\u00edslo letu<\/strong> a <strong>\u010das p\u0159\u00edletu<\/strong> \u2013 o ve\u0161ker\u00e9 logistick\u00e9 detaily se postar\u00e1me my.<\/p>\n<p>Ve skute\u010dnosti provozujeme <strong>24hodinov\u00fd servis<\/strong> s flotilou <strong>modern\u00edch a klimatizovan\u00fdch vozidel<\/strong>, kter\u00e1 jsou p\u0159ipravena v\u00e1s vyzvednout v <strong>jakoukoli dobu na leti\u0161ti v Hurghad\u011b<\/strong>, ve dne i v noci.<\/p>\n<p><span style=\"color: #993366;\"><em><strong>Pevn\u00e1, dostupn\u00e1 cena<\/strong><\/em><\/span><\/p>\n<p>Zajist\u011bte si <strong>pevnou, all-inclusive cenu<\/strong> p\u0159i rezervaci online. Tato transparentnost je velkou v\u00fdhodou, proto\u017ee znamen\u00e1 \u017e\u00e1dn\u00e9 p\u0159ekvapiv\u00e9 n\u00e1klady a \u017e\u00e1dnou pot\u0159ebu <strong>smlouvat o cen\u011b taxi<\/strong> na leti\u0161ti.<\/p>\n<p>To je \u010dasto <strong>transfer s nejlep\u0161\u00ed hodnotou<\/strong> pro skupiny nebo rodiny ve srovn\u00e1n\u00ed s nepl\u00e1novanou j\u00edzdou <strong>leti\u0161tn\u00edm taxi<\/strong>.<\/p>\n<h3><span style=\"color: #ff6600;\">Rezervujte si leti\u0161tn\u00ed taxi do Makadi Bay p\u0159edem<\/span><\/h3>\n<p>Pro naprost\u00fd klid v du\u0161i d\u016frazn\u011b doporu\u010dujeme rezervovat si <strong>transfer do Makadi Bay<\/strong> s dostate\u010dn\u00fdm p\u0159edstihem p\u0159ed datem va\u0161\u00ed cesty.<\/p>\n<p>To zajist\u00ed, \u017ee na v\u00e1s \u0159idi\u010d bude \u010dekat, i kdy\u017e bude m\u00edt v\u00e1\u0161 let do <strong>Hurghady<\/strong> zpo\u017ed\u011bn\u00ed.<\/p>\n<p>Je to ten <strong>nejsnadn\u011bj\u0161\u00ed zp\u016fsob<\/strong>, jak se p\u0159esunout z leti\u0161tn\u00edho termin\u00e1lu do <strong>luxusn\u00edho pohodl\u00ed<\/strong> va\u0161eho resortu u Rud\u00e9ho mo\u0159e.<\/p>\n<h2><span style=\"color: #993366;\"><em>Pozn\u00e1mka<\/em><\/span><\/h2>\n<p>Vezm\u011bte pros\u00edm na v\u011bdom\u00ed, \u017ee na\u0161e cena za transfery z leti\u0161t\u011b Hurghada do resort\u016f v Makadi Bay je za vozidlo a ne\u010dekaj\u00ed v\u00e1s \u017e\u00e1dn\u00e1 skryt\u00e1 p\u0159ekvapen\u00ed. Dal\u0161\u00ed informace o transferu leti\u0161tn\u00edm taxi v Hurghad\u011b naleznete v na\u0161\u00ed sekci <strong>leti\u0161tn\u00ed transfery<\/strong>.<\/p>\n<p>Cena soukrom\u00e9ho transferu z leti\u0161t\u011b Hurghada do hotel\u016f v Makadi Bay<\/p>\n<p>Za vozidlo: 25 \u20ac<\/p>\n<h3><span style=\"color: #993366;\">Rezervace<\/span><\/h3>\n<p>Sv\u00e9 slu\u017eby si m\u016f\u017eete rezervovat p\u0159es WhatsApp nebo n\u00e1m poslat e-mail a potvrzen\u00ed obdr\u017e\u00edte obratem.<\/p>\n<p>WhatsApp: +201000852186<\/p>\n<p>info@egytourpackages.com<\/p>\n<h3><span style=\"color: #993366;\">Rezervujte nyn\u00ed a pla\u0165te na m\u00edst\u011b<\/span><\/h3>\n<p>Rezervujte si sv\u016fj obl\u00edben\u00fd transfer a zapla\u0165te a\u017e na m\u00edst\u011b.<\/p>\n<h3><span style=\"color: #993366;\">Platba<\/span><\/h3>\n<p>Platit m\u016f\u017eete v egyptsk\u00fdch libr\u00e1ch, $, \u20ac nebo \u00a3.<\/p>\n<h3><span style=\"color: #993366;\">Storno podm\u00ednky<\/span><\/h3>\n<p>Zru\u0161en\u00ed je zdarma.<\/p>\n","protected":false},"excerpt":{"rendered":"<p>Soukrom\u00fd transfer z leti\u0161t\u011b Hurghada do hotel\u016f v Makadi Bay | Cena za vozidlo 25 \u20ac. U\u017eijte si VIP servis, klimatizovan\u00e9 vozy a vyzvednut\u00ed 24\/7. Rezervujte!<\/p>\n","protected":false},"featured_media":9196,"comment_status":"closed","ping_status":"closed","template":"","meta":[],"product_brand":[],"product_cat":[1466],"product_tag":[1470,2392],"class_list":{"0":"post-15400","1":"product","2":"type-product","3":"status-publish","4":"has-post-thumbnail","6":"product_cat-vylety","7":"product_tag-jednodenni-vylety-po-egypte","8":"product_tag-letistni-transfery","9":"tour_category-jednodenni-vylety-po-egypte-cs","10":"tour_category-transfery-z-letiste-a-na-letiste","12":"first","13":"instock","14":"sale","15":"shipping-taxable","16":"purchasable","17":"product-type-tour"},"yoast_head":"<!-- This site is optimized with the Yoast SEO Premium plugin v27.2 (Yoast SEO v27.2) - https:\/\/yoast.com\/product\/yoast-seo-premium-wordpress\/ -->\n<title>Soukrom\u00fd transfer z leti\u0161t\u011b Hurghada do hotel\u016f v Makadi Bay<\/title>\n<meta name=\"description\" content=\"Soukrom\u00fd transfer z leti\u0161t\u011b Hurghada do hotel\u016f v Makadi Bay | Cena za vozidlo 25 \u20ac. U\u017eijte si VIP servis, klimatizovan\u00e9 vozy a vyzvednut\u00ed 24\/7. Rezervujte!\" \/>\n<meta name=\"robots\" content=\"index, follow, max-snippet:-1, max-image-preview:large, max-video-preview:-1\" \/>\n<link rel=\"canonical\" href=\"https:\/\/egytourpackages.com\/cs\/prohlidky\/soukromy-transfer-z-letiste-hurghada-do-hotelu-v-makadi-bay\/\" \/>\n<meta property=\"og:locale\" content=\"cs_CZ\" \/>\n<meta property=\"og:type\" content=\"article\" \/>\n<meta property=\"og:title\" content=\"Soukrom\u00fd transfer z leti\u0161t\u011b Hurghada do hotel\u016f v Makadi Bay\" \/>\n<meta property=\"og:description\" content=\"Soukrom\u00fd transfer z leti\u0161t\u011b Hurghada do hotel\u016f v Makadi Bay | Cena za vozidlo 25 \u20ac. U\u017eijte si VIP servis, klimatizovan\u00e9 vozy a vyzvednut\u00ed 24\/7. Rezervujte!\" \/>\n<meta property=\"og:url\" content=\"https:\/\/egytourpackages.com\/cs\/prohlidky\/soukromy-transfer-z-letiste-hurghada-do-hotelu-v-makadi-bay\/\" \/>\n<meta property=\"og:site_name\" content=\"Z\u00e1jezdy po Egypt\u011b\" \/>\n<meta property=\"article:publisher\" content=\"https:\/\/www.facebook.com\/egytourpackages\" \/>\n<meta property=\"article:modified_time\" content=\"2026-02-19T20:16:31+00:00\" \/>\n<meta property=\"og:image\" content=\"https:\/\/egytourpackages.com\/wp-content\/uploads\/2025\/11\/Private-Transfer-from-Hurghada-Airport-to-Makadi-Bay-Hotels-1024x768.jpeg\" \/>\n<meta name=\"twitter:card\" content=\"summary_large_image\" \/>\n<meta name=\"twitter:title\" content=\"Soukrom\u00fd transfer z leti\u0161t\u011b Hurghada do hotel\u016f v Makadi Bay\" \/>\n<meta name=\"twitter:label1\" content=\"Cena\" \/>\n\t<meta name=\"twitter:data1\" content=\"&euro;25\" \/>\n\t<meta name=\"twitter:label2\" content=\"Dostupnost\" \/>\n\t<meta name=\"twitter:data2\" content=\"Skladem\" \/>\n<script type=\"application\/ld+json\" class=\"yoast-schema-graph\">{\"@context\":\"https:\/\/schema.org\",\"@graph\":[{\"@type\":\"WebPage\",\"@id\":\"https:\/\/egytourpackages.com\/cs\/prohlidky\/soukromy-transfer-z-letiste-hurghada-do-hotelu-v-makadi-bay\/\",\"url\":\"https:\/\/egytourpackages.com\/cs\/prohlidky\/soukromy-transfer-z-letiste-hurghada-do-hotelu-v-makadi-bay\/\",\"name\":\"Soukrom\u00fd transfer z leti\u0161t\u011b Hurghada do hotel\u016f v Makadi Bay\",\"isPartOf\":{\"@id\":\"https:\/\/egytourpackages.com\/cs\/#website\"},\"primaryImageOfPage\":{\"@id\":\"https:\/\/egytourpackages.com\/cs\/prohlidky\/soukromy-transfer-z-letiste-hurghada-do-hotelu-v-makadi-bay\/#primaryimage\"},\"image\":{\"@id\":\"https:\/\/egytourpackages.com\/cs\/prohlidky\/soukromy-transfer-z-letiste-hurghada-do-hotelu-v-makadi-bay\/#primaryimage\"},\"thumbnailUrl\":\"https:\/\/egytourpackages.com\/wp-content\/uploads\/2025\/11\/Private-Transfer-from-Hurghada-Airport-to-Makadi-Bay-Hotels.jpeg\",\"datePublished\":\"2025-11-14T23:32:22+00:00\",\"dateModified\":\"2026-02-19T20:16:31+00:00\",\"description\":\"Soukrom\u00fd transfer z leti\u0161t\u011b Hurghada do hotel\u016f v Makadi Bay | Cena za vozidlo 25 \u20ac. U\u017eijte si VIP servis, klimatizovan\u00e9 vozy a vyzvednut\u00ed 24\/7. Rezervujte!\",\"breadcrumb\":{\"@id\":\"https:\/\/egytourpackages.com\/cs\/prohlidky\/soukromy-transfer-z-letiste-hurghada-do-hotelu-v-makadi-bay\/#breadcrumb\"},\"inLanguage\":\"cs\",\"potentialAction\":[{\"@type\":\"ReadAction\",\"target\":[\"https:\/\/egytourpackages.com\/cs\/prohlidky\/soukromy-transfer-z-letiste-hurghada-do-hotelu-v-makadi-bay\/\"]}]},{\"@type\":\"ImageObject\",\"inLanguage\":\"cs\",\"@id\":\"https:\/\/egytourpackages.com\/cs\/prohlidky\/soukromy-transfer-z-letiste-hurghada-do-hotelu-v-makadi-bay\/#primaryimage\",\"url\":\"https:\/\/egytourpackages.com\/wp-content\/uploads\/2025\/11\/Private-Transfer-from-Hurghada-Airport-to-Makadi-Bay-Hotels.jpeg\",\"contentUrl\":\"https:\/\/egytourpackages.com\/wp-content\/uploads\/2025\/11\/Private-Transfer-from-Hurghada-Airport-to-Makadi-Bay-Hotels.jpeg\",\"width\":1600,\"height\":1200,\"caption\":\"Soukrom\u00fd transfer z leti\u0161t\u011b Hurghada do hotel\u016f v Makadi Bay\"},{\"@type\":\"BreadcrumbList\",\"@id\":\"https:\/\/egytourpackages.com\/cs\/prohlidky\/soukromy-transfer-z-letiste-hurghada-do-hotelu-v-makadi-bay\/#breadcrumb\",\"itemListElement\":[{\"@type\":\"ListItem\",\"position\":1,\"name\":\"Dom\u016f\",\"item\":\"https:\/\/egytourpackages.com\/cs\/balicky-vyletu-po-egypte\/\"},{\"@type\":\"ListItem\",\"position\":2,\"name\":\"Shop\",\"item\":\"https:\/\/egytourpackages.com\/cs\/shop\/\"},{\"@type\":\"ListItem\",\"position\":3,\"name\":\"Soukrom\u00fd transfer z leti\u0161t\u011b Hurghada do hotel\u016f v Makadi Bay\"}]},{\"@type\":\"WebSite\",\"@id\":\"https:\/\/egytourpackages.com\/cs\/#website\",\"url\":\"https:\/\/egytourpackages.com\/cs\/\",\"name\":\"Egy tour packages\",\"description\":\"\",\"publisher\":{\"@id\":\"https:\/\/egytourpackages.com\/cs\/#organization\"},\"potentialAction\":[{\"@type\":\"SearchAction\",\"target\":{\"@type\":\"EntryPoint\",\"urlTemplate\":\"https:\/\/egytourpackages.com\/cs\/?s={search_term_string}\"},\"query-input\":{\"@type\":\"PropertyValueSpecification\",\"valueRequired\":true,\"valueName\":\"search_term_string\"}}],\"inLanguage\":\"cs\"},{\"@type\":[\"Organization\",\"Place\",\"TravelAgency\"],\"@id\":\"https:\/\/egytourpackages.com\/cs\/#organization\",\"name\":\"egypt tour packages\",\"alternateName\":\"egypt tour packages\",\"url\":\"https:\/\/egytourpackages.com\/cs\/\",\"logo\":{\"@id\":\"https:\/\/egytourpackages.com\/cs\/prohlidky\/soukromy-transfer-z-letiste-hurghada-do-hotelu-v-makadi-bay\/#local-main-organization-logo\"},\"image\":{\"@id\":\"https:\/\/egytourpackages.com\/cs\/prohlidky\/soukromy-transfer-z-letiste-hurghada-do-hotelu-v-makadi-bay\/#local-main-organization-logo\"},\"sameAs\":[\"https:\/\/www.facebook.com\/egytourpackages\"],\"legalName\":\"Egy tour packages\",\"address\":{\"@id\":\"https:\/\/egytourpackages.com\/cs\/prohlidky\/soukromy-transfer-z-letiste-hurghada-do-hotelu-v-makadi-bay\/#local-main-place-address\"},\"telephone\":[\"00201000852186\",\"00201028685533\"],\"contactPoint\":{\"@type\":\"ContactPoint\",\"telephone\":\"00201000852186\"},\"openingHoursSpecification\":[{\"@type\":\"OpeningHoursSpecification\",\"dayOfWeek\":[\"Monday\",\"Tuesday\",\"Wednesday\",\"Thursday\",\"Friday\",\"Saturday\",\"Sunday\"],\"opens\":\"00:00\",\"closes\":\"23:59\"}],\"email\":\"info@egytourpackages.com\",\"areaServed\":\"Cairo, Hurghada, Luxor, Sharm El Sheikh, Marsa Alam, Aswan\",\"priceRange\":\"$\",\"currenciesAccepted\":\"euro\",\"paymentAccepted\":\"Payment links online\"},{\"@type\":\"PostalAddress\",\"@id\":\"https:\/\/egytourpackages.com\/cs\/prohlidky\/soukromy-transfer-z-letiste-hurghada-do-hotelu-v-makadi-bay\/#local-main-place-address\",\"streetAddress\":\"Mubarak 8, Al Kawthar District, Hurghada\",\"addressLocality\":\"Hurghada\",\"postalCode\":\"84511\",\"addressRegion\":\"Red Sea\",\"addressCountry\":\"EG\"},{\"@type\":\"ImageObject\",\"inLanguage\":\"cs\",\"@id\":\"https:\/\/egytourpackages.com\/cs\/prohlidky\/soukromy-transfer-z-letiste-hurghada-do-hotelu-v-makadi-bay\/#local-main-organization-logo\",\"url\":\"https:\/\/egytourpackages.com\/wp-content\/uploads\/2025\/12\/Turquoise-Dahabiya-Nile-Cruise-1.jpeg\",\"contentUrl\":\"https:\/\/egytourpackages.com\/wp-content\/uploads\/2025\/12\/Turquoise-Dahabiya-Nile-Cruise-1.jpeg\",\"width\":1040,\"height\":694,\"caption\":\"egypt tour packages\"}]}<\/script>\n<meta property=\"product:brand\" content=\"Jednodenn\u00ed v\u00fdlety po Egypt\u011b\" \/>\n<meta property=\"product:price:amount\" content=\"25\" \/>\n<meta property=\"product:price:currency\" content=\"EUR\" \/>\n<meta property=\"og:availability\" content=\"instock\" \/>\n<meta property=\"product:availability\" content=\"instock\" \/>\n<meta property=\"product:retailer_item_id\" content=\"AT 04\" \/>\n<meta property=\"product:condition\" content=\"new\" \/>\n<meta name=\"geo.placename\" content=\"Hurghada\" \/>\n<meta name=\"geo.region\" content=\"Egypt\" \/>\n<!-- \/ Yoast SEO Premium plugin. -->","yoast_head_json":{"title":"Soukrom\u00fd transfer z leti\u0161t\u011b Hurghada do hotel\u016f v Makadi Bay","description":"Soukrom\u00fd transfer z leti\u0161t\u011b Hurghada do hotel\u016f v Makadi Bay | Cena za vozidlo 25 \u20ac. U\u017eijte si VIP servis, klimatizovan\u00e9 vozy a vyzvednut\u00ed 24\/7. Rezervujte!","robots":{"index":"index","follow":"follow","max-snippet":"max-snippet:-1","max-image-preview":"max-image-preview:large","max-video-preview":"max-video-preview:-1"},"canonical":"https:\/\/egytourpackages.com\/cs\/prohlidky\/soukromy-transfer-z-letiste-hurghada-do-hotelu-v-makadi-bay\/","og_locale":"cs_CZ","og_type":"article","og_title":"Soukrom\u00fd transfer z leti\u0161t\u011b Hurghada do hotel\u016f v Makadi Bay","og_description":"Soukrom\u00fd transfer z leti\u0161t\u011b Hurghada do hotel\u016f v Makadi Bay | Cena za vozidlo 25 \u20ac. U\u017eijte si VIP servis, klimatizovan\u00e9 vozy a vyzvednut\u00ed 24\/7. Rezervujte!","og_url":"https:\/\/egytourpackages.com\/cs\/prohlidky\/soukromy-transfer-z-letiste-hurghada-do-hotelu-v-makadi-bay\/","og_site_name":"Z\u00e1jezdy po Egypt\u011b","article_publisher":"https:\/\/www.facebook.com\/egytourpackages","article_modified_time":"2026-02-19T20:16:31+00:00","og_image":[{"url":"https:\/\/egytourpackages.com\/wp-content\/uploads\/2025\/11\/Private-Transfer-from-Hurghada-Airport-to-Makadi-Bay-Hotels-1024x768.jpeg","type":"","width":"","height":""}],"twitter_card":"summary_large_image","twitter_title":"Soukrom\u00fd transfer z leti\u0161t\u011b Hurghada do hotel\u016f v Makadi Bay","twitter_misc":{"Cena":"&euro;25","Dostupnost":"Skladem"},"schema":{"@context":"https:\/\/schema.org","@graph":[{"@type":"WebPage","@id":"https:\/\/egytourpackages.com\/cs\/prohlidky\/soukromy-transfer-z-letiste-hurghada-do-hotelu-v-makadi-bay\/","url":"https:\/\/egytourpackages.com\/cs\/prohlidky\/soukromy-transfer-z-letiste-hurghada-do-hotelu-v-makadi-bay\/","name":"Soukrom\u00fd transfer z leti\u0161t\u011b Hurghada do hotel\u016f v Makadi Bay","isPartOf":{"@id":"https:\/\/egytourpackages.com\/cs\/#website"},"primaryImageOfPage":{"@id":"https:\/\/egytourpackages.com\/cs\/prohlidky\/soukromy-transfer-z-letiste-hurghada-do-hotelu-v-makadi-bay\/#primaryimage"},"image":{"@id":"https:\/\/egytourpackages.com\/cs\/prohlidky\/soukromy-transfer-z-letiste-hurghada-do-hotelu-v-makadi-bay\/#primaryimage"},"thumbnailUrl":"https:\/\/egytourpackages.com\/wp-content\/uploads\/2025\/11\/Private-Transfer-from-Hurghada-Airport-to-Makadi-Bay-Hotels.jpeg","datePublished":"2025-11-14T23:32:22+00:00","dateModified":"2026-02-19T20:16:31+00:00","description":"Soukrom\u00fd transfer z leti\u0161t\u011b Hurghada do hotel\u016f v Makadi Bay | Cena za vozidlo 25 \u20ac. U\u017eijte si VIP servis, klimatizovan\u00e9 vozy a vyzvednut\u00ed 24\/7. Rezervujte!","breadcrumb":{"@id":"https:\/\/egytourpackages.com\/cs\/prohlidky\/soukromy-transfer-z-letiste-hurghada-do-hotelu-v-makadi-bay\/#breadcrumb"},"inLanguage":"cs","potentialAction":[{"@type":"ReadAction","target":["https:\/\/egytourpackages.com\/cs\/prohlidky\/soukromy-transfer-z-letiste-hurghada-do-hotelu-v-makadi-bay\/"]}]},{"@type":"ImageObject","inLanguage":"cs","@id":"https:\/\/egytourpackages.com\/cs\/prohlidky\/soukromy-transfer-z-letiste-hurghada-do-hotelu-v-makadi-bay\/#primaryimage","url":"https:\/\/egytourpackages.com\/wp-content\/uploads\/2025\/11\/Private-Transfer-from-Hurghada-Airport-to-Makadi-Bay-Hotels.jpeg","contentUrl":"https:\/\/egytourpackages.com\/wp-content\/uploads\/2025\/11\/Private-Transfer-from-Hurghada-Airport-to-Makadi-Bay-Hotels.jpeg","width":1600,"height":1200,"caption":"Soukrom\u00fd transfer z leti\u0161t\u011b Hurghada do hotel\u016f v Makadi Bay"},{"@type":"BreadcrumbList","@id":"https:\/\/egytourpackages.com\/cs\/prohlidky\/soukromy-transfer-z-letiste-hurghada-do-hotelu-v-makadi-bay\/#breadcrumb","itemListElement":[{"@type":"ListItem","position":1,"name":"Dom\u016f","item":"https:\/\/egytourpackages.com\/cs\/balicky-vyletu-po-egypte\/"},{"@type":"ListItem","position":2,"name":"Shop","item":"https:\/\/egytourpackages.com\/cs\/shop\/"},{"@type":"ListItem","position":3,"name":"Soukrom\u00fd transfer z leti\u0161t\u011b Hurghada do hotel\u016f v Makadi Bay"}]},{"@type":"WebSite","@id":"https:\/\/egytourpackages.com\/cs\/#website","url":"https:\/\/egytourpackages.com\/cs\/","name":"Egy tour packages","description":"","publisher":{"@id":"https:\/\/egytourpackages.com\/cs\/#organization"},"potentialAction":[{"@type":"SearchAction","target":{"@type":"EntryPoint","urlTemplate":"https:\/\/egytourpackages.com\/cs\/?s={search_term_string}"},"query-input":{"@type":"PropertyValueSpecification","valueRequired":true,"valueName":"search_term_string"}}],"inLanguage":"cs"},{"@type":["Organization","Place","TravelAgency"],"@id":"https:\/\/egytourpackages.com\/cs\/#organization","name":"egypt tour packages","alternateName":"egypt tour packages","url":"https:\/\/egytourpackages.com\/cs\/","logo":{"@id":"https:\/\/egytourpackages.com\/cs\/prohlidky\/soukromy-transfer-z-letiste-hurghada-do-hotelu-v-makadi-bay\/#local-main-organization-logo"},"image":{"@id":"https:\/\/egytourpackages.com\/cs\/prohlidky\/soukromy-transfer-z-letiste-hurghada-do-hotelu-v-makadi-bay\/#local-main-organization-logo"},"sameAs":["https:\/\/www.facebook.com\/egytourpackages"],"legalName":"Egy tour packages","address":{"@id":"https:\/\/egytourpackages.com\/cs\/prohlidky\/soukromy-transfer-z-letiste-hurghada-do-hotelu-v-makadi-bay\/#local-main-place-address"},"telephone":["00201000852186","00201028685533"],"contactPoint":{"@type":"ContactPoint","telephone":"00201000852186"},"openingHoursSpecification":[{"@type":"OpeningHoursSpecification","dayOfWeek":["Monday","Tuesday","Wednesday","Thursday","Friday","Saturday","Sunday"],"opens":"00:00","closes":"23:59"}],"email":"info@egytourpackages.com","areaServed":"Cairo, Hurghada, Luxor, Sharm El Sheikh, Marsa Alam, Aswan","priceRange":"$","currenciesAccepted":"euro","paymentAccepted":"Payment links online"},{"@type":"PostalAddress","@id":"https:\/\/egytourpackages.com\/cs\/prohlidky\/soukromy-transfer-z-letiste-hurghada-do-hotelu-v-makadi-bay\/#local-main-place-address","streetAddress":"Mubarak 8, Al Kawthar District, Hurghada","addressLocality":"Hurghada","postalCode":"84511","addressRegion":"Red Sea","addressCountry":"EG"},{"@type":"ImageObject","inLanguage":"cs","@id":"https:\/\/egytourpackages.com\/cs\/prohlidky\/soukromy-transfer-z-letiste-hurghada-do-hotelu-v-makadi-bay\/#local-main-organization-logo","url":"https:\/\/egytourpackages.com\/wp-content\/uploads\/2025\/12\/Turquoise-Dahabiya-Nile-Cruise-1.jpeg","contentUrl":"https:\/\/egytourpackages.com\/wp-content\/uploads\/2025\/12\/Turquoise-Dahabiya-Nile-Cruise-1.jpeg","width":1040,"height":694,"caption":"egypt tour packages"}]},"product_brand":"Jednodenn\u00ed v\u00fdlety po Egypt\u011b","product_price_amount":"25","product_price_currency":"EUR","og_availability":"instock","product_availability":"instock","product_retailer_item_id":"AT 04","product_condition":"new","geo.placename":"Hurghada","geo.region":"Egypt"},"_links":{"self":[{"href":"https:\/\/egytourpackages.com\/cs\/wp-json\/wp\/v2\/product\/15400","targetHints":{"allow":["GET"]}}],"collection":[{"href":"https:\/\/egytourpackages.com\/cs\/wp-json\/wp\/v2\/product"}],"about":[{"href":"https:\/\/egytourpackages.com\/cs\/wp-json\/wp\/v2\/types\/product"}],"replies":[{"embeddable":true,"href":"https:\/\/egytourpackages.com\/cs\/wp-json\/wp\/v2\/comments?post=15400"}],"wp:featuredmedia":[{"embeddable":true,"href":"https:\/\/egytourpackages.com\/cs\/wp-json\/wp\/v2\/media\/9196"}],"wp:attachment":[{"href":"https:\/\/egytourpackages.com\/cs\/wp-json\/wp\/v2\/media?parent=15400"}],"wp:term":[{"taxonomy":"product_brand","embeddable":true,"href":"https:\/\/egytourpackages.com\/cs\/wp-json\/wp\/v2\/product_brand?post=15400"},{"taxonomy":"product_cat","embeddable":true,"href":"https:\/\/egytourpackages.com\/cs\/wp-json\/wp\/v2\/product_cat?post=15400"},{"taxonomy":"product_tag","embeddable":true,"href":"https:\/\/egytourpackages.com\/cs\/wp-json\/wp\/v2\/product_tag?post=15400"}],"curies":[{"name":"wp","href":"https:\/\/api.w.org\/{rel}","templated":true}]}}