{"id":15729,"date":"2026-02-20T20:41:43","date_gmt":"2026-02-20T20:41:43","guid":{"rendered":"https:\/\/egytourpackages.com\/product\/soukromy-transfer-z-letiste-hurghada-do-magic-kalawy\/"},"modified":"2026-02-27T20:14:24","modified_gmt":"2026-02-27T20:14:24","slug":"soukromy-transfer-z-letiste-hurghada-do-magic-kalawy","status":"publish","type":"product","link":"https:\/\/egytourpackages.com\/cs\/prohlidky\/soukromy-transfer-z-letiste-hurghada-do-magic-kalawy\/","title":{"rendered":"Soukrom\u00fd transfer z leti\u0161t\u011b Hurghada do Magic Kalawy"},"content":{"rendered":"<p><span style=\"color: #ff6600;\"><strong>Soukrom\u00fd transfer z leti\u0161t\u011b Hurghada do Magic Kalawy<\/strong><\/span><\/p>\n<p><span style=\"color: #ff00ff;\"><em><strong>Pro\u010d si vybrat n\u00e1\u0161 transfer z leti\u0161t\u011b Hurghada do Magic Kalawy?<\/strong><\/em><\/span><\/p>\n<p>Ch\u00e1peme, \u017ee po dlouh\u00e9m letu je to posledn\u00ed, co byste si p\u0159\u00e1li, star\u00e9 vozidlo nebo zmatek p\u0159i vyzved\u00e1v\u00e1n\u00ed. Zde je srovn\u00e1n\u00ed s ostatn\u00edmi webov\u00fdmi str\u00e1nkami:<\/p>\n<p><span style=\"color: #ff00ff;\"><em><strong>Zcela nov\u00e1 flota pro rok 2026<\/strong><\/em><\/span><\/p>\n<p>Na rozd\u00edl od mnoha m\u00edstn\u00edch oper\u00e1tor\u016f a velk\u00fdch rezerva\u010dn\u00edch platforem, kter\u00e9 vyu\u017e\u00edvaj\u00ed zastaral\u00e9 modely vozidel, se cel\u00e1 na\u0161e flota skl\u00e1d\u00e1 ze zcela nov\u00fdch voz\u016f roku 2026.<\/p>\n<p>Up\u0159ednost\u0148ujeme va\u0161i bezpe\u010dnost a pohodl\u00ed t\u00edm, \u017ee poskytujeme nejmodern\u011bj\u0161\u00ed automobilovou technologii, kter\u00e1 zaji\u0161\u0165uje hladkou a tichou j\u00edzdu na 90 km dlouh\u00e9 trase do resortu <strong>Magic Life Kalawy<\/strong>.<\/p>\n<h3><span style=\"color: #ff6600;\">Konektivita a pohodl\u00ed na palub\u011b<\/span><\/h3>\n<p>Zat\u00edmco v\u011bt\u0161ina transferov\u00fdch slu\u017eeb nab\u00edz\u00ed pouze z\u00e1kladn\u00ed klimatizaci, my jdeme o n\u011bkolik krok\u016f d\u00e1le:<\/p>\n<p><span style=\"color: #ff00ff;\"><em><strong>WiFi na palub\u011b:<\/strong><\/em><\/span><\/p>\n<p>Z\u016fsta\u0148te ve spojen\u00ed s p\u0159\u00e1teli, rodinou nebo prac\u00ed v moment\u011b, kdy p\u0159istanete. N\u00e1\u0161 vysokorychlostn\u00ed internet zajist\u00ed, \u017ee nebudete muset \u010dekat, a\u017e se dostanete do hotelov\u00e9 haly.<\/p>\n<p><span style=\"color: #ff00ff;\"><em><strong>Voda zdarma:<\/strong><\/em><\/span><\/p>\n<p>Ka\u017ed\u00fd cestuj\u00edc\u00ed obdr\u017e\u00ed \u010derstvou, vychlazenou miner\u00e1ln\u00ed vodu, aby z\u016fstal hydratovan\u00fd pod egyptsk\u00fdm sluncem.<\/p>\n<h3><span style=\"color: #ff6600;\">Dokonale \u010dist\u00e9 interi\u00e9ry:<\/span><\/h3>\n<p>Na\u0161e vozidla jsou udr\u017eov\u00e1na podle nejvy\u0161\u0161\u00edch standard\u016f \u010distoty a p\u0159i ka\u017ed\u00e9 j\u00edzd\u011b nab\u00edzej\u00ed pocit \u201enov\u00e9ho vozu p\u0159\u00edmo ze salonu\u201c.<\/p>\n<p><span style=\"color: #ff00ff;\"><em><strong>Profesion\u00e1ln\u00ed \u0159idi\u010di<\/strong><\/em><\/span><\/p>\n<p>N\u00e1\u0161 t\u00fdm se skl\u00e1d\u00e1 z <strong>profesion\u00e1ln\u00edch \u0159idi\u010d\u016f<\/strong>, kte\u0159\u00ed jsou nejen experty na trasu Hurghada\u2013Safaga, ale jsou tak\u00e9 vy\u0161koleni v p\u00e9\u010di o z\u00e1kazn\u00edky.<\/p>\n<p>Budou na v\u00e1s \u010dekat v p\u0159\u00edletov\u00e9 hale s jasnou cedul\u00ed, p\u0159ipraveni pomoci s va\u0161imi zavazadly a zajistit bezstresov\u00fd p\u0159esun do va\u0161eho vozidla.<\/p>\n<h3><span style=\"color: #ff6600;\">Konkurenceschopn\u00e9 ceny<\/span><\/h3>\n<p>V\u011b\u0159\u00edme, \u017ee luxus by nem\u011bl b\u00fdt spojen s p\u0159emr\u0161t\u011bnou cenou. D\u00edky p\u0159\u00edm\u00e9 spr\u00e1v\u011b na\u0161\u00ed vlastn\u00ed floty nab\u00edz\u00edme <strong>konkurenceschopn\u00e9 ceny<\/strong>, kter\u00e9 \u010dasto p\u0159ekon\u00e1vaj\u00ed sazby nab\u00edzen\u00e9 velk\u00fdmi mezin\u00e1rodn\u00edmi cestovn\u00edmi port\u00e1ly.<\/p>\n<p>Z\u00edsk\u00e1te pr\u00e9miov\u00e9 vozidlo roku 2026 a VIP vybaven\u00ed za cenu, kter\u00e1 dokonale zapadne do va\u0161eho pr\u00e1zdninov\u00e9ho rozpo\u010dtu.<\/p>\n<p>Aby si ka\u017ed\u00fd cestuj\u00edc\u00ed u\u017eil maxim\u00e1ln\u00ed \u201eVIP\u201c z\u00e1\u017eitek, jsou na\u0161e soukrom\u00e9 transfery omezeny na <strong>maxim\u00e1ln\u011b 3 osoby<\/strong>.<\/p>\n<p>Tato pravidla v\u00e1m zaru\u010duj\u00ed dostatek prostoru pro nohy, vyhrazen\u00e9 m\u00edsto pro zavazadla a na\u0161i plnou pozornost.<\/p>\n<table>\n<thead>\n<tr>\n<td><strong>Po\u010det cestuj\u00edc\u00edch<\/strong><\/td>\n<td><strong>Cena za osobu<\/strong><\/td>\n<td><strong>Celkov\u00e1 cena (jedna cesta)<\/strong><\/td>\n<\/tr>\n<\/thead>\n<tbody>\n<tr>\n<td>1 Osoba<\/td>\n<td>\u20ac 40<\/td>\n<td>\u20ac 40<\/td>\n<\/tr>\n<tr>\n<td>2 Osoby<\/td>\n<td>\u20ac 20<\/td>\n<td>\u20ac 40<\/td>\n<\/tr>\n<tr>\n<td>3 Osoby<\/td>\n<td>\u20ac 13.5<\/td>\n<td>\u20ac 40<\/td>\n<\/tr>\n<\/tbody>\n<\/table>\n","protected":false},"excerpt":{"rendered":"<p>Soukrom\u00fd transfer z leti\u0161t\u011b Hurghada do Magic Kalawy | Cestujte s Wi-Fi v nov\u00fdch vozech 2026. VIP servis za pevn\u00e9 ceny bez p\u0159\u00edplatk\u016f. Rezervujte nyn\u00ed!<\/p>\n","protected":false},"featured_media":15655,"comment_status":"closed","ping_status":"closed","template":"","meta":[],"product_brand":[],"product_cat":[1466],"product_tag":[4229,4232,4231,4230],"class_list":{"0":"post-15729","1":"product","2":"type-product","3":"status-publish","4":"has-post-thumbnail","6":"product_cat-vylety","7":"product_tag-rezervujte-si-soukromy-transfer-z-letiste-hurghada-do-hotelu-kempinski","8":"product_tag-rezervujte-si-soukromy-transfer-z-letiste-hurghada-do-jaz-soma-bay","9":"product_tag-rezervujte-si-soukromy-transfer-z-letiste-hurghada-do-kaktus-soma-bay","10":"product_tag-rezervujte-si-soukromy-transfer-z-letiste-hurghada-do-sheraton-soma-bay","11":"tour_category-jednodenni-vylety-po-egypte-cs","12":"tour_category-transfery-z-letiste-a-na-letiste","13":"tour_category-vylety-v-hurgade","15":"first","16":"instock","17":"sale","18":"shipping-taxable","19":"purchasable","20":"product-type-tour","21":"has-default-attributes"},"yoast_head":"<!-- This site is optimized with the Yoast SEO Premium plugin v27.4 (Yoast SEO v27.4) - https:\/\/yoast.com\/product\/yoast-seo-premium-wordpress\/ -->\n<title>Soukrom\u00fd transfer z leti\u0161t\u011b Hurghada do Magic Kalawy<\/title>\n<meta name=\"description\" content=\"Soukrom\u00fd transfer z leti\u0161t\u011b Hurghada do Magic Kalawy | Cestujte s Wi-Fi v nov\u00fdch vozech 2026. VIP servis za pevn\u00e9 ceny bez p\u0159\u00edplatk\u016f. Rezervujte nyn\u00ed!\" \/>\n<meta name=\"robots\" content=\"index, follow, max-snippet:-1, max-image-preview:large, max-video-preview:-1\" \/>\n<link rel=\"canonical\" href=\"https:\/\/egytourpackages.com\/cs\/prohlidky\/soukromy-transfer-z-letiste-hurghada-do-magic-kalawy\/\" \/>\n<meta property=\"og:locale\" content=\"cs_CZ\" \/>\n<meta property=\"og:type\" content=\"article\" \/>\n<meta property=\"og:title\" content=\"Soukrom\u00fd transfer z leti\u0161t\u011b Hurghada do Magic Kalawy\" \/>\n<meta property=\"og:description\" content=\"Soukrom\u00fd transfer z leti\u0161t\u011b Hurghada do Magic Kalawy | Cestujte s Wi-Fi v nov\u00fdch vozech 2026. VIP servis za pevn\u00e9 ceny bez p\u0159\u00edplatk\u016f. Rezervujte nyn\u00ed!\" \/>\n<meta property=\"og:url\" content=\"https:\/\/egytourpackages.com\/cs\/prohlidky\/soukromy-transfer-z-letiste-hurghada-do-magic-kalawy\/\" \/>\n<meta property=\"og:site_name\" content=\"Z\u00e1jezdy po Egypt\u011b\" \/>\n<meta property=\"article:publisher\" content=\"https:\/\/www.facebook.com\/egytourpackages\" \/>\n<meta property=\"article:modified_time\" content=\"2026-02-27T20:14:24+00:00\" \/>\n<meta property=\"og:image\" content=\"https:\/\/egytourpackages.com\/wp-content\/uploads\/2026\/02\/IMG-20230706-WA0059.jpg\" \/>\n\t<meta property=\"og:image:width\" content=\"1024\" \/>\n\t<meta property=\"og:image:height\" content=\"768\" \/>\n\t<meta property=\"og:image:type\" content=\"image\/jpeg\" \/>\n<meta name=\"twitter:card\" content=\"summary_large_image\" \/>\n<meta name=\"twitter:title\" content=\"Soukrom\u00fd transfer z leti\u0161t\u011b Hurghada do Magic Kalawy\" \/>\n<meta name=\"twitter:label1\" content=\"Cena\" \/>\n\t<meta name=\"twitter:data1\" content=\"&euro;0\" \/>\n\t<meta name=\"twitter:label2\" content=\"Dostupnost\" \/>\n\t<meta name=\"twitter:data2\" content=\"Skladem\" \/>\n<script type=\"application\/ld+json\" class=\"yoast-schema-graph\">{\"@context\":\"https:\\\/\\\/schema.org\",\"@graph\":[{\"@type\":\"WebPage\",\"@id\":\"https:\\\/\\\/egytourpackages.com\\\/cs\\\/prohlidky\\\/soukromy-transfer-z-letiste-hurghada-do-magic-kalawy\\\/\",\"url\":\"https:\\\/\\\/egytourpackages.com\\\/cs\\\/prohlidky\\\/soukromy-transfer-z-letiste-hurghada-do-magic-kalawy\\\/\",\"name\":\"Soukrom\u00fd transfer z leti\u0161t\u011b Hurghada do Magic Kalawy\",\"isPartOf\":{\"@id\":\"https:\\\/\\\/egytourpackages.com\\\/cs\\\/#website\"},\"primaryImageOfPage\":{\"@id\":\"https:\\\/\\\/egytourpackages.com\\\/cs\\\/prohlidky\\\/soukromy-transfer-z-letiste-hurghada-do-magic-kalawy\\\/#primaryimage\"},\"image\":{\"@id\":\"https:\\\/\\\/egytourpackages.com\\\/cs\\\/prohlidky\\\/soukromy-transfer-z-letiste-hurghada-do-magic-kalawy\\\/#primaryimage\"},\"thumbnailUrl\":\"https:\\\/\\\/egytourpackages.com\\\/wp-content\\\/uploads\\\/2026\\\/02\\\/IMG-20230706-WA0059.jpg\",\"datePublished\":\"2026-02-20T20:41:43+00:00\",\"dateModified\":\"2026-02-27T20:14:24+00:00\",\"description\":\"Soukrom\u00fd transfer z leti\u0161t\u011b Hurghada do Magic Kalawy | Cestujte s Wi-Fi v nov\u00fdch vozech 2026. VIP servis za pevn\u00e9 ceny bez p\u0159\u00edplatk\u016f. Rezervujte nyn\u00ed!\",\"breadcrumb\":{\"@id\":\"https:\\\/\\\/egytourpackages.com\\\/cs\\\/prohlidky\\\/soukromy-transfer-z-letiste-hurghada-do-magic-kalawy\\\/#breadcrumb\"},\"inLanguage\":\"cs\",\"potentialAction\":[{\"@type\":\"ReadAction\",\"target\":[\"https:\\\/\\\/egytourpackages.com\\\/cs\\\/prohlidky\\\/soukromy-transfer-z-letiste-hurghada-do-magic-kalawy\\\/\"]}]},{\"@type\":\"ImageObject\",\"inLanguage\":\"cs\",\"@id\":\"https:\\\/\\\/egytourpackages.com\\\/cs\\\/prohlidky\\\/soukromy-transfer-z-letiste-hurghada-do-magic-kalawy\\\/#primaryimage\",\"url\":\"https:\\\/\\\/egytourpackages.com\\\/wp-content\\\/uploads\\\/2026\\\/02\\\/IMG-20230706-WA0059.jpg\",\"contentUrl\":\"https:\\\/\\\/egytourpackages.com\\\/wp-content\\\/uploads\\\/2026\\\/02\\\/IMG-20230706-WA0059.jpg\",\"width\":1024,\"height\":768,\"caption\":\"Soukrom\u00fd transfer z leti\u0161t\u011b Hurghada do Magic Kalawy\"},{\"@type\":\"BreadcrumbList\",\"@id\":\"https:\\\/\\\/egytourpackages.com\\\/cs\\\/prohlidky\\\/soukromy-transfer-z-letiste-hurghada-do-magic-kalawy\\\/#breadcrumb\",\"itemListElement\":[{\"@type\":\"ListItem\",\"position\":1,\"name\":\"Dom\u016f\",\"item\":\"https:\\\/\\\/egytourpackages.com\\\/cs\\\/balicky-vyletu-po-egypte\\\/\"},{\"@type\":\"ListItem\",\"position\":2,\"name\":\"Shop\",\"item\":\"https:\\\/\\\/egytourpackages.com\\\/cs\\\/shop\\\/\"},{\"@type\":\"ListItem\",\"position\":3,\"name\":\"Soukrom\u00fd transfer z leti\u0161t\u011b Hurghada do Magic Kalawy\"}]},{\"@type\":\"WebSite\",\"@id\":\"https:\\\/\\\/egytourpackages.com\\\/cs\\\/#website\",\"url\":\"https:\\\/\\\/egytourpackages.com\\\/cs\\\/\",\"name\":\"Egy tour packages\",\"description\":\"\",\"publisher\":{\"@id\":\"https:\\\/\\\/egytourpackages.com\\\/cs\\\/#organization\"},\"potentialAction\":[{\"@type\":\"SearchAction\",\"target\":{\"@type\":\"EntryPoint\",\"urlTemplate\":\"https:\\\/\\\/egytourpackages.com\\\/cs\\\/?s={search_term_string}\"},\"query-input\":{\"@type\":\"PropertyValueSpecification\",\"valueRequired\":true,\"valueName\":\"search_term_string\"}}],\"inLanguage\":\"cs\"},{\"@type\":[\"Organization\",\"Place\",\"TravelAgency\"],\"@id\":\"https:\\\/\\\/egytourpackages.com\\\/cs\\\/#organization\",\"name\":\"egypt tour packages\",\"alternateName\":\"egypt tour packages\",\"url\":\"https:\\\/\\\/egytourpackages.com\\\/cs\\\/\",\"logo\":{\"@id\":\"https:\\\/\\\/egytourpackages.com\\\/cs\\\/prohlidky\\\/soukromy-transfer-z-letiste-hurghada-do-magic-kalawy\\\/#local-main-organization-logo\"},\"image\":{\"@id\":\"https:\\\/\\\/egytourpackages.com\\\/cs\\\/prohlidky\\\/soukromy-transfer-z-letiste-hurghada-do-magic-kalawy\\\/#local-main-organization-logo\"},\"sameAs\":[\"https:\\\/\\\/www.facebook.com\\\/egytourpackages\"],\"legalName\":\"Egy tour packages\",\"address\":{\"@id\":\"https:\\\/\\\/egytourpackages.com\\\/cs\\\/prohlidky\\\/soukromy-transfer-z-letiste-hurghada-do-magic-kalawy\\\/#local-main-place-address\"},\"telephone\":[\"00201000852186\",\"00201028685533\"],\"contactPoint\":{\"@type\":\"ContactPoint\",\"telephone\":\"00201000852186\"},\"openingHoursSpecification\":[{\"@type\":\"OpeningHoursSpecification\",\"dayOfWeek\":[\"Monday\",\"Tuesday\",\"Wednesday\",\"Thursday\",\"Friday\",\"Saturday\",\"Sunday\"],\"opens\":\"00:00\",\"closes\":\"23:59\"}],\"email\":\"info@egytourpackages.com\",\"areaServed\":\"Cairo, Hurghada, Luxor, Sharm El Sheikh, Marsa Alam, Aswan\",\"priceRange\":\"$\",\"currenciesAccepted\":\"euro\",\"paymentAccepted\":\"Payment links online\"},{\"@type\":\"PostalAddress\",\"@id\":\"https:\\\/\\\/egytourpackages.com\\\/cs\\\/prohlidky\\\/soukromy-transfer-z-letiste-hurghada-do-magic-kalawy\\\/#local-main-place-address\",\"streetAddress\":\"Mubarak 8, Al Kawthar District, Hurghada\",\"addressLocality\":\"Hurghada\",\"postalCode\":\"84511\",\"addressRegion\":\"Red Sea\",\"addressCountry\":\"EG\"},{\"@type\":\"ImageObject\",\"inLanguage\":\"cs\",\"@id\":\"https:\\\/\\\/egytourpackages.com\\\/cs\\\/prohlidky\\\/soukromy-transfer-z-letiste-hurghada-do-magic-kalawy\\\/#local-main-organization-logo\",\"url\":\"https:\\\/\\\/egytourpackages.com\\\/wp-content\\\/uploads\\\/2025\\\/12\\\/Turquoise-Dahabiya-Nile-Cruise-1.jpeg\",\"contentUrl\":\"https:\\\/\\\/egytourpackages.com\\\/wp-content\\\/uploads\\\/2025\\\/12\\\/Turquoise-Dahabiya-Nile-Cruise-1.jpeg\",\"width\":1040,\"height\":694,\"caption\":\"egypt tour packages\"}]}<\/script>\n<meta property=\"product:brand\" content=\"Jednodenn\u00ed v\u00fdlety po Egypt\u011b\" \/>\n<meta property=\"product:price:amount\" content=\"0\" \/>\n<meta property=\"product:price:currency\" content=\"EUR\" \/>\n<meta property=\"og:availability\" content=\"instock\" \/>\n<meta property=\"product:availability\" content=\"instock\" \/>\n<meta property=\"product:retailer_item_id\" content=\"AT 09\" \/>\n<meta property=\"product:condition\" content=\"new\" \/>\n<meta name=\"geo.placename\" content=\"Hurghada\" \/>\n<meta name=\"geo.region\" content=\"Egypt\" \/>\n<!-- \/ Yoast SEO Premium plugin. -->","yoast_head_json":{"title":"Soukrom\u00fd transfer z leti\u0161t\u011b Hurghada do Magic Kalawy","description":"Soukrom\u00fd transfer z leti\u0161t\u011b Hurghada do Magic Kalawy | Cestujte s Wi-Fi v nov\u00fdch vozech 2026. VIP servis za pevn\u00e9 ceny bez p\u0159\u00edplatk\u016f. Rezervujte nyn\u00ed!","robots":{"index":"index","follow":"follow","max-snippet":"max-snippet:-1","max-image-preview":"max-image-preview:large","max-video-preview":"max-video-preview:-1"},"canonical":"https:\/\/egytourpackages.com\/cs\/prohlidky\/soukromy-transfer-z-letiste-hurghada-do-magic-kalawy\/","og_locale":"cs_CZ","og_type":"article","og_title":"Soukrom\u00fd transfer z leti\u0161t\u011b Hurghada do Magic Kalawy","og_description":"Soukrom\u00fd transfer z leti\u0161t\u011b Hurghada do Magic Kalawy | Cestujte s Wi-Fi v nov\u00fdch vozech 2026. VIP servis za pevn\u00e9 ceny bez p\u0159\u00edplatk\u016f. Rezervujte nyn\u00ed!","og_url":"https:\/\/egytourpackages.com\/cs\/prohlidky\/soukromy-transfer-z-letiste-hurghada-do-magic-kalawy\/","og_site_name":"Z\u00e1jezdy po Egypt\u011b","article_publisher":"https:\/\/www.facebook.com\/egytourpackages","article_modified_time":"2026-02-27T20:14:24+00:00","og_image":[{"width":1024,"height":768,"url":"https:\/\/egytourpackages.com\/wp-content\/uploads\/2026\/02\/IMG-20230706-WA0059.jpg","type":"image\/jpeg"}],"twitter_card":"summary_large_image","twitter_title":"Soukrom\u00fd transfer z leti\u0161t\u011b Hurghada do Magic Kalawy","twitter_misc":{"Cena":"&euro;0","Dostupnost":"Skladem"},"schema":{"@context":"https:\/\/schema.org","@graph":[{"@type":"WebPage","@id":"https:\/\/egytourpackages.com\/cs\/prohlidky\/soukromy-transfer-z-letiste-hurghada-do-magic-kalawy\/","url":"https:\/\/egytourpackages.com\/cs\/prohlidky\/soukromy-transfer-z-letiste-hurghada-do-magic-kalawy\/","name":"Soukrom\u00fd transfer z leti\u0161t\u011b Hurghada do Magic Kalawy","isPartOf":{"@id":"https:\/\/egytourpackages.com\/cs\/#website"},"primaryImageOfPage":{"@id":"https:\/\/egytourpackages.com\/cs\/prohlidky\/soukromy-transfer-z-letiste-hurghada-do-magic-kalawy\/#primaryimage"},"image":{"@id":"https:\/\/egytourpackages.com\/cs\/prohlidky\/soukromy-transfer-z-letiste-hurghada-do-magic-kalawy\/#primaryimage"},"thumbnailUrl":"https:\/\/egytourpackages.com\/wp-content\/uploads\/2026\/02\/IMG-20230706-WA0059.jpg","datePublished":"2026-02-20T20:41:43+00:00","dateModified":"2026-02-27T20:14:24+00:00","description":"Soukrom\u00fd transfer z leti\u0161t\u011b Hurghada do Magic Kalawy | Cestujte s Wi-Fi v nov\u00fdch vozech 2026. VIP servis za pevn\u00e9 ceny bez p\u0159\u00edplatk\u016f. Rezervujte nyn\u00ed!","breadcrumb":{"@id":"https:\/\/egytourpackages.com\/cs\/prohlidky\/soukromy-transfer-z-letiste-hurghada-do-magic-kalawy\/#breadcrumb"},"inLanguage":"cs","potentialAction":[{"@type":"ReadAction","target":["https:\/\/egytourpackages.com\/cs\/prohlidky\/soukromy-transfer-z-letiste-hurghada-do-magic-kalawy\/"]}]},{"@type":"ImageObject","inLanguage":"cs","@id":"https:\/\/egytourpackages.com\/cs\/prohlidky\/soukromy-transfer-z-letiste-hurghada-do-magic-kalawy\/#primaryimage","url":"https:\/\/egytourpackages.com\/wp-content\/uploads\/2026\/02\/IMG-20230706-WA0059.jpg","contentUrl":"https:\/\/egytourpackages.com\/wp-content\/uploads\/2026\/02\/IMG-20230706-WA0059.jpg","width":1024,"height":768,"caption":"Soukrom\u00fd transfer z leti\u0161t\u011b Hurghada do Magic Kalawy"},{"@type":"BreadcrumbList","@id":"https:\/\/egytourpackages.com\/cs\/prohlidky\/soukromy-transfer-z-letiste-hurghada-do-magic-kalawy\/#breadcrumb","itemListElement":[{"@type":"ListItem","position":1,"name":"Dom\u016f","item":"https:\/\/egytourpackages.com\/cs\/balicky-vyletu-po-egypte\/"},{"@type":"ListItem","position":2,"name":"Shop","item":"https:\/\/egytourpackages.com\/cs\/shop\/"},{"@type":"ListItem","position":3,"name":"Soukrom\u00fd transfer z leti\u0161t\u011b Hurghada do Magic Kalawy"}]},{"@type":"WebSite","@id":"https:\/\/egytourpackages.com\/cs\/#website","url":"https:\/\/egytourpackages.com\/cs\/","name":"Egy tour packages","description":"","publisher":{"@id":"https:\/\/egytourpackages.com\/cs\/#organization"},"potentialAction":[{"@type":"SearchAction","target":{"@type":"EntryPoint","urlTemplate":"https:\/\/egytourpackages.com\/cs\/?s={search_term_string}"},"query-input":{"@type":"PropertyValueSpecification","valueRequired":true,"valueName":"search_term_string"}}],"inLanguage":"cs"},{"@type":["Organization","Place","TravelAgency"],"@id":"https:\/\/egytourpackages.com\/cs\/#organization","name":"egypt tour packages","alternateName":"egypt tour packages","url":"https:\/\/egytourpackages.com\/cs\/","logo":{"@id":"https:\/\/egytourpackages.com\/cs\/prohlidky\/soukromy-transfer-z-letiste-hurghada-do-magic-kalawy\/#local-main-organization-logo"},"image":{"@id":"https:\/\/egytourpackages.com\/cs\/prohlidky\/soukromy-transfer-z-letiste-hurghada-do-magic-kalawy\/#local-main-organization-logo"},"sameAs":["https:\/\/www.facebook.com\/egytourpackages"],"legalName":"Egy tour packages","address":{"@id":"https:\/\/egytourpackages.com\/cs\/prohlidky\/soukromy-transfer-z-letiste-hurghada-do-magic-kalawy\/#local-main-place-address"},"telephone":["00201000852186","00201028685533"],"contactPoint":{"@type":"ContactPoint","telephone":"00201000852186"},"openingHoursSpecification":[{"@type":"OpeningHoursSpecification","dayOfWeek":["Monday","Tuesday","Wednesday","Thursday","Friday","Saturday","Sunday"],"opens":"00:00","closes":"23:59"}],"email":"info@egytourpackages.com","areaServed":"Cairo, Hurghada, Luxor, Sharm El Sheikh, Marsa Alam, Aswan","priceRange":"$","currenciesAccepted":"euro","paymentAccepted":"Payment links online"},{"@type":"PostalAddress","@id":"https:\/\/egytourpackages.com\/cs\/prohlidky\/soukromy-transfer-z-letiste-hurghada-do-magic-kalawy\/#local-main-place-address","streetAddress":"Mubarak 8, Al Kawthar District, Hurghada","addressLocality":"Hurghada","postalCode":"84511","addressRegion":"Red Sea","addressCountry":"EG"},{"@type":"ImageObject","inLanguage":"cs","@id":"https:\/\/egytourpackages.com\/cs\/prohlidky\/soukromy-transfer-z-letiste-hurghada-do-magic-kalawy\/#local-main-organization-logo","url":"https:\/\/egytourpackages.com\/wp-content\/uploads\/2025\/12\/Turquoise-Dahabiya-Nile-Cruise-1.jpeg","contentUrl":"https:\/\/egytourpackages.com\/wp-content\/uploads\/2025\/12\/Turquoise-Dahabiya-Nile-Cruise-1.jpeg","width":1040,"height":694,"caption":"egypt tour packages"}]},"product_brand":"Jednodenn\u00ed v\u00fdlety po Egypt\u011b","product_price_currency":"EUR","og_availability":"instock","product_availability":"instock","product_retailer_item_id":"AT 09","product_condition":"new","geo.placename":"Hurghada","geo.region":"Egypt"},"_links":{"self":[{"href":"https:\/\/egytourpackages.com\/cs\/wp-json\/wp\/v2\/product\/15729","targetHints":{"allow":["GET"]}}],"collection":[{"href":"https:\/\/egytourpackages.com\/cs\/wp-json\/wp\/v2\/product"}],"about":[{"href":"https:\/\/egytourpackages.com\/cs\/wp-json\/wp\/v2\/types\/product"}],"replies":[{"embeddable":true,"href":"https:\/\/egytourpackages.com\/cs\/wp-json\/wp\/v2\/comments?post=15729"}],"wp:featuredmedia":[{"embeddable":true,"href":"https:\/\/egytourpackages.com\/cs\/wp-json\/wp\/v2\/media\/15655"}],"wp:attachment":[{"href":"https:\/\/egytourpackages.com\/cs\/wp-json\/wp\/v2\/media?parent=15729"}],"wp:term":[{"taxonomy":"product_brand","embeddable":true,"href":"https:\/\/egytourpackages.com\/cs\/wp-json\/wp\/v2\/product_brand?post=15729"},{"taxonomy":"product_cat","embeddable":true,"href":"https:\/\/egytourpackages.com\/cs\/wp-json\/wp\/v2\/product_cat?post=15729"},{"taxonomy":"product_tag","embeddable":true,"href":"https:\/\/egytourpackages.com\/cs\/wp-json\/wp\/v2\/product_tag?post=15729"}],"curies":[{"name":"wp","href":"https:\/\/api.w.org\/{rel}","templated":true}]}}