{"id":15757,"date":"2026-02-20T20:22:41","date_gmt":"2026-02-20T20:22:41","guid":{"rendered":"https:\/\/egytourpackages.com\/product\/soukromy-transfer-z-asuanu-do-hurghady\/"},"modified":"2026-02-27T20:18:36","modified_gmt":"2026-02-27T20:18:36","slug":"soukromy-transfer-z-asuanu-do-hurghady","status":"publish","type":"product","link":"https:\/\/egytourpackages.com\/cs\/prohlidky\/soukromy-transfer-z-asuanu-do-hurghady\/","title":{"rendered":"Soukrom\u00fd transfer z Asu\u00e1nu do Hurghady"},"content":{"rendered":"<p><span style=\"color: #ff6600;\"><strong>Soukrom\u00fd transfer z Asu\u00e1nu do Hurghady | Nov\u00e9 auto, WIFI a n\u00e1poje<\/strong><\/span><\/p>\n<p>Cesta z hlubok\u00e9ho jihu v <strong>Asu\u00e1nu<\/strong> na \u017eiv\u00e9 pob\u0159e\u017e\u00ed Rud\u00e9ho mo\u0159e v <strong>Hurghad\u011b<\/strong> je v\u00fdznamn\u00e1 trasa \u2013 p\u0159ibli\u017en\u011b 500 kilometr\u016f pou\u0161tn\u00ed krajiny, horsk\u00fdch pr\u016fsmyk\u016f a z\u00e1blesk\u016f Nilu.<\/p>\n<p>A\u010dkoli j\u00edzda trv\u00e1 p\u0159ibli\u017en\u011b <strong>6 a\u017e 7 hodin<\/strong>, na\u0161e pr\u00e9miov\u00e1 slu\u017eba je navr\u017eena tak, aby v\u00e1m \u010das utekl jako voda. A\u0165 u\u017e kon\u010d\u00edte plavbu po Nilu nebo za\u010d\u00edn\u00e1te dovolenou s pot\u00e1p\u011bn\u00edm, zde je n\u00e1vod, jak zajist\u00edme, aby byl v\u00e1\u0161 transfer tou nejpohodln\u011bj\u0161\u00ed \u010d\u00e1st\u00ed va\u0161eho egyptsk\u00e9ho dobrodru\u017estv\u00ed.<\/p>\n<h3><span style=\"color: #ff6600;\">Z Asu\u00e1nu do Hurghady: V\u00e1\u0161 pr\u00e9miov\u00fd itiner\u00e1\u0159 transferu<\/span><\/h3>\n<p><strong>Spolehliv\u00e9 vyzvednut\u00ed v Asu\u00e1nu<\/strong><\/p>\n<p>Va\u0161e cesta za\u010d\u00edn\u00e1 <strong>soukrom\u00fdm vyzvednut\u00edm<\/strong> p\u0159\u00edmo z va\u0161eho m\u00edsta v Asu\u00e1nu.<\/p>\n<p><span style=\"color: #993366;\"><em><strong>Flexibiln\u00ed m\u00edsta odjezdu:<\/strong><\/em><\/span><\/p>\n<p>Vyzved\u00e1v\u00e1me ze v\u0161ech hotel\u016f v Asu\u00e1nu, od Asu\u00e1nsk\u00e9 vysok\u00e9 p\u0159ehrady nebo p\u0159\u00edmo z va\u0161\u00ed <strong>v\u00fdletn\u00ed lodi po Nilu<\/strong> v p\u0159\u00edstavi\u0161ti.<\/p>\n<p><span style=\"color: #993366;\"><em><strong>Zcela nov\u00fd vozov\u00fd park:<\/strong><\/em><\/span><\/p>\n<p>Pojedete ve <strong>zcela nov\u00e9m vozidle<\/strong> \u2013 \u010dist\u00e9m, modern\u00edm a perfektn\u011b udr\u017eovan\u00e9m, aby s lehkost\u00ed zvl\u00e1dlo pou\u0161tn\u00ed cesty.<\/p>\n<p><span style=\"color: #993366;\"><em><strong>Personalizovan\u00e1 pomoc:<\/strong><\/em><\/span><\/p>\n<p>V\u00e1\u0161 \u0159idi\u010d v\u00e1m pom\u016f\u017ee se v\u0161emi zavazadly a zajist\u00ed, aby bylo v\u0161e bezpe\u010dn\u011b nalo\u017eeno, zat\u00edmco se vy usad\u00edte v klimatizovan\u00e9 kabin\u011b.<\/p>\n<p><span style=\"color: #993366;\"><em><strong>High-tech komfort na cest\u00e1ch<\/strong><\/em><\/span><\/p>\n<p>\u00dasek mezi Nilem a Rud\u00fdm mo\u0159em je proslul\u00fd sv\u00fdmi rozlehl\u00fdmi pou\u0161tn\u00edmi v\u00fdhledy. Postar\u00e1me se, abyste b\u011bhem cesty z\u016fstali spojeni s modern\u00edm sv\u011btem.<\/p>\n<p><span style=\"color: #993366;\"><em><strong>WIFI na palub\u011b:<\/strong><\/em><\/span><\/p>\n<p>Na\u0161e vozidla jsou vybavena <strong>WIFI<\/strong>, co\u017e v\u00e1m umo\u017en\u00ed sd\u00edlet fotky z Asu\u00e1nu nebo vy\u0159izovat pracovn\u00ed z\u00e1le\u017eitosti b\u011bhem dlouh\u00e9 j\u00edzdy.<\/p>\n<p><span style=\"color: #993366;\"><em><strong>Ob\u010derstvovac\u00ed stanice:<\/strong><\/em><\/span><\/p>\n<p>Abyste z\u016fstali hydratovan\u00ed a sv\u011b\u017e\u00ed, poskytujeme v\u00fdb\u011br <strong>chlazen\u00fdch nealkoholick\u00fdch n\u00e1poj\u016f<\/strong> a balenou vodu.<\/p>\n<p><span style=\"color: #993366;\"><em><strong>Tepl\u00e9 n\u00e1poje:<\/strong><\/em><\/span><\/p>\n<p>Pot\u0159ebujete rann\u00ed vzpruhu? Cestou nab\u00edz\u00edme <strong>tepl\u00e9 n\u00e1poje<\/strong>, tak\u017ee si m\u016f\u017eete vychutnat k\u00e1vu nebo \u010daj, zat\u00edmco se krajina m\u011bn\u00ed z \u0159\u00ed\u010dn\u00ed zelen\u011b na horsk\u00e9 vrcholky.<\/p>\n<h3><span style=\"color: #ff6600;\">Sc\u00e9nick\u00e9 zast\u00e1vky a bezpe\u010dnost<\/span><\/h3>\n<p>Bezpe\u010dnost je na\u0161\u00ed prioritou, zejm\u00e9na na pou\u0161tn\u00edch d\u00e1lnic\u00edch. Na\u0161i \u0159idi\u010di jsou odborn\u00edci na trasu p\u0159es Luxor a Qenu.<\/p>\n<h3><span style=\"color: #ff6600;\">P\u0159est\u00e1vky na odpo\u010dinek:<\/span><\/h3>\n<p>Zahrnujeme pl\u00e1novan\u00e9 zast\u00e1vky na nejl\u00e9pe udr\u017eovan\u00fdch odpo\u010d\u00edvadlech pod\u00e9l d\u00e1lnice. Budete m\u00edt \u010das prot\u00e1hnout si nohy a vyu\u017e\u00edt \u010dist\u00e1 za\u0159\u00edzen\u00ed.<\/p>\n<h3><span style=\"color: #ff6600;\">Bezpe\u010dnostn\u00ed povolen\u00ed:<\/span><\/h3>\n<p>Vy\u0159izujeme v\u0161echna nezbytn\u00e1 <strong>policejn\u00ed povolen\u00ed<\/strong> a cestovn\u00ed doklady vy\u017eadovan\u00e9 pro turisty cestuj\u00edc\u00ed mezi Horn\u00edm Egyptem a Rud\u00fdm mo\u0159em, co\u017e zaji\u0161\u0165uje bezprobl\u00e9mov\u00fd pr\u016fjezd kontroln\u00edmi stanovi\u0161ti.<\/p>\n<h3><span style=\"color: #ff6600;\">P\u0159\u00edm\u00e9 vysazen\u00ed v Hurghad\u011b<\/span><\/h3>\n<p>Jakmile doraz\u00edme k pob\u0159e\u017e\u00ed, nenech\u00e1me v\u00e1s jen tak na n\u00e1dra\u017e\u00ed. Poskytujeme <strong>slu\u017ebu od dve\u0159\u00ed ke dve\u0159\u00edm<\/strong> a\u017e do va\u0161eho kone\u010dn\u00e9ho c\u00edle.<\/p>\n<h3><span style=\"color: #ff6600;\">V\u0161echny oblasti pokryty:<\/span><\/h3>\n<p>A\u0165 u\u017e je v\u00e1\u0161 hotel v Marin\u011b, na Village Road nebo v severn\u00edch resortech, dovezeme v\u00e1s p\u0159\u00edmo k recepci.<\/p>\n<h3><span style=\"color: #ff6600;\">Transparentn\u00ed ceny (Asu\u00e1n do Hurghady)<\/span><\/h3>\n<p>Na\u0161e soukrom\u00e9 transfery jsou omezeny na maxim\u00e1ln\u011b 3 osoby, aby m\u011bl ka\u017ed\u00fd cestuj\u00edc\u00ed dostatek prostoru a pr\u00e9miov\u00fd z\u00e1\u017eitek.<\/p>\n<table>\n<thead>\n<tr>\n<td><strong>Po\u010det cestuj\u00edc\u00edch<\/strong><\/td>\n<td><strong>Cena za osobu<\/strong><\/td>\n<td><strong>Celkov\u00e1 cena (jednosm\u011brn\u011b)<\/strong><\/td>\n<\/tr>\n<\/thead>\n<tbody>\n<tr>\n<td><strong>1 osoba<\/strong><\/td>\n<td><strong>\u20ac 250<\/strong><\/td>\n<td><strong>\u20ac 250<\/strong><\/td>\n<\/tr>\n<tr>\n<td><strong>2 osoby<\/strong><\/td>\n<td><strong>\u20ac 125<\/strong><\/td>\n<td><strong>\u20ac 250<\/strong><\/td>\n<\/tr>\n<tr>\n<td><strong>3 osoby<\/strong><\/td>\n<td><strong>\u20ac 90<\/strong><\/td>\n<td><strong>\u20ac 270<\/strong><\/td>\n<\/tr>\n<\/tbody>\n<\/table>\n","protected":false},"excerpt":{"rendered":"<p><b data-path-to-node=\"1\" data-index-in-node=\"0\">Soukrom\u00fd transfer z Asu\u00e1nu do Hurghady<\/b>: Cestujte nov\u00fdm vozem s WIFI a n\u00e1poji. U\u017eijte si pr\u00e9miov\u00fd komfort a slu\u017ebu od dve\u0159\u00ed ke dve\u0159\u00edm p\u0159\u00edmo k Rud\u00e9mu mo\u0159i!<\/p>\n","protected":false},"featured_media":15790,"comment_status":"closed","ping_status":"closed","template":"","meta":[],"product_brand":[],"product_cat":[1466],"product_tag":[4229,4232,4231,4230],"class_list":{"0":"post-15757","1":"product","2":"type-product","3":"status-publish","4":"has-post-thumbnail","6":"product_cat-vylety","7":"product_tag-rezervujte-si-soukromy-transfer-z-letiste-hurghada-do-hotelu-kempinski","8":"product_tag-rezervujte-si-soukromy-transfer-z-letiste-hurghada-do-jaz-soma-bay","9":"product_tag-rezervujte-si-soukromy-transfer-z-letiste-hurghada-do-kaktus-soma-bay","10":"product_tag-rezervujte-si-soukromy-transfer-z-letiste-hurghada-do-sheraton-soma-bay","11":"tour_category-jednodenni-vylet-do-asuanu","12":"tour_category-jednodenni-vylety-po-egypte-cs","13":"tour_category-transfery-z-letiste-a-na-letiste","15":"first","16":"instock","17":"sale","18":"shipping-taxable","19":"purchasable","20":"product-type-tour","21":"has-default-attributes"},"yoast_head":"<!-- This site is optimized with the Yoast SEO Premium plugin v27.4 (Yoast SEO v27.4) - https:\/\/yoast.com\/product\/yoast-seo-premium-wordpress\/ -->\n<title>Soukrom\u00fd transfer z Asu\u00e1nu do Hurghady<\/title>\n<meta name=\"description\" content=\"Soukrom\u00fd transfer z Asu\u00e1nu do Hurghady: Cestujte nov\u00fdm vozem s WIFI a n\u00e1poji. U\u017eijte si pr\u00e9miov\u00fd komfort a slu\u017ebu od dve\u0159\u00ed ke dve\u0159\u00edm p\u0159\u00edmo k Rud\u00e9mu mo\u0159i!\" \/>\n<meta name=\"robots\" content=\"index, follow, max-snippet:-1, max-image-preview:large, max-video-preview:-1\" \/>\n<link rel=\"canonical\" href=\"https:\/\/egytourpackages.com\/cs\/prohlidky\/soukromy-transfer-z-asuanu-do-hurghady\/\" \/>\n<meta property=\"og:locale\" content=\"cs_CZ\" \/>\n<meta property=\"og:type\" content=\"article\" \/>\n<meta property=\"og:title\" content=\"Soukrom\u00fd transfer z Asu\u00e1nu do Hurghady\" \/>\n<meta property=\"og:description\" content=\"Soukrom\u00fd transfer z Asu\u00e1nu do Hurghady: Cestujte nov\u00fdm vozem s WIFI a n\u00e1poji. U\u017eijte si pr\u00e9miov\u00fd komfort a slu\u017ebu od dve\u0159\u00ed ke dve\u0159\u00edm p\u0159\u00edmo k Rud\u00e9mu mo\u0159i!\" \/>\n<meta property=\"og:url\" content=\"https:\/\/egytourpackages.com\/cs\/prohlidky\/soukromy-transfer-z-asuanu-do-hurghady\/\" \/>\n<meta property=\"og:site_name\" content=\"Z\u00e1jezdy po Egypt\u011b\" \/>\n<meta property=\"article:publisher\" content=\"https:\/\/www.facebook.com\/egytourpackages\" \/>\n<meta property=\"article:modified_time\" content=\"2026-02-27T20:18:36+00:00\" \/>\n<meta property=\"og:image\" content=\"https:\/\/egytourpackages.com\/wp-content\/uploads\/2025\/12\/IMG_20241212_130656.jpg\" \/>\n\t<meta property=\"og:image:width\" content=\"900\" \/>\n\t<meta property=\"og:image:height\" content=\"675\" \/>\n\t<meta property=\"og:image:type\" content=\"image\/jpeg\" \/>\n<meta name=\"twitter:card\" content=\"summary_large_image\" \/>\n<meta name=\"twitter:label1\" content=\"Cena\" \/>\n\t<meta name=\"twitter:data1\" content=\"&euro;90\" \/>\n\t<meta name=\"twitter:label2\" content=\"Dostupnost\" \/>\n\t<meta name=\"twitter:data2\" content=\"Skladem\" \/>\n<script type=\"application\/ld+json\" class=\"yoast-schema-graph\">{\"@context\":\"https:\\\/\\\/schema.org\",\"@graph\":[{\"@type\":\"WebPage\",\"@id\":\"https:\\\/\\\/egytourpackages.com\\\/cs\\\/prohlidky\\\/soukromy-transfer-z-asuanu-do-hurghady\\\/\",\"url\":\"https:\\\/\\\/egytourpackages.com\\\/cs\\\/prohlidky\\\/soukromy-transfer-z-asuanu-do-hurghady\\\/\",\"name\":\"Soukrom\u00fd transfer z Asu\u00e1nu do Hurghady\",\"isPartOf\":{\"@id\":\"https:\\\/\\\/egytourpackages.com\\\/cs\\\/#website\"},\"primaryImageOfPage\":{\"@id\":\"https:\\\/\\\/egytourpackages.com\\\/cs\\\/prohlidky\\\/soukromy-transfer-z-asuanu-do-hurghady\\\/#primaryimage\"},\"image\":{\"@id\":\"https:\\\/\\\/egytourpackages.com\\\/cs\\\/prohlidky\\\/soukromy-transfer-z-asuanu-do-hurghady\\\/#primaryimage\"},\"thumbnailUrl\":\"https:\\\/\\\/egytourpackages.com\\\/wp-content\\\/uploads\\\/2026\\\/02\\\/Private-Transfer-Aswan-to-Hurghada.jpeg\",\"datePublished\":\"2026-02-20T20:22:41+00:00\",\"dateModified\":\"2026-02-27T20:18:36+00:00\",\"description\":\"Soukrom\u00fd transfer z Asu\u00e1nu do Hurghady: Cestujte nov\u00fdm vozem s WIFI a n\u00e1poji. U\u017eijte si pr\u00e9miov\u00fd komfort a slu\u017ebu od dve\u0159\u00ed ke dve\u0159\u00edm p\u0159\u00edmo k Rud\u00e9mu mo\u0159i!\",\"breadcrumb\":{\"@id\":\"https:\\\/\\\/egytourpackages.com\\\/cs\\\/prohlidky\\\/soukromy-transfer-z-asuanu-do-hurghady\\\/#breadcrumb\"},\"inLanguage\":\"cs\",\"potentialAction\":[{\"@type\":\"ReadAction\",\"target\":[\"https:\\\/\\\/egytourpackages.com\\\/cs\\\/prohlidky\\\/soukromy-transfer-z-asuanu-do-hurghady\\\/\"]}]},{\"@type\":\"ImageObject\",\"inLanguage\":\"cs\",\"@id\":\"https:\\\/\\\/egytourpackages.com\\\/cs\\\/prohlidky\\\/soukromy-transfer-z-asuanu-do-hurghady\\\/#primaryimage\",\"url\":\"https:\\\/\\\/egytourpackages.com\\\/wp-content\\\/uploads\\\/2026\\\/02\\\/Private-Transfer-Aswan-to-Hurghada.jpeg\",\"contentUrl\":\"https:\\\/\\\/egytourpackages.com\\\/wp-content\\\/uploads\\\/2026\\\/02\\\/Private-Transfer-Aswan-to-Hurghada.jpeg\",\"width\":1500,\"height\":843,\"caption\":\"Private Transfer Aswan to Hurghada\"},{\"@type\":\"BreadcrumbList\",\"@id\":\"https:\\\/\\\/egytourpackages.com\\\/cs\\\/prohlidky\\\/soukromy-transfer-z-asuanu-do-hurghady\\\/#breadcrumb\",\"itemListElement\":[{\"@type\":\"ListItem\",\"position\":1,\"name\":\"Dom\u016f\",\"item\":\"https:\\\/\\\/egytourpackages.com\\\/cs\\\/balicky-vyletu-po-egypte\\\/\"},{\"@type\":\"ListItem\",\"position\":2,\"name\":\"Shop\",\"item\":\"https:\\\/\\\/egytourpackages.com\\\/cs\\\/shop\\\/\"},{\"@type\":\"ListItem\",\"position\":3,\"name\":\"Soukrom\u00fd transfer z Asu\u00e1nu do Hurghady\"}]},{\"@type\":\"WebSite\",\"@id\":\"https:\\\/\\\/egytourpackages.com\\\/cs\\\/#website\",\"url\":\"https:\\\/\\\/egytourpackages.com\\\/cs\\\/\",\"name\":\"Egy tour packages\",\"description\":\"\",\"publisher\":{\"@id\":\"https:\\\/\\\/egytourpackages.com\\\/cs\\\/#organization\"},\"potentialAction\":[{\"@type\":\"SearchAction\",\"target\":{\"@type\":\"EntryPoint\",\"urlTemplate\":\"https:\\\/\\\/egytourpackages.com\\\/cs\\\/?s={search_term_string}\"},\"query-input\":{\"@type\":\"PropertyValueSpecification\",\"valueRequired\":true,\"valueName\":\"search_term_string\"}}],\"inLanguage\":\"cs\"},{\"@type\":[\"Organization\",\"Place\",\"TravelAgency\"],\"@id\":\"https:\\\/\\\/egytourpackages.com\\\/cs\\\/#organization\",\"name\":\"egypt tour packages\",\"alternateName\":\"egypt tour packages\",\"url\":\"https:\\\/\\\/egytourpackages.com\\\/cs\\\/\",\"logo\":{\"@id\":\"https:\\\/\\\/egytourpackages.com\\\/cs\\\/prohlidky\\\/soukromy-transfer-z-asuanu-do-hurghady\\\/#local-main-organization-logo\"},\"image\":{\"@id\":\"https:\\\/\\\/egytourpackages.com\\\/cs\\\/prohlidky\\\/soukromy-transfer-z-asuanu-do-hurghady\\\/#local-main-organization-logo\"},\"sameAs\":[\"https:\\\/\\\/www.facebook.com\\\/egytourpackages\"],\"legalName\":\"Egy tour packages\",\"address\":{\"@id\":\"https:\\\/\\\/egytourpackages.com\\\/cs\\\/prohlidky\\\/soukromy-transfer-z-asuanu-do-hurghady\\\/#local-main-place-address\"},\"telephone\":[\"00201000852186\",\"00201028685533\"],\"contactPoint\":{\"@type\":\"ContactPoint\",\"telephone\":\"00201000852186\"},\"openingHoursSpecification\":[{\"@type\":\"OpeningHoursSpecification\",\"dayOfWeek\":[\"Monday\",\"Tuesday\",\"Wednesday\",\"Thursday\",\"Friday\",\"Saturday\",\"Sunday\"],\"opens\":\"00:00\",\"closes\":\"23:59\"}],\"email\":\"info@egytourpackages.com\",\"areaServed\":\"Cairo, Hurghada, Luxor, Sharm El Sheikh, Marsa Alam, Aswan\",\"priceRange\":\"$\",\"currenciesAccepted\":\"euro\",\"paymentAccepted\":\"Payment links online\"},{\"@type\":\"PostalAddress\",\"@id\":\"https:\\\/\\\/egytourpackages.com\\\/cs\\\/prohlidky\\\/soukromy-transfer-z-asuanu-do-hurghady\\\/#local-main-place-address\",\"streetAddress\":\"Mubarak 8, Al Kawthar District, Hurghada\",\"addressLocality\":\"Hurghada\",\"postalCode\":\"84511\",\"addressRegion\":\"Red Sea\",\"addressCountry\":\"EG\"},{\"@type\":\"ImageObject\",\"inLanguage\":\"cs\",\"@id\":\"https:\\\/\\\/egytourpackages.com\\\/cs\\\/prohlidky\\\/soukromy-transfer-z-asuanu-do-hurghady\\\/#local-main-organization-logo\",\"url\":\"https:\\\/\\\/egytourpackages.com\\\/wp-content\\\/uploads\\\/2025\\\/12\\\/Turquoise-Dahabiya-Nile-Cruise-1.jpeg\",\"contentUrl\":\"https:\\\/\\\/egytourpackages.com\\\/wp-content\\\/uploads\\\/2025\\\/12\\\/Turquoise-Dahabiya-Nile-Cruise-1.jpeg\",\"width\":1040,\"height\":694,\"caption\":\"egypt tour packages\"}]}<\/script>\n<meta property=\"product:brand\" content=\"Jednodenn\u00ed v\u00fdlet do Asu\u00e1nu\" \/>\n<meta property=\"product:price:amount\" content=\"90\" \/>\n<meta property=\"product:price:currency\" content=\"EUR\" \/>\n<meta property=\"og:availability\" content=\"instock\" \/>\n<meta property=\"product:availability\" content=\"instock\" \/>\n<meta property=\"product:retailer_item_id\" content=\"AT 08\" \/>\n<meta property=\"product:condition\" content=\"new\" \/>\n<meta name=\"geo.placename\" content=\"Hurghada\" \/>\n<meta name=\"geo.region\" content=\"Egypt\" \/>\n<!-- \/ Yoast SEO Premium plugin. -->","yoast_head_json":{"title":"Soukrom\u00fd transfer z Asu\u00e1nu do Hurghady","description":"Soukrom\u00fd transfer z Asu\u00e1nu do Hurghady: Cestujte nov\u00fdm vozem s WIFI a n\u00e1poji. U\u017eijte si pr\u00e9miov\u00fd komfort a slu\u017ebu od dve\u0159\u00ed ke dve\u0159\u00edm p\u0159\u00edmo k Rud\u00e9mu mo\u0159i!","robots":{"index":"index","follow":"follow","max-snippet":"max-snippet:-1","max-image-preview":"max-image-preview:large","max-video-preview":"max-video-preview:-1"},"canonical":"https:\/\/egytourpackages.com\/cs\/prohlidky\/soukromy-transfer-z-asuanu-do-hurghady\/","og_locale":"cs_CZ","og_type":"article","og_title":"Soukrom\u00fd transfer z Asu\u00e1nu do Hurghady","og_description":"Soukrom\u00fd transfer z Asu\u00e1nu do Hurghady: Cestujte nov\u00fdm vozem s WIFI a n\u00e1poji. U\u017eijte si pr\u00e9miov\u00fd komfort a slu\u017ebu od dve\u0159\u00ed ke dve\u0159\u00edm p\u0159\u00edmo k Rud\u00e9mu mo\u0159i!","og_url":"https:\/\/egytourpackages.com\/cs\/prohlidky\/soukromy-transfer-z-asuanu-do-hurghady\/","og_site_name":"Z\u00e1jezdy po Egypt\u011b","article_publisher":"https:\/\/www.facebook.com\/egytourpackages","article_modified_time":"2026-02-27T20:18:36+00:00","og_image":[{"width":900,"height":675,"url":"https:\/\/egytourpackages.com\/wp-content\/uploads\/2025\/12\/IMG_20241212_130656.jpg","type":"image\/jpeg"}],"twitter_card":"summary_large_image","twitter_misc":{"Cena":"&euro;90","Dostupnost":"Skladem"},"schema":{"@context":"https:\/\/schema.org","@graph":[{"@type":"WebPage","@id":"https:\/\/egytourpackages.com\/cs\/prohlidky\/soukromy-transfer-z-asuanu-do-hurghady\/","url":"https:\/\/egytourpackages.com\/cs\/prohlidky\/soukromy-transfer-z-asuanu-do-hurghady\/","name":"Soukrom\u00fd transfer z Asu\u00e1nu do Hurghady","isPartOf":{"@id":"https:\/\/egytourpackages.com\/cs\/#website"},"primaryImageOfPage":{"@id":"https:\/\/egytourpackages.com\/cs\/prohlidky\/soukromy-transfer-z-asuanu-do-hurghady\/#primaryimage"},"image":{"@id":"https:\/\/egytourpackages.com\/cs\/prohlidky\/soukromy-transfer-z-asuanu-do-hurghady\/#primaryimage"},"thumbnailUrl":"https:\/\/egytourpackages.com\/wp-content\/uploads\/2026\/02\/Private-Transfer-Aswan-to-Hurghada.jpeg","datePublished":"2026-02-20T20:22:41+00:00","dateModified":"2026-02-27T20:18:36+00:00","description":"Soukrom\u00fd transfer z Asu\u00e1nu do Hurghady: Cestujte nov\u00fdm vozem s WIFI a n\u00e1poji. U\u017eijte si pr\u00e9miov\u00fd komfort a slu\u017ebu od dve\u0159\u00ed ke dve\u0159\u00edm p\u0159\u00edmo k Rud\u00e9mu mo\u0159i!","breadcrumb":{"@id":"https:\/\/egytourpackages.com\/cs\/prohlidky\/soukromy-transfer-z-asuanu-do-hurghady\/#breadcrumb"},"inLanguage":"cs","potentialAction":[{"@type":"ReadAction","target":["https:\/\/egytourpackages.com\/cs\/prohlidky\/soukromy-transfer-z-asuanu-do-hurghady\/"]}]},{"@type":"ImageObject","inLanguage":"cs","@id":"https:\/\/egytourpackages.com\/cs\/prohlidky\/soukromy-transfer-z-asuanu-do-hurghady\/#primaryimage","url":"https:\/\/egytourpackages.com\/wp-content\/uploads\/2026\/02\/Private-Transfer-Aswan-to-Hurghada.jpeg","contentUrl":"https:\/\/egytourpackages.com\/wp-content\/uploads\/2026\/02\/Private-Transfer-Aswan-to-Hurghada.jpeg","width":1500,"height":843,"caption":"Private Transfer Aswan to Hurghada"},{"@type":"BreadcrumbList","@id":"https:\/\/egytourpackages.com\/cs\/prohlidky\/soukromy-transfer-z-asuanu-do-hurghady\/#breadcrumb","itemListElement":[{"@type":"ListItem","position":1,"name":"Dom\u016f","item":"https:\/\/egytourpackages.com\/cs\/balicky-vyletu-po-egypte\/"},{"@type":"ListItem","position":2,"name":"Shop","item":"https:\/\/egytourpackages.com\/cs\/shop\/"},{"@type":"ListItem","position":3,"name":"Soukrom\u00fd transfer z Asu\u00e1nu do Hurghady"}]},{"@type":"WebSite","@id":"https:\/\/egytourpackages.com\/cs\/#website","url":"https:\/\/egytourpackages.com\/cs\/","name":"Egy tour packages","description":"","publisher":{"@id":"https:\/\/egytourpackages.com\/cs\/#organization"},"potentialAction":[{"@type":"SearchAction","target":{"@type":"EntryPoint","urlTemplate":"https:\/\/egytourpackages.com\/cs\/?s={search_term_string}"},"query-input":{"@type":"PropertyValueSpecification","valueRequired":true,"valueName":"search_term_string"}}],"inLanguage":"cs"},{"@type":["Organization","Place","TravelAgency"],"@id":"https:\/\/egytourpackages.com\/cs\/#organization","name":"egypt tour packages","alternateName":"egypt tour packages","url":"https:\/\/egytourpackages.com\/cs\/","logo":{"@id":"https:\/\/egytourpackages.com\/cs\/prohlidky\/soukromy-transfer-z-asuanu-do-hurghady\/#local-main-organization-logo"},"image":{"@id":"https:\/\/egytourpackages.com\/cs\/prohlidky\/soukromy-transfer-z-asuanu-do-hurghady\/#local-main-organization-logo"},"sameAs":["https:\/\/www.facebook.com\/egytourpackages"],"legalName":"Egy tour packages","address":{"@id":"https:\/\/egytourpackages.com\/cs\/prohlidky\/soukromy-transfer-z-asuanu-do-hurghady\/#local-main-place-address"},"telephone":["00201000852186","00201028685533"],"contactPoint":{"@type":"ContactPoint","telephone":"00201000852186"},"openingHoursSpecification":[{"@type":"OpeningHoursSpecification","dayOfWeek":["Monday","Tuesday","Wednesday","Thursday","Friday","Saturday","Sunday"],"opens":"00:00","closes":"23:59"}],"email":"info@egytourpackages.com","areaServed":"Cairo, Hurghada, Luxor, Sharm El Sheikh, Marsa Alam, Aswan","priceRange":"$","currenciesAccepted":"euro","paymentAccepted":"Payment links online"},{"@type":"PostalAddress","@id":"https:\/\/egytourpackages.com\/cs\/prohlidky\/soukromy-transfer-z-asuanu-do-hurghady\/#local-main-place-address","streetAddress":"Mubarak 8, Al Kawthar District, Hurghada","addressLocality":"Hurghada","postalCode":"84511","addressRegion":"Red Sea","addressCountry":"EG"},{"@type":"ImageObject","inLanguage":"cs","@id":"https:\/\/egytourpackages.com\/cs\/prohlidky\/soukromy-transfer-z-asuanu-do-hurghady\/#local-main-organization-logo","url":"https:\/\/egytourpackages.com\/wp-content\/uploads\/2025\/12\/Turquoise-Dahabiya-Nile-Cruise-1.jpeg","contentUrl":"https:\/\/egytourpackages.com\/wp-content\/uploads\/2025\/12\/Turquoise-Dahabiya-Nile-Cruise-1.jpeg","width":1040,"height":694,"caption":"egypt tour packages"}]},"product_brand":"Jednodenn\u00ed v\u00fdlet do Asu\u00e1nu","product_price_amount":"90","product_price_currency":"EUR","og_availability":"instock","product_availability":"instock","product_retailer_item_id":"AT 08","product_condition":"new","geo.placename":"Hurghada","geo.region":"Egypt"},"_links":{"self":[{"href":"https:\/\/egytourpackages.com\/cs\/wp-json\/wp\/v2\/product\/15757","targetHints":{"allow":["GET"]}}],"collection":[{"href":"https:\/\/egytourpackages.com\/cs\/wp-json\/wp\/v2\/product"}],"about":[{"href":"https:\/\/egytourpackages.com\/cs\/wp-json\/wp\/v2\/types\/product"}],"replies":[{"embeddable":true,"href":"https:\/\/egytourpackages.com\/cs\/wp-json\/wp\/v2\/comments?post=15757"}],"wp:featuredmedia":[{"embeddable":true,"href":"https:\/\/egytourpackages.com\/cs\/wp-json\/wp\/v2\/media\/15790"}],"wp:attachment":[{"href":"https:\/\/egytourpackages.com\/cs\/wp-json\/wp\/v2\/media?parent=15757"}],"wp:term":[{"taxonomy":"product_brand","embeddable":true,"href":"https:\/\/egytourpackages.com\/cs\/wp-json\/wp\/v2\/product_brand?post=15757"},{"taxonomy":"product_cat","embeddable":true,"href":"https:\/\/egytourpackages.com\/cs\/wp-json\/wp\/v2\/product_cat?post=15757"},{"taxonomy":"product_tag","embeddable":true,"href":"https:\/\/egytourpackages.com\/cs\/wp-json\/wp\/v2\/product_tag?post=15757"}],"curies":[{"name":"wp","href":"https:\/\/api.w.org\/{rel}","templated":true}]}}