{"id":16378,"date":"2026-04-10T21:28:09","date_gmt":"2026-04-10T21:28:09","guid":{"rendered":"https:\/\/egytourpackages.com\/product\/vylet-do-wadi-hammamat-z-marsa-alam\/"},"modified":"2026-04-26T16:53:42","modified_gmt":"2026-04-26T16:53:42","slug":"vylet-do-wadi-hammamat-z-marsa-alam","status":"publish","type":"product","link":"https:\/\/egytourpackages.com\/cs\/prohlidky\/vylet-do-wadi-hammamat-z-marsa-alam\/","title":{"rendered":"V\u00fdlet do W\u00e1d\u00ed Hamm\u00e1mat z Marsa Alam"},"content":{"rendered":"<p><span style=\"color: #ff6600;\"><strong>V\u00fdlet do W\u00e1d\u00ed Hamm\u00e1mat z Marsa Alam: Starov\u011bk\u00e9 zlat\u00e9 doly a hieroglyfy<\/strong><\/span><\/p>\n<p>Vydejte se na vzru\u0161uj\u00edc\u00ed <strong>pou\u0161tn\u00ed v\u00fdlet z Marsa Alam<\/strong> do legend\u00e1rn\u00edho <strong>W\u00e1d\u00ed Hamm\u00e1mat<\/strong>. Toto historick\u00e9 m\u00edsto, zasazen\u00e9 v srdci V\u00fdchodn\u00ed pou\u0161t\u011b, slou\u017eilo jako starov\u011bk\u00e1 br\u00e1na mezi <strong>\u00fadol\u00edm Nilu<\/strong> a <strong>Rud\u00fdm mo\u0159em<\/strong>.<\/p>\n<p>Toto \u00fadol\u00ed, proslul\u00e9 sv\u00fdmi <strong>faraonsk\u00fdmi zlat\u00fdmi doly<\/strong> a vz\u00e1cn\u00fdm tmav\u011b zelen\u00fdm kamenem <strong>Bekhen<\/strong>, je \u017eiv\u00fdm muzeem egyptsk\u00e9ho pr\u016fmyslov\u00e9ho a um\u011bleck\u00e9ho d\u011bdictv\u00ed.<\/p>\n<h3><span style=\"color: #ff6600;\"><em>Historick\u00fd v\u00fdznam W\u00e1d\u00ed Hamm\u00e1mat<\/em><\/span><\/h3>\n<p>Po tis\u00edcilet\u00ed bylo <strong>W\u00e1d\u00ed Hamm\u00e1mat<\/strong> hlavn\u00ed trasou pro obchodn\u00ed expedice. Je proslul\u00e9 sv\u00fdmi <strong>staroegyptsk\u00fdmi n\u00e1pisy<\/strong> a <strong>hieroglyfy<\/strong>, kter\u00e9 poch\u00e1zej\u00ed a\u017e z <strong>p\u0159eddynastick\u00e9ho obdob\u00ed<\/strong>.<\/p>\n<p>Tyto rytiny funguj\u00ed jako historick\u00fd archiv a dokumentuj\u00ed kr\u00e1lovsk\u00e9 mise vyslan\u00e9 r\u016fzn\u00fdmi kr\u00e1li za \u00fa\u010delem t\u011b\u017eby <strong>drah\u00fdch kamen\u016f<\/strong> pro sochy, sarkof\u00e1gy a chr\u00e1mov\u00e9 n\u00e1doby.<\/p>\n<p>Archeologick\u00fd v\u00fdznam m\u00edsta vynesli na sv\u011btlo evrop\u0161t\u00ed pr\u016fzkumn\u00edci jako <strong>James Bruce<\/strong> v roce 1769 a pozd\u011bji jej rozs\u00e1hle studovali egyptologov\u00e9 <strong>Vladimir Goleni\u0161\u010dev<\/strong> a <strong>Arthur Weigall<\/strong>.<\/p>\n<p>D\u016fkazy nazna\u010duj\u00ed, \u017ee tyto <strong>starov\u011bk\u00e9 lomy<\/strong> z\u016fstaly aktivn\u00ed i b\u011bhem <strong>ptolemaiovsk\u00e9ho a \u0159\u00edmsk\u00e9ho obdob\u00ed<\/strong>, jak je vid\u011bt na rozmanit\u00fdch <strong>d\u00e9motick\u00fdch a \u0159eck\u00fdch textech<\/strong> nalezen\u00fdch vedle star\u0161\u00edch rytin.<\/p>\n<h3><span style=\"color: #ff6600;\">Detaily<\/span><\/h3>\n<ul>\n<li>Doba trv\u00e1n\u00ed: 6 hodin<\/li>\n<li>Lokalita v\u00fdletu: V\u00fdchodn\u00ed pou\u0161\u0165, El Qusier, Marsa Alam<\/li>\n<li>Dostupnost: Denn\u011b<\/li>\n<li>Vyzvednut\u00ed a odvoz: V\u0161echny hotely mezi El Qusier a Hamata<\/li>\n<li>Typ v\u00fdletu: Soukrom\u00fd<\/li>\n<li>Jazyk: Angli\u010dtina<\/li>\n<li>Voz\u00ed\u010dek: Nen\u00ed p\u0159\u00edstupn\u00e9<\/li>\n<\/ul>\n<h3><span style=\"color: #ff6600;\">V cen\u011b<\/span><\/h3>\n<ul>\n<li>Pr\u016fvodce egyptskou pou\u0161t\u00ed.<\/li>\n<li>Zp\u00e1te\u010dn\u00ed transfery z va\u0161eho hotelu <strong>d\u017e\u00edpem 4&#215;4<\/strong>.<\/li>\n<li>Voda a ob\u010derstven\u00ed b\u011bhem v\u00fdletu.<\/li>\n<li>V\u0161echna pot\u0159ebn\u00e1 vl\u00e1dn\u00ed a m\u00edstn\u00ed povolen\u00ed v cen\u011b.<\/li>\n<li>V\u0161echny servisn\u00ed poplatky a dan\u011b jsou zahrnuty.<\/li>\n<\/ul>\n<h3><span style=\"color: #ff6600;\">V cen\u011b nen\u00ed<\/span><\/h3>\n<ul>\n<li>Spropitn\u00e9 pro pr\u016fvodce a \u0159idi\u010de.<\/li>\n<li>Jak\u00e9koli polo\u017eky nebo slu\u017eby neuveden\u00e9 v\u00fd\u0161e.<\/li>\n<\/ul>\n<h3><span style=\"color: #ff6600;\">Co si vz\u00edt s sebou?<\/span><\/h3>\n<ul>\n<li>Slune\u010dn\u00ed br\u00fdle, klobouk a opalovac\u00ed kr\u00e9m s vysok\u00fdm faktorem.<\/li>\n<li>Fotoapar\u00e1t nebo videokameru pro malebn\u00e9 v\u00fdhledy.<\/li>\n<li>Pohodlnou obuv, lehk\u00e9 oble\u010den\u00ed a \u0161\u00e1tek proti v\u011btru.<\/li>\n<li>Kopii cestovn\u00edho pasu.<\/li>\n<\/ul>\n<h2><span style=\"color: #993366;\"><em>Itiner\u00e1\u0159: Cesta p\u0159es \u201e\u00dadol\u00ed mnoha l\u00e1zn\u00ed\u201c<\/em><\/span><\/h2>\n<p><span style=\"color: #993366;\"><em><strong>Odjezd z Marsa Alam:<\/strong><\/em><\/span><\/p>\n<p>Va\u0161e dobrodru\u017estv\u00ed za\u010d\u00edn\u00e1 brzy r\u00e1no. Profesion\u00e1ln\u00ed pr\u016fvodce v\u00e1s vyzvedne z va\u0161eho <strong>hotelu v Marsa Alam<\/strong> v robustn\u00edm <strong>d\u017e\u00edpu 4&#215;4<\/strong>, navr\u017een\u00e9m pro navigaci v malebn\u00e9m horsk\u00e9m ter\u00e9nu <strong>V\u00fdchodn\u00ed pou\u0161t\u011b<\/strong>.<\/p>\n<p><span style=\"color: #993366;\"><em><strong>Pr\u016fzkum n\u00e1pis\u016f a kartu\u0161\u00ed:<\/strong><\/em><\/span><\/p>\n<p>Projd\u011bte se neju\u017e\u0161\u00ed \u010d\u00e1st\u00ed \u00fadol\u00ed a sta\u0148te se sv\u011bdky stovek <strong>faraonsk\u00fdch kartu\u0161\u00ed<\/strong> a skaln\u00edho um\u011bn\u00ed. Uvid\u00edte pozoruhodn\u00e9 n\u00e1pisy, v\u010detn\u011b jednoho z doby vl\u00e1dy <strong>Senusreta I. (1930 p\u0159. n. l.)<\/strong>, kter\u00fd popisuje masivn\u00ed expedici 1 000 mu\u017e\u016f p\u0159epravuj\u00edc\u00edch 80 kamenn\u00fdch blok\u016f k Nilu.<\/p>\n<p><span style=\"color: #993366;\"><em><strong>Bir Hammamat a \u0159\u00edmsk\u00e1 pevnost:<\/strong><\/em><\/span><\/p>\n<p>Nav\u0161tivte p\u016fsobiv\u00fd <strong>Bir Hammamat<\/strong>, v\u00fdznamnou \u0159\u00edmskou vodn\u00ed stanici. Prozkoumejte poz\u016fstatky <strong>\u0159\u00edmsk\u00e9 pevnosti<\/strong> a 34 metr\u016f hlubokou studnu, kter\u00e1 st\u00e1le obsahuje p\u016fvodn\u00ed to\u010dit\u00e9 schodi\u0161t\u011b pou\u017e\u00edvan\u00e9 starov\u011bk\u00fdmi cestovateli.<\/p>\n<p><span style=\"color: #993366;\"><em><strong>Qasr El Banat a vesnice d\u011bln\u00edk\u016f:<\/strong><\/em><\/span><\/p>\n<p>Po osv\u011b\u017euj\u00edc\u00ed pauze na k\u00e1vu v\u00fdlet pokra\u010duje do <strong>Qasr El Banat<\/strong> (Pal\u00e1c d\u00edvek) a bl\u00edzk\u00e9 vesnice d\u011bln\u00edk\u016f. Tato starov\u011bk\u00e1 obydl\u00ed z\u016fst\u00e1vaj\u00ed ve vynikaj\u00edc\u00edm stavu a umo\u017e\u0148uj\u00ed v\u00e1m vid\u011bt origin\u00e1ln\u00ed dve\u0159n\u00ed r\u00e1my, okna a v\u00fdklenky pou\u017e\u00edvan\u00e9 horn\u00edky p\u0159ed tis\u00edci lety.<\/p>\n<p><span style=\"color: #993366;\"><em><strong>N\u00e1vrat do Marsa Alam:<\/strong><\/em><\/span><\/p>\n<p>U\u017eijte si voln\u00fd \u010das na po\u0159\u00edzen\u00ed <strong>nezapomenuteln\u00fdch fotografi\u00ed<\/strong> pou\u0161tn\u00ed krajiny, ne\u017e v\u00e1s v\u00e1\u0161 <strong>d\u017e\u00edp 4&#215;4<\/strong> odveze zp\u011bt do hotelu.<\/p>\n<h3><span style=\"color: #ff6600;\">D\u016fle\u017eit\u00e9 upozorn\u011bn\u00ed:<\/span><\/h3>\n<p>Oblast <strong>W\u00e1d\u00ed Hamm\u00e1mat<\/strong> je p\u0159edm\u011btem <strong>Tur\u00ednsk\u00e9ho papyru<\/strong>, nejstar\u0161\u00ed geologick\u00e9 mapy na sv\u011bt\u011b. Tuto inovativn\u00ed mapu vytvo\u0159il p\u00edsa\u0159 Amennakhte pro <strong>Ramesse IV.<\/strong> a vyu\u017e\u00edv\u00e1 barvy a textury k ozna\u010den\u00ed vzd\u00e1lenost\u00ed mezi <strong>zlat\u00fdmi doly<\/strong> a <strong>kamenolomy<\/strong>.<\/p>\n<h3><span style=\"color: #ff6600;\">Cena v\u00fdletu do W\u00e1d\u00ed Hamm\u00e1mat z Marsa Alam<\/span><\/h3>\n<table>\n<thead>\n<tr>\n<td><strong>Po\u010det \u00fa\u010dastn\u00edk\u016f<\/strong><\/td>\n<td><strong>Cena za osobu<\/strong><\/td>\n<td><strong>Celkov\u00e1 cena v\u00fdletu<\/strong><\/td>\n<\/tr>\n<\/thead>\n<tbody>\n<tr>\n<td>1 osoba (Solo)<\/td>\n<td>300 eur<\/td>\n<td>300 eur<\/td>\n<\/tr>\n<tr>\n<td>2 osoby<\/td>\n<td>150 eur<\/td>\n<td>300 eur<\/td>\n<\/tr>\n<tr>\n<td>3 osoby<\/td>\n<td>105 eur<\/td>\n<td>315 eur<\/td>\n<\/tr>\n<tr>\n<td>4 osoby<\/td>\n<td>100 eur<\/td>\n<td>400 eur<\/td>\n<\/tr>\n<\/tbody>\n<\/table>\n<ul>\n<li>D\u011bti 0-5 let = zdarma<\/li>\n<li>D\u011bti 5-11 let = 50 % z ceny dosp\u011bl\u00e9ho<\/li>\n<\/ul>\n<h3><span style=\"color: #ff6600;\">Pozn\u00e1mka: <\/span><\/h3>\n<p>P\u0159\u00edplatek 30 eur na osobu plat\u00ed pro odjezdy z jak\u00e9hokoli hotelu za leti\u0161t\u011bm Marsa Alam.<\/p>\n<h3><span style=\"color: #ff6600;\">Rezervace<\/span><\/h3>\n<p>S\u016fj v\u00fdlet do W\u00e1d\u00ed Hamm\u00e1mat z Marsa Alam si m\u016f\u017eete rezervovat p\u0159es WhatsApp nebo e-mail a obratem obdr\u017e\u00edte potvrzen\u00ed. Za\u0161lete n\u00e1m pros\u00edm n\u00e1zev hotelu, \u010d\u00edslo pokoje a kopie pas\u016f.<\/p>\n<p>WhatsApp: +201000852186<\/p>\n<p>E-mail: info@egytourpackages.com<\/p>\n<h3><span style=\"color: #ff6600;\">Rezervujte nyn\u00ed a pla\u0165te na m\u00edst\u011b<\/span><\/h3>\n<p>Zarezervujte si sv\u016fj obl\u00edben\u00fd v\u00fdlet a zapla\u0165te v den cesty.<\/p>\n<h3><span style=\"color: #ff6600;\">Platba<\/span><\/h3>\n<p>M\u016f\u017eete platit v egyptsk\u00fdch libr\u00e1ch, $, \u20ac nebo \u00a3.<\/p>\n<h3><span style=\"color: #ff6600;\">Storno podm\u00ednky<\/span><\/h3>\n<ul>\n<li>Zru\u0161en\u00ed je zdarma do 24 hodin p\u0159edem.<\/li>\n<li>Rann\u00ed zru\u0161en\u00ed je za 50 % ceny.<\/li>\n<\/ul>\n","protected":false},"excerpt":{"rendered":"<p>V\u00fdlet do <b data-path-to-node=\"0\" data-index-in-node=\"9\">W\u00e1d\u00ed Hamm\u00e1mat<\/b> z <b data-path-to-node=\"0\" data-index-in-node=\"25\">Marsa Alam<\/b>: objevte starov\u011bk\u00e9 n\u00e1pisy, lomy na b\u0159idlici a historii <b data-path-to-node=\"0\" data-index-in-node=\"91\">starov\u011bk\u00e9ho Egypta<\/b> na tomto unik\u00e1tn\u00edm safari v\u00fdlet\u011b v pou\u0161ti.<\/p>\n","protected":false},"featured_media":15995,"comment_status":"closed","ping_status":"closed","template":"","meta":[],"product_brand":[],"product_cat":[1466],"product_tag":[1470,4542,4406],"class_list":{"0":"post-16378","1":"product","2":"type-product","3":"status-publish","4":"has-post-thumbnail","6":"product_cat-vylety","7":"product_tag-jednodenni-vylety-po-egypte","8":"product_tag-jednodenni-vylety-z-el-quseir","9":"product_tag-jednodenni-vylety-z-marsa-alam","10":"tour_category-jednodenni-vylety-po-egypte-cs","11":"tour_category-jednodenni-vylety-z-el-quseir","12":"tour_category-vylety-do-marsa-alam","14":"first","15":"instock","16":"sale","17":"shipping-taxable","18":"purchasable","19":"product-type-tour","20":"has-default-attributes"},"yoast_head":"<!-- This site is optimized with the Yoast SEO Premium plugin v27.5 (Yoast SEO v27.5) - https:\/\/yoast.com\/product\/yoast-seo-premium-wordpress\/ -->\n<title>V\u00fdlet do W\u00e1d\u00ed Hamm\u00e1mat z Marsa Alam<\/title>\n<meta name=\"description\" content=\"V\u00fdlet do W\u00e1d\u00ed Hamm\u00e1mat z Marsa Alam: objevte starov\u011bk\u00e9 n\u00e1pisy, lomy na b\u0159idlici a historii starov\u011bk\u00e9ho Egypta na tomto unik\u00e1tn\u00edm safari v\u00fdlet\u011b v pou\u0161ti.\" \/>\n<meta name=\"robots\" content=\"index, follow, max-snippet:-1, max-image-preview:large, max-video-preview:-1\" \/>\n<link rel=\"canonical\" href=\"https:\/\/egytourpackages.com\/cs\/prohlidky\/vylet-do-wadi-hammamat-z-marsa-alam\/\" \/>\n<meta property=\"og:locale\" content=\"cs_CZ\" \/>\n<meta property=\"og:type\" content=\"article\" \/>\n<meta property=\"og:title\" content=\"V\u00fdlet do W\u00e1d\u00ed Hamm\u00e1mat z Marsa Alam\" \/>\n<meta property=\"og:description\" content=\"V\u00fdlet do W\u00e1d\u00ed Hamm\u00e1mat z Marsa Alam: objevte starov\u011bk\u00e9 n\u00e1pisy, lomy na b\u0159idlici a historii starov\u011bk\u00e9ho Egypta na tomto unik\u00e1tn\u00edm safari v\u00fdlet\u011b v pou\u0161ti.\" \/>\n<meta property=\"og:url\" content=\"https:\/\/egytourpackages.com\/cs\/prohlidky\/vylet-do-wadi-hammamat-z-marsa-alam\/\" \/>\n<meta property=\"og:site_name\" content=\"Z\u00e1jezdy po Egypt\u011b\" \/>\n<meta property=\"article:publisher\" content=\"https:\/\/www.facebook.com\/egytourpackages\" \/>\n<meta property=\"article:modified_time\" content=\"2026-04-26T16:53:42+00:00\" \/>\n<meta property=\"og:image\" content=\"https:\/\/egytourpackages.com\/wp-content\/uploads\/2026\/04\/Wadi-Hammamat-Tour-from-Marsa-Alam.jpg\" \/>\n\t<meta property=\"og:image:width\" content=\"1000\" \/>\n\t<meta property=\"og:image:height\" content=\"517\" \/>\n\t<meta property=\"og:image:type\" content=\"image\/jpeg\" \/>\n<meta name=\"twitter:card\" content=\"summary_large_image\" \/>\n<meta name=\"twitter:title\" content=\"V\u00fdlet do W\u00e1d\u00ed Hamm\u00e1mat z Marsa Alam\" \/>\n<meta name=\"twitter:label1\" content=\"Cena\" \/>\n\t<meta name=\"twitter:data1\" content=\"&euro;0\" \/>\n\t<meta name=\"twitter:label2\" content=\"Dostupnost\" \/>\n\t<meta name=\"twitter:data2\" content=\"Skladem\" \/>\n<script type=\"application\/ld+json\" class=\"yoast-schema-graph\">{\"@context\":\"https:\\\/\\\/schema.org\",\"@graph\":[{\"@type\":\"WebPage\",\"@id\":\"https:\\\/\\\/egytourpackages.com\\\/cs\\\/prohlidky\\\/vylet-do-wadi-hammamat-z-marsa-alam\\\/\",\"url\":\"https:\\\/\\\/egytourpackages.com\\\/cs\\\/prohlidky\\\/vylet-do-wadi-hammamat-z-marsa-alam\\\/\",\"name\":\"V\u00fdlet do W\u00e1d\u00ed Hamm\u00e1mat z Marsa Alam\",\"isPartOf\":{\"@id\":\"https:\\\/\\\/egytourpackages.com\\\/cs\\\/#website\"},\"primaryImageOfPage\":{\"@id\":\"https:\\\/\\\/egytourpackages.com\\\/cs\\\/prohlidky\\\/vylet-do-wadi-hammamat-z-marsa-alam\\\/#primaryimage\"},\"image\":{\"@id\":\"https:\\\/\\\/egytourpackages.com\\\/cs\\\/prohlidky\\\/vylet-do-wadi-hammamat-z-marsa-alam\\\/#primaryimage\"},\"thumbnailUrl\":\"https:\\\/\\\/egytourpackages.com\\\/wp-content\\\/uploads\\\/2026\\\/04\\\/Wadi-Hammamat-Tour-from-Marsa-Alam.jpg\",\"datePublished\":\"2026-04-10T21:28:09+00:00\",\"dateModified\":\"2026-04-26T16:53:42+00:00\",\"description\":\"V\u00fdlet do W\u00e1d\u00ed Hamm\u00e1mat z Marsa Alam: objevte starov\u011bk\u00e9 n\u00e1pisy, lomy na b\u0159idlici a historii starov\u011bk\u00e9ho Egypta na tomto unik\u00e1tn\u00edm safari v\u00fdlet\u011b v pou\u0161ti.\",\"breadcrumb\":{\"@id\":\"https:\\\/\\\/egytourpackages.com\\\/cs\\\/prohlidky\\\/vylet-do-wadi-hammamat-z-marsa-alam\\\/#breadcrumb\"},\"inLanguage\":\"cs\",\"potentialAction\":[{\"@type\":\"ReadAction\",\"target\":[\"https:\\\/\\\/egytourpackages.com\\\/cs\\\/prohlidky\\\/vylet-do-wadi-hammamat-z-marsa-alam\\\/\"]}]},{\"@type\":\"ImageObject\",\"inLanguage\":\"cs\",\"@id\":\"https:\\\/\\\/egytourpackages.com\\\/cs\\\/prohlidky\\\/vylet-do-wadi-hammamat-z-marsa-alam\\\/#primaryimage\",\"url\":\"https:\\\/\\\/egytourpackages.com\\\/wp-content\\\/uploads\\\/2026\\\/04\\\/Wadi-Hammamat-Tour-from-Marsa-Alam.jpg\",\"contentUrl\":\"https:\\\/\\\/egytourpackages.com\\\/wp-content\\\/uploads\\\/2026\\\/04\\\/Wadi-Hammamat-Tour-from-Marsa-Alam.jpg\",\"width\":1000,\"height\":517,\"caption\":\"V\u00fdlet do W\u00e1d\u00ed Hamm\u00e1mat z Marsa Alam\"},{\"@type\":\"BreadcrumbList\",\"@id\":\"https:\\\/\\\/egytourpackages.com\\\/cs\\\/prohlidky\\\/vylet-do-wadi-hammamat-z-marsa-alam\\\/#breadcrumb\",\"itemListElement\":[{\"@type\":\"ListItem\",\"position\":1,\"name\":\"Dom\u016f\",\"item\":\"https:\\\/\\\/egytourpackages.com\\\/cs\\\/balicky-vyletu-po-egypte\\\/\"},{\"@type\":\"ListItem\",\"position\":2,\"name\":\"Shop\",\"item\":\"https:\\\/\\\/egytourpackages.com\\\/cs\\\/shop\\\/\"},{\"@type\":\"ListItem\",\"position\":3,\"name\":\"V\u00fdlet do W\u00e1d\u00ed Hamm\u00e1mat z Marsa Alam\"}]},{\"@type\":\"WebSite\",\"@id\":\"https:\\\/\\\/egytourpackages.com\\\/cs\\\/#website\",\"url\":\"https:\\\/\\\/egytourpackages.com\\\/cs\\\/\",\"name\":\"Egy tour packages\",\"description\":\"\",\"publisher\":{\"@id\":\"https:\\\/\\\/egytourpackages.com\\\/cs\\\/#organization\"},\"potentialAction\":[{\"@type\":\"SearchAction\",\"target\":{\"@type\":\"EntryPoint\",\"urlTemplate\":\"https:\\\/\\\/egytourpackages.com\\\/cs\\\/?s={search_term_string}\"},\"query-input\":{\"@type\":\"PropertyValueSpecification\",\"valueRequired\":true,\"valueName\":\"search_term_string\"}}],\"inLanguage\":\"cs\"},{\"@type\":[\"Organization\",\"Place\",\"TravelAgency\"],\"@id\":\"https:\\\/\\\/egytourpackages.com\\\/cs\\\/#organization\",\"name\":\"egypt tour packages\",\"alternateName\":\"egypt tour packages\",\"url\":\"https:\\\/\\\/egytourpackages.com\\\/cs\\\/\",\"logo\":{\"@id\":\"https:\\\/\\\/egytourpackages.com\\\/cs\\\/prohlidky\\\/vylet-do-wadi-hammamat-z-marsa-alam\\\/#local-main-organization-logo\"},\"image\":{\"@id\":\"https:\\\/\\\/egytourpackages.com\\\/cs\\\/prohlidky\\\/vylet-do-wadi-hammamat-z-marsa-alam\\\/#local-main-organization-logo\"},\"sameAs\":[\"https:\\\/\\\/www.facebook.com\\\/egytourpackages\"],\"legalName\":\"Egy tour packages\",\"address\":{\"@id\":\"https:\\\/\\\/egytourpackages.com\\\/cs\\\/prohlidky\\\/vylet-do-wadi-hammamat-z-marsa-alam\\\/#local-main-place-address\"},\"telephone\":[\"00201000852186\",\"00201028685533\"],\"contactPoint\":{\"@type\":\"ContactPoint\",\"telephone\":\"00201000852186\"},\"openingHoursSpecification\":[{\"@type\":\"OpeningHoursSpecification\",\"dayOfWeek\":[\"Monday\",\"Tuesday\",\"Wednesday\",\"Thursday\",\"Friday\",\"Saturday\",\"Sunday\"],\"opens\":\"00:00\",\"closes\":\"23:59\"}],\"email\":\"info@egytourpackages.com\",\"areaServed\":\"Cairo, Hurghada, Luxor, Sharm El Sheikh, Marsa Alam, Aswan\",\"priceRange\":\"$\",\"currenciesAccepted\":\"euro\",\"paymentAccepted\":\"Payment links online\"},{\"@type\":\"PostalAddress\",\"@id\":\"https:\\\/\\\/egytourpackages.com\\\/cs\\\/prohlidky\\\/vylet-do-wadi-hammamat-z-marsa-alam\\\/#local-main-place-address\",\"streetAddress\":\"Mubarak 8, Al Kawthar District, Hurghada\",\"addressLocality\":\"Hurghada\",\"postalCode\":\"84511\",\"addressRegion\":\"Red Sea\",\"addressCountry\":\"EG\"},{\"@type\":\"ImageObject\",\"inLanguage\":\"cs\",\"@id\":\"https:\\\/\\\/egytourpackages.com\\\/cs\\\/prohlidky\\\/vylet-do-wadi-hammamat-z-marsa-alam\\\/#local-main-organization-logo\",\"url\":\"https:\\\/\\\/egytourpackages.com\\\/wp-content\\\/uploads\\\/2025\\\/12\\\/Turquoise-Dahabiya-Nile-Cruise-1.jpeg\",\"contentUrl\":\"https:\\\/\\\/egytourpackages.com\\\/wp-content\\\/uploads\\\/2025\\\/12\\\/Turquoise-Dahabiya-Nile-Cruise-1.jpeg\",\"width\":1040,\"height\":694,\"caption\":\"egypt tour packages\"}]}<\/script>\n<meta property=\"product:brand\" content=\"Jednodenn\u00ed v\u00fdlety po Egypt\u011b\" \/>\n<meta property=\"product:price:amount\" content=\"0\" \/>\n<meta property=\"product:price:currency\" content=\"EUR\" \/>\n<meta property=\"og:availability\" content=\"instock\" \/>\n<meta property=\"product:availability\" content=\"instock\" \/>\n<meta property=\"product:retailer_item_id\" content=\"MAT 15\" \/>\n<meta property=\"product:condition\" content=\"new\" \/>\n<meta name=\"geo.placename\" content=\"Hurghada\" \/>\n<meta name=\"geo.region\" content=\"Egypt\" \/>\n<!-- \/ Yoast SEO Premium plugin. -->","yoast_head_json":{"title":"V\u00fdlet do W\u00e1d\u00ed Hamm\u00e1mat z Marsa Alam","description":"V\u00fdlet do W\u00e1d\u00ed Hamm\u00e1mat z Marsa Alam: objevte starov\u011bk\u00e9 n\u00e1pisy, lomy na b\u0159idlici a historii starov\u011bk\u00e9ho Egypta na tomto unik\u00e1tn\u00edm safari v\u00fdlet\u011b v pou\u0161ti.","robots":{"index":"index","follow":"follow","max-snippet":"max-snippet:-1","max-image-preview":"max-image-preview:large","max-video-preview":"max-video-preview:-1"},"canonical":"https:\/\/egytourpackages.com\/cs\/prohlidky\/vylet-do-wadi-hammamat-z-marsa-alam\/","og_locale":"cs_CZ","og_type":"article","og_title":"V\u00fdlet do W\u00e1d\u00ed Hamm\u00e1mat z Marsa Alam","og_description":"V\u00fdlet do W\u00e1d\u00ed Hamm\u00e1mat z Marsa Alam: objevte starov\u011bk\u00e9 n\u00e1pisy, lomy na b\u0159idlici a historii starov\u011bk\u00e9ho Egypta na tomto unik\u00e1tn\u00edm safari v\u00fdlet\u011b v pou\u0161ti.","og_url":"https:\/\/egytourpackages.com\/cs\/prohlidky\/vylet-do-wadi-hammamat-z-marsa-alam\/","og_site_name":"Z\u00e1jezdy po Egypt\u011b","article_publisher":"https:\/\/www.facebook.com\/egytourpackages","article_modified_time":"2026-04-26T16:53:42+00:00","og_image":[{"width":1000,"height":517,"url":"https:\/\/egytourpackages.com\/wp-content\/uploads\/2026\/04\/Wadi-Hammamat-Tour-from-Marsa-Alam.jpg","type":"image\/jpeg"}],"twitter_card":"summary_large_image","twitter_title":"V\u00fdlet do W\u00e1d\u00ed Hamm\u00e1mat z Marsa Alam","twitter_misc":{"Cena":"&euro;0","Dostupnost":"Skladem"},"schema":{"@context":"https:\/\/schema.org","@graph":[{"@type":"WebPage","@id":"https:\/\/egytourpackages.com\/cs\/prohlidky\/vylet-do-wadi-hammamat-z-marsa-alam\/","url":"https:\/\/egytourpackages.com\/cs\/prohlidky\/vylet-do-wadi-hammamat-z-marsa-alam\/","name":"V\u00fdlet do W\u00e1d\u00ed Hamm\u00e1mat z Marsa Alam","isPartOf":{"@id":"https:\/\/egytourpackages.com\/cs\/#website"},"primaryImageOfPage":{"@id":"https:\/\/egytourpackages.com\/cs\/prohlidky\/vylet-do-wadi-hammamat-z-marsa-alam\/#primaryimage"},"image":{"@id":"https:\/\/egytourpackages.com\/cs\/prohlidky\/vylet-do-wadi-hammamat-z-marsa-alam\/#primaryimage"},"thumbnailUrl":"https:\/\/egytourpackages.com\/wp-content\/uploads\/2026\/04\/Wadi-Hammamat-Tour-from-Marsa-Alam.jpg","datePublished":"2026-04-10T21:28:09+00:00","dateModified":"2026-04-26T16:53:42+00:00","description":"V\u00fdlet do W\u00e1d\u00ed Hamm\u00e1mat z Marsa Alam: objevte starov\u011bk\u00e9 n\u00e1pisy, lomy na b\u0159idlici a historii starov\u011bk\u00e9ho Egypta na tomto unik\u00e1tn\u00edm safari v\u00fdlet\u011b v pou\u0161ti.","breadcrumb":{"@id":"https:\/\/egytourpackages.com\/cs\/prohlidky\/vylet-do-wadi-hammamat-z-marsa-alam\/#breadcrumb"},"inLanguage":"cs","potentialAction":[{"@type":"ReadAction","target":["https:\/\/egytourpackages.com\/cs\/prohlidky\/vylet-do-wadi-hammamat-z-marsa-alam\/"]}]},{"@type":"ImageObject","inLanguage":"cs","@id":"https:\/\/egytourpackages.com\/cs\/prohlidky\/vylet-do-wadi-hammamat-z-marsa-alam\/#primaryimage","url":"https:\/\/egytourpackages.com\/wp-content\/uploads\/2026\/04\/Wadi-Hammamat-Tour-from-Marsa-Alam.jpg","contentUrl":"https:\/\/egytourpackages.com\/wp-content\/uploads\/2026\/04\/Wadi-Hammamat-Tour-from-Marsa-Alam.jpg","width":1000,"height":517,"caption":"V\u00fdlet do W\u00e1d\u00ed Hamm\u00e1mat z Marsa Alam"},{"@type":"BreadcrumbList","@id":"https:\/\/egytourpackages.com\/cs\/prohlidky\/vylet-do-wadi-hammamat-z-marsa-alam\/#breadcrumb","itemListElement":[{"@type":"ListItem","position":1,"name":"Dom\u016f","item":"https:\/\/egytourpackages.com\/cs\/balicky-vyletu-po-egypte\/"},{"@type":"ListItem","position":2,"name":"Shop","item":"https:\/\/egytourpackages.com\/cs\/shop\/"},{"@type":"ListItem","position":3,"name":"V\u00fdlet do W\u00e1d\u00ed Hamm\u00e1mat z Marsa Alam"}]},{"@type":"WebSite","@id":"https:\/\/egytourpackages.com\/cs\/#website","url":"https:\/\/egytourpackages.com\/cs\/","name":"Egy tour packages","description":"","publisher":{"@id":"https:\/\/egytourpackages.com\/cs\/#organization"},"potentialAction":[{"@type":"SearchAction","target":{"@type":"EntryPoint","urlTemplate":"https:\/\/egytourpackages.com\/cs\/?s={search_term_string}"},"query-input":{"@type":"PropertyValueSpecification","valueRequired":true,"valueName":"search_term_string"}}],"inLanguage":"cs"},{"@type":["Organization","Place","TravelAgency"],"@id":"https:\/\/egytourpackages.com\/cs\/#organization","name":"egypt tour packages","alternateName":"egypt tour packages","url":"https:\/\/egytourpackages.com\/cs\/","logo":{"@id":"https:\/\/egytourpackages.com\/cs\/prohlidky\/vylet-do-wadi-hammamat-z-marsa-alam\/#local-main-organization-logo"},"image":{"@id":"https:\/\/egytourpackages.com\/cs\/prohlidky\/vylet-do-wadi-hammamat-z-marsa-alam\/#local-main-organization-logo"},"sameAs":["https:\/\/www.facebook.com\/egytourpackages"],"legalName":"Egy tour packages","address":{"@id":"https:\/\/egytourpackages.com\/cs\/prohlidky\/vylet-do-wadi-hammamat-z-marsa-alam\/#local-main-place-address"},"telephone":["00201000852186","00201028685533"],"contactPoint":{"@type":"ContactPoint","telephone":"00201000852186"},"openingHoursSpecification":[{"@type":"OpeningHoursSpecification","dayOfWeek":["Monday","Tuesday","Wednesday","Thursday","Friday","Saturday","Sunday"],"opens":"00:00","closes":"23:59"}],"email":"info@egytourpackages.com","areaServed":"Cairo, Hurghada, Luxor, Sharm El Sheikh, Marsa Alam, Aswan","priceRange":"$","currenciesAccepted":"euro","paymentAccepted":"Payment links online"},{"@type":"PostalAddress","@id":"https:\/\/egytourpackages.com\/cs\/prohlidky\/vylet-do-wadi-hammamat-z-marsa-alam\/#local-main-place-address","streetAddress":"Mubarak 8, Al Kawthar District, Hurghada","addressLocality":"Hurghada","postalCode":"84511","addressRegion":"Red Sea","addressCountry":"EG"},{"@type":"ImageObject","inLanguage":"cs","@id":"https:\/\/egytourpackages.com\/cs\/prohlidky\/vylet-do-wadi-hammamat-z-marsa-alam\/#local-main-organization-logo","url":"https:\/\/egytourpackages.com\/wp-content\/uploads\/2025\/12\/Turquoise-Dahabiya-Nile-Cruise-1.jpeg","contentUrl":"https:\/\/egytourpackages.com\/wp-content\/uploads\/2025\/12\/Turquoise-Dahabiya-Nile-Cruise-1.jpeg","width":1040,"height":694,"caption":"egypt tour packages"}]},"product_brand":"Jednodenn\u00ed v\u00fdlety po Egypt\u011b","product_price_currency":"EUR","og_availability":"instock","product_availability":"instock","product_retailer_item_id":"MAT 15","product_condition":"new","geo.placename":"Hurghada","geo.region":"Egypt"},"_links":{"self":[{"href":"https:\/\/egytourpackages.com\/cs\/wp-json\/wp\/v2\/product\/16378","targetHints":{"allow":["GET"]}}],"collection":[{"href":"https:\/\/egytourpackages.com\/cs\/wp-json\/wp\/v2\/product"}],"about":[{"href":"https:\/\/egytourpackages.com\/cs\/wp-json\/wp\/v2\/types\/product"}],"replies":[{"embeddable":true,"href":"https:\/\/egytourpackages.com\/cs\/wp-json\/wp\/v2\/comments?post=16378"}],"wp:featuredmedia":[{"embeddable":true,"href":"https:\/\/egytourpackages.com\/cs\/wp-json\/wp\/v2\/media\/15995"}],"wp:attachment":[{"href":"https:\/\/egytourpackages.com\/cs\/wp-json\/wp\/v2\/media?parent=16378"}],"wp:term":[{"taxonomy":"product_brand","embeddable":true,"href":"https:\/\/egytourpackages.com\/cs\/wp-json\/wp\/v2\/product_brand?post=16378"},{"taxonomy":"product_cat","embeddable":true,"href":"https:\/\/egytourpackages.com\/cs\/wp-json\/wp\/v2\/product_cat?post=16378"},{"taxonomy":"product_tag","embeddable":true,"href":"https:\/\/egytourpackages.com\/cs\/wp-json\/wp\/v2\/product_tag?post=16378"}],"curies":[{"name":"wp","href":"https:\/\/api.w.org\/{rel}","templated":true}]}}