{"id":16434,"date":"2026-03-17T20:03:42","date_gmt":"2026-03-17T20:03:42","guid":{"rendered":"https:\/\/egytourpackages.com\/product\/vylet-mons-claudianus\/"},"modified":"2026-04-26T22:09:13","modified_gmt":"2026-04-26T22:09:13","slug":"vylet-mons-claudianus","status":"publish","type":"product","link":"https:\/\/egytourpackages.com\/cs\/prohlidky\/vylet-mons-claudianus\/","title":{"rendered":"V\u00fdlet Mons Claudianus"},"content":{"rendered":"<p><span style=\"color: #ff6600;\"><strong>V\u00fdlet Mons Claudianus: Poznejte starov\u011bk\u00e9 \u0159\u00edmsk\u00e9 kamenolomy<\/strong><\/span><\/p>\n<p>Cesta do <strong>Mons Claudianus<\/strong> za\u010d\u00edn\u00e1 vyzvednut\u00edm v hotelu v 05:00 r\u00e1no robustn\u00edm vozem 4\u00d74.<\/p>\n<p>Tyto rozs\u00e1hl\u00e9 \u017eulov\u00e9 lomy, ukryt\u00e9 hluboko ve <strong>V\u00fdchodn\u00ed pou\u0161ti<\/strong>, p\u0159edstavuj\u00ed jedny z nejv\u00fdznamn\u011bj\u0161\u00edch archeologick\u00fdch nalezi\u0161\u0165 v regionu, na kter\u00e9 poprv\u00e9 upozornili objevitel\u00e9 <strong>Wilkinson<\/strong> a <strong>Burton<\/strong> v roce 1823.<\/p>\n<h3><span style=\"color: #ff6600;\">V\u00fdchod slunce a cesta hlubokou pou\u0161t\u00ed<\/span><\/h3>\n<p>Va\u0161e dobrodru\u017estv\u00ed za\u010d\u00edn\u00e1 \u00fachvatnou zast\u00e1vkou na vrcholu pou\u0161tn\u00ed hory, kde budete sledovat <strong>v\u00fdchod slunce<\/strong> nad obzorem.<\/p>\n<p>Pot\u00e9 j\u00edzda pokra\u010duje p\u0159ibli\u017en\u011b 40 minut k osam\u011bl\u00e9mu stromu <strong>ak\u00e1cie<\/strong>, kter\u00fd je p\u0159\u00edrodn\u00edm orienta\u010dn\u00edm bodem v rozlehl\u00e9 vyprahl\u00e9 krajin\u011b.<\/p>\n<p>Jakmile doraz\u00edte na archeologick\u00e9 nalezi\u0161t\u011b, \u010dek\u00e1 v\u00e1s p\u0159est\u00e1vka na <strong>sn\u00eddani<\/strong>, ne\u017e se pono\u0159\u00edte do historick\u00e9ho pr\u016fzkumu ruin.<\/p>\n<h3><span style=\"color: #ff6600;\">Odkaz Mons Claudianus<\/span><\/h3>\n<p>Tato <strong>t\u011b\u017eebn\u00ed osada<\/strong>, aktivn\u00ed p\u0159edev\u0161\u00edm mezi 1. a 3. stolet\u00edm n. l., slou\u017eila jako \u017eivotn\u011b d\u016fle\u017eit\u00e9 pr\u016fmyslov\u00e9 centrum \u0158\u00edmsk\u00e9 \u0159\u00ed\u0161e.<\/p>\n<p>Lokalita se nach\u00e1z\u00ed v poho\u0159\u00ed Rud\u00e9ho mo\u0159e, p\u0159ibli\u017en\u011b 32 km od hlavn\u00ed silnice spojuj\u00edc\u00ed m\u011bsto <strong>Hurghada<\/strong> a Qena.<\/p>\n<p>Fungovala jako odlehl\u00e1 z\u00e1kladna, kter\u00e1 z\u00e1sobovala imp\u00e9rium vysoce kvalitn\u00edm kamenem a z\u00e1rove\u0148 udr\u017eovala slo\u017eitou soci\u00e1ln\u00ed strukturu daleko od Nilu.<\/p>\n<h3><span style=\"color: #ff6600;\">Architektonick\u00e9 divy a zaj\u00edmavosti m\u00edsta<\/span><\/h3>\n<p>Lokalita z\u016fstala pozoruhodn\u011b zachoval\u00e1 a ukazuje rozmanit\u00e9 uk\u00e1zky <strong>\u0159\u00edmsk\u00e9ho in\u017een\u00fdrstv\u00ed<\/strong>. N\u00e1v\u0161t\u011bvn\u00edci mohou vid\u011bt masivn\u00ed kamenn\u00e9 <strong>sloupy<\/strong>, n\u00e1dr\u017ee a rozbit\u00e9 l\u00e1zn\u011b roztrou\u0161en\u00e9 po ter\u00e9nu.<\/p>\n<p>Mnoho staveb, v\u010detn\u011b <strong>opevn\u011bn\u00e9ho t\u00e1bora<\/strong>, obytn\u00fdch \u010dtvrt\u00ed, d\u00edlen a st\u00e1j\u00ed pro zv\u00ed\u0159ata, st\u00e1le stoj\u00ed ve sv\u00e9 p\u016fvodn\u00ed v\u00fd\u0161ce.<\/p>\n<p>Jedn\u00edm z nejzaj\u00edmav\u011bj\u0161\u00edch prvk\u016f jsou poz\u016fstatky nedokon\u010den\u00e9ho <strong>chr\u00e1mu<\/strong>, jeho\u017e stavbu zadal <strong>c\u00edsa\u0159 Hadrianus<\/strong>.<\/p>\n<p>Cel\u00fd komplex byl navr\u017een jako pevnost, chr\u00e1n\u011bn\u00e1 tlust\u00fdmi zdmi a str\u00e1\u017en\u00edmi v\u011b\u017eemi, aby pojal populaci zhruba 1 000 obyvatel, v\u010detn\u011b d\u011bln\u00edk\u016f a vojensk\u00fdch hl\u00eddek.<\/p>\n<p>Dozv\u00edte se, jak starov\u011bc\u00ed d\u011bln\u00edci t\u011b\u017eili masivn\u00ed bloky z vysok\u00fdch nadmo\u0159sk\u00fdch v\u00fd\u0161ek a spou\u0161t\u011bli je do \u00fadol\u00ed k p\u0159eprav\u011b.<\/p>\n<h3><span style=\"color: #ff6600;\">C\u00edsa\u0159sk\u00fd k\u00e1men a \u0159\u00edmsk\u00e1 infrastruktura<\/span><\/h3>\n<p><strong>\u0158\u00edmsk\u00e1 cesta<\/strong> pou\u017e\u00edvan\u00e1 k p\u0159eprav\u011b t\u011bchto kamen\u016f je viditeln\u00e1 dodnes, lemovan\u00e1 starov\u011bk\u00fdmi odpo\u010d\u00edvadly vzd\u00e1len\u00fdmi od sebe den cesty.<\/p>\n<p>Zdej\u0161\u00ed tmav\u011b \u0161ed\u00e1 \u017eula byla vysoce cen\u011bna; byla pou\u017eita ke stavb\u011b ikonick\u00e9ho portiku <strong>Pantheonu<\/strong> v <strong>\u0158\u00edm\u011b<\/strong> a <strong>Basilica Ulpia<\/strong> na Traj\u00e1nov\u011b f\u00f3ru.<\/p>\n<p>Krom\u011b toho byly tyto kameny p\u0159epravov\u00e1ny p\u0159es mo\u0159e k v\u00fdzdob\u011b <strong>Flaviovsk\u00e9ho pal\u00e1ce<\/strong> a velkolep\u00fdch <strong>Caracallov\u00fdch l\u00e1zn\u00ed<\/strong>.<\/p>\n<h3><span style=\"color: #ff6600;\">Ka\u017edodenn\u00ed \u017eivot v pou\u0161tn\u00ed z\u00e1kladn\u011b<\/span><\/h3>\n<p>Vykop\u00e1vky proveden\u00e9 na konci 20. stolet\u00ed odhalily p\u0159es 9 000 <strong>ostrak<\/strong> (popsan\u00fdch \u00falomk\u016f keramiky).<\/p>\n<p>Tyto \u00falomky psan\u00e9 v <strong>\u0159e\u010dtin\u011b a latin\u011b<\/strong> nab\u00edzej\u00ed vz\u00e1cn\u00fd pohled do ka\u017edodenn\u00edho \u017eivota mu\u017e\u016f, \u017een a d\u011bt\u00ed, kte\u0159\u00ed zde pob\u00fdvali. Z\u00e1znamy rozd\u011bluj\u00ed obyvatele do \u010dty\u0159 odli\u0161n\u00fdch skupin:<\/p>\n<ul>\n<li><strong>Vojensk\u00fd person\u00e1l<\/strong> a vysoce postaven\u00ed \u00fa\u0159edn\u00edci.<\/li>\n<li>Mist\u0159i <strong>\u0159emesln\u00edci<\/strong> a kvalifikovan\u00ed d\u011bln\u00edci.<\/li>\n<li>Nekvalifikovan\u00ed d\u011bln\u00edci a pomocn\u00fd person\u00e1l.<\/li>\n<li><strong>Rodiny<\/strong>, v\u010detn\u011b \u017een a d\u011bt\u00ed.<\/li>\n<\/ul>\n<p>Finan\u010dn\u00ed z\u00e1znamy odhaluj\u00ed, \u017ee pracovn\u00edci na tomto m\u00edst\u011b byli placeni mimo\u0159\u00e1dn\u011b dob\u0159e a vyd\u011bl\u00e1vali t\u00e9m\u011b\u0159 dvojn\u00e1sobek mezd v \u00fadol\u00ed Nilu.<\/p>\n<p>Tento \u201ep\u0159\u00edplatek za nebezpe\u010d\u00ed\u201c kompenzoval izolaci a drsn\u00e9 podm\u00ednky pou\u0161t\u011b.<\/p>\n<h3><span style=\"color: #ff6600;\">Strava a p\u0159e\u017eit\u00ed<\/span><\/h3>\n<p>Historick\u00e9 d\u016fkazy nazna\u010duj\u00ed p\u0159ekvapiv\u011b rozmanitou stravu na tak odlehl\u00e9m m\u00edst\u011b. Archeologov\u00e9 na\u0161li stopy <strong>55 r\u016fzn\u00fdch rostlin<\/strong> a 20 druh\u016f \u017eivo\u010di\u0161n\u00fdch b\u00edlkovin.<\/p>\n<p>Obyvatel\u00e9 jedli ryby z Rud\u00e9ho mo\u0159e, dov\u00e1\u017een\u00fd <strong>indick\u00fd pep\u0159<\/strong> a dokonce i \u00fast\u0159ice. Objev konkr\u00e9tn\u00edch semen nazna\u010duje, \u017ee i kdy\u017e se hodn\u011b dov\u00e1\u017eelo, \u0158\u00edman\u00e9 zde p\u011bstovali tak\u00e9 <strong>sal\u00e1t, m\u00e1tu a bazalku<\/strong>, aby zajistili pracovn\u00edk\u016fm z\u00e1kladn\u00ed \u017eiviny a vitam\u00edny.<\/p>\n<p>Po zdokumentov\u00e1n\u00ed ruin a po\u0159\u00edzen\u00ed <strong>nezapomenuteln\u00fdch fotografi\u00ed<\/strong> budete p\u0159epraveni zp\u011bt do sv\u00e9ho ubytov\u00e1n\u00ed v <strong>Hurghad\u011b<\/strong>.<\/p>\n<h3><span style=\"color: #ff6600;\">Detaily<\/span><\/h3>\n<ul>\n<li>Doba trv\u00e1n\u00ed: 6 hodin<\/li>\n<li>Lokalita v\u00fdletu: V\u00fdchodn\u00ed pou\u0161\u0165, Hurghada<\/li>\n<li>Dostupnost v\u00fdletu: denn\u011b<\/li>\n<li>Vyzvednut\u00ed a odvoz: V\u0161echny hotely v Hurghad\u011b, Makadi Bay, Soma Bay, Sahl Hasheesh<\/li>\n<li>Typ v\u00fdletu: Skupinov\u00fd \/ Soukrom\u00fd<\/li>\n<li>Jazyk: Angli\u010dtina<\/li>\n<li>Bezbari\u00e9rov\u00fd p\u0159\u00edstup: Ano<\/li>\n<\/ul>\n<h3><span style=\"color: #ff6600;\">V cen\u011b v\u00fdletu<\/span><\/h3>\n<ul>\n<li>Odborn\u00fd pr\u016fvodce egyptolog s profesion\u00e1ln\u00ed certifikac\u00ed.<\/li>\n<li>V\u0161echny p\u0159\u00edslu\u0161n\u00e9 servisn\u00ed poplatky a m\u00edstn\u00ed dan\u011b.<\/li>\n<li>Ofici\u00e1ln\u00ed povolen\u00ed ke vstupu a poplatky za lokalitu.<\/li>\n<li>Zp\u00e1te\u010dn\u00ed doprava vozem Jeep 4\u00d74.<\/li>\n<li>Kompletn\u00ed stravovac\u00ed a n\u00e1pojov\u00fd servis.<\/li>\n<li>Balen\u00e1 miner\u00e1ln\u00ed voda a ob\u010derstven\u00ed.<\/li>\n<\/ul>\n<h3><span style=\"color: #ff6600;\">Cena nezahrnuje<\/span><\/h3>\n<ul>\n<li>Mezin\u00e1rodn\u00ed\/vnitrost\u00e1tn\u00ed lety a vstupn\u00ed v\u00edza.<\/li>\n<li>Vlastn\u00ed \u00fatratu za nadstandardn\u00ed aktivity.<\/li>\n<li>Obvykl\u00e9 <strong>spropitn\u00e9<\/strong> pro person\u00e1l.<\/li>\n<li>Slu\u017eby, kter\u00e9 nejsou v\u00fdslovn\u011b uvedeny v itiner\u00e1\u0159i.<\/li>\n<\/ul>\n<h3><span style=\"color: #ff6600;\">Doporu\u010den\u00e9 v\u011bci s sebou<\/span><\/h3>\n<ul>\n<li>Ochrana o\u010d\u00ed (slune\u010dn\u00ed br\u00fdle), klobouk a opalovac\u00ed kr\u00e9m s vysok\u00fdm SPF.<\/li>\n<li>Fotoapar\u00e1t nebo kamera.<\/li>\n<li>Pevn\u00e1 vych\u00e1zkov\u00e1 obuv a prody\u0161n\u00e9 oble\u010den\u00ed.<\/li>\n<\/ul>\n<h3><span style=\"color: #ff6600;\">Cena v\u00fdletu Mons Claudianus<\/span><\/h3>\n<table>\n<thead>\n<tr>\n<td><strong>Po\u010det \u00fa\u010dastn\u00edk\u016f<\/strong><\/td>\n<td><strong>Cena za osobu<\/strong><\/td>\n<td><strong>Celkov\u00e1 cena v\u00fdletu<\/strong><\/td>\n<\/tr>\n<\/thead>\n<tbody>\n<tr>\n<td>1 osoba (Solo)<\/td>\n<td>300 eur<\/td>\n<td>300 eur<\/td>\n<\/tr>\n<tr>\n<td>2 osoby<\/td>\n<td>150 eur<\/td>\n<td>300 eur<\/td>\n<\/tr>\n<tr>\n<td>3 osoby<\/td>\n<td>105 eur<\/td>\n<td>315 eur<\/td>\n<\/tr>\n<tr>\n<td>4 osoby<\/td>\n<td>100 eur<\/td>\n<td>400 eur<\/td>\n<\/tr>\n<\/tbody>\n<\/table>\n<p><strong>D\u011bti 0-5 let<\/strong> = zdarma<\/p>\n<p><strong>D\u011bti 5-11 let<\/strong> = 50 % z ceny dosp\u011bl\u00e9ho<\/p>\n<h3><span style=\"color: #ff6600;\">Pozn\u00e1mka:<\/span><\/h3>\n<p>P\u0159\u00edplatek <strong>20 eur<\/strong> na osobu plat\u00ed pro odjezdy z n\u00e1sleduj\u00edc\u00edch lokalit:<\/p>\n<ul>\n<li>Makadi Bay<\/li>\n<li>Soma Bay<\/li>\n<li>Safaga<\/li>\n<li>El Gouna<\/li>\n<\/ul>\n<h3><span style=\"color: #ff6600;\">Rezervace<\/span><\/h3>\n<p>V\u00fdlet do Mons Claudianus si m\u016f\u017eete rezervovat p\u0159es WhatsApp nebo e-mail a obratem obdr\u017e\u00edte potvrzen\u00ed.<\/p>\n<p>Za\u0161lete n\u00e1m pros\u00edm n\u00e1zev hotelu, \u010d\u00edslo pokoje a kopie pas\u016f.<\/p>\n<p>WhatsApp: +201000852186<\/p>\n<p>info@egytourpackages.com<\/p>\n<h3><span style=\"color: #ff6600;\">Rezervujte nyn\u00ed a pla\u0165te na m\u00edst\u011b<\/span><\/h3>\n<p>Rezervujte si sv\u016fj obl\u00edben\u00fd v\u00fdlet a zapla\u0165te v den cesty.<\/p>\n<h3><span style=\"color: #ff6600;\">Platba<\/span><\/h3>\n<p>Platit m\u016f\u017eete v egyptsk\u00fdch libr\u00e1ch, $, \u20ac nebo \u00a3.<\/p>\n<h3><span style=\"color: #ff6600;\">Storno podm\u00ednky<\/span><\/h3>\n<ul>\n<li>Zru\u0161en\u00ed je zdarma do 24 hodin p\u0159edem.<\/li>\n<li>Zru\u0161en\u00ed v den v\u00fdletu r\u00e1no je zpoplatn\u011bno 50 % z ceny.<\/li>\n<\/ul>\n","protected":false},"excerpt":{"rendered":"<p>Prozkoumejte \u0159\u00edmsk\u00e9 lomy s <b data-path-to-node=\"0\" data-index-in-node=\"27\">V\u00fdlet Mons Claudianus<\/b>. Objevte \u017eulov\u00e9 sloupy, starov\u011bk\u00e9 z\u0159\u00edceniny a fascinuj\u00edc\u00ed historii V\u00fdchodn\u00ed pou\u0161t\u011b. Rezervujte z\u00e1\u017eitek!<\/p>\n","protected":false},"featured_media":15891,"comment_status":"closed","ping_status":"closed","template":"","meta":[],"product_brand":[],"product_cat":[1466],"product_tag":[4558,1470,4560,4559,4100],"class_list":{"0":"post-16434","1":"product","2":"type-product","3":"status-publish","4":"has-post-thumbnail","6":"product_cat-vylety","7":"product_tag-historicke-prohlidky-egypta","8":"product_tag-jednodenni-vylety-po-egypte","9":"product_tag-mons-claudianus-tour","10":"product_tag-safari-ve-vychodni-pousti","11":"product_tag-vylety-z-hurghady","12":"tour_category-jednodenni-vylety-po-egypte-cs","13":"tour_category-jednodenni-vylety-ze-safagy","14":"tour_category-safari-vylety-v-pousti-hurghada","15":"tour_category-vylety-do-makadi-bay","16":"tour_category-vylety-do-sahl-hasheesh","17":"tour_category-vylety-do-soma-bay","18":"tour_category-vylety-v-hurgade","20":"first","21":"instock","22":"sale","23":"shipping-taxable","24":"purchasable","25":"product-type-tour","26":"has-default-attributes"},"yoast_head":"<!-- This site is optimized with the Yoast SEO Premium plugin v27.5 (Yoast SEO v27.5) - https:\/\/yoast.com\/product\/yoast-seo-premium-wordpress\/ -->\n<title>V\u00fdlet Mons Claudianus<\/title>\n<meta name=\"description\" content=\"Prozkoumejte \u0159\u00edmsk\u00e9 lomy na V\u00fdlet Mons Claudianus. Objevte \u017eulov\u00e9 sloupy, starov\u011bk\u00e9 z\u0159\u00edceniny a fascinuj\u00edc\u00ed historii V\u00fdchodn\u00ed pou\u0161t\u011b. Rezervujte!\" \/>\n<meta name=\"robots\" content=\"index, follow, max-snippet:-1, max-image-preview:large, max-video-preview:-1\" \/>\n<link rel=\"canonical\" href=\"https:\/\/egytourpackages.com\/cs\/prohlidky\/vylet-mons-claudianus\/\" \/>\n<meta property=\"og:locale\" content=\"cs_CZ\" \/>\n<meta property=\"og:type\" content=\"article\" \/>\n<meta property=\"og:title\" content=\"V\u00fdlet Mons Claudianus\" \/>\n<meta property=\"og:description\" content=\"Prozkoumejte \u0159\u00edmsk\u00e9 lomy na V\u00fdlet Mons Claudianus. Objevte \u017eulov\u00e9 sloupy, starov\u011bk\u00e9 z\u0159\u00edceniny a fascinuj\u00edc\u00ed historii V\u00fdchodn\u00ed pou\u0161t\u011b. Rezervujte!\" \/>\n<meta property=\"og:url\" content=\"https:\/\/egytourpackages.com\/cs\/prohlidky\/vylet-mons-claudianus\/\" \/>\n<meta property=\"og:site_name\" content=\"Z\u00e1jezdy po Egypt\u011b\" \/>\n<meta property=\"article:publisher\" content=\"https:\/\/www.facebook.com\/egytourpackages\" \/>\n<meta property=\"article:modified_time\" content=\"2026-04-26T22:09:13+00:00\" \/>\n<meta property=\"og:image\" content=\"https:\/\/egytourpackages.com\/wp-content\/uploads\/2026\/03\/Mons-Claudianus-Tour-1024x768.jpg\" \/>\n<meta name=\"twitter:card\" content=\"summary_large_image\" \/>\n<meta name=\"twitter:title\" content=\"V\u00fdlet Mons Claudianus\" \/>\n<meta name=\"twitter:label1\" content=\"Cena\" \/>\n\t<meta name=\"twitter:data1\" content=\"&euro;150\" \/>\n\t<meta name=\"twitter:label2\" content=\"Dostupnost\" \/>\n\t<meta name=\"twitter:data2\" content=\"Skladem\" \/>\n<script type=\"application\/ld+json\" class=\"yoast-schema-graph\">{\"@context\":\"https:\\\/\\\/schema.org\",\"@graph\":[{\"@type\":\"WebPage\",\"@id\":\"https:\\\/\\\/egytourpackages.com\\\/cs\\\/prohlidky\\\/vylet-mons-claudianus\\\/\",\"url\":\"https:\\\/\\\/egytourpackages.com\\\/cs\\\/prohlidky\\\/vylet-mons-claudianus\\\/\",\"name\":\"V\u00fdlet Mons Claudianus\",\"isPartOf\":{\"@id\":\"https:\\\/\\\/egytourpackages.com\\\/cs\\\/#website\"},\"primaryImageOfPage\":{\"@id\":\"https:\\\/\\\/egytourpackages.com\\\/cs\\\/prohlidky\\\/vylet-mons-claudianus\\\/#primaryimage\"},\"image\":{\"@id\":\"https:\\\/\\\/egytourpackages.com\\\/cs\\\/prohlidky\\\/vylet-mons-claudianus\\\/#primaryimage\"},\"thumbnailUrl\":\"https:\\\/\\\/egytourpackages.com\\\/wp-content\\\/uploads\\\/2026\\\/03\\\/Mons-Claudianus-Tour.jpg\",\"datePublished\":\"2026-03-17T20:03:42+00:00\",\"dateModified\":\"2026-04-26T22:09:13+00:00\",\"description\":\"Prozkoumejte \u0159\u00edmsk\u00e9 lomy na V\u00fdlet Mons Claudianus. Objevte \u017eulov\u00e9 sloupy, starov\u011bk\u00e9 z\u0159\u00edceniny a fascinuj\u00edc\u00ed historii V\u00fdchodn\u00ed pou\u0161t\u011b. Rezervujte!\",\"breadcrumb\":{\"@id\":\"https:\\\/\\\/egytourpackages.com\\\/cs\\\/prohlidky\\\/vylet-mons-claudianus\\\/#breadcrumb\"},\"inLanguage\":\"cs\",\"potentialAction\":[{\"@type\":\"ReadAction\",\"target\":[\"https:\\\/\\\/egytourpackages.com\\\/cs\\\/prohlidky\\\/vylet-mons-claudianus\\\/\"]}]},{\"@type\":\"ImageObject\",\"inLanguage\":\"cs\",\"@id\":\"https:\\\/\\\/egytourpackages.com\\\/cs\\\/prohlidky\\\/vylet-mons-claudianus\\\/#primaryimage\",\"url\":\"https:\\\/\\\/egytourpackages.com\\\/wp-content\\\/uploads\\\/2026\\\/03\\\/Mons-Claudianus-Tour.jpg\",\"contentUrl\":\"https:\\\/\\\/egytourpackages.com\\\/wp-content\\\/uploads\\\/2026\\\/03\\\/Mons-Claudianus-Tour.jpg\",\"width\":1500,\"height\":1125,\"caption\":\"V\u00fdlet Mons Claudianus\"},{\"@type\":\"BreadcrumbList\",\"@id\":\"https:\\\/\\\/egytourpackages.com\\\/cs\\\/prohlidky\\\/vylet-mons-claudianus\\\/#breadcrumb\",\"itemListElement\":[{\"@type\":\"ListItem\",\"position\":1,\"name\":\"Dom\u016f\",\"item\":\"https:\\\/\\\/egytourpackages.com\\\/cs\\\/balicky-vyletu-po-egypte\\\/\"},{\"@type\":\"ListItem\",\"position\":2,\"name\":\"Shop\",\"item\":\"https:\\\/\\\/egytourpackages.com\\\/cs\\\/shop\\\/\"},{\"@type\":\"ListItem\",\"position\":3,\"name\":\"V\u00fdlet Mons Claudianus\"}]},{\"@type\":\"WebSite\",\"@id\":\"https:\\\/\\\/egytourpackages.com\\\/cs\\\/#website\",\"url\":\"https:\\\/\\\/egytourpackages.com\\\/cs\\\/\",\"name\":\"Egy tour packages\",\"description\":\"\",\"publisher\":{\"@id\":\"https:\\\/\\\/egytourpackages.com\\\/cs\\\/#organization\"},\"potentialAction\":[{\"@type\":\"SearchAction\",\"target\":{\"@type\":\"EntryPoint\",\"urlTemplate\":\"https:\\\/\\\/egytourpackages.com\\\/cs\\\/?s={search_term_string}\"},\"query-input\":{\"@type\":\"PropertyValueSpecification\",\"valueRequired\":true,\"valueName\":\"search_term_string\"}}],\"inLanguage\":\"cs\"},{\"@type\":[\"Organization\",\"Place\",\"TravelAgency\"],\"@id\":\"https:\\\/\\\/egytourpackages.com\\\/cs\\\/#organization\",\"name\":\"egypt tour packages\",\"alternateName\":\"egypt tour packages\",\"url\":\"https:\\\/\\\/egytourpackages.com\\\/cs\\\/\",\"logo\":{\"@id\":\"https:\\\/\\\/egytourpackages.com\\\/cs\\\/prohlidky\\\/vylet-mons-claudianus\\\/#local-main-organization-logo\"},\"image\":{\"@id\":\"https:\\\/\\\/egytourpackages.com\\\/cs\\\/prohlidky\\\/vylet-mons-claudianus\\\/#local-main-organization-logo\"},\"sameAs\":[\"https:\\\/\\\/www.facebook.com\\\/egytourpackages\"],\"legalName\":\"Egy tour packages\",\"address\":{\"@id\":\"https:\\\/\\\/egytourpackages.com\\\/cs\\\/prohlidky\\\/vylet-mons-claudianus\\\/#local-main-place-address\"},\"telephone\":[\"00201000852186\",\"00201028685533\"],\"contactPoint\":{\"@type\":\"ContactPoint\",\"telephone\":\"00201000852186\"},\"openingHoursSpecification\":[{\"@type\":\"OpeningHoursSpecification\",\"dayOfWeek\":[\"Monday\",\"Tuesday\",\"Wednesday\",\"Thursday\",\"Friday\",\"Saturday\",\"Sunday\"],\"opens\":\"00:00\",\"closes\":\"23:59\"}],\"email\":\"info@egytourpackages.com\",\"areaServed\":\"Cairo, Hurghada, Luxor, Sharm El Sheikh, Marsa Alam, Aswan\",\"priceRange\":\"$\",\"currenciesAccepted\":\"euro\",\"paymentAccepted\":\"Payment links online\"},{\"@type\":\"PostalAddress\",\"@id\":\"https:\\\/\\\/egytourpackages.com\\\/cs\\\/prohlidky\\\/vylet-mons-claudianus\\\/#local-main-place-address\",\"streetAddress\":\"Mubarak 8, Al Kawthar District, Hurghada\",\"addressLocality\":\"Hurghada\",\"postalCode\":\"84511\",\"addressRegion\":\"Red Sea\",\"addressCountry\":\"EG\"},{\"@type\":\"ImageObject\",\"inLanguage\":\"cs\",\"@id\":\"https:\\\/\\\/egytourpackages.com\\\/cs\\\/prohlidky\\\/vylet-mons-claudianus\\\/#local-main-organization-logo\",\"url\":\"https:\\\/\\\/egytourpackages.com\\\/wp-content\\\/uploads\\\/2025\\\/12\\\/Turquoise-Dahabiya-Nile-Cruise-1.jpeg\",\"contentUrl\":\"https:\\\/\\\/egytourpackages.com\\\/wp-content\\\/uploads\\\/2025\\\/12\\\/Turquoise-Dahabiya-Nile-Cruise-1.jpeg\",\"width\":1040,\"height\":694,\"caption\":\"egypt tour packages\"}]}<\/script>\n<meta property=\"product:brand\" content=\"Jednodenn\u00ed v\u00fdlety po Egypt\u011b\" \/>\n<meta property=\"product:price:amount\" content=\"150\" \/>\n<meta property=\"product:price:currency\" content=\"EUR\" \/>\n<meta property=\"og:availability\" content=\"instock\" \/>\n<meta property=\"product:availability\" content=\"instock\" \/>\n<meta property=\"product:retailer_item_id\" content=\"HDT 16\" \/>\n<meta property=\"product:condition\" content=\"new\" \/>\n<meta name=\"geo.placename\" content=\"Hurghada\" \/>\n<meta name=\"geo.region\" content=\"Egypt\" \/>\n<!-- \/ Yoast SEO Premium plugin. -->","yoast_head_json":{"title":"V\u00fdlet Mons Claudianus","description":"Prozkoumejte \u0159\u00edmsk\u00e9 lomy na V\u00fdlet Mons Claudianus. Objevte \u017eulov\u00e9 sloupy, starov\u011bk\u00e9 z\u0159\u00edceniny a fascinuj\u00edc\u00ed historii V\u00fdchodn\u00ed pou\u0161t\u011b. Rezervujte!","robots":{"index":"index","follow":"follow","max-snippet":"max-snippet:-1","max-image-preview":"max-image-preview:large","max-video-preview":"max-video-preview:-1"},"canonical":"https:\/\/egytourpackages.com\/cs\/prohlidky\/vylet-mons-claudianus\/","og_locale":"cs_CZ","og_type":"article","og_title":"V\u00fdlet Mons Claudianus","og_description":"Prozkoumejte \u0159\u00edmsk\u00e9 lomy na V\u00fdlet Mons Claudianus. Objevte \u017eulov\u00e9 sloupy, starov\u011bk\u00e9 z\u0159\u00edceniny a fascinuj\u00edc\u00ed historii V\u00fdchodn\u00ed pou\u0161t\u011b. Rezervujte!","og_url":"https:\/\/egytourpackages.com\/cs\/prohlidky\/vylet-mons-claudianus\/","og_site_name":"Z\u00e1jezdy po Egypt\u011b","article_publisher":"https:\/\/www.facebook.com\/egytourpackages","article_modified_time":"2026-04-26T22:09:13+00:00","og_image":[{"url":"https:\/\/egytourpackages.com\/wp-content\/uploads\/2026\/03\/Mons-Claudianus-Tour-1024x768.jpg","type":"","width":"","height":""}],"twitter_card":"summary_large_image","twitter_title":"V\u00fdlet Mons Claudianus","twitter_misc":{"Cena":"&euro;150","Dostupnost":"Skladem"},"schema":{"@context":"https:\/\/schema.org","@graph":[{"@type":"WebPage","@id":"https:\/\/egytourpackages.com\/cs\/prohlidky\/vylet-mons-claudianus\/","url":"https:\/\/egytourpackages.com\/cs\/prohlidky\/vylet-mons-claudianus\/","name":"V\u00fdlet Mons Claudianus","isPartOf":{"@id":"https:\/\/egytourpackages.com\/cs\/#website"},"primaryImageOfPage":{"@id":"https:\/\/egytourpackages.com\/cs\/prohlidky\/vylet-mons-claudianus\/#primaryimage"},"image":{"@id":"https:\/\/egytourpackages.com\/cs\/prohlidky\/vylet-mons-claudianus\/#primaryimage"},"thumbnailUrl":"https:\/\/egytourpackages.com\/wp-content\/uploads\/2026\/03\/Mons-Claudianus-Tour.jpg","datePublished":"2026-03-17T20:03:42+00:00","dateModified":"2026-04-26T22:09:13+00:00","description":"Prozkoumejte \u0159\u00edmsk\u00e9 lomy na V\u00fdlet Mons Claudianus. Objevte \u017eulov\u00e9 sloupy, starov\u011bk\u00e9 z\u0159\u00edceniny a fascinuj\u00edc\u00ed historii V\u00fdchodn\u00ed pou\u0161t\u011b. Rezervujte!","breadcrumb":{"@id":"https:\/\/egytourpackages.com\/cs\/prohlidky\/vylet-mons-claudianus\/#breadcrumb"},"inLanguage":"cs","potentialAction":[{"@type":"ReadAction","target":["https:\/\/egytourpackages.com\/cs\/prohlidky\/vylet-mons-claudianus\/"]}]},{"@type":"ImageObject","inLanguage":"cs","@id":"https:\/\/egytourpackages.com\/cs\/prohlidky\/vylet-mons-claudianus\/#primaryimage","url":"https:\/\/egytourpackages.com\/wp-content\/uploads\/2026\/03\/Mons-Claudianus-Tour.jpg","contentUrl":"https:\/\/egytourpackages.com\/wp-content\/uploads\/2026\/03\/Mons-Claudianus-Tour.jpg","width":1500,"height":1125,"caption":"V\u00fdlet Mons Claudianus"},{"@type":"BreadcrumbList","@id":"https:\/\/egytourpackages.com\/cs\/prohlidky\/vylet-mons-claudianus\/#breadcrumb","itemListElement":[{"@type":"ListItem","position":1,"name":"Dom\u016f","item":"https:\/\/egytourpackages.com\/cs\/balicky-vyletu-po-egypte\/"},{"@type":"ListItem","position":2,"name":"Shop","item":"https:\/\/egytourpackages.com\/cs\/shop\/"},{"@type":"ListItem","position":3,"name":"V\u00fdlet Mons Claudianus"}]},{"@type":"WebSite","@id":"https:\/\/egytourpackages.com\/cs\/#website","url":"https:\/\/egytourpackages.com\/cs\/","name":"Egy tour packages","description":"","publisher":{"@id":"https:\/\/egytourpackages.com\/cs\/#organization"},"potentialAction":[{"@type":"SearchAction","target":{"@type":"EntryPoint","urlTemplate":"https:\/\/egytourpackages.com\/cs\/?s={search_term_string}"},"query-input":{"@type":"PropertyValueSpecification","valueRequired":true,"valueName":"search_term_string"}}],"inLanguage":"cs"},{"@type":["Organization","Place","TravelAgency"],"@id":"https:\/\/egytourpackages.com\/cs\/#organization","name":"egypt tour packages","alternateName":"egypt tour packages","url":"https:\/\/egytourpackages.com\/cs\/","logo":{"@id":"https:\/\/egytourpackages.com\/cs\/prohlidky\/vylet-mons-claudianus\/#local-main-organization-logo"},"image":{"@id":"https:\/\/egytourpackages.com\/cs\/prohlidky\/vylet-mons-claudianus\/#local-main-organization-logo"},"sameAs":["https:\/\/www.facebook.com\/egytourpackages"],"legalName":"Egy tour packages","address":{"@id":"https:\/\/egytourpackages.com\/cs\/prohlidky\/vylet-mons-claudianus\/#local-main-place-address"},"telephone":["00201000852186","00201028685533"],"contactPoint":{"@type":"ContactPoint","telephone":"00201000852186"},"openingHoursSpecification":[{"@type":"OpeningHoursSpecification","dayOfWeek":["Monday","Tuesday","Wednesday","Thursday","Friday","Saturday","Sunday"],"opens":"00:00","closes":"23:59"}],"email":"info@egytourpackages.com","areaServed":"Cairo, Hurghada, Luxor, Sharm El Sheikh, Marsa Alam, Aswan","priceRange":"$","currenciesAccepted":"euro","paymentAccepted":"Payment links online"},{"@type":"PostalAddress","@id":"https:\/\/egytourpackages.com\/cs\/prohlidky\/vylet-mons-claudianus\/#local-main-place-address","streetAddress":"Mubarak 8, Al Kawthar District, Hurghada","addressLocality":"Hurghada","postalCode":"84511","addressRegion":"Red Sea","addressCountry":"EG"},{"@type":"ImageObject","inLanguage":"cs","@id":"https:\/\/egytourpackages.com\/cs\/prohlidky\/vylet-mons-claudianus\/#local-main-organization-logo","url":"https:\/\/egytourpackages.com\/wp-content\/uploads\/2025\/12\/Turquoise-Dahabiya-Nile-Cruise-1.jpeg","contentUrl":"https:\/\/egytourpackages.com\/wp-content\/uploads\/2025\/12\/Turquoise-Dahabiya-Nile-Cruise-1.jpeg","width":1040,"height":694,"caption":"egypt tour packages"}]},"product_brand":"Jednodenn\u00ed v\u00fdlety po Egypt\u011b","product_price_amount":"150","product_price_currency":"EUR","og_availability":"instock","product_availability":"instock","product_retailer_item_id":"HDT 16","product_condition":"new","geo.placename":"Hurghada","geo.region":"Egypt"},"_links":{"self":[{"href":"https:\/\/egytourpackages.com\/cs\/wp-json\/wp\/v2\/product\/16434","targetHints":{"allow":["GET"]}}],"collection":[{"href":"https:\/\/egytourpackages.com\/cs\/wp-json\/wp\/v2\/product"}],"about":[{"href":"https:\/\/egytourpackages.com\/cs\/wp-json\/wp\/v2\/types\/product"}],"replies":[{"embeddable":true,"href":"https:\/\/egytourpackages.com\/cs\/wp-json\/wp\/v2\/comments?post=16434"}],"wp:featuredmedia":[{"embeddable":true,"href":"https:\/\/egytourpackages.com\/cs\/wp-json\/wp\/v2\/media\/15891"}],"wp:attachment":[{"href":"https:\/\/egytourpackages.com\/cs\/wp-json\/wp\/v2\/media?parent=16434"}],"wp:term":[{"taxonomy":"product_brand","embeddable":true,"href":"https:\/\/egytourpackages.com\/cs\/wp-json\/wp\/v2\/product_brand?post=16434"},{"taxonomy":"product_cat","embeddable":true,"href":"https:\/\/egytourpackages.com\/cs\/wp-json\/wp\/v2\/product_cat?post=16434"},{"taxonomy":"product_tag","embeddable":true,"href":"https:\/\/egytourpackages.com\/cs\/wp-json\/wp\/v2\/product_tag?post=16434"}],"curies":[{"name":"wp","href":"https:\/\/api.w.org\/{rel}","templated":true}]}}