{"id":16458,"date":"2026-04-13T21:19:24","date_gmt":"2026-04-13T21:19:24","guid":{"rendered":"https:\/\/egytourpackages.com\/product\/klaster-svateho-simeona-s-plavbou-na-feluce\/"},"modified":"2026-04-26T22:06:17","modified_gmt":"2026-04-26T22:06:17","slug":"klaster-svateho-simeona-s-plavbou-na-feluce","status":"publish","type":"product","link":"https:\/\/egytourpackages.com\/cs\/prohlidky\/klaster-svateho-simeona-s-plavbou-na-feluce\/","title":{"rendered":"Kl\u00e1\u0161ter svat\u00e9ho Simeona s plavbou na feluce"},"content":{"rendered":"<p><span style=\"color: #ff6600;\"><strong>Kl\u00e1\u0161ter svat\u00e9ho Simeona s plavbou na feluce a koup\u00e1n\u00edm v Nilu<\/strong><\/span><\/p>\n<p><strong>Kl\u00e1\u0161ter svat\u00e9ho Simeona s plavbou na feluce<\/strong> za\u010d\u00edn\u00e1 <strong>vyzvednut\u00edm z va\u0161eho hotelu v Asu\u00e1nu<\/strong> nebo z va\u0161\u00ed <strong>v\u00fdletn\u00ed lodi po Nilu<\/strong> k p\u0159\u00edstavi\u0161ti.<\/p>\n<p>Poplujete z v\u00fdchodn\u00edho b\u0159ehu Nilu na <strong>z\u00e1padn\u00ed b\u0159eh<\/strong>. P\u0159\u00edpadn\u011b se m\u016f\u017eete vydat k p\u0159\u00edstavi\u0161ti, odkud lze zorganizovat <strong>velbloudy<\/strong> ke kl\u00e1\u0161teru svat\u00e9ho Simeona.<\/p>\n<p>\u010cek\u00e1 n\u00e1s 15minutov\u00e1 <strong>plavba na feluce<\/strong> k molo. Pot\u00e9 zah\u00e1j\u00edme na\u0161e <strong>dobrodru\u017estv\u00ed na velbloudech<\/strong> ke <strong>kl\u00e1\u0161teru svat\u00e9ho Simeona<\/strong> v naprost\u00e9m tichu a uprost\u0159ed kr\u00e1sn\u00e9 <strong>pou\u0161tn\u00ed krajiny<\/strong>.<\/p>\n<p>Cesta ke kl\u00e1\u0161teru trv\u00e1 asi 30 minut. Pot\u00e9 v\u00e1m v\u00e1\u0161 pr\u016fvodce uk\u00e1\u017ee, jak je kl\u00e1\u0161ter svat\u00e9ho Simeona jedn\u00edm z nejv\u011bt\u0161\u00edch <strong>koptsk\u00fdch kl\u00e1\u0161ter\u016f<\/strong> v Egypt\u011b.<\/p>\n<p>Poch\u00e1z\u00ed ze 6. nebo 7. stolet\u00ed a nach\u00e1z\u00ed se naproti ji\u017en\u00edmu c\u00edpu <strong>ostrova Elefantina<\/strong>.<\/p>\n<p>S pr\u016fvodcem uvid\u00edte, \u017ee v\u011bt\u0161ina hlavn\u00edch budov je st\u00e1le v <strong>dobr\u00e9m stavu konzervace<\/strong>.<\/p>\n<p>Pat\u0159\u00ed mezi n\u011b v\u011b\u017ee, <strong>kopulovit\u00fd kostel<\/strong> a n\u011bkter\u00e9 koptsk\u00e9 sc\u00e9ny, jako jsou fresky vedle hlavn\u00edch funk\u010dn\u00edch prostor ve druh\u00e9m pat\u0159e.<\/p>\n<p>Uvid\u00edte nap\u0159\u00edklad m\u00edsto na va\u0159en\u00ed, spole\u010denskou m\u00edstnost, um\u00fdv\u00e1rnu a lo\u017enici.<\/p>\n<p>Po ukon\u010den\u00ed n\u00e1v\u0161t\u011bvy kl\u00e1\u0161tera svat\u00e9ho Simeona si u\u017eijete <strong>j\u00edzdu na velbloudu<\/strong> zp\u011bt k feluce, kter\u00e1 popluje na kr\u00e1sn\u00e9 m\u00edsto, kde si m\u016f\u017eete <strong>zaplavat v Nilu<\/strong>.<\/p>\n<p>Pot\u00e9 popluje <strong>feluka po Nilu<\/strong> zp\u011bt k nejbli\u017e\u0161\u00edmu m\u00edstu k va\u0161\u00ed v\u00fdletn\u00ed lodi, nebo se vr\u00e1t\u00edte do sv\u00e9ho hotelu, pokud jste ubytov\u00e1ni v hotelu.<\/p>\n<h3><span style=\"color: #ff6600;\">Podrobnosti o z\u00e1jezdu<\/span><\/h3>\n<ul>\n<li>Doba trv\u00e1n\u00ed: 1\/2 dne<\/li>\n<li>Lokalita z\u00e1jezdu: Asu\u00e1n z\u00e1padn\u00ed b\u0159eh<\/li>\n<li>Dostupnost z\u00e1jezdu: Ka\u017ed\u00fd den<\/li>\n<li>Vyzvednut\u00ed a odvoz: V\u00e1\u0161 hotel v Asu\u00e1nu \/ V\u00fdletn\u00ed lo\u010f po Nilu<\/li>\n<li>Typ z\u00e1jezdu: Soukrom\u00fd<\/li>\n<li>Jazyk: \u010ce\u0161tina<\/li>\n<li>Invalidn\u00ed voz\u00edk: Bezbari\u00e9rov\u00fd p\u0159\u00edstup<\/li>\n<\/ul>\n<h3><span style=\"color: #ff6600;\">Hlavn\u00ed body z\u00e1jezdu<\/span><\/h3>\n<ul>\n<li>Kl\u00e1\u0161ter svat\u00e9ho Simeona<\/li>\n<li>Plavba na feluce<\/li>\n<li>Koup\u00e1n\u00ed v Nilu<\/li>\n<\/ul>\n<h3><span style=\"color: #ff6600;\">V cen\u011b je zahrnuto<\/span><\/h3>\n<ul>\n<li>V\u0161echny transfery modern\u00edm klimatizovan\u00fdm vozidlem.<\/li>\n<li>Odborn\u00fd pr\u016fvodce.<\/li>\n<li>Vstupn\u00e9 do v\u0161ech v\u00fd\u0161e uveden\u00fdch pam\u00e1tek.<\/li>\n<li>V\u0161echny slu\u017eby a dan\u011b v cen\u011b.<\/li>\n<li>J\u00edzda na velbloudu.<\/li>\n<\/ul>\n<h3><span style=\"color: #ff6600;\">V cen\u011b nen\u00ed zahrnuto<\/span><\/h3>\n<ul>\n<li>Jak\u00e9koli osobn\u00ed v\u00fddaje a voliteln\u00e9 aktivity.<\/li>\n<li>Spropitn\u00e9.<\/li>\n<li>Jak\u00e1koli polo\u017eka, kter\u00e1 nen\u00ed uvedena v\u00fd\u0161e.<\/li>\n<\/ul>\n<h3><span style=\"color: #ff6600;\">Co si vz\u00edt s sebou?<\/span><\/h3>\n<ul>\n<li>Slune\u010dn\u00ed br\u00fdle\/Klobouk\/Opalovac\u00ed kr\u00e9m.<\/li>\n<li>Vodu.<\/li>\n<li>Fotoapar\u00e1t nebo videokameru.<\/li>\n<li>\u0160\u00e1tek.<\/li>\n<li>Pohodlnou obuv a oble\u010den\u00ed.<\/li>\n<\/ul>\n<h3><span style=\"color: #ff6600;\">Cena za Kl\u00e1\u0161ter svat\u00e9ho Simeona s plavbou na feluce<\/span><\/h3>\n<ul>\n<li>Cena pro dosp\u011bl\u00e9 = 60 \u20ac<\/li>\n<li>D\u011bti 0-5 let = zdarma<\/li>\n<li>D\u011bti 5-11 let = 50 % z ceny pro dosp\u011bl\u00e9<\/li>\n<\/ul>\n<h3><span style=\"color: #ff6600;\">Rezervace<\/span><\/h3>\n<p>Z\u00e1jezd si m\u016f\u017eete rezervovat p\u0159es <strong>WhatsApp<\/strong> nebo n\u00e1m poslat e-mail a obdr\u017e\u00edte <strong>potvrzen\u00ed ihned<\/strong>.<\/p>\n<p>Za\u0161lete n\u00e1m pros\u00edm n\u00e1zev va\u0161eho hotelu, \u010d\u00edslo pokoje a kopie pas\u016f.<\/p>\n<p>WhatsApp: +20 1000852186<\/p>\n<p>info@egytourpackages.com<\/p>\n<h3><span style=\"color: #ff6600;\">Rezervujte nyn\u00ed a pla\u0165te na m\u00edst\u011b <\/span><\/h3>\n<p>Zarezervujte si sv\u016fj obl\u00edben\u00fd z\u00e1jezd a zapla\u0165te v den v\u00fdletu.<\/p>\n<h3><span style=\"color: #ff6600;\">Platba <\/span><\/h3>\n<p>M\u016f\u017eete platit v egyptsk\u00fdch libr\u00e1ch, $, \u20ac nebo \u00a3.<\/p>\n<h3><span style=\"color: #ff6600;\">Storno podm\u00ednky<\/span><\/h3>\n<ul>\n<li>Zru\u0161en\u00ed je zdarma a\u017e 24 hodin p\u0159edem.<\/li>\n<li>Zru\u0161en\u00ed r\u00e1no v den v\u00fdletu \u010din\u00ed 50 % z ceny.<\/li>\n<\/ul>\n","protected":false},"excerpt":{"rendered":"<p>Nav\u0161tivte <b data-path-to-node=\"0\" data-index-in-node=\"10\">Kl\u00e1\u0161ter svat\u00e9ho Simeona s plavbou na feluce<\/b>. Poznejte historii Asu\u00e1nu, u\u017eijte si plavbu po Nilu a osv\u011b\u017euj\u00edc\u00ed koup\u00e1n\u00ed. Rezervujte si sv\u016fj v\u00fdlet!<\/p>\n","protected":false},"featured_media":16075,"comment_status":"closed","ping_status":"closed","template":"","meta":[],"product_brand":[],"product_cat":[1466],"product_tag":[1470,4568],"class_list":{"0":"post-16458","1":"product","2":"type-product","3":"status-publish","4":"has-post-thumbnail","6":"product_cat-vylety","7":"product_tag-jednodenni-vylety-po-egypte","8":"product_tag-jednodenni-vylety-z-asuanu","9":"tour_category-jednodenni-vylet-do-asuanu","10":"tour_category-jednodenni-vylety-po-egypte-cs","12":"first","13":"instock","14":"sale","15":"shipping-taxable","16":"purchasable","17":"product-type-tour","18":"has-default-attributes"},"yoast_head":"<!-- This site is optimized with the Yoast SEO Premium plugin v27.5 (Yoast SEO v27.5) - https:\/\/yoast.com\/product\/yoast-seo-premium-wordpress\/ -->\n<title>Kl\u00e1\u0161ter svat\u00e9ho Simeona s plavbou na feluce<\/title>\n<meta name=\"description\" content=\"Nav\u0161tivte Kl\u00e1\u0161ter svat\u00e9ho Simeona s plavbou na feluce. Poznejte historii Asu\u00e1nu, u\u017eijte si plavbu po Nilu a osv\u011b\u017euj\u00edc\u00ed koup\u00e1n\u00ed. Rezervujte si sv\u016fj v\u00fdlet!\" \/>\n<meta name=\"robots\" content=\"index, follow, max-snippet:-1, max-image-preview:large, max-video-preview:-1\" \/>\n<link rel=\"canonical\" href=\"https:\/\/egytourpackages.com\/cs\/prohlidky\/klaster-svateho-simeona-s-plavbou-na-feluce\/\" \/>\n<meta property=\"og:locale\" content=\"cs_CZ\" \/>\n<meta property=\"og:type\" content=\"article\" \/>\n<meta property=\"og:title\" content=\"Kl\u00e1\u0161ter svat\u00e9ho Simeona s plavbou na feluce\" \/>\n<meta property=\"og:description\" content=\"Nav\u0161tivte Kl\u00e1\u0161ter svat\u00e9ho Simeona s plavbou na feluce. Poznejte historii Asu\u00e1nu, u\u017eijte si plavbu po Nilu a osv\u011b\u017euj\u00edc\u00ed koup\u00e1n\u00ed. Rezervujte si sv\u016fj v\u00fdlet!\" \/>\n<meta property=\"og:url\" content=\"https:\/\/egytourpackages.com\/cs\/prohlidky\/klaster-svateho-simeona-s-plavbou-na-feluce\/\" \/>\n<meta property=\"og:site_name\" content=\"Z\u00e1jezdy po Egypt\u011b\" \/>\n<meta property=\"article:publisher\" content=\"https:\/\/www.facebook.com\/egytourpackages\" \/>\n<meta property=\"article:modified_time\" content=\"2026-04-26T22:06:17+00:00\" \/>\n<meta property=\"og:image\" content=\"https:\/\/egytourpackages.com\/wp-content\/uploads\/2026\/04\/Monastery-of-St-Simeon.jpg\" \/>\n\t<meta property=\"og:image:width\" content=\"1150\" \/>\n\t<meta property=\"og:image:height\" content=\"603\" \/>\n\t<meta property=\"og:image:type\" content=\"image\/jpeg\" \/>\n<meta name=\"twitter:card\" content=\"summary_large_image\" \/>\n<meta name=\"twitter:title\" content=\"Kl\u00e1\u0161ter svat\u00e9ho Simeona s plavbou na feluce\" \/>\n<meta name=\"twitter:label1\" content=\"Cena\" \/>\n\t<meta name=\"twitter:data1\" content=\"&euro;0\" \/>\n\t<meta name=\"twitter:label2\" content=\"Dostupnost\" \/>\n\t<meta name=\"twitter:data2\" content=\"Skladem\" \/>\n<script type=\"application\/ld+json\" class=\"yoast-schema-graph\">{\"@context\":\"https:\\\/\\\/schema.org\",\"@graph\":[{\"@type\":\"WebPage\",\"@id\":\"https:\\\/\\\/egytourpackages.com\\\/cs\\\/prohlidky\\\/klaster-svateho-simeona-s-plavbou-na-feluce\\\/\",\"url\":\"https:\\\/\\\/egytourpackages.com\\\/cs\\\/prohlidky\\\/klaster-svateho-simeona-s-plavbou-na-feluce\\\/\",\"name\":\"Kl\u00e1\u0161ter svat\u00e9ho Simeona s plavbou na feluce\",\"isPartOf\":{\"@id\":\"https:\\\/\\\/egytourpackages.com\\\/cs\\\/#website\"},\"primaryImageOfPage\":{\"@id\":\"https:\\\/\\\/egytourpackages.com\\\/cs\\\/prohlidky\\\/klaster-svateho-simeona-s-plavbou-na-feluce\\\/#primaryimage\"},\"image\":{\"@id\":\"https:\\\/\\\/egytourpackages.com\\\/cs\\\/prohlidky\\\/klaster-svateho-simeona-s-plavbou-na-feluce\\\/#primaryimage\"},\"thumbnailUrl\":\"https:\\\/\\\/egytourpackages.com\\\/wp-content\\\/uploads\\\/2026\\\/04\\\/Monastery-of-St-Simeon.jpg\",\"datePublished\":\"2026-04-13T21:19:24+00:00\",\"dateModified\":\"2026-04-26T22:06:17+00:00\",\"description\":\"Nav\u0161tivte Kl\u00e1\u0161ter svat\u00e9ho Simeona s plavbou na feluce. Poznejte historii Asu\u00e1nu, u\u017eijte si plavbu po Nilu a osv\u011b\u017euj\u00edc\u00ed koup\u00e1n\u00ed. Rezervujte si sv\u016fj v\u00fdlet!\",\"breadcrumb\":{\"@id\":\"https:\\\/\\\/egytourpackages.com\\\/cs\\\/prohlidky\\\/klaster-svateho-simeona-s-plavbou-na-feluce\\\/#breadcrumb\"},\"inLanguage\":\"cs\",\"potentialAction\":[{\"@type\":\"ReadAction\",\"target\":[\"https:\\\/\\\/egytourpackages.com\\\/cs\\\/prohlidky\\\/klaster-svateho-simeona-s-plavbou-na-feluce\\\/\"]}]},{\"@type\":\"ImageObject\",\"inLanguage\":\"cs\",\"@id\":\"https:\\\/\\\/egytourpackages.com\\\/cs\\\/prohlidky\\\/klaster-svateho-simeona-s-plavbou-na-feluce\\\/#primaryimage\",\"url\":\"https:\\\/\\\/egytourpackages.com\\\/wp-content\\\/uploads\\\/2026\\\/04\\\/Monastery-of-St-Simeon.jpg\",\"contentUrl\":\"https:\\\/\\\/egytourpackages.com\\\/wp-content\\\/uploads\\\/2026\\\/04\\\/Monastery-of-St-Simeon.jpg\",\"width\":1150,\"height\":603,\"caption\":\"Kl\u00e1\u0161ter svat\u00e9ho Simeona s plavbou na feluce\"},{\"@type\":\"BreadcrumbList\",\"@id\":\"https:\\\/\\\/egytourpackages.com\\\/cs\\\/prohlidky\\\/klaster-svateho-simeona-s-plavbou-na-feluce\\\/#breadcrumb\",\"itemListElement\":[{\"@type\":\"ListItem\",\"position\":1,\"name\":\"Dom\u016f\",\"item\":\"https:\\\/\\\/egytourpackages.com\\\/cs\\\/balicky-vyletu-po-egypte\\\/\"},{\"@type\":\"ListItem\",\"position\":2,\"name\":\"Shop\",\"item\":\"https:\\\/\\\/egytourpackages.com\\\/cs\\\/shop\\\/\"},{\"@type\":\"ListItem\",\"position\":3,\"name\":\"Kl\u00e1\u0161ter svat\u00e9ho Simeona s plavbou na feluce\"}]},{\"@type\":\"WebSite\",\"@id\":\"https:\\\/\\\/egytourpackages.com\\\/cs\\\/#website\",\"url\":\"https:\\\/\\\/egytourpackages.com\\\/cs\\\/\",\"name\":\"Egy tour packages\",\"description\":\"\",\"publisher\":{\"@id\":\"https:\\\/\\\/egytourpackages.com\\\/cs\\\/#organization\"},\"potentialAction\":[{\"@type\":\"SearchAction\",\"target\":{\"@type\":\"EntryPoint\",\"urlTemplate\":\"https:\\\/\\\/egytourpackages.com\\\/cs\\\/?s={search_term_string}\"},\"query-input\":{\"@type\":\"PropertyValueSpecification\",\"valueRequired\":true,\"valueName\":\"search_term_string\"}}],\"inLanguage\":\"cs\"},{\"@type\":[\"Organization\",\"Place\",\"TravelAgency\"],\"@id\":\"https:\\\/\\\/egytourpackages.com\\\/cs\\\/#organization\",\"name\":\"egypt tour packages\",\"alternateName\":\"egypt tour packages\",\"url\":\"https:\\\/\\\/egytourpackages.com\\\/cs\\\/\",\"logo\":{\"@id\":\"https:\\\/\\\/egytourpackages.com\\\/cs\\\/prohlidky\\\/klaster-svateho-simeona-s-plavbou-na-feluce\\\/#local-main-organization-logo\"},\"image\":{\"@id\":\"https:\\\/\\\/egytourpackages.com\\\/cs\\\/prohlidky\\\/klaster-svateho-simeona-s-plavbou-na-feluce\\\/#local-main-organization-logo\"},\"sameAs\":[\"https:\\\/\\\/www.facebook.com\\\/egytourpackages\"],\"legalName\":\"Egy tour packages\",\"address\":{\"@id\":\"https:\\\/\\\/egytourpackages.com\\\/cs\\\/prohlidky\\\/klaster-svateho-simeona-s-plavbou-na-feluce\\\/#local-main-place-address\"},\"telephone\":[\"00201000852186\",\"00201028685533\"],\"contactPoint\":{\"@type\":\"ContactPoint\",\"telephone\":\"00201000852186\"},\"openingHoursSpecification\":[{\"@type\":\"OpeningHoursSpecification\",\"dayOfWeek\":[\"Monday\",\"Tuesday\",\"Wednesday\",\"Thursday\",\"Friday\",\"Saturday\",\"Sunday\"],\"opens\":\"00:00\",\"closes\":\"23:59\"}],\"email\":\"info@egytourpackages.com\",\"areaServed\":\"Cairo, Hurghada, Luxor, Sharm El Sheikh, Marsa Alam, Aswan\",\"priceRange\":\"$\",\"currenciesAccepted\":\"euro\",\"paymentAccepted\":\"Payment links online\"},{\"@type\":\"PostalAddress\",\"@id\":\"https:\\\/\\\/egytourpackages.com\\\/cs\\\/prohlidky\\\/klaster-svateho-simeona-s-plavbou-na-feluce\\\/#local-main-place-address\",\"streetAddress\":\"Mubarak 8, Al Kawthar District, Hurghada\",\"addressLocality\":\"Hurghada\",\"postalCode\":\"84511\",\"addressRegion\":\"Red Sea\",\"addressCountry\":\"EG\"},{\"@type\":\"ImageObject\",\"inLanguage\":\"cs\",\"@id\":\"https:\\\/\\\/egytourpackages.com\\\/cs\\\/prohlidky\\\/klaster-svateho-simeona-s-plavbou-na-feluce\\\/#local-main-organization-logo\",\"url\":\"https:\\\/\\\/egytourpackages.com\\\/wp-content\\\/uploads\\\/2025\\\/12\\\/Turquoise-Dahabiya-Nile-Cruise-1.jpeg\",\"contentUrl\":\"https:\\\/\\\/egytourpackages.com\\\/wp-content\\\/uploads\\\/2025\\\/12\\\/Turquoise-Dahabiya-Nile-Cruise-1.jpeg\",\"width\":1040,\"height\":694,\"caption\":\"egypt tour packages\"}]}<\/script>\n<meta property=\"product:brand\" content=\"Jednodenn\u00ed v\u00fdlet do Asu\u00e1nu\" \/>\n<meta property=\"product:price:amount\" content=\"0\" \/>\n<meta property=\"product:price:currency\" content=\"EUR\" \/>\n<meta property=\"og:availability\" content=\"instock\" \/>\n<meta property=\"product:availability\" content=\"instock\" \/>\n<meta property=\"product:retailer_item_id\" content=\"DTFA 01\" \/>\n<meta property=\"product:condition\" content=\"new\" \/>\n<meta name=\"geo.placename\" content=\"Hurghada\" \/>\n<meta name=\"geo.region\" content=\"Egypt\" \/>\n<!-- \/ Yoast SEO Premium plugin. -->","yoast_head_json":{"title":"Kl\u00e1\u0161ter svat\u00e9ho Simeona s plavbou na feluce","description":"Nav\u0161tivte Kl\u00e1\u0161ter svat\u00e9ho Simeona s plavbou na feluce. Poznejte historii Asu\u00e1nu, u\u017eijte si plavbu po Nilu a osv\u011b\u017euj\u00edc\u00ed koup\u00e1n\u00ed. Rezervujte si sv\u016fj v\u00fdlet!","robots":{"index":"index","follow":"follow","max-snippet":"max-snippet:-1","max-image-preview":"max-image-preview:large","max-video-preview":"max-video-preview:-1"},"canonical":"https:\/\/egytourpackages.com\/cs\/prohlidky\/klaster-svateho-simeona-s-plavbou-na-feluce\/","og_locale":"cs_CZ","og_type":"article","og_title":"Kl\u00e1\u0161ter svat\u00e9ho Simeona s plavbou na feluce","og_description":"Nav\u0161tivte Kl\u00e1\u0161ter svat\u00e9ho Simeona s plavbou na feluce. Poznejte historii Asu\u00e1nu, u\u017eijte si plavbu po Nilu a osv\u011b\u017euj\u00edc\u00ed koup\u00e1n\u00ed. Rezervujte si sv\u016fj v\u00fdlet!","og_url":"https:\/\/egytourpackages.com\/cs\/prohlidky\/klaster-svateho-simeona-s-plavbou-na-feluce\/","og_site_name":"Z\u00e1jezdy po Egypt\u011b","article_publisher":"https:\/\/www.facebook.com\/egytourpackages","article_modified_time":"2026-04-26T22:06:17+00:00","og_image":[{"width":1150,"height":603,"url":"https:\/\/egytourpackages.com\/wp-content\/uploads\/2026\/04\/Monastery-of-St-Simeon.jpg","type":"image\/jpeg"}],"twitter_card":"summary_large_image","twitter_title":"Kl\u00e1\u0161ter svat\u00e9ho Simeona s plavbou na feluce","twitter_misc":{"Cena":"&euro;0","Dostupnost":"Skladem"},"schema":{"@context":"https:\/\/schema.org","@graph":[{"@type":"WebPage","@id":"https:\/\/egytourpackages.com\/cs\/prohlidky\/klaster-svateho-simeona-s-plavbou-na-feluce\/","url":"https:\/\/egytourpackages.com\/cs\/prohlidky\/klaster-svateho-simeona-s-plavbou-na-feluce\/","name":"Kl\u00e1\u0161ter svat\u00e9ho Simeona s plavbou na feluce","isPartOf":{"@id":"https:\/\/egytourpackages.com\/cs\/#website"},"primaryImageOfPage":{"@id":"https:\/\/egytourpackages.com\/cs\/prohlidky\/klaster-svateho-simeona-s-plavbou-na-feluce\/#primaryimage"},"image":{"@id":"https:\/\/egytourpackages.com\/cs\/prohlidky\/klaster-svateho-simeona-s-plavbou-na-feluce\/#primaryimage"},"thumbnailUrl":"https:\/\/egytourpackages.com\/wp-content\/uploads\/2026\/04\/Monastery-of-St-Simeon.jpg","datePublished":"2026-04-13T21:19:24+00:00","dateModified":"2026-04-26T22:06:17+00:00","description":"Nav\u0161tivte Kl\u00e1\u0161ter svat\u00e9ho Simeona s plavbou na feluce. Poznejte historii Asu\u00e1nu, u\u017eijte si plavbu po Nilu a osv\u011b\u017euj\u00edc\u00ed koup\u00e1n\u00ed. Rezervujte si sv\u016fj v\u00fdlet!","breadcrumb":{"@id":"https:\/\/egytourpackages.com\/cs\/prohlidky\/klaster-svateho-simeona-s-plavbou-na-feluce\/#breadcrumb"},"inLanguage":"cs","potentialAction":[{"@type":"ReadAction","target":["https:\/\/egytourpackages.com\/cs\/prohlidky\/klaster-svateho-simeona-s-plavbou-na-feluce\/"]}]},{"@type":"ImageObject","inLanguage":"cs","@id":"https:\/\/egytourpackages.com\/cs\/prohlidky\/klaster-svateho-simeona-s-plavbou-na-feluce\/#primaryimage","url":"https:\/\/egytourpackages.com\/wp-content\/uploads\/2026\/04\/Monastery-of-St-Simeon.jpg","contentUrl":"https:\/\/egytourpackages.com\/wp-content\/uploads\/2026\/04\/Monastery-of-St-Simeon.jpg","width":1150,"height":603,"caption":"Kl\u00e1\u0161ter svat\u00e9ho Simeona s plavbou na feluce"},{"@type":"BreadcrumbList","@id":"https:\/\/egytourpackages.com\/cs\/prohlidky\/klaster-svateho-simeona-s-plavbou-na-feluce\/#breadcrumb","itemListElement":[{"@type":"ListItem","position":1,"name":"Dom\u016f","item":"https:\/\/egytourpackages.com\/cs\/balicky-vyletu-po-egypte\/"},{"@type":"ListItem","position":2,"name":"Shop","item":"https:\/\/egytourpackages.com\/cs\/shop\/"},{"@type":"ListItem","position":3,"name":"Kl\u00e1\u0161ter svat\u00e9ho Simeona s plavbou na feluce"}]},{"@type":"WebSite","@id":"https:\/\/egytourpackages.com\/cs\/#website","url":"https:\/\/egytourpackages.com\/cs\/","name":"Egy tour packages","description":"","publisher":{"@id":"https:\/\/egytourpackages.com\/cs\/#organization"},"potentialAction":[{"@type":"SearchAction","target":{"@type":"EntryPoint","urlTemplate":"https:\/\/egytourpackages.com\/cs\/?s={search_term_string}"},"query-input":{"@type":"PropertyValueSpecification","valueRequired":true,"valueName":"search_term_string"}}],"inLanguage":"cs"},{"@type":["Organization","Place","TravelAgency"],"@id":"https:\/\/egytourpackages.com\/cs\/#organization","name":"egypt tour packages","alternateName":"egypt tour packages","url":"https:\/\/egytourpackages.com\/cs\/","logo":{"@id":"https:\/\/egytourpackages.com\/cs\/prohlidky\/klaster-svateho-simeona-s-plavbou-na-feluce\/#local-main-organization-logo"},"image":{"@id":"https:\/\/egytourpackages.com\/cs\/prohlidky\/klaster-svateho-simeona-s-plavbou-na-feluce\/#local-main-organization-logo"},"sameAs":["https:\/\/www.facebook.com\/egytourpackages"],"legalName":"Egy tour packages","address":{"@id":"https:\/\/egytourpackages.com\/cs\/prohlidky\/klaster-svateho-simeona-s-plavbou-na-feluce\/#local-main-place-address"},"telephone":["00201000852186","00201028685533"],"contactPoint":{"@type":"ContactPoint","telephone":"00201000852186"},"openingHoursSpecification":[{"@type":"OpeningHoursSpecification","dayOfWeek":["Monday","Tuesday","Wednesday","Thursday","Friday","Saturday","Sunday"],"opens":"00:00","closes":"23:59"}],"email":"info@egytourpackages.com","areaServed":"Cairo, Hurghada, Luxor, Sharm El Sheikh, Marsa Alam, Aswan","priceRange":"$","currenciesAccepted":"euro","paymentAccepted":"Payment links online"},{"@type":"PostalAddress","@id":"https:\/\/egytourpackages.com\/cs\/prohlidky\/klaster-svateho-simeona-s-plavbou-na-feluce\/#local-main-place-address","streetAddress":"Mubarak 8, Al Kawthar District, Hurghada","addressLocality":"Hurghada","postalCode":"84511","addressRegion":"Red Sea","addressCountry":"EG"},{"@type":"ImageObject","inLanguage":"cs","@id":"https:\/\/egytourpackages.com\/cs\/prohlidky\/klaster-svateho-simeona-s-plavbou-na-feluce\/#local-main-organization-logo","url":"https:\/\/egytourpackages.com\/wp-content\/uploads\/2025\/12\/Turquoise-Dahabiya-Nile-Cruise-1.jpeg","contentUrl":"https:\/\/egytourpackages.com\/wp-content\/uploads\/2025\/12\/Turquoise-Dahabiya-Nile-Cruise-1.jpeg","width":1040,"height":694,"caption":"egypt tour packages"}]},"product_brand":"Jednodenn\u00ed v\u00fdlet do Asu\u00e1nu","product_price_currency":"EUR","og_availability":"instock","product_availability":"instock","product_retailer_item_id":"DTFA 01","product_condition":"new","geo.placename":"Hurghada","geo.region":"Egypt"},"_links":{"self":[{"href":"https:\/\/egytourpackages.com\/cs\/wp-json\/wp\/v2\/product\/16458","targetHints":{"allow":["GET"]}}],"collection":[{"href":"https:\/\/egytourpackages.com\/cs\/wp-json\/wp\/v2\/product"}],"about":[{"href":"https:\/\/egytourpackages.com\/cs\/wp-json\/wp\/v2\/types\/product"}],"replies":[{"embeddable":true,"href":"https:\/\/egytourpackages.com\/cs\/wp-json\/wp\/v2\/comments?post=16458"}],"wp:featuredmedia":[{"embeddable":true,"href":"https:\/\/egytourpackages.com\/cs\/wp-json\/wp\/v2\/media\/16075"}],"wp:attachment":[{"href":"https:\/\/egytourpackages.com\/cs\/wp-json\/wp\/v2\/media?parent=16458"}],"wp:term":[{"taxonomy":"product_brand","embeddable":true,"href":"https:\/\/egytourpackages.com\/cs\/wp-json\/wp\/v2\/product_brand?post=16458"},{"taxonomy":"product_cat","embeddable":true,"href":"https:\/\/egytourpackages.com\/cs\/wp-json\/wp\/v2\/product_cat?post=16458"},{"taxonomy":"product_tag","embeddable":true,"href":"https:\/\/egytourpackages.com\/cs\/wp-json\/wp\/v2\/product_tag?post=16458"}],"curies":[{"name":"wp","href":"https:\/\/api.w.org\/{rel}","templated":true}]}}