{"id":16536,"date":"2026-04-24T03:12:24","date_gmt":"2026-04-24T03:12:24","guid":{"rendered":"https:\/\/egytourpackages.com\/product\/soukrome-pyramidy-v-gize-a-sakkara-z-pristavu-el-sokhna\/"},"modified":"2026-04-27T12:26:21","modified_gmt":"2026-04-27T12:26:21","slug":"soukrome-pyramidy-v-gize-a-sakkara-z-pristavu-el-sokhna","status":"publish","type":"product","link":"https:\/\/egytourpackages.com\/cs\/prohlidky\/soukrome-pyramidy-v-gize-a-sakkara-z-pristavu-el-sokhna\/","title":{"rendered":"Soukrom\u00e9 pyramidy v G\u00edze a Sakk\u00e1ra z p\u0159\u00edstavu El Sokhna"},"content":{"rendered":"<p><span style=\"color: #ff6600;\"><strong>Dokonal\u00e1 soukrom\u00e1 odysea v K\u00e1hi\u0159e: Soukrom\u00e9 pyramidy v G\u00edze a Sakk\u00e1ra z p\u0159\u00edstavu El Sokhna<\/strong><\/span><\/p>\n<p><span style=\"color: #993366;\"><em><strong>P\u0159ehled<\/strong><\/em><\/span><\/p>\n<p>Za\u017eijte vrchol starov\u011bk\u00e9ho Egypta na tomto <strong>soukrom\u00e9m v\u00fdletu k pyramid\u00e1m v G\u00edze a do Sakk\u00e1ry z p\u0159\u00edstavu El Sokhna<\/strong>.<\/p>\n<p>Tento v\u00fdlet na b\u0159eh, navr\u017een\u00fd speci\u00e1ln\u011b pro cestuj\u00edc\u00ed na v\u00fdletn\u00edch lod\u00edch, se vyh\u00fdb\u00e1 dav\u016fm a nab\u00edz\u00ed exkluzivn\u00ed cestu evoluc\u00ed stavby pyramid \u2013 od ikonick\u00e9 plo\u0161iny v G\u00edze a\u017e po posv\u00e1tn\u00e9 p\u00edsky Sakk\u00e1ry.<\/p>\n<table>\n<thead>\n<tr>\n<td><strong>Funkce<\/strong><\/td>\n<td><strong>Podrobnosti o prohl\u00eddce<\/strong><\/td>\n<\/tr>\n<\/thead>\n<tbody>\n<tr>\n<td><strong>Doba trv\u00e1n\u00ed<\/strong><\/td>\n<td>1 cel\u00fd den (cca 10\u201312 hodin)<\/td>\n<\/tr>\n<tr>\n<td><strong>Vyzvednut\u00ed a odvoz<\/strong><\/td>\n<td><strong>P\u0159\u00edstav El Sokhna<\/strong> (p\u0159\u00edm\u00e9 vyzvednut\u00ed u mola)<\/td>\n<\/tr>\n<tr>\n<td><strong>Typ prohl\u00eddky<\/strong><\/td>\n<td>Soukrom\u00e1 vyhl\u00eddkov\u00e1 prohl\u00eddka<\/td>\n<\/tr>\n<tr>\n<td><strong>Hlavn\u00ed body<\/strong><\/td>\n<td><strong>Pyramidy v G\u00edze<\/strong>, <strong>Velk\u00e1 sfinga<\/strong>, <strong>D\u017eoserova stup\u0148ovit\u00e1 pyramida<\/strong><\/td>\n<\/tr>\n<tr>\n<td><strong>Pr\u016fvodce<\/strong><\/td>\n<td>Expert egyptolog<\/td>\n<\/tr>\n<tr>\n<td><strong>Dostupnost<\/strong><\/td>\n<td>Bezbari\u00e9rov\u00fd p\u0159\u00edstup<\/td>\n<\/tr>\n<\/tbody>\n<\/table>\n<h3><span style=\"color: #ff6600;\">V cen\u011b<\/span><\/h3>\n<ul>\n<li>Zp\u00e1te\u010dn\u00ed transfer modern\u00edm klimatizovan\u00fdm vozidlem.<\/li>\n<li>Vstupn\u00e9 na v\u0161echny pam\u00e1tky.<\/li>\n<li>Odborn\u00fd pr\u016fvodce egyptolog.<\/li>\n<li>N\u00e1poje b\u011bhem prohl\u00eddky.<\/li>\n<\/ul>\n<h3><span style=\"color: #ff6600;\">Nezahrnuje<\/span><\/h3>\n<ul>\n<li>N\u00e1poje b\u011bhem ob\u011bda.<\/li>\n<li>Spropitn\u00e9.<\/li>\n<\/ul>\n<h3><span style=\"color: #ff6600;\">Co si sbalit<\/span><\/h3>\n<ul>\n<li>Klobouk, slune\u010dn\u00ed br\u00fdle a opalovac\u00ed kr\u00e9m.<\/li>\n<li>Pohodlnou obuv a oble\u010den\u00ed.<\/li>\n<li>Tepl\u00e9 oble\u010den\u00ed v zim\u011b.<\/li>\n<\/ul>\n<h2><span style=\"color: #993366;\"><em>Itiner\u00e1\u0159: Cesta \u010dasem<\/em><\/span><\/h2>\n<p>V\u00e1\u0161 <strong>v\u00fdlet z p\u0159\u00edstavu Sokhna<\/strong> za\u010d\u00edn\u00e1 v okam\u017eiku, kdy se vylod\u00edte. V\u00e1\u0161 <strong>odborn\u00fd egyptolog<\/strong> na v\u00e1s bude \u010dekat s personalizovanou cedul\u00ed, p\u0159ipraven v\u00e1s doprovodit na 2hodinovou pohodlnou j\u00edzdu modern\u00edm klimatizovan\u00fdm vozidlem sm\u011brem do srdce Star\u00e9 \u0159\u00ed\u0161e.<\/p>\n<h3><span style=\"color: #ff6600;\">Komplex pyramid v G\u00edze<\/span><\/h3>\n<p>Na\u0161\u00edm prvn\u00edm c\u00edlem je legend\u00e1rn\u00ed <strong>plo\u0161ina v G\u00edze<\/strong>, domov <strong>Chufuovy pyramidy<\/strong> \u2013 posledn\u00edho dochovan\u00e9ho divu starov\u011bk\u00e9ho sv\u011bta.<\/p>\n<p>Stanete tv\u00e1\u0159\u00ed v tv\u00e1\u0159 t\u00e9m\u011b\u0159 6 milion\u016fm tun kamene a prozkoum\u00e1te architektonickou dokonalost, kter\u00e1 mate historiky po tis\u00edcilet\u00ed.<\/p>\n<p>Krom\u011b Velk\u00e9 pyramidy objev\u00edte <strong>hrobky stavitel\u016f pyramid<\/strong>. Tato nalezi\u0161t\u011b, objeven\u00e1 v 90. letech 20. stolet\u00ed, odhaluj\u00ed lidsk\u00fd p\u0159\u00edb\u011bh \u0159emesln\u00edk\u016f, kte\u0159\u00ed \u017eili a zem\u0159eli p\u0159i vytv\u00e1\u0159en\u00ed t\u011bchto monument\u016f.<\/p>\n<h3><span style=\"color: #ff6600;\">Ritu\u00e1ly a Velk\u00e1 sfinga<\/span><\/h3>\n<p>Sestoup\u00edme do <strong>\u00dadoln\u00edho chr\u00e1mu<\/strong>, megalitick\u00e9 svatyn\u011b, kde posv\u00e1tn\u00fd ritu\u00e1l <strong>\u201eotev\u00edr\u00e1n\u00ed \u00fast\u201c<\/strong> kdysi p\u0159ipravoval faraona na v\u011b\u010dnost. Preciznost obkladu z r\u016f\u017eov\u00e9 \u017euly zde konkuruje nejlep\u0161\u00edm megalitick\u00fdm d\u00edl\u016fm starov\u011bk\u00e9ho sv\u011bta.<\/p>\n<p>P\u0159\u00edmo v sousedstv\u00ed se setk\u00e1te s <strong>Velkou sfingou<\/strong>. Tento masivn\u00ed hybrid lva a \u010dlov\u011bka je nejen str\u00e1\u017ecem plo\u0161iny, ale je \u010dasto pova\u017eov\u00e1n za <strong>\u010dakru t\u0159et\u00edho oka<\/strong> sv\u011bta. Mezi jej\u00edmi tlapami uvid\u00edte slavnou <strong>St\u00e9lu sn\u016f Thutmose IV.<\/strong><\/p>\n<h3><span style=\"color: #ff6600;\">Sakk\u00e1ra: Kol\u00e9bka kamenn\u00e9 architektury<\/span><\/h3>\n<p><span style=\"color: #993366;\"><em><strong>D\u017eoserova stup\u0148ovit\u00e1 pyramida: Imhotep\u016fv g\u00e9nius<\/strong><\/em><\/span><\/p>\n<p>Pot\u00e9 se vyd\u00e1me do <strong>Sakk\u00e1ry<\/strong>, elitn\u00ed nekropole Star\u00e9 \u0159\u00ed\u0161e. Zde stanete p\u0159ed <strong>D\u017eoserovou stup\u0148ovitou pyramidou<\/strong>, v\u016fbec prvn\u00ed kamennou pam\u00e1tkou v d\u011bjin\u00e1ch lidstva.<\/p>\n<p>V\u00e1\u0161 pr\u016fvodce v\u00e1m prozrad\u00ed, jak architekt <strong>Imhotep<\/strong> zp\u016fsobil revoluci ve stavitelstv\u00ed, kdy\u017e p\u0159e\u0161el od nep\u00e1len\u00fdch cihel k v\u011b\u010dn\u00e9mu kameni.<\/p>\n<p><span style=\"color: #993366;\"><em><strong>Hrobka Idut: Mistrovsk\u00e9 d\u00edlo ka\u017edodenn\u00edho \u017eivota<\/strong><\/em><\/span><\/p>\n<p>Na z\u00e1v\u011br na\u0161\u00ed cesty vstoup\u00edme do <strong>hrobky Idut<\/strong>. Jedn\u00e1 se o \u017eivou antickou galerii, kde barvy Star\u00e9 \u0159\u00ed\u0161e st\u00e1le d\u00fdchaj\u00ed.<\/p>\n<p>Na rozd\u00edl od stroh\u00fdch pyramid je tato hrobka pln\u00e1 jemn\u00fdch reli\u00e9f\u016f <strong>lovu, rybolovu a ob\u011btin<\/strong>. Slou\u017e\u00ed jako sofistikovan\u00e9 okno do \u017eivota vysok\u00e9 spole\u010dnosti starov\u011bk\u00e9ho Egypta.<\/p>\n<h3><span style=\"color: #ff6600;\">Rezervace va\u0161eho soukrom\u00e9ho z\u00e1\u017eitku<\/span><\/h3>\n<p>Na z\u00e1v\u011br va\u0161eho <strong>soukrom\u00e9ho jednodenn\u00edho v\u00fdletu do K\u00e1hiry z El Sokhna<\/strong> v\u00e1s odvezeme zp\u011bt do p\u0159\u00edstavu v\u010das p\u0159ed odjezdem va\u0161\u00ed lodi.<\/p>\n<h2><span style=\"color: #993366;\"><em>FAQ: V\u00fdlety z p\u0159\u00edstavu Sokhna do K\u00e1hiry<\/em><\/span><\/h2>\n<h3><span style=\"color: #ff6600;\">Jak dlouho trv\u00e1 transfer z p\u0159\u00edstavu El Sokhna k pyramid\u00e1m v G\u00edze?<\/span><\/h3>\n<p>Cesta z <strong>p\u0159\u00edstavu El Sokhna<\/strong> do <strong>komplexu pyramid v G\u00edze<\/strong> obvykle trv\u00e1 asi 2 a\u017e 2,5 hodiny.<\/p>\n<h3><span style=\"color: #ff6600;\">Je mo\u017en\u00e9 vid\u011bt G\u00edzu i Sakk\u00e1ru b\u011bhem jedin\u00e9ho dne z p\u0159\u00edstavu?<\/span><\/h3>\n<p>Ano! Proto\u017ee se jedn\u00e1 o <strong>soukromou vyhl\u00eddkovou prohl\u00eddku<\/strong>, optimalizujeme itiner\u00e1\u0159 tak, abyste vid\u011bli to nejd\u016fle\u017eit\u011bj\u0161\u00ed z <strong>plo\u0161iny v G\u00edze<\/strong> i <strong>nekropole v Sakk\u00e1\u0159e<\/strong>.<\/p>\n<h3><span style=\"color: #ff6600;\">Budu zp\u011bt v p\u0159\u00edstavu El Sokhna v\u010das p\u0159ed odjezdem sv\u00e9 lodi?<\/span><\/h3>\n<p>Rozhodn\u011b. Jako specialist\u00e9 na <strong>v\u00fdlety z p\u0159\u00edstavu Sokhna<\/strong> p\u0159\u00edsn\u011b koordinujeme n\u00e1\u0161 harmonogram s \u010dasy p\u0159\u00edjezdu a odjezdu va\u0161\u00ed lodi.<\/p>\n<h3><span style=\"color: #ff6600;\">M\u016f\u017eeme j\u00edt dovnit\u0159 Velk\u00e9 pyramidy nebo Stup\u0148ovit\u00e9 pyramidy?<\/span><\/h3>\n<p>Vstup do pyramid je mo\u017en\u00fd, ale vy\u017eaduje p\u0159\u00edplatek. Pokud si p\u0159ejete vstoupit do <strong>Velk\u00e9 pyramidy<\/strong> nebo prozkoumat interi\u00e9r <strong>D\u017eoserovy stup\u0148ovit\u00e9 pyramidy<\/strong>, dejte pros\u00edm v\u011bd\u011bt sv\u00e9mu pr\u016fvodci.<\/p>\n<h3><span style=\"color: #ff6600;\">P\u0159ipraveni st\u00e1t se sv\u011bdky historie?<\/span><\/h3>\n<p>Nespokojte se s p\u0159epln\u011bnou j\u00edzdou autobusem. Za\u017eijte kouzlo faraon\u016f se soukrom\u00edm a odbornost\u00ed, kterou si zaslou\u017e\u00edte. <strong>[Rezervujte si sv\u016fj soukrom\u00fd v\u00fdlet v El Sokhna nyn\u00ed]<\/strong><\/p>\n","protected":false},"excerpt":{"rendered":"<p>Rezervujte si tour Soukrom\u00e9 pyramidy v G\u00edze a Sakk\u00e1ra z p\u0159\u00edstavu El Sokhna. U\u017eijte si exkurzi s pr\u016fvodcem, dopravou a histori\u00ed Egypta. Rezervujte si!<\/p>\n","protected":false},"featured_media":16234,"comment_status":"closed","ping_status":"closed","template":"","meta":[],"product_brand":[],"product_cat":[1466],"product_tag":[],"class_list":{"0":"post-16536","1":"product","2":"type-product","3":"status-publish","4":"has-post-thumbnail","6":"product_cat-vylety","7":"tour_category-vylety-z-krizniku-v-egypte","8":"tour_category-vylety-z-pristavu-sokhna","10":"first","11":"instock","12":"sale","13":"shipping-taxable","14":"purchasable","15":"product-type-tour","16":"has-default-attributes"},"yoast_head":"<!-- This site is optimized with the Yoast SEO Premium plugin v27.5 (Yoast SEO v27.5) - https:\/\/yoast.com\/product\/yoast-seo-premium-wordpress\/ -->\n<title>Soukrom\u00e9 pyramidy v G\u00edze a Sakk\u00e1ra z p\u0159\u00edstavu El Sokhna<\/title>\n<meta name=\"description\" content=\"Rezervujte si tour Soukrom\u00e9 pyramidy v G\u00edze a Sakk\u00e1ra z p\u0159\u00edstavu El Sokhna. U\u017eijte si exkurzi s pr\u016fvodcem, dopravou a histori\u00ed Egypta. Rezervujte si!\" \/>\n<meta name=\"robots\" content=\"index, follow, max-snippet:-1, max-image-preview:large, max-video-preview:-1\" \/>\n<link rel=\"canonical\" href=\"https:\/\/egytourpackages.com\/cs\/prohlidky\/soukrome-pyramidy-v-gize-a-sakkara-z-pristavu-el-sokhna\/\" \/>\n<meta property=\"og:locale\" content=\"cs_CZ\" \/>\n<meta property=\"og:type\" content=\"article\" \/>\n<meta property=\"og:title\" content=\"Soukrom\u00e9 pyramidy v G\u00edze a Sakk\u00e1ra z p\u0159\u00edstavu El Sokhna\" \/>\n<meta property=\"og:description\" content=\"Rezervujte si tour Soukrom\u00e9 pyramidy v G\u00edze a Sakk\u00e1ra z p\u0159\u00edstavu El Sokhna. U\u017eijte si exkurzi s pr\u016fvodcem, dopravou a histori\u00ed Egypta. Rezervujte si!\" \/>\n<meta property=\"og:url\" content=\"https:\/\/egytourpackages.com\/cs\/prohlidky\/soukrome-pyramidy-v-gize-a-sakkara-z-pristavu-el-sokhna\/\" \/>\n<meta property=\"og:site_name\" content=\"Z\u00e1jezdy po Egypt\u011b\" \/>\n<meta property=\"article:publisher\" content=\"https:\/\/www.facebook.com\/egytourpackages\" \/>\n<meta property=\"article:modified_time\" content=\"2026-04-27T12:26:21+00:00\" \/>\n<meta property=\"og:image\" content=\"https:\/\/egytourpackages.com\/wp-content\/uploads\/2026\/04\/Grand-Egyptian-Museum.jpg\" \/>\n\t<meta property=\"og:image:width\" content=\"1450\" \/>\n\t<meta property=\"og:image:height\" content=\"1087\" \/>\n\t<meta property=\"og:image:type\" content=\"image\/jpeg\" \/>\n<meta name=\"twitter:card\" content=\"summary_large_image\" \/>\n<meta name=\"twitter:title\" content=\"Soukrom\u00e9 pyramidy v G\u00edze a Sakk\u00e1ra z p\u0159\u00edstavu El Sokhna\" \/>\n<meta name=\"twitter:label1\" content=\"Cena\" \/>\n\t<meta name=\"twitter:data1\" content=\"&euro;0\" \/>\n\t<meta name=\"twitter:label2\" content=\"Dostupnost\" \/>\n\t<meta name=\"twitter:data2\" content=\"Skladem\" \/>\n<script type=\"application\/ld+json\" class=\"yoast-schema-graph\">{\"@context\":\"https:\\\/\\\/schema.org\",\"@graph\":[{\"@type\":\"WebPage\",\"@id\":\"https:\\\/\\\/egytourpackages.com\\\/cs\\\/prohlidky\\\/soukrome-pyramidy-v-gize-a-sakkara-z-pristavu-el-sokhna\\\/\",\"url\":\"https:\\\/\\\/egytourpackages.com\\\/cs\\\/prohlidky\\\/soukrome-pyramidy-v-gize-a-sakkara-z-pristavu-el-sokhna\\\/\",\"name\":\"Soukrom\u00e9 pyramidy v G\u00edze a Sakk\u00e1ra z p\u0159\u00edstavu El Sokhna\",\"isPartOf\":{\"@id\":\"https:\\\/\\\/egytourpackages.com\\\/cs\\\/#website\"},\"primaryImageOfPage\":{\"@id\":\"https:\\\/\\\/egytourpackages.com\\\/cs\\\/prohlidky\\\/soukrome-pyramidy-v-gize-a-sakkara-z-pristavu-el-sokhna\\\/#primaryimage\"},\"image\":{\"@id\":\"https:\\\/\\\/egytourpackages.com\\\/cs\\\/prohlidky\\\/soukrome-pyramidy-v-gize-a-sakkara-z-pristavu-el-sokhna\\\/#primaryimage\"},\"thumbnailUrl\":\"https:\\\/\\\/egytourpackages.com\\\/wp-content\\\/uploads\\\/2026\\\/04\\\/Grand-Egyptian-Museum.jpg\",\"datePublished\":\"2026-04-24T03:12:24+00:00\",\"dateModified\":\"2026-04-27T12:26:21+00:00\",\"description\":\"Rezervujte si tour Soukrom\u00e9 pyramidy v G\u00edze a Sakk\u00e1ra z p\u0159\u00edstavu El Sokhna. U\u017eijte si exkurzi s pr\u016fvodcem, dopravou a histori\u00ed Egypta. Rezervujte si!\",\"breadcrumb\":{\"@id\":\"https:\\\/\\\/egytourpackages.com\\\/cs\\\/prohlidky\\\/soukrome-pyramidy-v-gize-a-sakkara-z-pristavu-el-sokhna\\\/#breadcrumb\"},\"inLanguage\":\"cs\",\"potentialAction\":[{\"@type\":\"ReadAction\",\"target\":[\"https:\\\/\\\/egytourpackages.com\\\/cs\\\/prohlidky\\\/soukrome-pyramidy-v-gize-a-sakkara-z-pristavu-el-sokhna\\\/\"]}]},{\"@type\":\"ImageObject\",\"inLanguage\":\"cs\",\"@id\":\"https:\\\/\\\/egytourpackages.com\\\/cs\\\/prohlidky\\\/soukrome-pyramidy-v-gize-a-sakkara-z-pristavu-el-sokhna\\\/#primaryimage\",\"url\":\"https:\\\/\\\/egytourpackages.com\\\/wp-content\\\/uploads\\\/2026\\\/04\\\/Grand-Egyptian-Museum.jpg\",\"contentUrl\":\"https:\\\/\\\/egytourpackages.com\\\/wp-content\\\/uploads\\\/2026\\\/04\\\/Grand-Egyptian-Museum.jpg\",\"width\":1450,\"height\":1087,\"caption\":\"Soukrom\u00e9 pyramidy v G\u00edze a Sakk\u00e1ra z p\u0159\u00edstavu El Sokhna\"},{\"@type\":\"BreadcrumbList\",\"@id\":\"https:\\\/\\\/egytourpackages.com\\\/cs\\\/prohlidky\\\/soukrome-pyramidy-v-gize-a-sakkara-z-pristavu-el-sokhna\\\/#breadcrumb\",\"itemListElement\":[{\"@type\":\"ListItem\",\"position\":1,\"name\":\"Dom\u016f\",\"item\":\"https:\\\/\\\/egytourpackages.com\\\/cs\\\/balicky-vyletu-po-egypte\\\/\"},{\"@type\":\"ListItem\",\"position\":2,\"name\":\"Shop\",\"item\":\"https:\\\/\\\/egytourpackages.com\\\/cs\\\/shop\\\/\"},{\"@type\":\"ListItem\",\"position\":3,\"name\":\"Soukrom\u00e9 pyramidy v G\u00edze a Sakk\u00e1ra z p\u0159\u00edstavu El Sokhna\"}]},{\"@type\":\"WebSite\",\"@id\":\"https:\\\/\\\/egytourpackages.com\\\/cs\\\/#website\",\"url\":\"https:\\\/\\\/egytourpackages.com\\\/cs\\\/\",\"name\":\"Egy tour packages\",\"description\":\"\",\"publisher\":{\"@id\":\"https:\\\/\\\/egytourpackages.com\\\/cs\\\/#organization\"},\"potentialAction\":[{\"@type\":\"SearchAction\",\"target\":{\"@type\":\"EntryPoint\",\"urlTemplate\":\"https:\\\/\\\/egytourpackages.com\\\/cs\\\/?s={search_term_string}\"},\"query-input\":{\"@type\":\"PropertyValueSpecification\",\"valueRequired\":true,\"valueName\":\"search_term_string\"}}],\"inLanguage\":\"cs\"},{\"@type\":[\"Organization\",\"Place\",\"TravelAgency\"],\"@id\":\"https:\\\/\\\/egytourpackages.com\\\/cs\\\/#organization\",\"name\":\"egypt tour packages\",\"alternateName\":\"egypt tour packages\",\"url\":\"https:\\\/\\\/egytourpackages.com\\\/cs\\\/\",\"logo\":{\"@id\":\"https:\\\/\\\/egytourpackages.com\\\/cs\\\/prohlidky\\\/soukrome-pyramidy-v-gize-a-sakkara-z-pristavu-el-sokhna\\\/#local-main-organization-logo\"},\"image\":{\"@id\":\"https:\\\/\\\/egytourpackages.com\\\/cs\\\/prohlidky\\\/soukrome-pyramidy-v-gize-a-sakkara-z-pristavu-el-sokhna\\\/#local-main-organization-logo\"},\"sameAs\":[\"https:\\\/\\\/www.facebook.com\\\/egytourpackages\"],\"legalName\":\"Egy tour packages\",\"address\":{\"@id\":\"https:\\\/\\\/egytourpackages.com\\\/cs\\\/prohlidky\\\/soukrome-pyramidy-v-gize-a-sakkara-z-pristavu-el-sokhna\\\/#local-main-place-address\"},\"telephone\":[\"00201000852186\",\"00201028685533\"],\"contactPoint\":{\"@type\":\"ContactPoint\",\"telephone\":\"00201000852186\"},\"openingHoursSpecification\":[{\"@type\":\"OpeningHoursSpecification\",\"dayOfWeek\":[\"Monday\",\"Tuesday\",\"Wednesday\",\"Thursday\",\"Friday\",\"Saturday\",\"Sunday\"],\"opens\":\"00:00\",\"closes\":\"23:59\"}],\"email\":\"info@egytourpackages.com\",\"areaServed\":\"Cairo, Hurghada, Luxor, Sharm El Sheikh, Marsa Alam, Aswan\",\"priceRange\":\"$\",\"currenciesAccepted\":\"euro\",\"paymentAccepted\":\"Payment links online\"},{\"@type\":\"PostalAddress\",\"@id\":\"https:\\\/\\\/egytourpackages.com\\\/cs\\\/prohlidky\\\/soukrome-pyramidy-v-gize-a-sakkara-z-pristavu-el-sokhna\\\/#local-main-place-address\",\"streetAddress\":\"Mubarak 8, Al Kawthar District, Hurghada\",\"addressLocality\":\"Hurghada\",\"postalCode\":\"84511\",\"addressRegion\":\"Red Sea\",\"addressCountry\":\"EG\"},{\"@type\":\"ImageObject\",\"inLanguage\":\"cs\",\"@id\":\"https:\\\/\\\/egytourpackages.com\\\/cs\\\/prohlidky\\\/soukrome-pyramidy-v-gize-a-sakkara-z-pristavu-el-sokhna\\\/#local-main-organization-logo\",\"url\":\"https:\\\/\\\/egytourpackages.com\\\/wp-content\\\/uploads\\\/2025\\\/12\\\/Turquoise-Dahabiya-Nile-Cruise-1.jpeg\",\"contentUrl\":\"https:\\\/\\\/egytourpackages.com\\\/wp-content\\\/uploads\\\/2025\\\/12\\\/Turquoise-Dahabiya-Nile-Cruise-1.jpeg\",\"width\":1040,\"height\":694,\"caption\":\"egypt tour packages\"}]}<\/script>\n<meta property=\"product:brand\" content=\"V\u00fdlety z k\u0159i\u017en\u00edk\u016f v Egypt\u011b\" \/>\n<meta property=\"product:price:amount\" content=\"0\" \/>\n<meta property=\"product:price:currency\" content=\"EUR\" \/>\n<meta property=\"og:availability\" content=\"instock\" \/>\n<meta property=\"product:availability\" content=\"instock\" \/>\n<meta property=\"product:retailer_item_id\" content=\"SPSE 01\" \/>\n<meta property=\"product:condition\" content=\"new\" \/>\n<meta name=\"geo.placename\" content=\"Hurghada\" \/>\n<meta name=\"geo.region\" content=\"Egypt\" \/>\n<!-- \/ Yoast SEO Premium plugin. -->","yoast_head_json":{"title":"Soukrom\u00e9 pyramidy v G\u00edze a Sakk\u00e1ra z p\u0159\u00edstavu El Sokhna","description":"Rezervujte si tour Soukrom\u00e9 pyramidy v G\u00edze a Sakk\u00e1ra z p\u0159\u00edstavu El Sokhna. U\u017eijte si exkurzi s pr\u016fvodcem, dopravou a histori\u00ed Egypta. Rezervujte si!","robots":{"index":"index","follow":"follow","max-snippet":"max-snippet:-1","max-image-preview":"max-image-preview:large","max-video-preview":"max-video-preview:-1"},"canonical":"https:\/\/egytourpackages.com\/cs\/prohlidky\/soukrome-pyramidy-v-gize-a-sakkara-z-pristavu-el-sokhna\/","og_locale":"cs_CZ","og_type":"article","og_title":"Soukrom\u00e9 pyramidy v G\u00edze a Sakk\u00e1ra z p\u0159\u00edstavu El Sokhna","og_description":"Rezervujte si tour Soukrom\u00e9 pyramidy v G\u00edze a Sakk\u00e1ra z p\u0159\u00edstavu El Sokhna. U\u017eijte si exkurzi s pr\u016fvodcem, dopravou a histori\u00ed Egypta. Rezervujte si!","og_url":"https:\/\/egytourpackages.com\/cs\/prohlidky\/soukrome-pyramidy-v-gize-a-sakkara-z-pristavu-el-sokhna\/","og_site_name":"Z\u00e1jezdy po Egypt\u011b","article_publisher":"https:\/\/www.facebook.com\/egytourpackages","article_modified_time":"2026-04-27T12:26:21+00:00","og_image":[{"width":1450,"height":1087,"url":"https:\/\/egytourpackages.com\/wp-content\/uploads\/2026\/04\/Grand-Egyptian-Museum.jpg","type":"image\/jpeg"}],"twitter_card":"summary_large_image","twitter_title":"Soukrom\u00e9 pyramidy v G\u00edze a Sakk\u00e1ra z p\u0159\u00edstavu El Sokhna","twitter_misc":{"Cena":"&euro;0","Dostupnost":"Skladem"},"schema":{"@context":"https:\/\/schema.org","@graph":[{"@type":"WebPage","@id":"https:\/\/egytourpackages.com\/cs\/prohlidky\/soukrome-pyramidy-v-gize-a-sakkara-z-pristavu-el-sokhna\/","url":"https:\/\/egytourpackages.com\/cs\/prohlidky\/soukrome-pyramidy-v-gize-a-sakkara-z-pristavu-el-sokhna\/","name":"Soukrom\u00e9 pyramidy v G\u00edze a Sakk\u00e1ra z p\u0159\u00edstavu El Sokhna","isPartOf":{"@id":"https:\/\/egytourpackages.com\/cs\/#website"},"primaryImageOfPage":{"@id":"https:\/\/egytourpackages.com\/cs\/prohlidky\/soukrome-pyramidy-v-gize-a-sakkara-z-pristavu-el-sokhna\/#primaryimage"},"image":{"@id":"https:\/\/egytourpackages.com\/cs\/prohlidky\/soukrome-pyramidy-v-gize-a-sakkara-z-pristavu-el-sokhna\/#primaryimage"},"thumbnailUrl":"https:\/\/egytourpackages.com\/wp-content\/uploads\/2026\/04\/Grand-Egyptian-Museum.jpg","datePublished":"2026-04-24T03:12:24+00:00","dateModified":"2026-04-27T12:26:21+00:00","description":"Rezervujte si tour Soukrom\u00e9 pyramidy v G\u00edze a Sakk\u00e1ra z p\u0159\u00edstavu El Sokhna. U\u017eijte si exkurzi s pr\u016fvodcem, dopravou a histori\u00ed Egypta. Rezervujte si!","breadcrumb":{"@id":"https:\/\/egytourpackages.com\/cs\/prohlidky\/soukrome-pyramidy-v-gize-a-sakkara-z-pristavu-el-sokhna\/#breadcrumb"},"inLanguage":"cs","potentialAction":[{"@type":"ReadAction","target":["https:\/\/egytourpackages.com\/cs\/prohlidky\/soukrome-pyramidy-v-gize-a-sakkara-z-pristavu-el-sokhna\/"]}]},{"@type":"ImageObject","inLanguage":"cs","@id":"https:\/\/egytourpackages.com\/cs\/prohlidky\/soukrome-pyramidy-v-gize-a-sakkara-z-pristavu-el-sokhna\/#primaryimage","url":"https:\/\/egytourpackages.com\/wp-content\/uploads\/2026\/04\/Grand-Egyptian-Museum.jpg","contentUrl":"https:\/\/egytourpackages.com\/wp-content\/uploads\/2026\/04\/Grand-Egyptian-Museum.jpg","width":1450,"height":1087,"caption":"Soukrom\u00e9 pyramidy v G\u00edze a Sakk\u00e1ra z p\u0159\u00edstavu El Sokhna"},{"@type":"BreadcrumbList","@id":"https:\/\/egytourpackages.com\/cs\/prohlidky\/soukrome-pyramidy-v-gize-a-sakkara-z-pristavu-el-sokhna\/#breadcrumb","itemListElement":[{"@type":"ListItem","position":1,"name":"Dom\u016f","item":"https:\/\/egytourpackages.com\/cs\/balicky-vyletu-po-egypte\/"},{"@type":"ListItem","position":2,"name":"Shop","item":"https:\/\/egytourpackages.com\/cs\/shop\/"},{"@type":"ListItem","position":3,"name":"Soukrom\u00e9 pyramidy v G\u00edze a Sakk\u00e1ra z p\u0159\u00edstavu El Sokhna"}]},{"@type":"WebSite","@id":"https:\/\/egytourpackages.com\/cs\/#website","url":"https:\/\/egytourpackages.com\/cs\/","name":"Egy tour packages","description":"","publisher":{"@id":"https:\/\/egytourpackages.com\/cs\/#organization"},"potentialAction":[{"@type":"SearchAction","target":{"@type":"EntryPoint","urlTemplate":"https:\/\/egytourpackages.com\/cs\/?s={search_term_string}"},"query-input":{"@type":"PropertyValueSpecification","valueRequired":true,"valueName":"search_term_string"}}],"inLanguage":"cs"},{"@type":["Organization","Place","TravelAgency"],"@id":"https:\/\/egytourpackages.com\/cs\/#organization","name":"egypt tour packages","alternateName":"egypt tour packages","url":"https:\/\/egytourpackages.com\/cs\/","logo":{"@id":"https:\/\/egytourpackages.com\/cs\/prohlidky\/soukrome-pyramidy-v-gize-a-sakkara-z-pristavu-el-sokhna\/#local-main-organization-logo"},"image":{"@id":"https:\/\/egytourpackages.com\/cs\/prohlidky\/soukrome-pyramidy-v-gize-a-sakkara-z-pristavu-el-sokhna\/#local-main-organization-logo"},"sameAs":["https:\/\/www.facebook.com\/egytourpackages"],"legalName":"Egy tour packages","address":{"@id":"https:\/\/egytourpackages.com\/cs\/prohlidky\/soukrome-pyramidy-v-gize-a-sakkara-z-pristavu-el-sokhna\/#local-main-place-address"},"telephone":["00201000852186","00201028685533"],"contactPoint":{"@type":"ContactPoint","telephone":"00201000852186"},"openingHoursSpecification":[{"@type":"OpeningHoursSpecification","dayOfWeek":["Monday","Tuesday","Wednesday","Thursday","Friday","Saturday","Sunday"],"opens":"00:00","closes":"23:59"}],"email":"info@egytourpackages.com","areaServed":"Cairo, Hurghada, Luxor, Sharm El Sheikh, Marsa Alam, Aswan","priceRange":"$","currenciesAccepted":"euro","paymentAccepted":"Payment links online"},{"@type":"PostalAddress","@id":"https:\/\/egytourpackages.com\/cs\/prohlidky\/soukrome-pyramidy-v-gize-a-sakkara-z-pristavu-el-sokhna\/#local-main-place-address","streetAddress":"Mubarak 8, Al Kawthar District, Hurghada","addressLocality":"Hurghada","postalCode":"84511","addressRegion":"Red Sea","addressCountry":"EG"},{"@type":"ImageObject","inLanguage":"cs","@id":"https:\/\/egytourpackages.com\/cs\/prohlidky\/soukrome-pyramidy-v-gize-a-sakkara-z-pristavu-el-sokhna\/#local-main-organization-logo","url":"https:\/\/egytourpackages.com\/wp-content\/uploads\/2025\/12\/Turquoise-Dahabiya-Nile-Cruise-1.jpeg","contentUrl":"https:\/\/egytourpackages.com\/wp-content\/uploads\/2025\/12\/Turquoise-Dahabiya-Nile-Cruise-1.jpeg","width":1040,"height":694,"caption":"egypt tour packages"}]},"product_brand":"V\u00fdlety z k\u0159i\u017en\u00edk\u016f v Egypt\u011b","product_price_currency":"EUR","og_availability":"instock","product_availability":"instock","product_retailer_item_id":"SPSE 01","product_condition":"new","geo.placename":"Hurghada","geo.region":"Egypt"},"_links":{"self":[{"href":"https:\/\/egytourpackages.com\/cs\/wp-json\/wp\/v2\/product\/16536","targetHints":{"allow":["GET"]}}],"collection":[{"href":"https:\/\/egytourpackages.com\/cs\/wp-json\/wp\/v2\/product"}],"about":[{"href":"https:\/\/egytourpackages.com\/cs\/wp-json\/wp\/v2\/types\/product"}],"replies":[{"embeddable":true,"href":"https:\/\/egytourpackages.com\/cs\/wp-json\/wp\/v2\/comments?post=16536"}],"wp:featuredmedia":[{"embeddable":true,"href":"https:\/\/egytourpackages.com\/cs\/wp-json\/wp\/v2\/media\/16234"}],"wp:attachment":[{"href":"https:\/\/egytourpackages.com\/cs\/wp-json\/wp\/v2\/media?parent=16536"}],"wp:term":[{"taxonomy":"product_brand","embeddable":true,"href":"https:\/\/egytourpackages.com\/cs\/wp-json\/wp\/v2\/product_brand?post=16536"},{"taxonomy":"product_cat","embeddable":true,"href":"https:\/\/egytourpackages.com\/cs\/wp-json\/wp\/v2\/product_cat?post=16536"},{"taxonomy":"product_tag","embeddable":true,"href":"https:\/\/egytourpackages.com\/cs\/wp-json\/wp\/v2\/product_tag?post=16536"}],"curies":[{"name":"wp","href":"https:\/\/api.w.org\/{rel}","templated":true}]}}