{"id":4177,"date":"2025-03-30T22:31:30","date_gmt":"2025-03-30T22:31:30","guid":{"rendered":"https:\/\/egytourpackages.com\/product\/ranni-safari-na-ctyrkolkach-z-hurghady\/"},"modified":"2026-01-28T23:37:47","modified_gmt":"2026-01-28T23:37:47","slug":"ranni-safari-na-ctyrkolkach-z-hurghady","status":"publish","type":"product","link":"https:\/\/egytourpackages.com\/cs\/prohlidky\/ranni-safari-na-ctyrkolkach-z-hurghady\/","title":{"rendered":"Rann\u00ed safari na \u010dty\u0159kolk\u00e1ch z Hurghady"},"content":{"rendered":"<p><span style=\"color: #ff6600;\"><strong>Rann\u00ed safari na \u010dty\u0159kolk\u00e1ch z Hurghady<\/strong><\/span><\/p>\n<p><strong>Pou\u0161tn\u00ed dobrodru\u017estv\u00ed Hurghada | Rann\u00ed ATV v\u00fdlety | ATV v\u00fdlety p\u0159i v\u00fdchodu slunce | Bedu\u00ednsk\u00e1 vesnice | Online rezervace | Zru\u0161en\u00ed zdarma | Platba na m\u00edst\u011b | \u017d\u00e1dn\u00e9 skryt\u00e9 poplatky<\/strong><\/p>\n<p><strong>P\u0159ehled<\/strong><\/p>\n<p><strong>Rann\u00ed j\u00edzda na \u010dty\u0159kolk\u00e1ch z Hurghady<\/strong> je <strong>jedine\u010dn\u00fd z\u00e1\u017eitek<\/strong> v <strong>pou\u0161ti Rud\u00e9ho mo\u0159e<\/strong>, na kter\u00fd nikdy nezapomenete. Rezervujte si <strong>Rann\u00ed Quad Biking Pou\u0161tn\u00ed Safari z Hurghady<\/strong>, \u00fa\u017easn\u00e9 dobrodru\u017estv\u00ed daleko od hotelov\u00fdch dav\u016f s va\u0161imi bl\u00edzk\u00fdmi. Je\u010fte na <strong>\u010dty\u0159kolk\u00e1ch<\/strong> v <strong>pou\u0161ti Rud\u00e9ho mo\u0159e<\/strong> na <strong>luxusn\u00ed safari<\/strong> se <strong>zku\u0161en\u00fdm pr\u016fvodcem<\/strong> k poho\u0159\u00ed Rud\u00e9ho mo\u0159e. U\u017eijte si j\u00edzdu na <strong>\u010dty\u0159kolk\u00e1ch<\/strong> a <strong>ter\u00e9nn\u00ed<\/strong> rychlou j\u00edzdu jako jeden z nejkr\u00e1sn\u011bj\u0161\u00edch n\u00e1pad\u016f pro <strong>mladistv\u00e9 v\u00fdlety<\/strong>, abyste c\u00edtili <strong>vzru\u0161en\u00ed a adrenalin<\/strong> po celou dobu cesty. Krom\u011b jedine\u010dn\u00e9ho z\u00e1\u017eitku nab\u00edz\u00edme <strong>soukrom\u00fd transfer<\/strong> z jak\u00e9hokoli m\u00edsta v Hurghad\u011b do pou\u0161tn\u00edho kempu a zp\u011bt. D\u00e1le nab\u00edz\u00edme <strong>Soukromou Pou\u0161tn\u00ed Safari<\/strong> pro <strong>rodiny, p\u00e1ry<\/strong> a <strong>p\u0159\u00e1tele<\/strong>.<\/p>\n<p>Rezervujte si tyto <strong>levn\u00e9 safari dovolen\u00e9<\/strong> a z\u00edskejte <strong>nejlep\u0161\u00ed cenu<\/strong> za <strong>pou\u0161tn\u00ed safari<\/strong> na Sahar\u011b, abyste za\u017eili <strong>bedu\u00ednsk\u00fd \u017eivot<\/strong> a vychutnali si <strong>malebn\u00e9 pou\u0161tn\u00ed v\u00fdhledy<\/strong>. U\u017eijte si kr\u00e1tkou testovac\u00ed j\u00edzdu a pot\u00e9 se vydejte do <strong>Bedu\u00ednsk\u00e9 vesnice<\/strong>, abyste ochutnali <strong>bedu\u00ednsk\u00fd \u010daj<\/strong>, jeli na <strong>velbloudu<\/strong> a objevili ka\u017edodenn\u00ed \u017eivot Bedu\u00edn\u016f. A\u0165 u\u017e jste <strong>zku\u0161en\u00fd jezdec<\/strong> nebo <strong>za\u010d\u00e1te\u010dn\u00edk<\/strong>, tato <strong>Rann\u00ed Quad Safari Hurghada<\/strong> poskytuje <strong>nezapomenuteln\u00e9 dobrodru\u017estv\u00ed<\/strong>. Rezervujte si sv\u016fj <strong>ATV Hurghada r\u00e1no<\/strong> pro <strong>vzru\u0161uj\u00edc\u00ed za\u010d\u00e1tek<\/strong> va\u0161eho dne v <strong>Egypt\u011b<\/strong>!<\/p>\n<h3><span class=\"TextRun SCXW176139412 BCX0\" lang=\"CS-CZ\" xml:lang=\"CS-CZ\" data-contrast=\"auto\"><span class=\"NormalTextRun SCXW176139412 BCX0\">Detaily v\u00fdletu<\/span><\/span><\/h3>\n<ul>\n<li><strong>D\u00e9lka:<\/strong> 4 hodiny (v\u010detn\u011b transferu)<\/li>\n<li><strong>\u010cas vyzvednut\u00ed:<\/strong> R\u00e1no v 08:00<\/li>\n<li><strong>\u010cas odjezdu:<\/strong> R\u00e1no ve 12:30<\/li>\n<li><strong>Typ prohl\u00eddky:<\/strong> Skupinov\u00e1<\/li>\n<li><strong>Dostupnost:<\/strong> Ka\u017ed\u00fd den<\/li>\n<li><strong>D\u00e9lka aktivity:<\/strong> 3 hodiny<\/li>\n<li><strong>Velikost skupiny:<\/strong> 6-15 osob<\/li>\n<li><strong>Jazyky:<\/strong> Pr\u016fvodce mluv\u00ed anglicky<\/li>\n<li><strong>Harmonogram:<\/strong> Online rezervace<\/li>\n<li><strong>Vyzvednut\u00ed a odvoz:<\/strong> Hotely v Hurghad\u011b<\/li>\n<\/ul>\n<p><strong>Poutav\u00e9 body<\/strong><\/p>\n<ul>\n<li>25 km j\u00edzda na \u010dty\u0159kolce ATV<\/li>\n<li>Bedu\u00ednsk\u00e1 vesnice<\/li>\n<li>J\u00edzda na velbloudu<\/li>\n<\/ul>\n<p><strong>Zahrnuje<\/strong><\/p>\n<ul>\n<li>Vyzvednut\u00ed a odvoz z hotelu<\/li>\n<li>Dan\u011b<\/li>\n<li>Pr\u016fvodce pou\u0161tn\u00edm safari<\/li>\n<li>Voda<\/li>\n<li>Helma<\/li>\n<\/ul>\n<p><strong>Nezahrnuje<\/strong><\/p>\n<ul>\n<li>Spropitn\u00e9<\/li>\n<li>\u0160\u00e1tek<\/li>\n<li>Ochrann\u00e9 br\u00fdle<\/li>\n<li>DVD nebo fotografie od kameramana<\/li>\n<li>Jak\u00e9koli neuveden\u00e9 dopl\u0148ky<\/li>\n<\/ul>\n<p><strong>Itiner\u00e1\u0159<\/strong><\/p>\n<p>Za\u010dn\u011bte svou <strong>rann\u00ed j\u00edzdu na \u010dty\u0159kolk\u00e1ch v Hurghad\u011b<\/strong> transferem z hotelu na stanici pou\u0161tn\u00ed safari. Obdr\u017e\u00edte bezpe\u010dnostn\u00ed vybaven\u00ed a podrobn\u00e9 instrukce od va\u0161eho pr\u016fvodce, abyste se s vozidly sezn\u00e1mili. Vydejte se ze stanice \u010dty\u0159kolek na palub\u011b va\u0161eho <strong>soukrom\u00e9ho ATV<\/strong> k n\u011bkter\u00fdm z nej\u00fa\u017easn\u011bj\u0161\u00edch m\u00edst v pou\u0161ti. Okuste <strong>pou\u0161tn\u00ed safari dobrodru\u017estv\u00ed<\/strong> p\u0159es p\u00edse\u010dn\u00e9 duny pou\u0161t\u011b. B\u011bhem j\u00edzdy do bedu\u00ednsk\u00e9 vesnice si u\u017eijete dv\u011b zast\u00e1vky na focen\u00ed. <strong>Fotografie pou\u0161t\u011b Hurghada<\/strong>. Odpo\u010di\u0148te si v bedu\u00ednsk\u00e9m stanu v <strong>Bedu\u00ednsk\u00e9 vesnici<\/strong> a vychutnejte si egyptsk\u00fd \u010daj s m\u00e1tou. U\u017eijte si <strong>j\u00edzdu na velbloudu<\/strong> p\u0159ed koncem va\u0161\u00ed t\u00fary. Pot\u00e9, po j\u00edzd\u011b na velbloudu, se vra\u0165te na stanici ATV, ne\u017e budete p\u0159evezeni zp\u011bt do va\u0161eho hotelu na konci va\u0161ich <strong>v\u00fdlet\u016f z Hurghady<\/strong>.<\/p>\n<p><strong>Pozn\u00e1mka:<\/strong><\/p>\n<p>D\u011bti mlad\u0161\u00ed 14 let nemaj\u00ed povolenou j\u00edzdu na \u010dty\u0159kolce.<\/p>\n<p><strong>Rann\u00ed j\u00edzda na \u010dty\u0159kolk\u00e1ch Hurghada Cena<\/strong><\/p>\n<p>Cena pro dosp\u011bl\u00e9: 20 $<\/p>\n<p>D\u011bti 0-5 let: zdarma<\/p>\n<p>D\u011bti 5-11 let: 50 % z ceny pro dosp\u011bl\u00e9<\/p>\n<p><strong>Rezervace<\/strong><\/p>\n<p>Svou prohl\u00eddku si m\u016f\u017eete rezervovat p\u0159es WhatsApp nebo n\u00e1m poslat e-mail a potvrzen\u00ed obdr\u017e\u00edte okam\u017eit\u011b. Pros\u00edm, za\u0161lete n\u00e1m n\u00e1zev va\u0161eho hotelu, \u010d\u00edslo pokoje a kopie pas\u016f.<\/p>\n<p><strong>WhatsApp:<\/strong> +201000852186<\/p>\n<p>info@egytourpackages.com<\/p>\n<p><strong>Rezervujte nyn\u00ed &amp; pla\u0165te na m\u00edst\u011b<\/strong> Rezervujte si sv\u016fj obl\u00edben\u00fd v\u00fdlet a zapla\u0165te v den cesty.<\/p>\n<p><strong>Platba<\/strong><\/p>\n<p>M\u016f\u017eete platit egyptsk\u00fdmi librami, $, \u20ac nebo \u00a3.<\/p>\n<p><strong>Storno podm\u00ednky<\/strong><\/p>\n<p><strong>Zru\u0161en\u00ed zdarma<\/strong> a\u017e 24 hodin p\u0159edem. Rann\u00ed zru\u0161en\u00ed je 50 % z ceny.<\/p>\n","protected":false},"excerpt":{"rendered":"<p>Rann\u00ed safari na \u010dty\u0159kolk\u00e1ch z Hurghady | Prozkoumejte pou\u0161\u0165 Hurghada a j\u00edzdu na velbloudech s rann\u00edmi v\u00fdlety na \u010dty\u0159kolk\u00e1ch z hotel\u016f v Hurghad\u011b.<\/p>\n","protected":false},"featured_media":3533,"comment_status":"open","ping_status":"closed","template":"","meta":[],"product_brand":[],"product_cat":[1466],"product_tag":[1470,1469],"class_list":{"0":"post-4177","1":"product","2":"type-product","3":"status-publish","4":"has-post-thumbnail","6":"product_cat-vylety","7":"product_tag-jednodenni-vylety-po-egypte","8":"product_tag-vylety-v-hurgade","9":"tour_category-jednodenni-vylety-po-egypte-cs","10":"tour_category-safari-vylety-v-pousti-hurghada","11":"tour_category-vylety-v-hurgade","13":"first","14":"instock","15":"sale","16":"shipping-taxable","17":"purchasable","18":"product-type-tour","19":"has-default-attributes"},"yoast_head":"<!-- This site is optimized with the Yoast SEO Premium plugin v27.4 (Yoast SEO v27.4) - https:\/\/yoast.com\/product\/yoast-seo-premium-wordpress\/ -->\n<title>Rann\u00ed safari na \u010dty\u0159kolk\u00e1ch z Hurghady<\/title>\n<meta name=\"description\" content=\"Rann\u00ed safari na \u010dty\u0159kolk\u00e1ch z Hurghady | Prozkoumejte pou\u0161\u0165 Hurghada a j\u00edzdu na velbloudech s rann\u00edmi v\u00fdlety na \u010dty\u0159kolk\u00e1ch z hotel\u016f v Hurghad\u011b.\" \/>\n<meta name=\"robots\" content=\"index, follow, max-snippet:-1, max-image-preview:large, max-video-preview:-1\" \/>\n<link rel=\"canonical\" href=\"https:\/\/egytourpackages.com\/cs\/prohlidky\/ranni-safari-na-ctyrkolkach-z-hurghady\/\" \/>\n<meta property=\"og:locale\" content=\"cs_CZ\" \/>\n<meta property=\"og:type\" content=\"article\" \/>\n<meta property=\"og:title\" content=\"Rann\u00ed safari na \u010dty\u0159kolk\u00e1ch z Hurghady\" \/>\n<meta property=\"og:description\" content=\"Rann\u00ed safari na \u010dty\u0159kolk\u00e1ch z Hurghady | Prozkoumejte pou\u0161\u0165 Hurghada a j\u00edzdu na velbloudech s rann\u00edmi v\u00fdlety na \u010dty\u0159kolk\u00e1ch z hotel\u016f v Hurghad\u011b.\" \/>\n<meta property=\"og:url\" content=\"https:\/\/egytourpackages.com\/cs\/prohlidky\/ranni-safari-na-ctyrkolkach-z-hurghady\/\" \/>\n<meta property=\"og:site_name\" content=\"Z\u00e1jezdy po Egypt\u011b\" \/>\n<meta property=\"article:publisher\" content=\"https:\/\/www.facebook.com\/egytourpackages\" \/>\n<meta property=\"article:modified_time\" content=\"2026-01-28T23:37:47+00:00\" \/>\n<meta property=\"og:image\" content=\"https:\/\/egytourpackages.com\/wp-content\/uploads\/2025\/03\/Morning-Quad-Biking-Safari-from-Hurghada.jpeg\" \/>\n\t<meta property=\"og:image:width\" content=\"1200\" \/>\n\t<meta property=\"og:image:height\" content=\"799\" \/>\n\t<meta property=\"og:image:type\" content=\"image\/jpeg\" \/>\n<meta name=\"twitter:card\" content=\"summary_large_image\" \/>\n<meta name=\"twitter:title\" content=\"Rann\u00ed safari na \u010dty\u0159kolk\u00e1ch z Hurghady\" \/>\n<meta name=\"twitter:label1\" content=\"Cena\" \/>\n\t<meta name=\"twitter:data1\" content=\"&euro;20\" \/>\n\t<meta name=\"twitter:label2\" content=\"Dostupnost\" \/>\n\t<meta name=\"twitter:data2\" content=\"Skladem\" \/>\n<script type=\"application\/ld+json\" class=\"yoast-schema-graph\">{\"@context\":\"https:\\\/\\\/schema.org\",\"@graph\":[{\"@type\":\"WebPage\",\"@id\":\"https:\\\/\\\/egytourpackages.com\\\/cs\\\/prohlidky\\\/ranni-safari-na-ctyrkolkach-z-hurghady\\\/\",\"url\":\"https:\\\/\\\/egytourpackages.com\\\/cs\\\/prohlidky\\\/ranni-safari-na-ctyrkolkach-z-hurghady\\\/\",\"name\":\"Rann\u00ed safari na \u010dty\u0159kolk\u00e1ch z Hurghady\",\"isPartOf\":{\"@id\":\"https:\\\/\\\/egytourpackages.com\\\/cs\\\/#website\"},\"primaryImageOfPage\":{\"@id\":\"https:\\\/\\\/egytourpackages.com\\\/cs\\\/prohlidky\\\/ranni-safari-na-ctyrkolkach-z-hurghady\\\/#primaryimage\"},\"image\":{\"@id\":\"https:\\\/\\\/egytourpackages.com\\\/cs\\\/prohlidky\\\/ranni-safari-na-ctyrkolkach-z-hurghady\\\/#primaryimage\"},\"thumbnailUrl\":\"https:\\\/\\\/egytourpackages.com\\\/wp-content\\\/uploads\\\/2025\\\/03\\\/Morning-Quad-Biking-Safari-from-Hurghada.jpeg\",\"datePublished\":\"2025-03-30T22:31:30+00:00\",\"dateModified\":\"2026-01-28T23:37:47+00:00\",\"description\":\"Rann\u00ed safari na \u010dty\u0159kolk\u00e1ch z Hurghady | Prozkoumejte pou\u0161\u0165 Hurghada a j\u00edzdu na velbloudech s rann\u00edmi v\u00fdlety na \u010dty\u0159kolk\u00e1ch z hotel\u016f v Hurghad\u011b.\",\"breadcrumb\":{\"@id\":\"https:\\\/\\\/egytourpackages.com\\\/cs\\\/prohlidky\\\/ranni-safari-na-ctyrkolkach-z-hurghady\\\/#breadcrumb\"},\"inLanguage\":\"cs\",\"potentialAction\":[{\"@type\":\"ReadAction\",\"target\":[\"https:\\\/\\\/egytourpackages.com\\\/cs\\\/prohlidky\\\/ranni-safari-na-ctyrkolkach-z-hurghady\\\/\"]}]},{\"@type\":\"ImageObject\",\"inLanguage\":\"cs\",\"@id\":\"https:\\\/\\\/egytourpackages.com\\\/cs\\\/prohlidky\\\/ranni-safari-na-ctyrkolkach-z-hurghady\\\/#primaryimage\",\"url\":\"https:\\\/\\\/egytourpackages.com\\\/wp-content\\\/uploads\\\/2025\\\/03\\\/Morning-Quad-Biking-Safari-from-Hurghada.jpeg\",\"contentUrl\":\"https:\\\/\\\/egytourpackages.com\\\/wp-content\\\/uploads\\\/2025\\\/03\\\/Morning-Quad-Biking-Safari-from-Hurghada.jpeg\",\"width\":1200,\"height\":799,\"caption\":\"Rann\u00ed j\u00edzda na \u010dty\u0159kolk\u00e1ch z Hurghady\"},{\"@type\":\"BreadcrumbList\",\"@id\":\"https:\\\/\\\/egytourpackages.com\\\/cs\\\/prohlidky\\\/ranni-safari-na-ctyrkolkach-z-hurghady\\\/#breadcrumb\",\"itemListElement\":[{\"@type\":\"ListItem\",\"position\":1,\"name\":\"Dom\u016f\",\"item\":\"https:\\\/\\\/egytourpackages.com\\\/cs\\\/balicky-vyletu-po-egypte\\\/\"},{\"@type\":\"ListItem\",\"position\":2,\"name\":\"Shop\",\"item\":\"https:\\\/\\\/egytourpackages.com\\\/cs\\\/shop\\\/\"},{\"@type\":\"ListItem\",\"position\":3,\"name\":\"Rann\u00ed safari na \u010dty\u0159kolk\u00e1ch z Hurghady\"}]},{\"@type\":\"WebSite\",\"@id\":\"https:\\\/\\\/egytourpackages.com\\\/cs\\\/#website\",\"url\":\"https:\\\/\\\/egytourpackages.com\\\/cs\\\/\",\"name\":\"Egy tour packages\",\"description\":\"\",\"publisher\":{\"@id\":\"https:\\\/\\\/egytourpackages.com\\\/cs\\\/#organization\"},\"potentialAction\":[{\"@type\":\"SearchAction\",\"target\":{\"@type\":\"EntryPoint\",\"urlTemplate\":\"https:\\\/\\\/egytourpackages.com\\\/cs\\\/?s={search_term_string}\"},\"query-input\":{\"@type\":\"PropertyValueSpecification\",\"valueRequired\":true,\"valueName\":\"search_term_string\"}}],\"inLanguage\":\"cs\"},{\"@type\":[\"Organization\",\"Place\",\"TravelAgency\"],\"@id\":\"https:\\\/\\\/egytourpackages.com\\\/cs\\\/#organization\",\"name\":\"egypt tour packages\",\"alternateName\":\"egypt tour packages\",\"url\":\"https:\\\/\\\/egytourpackages.com\\\/cs\\\/\",\"logo\":{\"@id\":\"https:\\\/\\\/egytourpackages.com\\\/cs\\\/prohlidky\\\/ranni-safari-na-ctyrkolkach-z-hurghady\\\/#local-main-organization-logo\"},\"image\":{\"@id\":\"https:\\\/\\\/egytourpackages.com\\\/cs\\\/prohlidky\\\/ranni-safari-na-ctyrkolkach-z-hurghady\\\/#local-main-organization-logo\"},\"sameAs\":[\"https:\\\/\\\/www.facebook.com\\\/egytourpackages\"],\"legalName\":\"Egy tour packages\",\"address\":{\"@id\":\"https:\\\/\\\/egytourpackages.com\\\/cs\\\/prohlidky\\\/ranni-safari-na-ctyrkolkach-z-hurghady\\\/#local-main-place-address\"},\"telephone\":[\"00201000852186\",\"00201028685533\"],\"contactPoint\":{\"@type\":\"ContactPoint\",\"telephone\":\"00201000852186\"},\"openingHoursSpecification\":[{\"@type\":\"OpeningHoursSpecification\",\"dayOfWeek\":[\"Monday\",\"Tuesday\",\"Wednesday\",\"Thursday\",\"Friday\",\"Saturday\",\"Sunday\"],\"opens\":\"00:00\",\"closes\":\"23:59\"}],\"email\":\"info@egytourpackages.com\",\"areaServed\":\"Cairo, Hurghada, Luxor, Sharm El Sheikh, Marsa Alam, Aswan\",\"priceRange\":\"$\",\"currenciesAccepted\":\"euro\",\"paymentAccepted\":\"Payment links online\"},{\"@type\":\"PostalAddress\",\"@id\":\"https:\\\/\\\/egytourpackages.com\\\/cs\\\/prohlidky\\\/ranni-safari-na-ctyrkolkach-z-hurghady\\\/#local-main-place-address\",\"streetAddress\":\"Mubarak 8, Al Kawthar District, Hurghada\",\"addressLocality\":\"Hurghada\",\"postalCode\":\"84511\",\"addressRegion\":\"Red Sea\",\"addressCountry\":\"EG\"},{\"@type\":\"ImageObject\",\"inLanguage\":\"cs\",\"@id\":\"https:\\\/\\\/egytourpackages.com\\\/cs\\\/prohlidky\\\/ranni-safari-na-ctyrkolkach-z-hurghady\\\/#local-main-organization-logo\",\"url\":\"https:\\\/\\\/egytourpackages.com\\\/wp-content\\\/uploads\\\/2025\\\/12\\\/Turquoise-Dahabiya-Nile-Cruise-1.jpeg\",\"contentUrl\":\"https:\\\/\\\/egytourpackages.com\\\/wp-content\\\/uploads\\\/2025\\\/12\\\/Turquoise-Dahabiya-Nile-Cruise-1.jpeg\",\"width\":1040,\"height\":694,\"caption\":\"egypt tour packages\"}]}<\/script>\n<meta property=\"product:brand\" content=\"Jednodenn\u00ed v\u00fdlety po Egypt\u011b\" \/>\n<meta property=\"product:price:amount\" content=\"20\" \/>\n<meta property=\"product:price:currency\" content=\"EUR\" \/>\n<meta property=\"og:availability\" content=\"instock\" \/>\n<meta property=\"product:availability\" content=\"instock\" \/>\n<meta property=\"product:retailer_item_id\" content=\"HDT12\" \/>\n<meta property=\"product:condition\" content=\"new\" \/>\n<meta name=\"geo.placename\" content=\"Hurghada\" \/>\n<meta name=\"geo.region\" content=\"Egypt\" \/>\n<!-- \/ Yoast SEO Premium plugin. -->","yoast_head_json":{"title":"Rann\u00ed safari na \u010dty\u0159kolk\u00e1ch z Hurghady","description":"Rann\u00ed safari na \u010dty\u0159kolk\u00e1ch z Hurghady | Prozkoumejte pou\u0161\u0165 Hurghada a j\u00edzdu na velbloudech s rann\u00edmi v\u00fdlety na \u010dty\u0159kolk\u00e1ch z hotel\u016f v Hurghad\u011b.","robots":{"index":"index","follow":"follow","max-snippet":"max-snippet:-1","max-image-preview":"max-image-preview:large","max-video-preview":"max-video-preview:-1"},"canonical":"https:\/\/egytourpackages.com\/cs\/prohlidky\/ranni-safari-na-ctyrkolkach-z-hurghady\/","og_locale":"cs_CZ","og_type":"article","og_title":"Rann\u00ed safari na \u010dty\u0159kolk\u00e1ch z Hurghady","og_description":"Rann\u00ed safari na \u010dty\u0159kolk\u00e1ch z Hurghady | Prozkoumejte pou\u0161\u0165 Hurghada a j\u00edzdu na velbloudech s rann\u00edmi v\u00fdlety na \u010dty\u0159kolk\u00e1ch z hotel\u016f v Hurghad\u011b.","og_url":"https:\/\/egytourpackages.com\/cs\/prohlidky\/ranni-safari-na-ctyrkolkach-z-hurghady\/","og_site_name":"Z\u00e1jezdy po Egypt\u011b","article_publisher":"https:\/\/www.facebook.com\/egytourpackages","article_modified_time":"2026-01-28T23:37:47+00:00","og_image":[{"width":1200,"height":799,"url":"https:\/\/egytourpackages.com\/wp-content\/uploads\/2025\/03\/Morning-Quad-Biking-Safari-from-Hurghada.jpeg","type":"image\/jpeg"}],"twitter_card":"summary_large_image","twitter_title":"Rann\u00ed safari na \u010dty\u0159kolk\u00e1ch z Hurghady","twitter_misc":{"Cena":"&euro;20","Dostupnost":"Skladem"},"schema":{"@context":"https:\/\/schema.org","@graph":[{"@type":"WebPage","@id":"https:\/\/egytourpackages.com\/cs\/prohlidky\/ranni-safari-na-ctyrkolkach-z-hurghady\/","url":"https:\/\/egytourpackages.com\/cs\/prohlidky\/ranni-safari-na-ctyrkolkach-z-hurghady\/","name":"Rann\u00ed safari na \u010dty\u0159kolk\u00e1ch z Hurghady","isPartOf":{"@id":"https:\/\/egytourpackages.com\/cs\/#website"},"primaryImageOfPage":{"@id":"https:\/\/egytourpackages.com\/cs\/prohlidky\/ranni-safari-na-ctyrkolkach-z-hurghady\/#primaryimage"},"image":{"@id":"https:\/\/egytourpackages.com\/cs\/prohlidky\/ranni-safari-na-ctyrkolkach-z-hurghady\/#primaryimage"},"thumbnailUrl":"https:\/\/egytourpackages.com\/wp-content\/uploads\/2025\/03\/Morning-Quad-Biking-Safari-from-Hurghada.jpeg","datePublished":"2025-03-30T22:31:30+00:00","dateModified":"2026-01-28T23:37:47+00:00","description":"Rann\u00ed safari na \u010dty\u0159kolk\u00e1ch z Hurghady | Prozkoumejte pou\u0161\u0165 Hurghada a j\u00edzdu na velbloudech s rann\u00edmi v\u00fdlety na \u010dty\u0159kolk\u00e1ch z hotel\u016f v Hurghad\u011b.","breadcrumb":{"@id":"https:\/\/egytourpackages.com\/cs\/prohlidky\/ranni-safari-na-ctyrkolkach-z-hurghady\/#breadcrumb"},"inLanguage":"cs","potentialAction":[{"@type":"ReadAction","target":["https:\/\/egytourpackages.com\/cs\/prohlidky\/ranni-safari-na-ctyrkolkach-z-hurghady\/"]}]},{"@type":"ImageObject","inLanguage":"cs","@id":"https:\/\/egytourpackages.com\/cs\/prohlidky\/ranni-safari-na-ctyrkolkach-z-hurghady\/#primaryimage","url":"https:\/\/egytourpackages.com\/wp-content\/uploads\/2025\/03\/Morning-Quad-Biking-Safari-from-Hurghada.jpeg","contentUrl":"https:\/\/egytourpackages.com\/wp-content\/uploads\/2025\/03\/Morning-Quad-Biking-Safari-from-Hurghada.jpeg","width":1200,"height":799,"caption":"Rann\u00ed j\u00edzda na \u010dty\u0159kolk\u00e1ch z Hurghady"},{"@type":"BreadcrumbList","@id":"https:\/\/egytourpackages.com\/cs\/prohlidky\/ranni-safari-na-ctyrkolkach-z-hurghady\/#breadcrumb","itemListElement":[{"@type":"ListItem","position":1,"name":"Dom\u016f","item":"https:\/\/egytourpackages.com\/cs\/balicky-vyletu-po-egypte\/"},{"@type":"ListItem","position":2,"name":"Shop","item":"https:\/\/egytourpackages.com\/cs\/shop\/"},{"@type":"ListItem","position":3,"name":"Rann\u00ed safari na \u010dty\u0159kolk\u00e1ch z Hurghady"}]},{"@type":"WebSite","@id":"https:\/\/egytourpackages.com\/cs\/#website","url":"https:\/\/egytourpackages.com\/cs\/","name":"Egy tour packages","description":"","publisher":{"@id":"https:\/\/egytourpackages.com\/cs\/#organization"},"potentialAction":[{"@type":"SearchAction","target":{"@type":"EntryPoint","urlTemplate":"https:\/\/egytourpackages.com\/cs\/?s={search_term_string}"},"query-input":{"@type":"PropertyValueSpecification","valueRequired":true,"valueName":"search_term_string"}}],"inLanguage":"cs"},{"@type":["Organization","Place","TravelAgency"],"@id":"https:\/\/egytourpackages.com\/cs\/#organization","name":"egypt tour packages","alternateName":"egypt tour packages","url":"https:\/\/egytourpackages.com\/cs\/","logo":{"@id":"https:\/\/egytourpackages.com\/cs\/prohlidky\/ranni-safari-na-ctyrkolkach-z-hurghady\/#local-main-organization-logo"},"image":{"@id":"https:\/\/egytourpackages.com\/cs\/prohlidky\/ranni-safari-na-ctyrkolkach-z-hurghady\/#local-main-organization-logo"},"sameAs":["https:\/\/www.facebook.com\/egytourpackages"],"legalName":"Egy tour packages","address":{"@id":"https:\/\/egytourpackages.com\/cs\/prohlidky\/ranni-safari-na-ctyrkolkach-z-hurghady\/#local-main-place-address"},"telephone":["00201000852186","00201028685533"],"contactPoint":{"@type":"ContactPoint","telephone":"00201000852186"},"openingHoursSpecification":[{"@type":"OpeningHoursSpecification","dayOfWeek":["Monday","Tuesday","Wednesday","Thursday","Friday","Saturday","Sunday"],"opens":"00:00","closes":"23:59"}],"email":"info@egytourpackages.com","areaServed":"Cairo, Hurghada, Luxor, Sharm El Sheikh, Marsa Alam, Aswan","priceRange":"$","currenciesAccepted":"euro","paymentAccepted":"Payment links online"},{"@type":"PostalAddress","@id":"https:\/\/egytourpackages.com\/cs\/prohlidky\/ranni-safari-na-ctyrkolkach-z-hurghady\/#local-main-place-address","streetAddress":"Mubarak 8, Al Kawthar District, Hurghada","addressLocality":"Hurghada","postalCode":"84511","addressRegion":"Red Sea","addressCountry":"EG"},{"@type":"ImageObject","inLanguage":"cs","@id":"https:\/\/egytourpackages.com\/cs\/prohlidky\/ranni-safari-na-ctyrkolkach-z-hurghady\/#local-main-organization-logo","url":"https:\/\/egytourpackages.com\/wp-content\/uploads\/2025\/12\/Turquoise-Dahabiya-Nile-Cruise-1.jpeg","contentUrl":"https:\/\/egytourpackages.com\/wp-content\/uploads\/2025\/12\/Turquoise-Dahabiya-Nile-Cruise-1.jpeg","width":1040,"height":694,"caption":"egypt tour packages"}]},"product_brand":"Jednodenn\u00ed v\u00fdlety po Egypt\u011b","product_price_amount":"20","product_price_currency":"EUR","og_availability":"instock","product_availability":"instock","product_retailer_item_id":"HDT12","product_condition":"new","geo.placename":"Hurghada","geo.region":"Egypt"},"_links":{"self":[{"href":"https:\/\/egytourpackages.com\/cs\/wp-json\/wp\/v2\/product\/4177","targetHints":{"allow":["GET"]}}],"collection":[{"href":"https:\/\/egytourpackages.com\/cs\/wp-json\/wp\/v2\/product"}],"about":[{"href":"https:\/\/egytourpackages.com\/cs\/wp-json\/wp\/v2\/types\/product"}],"replies":[{"embeddable":true,"href":"https:\/\/egytourpackages.com\/cs\/wp-json\/wp\/v2\/comments?post=4177"}],"wp:featuredmedia":[{"embeddable":true,"href":"https:\/\/egytourpackages.com\/cs\/wp-json\/wp\/v2\/media\/3533"}],"wp:attachment":[{"href":"https:\/\/egytourpackages.com\/cs\/wp-json\/wp\/v2\/media?parent=4177"}],"wp:term":[{"taxonomy":"product_brand","embeddable":true,"href":"https:\/\/egytourpackages.com\/cs\/wp-json\/wp\/v2\/product_brand?post=4177"},{"taxonomy":"product_cat","embeddable":true,"href":"https:\/\/egytourpackages.com\/cs\/wp-json\/wp\/v2\/product_cat?post=4177"},{"taxonomy":"product_tag","embeddable":true,"href":"https:\/\/egytourpackages.com\/cs\/wp-json\/wp\/v2\/product_tag?post=4177"}],"curies":[{"name":"wp","href":"https:\/\/api.w.org\/{rel}","templated":true}]}}