{"id":4224,"date":"2025-05-24T22:03:54","date_gmt":"2025-05-24T22:03:54","guid":{"rendered":"https:\/\/egytourpackages.com\/product\/ranni-poustni-safari-z-makadi-bay\/"},"modified":"2026-02-11T14:28:03","modified_gmt":"2026-02-11T14:28:03","slug":"ranni-poustni-safari-z-makadi-bay","status":"publish","type":"product","link":"https:\/\/egytourpackages.com\/cs\/prohlidky\/ranni-poustni-safari-z-makadi-bay\/","title":{"rendered":"Rann\u00ed pou\u0161tn\u00ed Safari z\u202fMakadi Bay"},"content":{"rendered":"<p><strong><span style=\"color: #ff6600;\">Rann\u00ed pou\u0161tn\u00ed Safari z\u202fMakadi Bay<\/span><\/strong><\/p>\n<p>Rann\u00ed pou\u0161tn\u00ed Safari Makadi Bay\/Rezervace levn\u00e9ho <strong>Pou\u0161tn\u00edho<\/strong> <strong>Safari v\u202fEgypt\u011b<\/strong> s\u202f<u>V\u00fdlety Hurghada<\/u>\/ <strong>J\u00edzda<\/strong> <strong>na<\/strong> <strong>velbloudech<\/strong>\/<strong>Bedu\u00ednsk\u00e1<\/strong> <strong>vesnice<\/strong><\/p>\n<p>Rann\u00ed pou\u0161tn\u00ed Safari na \u010dty\u0159kolce z\u202fHurghady je v\u00edc ne\u017e jen j\u00edzda. Je to z\u00e1\u017eitek, kter\u00fd kombinuje <strong>j\u00edzdn\u00ed<\/strong> <strong>dobrodru\u017estv\u00ed<\/strong>, p\u0159\u00edrodu a kulturu do jednoho vzru\u0161uj\u00edc\u00edho bal\u00ed\u010dku.<\/p>\n<p>Rezervace cenov\u011b dostupn\u00fdch t\u0159\u00edhodinov\u00fdch <strong>Rann\u00edch pou\u0161tn\u00edch<\/strong> <strong>v\u00fdlet\u016f<\/strong> ze v\u0161ech hotel\u016f v\u202fMakadi Bay. Objevte <u>nejlep\u0161\u00ed aktivity v\u202fHurghad\u011b<\/u> s\u202fter\u00e9n\u00edm dobrodru\u017estv\u00edm na \u010dty\u0159kolce ATV z\u202fMakadi Bay. <strong>Rann\u00ed Safari<\/strong> <strong>na<\/strong> <strong>\u010dty\u0159kolce z\u202fMakadi Bay<\/strong> nab\u00edz\u00ed nepochybn\u011b aktivity v\u202fp\u0159\u00edrod\u011b pro ka\u017ed\u00e9ho.<\/p>\n<p>Pr\u016fvodce v\u00e1s zavede hluboko do srdce V\u00fdchodn\u00ed pou\u0161t\u011b, kde na v\u00e1s \u010dekaj\u00ed zlat\u00e9 p\u00edse\u010dn\u00e9 duny a\u00a0 starobyl\u00e1 bedu\u00ednsk\u00e1 kultura. Nasedn\u011bte na svou v\u00fdkonnou <strong>\u010dty\u0159kolku v\u202fMakadi Bay <\/strong>a proje\u010fte p\u00edse\u010dn\u00fdmi dunami. U\u017eijte si radost z\u202fj\u00edzdy, zat\u00edm co rann\u00ed slunce bude zal\u00e9vat magickou z\u00e1\u0159\u00ed rozlehlou pou\u0161\u0165.<\/p>\n<p>Zajist\u011bte si m\u00edsto na nejlep\u0161\u00ed <strong>Rann\u00ed<\/strong> <strong>Safari na \u010dty\u0159kolce<\/strong> v\u202fMakadi Bay a vytvo\u0159te si trval\u00e9 vzpom\u00ednky, zejm\u00e9na na n\u00e1v\u0161t\u011bvu bedu\u00ednsk\u00e9 vesnice, pop\u00edjen\u00edm tradi\u010dn\u00edho \u010daje, proj\u00ed\u017e\u010fce na velbloudovi a to v\u0161e s\u202fp\u0159id\u00e1n\u00edm kulturn\u00edho n\u00e1dechu do va\u0161eho vzru\u0161uj\u00edc\u00edho v\u00fdletu.<\/p>\n<h3><span style=\"color: #ff6600;\">Detaily v\u00fdletu<\/span><\/h3>\n<ul>\n<li>D\u00e9lka trv\u00e1n\u00ed:4 hodiny.<\/li>\n<li>M\u00edsto v\u00fdletu: V\u00fdchodn\u00ed egyptsk\u00e1 pou\u0161\u0165 Hurghada.<\/li>\n<li>Dostupnost v\u00fdletu: Ka\u017ed\u00fd den.<\/li>\n<li>Vyzvednut\u00ed a odvoz: V\u0161echny hotely v\u202fMakadi Bay.<\/li>\n<li>Typ v\u00fdletu: Skupinov\u00fd\/Soukrom\u00fd.<\/li>\n<li>Invalidn\u00ed voz\u00edk a bezbari\u00e9rov\u00fd p\u0159\u00edstup.<\/li>\n<\/ul>\n<h3><span style=\"color: #ff6600;\">Hlavn\u00ed body v\u00fdletu<\/span><\/h3>\n<p>ATV j\u00edzda na\u00a0 \u010dty\u0159kolce cca 35 km.<\/p>\n<p>Proj\u00ed\u017e\u010fka na velbloudu.<\/p>\n<p>Objev\u00edte bedu\u00ednsk\u00fd \u017eivotn\u00ed styl.<\/p>\n<h3><span style=\"color: #ff6600;\">Zahrnuto v\u202fcen\u011b<\/span><\/h3>\n<ul>\n<li>Vyzvednut\u00ed a odvoz z\u00a0 hotel\u016f v\u202fMakadi Bay.<\/li>\n<li>Profesion\u00e1ln\u00ed pr\u016fvodce pou\u0161t\u00ed.<\/li>\n<li>J\u00edzda pou\u0161ti na velbloudech.<\/li>\n<li>Prohl\u00eddka bedu\u00ednsk\u00e9 vesnice s\u202fbedu\u00ednsk\u00fdm \u010dajem.<\/li>\n<li>Zku\u0161ebn\u00ed j\u00edzda p\u0159ed zah\u00e1jen\u00edm v\u00fdletu.<\/li>\n<li>\u010cty\u0159kolka pro jednoho.<\/li>\n<li>V\u0161echny servisn\u00ed poplatky a taxy jsou zahrnuty v\u202fcen\u011b.<\/li>\n<\/ul>\n<h3><span style=\"color: #ff6600;\">Nen\u00ed zahrnuto v\u202fcen\u011b<\/span><\/h3>\n<ul>\n<li>DVD a fotografie od kameramana.<\/li>\n<li>Spropitn\u00e9.<\/li>\n<li>Vyzvednut\u00ed a odvoz z\u202flokalit v\u202fMakadi Bay, Sahl Hasheesh, El Gouna, Soma Bay a Safaga.<\/li>\n<\/ul>\n<h3><span style=\"color: #ff6600;\">Co si vz\u00edt sebou<\/span><\/h3>\n<ul>\n<li>Kopii pasu.<\/li>\n<li>Pokr\u00fdvku hlavy, slune\u010dn\u00ed br\u00fdle a opalovac\u00ed kr\u00e9m.<\/li>\n<li>Pohodln\u00e9 oble\u010den\u00ed a obuv.<\/li>\n<\/ul>\n<h3><span style=\"color: #ff6600;\">Upozorn\u011bn\u00ed<\/span><\/h3>\n<p>\u0158\u00eddit \u010dty\u0159kolku a vozidla ATV\u00a0 je povoleno od 16 let.<\/p>\n<p>V\u0161echny na\u0161e v\u00fdlety jsou pln\u011b poji\u0161t\u011bny.<\/p>\n<p>\u0160\u00e1tky je mo\u017en\u00e9 zakoupit za 5 eur<\/p>\n<p>Ochrann\u00e9 br\u00fdle k\u202fzap\u016fj\u010den\u00ed za poplatek 2 eura.<\/p>\n<h3><span style=\"color: #ff6600;\">Pl\u00e1n v\u00fdletu<\/span><\/h3>\n<p>Po vyzvednut\u00ed z\u202fhotelu a p\u0159\u00edjezdu na stanovi\u0161t\u011b pro \u010dty\u0159kolky, v\u00e1m zku\u0161en\u00fd pr\u016fvodce poskytne bezpe\u010dnostn\u00ed instrukt\u00e1\u017e a nau\u010d\u00ed v\u00e1s, jak zach\u00e1zet se \u010dty\u0159kolkou. Jedn\u00edm z\u202fvrcholn\u00fdch z\u00e1\u017eitk\u016f na v\u00fdlet\u011b je\u00a0 n\u00e1v\u0161t\u011bva tradi\u010dn\u00edho <strong>bedu\u00ednsk\u00e9ho<\/strong> <strong>t\u00e1bora<\/strong>.<\/p>\n<p>Zde si m\u016f\u017eete odpo\u010dinout, u\u017e\u00edt si j\u00edzdu na velbloudovi, pochutnat si na m\u00edstn\u00edm \u010daji a dozv\u011bd\u011bt se v\u00edce o bedu\u00ednsk\u00fdch tradic\u00edch. <strong>Bal\u00ed\u010dky v\u00fdlet\u016f po Egypt\u011b<\/strong> nab\u00edzej\u00ed toto Rann\u00ed Safari z\u202fMakadi Bay denn\u011b pro jednotlivce i dvojice.<\/p>\n<p>Pokud hled\u00e1te nejlep\u0161\u00ed <strong>Safari v\u00fdlety pro S\u00f3lo cestovatele,<\/strong> <strong>p\u00e1ry<\/strong>, <strong>rodiny<\/strong> i s\u202f<strong>v\u00fdhodnou cenou<\/strong> pro skupiny, abyste si u\u017eili <strong>jedine\u010dn\u00e9 dobrodru\u017estv\u00ed<\/strong> v\u202fpou\u0161ti kolem Rud\u00e9ho mo\u0159e, rezervujte si u n\u00e1s u\u017e nyn\u00ed <strong>nezapomenuteln\u00e9 chv\u00edle<\/strong>.<\/p>\n","protected":false},"excerpt":{"rendered":"<p>Rann\u00ed pou\u0161tn\u00ed safari z Makadi Bay | U\u017eijte si z\u00e1\u017eitek, kter\u00fd kombinuje dobrodru\u017estv\u00ed z j\u00edzdy, p\u0159\u00edrodu a kulturu do jednoho vzru\u0161uj\u00edc\u00edho bal\u00ed\u010dku.<\/p>\n","protected":false},"featured_media":3536,"comment_status":"open","ping_status":"closed","template":"","meta":[],"product_brand":[],"product_cat":[1466],"product_tag":[1470,1469,1969],"class_list":{"0":"post-4224","1":"product","2":"type-product","3":"status-publish","4":"has-post-thumbnail","6":"product_cat-vylety","7":"product_tag-jednodenni-vylety-po-egypte","8":"product_tag-vylety-v-hurgade","9":"product_tag-vylety-z-makadi-bay","10":"tour_category-jednodenni-vylety-po-egypte-cs","11":"tour_category-safari-vylety-v-pousti-hurghada","12":"tour_category-vylety-do-makadi-bay","14":"first","15":"instock","16":"sale","17":"shipping-taxable","18":"purchasable","19":"product-type-tour","20":"has-default-attributes"},"yoast_head":"<!-- This site is optimized with the Yoast SEO Premium plugin v27.4 (Yoast SEO v27.4) - https:\/\/yoast.com\/product\/yoast-seo-premium-wordpress\/ -->\n<title>Rann\u00ed pou\u0161tn\u00ed Safari z\u202fMakadi Bay | Egy tour packages<\/title>\n<meta name=\"description\" content=\"Rann\u00ed pou\u0161tn\u00ed safari z Makadi Bay | U\u017eijte si z\u00e1\u017eitek, kter\u00fd kombinuje dobrodru\u017estv\u00ed z j\u00edzdy, p\u0159\u00edrodu a kulturu do jednoho vzru\u0161uj\u00edc\u00edho bal\u00ed\u010dku.\" \/>\n<meta name=\"robots\" content=\"index, follow, max-snippet:-1, max-image-preview:large, max-video-preview:-1\" \/>\n<link rel=\"canonical\" href=\"https:\/\/egytourpackages.com\/cs\/prohlidky\/ranni-poustni-safari-z-makadi-bay\/\" \/>\n<meta property=\"og:locale\" content=\"cs_CZ\" \/>\n<meta property=\"og:type\" content=\"article\" \/>\n<meta property=\"og:title\" content=\"Rann\u00ed pou\u0161tn\u00ed Safari z\u202fMakadi Bay\" \/>\n<meta property=\"og:description\" content=\"Rann\u00ed pou\u0161tn\u00ed safari z Makadi Bay | U\u017eijte si z\u00e1\u017eitek, kter\u00fd kombinuje dobrodru\u017estv\u00ed z j\u00edzdy, p\u0159\u00edrodu a kulturu do jednoho vzru\u0161uj\u00edc\u00edho bal\u00ed\u010dku.\" \/>\n<meta property=\"og:url\" content=\"https:\/\/egytourpackages.com\/cs\/prohlidky\/ranni-poustni-safari-z-makadi-bay\/\" \/>\n<meta property=\"og:site_name\" content=\"Z\u00e1jezdy po Egypt\u011b\" \/>\n<meta property=\"article:publisher\" content=\"https:\/\/www.facebook.com\/egytourpackages\" \/>\n<meta property=\"article:modified_time\" content=\"2026-02-11T14:28:03+00:00\" \/>\n<meta property=\"og:image\" content=\"https:\/\/egytourpackages.com\/wp-content\/uploads\/2025\/03\/Camel-ride-Hurghada-safari-1024x682.jpeg\" \/>\n<meta name=\"twitter:card\" content=\"summary_large_image\" \/>\n<meta name=\"twitter:title\" content=\"Rann\u00ed pou\u0161tn\u00ed Safari z\u202fMakadi Bay\" \/>\n<meta name=\"twitter:label1\" content=\"Cena\" \/>\n\t<meta name=\"twitter:data1\" content=\"&euro;20\" \/>\n\t<meta name=\"twitter:label2\" content=\"Dostupnost\" \/>\n\t<meta name=\"twitter:data2\" content=\"Skladem\" \/>\n<script type=\"application\/ld+json\" class=\"yoast-schema-graph\">{\"@context\":\"https:\\\/\\\/schema.org\",\"@graph\":[{\"@type\":\"WebPage\",\"@id\":\"https:\\\/\\\/egytourpackages.com\\\/cs\\\/prohlidky\\\/ranni-poustni-safari-z-makadi-bay\\\/\",\"url\":\"https:\\\/\\\/egytourpackages.com\\\/cs\\\/prohlidky\\\/ranni-poustni-safari-z-makadi-bay\\\/\",\"name\":\"Rann\u00ed pou\u0161tn\u00ed Safari z\u202fMakadi Bay | Egy tour packages\",\"isPartOf\":{\"@id\":\"https:\\\/\\\/egytourpackages.com\\\/cs\\\/#website\"},\"primaryImageOfPage\":{\"@id\":\"https:\\\/\\\/egytourpackages.com\\\/cs\\\/prohlidky\\\/ranni-poustni-safari-z-makadi-bay\\\/#primaryimage\"},\"image\":{\"@id\":\"https:\\\/\\\/egytourpackages.com\\\/cs\\\/prohlidky\\\/ranni-poustni-safari-z-makadi-bay\\\/#primaryimage\"},\"thumbnailUrl\":\"https:\\\/\\\/egytourpackages.com\\\/wp-content\\\/uploads\\\/2025\\\/03\\\/Camel-ride-Hurghada-safari.jpeg\",\"datePublished\":\"2025-05-24T22:03:54+00:00\",\"dateModified\":\"2026-02-11T14:28:03+00:00\",\"description\":\"Rann\u00ed pou\u0161tn\u00ed safari z Makadi Bay | U\u017eijte si z\u00e1\u017eitek, kter\u00fd kombinuje dobrodru\u017estv\u00ed z j\u00edzdy, p\u0159\u00edrodu a kulturu do jednoho vzru\u0161uj\u00edc\u00edho bal\u00ed\u010dku.\",\"breadcrumb\":{\"@id\":\"https:\\\/\\\/egytourpackages.com\\\/cs\\\/prohlidky\\\/ranni-poustni-safari-z-makadi-bay\\\/#breadcrumb\"},\"inLanguage\":\"cs\",\"potentialAction\":[{\"@type\":\"ReadAction\",\"target\":[\"https:\\\/\\\/egytourpackages.com\\\/cs\\\/prohlidky\\\/ranni-poustni-safari-z-makadi-bay\\\/\"]}]},{\"@type\":\"ImageObject\",\"inLanguage\":\"cs\",\"@id\":\"https:\\\/\\\/egytourpackages.com\\\/cs\\\/prohlidky\\\/ranni-poustni-safari-z-makadi-bay\\\/#primaryimage\",\"url\":\"https:\\\/\\\/egytourpackages.com\\\/wp-content\\\/uploads\\\/2025\\\/03\\\/Camel-ride-Hurghada-safari.jpeg\",\"contentUrl\":\"https:\\\/\\\/egytourpackages.com\\\/wp-content\\\/uploads\\\/2025\\\/03\\\/Camel-ride-Hurghada-safari.jpeg\",\"width\":1280,\"height\":853,\"caption\":\"J\u00edzda na velbloudu safari Hurghada\"},{\"@type\":\"BreadcrumbList\",\"@id\":\"https:\\\/\\\/egytourpackages.com\\\/cs\\\/prohlidky\\\/ranni-poustni-safari-z-makadi-bay\\\/#breadcrumb\",\"itemListElement\":[{\"@type\":\"ListItem\",\"position\":1,\"name\":\"Dom\u016f\",\"item\":\"https:\\\/\\\/egytourpackages.com\\\/cs\\\/balicky-vyletu-po-egypte\\\/\"},{\"@type\":\"ListItem\",\"position\":2,\"name\":\"Shop\",\"item\":\"https:\\\/\\\/egytourpackages.com\\\/cs\\\/shop\\\/\"},{\"@type\":\"ListItem\",\"position\":3,\"name\":\"Rann\u00ed pou\u0161tn\u00ed Safari z\u202fMakadi Bay\"}]},{\"@type\":\"WebSite\",\"@id\":\"https:\\\/\\\/egytourpackages.com\\\/cs\\\/#website\",\"url\":\"https:\\\/\\\/egytourpackages.com\\\/cs\\\/\",\"name\":\"Egy tour packages\",\"description\":\"\",\"publisher\":{\"@id\":\"https:\\\/\\\/egytourpackages.com\\\/cs\\\/#organization\"},\"potentialAction\":[{\"@type\":\"SearchAction\",\"target\":{\"@type\":\"EntryPoint\",\"urlTemplate\":\"https:\\\/\\\/egytourpackages.com\\\/cs\\\/?s={search_term_string}\"},\"query-input\":{\"@type\":\"PropertyValueSpecification\",\"valueRequired\":true,\"valueName\":\"search_term_string\"}}],\"inLanguage\":\"cs\"},{\"@type\":[\"Organization\",\"Place\",\"TravelAgency\"],\"@id\":\"https:\\\/\\\/egytourpackages.com\\\/cs\\\/#organization\",\"name\":\"egypt tour packages\",\"alternateName\":\"egypt tour packages\",\"url\":\"https:\\\/\\\/egytourpackages.com\\\/cs\\\/\",\"logo\":{\"@id\":\"https:\\\/\\\/egytourpackages.com\\\/cs\\\/prohlidky\\\/ranni-poustni-safari-z-makadi-bay\\\/#local-main-organization-logo\"},\"image\":{\"@id\":\"https:\\\/\\\/egytourpackages.com\\\/cs\\\/prohlidky\\\/ranni-poustni-safari-z-makadi-bay\\\/#local-main-organization-logo\"},\"sameAs\":[\"https:\\\/\\\/www.facebook.com\\\/egytourpackages\"],\"legalName\":\"Egy tour packages\",\"address\":{\"@id\":\"https:\\\/\\\/egytourpackages.com\\\/cs\\\/prohlidky\\\/ranni-poustni-safari-z-makadi-bay\\\/#local-main-place-address\"},\"telephone\":[\"00201000852186\",\"00201028685533\"],\"contactPoint\":{\"@type\":\"ContactPoint\",\"telephone\":\"00201000852186\"},\"openingHoursSpecification\":[{\"@type\":\"OpeningHoursSpecification\",\"dayOfWeek\":[\"Monday\",\"Tuesday\",\"Wednesday\",\"Thursday\",\"Friday\",\"Saturday\",\"Sunday\"],\"opens\":\"00:00\",\"closes\":\"23:59\"}],\"email\":\"info@egytourpackages.com\",\"areaServed\":\"Cairo, Hurghada, Luxor, Sharm El Sheikh, Marsa Alam, Aswan\",\"priceRange\":\"$\",\"currenciesAccepted\":\"euro\",\"paymentAccepted\":\"Payment links online\"},{\"@type\":\"PostalAddress\",\"@id\":\"https:\\\/\\\/egytourpackages.com\\\/cs\\\/prohlidky\\\/ranni-poustni-safari-z-makadi-bay\\\/#local-main-place-address\",\"streetAddress\":\"Mubarak 8, Al Kawthar District, Hurghada\",\"addressLocality\":\"Hurghada\",\"postalCode\":\"84511\",\"addressRegion\":\"Red Sea\",\"addressCountry\":\"EG\"},{\"@type\":\"ImageObject\",\"inLanguage\":\"cs\",\"@id\":\"https:\\\/\\\/egytourpackages.com\\\/cs\\\/prohlidky\\\/ranni-poustni-safari-z-makadi-bay\\\/#local-main-organization-logo\",\"url\":\"https:\\\/\\\/egytourpackages.com\\\/wp-content\\\/uploads\\\/2025\\\/12\\\/Turquoise-Dahabiya-Nile-Cruise-1.jpeg\",\"contentUrl\":\"https:\\\/\\\/egytourpackages.com\\\/wp-content\\\/uploads\\\/2025\\\/12\\\/Turquoise-Dahabiya-Nile-Cruise-1.jpeg\",\"width\":1040,\"height\":694,\"caption\":\"egypt tour packages\"}]}<\/script>\n<meta property=\"product:brand\" content=\"Jednodenn\u00ed v\u00fdlety po Egypt\u011b\" \/>\n<meta property=\"product:price:amount\" content=\"20\" \/>\n<meta property=\"product:price:currency\" content=\"EUR\" \/>\n<meta property=\"og:availability\" content=\"instock\" \/>\n<meta property=\"product:availability\" content=\"instock\" \/>\n<meta property=\"product:retailer_item_id\" content=\"MBE07\" \/>\n<meta property=\"product:condition\" content=\"new\" \/>\n<meta name=\"geo.placename\" content=\"Hurghada\" \/>\n<meta name=\"geo.region\" content=\"Egypt\" \/>\n<!-- \/ Yoast SEO Premium plugin. -->","yoast_head_json":{"title":"Rann\u00ed pou\u0161tn\u00ed Safari z\u202fMakadi Bay | Egy tour packages","description":"Rann\u00ed pou\u0161tn\u00ed safari z Makadi Bay | U\u017eijte si z\u00e1\u017eitek, kter\u00fd kombinuje dobrodru\u017estv\u00ed z j\u00edzdy, p\u0159\u00edrodu a kulturu do jednoho vzru\u0161uj\u00edc\u00edho bal\u00ed\u010dku.","robots":{"index":"index","follow":"follow","max-snippet":"max-snippet:-1","max-image-preview":"max-image-preview:large","max-video-preview":"max-video-preview:-1"},"canonical":"https:\/\/egytourpackages.com\/cs\/prohlidky\/ranni-poustni-safari-z-makadi-bay\/","og_locale":"cs_CZ","og_type":"article","og_title":"Rann\u00ed pou\u0161tn\u00ed Safari z\u202fMakadi Bay","og_description":"Rann\u00ed pou\u0161tn\u00ed safari z Makadi Bay | U\u017eijte si z\u00e1\u017eitek, kter\u00fd kombinuje dobrodru\u017estv\u00ed z j\u00edzdy, p\u0159\u00edrodu a kulturu do jednoho vzru\u0161uj\u00edc\u00edho bal\u00ed\u010dku.","og_url":"https:\/\/egytourpackages.com\/cs\/prohlidky\/ranni-poustni-safari-z-makadi-bay\/","og_site_name":"Z\u00e1jezdy po Egypt\u011b","article_publisher":"https:\/\/www.facebook.com\/egytourpackages","article_modified_time":"2026-02-11T14:28:03+00:00","og_image":[{"url":"https:\/\/egytourpackages.com\/wp-content\/uploads\/2025\/03\/Camel-ride-Hurghada-safari-1024x682.jpeg","type":"","width":"","height":""}],"twitter_card":"summary_large_image","twitter_title":"Rann\u00ed pou\u0161tn\u00ed Safari z\u202fMakadi Bay","twitter_misc":{"Cena":"&euro;20","Dostupnost":"Skladem"},"schema":{"@context":"https:\/\/schema.org","@graph":[{"@type":"WebPage","@id":"https:\/\/egytourpackages.com\/cs\/prohlidky\/ranni-poustni-safari-z-makadi-bay\/","url":"https:\/\/egytourpackages.com\/cs\/prohlidky\/ranni-poustni-safari-z-makadi-bay\/","name":"Rann\u00ed pou\u0161tn\u00ed Safari z\u202fMakadi Bay | Egy tour packages","isPartOf":{"@id":"https:\/\/egytourpackages.com\/cs\/#website"},"primaryImageOfPage":{"@id":"https:\/\/egytourpackages.com\/cs\/prohlidky\/ranni-poustni-safari-z-makadi-bay\/#primaryimage"},"image":{"@id":"https:\/\/egytourpackages.com\/cs\/prohlidky\/ranni-poustni-safari-z-makadi-bay\/#primaryimage"},"thumbnailUrl":"https:\/\/egytourpackages.com\/wp-content\/uploads\/2025\/03\/Camel-ride-Hurghada-safari.jpeg","datePublished":"2025-05-24T22:03:54+00:00","dateModified":"2026-02-11T14:28:03+00:00","description":"Rann\u00ed pou\u0161tn\u00ed safari z Makadi Bay | U\u017eijte si z\u00e1\u017eitek, kter\u00fd kombinuje dobrodru\u017estv\u00ed z j\u00edzdy, p\u0159\u00edrodu a kulturu do jednoho vzru\u0161uj\u00edc\u00edho bal\u00ed\u010dku.","breadcrumb":{"@id":"https:\/\/egytourpackages.com\/cs\/prohlidky\/ranni-poustni-safari-z-makadi-bay\/#breadcrumb"},"inLanguage":"cs","potentialAction":[{"@type":"ReadAction","target":["https:\/\/egytourpackages.com\/cs\/prohlidky\/ranni-poustni-safari-z-makadi-bay\/"]}]},{"@type":"ImageObject","inLanguage":"cs","@id":"https:\/\/egytourpackages.com\/cs\/prohlidky\/ranni-poustni-safari-z-makadi-bay\/#primaryimage","url":"https:\/\/egytourpackages.com\/wp-content\/uploads\/2025\/03\/Camel-ride-Hurghada-safari.jpeg","contentUrl":"https:\/\/egytourpackages.com\/wp-content\/uploads\/2025\/03\/Camel-ride-Hurghada-safari.jpeg","width":1280,"height":853,"caption":"J\u00edzda na velbloudu safari Hurghada"},{"@type":"BreadcrumbList","@id":"https:\/\/egytourpackages.com\/cs\/prohlidky\/ranni-poustni-safari-z-makadi-bay\/#breadcrumb","itemListElement":[{"@type":"ListItem","position":1,"name":"Dom\u016f","item":"https:\/\/egytourpackages.com\/cs\/balicky-vyletu-po-egypte\/"},{"@type":"ListItem","position":2,"name":"Shop","item":"https:\/\/egytourpackages.com\/cs\/shop\/"},{"@type":"ListItem","position":3,"name":"Rann\u00ed pou\u0161tn\u00ed Safari z\u202fMakadi Bay"}]},{"@type":"WebSite","@id":"https:\/\/egytourpackages.com\/cs\/#website","url":"https:\/\/egytourpackages.com\/cs\/","name":"Egy tour packages","description":"","publisher":{"@id":"https:\/\/egytourpackages.com\/cs\/#organization"},"potentialAction":[{"@type":"SearchAction","target":{"@type":"EntryPoint","urlTemplate":"https:\/\/egytourpackages.com\/cs\/?s={search_term_string}"},"query-input":{"@type":"PropertyValueSpecification","valueRequired":true,"valueName":"search_term_string"}}],"inLanguage":"cs"},{"@type":["Organization","Place","TravelAgency"],"@id":"https:\/\/egytourpackages.com\/cs\/#organization","name":"egypt tour packages","alternateName":"egypt tour packages","url":"https:\/\/egytourpackages.com\/cs\/","logo":{"@id":"https:\/\/egytourpackages.com\/cs\/prohlidky\/ranni-poustni-safari-z-makadi-bay\/#local-main-organization-logo"},"image":{"@id":"https:\/\/egytourpackages.com\/cs\/prohlidky\/ranni-poustni-safari-z-makadi-bay\/#local-main-organization-logo"},"sameAs":["https:\/\/www.facebook.com\/egytourpackages"],"legalName":"Egy tour packages","address":{"@id":"https:\/\/egytourpackages.com\/cs\/prohlidky\/ranni-poustni-safari-z-makadi-bay\/#local-main-place-address"},"telephone":["00201000852186","00201028685533"],"contactPoint":{"@type":"ContactPoint","telephone":"00201000852186"},"openingHoursSpecification":[{"@type":"OpeningHoursSpecification","dayOfWeek":["Monday","Tuesday","Wednesday","Thursday","Friday","Saturday","Sunday"],"opens":"00:00","closes":"23:59"}],"email":"info@egytourpackages.com","areaServed":"Cairo, Hurghada, Luxor, Sharm El Sheikh, Marsa Alam, Aswan","priceRange":"$","currenciesAccepted":"euro","paymentAccepted":"Payment links online"},{"@type":"PostalAddress","@id":"https:\/\/egytourpackages.com\/cs\/prohlidky\/ranni-poustni-safari-z-makadi-bay\/#local-main-place-address","streetAddress":"Mubarak 8, Al Kawthar District, Hurghada","addressLocality":"Hurghada","postalCode":"84511","addressRegion":"Red Sea","addressCountry":"EG"},{"@type":"ImageObject","inLanguage":"cs","@id":"https:\/\/egytourpackages.com\/cs\/prohlidky\/ranni-poustni-safari-z-makadi-bay\/#local-main-organization-logo","url":"https:\/\/egytourpackages.com\/wp-content\/uploads\/2025\/12\/Turquoise-Dahabiya-Nile-Cruise-1.jpeg","contentUrl":"https:\/\/egytourpackages.com\/wp-content\/uploads\/2025\/12\/Turquoise-Dahabiya-Nile-Cruise-1.jpeg","width":1040,"height":694,"caption":"egypt tour packages"}]},"product_brand":"Jednodenn\u00ed v\u00fdlety po Egypt\u011b","product_price_amount":"20","product_price_currency":"EUR","og_availability":"instock","product_availability":"instock","product_retailer_item_id":"MBE07","product_condition":"new","geo.placename":"Hurghada","geo.region":"Egypt"},"_links":{"self":[{"href":"https:\/\/egytourpackages.com\/cs\/wp-json\/wp\/v2\/product\/4224","targetHints":{"allow":["GET"]}}],"collection":[{"href":"https:\/\/egytourpackages.com\/cs\/wp-json\/wp\/v2\/product"}],"about":[{"href":"https:\/\/egytourpackages.com\/cs\/wp-json\/wp\/v2\/types\/product"}],"replies":[{"embeddable":true,"href":"https:\/\/egytourpackages.com\/cs\/wp-json\/wp\/v2\/comments?post=4224"}],"wp:featuredmedia":[{"embeddable":true,"href":"https:\/\/egytourpackages.com\/cs\/wp-json\/wp\/v2\/media\/3536"}],"wp:attachment":[{"href":"https:\/\/egytourpackages.com\/cs\/wp-json\/wp\/v2\/media?parent=4224"}],"wp:term":[{"taxonomy":"product_brand","embeddable":true,"href":"https:\/\/egytourpackages.com\/cs\/wp-json\/wp\/v2\/product_brand?post=4224"},{"taxonomy":"product_cat","embeddable":true,"href":"https:\/\/egytourpackages.com\/cs\/wp-json\/wp\/v2\/product_cat?post=4224"},{"taxonomy":"product_tag","embeddable":true,"href":"https:\/\/egytourpackages.com\/cs\/wp-json\/wp\/v2\/product_tag?post=4224"}],"curies":[{"name":"wp","href":"https:\/\/api.w.org\/{rel}","templated":true}]}}