{"id":4267,"date":"2025-06-16T11:42:16","date_gmt":"2025-06-16T11:42:16","guid":{"rendered":"https:\/\/egytourpackages.com\/product\/ranni-vylet-na-ctyrkolce-z-soma-bay\/"},"modified":"2026-01-28T23:48:41","modified_gmt":"2026-01-28T23:48:41","slug":"ranni-vylet-na-ctyrkolce-z-soma-bay","status":"publish","type":"product","link":"https:\/\/egytourpackages.com\/cs\/prohlidky\/ranni-vylet-na-ctyrkolce-z-soma-bay\/","title":{"rendered":"Rann\u00ed v\u00fdlet na \u010dty\u0159kolce z Soma Bay"},"content":{"rendered":"<p><span style=\"color: #ff6600;\"><strong>Rann\u00ed v\u00fdlet na \u010dty\u0159kolce z\u00a0Soma Bay<\/strong><\/span><\/p>\n<p>Pou\u0161tn\u00ed dobrodru\u017estv\u00ed Hurghada \/Rann\u00ed v\u00fdlety na \u010dty\u0159kolce ATV \/V\u00fdlety na \u010dty\u0159kolce ATV p\u0159i v\u00fdchodu slunce \/Bedu\u00ednsk\u00e1 vesnice \/Rezervace online\/Zru\u0161en\u00ed bez poplatk\u016f\/Platba na m\u00edst\u011b\/\u017d\u00e1dn\u00e9 dal\u0161\u00ed poplatky<\/p>\n<h3>P\u0159ehled.<\/h3>\n<p><strong>Rann\u00ed v\u00fdlet na \u010dty\u0159kolce z Soma Bay <\/strong>je jedine\u010dn\u00fd z\u00e1\u017eitek v\u202fpou\u0161ti kolem Rud\u00e9ho mo\u0159e, na kter\u00fd nikdy nezapomenete. Rezervujte si <strong>Rann\u00ed<\/strong> <strong>Safari na \u010dty\u0159kolce<\/strong>, v\u202fpou\u0161ti kolem Rud\u00e9ho mo\u0159e a za\u017eijete n\u00e1dhern\u00e9 dobrodru\u017estv\u00ed daleko od dav\u016f a hotel\u016f, spole\u010dn\u011b s\u202fva\u0161im partnerem nebo partnerkou.<\/p>\n<p><strong>Proje\u010fte se na \u010dty\u0159kolce v\u202fpou\u0161ti na luxusn\u00edm Safari v\u00fdletu<\/strong> se <strong>zku\u0161en\u00fdm<\/strong> <strong>pr\u016fvodcem<\/strong> k\u202fhor\u00e1m kolem <strong>Rud\u00e9ho<\/strong> <strong>mo\u0159e<\/strong>. U\u017eijte si <strong>rychlou j\u00edzdu na<\/strong> <strong>\u010dty\u0159kolce<\/strong> <strong>v\u202fpou\u0161tn\u00edm ter\u00e9nu<\/strong>, jako jeden z\u202fnekr\u00e1sn\u011bj\u0161\u00edch n\u00e1pad\u016f pro mlad\u00e9 cestovatele, kte\u0159\u00ed cht\u011bj\u00ed po celou dobu v\u00fdletu za\u017e\u00edt vzru\u0161en\u00ed a nap\u011bt\u00ed. Krom\u011b tohoto jedine\u010dn\u00e9ho z\u00e1\u017eitku nab\u00edz\u00edme\u00a0 soukrom\u00fd transfer z\u202fjak\u00e9hokoli m\u00edsta v\u202fHurghad\u011b do pou\u0161tn\u00edho kempu a zp\u011bt. Nab\u00edz\u00edme tak\u00e9 <strong>Soukrom\u00fd Safari v\u00fdlet do pou\u0161t\u011b pro<\/strong> <strong>rodiny<\/strong>, p\u00e1ry i p\u0159\u00e1tele.<\/p>\n<p>Rezervujte si tento <strong>Levn\u00fd Safari v\u00fdlet <\/strong>a z\u00edskejte nejlep\u0161\u00ed cenu na luxusn\u00ed v\u00fdlet na Saharu, kde m\u016f\u017eete za\u017e\u00edt tradi\u010dn\u00ed \u017eivot bedu\u00edn\u016f a z\u00e1rove\u0148 si vychutnat malebn\u00e9 v\u00fdhledy na p\u0159ekr\u00e1snou pou\u0161\u0165. U\u017eijte si kr\u00e1tkou zku\u0161ebn\u00ed j\u00edzdu a pot\u00e9 se vydejte do <strong>bedu\u00ednsk\u00e9<\/strong> <strong>vesnice<\/strong>, kde ochutn\u00e1te prav\u00fd bedu\u00ednsk\u00fd \u010daj, projedete se na velbloudovi a objev\u00edte ka\u017edodenn\u00ed \u017eivot bedu\u00edn\u016f.<strong>\u00a0<\/strong><\/p>\n<p>A\u0165 u\u017e jste zku\u0161en\u00fd \u0159idi\u010d, nebo nov\u00e1\u010dek, tento <strong>Rann\u00ed Safari v\u00fdlet na \u010dty\u0159kolce<\/strong> <strong>z\u00a0Soma Bay<\/strong> v\u00e1m poskytne nezapomenuteln\u00e9 dobrodru\u017estv\u00ed. Rezervujte si <strong>Rann\u00ed v\u00fdlet na \u010dty\u0159kolce ATV<\/strong> <strong>v<\/strong>\u202f<strong>Soma Bay<\/strong> a za\u017eijte vzru\u0161uj\u00edc\u00ed start sv\u00e9ho dne v\u202fEgypt\u011b!!<\/p>\n<p><strong>Detaily v\u00fdletu<\/strong><\/p>\n<p>D\u00e9lka:4 hodiny trvaj\u00edc\u00ed v\u00fdlet, v\u010detn\u011b transferu.<\/p>\n<p>\u010cas vyzvednut\u00ed: R\u00e1no v\u202f08:00 hod.<\/p>\n<p>\u010cas odjezdu: R\u00e1no ve 12:30 hod.<\/p>\n<p>Typ v\u00fdletu: Skupinov\u00fd.<\/p>\n<p>Dostupnost: Ka\u017ed\u00fd den.<\/p>\n<p>D\u00e9lka trv\u00e1n\u00ed: 3 hodiny bez transferu.<\/p>\n<p>Velikost skupiny: 6 \u2013 15 osob.<\/p>\n<p>Jazyky: Zku\u0161en\u00fd pr\u016fvodce hovo\u0159\u00edc\u00ed anglicky.<\/p>\n<p>Rozvrh: Rezervace online.<\/p>\n<p>Vyzvednut\u00ed a odvoz: hotely v\u202fSoma Bay<\/p>\n<p><strong>Hlavn\u00ed body<\/strong><\/p>\n<p>25 km dlouh\u00e1 j\u00edzda na \u010dty\u0159kolce ATV.<\/p>\n<p>Bedu\u00ednsk\u00e1 vesnice.<\/p>\n<p>Proj\u00ed\u017e\u010fka na velbloudovi.<\/p>\n<p><strong>Zahrnuto v\u202fcen\u011b<\/strong><\/p>\n<p>Vyzvednut\u00ed z\u202fhotelu a odevzd\u00e1ni zp\u011bt na hotel.<\/p>\n<p>Taxy<\/p>\n<p>Pr\u016fvodce pou\u0161t\u00ed<\/p>\n<p>Voda.<\/p>\n<p>P\u0159ilba<\/p>\n<p><strong>Vylou\u010deno z\u202fceny<\/strong><\/p>\n<p>Spropitn\u00e9.<\/p>\n<p>Bedu\u00ednsk\u00fd \u0161\u00e1tek<\/p>\n<p>Ochrann\u00e9 br\u00fdle<\/p>\n<p>DVD nebo fotografie od kameramana<\/p>\n<p>V\u0161echny dopl\u0148ky, kter\u00e9 nejsou uvedeny v\u202fcen\u011b<\/p>\n<p><strong>Pl\u00e1n v\u00fdletu:<\/strong><\/p>\n<p>Svou <strong>rann\u00ed j\u00edzdu na \u010dty\u0159kolce <\/strong>za\u010dnete <strong>v<\/strong>\u202f<strong>Soma Bay<\/strong> transferem na pou\u0161tn\u00ed Safari stanici. Obdr\u017e\u00edte bezpe\u010dnostn\u00ed vybaven\u00ed a vyd\u00e1te se na cestu s\u202fpodrobn\u00fdmi pokyny od pr\u016fvodce a tak\u00e9 se s\u202fvozidlem p\u0159ed j\u00edzdou sezn\u00e1m\u00edte. Odjedete ze stanice na va\u0161\u00ed <strong>soukrom\u00e9 ATV \u010dty\u0159kolce<\/strong> a vyd\u00e1te se na n\u011bkter\u00e1, z\u202fnejzaj\u00edmav\u011bj\u0161\u00edch m\u00edst v\u202fpou\u0161ti. Za\u017eijete atmosf\u00e9ru <strong>pou\u0161tn\u00edho Safari dobrodru\u017estv\u00ed<\/strong> p\u0159es p\u00edse\u010dn\u00e9 duny.<\/p>\n<p>B\u011bhem cesty do bedu\u00ednsk\u00e9 vesnice si u\u017eijete zast\u00e1vky na fotografov\u00e1n\u00ed.<\/p>\n<p>&nbsp;<\/p>\n<p><strong>Bedu\u00ednsk\u00fd t\u00e1bor.<\/strong><\/p>\n<p>Odpo\u010dinete si v\u202fbedu\u00ednsk\u00e9m stanu v\u202fbedu\u00ednsk\u00e9 vesnici a vychutn\u00e1te si egyptsk\u00fd \u010daj, slazen\u00fd medem. P\u0159ed koncem v\u00fdletu si u\u017eijete <strong>proj\u00ed\u017e\u010fku na<\/strong> <strong>velbloudovi<\/strong>. Pak se vr\u00e1t\u00edte na z\u00e1kladnu a\u00a0 odtud budete odvezeni zp\u011bt na v\u00e1\u0161 hotel a ukon\u010d\u00edte tak sv\u016fj <u>v\u00fdlet z\u202fSoma Bay <\/u><\/p>\n<p><strong>Pozn\u00e1mka:<\/strong><\/p>\n<p><strong>D\u011bti mlad\u0161\u00ed 14 let nemaj\u00ed na j\u00edzdu na \u010dty\u0159kolce povolen vstup.<\/strong><\/p>\n<p><strong>Cena Rann\u00ed v\u00fdlet na \u010dty\u0159kolce z\u00a0Soma Bay<\/strong><\/p>\n<ul>\n<li><strong>Cena pro dosp\u011bl\u00e9:<\/strong> 20 $<\/li>\n<li><strong>D\u011bti 0-5 let:<\/strong> zdarma<\/li>\n<li><strong>D\u011bti 5-11 let:<\/strong> 50 % z ceny pro dosp\u011bl\u00e9<\/li>\n<\/ul>\n<p><strong>Rezervace<\/strong><\/p>\n<p>Sv\u016fj v\u00fdlet si m\u016f\u017eete rezervovat p\u0159es WhatsApp nebo n\u00e1m poslat e-mail. Potvrzen\u00ed obdr\u017e\u00edte ihned.<\/p>\n<p>Pros\u00edm, za\u0161lete n\u00e1m n\u00e1zev va\u0161eho hotelu, \u010d\u00edslo pokoje a kopie pas\u016f.<\/p>\n<p><strong>WhatsApp<\/strong>+201000852186<\/p>\n<p>info@egytourpackages.com<\/p>\n<p><strong>Rezervujte nyn\u00ed &amp; pla\u0165te na m\u00edst\u011b<\/strong> Zarezervujte si sv\u016fj obl\u00edben\u00fd v\u00fdlet a zapla\u0165te v den cesty.<\/p>\n<p><strong>Platba<\/strong><\/p>\n<p>M\u016f\u017eete platit egyptsk\u00fdmi librami, $, \u20ac nebo \u00a3.<\/p>\n<p><strong>Storno podm\u00ednky<\/strong><\/p>\n<ul>\n<li><strong>Zru\u0161en\u00ed zdarma<\/strong> a\u017e 24 hodin p\u0159edem<\/li>\n<li>Rann\u00ed zru\u0161en\u00ed je 50 % z ceny<\/li>\n<\/ul>\n","protected":false},"excerpt":{"rendered":"<p>Rann\u00ed v\u00fdlet na \u010dty\u0159kolce z Soma Bay | Goditi un safari nel deserto con un giro in ATV, passeggiata in cammello e visita a un villaggio beduino. Prenota ora!<\/p>\n","protected":false},"featured_media":4246,"comment_status":"closed","ping_status":"closed","template":"","meta":[],"product_brand":[],"product_cat":[1466],"product_tag":[1470,1982,1981],"class_list":{"0":"post-4267","1":"product","2":"type-product","3":"status-publish","4":"has-post-thumbnail","6":"product_cat-vylety","7":"product_tag-jednodenni-vylety-po-egypte","8":"product_tag-poustni-safari-vylety","9":"product_tag-vylety-ze-soma-bay","10":"tour_category-jednodenni-vylety-po-egypte-cs","11":"tour_category-safari-vylety-v-pousti-hurghada","12":"tour_category-vylety-do-soma-bay","14":"first","15":"instock","16":"sale","17":"shipping-taxable","18":"purchasable","19":"product-type-tour","20":"has-default-attributes"},"yoast_head":"<!-- This site is optimized with the Yoast SEO Premium plugin v27.2 (Yoast SEO v27.2) - https:\/\/yoast.com\/product\/yoast-seo-premium-wordpress\/ -->\n<title>Rann\u00ed v\u00fdlet na \u010dty\u0159kolce z Soma Bay<\/title>\n<meta name=\"description\" content=\"Rann\u00ed v\u00fdlet na \u010dty\u0159kolce z Soma Bay | Goditi un safari nel deserto con un giro in ATV, passeggiata in cammello e visita a un villaggio beduino. Prenota ora!\" \/>\n<meta name=\"robots\" content=\"index, follow, max-snippet:-1, max-image-preview:large, max-video-preview:-1\" \/>\n<link rel=\"canonical\" href=\"https:\/\/egytourpackages.com\/cs\/prohlidky\/ranni-vylet-na-ctyrkolce-z-soma-bay\/\" \/>\n<meta property=\"og:locale\" content=\"cs_CZ\" \/>\n<meta property=\"og:type\" content=\"article\" \/>\n<meta property=\"og:title\" content=\"Rann\u00ed v\u00fdlet na \u010dty\u0159kolce z Soma Bay\" \/>\n<meta property=\"og:description\" content=\"Rann\u00ed v\u00fdlet na \u010dty\u0159kolce z Soma Bay | Goditi un safari nel deserto con un giro in ATV, passeggiata in cammello e visita a un villaggio beduino. Prenota ora!\" \/>\n<meta property=\"og:url\" content=\"https:\/\/egytourpackages.com\/cs\/prohlidky\/ranni-vylet-na-ctyrkolce-z-soma-bay\/\" \/>\n<meta property=\"og:site_name\" content=\"Z\u00e1jezdy po Egypt\u011b\" \/>\n<meta property=\"article:publisher\" content=\"https:\/\/www.facebook.com\/egytourpackages\" \/>\n<meta property=\"article:modified_time\" content=\"2026-01-28T23:48:41+00:00\" \/>\n<meta property=\"og:image\" content=\"https:\/\/egytourpackages.com\/wp-content\/uploads\/2025\/06\/Morning-Quad-Bike-Tour-from-Soma-Bay-2.jpeg\" \/>\n\t<meta property=\"og:image:width\" content=\"1500\" \/>\n\t<meta property=\"og:image:height\" content=\"1000\" \/>\n\t<meta property=\"og:image:type\" content=\"image\/jpeg\" \/>\n<meta name=\"twitter:card\" content=\"summary_large_image\" \/>\n<meta name=\"twitter:title\" content=\"Rann\u00ed v\u00fdlet na \u010dty\u0159kolce z Soma Bay\" \/>\n<meta name=\"twitter:label1\" content=\"Cena\" \/>\n\t<meta name=\"twitter:data1\" content=\"&euro;35\" \/>\n\t<meta name=\"twitter:label2\" content=\"Dostupnost\" \/>\n\t<meta name=\"twitter:data2\" content=\"Skladem\" \/>\n<script type=\"application\/ld+json\" class=\"yoast-schema-graph\">{\"@context\":\"https:\/\/schema.org\",\"@graph\":[{\"@type\":\"WebPage\",\"@id\":\"https:\/\/egytourpackages.com\/cs\/prohlidky\/ranni-vylet-na-ctyrkolce-z-soma-bay\/\",\"url\":\"https:\/\/egytourpackages.com\/cs\/prohlidky\/ranni-vylet-na-ctyrkolce-z-soma-bay\/\",\"name\":\"Rann\u00ed v\u00fdlet na \u010dty\u0159kolce z Soma Bay\",\"isPartOf\":{\"@id\":\"https:\/\/egytourpackages.com\/cs\/#website\"},\"primaryImageOfPage\":{\"@id\":\"https:\/\/egytourpackages.com\/cs\/prohlidky\/ranni-vylet-na-ctyrkolce-z-soma-bay\/#primaryimage\"},\"image\":{\"@id\":\"https:\/\/egytourpackages.com\/cs\/prohlidky\/ranni-vylet-na-ctyrkolce-z-soma-bay\/#primaryimage\"},\"thumbnailUrl\":\"https:\/\/egytourpackages.com\/wp-content\/uploads\/2025\/06\/Morning-Quad-Bike-Tour-from-Soma-Bay-2.jpeg\",\"datePublished\":\"2025-06-16T11:42:16+00:00\",\"dateModified\":\"2026-01-28T23:48:41+00:00\",\"description\":\"Rann\u00ed v\u00fdlet na \u010dty\u0159kolce z Soma Bay | Goditi un safari nel deserto con un giro in ATV, passeggiata in cammello e visita a un villaggio beduino. Prenota ora!\",\"breadcrumb\":{\"@id\":\"https:\/\/egytourpackages.com\/cs\/prohlidky\/ranni-vylet-na-ctyrkolce-z-soma-bay\/#breadcrumb\"},\"inLanguage\":\"cs\",\"potentialAction\":[{\"@type\":\"ReadAction\",\"target\":[\"https:\/\/egytourpackages.com\/cs\/prohlidky\/ranni-vylet-na-ctyrkolce-z-soma-bay\/\"]}]},{\"@type\":\"ImageObject\",\"inLanguage\":\"cs\",\"@id\":\"https:\/\/egytourpackages.com\/cs\/prohlidky\/ranni-vylet-na-ctyrkolce-z-soma-bay\/#primaryimage\",\"url\":\"https:\/\/egytourpackages.com\/wp-content\/uploads\/2025\/06\/Morning-Quad-Bike-Tour-from-Soma-Bay-2.jpeg\",\"contentUrl\":\"https:\/\/egytourpackages.com\/wp-content\/uploads\/2025\/06\/Morning-Quad-Bike-Tour-from-Soma-Bay-2.jpeg\",\"width\":1500,\"height\":1000,\"caption\":\"Rann\u00ed v\u00fdlet na \u010dty\u0159kolce z Soma Bay\"},{\"@type\":\"BreadcrumbList\",\"@id\":\"https:\/\/egytourpackages.com\/cs\/prohlidky\/ranni-vylet-na-ctyrkolce-z-soma-bay\/#breadcrumb\",\"itemListElement\":[{\"@type\":\"ListItem\",\"position\":1,\"name\":\"Dom\u016f\",\"item\":\"https:\/\/egytourpackages.com\/cs\/balicky-vyletu-po-egypte\/\"},{\"@type\":\"ListItem\",\"position\":2,\"name\":\"Shop\",\"item\":\"https:\/\/egytourpackages.com\/cs\/shop\/\"},{\"@type\":\"ListItem\",\"position\":3,\"name\":\"Rann\u00ed v\u00fdlet na \u010dty\u0159kolce z Soma Bay\"}]},{\"@type\":\"WebSite\",\"@id\":\"https:\/\/egytourpackages.com\/cs\/#website\",\"url\":\"https:\/\/egytourpackages.com\/cs\/\",\"name\":\"Egy tour packages\",\"description\":\"\",\"publisher\":{\"@id\":\"https:\/\/egytourpackages.com\/cs\/#organization\"},\"potentialAction\":[{\"@type\":\"SearchAction\",\"target\":{\"@type\":\"EntryPoint\",\"urlTemplate\":\"https:\/\/egytourpackages.com\/cs\/?s={search_term_string}\"},\"query-input\":{\"@type\":\"PropertyValueSpecification\",\"valueRequired\":true,\"valueName\":\"search_term_string\"}}],\"inLanguage\":\"cs\"},{\"@type\":[\"Organization\",\"Place\",\"TravelAgency\"],\"@id\":\"https:\/\/egytourpackages.com\/cs\/#organization\",\"name\":\"egypt tour packages\",\"alternateName\":\"egypt tour packages\",\"url\":\"https:\/\/egytourpackages.com\/cs\/\",\"logo\":{\"@id\":\"https:\/\/egytourpackages.com\/cs\/prohlidky\/ranni-vylet-na-ctyrkolce-z-soma-bay\/#local-main-organization-logo\"},\"image\":{\"@id\":\"https:\/\/egytourpackages.com\/cs\/prohlidky\/ranni-vylet-na-ctyrkolce-z-soma-bay\/#local-main-organization-logo\"},\"sameAs\":[\"https:\/\/www.facebook.com\/egytourpackages\"],\"legalName\":\"Egy tour packages\",\"address\":{\"@id\":\"https:\/\/egytourpackages.com\/cs\/prohlidky\/ranni-vylet-na-ctyrkolce-z-soma-bay\/#local-main-place-address\"},\"telephone\":[\"00201000852186\",\"00201028685533\"],\"contactPoint\":{\"@type\":\"ContactPoint\",\"telephone\":\"00201000852186\"},\"openingHoursSpecification\":[{\"@type\":\"OpeningHoursSpecification\",\"dayOfWeek\":[\"Monday\",\"Tuesday\",\"Wednesday\",\"Thursday\",\"Friday\",\"Saturday\",\"Sunday\"],\"opens\":\"00:00\",\"closes\":\"23:59\"}],\"email\":\"info@egytourpackages.com\",\"areaServed\":\"Cairo, Hurghada, Luxor, Sharm El Sheikh, Marsa Alam, Aswan\",\"priceRange\":\"$\",\"currenciesAccepted\":\"euro\",\"paymentAccepted\":\"Payment links online\"},{\"@type\":\"PostalAddress\",\"@id\":\"https:\/\/egytourpackages.com\/cs\/prohlidky\/ranni-vylet-na-ctyrkolce-z-soma-bay\/#local-main-place-address\",\"streetAddress\":\"Mubarak 8, Al Kawthar District, Hurghada\",\"addressLocality\":\"Hurghada\",\"postalCode\":\"84511\",\"addressRegion\":\"Red Sea\",\"addressCountry\":\"EG\"},{\"@type\":\"ImageObject\",\"inLanguage\":\"cs\",\"@id\":\"https:\/\/egytourpackages.com\/cs\/prohlidky\/ranni-vylet-na-ctyrkolce-z-soma-bay\/#local-main-organization-logo\",\"url\":\"https:\/\/egytourpackages.com\/wp-content\/uploads\/2025\/12\/Turquoise-Dahabiya-Nile-Cruise-1.jpeg\",\"contentUrl\":\"https:\/\/egytourpackages.com\/wp-content\/uploads\/2025\/12\/Turquoise-Dahabiya-Nile-Cruise-1.jpeg\",\"width\":1040,\"height\":694,\"caption\":\"egypt tour packages\"}]}<\/script>\n<meta property=\"product:brand\" content=\"Jednodenn\u00ed v\u00fdlety po Egypt\u011b\" \/>\n<meta property=\"product:price:amount\" content=\"35\" \/>\n<meta property=\"product:price:currency\" content=\"EUR\" \/>\n<meta property=\"og:availability\" content=\"instock\" \/>\n<meta property=\"product:availability\" content=\"instock\" \/>\n<meta property=\"product:retailer_item_id\" content=\"SBE09\" \/>\n<meta property=\"product:condition\" content=\"new\" \/>\n<meta name=\"geo.placename\" content=\"Hurghada\" \/>\n<meta name=\"geo.region\" content=\"Egypt\" \/>\n<!-- \/ Yoast SEO Premium plugin. -->","yoast_head_json":{"title":"Rann\u00ed v\u00fdlet na \u010dty\u0159kolce z Soma Bay","description":"Rann\u00ed v\u00fdlet na \u010dty\u0159kolce z Soma Bay | Goditi un safari nel deserto con un giro in ATV, passeggiata in cammello e visita a un villaggio beduino. Prenota ora!","robots":{"index":"index","follow":"follow","max-snippet":"max-snippet:-1","max-image-preview":"max-image-preview:large","max-video-preview":"max-video-preview:-1"},"canonical":"https:\/\/egytourpackages.com\/cs\/prohlidky\/ranni-vylet-na-ctyrkolce-z-soma-bay\/","og_locale":"cs_CZ","og_type":"article","og_title":"Rann\u00ed v\u00fdlet na \u010dty\u0159kolce z Soma Bay","og_description":"Rann\u00ed v\u00fdlet na \u010dty\u0159kolce z Soma Bay | Goditi un safari nel deserto con un giro in ATV, passeggiata in cammello e visita a un villaggio beduino. Prenota ora!","og_url":"https:\/\/egytourpackages.com\/cs\/prohlidky\/ranni-vylet-na-ctyrkolce-z-soma-bay\/","og_site_name":"Z\u00e1jezdy po Egypt\u011b","article_publisher":"https:\/\/www.facebook.com\/egytourpackages","article_modified_time":"2026-01-28T23:48:41+00:00","og_image":[{"width":1500,"height":1000,"url":"https:\/\/egytourpackages.com\/wp-content\/uploads\/2025\/06\/Morning-Quad-Bike-Tour-from-Soma-Bay-2.jpeg","type":"image\/jpeg"}],"twitter_card":"summary_large_image","twitter_title":"Rann\u00ed v\u00fdlet na \u010dty\u0159kolce z Soma Bay","twitter_misc":{"Cena":"&euro;35","Dostupnost":"Skladem"},"schema":{"@context":"https:\/\/schema.org","@graph":[{"@type":"WebPage","@id":"https:\/\/egytourpackages.com\/cs\/prohlidky\/ranni-vylet-na-ctyrkolce-z-soma-bay\/","url":"https:\/\/egytourpackages.com\/cs\/prohlidky\/ranni-vylet-na-ctyrkolce-z-soma-bay\/","name":"Rann\u00ed v\u00fdlet na \u010dty\u0159kolce z Soma Bay","isPartOf":{"@id":"https:\/\/egytourpackages.com\/cs\/#website"},"primaryImageOfPage":{"@id":"https:\/\/egytourpackages.com\/cs\/prohlidky\/ranni-vylet-na-ctyrkolce-z-soma-bay\/#primaryimage"},"image":{"@id":"https:\/\/egytourpackages.com\/cs\/prohlidky\/ranni-vylet-na-ctyrkolce-z-soma-bay\/#primaryimage"},"thumbnailUrl":"https:\/\/egytourpackages.com\/wp-content\/uploads\/2025\/06\/Morning-Quad-Bike-Tour-from-Soma-Bay-2.jpeg","datePublished":"2025-06-16T11:42:16+00:00","dateModified":"2026-01-28T23:48:41+00:00","description":"Rann\u00ed v\u00fdlet na \u010dty\u0159kolce z Soma Bay | Goditi un safari nel deserto con un giro in ATV, passeggiata in cammello e visita a un villaggio beduino. Prenota ora!","breadcrumb":{"@id":"https:\/\/egytourpackages.com\/cs\/prohlidky\/ranni-vylet-na-ctyrkolce-z-soma-bay\/#breadcrumb"},"inLanguage":"cs","potentialAction":[{"@type":"ReadAction","target":["https:\/\/egytourpackages.com\/cs\/prohlidky\/ranni-vylet-na-ctyrkolce-z-soma-bay\/"]}]},{"@type":"ImageObject","inLanguage":"cs","@id":"https:\/\/egytourpackages.com\/cs\/prohlidky\/ranni-vylet-na-ctyrkolce-z-soma-bay\/#primaryimage","url":"https:\/\/egytourpackages.com\/wp-content\/uploads\/2025\/06\/Morning-Quad-Bike-Tour-from-Soma-Bay-2.jpeg","contentUrl":"https:\/\/egytourpackages.com\/wp-content\/uploads\/2025\/06\/Morning-Quad-Bike-Tour-from-Soma-Bay-2.jpeg","width":1500,"height":1000,"caption":"Rann\u00ed v\u00fdlet na \u010dty\u0159kolce z Soma Bay"},{"@type":"BreadcrumbList","@id":"https:\/\/egytourpackages.com\/cs\/prohlidky\/ranni-vylet-na-ctyrkolce-z-soma-bay\/#breadcrumb","itemListElement":[{"@type":"ListItem","position":1,"name":"Dom\u016f","item":"https:\/\/egytourpackages.com\/cs\/balicky-vyletu-po-egypte\/"},{"@type":"ListItem","position":2,"name":"Shop","item":"https:\/\/egytourpackages.com\/cs\/shop\/"},{"@type":"ListItem","position":3,"name":"Rann\u00ed v\u00fdlet na \u010dty\u0159kolce z Soma Bay"}]},{"@type":"WebSite","@id":"https:\/\/egytourpackages.com\/cs\/#website","url":"https:\/\/egytourpackages.com\/cs\/","name":"Egy tour packages","description":"","publisher":{"@id":"https:\/\/egytourpackages.com\/cs\/#organization"},"potentialAction":[{"@type":"SearchAction","target":{"@type":"EntryPoint","urlTemplate":"https:\/\/egytourpackages.com\/cs\/?s={search_term_string}"},"query-input":{"@type":"PropertyValueSpecification","valueRequired":true,"valueName":"search_term_string"}}],"inLanguage":"cs"},{"@type":["Organization","Place","TravelAgency"],"@id":"https:\/\/egytourpackages.com\/cs\/#organization","name":"egypt tour packages","alternateName":"egypt tour packages","url":"https:\/\/egytourpackages.com\/cs\/","logo":{"@id":"https:\/\/egytourpackages.com\/cs\/prohlidky\/ranni-vylet-na-ctyrkolce-z-soma-bay\/#local-main-organization-logo"},"image":{"@id":"https:\/\/egytourpackages.com\/cs\/prohlidky\/ranni-vylet-na-ctyrkolce-z-soma-bay\/#local-main-organization-logo"},"sameAs":["https:\/\/www.facebook.com\/egytourpackages"],"legalName":"Egy tour packages","address":{"@id":"https:\/\/egytourpackages.com\/cs\/prohlidky\/ranni-vylet-na-ctyrkolce-z-soma-bay\/#local-main-place-address"},"telephone":["00201000852186","00201028685533"],"contactPoint":{"@type":"ContactPoint","telephone":"00201000852186"},"openingHoursSpecification":[{"@type":"OpeningHoursSpecification","dayOfWeek":["Monday","Tuesday","Wednesday","Thursday","Friday","Saturday","Sunday"],"opens":"00:00","closes":"23:59"}],"email":"info@egytourpackages.com","areaServed":"Cairo, Hurghada, Luxor, Sharm El Sheikh, Marsa Alam, Aswan","priceRange":"$","currenciesAccepted":"euro","paymentAccepted":"Payment links online"},{"@type":"PostalAddress","@id":"https:\/\/egytourpackages.com\/cs\/prohlidky\/ranni-vylet-na-ctyrkolce-z-soma-bay\/#local-main-place-address","streetAddress":"Mubarak 8, Al Kawthar District, Hurghada","addressLocality":"Hurghada","postalCode":"84511","addressRegion":"Red Sea","addressCountry":"EG"},{"@type":"ImageObject","inLanguage":"cs","@id":"https:\/\/egytourpackages.com\/cs\/prohlidky\/ranni-vylet-na-ctyrkolce-z-soma-bay\/#local-main-organization-logo","url":"https:\/\/egytourpackages.com\/wp-content\/uploads\/2025\/12\/Turquoise-Dahabiya-Nile-Cruise-1.jpeg","contentUrl":"https:\/\/egytourpackages.com\/wp-content\/uploads\/2025\/12\/Turquoise-Dahabiya-Nile-Cruise-1.jpeg","width":1040,"height":694,"caption":"egypt tour packages"}]},"product_brand":"Jednodenn\u00ed v\u00fdlety po Egypt\u011b","product_price_amount":"35","product_price_currency":"EUR","og_availability":"instock","product_availability":"instock","product_retailer_item_id":"SBE09","product_condition":"new","geo.placename":"Hurghada","geo.region":"Egypt"},"_links":{"self":[{"href":"https:\/\/egytourpackages.com\/cs\/wp-json\/wp\/v2\/product\/4267","targetHints":{"allow":["GET"]}}],"collection":[{"href":"https:\/\/egytourpackages.com\/cs\/wp-json\/wp\/v2\/product"}],"about":[{"href":"https:\/\/egytourpackages.com\/cs\/wp-json\/wp\/v2\/types\/product"}],"replies":[{"embeddable":true,"href":"https:\/\/egytourpackages.com\/cs\/wp-json\/wp\/v2\/comments?post=4267"}],"wp:featuredmedia":[{"embeddable":true,"href":"https:\/\/egytourpackages.com\/cs\/wp-json\/wp\/v2\/media\/4246"}],"wp:attachment":[{"href":"https:\/\/egytourpackages.com\/cs\/wp-json\/wp\/v2\/media?parent=4267"}],"wp:term":[{"taxonomy":"product_brand","embeddable":true,"href":"https:\/\/egytourpackages.com\/cs\/wp-json\/wp\/v2\/product_brand?post=4267"},{"taxonomy":"product_cat","embeddable":true,"href":"https:\/\/egytourpackages.com\/cs\/wp-json\/wp\/v2\/product_cat?post=4267"},{"taxonomy":"product_tag","embeddable":true,"href":"https:\/\/egytourpackages.com\/cs\/wp-json\/wp\/v2\/product_tag?post=4267"}],"curies":[{"name":"wp","href":"https:\/\/api.w.org\/{rel}","templated":true}]}}