{"id":4277,"date":"2023-08-22T10:53:55","date_gmt":"2023-08-22T10:53:55","guid":{"rendered":"https:\/\/egytourpackages.com\/product\/vylet-na-snorchlovani-makadi-bay\/"},"modified":"2026-01-28T20:38:49","modified_gmt":"2026-01-28T20:38:49","slug":"vylet-na-snorchlovani-makadi-bay","status":"publish","type":"product","link":"https:\/\/egytourpackages.com\/cs\/prohlidky\/vylet-na-snorchlovani-makadi-bay\/","title":{"rendered":"V\u00fdlet na \u0161norchlov\u00e1n\u00ed Makadi Bay"},"content":{"rendered":"<p><strong><span style=\"color: #ff6600;\">V\u00fdlet na \u0161norchlov\u00e1n\u00ed Makadi Bay | Nejlep\u0161\u00ed aktivity v Hurghad\u011b<\/span><\/strong><\/p>\n<p><strong>Rezervujte si nyn\u00ed<\/strong> nezapomenuteln\u00fd <strong>v\u00fdlet na \u0161norchlov\u00e1n\u00ed v Makadi Bay<\/strong>, celodenn\u00ed dobrodru\u017estv\u00ed ide\u00e1ln\u00ed pro prozkoum\u00e1n\u00ed pulzuj\u00edc\u00edho <strong>podmo\u0159sk\u00e9ho \u017eivota Rud\u00e9ho mo\u0159e<\/strong>. Tento obl\u00edben\u00fd <strong>lodn\u00ed v\u00fdlet z Makadi Bay<\/strong> nab\u00edz\u00ed v\u00fdjime\u010dnou hodnotu, kombinuj\u00edc\u00ed dechberouc\u00ed podmo\u0159sk\u00fd pr\u016fzkum s komfortem na palub\u011b. Va\u0161e cesta zahrnuje <strong>dv\u011b zast\u00e1vky na \u0161norchlov\u00e1n\u00ed<\/strong> na odli\u0161n\u00fdch, velkolep\u00fdch m\u00edstech, \u010dasto renomovan\u00fdch jako jsou <strong>Ostrov Giftun<\/strong>, <strong>Orange Bay<\/strong>, nebo nedot\u010den\u00e9 <strong>kor\u00e1lov\u00e9 \u00fatesy<\/strong> pobl\u00ed\u017e Makadi Bay, kde objev\u00edte barevn\u00e9 ryby a rozmanit\u00e9 kor\u00e1lov\u00e9 \u00fatvary.<\/p>\n<p>Pro dopln\u011bn\u00ed energie b\u011bhem va\u0161ich vodn\u00edch eskap\u00e1d se na palub\u011b pod\u00e1v\u00e1 lahodn\u00fd, <strong>\u010derstv\u011b uva\u0159en\u00fd ob\u011bd<\/strong>, kter\u00fd v\u00e1m umo\u017en\u00ed vychutnat si j\u00eddlo uprost\u0159ed ohromuj\u00edc\u00edch v\u00fdhled\u016f na Rud\u00e9 mo\u0159e. Po cel\u00fd den z\u016fsta\u0148te sv\u011b\u017e\u00ed d\u00edky \u0161irok\u00e9 nab\u00eddce <strong>tepl\u00fdch a nealkoholick\u00fdch n\u00e1poj\u016f na palub\u011b<\/strong>, kter\u00e9 zaji\u0161\u0165uj\u00ed maxim\u00e1ln\u00ed pohodl\u00ed pod egyptsk\u00fdm sluncem. Pro extra d\u00e1vku adrenalinu a z\u00e1bavy tento <strong>Makadi Bay tour<\/strong> typicky zahrnuje vzru\u0161uj\u00edc\u00ed <strong>vodn\u00ed sporty<\/strong>, jako jsou nap\u00ednav\u00e9 j\u00edzdy na <strong>ban\u00e1nov\u00e9m \u010dlunu<\/strong> a <strong>nafukovac\u00ed pohovce<\/strong>, kter\u00e9 poskytuj\u00ed nezapomenuteln\u00e9 chv\u00edle pro rodiny i p\u0159\u00e1tele. Za\u017eijte to nejlep\u0161\u00ed z <strong>v\u00fdlet\u016f z Makadi Bay<\/strong> s t\u00edmto komplexn\u00edm bal\u00ed\u010dkem \u0161norchlov\u00e1n\u00ed a voln\u00e9ho \u010dasu, slibuj\u00edc\u00edm den objevov\u00e1n\u00ed a vzru\u0161en\u00ed v <strong>k\u0159i\u0161\u0165\u00e1lov\u011b \u010dist\u00fdch vod\u00e1ch Rud\u00e9ho mo\u0159e<\/strong>.<\/p>\n<h3><span style=\"color: #ff6600;\">Hlavn\u00ed body tour<\/span><\/h3>\n<ul>\n<li>Dv\u011b zast\u00e1vky na \u0161norchlov\u00e1n\u00ed na dvou r\u016fzn\u00fdch m\u00edstech<\/li>\n<li>\u010cerstv\u011b uva\u0159en\u00fd ob\u011bd na palub\u011b<\/li>\n<li>Tepl\u00e9 a nealkoholick\u00e9 n\u00e1poje na palub\u011b<\/li>\n<li>Vodn\u00ed sporty jako ban\u00e1nov\u00fd \u010dlun a nafukovac\u00ed pohovka<\/li>\n<\/ul>\n<h3><span style=\"color: #ff6600;\">Detaily tour<\/span><\/h3>\n<ul>\n<li>D\u00e9lka trv\u00e1n\u00ed: 8 hodin<\/li>\n<li>Lokace tour: <strong>Rud\u00e9 mo\u0159e<\/strong><\/li>\n<li>Dostupnost: Denn\u011b<\/li>\n<li>Typ tour: Skupinov\u00fd<\/li>\n<li><strong>Vyzvednut\u00ed a odvoz<\/strong>: V\u00e1\u0161 hotel v <strong>Makadi Bay<\/strong><\/li>\n<li>P\u0159\u00edstup pro voz\u00ed\u010dk\u00e1\u0159e: Ano<\/li>\n<\/ul>\n<h3><span style=\"color: #ff6600;\">Zahrnuto v tomto tour<\/span><\/h3>\n<ul>\n<li><strong>Zp\u00e1te\u010dn\u00ed transfer<\/strong> z va\u0161eho hotelu v <strong>Makadi Bay<\/strong><\/li>\n<li><strong>Vybaven\u00ed na \u0161norchlov\u00e1n\u00ed<\/strong> jako <strong>z\u00e1chrann\u00e1 vesta<\/strong>, <strong>maska<\/strong>, <strong>ploutve<\/strong><\/li>\n<li><strong>Pr\u016fvodce \u0161norchlov\u00e1n\u00edm<\/strong><\/li>\n<li><strong>\u010cerstv\u011b uva\u0159en\u00fd ob\u011bd na palub\u011b<\/strong><\/li>\n<li>Miner\u00e1ln\u00ed voda, tepl\u00e9 a studen\u00e9 n\u00e1poje po cel\u00fd den<\/li>\n<\/ul>\n<h3><span style=\"color: #ff6600;\">Nezahrnuto v tomto tour<\/span><\/h3>\n<ul>\n<li>DVD a fotografie od kameramana<\/li>\n<li>Sprepitn\u00e9<\/li>\n<li>Pot\u00e1p\u011bn\u00ed<\/li>\n<\/ul>\n<h3><span style=\"color: #ff6600;\">Co si vz\u00edt s sebou<\/span><\/h3>\n<ul>\n<li>Vlastn\u00ed ru\u010dn\u00edk z hotelu<\/li>\n<li>Klobouk nebo \u0161\u00e1tek<\/li>\n<li>Opalovac\u00ed kr\u00e9m<\/li>\n<li>Slune\u010dn\u00ed br\u00fdle<\/li>\n<li>Pohodln\u00e1 obuv<\/li>\n<li>Plavky<\/li>\n<li>N\u011bjak\u00e1 hotovost na osobn\u00ed v\u00fddaje<\/li>\n<\/ul>\n<h3><span style=\"color: #ff6600;\">Cena v\u00fdletu lod\u00ed na \u0161norchlov\u00e1n\u00ed z Makadi Bay<\/span><\/h3>\n<p>Cena pro dosp\u011bl\u00e9 = 30 $<\/p>\n<p>D\u011bti 0-5 let = zdarma<\/p>\n<p>D\u011bti 5-11 let = 50% ceny pro dosp\u011bl\u00e9<\/p>\n<h3><span style=\"color: #ff6600;\">Rezervace<\/span><\/h3>\n<p>Sv\u016fj <strong>v\u00fdlet si m\u016f\u017eete rezervovat<\/strong> p\u0159es WhatsApp nebo n\u00e1m poslat e-mail a potvrzen\u00ed obdr\u017e\u00edte na m\u00edst\u011b. Pros\u00edm, za\u0161lete n\u00e1m n\u00e1zev va\u0161eho hotelu, \u010d\u00edslo pokoje, kopie pas\u016f.<\/p>\n<p>WhatsApp \u010d\u00edslo: +201000852186<\/p>\n<p>E-mail: info@egytourpackages.com<\/p>\n<h3><span style=\"color: #ff6600;\">Rezervujte nyn\u00ed &amp; Zapla\u0165te na m\u00edst\u011b <\/span><\/h3>\n<p>Rezervujte si sv\u016fj obl\u00edben\u00fd v\u00fdlet a zapla\u0165te v den cesty.<\/p>\n<h3><span style=\"color: #ff6600;\">Storno podm\u00ednky<\/span><\/h3>\n<ul>\n<li>Zru\u0161en\u00ed zdarma a\u017e 24 hodin p\u0159edem<\/li>\n<li>Rann\u00ed zru\u0161en\u00ed je 50% z ceny<\/li>\n<\/ul>\n","protected":false},"excerpt":{"rendered":"<p>Pro\u017eijte <strong>v\u00fdlet na \u0161norchlov\u00e1n\u00ed Makadi Bay<\/strong>! Objevte barevn\u00e9 kor\u00e1ly a podmo\u0159sk\u00fd \u017eivot. Rezervujte si vodn\u00ed dobrodru\u017estv\u00ed je\u0161t\u011b dnes!<\/p>\n","protected":false},"featured_media":2938,"comment_status":"open","ping_status":"closed","template":"","meta":[],"product_brand":[],"product_cat":[1466],"product_tag":[1988],"class_list":{"0":"post-4277","1":"product","2":"type-product","3":"status-publish","4":"has-post-thumbnail","6":"product_cat-vylety","7":"product_tag-lodni-vylet-na-snorchlovani","8":"tour_category-jednodenni-vylety-po-egypte-cs","9":"tour_category-snorchlovaci-vylety-v-hurghade","10":"tour_category-vylety-do-makadi-bay","12":"first","13":"instock","14":"sale","15":"shipping-taxable","16":"purchasable","17":"product-type-tour","18":"has-default-attributes"},"yoast_head":"<!-- This site is optimized with the Yoast SEO Premium plugin v27.4 (Yoast SEO v27.4) - https:\/\/yoast.com\/product\/yoast-seo-premium-wordpress\/ -->\n<title>V\u00fdlet na \u0161norchlov\u00e1n\u00ed Makadi Bay | Nejlep\u0161\u00ed v\u00fdlety z Makadi Bay<\/title>\n<meta name=\"description\" content=\"Pro\u017eijte v\u00fdlet na \u0161norchlov\u00e1n\u00ed Makadi Bay! Objevte barevn\u00e9 kor\u00e1ly a podmo\u0159sk\u00fd \u017eivot. Rezervujte si vodn\u00ed dobrodru\u017estv\u00ed je\u0161t\u011b dnes!\" \/>\n<meta name=\"robots\" content=\"index, follow, max-snippet:-1, max-image-preview:large, max-video-preview:-1\" \/>\n<link rel=\"canonical\" href=\"https:\/\/egytourpackages.com\/cs\/prohlidky\/vylet-na-snorchlovani-makadi-bay\/\" \/>\n<meta property=\"og:locale\" content=\"cs_CZ\" \/>\n<meta property=\"og:type\" content=\"article\" \/>\n<meta property=\"og:title\" content=\"V\u00fdlet na \u0161norchlov\u00e1n\u00ed Makadi Bay\" \/>\n<meta property=\"og:description\" content=\"Pro\u017eijte v\u00fdlet na \u0161norchlov\u00e1n\u00ed Makadi Bay! Objevte barevn\u00e9 kor\u00e1ly a podmo\u0159sk\u00fd \u017eivot. Rezervujte si vodn\u00ed dobrodru\u017estv\u00ed je\u0161t\u011b dnes!\" \/>\n<meta property=\"og:url\" content=\"https:\/\/egytourpackages.com\/cs\/prohlidky\/vylet-na-snorchlovani-makadi-bay\/\" \/>\n<meta property=\"og:site_name\" content=\"Z\u00e1jezdy po Egypt\u011b\" \/>\n<meta property=\"article:publisher\" content=\"https:\/\/www.facebook.com\/egytourpackages\" \/>\n<meta property=\"article:modified_time\" content=\"2026-01-28T20:38:49+00:00\" \/>\n<meta property=\"og:image\" content=\"https:\/\/egytourpackages.com\/wp-content\/uploads\/2023\/08\/Makadi-Bay-best-Snorkeling-Trip-1024x682.jpg\" \/>\n<meta name=\"twitter:card\" content=\"summary_large_image\" \/>\n<meta name=\"twitter:title\" content=\"V\u00fdlet na \u0161norchlov\u00e1n\u00ed Makadi Bay\" \/>\n<meta name=\"twitter:description\" content=\"\u0160norchlovac\u00ed v\u00fdlet Makadi Bay | Prozkoumejte nejlep\u0161\u00ed m\u00edsta pro \u0161norchlov\u00e1n\u00ed v Hurghad\u011b, kor\u00e1lov\u00e9 \u00fatesy Rud\u00e9ho mo\u0159e, ryby Rud\u00e9ho mo\u0159e a podmo\u0159sk\u00fd \u017eivot Rud\u00e9ho mo\u0159e\" \/>\n<meta name=\"twitter:image\" content=\"https:\/\/egytourpackages.com\/wp-content\/uploads\/2023\/08\/Makadi-Bay-best-Snorkeling-Trip-1024x682.jpg\" \/>\n<meta name=\"twitter:label1\" content=\"Cena\" \/>\n\t<meta name=\"twitter:data1\" content=\"&euro;30\" \/>\n\t<meta name=\"twitter:label2\" content=\"Dostupnost\" \/>\n\t<meta name=\"twitter:data2\" content=\"Skladem\" \/>\n<script type=\"application\/ld+json\" class=\"yoast-schema-graph\">{\"@context\":\"https:\\\/\\\/schema.org\",\"@graph\":[{\"@type\":\"WebPage\",\"@id\":\"https:\\\/\\\/egytourpackages.com\\\/cs\\\/prohlidky\\\/vylet-na-snorchlovani-makadi-bay\\\/\",\"url\":\"https:\\\/\\\/egytourpackages.com\\\/cs\\\/prohlidky\\\/vylet-na-snorchlovani-makadi-bay\\\/\",\"name\":\"V\u00fdlet na \u0161norchlov\u00e1n\u00ed Makadi Bay | Nejlep\u0161\u00ed v\u00fdlety z Makadi Bay\",\"isPartOf\":{\"@id\":\"https:\\\/\\\/egytourpackages.com\\\/cs\\\/#website\"},\"primaryImageOfPage\":{\"@id\":\"https:\\\/\\\/egytourpackages.com\\\/cs\\\/prohlidky\\\/vylet-na-snorchlovani-makadi-bay\\\/#primaryimage\"},\"image\":{\"@id\":\"https:\\\/\\\/egytourpackages.com\\\/cs\\\/prohlidky\\\/vylet-na-snorchlovani-makadi-bay\\\/#primaryimage\"},\"thumbnailUrl\":\"https:\\\/\\\/egytourpackages.com\\\/wp-content\\\/uploads\\\/2023\\\/08\\\/Makadi-Bay-best-Snorkeling-Trip.jpg\",\"datePublished\":\"2023-08-22T10:53:55+00:00\",\"dateModified\":\"2026-01-28T20:38:49+00:00\",\"description\":\"Pro\u017eijte v\u00fdlet na \u0161norchlov\u00e1n\u00ed Makadi Bay! Objevte barevn\u00e9 kor\u00e1ly a podmo\u0159sk\u00fd \u017eivot. Rezervujte si vodn\u00ed dobrodru\u017estv\u00ed je\u0161t\u011b dnes!\",\"breadcrumb\":{\"@id\":\"https:\\\/\\\/egytourpackages.com\\\/cs\\\/prohlidky\\\/vylet-na-snorchlovani-makadi-bay\\\/#breadcrumb\"},\"inLanguage\":\"cs\",\"potentialAction\":[{\"@type\":\"ReadAction\",\"target\":[\"https:\\\/\\\/egytourpackages.com\\\/cs\\\/prohlidky\\\/vylet-na-snorchlovani-makadi-bay\\\/\"]}]},{\"@type\":\"ImageObject\",\"inLanguage\":\"cs\",\"@id\":\"https:\\\/\\\/egytourpackages.com\\\/cs\\\/prohlidky\\\/vylet-na-snorchlovani-makadi-bay\\\/#primaryimage\",\"url\":\"https:\\\/\\\/egytourpackages.com\\\/wp-content\\\/uploads\\\/2023\\\/08\\\/Makadi-Bay-best-Snorkeling-Trip.jpg\",\"contentUrl\":\"https:\\\/\\\/egytourpackages.com\\\/wp-content\\\/uploads\\\/2023\\\/08\\\/Makadi-Bay-best-Snorkeling-Trip.jpg\",\"width\":2000,\"height\":1333,\"caption\":\"V\u00fdlet na \u0161norchlov\u00e1n\u00ed Makadi Bay\"},{\"@type\":\"BreadcrumbList\",\"@id\":\"https:\\\/\\\/egytourpackages.com\\\/cs\\\/prohlidky\\\/vylet-na-snorchlovani-makadi-bay\\\/#breadcrumb\",\"itemListElement\":[{\"@type\":\"ListItem\",\"position\":1,\"name\":\"Dom\u016f\",\"item\":\"https:\\\/\\\/egytourpackages.com\\\/cs\\\/balicky-vyletu-po-egypte\\\/\"},{\"@type\":\"ListItem\",\"position\":2,\"name\":\"Shop\",\"item\":\"https:\\\/\\\/egytourpackages.com\\\/cs\\\/shop\\\/\"},{\"@type\":\"ListItem\",\"position\":3,\"name\":\"V\u00fdlet na \u0161norchlov\u00e1n\u00ed Makadi Bay\"}]},{\"@type\":\"WebSite\",\"@id\":\"https:\\\/\\\/egytourpackages.com\\\/cs\\\/#website\",\"url\":\"https:\\\/\\\/egytourpackages.com\\\/cs\\\/\",\"name\":\"Egy tour packages\",\"description\":\"\",\"publisher\":{\"@id\":\"https:\\\/\\\/egytourpackages.com\\\/cs\\\/#organization\"},\"potentialAction\":[{\"@type\":\"SearchAction\",\"target\":{\"@type\":\"EntryPoint\",\"urlTemplate\":\"https:\\\/\\\/egytourpackages.com\\\/cs\\\/?s={search_term_string}\"},\"query-input\":{\"@type\":\"PropertyValueSpecification\",\"valueRequired\":true,\"valueName\":\"search_term_string\"}}],\"inLanguage\":\"cs\"},{\"@type\":[\"Organization\",\"Place\",\"TravelAgency\"],\"@id\":\"https:\\\/\\\/egytourpackages.com\\\/cs\\\/#organization\",\"name\":\"egypt tour packages\",\"alternateName\":\"egypt tour packages\",\"url\":\"https:\\\/\\\/egytourpackages.com\\\/cs\\\/\",\"logo\":{\"@id\":\"https:\\\/\\\/egytourpackages.com\\\/cs\\\/prohlidky\\\/vylet-na-snorchlovani-makadi-bay\\\/#local-main-organization-logo\"},\"image\":{\"@id\":\"https:\\\/\\\/egytourpackages.com\\\/cs\\\/prohlidky\\\/vylet-na-snorchlovani-makadi-bay\\\/#local-main-organization-logo\"},\"sameAs\":[\"https:\\\/\\\/www.facebook.com\\\/egytourpackages\"],\"legalName\":\"Egy tour packages\",\"address\":{\"@id\":\"https:\\\/\\\/egytourpackages.com\\\/cs\\\/prohlidky\\\/vylet-na-snorchlovani-makadi-bay\\\/#local-main-place-address\"},\"telephone\":[\"00201000852186\",\"00201028685533\"],\"contactPoint\":{\"@type\":\"ContactPoint\",\"telephone\":\"00201000852186\"},\"openingHoursSpecification\":[{\"@type\":\"OpeningHoursSpecification\",\"dayOfWeek\":[\"Monday\",\"Tuesday\",\"Wednesday\",\"Thursday\",\"Friday\",\"Saturday\",\"Sunday\"],\"opens\":\"00:00\",\"closes\":\"23:59\"}],\"email\":\"info@egytourpackages.com\",\"areaServed\":\"Cairo, Hurghada, Luxor, Sharm El Sheikh, Marsa Alam, Aswan\",\"priceRange\":\"$\",\"currenciesAccepted\":\"euro\",\"paymentAccepted\":\"Payment links online\"},{\"@type\":\"PostalAddress\",\"@id\":\"https:\\\/\\\/egytourpackages.com\\\/cs\\\/prohlidky\\\/vylet-na-snorchlovani-makadi-bay\\\/#local-main-place-address\",\"streetAddress\":\"Mubarak 8, Al Kawthar District, Hurghada\",\"addressLocality\":\"Hurghada\",\"postalCode\":\"84511\",\"addressRegion\":\"Red Sea\",\"addressCountry\":\"EG\"},{\"@type\":\"ImageObject\",\"inLanguage\":\"cs\",\"@id\":\"https:\\\/\\\/egytourpackages.com\\\/cs\\\/prohlidky\\\/vylet-na-snorchlovani-makadi-bay\\\/#local-main-organization-logo\",\"url\":\"https:\\\/\\\/egytourpackages.com\\\/wp-content\\\/uploads\\\/2025\\\/12\\\/Turquoise-Dahabiya-Nile-Cruise-1.jpeg\",\"contentUrl\":\"https:\\\/\\\/egytourpackages.com\\\/wp-content\\\/uploads\\\/2025\\\/12\\\/Turquoise-Dahabiya-Nile-Cruise-1.jpeg\",\"width\":1040,\"height\":694,\"caption\":\"egypt tour packages\"}]}<\/script>\n<meta property=\"product:brand\" content=\"Jednodenn\u00ed v\u00fdlety po Egypt\u011b\" \/>\n<meta property=\"product:price:amount\" content=\"30\" \/>\n<meta property=\"product:price:currency\" content=\"EUR\" \/>\n<meta property=\"og:availability\" content=\"instock\" \/>\n<meta property=\"product:availability\" content=\"instock\" \/>\n<meta property=\"product:retailer_item_id\" content=\"MBE05\" \/>\n<meta property=\"product:condition\" content=\"new\" \/>\n<meta name=\"geo.placename\" content=\"Hurghada\" \/>\n<meta name=\"geo.region\" content=\"Egypt\" \/>\n<!-- \/ Yoast SEO Premium plugin. -->","yoast_head_json":{"title":"V\u00fdlet na \u0161norchlov\u00e1n\u00ed Makadi Bay | Nejlep\u0161\u00ed v\u00fdlety z Makadi Bay","description":"Pro\u017eijte v\u00fdlet na \u0161norchlov\u00e1n\u00ed Makadi Bay! Objevte barevn\u00e9 kor\u00e1ly a podmo\u0159sk\u00fd \u017eivot. Rezervujte si vodn\u00ed dobrodru\u017estv\u00ed je\u0161t\u011b dnes!","robots":{"index":"index","follow":"follow","max-snippet":"max-snippet:-1","max-image-preview":"max-image-preview:large","max-video-preview":"max-video-preview:-1"},"canonical":"https:\/\/egytourpackages.com\/cs\/prohlidky\/vylet-na-snorchlovani-makadi-bay\/","og_locale":"cs_CZ","og_type":"article","og_title":"V\u00fdlet na \u0161norchlov\u00e1n\u00ed Makadi Bay","og_description":"Pro\u017eijte v\u00fdlet na \u0161norchlov\u00e1n\u00ed Makadi Bay! Objevte barevn\u00e9 kor\u00e1ly a podmo\u0159sk\u00fd \u017eivot. Rezervujte si vodn\u00ed dobrodru\u017estv\u00ed je\u0161t\u011b dnes!","og_url":"https:\/\/egytourpackages.com\/cs\/prohlidky\/vylet-na-snorchlovani-makadi-bay\/","og_site_name":"Z\u00e1jezdy po Egypt\u011b","article_publisher":"https:\/\/www.facebook.com\/egytourpackages","article_modified_time":"2026-01-28T20:38:49+00:00","og_image":[{"url":"https:\/\/egytourpackages.com\/wp-content\/uploads\/2023\/08\/Makadi-Bay-best-Snorkeling-Trip-1024x682.jpg","type":"","width":"","height":""}],"twitter_card":"summary_large_image","twitter_title":"V\u00fdlet na \u0161norchlov\u00e1n\u00ed Makadi Bay","twitter_description":"\u0160norchlovac\u00ed v\u00fdlet Makadi Bay | Prozkoumejte nejlep\u0161\u00ed m\u00edsta pro \u0161norchlov\u00e1n\u00ed v Hurghad\u011b, kor\u00e1lov\u00e9 \u00fatesy Rud\u00e9ho mo\u0159e, ryby Rud\u00e9ho mo\u0159e a podmo\u0159sk\u00fd \u017eivot Rud\u00e9ho mo\u0159e","twitter_image":"https:\/\/egytourpackages.com\/wp-content\/uploads\/2023\/08\/Makadi-Bay-best-Snorkeling-Trip-1024x682.jpg","twitter_misc":{"Cena":"&euro;30","Dostupnost":"Skladem"},"schema":{"@context":"https:\/\/schema.org","@graph":[{"@type":"WebPage","@id":"https:\/\/egytourpackages.com\/cs\/prohlidky\/vylet-na-snorchlovani-makadi-bay\/","url":"https:\/\/egytourpackages.com\/cs\/prohlidky\/vylet-na-snorchlovani-makadi-bay\/","name":"V\u00fdlet na \u0161norchlov\u00e1n\u00ed Makadi Bay | Nejlep\u0161\u00ed v\u00fdlety z Makadi Bay","isPartOf":{"@id":"https:\/\/egytourpackages.com\/cs\/#website"},"primaryImageOfPage":{"@id":"https:\/\/egytourpackages.com\/cs\/prohlidky\/vylet-na-snorchlovani-makadi-bay\/#primaryimage"},"image":{"@id":"https:\/\/egytourpackages.com\/cs\/prohlidky\/vylet-na-snorchlovani-makadi-bay\/#primaryimage"},"thumbnailUrl":"https:\/\/egytourpackages.com\/wp-content\/uploads\/2023\/08\/Makadi-Bay-best-Snorkeling-Trip.jpg","datePublished":"2023-08-22T10:53:55+00:00","dateModified":"2026-01-28T20:38:49+00:00","description":"Pro\u017eijte v\u00fdlet na \u0161norchlov\u00e1n\u00ed Makadi Bay! Objevte barevn\u00e9 kor\u00e1ly a podmo\u0159sk\u00fd \u017eivot. Rezervujte si vodn\u00ed dobrodru\u017estv\u00ed je\u0161t\u011b dnes!","breadcrumb":{"@id":"https:\/\/egytourpackages.com\/cs\/prohlidky\/vylet-na-snorchlovani-makadi-bay\/#breadcrumb"},"inLanguage":"cs","potentialAction":[{"@type":"ReadAction","target":["https:\/\/egytourpackages.com\/cs\/prohlidky\/vylet-na-snorchlovani-makadi-bay\/"]}]},{"@type":"ImageObject","inLanguage":"cs","@id":"https:\/\/egytourpackages.com\/cs\/prohlidky\/vylet-na-snorchlovani-makadi-bay\/#primaryimage","url":"https:\/\/egytourpackages.com\/wp-content\/uploads\/2023\/08\/Makadi-Bay-best-Snorkeling-Trip.jpg","contentUrl":"https:\/\/egytourpackages.com\/wp-content\/uploads\/2023\/08\/Makadi-Bay-best-Snorkeling-Trip.jpg","width":2000,"height":1333,"caption":"V\u00fdlet na \u0161norchlov\u00e1n\u00ed Makadi Bay"},{"@type":"BreadcrumbList","@id":"https:\/\/egytourpackages.com\/cs\/prohlidky\/vylet-na-snorchlovani-makadi-bay\/#breadcrumb","itemListElement":[{"@type":"ListItem","position":1,"name":"Dom\u016f","item":"https:\/\/egytourpackages.com\/cs\/balicky-vyletu-po-egypte\/"},{"@type":"ListItem","position":2,"name":"Shop","item":"https:\/\/egytourpackages.com\/cs\/shop\/"},{"@type":"ListItem","position":3,"name":"V\u00fdlet na \u0161norchlov\u00e1n\u00ed Makadi Bay"}]},{"@type":"WebSite","@id":"https:\/\/egytourpackages.com\/cs\/#website","url":"https:\/\/egytourpackages.com\/cs\/","name":"Egy tour packages","description":"","publisher":{"@id":"https:\/\/egytourpackages.com\/cs\/#organization"},"potentialAction":[{"@type":"SearchAction","target":{"@type":"EntryPoint","urlTemplate":"https:\/\/egytourpackages.com\/cs\/?s={search_term_string}"},"query-input":{"@type":"PropertyValueSpecification","valueRequired":true,"valueName":"search_term_string"}}],"inLanguage":"cs"},{"@type":["Organization","Place","TravelAgency"],"@id":"https:\/\/egytourpackages.com\/cs\/#organization","name":"egypt tour packages","alternateName":"egypt tour packages","url":"https:\/\/egytourpackages.com\/cs\/","logo":{"@id":"https:\/\/egytourpackages.com\/cs\/prohlidky\/vylet-na-snorchlovani-makadi-bay\/#local-main-organization-logo"},"image":{"@id":"https:\/\/egytourpackages.com\/cs\/prohlidky\/vylet-na-snorchlovani-makadi-bay\/#local-main-organization-logo"},"sameAs":["https:\/\/www.facebook.com\/egytourpackages"],"legalName":"Egy tour packages","address":{"@id":"https:\/\/egytourpackages.com\/cs\/prohlidky\/vylet-na-snorchlovani-makadi-bay\/#local-main-place-address"},"telephone":["00201000852186","00201028685533"],"contactPoint":{"@type":"ContactPoint","telephone":"00201000852186"},"openingHoursSpecification":[{"@type":"OpeningHoursSpecification","dayOfWeek":["Monday","Tuesday","Wednesday","Thursday","Friday","Saturday","Sunday"],"opens":"00:00","closes":"23:59"}],"email":"info@egytourpackages.com","areaServed":"Cairo, Hurghada, Luxor, Sharm El Sheikh, Marsa Alam, Aswan","priceRange":"$","currenciesAccepted":"euro","paymentAccepted":"Payment links online"},{"@type":"PostalAddress","@id":"https:\/\/egytourpackages.com\/cs\/prohlidky\/vylet-na-snorchlovani-makadi-bay\/#local-main-place-address","streetAddress":"Mubarak 8, Al Kawthar District, Hurghada","addressLocality":"Hurghada","postalCode":"84511","addressRegion":"Red Sea","addressCountry":"EG"},{"@type":"ImageObject","inLanguage":"cs","@id":"https:\/\/egytourpackages.com\/cs\/prohlidky\/vylet-na-snorchlovani-makadi-bay\/#local-main-organization-logo","url":"https:\/\/egytourpackages.com\/wp-content\/uploads\/2025\/12\/Turquoise-Dahabiya-Nile-Cruise-1.jpeg","contentUrl":"https:\/\/egytourpackages.com\/wp-content\/uploads\/2025\/12\/Turquoise-Dahabiya-Nile-Cruise-1.jpeg","width":1040,"height":694,"caption":"egypt tour packages"}]},"product_brand":"Jednodenn\u00ed v\u00fdlety po Egypt\u011b","product_price_amount":"30","product_price_currency":"EUR","og_availability":"instock","product_availability":"instock","product_retailer_item_id":"MBE05","product_condition":"new","geo.placename":"Hurghada","geo.region":"Egypt"},"_links":{"self":[{"href":"https:\/\/egytourpackages.com\/cs\/wp-json\/wp\/v2\/product\/4277","targetHints":{"allow":["GET"]}}],"collection":[{"href":"https:\/\/egytourpackages.com\/cs\/wp-json\/wp\/v2\/product"}],"about":[{"href":"https:\/\/egytourpackages.com\/cs\/wp-json\/wp\/v2\/types\/product"}],"replies":[{"embeddable":true,"href":"https:\/\/egytourpackages.com\/cs\/wp-json\/wp\/v2\/comments?post=4277"}],"wp:featuredmedia":[{"embeddable":true,"href":"https:\/\/egytourpackages.com\/cs\/wp-json\/wp\/v2\/media\/2938"}],"wp:attachment":[{"href":"https:\/\/egytourpackages.com\/cs\/wp-json\/wp\/v2\/media?parent=4277"}],"wp:term":[{"taxonomy":"product_brand","embeddable":true,"href":"https:\/\/egytourpackages.com\/cs\/wp-json\/wp\/v2\/product_brand?post=4277"},{"taxonomy":"product_cat","embeddable":true,"href":"https:\/\/egytourpackages.com\/cs\/wp-json\/wp\/v2\/product_cat?post=4277"},{"taxonomy":"product_tag","embeddable":true,"href":"https:\/\/egytourpackages.com\/cs\/wp-json\/wp\/v2\/product_tag?post=4277"}],"curies":[{"name":"wp","href":"https:\/\/api.w.org\/{rel}","templated":true}]}}