{"id":4484,"date":"2023-07-25T02:43:22","date_gmt":"2023-07-25T02:43:22","guid":{"rendered":"https:\/\/egytourpackages.com\/product\/dendera-a-abydos-tour-z-el-gouny\/"},"modified":"2026-01-28T21:21:45","modified_gmt":"2026-01-28T21:21:45","slug":"dendera-a-abydos-tour-z-el-gouny","status":"publish","type":"product","link":"https:\/\/egytourpackages.com\/cs\/prohlidky\/dendera-a-abydos-tour-z-el-gouny\/","title":{"rendered":"Dendera a Abydos Tour z El Gouny"},"content":{"rendered":"<p><strong><span style=\"color: #ff6600;\">Dendera a Abydos Tour z El Gouny<\/span> \u00a0<\/strong><\/p>\n<p>Rezervujte si <strong>luxusn\u00ed soukrom\u00fd Dendera a Abydos Tour z El Gouny<\/strong> s vlastn\u00edm vozidlem, soukrom\u00fdm pr\u016fvodcem a nejlep\u0161\u00edmi slu\u017ebami od <strong>Egypt Tours<\/strong>. Tyto <strong>exkurze z El Gouny<\/strong> do Dendery a Abydu slibuj\u00ed nezapomenuteln\u00e9 prozkoum\u00e1n\u00ed <strong>egyptsk\u00e9ho kulturn\u00edho d\u011bdictv\u00ed<\/strong>. U\u017eijte si soukrom\u00fd v\u016fz, soukrom\u00e9ho pr\u016fvodce a nejlep\u0161\u00ed slu\u017eby k prozkoum\u00e1n\u00ed z\u00e1had Dendery, <strong>chr\u00e1mu Hathor<\/strong>. Obdivujte <strong>Dendersk\u00fd zv\u011brokruh<\/strong>, <strong>f\u00e1ze M\u011bs\u00edce<\/strong>, <strong>Denderskou \u017e\u00e1rovku<\/strong>, <strong>krypty<\/strong> a <strong>mammisi<\/strong>. Pot\u00e9 nav\u0161t\u00edv\u00edte velkolep\u00fd <strong>chr\u00e1m Setiho I. v Abydu<\/strong>, pln\u00fd zobrazen\u00ed <strong>egyptsk\u00e9 mytologie<\/strong>, <strong>Abydosk\u00e9ho seznamu kr\u00e1l\u016f<\/strong> a svat\u00fdch svatyn\u00ed. Va\u0161e <strong>jednodenn\u00ed v\u00fdlety po Egypt\u011b<\/strong> do Dendery a Abydu budou va\u0161\u00ed \u0161anc\u00ed pono\u0159it se hloub\u011bji do z\u00e1had t\u011bchto starov\u011bk\u00fdch lokalit.<\/p>\n<h3><span style=\"color: #ff6600;\">Detaily z\u00e1jezdu<\/span><\/h3>\n<ul>\n<li><strong>D\u00e9lka trv\u00e1n\u00ed:<\/strong> 1 den<\/li>\n<li><strong>M\u00edsto prohl\u00eddky:<\/strong> Dendera \/ Abydos<\/li>\n<li><strong>Dostupnost prohl\u00eddky:<\/strong> Ka\u017ed\u00fd den<\/li>\n<li><strong>Vyzvednut\u00ed a odvoz:<\/strong> Hotely v El Goun\u011b<\/li>\n<li><strong>Typ prohl\u00eddky:<\/strong> Soukrom\u00e1<\/li>\n<li><strong>P\u0159\u00edstupnost pro voz\u00ed\u010dk\u00e1\u0159e:<\/strong> P\u0159\u00edstupn\u00e9<\/li>\n<\/ul>\n<h3><span style=\"color: #ff6600;\">Zahrnuto v t\u00e9to prohl\u00eddce<\/span><\/h3>\n<ul>\n<li>Transfer tam a zp\u011bt soukrom\u00fdm, zbrusu nov\u00fdm vozidlem<\/li>\n<li>Odborn\u00fd pr\u016fvodce egyptolog<\/li>\n<li>Vstupn\u00e9 na v\u0161echny pam\u00e1tky<\/li>\n<li>Ob\u011bdy v m\u00edstn\u00ed restauraci<\/li>\n<li>Voda b\u011bhem dne<\/li>\n<\/ul>\n<h3><span style=\"color: #ff6600;\">Nen\u00ed zahrnuto v t\u00e9to prohl\u00eddce<\/span><\/h3>\n<ul>\n<li>N\u00e1poje b\u011bhem ob\u011bda<\/li>\n<li>Spropitn\u00e9<\/li>\n<\/ul>\n<h3><span style=\"color: #ff6600;\">Co si vz\u00edt s sebou<\/span><\/h3>\n<ul>\n<li>Klobouk, slune\u010dn\u00ed br\u00fdle a opalovac\u00ed kr\u00e9m<\/li>\n<li>Pohodln\u00e9 boty a oble\u010den\u00ed<\/li>\n<\/ul>\n<h2><span style=\"color: #ff6600;\">Itiner\u00e1\u0159<\/span><\/h2>\n<p>S pr\u016fvodcem se setk\u00e1te ve vstupn\u00ed hale va\u0161eho hotelu v El Goun\u011b pot\u00e9, co si na recepci vyzvednete sn\u00edda\u0148ov\u00e9 bal\u00ed\u010dky. Pot\u00e9 zah\u00e1j\u00edte va\u0161e <strong>exkurze z El Gouny<\/strong> k <strong>chr\u00e1mu Dendera<\/strong> a <strong>chr\u00e1mu Abydos<\/strong> s kr\u00e1tkou p\u0159est\u00e1vkou na cest\u011b na sn\u00eddani a pou\u017eit\u00ed toalet. Va\u0161e <strong>jednodenn\u00ed v\u00fdlety z El Gouny<\/strong> za\u010dnete u <strong>chr\u00e1mu Hathor<\/strong> na z\u00e1padn\u00edm b\u0159ehu \u0159eky Nil.<\/p>\n<h3><span style=\"color: #ff6600;\">Chr\u00e1m Dendera | Chr\u00e1m Hathor<\/span><\/h3>\n<p>Jakmile vstoup\u00edte do <strong>chr\u00e1mu Dendera<\/strong>, m\u016f\u017eete si b\u00fdt jisti, \u017ee vstupujete do mystick\u00e9ho sv\u011bta jednoho z nejl\u00e9pe dochovan\u00fdch <strong>egyptsk\u00fdch chr\u00e1m\u016f<\/strong>. Ve skute\u010dnosti je <strong>chr\u00e1m Dendera<\/strong> chr\u00e1mem srde\u010dn\u00ed \u010dakry a jedin\u00fdm, kde m\u016f\u017eete vstoupit pod chr\u00e1m do n\u011bkter\u00fdch krypt. Za\u010dn\u011bte u Traj\u00e1novy br\u00e1ny, ne\u017e nav\u0161t\u00edv\u00edte \u0159\u00edmsk\u00e9 Mammisi, faraonsk\u00e9 Mammisi Nektaneba a Koptsk\u00fd kostel mezi nimi.<\/p>\n<p>Pokud zah\u00e1j\u00edte prohl\u00eddku chr\u00e1mu zven\u010d\u00ed, uvid\u00edte mnoho zaj\u00edmav\u00fdch budov, jako je <strong>sanatorium<\/strong>, kde byli na chv\u00edli dr\u017eeni du\u0161evn\u011b nemocn\u00ed lid\u00e9. Pot\u00e9 projdete kolem star\u00e9ho <strong>Nilometru<\/strong> a <strong>Posv\u00e1tn\u00e9ho jezera<\/strong>, kde se v t\u00e9 dob\u011b kn\u011b\u017e\u00ed o\u010di\u0161\u0165ovali. N\u00e1sledn\u011b nav\u0161t\u00edv\u00edte magickou <strong>kapli Isis<\/strong> a energii, kterou tam lid\u00e9 c\u00edt\u00ed. Naproti t\u00e9to kapli je jedin\u00e1 sc\u00e9na zobrazuj\u00edc\u00ed <strong>Kleopatru VII. Filopator<\/strong> a jej\u00edho syna <strong>Ptolemaia XV. Caesariona<\/strong>. Dokon\u010dete svou cestu kolem chr\u00e1mu, abyste vid\u011bli \u00fa\u017easnou sc\u00e9nu v\u0161ech star\u00fdch <strong>egyptsk\u00fdch korun<\/strong> z t\u00e9 doby.<\/p>\n<p>Nyn\u00ed je \u010das j\u00edt dovnit\u0159 chr\u00e1mu, za\u010d\u00edt s <strong>hypostylovou halou<\/strong> s jej\u00edmi \u017eiv\u00fdmi, <strong>nebesk\u00fdmi stropy<\/strong> p\u0159ipom\u00ednaj\u00edc\u00edmi znamen\u00ed hv\u011bzd, 15 f\u00e1z\u00ed m\u011bs\u00edce, denn\u00ed a no\u010dn\u00ed hodiny. Krom\u011b toho uvid\u00edte <strong>krypty<\/strong> a <strong>Denderskou \u017e\u00e1rovku<\/strong>, ne\u017e vystoup\u00edte po schodi\u0161ti na st\u0159echu chr\u00e1mu, kde uvid\u00edte <strong>reli\u00e9f bohyn\u011b Nut<\/strong> na obloze a <strong>Osirisovu kapli<\/strong>. Pot\u00e9, co po\u0159\u00edd\u00edte fotografie, se s pr\u016fvodcem vyd\u00e1te k <strong>chr\u00e1mu Abydos<\/strong>.<\/p>\n<h3><span style=\"color: #ff6600;\">Ob\u011bd<\/span><\/h3>\n<p>Vychutn\u00e1te si ob\u011bd v m\u00edstn\u00edm dom\u011b s dom\u00e1c\u00edm j\u00eddlem.<\/p>\n<h3><span style=\"color: #ff6600;\">Chr\u00e1m Abydos | Poutn\u00ed m\u011bsto<\/span><\/h3>\n<p>Vlastn\u011b,<strong> Chr\u00e1m Abydos<\/strong> v Sohagu je jedn\u00edm z nejbarevn\u011bj\u0161\u00edch chr\u00e1m\u016f v cel\u00e9m <strong>Egypt\u011b<\/strong>, jeho\u017e stavba za\u010dala za <strong>Setiho I.<\/strong> a byla dokon\u010dena <strong>Ramessesem II.<\/strong> a <strong>Mernptahem<\/strong>. Chr\u00e1m obsahuje sc\u00e9ny, kter\u00e9 dodnes matou v\u011bt\u0161inu lid\u00ed, jako je <strong>Abydos helikopt\u00e9ra<\/strong>, <strong>ponorka<\/strong> a <strong>letadlo<\/strong>. Skute\u010dn\u011b, Chr\u00e1m m\u00e1 tak\u00e9 unik\u00e1tn\u00edch <strong>7 svatyn\u00ed pro Hora, Isis, Osirise, Amona Ra, Rahorakhtyho, Ptaha a Setiho I.<\/strong> jako boha. Ve skute\u010dnosti chr\u00e1m obsahuje <strong>Abydosk\u00fd seznam kr\u00e1l\u016f<\/strong>, kter\u00fd je skv\u011bl\u00fdm zdrojem informac\u00ed o <strong>egyptsk\u00fdch kr\u00e1l\u00edch<\/strong> od Meniho a\u017e po samotn\u00e9ho Setiho. Jakmile vyjdete z chr\u00e1mu, uvid\u00edte <strong>Osireion<\/strong>, co\u017e je jedno z nejmysti\u010dt\u011bj\u0161\u00edch m\u00edst v Egypt\u011b. Pozd\u011bji se vyd\u00e1te zp\u011bt do va\u0161eho hotelu v El Goun\u011b.<\/p>\n<h3><span style=\"color: #ff6600;\">Cena prohl\u00eddky Dendera a Abydos z El Gouny<\/span><\/h3>\n<ul>\n<li>Cena pro dosp\u011bl\u00e9 = 150 \u20ac<\/li>\n<li>D\u011bti 0-5 let = zdarma<\/li>\n<li>D\u011bti 5-11 let = 50 % z ceny pro dosp\u011bl\u00e9<\/li>\n<\/ul>\n<h3><span style=\"color: #ff6600;\">Rezervace<\/span><\/h3>\n<p>Sv\u00e9 <strong>exkurze z El Gouny<\/strong> si m\u016f\u017eete rezervovat p\u0159es WhatsApp nebo n\u00e1m poslat e-mail a potvrzen\u00ed obdr\u017e\u00edte ihned.<\/p>\n<p>Pros\u00edm, za\u0161lete n\u00e1m n\u00e1zev va\u0161eho hotelu, \u010d\u00edslo pokoje, kopie pas\u016f.<\/p>\n<p><strong>WhatsApp \u010d\u00edslo:<\/strong> +201000852186<\/p>\n<p>info@egytourpackages.com<\/p>\n<h3><span style=\"color: #ff6600;\">Rezervujte nyn\u00ed a zapla\u0165te na m\u00edst\u011b<\/span><\/h3>\n<p>Zarezervujte si sv\u016fj obl\u00edben\u00fd z\u00e1jezd a zapla\u0165te v den v\u00fdletu.<\/p>\n<h3><span style=\"color: #ff6600;\">Platba<\/span><\/h3>\n<p>M\u016f\u017eete platit egyptsk\u00fdmi librami, $, \u20ac nebo \u00a3.<\/p>\n<h3><span style=\"color: #ff6600;\">Storno podm\u00ednky<\/span><\/h3>\n<ul>\n<li>Zru\u0161en\u00ed je zdarma do 24 hodin p\u0159edem.<\/li>\n<li>Zru\u0161en\u00ed r\u00e1no v den v\u00fdletu je 50 % z ceny.<\/li>\n<\/ul>\n","protected":false},"excerpt":{"rendered":"<p>Esplora i misteri dell&#8217;Antico Egitto! Tour privati di lusso Dendera a Abydos Tour z El Gouny . Scopri Hathor Temple, Seti I, Re, mitologia e altro. Prenota ora!<\/p>\n","protected":false},"featured_media":2890,"comment_status":"open","ping_status":"closed","template":"","meta":[],"product_brand":[],"product_cat":[1466],"product_tag":[2342,2343],"class_list":{"0":"post-4484","1":"product","2":"type-product","3":"status-publish","4":"has-post-thumbnail","6":"product_cat-vylety","7":"product_tag-chram-abydos","8":"product_tag-chram-dendera","9":"tour_category-jednodenni-vylety-po-egypte-cs","10":"tour_category-vylety-do-el-gouny","11":"tour_category-zajezdy-do-luxoru-z-hurghady","13":"first","14":"instock","15":"sale","16":"shipping-taxable","17":"purchasable","18":"product-type-tour","19":"has-default-attributes"},"yoast_head":"<!-- This site is optimized with the Yoast SEO Premium plugin v27.4 (Yoast SEO v27.4) - https:\/\/yoast.com\/product\/yoast-seo-premium-wordpress\/ -->\n<title>Dendera a Abydos Tour z El Gouny | I Migliori Tour Egitto 2025<\/title>\n<meta name=\"description\" content=\"Esplora i misteri dell&#039;Antico Egitto! Tour privati Dendera a Abydos Tour z El Gouny . Scopri Hathor Temple, Seti I, Re, mitologia e altro. Prenota ora!\" \/>\n<meta name=\"robots\" content=\"index, follow, max-snippet:-1, max-image-preview:large, max-video-preview:-1\" \/>\n<link rel=\"canonical\" href=\"https:\/\/egytourpackages.com\/cs\/prohlidky\/dendera-a-abydos-tour-z-el-gouny\/\" \/>\n<meta property=\"og:locale\" content=\"cs_CZ\" \/>\n<meta property=\"og:type\" content=\"article\" \/>\n<meta property=\"og:title\" content=\"Dendera a Abydos Tour z El Gouny\" \/>\n<meta property=\"og:description\" content=\"Esplora i misteri dell&#039;Antico Egitto! Tour privati di lusso Dendera a Abydos Tour z El Gouny . Scopri Hathor Temple, Seti I, Re, mitologia e altro. Prenota ora!\" \/>\n<meta property=\"og:url\" content=\"https:\/\/egytourpackages.com\/cs\/prohlidky\/dendera-a-abydos-tour-z-el-gouny\/\" \/>\n<meta property=\"og:site_name\" content=\"Z\u00e1jezdy po Egypt\u011b\" \/>\n<meta property=\"article:publisher\" content=\"https:\/\/www.facebook.com\/egytourpackages\" \/>\n<meta property=\"article:modified_time\" content=\"2026-01-28T21:21:45+00:00\" \/>\n<meta property=\"og:image\" content=\"https:\/\/egytourpackages.com\/wp-content\/uploads\/2023\/07\/Dendera-temple-1.jpg\" \/>\n\t<meta property=\"og:image:width\" content=\"2000\" \/>\n\t<meta property=\"og:image:height\" content=\"1333\" \/>\n\t<meta property=\"og:image:type\" content=\"image\/jpeg\" \/>\n<meta name=\"twitter:card\" content=\"summary_large_image\" \/>\n<meta name=\"twitter:title\" content=\"Dendera a Abydos Tour z El Gouny\" \/>\n<meta name=\"twitter:description\" content=\"Esplora i misteri dell&#039;Antico Egitto! Tour privati di lusso Dendera a Abydos Tour z El Gouny . Scopri Hathor Temple, Seti I, Re, mitologia e altro. Prenota ora!\" \/>\n<meta name=\"twitter:label1\" content=\"Cena\" \/>\n\t<meta name=\"twitter:data1\" content=\"&euro;150\" \/>\n\t<meta name=\"twitter:label2\" content=\"Dostupnost\" \/>\n\t<meta name=\"twitter:data2\" content=\"Skladem\" \/>\n<script type=\"application\/ld+json\" class=\"yoast-schema-graph\">{\"@context\":\"https:\\\/\\\/schema.org\",\"@graph\":[{\"@type\":\"WebPage\",\"@id\":\"https:\\\/\\\/egytourpackages.com\\\/cs\\\/prohlidky\\\/dendera-a-abydos-tour-z-el-gouny\\\/\",\"url\":\"https:\\\/\\\/egytourpackages.com\\\/cs\\\/prohlidky\\\/dendera-a-abydos-tour-z-el-gouny\\\/\",\"name\":\"Dendera a Abydos Tour z El Gouny | I Migliori Tour Egitto 2025\",\"isPartOf\":{\"@id\":\"https:\\\/\\\/egytourpackages.com\\\/cs\\\/#website\"},\"primaryImageOfPage\":{\"@id\":\"https:\\\/\\\/egytourpackages.com\\\/cs\\\/prohlidky\\\/dendera-a-abydos-tour-z-el-gouny\\\/#primaryimage\"},\"image\":{\"@id\":\"https:\\\/\\\/egytourpackages.com\\\/cs\\\/prohlidky\\\/dendera-a-abydos-tour-z-el-gouny\\\/#primaryimage\"},\"thumbnailUrl\":\"https:\\\/\\\/egytourpackages.com\\\/wp-content\\\/uploads\\\/2023\\\/07\\\/Dendera-temple-1.jpg\",\"datePublished\":\"2023-07-25T02:43:22+00:00\",\"dateModified\":\"2026-01-28T21:21:45+00:00\",\"description\":\"Esplora i misteri dell'Antico Egitto! Tour privati Dendera a Abydos Tour z El Gouny . Scopri Hathor Temple, Seti I, Re, mitologia e altro. Prenota ora!\",\"breadcrumb\":{\"@id\":\"https:\\\/\\\/egytourpackages.com\\\/cs\\\/prohlidky\\\/dendera-a-abydos-tour-z-el-gouny\\\/#breadcrumb\"},\"inLanguage\":\"cs\",\"potentialAction\":[{\"@type\":\"ReadAction\",\"target\":[\"https:\\\/\\\/egytourpackages.com\\\/cs\\\/prohlidky\\\/dendera-a-abydos-tour-z-el-gouny\\\/\"]}]},{\"@type\":\"ImageObject\",\"inLanguage\":\"cs\",\"@id\":\"https:\\\/\\\/egytourpackages.com\\\/cs\\\/prohlidky\\\/dendera-a-abydos-tour-z-el-gouny\\\/#primaryimage\",\"url\":\"https:\\\/\\\/egytourpackages.com\\\/wp-content\\\/uploads\\\/2023\\\/07\\\/Dendera-temple-1.jpg\",\"contentUrl\":\"https:\\\/\\\/egytourpackages.com\\\/wp-content\\\/uploads\\\/2023\\\/07\\\/Dendera-temple-1.jpg\",\"width\":2000,\"height\":1333,\"caption\":\"Dendera a Abydos Tour z El Gouny\"},{\"@type\":\"BreadcrumbList\",\"@id\":\"https:\\\/\\\/egytourpackages.com\\\/cs\\\/prohlidky\\\/dendera-a-abydos-tour-z-el-gouny\\\/#breadcrumb\",\"itemListElement\":[{\"@type\":\"ListItem\",\"position\":1,\"name\":\"Dom\u016f\",\"item\":\"https:\\\/\\\/egytourpackages.com\\\/cs\\\/balicky-vyletu-po-egypte\\\/\"},{\"@type\":\"ListItem\",\"position\":2,\"name\":\"Shop\",\"item\":\"https:\\\/\\\/egytourpackages.com\\\/cs\\\/shop\\\/\"},{\"@type\":\"ListItem\",\"position\":3,\"name\":\"Dendera a Abydos Tour z El Gouny\"}]},{\"@type\":\"WebSite\",\"@id\":\"https:\\\/\\\/egytourpackages.com\\\/cs\\\/#website\",\"url\":\"https:\\\/\\\/egytourpackages.com\\\/cs\\\/\",\"name\":\"Egy tour packages\",\"description\":\"\",\"publisher\":{\"@id\":\"https:\\\/\\\/egytourpackages.com\\\/cs\\\/#organization\"},\"potentialAction\":[{\"@type\":\"SearchAction\",\"target\":{\"@type\":\"EntryPoint\",\"urlTemplate\":\"https:\\\/\\\/egytourpackages.com\\\/cs\\\/?s={search_term_string}\"},\"query-input\":{\"@type\":\"PropertyValueSpecification\",\"valueRequired\":true,\"valueName\":\"search_term_string\"}}],\"inLanguage\":\"cs\"},{\"@type\":[\"Organization\",\"Place\",\"TravelAgency\"],\"@id\":\"https:\\\/\\\/egytourpackages.com\\\/cs\\\/#organization\",\"name\":\"egypt tour packages\",\"alternateName\":\"egypt tour packages\",\"url\":\"https:\\\/\\\/egytourpackages.com\\\/cs\\\/\",\"logo\":{\"@id\":\"https:\\\/\\\/egytourpackages.com\\\/cs\\\/prohlidky\\\/dendera-a-abydos-tour-z-el-gouny\\\/#local-main-organization-logo\"},\"image\":{\"@id\":\"https:\\\/\\\/egytourpackages.com\\\/cs\\\/prohlidky\\\/dendera-a-abydos-tour-z-el-gouny\\\/#local-main-organization-logo\"},\"sameAs\":[\"https:\\\/\\\/www.facebook.com\\\/egytourpackages\"],\"legalName\":\"Egy tour packages\",\"address\":{\"@id\":\"https:\\\/\\\/egytourpackages.com\\\/cs\\\/prohlidky\\\/dendera-a-abydos-tour-z-el-gouny\\\/#local-main-place-address\"},\"telephone\":[\"00201000852186\",\"00201028685533\"],\"contactPoint\":{\"@type\":\"ContactPoint\",\"telephone\":\"00201000852186\"},\"openingHoursSpecification\":[{\"@type\":\"OpeningHoursSpecification\",\"dayOfWeek\":[\"Monday\",\"Tuesday\",\"Wednesday\",\"Thursday\",\"Friday\",\"Saturday\",\"Sunday\"],\"opens\":\"00:00\",\"closes\":\"23:59\"}],\"email\":\"info@egytourpackages.com\",\"areaServed\":\"Cairo, Hurghada, Luxor, Sharm El Sheikh, Marsa Alam, Aswan\",\"priceRange\":\"$\",\"currenciesAccepted\":\"euro\",\"paymentAccepted\":\"Payment links online\"},{\"@type\":\"PostalAddress\",\"@id\":\"https:\\\/\\\/egytourpackages.com\\\/cs\\\/prohlidky\\\/dendera-a-abydos-tour-z-el-gouny\\\/#local-main-place-address\",\"streetAddress\":\"Mubarak 8, Al Kawthar District, Hurghada\",\"addressLocality\":\"Hurghada\",\"postalCode\":\"84511\",\"addressRegion\":\"Red Sea\",\"addressCountry\":\"EG\"},{\"@type\":\"ImageObject\",\"inLanguage\":\"cs\",\"@id\":\"https:\\\/\\\/egytourpackages.com\\\/cs\\\/prohlidky\\\/dendera-a-abydos-tour-z-el-gouny\\\/#local-main-organization-logo\",\"url\":\"https:\\\/\\\/egytourpackages.com\\\/wp-content\\\/uploads\\\/2025\\\/12\\\/Turquoise-Dahabiya-Nile-Cruise-1.jpeg\",\"contentUrl\":\"https:\\\/\\\/egytourpackages.com\\\/wp-content\\\/uploads\\\/2025\\\/12\\\/Turquoise-Dahabiya-Nile-Cruise-1.jpeg\",\"width\":1040,\"height\":694,\"caption\":\"egypt tour packages\"}]}<\/script>\n<meta property=\"product:brand\" content=\"Jednodenn\u00ed v\u00fdlety po Egypt\u011b\" \/>\n<meta property=\"product:price:amount\" content=\"150\" \/>\n<meta property=\"product:price:currency\" content=\"EUR\" \/>\n<meta property=\"og:availability\" content=\"instock\" \/>\n<meta property=\"product:availability\" content=\"instock\" \/>\n<meta property=\"product:retailer_item_id\" content=\"GDT03\" \/>\n<meta property=\"product:condition\" content=\"new\" \/>\n<meta name=\"geo.placename\" content=\"Hurghada\" \/>\n<meta name=\"geo.region\" content=\"Egypt\" \/>\n<!-- \/ Yoast SEO Premium plugin. -->","yoast_head_json":{"title":"Dendera a Abydos Tour z El Gouny | I Migliori Tour Egitto 2025","description":"Esplora i misteri dell'Antico Egitto! Tour privati Dendera a Abydos Tour z El Gouny . Scopri Hathor Temple, Seti I, Re, mitologia e altro. Prenota ora!","robots":{"index":"index","follow":"follow","max-snippet":"max-snippet:-1","max-image-preview":"max-image-preview:large","max-video-preview":"max-video-preview:-1"},"canonical":"https:\/\/egytourpackages.com\/cs\/prohlidky\/dendera-a-abydos-tour-z-el-gouny\/","og_locale":"cs_CZ","og_type":"article","og_title":"Dendera a Abydos Tour z El Gouny","og_description":"Esplora i misteri dell'Antico Egitto! Tour privati di lusso Dendera a Abydos Tour z El Gouny . Scopri Hathor Temple, Seti I, Re, mitologia e altro. Prenota ora!","og_url":"https:\/\/egytourpackages.com\/cs\/prohlidky\/dendera-a-abydos-tour-z-el-gouny\/","og_site_name":"Z\u00e1jezdy po Egypt\u011b","article_publisher":"https:\/\/www.facebook.com\/egytourpackages","article_modified_time":"2026-01-28T21:21:45+00:00","og_image":[{"width":2000,"height":1333,"url":"https:\/\/egytourpackages.com\/wp-content\/uploads\/2023\/07\/Dendera-temple-1.jpg","type":"image\/jpeg"}],"twitter_card":"summary_large_image","twitter_title":"Dendera a Abydos Tour z El Gouny","twitter_description":"Esplora i misteri dell'Antico Egitto! Tour privati di lusso Dendera a Abydos Tour z El Gouny . Scopri Hathor Temple, Seti I, Re, mitologia e altro. Prenota ora!","twitter_misc":{"Cena":"&euro;150","Dostupnost":"Skladem"},"schema":{"@context":"https:\/\/schema.org","@graph":[{"@type":"WebPage","@id":"https:\/\/egytourpackages.com\/cs\/prohlidky\/dendera-a-abydos-tour-z-el-gouny\/","url":"https:\/\/egytourpackages.com\/cs\/prohlidky\/dendera-a-abydos-tour-z-el-gouny\/","name":"Dendera a Abydos Tour z El Gouny | I Migliori Tour Egitto 2025","isPartOf":{"@id":"https:\/\/egytourpackages.com\/cs\/#website"},"primaryImageOfPage":{"@id":"https:\/\/egytourpackages.com\/cs\/prohlidky\/dendera-a-abydos-tour-z-el-gouny\/#primaryimage"},"image":{"@id":"https:\/\/egytourpackages.com\/cs\/prohlidky\/dendera-a-abydos-tour-z-el-gouny\/#primaryimage"},"thumbnailUrl":"https:\/\/egytourpackages.com\/wp-content\/uploads\/2023\/07\/Dendera-temple-1.jpg","datePublished":"2023-07-25T02:43:22+00:00","dateModified":"2026-01-28T21:21:45+00:00","description":"Esplora i misteri dell'Antico Egitto! Tour privati Dendera a Abydos Tour z El Gouny . Scopri Hathor Temple, Seti I, Re, mitologia e altro. Prenota ora!","breadcrumb":{"@id":"https:\/\/egytourpackages.com\/cs\/prohlidky\/dendera-a-abydos-tour-z-el-gouny\/#breadcrumb"},"inLanguage":"cs","potentialAction":[{"@type":"ReadAction","target":["https:\/\/egytourpackages.com\/cs\/prohlidky\/dendera-a-abydos-tour-z-el-gouny\/"]}]},{"@type":"ImageObject","inLanguage":"cs","@id":"https:\/\/egytourpackages.com\/cs\/prohlidky\/dendera-a-abydos-tour-z-el-gouny\/#primaryimage","url":"https:\/\/egytourpackages.com\/wp-content\/uploads\/2023\/07\/Dendera-temple-1.jpg","contentUrl":"https:\/\/egytourpackages.com\/wp-content\/uploads\/2023\/07\/Dendera-temple-1.jpg","width":2000,"height":1333,"caption":"Dendera a Abydos Tour z El Gouny"},{"@type":"BreadcrumbList","@id":"https:\/\/egytourpackages.com\/cs\/prohlidky\/dendera-a-abydos-tour-z-el-gouny\/#breadcrumb","itemListElement":[{"@type":"ListItem","position":1,"name":"Dom\u016f","item":"https:\/\/egytourpackages.com\/cs\/balicky-vyletu-po-egypte\/"},{"@type":"ListItem","position":2,"name":"Shop","item":"https:\/\/egytourpackages.com\/cs\/shop\/"},{"@type":"ListItem","position":3,"name":"Dendera a Abydos Tour z El Gouny"}]},{"@type":"WebSite","@id":"https:\/\/egytourpackages.com\/cs\/#website","url":"https:\/\/egytourpackages.com\/cs\/","name":"Egy tour packages","description":"","publisher":{"@id":"https:\/\/egytourpackages.com\/cs\/#organization"},"potentialAction":[{"@type":"SearchAction","target":{"@type":"EntryPoint","urlTemplate":"https:\/\/egytourpackages.com\/cs\/?s={search_term_string}"},"query-input":{"@type":"PropertyValueSpecification","valueRequired":true,"valueName":"search_term_string"}}],"inLanguage":"cs"},{"@type":["Organization","Place","TravelAgency"],"@id":"https:\/\/egytourpackages.com\/cs\/#organization","name":"egypt tour packages","alternateName":"egypt tour packages","url":"https:\/\/egytourpackages.com\/cs\/","logo":{"@id":"https:\/\/egytourpackages.com\/cs\/prohlidky\/dendera-a-abydos-tour-z-el-gouny\/#local-main-organization-logo"},"image":{"@id":"https:\/\/egytourpackages.com\/cs\/prohlidky\/dendera-a-abydos-tour-z-el-gouny\/#local-main-organization-logo"},"sameAs":["https:\/\/www.facebook.com\/egytourpackages"],"legalName":"Egy tour packages","address":{"@id":"https:\/\/egytourpackages.com\/cs\/prohlidky\/dendera-a-abydos-tour-z-el-gouny\/#local-main-place-address"},"telephone":["00201000852186","00201028685533"],"contactPoint":{"@type":"ContactPoint","telephone":"00201000852186"},"openingHoursSpecification":[{"@type":"OpeningHoursSpecification","dayOfWeek":["Monday","Tuesday","Wednesday","Thursday","Friday","Saturday","Sunday"],"opens":"00:00","closes":"23:59"}],"email":"info@egytourpackages.com","areaServed":"Cairo, Hurghada, Luxor, Sharm El Sheikh, Marsa Alam, Aswan","priceRange":"$","currenciesAccepted":"euro","paymentAccepted":"Payment links online"},{"@type":"PostalAddress","@id":"https:\/\/egytourpackages.com\/cs\/prohlidky\/dendera-a-abydos-tour-z-el-gouny\/#local-main-place-address","streetAddress":"Mubarak 8, Al Kawthar District, Hurghada","addressLocality":"Hurghada","postalCode":"84511","addressRegion":"Red Sea","addressCountry":"EG"},{"@type":"ImageObject","inLanguage":"cs","@id":"https:\/\/egytourpackages.com\/cs\/prohlidky\/dendera-a-abydos-tour-z-el-gouny\/#local-main-organization-logo","url":"https:\/\/egytourpackages.com\/wp-content\/uploads\/2025\/12\/Turquoise-Dahabiya-Nile-Cruise-1.jpeg","contentUrl":"https:\/\/egytourpackages.com\/wp-content\/uploads\/2025\/12\/Turquoise-Dahabiya-Nile-Cruise-1.jpeg","width":1040,"height":694,"caption":"egypt tour packages"}]},"product_brand":"Jednodenn\u00ed v\u00fdlety po Egypt\u011b","product_price_amount":"150","product_price_currency":"EUR","og_availability":"instock","product_availability":"instock","product_retailer_item_id":"GDT03","product_condition":"new","geo.placename":"Hurghada","geo.region":"Egypt"},"_links":{"self":[{"href":"https:\/\/egytourpackages.com\/cs\/wp-json\/wp\/v2\/product\/4484","targetHints":{"allow":["GET"]}}],"collection":[{"href":"https:\/\/egytourpackages.com\/cs\/wp-json\/wp\/v2\/product"}],"about":[{"href":"https:\/\/egytourpackages.com\/cs\/wp-json\/wp\/v2\/types\/product"}],"replies":[{"embeddable":true,"href":"https:\/\/egytourpackages.com\/cs\/wp-json\/wp\/v2\/comments?post=4484"}],"wp:featuredmedia":[{"embeddable":true,"href":"https:\/\/egytourpackages.com\/cs\/wp-json\/wp\/v2\/media\/2890"}],"wp:attachment":[{"href":"https:\/\/egytourpackages.com\/cs\/wp-json\/wp\/v2\/media?parent=4484"}],"wp:term":[{"taxonomy":"product_brand","embeddable":true,"href":"https:\/\/egytourpackages.com\/cs\/wp-json\/wp\/v2\/product_brand?post=4484"},{"taxonomy":"product_cat","embeddable":true,"href":"https:\/\/egytourpackages.com\/cs\/wp-json\/wp\/v2\/product_cat?post=4484"},{"taxonomy":"product_tag","embeddable":true,"href":"https:\/\/egytourpackages.com\/cs\/wp-json\/wp\/v2\/product_tag?post=4484"}],"curies":[{"name":"wp","href":"https:\/\/api.w.org\/{rel}","templated":true}]}}