{"id":4511,"date":"2025-06-02T20:04:39","date_gmt":"2025-06-02T20:04:39","guid":{"rendered":"https:\/\/egytourpackages.com\/product\/sataya-potapeni-marsa-alam-s-prenocovanim\/"},"modified":"2026-01-25T02:34:55","modified_gmt":"2026-01-25T02:34:55","slug":"sataya-potapeni-marsa-alam-s-prenocovanim","status":"publish","type":"product","link":"https:\/\/egytourpackages.com\/cs\/prohlidky\/sataya-potapeni-marsa-alam-s-prenocovanim\/","title":{"rendered":"Sataya pot\u00e1p\u011bn\u00ed Marsa Alam s p\u0159enocov\u00e1n\u00edm"},"content":{"rendered":"<p><strong><span style=\"color: #ff6600;\">Sataya pot\u00e1p\u011bn\u00ed Marsa Alam s p\u0159enocov\u00e1n\u00edm<\/span><\/strong><\/p>\n<p><u>Pot\u00e1p\u011bn\u00ed s\u202fdelf\u00edny<\/u>\/P\u0159enocov\u00e1n\u00ed na mo\u0159i\/Objevov\u00e1n\u00ed skryt\u00fdch klenot\u016f Rud\u00e9ho mo\u0159e\/All inclusive slu\u017eby\/<u>V\u00fdlety Marsa Alam<\/u><\/p>\n<h2><span style=\"color: #ff6600;\">P\u0159ehled<\/span><\/h2>\n<p>Rezervujte si Sataya pot\u00e1p\u011bn\u00ed Marsa Alam s p\u0159enocov\u00e1n\u00edm, do jedn\u00e9 z\u202fnej\u00fa\u017easn\u011bj\u0161\u00edch destinac\u00ed na \u0161norchlov\u00e1ni a pot\u00e1p\u011bn\u00ed v\u202fRud\u00e9m mo\u0159i. <strong>Bal\u00ed\u010dky v\u00fdlet\u016f po Egypt\u011b <\/strong>v\u00e1m nab\u00edz\u00ed mo\u017enost za\u017e\u00edt kouzlo \u00fatesu <strong>Sataya<\/strong>, zn\u00e1m\u00e9ho tak\u00e9, jako <strong>Dolphin<\/strong> <strong>House Reef<\/strong> a pot\u00e1p\u011bt se na nejdel\u0161\u00edm \u00fatesu Rud\u00e9ho mo\u0159e, o d\u00e9lce 45 kilometr\u016f.<\/p>\n<p>U\u017eijete si celkem 4 ponory v\u202fokol\u00ed <strong>Delf\u00edn\u00edho \u00fatesu Shaab Sataya<\/strong> a oblasti <strong>Abu Galawa<\/strong>, kde prozkoum\u00e1te kor\u00e1lov\u00e9 zahrady a hejna \u00fatesov\u00fdch ryb, \u017eelv i rejnok\u016f. Tento All inclusive no\u010dn\u00ed v\u00fdlet na pot\u00e1p\u011bn\u00ed je ide\u00e1ln\u00ed pro certifikovan\u00e9 pot\u00e1p\u011b\u010de, kte\u0159\u00ed cht\u011bj\u00ed uniknout dav\u016fm a prozkoumat <u>nedot\u010den\u00e1<\/u> m\u00edsta na pot\u00e1p\u011bn\u00ed. V\u00fdlet je tak\u00e9 ide\u00e1ln\u00ed, pokud hled\u00e1te <strong>aktivity<\/strong> <strong>s<\/strong>\u202f<strong>p\u0159\u00e1teli<\/strong>, <strong>romantick\u00e9 v\u00edkendov\u00e9 pobyty<\/strong>, nebo <strong>luxusn\u00ed rodinn\u00e9 dovolen\u00e9<\/strong>. <u>Kontaktujte n\u00e1s<\/u> a u\u017eijte si <u>jeden z\u202fnejlep\u0161\u00edch v\u00fdlet\u016f po Egypt\u011b<\/u>, b\u011bhem va\u0161eho pobytu v\u202fMarsa Alam.<\/p>\n<h3><span style=\"color: #ff6600;\">Detaily z\u00e1jezdu<\/span><\/h3>\n<p>D\u00e9lka: 2 dny | 1 noc<\/p>\n<p>Lokalita z\u00e1jezdu: Marsa Alam<\/p>\n<p>Dostupnost z\u00e1jezdu: Sobota \u2013 Pond\u011bl\u00ed \u2013 St\u0159eda<\/p>\n<p>Vyzvednut\u00ed a odvoz: V\u00e1\u0161 hotel v Marsa Alam<\/p>\n<p>Typ z\u00e1jezdu: Rekrea\u010dn\u00ed z\u00e1jezd<\/p>\n<p>Bezbari\u00e9rov\u00fd p\u0159\u00edstup: ano<\/p>\n<h3><span style=\"color: #ff6600;\">Zahrnuto v cen\u011b<\/span><\/h3>\n<p>Zp\u00e1te\u010dn\u00ed transfer z Va\u0161eho hotelu a zp\u011bt<\/p>\n<p>1 noc ubytov\u00e1n\u00ed na palub\u011b s <strong>all-inclusive<\/strong> (dvoul\u016f\u017ekov\u00fd pokoj)<\/p>\n<p>Stravov\u00e1n\u00ed dle programu <strong>Instruktor pot\u00e1p\u011bn\u00ed<\/strong><\/p>\n<h3><span style=\"color: #ff6600;\">Nen\u00ed zahrnuto v cen\u011b<\/span><\/h3>\n<p>Kompletn\u00ed pron\u00e1jem pot\u00e1p\u011b\u010dsk\u00e9 v\u00fdbavy (k dispozici na vy\u017e\u00e1d\u00e1n\u00ed)<\/p>\n<p>Ekologick\u00fd poplatek 10 Euro za v\u00fdlet<\/p>\n<p>Pot\u00e1p\u011b\u010dsk\u00e9 vybaven\u00ed nen\u00ed zahrnuto, pokud zvol\u00edte pot\u00e1p\u011bn\u00ed (cena 20 Euro za den)<\/p>\n<p>DVD a fotografie od kameramana<\/p>\n<h3><span style=\"color: #ff6600;\">Co si sbalit<\/span><\/h3>\n<ul>\n<li>Pl\u00e1\u017eov\u00e1 osu\u0161ka z hotelu<\/li>\n<li>Vlastn\u00ed pot\u00e1p\u011b\u010dsk\u00e1 v\u00fdbava (pokud preferujete)<\/li>\n<li>Plavky, opalovac\u00ed kr\u00e9m, slune\u010dn\u00ed br\u00fdle<\/li>\n<li>Tepl\u00e9 oble\u010den\u00ed na ve\u010der<\/li>\n<li>Vodot\u011bsn\u00fd fotoapar\u00e1t (velmi doporu\u010deno)<\/li>\n<\/ul>\n<h3><span style=\"color: #ff6600;\">Den prvn\u00ed \u2013 Marsa Alam, Sataya Reef.<\/span><\/h3>\n<p>N\u00e1\u0161 z\u00e1stupce se s\u202fv\u00e1mi setk\u00e1 v\u202flobby va\u0161eho hotelu a zah\u00e1j\u00ed v\u00e1\u0161 No\u010dn\u00ed v\u00fdlet na pot\u00e1p\u011bn\u00ed na Sataya Reef z\u202fMarsa Alam. Po p\u0159\u00edjezdu do p\u0159\u00edstavu Hamata, kde na v\u00e1s bude \u010dekat va\u0161e lo\u010f, v\u00e1s p\u0159iv\u00edt\u00e1 pos\u00e1dka. Plavba k\u202fDelf\u00edn\u00edmu \u00fatesu <strong>Shaab Sataya Dolphin Reef<\/strong> trv\u00e1\u00a0 dv\u011b a p\u016fl hodiny. P\u0159iprav\u00edte se na prvn\u00ed ponor po instrukt\u00e1\u017ei od instruktora na pot\u00e1p\u011bn\u00ed, na velmi p\u011bkn\u00e9m m\u00edst\u011b s\u202f\u00fa\u017easn\u00fdmi kor\u00e1lov\u00fdmi \u00fatesy a barevn\u00fdmi rybkami. Pokud na v\u00e1s nep\u0159ijde \u0159ada na pot\u00e1p\u011bn\u00ed, m\u016f\u017eete si zaplavat s\u202fdelf\u00edny v\u202f<strong>Dolphin House Reef<\/strong>. Pozd\u011bji si m\u016f\u017eete vychutnat na palub\u011b \u010derstv\u011b uva\u0159en\u00fd ob\u011bd a to p\u0159ed druh\u00fdm ponorem na jin\u00e9m m\u00edst\u011b. Potom nadejde \u010das na relaxaci, s poslechem\u202f jemn\u00e9 hudby, zat\u00edmco se bude p\u0159ipravovat ve\u010de\u0159e. Vychutn\u00e1te si ve\u010de\u0159i a pak m\u016f\u017eete z\u016fstat t\u0159eba na palub\u011b, sp\u00e1t ve sv\u00e9 kajut\u011b, nebo za poplatek se z\u00fa\u010dastnit no\u010dn\u00edho pot\u00e1p\u011bn\u00ed.<\/p>\n<h3><span style=\"color: #ff6600;\">Den druh\u00fd \u2013 Sataya Reef, Marsa Alam hotel<\/span><\/h3>\n<p>Po brzk\u00e9m rann\u00edm vst\u00e1v\u00e1n\u00ed se z\u00fa\u010dastn\u00edte prvn\u00edho ponoru p\u0159ed sn\u00eddan\u00ed a tak\u00e9 p\u0159edt\u00edm, ne\u017e va\u0161e lo\u010f doraz\u00ed <strong>do laguny<\/strong> <strong>Sataya<\/strong>. Tak\u00e9 si m\u016f\u017eete u\u017e\u00edt \u0161norchlov\u00e1n\u00ed s\u202fhrav\u00fdmi\u00a0 <strong>delf\u00edny<\/strong> a to dokud nebude na palub\u011b pod\u00e1van\u00e1 sn\u00eddan\u011b.<\/p>\n<p>Nastal \u010das plout severn\u011b od \u00fatesu Sataya, do oblasti zvan\u00e9 <strong>Abu Galawa<\/strong>, kde se pono\u0159\u00edte naposledy. Abu Galawa je zn\u00e1m\u00e1 sv\u00fdmi unik\u00e1tn\u00edmi kor\u00e1lov\u00fdmi \u00fatesy a bohat\u00fdm mo\u0159sk\u00fdm \u017eivotem. Nakonec si b\u011bhem plavby na palub\u011b lodi, zp\u011bt do p\u0159\u00edstavu Hamata, vychutn\u00e1te ob\u011bd a odtud pak budete odvezeni zp\u011bt na v\u00e1\u0161 hotel.<\/p>\n<h3><span style=\"color: #ff6600;\">Sataya pot\u00e1p\u011bn\u00ed Marsa Alam s p\u0159enocov\u00e1n\u00edm Cena<\/span><\/h3>\n<p>Celkov\u00e1 cena: 200 euro za osobu<\/p>\n<h3><span style=\"color: #ff6600;\">Rezervace Sv\u016fj pot\u00e1p\u011b\u010dsk\u00fd z\u00e1jezd<\/span><\/h3>\n<p>si m\u016f\u017eete rezervovat p\u0159es WhatsApp nebo n\u00e1m poslat e-mail a potvrzen\u00ed obdr\u017e\u00edte ihned. Pros\u00edme, za\u0161lete n\u00e1m n\u00e1zev Va\u0161eho hotelu, \u010d\u00edslo pokoje, kopie pas\u016f.<\/p>\n<p><strong>WhatsApp \u010d\u00edslo: +201000852186<\/strong><\/p>\n<p>info@egytourpackages.com<\/p>\n<h3><span style=\"color: #ff6600;\">Rezervujte nyn\u00ed &amp; Zapla\u0165te na m\u00edst\u011b<\/span><\/h3>\n<p>Rezervujte si sv\u016fj obl\u00edben\u00fd z\u00e1jezd a zapla\u0165te v den v\u00fdletu.<\/p>\n<h3><span style=\"color: #ff6600;\">Platba<\/span><\/h3>\n<p>M\u016f\u017eete platit <strong>egyptsk\u00fdmi librami<\/strong>, $, \u20ac nebo \u00a3.<\/p>\n<h3><span style=\"color: #ff6600;\">Storno podm\u00ednky<\/span><\/h3>\n<p>Zru\u0161en\u00ed je zdarma a\u017e 24 hodin p\u0159edem.<\/p>\n<p>Rann\u00ed zru\u0161en\u00ed v den z\u00e1jezdu je 50 % z ceny.<\/p>\n","protected":false},"excerpt":{"rendered":"<p>Sataya pot\u00e1p\u011bn\u00ed Marsa Alam s p\u0159enocov\u00e1n\u00edm. Objevte \u00fates Delf\u00edn\u00ed d\u016fm, jeden z nejv\u011bt\u0161\u00edch v Rud\u00e9m mo\u0159i. Nezbytn\u00fd pot\u00e1p\u011b\u010dsk\u00fd z\u00e1\u017eitek!<\/p>\n","protected":false},"featured_media":3808,"comment_status":"closed","ping_status":"closed","template":"","meta":[],"product_brand":[],"product_cat":[1466],"product_tag":[1470,2341],"class_list":{"0":"post-4511","1":"product","2":"type-product","3":"status-publish","4":"has-post-thumbnail","6":"product_cat-vylety","7":"product_tag-jednodenni-vylety-po-egypte","8":"product_tag-zajezdy-marsa-alam","9":"tour_category-jednodenni-vylety-po-egypte-cs","10":"tour_category-vylety-do-marsa-alam","12":"first","13":"instock","14":"sale","15":"shipping-taxable","16":"purchasable","17":"product-type-tour","18":"has-default-attributes"},"yoast_head":"<!-- This site is optimized with the Yoast SEO Premium plugin v27.2 (Yoast SEO v27.2) - https:\/\/yoast.com\/product\/yoast-seo-premium-wordpress\/ -->\n<title>Sataya pot\u00e1p\u011bn\u00ed Marsa Alam s p\u0159enocov\u00e1n\u00edm<\/title>\n<meta name=\"description\" content=\"Sataya pot\u00e1p\u011bn\u00ed Marsa Alam s p\u0159enocov\u00e1n\u00edm. Objevte \u00fates Delf\u00edn\u00ed d\u016fm, jeden z nejv\u011bt\u0161\u00edch v Rud\u00e9m mo\u0159i. Nezbytn\u00fd pot\u00e1p\u011b\u010dsk\u00fd z\u00e1\u017eitek!\" \/>\n<meta name=\"robots\" content=\"index, follow, max-snippet:-1, max-image-preview:large, max-video-preview:-1\" \/>\n<link rel=\"canonical\" href=\"https:\/\/egytourpackages.com\/cs\/prohlidky\/sataya-potapeni-marsa-alam-s-prenocovanim\/\" \/>\n<meta property=\"og:locale\" content=\"cs_CZ\" \/>\n<meta property=\"og:type\" content=\"article\" \/>\n<meta property=\"og:title\" content=\"Sataya pot\u00e1p\u011bn\u00ed Marsa Alam s p\u0159enocov\u00e1n\u00edm\" \/>\n<meta property=\"og:description\" content=\"Sataya pot\u00e1p\u011bn\u00ed Marsa Alam s p\u0159enocov\u00e1n\u00edm. Objevte \u00fates Delf\u00edn\u00ed d\u016fm, jeden z nejv\u011bt\u0161\u00edch v Rud\u00e9m mo\u0159i. Nezbytn\u00fd pot\u00e1p\u011b\u010dsk\u00fd z\u00e1\u017eitek!\" \/>\n<meta property=\"og:url\" content=\"https:\/\/egytourpackages.com\/cs\/prohlidky\/sataya-potapeni-marsa-alam-s-prenocovanim\/\" \/>\n<meta property=\"og:site_name\" content=\"Z\u00e1jezdy po Egypt\u011b\" \/>\n<meta property=\"article:publisher\" content=\"https:\/\/www.facebook.com\/egytourpackages\" \/>\n<meta property=\"article:modified_time\" content=\"2026-01-25T02:34:55+00:00\" \/>\n<meta property=\"og:image\" content=\"https:\/\/egytourpackages.com\/wp-content\/uploads\/2025\/06\/Sataya-Overnight-Diving-Trip-from-Marsa-Alam.jpg\" \/>\n<meta name=\"twitter:card\" content=\"summary_large_image\" \/>\n<meta name=\"twitter:title\" content=\"Sataya pot\u00e1p\u011bn\u00ed Marsa Alam s p\u0159enocov\u00e1n\u00edm\" \/>\n<meta name=\"twitter:label1\" content=\"Cena\" \/>\n\t<meta name=\"twitter:data1\" content=\"&euro;200\" \/>\n\t<meta name=\"twitter:label2\" content=\"Dostupnost\" \/>\n\t<meta name=\"twitter:data2\" content=\"Skladem\" \/>\n<script type=\"application\/ld+json\" class=\"yoast-schema-graph\">{\"@context\":\"https:\/\/schema.org\",\"@graph\":[{\"@type\":\"WebPage\",\"@id\":\"https:\/\/egytourpackages.com\/cs\/prohlidky\/sataya-potapeni-marsa-alam-s-prenocovanim\/\",\"url\":\"https:\/\/egytourpackages.com\/cs\/prohlidky\/sataya-potapeni-marsa-alam-s-prenocovanim\/\",\"name\":\"Sataya pot\u00e1p\u011bn\u00ed Marsa Alam s p\u0159enocov\u00e1n\u00edm\",\"isPartOf\":{\"@id\":\"https:\/\/egytourpackages.com\/cs\/#website\"},\"primaryImageOfPage\":{\"@id\":\"https:\/\/egytourpackages.com\/cs\/prohlidky\/sataya-potapeni-marsa-alam-s-prenocovanim\/#primaryimage\"},\"image\":{\"@id\":\"https:\/\/egytourpackages.com\/cs\/prohlidky\/sataya-potapeni-marsa-alam-s-prenocovanim\/#primaryimage\"},\"thumbnailUrl\":\"https:\/\/egytourpackages.com\/wp-content\/uploads\/2025\/06\/Sataya-Overnight-Diving-Trip-from-Marsa-Alam.jpg\",\"datePublished\":\"2025-06-02T20:04:39+00:00\",\"dateModified\":\"2026-01-25T02:34:55+00:00\",\"description\":\"Sataya pot\u00e1p\u011bn\u00ed Marsa Alam s p\u0159enocov\u00e1n\u00edm. Objevte \u00fates Delf\u00edn\u00ed d\u016fm, jeden z nejv\u011bt\u0161\u00edch v Rud\u00e9m mo\u0159i. Nezbytn\u00fd pot\u00e1p\u011b\u010dsk\u00fd z\u00e1\u017eitek!\",\"breadcrumb\":{\"@id\":\"https:\/\/egytourpackages.com\/cs\/prohlidky\/sataya-potapeni-marsa-alam-s-prenocovanim\/#breadcrumb\"},\"inLanguage\":\"cs\",\"potentialAction\":[{\"@type\":\"ReadAction\",\"target\":[\"https:\/\/egytourpackages.com\/cs\/prohlidky\/sataya-potapeni-marsa-alam-s-prenocovanim\/\"]}]},{\"@type\":\"ImageObject\",\"inLanguage\":\"cs\",\"@id\":\"https:\/\/egytourpackages.com\/cs\/prohlidky\/sataya-potapeni-marsa-alam-s-prenocovanim\/#primaryimage\",\"url\":\"https:\/\/egytourpackages.com\/wp-content\/uploads\/2025\/06\/Sataya-Overnight-Diving-Trip-from-Marsa-Alam.jpg\",\"contentUrl\":\"https:\/\/egytourpackages.com\/wp-content\/uploads\/2025\/06\/Sataya-Overnight-Diving-Trip-from-Marsa-Alam.jpg\",\"width\":1000,\"height\":665,\"caption\":\"Sataya pot\u00e1p\u011bn\u00ed Marsa Alam s p\u0159enocov\u00e1n\u00edm\"},{\"@type\":\"BreadcrumbList\",\"@id\":\"https:\/\/egytourpackages.com\/cs\/prohlidky\/sataya-potapeni-marsa-alam-s-prenocovanim\/#breadcrumb\",\"itemListElement\":[{\"@type\":\"ListItem\",\"position\":1,\"name\":\"Dom\u016f\",\"item\":\"https:\/\/egytourpackages.com\/cs\/balicky-vyletu-po-egypte\/\"},{\"@type\":\"ListItem\",\"position\":2,\"name\":\"Shop\",\"item\":\"https:\/\/egytourpackages.com\/cs\/shop\/\"},{\"@type\":\"ListItem\",\"position\":3,\"name\":\"Sataya pot\u00e1p\u011bn\u00ed Marsa Alam s p\u0159enocov\u00e1n\u00edm\"}]},{\"@type\":\"WebSite\",\"@id\":\"https:\/\/egytourpackages.com\/cs\/#website\",\"url\":\"https:\/\/egytourpackages.com\/cs\/\",\"name\":\"Egy tour packages\",\"description\":\"\",\"publisher\":{\"@id\":\"https:\/\/egytourpackages.com\/cs\/#organization\"},\"potentialAction\":[{\"@type\":\"SearchAction\",\"target\":{\"@type\":\"EntryPoint\",\"urlTemplate\":\"https:\/\/egytourpackages.com\/cs\/?s={search_term_string}\"},\"query-input\":{\"@type\":\"PropertyValueSpecification\",\"valueRequired\":true,\"valueName\":\"search_term_string\"}}],\"inLanguage\":\"cs\"},{\"@type\":[\"Organization\",\"Place\",\"TravelAgency\"],\"@id\":\"https:\/\/egytourpackages.com\/cs\/#organization\",\"name\":\"egypt tour packages\",\"alternateName\":\"egypt tour packages\",\"url\":\"https:\/\/egytourpackages.com\/cs\/\",\"logo\":{\"@id\":\"https:\/\/egytourpackages.com\/cs\/prohlidky\/sataya-potapeni-marsa-alam-s-prenocovanim\/#local-main-organization-logo\"},\"image\":{\"@id\":\"https:\/\/egytourpackages.com\/cs\/prohlidky\/sataya-potapeni-marsa-alam-s-prenocovanim\/#local-main-organization-logo\"},\"sameAs\":[\"https:\/\/www.facebook.com\/egytourpackages\"],\"legalName\":\"Egy tour packages\",\"address\":{\"@id\":\"https:\/\/egytourpackages.com\/cs\/prohlidky\/sataya-potapeni-marsa-alam-s-prenocovanim\/#local-main-place-address\"},\"telephone\":[\"00201000852186\",\"00201028685533\"],\"contactPoint\":{\"@type\":\"ContactPoint\",\"telephone\":\"00201000852186\"},\"openingHoursSpecification\":[{\"@type\":\"OpeningHoursSpecification\",\"dayOfWeek\":[\"Monday\",\"Tuesday\",\"Wednesday\",\"Thursday\",\"Friday\",\"Saturday\",\"Sunday\"],\"opens\":\"00:00\",\"closes\":\"23:59\"}],\"email\":\"info@egytourpackages.com\",\"areaServed\":\"Cairo, Hurghada, Luxor, Sharm El Sheikh, Marsa Alam, Aswan\",\"priceRange\":\"$\",\"currenciesAccepted\":\"euro\",\"paymentAccepted\":\"Payment links online\"},{\"@type\":\"PostalAddress\",\"@id\":\"https:\/\/egytourpackages.com\/cs\/prohlidky\/sataya-potapeni-marsa-alam-s-prenocovanim\/#local-main-place-address\",\"streetAddress\":\"Mubarak 8, Al Kawthar District, Hurghada\",\"addressLocality\":\"Hurghada\",\"postalCode\":\"84511\",\"addressRegion\":\"Red Sea\",\"addressCountry\":\"EG\"},{\"@type\":\"ImageObject\",\"inLanguage\":\"cs\",\"@id\":\"https:\/\/egytourpackages.com\/cs\/prohlidky\/sataya-potapeni-marsa-alam-s-prenocovanim\/#local-main-organization-logo\",\"url\":\"https:\/\/egytourpackages.com\/wp-content\/uploads\/2025\/12\/Turquoise-Dahabiya-Nile-Cruise-1.jpeg\",\"contentUrl\":\"https:\/\/egytourpackages.com\/wp-content\/uploads\/2025\/12\/Turquoise-Dahabiya-Nile-Cruise-1.jpeg\",\"width\":1040,\"height\":694,\"caption\":\"egypt tour packages\"}]}<\/script>\n<meta property=\"product:brand\" content=\"Jednodenn\u00ed v\u00fdlety po Egypt\u011b\" \/>\n<meta property=\"product:price:amount\" content=\"200\" \/>\n<meta property=\"product:price:currency\" content=\"EUR\" \/>\n<meta property=\"og:availability\" content=\"instock\" \/>\n<meta property=\"product:availability\" content=\"instock\" \/>\n<meta property=\"product:retailer_item_id\" content=\"MAT13\" \/>\n<meta property=\"product:condition\" content=\"new\" \/>\n<meta name=\"geo.placename\" content=\"Hurghada\" \/>\n<meta name=\"geo.region\" content=\"Egypt\" \/>\n<!-- \/ Yoast SEO Premium plugin. -->","yoast_head_json":{"title":"Sataya pot\u00e1p\u011bn\u00ed Marsa Alam s p\u0159enocov\u00e1n\u00edm","description":"Sataya pot\u00e1p\u011bn\u00ed Marsa Alam s p\u0159enocov\u00e1n\u00edm. Objevte \u00fates Delf\u00edn\u00ed d\u016fm, jeden z nejv\u011bt\u0161\u00edch v Rud\u00e9m mo\u0159i. Nezbytn\u00fd pot\u00e1p\u011b\u010dsk\u00fd z\u00e1\u017eitek!","robots":{"index":"index","follow":"follow","max-snippet":"max-snippet:-1","max-image-preview":"max-image-preview:large","max-video-preview":"max-video-preview:-1"},"canonical":"https:\/\/egytourpackages.com\/cs\/prohlidky\/sataya-potapeni-marsa-alam-s-prenocovanim\/","og_locale":"cs_CZ","og_type":"article","og_title":"Sataya pot\u00e1p\u011bn\u00ed Marsa Alam s p\u0159enocov\u00e1n\u00edm","og_description":"Sataya pot\u00e1p\u011bn\u00ed Marsa Alam s p\u0159enocov\u00e1n\u00edm. Objevte \u00fates Delf\u00edn\u00ed d\u016fm, jeden z nejv\u011bt\u0161\u00edch v Rud\u00e9m mo\u0159i. Nezbytn\u00fd pot\u00e1p\u011b\u010dsk\u00fd z\u00e1\u017eitek!","og_url":"https:\/\/egytourpackages.com\/cs\/prohlidky\/sataya-potapeni-marsa-alam-s-prenocovanim\/","og_site_name":"Z\u00e1jezdy po Egypt\u011b","article_publisher":"https:\/\/www.facebook.com\/egytourpackages","article_modified_time":"2026-01-25T02:34:55+00:00","og_image":[{"url":"https:\/\/egytourpackages.com\/wp-content\/uploads\/2025\/06\/Sataya-Overnight-Diving-Trip-from-Marsa-Alam.jpg","type":"","width":"","height":""}],"twitter_card":"summary_large_image","twitter_title":"Sataya pot\u00e1p\u011bn\u00ed Marsa Alam s p\u0159enocov\u00e1n\u00edm","twitter_misc":{"Cena":"&euro;200","Dostupnost":"Skladem"},"schema":{"@context":"https:\/\/schema.org","@graph":[{"@type":"WebPage","@id":"https:\/\/egytourpackages.com\/cs\/prohlidky\/sataya-potapeni-marsa-alam-s-prenocovanim\/","url":"https:\/\/egytourpackages.com\/cs\/prohlidky\/sataya-potapeni-marsa-alam-s-prenocovanim\/","name":"Sataya pot\u00e1p\u011bn\u00ed Marsa Alam s p\u0159enocov\u00e1n\u00edm","isPartOf":{"@id":"https:\/\/egytourpackages.com\/cs\/#website"},"primaryImageOfPage":{"@id":"https:\/\/egytourpackages.com\/cs\/prohlidky\/sataya-potapeni-marsa-alam-s-prenocovanim\/#primaryimage"},"image":{"@id":"https:\/\/egytourpackages.com\/cs\/prohlidky\/sataya-potapeni-marsa-alam-s-prenocovanim\/#primaryimage"},"thumbnailUrl":"https:\/\/egytourpackages.com\/wp-content\/uploads\/2025\/06\/Sataya-Overnight-Diving-Trip-from-Marsa-Alam.jpg","datePublished":"2025-06-02T20:04:39+00:00","dateModified":"2026-01-25T02:34:55+00:00","description":"Sataya pot\u00e1p\u011bn\u00ed Marsa Alam s p\u0159enocov\u00e1n\u00edm. Objevte \u00fates Delf\u00edn\u00ed d\u016fm, jeden z nejv\u011bt\u0161\u00edch v Rud\u00e9m mo\u0159i. Nezbytn\u00fd pot\u00e1p\u011b\u010dsk\u00fd z\u00e1\u017eitek!","breadcrumb":{"@id":"https:\/\/egytourpackages.com\/cs\/prohlidky\/sataya-potapeni-marsa-alam-s-prenocovanim\/#breadcrumb"},"inLanguage":"cs","potentialAction":[{"@type":"ReadAction","target":["https:\/\/egytourpackages.com\/cs\/prohlidky\/sataya-potapeni-marsa-alam-s-prenocovanim\/"]}]},{"@type":"ImageObject","inLanguage":"cs","@id":"https:\/\/egytourpackages.com\/cs\/prohlidky\/sataya-potapeni-marsa-alam-s-prenocovanim\/#primaryimage","url":"https:\/\/egytourpackages.com\/wp-content\/uploads\/2025\/06\/Sataya-Overnight-Diving-Trip-from-Marsa-Alam.jpg","contentUrl":"https:\/\/egytourpackages.com\/wp-content\/uploads\/2025\/06\/Sataya-Overnight-Diving-Trip-from-Marsa-Alam.jpg","width":1000,"height":665,"caption":"Sataya pot\u00e1p\u011bn\u00ed Marsa Alam s p\u0159enocov\u00e1n\u00edm"},{"@type":"BreadcrumbList","@id":"https:\/\/egytourpackages.com\/cs\/prohlidky\/sataya-potapeni-marsa-alam-s-prenocovanim\/#breadcrumb","itemListElement":[{"@type":"ListItem","position":1,"name":"Dom\u016f","item":"https:\/\/egytourpackages.com\/cs\/balicky-vyletu-po-egypte\/"},{"@type":"ListItem","position":2,"name":"Shop","item":"https:\/\/egytourpackages.com\/cs\/shop\/"},{"@type":"ListItem","position":3,"name":"Sataya pot\u00e1p\u011bn\u00ed Marsa Alam s p\u0159enocov\u00e1n\u00edm"}]},{"@type":"WebSite","@id":"https:\/\/egytourpackages.com\/cs\/#website","url":"https:\/\/egytourpackages.com\/cs\/","name":"Egy tour packages","description":"","publisher":{"@id":"https:\/\/egytourpackages.com\/cs\/#organization"},"potentialAction":[{"@type":"SearchAction","target":{"@type":"EntryPoint","urlTemplate":"https:\/\/egytourpackages.com\/cs\/?s={search_term_string}"},"query-input":{"@type":"PropertyValueSpecification","valueRequired":true,"valueName":"search_term_string"}}],"inLanguage":"cs"},{"@type":["Organization","Place","TravelAgency"],"@id":"https:\/\/egytourpackages.com\/cs\/#organization","name":"egypt tour packages","alternateName":"egypt tour packages","url":"https:\/\/egytourpackages.com\/cs\/","logo":{"@id":"https:\/\/egytourpackages.com\/cs\/prohlidky\/sataya-potapeni-marsa-alam-s-prenocovanim\/#local-main-organization-logo"},"image":{"@id":"https:\/\/egytourpackages.com\/cs\/prohlidky\/sataya-potapeni-marsa-alam-s-prenocovanim\/#local-main-organization-logo"},"sameAs":["https:\/\/www.facebook.com\/egytourpackages"],"legalName":"Egy tour packages","address":{"@id":"https:\/\/egytourpackages.com\/cs\/prohlidky\/sataya-potapeni-marsa-alam-s-prenocovanim\/#local-main-place-address"},"telephone":["00201000852186","00201028685533"],"contactPoint":{"@type":"ContactPoint","telephone":"00201000852186"},"openingHoursSpecification":[{"@type":"OpeningHoursSpecification","dayOfWeek":["Monday","Tuesday","Wednesday","Thursday","Friday","Saturday","Sunday"],"opens":"00:00","closes":"23:59"}],"email":"info@egytourpackages.com","areaServed":"Cairo, Hurghada, Luxor, Sharm El Sheikh, Marsa Alam, Aswan","priceRange":"$","currenciesAccepted":"euro","paymentAccepted":"Payment links online"},{"@type":"PostalAddress","@id":"https:\/\/egytourpackages.com\/cs\/prohlidky\/sataya-potapeni-marsa-alam-s-prenocovanim\/#local-main-place-address","streetAddress":"Mubarak 8, Al Kawthar District, Hurghada","addressLocality":"Hurghada","postalCode":"84511","addressRegion":"Red Sea","addressCountry":"EG"},{"@type":"ImageObject","inLanguage":"cs","@id":"https:\/\/egytourpackages.com\/cs\/prohlidky\/sataya-potapeni-marsa-alam-s-prenocovanim\/#local-main-organization-logo","url":"https:\/\/egytourpackages.com\/wp-content\/uploads\/2025\/12\/Turquoise-Dahabiya-Nile-Cruise-1.jpeg","contentUrl":"https:\/\/egytourpackages.com\/wp-content\/uploads\/2025\/12\/Turquoise-Dahabiya-Nile-Cruise-1.jpeg","width":1040,"height":694,"caption":"egypt tour packages"}]},"product_brand":"Jednodenn\u00ed v\u00fdlety po Egypt\u011b","product_price_amount":"200","product_price_currency":"EUR","og_availability":"instock","product_availability":"instock","product_retailer_item_id":"MAT13","product_condition":"new","geo.placename":"Hurghada","geo.region":"Egypt"},"_links":{"self":[{"href":"https:\/\/egytourpackages.com\/cs\/wp-json\/wp\/v2\/product\/4511","targetHints":{"allow":["GET"]}}],"collection":[{"href":"https:\/\/egytourpackages.com\/cs\/wp-json\/wp\/v2\/product"}],"about":[{"href":"https:\/\/egytourpackages.com\/cs\/wp-json\/wp\/v2\/types\/product"}],"replies":[{"embeddable":true,"href":"https:\/\/egytourpackages.com\/cs\/wp-json\/wp\/v2\/comments?post=4511"}],"wp:featuredmedia":[{"embeddable":true,"href":"https:\/\/egytourpackages.com\/cs\/wp-json\/wp\/v2\/media\/3808"}],"wp:attachment":[{"href":"https:\/\/egytourpackages.com\/cs\/wp-json\/wp\/v2\/media?parent=4511"}],"wp:term":[{"taxonomy":"product_brand","embeddable":true,"href":"https:\/\/egytourpackages.com\/cs\/wp-json\/wp\/v2\/product_brand?post=4511"},{"taxonomy":"product_cat","embeddable":true,"href":"https:\/\/egytourpackages.com\/cs\/wp-json\/wp\/v2\/product_cat?post=4511"},{"taxonomy":"product_tag","embeddable":true,"href":"https:\/\/egytourpackages.com\/cs\/wp-json\/wp\/v2\/product_tag?post=4511"}],"curies":[{"name":"wp","href":"https:\/\/api.w.org\/{rel}","templated":true}]}}