{"id":4515,"date":"2025-05-18T22:06:10","date_gmt":"2025-05-18T22:06:10","guid":{"rendered":"https:\/\/egytourpackages.com\/product\/dvoudenni-vylet-do-luxoru-a-kahiry-z-marsa-alam\/"},"modified":"2026-01-04T19:40:37","modified_gmt":"2026-01-04T19:40:37","slug":"dvoudenni-vylet-do-luxoru-a-kahiry-z-marsa-alam","status":"publish","type":"product","link":"https:\/\/egytourpackages.com\/cs\/prohlidky\/dvoudenni-vylet-do-luxoru-a-kahiry-z-marsa-alam\/","title":{"rendered":"Dvoudenn\u00ed v\u00fdlet do Luxoru a K\u00e1hiry z\u202fMarsa Alam"},"content":{"rendered":"<p><strong><span style=\"color: #ff6600;\">Dvoudenn\u00ed v\u00fdlet do Luxoru a K\u00e1hiry z\u202fMarsa Alam<\/span><\/strong><\/p>\n<h2><span style=\"color: #ff6600;\">P\u0159ehled<\/span><\/h2>\n<p>Dvoudenn\u00ed v\u00fdlet do Luxoru a K\u00e1hiry z\u202fMarsa Alam v\u00e1m pom\u016f\u017ee pochopit a odhalit starov\u011bkou, egyptskou civilizaci, kter\u00e1 sah\u00e1 zp\u011bt do doby p\u0159ed 7000 lety. Bal\u00ed\u010dky v\u00fdlet\u016f po Egypt\u011b zahrnuj\u00ed do sv\u00fdch v\u00fdlet\u016f odborn\u00e9ho pr\u016fvodce \u2013 egyptologa, nov\u00e1 zna\u010dkov\u00e1 vozidla a kvalitn\u00ed j\u00eddlo ve velmi p\u0159\u00edjemn\u00fdch restaurac\u00edch. Va\u0161e dobrodru\u017estv\u00ed<strong> v\u202fLuxoru a K\u00e1hi\u0159e <\/strong>bude zahrnovat pam\u00e1tky v\u202fLuxoru a hlavni turistick\u00e9 atrakce v\u202fK\u00e1hi\u0159e.<\/p>\n<p>V\u202fLuxoru prozkoum\u00e1te <strong>\u00dadol\u00ed kr\u00e1l\u016f<\/strong>, s\u202fmo\u017enost\u00ed nav\u0161t\u00edvit <strong>hrobku faraona Tutanchamona<\/strong>, <strong>Z\u00e1du\u0161n\u00ed chr\u00e1m kr\u00e1lovny<\/strong> <strong>Hat\u0161epsut<\/strong> a chr\u00e1mov\u00fd komplex Karnak. <strong>V\u00fdlety do K\u00e1hiry <\/strong>zahrnuj\u00ed jeden ze starov\u011bk\u00fdch div\u016f sv\u011bta, <strong>pyramidy v\u202fG\u00edze s\u202fVelkou Sfingou<\/strong> a tak\u00e9 div novodob\u00fd <strong>Velk\u00e9<\/strong> <strong>egyptsk\u00e9 muzeum<\/strong>(GEM). Nakonec se vr\u00e1t\u00edte do Hurghady a odtud budete p\u0159evezeni zp\u011bt na v\u00e1\u0161 hotel v\u202f<strong>Marsa<\/strong> <strong>Alam<\/strong>.<\/p>\n<h3><span style=\"color: #ff6600;\">Detaily z\u00e1jezdu<\/span><\/h3>\n<ul>\n<li>D\u00e9lka: 2 dny \/ 1 noc<\/li>\n<li>Lokalita z\u00e1jezdu: Luxor \u2013 K\u00e1hira<\/li>\n<li>Dostupnost z\u00e1jezdu: Ka\u017ed\u00fd den<\/li>\n<li>Vyzvednut\u00ed a odvoz: Hotely v Marsa Alam<\/li>\n<li>Typ z\u00e1jezdu: Soukrom\u00fd<\/li>\n<li>Bezbari\u00e9rov\u00fd p\u0159\u00edstup: Ano<\/li>\n<\/ul>\n<h3><span style=\"color: #ff6600;\">Zahrnuto v cen\u011b<\/span><\/h3>\n<ul>\n<li>Egyptologick\u00fd pr\u016fvodce<\/li>\n<li>V\u0161echny transfery nov\u00fdm vozidlem<\/li>\n<li>Vstupn\u00e9 na v\u0161echna m\u00edsta v programu<\/li>\n<li>Stravov\u00e1n\u00ed dle programu Letenky z K\u00e1hiry do Hurghady<\/li>\n<li>1 noc ubytov\u00e1n\u00ed v hotelu v Luxoru 4**** se sn\u00eddan\u00ed (B\/B)<\/li>\n<\/ul>\n<h3><span style=\"color: #ff6600;\">Nen\u00ed zahrnuto v cen\u011b<\/span><\/h3>\n<ul>\n<li>Spropitn\u00e9<\/li>\n<li>N\u00e1poje b\u011bhem j\u00eddel<\/li>\n<li>Jak\u00e9koli osobn\u00ed v\u00fddaje<\/li>\n<\/ul>\n<h3><span style=\"color: #ff6600;\">Co si vz\u00edt s sebou<\/span><\/h3>\n<ul>\n<li>Klobouk, slune\u010dn\u00ed br\u00fdle a opalovac\u00ed kr\u00e9m<\/li>\n<li>Pohodln\u00e1 obuv a oble\u010den\u00ed<\/li>\n<li>Tepl\u00e9 oble\u010den\u00ed v zim\u011b<\/li>\n<\/ul>\n<h3><span style=\"color: #ff6600;\">Den prvn\u00ed \u2013 Marsa Alam, Luxor<\/span><\/h3>\n<p>Setk\u00e1te se se sv\u00fdm pr\u016fvodcem na recepci hotelu a za\u010dnete sv\u016fj <strong>Dvoudenn\u00ed v\u00fdlet do Luxoru a K\u00e1hiry z\u202fMarsa Alam<\/strong>. Cestou do Luxoru si u\u017eijete p\u0159est\u00e1vku na ob\u010derstven\u00ed, sn\u00eddani a rann\u00ed k\u00e1vu. Po p\u0159\u00edjezdu za\u010dnete s\u202fprohl\u00eddkou luxorsk\u00fdch pam\u00e1tek na Z\u00e1padn\u00edm b\u0159ehu.<\/p>\n<h4>\u00dadol\u00ed kr\u00e1l\u016f<\/h4>\n<p>S\u202fpr\u016fvodcem prozkoum\u00e1te starov\u011bkou egyptskou historii 18., 19. a 20.dynastie a pozn\u00e1te d\u016fvody, pro\u010d si faraoni vybrali toto m\u00edsto pro sv\u016fj posledn\u00ed odpo\u010dinek.Ve skute\u010dnosti budete m\u00edt mo\u017enost nav\u0161t\u00edvit 3 hrobky, zahrnut\u00e9 v\u202fcen\u011b vstupenky, jako je <strong>hrobka Ramsese I.<\/strong> ,<strong>hrobky<\/strong> <strong>Ramsese III. a Ramsese IX. a hrobka faraona Merenptaha.\u00a0<\/strong><\/p>\n<p>Nav\u00edc si m\u016f\u017eete za p\u0159\u00edplatek p\u0159idat <strong>hrobku<\/strong> faraona <strong>Tutanchamona<\/strong>, <strong>hrobku kr\u00e1le Setiho I. <\/strong>nebo hrobku faraona <strong>Ramsese IV.\u00a0<\/strong><\/p>\n<p>Na konci va\u0161\u00ed n\u00e1v\u0161t\u011bvy se p\u0159esunete k\u202fdal\u0161\u00ed zast\u00e1vce.<\/p>\n<h4>Z\u00e1du\u0161n\u00ed chr\u00e1m kr\u00e1lovny Hat\u0161epsut<\/h4>\n<p>Chr\u00e1m kr\u00e1lovny Hat\u0161epsut je velmi unik\u00e1tn\u00ed chr\u00e1m v\u202fLuxoru na Z\u00e1padn\u00edm b\u0159ehu Nilu. M\u016f\u017eete prozkoumat posl\u00e1n\u00ed chr\u00e1mu a projit se jeho duchovn\u00edm interi\u00e9rem. Jsou zde k\u202fvid\u011bn\u00ed kr\u00e1sn\u00e9 <u>zem\u011bd\u011blsk\u00e9 sc\u00e9ny,<\/u> vyobrazen\u00ed sklizn\u011b a obchodov\u00e1n\u00ed s\u202fPuntskou zem\u00ed. Krom\u011b toho nav\u0161t\u00edv\u00edte jedine\u010dn\u00e9 kaple boha Anubise a bohyn\u011b Hathor a uvid\u00edte kr\u00e1sn\u00e1 vyobrazen\u00ed egyptsk\u00fdch boh\u016f a bohy\u0148, jako jsou <u>Amon<\/u>, Anubis, Se\u0161at a <u>Isis<\/u>.<\/p>\n<h4>Memn\u00f3novy kolosy<\/h4>\n<p>Zp\u00edvaj\u00edc\u00ed sochy se smutn\u00fdm hlasem p\u0159edstavuj\u00ed <strong>Amenhotepa III.,<\/strong> jednoho z\u202fkr\u00e1l\u016f 18.dynastie,kter\u00fd vl\u00e1dl Egyptu 38 let. Tyto gigantick\u00e9 sochy zdobily vchod do jeho Z\u00e1du\u0161n\u00edho chr\u00e1mu. V\u00e1\u0161 pr\u016fvodce v\u00e1m pod\u00e1 informace kolem soch a povypr\u00e1v\u00ed starobylou legendu o Memn\u00f3novi a tak\u00e9 pop\u00ed\u0161e a vysv\u011btl\u00ed ritu\u00e1l Otev\u00edr\u00e1n\u00ed \u00fast v\u202fchr\u00e1mu.<\/p>\n<h3><span style=\"color: #ff6600;\">Ob\u011bd\u00a0<\/span><\/h3>\n<p>U\u017eijte si \u010derstv\u011b uva\u0159en\u00fd ob\u011bd v\u202fm\u00edstn\u00ed restauraci.<\/p>\n<h4>Chr\u00e1mov\u00fd komplex Karnak<\/h4>\n<p>Sv\u016fj den v\u202fLuxoru zakon\u010d\u00edte n\u00e1v\u0161t\u011bvou nejv\u011bt\u0161\u00edho chr\u00e1mov\u00e9ho komplexu na sv\u011bt\u011b. Karnak je ve skute\u010dnosti otev\u0159enou knihou o staroegyptsk\u00e9m n\u00e1bo\u017eenstv\u00ed, socha\u0159stv\u00ed ve starov\u011bk\u00e9m Egypt\u011b a tak\u00e9 jeho architektu\u0159e. M\u016f\u017eete zde vid\u011bt spoustu budov, jako je nap\u0159\u00edklad Chr\u00e1m boha Ptaha, Kaple bohyn\u011b Sachmet, obelisky kr\u00e1lovny Hat\u0161epsut a Velk\u00fd hypostylov\u00fd s\u00e1l. D\u00e1le Posv\u00e1tn\u00e9 jezero nebo Botanickou zahradu a mnoho dal\u0161\u00edho. Karnak je opr\u00e1vn\u011bn\u011b naz\u00fdvan\u00fd Muzeem pod \u0161ir\u00fdm nebem.<\/p>\n<p>Pozd\u011bji se k\u202fv\u00e1m op\u011bt p\u0159ipoj\u00ed v\u00e1\u0161 pr\u016fvodce, kter\u00fd v\u00e1m zajist\u00ed hladk\u00e9 p\u0159ihl\u00e1\u0161en\u00ed a ubytov\u00e1n\u00ed v\u202fhotelu v\u202fLuxoru na p\u0159enocov\u00e1n\u00ed.<\/p>\n<p><strong>J\u00eddlo<\/strong>: sn\u00eddan\u011b, ob\u011bd ve\u010de\u0159e.<\/p>\n<h3><span style=\"color: #ff6600;\">Den druh\u00fd \u2013 K\u00e1hira, Hurghada, Marsa Alam<\/span><\/h3>\n<p>Vychutnejte si svoji sn\u00eddani v\u202fhotelu a pot\u00e9 se p\u0159ipoj\u00edte k\u202ftransferu na leti\u0161t\u011b v\u202fLuxoru, odkud odlet\u00edte do K\u00e1hiry. Po p\u0159\u00edletu v\u202fK\u00e1hi\u0159e\u00a0 se k\u202fv\u00e1m p\u0159ipoj\u00ed v\u00e1\u0161 pr\u016fvodce a za\u010dnete s\u202fprohl\u00eddkou k\u00e1hirsk\u00fdch pam\u00e1tek.<\/p>\n<h4>Pyramidy v\u202fG\u00edze<\/h4>\n<p>U\u017eijte si n\u00e1v\u0161t\u011bvu n\u00e1horn\u00ed plo\u0161iny v\u202fG\u00edze, kde uvid\u00edte slavn\u00e9 pyramidy faraon\u016f Cheopse, Racheva a Menkaureho. Za\u017eijete tuto oblast z\u202fnov\u00e9 perspektivy a poslechnete si o novink\u00e1ch a objevech. Nav\u0161t\u00edv\u00edte Velkou pyramidu, pyramidy kr\u00e1loven, j\u00e1my se Slune\u010dn\u00edmi b\u00e1rkami a Z\u00e1du\u0161n\u00ed chr\u00e1m. Objev\u00edte energii pyramid a jejich spojen\u00ed s\u202fp\u00e1sem Orionu a obdr\u017e\u00edte modern\u00ed vysv\u011btlen\u00ed term\u00edn\u016f Mar, Ka a Ba.<\/p>\n<h4>Velk\u00e1 Sfinga<\/h4>\n<p>Prohl\u00eddku G\u00edzy zakon\u010d\u00edte u Velk\u00e9 Sfingy, St\u00e9ly sn\u016f a v\u202fchr\u00e1mu pobl\u00ed\u017e Sfingy se dozv\u00edte o <u>mumifikaci<\/u>.<\/p>\n<h3><span style=\"color: #ff6600;\">Ob\u011bd\u00a0<\/span><\/h3>\n<p>V\u202frestauraci, pobl\u00ed\u017e pyramid a muzea GEM si pochutn\u00e1te na \u010derstv\u011b uva\u0159en\u00e9m ob\u011bd\u011b.<\/p>\n<h4>Velk\u00e9 egyptsk\u00e9 muzeum (GEM)<\/h4>\n<p>Prohl\u00eddku K\u00e1hiry zakon\u010d\u00edte n\u00e1v\u0161t\u011bvou <strong>Muzea GEM<\/strong> <strong>neboli Velk\u00e9ho egyptsk\u00e9ho muzea<\/strong>, kter\u00e9 v\u00e1s p\u0159ekvap\u00ed \u00fa\u017easn\u00fdmi a zaj\u00edmav\u00fdmi artefakty ze Star\u00e9, St\u0159edn\u00ed a Nov\u00e9 \u0159\u00ed\u0161e. M\u016f\u017eete se kochat velkolepou chodbou, kr\u00e1lovsk\u00fdmi pokoji, spole\u010densk\u00fdmi m\u00edstnostmi a pokoji starov\u011bk\u00fdch egyptsk\u00fdch v\u011b\u0159\u00edc\u00edch.<\/p>\n<p>Pozd\u011bji budete p\u0159evezeni na leti\u0161t\u011b v\u202fK\u00e1hi\u0159e a odtud odlet\u00edte do Hurghady.<\/p>\n<p><strong>Dvoudenn\u00ed v\u00fdlet do Luxoru a K\u00e1hiry<\/strong> <strong>z\u202fMarsa Alam<\/strong> zakon\u010d\u00edte zp\u011btn\u00fdm transferem na v\u00e1\u0161 hotel.<\/p>\n<h3><span style=\"color: #ff6600;\">Dvoudenn\u00ed v\u00fdlet do Luxoru a K\u00e1hiry z\u202fMarsa Alam Cena<\/span><\/h3>\n<p>Dosp\u011bl\u00fd: 520 \u20ac<\/p>\n<p>D\u011bti 0-5 let: Zdarma<\/p>\n<p>D\u011bti 5-11 let: 50 % ceny dosp\u011bl\u00e9ho<\/p>\n<h3><span style=\"color: #ff6600;\">Rezervace<\/span><\/h3>\n<p>Sv\u016fj z\u00e1jezd si m\u016f\u017eete rezervovat p\u0159es WhatsApp nebo n\u00e1m poslat e-mail. Potvrzen\u00ed obdr\u017e\u00edte ihned. Pros\u00edme, za\u0161lete n\u00e1m n\u00e1zev Va\u0161eho hotelu, \u010d\u00edslo pokoje, kopie pas\u016f.<\/p>\n<p><strong>WhatsApp: +201000852186<\/strong><\/p>\n<p>info@egytourpackages.com<\/p>\n<h3><span style=\"color: #ff6600;\">Rezervujte nyn\u00ed &amp; Zapla\u0165te na m\u00edst\u011b<\/span><\/h3>\n<p>Rezervujte si sv\u016fj obl\u00edben\u00fd z\u00e1jezd a zapla\u0165te v den v\u00fdletu.<\/p>\n<h3><span style=\"color: #ff6600;\">Platba<\/span><\/h3>\n<p>M\u016f\u017eete platit <strong>egyptsk\u00fdmi librami<\/strong>, $, \u20ac nebo \u00a3.<\/p>\n<h3><span style=\"color: #ff6600;\">Storno podm\u00ednky<\/span><\/h3>\n<ul>\n<li>Zru\u0161en\u00ed je zdarma a\u017e 24 hodin p\u0159edem.<\/li>\n<li>Rann\u00ed zru\u0161en\u00ed je 50 % z ceny.<\/li>\n<\/ul>\n","protected":false},"excerpt":{"rendered":"<p>Dvoudenn\u00ed v\u00fdlet do Luxoru a K\u00e1hiry z Marsa Alam. Prozkoumejte pyramidy, muzea K\u00e1hiry a chr\u00e1my Luxoru. Objevte starov\u011bk\u00e9 divy Egypta b\u011bhem 2 dn\u016f!<\/p>\n","protected":false},"featured_media":3581,"comment_status":"open","ping_status":"closed","template":"","meta":[],"product_brand":[],"product_cat":[1466],"product_tag":[1470,2384,2341],"class_list":{"0":"post-4515","1":"product","2":"type-product","3":"status-publish","4":"has-post-thumbnail","6":"product_cat-vylety","7":"product_tag-jednodenni-vylety-po-egypte","8":"product_tag-zajezdy-do-egypta-z-marsa-alam","9":"product_tag-zajezdy-marsa-alam","10":"tour_category-jednodenni-vylety-po-egypte-cs","11":"tour_category-vylety-do-marsa-alam","13":"first","14":"instock","15":"sale","16":"shipping-taxable","17":"purchasable","18":"product-type-tour","19":"has-default-attributes"},"yoast_head":"<!-- This site is optimized with the Yoast SEO Premium plugin v27.2 (Yoast SEO v27.2) - https:\/\/yoast.com\/product\/yoast-seo-premium-wordpress\/ -->\n<title>Dvoudenn\u00ed v\u00fdlet do Luxoru a K\u00e1hiry z\u202fMarsa Alam<\/title>\n<meta name=\"description\" content=\"Dvoudenn\u00ed v\u00fdlet do Luxoru a K\u00e1hiry z Marsa Alam. Prozkoumejte pyramidy, muzea K\u00e1hiry a chr\u00e1my Luxoru. Objevte starov\u011bk\u00e9 divy Egypta b\u011bhem 2 dn\u016f!\" \/>\n<meta name=\"robots\" content=\"index, follow, max-snippet:-1, max-image-preview:large, max-video-preview:-1\" \/>\n<link rel=\"canonical\" href=\"https:\/\/egytourpackages.com\/cs\/prohlidky\/dvoudenni-vylet-do-luxoru-a-kahiry-z-marsa-alam\/\" \/>\n<meta property=\"og:locale\" content=\"cs_CZ\" \/>\n<meta property=\"og:type\" content=\"article\" \/>\n<meta property=\"og:title\" content=\"Dvoudenn\u00ed v\u00fdlet do Luxoru a K\u00e1hiry z\u202fMarsa Alam\" \/>\n<meta property=\"og:description\" content=\"Dvoudenn\u00ed v\u00fdlet do Luxoru a K\u00e1hiry z Marsa Alam. Prozkoumejte pyramidy, muzea K\u00e1hiry a chr\u00e1my Luxoru. Objevte starov\u011bk\u00e9 divy Egypta b\u011bhem 2 dn\u016f!\" \/>\n<meta property=\"og:url\" content=\"https:\/\/egytourpackages.com\/cs\/prohlidky\/dvoudenni-vylet-do-luxoru-a-kahiry-z-marsa-alam\/\" \/>\n<meta property=\"og:site_name\" content=\"Z\u00e1jezdy po Egypt\u011b\" \/>\n<meta property=\"article:publisher\" content=\"https:\/\/www.facebook.com\/egytourpackages\" \/>\n<meta property=\"article:modified_time\" content=\"2026-01-04T19:40:37+00:00\" \/>\n<meta property=\"og:image\" content=\"https:\/\/egytourpackages.com\/wp-content\/uploads\/2025\/05\/Giza-Pyramids-at-night-1024x473.jpg\" \/>\n<meta name=\"twitter:card\" content=\"summary_large_image\" \/>\n<meta name=\"twitter:title\" content=\"Dvoudenn\u00ed v\u00fdlet do Luxoru a K\u00e1hiry z\u202fMarsa Alam\" \/>\n<meta name=\"twitter:label1\" content=\"Cena\" \/>\n\t<meta name=\"twitter:data1\" content=\"&euro;510\" \/>\n\t<meta name=\"twitter:label2\" content=\"Dostupnost\" \/>\n\t<meta name=\"twitter:data2\" content=\"Skladem\" \/>\n<script type=\"application\/ld+json\" class=\"yoast-schema-graph\">{\"@context\":\"https:\/\/schema.org\",\"@graph\":[{\"@type\":\"WebPage\",\"@id\":\"https:\/\/egytourpackages.com\/cs\/prohlidky\/dvoudenni-vylet-do-luxoru-a-kahiry-z-marsa-alam\/\",\"url\":\"https:\/\/egytourpackages.com\/cs\/prohlidky\/dvoudenni-vylet-do-luxoru-a-kahiry-z-marsa-alam\/\",\"name\":\"Dvoudenn\u00ed v\u00fdlet do Luxoru a K\u00e1hiry z\u202fMarsa Alam\",\"isPartOf\":{\"@id\":\"https:\/\/egytourpackages.com\/cs\/#website\"},\"primaryImageOfPage\":{\"@id\":\"https:\/\/egytourpackages.com\/cs\/prohlidky\/dvoudenni-vylet-do-luxoru-a-kahiry-z-marsa-alam\/#primaryimage\"},\"image\":{\"@id\":\"https:\/\/egytourpackages.com\/cs\/prohlidky\/dvoudenni-vylet-do-luxoru-a-kahiry-z-marsa-alam\/#primaryimage\"},\"thumbnailUrl\":\"https:\/\/egytourpackages.com\/wp-content\/uploads\/2025\/05\/Giza-Pyramids-at-night.jpg\",\"datePublished\":\"2025-05-18T22:06:10+00:00\",\"dateModified\":\"2026-01-04T19:40:37+00:00\",\"description\":\"Dvoudenn\u00ed v\u00fdlet do Luxoru a K\u00e1hiry z Marsa Alam. Prozkoumejte pyramidy, muzea K\u00e1hiry a chr\u00e1my Luxoru. Objevte starov\u011bk\u00e9 divy Egypta b\u011bhem 2 dn\u016f!\",\"breadcrumb\":{\"@id\":\"https:\/\/egytourpackages.com\/cs\/prohlidky\/dvoudenni-vylet-do-luxoru-a-kahiry-z-marsa-alam\/#breadcrumb\"},\"inLanguage\":\"cs\",\"potentialAction\":[{\"@type\":\"ReadAction\",\"target\":[\"https:\/\/egytourpackages.com\/cs\/prohlidky\/dvoudenni-vylet-do-luxoru-a-kahiry-z-marsa-alam\/\"]}]},{\"@type\":\"ImageObject\",\"inLanguage\":\"cs\",\"@id\":\"https:\/\/egytourpackages.com\/cs\/prohlidky\/dvoudenni-vylet-do-luxoru-a-kahiry-z-marsa-alam\/#primaryimage\",\"url\":\"https:\/\/egytourpackages.com\/wp-content\/uploads\/2025\/05\/Giza-Pyramids-at-night.jpg\",\"contentUrl\":\"https:\/\/egytourpackages.com\/wp-content\/uploads\/2025\/05\/Giza-Pyramids-at-night.jpg\",\"width\":1200,\"height\":554,\"caption\":\"Dvoudenn\u00ed v\u00fdlet do Luxoru a K\u00e1hiry z\u202fMarsa Alam\"},{\"@type\":\"BreadcrumbList\",\"@id\":\"https:\/\/egytourpackages.com\/cs\/prohlidky\/dvoudenni-vylet-do-luxoru-a-kahiry-z-marsa-alam\/#breadcrumb\",\"itemListElement\":[{\"@type\":\"ListItem\",\"position\":1,\"name\":\"Dom\u016f\",\"item\":\"https:\/\/egytourpackages.com\/cs\/balicky-vyletu-po-egypte\/\"},{\"@type\":\"ListItem\",\"position\":2,\"name\":\"Shop\",\"item\":\"https:\/\/egytourpackages.com\/cs\/shop\/\"},{\"@type\":\"ListItem\",\"position\":3,\"name\":\"Dvoudenn\u00ed v\u00fdlet do Luxoru a K\u00e1hiry z\u202fMarsa Alam\"}]},{\"@type\":\"WebSite\",\"@id\":\"https:\/\/egytourpackages.com\/cs\/#website\",\"url\":\"https:\/\/egytourpackages.com\/cs\/\",\"name\":\"Egy tour packages\",\"description\":\"\",\"publisher\":{\"@id\":\"https:\/\/egytourpackages.com\/cs\/#organization\"},\"potentialAction\":[{\"@type\":\"SearchAction\",\"target\":{\"@type\":\"EntryPoint\",\"urlTemplate\":\"https:\/\/egytourpackages.com\/cs\/?s={search_term_string}\"},\"query-input\":{\"@type\":\"PropertyValueSpecification\",\"valueRequired\":true,\"valueName\":\"search_term_string\"}}],\"inLanguage\":\"cs\"},{\"@type\":[\"Organization\",\"Place\",\"TravelAgency\"],\"@id\":\"https:\/\/egytourpackages.com\/cs\/#organization\",\"name\":\"egypt tour packages\",\"alternateName\":\"egypt tour packages\",\"url\":\"https:\/\/egytourpackages.com\/cs\/\",\"logo\":{\"@id\":\"https:\/\/egytourpackages.com\/cs\/prohlidky\/dvoudenni-vylet-do-luxoru-a-kahiry-z-marsa-alam\/#local-main-organization-logo\"},\"image\":{\"@id\":\"https:\/\/egytourpackages.com\/cs\/prohlidky\/dvoudenni-vylet-do-luxoru-a-kahiry-z-marsa-alam\/#local-main-organization-logo\"},\"sameAs\":[\"https:\/\/www.facebook.com\/egytourpackages\"],\"legalName\":\"Egy tour packages\",\"address\":{\"@id\":\"https:\/\/egytourpackages.com\/cs\/prohlidky\/dvoudenni-vylet-do-luxoru-a-kahiry-z-marsa-alam\/#local-main-place-address\"},\"telephone\":[\"00201000852186\",\"00201028685533\"],\"contactPoint\":{\"@type\":\"ContactPoint\",\"telephone\":\"00201000852186\"},\"openingHoursSpecification\":[{\"@type\":\"OpeningHoursSpecification\",\"dayOfWeek\":[\"Monday\",\"Tuesday\",\"Wednesday\",\"Thursday\",\"Friday\",\"Saturday\",\"Sunday\"],\"opens\":\"00:00\",\"closes\":\"23:59\"}],\"email\":\"info@egytourpackages.com\",\"areaServed\":\"Cairo, Hurghada, Luxor, Sharm El Sheikh, Marsa Alam, Aswan\",\"priceRange\":\"$\",\"currenciesAccepted\":\"euro\",\"paymentAccepted\":\"Payment links online\"},{\"@type\":\"PostalAddress\",\"@id\":\"https:\/\/egytourpackages.com\/cs\/prohlidky\/dvoudenni-vylet-do-luxoru-a-kahiry-z-marsa-alam\/#local-main-place-address\",\"streetAddress\":\"Mubarak 8, Al Kawthar District, Hurghada\",\"addressLocality\":\"Hurghada\",\"postalCode\":\"84511\",\"addressRegion\":\"Red Sea\",\"addressCountry\":\"EG\"},{\"@type\":\"ImageObject\",\"inLanguage\":\"cs\",\"@id\":\"https:\/\/egytourpackages.com\/cs\/prohlidky\/dvoudenni-vylet-do-luxoru-a-kahiry-z-marsa-alam\/#local-main-organization-logo\",\"url\":\"https:\/\/egytourpackages.com\/wp-content\/uploads\/2025\/12\/Turquoise-Dahabiya-Nile-Cruise-1.jpeg\",\"contentUrl\":\"https:\/\/egytourpackages.com\/wp-content\/uploads\/2025\/12\/Turquoise-Dahabiya-Nile-Cruise-1.jpeg\",\"width\":1040,\"height\":694,\"caption\":\"egypt tour packages\"}]}<\/script>\n<meta property=\"product:brand\" content=\"Jednodenn\u00ed v\u00fdlety po Egypt\u011b\" \/>\n<meta property=\"product:price:amount\" content=\"510\" \/>\n<meta property=\"product:price:currency\" content=\"EUR\" \/>\n<meta property=\"og:availability\" content=\"instock\" \/>\n<meta property=\"product:availability\" content=\"instock\" \/>\n<meta property=\"product:retailer_item_id\" content=\"MAT07\" \/>\n<meta property=\"product:condition\" content=\"new\" \/>\n<meta name=\"geo.placename\" content=\"Hurghada\" \/>\n<meta name=\"geo.region\" content=\"Egypt\" \/>\n<!-- \/ Yoast SEO Premium plugin. -->","yoast_head_json":{"title":"Dvoudenn\u00ed v\u00fdlet do Luxoru a K\u00e1hiry z\u202fMarsa Alam","description":"Dvoudenn\u00ed v\u00fdlet do Luxoru a K\u00e1hiry z Marsa Alam. Prozkoumejte pyramidy, muzea K\u00e1hiry a chr\u00e1my Luxoru. Objevte starov\u011bk\u00e9 divy Egypta b\u011bhem 2 dn\u016f!","robots":{"index":"index","follow":"follow","max-snippet":"max-snippet:-1","max-image-preview":"max-image-preview:large","max-video-preview":"max-video-preview:-1"},"canonical":"https:\/\/egytourpackages.com\/cs\/prohlidky\/dvoudenni-vylet-do-luxoru-a-kahiry-z-marsa-alam\/","og_locale":"cs_CZ","og_type":"article","og_title":"Dvoudenn\u00ed v\u00fdlet do Luxoru a K\u00e1hiry z\u202fMarsa Alam","og_description":"Dvoudenn\u00ed v\u00fdlet do Luxoru a K\u00e1hiry z Marsa Alam. Prozkoumejte pyramidy, muzea K\u00e1hiry a chr\u00e1my Luxoru. Objevte starov\u011bk\u00e9 divy Egypta b\u011bhem 2 dn\u016f!","og_url":"https:\/\/egytourpackages.com\/cs\/prohlidky\/dvoudenni-vylet-do-luxoru-a-kahiry-z-marsa-alam\/","og_site_name":"Z\u00e1jezdy po Egypt\u011b","article_publisher":"https:\/\/www.facebook.com\/egytourpackages","article_modified_time":"2026-01-04T19:40:37+00:00","og_image":[{"url":"https:\/\/egytourpackages.com\/wp-content\/uploads\/2025\/05\/Giza-Pyramids-at-night-1024x473.jpg","type":"","width":"","height":""}],"twitter_card":"summary_large_image","twitter_title":"Dvoudenn\u00ed v\u00fdlet do Luxoru a K\u00e1hiry z\u202fMarsa Alam","twitter_misc":{"Cena":"&euro;510","Dostupnost":"Skladem"},"schema":{"@context":"https:\/\/schema.org","@graph":[{"@type":"WebPage","@id":"https:\/\/egytourpackages.com\/cs\/prohlidky\/dvoudenni-vylet-do-luxoru-a-kahiry-z-marsa-alam\/","url":"https:\/\/egytourpackages.com\/cs\/prohlidky\/dvoudenni-vylet-do-luxoru-a-kahiry-z-marsa-alam\/","name":"Dvoudenn\u00ed v\u00fdlet do Luxoru a K\u00e1hiry z\u202fMarsa Alam","isPartOf":{"@id":"https:\/\/egytourpackages.com\/cs\/#website"},"primaryImageOfPage":{"@id":"https:\/\/egytourpackages.com\/cs\/prohlidky\/dvoudenni-vylet-do-luxoru-a-kahiry-z-marsa-alam\/#primaryimage"},"image":{"@id":"https:\/\/egytourpackages.com\/cs\/prohlidky\/dvoudenni-vylet-do-luxoru-a-kahiry-z-marsa-alam\/#primaryimage"},"thumbnailUrl":"https:\/\/egytourpackages.com\/wp-content\/uploads\/2025\/05\/Giza-Pyramids-at-night.jpg","datePublished":"2025-05-18T22:06:10+00:00","dateModified":"2026-01-04T19:40:37+00:00","description":"Dvoudenn\u00ed v\u00fdlet do Luxoru a K\u00e1hiry z Marsa Alam. Prozkoumejte pyramidy, muzea K\u00e1hiry a chr\u00e1my Luxoru. Objevte starov\u011bk\u00e9 divy Egypta b\u011bhem 2 dn\u016f!","breadcrumb":{"@id":"https:\/\/egytourpackages.com\/cs\/prohlidky\/dvoudenni-vylet-do-luxoru-a-kahiry-z-marsa-alam\/#breadcrumb"},"inLanguage":"cs","potentialAction":[{"@type":"ReadAction","target":["https:\/\/egytourpackages.com\/cs\/prohlidky\/dvoudenni-vylet-do-luxoru-a-kahiry-z-marsa-alam\/"]}]},{"@type":"ImageObject","inLanguage":"cs","@id":"https:\/\/egytourpackages.com\/cs\/prohlidky\/dvoudenni-vylet-do-luxoru-a-kahiry-z-marsa-alam\/#primaryimage","url":"https:\/\/egytourpackages.com\/wp-content\/uploads\/2025\/05\/Giza-Pyramids-at-night.jpg","contentUrl":"https:\/\/egytourpackages.com\/wp-content\/uploads\/2025\/05\/Giza-Pyramids-at-night.jpg","width":1200,"height":554,"caption":"Dvoudenn\u00ed v\u00fdlet do Luxoru a K\u00e1hiry z\u202fMarsa Alam"},{"@type":"BreadcrumbList","@id":"https:\/\/egytourpackages.com\/cs\/prohlidky\/dvoudenni-vylet-do-luxoru-a-kahiry-z-marsa-alam\/#breadcrumb","itemListElement":[{"@type":"ListItem","position":1,"name":"Dom\u016f","item":"https:\/\/egytourpackages.com\/cs\/balicky-vyletu-po-egypte\/"},{"@type":"ListItem","position":2,"name":"Shop","item":"https:\/\/egytourpackages.com\/cs\/shop\/"},{"@type":"ListItem","position":3,"name":"Dvoudenn\u00ed v\u00fdlet do Luxoru a K\u00e1hiry z\u202fMarsa Alam"}]},{"@type":"WebSite","@id":"https:\/\/egytourpackages.com\/cs\/#website","url":"https:\/\/egytourpackages.com\/cs\/","name":"Egy tour packages","description":"","publisher":{"@id":"https:\/\/egytourpackages.com\/cs\/#organization"},"potentialAction":[{"@type":"SearchAction","target":{"@type":"EntryPoint","urlTemplate":"https:\/\/egytourpackages.com\/cs\/?s={search_term_string}"},"query-input":{"@type":"PropertyValueSpecification","valueRequired":true,"valueName":"search_term_string"}}],"inLanguage":"cs"},{"@type":["Organization","Place","TravelAgency"],"@id":"https:\/\/egytourpackages.com\/cs\/#organization","name":"egypt tour packages","alternateName":"egypt tour packages","url":"https:\/\/egytourpackages.com\/cs\/","logo":{"@id":"https:\/\/egytourpackages.com\/cs\/prohlidky\/dvoudenni-vylet-do-luxoru-a-kahiry-z-marsa-alam\/#local-main-organization-logo"},"image":{"@id":"https:\/\/egytourpackages.com\/cs\/prohlidky\/dvoudenni-vylet-do-luxoru-a-kahiry-z-marsa-alam\/#local-main-organization-logo"},"sameAs":["https:\/\/www.facebook.com\/egytourpackages"],"legalName":"Egy tour packages","address":{"@id":"https:\/\/egytourpackages.com\/cs\/prohlidky\/dvoudenni-vylet-do-luxoru-a-kahiry-z-marsa-alam\/#local-main-place-address"},"telephone":["00201000852186","00201028685533"],"contactPoint":{"@type":"ContactPoint","telephone":"00201000852186"},"openingHoursSpecification":[{"@type":"OpeningHoursSpecification","dayOfWeek":["Monday","Tuesday","Wednesday","Thursday","Friday","Saturday","Sunday"],"opens":"00:00","closes":"23:59"}],"email":"info@egytourpackages.com","areaServed":"Cairo, Hurghada, Luxor, Sharm El Sheikh, Marsa Alam, Aswan","priceRange":"$","currenciesAccepted":"euro","paymentAccepted":"Payment links online"},{"@type":"PostalAddress","@id":"https:\/\/egytourpackages.com\/cs\/prohlidky\/dvoudenni-vylet-do-luxoru-a-kahiry-z-marsa-alam\/#local-main-place-address","streetAddress":"Mubarak 8, Al Kawthar District, Hurghada","addressLocality":"Hurghada","postalCode":"84511","addressRegion":"Red Sea","addressCountry":"EG"},{"@type":"ImageObject","inLanguage":"cs","@id":"https:\/\/egytourpackages.com\/cs\/prohlidky\/dvoudenni-vylet-do-luxoru-a-kahiry-z-marsa-alam\/#local-main-organization-logo","url":"https:\/\/egytourpackages.com\/wp-content\/uploads\/2025\/12\/Turquoise-Dahabiya-Nile-Cruise-1.jpeg","contentUrl":"https:\/\/egytourpackages.com\/wp-content\/uploads\/2025\/12\/Turquoise-Dahabiya-Nile-Cruise-1.jpeg","width":1040,"height":694,"caption":"egypt tour packages"}]},"product_brand":"Jednodenn\u00ed v\u00fdlety po Egypt\u011b","product_price_amount":"510","product_price_currency":"EUR","og_availability":"instock","product_availability":"instock","product_retailer_item_id":"MAT07","product_condition":"new","geo.placename":"Hurghada","geo.region":"Egypt"},"_links":{"self":[{"href":"https:\/\/egytourpackages.com\/cs\/wp-json\/wp\/v2\/product\/4515","targetHints":{"allow":["GET"]}}],"collection":[{"href":"https:\/\/egytourpackages.com\/cs\/wp-json\/wp\/v2\/product"}],"about":[{"href":"https:\/\/egytourpackages.com\/cs\/wp-json\/wp\/v2\/types\/product"}],"replies":[{"embeddable":true,"href":"https:\/\/egytourpackages.com\/cs\/wp-json\/wp\/v2\/comments?post=4515"}],"wp:featuredmedia":[{"embeddable":true,"href":"https:\/\/egytourpackages.com\/cs\/wp-json\/wp\/v2\/media\/3581"}],"wp:attachment":[{"href":"https:\/\/egytourpackages.com\/cs\/wp-json\/wp\/v2\/media?parent=4515"}],"wp:term":[{"taxonomy":"product_brand","embeddable":true,"href":"https:\/\/egytourpackages.com\/cs\/wp-json\/wp\/v2\/product_brand?post=4515"},{"taxonomy":"product_cat","embeddable":true,"href":"https:\/\/egytourpackages.com\/cs\/wp-json\/wp\/v2\/product_cat?post=4515"},{"taxonomy":"product_tag","embeddable":true,"href":"https:\/\/egytourpackages.com\/cs\/wp-json\/wp\/v2\/product_tag?post=4515"}],"curies":[{"name":"wp","href":"https:\/\/api.w.org\/{rel}","templated":true}]}}