{"id":4524,"date":"2025-05-25T16:32:39","date_gmt":"2025-05-25T16:32:39","guid":{"rendered":"https:\/\/egytourpackages.com\/product\/safari-vylet-wadi-el-gemal-z-marsa-alam\/"},"modified":"2026-02-11T14:26:37","modified_gmt":"2026-02-11T14:26:37","slug":"safari-vylet-wadi-el-gemal-z-marsa-alam","status":"publish","type":"product","link":"https:\/\/egytourpackages.com\/cs\/prohlidky\/safari-vylet-wadi-el-gemal-z-marsa-alam\/","title":{"rendered":"Safari v\u00fdlet Wadi El Gemal z Marsa Alam"},"content":{"rendered":"<p><span style=\"color: #ff6600;\"><strong>Safari v\u00fdlet Wadi El Gemal z Marsa Alam<\/strong>\u00a0<\/span><\/p>\n<p><strong>Rezervujte si Safari v\u00fdlet Wadi El Gemal z Marsa Alam<\/strong>\u00a0a za\u017eijte bedu\u00ednsk\u00e9 tradice, zejm\u00e9na kmen\u016f <strong>Ababda<\/strong>. U\u017eijte si nezapomenuteln\u00e9 dobrodru\u017estv\u00ed do srdce V\u00fdchodn\u00ed pou\u0161t\u011b s na\u0161\u00edm safari do V\u00e1d\u00ed El Gemal z <strong>Marsa Alam<\/strong>. Nav\u0161t\u00edv\u00edte <strong>smaragdov\u00e9 doly<\/strong>, <strong>Kleopat\u0159in chr\u00e1m<\/strong> z \u0159\u00edmsk\u00e9 \u00e9ry, ak\u00e1ciov\u00fd strom a ke\u0159e l\u00e9\u010div\u00fdch rostlin.<\/p>\n<p>Na\u0161e <strong>z\u00e1jezdy z Marsa Alam<\/strong> nab\u00edzej\u00ed tuto jedine\u010dnou \u0161anci do p\u0159\u00edrodn\u00edch m\u00edst, kter\u00e1 vypr\u00e1v\u011bj\u00ed p\u0159\u00edb\u011bhy star\u0161\u00ed ne\u017e pyramidy. Mezit\u00edm <strong>Egy Tour Packages<\/strong> nab\u00edz\u00ed tyto <strong>z\u00e1jezdy do Egypta<\/strong> s profesion\u00e1ln\u00edmi pou\u0161tn\u00edmi pr\u016fvodci, pohodln\u00fdmi Jeepy 4&#215;4 a nejlep\u0161\u00edmi slu\u017ebami.<\/p>\n<h3><span style=\"color: #ff6600;\">Detaily z\u00e1jezdu<\/span><\/h3>\n<ul>\n<li>D\u00e9lka: 6 hodin<\/li>\n<li>M\u00edsto kon\u00e1n\u00ed: V\u00fdchodn\u00ed pou\u0161\u0165 Marsa Alam<\/li>\n<li>Dostupnost z\u00e1jezdu: Na vy\u017e\u00e1d\u00e1n\u00ed<\/li>\n<li>Vyzvednut\u00ed a odvoz: Hotely v Marsa Alam<\/li>\n<li>Typ z\u00e1jezdu: Skupinov\u00fd<\/li>\n<li>P\u0159\u00edstup pro voz\u00ed\u010dk\u00e1\u0159e: Ano<\/li>\n<\/ul>\n<h3><span style=\"color: #ff6600;\">Hlavn\u00ed atrakce<\/span><\/h3>\n<ul>\n<li>Poznejte bedu\u00ednsk\u00fd \u017eivotn\u00ed styl<\/li>\n<li>Kleopat\u0159in chr\u00e1m<\/li>\n<li>Smaragdov\u00e9 doly<\/li>\n<\/ul>\n<h3><span style=\"color: #ff6600;\">V cen\u011b<\/span><\/h3>\n<ul>\n<li>Vyzvednut\u00ed a odvoz z hotel\u016f v Marsa Alam<\/li>\n<li>Profesion\u00e1ln\u00ed pou\u0161tn\u00ed pr\u016fvodce<\/li>\n<li>Prohl\u00eddka bedu\u00ednsk\u00e9 vesnice s bedu\u00ednsk\u00fdm \u010dajem<\/li>\n<li>V\u0161echny poplatky za slu\u017eby a dan\u011b jsou zahrnuty v cen\u011b<\/li>\n<\/ul>\n<h3><span style=\"color: #ff6600;\">Nen\u00ed v cen\u011b<\/span><\/h3>\n<ul>\n<li>Vstup do N\u00e1rodn\u00edho parku: 5 euro na osobu<\/li>\n<li>Spropitn\u00e9<\/li>\n<li>Cokoli, co nen\u00ed uvedeno v programu<\/li>\n<\/ul>\n<h3><span style=\"color: #ff6600;\">Co si vz\u00edt s sebou<\/span><\/h3>\n<ul>\n<li>Kopie pasu<\/li>\n<li>Klobouk, slune\u010dn\u00ed br\u00fdle a opalovac\u00ed kr\u00e9m<\/li>\n<li>Pohodln\u00e1 obuv a oble\u010den\u00ed<\/li>\n<\/ul>\n<h2><span style=\"color: #ff6600;\">Itiner\u00e1\u0159<\/span><\/h2>\n<p>Safari v\u00fdlet Wadi El Gemal z Marsa Alam je ter\u00e9nn\u00ed t\u00fara s \u00fachvatn\u00fdm z\u00e1padem slunce. Safari V\u00e1d\u00ed El Gemal kombinuje kulturu se z\u00e1bavou a dobrodru\u017estv\u00edm. U\u017eijte si nezapomenuteln\u00e9 dobrodru\u017estv\u00ed do srdce V\u00fdchodn\u00ed pou\u0161t\u011b s na\u0161\u00edm safari do V\u00e1d\u00ed El Gemal z Marsa Alam.<\/p>\n<p>Cesta za\u010d\u00edn\u00e1 kolem 12:00 odpoledne od hotel\u016f a kon\u010d\u00ed kolem 19:00. Opus\u0165te m\u011bsto <strong>Marsa Alam<\/strong> a vydejte se na skute\u010dn\u00e9 pou\u0161tn\u00ed dobrodru\u017estv\u00ed. Cestou na zast\u00e1vky m\u016f\u017eete jasn\u011b vid\u011bt, co se naz\u00fdv\u00e1 fata morgana. Vychutnejte si panoramatick\u00e9 v\u00fdhledy na pou\u0161\u0165 z vrcholu hory, zat\u00edmco jedete do t\u00e1bora. D\u016frazn\u011b doporu\u010dujeme fotografovat v\u0161e kolem sebe a sd\u00edlet to s p\u0159\u00e1teli.<\/p>\n<p>Jakmile v\u00e1s v\u00e1\u0161 Jeep zaveze do ter\u00e9nu a zku\u0161en\u011b projede dunami, v\u00e1\u0161 pr\u016fvodce v\u00e1s zastav\u00ed u <strong>ak\u00e1ciov\u00e9ho stromu<\/strong>. Bedu\u00edni v\u011b\u0159\u00ed, \u017ee strom p\u0159edstavuje stabilitu a \u0161t\u011bst\u00ed.<\/p>\n<p>Vydejte se do oblasti zn\u00e1m\u00e9 jako <strong>ke\u0159e l\u00e9\u010div\u00fdch rostlin<\/strong>, kde uvid\u00edte rak\u016fvkov\u00fd strom. Na cest\u011b poslouchejte pr\u016fvodce, jak sd\u00edl\u00ed informace o V\u00e1d\u00ed El Gemal a <strong>velbloud\u00edm ka\u0148onu<\/strong>. Velbloud\u00ed ka\u0148on je m\u00edsto, kde na\u0161t\u011bst\u00ed uvid\u00edte velbloudy a p\u0159\u00edrodn\u00ed studnu na 100 %.<\/p>\n<p>P\u0159ipravte si fotoapar\u00e1t k po\u0159\u00edzen\u00ed nezapomenuteln\u00fdch fotografi\u00ed ka\u0148onu a velbloud\u016f. Pot\u00e9 se zastavte u <strong>\u0159\u00edmsk\u00fdch chr\u00e1m\u016f Kleopatry<\/strong> v \u0159\u00edmsk\u00e9 vesnici. Nedaleko odtud se nach\u00e1zej\u00ed ruiny n\u00e1jemn\u00edch dom\u016f d\u011bln\u00edk\u016f v\u0161ech druh\u016f kamenn\u00fdch blok\u016f a <strong>smaragdov\u00fdch dol\u016f<\/strong>.<\/p>\n<p>Nakonec zakon\u010dete sv\u00e9 safari lahodn\u00fdm, \u010derstv\u011b p\u0159ipraven\u00fdm bedu\u00ednsk\u00fdm j\u00eddlem a pop\u00edjen\u00edm sladk\u00e9ho bylinkov\u00e9ho \u010daje, co\u017e je okam\u017eik prav\u00e9 pou\u0161tn\u00ed pohostinnosti.<\/p>\n<p><strong>Pozn\u00e1mka:<\/strong> Vezm\u011bte pros\u00edm na v\u011bdom\u00ed, \u017ee cestov\u00e1n\u00ed se nedoporu\u010duje d\u011btem do t\u0159\u00ed let, proto\u017ee pou\u0161\u0165 je hrbolat\u00e1.<\/p>\n<h3><span style=\"color: #ff6600;\">Cena Safari v\u00fdlet Wadi El Gemal z Marsa Alam<\/span><\/h3>\n<ul>\n<li><strong>Cena pro dosp\u011bl\u00e9ho:<\/strong> 80\u00a0<strong>\u20ac<\/strong><\/li>\n<li><strong>D\u011bti 0-5 let:<\/strong> zdarma<\/li>\n<li><strong>D\u011bti 5-11 let:<\/strong> 50 % z ceny pro dosp\u011bl\u00e9ho<\/li>\n<\/ul>\n<h3><span style=\"color: #ff6600;\">Rezervace<\/span><\/h3>\n<p>Svou t\u00faru si m\u016f\u017eete rezervovat p\u0159es WhatsApp nebo n\u00e1m poslat e-mail a potvrzen\u00ed obdr\u017e\u00edte ihned. Pros\u00edm, za\u0161lete n\u00e1m n\u00e1zev va\u0161eho hotelu, \u010d\u00edslo pokoje, kopie pas\u016f.<\/p>\n<p>WhatsApp: +201000852186<\/p>\n<h3><span style=\"color: #ff6600;\">Rezervujte nyn\u00ed a zapla\u0165te na m\u00edst\u011b<\/span><\/h3>\n<p>Rezervujte si svou obl\u00edbenou t\u00faru a zapla\u0165te v den v\u00fdletu.<\/p>\n<h3><span style=\"color: #ff6600;\">Platba<\/span><\/h3>\n<p>Platit m\u016f\u017eete v egyptsk\u00fdch libr\u00e1ch, $, \u20ac nebo \u00a3.<\/p>\n<h3><span style=\"color: #ff6600;\">Storno podm\u00ednky<\/span><\/h3>\n<ul>\n<li>Zru\u0161en\u00ed je zdarma do 24 hodin p\u0159edem.<\/li>\n<li>Zru\u0161en\u00ed r\u00e1no v den z\u00e1jezdu je 50 % z ceny.<\/li>\n<\/ul>\n<h3><span style=\"color: #ff6600;\">Pro\u010d rezervovat s Egy Tour Packages?<\/span><\/h3>\n<ul>\n<li>Na\u0161\u00edm hlavn\u00edm c\u00edlem je spokojenost z\u00e1kazn\u00edk\u016f, pohodl\u00ed a z\u00e1bava s profesion\u00e1ln\u00edmi odborn\u00fdmi pr\u016fvodci a nejlep\u0161\u00edmi slu\u017ebami.<\/li>\n<li>Z\u00e1kaznick\u00e1 podpora online p\u0159es WhatsApp 24\/7 a sledov\u00e1n\u00ed od p\u0159\u00edjezdu a\u017e po kone\u010dn\u00fd odjezd.<\/li>\n<\/ul>\n<p>M\u00e1te z\u00e1jem o pozn\u00e1n\u00ed bedu\u00ednsk\u00e9ho \u017eivota a skryt\u00fdch kr\u00e1s V\u00e1d\u00ed El Gemal? Dejte n\u00e1m v\u011bd\u011bt, pokud m\u00e1te jak\u00e9koli dotazy nebo chcete prov\u00e9st rezervaci!<\/p>\n","protected":false},"excerpt":{"rendered":"<p>Safari v\u00fdlet Wadi El Gemal z Marsa Alam : Prozkoumejte bedu\u00ednsk\u00e9 tradice, smaragdov\u00e9 doly a Kleopat\u0159in chr\u00e1m. Dobrodru\u017estv\u00ed v pou\u0161ti 4&#215;4!<\/p>\n","protected":false},"featured_media":3647,"comment_status":"open","ping_status":"closed","template":"","meta":[],"product_brand":[],"product_cat":[1466],"product_tag":[1470,2341],"class_list":{"0":"post-4524","1":"product","2":"type-product","3":"status-publish","4":"has-post-thumbnail","6":"product_cat-vylety","7":"product_tag-jednodenni-vylety-po-egypte","8":"product_tag-zajezdy-marsa-alam","9":"tour_category-jednodenni-vylety-po-egypte-cs","10":"tour_category-vylety-do-marsa-alam","12":"first","13":"instock","14":"sale","15":"shipping-taxable","16":"purchasable","17":"product-type-tour"},"yoast_head":"<!-- This site is optimized with the Yoast SEO Premium plugin v27.4 (Yoast SEO v27.4) - https:\/\/yoast.com\/product\/yoast-seo-premium-wordpress\/ -->\n<title>Safari v\u00fdlet Wadi El Gemal z Marsa Alam<\/title>\n<meta name=\"description\" content=\"Safari v\u00fdlet Wadi El Gemal z Marsa Alam : Prozkoumejte bedu\u00ednsk\u00e9 tradice, smaragdov\u00e9 doly a Kleopat\u0159in chr\u00e1m. Dobrodru\u017estv\u00ed v pou\u0161ti 4x4!\" \/>\n<meta name=\"robots\" content=\"index, follow, max-snippet:-1, max-image-preview:large, max-video-preview:-1\" \/>\n<link rel=\"canonical\" href=\"https:\/\/egytourpackages.com\/cs\/prohlidky\/safari-vylet-wadi-el-gemal-z-marsa-alam\/\" \/>\n<meta property=\"og:locale\" content=\"cs_CZ\" \/>\n<meta property=\"og:type\" content=\"article\" \/>\n<meta property=\"og:title\" content=\"Safari v\u00fdlet Wadi El Gemal z Marsa Alam\" \/>\n<meta property=\"og:description\" content=\"Safari v\u00fdlet Wadi El Gemal z Marsa Alam : Prozkoumejte bedu\u00ednsk\u00e9 tradice, smaragdov\u00e9 doly a Kleopat\u0159in chr\u00e1m. Dobrodru\u017estv\u00ed v pou\u0161ti 4x4!\" \/>\n<meta property=\"og:url\" content=\"https:\/\/egytourpackages.com\/cs\/prohlidky\/safari-vylet-wadi-el-gemal-z-marsa-alam\/\" \/>\n<meta property=\"og:site_name\" content=\"Z\u00e1jezdy po Egypt\u011b\" \/>\n<meta property=\"article:publisher\" content=\"https:\/\/www.facebook.com\/egytourpackages\" \/>\n<meta property=\"article:modified_time\" content=\"2026-02-11T14:26:37+00:00\" \/>\n<meta property=\"og:image\" content=\"https:\/\/egytourpackages.com\/wp-content\/uploads\/2025\/05\/Eastern-desert-Marsa-Alam.jpg\" \/>\n\t<meta property=\"og:image:width\" content=\"1800\" \/>\n\t<meta property=\"og:image:height\" content=\"1200\" \/>\n\t<meta property=\"og:image:type\" content=\"image\/jpeg\" \/>\n<meta name=\"twitter:card\" content=\"summary_large_image\" \/>\n<meta name=\"twitter:title\" content=\"Safari v\u00fdlet Wadi El Gemal z Marsa Alam\" \/>\n<meta name=\"twitter:label1\" content=\"Cena\" \/>\n\t<meta name=\"twitter:data1\" content=\"&euro;80\" \/>\n\t<meta name=\"twitter:label2\" content=\"Dostupnost\" \/>\n\t<meta name=\"twitter:data2\" content=\"Skladem\" \/>\n<script type=\"application\/ld+json\" class=\"yoast-schema-graph\">{\"@context\":\"https:\\\/\\\/schema.org\",\"@graph\":[{\"@type\":\"WebPage\",\"@id\":\"https:\\\/\\\/egytourpackages.com\\\/cs\\\/prohlidky\\\/safari-vylet-wadi-el-gemal-z-marsa-alam\\\/\",\"url\":\"https:\\\/\\\/egytourpackages.com\\\/cs\\\/prohlidky\\\/safari-vylet-wadi-el-gemal-z-marsa-alam\\\/\",\"name\":\"Safari v\u00fdlet Wadi El Gemal z Marsa Alam\",\"isPartOf\":{\"@id\":\"https:\\\/\\\/egytourpackages.com\\\/cs\\\/#website\"},\"primaryImageOfPage\":{\"@id\":\"https:\\\/\\\/egytourpackages.com\\\/cs\\\/prohlidky\\\/safari-vylet-wadi-el-gemal-z-marsa-alam\\\/#primaryimage\"},\"image\":{\"@id\":\"https:\\\/\\\/egytourpackages.com\\\/cs\\\/prohlidky\\\/safari-vylet-wadi-el-gemal-z-marsa-alam\\\/#primaryimage\"},\"thumbnailUrl\":\"https:\\\/\\\/egytourpackages.com\\\/wp-content\\\/uploads\\\/2025\\\/05\\\/Eastern-desert-Marsa-Alam.jpg\",\"datePublished\":\"2025-05-25T16:32:39+00:00\",\"dateModified\":\"2026-02-11T14:26:37+00:00\",\"description\":\"Safari v\u00fdlet Wadi El Gemal z Marsa Alam : Prozkoumejte bedu\u00ednsk\u00e9 tradice, smaragdov\u00e9 doly a Kleopat\u0159in chr\u00e1m. Dobrodru\u017estv\u00ed v pou\u0161ti 4x4!\",\"breadcrumb\":{\"@id\":\"https:\\\/\\\/egytourpackages.com\\\/cs\\\/prohlidky\\\/safari-vylet-wadi-el-gemal-z-marsa-alam\\\/#breadcrumb\"},\"inLanguage\":\"cs\",\"potentialAction\":[{\"@type\":\"ReadAction\",\"target\":[\"https:\\\/\\\/egytourpackages.com\\\/cs\\\/prohlidky\\\/safari-vylet-wadi-el-gemal-z-marsa-alam\\\/\"]}]},{\"@type\":\"ImageObject\",\"inLanguage\":\"cs\",\"@id\":\"https:\\\/\\\/egytourpackages.com\\\/cs\\\/prohlidky\\\/safari-vylet-wadi-el-gemal-z-marsa-alam\\\/#primaryimage\",\"url\":\"https:\\\/\\\/egytourpackages.com\\\/wp-content\\\/uploads\\\/2025\\\/05\\\/Eastern-desert-Marsa-Alam.jpg\",\"contentUrl\":\"https:\\\/\\\/egytourpackages.com\\\/wp-content\\\/uploads\\\/2025\\\/05\\\/Eastern-desert-Marsa-Alam.jpg\",\"width\":1800,\"height\":1200,\"caption\":\"Safari v\u00fdlet Wadi El Gemal z Marsa Alam\"},{\"@type\":\"BreadcrumbList\",\"@id\":\"https:\\\/\\\/egytourpackages.com\\\/cs\\\/prohlidky\\\/safari-vylet-wadi-el-gemal-z-marsa-alam\\\/#breadcrumb\",\"itemListElement\":[{\"@type\":\"ListItem\",\"position\":1,\"name\":\"Dom\u016f\",\"item\":\"https:\\\/\\\/egytourpackages.com\\\/cs\\\/balicky-vyletu-po-egypte\\\/\"},{\"@type\":\"ListItem\",\"position\":2,\"name\":\"Shop\",\"item\":\"https:\\\/\\\/egytourpackages.com\\\/cs\\\/shop\\\/\"},{\"@type\":\"ListItem\",\"position\":3,\"name\":\"Safari v\u00fdlet Wadi El Gemal z Marsa Alam\"}]},{\"@type\":\"WebSite\",\"@id\":\"https:\\\/\\\/egytourpackages.com\\\/cs\\\/#website\",\"url\":\"https:\\\/\\\/egytourpackages.com\\\/cs\\\/\",\"name\":\"Egy tour packages\",\"description\":\"\",\"publisher\":{\"@id\":\"https:\\\/\\\/egytourpackages.com\\\/cs\\\/#organization\"},\"potentialAction\":[{\"@type\":\"SearchAction\",\"target\":{\"@type\":\"EntryPoint\",\"urlTemplate\":\"https:\\\/\\\/egytourpackages.com\\\/cs\\\/?s={search_term_string}\"},\"query-input\":{\"@type\":\"PropertyValueSpecification\",\"valueRequired\":true,\"valueName\":\"search_term_string\"}}],\"inLanguage\":\"cs\"},{\"@type\":[\"Organization\",\"Place\",\"TravelAgency\"],\"@id\":\"https:\\\/\\\/egytourpackages.com\\\/cs\\\/#organization\",\"name\":\"egypt tour packages\",\"alternateName\":\"egypt tour packages\",\"url\":\"https:\\\/\\\/egytourpackages.com\\\/cs\\\/\",\"logo\":{\"@id\":\"https:\\\/\\\/egytourpackages.com\\\/cs\\\/prohlidky\\\/safari-vylet-wadi-el-gemal-z-marsa-alam\\\/#local-main-organization-logo\"},\"image\":{\"@id\":\"https:\\\/\\\/egytourpackages.com\\\/cs\\\/prohlidky\\\/safari-vylet-wadi-el-gemal-z-marsa-alam\\\/#local-main-organization-logo\"},\"sameAs\":[\"https:\\\/\\\/www.facebook.com\\\/egytourpackages\"],\"legalName\":\"Egy tour packages\",\"address\":{\"@id\":\"https:\\\/\\\/egytourpackages.com\\\/cs\\\/prohlidky\\\/safari-vylet-wadi-el-gemal-z-marsa-alam\\\/#local-main-place-address\"},\"telephone\":[\"00201000852186\",\"00201028685533\"],\"contactPoint\":{\"@type\":\"ContactPoint\",\"telephone\":\"00201000852186\"},\"openingHoursSpecification\":[{\"@type\":\"OpeningHoursSpecification\",\"dayOfWeek\":[\"Monday\",\"Tuesday\",\"Wednesday\",\"Thursday\",\"Friday\",\"Saturday\",\"Sunday\"],\"opens\":\"00:00\",\"closes\":\"23:59\"}],\"email\":\"info@egytourpackages.com\",\"areaServed\":\"Cairo, Hurghada, Luxor, Sharm El Sheikh, Marsa Alam, Aswan\",\"priceRange\":\"$\",\"currenciesAccepted\":\"euro\",\"paymentAccepted\":\"Payment links online\"},{\"@type\":\"PostalAddress\",\"@id\":\"https:\\\/\\\/egytourpackages.com\\\/cs\\\/prohlidky\\\/safari-vylet-wadi-el-gemal-z-marsa-alam\\\/#local-main-place-address\",\"streetAddress\":\"Mubarak 8, Al Kawthar District, Hurghada\",\"addressLocality\":\"Hurghada\",\"postalCode\":\"84511\",\"addressRegion\":\"Red Sea\",\"addressCountry\":\"EG\"},{\"@type\":\"ImageObject\",\"inLanguage\":\"cs\",\"@id\":\"https:\\\/\\\/egytourpackages.com\\\/cs\\\/prohlidky\\\/safari-vylet-wadi-el-gemal-z-marsa-alam\\\/#local-main-organization-logo\",\"url\":\"https:\\\/\\\/egytourpackages.com\\\/wp-content\\\/uploads\\\/2025\\\/12\\\/Turquoise-Dahabiya-Nile-Cruise-1.jpeg\",\"contentUrl\":\"https:\\\/\\\/egytourpackages.com\\\/wp-content\\\/uploads\\\/2025\\\/12\\\/Turquoise-Dahabiya-Nile-Cruise-1.jpeg\",\"width\":1040,\"height\":694,\"caption\":\"egypt tour packages\"}]}<\/script>\n<meta property=\"product:brand\" content=\"Jednodenn\u00ed v\u00fdlety po Egypt\u011b\" \/>\n<meta property=\"product:price:amount\" content=\"80\" \/>\n<meta property=\"product:price:currency\" content=\"EUR\" \/>\n<meta property=\"og:availability\" content=\"instock\" \/>\n<meta property=\"product:availability\" content=\"instock\" \/>\n<meta property=\"product:retailer_item_id\" content=\"MAT09\" \/>\n<meta property=\"product:condition\" content=\"new\" \/>\n<meta name=\"geo.placename\" content=\"Hurghada\" \/>\n<meta name=\"geo.region\" content=\"Egypt\" \/>\n<!-- \/ Yoast SEO Premium plugin. -->","yoast_head_json":{"title":"Safari v\u00fdlet Wadi El Gemal z Marsa Alam","description":"Safari v\u00fdlet Wadi El Gemal z Marsa Alam : Prozkoumejte bedu\u00ednsk\u00e9 tradice, smaragdov\u00e9 doly a Kleopat\u0159in chr\u00e1m. Dobrodru\u017estv\u00ed v pou\u0161ti 4x4!","robots":{"index":"index","follow":"follow","max-snippet":"max-snippet:-1","max-image-preview":"max-image-preview:large","max-video-preview":"max-video-preview:-1"},"canonical":"https:\/\/egytourpackages.com\/cs\/prohlidky\/safari-vylet-wadi-el-gemal-z-marsa-alam\/","og_locale":"cs_CZ","og_type":"article","og_title":"Safari v\u00fdlet Wadi El Gemal z Marsa Alam","og_description":"Safari v\u00fdlet Wadi El Gemal z Marsa Alam : Prozkoumejte bedu\u00ednsk\u00e9 tradice, smaragdov\u00e9 doly a Kleopat\u0159in chr\u00e1m. Dobrodru\u017estv\u00ed v pou\u0161ti 4x4!","og_url":"https:\/\/egytourpackages.com\/cs\/prohlidky\/safari-vylet-wadi-el-gemal-z-marsa-alam\/","og_site_name":"Z\u00e1jezdy po Egypt\u011b","article_publisher":"https:\/\/www.facebook.com\/egytourpackages","article_modified_time":"2026-02-11T14:26:37+00:00","og_image":[{"width":1800,"height":1200,"url":"https:\/\/egytourpackages.com\/wp-content\/uploads\/2025\/05\/Eastern-desert-Marsa-Alam.jpg","type":"image\/jpeg"}],"twitter_card":"summary_large_image","twitter_title":"Safari v\u00fdlet Wadi El Gemal z Marsa Alam","twitter_misc":{"Cena":"&euro;80","Dostupnost":"Skladem"},"schema":{"@context":"https:\/\/schema.org","@graph":[{"@type":"WebPage","@id":"https:\/\/egytourpackages.com\/cs\/prohlidky\/safari-vylet-wadi-el-gemal-z-marsa-alam\/","url":"https:\/\/egytourpackages.com\/cs\/prohlidky\/safari-vylet-wadi-el-gemal-z-marsa-alam\/","name":"Safari v\u00fdlet Wadi El Gemal z Marsa Alam","isPartOf":{"@id":"https:\/\/egytourpackages.com\/cs\/#website"},"primaryImageOfPage":{"@id":"https:\/\/egytourpackages.com\/cs\/prohlidky\/safari-vylet-wadi-el-gemal-z-marsa-alam\/#primaryimage"},"image":{"@id":"https:\/\/egytourpackages.com\/cs\/prohlidky\/safari-vylet-wadi-el-gemal-z-marsa-alam\/#primaryimage"},"thumbnailUrl":"https:\/\/egytourpackages.com\/wp-content\/uploads\/2025\/05\/Eastern-desert-Marsa-Alam.jpg","datePublished":"2025-05-25T16:32:39+00:00","dateModified":"2026-02-11T14:26:37+00:00","description":"Safari v\u00fdlet Wadi El Gemal z Marsa Alam : Prozkoumejte bedu\u00ednsk\u00e9 tradice, smaragdov\u00e9 doly a Kleopat\u0159in chr\u00e1m. Dobrodru\u017estv\u00ed v pou\u0161ti 4x4!","breadcrumb":{"@id":"https:\/\/egytourpackages.com\/cs\/prohlidky\/safari-vylet-wadi-el-gemal-z-marsa-alam\/#breadcrumb"},"inLanguage":"cs","potentialAction":[{"@type":"ReadAction","target":["https:\/\/egytourpackages.com\/cs\/prohlidky\/safari-vylet-wadi-el-gemal-z-marsa-alam\/"]}]},{"@type":"ImageObject","inLanguage":"cs","@id":"https:\/\/egytourpackages.com\/cs\/prohlidky\/safari-vylet-wadi-el-gemal-z-marsa-alam\/#primaryimage","url":"https:\/\/egytourpackages.com\/wp-content\/uploads\/2025\/05\/Eastern-desert-Marsa-Alam.jpg","contentUrl":"https:\/\/egytourpackages.com\/wp-content\/uploads\/2025\/05\/Eastern-desert-Marsa-Alam.jpg","width":1800,"height":1200,"caption":"Safari v\u00fdlet Wadi El Gemal z Marsa Alam"},{"@type":"BreadcrumbList","@id":"https:\/\/egytourpackages.com\/cs\/prohlidky\/safari-vylet-wadi-el-gemal-z-marsa-alam\/#breadcrumb","itemListElement":[{"@type":"ListItem","position":1,"name":"Dom\u016f","item":"https:\/\/egytourpackages.com\/cs\/balicky-vyletu-po-egypte\/"},{"@type":"ListItem","position":2,"name":"Shop","item":"https:\/\/egytourpackages.com\/cs\/shop\/"},{"@type":"ListItem","position":3,"name":"Safari v\u00fdlet Wadi El Gemal z Marsa Alam"}]},{"@type":"WebSite","@id":"https:\/\/egytourpackages.com\/cs\/#website","url":"https:\/\/egytourpackages.com\/cs\/","name":"Egy tour packages","description":"","publisher":{"@id":"https:\/\/egytourpackages.com\/cs\/#organization"},"potentialAction":[{"@type":"SearchAction","target":{"@type":"EntryPoint","urlTemplate":"https:\/\/egytourpackages.com\/cs\/?s={search_term_string}"},"query-input":{"@type":"PropertyValueSpecification","valueRequired":true,"valueName":"search_term_string"}}],"inLanguage":"cs"},{"@type":["Organization","Place","TravelAgency"],"@id":"https:\/\/egytourpackages.com\/cs\/#organization","name":"egypt tour packages","alternateName":"egypt tour packages","url":"https:\/\/egytourpackages.com\/cs\/","logo":{"@id":"https:\/\/egytourpackages.com\/cs\/prohlidky\/safari-vylet-wadi-el-gemal-z-marsa-alam\/#local-main-organization-logo"},"image":{"@id":"https:\/\/egytourpackages.com\/cs\/prohlidky\/safari-vylet-wadi-el-gemal-z-marsa-alam\/#local-main-organization-logo"},"sameAs":["https:\/\/www.facebook.com\/egytourpackages"],"legalName":"Egy tour packages","address":{"@id":"https:\/\/egytourpackages.com\/cs\/prohlidky\/safari-vylet-wadi-el-gemal-z-marsa-alam\/#local-main-place-address"},"telephone":["00201000852186","00201028685533"],"contactPoint":{"@type":"ContactPoint","telephone":"00201000852186"},"openingHoursSpecification":[{"@type":"OpeningHoursSpecification","dayOfWeek":["Monday","Tuesday","Wednesday","Thursday","Friday","Saturday","Sunday"],"opens":"00:00","closes":"23:59"}],"email":"info@egytourpackages.com","areaServed":"Cairo, Hurghada, Luxor, Sharm El Sheikh, Marsa Alam, Aswan","priceRange":"$","currenciesAccepted":"euro","paymentAccepted":"Payment links online"},{"@type":"PostalAddress","@id":"https:\/\/egytourpackages.com\/cs\/prohlidky\/safari-vylet-wadi-el-gemal-z-marsa-alam\/#local-main-place-address","streetAddress":"Mubarak 8, Al Kawthar District, Hurghada","addressLocality":"Hurghada","postalCode":"84511","addressRegion":"Red Sea","addressCountry":"EG"},{"@type":"ImageObject","inLanguage":"cs","@id":"https:\/\/egytourpackages.com\/cs\/prohlidky\/safari-vylet-wadi-el-gemal-z-marsa-alam\/#local-main-organization-logo","url":"https:\/\/egytourpackages.com\/wp-content\/uploads\/2025\/12\/Turquoise-Dahabiya-Nile-Cruise-1.jpeg","contentUrl":"https:\/\/egytourpackages.com\/wp-content\/uploads\/2025\/12\/Turquoise-Dahabiya-Nile-Cruise-1.jpeg","width":1040,"height":694,"caption":"egypt tour packages"}]},"product_brand":"Jednodenn\u00ed v\u00fdlety po Egypt\u011b","product_price_amount":"80","product_price_currency":"EUR","og_availability":"instock","product_availability":"instock","product_retailer_item_id":"MAT09","product_condition":"new","geo.placename":"Hurghada","geo.region":"Egypt"},"_links":{"self":[{"href":"https:\/\/egytourpackages.com\/cs\/wp-json\/wp\/v2\/product\/4524","targetHints":{"allow":["GET"]}}],"collection":[{"href":"https:\/\/egytourpackages.com\/cs\/wp-json\/wp\/v2\/product"}],"about":[{"href":"https:\/\/egytourpackages.com\/cs\/wp-json\/wp\/v2\/types\/product"}],"replies":[{"embeddable":true,"href":"https:\/\/egytourpackages.com\/cs\/wp-json\/wp\/v2\/comments?post=4524"}],"wp:featuredmedia":[{"embeddable":true,"href":"https:\/\/egytourpackages.com\/cs\/wp-json\/wp\/v2\/media\/3647"}],"wp:attachment":[{"href":"https:\/\/egytourpackages.com\/cs\/wp-json\/wp\/v2\/media?parent=4524"}],"wp:term":[{"taxonomy":"product_brand","embeddable":true,"href":"https:\/\/egytourpackages.com\/cs\/wp-json\/wp\/v2\/product_brand?post=4524"},{"taxonomy":"product_cat","embeddable":true,"href":"https:\/\/egytourpackages.com\/cs\/wp-json\/wp\/v2\/product_cat?post=4524"},{"taxonomy":"product_tag","embeddable":true,"href":"https:\/\/egytourpackages.com\/cs\/wp-json\/wp\/v2\/product_tag?post=4524"}],"curies":[{"name":"wp","href":"https:\/\/api.w.org\/{rel}","templated":true}]}}