{"id":4527,"date":"2023-08-25T13:03:52","date_gmt":"2023-08-25T13:03:52","guid":{"rendered":"https:\/\/egytourpackages.com\/product\/celodenni-vylet-dendera-a-abydos-z-luxoru\/"},"modified":"2026-01-09T12:04:14","modified_gmt":"2026-01-09T12:04:14","slug":"celodenni-vylet-dendera-a-abydos-z-luxoru","status":"publish","type":"product","link":"https:\/\/egytourpackages.com\/cs\/prohlidky\/celodenni-vylet-dendera-a-abydos-z-luxoru\/","title":{"rendered":"Celodenn\u00ed v\u00fdlet Dendera a Abydos z Luxoru"},"content":{"rendered":"<p><strong><span style=\"color: #ff6600;\">Celodenn\u00ed v\u00fdlet Dendera a Abydos z Luxoru<\/span><\/strong><\/p>\n<p><strong>Rezervujte si obohacuj\u00edc\u00ed Celodenn\u00ed v\u00fdlet Dendera a Abydos z Luxoru <\/strong>a prozkoumejte dva z nejkr\u00e1sn\u011bj\u0161\u00edch faraonsk\u00fdch chr\u00e1m\u016f b\u011bhem <strong>jednodenn\u00edch v\u00fdlet\u016f z Luxoru<\/strong>. Tento komplexn\u00ed <strong>z\u00e1jezd z Luxoru do Dendery a Abydu<\/strong> nab\u00edz\u00ed jedine\u010dnou p\u0159\u00edle\u017eitost prozkoumat chr\u00e1my z\u0159\u00eddka zahrnut\u00e9 do standardn\u00edch itiner\u00e1\u0159\u016f. Va\u0161e <strong>soukrom\u00e1 prohl\u00eddka Dendery a Abydu z Luxoru<\/strong> za\u010dne n\u00e1v\u0161t\u011bvou velkolep\u00e9ho <strong>chr\u00e1mu Hathor v Dendere u Luxoru<\/strong>, proslul\u00e9ho sv\u00fdm \u017eiv\u00fdm astronomick\u00fdm stropem a vyobrazen\u00edm <strong>Kleopatry VII<\/strong>. Pot\u00e9 se vyd\u00e1te do posv\u00e1tn\u00e9ho m\u011bsta Abydos, abyste prozkoumali hlubokou <strong>prohl\u00eddku chr\u00e1mu Abydos z Luxoru<\/strong>, konkr\u00e9tn\u011b p\u016fsobiv\u00fd <strong>chr\u00e1m Setiho I.<\/strong>, zn\u00e1m\u00fd sv\u00fdm slo\u017eit\u00fdm <strong>seznamem kr\u00e1l\u016f<\/strong> a ohromuj\u00edc\u00edmi reli\u00e9fy. Tato <strong>exkurze z Luxoru do Dendery a Abydu<\/strong> odhaluje um\u011bn\u00ed a hlubok\u00fd n\u00e1bo\u017eensk\u00fd v\u00fdznam starov\u011bk\u00e9ho Egypta daleko od dav\u016f, co\u017e zaji\u0161\u0165uje skute\u010dn\u011b nezapomenuteln\u00e9 historick\u00e9 pono\u0159en\u00ed.<\/p>\n<h3><span style=\"color: #ff6600;\">Detaily z\u00e1jezdu<\/span><\/h3>\n<ul>\n<li><strong>D\u00e9lka:<\/strong> 1 den<\/li>\n<li><strong>M\u00edsto kon\u00e1n\u00ed:<\/strong> Dendera \/ Abydos<\/li>\n<li><strong>Dostupnost z\u00e1jezdu:<\/strong> Denn\u011b<\/li>\n<li><strong>Vyzvednut\u00ed a odvoz:<\/strong> V\u00e1\u0161 hotel v Luxoru<\/li>\n<li><strong>Typ z\u00e1jezdu:<\/strong> Soukrom\u00fd<\/li>\n<li><strong>P\u0159\u00edstup pro voz\u00ed\u010dk\u00e1\u0159e:<\/strong> Ano<\/li>\n<\/ul>\n<h3><span style=\"color: #ff6600;\">Hlavn\u00ed atrakce<\/span><\/h3>\n<ul>\n<li>Hathor chr\u00e1m v Dendere<\/li>\n<li>Isisina kaple<\/li>\n<li>Krypty v Dendere<\/li>\n<li>Chr\u00e1m Setiho I. v Abydu<\/li>\n<li>Chr\u00e1m Osireion zven\u010d\u00ed<\/li>\n<li>Chr\u00e1m Ramesse II. v Abydu<\/li>\n<\/ul>\n<h3><span style=\"color: #ff6600;\">V cen\u011b<\/span><\/h3>\n<ul>\n<li>Zp\u00e1te\u010dn\u00ed transfer modern\u00edm klimatizovan\u00fdm vozidlem<\/li>\n<li><strong>Egyptologick\u00fd pr\u016fvodce<\/strong> (\u010desky mluv\u00edc\u00ed na vy\u017e\u00e1d\u00e1n\u00ed)<\/li>\n<li>Vstupn\u00e9 na v\u0161echny pam\u00e1tky<\/li>\n<li>Ob\u011bd v m\u00edstn\u00ed restauraci v Abydu<\/li>\n<\/ul>\n<h3><span style=\"color: #ff6600;\">Nen\u00ed v cen\u011b<\/span><\/h3>\n<ul>\n<li>N\u00e1poje b\u011bhem ob\u011bda<\/li>\n<li>Spropitn\u00e9<\/li>\n<\/ul>\n<h3><span style=\"color: #ff6600;\">Co si vz\u00edt s sebou<\/span><\/h3>\n<ul>\n<li>Klobouk, slune\u010dn\u00ed br\u00fdle a opalovac\u00ed kr\u00e9m<\/li>\n<li>Pohodln\u00e1 obuv a oble\u010den\u00ed<\/li>\n<li>N\u011bjak\u00e9 drobn\u00e9 na osobn\u00ed v\u00fddaje<\/li>\n<\/ul>\n<h3><span style=\"color: #ff6600;\">Itiner\u00e1\u0159<\/span><\/h3>\n<p>V\u00e1\u0161 den za\u010d\u00edn\u00e1 po vyzvednut\u00ed z hotelu v Luxoru a odjezdem k <strong>chr\u00e1mu Hathor v Dendere<\/strong>. Po p\u0159\u00edjezdu si vychutn\u00e1te vypr\u00e1v\u011bn\u00ed va\u0161eho pr\u016fvodce o <strong>starov\u011bk\u00e9 egyptsk\u00e9 mytologii<\/strong>. <strong>Dendersk\u00fd chr\u00e1m<\/strong> je vrcholem va\u0161eho <strong>z\u00e1jezdu z Luxoru do Dendery a Abydu<\/strong>, jeliko\u017e se jedn\u00e1 o jeden z nejl\u00e9pe zachoval\u00fdch chr\u00e1mov\u00fdch komplex\u016f v cel\u00e9m Egypt\u011b. Tento chr\u00e1m je ve skute\u010dnosti zasv\u011bcen bohyni Hathor, bo\u017estvu l\u00e1sky, hudby, radosti a plodnosti. <strong>Dendersk\u00fd chr\u00e1m<\/strong> skute\u010dn\u011b za\u010dal za <strong>Pepiho I.<\/strong> ze \u0160est\u00e9 dynastie, <strong>Star\u00e9 \u0159\u00ed\u0161e<\/strong>, pot\u00e9 <strong>Mentuhotep III.<\/strong>, <strong>Thutmose III.<\/strong>, Nectanebo II. a\u017e do \u0159\u00edmsk\u00e9 \u00e9ry.<\/p>\n<p>Mezit\u00edm mnoho \u0159\u00edmsk\u00fdch c\u00edsa\u0159\u016f p\u0159idalo k chr\u00e1mu, jako nap\u0159\u00edklad Domici\u00e1n, <strong>Traj\u00e1n<\/strong>, Claudius, Nero a <strong>Tiberius<\/strong>. Nav\u00edc reli\u00e9fy chr\u00e1mu Hathor ukazuj\u00ed <strong>starov\u011bk\u00e9 egyptsk\u00e9 festivaly<\/strong>, zejm\u00e9na kr\u00e1snou slavnost shled\u00e1n\u00ed mezi <strong>Horem z Edfu<\/strong> a Hathor z Dendery. Tak\u00e9 <strong>starov\u011bk\u00fd Nov\u00fd rok<\/strong> spolu s <strong>Dendersk\u00fdmi kryptami<\/strong> a <strong>znamen\u00edmi zv\u011brokruhu<\/strong> pat\u0159\u00ed mezi hlavn\u00ed atrakce chr\u00e1mu na <strong>z\u00e1jezdech do Egypta<\/strong>. D\u00e1le m\u00e1 Dendersk\u00fd chr\u00e1m 14 podzemn\u00edch krypt se slavn\u00fdm designem Dendersk\u00e9 \u017e\u00e1rovky. Krom\u011b toho je Dendera jedine\u010dn\u00e1 sv\u00fdm prominentn\u00edm zobrazen\u00edm <strong>Kleopatry VII.<\/strong> a jej\u00edho syna Caesariona na jedn\u00e9 z vn\u011bj\u0161\u00edch st\u011bn.<\/p>\n<p>Na konci va\u0161\u00ed prohl\u00eddky budete m\u00edt voln\u00fd \u010das na po\u0159\u00edzen\u00ed fotografi\u00ed, ne\u017e v\u00e1s odvezeme k dal\u0161\u00ed zast\u00e1vce, <strong>chr\u00e1mu Setiho I.<\/strong><\/p>\n<h3><span style=\"color: #ff6600;\">Chr\u00e1m Abydos <\/span><\/h3>\n<p>Po kr\u00e1tk\u00e9 j\u00edzd\u011b k <strong>chr\u00e1mu Abydos<\/strong> v\u00e1s ohrom\u00ed kr\u00e1sn\u00e1 barva <strong>chr\u00e1mu Abydos<\/strong> faraona Setiho I. na <strong>jednodenn\u00edch v\u00fdletech do Egypta<\/strong>. <strong>Prohl\u00eddka chr\u00e1mu Abydos z Luxoru<\/strong> se zam\u011b\u0159uje p\u0159edev\u0161\u00edm na velkolep\u00fd <strong>chr\u00e1m Setiho I.<\/strong>, mistrovsk\u00e9 d\u00edlo Nov\u00e9 \u0159\u00ed\u0161e a vrchol ka\u017ed\u00e9ho komplexn\u00edho <strong>z\u00e1jezdu z Luxoru do Dendery a Abydu<\/strong>.<\/p>\n<p>Abydos byl skute\u010dn\u011b hlavn\u00edm kultovn\u00edm centrem boha <strong>Osirise<\/strong>, o kter\u00e9m se v\u011b\u0159ilo, \u017ee je jeho poh\u0159ebi\u0161t\u011bm, co\u017e z n\u011bj \u010dinilo kl\u00ed\u010dov\u00e9 poutn\u00ed m\u00edsto pro starov\u011bk\u00e9 Egyp\u0165any hledaj\u00edc\u00ed po\u017eehn\u00e1n\u00ed pro posmrtn\u00fd \u017eivot. Prozkoumejte 7 svatyn\u00ed, jako jsou ty pro Hora, <strong>Isis<\/strong>, <strong>Osirise<\/strong>, Ptaha, Rahorachtyho, Amun-Reho a tak\u00e9 jednu pro samotn\u00e9ho Setiho. Kl\u00ed\u010dovou sou\u010d\u00e1st\u00ed chr\u00e1mu je tak\u00e9 slavn\u00fd <strong>Abydosk\u00fd seznam kr\u00e1l\u016f<\/strong> s kartu\u0161i 76 kr\u00e1l\u016f z <strong>p\u0159eddynastick\u00e9ho obdob\u00ed<\/strong>, od Menese a\u017e po samotn\u00e9ho Setiho.<\/p>\n<h3><span style=\"color: #ff6600;\">Osireion<\/span><\/h3>\n<p>Mimo hlavn\u00ed chr\u00e1m prozkoum\u00e1te tak\u00e9 z\u00e1hadn\u00e9 <strong>Osireion<\/strong>, jedine\u010dnou podzemn\u00ed megalitickou stavbu nach\u00e1zej\u00edc\u00ed se za chr\u00e1mem Setiho I., o kter\u00e9 se v\u011b\u0159ilo, \u017ee je symbolick\u00fdm hrobem samotn\u00e9ho Osirise.<\/p>\n<p>Tato <strong>soukrom\u00e1 prohl\u00eddka Dendery a Abydu z Luxoru<\/strong> nab\u00edz\u00ed klidn\u00fd a hluboce duchovn\u00ed z\u00e1\u017eitek, kter\u00fd v\u00e1m umo\u017en\u00ed spojit se s ko\u0159eny starov\u011bk\u00fdch egyptsk\u00fdch v\u00edr. Na konci va\u0161ich <strong>egyptsk\u00fdch z\u00e1jezd\u016f do Dendery a Abydu<\/strong> v\u00e1s odvezeme zp\u011bt do va\u0161eho hotelu v Luxoru.<\/p>\n<h3><span style=\"color: #ff6600;\">Cena Celodenn\u00ed v\u00fdlet Dendera a Abydos z Luxoru<\/span><\/h3>\n<ul>\n<li><strong>Cena pro dosp\u011bl\u00e9ho:<\/strong> 100 <strong>\u20ac<\/strong><\/li>\n<li><strong>D\u011bti 0-5 let:<\/strong> zdarma<\/li>\n<li><strong>D\u011bti 5-11 let:<\/strong> 50 % z ceny pro dosp\u011bl\u00e9ho<\/li>\n<\/ul>\n<h3><span style=\"color: #ff6600;\">Rezervace<\/span><\/h3>\n<p>Svou t\u00faru si m\u016f\u017eete rezervovat p\u0159es WhatsApp nebo n\u00e1m poslat e-mail a potvrzen\u00ed obdr\u017e\u00edte ihned. Pros\u00edm, za\u0161lete n\u00e1m n\u00e1zev va\u0161eho hotelu, \u010d\u00edslo pokoje, kopie pas\u016f.<\/p>\n<p><strong>WhatsApp:<\/strong> <strong>+201000852186<\/strong><\/p>\n<p><strong>E-mail:<\/strong> info@egytourpackages.com<\/p>\n<h3><span style=\"color: #ff6600;\">Rezervujte nyn\u00ed a zapla\u0165te na m\u00edst\u011b<\/span><\/h3>\n<p>Rezervujte si svou obl\u00edbenou t\u00faru a zapla\u0165te v den v\u00fdletu.<\/p>\n<h3><span style=\"color: #ff6600;\">Platba<\/span><\/h3>\n<p>Platit m\u016f\u017eete v <strong>egyptsk\u00fdch libr\u00e1ch, $, \u20ac nebo \u00a3<\/strong>.<\/p>\n<h3><span style=\"color: #ff6600;\">Storno podm\u00ednky<\/span><\/h3>\n<ul>\n<li>Zru\u0161en\u00ed je zdarma do 24 hodin p\u0159edem.<\/li>\n<li>Zru\u0161en\u00ed r\u00e1no v den z\u00e1jezdu je 50 % z ceny.<\/li>\n<\/ul>\n","protected":false},"excerpt":{"rendered":"<p>Objevte starov\u011bk\u00fd Egypt Celodenn\u00ed v\u00fdlet Dendera a Abydos z Luxoru. Prozkoumejte Hathor chr\u00e1m a chr\u00e1m Setiho I. Rezervujte si soukromou prohl\u00eddku!<\/p>\n","protected":false},"featured_media":2956,"comment_status":"open","ping_status":"closed","template":"","meta":[],"product_brand":[],"product_cat":[1466],"product_tag":[2342,2343],"class_list":{"0":"post-4527","1":"product","2":"type-product","3":"status-publish","4":"has-post-thumbnail","6":"product_cat-vylety","7":"product_tag-chram-abydos","8":"product_tag-chram-dendera","9":"tour_category-jednodenni-vylet-do-luxoru","10":"tour_category-jednodenni-vylety-po-egypte-cs","12":"first","13":"instock","14":"sale","15":"shipping-taxable","16":"purchasable","17":"product-type-tour","18":"has-default-attributes"},"yoast_head":"<!-- This site is optimized with the Yoast SEO Premium plugin v27.4 (Yoast SEO v27.4) - https:\/\/yoast.com\/product\/yoast-seo-premium-wordpress\/ -->\n<title>Celodenn\u00ed v\u00fdlet Dendera a Abydos z Luxoru<\/title>\n<meta name=\"description\" content=\"Objevte starov\u011bk\u00fd Egypt s celodenn\u00edm v\u00fdletem do Dendery a Abydu z Luxoru. Prozkoumejte Hathor chr\u00e1m a chr\u00e1m Setiho I. Rezervujte si soukromou prohl\u00eddku!\" \/>\n<meta name=\"robots\" content=\"index, follow, max-snippet:-1, max-image-preview:large, max-video-preview:-1\" \/>\n<link rel=\"canonical\" href=\"https:\/\/egytourpackages.com\/cs\/prohlidky\/celodenni-vylet-dendera-a-abydos-z-luxoru\/\" \/>\n<meta property=\"og:locale\" content=\"cs_CZ\" \/>\n<meta property=\"og:type\" content=\"article\" \/>\n<meta property=\"og:title\" content=\"Celodenn\u00ed v\u00fdlet Dendera a Abydos z Luxoru\" \/>\n<meta property=\"og:description\" content=\"Objevte starov\u011bk\u00fd Egypt s celodenn\u00edm v\u00fdletem do Dendery a Abydu z Luxoru. Prozkoumejte Hathor chr\u00e1m a chr\u00e1m Setiho I. Rezervujte si soukromou prohl\u00eddku!\" \/>\n<meta property=\"og:url\" content=\"https:\/\/egytourpackages.com\/cs\/prohlidky\/celodenni-vylet-dendera-a-abydos-z-luxoru\/\" \/>\n<meta property=\"og:site_name\" content=\"Z\u00e1jezdy po Egypt\u011b\" \/>\n<meta property=\"article:publisher\" content=\"https:\/\/www.facebook.com\/egytourpackages\" \/>\n<meta property=\"article:modified_time\" content=\"2026-01-09T12:04:14+00:00\" \/>\n<meta property=\"og:image\" content=\"https:\/\/egytourpackages.com\/wp-content\/uploads\/2023\/08\/Dendera-temple-Qena-1024x768.jpg\" \/>\n<meta name=\"twitter:card\" content=\"summary_large_image\" \/>\n<meta name=\"twitter:title\" content=\"Celodenn\u00ed v\u00fdlet Dendera a Abydos z Luxoru\" \/>\n<meta name=\"twitter:description\" content=\"Objevte starov\u011bk\u00fd Egypt s celodenn\u00edm v\u00fdletem do Dendery a Abydu z Luxoru. Prozkoumejte Hathor chr\u00e1m a chr\u00e1m Setiho I. Rezervujte si soukromou prohl\u00eddku!\" \/>\n<meta name=\"twitter:image\" content=\"https:\/\/egytourpackages.com\/wp-content\/uploads\/2023\/08\/Dendera-temple-Qena-1024x768.jpg\" \/>\n<meta name=\"twitter:label1\" content=\"Cena\" \/>\n\t<meta name=\"twitter:data1\" content=\"&euro;100\" \/>\n\t<meta name=\"twitter:label2\" content=\"Dostupnost\" \/>\n\t<meta name=\"twitter:data2\" content=\"Skladem\" \/>\n<script type=\"application\/ld+json\" class=\"yoast-schema-graph\">{\"@context\":\"https:\\\/\\\/schema.org\",\"@graph\":[{\"@type\":\"WebPage\",\"@id\":\"https:\\\/\\\/egytourpackages.com\\\/cs\\\/prohlidky\\\/celodenni-vylet-dendera-a-abydos-z-luxoru\\\/\",\"url\":\"https:\\\/\\\/egytourpackages.com\\\/cs\\\/prohlidky\\\/celodenni-vylet-dendera-a-abydos-z-luxoru\\\/\",\"name\":\"Celodenn\u00ed v\u00fdlet Dendera a Abydos z Luxoru\",\"isPartOf\":{\"@id\":\"https:\\\/\\\/egytourpackages.com\\\/cs\\\/#website\"},\"primaryImageOfPage\":{\"@id\":\"https:\\\/\\\/egytourpackages.com\\\/cs\\\/prohlidky\\\/celodenni-vylet-dendera-a-abydos-z-luxoru\\\/#primaryimage\"},\"image\":{\"@id\":\"https:\\\/\\\/egytourpackages.com\\\/cs\\\/prohlidky\\\/celodenni-vylet-dendera-a-abydos-z-luxoru\\\/#primaryimage\"},\"thumbnailUrl\":\"https:\\\/\\\/egytourpackages.com\\\/wp-content\\\/uploads\\\/2023\\\/08\\\/Dendera-temple-Qena.jpg\",\"datePublished\":\"2023-08-25T13:03:52+00:00\",\"dateModified\":\"2026-01-09T12:04:14+00:00\",\"description\":\"Objevte starov\u011bk\u00fd Egypt s celodenn\u00edm v\u00fdletem do Dendery a Abydu z Luxoru. Prozkoumejte Hathor chr\u00e1m a chr\u00e1m Setiho I. Rezervujte si soukromou prohl\u00eddku!\",\"breadcrumb\":{\"@id\":\"https:\\\/\\\/egytourpackages.com\\\/cs\\\/prohlidky\\\/celodenni-vylet-dendera-a-abydos-z-luxoru\\\/#breadcrumb\"},\"inLanguage\":\"cs\",\"potentialAction\":[{\"@type\":\"ReadAction\",\"target\":[\"https:\\\/\\\/egytourpackages.com\\\/cs\\\/prohlidky\\\/celodenni-vylet-dendera-a-abydos-z-luxoru\\\/\"]}]},{\"@type\":\"ImageObject\",\"inLanguage\":\"cs\",\"@id\":\"https:\\\/\\\/egytourpackages.com\\\/cs\\\/prohlidky\\\/celodenni-vylet-dendera-a-abydos-z-luxoru\\\/#primaryimage\",\"url\":\"https:\\\/\\\/egytourpackages.com\\\/wp-content\\\/uploads\\\/2023\\\/08\\\/Dendera-temple-Qena.jpg\",\"contentUrl\":\"https:\\\/\\\/egytourpackages.com\\\/wp-content\\\/uploads\\\/2023\\\/08\\\/Dendera-temple-Qena.jpg\",\"width\":2000,\"height\":1500,\"caption\":\"Chr\u00e1m Dendera , Qena\"},{\"@type\":\"BreadcrumbList\",\"@id\":\"https:\\\/\\\/egytourpackages.com\\\/cs\\\/prohlidky\\\/celodenni-vylet-dendera-a-abydos-z-luxoru\\\/#breadcrumb\",\"itemListElement\":[{\"@type\":\"ListItem\",\"position\":1,\"name\":\"Dom\u016f\",\"item\":\"https:\\\/\\\/egytourpackages.com\\\/cs\\\/balicky-vyletu-po-egypte\\\/\"},{\"@type\":\"ListItem\",\"position\":2,\"name\":\"Shop\",\"item\":\"https:\\\/\\\/egytourpackages.com\\\/cs\\\/shop\\\/\"},{\"@type\":\"ListItem\",\"position\":3,\"name\":\"Celodenn\u00ed v\u00fdlet Dendera a Abydos z Luxoru\"}]},{\"@type\":\"WebSite\",\"@id\":\"https:\\\/\\\/egytourpackages.com\\\/cs\\\/#website\",\"url\":\"https:\\\/\\\/egytourpackages.com\\\/cs\\\/\",\"name\":\"Egy tour packages\",\"description\":\"\",\"publisher\":{\"@id\":\"https:\\\/\\\/egytourpackages.com\\\/cs\\\/#organization\"},\"potentialAction\":[{\"@type\":\"SearchAction\",\"target\":{\"@type\":\"EntryPoint\",\"urlTemplate\":\"https:\\\/\\\/egytourpackages.com\\\/cs\\\/?s={search_term_string}\"},\"query-input\":{\"@type\":\"PropertyValueSpecification\",\"valueRequired\":true,\"valueName\":\"search_term_string\"}}],\"inLanguage\":\"cs\"},{\"@type\":[\"Organization\",\"Place\",\"TravelAgency\"],\"@id\":\"https:\\\/\\\/egytourpackages.com\\\/cs\\\/#organization\",\"name\":\"egypt tour packages\",\"alternateName\":\"egypt tour packages\",\"url\":\"https:\\\/\\\/egytourpackages.com\\\/cs\\\/\",\"logo\":{\"@id\":\"https:\\\/\\\/egytourpackages.com\\\/cs\\\/prohlidky\\\/celodenni-vylet-dendera-a-abydos-z-luxoru\\\/#local-main-organization-logo\"},\"image\":{\"@id\":\"https:\\\/\\\/egytourpackages.com\\\/cs\\\/prohlidky\\\/celodenni-vylet-dendera-a-abydos-z-luxoru\\\/#local-main-organization-logo\"},\"sameAs\":[\"https:\\\/\\\/www.facebook.com\\\/egytourpackages\"],\"legalName\":\"Egy tour packages\",\"address\":{\"@id\":\"https:\\\/\\\/egytourpackages.com\\\/cs\\\/prohlidky\\\/celodenni-vylet-dendera-a-abydos-z-luxoru\\\/#local-main-place-address\"},\"telephone\":[\"00201000852186\",\"00201028685533\"],\"contactPoint\":{\"@type\":\"ContactPoint\",\"telephone\":\"00201000852186\"},\"openingHoursSpecification\":[{\"@type\":\"OpeningHoursSpecification\",\"dayOfWeek\":[\"Monday\",\"Tuesday\",\"Wednesday\",\"Thursday\",\"Friday\",\"Saturday\",\"Sunday\"],\"opens\":\"00:00\",\"closes\":\"23:59\"}],\"email\":\"info@egytourpackages.com\",\"areaServed\":\"Cairo, Hurghada, Luxor, Sharm El Sheikh, Marsa Alam, Aswan\",\"priceRange\":\"$\",\"currenciesAccepted\":\"euro\",\"paymentAccepted\":\"Payment links online\"},{\"@type\":\"PostalAddress\",\"@id\":\"https:\\\/\\\/egytourpackages.com\\\/cs\\\/prohlidky\\\/celodenni-vylet-dendera-a-abydos-z-luxoru\\\/#local-main-place-address\",\"streetAddress\":\"Mubarak 8, Al Kawthar District, Hurghada\",\"addressLocality\":\"Hurghada\",\"postalCode\":\"84511\",\"addressRegion\":\"Red Sea\",\"addressCountry\":\"EG\"},{\"@type\":\"ImageObject\",\"inLanguage\":\"cs\",\"@id\":\"https:\\\/\\\/egytourpackages.com\\\/cs\\\/prohlidky\\\/celodenni-vylet-dendera-a-abydos-z-luxoru\\\/#local-main-organization-logo\",\"url\":\"https:\\\/\\\/egytourpackages.com\\\/wp-content\\\/uploads\\\/2025\\\/12\\\/Turquoise-Dahabiya-Nile-Cruise-1.jpeg\",\"contentUrl\":\"https:\\\/\\\/egytourpackages.com\\\/wp-content\\\/uploads\\\/2025\\\/12\\\/Turquoise-Dahabiya-Nile-Cruise-1.jpeg\",\"width\":1040,\"height\":694,\"caption\":\"egypt tour packages\"}]}<\/script>\n<meta property=\"product:brand\" content=\"Jednodenn\u00ed v\u00fdlet do Luxoru\" \/>\n<meta property=\"product:price:amount\" content=\"100\" \/>\n<meta property=\"product:price:currency\" content=\"EUR\" \/>\n<meta property=\"og:availability\" content=\"instock\" \/>\n<meta property=\"product:availability\" content=\"instock\" \/>\n<meta property=\"product:retailer_item_id\" content=\"LDT01\" \/>\n<meta property=\"product:condition\" content=\"new\" \/>\n<meta name=\"geo.placename\" content=\"Hurghada\" \/>\n<meta name=\"geo.region\" content=\"Egypt\" \/>\n<!-- \/ Yoast SEO Premium plugin. -->","yoast_head_json":{"title":"Celodenn\u00ed v\u00fdlet Dendera a Abydos z Luxoru","description":"Objevte starov\u011bk\u00fd Egypt s celodenn\u00edm v\u00fdletem do Dendery a Abydu z Luxoru. Prozkoumejte Hathor chr\u00e1m a chr\u00e1m Setiho I. Rezervujte si soukromou prohl\u00eddku!","robots":{"index":"index","follow":"follow","max-snippet":"max-snippet:-1","max-image-preview":"max-image-preview:large","max-video-preview":"max-video-preview:-1"},"canonical":"https:\/\/egytourpackages.com\/cs\/prohlidky\/celodenni-vylet-dendera-a-abydos-z-luxoru\/","og_locale":"cs_CZ","og_type":"article","og_title":"Celodenn\u00ed v\u00fdlet Dendera a Abydos z Luxoru","og_description":"Objevte starov\u011bk\u00fd Egypt s celodenn\u00edm v\u00fdletem do Dendery a Abydu z Luxoru. Prozkoumejte Hathor chr\u00e1m a chr\u00e1m Setiho I. Rezervujte si soukromou prohl\u00eddku!","og_url":"https:\/\/egytourpackages.com\/cs\/prohlidky\/celodenni-vylet-dendera-a-abydos-z-luxoru\/","og_site_name":"Z\u00e1jezdy po Egypt\u011b","article_publisher":"https:\/\/www.facebook.com\/egytourpackages","article_modified_time":"2026-01-09T12:04:14+00:00","og_image":[{"url":"https:\/\/egytourpackages.com\/wp-content\/uploads\/2023\/08\/Dendera-temple-Qena-1024x768.jpg","type":"","width":"","height":""}],"twitter_card":"summary_large_image","twitter_title":"Celodenn\u00ed v\u00fdlet Dendera a Abydos z Luxoru","twitter_description":"Objevte starov\u011bk\u00fd Egypt s celodenn\u00edm v\u00fdletem do Dendery a Abydu z Luxoru. Prozkoumejte Hathor chr\u00e1m a chr\u00e1m Setiho I. Rezervujte si soukromou prohl\u00eddku!","twitter_image":"https:\/\/egytourpackages.com\/wp-content\/uploads\/2023\/08\/Dendera-temple-Qena-1024x768.jpg","twitter_misc":{"Cena":"&euro;100","Dostupnost":"Skladem"},"schema":{"@context":"https:\/\/schema.org","@graph":[{"@type":"WebPage","@id":"https:\/\/egytourpackages.com\/cs\/prohlidky\/celodenni-vylet-dendera-a-abydos-z-luxoru\/","url":"https:\/\/egytourpackages.com\/cs\/prohlidky\/celodenni-vylet-dendera-a-abydos-z-luxoru\/","name":"Celodenn\u00ed v\u00fdlet Dendera a Abydos z Luxoru","isPartOf":{"@id":"https:\/\/egytourpackages.com\/cs\/#website"},"primaryImageOfPage":{"@id":"https:\/\/egytourpackages.com\/cs\/prohlidky\/celodenni-vylet-dendera-a-abydos-z-luxoru\/#primaryimage"},"image":{"@id":"https:\/\/egytourpackages.com\/cs\/prohlidky\/celodenni-vylet-dendera-a-abydos-z-luxoru\/#primaryimage"},"thumbnailUrl":"https:\/\/egytourpackages.com\/wp-content\/uploads\/2023\/08\/Dendera-temple-Qena.jpg","datePublished":"2023-08-25T13:03:52+00:00","dateModified":"2026-01-09T12:04:14+00:00","description":"Objevte starov\u011bk\u00fd Egypt s celodenn\u00edm v\u00fdletem do Dendery a Abydu z Luxoru. Prozkoumejte Hathor chr\u00e1m a chr\u00e1m Setiho I. Rezervujte si soukromou prohl\u00eddku!","breadcrumb":{"@id":"https:\/\/egytourpackages.com\/cs\/prohlidky\/celodenni-vylet-dendera-a-abydos-z-luxoru\/#breadcrumb"},"inLanguage":"cs","potentialAction":[{"@type":"ReadAction","target":["https:\/\/egytourpackages.com\/cs\/prohlidky\/celodenni-vylet-dendera-a-abydos-z-luxoru\/"]}]},{"@type":"ImageObject","inLanguage":"cs","@id":"https:\/\/egytourpackages.com\/cs\/prohlidky\/celodenni-vylet-dendera-a-abydos-z-luxoru\/#primaryimage","url":"https:\/\/egytourpackages.com\/wp-content\/uploads\/2023\/08\/Dendera-temple-Qena.jpg","contentUrl":"https:\/\/egytourpackages.com\/wp-content\/uploads\/2023\/08\/Dendera-temple-Qena.jpg","width":2000,"height":1500,"caption":"Chr\u00e1m Dendera , Qena"},{"@type":"BreadcrumbList","@id":"https:\/\/egytourpackages.com\/cs\/prohlidky\/celodenni-vylet-dendera-a-abydos-z-luxoru\/#breadcrumb","itemListElement":[{"@type":"ListItem","position":1,"name":"Dom\u016f","item":"https:\/\/egytourpackages.com\/cs\/balicky-vyletu-po-egypte\/"},{"@type":"ListItem","position":2,"name":"Shop","item":"https:\/\/egytourpackages.com\/cs\/shop\/"},{"@type":"ListItem","position":3,"name":"Celodenn\u00ed v\u00fdlet Dendera a Abydos z Luxoru"}]},{"@type":"WebSite","@id":"https:\/\/egytourpackages.com\/cs\/#website","url":"https:\/\/egytourpackages.com\/cs\/","name":"Egy tour packages","description":"","publisher":{"@id":"https:\/\/egytourpackages.com\/cs\/#organization"},"potentialAction":[{"@type":"SearchAction","target":{"@type":"EntryPoint","urlTemplate":"https:\/\/egytourpackages.com\/cs\/?s={search_term_string}"},"query-input":{"@type":"PropertyValueSpecification","valueRequired":true,"valueName":"search_term_string"}}],"inLanguage":"cs"},{"@type":["Organization","Place","TravelAgency"],"@id":"https:\/\/egytourpackages.com\/cs\/#organization","name":"egypt tour packages","alternateName":"egypt tour packages","url":"https:\/\/egytourpackages.com\/cs\/","logo":{"@id":"https:\/\/egytourpackages.com\/cs\/prohlidky\/celodenni-vylet-dendera-a-abydos-z-luxoru\/#local-main-organization-logo"},"image":{"@id":"https:\/\/egytourpackages.com\/cs\/prohlidky\/celodenni-vylet-dendera-a-abydos-z-luxoru\/#local-main-organization-logo"},"sameAs":["https:\/\/www.facebook.com\/egytourpackages"],"legalName":"Egy tour packages","address":{"@id":"https:\/\/egytourpackages.com\/cs\/prohlidky\/celodenni-vylet-dendera-a-abydos-z-luxoru\/#local-main-place-address"},"telephone":["00201000852186","00201028685533"],"contactPoint":{"@type":"ContactPoint","telephone":"00201000852186"},"openingHoursSpecification":[{"@type":"OpeningHoursSpecification","dayOfWeek":["Monday","Tuesday","Wednesday","Thursday","Friday","Saturday","Sunday"],"opens":"00:00","closes":"23:59"}],"email":"info@egytourpackages.com","areaServed":"Cairo, Hurghada, Luxor, Sharm El Sheikh, Marsa Alam, Aswan","priceRange":"$","currenciesAccepted":"euro","paymentAccepted":"Payment links online"},{"@type":"PostalAddress","@id":"https:\/\/egytourpackages.com\/cs\/prohlidky\/celodenni-vylet-dendera-a-abydos-z-luxoru\/#local-main-place-address","streetAddress":"Mubarak 8, Al Kawthar District, Hurghada","addressLocality":"Hurghada","postalCode":"84511","addressRegion":"Red Sea","addressCountry":"EG"},{"@type":"ImageObject","inLanguage":"cs","@id":"https:\/\/egytourpackages.com\/cs\/prohlidky\/celodenni-vylet-dendera-a-abydos-z-luxoru\/#local-main-organization-logo","url":"https:\/\/egytourpackages.com\/wp-content\/uploads\/2025\/12\/Turquoise-Dahabiya-Nile-Cruise-1.jpeg","contentUrl":"https:\/\/egytourpackages.com\/wp-content\/uploads\/2025\/12\/Turquoise-Dahabiya-Nile-Cruise-1.jpeg","width":1040,"height":694,"caption":"egypt tour packages"}]},"product_brand":"Jednodenn\u00ed v\u00fdlet do Luxoru","product_price_amount":"100","product_price_currency":"EUR","og_availability":"instock","product_availability":"instock","product_retailer_item_id":"LDT01","product_condition":"new","geo.placename":"Hurghada","geo.region":"Egypt"},"_links":{"self":[{"href":"https:\/\/egytourpackages.com\/cs\/wp-json\/wp\/v2\/product\/4527","targetHints":{"allow":["GET"]}}],"collection":[{"href":"https:\/\/egytourpackages.com\/cs\/wp-json\/wp\/v2\/product"}],"about":[{"href":"https:\/\/egytourpackages.com\/cs\/wp-json\/wp\/v2\/types\/product"}],"replies":[{"embeddable":true,"href":"https:\/\/egytourpackages.com\/cs\/wp-json\/wp\/v2\/comments?post=4527"}],"wp:featuredmedia":[{"embeddable":true,"href":"https:\/\/egytourpackages.com\/cs\/wp-json\/wp\/v2\/media\/2956"}],"wp:attachment":[{"href":"https:\/\/egytourpackages.com\/cs\/wp-json\/wp\/v2\/media?parent=4527"}],"wp:term":[{"taxonomy":"product_brand","embeddable":true,"href":"https:\/\/egytourpackages.com\/cs\/wp-json\/wp\/v2\/product_brand?post=4527"},{"taxonomy":"product_cat","embeddable":true,"href":"https:\/\/egytourpackages.com\/cs\/wp-json\/wp\/v2\/product_cat?post=4527"},{"taxonomy":"product_tag","embeddable":true,"href":"https:\/\/egytourpackages.com\/cs\/wp-json\/wp\/v2\/product_tag?post=4527"}],"curies":[{"name":"wp","href":"https:\/\/api.w.org\/{rel}","templated":true}]}}