{"id":4530,"date":"2024-07-19T17:14:10","date_gmt":"2024-07-19T17:14:10","guid":{"rendered":"https:\/\/egytourpackages.com\/product\/horkovzdusny-balon-luxor-z-hurghady\/"},"modified":"2026-01-06T09:44:11","modified_gmt":"2026-01-06T09:44:11","slug":"horkovzdusny-balon-luxor-z-hurghady","status":"publish","type":"product","link":"https:\/\/egytourpackages.com\/cs\/prohlidky\/horkovzdusny-balon-luxor-z-hurghady\/","title":{"rendered":"Horkovzdu\u0161n\u00fd bal\u00f3n luxor z Hurghady"},"content":{"rendered":"<p><strong><span style=\"color: #ff6600;\">Horkovzdu\u0161n\u00fd bal\u00f3n luxor z Hurghady (s p\u0159enocov\u00e1n\u00edm)<\/span><\/strong><\/p>\n<p>Horkovzdu\u0161n\u00fd bal\u00f3n luxor z Hurghady je ur\u010den pro ty, kte\u0159\u00ed si cht\u011bj\u00ed u\u017e\u00edt <strong>let balonem nad Luxorem<\/strong> a z\u00e1rove\u0148 necht\u011bj\u00ed p\u0159ij\u00edt o aktivity u <strong>Rud\u00e9ho mo\u0159e<\/strong>. <strong>Egy Tour Packages<\/strong> nab\u00edz\u00ed tento <strong>popul\u00e1rn\u00ed jednodenn\u00ed v\u00fdlet do Luxoru z Hurghady<\/strong>, kter\u00fd kombinuje pohodl\u00ed s dechberouc\u00edmi v\u00fdhledy na egyptsk\u00e9 historick\u00e9 poklady z pta\u010d\u00ed perspektivy. Bu\u010fte sv\u011bdky velkolep\u00e9ho v\u00fdchodu slunce nad <strong>\u00dadol\u00edm kr\u00e1l\u016f<\/strong>, <strong>chr\u00e1mem kr\u00e1lovny Hat\u0161epsut<\/strong>, <strong>Memnonov\u00fdmi kolosy<\/strong> a <strong>Ramesseum<\/strong> z jedine\u010dn\u00e9 perspektivy. Tato <strong>exkurze z Hurghady<\/strong> za\u010d\u00edn\u00e1 na konci dne z Hurghady a n\u00e1vrat je n\u00e1sleduj\u00edc\u00ed den kolem 14:00. Ve skute\u010dnosti tyto <strong>egyptsk\u00e9 z\u00e1jezdov\u00e9 bal\u00ed\u010dky<\/strong> zahrnuj\u00ed soukrom\u00fd transfer, soukrom\u00e9ho pr\u016fvodce v Luxoru, ale sd\u00edlen\u00fd let balonem s ostatn\u00edmi brzy r\u00e1no. Nenechte si tedy uj\u00edt tuto p\u0159\u00edle\u017eitost p\u0159idat skute\u010dn\u011b kouzeln\u00fd <strong>let balonem z Hurghady do Luxoru<\/strong> k va\u0161emu egyptsk\u00e9mu dobrodru\u017estv\u00ed, po\u0159\u00eddit neuv\u011b\u0159iteln\u00e9 fotografie a vytvo\u0159it si vzpom\u00ednky, kter\u00e9 vydr\u017e\u00ed po cel\u00fd \u017eivot.<\/p>\n<h3><span style=\"color: #ff6600;\">Detaily z\u00e1jezdu<\/span><\/h3>\n<ul>\n<li><strong>D\u00e9lka:<\/strong> 1 noc<\/li>\n<li><strong>M\u00edsto kon\u00e1n\u00ed:<\/strong> Luxor<\/li>\n<li><strong>Dostupnost z\u00e1jezdu:<\/strong> Denn\u011b<\/li>\n<li><strong>Vyzvednut\u00ed a odvoz:<\/strong> Hotely v Hurghad\u011b \/ hotely v El Goun\u011b \/ hotely v Makadi Bay \/ hotely v Soma Bay \/ hotely v Sahl Hasheeshi<\/li>\n<li><strong>Typ z\u00e1jezdu:<\/strong> Soukrom\u00fd<\/li>\n<li><strong>Vhodn\u00e9 pro:<\/strong> P\u00e1ry, rodiny, seniory, jednotlivce<\/li>\n<li><strong>P\u0159\u00edstup pro voz\u00ed\u010dk\u00e1\u0159e:<\/strong> Ano<\/li>\n<\/ul>\n<h3><span style=\"color: #ff6600;\">Hlavn\u00ed atrakce<\/span><\/h3>\n<ul>\n<li><strong>Let horkovzdu\u0161n\u00fdm balonem<\/strong><\/li>\n<li><strong>\u00dadol\u00ed kr\u00e1l\u016f<\/strong><\/li>\n<\/ul>\n<h3><span style=\"color: #ff6600;\">V cen\u011b<\/span><\/h3>\n<ul>\n<li>Zp\u00e1te\u010dn\u00ed transfer klimatizovan\u00fdm vozidlem<\/li>\n<li>1 noc ubytov\u00e1n\u00ed v hotelu v Luxoru s ve\u010de\u0159\u00ed<\/li>\n<li>Soukrom\u00fd archeologick\u00fd pr\u016fvodce<\/li>\n<li>Vstupn\u00e9 na v\u0161echny pam\u00e1tky<\/li>\n<li>Let horkovzdu\u0161n\u00fdm balonem<\/li>\n<\/ul>\n<h3><span style=\"color: #ff6600;\">Nen\u00ed v cen\u011b<\/span><\/h3>\n<ul>\n<li>N\u00e1poje b\u011bhem ob\u011bda<\/li>\n<li>Vstupn\u00e9 do jak\u00e9koli dal\u0161\u00ed hrobky v \u00dadol\u00ed kr\u00e1l\u016f, jako jsou KV9, KV17 a KV62 \u2013 Tutanchamonova hrobka (fakultativn\u011b)<\/li>\n<li>J\u00edzda felukou (fakultativn\u011b)<\/li>\n<li>Spropitn\u00e9<\/li>\n<\/ul>\n<h3><span style=\"color: #ff6600;\">Co si vz\u00edt s sebou<\/span><\/h3>\n<ul>\n<li>Cestovn\u00ed pas<\/li>\n<li>Klobouk, slune\u010dn\u00ed br\u00fdle a opalovac\u00ed kr\u00e9m<\/li>\n<li>Pohodln\u00e1 obuv a oble\u010den\u00ed<\/li>\n<li>Tepl\u00e9 oble\u010den\u00ed v zim\u011b<\/li>\n<\/ul>\n<h2><span style=\"color: #ff6600;\">Itiner\u00e1\u0159<\/span><\/h2>\n<p>Setkejte se se sv\u00fdm \u0159idi\u010dem v hotelov\u00e9 hale kolem 16:00, abyste zah\u00e1jili cestu do Luxoru. Vzd\u00e1lenost mezi Hurghadou a Luxorem je asi 300 km a cesta trv\u00e1 p\u0159ibli\u017en\u011b 4 hodiny j\u00edzdy s p\u0159est\u00e1vkou na k\u00e1vu. Program bude n\u00e1sleduj\u00edc\u00ed:<\/p>\n<ul>\n<li><strong>16:00:<\/strong> Vyzvednut\u00ed v hotelov\u00e9 hale<\/li>\n<li><strong>17:00:<\/strong> Pr\u016fjezd kontroln\u00edm bodem Safaga a zah\u00e1jen\u00ed cesty do Luxoru<\/li>\n<li><strong>18:00:<\/strong> P\u0159est\u00e1vka na k\u00e1vu<\/li>\n<li><strong>20:00:<\/strong> P\u0159\u00edjezd do hotelu v Luxoru a ubytov\u00e1n\u00ed<\/li>\n<li><strong>21:00:<\/strong> Ve\u010de\u0159e v hotelu a p\u0159enocov\u00e1n\u00ed<\/li>\n<\/ul>\n<p><strong>Strava:<\/strong> Ve\u010de\u0159e<\/p>\n<h3><span style=\"color: #ff6600;\">Den 2: Luxor \u2013 Hurghada<\/span><\/h3>\n<ul>\n<li><strong>04:00:<\/strong> Vyzvednut\u00ed na let horkovzdu\u0161n\u00fdm balonem<\/li>\n<\/ul>\n<p>Budete vyzvednuti ve va\u0161\u00ed hotelov\u00e9 hale a p\u0159evezeni k nilsk\u00e9mu p\u0159\u00edstavi\u0161ti, abyste motorov\u00fdm \u010dlunem p\u0159epluli Nil na z\u00e1padn\u00ed b\u0159eh Luxoru. Op\u011bt budete p\u0159evezeni na m\u00edsto startu, abyste let\u011bli horkovzdu\u0161n\u00fdm balonem nad z\u00e1padn\u00edm b\u0159ehem Luxoru. Z v\u00fd\u0161ky m\u016f\u017eete snadno pozorovat <strong>\u00dadol\u00ed kr\u00e1l\u016f<\/strong>, <strong>Hat\u0161epsutin chr\u00e1m<\/strong>, <strong>Ramesseum<\/strong>, <strong>Memnonovy kolosy<\/strong> a <strong>Medinet Habu<\/strong>. Tak\u00e9 uvid\u00edte <strong>hrobky \u0161lechtic\u016f<\/strong>, <strong>\u00dadol\u00ed kr\u00e1loven<\/strong> a <strong>Deir El Medina<\/strong> z v\u00fd\u0161ky.<\/p>\n<p><strong>Na konci va\u0161eho dobrodru\u017estv\u00ed budete p\u0159\u00edmo p\u0159evezeni do va\u0161eho hotelu na sn\u00eddani.<\/strong><\/p>\n<ul>\n<li><strong>05:00:<\/strong> Zah\u00e1jen\u00ed startu nad z\u00e1padn\u00edm b\u0159ehem Luxoru<\/li>\n<li><strong>06:00:<\/strong> P\u0159ist\u00e1n\u00ed na z\u00e1padn\u00edm b\u0159ehu Luxoru<\/li>\n<li><strong>07:00:<\/strong> Sn\u00eddan\u011b v hotelu<\/li>\n<li><strong>08:00:<\/strong> Odhl\u00e1\u0161en\u00ed a zah\u00e1jen\u00ed va\u0161\u00ed n\u00e1v\u0161t\u011bvy<\/li>\n<li><strong>08:30:<\/strong> <strong>\u00dadol\u00ed kr\u00e1l\u016f<\/strong><\/li>\n<li><strong>10:00:<\/strong> Zah\u00e1jen\u00ed cesty zp\u011bt do va\u0161eho hotelu v Hurghad<\/li>\n<\/ul>\n<h3><span style=\"color: #ff6600;\">Cena Horkovzdu\u0161n\u00fd bal\u00f3n luxor z Hurghady<\/span><\/h3>\n<p>Cena pro dosp\u011bl\u00e9ho: 350 <strong>\u20ac<\/strong><\/p>\n<p>2 osoby:\u2217\u2217230 na osobu<\/p>\n<p>3 osoby: 200 $ na osobu<\/p>\n<h3><span style=\"color: #ff6600;\">Rezervace<\/span><\/h3>\n<p>Svou t\u00faru si m\u016f\u017eete rezervovat p\u0159es WhatsApp nebo n\u00e1m poslat e-mail a potvrzen\u00ed obdr\u017e\u00edte ihned.<\/p>\n<p>Pros\u00edm, za\u0161lete n\u00e1m n\u00e1zev va\u0161eho hotelu, \u010d\u00edslo pokoje, kopie pas\u016f.<\/p>\n<p><strong>WhatsApp: +201000852186<\/strong><\/p>\n<p><strong>E-mail:<\/strong> info@egytourpackages.com<\/p>\n<h3><span style=\"color: #ff6600;\">Rezervujte nyn\u00ed a zapla\u0165te na m\u00edst\u011b:<\/span><\/h3>\n<p>Rezervujte si svou obl\u00edbenou t\u00faru a zapla\u0165te v den v\u00fdletu.<\/p>\n<h3><span style=\"color: #ff6600;\">Platba<\/span><\/h3>\n<p>Platit m\u016f\u017eete v <strong>egyptsk\u00fdch libr\u00e1ch, $, \u20ac nebo \u00a3<\/strong>.<\/p>\n<h3><span style=\"color: #ff6600;\">Storno podm\u00ednky<\/span><\/h3>\n<ul>\n<li>Zru\u0161en\u00ed je zdarma do 24 hodin p\u0159edem.<\/li>\n<li>Rann\u00ed zru\u0161en\u00ed je 50 % z ceny.<\/li>\n<\/ul>\n","protected":false},"excerpt":{"rendered":"<p>Horkovzdu\u0161n\u00fd bal\u00f3n Luxor z Hurghady: Dechberouc\u00ed let nad \u00dadol\u00edm kr\u00e1l\u016f a chr\u00e1my. Za\u017eijte v\u00fdchod slunce z v\u00fd\u0161ky. Rezervujte si dobrodru\u017estv\u00ed!<\/p>\n","protected":false},"featured_media":3200,"comment_status":"open","ping_status":"closed","template":"","meta":[],"product_brand":[],"product_cat":[1466],"product_tag":[1470,3548,1469,2389],"class_list":{"0":"post-4530","1":"product","2":"type-product","3":"status-publish","4":"has-post-thumbnail","6":"product_cat-vylety","7":"product_tag-jednodenni-vylety-po-egypte","8":"product_tag-let-balonem-v-luxoru-z-hurghady-rezervujte-za-nejlepsi-ceny","9":"product_tag-vylety-v-hurgade","10":"product_tag-zajezdy-do-luxoru-z-hurghady","11":"tour_category-jednodenni-vylety-po-egypte-cs","12":"tour_category-vylety-v-hurgade","14":"first","15":"instock","16":"sale","17":"shipping-taxable","18":"purchasable","19":"product-type-tour","20":"has-default-attributes"},"yoast_head":"<!-- This site is optimized with the Yoast SEO Premium plugin v27.4 (Yoast SEO v27.4) - https:\/\/yoast.com\/product\/yoast-seo-premium-wordpress\/ -->\n<title>Horkovzdu\u0161n\u00fd bal\u00f3n luxor z Hurghady | Nejlep\u0161\u00ed z\u00e1jezdy do Luxoru<\/title>\n<meta name=\"description\" content=\"Horkovzdu\u0161n\u00fd bal\u00f3n Luxor z Hurghady: Dechberouc\u00ed let nad \u00dadol\u00edm kr\u00e1l\u016f a chr\u00e1my. Za\u017eijte v\u00fdchod slunce z v\u00fd\u0161ky. Rezervujte si dobrodru\u017estv\u00ed!\" \/>\n<meta name=\"robots\" content=\"index, follow, max-snippet:-1, max-image-preview:large, max-video-preview:-1\" \/>\n<link rel=\"canonical\" href=\"https:\/\/egytourpackages.com\/cs\/prohlidky\/horkovzdusny-balon-luxor-z-hurghady\/\" \/>\n<meta property=\"og:locale\" content=\"cs_CZ\" \/>\n<meta property=\"og:type\" content=\"article\" \/>\n<meta property=\"og:title\" content=\"Horkovzdu\u0161n\u00fd bal\u00f3n luxor z Hurghady\" \/>\n<meta property=\"og:description\" content=\"Horkovzdu\u0161n\u00fd bal\u00f3n Luxor z Hurghady: Dechberouc\u00ed let nad \u00dadol\u00edm kr\u00e1l\u016f a chr\u00e1my. Za\u017eijte v\u00fdchod slunce z v\u00fd\u0161ky. Rezervujte si dobrodru\u017estv\u00ed!\" \/>\n<meta property=\"og:url\" content=\"https:\/\/egytourpackages.com\/cs\/prohlidky\/horkovzdusny-balon-luxor-z-hurghady\/\" \/>\n<meta property=\"og:site_name\" content=\"Z\u00e1jezdy po Egypt\u011b\" \/>\n<meta property=\"article:publisher\" content=\"https:\/\/www.facebook.com\/egytourpackages\" \/>\n<meta property=\"article:modified_time\" content=\"2026-01-06T09:44:11+00:00\" \/>\n<meta property=\"og:image\" content=\"https:\/\/egytourpackages.com\/wp-content\/uploads\/2024\/06\/Hot-Air-Balloon-Luxor-1024x768.jpg\" \/>\n<meta name=\"twitter:card\" content=\"summary_large_image\" \/>\n<meta name=\"twitter:title\" content=\"Horkovzdu\u0161n\u00fd bal\u00f3n luxor z Hurghady\" \/>\n<meta name=\"twitter:label1\" content=\"Cena\" \/>\n\t<meta name=\"twitter:data1\" content=\"&euro;220\" \/>\n\t<meta name=\"twitter:label2\" content=\"Dostupnost\" \/>\n\t<meta name=\"twitter:data2\" content=\"Skladem\" \/>\n<script type=\"application\/ld+json\" class=\"yoast-schema-graph\">{\"@context\":\"https:\\\/\\\/schema.org\",\"@graph\":[{\"@type\":\"WebPage\",\"@id\":\"https:\\\/\\\/egytourpackages.com\\\/cs\\\/prohlidky\\\/horkovzdusny-balon-luxor-z-hurghady\\\/\",\"url\":\"https:\\\/\\\/egytourpackages.com\\\/cs\\\/prohlidky\\\/horkovzdusny-balon-luxor-z-hurghady\\\/\",\"name\":\"Horkovzdu\u0161n\u00fd bal\u00f3n luxor z Hurghady | Nejlep\u0161\u00ed z\u00e1jezdy do Luxoru\",\"isPartOf\":{\"@id\":\"https:\\\/\\\/egytourpackages.com\\\/cs\\\/#website\"},\"primaryImageOfPage\":{\"@id\":\"https:\\\/\\\/egytourpackages.com\\\/cs\\\/prohlidky\\\/horkovzdusny-balon-luxor-z-hurghady\\\/#primaryimage\"},\"image\":{\"@id\":\"https:\\\/\\\/egytourpackages.com\\\/cs\\\/prohlidky\\\/horkovzdusny-balon-luxor-z-hurghady\\\/#primaryimage\"},\"thumbnailUrl\":\"https:\\\/\\\/egytourpackages.com\\\/wp-content\\\/uploads\\\/2024\\\/06\\\/Hot-Air-Balloon-Luxor.jpg\",\"datePublished\":\"2024-07-19T17:14:10+00:00\",\"dateModified\":\"2026-01-06T09:44:11+00:00\",\"description\":\"Horkovzdu\u0161n\u00fd bal\u00f3n Luxor z Hurghady: Dechberouc\u00ed let nad \u00dadol\u00edm kr\u00e1l\u016f a chr\u00e1my. Za\u017eijte v\u00fdchod slunce z v\u00fd\u0161ky. Rezervujte si dobrodru\u017estv\u00ed!\",\"breadcrumb\":{\"@id\":\"https:\\\/\\\/egytourpackages.com\\\/cs\\\/prohlidky\\\/horkovzdusny-balon-luxor-z-hurghady\\\/#breadcrumb\"},\"inLanguage\":\"cs\",\"potentialAction\":[{\"@type\":\"ReadAction\",\"target\":[\"https:\\\/\\\/egytourpackages.com\\\/cs\\\/prohlidky\\\/horkovzdusny-balon-luxor-z-hurghady\\\/\"]}]},{\"@type\":\"ImageObject\",\"inLanguage\":\"cs\",\"@id\":\"https:\\\/\\\/egytourpackages.com\\\/cs\\\/prohlidky\\\/horkovzdusny-balon-luxor-z-hurghady\\\/#primaryimage\",\"url\":\"https:\\\/\\\/egytourpackages.com\\\/wp-content\\\/uploads\\\/2024\\\/06\\\/Hot-Air-Balloon-Luxor.jpg\",\"contentUrl\":\"https:\\\/\\\/egytourpackages.com\\\/wp-content\\\/uploads\\\/2024\\\/06\\\/Hot-Air-Balloon-Luxor.jpg\",\"width\":1900,\"height\":1425,\"caption\":\"Horkovzdu\u0161n\u00fd bal\u00f3n luxor z Hurghady\"},{\"@type\":\"BreadcrumbList\",\"@id\":\"https:\\\/\\\/egytourpackages.com\\\/cs\\\/prohlidky\\\/horkovzdusny-balon-luxor-z-hurghady\\\/#breadcrumb\",\"itemListElement\":[{\"@type\":\"ListItem\",\"position\":1,\"name\":\"Dom\u016f\",\"item\":\"https:\\\/\\\/egytourpackages.com\\\/cs\\\/balicky-vyletu-po-egypte\\\/\"},{\"@type\":\"ListItem\",\"position\":2,\"name\":\"Shop\",\"item\":\"https:\\\/\\\/egytourpackages.com\\\/cs\\\/shop\\\/\"},{\"@type\":\"ListItem\",\"position\":3,\"name\":\"Horkovzdu\u0161n\u00fd bal\u00f3n luxor z Hurghady\"}]},{\"@type\":\"WebSite\",\"@id\":\"https:\\\/\\\/egytourpackages.com\\\/cs\\\/#website\",\"url\":\"https:\\\/\\\/egytourpackages.com\\\/cs\\\/\",\"name\":\"Egy tour packages\",\"description\":\"\",\"publisher\":{\"@id\":\"https:\\\/\\\/egytourpackages.com\\\/cs\\\/#organization\"},\"potentialAction\":[{\"@type\":\"SearchAction\",\"target\":{\"@type\":\"EntryPoint\",\"urlTemplate\":\"https:\\\/\\\/egytourpackages.com\\\/cs\\\/?s={search_term_string}\"},\"query-input\":{\"@type\":\"PropertyValueSpecification\",\"valueRequired\":true,\"valueName\":\"search_term_string\"}}],\"inLanguage\":\"cs\"},{\"@type\":[\"Organization\",\"Place\",\"TravelAgency\"],\"@id\":\"https:\\\/\\\/egytourpackages.com\\\/cs\\\/#organization\",\"name\":\"egypt tour packages\",\"alternateName\":\"egypt tour packages\",\"url\":\"https:\\\/\\\/egytourpackages.com\\\/cs\\\/\",\"logo\":{\"@id\":\"https:\\\/\\\/egytourpackages.com\\\/cs\\\/prohlidky\\\/horkovzdusny-balon-luxor-z-hurghady\\\/#local-main-organization-logo\"},\"image\":{\"@id\":\"https:\\\/\\\/egytourpackages.com\\\/cs\\\/prohlidky\\\/horkovzdusny-balon-luxor-z-hurghady\\\/#local-main-organization-logo\"},\"sameAs\":[\"https:\\\/\\\/www.facebook.com\\\/egytourpackages\"],\"legalName\":\"Egy tour packages\",\"address\":{\"@id\":\"https:\\\/\\\/egytourpackages.com\\\/cs\\\/prohlidky\\\/horkovzdusny-balon-luxor-z-hurghady\\\/#local-main-place-address\"},\"telephone\":[\"00201000852186\",\"00201028685533\"],\"contactPoint\":{\"@type\":\"ContactPoint\",\"telephone\":\"00201000852186\"},\"openingHoursSpecification\":[{\"@type\":\"OpeningHoursSpecification\",\"dayOfWeek\":[\"Monday\",\"Tuesday\",\"Wednesday\",\"Thursday\",\"Friday\",\"Saturday\",\"Sunday\"],\"opens\":\"00:00\",\"closes\":\"23:59\"}],\"email\":\"info@egytourpackages.com\",\"areaServed\":\"Cairo, Hurghada, Luxor, Sharm El Sheikh, Marsa Alam, Aswan\",\"priceRange\":\"$\",\"currenciesAccepted\":\"euro\",\"paymentAccepted\":\"Payment links online\"},{\"@type\":\"PostalAddress\",\"@id\":\"https:\\\/\\\/egytourpackages.com\\\/cs\\\/prohlidky\\\/horkovzdusny-balon-luxor-z-hurghady\\\/#local-main-place-address\",\"streetAddress\":\"Mubarak 8, Al Kawthar District, Hurghada\",\"addressLocality\":\"Hurghada\",\"postalCode\":\"84511\",\"addressRegion\":\"Red Sea\",\"addressCountry\":\"EG\"},{\"@type\":\"ImageObject\",\"inLanguage\":\"cs\",\"@id\":\"https:\\\/\\\/egytourpackages.com\\\/cs\\\/prohlidky\\\/horkovzdusny-balon-luxor-z-hurghady\\\/#local-main-organization-logo\",\"url\":\"https:\\\/\\\/egytourpackages.com\\\/wp-content\\\/uploads\\\/2025\\\/12\\\/Turquoise-Dahabiya-Nile-Cruise-1.jpeg\",\"contentUrl\":\"https:\\\/\\\/egytourpackages.com\\\/wp-content\\\/uploads\\\/2025\\\/12\\\/Turquoise-Dahabiya-Nile-Cruise-1.jpeg\",\"width\":1040,\"height\":694,\"caption\":\"egypt tour packages\"}]}<\/script>\n<meta property=\"product:brand\" content=\"Jednodenn\u00ed v\u00fdlety po Egypt\u011b\" \/>\n<meta property=\"product:price:amount\" content=\"220\" \/>\n<meta property=\"product:price:currency\" content=\"EUR\" \/>\n<meta property=\"og:availability\" content=\"instock\" \/>\n<meta property=\"product:availability\" content=\"instock\" \/>\n<meta property=\"product:retailer_item_id\" content=\"HDT18\" \/>\n<meta property=\"product:condition\" content=\"new\" \/>\n<meta name=\"geo.placename\" content=\"Hurghada\" \/>\n<meta name=\"geo.region\" content=\"Egypt\" \/>\n<!-- \/ Yoast SEO Premium plugin. -->","yoast_head_json":{"title":"Horkovzdu\u0161n\u00fd bal\u00f3n luxor z Hurghady | Nejlep\u0161\u00ed z\u00e1jezdy do Luxoru","description":"Horkovzdu\u0161n\u00fd bal\u00f3n Luxor z Hurghady: Dechberouc\u00ed let nad \u00dadol\u00edm kr\u00e1l\u016f a chr\u00e1my. Za\u017eijte v\u00fdchod slunce z v\u00fd\u0161ky. Rezervujte si dobrodru\u017estv\u00ed!","robots":{"index":"index","follow":"follow","max-snippet":"max-snippet:-1","max-image-preview":"max-image-preview:large","max-video-preview":"max-video-preview:-1"},"canonical":"https:\/\/egytourpackages.com\/cs\/prohlidky\/horkovzdusny-balon-luxor-z-hurghady\/","og_locale":"cs_CZ","og_type":"article","og_title":"Horkovzdu\u0161n\u00fd bal\u00f3n luxor z Hurghady","og_description":"Horkovzdu\u0161n\u00fd bal\u00f3n Luxor z Hurghady: Dechberouc\u00ed let nad \u00dadol\u00edm kr\u00e1l\u016f a chr\u00e1my. Za\u017eijte v\u00fdchod slunce z v\u00fd\u0161ky. Rezervujte si dobrodru\u017estv\u00ed!","og_url":"https:\/\/egytourpackages.com\/cs\/prohlidky\/horkovzdusny-balon-luxor-z-hurghady\/","og_site_name":"Z\u00e1jezdy po Egypt\u011b","article_publisher":"https:\/\/www.facebook.com\/egytourpackages","article_modified_time":"2026-01-06T09:44:11+00:00","og_image":[{"url":"https:\/\/egytourpackages.com\/wp-content\/uploads\/2024\/06\/Hot-Air-Balloon-Luxor-1024x768.jpg","type":"","width":"","height":""}],"twitter_card":"summary_large_image","twitter_title":"Horkovzdu\u0161n\u00fd bal\u00f3n luxor z Hurghady","twitter_misc":{"Cena":"&euro;220","Dostupnost":"Skladem"},"schema":{"@context":"https:\/\/schema.org","@graph":[{"@type":"WebPage","@id":"https:\/\/egytourpackages.com\/cs\/prohlidky\/horkovzdusny-balon-luxor-z-hurghady\/","url":"https:\/\/egytourpackages.com\/cs\/prohlidky\/horkovzdusny-balon-luxor-z-hurghady\/","name":"Horkovzdu\u0161n\u00fd bal\u00f3n luxor z Hurghady | Nejlep\u0161\u00ed z\u00e1jezdy do Luxoru","isPartOf":{"@id":"https:\/\/egytourpackages.com\/cs\/#website"},"primaryImageOfPage":{"@id":"https:\/\/egytourpackages.com\/cs\/prohlidky\/horkovzdusny-balon-luxor-z-hurghady\/#primaryimage"},"image":{"@id":"https:\/\/egytourpackages.com\/cs\/prohlidky\/horkovzdusny-balon-luxor-z-hurghady\/#primaryimage"},"thumbnailUrl":"https:\/\/egytourpackages.com\/wp-content\/uploads\/2024\/06\/Hot-Air-Balloon-Luxor.jpg","datePublished":"2024-07-19T17:14:10+00:00","dateModified":"2026-01-06T09:44:11+00:00","description":"Horkovzdu\u0161n\u00fd bal\u00f3n Luxor z Hurghady: Dechberouc\u00ed let nad \u00dadol\u00edm kr\u00e1l\u016f a chr\u00e1my. Za\u017eijte v\u00fdchod slunce z v\u00fd\u0161ky. Rezervujte si dobrodru\u017estv\u00ed!","breadcrumb":{"@id":"https:\/\/egytourpackages.com\/cs\/prohlidky\/horkovzdusny-balon-luxor-z-hurghady\/#breadcrumb"},"inLanguage":"cs","potentialAction":[{"@type":"ReadAction","target":["https:\/\/egytourpackages.com\/cs\/prohlidky\/horkovzdusny-balon-luxor-z-hurghady\/"]}]},{"@type":"ImageObject","inLanguage":"cs","@id":"https:\/\/egytourpackages.com\/cs\/prohlidky\/horkovzdusny-balon-luxor-z-hurghady\/#primaryimage","url":"https:\/\/egytourpackages.com\/wp-content\/uploads\/2024\/06\/Hot-Air-Balloon-Luxor.jpg","contentUrl":"https:\/\/egytourpackages.com\/wp-content\/uploads\/2024\/06\/Hot-Air-Balloon-Luxor.jpg","width":1900,"height":1425,"caption":"Horkovzdu\u0161n\u00fd bal\u00f3n luxor z Hurghady"},{"@type":"BreadcrumbList","@id":"https:\/\/egytourpackages.com\/cs\/prohlidky\/horkovzdusny-balon-luxor-z-hurghady\/#breadcrumb","itemListElement":[{"@type":"ListItem","position":1,"name":"Dom\u016f","item":"https:\/\/egytourpackages.com\/cs\/balicky-vyletu-po-egypte\/"},{"@type":"ListItem","position":2,"name":"Shop","item":"https:\/\/egytourpackages.com\/cs\/shop\/"},{"@type":"ListItem","position":3,"name":"Horkovzdu\u0161n\u00fd bal\u00f3n luxor z Hurghady"}]},{"@type":"WebSite","@id":"https:\/\/egytourpackages.com\/cs\/#website","url":"https:\/\/egytourpackages.com\/cs\/","name":"Egy tour packages","description":"","publisher":{"@id":"https:\/\/egytourpackages.com\/cs\/#organization"},"potentialAction":[{"@type":"SearchAction","target":{"@type":"EntryPoint","urlTemplate":"https:\/\/egytourpackages.com\/cs\/?s={search_term_string}"},"query-input":{"@type":"PropertyValueSpecification","valueRequired":true,"valueName":"search_term_string"}}],"inLanguage":"cs"},{"@type":["Organization","Place","TravelAgency"],"@id":"https:\/\/egytourpackages.com\/cs\/#organization","name":"egypt tour packages","alternateName":"egypt tour packages","url":"https:\/\/egytourpackages.com\/cs\/","logo":{"@id":"https:\/\/egytourpackages.com\/cs\/prohlidky\/horkovzdusny-balon-luxor-z-hurghady\/#local-main-organization-logo"},"image":{"@id":"https:\/\/egytourpackages.com\/cs\/prohlidky\/horkovzdusny-balon-luxor-z-hurghady\/#local-main-organization-logo"},"sameAs":["https:\/\/www.facebook.com\/egytourpackages"],"legalName":"Egy tour packages","address":{"@id":"https:\/\/egytourpackages.com\/cs\/prohlidky\/horkovzdusny-balon-luxor-z-hurghady\/#local-main-place-address"},"telephone":["00201000852186","00201028685533"],"contactPoint":{"@type":"ContactPoint","telephone":"00201000852186"},"openingHoursSpecification":[{"@type":"OpeningHoursSpecification","dayOfWeek":["Monday","Tuesday","Wednesday","Thursday","Friday","Saturday","Sunday"],"opens":"00:00","closes":"23:59"}],"email":"info@egytourpackages.com","areaServed":"Cairo, Hurghada, Luxor, Sharm El Sheikh, Marsa Alam, Aswan","priceRange":"$","currenciesAccepted":"euro","paymentAccepted":"Payment links online"},{"@type":"PostalAddress","@id":"https:\/\/egytourpackages.com\/cs\/prohlidky\/horkovzdusny-balon-luxor-z-hurghady\/#local-main-place-address","streetAddress":"Mubarak 8, Al Kawthar District, Hurghada","addressLocality":"Hurghada","postalCode":"84511","addressRegion":"Red Sea","addressCountry":"EG"},{"@type":"ImageObject","inLanguage":"cs","@id":"https:\/\/egytourpackages.com\/cs\/prohlidky\/horkovzdusny-balon-luxor-z-hurghady\/#local-main-organization-logo","url":"https:\/\/egytourpackages.com\/wp-content\/uploads\/2025\/12\/Turquoise-Dahabiya-Nile-Cruise-1.jpeg","contentUrl":"https:\/\/egytourpackages.com\/wp-content\/uploads\/2025\/12\/Turquoise-Dahabiya-Nile-Cruise-1.jpeg","width":1040,"height":694,"caption":"egypt tour packages"}]},"product_brand":"Jednodenn\u00ed v\u00fdlety po Egypt\u011b","product_price_amount":"220","product_price_currency":"EUR","og_availability":"instock","product_availability":"instock","product_retailer_item_id":"HDT18","product_condition":"new","geo.placename":"Hurghada","geo.region":"Egypt"},"_links":{"self":[{"href":"https:\/\/egytourpackages.com\/cs\/wp-json\/wp\/v2\/product\/4530","targetHints":{"allow":["GET"]}}],"collection":[{"href":"https:\/\/egytourpackages.com\/cs\/wp-json\/wp\/v2\/product"}],"about":[{"href":"https:\/\/egytourpackages.com\/cs\/wp-json\/wp\/v2\/types\/product"}],"replies":[{"embeddable":true,"href":"https:\/\/egytourpackages.com\/cs\/wp-json\/wp\/v2\/comments?post=4530"}],"wp:featuredmedia":[{"embeddable":true,"href":"https:\/\/egytourpackages.com\/cs\/wp-json\/wp\/v2\/media\/3200"}],"wp:attachment":[{"href":"https:\/\/egytourpackages.com\/cs\/wp-json\/wp\/v2\/media?parent=4530"}],"wp:term":[{"taxonomy":"product_brand","embeddable":true,"href":"https:\/\/egytourpackages.com\/cs\/wp-json\/wp\/v2\/product_brand?post=4530"},{"taxonomy":"product_cat","embeddable":true,"href":"https:\/\/egytourpackages.com\/cs\/wp-json\/wp\/v2\/product_cat?post=4530"},{"taxonomy":"product_tag","embeddable":true,"href":"https:\/\/egytourpackages.com\/cs\/wp-json\/wp\/v2\/product_tag?post=4530"}],"curies":[{"name":"wp","href":"https:\/\/api.w.org\/{rel}","templated":true}]}}