{"id":4540,"date":"2024-07-24T11:10:06","date_gmt":"2024-07-24T11:10:06","guid":{"rendered":"https:\/\/egytourpackages.com\/product\/celodenni-vylet-do-kahiry-z-hurghady-dodavkou-max-8-osob\/"},"modified":"2026-01-05T16:03:39","modified_gmt":"2026-01-05T16:03:39","slug":"celodenni-vylet-do-kahiry-z-hurghady-dodavkou-max-8-osob","status":"publish","type":"product","link":"https:\/\/egytourpackages.com\/cs\/prohlidky\/celodenni-vylet-do-kahiry-z-hurghady-dodavkou-max-8-osob\/","title":{"rendered":"Celodenn\u00ed v\u00fdlet do K\u00e1hiry z Hurghady dod\u00e1vkou (max. 8 osob)"},"content":{"rendered":"<p><span style=\"color: #ff6600;\"><strong>Celodenn\u00ed v\u00fdlet do K\u00e1hiry z Hurghady dod\u00e1vkou (max. 8 osob)<\/strong><\/span><\/p>\n<p><strong>Rezervujte si Celodenn\u00ed v\u00fdlet do K\u00e1hiry z Hurghady dod\u00e1vkou (max. 8 osob) <\/strong>a prozkoumejte z\u00e1hadn\u00e9 <strong>pyramidy v G\u00edze<\/strong> s men\u0161\u00edm po\u010dtem lid\u00ed s <strong>z\u00e1jezdy do Egypta<\/strong>. <strong>Exkurze z Hurghady<\/strong> nab\u00edzej\u00ed tento z\u00e1jezd pro ty, kte\u0159\u00ed nemaj\u00ed r\u00e1di velk\u00e9 skupiny a d\u00e1vaj\u00ed p\u0159ednost str\u00e1ven\u00ed v\u00edce \u010dasu obdivov\u00e1n\u00edm pam\u00e1tek. V\u00e1\u0161 <strong>jednodenn\u00ed v\u00fdlet do K\u00e1hiry<\/strong> zahrnuje <strong>Egyptsk\u00e9 muzeum<\/strong> s egyptsk\u00fdmi poklady ze <strong>Star\u00e9 \u0159\u00ed\u0161e<\/strong>, <strong>St\u0159edn\u00ed \u0159\u00ed\u0161e<\/strong> a <strong>Nov\u00e9 \u0159\u00ed\u0161e<\/strong>. D\u00e1le poklady <strong>Tutanchamona<\/strong>, nalezen\u00e9 v jeho hrobce v <strong>\u00dadol\u00ed kr\u00e1l\u016f<\/strong> v Luxoru. Krom\u011b toho slavn\u00e9 pyramidy <strong>Cheops, Chefren, Menkaure<\/strong> s <strong>chr\u00e1mem v \u00fadol\u00ed<\/strong> a <strong>Velkou sfingou<\/strong>.<\/p>\n<p>Kontaktujte n\u00e1s a zaru\u010dujeme nejlep\u0161\u00ed slu\u017eby, nov\u00e9 auto a profesion\u00e1ln\u00edho <strong>egyptologick\u00e9ho pr\u016fvodce<\/strong>.<\/p>\n<h3><span style=\"color: #ff6600;\">Detaily z\u00e1jezdu<\/span><\/h3>\n<ul>\n<li><strong>D\u00e9lka:<\/strong> 19 hodin<\/li>\n<li><strong>M\u00edsto kon\u00e1n\u00ed:<\/strong> K\u00e1hira<\/li>\n<li><strong>Dostupnost z\u00e1jezdu:<\/strong> Denn\u011b na vy\u017e\u00e1d\u00e1n\u00ed<\/li>\n<li><strong>Vyzvednut\u00ed a odvoz:<\/strong> Hotely v Hurghad\u011b<\/li>\n<li><strong>Typ z\u00e1jezdu:<\/strong> Soukrom\u00fd<\/li>\n<li><strong>P\u0159\u00edstup pro voz\u00ed\u010dk\u00e1\u0159e:<\/strong> Ano<\/li>\n<\/ul>\n<h3><span style=\"color: #ff6600;\">Hlavn\u00ed atrakce<\/span><\/h3>\n<ul>\n<li><strong>Egyptsk\u00e9 muzeum<\/strong><\/li>\n<li><strong>Pyramidy v G\u00edze<\/strong><\/li>\n<li><strong>Velk\u00e1 sfinga<\/strong><\/li>\n<li><strong>Chr\u00e1m mumifikace<\/strong><\/li>\n<li><strong>Ob\u011bd<\/strong><\/li>\n<\/ul>\n<h3><span style=\"color: #ff6600;\">V cen\u011b<\/span><\/h3>\n<ul>\n<li>Transfer nov\u00fdm vozidlem<\/li>\n<li>Vstupn\u00e9 na v\u0161echny pam\u00e1tky v programu<\/li>\n<li>Kvalitn\u00ed ob\u011bd v m\u00edstn\u00ed restauraci<\/li>\n<li><strong>Znal\u00fd archeologick\u00fd pr\u016fvodce<\/strong><\/li>\n<li>Voda b\u011bhem dne<\/li>\n<\/ul>\n<h3><span style=\"color: #ff6600;\">Nen\u00ed v cen\u011b<\/span><\/h3>\n<ul>\n<li>Vstupn\u00e9 do <strong>Cheopsovy pyramidy<\/strong><\/li>\n<li>Vstupn\u00e9 do <strong>Menkaureovy pyramidy<\/strong><\/li>\n<li>N\u00e1poje b\u011bhem ob\u011bda<\/li>\n<li>Spropitn\u00e9 pro pr\u016fvodce a \u0159idi\u010de<\/li>\n<\/ul>\n<h3><span style=\"color: #ff6600;\">Co si vz\u00edt s sebou<\/span><\/h3>\n<ul>\n<li>Pohodln\u00e1 obuv a oble\u010den\u00ed<\/li>\n<li>Klobouk<\/li>\n<li>Slune\u010dn\u00ed br\u00fdle<\/li>\n<li>Opalovac\u00ed kr\u00e9m<\/li>\n<li>Tepl\u00e1 bunda v zim\u011b<\/li>\n<\/ul>\n<h2><span style=\"color: #ff6600;\">Itiner\u00e1\u0159 z\u00e1jezdu<\/span><\/h2>\n<h4>\u010cas vyzvednut\u00ed<\/h4>\n<p>Kolem 2:00 r\u00e1no, v z\u00e1vislosti na va\u0161em hotelu v Hurghad\u011b, budete vyzvednuti, abyste zah\u00e1jili sv\u00e9 <strong>jednodenn\u00ed v\u00fdlety do K\u00e1hiry<\/strong> po obdr\u017een\u00ed sn\u00edda\u0148ov\u00fdch bal\u00ed\u010dk\u016f na recepci.<\/p>\n<h4>Kontroln\u00ed bod<\/h4>\n<p><strong>03:00:<\/strong> Pr\u016fjezd kontroln\u00edm bodem v El Gouna a zah\u00e1jen\u00ed va\u0161ich <strong>jednodenn\u00edch v\u00fdlet\u016f z Hurghady<\/strong>.<\/p>\n<h4>P\u0159est\u00e1vka na k\u00e1vu<\/h4>\n<p><strong>06:00:<\/strong> U\u017eijte si kr\u00e1tkou p\u0159est\u00e1vku v odpo\u010dinkov\u00e9m dom\u011b Zaafarana pro pou\u017eit\u00ed toalety (20 LE na osobu), vychutnejte si rann\u00ed k\u00e1vu a nasn\u00eddejte se.<\/p>\n<p><strong>06:30:<\/strong> Pokra\u010dov\u00e1n\u00ed cesty do K\u00e1hiry.<\/p>\n<h3><span style=\"color: #ff6600;\">Egyptsk\u00e9 muzeum K\u00e1hira<\/span><\/h3>\n<p><strong>09:00:<\/strong> Za\u010dn\u011bte sv\u016fj den s profesion\u00e1ln\u00edm <strong>egyptologem<\/strong> v <strong>Egyptsk\u00e9m muzeu<\/strong>, nejv\u011bt\u0161\u00edm na sv\u011bt\u011b. Zde budete obdivovat egyptsk\u00e9 artefakty z r\u016fzn\u00fdch starov\u011bk\u00fdch egyptsk\u00fdch \u00e9r. Uvid\u00edte sarkof\u00e1gy, st\u00e9ly, mumie, mumie zv\u00ed\u0159at, sochy a mnoho dal\u0161\u00edho.<\/p>\n<p><strong>11:00:<\/strong> Ob\u011bd<\/p>\n<p>Vychutnejte si ob\u011bd v m\u00edstn\u00ed restauraci pobl\u00ed\u017e pyramid v G\u00edze.<\/p>\n<h3><span style=\"color: #ff6600;\">12:00: Komplex pyramid v G\u00edze<\/span><\/h3>\n<p>Po ob\u011bd\u011b budete pokra\u010dovat s pr\u016fvodcem k <strong>pyramid\u00e1m v G\u00edze<\/strong>, kde uvid\u00edte t\u0159i slavn\u00e9 pyramidy <strong>Cheopse, Chefrena a Menkaurea<\/strong>. M\u016f\u017eete se tak\u00e9 proj\u00edt kolem velk\u00fdch pyramid a prohl\u00e9dnout si pyramidy kr\u00e1loven, lodn\u00ed j\u00e1my a ruiny chr\u00e1mov\u00e9ho chr\u00e1mu. M\u016f\u017eete vstoupit do <strong>Velk\u00e9 pyramidy Cheopse<\/strong>, pokud chcete (za poplatek), nebo do <strong>Menkaureovy pyramidy<\/strong> (za poplatek) zevnit\u0159.<\/p>\n<p>Str\u00e1vte tolik \u010dasu, kolik chcete u <strong>pyramid v G\u00edze<\/strong>, a po\u0159i\u010fte nezapomenuteln\u00e9 fotografie z panoramatick\u00e9 oblasti. Nakonec zakon\u010dete svou prohl\u00eddku pyramid s <strong>chr\u00e1mov\u00fdm chr\u00e1mem<\/strong> (chr\u00e1mem mumifikace), ne\u017e se vyd\u00e1te k <strong>Velk\u00e9 sfing\u011b<\/strong>. Pod\u00edvejte se na <strong>Stele sn\u016f<\/strong> mezi tlapami Sfingy a poslouchejte sv\u00e9ho pr\u016fvodce, kter\u00fd v\u00e1m vysv\u011btl\u00ed, pro\u010d si Sfinga zlomila nos.<\/p>\n<p>Na konci va\u0161eho soukrom\u00e9ho celodenn\u00edho v\u00fdletu do K\u00e1hiry z Hurghady se vyd\u00e1te zp\u011bt do va\u0161eho hotelu v Hurghad\u011b s kr\u00e1tkou p\u0159est\u00e1vkou na toaletu.<\/p>\n<h3><span style=\"color: #ff6600;\">Cena Celodenn\u00ed v\u00fdlet do K\u00e1hiry z Hurghady dod\u00e1vkou (max. 8 osob)<\/span><\/h3>\n<ul>\n<li><strong>Cena pro dosp\u011bl\u00e9ho:<\/strong> 65 $<\/li>\n<li><strong>D\u011bti 0-5 let:<\/strong> zdarma<\/li>\n<li><strong>D\u011bti 5-11 let:<\/strong> 50 % z ceny pro dosp\u011bl\u00e9ho<\/li>\n<\/ul>\n<h3><span style=\"color: #ff6600;\">Rezervace<\/span><\/h3>\n<p>Sv\u00e9 <strong>exkurze z Hurghady<\/strong> si m\u016f\u017eete rezervovat p\u0159es WhatsApp nebo n\u00e1m poslat e-mail a potvrzen\u00ed obdr\u017e\u00edte ihned.<\/p>\n<p>Pros\u00edm, za\u0161lete n\u00e1m n\u00e1zev va\u0161eho hotelu, \u010d\u00edslo pokoje, kopie pas\u016f.<\/p>\n<p><strong>WhatsApp:<\/strong> <strong>+201000852186<\/strong><\/p>\n<p><strong>E-mail:<\/strong> info@egytourpackages.com<\/p>\n<h3><span style=\"color: #ff6600;\">Rezervujte nyn\u00ed a zapla\u0165te na m\u00edst\u011b<\/span><\/h3>\n<p>Zarezervujte si sv\u016fj obl\u00edben\u00fd z\u00e1jezd a zapla\u0165te v den v\u00fdletu.<\/p>\n<h3><span style=\"color: #ff6600;\">Platba<\/span><\/h3>\n<p>Platit m\u016f\u017eete v <strong>egyptsk\u00fdch libr\u00e1ch, $, \u20ac nebo \u00a3<\/strong>.<\/p>\n<h3><span style=\"color: #ff6600;\">Storno podm\u00ednky<\/span><\/h3>\n<ul>\n<li>Zru\u0161en\u00ed je zdarma do 24 hodin p\u0159edem.<\/li>\n<li>Zru\u0161en\u00ed r\u00e1no je 50 % z ceny.<\/li>\n<\/ul>\n","protected":false},"excerpt":{"rendered":"<p>Celodenn\u00ed v\u00fdlet do K\u00e1hiry z Hurghady dod\u00e1vkou (max. 8 osob). Prozkoumejte pyramidy v G\u00edze, Sfingu a Egyptsk\u00e9 muzeum v mal\u00e9 skupin\u011b.<\/p>\n","protected":false},"featured_media":3473,"comment_status":"open","ping_status":"closed","template":"","meta":[],"product_brand":[],"product_cat":[1466],"product_tag":[1470,2390,2391,1469],"class_list":{"0":"post-4540","1":"product","2":"type-product","3":"status-publish","4":"has-post-thumbnail","6":"product_cat-vylety","7":"product_tag-jednodenni-vylety-po-egypte","8":"product_tag-jednodenni-vylety-z-hurghady","9":"product_tag-kahira-vylety-z-hurghady","10":"product_tag-vylety-v-hurgade","11":"tour_category-jednodenni-vylety-po-egypte-cs","12":"tour_category-vylety-v-hurgade","14":"first","15":"instock","16":"sale","17":"shipping-taxable","18":"purchasable","19":"product-type-tour","20":"has-default-attributes"},"yoast_head":"<!-- This site is optimized with the Yoast SEO Premium plugin v27.4 (Yoast SEO v27.4) - https:\/\/yoast.com\/product\/yoast-seo-premium-wordpress\/ -->\n<title>Celodenn\u00ed v\u00fdlet do K\u00e1hiry z Hurghady dod\u00e1vkou (max. 8 osob)<\/title>\n<meta name=\"description\" content=\"Celodenn\u00ed v\u00fdlet do K\u00e1hiry z Hurghady dod\u00e1vkou (max. 8 osob). Prozkoumejte pyramidy v G\u00edze, Sfingu a Egyptsk\u00e9 muzeum v mal\u00e9 skupin\u011b.\" \/>\n<meta name=\"robots\" content=\"index, follow, max-snippet:-1, max-image-preview:large, max-video-preview:-1\" \/>\n<link rel=\"canonical\" href=\"https:\/\/egytourpackages.com\/cs\/prohlidky\/celodenni-vylet-do-kahiry-z-hurghady-dodavkou-max-8-osob\/\" \/>\n<meta property=\"og:locale\" content=\"cs_CZ\" \/>\n<meta property=\"og:type\" content=\"article\" \/>\n<meta property=\"og:title\" content=\"Celodenn\u00ed v\u00fdlet do K\u00e1hiry z Hurghady dod\u00e1vkou (max. 8 osob)\" \/>\n<meta property=\"og:description\" content=\"Celodenn\u00ed v\u00fdlet do K\u00e1hiry z Hurghady dod\u00e1vkou (max. 8 osob). Prozkoumejte pyramidy v G\u00edze, Sfingu a Egyptsk\u00e9 muzeum v mal\u00e9 skupin\u011b.\" \/>\n<meta property=\"og:url\" content=\"https:\/\/egytourpackages.com\/cs\/prohlidky\/celodenni-vylet-do-kahiry-z-hurghady-dodavkou-max-8-osob\/\" \/>\n<meta property=\"og:site_name\" content=\"Z\u00e1jezdy po Egypt\u011b\" \/>\n<meta property=\"article:publisher\" content=\"https:\/\/www.facebook.com\/egytourpackages\" \/>\n<meta property=\"article:modified_time\" content=\"2026-01-05T16:03:39+00:00\" \/>\n<meta property=\"og:image\" content=\"https:\/\/egytourpackages.com\/wp-content\/uploads\/2024\/07\/Akhenaten-Egyptian-Museum-1024x765.jpeg\" \/>\n<meta name=\"twitter:card\" content=\"summary_large_image\" \/>\n<meta name=\"twitter:title\" content=\"Celodenn\u00ed v\u00fdlet do K\u00e1hiry z Hurghady dod\u00e1vkou (max. 8 osob)\" \/>\n<meta name=\"twitter:label1\" content=\"Cena\" \/>\n\t<meta name=\"twitter:data1\" content=\"&euro;65\" \/>\n\t<meta name=\"twitter:label2\" content=\"Dostupnost\" \/>\n\t<meta name=\"twitter:data2\" content=\"Skladem\" \/>\n<script type=\"application\/ld+json\" class=\"yoast-schema-graph\">{\"@context\":\"https:\\\/\\\/schema.org\",\"@graph\":[{\"@type\":\"WebPage\",\"@id\":\"https:\\\/\\\/egytourpackages.com\\\/cs\\\/prohlidky\\\/celodenni-vylet-do-kahiry-z-hurghady-dodavkou-max-8-osob\\\/\",\"url\":\"https:\\\/\\\/egytourpackages.com\\\/cs\\\/prohlidky\\\/celodenni-vylet-do-kahiry-z-hurghady-dodavkou-max-8-osob\\\/\",\"name\":\"Celodenn\u00ed v\u00fdlet do K\u00e1hiry z Hurghady dod\u00e1vkou (max. 8 osob)\",\"isPartOf\":{\"@id\":\"https:\\\/\\\/egytourpackages.com\\\/cs\\\/#website\"},\"primaryImageOfPage\":{\"@id\":\"https:\\\/\\\/egytourpackages.com\\\/cs\\\/prohlidky\\\/celodenni-vylet-do-kahiry-z-hurghady-dodavkou-max-8-osob\\\/#primaryimage\"},\"image\":{\"@id\":\"https:\\\/\\\/egytourpackages.com\\\/cs\\\/prohlidky\\\/celodenni-vylet-do-kahiry-z-hurghady-dodavkou-max-8-osob\\\/#primaryimage\"},\"thumbnailUrl\":\"https:\\\/\\\/egytourpackages.com\\\/wp-content\\\/uploads\\\/2024\\\/07\\\/Akhenaten-Egyptian-Museum.jpeg\",\"datePublished\":\"2024-07-24T11:10:06+00:00\",\"dateModified\":\"2026-01-05T16:03:39+00:00\",\"description\":\"Celodenn\u00ed v\u00fdlet do K\u00e1hiry z Hurghady dod\u00e1vkou (max. 8 osob). Prozkoumejte pyramidy v G\u00edze, Sfingu a Egyptsk\u00e9 muzeum v mal\u00e9 skupin\u011b.\",\"breadcrumb\":{\"@id\":\"https:\\\/\\\/egytourpackages.com\\\/cs\\\/prohlidky\\\/celodenni-vylet-do-kahiry-z-hurghady-dodavkou-max-8-osob\\\/#breadcrumb\"},\"inLanguage\":\"cs\",\"potentialAction\":[{\"@type\":\"ReadAction\",\"target\":[\"https:\\\/\\\/egytourpackages.com\\\/cs\\\/prohlidky\\\/celodenni-vylet-do-kahiry-z-hurghady-dodavkou-max-8-osob\\\/\"]}]},{\"@type\":\"ImageObject\",\"inLanguage\":\"cs\",\"@id\":\"https:\\\/\\\/egytourpackages.com\\\/cs\\\/prohlidky\\\/celodenni-vylet-do-kahiry-z-hurghady-dodavkou-max-8-osob\\\/#primaryimage\",\"url\":\"https:\\\/\\\/egytourpackages.com\\\/wp-content\\\/uploads\\\/2024\\\/07\\\/Akhenaten-Egyptian-Museum.jpeg\",\"contentUrl\":\"https:\\\/\\\/egytourpackages.com\\\/wp-content\\\/uploads\\\/2024\\\/07\\\/Akhenaten-Egyptian-Museum.jpeg\",\"width\":1600,\"height\":1196,\"caption\":\"Celodenn\u00ed v\u00fdlet do K\u00e1hiry z Hurghady dod\u00e1vkou (max. 8 osob)\"},{\"@type\":\"BreadcrumbList\",\"@id\":\"https:\\\/\\\/egytourpackages.com\\\/cs\\\/prohlidky\\\/celodenni-vylet-do-kahiry-z-hurghady-dodavkou-max-8-osob\\\/#breadcrumb\",\"itemListElement\":[{\"@type\":\"ListItem\",\"position\":1,\"name\":\"Dom\u016f\",\"item\":\"https:\\\/\\\/egytourpackages.com\\\/cs\\\/balicky-vyletu-po-egypte\\\/\"},{\"@type\":\"ListItem\",\"position\":2,\"name\":\"Shop\",\"item\":\"https:\\\/\\\/egytourpackages.com\\\/cs\\\/shop\\\/\"},{\"@type\":\"ListItem\",\"position\":3,\"name\":\"Celodenn\u00ed v\u00fdlet do K\u00e1hiry z Hurghady dod\u00e1vkou (max. 8 osob)\"}]},{\"@type\":\"WebSite\",\"@id\":\"https:\\\/\\\/egytourpackages.com\\\/cs\\\/#website\",\"url\":\"https:\\\/\\\/egytourpackages.com\\\/cs\\\/\",\"name\":\"Egy tour packages\",\"description\":\"\",\"publisher\":{\"@id\":\"https:\\\/\\\/egytourpackages.com\\\/cs\\\/#organization\"},\"potentialAction\":[{\"@type\":\"SearchAction\",\"target\":{\"@type\":\"EntryPoint\",\"urlTemplate\":\"https:\\\/\\\/egytourpackages.com\\\/cs\\\/?s={search_term_string}\"},\"query-input\":{\"@type\":\"PropertyValueSpecification\",\"valueRequired\":true,\"valueName\":\"search_term_string\"}}],\"inLanguage\":\"cs\"},{\"@type\":[\"Organization\",\"Place\",\"TravelAgency\"],\"@id\":\"https:\\\/\\\/egytourpackages.com\\\/cs\\\/#organization\",\"name\":\"egypt tour packages\",\"alternateName\":\"egypt tour packages\",\"url\":\"https:\\\/\\\/egytourpackages.com\\\/cs\\\/\",\"logo\":{\"@id\":\"https:\\\/\\\/egytourpackages.com\\\/cs\\\/prohlidky\\\/celodenni-vylet-do-kahiry-z-hurghady-dodavkou-max-8-osob\\\/#local-main-organization-logo\"},\"image\":{\"@id\":\"https:\\\/\\\/egytourpackages.com\\\/cs\\\/prohlidky\\\/celodenni-vylet-do-kahiry-z-hurghady-dodavkou-max-8-osob\\\/#local-main-organization-logo\"},\"sameAs\":[\"https:\\\/\\\/www.facebook.com\\\/egytourpackages\"],\"legalName\":\"Egy tour packages\",\"address\":{\"@id\":\"https:\\\/\\\/egytourpackages.com\\\/cs\\\/prohlidky\\\/celodenni-vylet-do-kahiry-z-hurghady-dodavkou-max-8-osob\\\/#local-main-place-address\"},\"telephone\":[\"00201000852186\",\"00201028685533\"],\"contactPoint\":{\"@type\":\"ContactPoint\",\"telephone\":\"00201000852186\"},\"openingHoursSpecification\":[{\"@type\":\"OpeningHoursSpecification\",\"dayOfWeek\":[\"Monday\",\"Tuesday\",\"Wednesday\",\"Thursday\",\"Friday\",\"Saturday\",\"Sunday\"],\"opens\":\"00:00\",\"closes\":\"23:59\"}],\"email\":\"info@egytourpackages.com\",\"areaServed\":\"Cairo, Hurghada, Luxor, Sharm El Sheikh, Marsa Alam, Aswan\",\"priceRange\":\"$\",\"currenciesAccepted\":\"euro\",\"paymentAccepted\":\"Payment links online\"},{\"@type\":\"PostalAddress\",\"@id\":\"https:\\\/\\\/egytourpackages.com\\\/cs\\\/prohlidky\\\/celodenni-vylet-do-kahiry-z-hurghady-dodavkou-max-8-osob\\\/#local-main-place-address\",\"streetAddress\":\"Mubarak 8, Al Kawthar District, Hurghada\",\"addressLocality\":\"Hurghada\",\"postalCode\":\"84511\",\"addressRegion\":\"Red Sea\",\"addressCountry\":\"EG\"},{\"@type\":\"ImageObject\",\"inLanguage\":\"cs\",\"@id\":\"https:\\\/\\\/egytourpackages.com\\\/cs\\\/prohlidky\\\/celodenni-vylet-do-kahiry-z-hurghady-dodavkou-max-8-osob\\\/#local-main-organization-logo\",\"url\":\"https:\\\/\\\/egytourpackages.com\\\/wp-content\\\/uploads\\\/2025\\\/12\\\/Turquoise-Dahabiya-Nile-Cruise-1.jpeg\",\"contentUrl\":\"https:\\\/\\\/egytourpackages.com\\\/wp-content\\\/uploads\\\/2025\\\/12\\\/Turquoise-Dahabiya-Nile-Cruise-1.jpeg\",\"width\":1040,\"height\":694,\"caption\":\"egypt tour packages\"}]}<\/script>\n<meta property=\"product:brand\" content=\"Jednodenn\u00ed v\u00fdlety po Egypt\u011b\" \/>\n<meta property=\"product:price:amount\" content=\"65\" \/>\n<meta property=\"product:price:currency\" content=\"EUR\" \/>\n<meta property=\"og:availability\" content=\"instock\" \/>\n<meta property=\"product:availability\" content=\"instock\" \/>\n<meta property=\"product:retailer_item_id\" content=\"HDT10\" \/>\n<meta property=\"product:condition\" content=\"new\" \/>\n<meta name=\"geo.placename\" content=\"Hurghada\" \/>\n<meta name=\"geo.region\" content=\"Egypt\" \/>\n<!-- \/ Yoast SEO Premium plugin. -->","yoast_head_json":{"title":"Celodenn\u00ed v\u00fdlet do K\u00e1hiry z Hurghady dod\u00e1vkou (max. 8 osob)","description":"Celodenn\u00ed v\u00fdlet do K\u00e1hiry z Hurghady dod\u00e1vkou (max. 8 osob). Prozkoumejte pyramidy v G\u00edze, Sfingu a Egyptsk\u00e9 muzeum v mal\u00e9 skupin\u011b.","robots":{"index":"index","follow":"follow","max-snippet":"max-snippet:-1","max-image-preview":"max-image-preview:large","max-video-preview":"max-video-preview:-1"},"canonical":"https:\/\/egytourpackages.com\/cs\/prohlidky\/celodenni-vylet-do-kahiry-z-hurghady-dodavkou-max-8-osob\/","og_locale":"cs_CZ","og_type":"article","og_title":"Celodenn\u00ed v\u00fdlet do K\u00e1hiry z Hurghady dod\u00e1vkou (max. 8 osob)","og_description":"Celodenn\u00ed v\u00fdlet do K\u00e1hiry z Hurghady dod\u00e1vkou (max. 8 osob). Prozkoumejte pyramidy v G\u00edze, Sfingu a Egyptsk\u00e9 muzeum v mal\u00e9 skupin\u011b.","og_url":"https:\/\/egytourpackages.com\/cs\/prohlidky\/celodenni-vylet-do-kahiry-z-hurghady-dodavkou-max-8-osob\/","og_site_name":"Z\u00e1jezdy po Egypt\u011b","article_publisher":"https:\/\/www.facebook.com\/egytourpackages","article_modified_time":"2026-01-05T16:03:39+00:00","og_image":[{"url":"https:\/\/egytourpackages.com\/wp-content\/uploads\/2024\/07\/Akhenaten-Egyptian-Museum-1024x765.jpeg","type":"","width":"","height":""}],"twitter_card":"summary_large_image","twitter_title":"Celodenn\u00ed v\u00fdlet do K\u00e1hiry z Hurghady dod\u00e1vkou (max. 8 osob)","twitter_misc":{"Cena":"&euro;65","Dostupnost":"Skladem"},"schema":{"@context":"https:\/\/schema.org","@graph":[{"@type":"WebPage","@id":"https:\/\/egytourpackages.com\/cs\/prohlidky\/celodenni-vylet-do-kahiry-z-hurghady-dodavkou-max-8-osob\/","url":"https:\/\/egytourpackages.com\/cs\/prohlidky\/celodenni-vylet-do-kahiry-z-hurghady-dodavkou-max-8-osob\/","name":"Celodenn\u00ed v\u00fdlet do K\u00e1hiry z Hurghady dod\u00e1vkou (max. 8 osob)","isPartOf":{"@id":"https:\/\/egytourpackages.com\/cs\/#website"},"primaryImageOfPage":{"@id":"https:\/\/egytourpackages.com\/cs\/prohlidky\/celodenni-vylet-do-kahiry-z-hurghady-dodavkou-max-8-osob\/#primaryimage"},"image":{"@id":"https:\/\/egytourpackages.com\/cs\/prohlidky\/celodenni-vylet-do-kahiry-z-hurghady-dodavkou-max-8-osob\/#primaryimage"},"thumbnailUrl":"https:\/\/egytourpackages.com\/wp-content\/uploads\/2024\/07\/Akhenaten-Egyptian-Museum.jpeg","datePublished":"2024-07-24T11:10:06+00:00","dateModified":"2026-01-05T16:03:39+00:00","description":"Celodenn\u00ed v\u00fdlet do K\u00e1hiry z Hurghady dod\u00e1vkou (max. 8 osob). Prozkoumejte pyramidy v G\u00edze, Sfingu a Egyptsk\u00e9 muzeum v mal\u00e9 skupin\u011b.","breadcrumb":{"@id":"https:\/\/egytourpackages.com\/cs\/prohlidky\/celodenni-vylet-do-kahiry-z-hurghady-dodavkou-max-8-osob\/#breadcrumb"},"inLanguage":"cs","potentialAction":[{"@type":"ReadAction","target":["https:\/\/egytourpackages.com\/cs\/prohlidky\/celodenni-vylet-do-kahiry-z-hurghady-dodavkou-max-8-osob\/"]}]},{"@type":"ImageObject","inLanguage":"cs","@id":"https:\/\/egytourpackages.com\/cs\/prohlidky\/celodenni-vylet-do-kahiry-z-hurghady-dodavkou-max-8-osob\/#primaryimage","url":"https:\/\/egytourpackages.com\/wp-content\/uploads\/2024\/07\/Akhenaten-Egyptian-Museum.jpeg","contentUrl":"https:\/\/egytourpackages.com\/wp-content\/uploads\/2024\/07\/Akhenaten-Egyptian-Museum.jpeg","width":1600,"height":1196,"caption":"Celodenn\u00ed v\u00fdlet do K\u00e1hiry z Hurghady dod\u00e1vkou (max. 8 osob)"},{"@type":"BreadcrumbList","@id":"https:\/\/egytourpackages.com\/cs\/prohlidky\/celodenni-vylet-do-kahiry-z-hurghady-dodavkou-max-8-osob\/#breadcrumb","itemListElement":[{"@type":"ListItem","position":1,"name":"Dom\u016f","item":"https:\/\/egytourpackages.com\/cs\/balicky-vyletu-po-egypte\/"},{"@type":"ListItem","position":2,"name":"Shop","item":"https:\/\/egytourpackages.com\/cs\/shop\/"},{"@type":"ListItem","position":3,"name":"Celodenn\u00ed v\u00fdlet do K\u00e1hiry z Hurghady dod\u00e1vkou (max. 8 osob)"}]},{"@type":"WebSite","@id":"https:\/\/egytourpackages.com\/cs\/#website","url":"https:\/\/egytourpackages.com\/cs\/","name":"Egy tour packages","description":"","publisher":{"@id":"https:\/\/egytourpackages.com\/cs\/#organization"},"potentialAction":[{"@type":"SearchAction","target":{"@type":"EntryPoint","urlTemplate":"https:\/\/egytourpackages.com\/cs\/?s={search_term_string}"},"query-input":{"@type":"PropertyValueSpecification","valueRequired":true,"valueName":"search_term_string"}}],"inLanguage":"cs"},{"@type":["Organization","Place","TravelAgency"],"@id":"https:\/\/egytourpackages.com\/cs\/#organization","name":"egypt tour packages","alternateName":"egypt tour packages","url":"https:\/\/egytourpackages.com\/cs\/","logo":{"@id":"https:\/\/egytourpackages.com\/cs\/prohlidky\/celodenni-vylet-do-kahiry-z-hurghady-dodavkou-max-8-osob\/#local-main-organization-logo"},"image":{"@id":"https:\/\/egytourpackages.com\/cs\/prohlidky\/celodenni-vylet-do-kahiry-z-hurghady-dodavkou-max-8-osob\/#local-main-organization-logo"},"sameAs":["https:\/\/www.facebook.com\/egytourpackages"],"legalName":"Egy tour packages","address":{"@id":"https:\/\/egytourpackages.com\/cs\/prohlidky\/celodenni-vylet-do-kahiry-z-hurghady-dodavkou-max-8-osob\/#local-main-place-address"},"telephone":["00201000852186","00201028685533"],"contactPoint":{"@type":"ContactPoint","telephone":"00201000852186"},"openingHoursSpecification":[{"@type":"OpeningHoursSpecification","dayOfWeek":["Monday","Tuesday","Wednesday","Thursday","Friday","Saturday","Sunday"],"opens":"00:00","closes":"23:59"}],"email":"info@egytourpackages.com","areaServed":"Cairo, Hurghada, Luxor, Sharm El Sheikh, Marsa Alam, Aswan","priceRange":"$","currenciesAccepted":"euro","paymentAccepted":"Payment links online"},{"@type":"PostalAddress","@id":"https:\/\/egytourpackages.com\/cs\/prohlidky\/celodenni-vylet-do-kahiry-z-hurghady-dodavkou-max-8-osob\/#local-main-place-address","streetAddress":"Mubarak 8, Al Kawthar District, Hurghada","addressLocality":"Hurghada","postalCode":"84511","addressRegion":"Red Sea","addressCountry":"EG"},{"@type":"ImageObject","inLanguage":"cs","@id":"https:\/\/egytourpackages.com\/cs\/prohlidky\/celodenni-vylet-do-kahiry-z-hurghady-dodavkou-max-8-osob\/#local-main-organization-logo","url":"https:\/\/egytourpackages.com\/wp-content\/uploads\/2025\/12\/Turquoise-Dahabiya-Nile-Cruise-1.jpeg","contentUrl":"https:\/\/egytourpackages.com\/wp-content\/uploads\/2025\/12\/Turquoise-Dahabiya-Nile-Cruise-1.jpeg","width":1040,"height":694,"caption":"egypt tour packages"}]},"product_brand":"Jednodenn\u00ed v\u00fdlety po Egypt\u011b","product_price_amount":"65","product_price_currency":"EUR","og_availability":"instock","product_availability":"instock","product_retailer_item_id":"HDT10","product_condition":"new","geo.placename":"Hurghada","geo.region":"Egypt"},"_links":{"self":[{"href":"https:\/\/egytourpackages.com\/cs\/wp-json\/wp\/v2\/product\/4540","targetHints":{"allow":["GET"]}}],"collection":[{"href":"https:\/\/egytourpackages.com\/cs\/wp-json\/wp\/v2\/product"}],"about":[{"href":"https:\/\/egytourpackages.com\/cs\/wp-json\/wp\/v2\/types\/product"}],"replies":[{"embeddable":true,"href":"https:\/\/egytourpackages.com\/cs\/wp-json\/wp\/v2\/comments?post=4540"}],"wp:featuredmedia":[{"embeddable":true,"href":"https:\/\/egytourpackages.com\/cs\/wp-json\/wp\/v2\/media\/3473"}],"wp:attachment":[{"href":"https:\/\/egytourpackages.com\/cs\/wp-json\/wp\/v2\/media?parent=4540"}],"wp:term":[{"taxonomy":"product_brand","embeddable":true,"href":"https:\/\/egytourpackages.com\/cs\/wp-json\/wp\/v2\/product_brand?post=4540"},{"taxonomy":"product_cat","embeddable":true,"href":"https:\/\/egytourpackages.com\/cs\/wp-json\/wp\/v2\/product_cat?post=4540"},{"taxonomy":"product_tag","embeddable":true,"href":"https:\/\/egytourpackages.com\/cs\/wp-json\/wp\/v2\/product_tag?post=4540"}],"curies":[{"name":"wp","href":"https:\/\/api.w.org\/{rel}","templated":true}]}}