{"id":4541,"date":"2024-06-19T02:23:03","date_gmt":"2024-06-19T02:23:03","guid":{"rendered":"https:\/\/egytourpackages.com\/product\/puldenni-vylet-k-pyramidam-v-kahire\/"},"modified":"2026-01-12T23:43:43","modified_gmt":"2026-01-12T23:43:43","slug":"puldenni-vylet-k-pyramidam-v-kahire","status":"publish","type":"product","link":"https:\/\/egytourpackages.com\/cs\/prohlidky\/puldenni-vylet-k-pyramidam-v-kahire\/","title":{"rendered":"P\u016fldenn\u00ed prohl\u00eddka pyramid v G\u00edze a Sfingy z K\u00e1hiry"},"content":{"rendered":"<p><span style=\"color: #ff6600;\"><strong>P\u016fldenn\u00ed prohl\u00eddka pyramid v G\u00edze a Sfingy z K\u00e1hiry<\/strong><\/span><\/p>\n<p>Vydejte se na nezapomenutelnou <strong>P\u016fldenn\u00ed prohl\u00eddku pyramid v K\u00e1hi\u0159e<\/strong>, navr\u017eenou pro cestovatele, kte\u0159\u00ed cht\u011bj\u00ed za\u017e\u00edt nejikoni\u010dt\u011bj\u0161\u00ed divy <strong>Starov\u011bk\u00e9ho Egypta<\/strong>. Tato <strong>soukrom\u00e1 prohl\u00eddka<\/strong> nab\u00edz\u00ed jedine\u010dnou p\u0159\u00edle\u017eitost prozkoumat legend\u00e1rn\u00ed <strong>Komplex pyramid v G\u00edze<\/strong>, v\u010detn\u011b velkolep\u00e9 <strong>Velk\u00e9 pyramidy Chufu (Cheopse)<\/strong>, <strong>Pyramidy Rachef (Chefrena)<\/strong> a <strong>Pyramidy Menkaureho<\/strong>.<\/p>\n<p>Ve skute\u010dnosti je tato <strong>P\u016fldenn\u00ed prohl\u00eddka pyramid v K\u00e1hi\u0159e<\/strong> <strong>ide\u00e1ln\u00ed pro ty, kte\u0159\u00ed maj\u00ed omezen\u00fd \u010das<\/strong> nebo hledaj\u00ed c\u00edlen\u00e9 pozn\u00e1v\u00e1n\u00ed. Obdivujte z\u00e1hadnou <strong>Velkou sfingu<\/strong>, str\u00e1\u017ekyni <strong>nekropole v G\u00edze<\/strong>, a pono\u0159te se do fascinuj\u00edc\u00edch p\u0159\u00edb\u011bh\u016f za t\u011bmito <strong>starov\u011bk\u00fdmi divy sv\u011bta<\/strong> s na\u0161\u00edm zku\u0161en\u00fdm <strong>pr\u016fvodcem egyptologem<\/strong>. Va\u0161e dobrodru\u017estv\u00ed v r\u00e1mci <strong>prohl\u00eddky K\u00e1hiry<\/strong> zahrnuje pohodlnou, <strong>klimatizovanou dopravu<\/strong> p\u0159\u00edmo z va\u0161eho <strong>k\u00e1hirsk\u00e9ho hotelu<\/strong>. Objevte z\u00e1hady <strong>\u00dadoln\u00edho chr\u00e1mu<\/strong>, bu\u010fte sv\u011bdky architektonick\u00e9 geniality a po\u0159i\u010fte ohromuj\u00edc\u00ed <strong>fotografie pyramid<\/strong>.<\/p>\n<p>Rezervace <strong>k\u00e1hirsk\u00fdch exkurz\u00ed<\/strong> k pyramid\u00e1m v G\u00edze znamen\u00e1, \u017ee se dozv\u00edte o tajemstv\u00edch pyramid, pyramidov\u00fdch textech b\u011bhem <strong>4. dynastie<\/strong>, <strong>Star\u00e9 \u0159\u00ed\u0161i<\/strong>. Mezit\u00edm m\u016f\u017eete prozkoumat <strong>hrobky stavitel\u016f pyramid<\/strong>, <strong>Kr\u00e1lovninu pyramidu<\/strong>, <strong>Jamy na lod\u011b<\/strong> a dal\u0161\u00ed. Kontaktujte n\u00e1s a dovolte n\u00e1m vytvo\u0159it pro v\u00e1s celo\u017eivotn\u00ed vzpom\u00ednky.<\/p>\n<p><strong>Detaily prohl\u00eddky<\/strong><\/p>\n<ul>\n<li>D\u00e9lka: P\u016fl dne<\/li>\n<li>M\u00edsto prohl\u00eddky: K\u00e1hira \/ G\u00edza<\/li>\n<li>Dostupnost prohl\u00eddky: Ka\u017ed\u00fd den<\/li>\n<li>Vyzvednut\u00ed a odvoz: V\u00e1\u0161 hotel v K\u00e1hi\u0159e \/ G\u00edze<\/li>\n<li>Typ prohl\u00eddky: Soukrom\u00e1<\/li>\n<li>Bezbari\u00e9rov\u00fd p\u0159\u00edstup: Ano (pro voz\u00ed\u010dk\u00e1\u0159e)<\/li>\n<\/ul>\n<p><strong>Nejv\u00fdznamn\u011bj\u0161\u00ed body prohl\u00eddky<\/strong><\/p>\n<ul>\n<li>Cheopsova pyramida<\/li>\n<li>Chefrenova pyramida<\/li>\n<li>Menkaureova pyramida<\/li>\n<li>Kr\u00e1lovnina pyramida<\/li>\n<li>\u00dadoln\u00ed chr\u00e1m<\/li>\n<li>Velk\u00e1 sfinga<\/li>\n<\/ul>\n<p><strong>Zahrnuto<\/strong><\/p>\n<ul>\n<li>Zp\u00e1te\u010dn\u00ed transfer modern\u00edm vozidlem s klimatizac\u00ed<\/li>\n<li>Vstupn\u00e9 na v\u0161echny pam\u00e1tky<\/li>\n<li>Expert pr\u016fvodce egyptolog<\/li>\n<li>Ob\u011bd v m\u00edstn\u00ed restauraci<\/li>\n<\/ul>\n<p><strong>Vylou\u010deno<\/strong><\/p>\n<ul>\n<li>N\u00e1poje b\u011bhem ob\u011bda<\/li>\n<li>Vstupn\u00e9 do Cheopsovy pyramidy<\/li>\n<li>Vstupn\u00e9 do Chefrenovy pyramidy<\/li>\n<li>Spropitn\u00e9<\/li>\n<\/ul>\n<p><strong>Co si sbalit<\/strong><\/p>\n<ul>\n<li>Klobouk, slune\u010dn\u00ed br\u00fdle a opalovac\u00ed kr\u00e9m<\/li>\n<li>Pohodln\u00e9 boty a oble\u010den\u00ed<\/li>\n<\/ul>\n<p><strong>Itiner\u00e1\u0159<\/strong><\/p>\n<p>Va\u0161e prohl\u00eddka egyptsk\u00fdch pyramid za\u010d\u00edn\u00e1 setk\u00e1n\u00edm s va\u0161\u00edm <strong>pr\u016fvodcem egyptologem<\/strong> ve vstupn\u00ed hale va\u0161eho hotelu. Za\u010dn\u011bte sv\u00e9 atrakce v G\u00edze s <strong>Komplexem pyramid v G\u00edze<\/strong>.<\/p>\n<p><strong>Komplex pyramid v G\u00edze<\/strong><\/p>\n<p><strong>Pyramidy v G\u00edze<\/strong> pro <strong>Cheopse, Chefrena<\/strong> a <strong>Menkaureho<\/strong> jsou na vrcholu <strong>turistick\u00fdch atrakc\u00ed Egypta<\/strong> a <strong>z\u00e1jezd\u016f do Egypta<\/strong>. B\u011bhem va\u0161\u00ed prohl\u00eddky se dozv\u00edte o <strong>poh\u0159ebn\u00edch zvyklostech ve starov\u011bk\u00e9m Egypt\u011b<\/strong>, <strong>starov\u011bk\u00e9 egyptsk\u00e9 historii<\/strong> a <strong>starov\u011bk\u00e9m egyptsk\u00e9m n\u00e1bo\u017eenstv\u00ed<\/strong>. Krom\u011b toho je zde mo\u017enost vstoupit do <strong>Cheopsovy pyramidy<\/strong>, <strong>Menkaureovy pyramidy<\/strong> nebo jedn\u00e9 z <strong>kr\u00e1lovnin\u00fdch pyramid<\/strong>.<\/p>\n<p><strong>Cheopsova pyramida<\/strong><\/p>\n<p>Za\u010dn\u011bte svou prohl\u00eddku egyptsk\u00fdch pyramid s jedin\u00fdm divem ze sedmi starov\u011bk\u00fdch div\u016f, <strong>Velkou pyramidou Cheopse<\/strong>. Dozv\u00edte se o <strong>architektonick\u00e9m talentu<\/strong> a <strong>technick\u00fdch schopnostech star\u00fdch Egyp\u0165an\u016f<\/strong>. Nav\u00edc se m\u016f\u017eete proj\u00edt kolem <strong>Cheopsovy pyramidy<\/strong> a prohl\u00e9dnout si ruiny <strong>Chr\u00e1mu o\u010di\u0161t\u011bn\u00ed<\/strong>, <strong>Kr\u00e1lovnin\u00fdch pyramid<\/strong> a <strong>hrobek stavitel\u016f pyramid<\/strong>.<\/p>\n<p><strong>Menkaureova pyramida<\/strong><\/p>\n<p>Nejmen\u0161\u00ed z pyramid v G\u00edze a jedin\u00e1 s \u017eulov\u00fdm pl\u00e1\u0161t\u011bm a t\u0159emi vedlej\u0161\u00edmi pyramidami vedle n\u00ed. Do pyramidy m\u016f\u017eete vstoupit za poplatek nebo si u\u017e\u00edt <strong>j\u00edzdu na velbloudu<\/strong> do panoramatick\u00e9 oblasti.<\/p>\n<p><strong>\u00dadoln\u00ed chr\u00e1m<\/strong><\/p>\n<p><strong>\u00dadoln\u00ed chr\u00e1m<\/strong> je sou\u010d\u00e1st\u00ed pyramidov\u00e9ho komplexu, nebo\u0165 to bylo m\u00edsto, kde se na kr\u00e1lovsk\u00e9 mumii prov\u00e1d\u011bl <strong>Ob\u0159ad otev\u0159en\u00ed \u00fast<\/strong>. N\u011bkte\u0159\u00ed historici tak\u00e9 v\u011b\u0159\u00ed, \u017ee pr\u00e1v\u011b zde se ve <strong>starov\u011bk\u00e9m Egypt\u011b<\/strong> praktikovala <strong>mumifikace<\/strong>.<\/p>\n<p><strong>Velk\u00e1 sfinga<\/strong><\/p>\n<p>Mohutn\u00e1 socha m\u011b\u0159\u00edc\u00ed 73 metr\u016f na d\u00e9lku a 20 metr\u016f na v\u00fd\u0161ku s lidskou hlavou a t\u011blem lva. Ve skute\u010dnosti se v\u011b\u0159\u00ed, \u017ee <strong>Velk\u00e1 sfinga<\/strong> byla vytes\u00e1na b\u011bhem <strong>Star\u00e9 \u0159\u00ed\u0161e<\/strong> faraonem <strong>Rachefem<\/strong>. P\u0159ed sfingou byl postaven <strong>slune\u010dn\u00ed chr\u00e1m<\/strong> kr\u00e1li 5. dynastie. Ztracen\u00fd vous Sfingy se nyn\u00ed nach\u00e1z\u00ed mezi Britsk\u00fdm muzeem a K\u00e1hirsk\u00fdm muzeem. Nakonec, <strong>Stele sn\u016f<\/strong> mezi tlapami Sfingy, poch\u00e1zej\u00edc\u00ed od prince <strong>Thutmose IV.<\/strong>, je vrcholem sochy.<\/p>\n<p><strong>Ob\u011bd<\/strong><\/p>\n<p>U\u017eijte si ob\u011bd v m\u00edstn\u00ed restauraci, ne\u017e se vr\u00e1t\u00edte do sv\u00e9ho hotelu.<\/p>\n<p><strong>Cena p\u016fldenn\u00ed prohl\u00eddky pyramid v K\u00e1hi\u0159e, Egypt<\/strong><\/p>\n<ul>\n<li>Cena pro dosp\u011bl\u00e9 = 90 \u20ac<\/li>\n<li>D\u011bti 0-5 let = zdarma<\/li>\n<li>D\u011bti 5-11 let = 50 % z ceny pro dosp\u011bl\u00e9<\/li>\n<\/ul>\n<p><strong>Rezervace<\/strong><\/p>\n<p>Sv\u00e9 <strong>P\u016fldenn\u00ed prohl\u00eddka pyramid v G\u00edze a Sfingy z K\u00e1hiry <\/strong>si m\u016f\u017eete rezervovat p\u0159es WhatsApp nebo n\u00e1m poslat e-mail a potvrzen\u00ed obdr\u017e\u00edte ihned.<\/p>\n<p>Laskav\u011b n\u00e1m za\u0161lete <strong>n\u00e1zev va\u0161eho hotelu, \u010d\u00edslo pokoje, kopie pas\u016f<\/strong>.<\/p>\n<p>WhatsApp: +201000852186<\/p>\n<p>info@egytourpackages.com<\/p>\n<p><strong>Rezervujte nyn\u00ed a zapla\u0165te na m\u00edst\u011b<\/strong><\/p>\n<p>Zarezervujte si sv\u016fj obl\u00edben\u00fd z\u00e1jezd a zapla\u0165te v den v\u00fdletu.<\/p>\n<p><strong>Platba<\/strong><\/p>\n<p>M\u016f\u017eete platit egyptsk\u00fdmi librami, $, \u20ac nebo \u00a3.<\/p>\n<p><strong>Storno podm\u00ednky<\/strong><\/p>\n<ul>\n<li>Zru\u0161en\u00ed je zdarma a\u017e 24 hodin p\u0159edem<\/li>\n<li>Rann\u00ed zru\u0161en\u00ed je 50 % z ceny<\/li>\n<\/ul>\n","protected":false},"excerpt":{"rendered":"<p>P\u016fldenn\u00ed prohl\u00eddka pyramid v G\u00edze a Sfingy z K\u00e1hiry: Prozkoumejte Pyramidy v G\u00edze a Sfingu s vlastn\u00edm egyptologick\u00fdm pr\u016fvodcem. Ide\u00e1ln\u00ed pro rychl\u00e9 objevy!<\/p>\n","protected":false},"featured_media":3233,"comment_status":"open","ping_status":"closed","template":"","meta":[],"product_brand":[],"product_cat":[1466],"product_tag":[2373,1470],"class_list":{"0":"post-4541","1":"product","2":"type-product","3":"status-publish","4":"has-post-thumbnail","6":"product_cat-vylety","7":"product_tag-jednodenni-vylety-kahira","8":"product_tag-jednodenni-vylety-po-egypte","9":"tour_category-jednodenni-vylet-do-kahiry","10":"tour_category-jednodenni-vylety-po-egypte-cs","12":"first","13":"instock","14":"sale","15":"shipping-taxable","16":"purchasable","17":"product-type-tour","18":"has-default-attributes"},"yoast_head":"<!-- This site is optimized with the Yoast SEO Premium plugin v27.4 (Yoast SEO v27.4) - https:\/\/yoast.com\/product\/yoast-seo-premium-wordpress\/ -->\n<title>P\u016fldenn\u00ed prohl\u00eddka pyramid v G\u00edze a Sfingy z K\u00e1hiry | Rezervujte zdarma<\/title>\n<meta name=\"description\" content=\"P\u016fldenn\u00ed prohl\u00eddka pyramid v G\u00edze a Sfingy z K\u00e1hiry: Prozkoumejte Pyramidy v G\u00edze a Sfingu s vlastn\u00edm egyptologick\u00fdm pr\u016fvodcem. Ide\u00e1ln\u00ed pro rychl\u00e9 objevy!\" \/>\n<meta name=\"robots\" content=\"index, follow, max-snippet:-1, max-image-preview:large, max-video-preview:-1\" \/>\n<link rel=\"canonical\" href=\"https:\/\/egytourpackages.com\/cs\/prohlidky\/puldenni-vylet-k-pyramidam-v-kahire\/\" \/>\n<meta property=\"og:locale\" content=\"cs_CZ\" \/>\n<meta property=\"og:type\" content=\"article\" \/>\n<meta property=\"og:title\" content=\"P\u016fldenn\u00ed prohl\u00eddka pyramid v G\u00edze a Sfingy z K\u00e1hiry\" \/>\n<meta property=\"og:description\" content=\"P\u016fldenn\u00ed prohl\u00eddka pyramid v G\u00edze a Sfingy z K\u00e1hiry: Prozkoumejte Pyramidy v G\u00edze a Sfingu s vlastn\u00edm egyptologick\u00fdm pr\u016fvodcem. Ide\u00e1ln\u00ed pro rychl\u00e9 objevy!\" \/>\n<meta property=\"og:url\" content=\"https:\/\/egytourpackages.com\/cs\/prohlidky\/puldenni-vylet-k-pyramidam-v-kahire\/\" \/>\n<meta property=\"og:site_name\" content=\"Z\u00e1jezdy po Egypt\u011b\" \/>\n<meta property=\"article:publisher\" content=\"https:\/\/www.facebook.com\/egytourpackages\" \/>\n<meta property=\"article:modified_time\" content=\"2026-01-12T23:43:43+00:00\" \/>\n<meta property=\"og:image\" content=\"https:\/\/egytourpackages.com\/wp-content\/uploads\/2024\/06\/Egypt-Pyramids-tour-1024x768.jpg\" \/>\n<meta name=\"twitter:card\" content=\"summary_large_image\" \/>\n<meta name=\"twitter:title\" content=\"P\u016fldenn\u00ed prohl\u00eddka pyramid v G\u00edze a Sfingy z K\u00e1hiry\" \/>\n<meta name=\"twitter:label1\" content=\"Cena\" \/>\n\t<meta name=\"twitter:data1\" content=\"&euro;90\" \/>\n\t<meta name=\"twitter:label2\" content=\"Dostupnost\" \/>\n\t<meta name=\"twitter:data2\" content=\"Skladem\" \/>\n<script type=\"application\/ld+json\" class=\"yoast-schema-graph\">{\"@context\":\"https:\\\/\\\/schema.org\",\"@graph\":[{\"@type\":\"WebPage\",\"@id\":\"https:\\\/\\\/egytourpackages.com\\\/cs\\\/prohlidky\\\/puldenni-vylet-k-pyramidam-v-kahire\\\/\",\"url\":\"https:\\\/\\\/egytourpackages.com\\\/cs\\\/prohlidky\\\/puldenni-vylet-k-pyramidam-v-kahire\\\/\",\"name\":\"P\u016fldenn\u00ed prohl\u00eddka pyramid v G\u00edze a Sfingy z K\u00e1hiry | Rezervujte zdarma\",\"isPartOf\":{\"@id\":\"https:\\\/\\\/egytourpackages.com\\\/cs\\\/#website\"},\"primaryImageOfPage\":{\"@id\":\"https:\\\/\\\/egytourpackages.com\\\/cs\\\/prohlidky\\\/puldenni-vylet-k-pyramidam-v-kahire\\\/#primaryimage\"},\"image\":{\"@id\":\"https:\\\/\\\/egytourpackages.com\\\/cs\\\/prohlidky\\\/puldenni-vylet-k-pyramidam-v-kahire\\\/#primaryimage\"},\"thumbnailUrl\":\"https:\\\/\\\/egytourpackages.com\\\/wp-content\\\/uploads\\\/2024\\\/06\\\/Egypt-Pyramids-tour.jpg\",\"datePublished\":\"2024-06-19T02:23:03+00:00\",\"dateModified\":\"2026-01-12T23:43:43+00:00\",\"description\":\"P\u016fldenn\u00ed prohl\u00eddka pyramid v G\u00edze a Sfingy z K\u00e1hiry: Prozkoumejte Pyramidy v G\u00edze a Sfingu s vlastn\u00edm egyptologick\u00fdm pr\u016fvodcem. Ide\u00e1ln\u00ed pro rychl\u00e9 objevy!\",\"breadcrumb\":{\"@id\":\"https:\\\/\\\/egytourpackages.com\\\/cs\\\/prohlidky\\\/puldenni-vylet-k-pyramidam-v-kahire\\\/#breadcrumb\"},\"inLanguage\":\"cs\",\"potentialAction\":[{\"@type\":\"ReadAction\",\"target\":[\"https:\\\/\\\/egytourpackages.com\\\/cs\\\/prohlidky\\\/puldenni-vylet-k-pyramidam-v-kahire\\\/\"]}]},{\"@type\":\"ImageObject\",\"inLanguage\":\"cs\",\"@id\":\"https:\\\/\\\/egytourpackages.com\\\/cs\\\/prohlidky\\\/puldenni-vylet-k-pyramidam-v-kahire\\\/#primaryimage\",\"url\":\"https:\\\/\\\/egytourpackages.com\\\/wp-content\\\/uploads\\\/2024\\\/06\\\/Egypt-Pyramids-tour.jpg\",\"contentUrl\":\"https:\\\/\\\/egytourpackages.com\\\/wp-content\\\/uploads\\\/2024\\\/06\\\/Egypt-Pyramids-tour.jpg\",\"width\":2000,\"height\":1500,\"caption\":\"P\u016fldenn\u00ed prohl\u00eddka pyramid v G\u00edze a Sfingy z K\u00e1hiry: Prozkoumejte Pyramidy v G\u00edze a Sfingu s vlastn\u00edm egyptologick\u00fdm pr\u016fvodcem. Ide\u00e1ln\u00ed pro rychl\u00e9 objevy!\"},{\"@type\":\"BreadcrumbList\",\"@id\":\"https:\\\/\\\/egytourpackages.com\\\/cs\\\/prohlidky\\\/puldenni-vylet-k-pyramidam-v-kahire\\\/#breadcrumb\",\"itemListElement\":[{\"@type\":\"ListItem\",\"position\":1,\"name\":\"Dom\u016f\",\"item\":\"https:\\\/\\\/egytourpackages.com\\\/cs\\\/balicky-vyletu-po-egypte\\\/\"},{\"@type\":\"ListItem\",\"position\":2,\"name\":\"Shop\",\"item\":\"https:\\\/\\\/egytourpackages.com\\\/cs\\\/shop\\\/\"},{\"@type\":\"ListItem\",\"position\":3,\"name\":\"P\u016fldenn\u00ed prohl\u00eddka pyramid v G\u00edze a Sfingy z K\u00e1hiry\"}]},{\"@type\":\"WebSite\",\"@id\":\"https:\\\/\\\/egytourpackages.com\\\/cs\\\/#website\",\"url\":\"https:\\\/\\\/egytourpackages.com\\\/cs\\\/\",\"name\":\"Egy tour packages\",\"description\":\"\",\"publisher\":{\"@id\":\"https:\\\/\\\/egytourpackages.com\\\/cs\\\/#organization\"},\"potentialAction\":[{\"@type\":\"SearchAction\",\"target\":{\"@type\":\"EntryPoint\",\"urlTemplate\":\"https:\\\/\\\/egytourpackages.com\\\/cs\\\/?s={search_term_string}\"},\"query-input\":{\"@type\":\"PropertyValueSpecification\",\"valueRequired\":true,\"valueName\":\"search_term_string\"}}],\"inLanguage\":\"cs\"},{\"@type\":[\"Organization\",\"Place\",\"TravelAgency\"],\"@id\":\"https:\\\/\\\/egytourpackages.com\\\/cs\\\/#organization\",\"name\":\"egypt tour packages\",\"alternateName\":\"egypt tour packages\",\"url\":\"https:\\\/\\\/egytourpackages.com\\\/cs\\\/\",\"logo\":{\"@id\":\"https:\\\/\\\/egytourpackages.com\\\/cs\\\/prohlidky\\\/puldenni-vylet-k-pyramidam-v-kahire\\\/#local-main-organization-logo\"},\"image\":{\"@id\":\"https:\\\/\\\/egytourpackages.com\\\/cs\\\/prohlidky\\\/puldenni-vylet-k-pyramidam-v-kahire\\\/#local-main-organization-logo\"},\"sameAs\":[\"https:\\\/\\\/www.facebook.com\\\/egytourpackages\"],\"legalName\":\"Egy tour packages\",\"address\":{\"@id\":\"https:\\\/\\\/egytourpackages.com\\\/cs\\\/prohlidky\\\/puldenni-vylet-k-pyramidam-v-kahire\\\/#local-main-place-address\"},\"telephone\":[\"00201000852186\",\"00201028685533\"],\"contactPoint\":{\"@type\":\"ContactPoint\",\"telephone\":\"00201000852186\"},\"openingHoursSpecification\":[{\"@type\":\"OpeningHoursSpecification\",\"dayOfWeek\":[\"Monday\",\"Tuesday\",\"Wednesday\",\"Thursday\",\"Friday\",\"Saturday\",\"Sunday\"],\"opens\":\"00:00\",\"closes\":\"23:59\"}],\"email\":\"info@egytourpackages.com\",\"areaServed\":\"Cairo, Hurghada, Luxor, Sharm El Sheikh, Marsa Alam, Aswan\",\"priceRange\":\"$\",\"currenciesAccepted\":\"euro\",\"paymentAccepted\":\"Payment links online\"},{\"@type\":\"PostalAddress\",\"@id\":\"https:\\\/\\\/egytourpackages.com\\\/cs\\\/prohlidky\\\/puldenni-vylet-k-pyramidam-v-kahire\\\/#local-main-place-address\",\"streetAddress\":\"Mubarak 8, Al Kawthar District, Hurghada\",\"addressLocality\":\"Hurghada\",\"postalCode\":\"84511\",\"addressRegion\":\"Red Sea\",\"addressCountry\":\"EG\"},{\"@type\":\"ImageObject\",\"inLanguage\":\"cs\",\"@id\":\"https:\\\/\\\/egytourpackages.com\\\/cs\\\/prohlidky\\\/puldenni-vylet-k-pyramidam-v-kahire\\\/#local-main-organization-logo\",\"url\":\"https:\\\/\\\/egytourpackages.com\\\/wp-content\\\/uploads\\\/2025\\\/12\\\/Turquoise-Dahabiya-Nile-Cruise-1.jpeg\",\"contentUrl\":\"https:\\\/\\\/egytourpackages.com\\\/wp-content\\\/uploads\\\/2025\\\/12\\\/Turquoise-Dahabiya-Nile-Cruise-1.jpeg\",\"width\":1040,\"height\":694,\"caption\":\"egypt tour packages\"}]}<\/script>\n<meta property=\"product:brand\" content=\"Jednodenn\u00ed v\u00fdlet do K\u00e1hiry\" \/>\n<meta property=\"product:price:amount\" content=\"90\" \/>\n<meta property=\"product:price:currency\" content=\"EUR\" \/>\n<meta property=\"og:availability\" content=\"instock\" \/>\n<meta property=\"product:availability\" content=\"instock\" \/>\n<meta property=\"product:retailer_item_id\" content=\"CDT08\" \/>\n<meta property=\"product:condition\" content=\"new\" \/>\n<meta name=\"geo.placename\" content=\"Hurghada\" \/>\n<meta name=\"geo.region\" content=\"Egypt\" \/>\n<!-- \/ Yoast SEO Premium plugin. -->","yoast_head_json":{"title":"P\u016fldenn\u00ed prohl\u00eddka pyramid v G\u00edze a Sfingy z K\u00e1hiry | Rezervujte zdarma","description":"P\u016fldenn\u00ed prohl\u00eddka pyramid v G\u00edze a Sfingy z K\u00e1hiry: Prozkoumejte Pyramidy v G\u00edze a Sfingu s vlastn\u00edm egyptologick\u00fdm pr\u016fvodcem. Ide\u00e1ln\u00ed pro rychl\u00e9 objevy!","robots":{"index":"index","follow":"follow","max-snippet":"max-snippet:-1","max-image-preview":"max-image-preview:large","max-video-preview":"max-video-preview:-1"},"canonical":"https:\/\/egytourpackages.com\/cs\/prohlidky\/puldenni-vylet-k-pyramidam-v-kahire\/","og_locale":"cs_CZ","og_type":"article","og_title":"P\u016fldenn\u00ed prohl\u00eddka pyramid v G\u00edze a Sfingy z K\u00e1hiry","og_description":"P\u016fldenn\u00ed prohl\u00eddka pyramid v G\u00edze a Sfingy z K\u00e1hiry: Prozkoumejte Pyramidy v G\u00edze a Sfingu s vlastn\u00edm egyptologick\u00fdm pr\u016fvodcem. Ide\u00e1ln\u00ed pro rychl\u00e9 objevy!","og_url":"https:\/\/egytourpackages.com\/cs\/prohlidky\/puldenni-vylet-k-pyramidam-v-kahire\/","og_site_name":"Z\u00e1jezdy po Egypt\u011b","article_publisher":"https:\/\/www.facebook.com\/egytourpackages","article_modified_time":"2026-01-12T23:43:43+00:00","og_image":[{"url":"https:\/\/egytourpackages.com\/wp-content\/uploads\/2024\/06\/Egypt-Pyramids-tour-1024x768.jpg","type":"","width":"","height":""}],"twitter_card":"summary_large_image","twitter_title":"P\u016fldenn\u00ed prohl\u00eddka pyramid v G\u00edze a Sfingy z K\u00e1hiry","twitter_misc":{"Cena":"&euro;90","Dostupnost":"Skladem"},"schema":{"@context":"https:\/\/schema.org","@graph":[{"@type":"WebPage","@id":"https:\/\/egytourpackages.com\/cs\/prohlidky\/puldenni-vylet-k-pyramidam-v-kahire\/","url":"https:\/\/egytourpackages.com\/cs\/prohlidky\/puldenni-vylet-k-pyramidam-v-kahire\/","name":"P\u016fldenn\u00ed prohl\u00eddka pyramid v G\u00edze a Sfingy z K\u00e1hiry | Rezervujte zdarma","isPartOf":{"@id":"https:\/\/egytourpackages.com\/cs\/#website"},"primaryImageOfPage":{"@id":"https:\/\/egytourpackages.com\/cs\/prohlidky\/puldenni-vylet-k-pyramidam-v-kahire\/#primaryimage"},"image":{"@id":"https:\/\/egytourpackages.com\/cs\/prohlidky\/puldenni-vylet-k-pyramidam-v-kahire\/#primaryimage"},"thumbnailUrl":"https:\/\/egytourpackages.com\/wp-content\/uploads\/2024\/06\/Egypt-Pyramids-tour.jpg","datePublished":"2024-06-19T02:23:03+00:00","dateModified":"2026-01-12T23:43:43+00:00","description":"P\u016fldenn\u00ed prohl\u00eddka pyramid v G\u00edze a Sfingy z K\u00e1hiry: Prozkoumejte Pyramidy v G\u00edze a Sfingu s vlastn\u00edm egyptologick\u00fdm pr\u016fvodcem. Ide\u00e1ln\u00ed pro rychl\u00e9 objevy!","breadcrumb":{"@id":"https:\/\/egytourpackages.com\/cs\/prohlidky\/puldenni-vylet-k-pyramidam-v-kahire\/#breadcrumb"},"inLanguage":"cs","potentialAction":[{"@type":"ReadAction","target":["https:\/\/egytourpackages.com\/cs\/prohlidky\/puldenni-vylet-k-pyramidam-v-kahire\/"]}]},{"@type":"ImageObject","inLanguage":"cs","@id":"https:\/\/egytourpackages.com\/cs\/prohlidky\/puldenni-vylet-k-pyramidam-v-kahire\/#primaryimage","url":"https:\/\/egytourpackages.com\/wp-content\/uploads\/2024\/06\/Egypt-Pyramids-tour.jpg","contentUrl":"https:\/\/egytourpackages.com\/wp-content\/uploads\/2024\/06\/Egypt-Pyramids-tour.jpg","width":2000,"height":1500,"caption":"P\u016fldenn\u00ed prohl\u00eddka pyramid v G\u00edze a Sfingy z K\u00e1hiry: Prozkoumejte Pyramidy v G\u00edze a Sfingu s vlastn\u00edm egyptologick\u00fdm pr\u016fvodcem. Ide\u00e1ln\u00ed pro rychl\u00e9 objevy!"},{"@type":"BreadcrumbList","@id":"https:\/\/egytourpackages.com\/cs\/prohlidky\/puldenni-vylet-k-pyramidam-v-kahire\/#breadcrumb","itemListElement":[{"@type":"ListItem","position":1,"name":"Dom\u016f","item":"https:\/\/egytourpackages.com\/cs\/balicky-vyletu-po-egypte\/"},{"@type":"ListItem","position":2,"name":"Shop","item":"https:\/\/egytourpackages.com\/cs\/shop\/"},{"@type":"ListItem","position":3,"name":"P\u016fldenn\u00ed prohl\u00eddka pyramid v G\u00edze a Sfingy z K\u00e1hiry"}]},{"@type":"WebSite","@id":"https:\/\/egytourpackages.com\/cs\/#website","url":"https:\/\/egytourpackages.com\/cs\/","name":"Egy tour packages","description":"","publisher":{"@id":"https:\/\/egytourpackages.com\/cs\/#organization"},"potentialAction":[{"@type":"SearchAction","target":{"@type":"EntryPoint","urlTemplate":"https:\/\/egytourpackages.com\/cs\/?s={search_term_string}"},"query-input":{"@type":"PropertyValueSpecification","valueRequired":true,"valueName":"search_term_string"}}],"inLanguage":"cs"},{"@type":["Organization","Place","TravelAgency"],"@id":"https:\/\/egytourpackages.com\/cs\/#organization","name":"egypt tour packages","alternateName":"egypt tour packages","url":"https:\/\/egytourpackages.com\/cs\/","logo":{"@id":"https:\/\/egytourpackages.com\/cs\/prohlidky\/puldenni-vylet-k-pyramidam-v-kahire\/#local-main-organization-logo"},"image":{"@id":"https:\/\/egytourpackages.com\/cs\/prohlidky\/puldenni-vylet-k-pyramidam-v-kahire\/#local-main-organization-logo"},"sameAs":["https:\/\/www.facebook.com\/egytourpackages"],"legalName":"Egy tour packages","address":{"@id":"https:\/\/egytourpackages.com\/cs\/prohlidky\/puldenni-vylet-k-pyramidam-v-kahire\/#local-main-place-address"},"telephone":["00201000852186","00201028685533"],"contactPoint":{"@type":"ContactPoint","telephone":"00201000852186"},"openingHoursSpecification":[{"@type":"OpeningHoursSpecification","dayOfWeek":["Monday","Tuesday","Wednesday","Thursday","Friday","Saturday","Sunday"],"opens":"00:00","closes":"23:59"}],"email":"info@egytourpackages.com","areaServed":"Cairo, Hurghada, Luxor, Sharm El Sheikh, Marsa Alam, Aswan","priceRange":"$","currenciesAccepted":"euro","paymentAccepted":"Payment links online"},{"@type":"PostalAddress","@id":"https:\/\/egytourpackages.com\/cs\/prohlidky\/puldenni-vylet-k-pyramidam-v-kahire\/#local-main-place-address","streetAddress":"Mubarak 8, Al Kawthar District, Hurghada","addressLocality":"Hurghada","postalCode":"84511","addressRegion":"Red Sea","addressCountry":"EG"},{"@type":"ImageObject","inLanguage":"cs","@id":"https:\/\/egytourpackages.com\/cs\/prohlidky\/puldenni-vylet-k-pyramidam-v-kahire\/#local-main-organization-logo","url":"https:\/\/egytourpackages.com\/wp-content\/uploads\/2025\/12\/Turquoise-Dahabiya-Nile-Cruise-1.jpeg","contentUrl":"https:\/\/egytourpackages.com\/wp-content\/uploads\/2025\/12\/Turquoise-Dahabiya-Nile-Cruise-1.jpeg","width":1040,"height":694,"caption":"egypt tour packages"}]},"product_brand":"Jednodenn\u00ed v\u00fdlet do K\u00e1hiry","product_price_amount":"90","product_price_currency":"EUR","og_availability":"instock","product_availability":"instock","product_retailer_item_id":"CDT08","product_condition":"new","geo.placename":"Hurghada","geo.region":"Egypt"},"_links":{"self":[{"href":"https:\/\/egytourpackages.com\/cs\/wp-json\/wp\/v2\/product\/4541","targetHints":{"allow":["GET"]}}],"collection":[{"href":"https:\/\/egytourpackages.com\/cs\/wp-json\/wp\/v2\/product"}],"about":[{"href":"https:\/\/egytourpackages.com\/cs\/wp-json\/wp\/v2\/types\/product"}],"replies":[{"embeddable":true,"href":"https:\/\/egytourpackages.com\/cs\/wp-json\/wp\/v2\/comments?post=4541"}],"wp:featuredmedia":[{"embeddable":true,"href":"https:\/\/egytourpackages.com\/cs\/wp-json\/wp\/v2\/media\/3233"}],"wp:attachment":[{"href":"https:\/\/egytourpackages.com\/cs\/wp-json\/wp\/v2\/media?parent=4541"}],"wp:term":[{"taxonomy":"product_brand","embeddable":true,"href":"https:\/\/egytourpackages.com\/cs\/wp-json\/wp\/v2\/product_brand?post=4541"},{"taxonomy":"product_cat","embeddable":true,"href":"https:\/\/egytourpackages.com\/cs\/wp-json\/wp\/v2\/product_cat?post=4541"},{"taxonomy":"product_tag","embeddable":true,"href":"https:\/\/egytourpackages.com\/cs\/wp-json\/wp\/v2\/product_tag?post=4541"}],"curies":[{"name":"wp","href":"https:\/\/api.w.org\/{rel}","templated":true}]}}