{"id":4545,"date":"2025-05-21T21:21:33","date_gmt":"2025-05-21T21:21:33","guid":{"rendered":"https:\/\/egytourpackages.com\/product\/velke-egyptske-muzeum-a-pyramidy-v-gize-z-makadi-bay\/"},"modified":"2026-01-04T20:04:58","modified_gmt":"2026-01-04T20:04:58","slug":"velke-egyptske-muzeum-a-pyramidy-v-gize-z-makadi-bay","status":"publish","type":"product","link":"https:\/\/egytourpackages.com\/cs\/prohlidky\/velke-egyptske-muzeum-a-pyramidy-v-gize-z-makadi-bay\/","title":{"rendered":"Velk\u00e9 egyptsk\u00e9 muzeum a Pyramidy v G\u00edze z Makadi Bay"},"content":{"rendered":"<p><strong><span style=\"color: #ff6600;\">Velk\u00e9 egyptsk\u00e9 muzeum a Pyramidy v G\u00edze z Makadi Bay<\/span><\/strong><\/p>\n<h2><span style=\"color: #ff6600;\">P\u0159ehled<\/span><\/h2>\n<p><strong>Soukrom\u00fd jednodenn\u00ed v\u00fdlet do K\u00e1hiry z Makadi Bay<\/strong> | <strong>Nejlep\u0161\u00ed Velk\u00e9 egyptsk\u00e9 muzeum z Makadi Bay<\/strong> | <a href=\"https:\/\/egytourpackages.com\/cs\/Kategorie vylety\/vylety-do-makadi-bay\/\">Makadi Bay exkurze<\/a> | <strong>K\u00e1hirsk\u00e9 turistick\u00e9 atrakce<\/strong> jako <strong>Pyramidy v G\u00edze<\/strong>, <strong>Velk\u00e1 sfinga<\/strong>, poklady <strong>Tutanchamona<\/strong>, <strong>Kr\u00e1lovniny pyramidy<\/strong>, <strong>Visut\u00fd obelisk<\/strong>.<\/p>\n<p><strong>Velk\u00e9 egyptsk\u00e9 muzeum<\/strong> a <strong>Pyramidy v G\u00edze z Makadi Bay<\/strong> je sen, kter\u00fd se spln\u00ed po 3. \u010dervenci 2025. Poprv\u00e9 od objeven\u00ed hrobky <strong>Tutanchamona<\/strong> v <strong>\u00dadol\u00ed kr\u00e1l\u016f<\/strong> v roce 1922 uvid\u00edte v\u0161echny jeho poklady na jednom m\u00edst\u011b. Nav\u00edc <strong>Slune\u010dn\u00ed lo\u010f<\/strong> objeven\u00e1 ji\u017en\u011b od Velk\u00e9 pyramidy 26. kv\u011btna 1954. Tak\u00e9 <strong>Visut\u00fd obelisk<\/strong> a gigantick\u00e1 socha <strong>Ramsese Velik\u00e9ho<\/strong>.<\/p>\n<p><strong>Makadi Bay exkurze<\/strong> d\u00e1le nab\u00edz\u00ed <strong>Pyramidy v G\u00edze<\/strong> jako sou\u010d\u00e1st <strong>v\u00fdlet\u016f do Egypta<\/strong>, v\u010detn\u011b <strong>Velk\u00e9 sfingy<\/strong>. A kone\u010dn\u011b, cestovn\u00ed bal\u00ed\u010dky Egy Tour Packages nab\u00edzej\u00ed tento z\u00e1jezd s nejlep\u0161\u00edm <strong>archeologick\u00fdm pr\u016fvodcem<\/strong>, nov\u00fdm zna\u010dkov\u00fdm vozidlem, kvalitn\u00edm j\u00eddlem a nejlep\u0161\u00edmi slu\u017ebami.<\/p>\n<h3><span style=\"color: #ff6600;\">Detaily prohl\u00eddky<\/span><\/h3>\n<ul>\n<li>D\u00e9lka: 18 hodin<\/li>\n<li>M\u00edsto z\u00e1jezdu: G\u00edza<\/li>\n<li>Dostupnost z\u00e1jezdu: Ka\u017ed\u00fd den<\/li>\n<li>Vyzvednut\u00ed a odvoz: v\u00e1\u0161 hotel v Makadi Bay<\/li>\n<li>Typ z\u00e1jezdu: Soukrom\u00fd<\/li>\n<li>Vhodn\u00e9 pro: P\u00e1ry, Rodiny, Seniory<\/li>\n<li>Bezbari\u00e9rov\u00fd p\u0159\u00edstup: Ano<\/li>\n<\/ul>\n<h3><span style=\"color: #ff6600;\">Hlavn\u00ed body z\u00e1jezdu<\/span><\/h3>\n<ul>\n<li>K\u00e1hira &amp; G\u00edza<\/li>\n<li>Pyramidy v G\u00edze<\/li>\n<li>Velk\u00e1 sfinga<\/li>\n<li>Chr\u00e1m v \u00fadol\u00ed<\/li>\n<li>Hrobky stavitel\u016f pyramid<\/li>\n<li>Velk\u00e9 egyptsk\u00e9 muzeum<\/li>\n<\/ul>\n<h3><span style=\"color: #ff6600;\">Zahrnuje<\/span><\/h3>\n<ul>\n<li>Zp\u00e1te\u010dn\u00ed transfer klimatizovan\u00fdm vozidlem<\/li>\n<li>Vstupn\u00e9 na v\u0161echny pam\u00e1tky v k\u00e1hirsk\u00e9m programu<\/li>\n<li><strong>Egyptologick\u00fd pr\u016fvodce<\/strong><\/li>\n<li>Ob\u011bd<\/li>\n<li>Voda po cel\u00fd den<\/li>\n<\/ul>\n<h3><span style=\"color: #ff6600;\">Nezahrnuje<\/span><\/h3>\n<ul>\n<li>N\u00e1poje k ob\u011bdu<\/li>\n<li>Vstupn\u00e9 do <strong>Chufuovy pyramidy<\/strong> (40 $)<\/li>\n<li>Vstupn\u00e9 do <strong>Rachefovy pyramidy<\/strong> (7.5 $)<\/li>\n<li>Spropitn\u00e9<\/li>\n<\/ul>\n<h3><span style=\"color: #ff6600;\">Co si sbalit<\/span><\/h3>\n<ul>\n<li>Pohodln\u00e9 boty a oble\u010den\u00ed, zejm\u00e9na v l\u00e9t\u011b<\/li>\n<li>Tepl\u00e9 oble\u010den\u00ed v zim\u011b<\/li>\n<li>Slune\u010dn\u00ed br\u00fdle. Klobouk nebo \u0161\u00e1tek<\/li>\n<li>Opalovac\u00ed kr\u00e9m v l\u00e9t\u011b<\/li>\n<\/ul>\n<h2><span style=\"color: #ff6600;\">Itiner\u00e1\u0159<\/span><\/h2>\n<p>Brzk\u00fd odjezd kolem 02:00 hod. do K\u00e1hiry s p\u0159est\u00e1vkou na k\u00e1vu na cest\u011b. Po p\u0159\u00edjezdu zah\u00e1j\u00edte sv\u016fj <strong>jednodenn\u00ed v\u00fdlet do K\u00e1hiry<\/strong> jednou z <strong>hlavn\u00edch atrakc\u00ed G\u00edzy<\/strong>.<\/p>\n<p><strong>Velk\u00e9 egyptsk\u00e9 muzeum<\/strong> <strong>Velk\u00e9 egyptsk\u00e9 muzeum<\/strong> bylo snem, kter\u00fd se splnil po dlouh\u00fdch letech \u010dek\u00e1n\u00ed. Ne\u017e vstoup\u00edte do muzea, p\u0159ibl\u00ed\u017e\u00edte se k jedin\u00e9mu <strong>Visut\u00e9mu obelisku<\/strong> na sv\u011bt\u011b. Uvid\u00edte tak\u00e9 pe\u010de\u0165 na spodn\u00ed \u010d\u00e1sti obelisku se jm\u00e9nem <strong>Ramsese<\/strong>. Jakmile vstoup\u00edte dovnit\u0159, p\u0159iv\u00edtaj\u00ed v\u00e1s kolosy <strong>Ramsese II.<\/strong>, <strong>V\u00edt\u011bzn\u00fd sloup Merenptaha<\/strong> a 10 v\u00e1pencov\u00fdch soch Senuserta I.<\/p>\n<p><strong>Velk\u00e9 schodi\u0161t\u011b<\/strong> nab\u00edz\u00ed jedine\u010dnou sb\u00edrku artefakt\u016f, jako jsou sochy, chr\u00e1mov\u00e9 br\u00e1ny, bohov\u00e9, sarkof\u00e1gy a panoramatick\u00fd v\u00fdhled na Pyramidy. Ve skute\u010dnosti toto schodi\u0161t\u011b vypr\u00e1v\u00ed o posl\u00e1n\u00ed faraon\u016f od \u017eivota k smrti, po\u010d\u00ednaje kr\u00e1lovskou hodnost\u00ed, p\u0159es misi kr\u00e1le stav\u011bt chr\u00e1my boh\u016fm, pot\u00e9 o poh\u0159bu v sarkof\u00e1z\u00edch, kter\u00e9 budou um\u00edst\u011bny uvnit\u0159 pyramidy. Odtud se jeho du\u0161e vyd\u00e1 do nebe.<\/p>\n<p>Nav\u00edc otev\u0159en\u00fdch 12 galeri\u00ed ve t\u0159ech \u0159ad\u00e1ch ukazuje v\u0161e o kr\u00e1lovsk\u00e9 hodnosti, spole\u010dnosti a n\u00e1bo\u017eenstv\u00ed. Obecn\u011b pot\u0159ebujete n\u011bkolik hodin, abyste si prohl\u00eddku <strong>GEM<\/strong> u\u017eili a vst\u0159ebali p\u0159\u00edb\u011bhy, kter\u00e9 v\u00e1m pr\u016fvodce bude vypr\u00e1v\u011bt.<\/p>\n<h3><span style=\"color: #ff6600;\">Ob\u011bd <\/span><\/h3>\n<p>Vychutnejte si kvalitn\u00ed ob\u011bd v m\u00edstn\u00ed restauraci s vegetari\u00e1nsk\u00fdmi a vegansk\u00fdmi j\u00eddly, pokud si p\u0159ejete.<\/p>\n<h3><span style=\"color: #ff6600;\">Komplex pyramid v G\u00edze <\/span><\/h3>\n<p>Po ob\u011bd\u011b budete s pr\u016fvodcem pokra\u010dovat k <strong>pyramid\u00e1m v G\u00edze<\/strong>. P\u0159edem se mus\u00edte rozhodnout, zda chcete vstoupit do <strong>Chufuovy pyramidy<\/strong> nebo <strong>Menkaureovy pyramidy<\/strong>, abyste si zakoupili vstupenku p\u0159ed zah\u00e1jen\u00edm prohl\u00eddky.<\/p>\n<h3><span style=\"color: #ff6600;\">Chufuova pyramida <\/span><\/h3>\n<p>V\u00e1\u0161 pr\u016fvodce v\u00e1s zavede k <strong>Velk\u00e9 pyramid\u011b<\/strong>, abyste si prohl\u00e9dli jedin\u00fd div starov\u011bku a okoln\u00ed <strong>Kr\u00e1lovniny pyramidy<\/strong> a <strong>hrobky stavitel\u016f pyramid<\/strong>. Pokus\u00edme se v\u00e1m Pyramidy uk\u00e1zat jin\u00fdm zp\u016fsobem a odpov\u011bd\u011bt na ot\u00e1zky, kter\u00e9 se staly nutnost\u00ed, jako jsou: Jak star\u00e9 jsou Pyramidy? Kdo postavil Pyramidy? Byly Pyramidy hrobkami kr\u00e1l\u016f nebo byly star\u00e9 budovy znovu pou\u017eity? Jak\u00fd je vztah mezi Pyramidy a Orionov\u00fdm p\u00e1sem? Pyramidy a l\u00e9\u010div\u00e1 energie Pro\u010d Napoleon trval na tom, aby str\u00e1vil noc s\u00e1m v kr\u00e1lovsk\u00e9 komo\u0159e a co se stalo potom? Pro\u010d Chufu\u016fv d\u011bdic nepostavil pyramidu, ale mastabu? M\u00e1 Rachef hrobku na n\u00e1horn\u00ed plo\u0161in\u011b v G\u00edze p\u0159ed svou pyramidou? Je pravda, \u017ee mal\u00e9 pyramidy jsou pro kr\u00e1lovny?<\/p>\n<p>Kdy\u017e v\u00e1m na v\u0161echny tyto ot\u00e1zky odpov\u00edme, jist\u011b pochop\u00edte mnoho o pyramid\u00e1ch a mo\u017en\u00e1 zm\u011bn\u00edte n\u00e1zor na to, co je naps\u00e1no ve v\u011bt\u0161in\u011b knih.<\/p>\n<h3><span style=\"color: #ff6600;\">Velk\u00e1 sfinga <\/span><\/h3>\n<p>Prozkoum\u00e1te <strong>balzamovac\u00ed chr\u00e1m<\/strong> a dozv\u00edte se o ritu\u00e1lech <strong>Otev\u00edr\u00e1n\u00ed \u00fast<\/strong>. Pot\u00e9 uvid\u00edte <strong>Sfingu<\/strong> z d\u00e1lky, nikoli mezi tlapami, proto\u017ee to vy\u017eaduje soukromou n\u00e1v\u0161t\u011bvu s l\u00edstkem. V\u00e1\u0161 pr\u016fvodce v\u00e1m vysv\u011btl\u00ed pro\u010d a pov\u00ed v\u00e1m o komnat\u00e1ch uvnit\u0159 t\u011bla a o druh\u00e9 Sfinze objeven\u00e9 p\u0159ed dv\u011bma lety.<\/p>\n<p>Zastav\u00edte se tak\u00e9 u <strong>Menkaureovy pyramidy<\/strong>, abyste vid\u011bli, \u017ee jej\u00ed oblo\u017een\u00ed je odli\u0161n\u00e9 a je z \u017euly, nikoli z v\u00e1pence.<\/p>\n<p>Nakonec v\u00e1m vysv\u011btl\u00edme rozd\u00edly mezi um\u00edst\u011bn\u00edm pyramid od G\u00edzy p\u0159es Ab\u00fas\u00edr po Sakk\u00e1ru a Dah\u0161\u00far. Pro\u010d jsou zarovn\u00e1ny a jak\u00e9 byly jejich \u00fa\u010dely v d\u00e1vn\u00fdch dob\u00e1ch.<\/p>\n<p>Na konci dne v\u00e1s odvezeme zp\u011bt do va\u0161eho hotelu v Makadi Bay.<\/p>\n<p><strong>J\u00eddla:<\/strong> Sn\u00eddan\u011b, ob\u011bd<\/p>\n<h3><span style=\"color: #ff6600;\">Cena Velk\u00e9 egyptsk\u00e9 muzeum a Pyramidy v G\u00edze z Makadi Bay<\/span><\/h3>\n<p><strong>Celkov\u00e1 cena:<\/strong> 155\u00a0\u20ac na osobu<\/p>\n<h3><span style=\"color: #ff6600;\">Rezervace<\/span><\/h3>\n<p>Svou prohl\u00eddku si m\u016f\u017eete rezervovat p\u0159es WhatsApp nebo n\u00e1m poslat e-mail a potvrzen\u00ed obdr\u017e\u00edte ihned. Pros\u00edm, za\u0161lete n\u00e1m n\u00e1zev va\u0161eho hotelu, \u010d\u00edslo pokoje a kopie pas\u016f.<\/p>\n<p><strong>WhatsApp \u010d\u00edslo:<\/strong> +201000852186<\/p>\n<p><strong>E-mail:<\/strong> info@egytourpackages.com<\/p>\n<h3><span style=\"color: #ff6600;\">Rezervujte nyn\u00ed &amp; pla\u0165te na m\u00edst\u011b <\/span><\/h3>\n<p>Zarezervujte si sv\u016fj obl\u00edben\u00fd v\u00fdlet a zapla\u0165te v den cesty.<\/p>\n<h3><span style=\"color: #ff6600;\">Platba<\/span><\/h3>\n<p>M\u016f\u017eete platit egyptsk\u00fdmi librami, $, \u20ac nebo \u00a3.<\/p>\n<h3><span style=\"color: #ff6600;\">Storno podm\u00ednky<\/span><\/h3>\n<ul>\n<li>Zru\u0161en\u00ed zdarma a\u017e 24 hodin p\u0159edem.<\/li>\n<li>Rann\u00ed zru\u0161en\u00ed je 50 % z ceny.<\/li>\n<\/ul>\n","protected":false},"excerpt":{"rendered":"<p>Prozkoumejte Velk\u00e9 egyptsk\u00e9 muzeum a Pyramidy v G\u00edze z Makadi Bay, b\u011bhem nezapomenuteln\u00e9ho v\u00fdletu z Makadi Bay. Objevte poklady starov\u011bk\u00e9ho Egypta.<\/p>\n","protected":false},"featured_media":3605,"comment_status":"open","ping_status":"closed","template":"","meta":[],"product_brand":[],"product_cat":[1466],"product_tag":[1470,1969],"class_list":{"0":"post-4545","1":"product","2":"type-product","3":"status-publish","4":"has-post-thumbnail","6":"product_cat-vylety","7":"product_tag-jednodenni-vylety-po-egypte","8":"product_tag-vylety-z-makadi-bay","9":"tour_category-jednodenni-vylety-po-egypte-cs","10":"tour_category-vylety-do-makadi-bay","12":"first","13":"instock","14":"sale","15":"shipping-taxable","16":"purchasable","17":"product-type-tour","18":"has-default-attributes"},"yoast_head":"<!-- This site is optimized with the Yoast SEO Premium plugin v27.4 (Yoast SEO v27.4) - https:\/\/yoast.com\/product\/yoast-seo-premium-wordpress\/ -->\n<title>Velk\u00e9 egyptsk\u00e9 muzeum a Pyramidy v G\u00edze z Makadi Bay<\/title>\n<meta name=\"description\" content=\"Prozkoumejte Velk\u00e9 egyptsk\u00e9 muzeum a Pyramidy v G\u00edze z Makadi Bay, b\u011bhem nezapomenuteln\u00e9ho v\u00fdletu z Makadi Bay. Objevte poklady starov\u011bk\u00e9ho Egypta.\" \/>\n<meta name=\"robots\" content=\"index, follow, max-snippet:-1, max-image-preview:large, max-video-preview:-1\" \/>\n<link rel=\"canonical\" href=\"https:\/\/egytourpackages.com\/cs\/prohlidky\/velke-egyptske-muzeum-a-pyramidy-v-gize-z-makadi-bay\/\" \/>\n<meta property=\"og:locale\" content=\"cs_CZ\" \/>\n<meta property=\"og:type\" content=\"article\" \/>\n<meta property=\"og:title\" content=\"Velk\u00e9 egyptsk\u00e9 muzeum a Pyramidy v G\u00edze z Makadi Bay\" \/>\n<meta property=\"og:description\" content=\"Prozkoumejte Velk\u00e9 egyptsk\u00e9 muzeum a Pyramidy v G\u00edze z Makadi Bay, b\u011bhem nezapomenuteln\u00e9ho v\u00fdletu z Makadi Bay. Objevte poklady starov\u011bk\u00e9ho Egypta.\" \/>\n<meta property=\"og:url\" content=\"https:\/\/egytourpackages.com\/cs\/prohlidky\/velke-egyptske-muzeum-a-pyramidy-v-gize-z-makadi-bay\/\" \/>\n<meta property=\"og:site_name\" content=\"Z\u00e1jezdy po Egypt\u011b\" \/>\n<meta property=\"article:publisher\" content=\"https:\/\/www.facebook.com\/egytourpackages\" \/>\n<meta property=\"article:modified_time\" content=\"2026-01-04T20:04:58+00:00\" \/>\n<meta property=\"og:image\" content=\"https:\/\/egytourpackages.com\/wp-content\/uploads\/2025\/05\/Burial-chamber-of-Cheops.jpeg\" \/>\n\t<meta property=\"og:image:width\" content=\"1800\" \/>\n\t<meta property=\"og:image:height\" content=\"1350\" \/>\n\t<meta property=\"og:image:type\" content=\"image\/jpeg\" \/>\n<meta name=\"twitter:card\" content=\"summary_large_image\" \/>\n<meta name=\"twitter:title\" content=\"Velk\u00e9 egyptsk\u00e9 muzeum a Pyramidy v G\u00edze z Makadi Bay\" \/>\n<meta name=\"twitter:label1\" content=\"Cena\" \/>\n\t<meta name=\"twitter:data1\" content=\"&euro;0\" \/>\n\t<meta name=\"twitter:label2\" content=\"Dostupnost\" \/>\n\t<meta name=\"twitter:data2\" content=\"Skladem\" \/>\n<script type=\"application\/ld+json\" class=\"yoast-schema-graph\">{\"@context\":\"https:\\\/\\\/schema.org\",\"@graph\":[{\"@type\":\"WebPage\",\"@id\":\"https:\\\/\\\/egytourpackages.com\\\/cs\\\/prohlidky\\\/velke-egyptske-muzeum-a-pyramidy-v-gize-z-makadi-bay\\\/\",\"url\":\"https:\\\/\\\/egytourpackages.com\\\/cs\\\/prohlidky\\\/velke-egyptske-muzeum-a-pyramidy-v-gize-z-makadi-bay\\\/\",\"name\":\"Velk\u00e9 egyptsk\u00e9 muzeum a Pyramidy v G\u00edze z Makadi Bay\",\"isPartOf\":{\"@id\":\"https:\\\/\\\/egytourpackages.com\\\/cs\\\/#website\"},\"primaryImageOfPage\":{\"@id\":\"https:\\\/\\\/egytourpackages.com\\\/cs\\\/prohlidky\\\/velke-egyptske-muzeum-a-pyramidy-v-gize-z-makadi-bay\\\/#primaryimage\"},\"image\":{\"@id\":\"https:\\\/\\\/egytourpackages.com\\\/cs\\\/prohlidky\\\/velke-egyptske-muzeum-a-pyramidy-v-gize-z-makadi-bay\\\/#primaryimage\"},\"thumbnailUrl\":\"https:\\\/\\\/egytourpackages.com\\\/wp-content\\\/uploads\\\/2025\\\/05\\\/Burial-chamber-of-Cheops.jpeg\",\"datePublished\":\"2025-05-21T21:21:33+00:00\",\"dateModified\":\"2026-01-04T20:04:58+00:00\",\"description\":\"Prozkoumejte Velk\u00e9 egyptsk\u00e9 muzeum a Pyramidy v G\u00edze z Makadi Bay, b\u011bhem nezapomenuteln\u00e9ho v\u00fdletu z Makadi Bay. Objevte poklady starov\u011bk\u00e9ho Egypta.\",\"breadcrumb\":{\"@id\":\"https:\\\/\\\/egytourpackages.com\\\/cs\\\/prohlidky\\\/velke-egyptske-muzeum-a-pyramidy-v-gize-z-makadi-bay\\\/#breadcrumb\"},\"inLanguage\":\"cs\",\"potentialAction\":[{\"@type\":\"ReadAction\",\"target\":[\"https:\\\/\\\/egytourpackages.com\\\/cs\\\/prohlidky\\\/velke-egyptske-muzeum-a-pyramidy-v-gize-z-makadi-bay\\\/\"]}]},{\"@type\":\"ImageObject\",\"inLanguage\":\"cs\",\"@id\":\"https:\\\/\\\/egytourpackages.com\\\/cs\\\/prohlidky\\\/velke-egyptske-muzeum-a-pyramidy-v-gize-z-makadi-bay\\\/#primaryimage\",\"url\":\"https:\\\/\\\/egytourpackages.com\\\/wp-content\\\/uploads\\\/2025\\\/05\\\/Burial-chamber-of-Cheops.jpeg\",\"contentUrl\":\"https:\\\/\\\/egytourpackages.com\\\/wp-content\\\/uploads\\\/2025\\\/05\\\/Burial-chamber-of-Cheops.jpeg\",\"width\":1800,\"height\":1350,\"caption\":\"Velk\u00e9 egyptsk\u00e9 muzeum a Pyramidy v G\u00edze z Makadi Bay\"},{\"@type\":\"BreadcrumbList\",\"@id\":\"https:\\\/\\\/egytourpackages.com\\\/cs\\\/prohlidky\\\/velke-egyptske-muzeum-a-pyramidy-v-gize-z-makadi-bay\\\/#breadcrumb\",\"itemListElement\":[{\"@type\":\"ListItem\",\"position\":1,\"name\":\"Dom\u016f\",\"item\":\"https:\\\/\\\/egytourpackages.com\\\/cs\\\/balicky-vyletu-po-egypte\\\/\"},{\"@type\":\"ListItem\",\"position\":2,\"name\":\"Shop\",\"item\":\"https:\\\/\\\/egytourpackages.com\\\/cs\\\/shop\\\/\"},{\"@type\":\"ListItem\",\"position\":3,\"name\":\"Velk\u00e9 egyptsk\u00e9 muzeum a Pyramidy v G\u00edze z Makadi Bay\"}]},{\"@type\":\"WebSite\",\"@id\":\"https:\\\/\\\/egytourpackages.com\\\/cs\\\/#website\",\"url\":\"https:\\\/\\\/egytourpackages.com\\\/cs\\\/\",\"name\":\"Egy tour packages\",\"description\":\"\",\"publisher\":{\"@id\":\"https:\\\/\\\/egytourpackages.com\\\/cs\\\/#organization\"},\"potentialAction\":[{\"@type\":\"SearchAction\",\"target\":{\"@type\":\"EntryPoint\",\"urlTemplate\":\"https:\\\/\\\/egytourpackages.com\\\/cs\\\/?s={search_term_string}\"},\"query-input\":{\"@type\":\"PropertyValueSpecification\",\"valueRequired\":true,\"valueName\":\"search_term_string\"}}],\"inLanguage\":\"cs\"},{\"@type\":[\"Organization\",\"Place\",\"TravelAgency\"],\"@id\":\"https:\\\/\\\/egytourpackages.com\\\/cs\\\/#organization\",\"name\":\"egypt tour packages\",\"alternateName\":\"egypt tour packages\",\"url\":\"https:\\\/\\\/egytourpackages.com\\\/cs\\\/\",\"logo\":{\"@id\":\"https:\\\/\\\/egytourpackages.com\\\/cs\\\/prohlidky\\\/velke-egyptske-muzeum-a-pyramidy-v-gize-z-makadi-bay\\\/#local-main-organization-logo\"},\"image\":{\"@id\":\"https:\\\/\\\/egytourpackages.com\\\/cs\\\/prohlidky\\\/velke-egyptske-muzeum-a-pyramidy-v-gize-z-makadi-bay\\\/#local-main-organization-logo\"},\"sameAs\":[\"https:\\\/\\\/www.facebook.com\\\/egytourpackages\"],\"legalName\":\"Egy tour packages\",\"address\":{\"@id\":\"https:\\\/\\\/egytourpackages.com\\\/cs\\\/prohlidky\\\/velke-egyptske-muzeum-a-pyramidy-v-gize-z-makadi-bay\\\/#local-main-place-address\"},\"telephone\":[\"00201000852186\",\"00201028685533\"],\"contactPoint\":{\"@type\":\"ContactPoint\",\"telephone\":\"00201000852186\"},\"openingHoursSpecification\":[{\"@type\":\"OpeningHoursSpecification\",\"dayOfWeek\":[\"Monday\",\"Tuesday\",\"Wednesday\",\"Thursday\",\"Friday\",\"Saturday\",\"Sunday\"],\"opens\":\"00:00\",\"closes\":\"23:59\"}],\"email\":\"info@egytourpackages.com\",\"areaServed\":\"Cairo, Hurghada, Luxor, Sharm El Sheikh, Marsa Alam, Aswan\",\"priceRange\":\"$\",\"currenciesAccepted\":\"euro\",\"paymentAccepted\":\"Payment links online\"},{\"@type\":\"PostalAddress\",\"@id\":\"https:\\\/\\\/egytourpackages.com\\\/cs\\\/prohlidky\\\/velke-egyptske-muzeum-a-pyramidy-v-gize-z-makadi-bay\\\/#local-main-place-address\",\"streetAddress\":\"Mubarak 8, Al Kawthar District, Hurghada\",\"addressLocality\":\"Hurghada\",\"postalCode\":\"84511\",\"addressRegion\":\"Red Sea\",\"addressCountry\":\"EG\"},{\"@type\":\"ImageObject\",\"inLanguage\":\"cs\",\"@id\":\"https:\\\/\\\/egytourpackages.com\\\/cs\\\/prohlidky\\\/velke-egyptske-muzeum-a-pyramidy-v-gize-z-makadi-bay\\\/#local-main-organization-logo\",\"url\":\"https:\\\/\\\/egytourpackages.com\\\/wp-content\\\/uploads\\\/2025\\\/12\\\/Turquoise-Dahabiya-Nile-Cruise-1.jpeg\",\"contentUrl\":\"https:\\\/\\\/egytourpackages.com\\\/wp-content\\\/uploads\\\/2025\\\/12\\\/Turquoise-Dahabiya-Nile-Cruise-1.jpeg\",\"width\":1040,\"height\":694,\"caption\":\"egypt tour packages\"}]}<\/script>\n<meta property=\"product:brand\" content=\"Jednodenn\u00ed v\u00fdlety po Egypt\u011b\" \/>\n<meta property=\"product:price:amount\" content=\"0\" \/>\n<meta property=\"product:price:currency\" content=\"EUR\" \/>\n<meta property=\"og:availability\" content=\"instock\" \/>\n<meta property=\"product:availability\" content=\"instock\" \/>\n<meta property=\"product:retailer_item_id\" content=\"MBE03\" \/>\n<meta property=\"product:condition\" content=\"new\" \/>\n<meta name=\"geo.placename\" content=\"Hurghada\" \/>\n<meta name=\"geo.region\" content=\"Egypt\" \/>\n<!-- \/ Yoast SEO Premium plugin. -->","yoast_head_json":{"title":"Velk\u00e9 egyptsk\u00e9 muzeum a Pyramidy v G\u00edze z Makadi Bay","description":"Prozkoumejte Velk\u00e9 egyptsk\u00e9 muzeum a Pyramidy v G\u00edze z Makadi Bay, b\u011bhem nezapomenuteln\u00e9ho v\u00fdletu z Makadi Bay. Objevte poklady starov\u011bk\u00e9ho Egypta.","robots":{"index":"index","follow":"follow","max-snippet":"max-snippet:-1","max-image-preview":"max-image-preview:large","max-video-preview":"max-video-preview:-1"},"canonical":"https:\/\/egytourpackages.com\/cs\/prohlidky\/velke-egyptske-muzeum-a-pyramidy-v-gize-z-makadi-bay\/","og_locale":"cs_CZ","og_type":"article","og_title":"Velk\u00e9 egyptsk\u00e9 muzeum a Pyramidy v G\u00edze z Makadi Bay","og_description":"Prozkoumejte Velk\u00e9 egyptsk\u00e9 muzeum a Pyramidy v G\u00edze z Makadi Bay, b\u011bhem nezapomenuteln\u00e9ho v\u00fdletu z Makadi Bay. Objevte poklady starov\u011bk\u00e9ho Egypta.","og_url":"https:\/\/egytourpackages.com\/cs\/prohlidky\/velke-egyptske-muzeum-a-pyramidy-v-gize-z-makadi-bay\/","og_site_name":"Z\u00e1jezdy po Egypt\u011b","article_publisher":"https:\/\/www.facebook.com\/egytourpackages","article_modified_time":"2026-01-04T20:04:58+00:00","og_image":[{"width":1800,"height":1350,"url":"https:\/\/egytourpackages.com\/wp-content\/uploads\/2025\/05\/Burial-chamber-of-Cheops.jpeg","type":"image\/jpeg"}],"twitter_card":"summary_large_image","twitter_title":"Velk\u00e9 egyptsk\u00e9 muzeum a Pyramidy v G\u00edze z Makadi Bay","twitter_misc":{"Cena":"&euro;0","Dostupnost":"Skladem"},"schema":{"@context":"https:\/\/schema.org","@graph":[{"@type":"WebPage","@id":"https:\/\/egytourpackages.com\/cs\/prohlidky\/velke-egyptske-muzeum-a-pyramidy-v-gize-z-makadi-bay\/","url":"https:\/\/egytourpackages.com\/cs\/prohlidky\/velke-egyptske-muzeum-a-pyramidy-v-gize-z-makadi-bay\/","name":"Velk\u00e9 egyptsk\u00e9 muzeum a Pyramidy v G\u00edze z Makadi Bay","isPartOf":{"@id":"https:\/\/egytourpackages.com\/cs\/#website"},"primaryImageOfPage":{"@id":"https:\/\/egytourpackages.com\/cs\/prohlidky\/velke-egyptske-muzeum-a-pyramidy-v-gize-z-makadi-bay\/#primaryimage"},"image":{"@id":"https:\/\/egytourpackages.com\/cs\/prohlidky\/velke-egyptske-muzeum-a-pyramidy-v-gize-z-makadi-bay\/#primaryimage"},"thumbnailUrl":"https:\/\/egytourpackages.com\/wp-content\/uploads\/2025\/05\/Burial-chamber-of-Cheops.jpeg","datePublished":"2025-05-21T21:21:33+00:00","dateModified":"2026-01-04T20:04:58+00:00","description":"Prozkoumejte Velk\u00e9 egyptsk\u00e9 muzeum a Pyramidy v G\u00edze z Makadi Bay, b\u011bhem nezapomenuteln\u00e9ho v\u00fdletu z Makadi Bay. Objevte poklady starov\u011bk\u00e9ho Egypta.","breadcrumb":{"@id":"https:\/\/egytourpackages.com\/cs\/prohlidky\/velke-egyptske-muzeum-a-pyramidy-v-gize-z-makadi-bay\/#breadcrumb"},"inLanguage":"cs","potentialAction":[{"@type":"ReadAction","target":["https:\/\/egytourpackages.com\/cs\/prohlidky\/velke-egyptske-muzeum-a-pyramidy-v-gize-z-makadi-bay\/"]}]},{"@type":"ImageObject","inLanguage":"cs","@id":"https:\/\/egytourpackages.com\/cs\/prohlidky\/velke-egyptske-muzeum-a-pyramidy-v-gize-z-makadi-bay\/#primaryimage","url":"https:\/\/egytourpackages.com\/wp-content\/uploads\/2025\/05\/Burial-chamber-of-Cheops.jpeg","contentUrl":"https:\/\/egytourpackages.com\/wp-content\/uploads\/2025\/05\/Burial-chamber-of-Cheops.jpeg","width":1800,"height":1350,"caption":"Velk\u00e9 egyptsk\u00e9 muzeum a Pyramidy v G\u00edze z Makadi Bay"},{"@type":"BreadcrumbList","@id":"https:\/\/egytourpackages.com\/cs\/prohlidky\/velke-egyptske-muzeum-a-pyramidy-v-gize-z-makadi-bay\/#breadcrumb","itemListElement":[{"@type":"ListItem","position":1,"name":"Dom\u016f","item":"https:\/\/egytourpackages.com\/cs\/balicky-vyletu-po-egypte\/"},{"@type":"ListItem","position":2,"name":"Shop","item":"https:\/\/egytourpackages.com\/cs\/shop\/"},{"@type":"ListItem","position":3,"name":"Velk\u00e9 egyptsk\u00e9 muzeum a Pyramidy v G\u00edze z Makadi Bay"}]},{"@type":"WebSite","@id":"https:\/\/egytourpackages.com\/cs\/#website","url":"https:\/\/egytourpackages.com\/cs\/","name":"Egy tour packages","description":"","publisher":{"@id":"https:\/\/egytourpackages.com\/cs\/#organization"},"potentialAction":[{"@type":"SearchAction","target":{"@type":"EntryPoint","urlTemplate":"https:\/\/egytourpackages.com\/cs\/?s={search_term_string}"},"query-input":{"@type":"PropertyValueSpecification","valueRequired":true,"valueName":"search_term_string"}}],"inLanguage":"cs"},{"@type":["Organization","Place","TravelAgency"],"@id":"https:\/\/egytourpackages.com\/cs\/#organization","name":"egypt tour packages","alternateName":"egypt tour packages","url":"https:\/\/egytourpackages.com\/cs\/","logo":{"@id":"https:\/\/egytourpackages.com\/cs\/prohlidky\/velke-egyptske-muzeum-a-pyramidy-v-gize-z-makadi-bay\/#local-main-organization-logo"},"image":{"@id":"https:\/\/egytourpackages.com\/cs\/prohlidky\/velke-egyptske-muzeum-a-pyramidy-v-gize-z-makadi-bay\/#local-main-organization-logo"},"sameAs":["https:\/\/www.facebook.com\/egytourpackages"],"legalName":"Egy tour packages","address":{"@id":"https:\/\/egytourpackages.com\/cs\/prohlidky\/velke-egyptske-muzeum-a-pyramidy-v-gize-z-makadi-bay\/#local-main-place-address"},"telephone":["00201000852186","00201028685533"],"contactPoint":{"@type":"ContactPoint","telephone":"00201000852186"},"openingHoursSpecification":[{"@type":"OpeningHoursSpecification","dayOfWeek":["Monday","Tuesday","Wednesday","Thursday","Friday","Saturday","Sunday"],"opens":"00:00","closes":"23:59"}],"email":"info@egytourpackages.com","areaServed":"Cairo, Hurghada, Luxor, Sharm El Sheikh, Marsa Alam, Aswan","priceRange":"$","currenciesAccepted":"euro","paymentAccepted":"Payment links online"},{"@type":"PostalAddress","@id":"https:\/\/egytourpackages.com\/cs\/prohlidky\/velke-egyptske-muzeum-a-pyramidy-v-gize-z-makadi-bay\/#local-main-place-address","streetAddress":"Mubarak 8, Al Kawthar District, Hurghada","addressLocality":"Hurghada","postalCode":"84511","addressRegion":"Red Sea","addressCountry":"EG"},{"@type":"ImageObject","inLanguage":"cs","@id":"https:\/\/egytourpackages.com\/cs\/prohlidky\/velke-egyptske-muzeum-a-pyramidy-v-gize-z-makadi-bay\/#local-main-organization-logo","url":"https:\/\/egytourpackages.com\/wp-content\/uploads\/2025\/12\/Turquoise-Dahabiya-Nile-Cruise-1.jpeg","contentUrl":"https:\/\/egytourpackages.com\/wp-content\/uploads\/2025\/12\/Turquoise-Dahabiya-Nile-Cruise-1.jpeg","width":1040,"height":694,"caption":"egypt tour packages"}]},"product_brand":"Jednodenn\u00ed v\u00fdlety po Egypt\u011b","product_price_currency":"EUR","og_availability":"instock","product_availability":"instock","product_retailer_item_id":"MBE03","product_condition":"new","geo.placename":"Hurghada","geo.region":"Egypt"},"_links":{"self":[{"href":"https:\/\/egytourpackages.com\/cs\/wp-json\/wp\/v2\/product\/4545","targetHints":{"allow":["GET"]}}],"collection":[{"href":"https:\/\/egytourpackages.com\/cs\/wp-json\/wp\/v2\/product"}],"about":[{"href":"https:\/\/egytourpackages.com\/cs\/wp-json\/wp\/v2\/types\/product"}],"replies":[{"embeddable":true,"href":"https:\/\/egytourpackages.com\/cs\/wp-json\/wp\/v2\/comments?post=4545"}],"wp:featuredmedia":[{"embeddable":true,"href":"https:\/\/egytourpackages.com\/cs\/wp-json\/wp\/v2\/media\/3605"}],"wp:attachment":[{"href":"https:\/\/egytourpackages.com\/cs\/wp-json\/wp\/v2\/media?parent=4545"}],"wp:term":[{"taxonomy":"product_brand","embeddable":true,"href":"https:\/\/egytourpackages.com\/cs\/wp-json\/wp\/v2\/product_brand?post=4545"},{"taxonomy":"product_cat","embeddable":true,"href":"https:\/\/egytourpackages.com\/cs\/wp-json\/wp\/v2\/product_cat?post=4545"},{"taxonomy":"product_tag","embeddable":true,"href":"https:\/\/egytourpackages.com\/cs\/wp-json\/wp\/v2\/product_tag?post=4545"}],"curies":[{"name":"wp","href":"https:\/\/api.w.org\/{rel}","templated":true}]}}