{"id":4546,"date":"2025-05-22T12:48:18","date_gmt":"2025-05-22T12:48:18","guid":{"rendered":"https:\/\/egytourpackages.com\/product\/velke-egyptske-muzeum-z-soma-bay-letecky\/"},"modified":"2026-01-04T20:04:27","modified_gmt":"2026-01-04T20:04:27","slug":"velke-egyptske-muzeum-z-soma-bay-letecky","status":"publish","type":"product","link":"https:\/\/egytourpackages.com\/cs\/prohlidky\/velke-egyptske-muzeum-z-soma-bay-letecky\/","title":{"rendered":"Velk\u00e9 egyptsk\u00e9 muzeum z Soma Bay Letecky"},"content":{"rendered":"<p><strong><span style=\"color: #ff6600;\">Velk\u00e9 egyptsk\u00e9 muzeum z Soma Bay Letecky <\/span><\/strong><\/p>\n<p>| Soukrom\u00fd jednodenn\u00ed v\u00fdlet do K\u00e1hiry ze Soma Bay | Nejlep\u0161\u00ed Velk\u00e9 egyptsk\u00e9 muzeum ze Soma Bay | V\u00fdlety Soma Bay | K\u00e1hirsk\u00e9 turistick\u00e9 atrakce jako Pyramidy v G\u00edze, Velk\u00e1 Sfinga, Tutanchamonovy poklady, Visut\u00fd obelisk, Khan El Khalili<\/p>\n<h2><span style=\"color: #ff6600;\">P\u0159ehled <\/span><\/h2>\n<p>Celodenn\u00ed prohl\u00eddka Velk\u00e9 egyptsk\u00e9 muzeum z Soma Bay Letecky\u00a0nab\u00edz\u00ed \u00fa\u017easn\u00fd z\u00e1\u017eitek skrze starov\u011bkou historii Egypta, ikonick\u00e9 pam\u00e1tky a pulzuj\u00edc\u00ed kulturu. Egyptsk\u00e9 bal\u00ed\u010dky z\u00e1jezd\u016f nab\u00edzej\u00ed t\u0159i z nejv\u00fdznamn\u011bj\u0161\u00edch egyptsk\u00fdch atrakc\u00ed: <strong>Velk\u00e9 egyptsk\u00e9 muzeum<\/strong>, <strong>Pyramidy v G\u00edze<\/strong> a <strong>bazar Khan El Khalili<\/strong> v r\u00e1mci z\u00e1jezd\u016f po Egypt\u011b. Nav\u00edc budete m\u00edt poprv\u00e9 na jednom m\u00edst\u011b mo\u017enost obdivovat <strong>Tutanchamonovy poklady<\/strong> a <strong>Slune\u010dn\u00ed lo\u010f<\/strong> ve <strong>Velk\u00e9m egyptsk\u00e9m muzeu<\/strong>.<\/p>\n<h3><span style=\"color: #ff6600;\">Detaily z\u00e1jezdu<\/span><\/h3>\n<ul>\n<li>D\u00e9lka: 18 hodin<\/li>\n<li>M\u00edsto z\u00e1jezdu: G\u00edza \u2013 K\u00e1hira<\/li>\n<li>Dostupnost z\u00e1jezdu: Ka\u017ed\u00fd den<\/li>\n<li>Vyzvednut\u00ed a odvoz: V\u00e1\u0161 hotel v Soma Bay<\/li>\n<li>Typ z\u00e1jezdu: Soukrom\u00fd<\/li>\n<li>Vhodn\u00e9 pro: P\u00e1ry, Rodiny, Senio\u0159i<\/li>\n<li>Bezbari\u00e9rov\u00fd p\u0159\u00edstup: Ano<\/li>\n<\/ul>\n<h3><span style=\"color: #ff6600;\">Hlavn\u00ed body z\u00e1jezdu<\/span><\/h3>\n<ul>\n<li>Velk\u00e9 egyptsk\u00e9 muzeum (GEM)<\/li>\n<li>Pyramidy v G\u00edze<\/li>\n<li>Velk\u00e1 Sfinga<\/li>\n<li>\u00dadoln\u00ed chr\u00e1m<\/li>\n<li>Bazar Khan El Khalili<\/li>\n<\/ul>\n<h3><span style=\"color: #ff6600;\">V cen\u011b<\/span><\/h3>\n<ul>\n<li>Letenky z Hurghady do K\u00e1hiry<\/li>\n<li>Letenky z K\u00e1hiry do Hurghady<\/li>\n<li>Zp\u00e1te\u010dn\u00ed transfer vozidlem s klimatizac\u00ed<\/li>\n<li>Vstupn\u00e9 na v\u0161echny pam\u00e1tky v programu K\u00e1hiry<\/li>\n<li>Pr\u016fvodce egyptologem<\/li>\n<li>Ob\u011bd<\/li>\n<li>Voda b\u011bhem prohl\u00eddky<\/li>\n<\/ul>\n<h3><span style=\"color: #ff6600;\">Nen\u00ed v cen\u011b<\/span><\/h3>\n<ul>\n<li>N\u00e1poje b\u011bhem ob\u011bda<\/li>\n<li>Vstupn\u00e9 do Cheopsovy pyramidy 40 \u2217Vstupne\u02cadoChefrenovypyramidy7.5<\/li>\n<li>Spropitn\u00e9<\/li>\n<\/ul>\n<h3><span style=\"color: #ff6600;\">Co si zabalit<\/span><\/h3>\n<ul>\n<li>Pohodln\u00e9 boty a oble\u010den\u00ed, zvl\u00e1\u0161t\u011b v l\u00e9t\u011b<\/li>\n<li>Tepl\u00e9 oble\u010den\u00ed v zim\u011b<\/li>\n<li>Slune\u010dn\u00ed br\u00fdle, klobouk nebo \u0161\u00e1tek<\/li>\n<li>Opalovac\u00ed kr\u00e9m v l\u00e9t\u011b<\/li>\n<\/ul>\n<h2><span style=\"color: #ff6600;\">Itiner\u00e1\u0159<\/span><\/h2>\n<p>Brzk\u00fd odjezd na leti\u0161t\u011b v Hurghad\u011b k letu do K\u00e1hiry. Po p\u0159\u00edletu na v\u00e1s bude v\u00e1\u0161 pr\u016fvodce \u010dekat p\u0159ed p\u0159\u00edletovou halou na k\u00e1hirsk\u00e9m leti\u0161ti, aby zah\u00e1jil prohl\u00eddku egyptsk\u00fdch atrakc\u00ed.<\/p>\n<h3><span style=\"color: #ff6600;\">Velk\u00e9 egyptsk\u00e9 muzeum (GEM)<\/span><\/h3>\n<p>Tato prohl\u00eddka je navr\u017eena tak, abyste str\u00e1vili co nejv\u00edce \u010dasu ve <strong>Velk\u00e9m egyptsk\u00e9m muzeu<\/strong>. Prohl\u00eddka pyramid tak potrv\u00e1 p\u0159ibli\u017en\u011b dv\u011b hodiny a zbytek ve <strong>Velk\u00e9m egyptsk\u00e9m muzeu<\/strong> v\u010detn\u011b ob\u011bda. Prohl\u00eddka za\u010d\u00edn\u00e1 je\u0161t\u011b p\u0159ed vstupem do <strong>GEM<\/strong>, kde se ocitnete tv\u00e1\u0159\u00ed v tv\u00e1\u0159 s prvn\u00edm a jedin\u00fdm visut\u00fdm obeliskem na sv\u011bt\u011b. Nav\u00edc kartu\u0161 nesouc\u00ed jm\u00e9no kr\u00e1le <strong>Ramesse II.<\/strong> je vid\u011bt na podstavci obelisku.<\/p>\n<p>Pokra\u010dujte k fas\u00e1d\u011b muzea <strong>GEM<\/strong>, uvid\u00edte <strong>kartu\u0161e<\/strong> stavitel\u016f pyramid jako <strong>Cheops<\/strong>, <strong>Chefren<\/strong> a <strong>Menkaure<\/strong>. Tak\u00e9 Snefru a faraoni z <strong>Nov\u00e9ho kr\u00e1lovstv\u00ed<\/strong>. Jakmile vstoup\u00edte do muzea, p\u0159iv\u00edt\u00e1 v\u00e1s Velk\u00fd Ramesse a pot\u00e9 zah\u00e1j\u00edte <strong>Velk\u00e9 schodi\u0161t\u011b<\/strong>, kde objev\u00edte v\u00fdznam jeho designu. Za\u010dn\u011bte od kr\u00e1lovsk\u00e9 moci s n\u011bkter\u00fdmi obrovsk\u00fdmi sochami slavn\u00fdch kr\u00e1l\u016f ze Star\u00e9, St\u0159edn\u00ed a Nov\u00e9 \u0159\u00ed\u0161e. Pot\u00e9 objev\u00edte posl\u00e1n\u00ed kr\u00e1le v \u017eivot\u011b od stavby chr\u00e1m\u016f boh\u016fm, uct\u00edv\u00e1n\u00ed boh\u016f, kte\u0159\u00ed mu pom\u00e1hali udr\u017eovat harmonii a chr\u00e1nit zemi. Pot\u00e9, po jeho smrti, bude mumifikov\u00e1n a poh\u0159ben v sarkof\u00e1gu, ne\u017e bude um\u00edst\u011bn do pyramidy. Odtud jeho du\u0161e bude pokra\u010dovat v cest\u011b k nebi, aby byla s dobr\u00fdmi du\u0161emi na severn\u00ed stran\u011b.<\/p>\n<h3><span style=\"color: #ff6600;\">Ob\u011bd v GEM<\/span><\/h3>\n<p>Vychutnejte si kvalitn\u00ed ob\u011bd v restauraci Zooba uvnit\u0159 <strong>Velk\u00e9ho egyptsk\u00e9ho muzea<\/strong>.<\/p>\n<h3><span style=\"color: #ff6600;\">GEM Galerie<\/span><\/h3>\n<p>Po ob\u011bd\u011b dokon\u010d\u00edte prohl\u00eddku s va\u0161\u00edm pr\u016fvodcem, abyste obdivovali zbytek muzea. Galerie skute\u010dn\u011b pojedn\u00e1vaj\u00ed o t\u0159ech r\u016fzn\u00fdch t\u00e9matech od prehistorick\u00e9 \u00e9ry a\u017e po \u0159ecko-\u0159\u00edmskou \u00e9ru. U\u010dte se a objevujte starov\u011bkou kr\u00e1lovskou moc, spole\u010dnost a n\u00e1bo\u017eenstv\u00ed ve velmi p\u011bkn\u00e9m uspo\u0159\u00e1d\u00e1n\u00ed. Na konci prohl\u00eddky se p\u0159esunete na dal\u0161\u00ed zast\u00e1vku.<\/p>\n<h3><span style=\"color: #ff6600;\">Komplex pyramid v G\u00edze<\/span><\/h3>\n<p>Nyn\u00ed je \u010das obdivovat jedin\u00e9 divy, kter\u00e9 st\u00e1le existuj\u00ed na <strong>n\u00e1horn\u00ed plo\u0161in\u011b v G\u00edze<\/strong>, a podle nov\u00e9ho syst\u00e9mu pojedete kyvadlov\u00fdm autobusem z nov\u00e9ho vchodu k prohl\u00eddce n\u00e1sleduj\u00edc\u00edm zp\u016fsobem:<\/p>\n<h3><span style=\"color: #ff6600;\">Cheopsova pyramida Velk\u00e1 Cheopsova pyramida<\/span><\/h3>\n<p>je nejstar\u0161\u00ed a nejv\u011bt\u0161\u00ed v oblasti a m\u00e1 asi 2,3 milionu blok\u016f o hmotnosti mezi t\u0159emi a patn\u00e1cti tunami. Krom\u011b historick\u00e9 \u010d\u00e1sti se pokus\u00edme vysv\u011btlit aktualizace a nov\u00e9 objevy v oblasti. Tak\u00e9 v\u00e1m d\u00e1me p\u0159edstavu o l\u00e9\u010div\u00e9 s\u00edle pyramid a o tom, jak byly navr\u017eeny tak, aby v\u00e1s uvedly do <strong>mozkov\u00e9 vlny Theta<\/strong> vyskytuj\u00edc\u00ed se na frekvenci 4-8 Hz, kter\u00e9 jsou spojeny s <strong>hlubokou relaxac\u00ed, kreativitou a intuic\u00ed<\/strong>. Pozd\u011bji m\u016f\u017eete zdarma vstoupit do jedn\u00e9 z mal\u00fdch pyramid, ne\u017e projdete mezi hroby stavitel\u016f pyramid.<\/p>\n<h3><span style=\"color: #ff6600;\">Velk\u00e1 Sfinga<\/span><\/h3>\n<p>Pot\u00e9 nav\u0161t\u00edv\u00edte <strong>mumifika\u010dn\u00ed<\/strong> chr\u00e1m vedle Sfingy a Velkou Sfingu. Zjist\u011bte, pro\u010d m\u00e1 lidskou hlavu a lv\u00ed t\u011blo a souvislost se ztracenou Atlantidou.<\/p>\n<p>Zp\u011bt na v\u00fdchoz\u00ed bod, abyste si vzali auto a pokra\u010dovali na <strong>bazar Khan el-Khalili<\/strong>. Je to velmi zn\u00e1m\u00fd bazar v srdci K\u00e1hiry pobl\u00ed\u017e <strong>ulice El Moez<\/strong>, nejstar\u0161\u00ed ulice na sv\u011bt\u011b od roku 1080 n. l. beze zm\u011bny. Je to jedna z <strong>nejlep\u0161\u00edch v\u011bc\u00ed, co d\u011blat v K\u00e1hi\u0159e<\/strong> a \u00fa\u017easn\u00fdch turistick\u00fdch atrakc\u00ed, ne\u017e se vyd\u00e1te zp\u011bt na k\u00e1hirsk\u00e9 leti\u0161t\u011b k letu do Hurghady. Nakonec v\u00e1s p\u0159evezeme z leti\u0161t\u011b Hurghada do va\u0161eho hotelu v Soma Bay.<\/p>\n<p><strong>Stravov\u00e1n\u00ed:<\/strong> Sn\u00eddan\u011b, ob\u011bd<\/p>\n<h3><span style=\"color: #ff6600;\">Velk\u00e9 egyptsk\u00e9 muzeum z Soma Bay Letecky Cena<\/span><\/h3>\n<p>Celkov\u00e1 cena 300 $ za osobu<\/p>\n<h3><span style=\"color: #ff6600;\">Rezervace<\/span><\/h3>\n<p>Svou prohl\u00eddku si m\u016f\u017eete rezervovat p\u0159es WhatsApp nebo n\u00e1m poslat e-mail a potvrzen\u00ed obdr\u017e\u00edte na m\u00edst\u011b. Pros\u00edm, po\u0161lete n\u00e1m n\u00e1zev va\u0161eho hotelu, \u010d\u00edslo pokoje, kopie pas\u016f.<\/p>\n<p><strong>WhatsApp: +201000852186<\/strong><\/p>\n<p>info@egytourpackages.com<\/p>\n<h3><span style=\"color: #ff6600;\">Rezervujte nyn\u00ed a zapla\u0165te na m\u00edst\u011b<\/span><\/h3>\n<p>Rezervujte si sv\u016fj obl\u00edben\u00fd z\u00e1jezd a zapla\u0165te v den v\u00fdletu.<\/p>\n<h3><span style=\"color: #ff6600;\">Platba<\/span><\/h3>\n<p>M\u016f\u017eete platit egyptsk\u00fdmi librami, $, \u20ac nebo \u00a3.<\/p>\n<h3><span style=\"color: #ff6600;\">Storno podm\u00ednky<\/span><\/h3>\n<ul>\n<li>Zru\u0161en\u00ed je zdarma a\u017e 24 hodin p\u0159edem.<\/li>\n<li>Rann\u00ed zru\u0161en\u00ed je 50 % z ceny.<\/li>\n<\/ul>\n","protected":false},"excerpt":{"rendered":"<p>Objevte Velk\u00e9 egyptsk\u00e9 muzeum v Soma Bay Letecky. Prozkoumejte Tutanchamonovy poklady a starov\u011bk\u00fd Egypt.Rezervovat hned<\/p>\n","protected":false},"featured_media":3614,"comment_status":"open","ping_status":"closed","template":"","meta":[],"product_brand":[],"product_cat":[1466],"product_tag":[1470,1981],"class_list":{"0":"post-4546","1":"product","2":"type-product","3":"status-publish","4":"has-post-thumbnail","6":"product_cat-vylety","7":"product_tag-jednodenni-vylety-po-egypte","8":"product_tag-vylety-ze-soma-bay","9":"tour_category-jednodenni-vylety-po-egypte-cs","10":"tour_category-vylety-do-soma-bay","12":"first","13":"instock","14":"sale","15":"shipping-taxable","16":"purchasable","17":"product-type-tour","18":"has-default-attributes"},"yoast_head":"<!-- This site is optimized with the Yoast SEO Premium plugin v27.4 (Yoast SEO v27.4) - https:\/\/yoast.com\/product\/yoast-seo-premium-wordpress\/ -->\n<title>Velk\u00e9 egyptsk\u00e9 muzeum z Soma Bay Letecky<\/title>\n<meta name=\"description\" content=\"Objevte Velk\u00e9 egyptsk\u00e9 muzeum z Soma Bay Letecky | Prozkoumejte Tutanchamonovy poklady a starov\u011bk\u00fd Egypt.Rezervovat hned...\" \/>\n<meta name=\"robots\" content=\"index, follow, max-snippet:-1, max-image-preview:large, max-video-preview:-1\" \/>\n<link rel=\"canonical\" href=\"https:\/\/egytourpackages.com\/cs\/prohlidky\/velke-egyptske-muzeum-z-soma-bay-letecky\/\" \/>\n<meta property=\"og:locale\" content=\"cs_CZ\" \/>\n<meta property=\"og:type\" content=\"article\" \/>\n<meta property=\"og:title\" content=\"Velk\u00e9 egyptsk\u00e9 muzeum z Soma Bay Letecky\" \/>\n<meta property=\"og:description\" content=\"Objevte Velk\u00e9 egyptsk\u00e9 muzeum v Soma Bay Letecky. Prozkoumejte Tutanchamonovy poklady a starov\u011bk\u00fd Egypt.Rezervovat hned\" \/>\n<meta property=\"og:url\" content=\"https:\/\/egytourpackages.com\/cs\/prohlidky\/velke-egyptske-muzeum-z-soma-bay-letecky\/\" \/>\n<meta property=\"og:site_name\" content=\"Z\u00e1jezdy po Egypt\u011b\" \/>\n<meta property=\"article:publisher\" content=\"https:\/\/www.facebook.com\/egytourpackages\" \/>\n<meta property=\"article:modified_time\" content=\"2026-01-04T20:04:27+00:00\" \/>\n<meta property=\"og:image\" content=\"https:\/\/egytourpackages.com\/wp-content\/uploads\/2025\/05\/Wooden-colored-sarcophagi-from-GEM.jpeg\" \/>\n\t<meta property=\"og:image:width\" content=\"2000\" \/>\n\t<meta property=\"og:image:height\" content=\"924\" \/>\n\t<meta property=\"og:image:type\" content=\"image\/jpeg\" \/>\n<meta name=\"twitter:card\" content=\"summary_large_image\" \/>\n<meta name=\"twitter:title\" content=\"Velk\u00e9 egyptsk\u00e9 muzeum z Soma Bay Letecky\" \/>\n<meta name=\"twitter:label1\" content=\"Cena\" \/>\n\t<meta name=\"twitter:data1\" content=\"&euro;290\" \/>\n\t<meta name=\"twitter:label2\" content=\"Dostupnost\" \/>\n\t<meta name=\"twitter:data2\" content=\"Skladem\" \/>\n<script type=\"application\/ld+json\" class=\"yoast-schema-graph\">{\"@context\":\"https:\\\/\\\/schema.org\",\"@graph\":[{\"@type\":\"WebPage\",\"@id\":\"https:\\\/\\\/egytourpackages.com\\\/cs\\\/prohlidky\\\/velke-egyptske-muzeum-z-soma-bay-letecky\\\/\",\"url\":\"https:\\\/\\\/egytourpackages.com\\\/cs\\\/prohlidky\\\/velke-egyptske-muzeum-z-soma-bay-letecky\\\/\",\"name\":\"Velk\u00e9 egyptsk\u00e9 muzeum z Soma Bay Letecky\",\"isPartOf\":{\"@id\":\"https:\\\/\\\/egytourpackages.com\\\/cs\\\/#website\"},\"primaryImageOfPage\":{\"@id\":\"https:\\\/\\\/egytourpackages.com\\\/cs\\\/prohlidky\\\/velke-egyptske-muzeum-z-soma-bay-letecky\\\/#primaryimage\"},\"image\":{\"@id\":\"https:\\\/\\\/egytourpackages.com\\\/cs\\\/prohlidky\\\/velke-egyptske-muzeum-z-soma-bay-letecky\\\/#primaryimage\"},\"thumbnailUrl\":\"https:\\\/\\\/egytourpackages.com\\\/wp-content\\\/uploads\\\/2025\\\/05\\\/Wooden-colored-sarcophagi-from-GEM.jpeg\",\"datePublished\":\"2025-05-22T12:48:18+00:00\",\"dateModified\":\"2026-01-04T20:04:27+00:00\",\"description\":\"Objevte Velk\u00e9 egyptsk\u00e9 muzeum z Soma Bay Letecky | Prozkoumejte Tutanchamonovy poklady a starov\u011bk\u00fd Egypt.Rezervovat hned...\",\"breadcrumb\":{\"@id\":\"https:\\\/\\\/egytourpackages.com\\\/cs\\\/prohlidky\\\/velke-egyptske-muzeum-z-soma-bay-letecky\\\/#breadcrumb\"},\"inLanguage\":\"cs\",\"potentialAction\":[{\"@type\":\"ReadAction\",\"target\":[\"https:\\\/\\\/egytourpackages.com\\\/cs\\\/prohlidky\\\/velke-egyptske-muzeum-z-soma-bay-letecky\\\/\"]}]},{\"@type\":\"ImageObject\",\"inLanguage\":\"cs\",\"@id\":\"https:\\\/\\\/egytourpackages.com\\\/cs\\\/prohlidky\\\/velke-egyptske-muzeum-z-soma-bay-letecky\\\/#primaryimage\",\"url\":\"https:\\\/\\\/egytourpackages.com\\\/wp-content\\\/uploads\\\/2025\\\/05\\\/Wooden-colored-sarcophagi-from-GEM.jpeg\",\"contentUrl\":\"https:\\\/\\\/egytourpackages.com\\\/wp-content\\\/uploads\\\/2025\\\/05\\\/Wooden-colored-sarcophagi-from-GEM.jpeg\",\"width\":2000,\"height\":924,\"caption\":\"Velk\u00e9 egyptsk\u00e9 muzeum z Soma Bay Letecky\"},{\"@type\":\"BreadcrumbList\",\"@id\":\"https:\\\/\\\/egytourpackages.com\\\/cs\\\/prohlidky\\\/velke-egyptske-muzeum-z-soma-bay-letecky\\\/#breadcrumb\",\"itemListElement\":[{\"@type\":\"ListItem\",\"position\":1,\"name\":\"Dom\u016f\",\"item\":\"https:\\\/\\\/egytourpackages.com\\\/cs\\\/balicky-vyletu-po-egypte\\\/\"},{\"@type\":\"ListItem\",\"position\":2,\"name\":\"Shop\",\"item\":\"https:\\\/\\\/egytourpackages.com\\\/cs\\\/shop\\\/\"},{\"@type\":\"ListItem\",\"position\":3,\"name\":\"Velk\u00e9 egyptsk\u00e9 muzeum z Soma Bay Letecky\"}]},{\"@type\":\"WebSite\",\"@id\":\"https:\\\/\\\/egytourpackages.com\\\/cs\\\/#website\",\"url\":\"https:\\\/\\\/egytourpackages.com\\\/cs\\\/\",\"name\":\"Egy tour packages\",\"description\":\"\",\"publisher\":{\"@id\":\"https:\\\/\\\/egytourpackages.com\\\/cs\\\/#organization\"},\"potentialAction\":[{\"@type\":\"SearchAction\",\"target\":{\"@type\":\"EntryPoint\",\"urlTemplate\":\"https:\\\/\\\/egytourpackages.com\\\/cs\\\/?s={search_term_string}\"},\"query-input\":{\"@type\":\"PropertyValueSpecification\",\"valueRequired\":true,\"valueName\":\"search_term_string\"}}],\"inLanguage\":\"cs\"},{\"@type\":[\"Organization\",\"Place\",\"TravelAgency\"],\"@id\":\"https:\\\/\\\/egytourpackages.com\\\/cs\\\/#organization\",\"name\":\"egypt tour packages\",\"alternateName\":\"egypt tour packages\",\"url\":\"https:\\\/\\\/egytourpackages.com\\\/cs\\\/\",\"logo\":{\"@id\":\"https:\\\/\\\/egytourpackages.com\\\/cs\\\/prohlidky\\\/velke-egyptske-muzeum-z-soma-bay-letecky\\\/#local-main-organization-logo\"},\"image\":{\"@id\":\"https:\\\/\\\/egytourpackages.com\\\/cs\\\/prohlidky\\\/velke-egyptske-muzeum-z-soma-bay-letecky\\\/#local-main-organization-logo\"},\"sameAs\":[\"https:\\\/\\\/www.facebook.com\\\/egytourpackages\"],\"legalName\":\"Egy tour packages\",\"address\":{\"@id\":\"https:\\\/\\\/egytourpackages.com\\\/cs\\\/prohlidky\\\/velke-egyptske-muzeum-z-soma-bay-letecky\\\/#local-main-place-address\"},\"telephone\":[\"00201000852186\",\"00201028685533\"],\"contactPoint\":{\"@type\":\"ContactPoint\",\"telephone\":\"00201000852186\"},\"openingHoursSpecification\":[{\"@type\":\"OpeningHoursSpecification\",\"dayOfWeek\":[\"Monday\",\"Tuesday\",\"Wednesday\",\"Thursday\",\"Friday\",\"Saturday\",\"Sunday\"],\"opens\":\"00:00\",\"closes\":\"23:59\"}],\"email\":\"info@egytourpackages.com\",\"areaServed\":\"Cairo, Hurghada, Luxor, Sharm El Sheikh, Marsa Alam, Aswan\",\"priceRange\":\"$\",\"currenciesAccepted\":\"euro\",\"paymentAccepted\":\"Payment links online\"},{\"@type\":\"PostalAddress\",\"@id\":\"https:\\\/\\\/egytourpackages.com\\\/cs\\\/prohlidky\\\/velke-egyptske-muzeum-z-soma-bay-letecky\\\/#local-main-place-address\",\"streetAddress\":\"Mubarak 8, Al Kawthar District, Hurghada\",\"addressLocality\":\"Hurghada\",\"postalCode\":\"84511\",\"addressRegion\":\"Red Sea\",\"addressCountry\":\"EG\"},{\"@type\":\"ImageObject\",\"inLanguage\":\"cs\",\"@id\":\"https:\\\/\\\/egytourpackages.com\\\/cs\\\/prohlidky\\\/velke-egyptske-muzeum-z-soma-bay-letecky\\\/#local-main-organization-logo\",\"url\":\"https:\\\/\\\/egytourpackages.com\\\/wp-content\\\/uploads\\\/2025\\\/12\\\/Turquoise-Dahabiya-Nile-Cruise-1.jpeg\",\"contentUrl\":\"https:\\\/\\\/egytourpackages.com\\\/wp-content\\\/uploads\\\/2025\\\/12\\\/Turquoise-Dahabiya-Nile-Cruise-1.jpeg\",\"width\":1040,\"height\":694,\"caption\":\"egypt tour packages\"}]}<\/script>\n<meta property=\"product:brand\" content=\"Jednodenn\u00ed v\u00fdlety po Egypt\u011b\" \/>\n<meta property=\"product:price:amount\" content=\"290\" \/>\n<meta property=\"product:price:currency\" content=\"EUR\" \/>\n<meta property=\"og:availability\" content=\"instock\" \/>\n<meta property=\"product:availability\" content=\"instock\" \/>\n<meta property=\"product:retailer_item_id\" content=\"SBE07\" \/>\n<meta property=\"product:condition\" content=\"new\" \/>\n<meta name=\"geo.placename\" content=\"Hurghada\" \/>\n<meta name=\"geo.region\" content=\"Egypt\" \/>\n<!-- \/ Yoast SEO Premium plugin. -->","yoast_head_json":{"title":"Velk\u00e9 egyptsk\u00e9 muzeum z Soma Bay Letecky","description":"Objevte Velk\u00e9 egyptsk\u00e9 muzeum z Soma Bay Letecky | Prozkoumejte Tutanchamonovy poklady a starov\u011bk\u00fd Egypt.Rezervovat hned...","robots":{"index":"index","follow":"follow","max-snippet":"max-snippet:-1","max-image-preview":"max-image-preview:large","max-video-preview":"max-video-preview:-1"},"canonical":"https:\/\/egytourpackages.com\/cs\/prohlidky\/velke-egyptske-muzeum-z-soma-bay-letecky\/","og_locale":"cs_CZ","og_type":"article","og_title":"Velk\u00e9 egyptsk\u00e9 muzeum z Soma Bay Letecky","og_description":"Objevte Velk\u00e9 egyptsk\u00e9 muzeum v Soma Bay Letecky. Prozkoumejte Tutanchamonovy poklady a starov\u011bk\u00fd Egypt.Rezervovat hned","og_url":"https:\/\/egytourpackages.com\/cs\/prohlidky\/velke-egyptske-muzeum-z-soma-bay-letecky\/","og_site_name":"Z\u00e1jezdy po Egypt\u011b","article_publisher":"https:\/\/www.facebook.com\/egytourpackages","article_modified_time":"2026-01-04T20:04:27+00:00","og_image":[{"width":2000,"height":924,"url":"https:\/\/egytourpackages.com\/wp-content\/uploads\/2025\/05\/Wooden-colored-sarcophagi-from-GEM.jpeg","type":"image\/jpeg"}],"twitter_card":"summary_large_image","twitter_title":"Velk\u00e9 egyptsk\u00e9 muzeum z Soma Bay Letecky","twitter_misc":{"Cena":"&euro;290","Dostupnost":"Skladem"},"schema":{"@context":"https:\/\/schema.org","@graph":[{"@type":"WebPage","@id":"https:\/\/egytourpackages.com\/cs\/prohlidky\/velke-egyptske-muzeum-z-soma-bay-letecky\/","url":"https:\/\/egytourpackages.com\/cs\/prohlidky\/velke-egyptske-muzeum-z-soma-bay-letecky\/","name":"Velk\u00e9 egyptsk\u00e9 muzeum z Soma Bay Letecky","isPartOf":{"@id":"https:\/\/egytourpackages.com\/cs\/#website"},"primaryImageOfPage":{"@id":"https:\/\/egytourpackages.com\/cs\/prohlidky\/velke-egyptske-muzeum-z-soma-bay-letecky\/#primaryimage"},"image":{"@id":"https:\/\/egytourpackages.com\/cs\/prohlidky\/velke-egyptske-muzeum-z-soma-bay-letecky\/#primaryimage"},"thumbnailUrl":"https:\/\/egytourpackages.com\/wp-content\/uploads\/2025\/05\/Wooden-colored-sarcophagi-from-GEM.jpeg","datePublished":"2025-05-22T12:48:18+00:00","dateModified":"2026-01-04T20:04:27+00:00","description":"Objevte Velk\u00e9 egyptsk\u00e9 muzeum z Soma Bay Letecky | Prozkoumejte Tutanchamonovy poklady a starov\u011bk\u00fd Egypt.Rezervovat hned...","breadcrumb":{"@id":"https:\/\/egytourpackages.com\/cs\/prohlidky\/velke-egyptske-muzeum-z-soma-bay-letecky\/#breadcrumb"},"inLanguage":"cs","potentialAction":[{"@type":"ReadAction","target":["https:\/\/egytourpackages.com\/cs\/prohlidky\/velke-egyptske-muzeum-z-soma-bay-letecky\/"]}]},{"@type":"ImageObject","inLanguage":"cs","@id":"https:\/\/egytourpackages.com\/cs\/prohlidky\/velke-egyptske-muzeum-z-soma-bay-letecky\/#primaryimage","url":"https:\/\/egytourpackages.com\/wp-content\/uploads\/2025\/05\/Wooden-colored-sarcophagi-from-GEM.jpeg","contentUrl":"https:\/\/egytourpackages.com\/wp-content\/uploads\/2025\/05\/Wooden-colored-sarcophagi-from-GEM.jpeg","width":2000,"height":924,"caption":"Velk\u00e9 egyptsk\u00e9 muzeum z Soma Bay Letecky"},{"@type":"BreadcrumbList","@id":"https:\/\/egytourpackages.com\/cs\/prohlidky\/velke-egyptske-muzeum-z-soma-bay-letecky\/#breadcrumb","itemListElement":[{"@type":"ListItem","position":1,"name":"Dom\u016f","item":"https:\/\/egytourpackages.com\/cs\/balicky-vyletu-po-egypte\/"},{"@type":"ListItem","position":2,"name":"Shop","item":"https:\/\/egytourpackages.com\/cs\/shop\/"},{"@type":"ListItem","position":3,"name":"Velk\u00e9 egyptsk\u00e9 muzeum z Soma Bay Letecky"}]},{"@type":"WebSite","@id":"https:\/\/egytourpackages.com\/cs\/#website","url":"https:\/\/egytourpackages.com\/cs\/","name":"Egy tour packages","description":"","publisher":{"@id":"https:\/\/egytourpackages.com\/cs\/#organization"},"potentialAction":[{"@type":"SearchAction","target":{"@type":"EntryPoint","urlTemplate":"https:\/\/egytourpackages.com\/cs\/?s={search_term_string}"},"query-input":{"@type":"PropertyValueSpecification","valueRequired":true,"valueName":"search_term_string"}}],"inLanguage":"cs"},{"@type":["Organization","Place","TravelAgency"],"@id":"https:\/\/egytourpackages.com\/cs\/#organization","name":"egypt tour packages","alternateName":"egypt tour packages","url":"https:\/\/egytourpackages.com\/cs\/","logo":{"@id":"https:\/\/egytourpackages.com\/cs\/prohlidky\/velke-egyptske-muzeum-z-soma-bay-letecky\/#local-main-organization-logo"},"image":{"@id":"https:\/\/egytourpackages.com\/cs\/prohlidky\/velke-egyptske-muzeum-z-soma-bay-letecky\/#local-main-organization-logo"},"sameAs":["https:\/\/www.facebook.com\/egytourpackages"],"legalName":"Egy tour packages","address":{"@id":"https:\/\/egytourpackages.com\/cs\/prohlidky\/velke-egyptske-muzeum-z-soma-bay-letecky\/#local-main-place-address"},"telephone":["00201000852186","00201028685533"],"contactPoint":{"@type":"ContactPoint","telephone":"00201000852186"},"openingHoursSpecification":[{"@type":"OpeningHoursSpecification","dayOfWeek":["Monday","Tuesday","Wednesday","Thursday","Friday","Saturday","Sunday"],"opens":"00:00","closes":"23:59"}],"email":"info@egytourpackages.com","areaServed":"Cairo, Hurghada, Luxor, Sharm El Sheikh, Marsa Alam, Aswan","priceRange":"$","currenciesAccepted":"euro","paymentAccepted":"Payment links online"},{"@type":"PostalAddress","@id":"https:\/\/egytourpackages.com\/cs\/prohlidky\/velke-egyptske-muzeum-z-soma-bay-letecky\/#local-main-place-address","streetAddress":"Mubarak 8, Al Kawthar District, Hurghada","addressLocality":"Hurghada","postalCode":"84511","addressRegion":"Red Sea","addressCountry":"EG"},{"@type":"ImageObject","inLanguage":"cs","@id":"https:\/\/egytourpackages.com\/cs\/prohlidky\/velke-egyptske-muzeum-z-soma-bay-letecky\/#local-main-organization-logo","url":"https:\/\/egytourpackages.com\/wp-content\/uploads\/2025\/12\/Turquoise-Dahabiya-Nile-Cruise-1.jpeg","contentUrl":"https:\/\/egytourpackages.com\/wp-content\/uploads\/2025\/12\/Turquoise-Dahabiya-Nile-Cruise-1.jpeg","width":1040,"height":694,"caption":"egypt tour packages"}]},"product_brand":"Jednodenn\u00ed v\u00fdlety po Egypt\u011b","product_price_amount":"290","product_price_currency":"EUR","og_availability":"instock","product_availability":"instock","product_retailer_item_id":"SBE07","product_condition":"new","geo.placename":"Hurghada","geo.region":"Egypt"},"_links":{"self":[{"href":"https:\/\/egytourpackages.com\/cs\/wp-json\/wp\/v2\/product\/4546","targetHints":{"allow":["GET"]}}],"collection":[{"href":"https:\/\/egytourpackages.com\/cs\/wp-json\/wp\/v2\/product"}],"about":[{"href":"https:\/\/egytourpackages.com\/cs\/wp-json\/wp\/v2\/types\/product"}],"replies":[{"embeddable":true,"href":"https:\/\/egytourpackages.com\/cs\/wp-json\/wp\/v2\/comments?post=4546"}],"wp:featuredmedia":[{"embeddable":true,"href":"https:\/\/egytourpackages.com\/cs\/wp-json\/wp\/v2\/media\/3614"}],"wp:attachment":[{"href":"https:\/\/egytourpackages.com\/cs\/wp-json\/wp\/v2\/media?parent=4546"}],"wp:term":[{"taxonomy":"product_brand","embeddable":true,"href":"https:\/\/egytourpackages.com\/cs\/wp-json\/wp\/v2\/product_brand?post=4546"},{"taxonomy":"product_cat","embeddable":true,"href":"https:\/\/egytourpackages.com\/cs\/wp-json\/wp\/v2\/product_cat?post=4546"},{"taxonomy":"product_tag","embeddable":true,"href":"https:\/\/egytourpackages.com\/cs\/wp-json\/wp\/v2\/product_tag?post=4546"}],"curies":[{"name":"wp","href":"https:\/\/api.w.org\/{rel}","templated":true}]}}