{"id":4548,"date":"2025-05-25T12:12:26","date_gmt":"2025-05-25T12:12:26","guid":{"rendered":"https:\/\/egytourpackages.com\/product\/soukromy-luxusni-transfer-z-letiste-hurghada-do-hotelu-v-soma-bay\/"},"modified":"2026-02-12T23:22:04","modified_gmt":"2026-02-12T23:22:04","slug":"soukromy-luxusni-transfer-z-letiste-hurghada-do-hotelu-v-soma-bay","status":"publish","type":"product","link":"https:\/\/egytourpackages.com\/cs\/prohlidky\/soukromy-luxusni-transfer-z-letiste-hurghada-do-hotelu-v-soma-bay\/","title":{"rendered":"Soukrom\u00fd luxusn\u00ed transfer z leti\u0161t\u011b Hurghada do hotel\u016f v Soma Bay"},"content":{"rendered":"<p><span style=\"color: #ff6600;\"><strong>Soukrom\u00fd luxusn\u00ed transfer z leti\u0161t\u011b Hurghada do hotel\u016f v Soma Bay<\/strong><\/span><\/p>\n<p><strong>| <span style=\"color: #993366;\"><em>Rezervace luxusn\u00edho soukrom\u00e9ho transferu autem | Slu\u017eby Mercedes<\/em><\/span> | <\/strong><a href=\"https:\/\/egytourpackages.com\/cs\/Kategorie vylety\/transfery-z-letiste-a-na-letiste\/\">Leti\u0161tn\u00ed transfer<\/a><\/p>\n<p>Soukrom\u00fd luxusn\u00ed transfer z leti\u0161t\u011b Hurghada do hotel\u016f v Soma Bay je nejrychlej\u0161\u00ed zp\u016fsob, jak se dostat z <strong>leti\u0161t\u011b Hurghada<\/strong> do hotel\u016f v <strong>Soma Bay<\/strong>. <strong>Egy tour packages<\/strong> nab\u00edzej\u00ed soukrom\u00e9 <strong>taxi transfery z Hurghady<\/strong> vozy <strong>Mercedes<\/strong> z leti\u0161t\u011b Hurghada od dve\u0159\u00ed ke dve\u0159\u00edm za jednu hodinu.<\/p>\n<p>Rezervujte si sv\u016fj <strong>transfer do resort\u016f Soma Bay<\/strong> p\u0159es WhatsApp, e-mail nebo telefonn\u00ed hovor. P\u0159i rezervaci <strong>taxi transferu z leti\u0161t\u011b Hurghada<\/strong> jednodu\u0161e uve\u010fte \u010d\u00edslo letu, \u010das p\u0159\u00edletu a my se postar\u00e1me o zbytek. Ve skute\u010dnosti operujeme 24 hodin denn\u011b se skupinou modern\u00edch a klimatizovan\u00fdch vozidel a vyzvedneme v\u00e1s kdykoli z <strong>leti\u0161t\u011b Hurghada<\/strong>.<\/p>\n<p>V\u00e1\u0161 \u0159idi\u010d na v\u00e1s bude \u010dekat p\u0159ed p\u0159\u00edletovou halou s va\u0161\u00edm jm\u00e9nem na ceduli, aby v\u00e1m pomohl se zavazadly. V d\u016fsledku toho zapome\u0148te na stres a u\u017eijte si sv\u016fj <strong>transfer z leti\u0161t\u011b Hurghada do va\u0161eho hotelu v Soma Bay<\/strong>.<\/p>\n<h3><span style=\"color: #ff6600;\">PC<\/span><\/h3>\n<p>Vezm\u011bte pros\u00edm na v\u011bdom\u00ed, \u017ee na\u0161e ceny za <strong>transfery z leti\u0161t\u011b Hurghada do resort\u016f v Soma Bay<\/strong> jsou za vozidlo a neexistuj\u00ed \u017e\u00e1dn\u00e1 skryt\u00e1 p\u0159ekvapen\u00ed. Pro v\u00edce informac\u00ed o <strong>taxi transferech z leti\u0161t\u011b Hurghada<\/strong> pros\u00edm zkontrolujte na\u0161i sekci <strong>leti\u0161tn\u00ed transfery<\/strong>.<\/p>\n<h3><span style=\"color: #ff6600;\">Cena <\/span><\/h3>\n<p>Za vozidlo 120 $<\/p>\n<h3><span style=\"color: #ff6600;\">Rezervace<\/span><\/h3>\n<ul>\n<li>Svou j\u00edzdu si m\u016f\u017eete rezervovat p\u0159es WhatsApp nebo n\u00e1m poslat E-mail a potvrzen\u00ed obdr\u017e\u00edte na m\u00edst\u011b.<\/li>\n<li>Pros\u00edm, za\u0161lete n\u00e1m n\u00e1zev va\u0161eho hotelu, \u010d\u00edslo pokoje, kopie pas\u016f.<\/li>\n<\/ul>\n<p>WhatsApp \u010d\u00edslo: +201000852186<\/p>\n<p>info@egytourpackages.com<\/p>\n<h3><span style=\"color: #ff6600;\">Rezervovat hned a zaplatit na m\u00edst\u011b<\/span><\/h3>\n<p>Rezervujte si sv\u016fj obl\u00edben\u00fd transfer a zapla\u0165te v den cesty.<\/p>\n<h3><span style=\"color: #ff6600;\">Platba<\/span><\/h3>\n<p>M\u016f\u017eete platit <strong>egyptsk\u00fdmi librami<\/strong>, <strong>$<\/strong>, <strong>\u20ac<\/strong> nebo <strong>\u00a3<\/strong>.<\/p>\n<h3><span style=\"color: #ff6600;\">Storno podm\u00ednky <\/span><\/h3>\n<ul>\n<li>Zru\u0161en\u00ed je zdarma a\u017e 24 hodin p\u0159edem.<\/li>\n<\/ul>\n","protected":false},"excerpt":{"rendered":"<hr \/>\n<p><b>Luxusn\u00ed transfer z leti\u0161t\u011b Hurghada do hotel\u016f v Soma Bay<\/b> | U\u017eijte si luxusn\u00ed transfer vozem <b>Mercedes<\/b> z <b>leti\u0161t\u011b Hurghada<\/b> do v\u0161ech hotel\u016f v <b>Hurghad\u011b<\/b>.<\/p>\n","protected":false},"featured_media":3638,"comment_status":"open","ping_status":"closed","template":"","meta":[],"product_brand":[],"product_cat":[1466],"product_tag":[1470,2392],"class_list":{"0":"post-4548","1":"product","2":"type-product","3":"status-publish","4":"has-post-thumbnail","6":"product_cat-vylety","7":"product_tag-jednodenni-vylety-po-egypte","8":"product_tag-letistni-transfery","9":"tour_category-jednodenni-vylety-po-egypte-cs","10":"tour_category-transfery-z-letiste-a-na-letiste","12":"first","13":"instock","14":"sale","15":"shipping-taxable","16":"purchasable","17":"product-type-tour","18":"has-default-attributes"},"yoast_head":"<!-- This site is optimized with the Yoast SEO Premium plugin v27.4 (Yoast SEO v27.4) - https:\/\/yoast.com\/product\/yoast-seo-premium-wordpress\/ -->\n<title>Soukrom\u00fd luxusn\u00ed transfer z leti\u0161t\u011b Hurghada do hotel\u016f v Soma Bay<\/title>\n<meta name=\"description\" content=\"Soukrom\u00fd luxusn\u00ed transfer z leti\u0161t\u011b Hurghada do hotel\u016f v Soma Bay | U\u017eijte si luxusn\u00ed transfer vozem Mercedes z leti\u0161t\u011b Hurghada do v\u0161ech hotel\u016f v Hurghad\u011b.\" \/>\n<meta name=\"robots\" content=\"index, follow, max-snippet:-1, max-image-preview:large, max-video-preview:-1\" \/>\n<link rel=\"canonical\" href=\"https:\/\/egytourpackages.com\/cs\/prohlidky\/soukromy-luxusni-transfer-z-letiste-hurghada-do-hotelu-v-soma-bay\/\" \/>\n<meta property=\"og:locale\" content=\"cs_CZ\" \/>\n<meta property=\"og:type\" content=\"article\" \/>\n<meta property=\"og:title\" content=\"Soukrom\u00fd luxusn\u00ed transfer z leti\u0161t\u011b Hurghada do hotel\u016f v Soma Bay\" \/>\n<meta property=\"og:description\" content=\"Luxusn\u00ed transfer z leti\u0161t\u011b Hurghada do hotel\u016f v Soma Bay | U\u017eijte si luxusn\u00ed transfer vozem Mercedes z leti\u0161t\u011b Hurghada do v\u0161ech hotel\u016f v Hurghad\u011b.\" \/>\n<meta property=\"og:url\" content=\"https:\/\/egytourpackages.com\/cs\/prohlidky\/soukromy-luxusni-transfer-z-letiste-hurghada-do-hotelu-v-soma-bay\/\" \/>\n<meta property=\"og:site_name\" content=\"Z\u00e1jezdy po Egypt\u011b\" \/>\n<meta property=\"article:publisher\" content=\"https:\/\/www.facebook.com\/egytourpackages\" \/>\n<meta property=\"article:modified_time\" content=\"2026-02-12T23:22:04+00:00\" \/>\n<meta property=\"og:image\" content=\"https:\/\/egytourpackages.com\/wp-content\/uploads\/2025\/05\/Mercedes-airport-transfers-1024x768.jpg\" \/>\n<meta name=\"twitter:card\" content=\"summary_large_image\" \/>\n<meta name=\"twitter:title\" content=\"Soukrom\u00fd luxusn\u00ed transfer z leti\u0161t\u011b Hurghada do hotel\u016f v Soma Bay\" \/>\n<meta name=\"twitter:label1\" content=\"Cena\" \/>\n\t<meta name=\"twitter:data1\" content=\"&euro;100\" \/>\n\t<meta name=\"twitter:label2\" content=\"Dostupnost\" \/>\n\t<meta name=\"twitter:data2\" content=\"Skladem\" \/>\n<script type=\"application\/ld+json\" class=\"yoast-schema-graph\">{\"@context\":\"https:\\\/\\\/schema.org\",\"@graph\":[{\"@type\":\"WebPage\",\"@id\":\"https:\\\/\\\/egytourpackages.com\\\/cs\\\/prohlidky\\\/soukromy-luxusni-transfer-z-letiste-hurghada-do-hotelu-v-soma-bay\\\/\",\"url\":\"https:\\\/\\\/egytourpackages.com\\\/cs\\\/prohlidky\\\/soukromy-luxusni-transfer-z-letiste-hurghada-do-hotelu-v-soma-bay\\\/\",\"name\":\"Soukrom\u00fd luxusn\u00ed transfer z leti\u0161t\u011b Hurghada do hotel\u016f v Soma Bay\",\"isPartOf\":{\"@id\":\"https:\\\/\\\/egytourpackages.com\\\/cs\\\/#website\"},\"primaryImageOfPage\":{\"@id\":\"https:\\\/\\\/egytourpackages.com\\\/cs\\\/prohlidky\\\/soukromy-luxusni-transfer-z-letiste-hurghada-do-hotelu-v-soma-bay\\\/#primaryimage\"},\"image\":{\"@id\":\"https:\\\/\\\/egytourpackages.com\\\/cs\\\/prohlidky\\\/soukromy-luxusni-transfer-z-letiste-hurghada-do-hotelu-v-soma-bay\\\/#primaryimage\"},\"thumbnailUrl\":\"https:\\\/\\\/egytourpackages.com\\\/wp-content\\\/uploads\\\/2025\\\/05\\\/Luxurious-airport-transfer.jpg\",\"datePublished\":\"2025-05-25T12:12:26+00:00\",\"dateModified\":\"2026-02-12T23:22:04+00:00\",\"description\":\"Soukrom\u00fd luxusn\u00ed transfer z leti\u0161t\u011b Hurghada do hotel\u016f v Soma Bay | U\u017eijte si luxusn\u00ed transfer vozem Mercedes z leti\u0161t\u011b Hurghada do v\u0161ech hotel\u016f v Hurghad\u011b.\",\"breadcrumb\":{\"@id\":\"https:\\\/\\\/egytourpackages.com\\\/cs\\\/prohlidky\\\/soukromy-luxusni-transfer-z-letiste-hurghada-do-hotelu-v-soma-bay\\\/#breadcrumb\"},\"inLanguage\":\"cs\",\"potentialAction\":[{\"@type\":\"ReadAction\",\"target\":[\"https:\\\/\\\/egytourpackages.com\\\/cs\\\/prohlidky\\\/soukromy-luxusni-transfer-z-letiste-hurghada-do-hotelu-v-soma-bay\\\/\"]}]},{\"@type\":\"ImageObject\",\"inLanguage\":\"cs\",\"@id\":\"https:\\\/\\\/egytourpackages.com\\\/cs\\\/prohlidky\\\/soukromy-luxusni-transfer-z-letiste-hurghada-do-hotelu-v-soma-bay\\\/#primaryimage\",\"url\":\"https:\\\/\\\/egytourpackages.com\\\/wp-content\\\/uploads\\\/2025\\\/05\\\/Luxurious-airport-transfer.jpg\",\"contentUrl\":\"https:\\\/\\\/egytourpackages.com\\\/wp-content\\\/uploads\\\/2025\\\/05\\\/Luxurious-airport-transfer.jpg\",\"width\":1800,\"height\":1350,\"caption\":\"Soukrom\u00fd luxusn\u00ed transfer z leti\u0161t\u011b Hurghada do hotel\u016f v Soma Bay\"},{\"@type\":\"BreadcrumbList\",\"@id\":\"https:\\\/\\\/egytourpackages.com\\\/cs\\\/prohlidky\\\/soukromy-luxusni-transfer-z-letiste-hurghada-do-hotelu-v-soma-bay\\\/#breadcrumb\",\"itemListElement\":[{\"@type\":\"ListItem\",\"position\":1,\"name\":\"Dom\u016f\",\"item\":\"https:\\\/\\\/egytourpackages.com\\\/cs\\\/balicky-vyletu-po-egypte\\\/\"},{\"@type\":\"ListItem\",\"position\":2,\"name\":\"Shop\",\"item\":\"https:\\\/\\\/egytourpackages.com\\\/cs\\\/shop\\\/\"},{\"@type\":\"ListItem\",\"position\":3,\"name\":\"Soukrom\u00fd luxusn\u00ed transfer z leti\u0161t\u011b Hurghada do hotel\u016f v Soma Bay\"}]},{\"@type\":\"WebSite\",\"@id\":\"https:\\\/\\\/egytourpackages.com\\\/cs\\\/#website\",\"url\":\"https:\\\/\\\/egytourpackages.com\\\/cs\\\/\",\"name\":\"Egy tour packages\",\"description\":\"\",\"publisher\":{\"@id\":\"https:\\\/\\\/egytourpackages.com\\\/cs\\\/#organization\"},\"potentialAction\":[{\"@type\":\"SearchAction\",\"target\":{\"@type\":\"EntryPoint\",\"urlTemplate\":\"https:\\\/\\\/egytourpackages.com\\\/cs\\\/?s={search_term_string}\"},\"query-input\":{\"@type\":\"PropertyValueSpecification\",\"valueRequired\":true,\"valueName\":\"search_term_string\"}}],\"inLanguage\":\"cs\"},{\"@type\":[\"Organization\",\"Place\",\"TravelAgency\"],\"@id\":\"https:\\\/\\\/egytourpackages.com\\\/cs\\\/#organization\",\"name\":\"egypt tour packages\",\"alternateName\":\"egypt tour packages\",\"url\":\"https:\\\/\\\/egytourpackages.com\\\/cs\\\/\",\"logo\":{\"@id\":\"https:\\\/\\\/egytourpackages.com\\\/cs\\\/prohlidky\\\/soukromy-luxusni-transfer-z-letiste-hurghada-do-hotelu-v-soma-bay\\\/#local-main-organization-logo\"},\"image\":{\"@id\":\"https:\\\/\\\/egytourpackages.com\\\/cs\\\/prohlidky\\\/soukromy-luxusni-transfer-z-letiste-hurghada-do-hotelu-v-soma-bay\\\/#local-main-organization-logo\"},\"sameAs\":[\"https:\\\/\\\/www.facebook.com\\\/egytourpackages\"],\"legalName\":\"Egy tour packages\",\"address\":{\"@id\":\"https:\\\/\\\/egytourpackages.com\\\/cs\\\/prohlidky\\\/soukromy-luxusni-transfer-z-letiste-hurghada-do-hotelu-v-soma-bay\\\/#local-main-place-address\"},\"telephone\":[\"00201000852186\",\"00201028685533\"],\"contactPoint\":{\"@type\":\"ContactPoint\",\"telephone\":\"00201000852186\"},\"openingHoursSpecification\":[{\"@type\":\"OpeningHoursSpecification\",\"dayOfWeek\":[\"Monday\",\"Tuesday\",\"Wednesday\",\"Thursday\",\"Friday\",\"Saturday\",\"Sunday\"],\"opens\":\"00:00\",\"closes\":\"23:59\"}],\"email\":\"info@egytourpackages.com\",\"areaServed\":\"Cairo, Hurghada, Luxor, Sharm El Sheikh, Marsa Alam, Aswan\",\"priceRange\":\"$\",\"currenciesAccepted\":\"euro\",\"paymentAccepted\":\"Payment links online\"},{\"@type\":\"PostalAddress\",\"@id\":\"https:\\\/\\\/egytourpackages.com\\\/cs\\\/prohlidky\\\/soukromy-luxusni-transfer-z-letiste-hurghada-do-hotelu-v-soma-bay\\\/#local-main-place-address\",\"streetAddress\":\"Mubarak 8, Al Kawthar District, Hurghada\",\"addressLocality\":\"Hurghada\",\"postalCode\":\"84511\",\"addressRegion\":\"Red Sea\",\"addressCountry\":\"EG\"},{\"@type\":\"ImageObject\",\"inLanguage\":\"cs\",\"@id\":\"https:\\\/\\\/egytourpackages.com\\\/cs\\\/prohlidky\\\/soukromy-luxusni-transfer-z-letiste-hurghada-do-hotelu-v-soma-bay\\\/#local-main-organization-logo\",\"url\":\"https:\\\/\\\/egytourpackages.com\\\/wp-content\\\/uploads\\\/2025\\\/12\\\/Turquoise-Dahabiya-Nile-Cruise-1.jpeg\",\"contentUrl\":\"https:\\\/\\\/egytourpackages.com\\\/wp-content\\\/uploads\\\/2025\\\/12\\\/Turquoise-Dahabiya-Nile-Cruise-1.jpeg\",\"width\":1040,\"height\":694,\"caption\":\"egypt tour packages\"}]}<\/script>\n<meta property=\"product:brand\" content=\"Jednodenn\u00ed v\u00fdlety po Egypt\u011b\" \/>\n<meta property=\"product:price:amount\" content=\"100\" \/>\n<meta property=\"product:price:currency\" content=\"EUR\" \/>\n<meta property=\"og:availability\" content=\"instock\" \/>\n<meta property=\"product:availability\" content=\"instock\" \/>\n<meta property=\"product:retailer_item_id\" content=\"AT 02\" \/>\n<meta property=\"product:condition\" content=\"new\" \/>\n<meta name=\"geo.placename\" content=\"Hurghada\" \/>\n<meta name=\"geo.region\" content=\"Egypt\" \/>\n<!-- \/ Yoast SEO Premium plugin. -->","yoast_head_json":{"title":"Soukrom\u00fd luxusn\u00ed transfer z leti\u0161t\u011b Hurghada do hotel\u016f v Soma Bay","description":"Soukrom\u00fd luxusn\u00ed transfer z leti\u0161t\u011b Hurghada do hotel\u016f v Soma Bay | U\u017eijte si luxusn\u00ed transfer vozem Mercedes z leti\u0161t\u011b Hurghada do v\u0161ech hotel\u016f v Hurghad\u011b.","robots":{"index":"index","follow":"follow","max-snippet":"max-snippet:-1","max-image-preview":"max-image-preview:large","max-video-preview":"max-video-preview:-1"},"canonical":"https:\/\/egytourpackages.com\/cs\/prohlidky\/soukromy-luxusni-transfer-z-letiste-hurghada-do-hotelu-v-soma-bay\/","og_locale":"cs_CZ","og_type":"article","og_title":"Soukrom\u00fd luxusn\u00ed transfer z leti\u0161t\u011b Hurghada do hotel\u016f v Soma Bay","og_description":"Luxusn\u00ed transfer z leti\u0161t\u011b Hurghada do hotel\u016f v Soma Bay | U\u017eijte si luxusn\u00ed transfer vozem Mercedes z leti\u0161t\u011b Hurghada do v\u0161ech hotel\u016f v Hurghad\u011b.","og_url":"https:\/\/egytourpackages.com\/cs\/prohlidky\/soukromy-luxusni-transfer-z-letiste-hurghada-do-hotelu-v-soma-bay\/","og_site_name":"Z\u00e1jezdy po Egypt\u011b","article_publisher":"https:\/\/www.facebook.com\/egytourpackages","article_modified_time":"2026-02-12T23:22:04+00:00","og_image":[{"url":"https:\/\/egytourpackages.com\/wp-content\/uploads\/2025\/05\/Mercedes-airport-transfers-1024x768.jpg","type":"","width":"","height":""}],"twitter_card":"summary_large_image","twitter_title":"Soukrom\u00fd luxusn\u00ed transfer z leti\u0161t\u011b Hurghada do hotel\u016f v Soma Bay","twitter_misc":{"Cena":"&euro;100","Dostupnost":"Skladem"},"schema":{"@context":"https:\/\/schema.org","@graph":[{"@type":"WebPage","@id":"https:\/\/egytourpackages.com\/cs\/prohlidky\/soukromy-luxusni-transfer-z-letiste-hurghada-do-hotelu-v-soma-bay\/","url":"https:\/\/egytourpackages.com\/cs\/prohlidky\/soukromy-luxusni-transfer-z-letiste-hurghada-do-hotelu-v-soma-bay\/","name":"Soukrom\u00fd luxusn\u00ed transfer z leti\u0161t\u011b Hurghada do hotel\u016f v Soma Bay","isPartOf":{"@id":"https:\/\/egytourpackages.com\/cs\/#website"},"primaryImageOfPage":{"@id":"https:\/\/egytourpackages.com\/cs\/prohlidky\/soukromy-luxusni-transfer-z-letiste-hurghada-do-hotelu-v-soma-bay\/#primaryimage"},"image":{"@id":"https:\/\/egytourpackages.com\/cs\/prohlidky\/soukromy-luxusni-transfer-z-letiste-hurghada-do-hotelu-v-soma-bay\/#primaryimage"},"thumbnailUrl":"https:\/\/egytourpackages.com\/wp-content\/uploads\/2025\/05\/Luxurious-airport-transfer.jpg","datePublished":"2025-05-25T12:12:26+00:00","dateModified":"2026-02-12T23:22:04+00:00","description":"Soukrom\u00fd luxusn\u00ed transfer z leti\u0161t\u011b Hurghada do hotel\u016f v Soma Bay | U\u017eijte si luxusn\u00ed transfer vozem Mercedes z leti\u0161t\u011b Hurghada do v\u0161ech hotel\u016f v Hurghad\u011b.","breadcrumb":{"@id":"https:\/\/egytourpackages.com\/cs\/prohlidky\/soukromy-luxusni-transfer-z-letiste-hurghada-do-hotelu-v-soma-bay\/#breadcrumb"},"inLanguage":"cs","potentialAction":[{"@type":"ReadAction","target":["https:\/\/egytourpackages.com\/cs\/prohlidky\/soukromy-luxusni-transfer-z-letiste-hurghada-do-hotelu-v-soma-bay\/"]}]},{"@type":"ImageObject","inLanguage":"cs","@id":"https:\/\/egytourpackages.com\/cs\/prohlidky\/soukromy-luxusni-transfer-z-letiste-hurghada-do-hotelu-v-soma-bay\/#primaryimage","url":"https:\/\/egytourpackages.com\/wp-content\/uploads\/2025\/05\/Luxurious-airport-transfer.jpg","contentUrl":"https:\/\/egytourpackages.com\/wp-content\/uploads\/2025\/05\/Luxurious-airport-transfer.jpg","width":1800,"height":1350,"caption":"Soukrom\u00fd luxusn\u00ed transfer z leti\u0161t\u011b Hurghada do hotel\u016f v Soma Bay"},{"@type":"BreadcrumbList","@id":"https:\/\/egytourpackages.com\/cs\/prohlidky\/soukromy-luxusni-transfer-z-letiste-hurghada-do-hotelu-v-soma-bay\/#breadcrumb","itemListElement":[{"@type":"ListItem","position":1,"name":"Dom\u016f","item":"https:\/\/egytourpackages.com\/cs\/balicky-vyletu-po-egypte\/"},{"@type":"ListItem","position":2,"name":"Shop","item":"https:\/\/egytourpackages.com\/cs\/shop\/"},{"@type":"ListItem","position":3,"name":"Soukrom\u00fd luxusn\u00ed transfer z leti\u0161t\u011b Hurghada do hotel\u016f v Soma Bay"}]},{"@type":"WebSite","@id":"https:\/\/egytourpackages.com\/cs\/#website","url":"https:\/\/egytourpackages.com\/cs\/","name":"Egy tour packages","description":"","publisher":{"@id":"https:\/\/egytourpackages.com\/cs\/#organization"},"potentialAction":[{"@type":"SearchAction","target":{"@type":"EntryPoint","urlTemplate":"https:\/\/egytourpackages.com\/cs\/?s={search_term_string}"},"query-input":{"@type":"PropertyValueSpecification","valueRequired":true,"valueName":"search_term_string"}}],"inLanguage":"cs"},{"@type":["Organization","Place","TravelAgency"],"@id":"https:\/\/egytourpackages.com\/cs\/#organization","name":"egypt tour packages","alternateName":"egypt tour packages","url":"https:\/\/egytourpackages.com\/cs\/","logo":{"@id":"https:\/\/egytourpackages.com\/cs\/prohlidky\/soukromy-luxusni-transfer-z-letiste-hurghada-do-hotelu-v-soma-bay\/#local-main-organization-logo"},"image":{"@id":"https:\/\/egytourpackages.com\/cs\/prohlidky\/soukromy-luxusni-transfer-z-letiste-hurghada-do-hotelu-v-soma-bay\/#local-main-organization-logo"},"sameAs":["https:\/\/www.facebook.com\/egytourpackages"],"legalName":"Egy tour packages","address":{"@id":"https:\/\/egytourpackages.com\/cs\/prohlidky\/soukromy-luxusni-transfer-z-letiste-hurghada-do-hotelu-v-soma-bay\/#local-main-place-address"},"telephone":["00201000852186","00201028685533"],"contactPoint":{"@type":"ContactPoint","telephone":"00201000852186"},"openingHoursSpecification":[{"@type":"OpeningHoursSpecification","dayOfWeek":["Monday","Tuesday","Wednesday","Thursday","Friday","Saturday","Sunday"],"opens":"00:00","closes":"23:59"}],"email":"info@egytourpackages.com","areaServed":"Cairo, Hurghada, Luxor, Sharm El Sheikh, Marsa Alam, Aswan","priceRange":"$","currenciesAccepted":"euro","paymentAccepted":"Payment links online"},{"@type":"PostalAddress","@id":"https:\/\/egytourpackages.com\/cs\/prohlidky\/soukromy-luxusni-transfer-z-letiste-hurghada-do-hotelu-v-soma-bay\/#local-main-place-address","streetAddress":"Mubarak 8, Al Kawthar District, Hurghada","addressLocality":"Hurghada","postalCode":"84511","addressRegion":"Red Sea","addressCountry":"EG"},{"@type":"ImageObject","inLanguage":"cs","@id":"https:\/\/egytourpackages.com\/cs\/prohlidky\/soukromy-luxusni-transfer-z-letiste-hurghada-do-hotelu-v-soma-bay\/#local-main-organization-logo","url":"https:\/\/egytourpackages.com\/wp-content\/uploads\/2025\/12\/Turquoise-Dahabiya-Nile-Cruise-1.jpeg","contentUrl":"https:\/\/egytourpackages.com\/wp-content\/uploads\/2025\/12\/Turquoise-Dahabiya-Nile-Cruise-1.jpeg","width":1040,"height":694,"caption":"egypt tour packages"}]},"product_brand":"Jednodenn\u00ed v\u00fdlety po Egypt\u011b","product_price_amount":"100","product_price_currency":"EUR","og_availability":"instock","product_availability":"instock","product_retailer_item_id":"AT 02","product_condition":"new","geo.placename":"Hurghada","geo.region":"Egypt"},"_links":{"self":[{"href":"https:\/\/egytourpackages.com\/cs\/wp-json\/wp\/v2\/product\/4548","targetHints":{"allow":["GET"]}}],"collection":[{"href":"https:\/\/egytourpackages.com\/cs\/wp-json\/wp\/v2\/product"}],"about":[{"href":"https:\/\/egytourpackages.com\/cs\/wp-json\/wp\/v2\/types\/product"}],"replies":[{"embeddable":true,"href":"https:\/\/egytourpackages.com\/cs\/wp-json\/wp\/v2\/comments?post=4548"}],"wp:featuredmedia":[{"embeddable":true,"href":"https:\/\/egytourpackages.com\/cs\/wp-json\/wp\/v2\/media\/3638"}],"wp:attachment":[{"href":"https:\/\/egytourpackages.com\/cs\/wp-json\/wp\/v2\/media?parent=4548"}],"wp:term":[{"taxonomy":"product_brand","embeddable":true,"href":"https:\/\/egytourpackages.com\/cs\/wp-json\/wp\/v2\/product_brand?post=4548"},{"taxonomy":"product_cat","embeddable":true,"href":"https:\/\/egytourpackages.com\/cs\/wp-json\/wp\/v2\/product_cat?post=4548"},{"taxonomy":"product_tag","embeddable":true,"href":"https:\/\/egytourpackages.com\/cs\/wp-json\/wp\/v2\/product_tag?post=4548"}],"curies":[{"name":"wp","href":"https:\/\/api.w.org\/{rel}","templated":true}]}}