{"id":4549,"date":"2023-05-17T15:10:10","date_gmt":"2023-05-17T15:10:10","guid":{"rendered":"https:\/\/egytourpackages.com\/product\/taxi-transfery-hurghada-letistni-transfery-hurghada\/"},"modified":"2026-01-07T16:40:37","modified_gmt":"2026-01-07T16:40:37","slug":"taxi-transfery-hurghada-letistni-transfery-hurghada","status":"publish","type":"product","link":"https:\/\/egytourpackages.com\/cs\/prohlidky\/taxi-transfery-hurghada-letistni-transfery-hurghada\/","title":{"rendered":"Taxi transfery Hurghada | Leti\u0161tn\u00ed transfery Hurghada"},"content":{"rendered":"<p><strong><span style=\"color: #ff6600;\">Taxi transfery Hurghada<\/span><\/strong><\/p>\n<h2><span style=\"color: #333333;\">Leti\u0161tn\u00ed transfery Hurghada | Luxusn\u00ed vozy | N\u00edzk\u00e9 ceny<\/span><\/h2>\n<p>Rezervujte si sv\u016fj <strong>taxi transfer z leti\u0161t\u011b Hurghada<\/strong> do <strong>resort\u016f Hurghada<\/strong> a u\u017eijte si dob\u0159e organizovan\u00fd p\u0159\u00edjezd. Objevte nejpohodln\u011bj\u0161\u00ed a nejp\u0159\u00edm\u011bj\u0161\u00ed zp\u016fsob, jak se dostat do <strong>resort\u016f Hurghada<\/strong> s <strong>Egypt tours<\/strong>. A\u0165 u\u017e cestujete sami, nebo s rodinou, klid a kvalitn\u00ed slu\u017eby jsou zaru\u010deny. M\u00e1me luxusn\u00ed, klimatizovan\u00e1, stylov\u00e1, neku\u0159\u00e1ck\u00e1 a \u010dist\u00e1 auta s polohovac\u00edmi sedadly, kter\u00e1 spl\u0148uj\u00ed va\u0161e o\u010dek\u00e1v\u00e1n\u00ed.<\/p>\n<p>Sv\u016fj <strong>transfer do resort\u016f Hurghada<\/strong> si m\u016f\u017eete rezervovat p\u0159es WhatsApp, e-mail nebo telefonicky a nemus\u00edte se o transfer starat. P\u0159i rezervaci <strong>leti\u0161tn\u00edho transferu<\/strong> jednodu\u0161e uve\u010fte \u010d\u00edslo letu, \u010das p\u0159\u00edletu a ubytov\u00e1n\u00ed, abyste obdr\u017eeli potvrzen\u00ed. S ka\u017ed\u00fdm transferem limuz\u00ednou nebo minivanem poskytujeme nejni\u017e\u0161\u00ed ceny a nejrychlej\u0161\u00ed a nejspolehliv\u011bj\u0161\u00ed zp\u016fsob cestov\u00e1n\u00ed.<\/p>\n<p>Po p\u0159ist\u00e1n\u00ed na v\u00e1s bude n\u00e1\u0161 \u0159idi\u010d \u010dekat u v\u00fdchodu z p\u0159\u00edletov\u00e9 haly s va\u0161\u00edm jm\u00e9nem na ceduli, aby v\u00e1m pomohl se zavazadly. A co je d\u016fle\u017eit\u00e9, po\u010dk\u00e1 na v\u00e1s, i kdy\u017e m\u00e1 va\u0161e letadlo zpo\u017ed\u011bn\u00ed. Vezm\u011bte pros\u00edm na v\u011bdom\u00ed, \u017ee na\u0161e ceny za <strong>transfery z leti\u0161t\u011b Hurghada<\/strong> do <strong>resort\u016f Hurghada<\/strong> jsou za vozidlo a neexistuj\u00ed \u017e\u00e1dn\u00e1 skryt\u00e1 p\u0159ekvapen\u00ed.<\/p>\n<p>A\u010dkoli neust\u00e1le aktualizujeme na\u0161e ceny za <strong>taxi transfery z Hurghady<\/strong>, abychom zajistili, \u017ee na\u0161i z\u00e1kazn\u00edci dostanou nejlep\u0161\u00ed ceny. Cestujte mezi <strong>leti\u0161t\u011bm Hurghada<\/strong> a <strong>hotely v Hurghad\u011b<\/strong> stylov\u011b a za\u010dn\u011bte sv\u016fj pobyt bez stresu. Krom\u011b toho je limuz\u00edna ide\u00e1ln\u00ed volbou pro mal\u00e9 skupiny a\u017e 3 osob.<\/p>\n<p>Nab\u00edz\u00edme slu\u017ebu <strong>soukrom\u00e9ho leti\u0161tn\u00edho transferu<\/strong> mezi <strong>leti\u0161t\u011bm Hurghada<\/strong> a v\u0161emi oblastmi v <strong>Hurghad\u011b<\/strong> a okol\u00ed. Nap\u0159\u00edklad <strong>El Gouna<\/strong>, <strong>Makadi Bay<\/strong>, <strong>Sahl Hasheesh<\/strong>, <strong>Soma Bay<\/strong>, <strong>Safaga<\/strong>, <strong>El Quseir<\/strong> a <strong>Marsa Alam<\/strong> pro klienty, kte\u0159\u00ed hledaj\u00ed pohodl\u00ed, bezpe\u010dnost, rychlost a efektivitu.<\/p>\n<h3><span style=\"color: #ff6600;\">Cena Taxi transfery Hurghada<\/span><\/h3>\n<p>Za vozidlo 15 \u20ac<\/p>\n<h3><span style=\"color: #ff6600;\">Rezervace<\/span><\/h3>\n<p>Svou j\u00edzdu si m\u016f\u017eete rezervovat p\u0159es <strong>WhatsApp<\/strong> nebo n\u00e1m poslat <strong>E-mail<\/strong> a potvrzen\u00ed obdr\u017e\u00edte na m\u00edst\u011b. Pros\u00edm, za\u0161lete n\u00e1m n\u00e1zev va\u0161eho hotelu, \u010d\u00edslo pokoje, kopie pas\u016f.<\/p>\n<p><strong>WhatsApp \u010d\u00edslo<\/strong>: +201000852186<\/p>\n<p>info@egytourpackages.com<\/p>\n<h3><span style=\"color: #ff6600;\">Rezervovat hned a zaplatit na m\u00edst\u011b<\/span><\/h3>\n<p>Rezervujte si sv\u016fj obl\u00edben\u00fd transfer a zapla\u0165te v den cesty.<\/p>\n<h3><span style=\"color: #ff6600;\">Platba<\/span><\/h3>\n<p>M\u016f\u017eete platit egyptsk\u00fdmi librami, $, \u20ac nebo \u00a3.<\/p>\n<h3><span style=\"color: #ff6600;\">Storno podm\u00ednky <\/span><\/h3>\n<p>Zru\u0161en\u00ed je zdarma a\u017e 24 hodin p\u0159edem.<\/p>\n","protected":false},"excerpt":{"rendered":"<hr \/>\n<p><b>Taxi transfery Hurghada<\/b> | Rezervujte si sv\u016fj <b>transfer do resort\u016f Hurghada<\/b> p\u0159es WhatsApp, e-mail nebo telefonicky a o transfer se nestarejte.<\/p>\n","protected":false},"featured_media":2782,"comment_status":"open","ping_status":"closed","template":"","meta":[],"product_brand":[],"product_cat":[1102],"product_tag":[2393,2394],"class_list":{"0":"post-4549","1":"product","2":"type-product","3":"status-publish","4":"has-post-thumbnail","6":"product_cat-nekategorizovane-cs","7":"product_tag-letistni-transfery-cs","8":"product_tag-taxi-hurghada-cs","9":"tour_category-transfery-z-letiste-a-na-letiste","11":"first","12":"instock","13":"sale","14":"shipping-taxable","15":"purchasable","16":"product-type-tour","17":"has-default-attributes"},"yoast_head":"<!-- This site is optimized with the Yoast SEO Premium plugin v27.4 (Yoast SEO v27.4) - https:\/\/yoast.com\/product\/yoast-seo-premium-wordpress\/ -->\n<title>Taxi transfery Hurghada | Nejlep\u0161\u00ed leti\u0161tn\u00ed transfery Hurghada<\/title>\n<meta name=\"description\" content=\"Taxi transfery Hurghada | Rezervujte si sv\u016fj transfer do resort\u016f Hurghada p\u0159es WhatsApp, e-mail nebo telefonicky a o transfer se nestarejte.\" \/>\n<meta name=\"robots\" content=\"index, follow, max-snippet:-1, max-image-preview:large, max-video-preview:-1\" \/>\n<link rel=\"canonical\" href=\"https:\/\/egytourpackages.com\/cs\/prohlidky\/taxi-transfery-hurghada-letistni-transfery-hurghada\/\" \/>\n<meta property=\"og:locale\" content=\"cs_CZ\" \/>\n<meta property=\"og:type\" content=\"article\" \/>\n<meta property=\"og:title\" content=\"Taxi transfery Hurghada | Leti\u0161tn\u00ed transfery Hurghada\" \/>\n<meta property=\"og:description\" content=\"Taxi transfery Hurghada | Rezervujte si sv\u016fj transfer do resort\u016f Hurghada p\u0159es WhatsApp, e-mail nebo telefonicky a o transfer se nestarejte.\" \/>\n<meta property=\"og:url\" content=\"https:\/\/egytourpackages.com\/cs\/prohlidky\/taxi-transfery-hurghada-letistni-transfery-hurghada\/\" \/>\n<meta property=\"og:site_name\" content=\"Z\u00e1jezdy po Egypt\u011b\" \/>\n<meta property=\"article:publisher\" content=\"https:\/\/www.facebook.com\/egytourpackages\" \/>\n<meta property=\"article:modified_time\" content=\"2026-01-07T16:40:37+00:00\" \/>\n<meta property=\"og:image\" content=\"https:\/\/egytourpackages.com\/wp-content\/uploads\/2023\/05\/Taxi-Hurghada-transfers.jpg\" \/>\n\t<meta property=\"og:image:width\" content=\"1200\" \/>\n\t<meta property=\"og:image:height\" content=\"900\" \/>\n\t<meta property=\"og:image:type\" content=\"image\/jpeg\" \/>\n<meta name=\"twitter:card\" content=\"summary_large_image\" \/>\n<meta name=\"twitter:label1\" content=\"Cena\" \/>\n\t<meta name=\"twitter:data1\" content=\"&euro;15\" \/>\n\t<meta name=\"twitter:label2\" content=\"Dostupnost\" \/>\n\t<meta name=\"twitter:data2\" content=\"Skladem\" \/>\n<script type=\"application\/ld+json\" class=\"yoast-schema-graph\">{\"@context\":\"https:\\\/\\\/schema.org\",\"@graph\":[{\"@type\":\"WebPage\",\"@id\":\"https:\\\/\\\/egytourpackages.com\\\/cs\\\/prohlidky\\\/taxi-transfery-hurghada-letistni-transfery-hurghada\\\/\",\"url\":\"https:\\\/\\\/egytourpackages.com\\\/cs\\\/prohlidky\\\/taxi-transfery-hurghada-letistni-transfery-hurghada\\\/\",\"name\":\"Taxi transfery Hurghada | Nejlep\u0161\u00ed leti\u0161tn\u00ed transfery Hurghada\",\"isPartOf\":{\"@id\":\"https:\\\/\\\/egytourpackages.com\\\/cs\\\/#website\"},\"primaryImageOfPage\":{\"@id\":\"https:\\\/\\\/egytourpackages.com\\\/cs\\\/prohlidky\\\/taxi-transfery-hurghada-letistni-transfery-hurghada\\\/#primaryimage\"},\"image\":{\"@id\":\"https:\\\/\\\/egytourpackages.com\\\/cs\\\/prohlidky\\\/taxi-transfery-hurghada-letistni-transfery-hurghada\\\/#primaryimage\"},\"thumbnailUrl\":\"https:\\\/\\\/egytourpackages.com\\\/wp-content\\\/uploads\\\/2023\\\/05\\\/Taxi-Hurghada-transfers.jpg\",\"datePublished\":\"2023-05-17T15:10:10+00:00\",\"dateModified\":\"2026-01-07T16:40:37+00:00\",\"description\":\"Taxi transfery Hurghada | Rezervujte si sv\u016fj transfer do resort\u016f Hurghada p\u0159es WhatsApp, e-mail nebo telefonicky a o transfer se nestarejte.\",\"breadcrumb\":{\"@id\":\"https:\\\/\\\/egytourpackages.com\\\/cs\\\/prohlidky\\\/taxi-transfery-hurghada-letistni-transfery-hurghada\\\/#breadcrumb\"},\"inLanguage\":\"cs\",\"potentialAction\":[{\"@type\":\"ReadAction\",\"target\":[\"https:\\\/\\\/egytourpackages.com\\\/cs\\\/prohlidky\\\/taxi-transfery-hurghada-letistni-transfery-hurghada\\\/\"]}]},{\"@type\":\"ImageObject\",\"inLanguage\":\"cs\",\"@id\":\"https:\\\/\\\/egytourpackages.com\\\/cs\\\/prohlidky\\\/taxi-transfery-hurghada-letistni-transfery-hurghada\\\/#primaryimage\",\"url\":\"https:\\\/\\\/egytourpackages.com\\\/wp-content\\\/uploads\\\/2023\\\/05\\\/Taxi-Hurghada-transfers.jpg\",\"contentUrl\":\"https:\\\/\\\/egytourpackages.com\\\/wp-content\\\/uploads\\\/2023\\\/05\\\/Taxi-Hurghada-transfers.jpg\",\"width\":1200,\"height\":900,\"caption\":\"Taxi transfery Hurghada\"},{\"@type\":\"BreadcrumbList\",\"@id\":\"https:\\\/\\\/egytourpackages.com\\\/cs\\\/prohlidky\\\/taxi-transfery-hurghada-letistni-transfery-hurghada\\\/#breadcrumb\",\"itemListElement\":[{\"@type\":\"ListItem\",\"position\":1,\"name\":\"Dom\u016f\",\"item\":\"https:\\\/\\\/egytourpackages.com\\\/cs\\\/balicky-vyletu-po-egypte\\\/\"},{\"@type\":\"ListItem\",\"position\":2,\"name\":\"Shop\",\"item\":\"https:\\\/\\\/egytourpackages.com\\\/cs\\\/shop\\\/\"},{\"@type\":\"ListItem\",\"position\":3,\"name\":\"Taxi transfery Hurghada | Leti\u0161tn\u00ed transfery Hurghada\"}]},{\"@type\":\"WebSite\",\"@id\":\"https:\\\/\\\/egytourpackages.com\\\/cs\\\/#website\",\"url\":\"https:\\\/\\\/egytourpackages.com\\\/cs\\\/\",\"name\":\"Egy tour packages\",\"description\":\"\",\"publisher\":{\"@id\":\"https:\\\/\\\/egytourpackages.com\\\/cs\\\/#organization\"},\"potentialAction\":[{\"@type\":\"SearchAction\",\"target\":{\"@type\":\"EntryPoint\",\"urlTemplate\":\"https:\\\/\\\/egytourpackages.com\\\/cs\\\/?s={search_term_string}\"},\"query-input\":{\"@type\":\"PropertyValueSpecification\",\"valueRequired\":true,\"valueName\":\"search_term_string\"}}],\"inLanguage\":\"cs\"},{\"@type\":[\"Organization\",\"Place\",\"TravelAgency\"],\"@id\":\"https:\\\/\\\/egytourpackages.com\\\/cs\\\/#organization\",\"name\":\"egypt tour packages\",\"alternateName\":\"egypt tour packages\",\"url\":\"https:\\\/\\\/egytourpackages.com\\\/cs\\\/\",\"logo\":{\"@id\":\"https:\\\/\\\/egytourpackages.com\\\/cs\\\/prohlidky\\\/taxi-transfery-hurghada-letistni-transfery-hurghada\\\/#local-main-organization-logo\"},\"image\":{\"@id\":\"https:\\\/\\\/egytourpackages.com\\\/cs\\\/prohlidky\\\/taxi-transfery-hurghada-letistni-transfery-hurghada\\\/#local-main-organization-logo\"},\"sameAs\":[\"https:\\\/\\\/www.facebook.com\\\/egytourpackages\"],\"legalName\":\"Egy tour packages\",\"address\":{\"@id\":\"https:\\\/\\\/egytourpackages.com\\\/cs\\\/prohlidky\\\/taxi-transfery-hurghada-letistni-transfery-hurghada\\\/#local-main-place-address\"},\"telephone\":[\"00201000852186\",\"00201028685533\"],\"contactPoint\":{\"@type\":\"ContactPoint\",\"telephone\":\"00201000852186\"},\"openingHoursSpecification\":[{\"@type\":\"OpeningHoursSpecification\",\"dayOfWeek\":[\"Monday\",\"Tuesday\",\"Wednesday\",\"Thursday\",\"Friday\",\"Saturday\",\"Sunday\"],\"opens\":\"00:00\",\"closes\":\"23:59\"}],\"email\":\"info@egytourpackages.com\",\"areaServed\":\"Cairo, Hurghada, Luxor, Sharm El Sheikh, Marsa Alam, Aswan\",\"priceRange\":\"$\",\"currenciesAccepted\":\"euro\",\"paymentAccepted\":\"Payment links online\"},{\"@type\":\"PostalAddress\",\"@id\":\"https:\\\/\\\/egytourpackages.com\\\/cs\\\/prohlidky\\\/taxi-transfery-hurghada-letistni-transfery-hurghada\\\/#local-main-place-address\",\"streetAddress\":\"Mubarak 8, Al Kawthar District, Hurghada\",\"addressLocality\":\"Hurghada\",\"postalCode\":\"84511\",\"addressRegion\":\"Red Sea\",\"addressCountry\":\"EG\"},{\"@type\":\"ImageObject\",\"inLanguage\":\"cs\",\"@id\":\"https:\\\/\\\/egytourpackages.com\\\/cs\\\/prohlidky\\\/taxi-transfery-hurghada-letistni-transfery-hurghada\\\/#local-main-organization-logo\",\"url\":\"https:\\\/\\\/egytourpackages.com\\\/wp-content\\\/uploads\\\/2025\\\/12\\\/Turquoise-Dahabiya-Nile-Cruise-1.jpeg\",\"contentUrl\":\"https:\\\/\\\/egytourpackages.com\\\/wp-content\\\/uploads\\\/2025\\\/12\\\/Turquoise-Dahabiya-Nile-Cruise-1.jpeg\",\"width\":1040,\"height\":694,\"caption\":\"egypt tour packages\"}]}<\/script>\n<meta property=\"product:brand\" content=\"Transfery z\u202fleti\u0161t\u011b a na leti\u0161t\u011b\" \/>\n<meta property=\"product:price:amount\" content=\"15\" \/>\n<meta property=\"product:price:currency\" content=\"EUR\" \/>\n<meta property=\"og:availability\" content=\"instock\" \/>\n<meta property=\"product:availability\" content=\"instock\" \/>\n<meta property=\"product:retailer_item_id\" content=\"AT01\" \/>\n<meta property=\"product:condition\" content=\"new\" \/>\n<meta name=\"geo.placename\" content=\"Hurghada\" \/>\n<meta name=\"geo.region\" content=\"Egypt\" \/>\n<!-- \/ Yoast SEO Premium plugin. -->","yoast_head_json":{"title":"Taxi transfery Hurghada | Nejlep\u0161\u00ed leti\u0161tn\u00ed transfery Hurghada","description":"Taxi transfery Hurghada | Rezervujte si sv\u016fj transfer do resort\u016f Hurghada p\u0159es WhatsApp, e-mail nebo telefonicky a o transfer se nestarejte.","robots":{"index":"index","follow":"follow","max-snippet":"max-snippet:-1","max-image-preview":"max-image-preview:large","max-video-preview":"max-video-preview:-1"},"canonical":"https:\/\/egytourpackages.com\/cs\/prohlidky\/taxi-transfery-hurghada-letistni-transfery-hurghada\/","og_locale":"cs_CZ","og_type":"article","og_title":"Taxi transfery Hurghada | Leti\u0161tn\u00ed transfery Hurghada","og_description":"Taxi transfery Hurghada | Rezervujte si sv\u016fj transfer do resort\u016f Hurghada p\u0159es WhatsApp, e-mail nebo telefonicky a o transfer se nestarejte.","og_url":"https:\/\/egytourpackages.com\/cs\/prohlidky\/taxi-transfery-hurghada-letistni-transfery-hurghada\/","og_site_name":"Z\u00e1jezdy po Egypt\u011b","article_publisher":"https:\/\/www.facebook.com\/egytourpackages","article_modified_time":"2026-01-07T16:40:37+00:00","og_image":[{"width":1200,"height":900,"url":"https:\/\/egytourpackages.com\/wp-content\/uploads\/2023\/05\/Taxi-Hurghada-transfers.jpg","type":"image\/jpeg"}],"twitter_card":"summary_large_image","twitter_misc":{"Cena":"&euro;15","Dostupnost":"Skladem"},"schema":{"@context":"https:\/\/schema.org","@graph":[{"@type":"WebPage","@id":"https:\/\/egytourpackages.com\/cs\/prohlidky\/taxi-transfery-hurghada-letistni-transfery-hurghada\/","url":"https:\/\/egytourpackages.com\/cs\/prohlidky\/taxi-transfery-hurghada-letistni-transfery-hurghada\/","name":"Taxi transfery Hurghada | Nejlep\u0161\u00ed leti\u0161tn\u00ed transfery Hurghada","isPartOf":{"@id":"https:\/\/egytourpackages.com\/cs\/#website"},"primaryImageOfPage":{"@id":"https:\/\/egytourpackages.com\/cs\/prohlidky\/taxi-transfery-hurghada-letistni-transfery-hurghada\/#primaryimage"},"image":{"@id":"https:\/\/egytourpackages.com\/cs\/prohlidky\/taxi-transfery-hurghada-letistni-transfery-hurghada\/#primaryimage"},"thumbnailUrl":"https:\/\/egytourpackages.com\/wp-content\/uploads\/2023\/05\/Taxi-Hurghada-transfers.jpg","datePublished":"2023-05-17T15:10:10+00:00","dateModified":"2026-01-07T16:40:37+00:00","description":"Taxi transfery Hurghada | Rezervujte si sv\u016fj transfer do resort\u016f Hurghada p\u0159es WhatsApp, e-mail nebo telefonicky a o transfer se nestarejte.","breadcrumb":{"@id":"https:\/\/egytourpackages.com\/cs\/prohlidky\/taxi-transfery-hurghada-letistni-transfery-hurghada\/#breadcrumb"},"inLanguage":"cs","potentialAction":[{"@type":"ReadAction","target":["https:\/\/egytourpackages.com\/cs\/prohlidky\/taxi-transfery-hurghada-letistni-transfery-hurghada\/"]}]},{"@type":"ImageObject","inLanguage":"cs","@id":"https:\/\/egytourpackages.com\/cs\/prohlidky\/taxi-transfery-hurghada-letistni-transfery-hurghada\/#primaryimage","url":"https:\/\/egytourpackages.com\/wp-content\/uploads\/2023\/05\/Taxi-Hurghada-transfers.jpg","contentUrl":"https:\/\/egytourpackages.com\/wp-content\/uploads\/2023\/05\/Taxi-Hurghada-transfers.jpg","width":1200,"height":900,"caption":"Taxi transfery Hurghada"},{"@type":"BreadcrumbList","@id":"https:\/\/egytourpackages.com\/cs\/prohlidky\/taxi-transfery-hurghada-letistni-transfery-hurghada\/#breadcrumb","itemListElement":[{"@type":"ListItem","position":1,"name":"Dom\u016f","item":"https:\/\/egytourpackages.com\/cs\/balicky-vyletu-po-egypte\/"},{"@type":"ListItem","position":2,"name":"Shop","item":"https:\/\/egytourpackages.com\/cs\/shop\/"},{"@type":"ListItem","position":3,"name":"Taxi transfery Hurghada | Leti\u0161tn\u00ed transfery Hurghada"}]},{"@type":"WebSite","@id":"https:\/\/egytourpackages.com\/cs\/#website","url":"https:\/\/egytourpackages.com\/cs\/","name":"Egy tour packages","description":"","publisher":{"@id":"https:\/\/egytourpackages.com\/cs\/#organization"},"potentialAction":[{"@type":"SearchAction","target":{"@type":"EntryPoint","urlTemplate":"https:\/\/egytourpackages.com\/cs\/?s={search_term_string}"},"query-input":{"@type":"PropertyValueSpecification","valueRequired":true,"valueName":"search_term_string"}}],"inLanguage":"cs"},{"@type":["Organization","Place","TravelAgency"],"@id":"https:\/\/egytourpackages.com\/cs\/#organization","name":"egypt tour packages","alternateName":"egypt tour packages","url":"https:\/\/egytourpackages.com\/cs\/","logo":{"@id":"https:\/\/egytourpackages.com\/cs\/prohlidky\/taxi-transfery-hurghada-letistni-transfery-hurghada\/#local-main-organization-logo"},"image":{"@id":"https:\/\/egytourpackages.com\/cs\/prohlidky\/taxi-transfery-hurghada-letistni-transfery-hurghada\/#local-main-organization-logo"},"sameAs":["https:\/\/www.facebook.com\/egytourpackages"],"legalName":"Egy tour packages","address":{"@id":"https:\/\/egytourpackages.com\/cs\/prohlidky\/taxi-transfery-hurghada-letistni-transfery-hurghada\/#local-main-place-address"},"telephone":["00201000852186","00201028685533"],"contactPoint":{"@type":"ContactPoint","telephone":"00201000852186"},"openingHoursSpecification":[{"@type":"OpeningHoursSpecification","dayOfWeek":["Monday","Tuesday","Wednesday","Thursday","Friday","Saturday","Sunday"],"opens":"00:00","closes":"23:59"}],"email":"info@egytourpackages.com","areaServed":"Cairo, Hurghada, Luxor, Sharm El Sheikh, Marsa Alam, Aswan","priceRange":"$","currenciesAccepted":"euro","paymentAccepted":"Payment links online"},{"@type":"PostalAddress","@id":"https:\/\/egytourpackages.com\/cs\/prohlidky\/taxi-transfery-hurghada-letistni-transfery-hurghada\/#local-main-place-address","streetAddress":"Mubarak 8, Al Kawthar District, Hurghada","addressLocality":"Hurghada","postalCode":"84511","addressRegion":"Red Sea","addressCountry":"EG"},{"@type":"ImageObject","inLanguage":"cs","@id":"https:\/\/egytourpackages.com\/cs\/prohlidky\/taxi-transfery-hurghada-letistni-transfery-hurghada\/#local-main-organization-logo","url":"https:\/\/egytourpackages.com\/wp-content\/uploads\/2025\/12\/Turquoise-Dahabiya-Nile-Cruise-1.jpeg","contentUrl":"https:\/\/egytourpackages.com\/wp-content\/uploads\/2025\/12\/Turquoise-Dahabiya-Nile-Cruise-1.jpeg","width":1040,"height":694,"caption":"egypt tour packages"}]},"product_brand":"Transfery z\u202fleti\u0161t\u011b a na leti\u0161t\u011b","product_price_amount":"15","product_price_currency":"EUR","og_availability":"instock","product_availability":"instock","product_retailer_item_id":"AT01","product_condition":"new","geo.placename":"Hurghada","geo.region":"Egypt"},"_links":{"self":[{"href":"https:\/\/egytourpackages.com\/cs\/wp-json\/wp\/v2\/product\/4549","targetHints":{"allow":["GET"]}}],"collection":[{"href":"https:\/\/egytourpackages.com\/cs\/wp-json\/wp\/v2\/product"}],"about":[{"href":"https:\/\/egytourpackages.com\/cs\/wp-json\/wp\/v2\/types\/product"}],"replies":[{"embeddable":true,"href":"https:\/\/egytourpackages.com\/cs\/wp-json\/wp\/v2\/comments?post=4549"}],"wp:featuredmedia":[{"embeddable":true,"href":"https:\/\/egytourpackages.com\/cs\/wp-json\/wp\/v2\/media\/2782"}],"wp:attachment":[{"href":"https:\/\/egytourpackages.com\/cs\/wp-json\/wp\/v2\/media?parent=4549"}],"wp:term":[{"taxonomy":"product_brand","embeddable":true,"href":"https:\/\/egytourpackages.com\/cs\/wp-json\/wp\/v2\/product_brand?post=4549"},{"taxonomy":"product_cat","embeddable":true,"href":"https:\/\/egytourpackages.com\/cs\/wp-json\/wp\/v2\/product_cat?post=4549"},{"taxonomy":"product_tag","embeddable":true,"href":"https:\/\/egytourpackages.com\/cs\/wp-json\/wp\/v2\/product_tag?post=4549"}],"curies":[{"name":"wp","href":"https:\/\/api.w.org\/{rel}","templated":true}]}}