{"id":4550,"date":"2025-05-26T19:57:11","date_gmt":"2025-05-26T19:57:11","guid":{"rendered":"https:\/\/egytourpackages.com\/product\/vylet-na-ostrov-bianca-z-hurghady\/"},"modified":"2026-01-28T02:59:52","modified_gmt":"2026-01-28T02:59:52","slug":"vylet-na-ostrov-bianca-z-hurghady","status":"publish","type":"product","link":"https:\/\/egytourpackages.com\/cs\/prohlidky\/vylet-na-ostrov-bianca-z-hurghady\/","title":{"rendered":"V\u00fdlet na ostrov Bianca z Hurghady"},"content":{"rendered":"<p><strong><span style=\"color: #ff6600;\">V\u00fdlet na ostrov Bianca z Hurghady | All inclusive<\/span><\/strong><\/p>\n<p>| Rezervace luxusn\u00edho soukrom\u00e9ho celodenn\u00edho<strong>V\u00fdlet na ostrov Bianca z Hurghady<\/strong>\u00a0| Vstupn\u00e9 &amp; n\u00e1rodn\u00ed park | Semi-ponorka | \u0160norchlovac\u00ed vybaven\u00ed | Zapla\u0165te v den v\u00fdletu | Zru\u0161en\u00ed zdarma p\u0159edem | Rezervace p\u0159es WhatsApp | \u017d\u00e1dn\u00e9 skryt\u00e9 poplatky | Soukrom\u00fd pr\u016fvodce | Ob\u011bd z mo\u0159sk\u00fdch plod\u016f | <a href=\"https:\/\/egytourpackages.com\/cs\/Kategorie vylety\/vylety-v-hurgade\/\">V\u00fdlety Hurghada<\/a> |<\/p>\n<p>Rezervujte si sv\u016fj <strong>V\u00fdlet se \u0161norchlov\u00e1n\u00edm All Inclusive na ostrov Bianca<\/strong> a za\u017eijte b\u00edlou p\u00edse\u010dnou pl\u00e1\u017e a tyrkysov\u011b \u010distou vodu. Ve skute\u010dnosti je \u00fa\u017easn\u00fd ostrov o rozloze 1,5 km\u00b2 ide\u00e1ln\u00edm m\u00edstem pro relaxaci a podmo\u0159sk\u00e9 pr\u016fzkumy. Celodenn\u00ed <strong>\u0161norchlovac\u00ed v\u00fdlet na ostrov Bianca<\/strong> nebo <strong>ostrov Utopia<\/strong> ze Safagy je skute\u010dn\u00fdm pot\u011b\u0161en\u00edm.<\/p>\n<p>Pokud tedy hled\u00e1te <strong>z\u00e1bavn\u00e9 aktivity na pl\u00e1\u017ei s rodinou<\/strong> a <strong>rodinn\u00e9 aktivity<\/strong>, pak je tento v\u00fdlet pro v\u00e1s. U\u017eijte si pozorov\u00e1n\u00ed mo\u0159sk\u00fdch tvor\u016f, jako jsou ryby, hv\u011bzdice, \u017eelvy a \u0161neci, co\u017e je jedine\u010dn\u00fd a <strong>nezapomenuteln\u00fd rodinn\u00fd z\u00e1\u017eitek<\/strong>. Obecn\u011b plat\u00ed, \u017ee <strong>All Inclusive ostrov Bianca<\/strong> nen\u00ed jen o rodin\u011b, ale i o <strong>aktivit\u00e1ch s p\u0159\u00e1teli<\/strong> a <strong>nejlep\u0161\u00edch pl\u00e1\u017eov\u00fdch dovolen\u00fdch pro p\u00e1ry<\/strong>. <strong>Egy tour packages<\/strong> nab\u00edzej\u00ed tento <strong>\u0161norchlovac\u00ed v\u00fdlet<\/strong> pro <strong>seniory<\/strong> a <strong>pro handicapovan\u00e9 seniory<\/strong> nebo pro seniory s posti\u017een\u00edm na <strong>invalidn\u00edm voz\u00edc\u00edch<\/strong>. Celkov\u011b, pokud hled\u00e1te <strong>co d\u011blat na narozeniny s p\u0159\u00e1teli<\/strong>, nep\u0159em\u00fd\u0161lejte a je\u010fte na tento <strong>v\u00fdlet<\/strong>. Mezit\u00edm, pokud si p\u0159ejete u\u017e\u00edt si <strong>celot\u011blovou mas\u00e1\u017e<\/strong> p\u0159\u00edmo na pl\u00e1\u017ei, m\u016f\u017eete si ji u n\u00e1s p\u0159edem zarezervovat.<\/p>\n<p>Tak\u00e9 m\u016f\u017eete voln\u011b str\u00e1vit 4 hodiny na ostrov\u011b Bianca nebo j\u00edt \u0161norchlovat s pr\u016fvodcem, nebo si u\u017e\u00edt semi-ponorku k pozorov\u00e1n\u00ed kor\u00e1l\u016f, ani\u017e byste se namo\u010dili.<\/p>\n<h3><span style=\"color: #ff6600;\">Detaily z\u00e1jezdu<\/span><\/h3>\n<ul>\n<li>D\u00e9lka: 8 hodin<\/li>\n<li>Typ z\u00e1jezdu: Skupinov\u00fd<\/li>\n<li>Dostupnost: Ka\u017ed\u00fd den<\/li>\n<li>Jazyky: Angli\u010dtina<\/li>\n<li>Rozvrh: Online rezervace<\/li>\n<li>Vyzvednut\u00ed a odvoz: <strong>Hotely v Hurghad\u011b<\/strong><\/li>\n<li>Bezbari\u00e9rov\u00fd p\u0159\u00edstup.<\/li>\n<\/ul>\n<h3><span style=\"color: #ff6600;\">Hlavn\u00ed body<\/span><\/h3>\n<ul>\n<li>M\u00edsto pro \u0161norchlov\u00e1n\u00ed<\/li>\n<li>Pl\u00e1\u017e ostrova Bianca.<\/li>\n<li>Zahrnuto<\/li>\n<li>Vyzvednut\u00ed a odvoz z hotelu<\/li>\n<li>V\u0161echny dan\u011b a slu\u017eby<\/li>\n<li>\u0160norchlovac\u00ed vybaven\u00ed<\/li>\n<li>4 hodiny na pl\u00e1\u017ei ostrova Bianca<\/li>\n<li>Pr\u016fvodce pro \u0161norchlov\u00e1n\u00ed<\/li>\n<li>Tvrd\u00e9 a nealkoholick\u00e9 n\u00e1poje<\/li>\n<\/ul>\n<h3><span style=\"color: #ff6600;\">Nen\u00ed zahrnuto<\/span><\/h3>\n<p>Spropitn\u00e9<\/p>\n<h3><span style=\"color: #ff6600;\">Cena V\u00fdlet na ostrov Bianca z Hurghady<\/span><\/h3>\n<p>Cena pro dosp\u011bl\u00e9ho = 85 $<\/p>\n<p>D\u011bti 0-5 let = zdarma<\/p>\n<p>D\u011bti 5-11 let = 50 % ceny dosp\u011bl\u00e9ho<\/p>\n<h3><span style=\"color: #ff6600;\">Rezervace<\/span><\/h3>\n<p>Svou prohl\u00eddku si m\u016f\u017eete rezervovat p\u0159es <strong>WhatsApp<\/strong> nebo n\u00e1m poslat <strong>E-mail<\/strong> a potvrzen\u00ed obdr\u017e\u00edte na m\u00edst\u011b. Pros\u00edm, za\u0161lete n\u00e1m n\u00e1zev va\u0161eho hotelu, \u010d\u00edslo pokoje, kopie pas\u016f.<\/p>\n<p><strong>WhatsApp \u010d\u00edslo<\/strong>:<strong> +201000852186<\/strong><\/p>\n<p>info@egytourpackages.com<\/p>\n<h3><span style=\"color: #ff6600;\">Rezervovat hned a zaplatit na m\u00edst\u011b<\/span><\/h3>\n<p>Rezervujte si sv\u016fj obl\u00edben\u00fd v\u00fdlet a zapla\u0165te v den v\u00fdletu.<\/p>\n<h3><span style=\"color: #ff6600;\">Platba<\/span><\/h3>\n<p>M\u016f\u017eete platit <strong>egyptsk\u00fdmi librami<\/strong>, <strong>$<\/strong>, <strong>\u20ac<\/strong> nebo <strong>\u00a3<\/strong>.<\/p>\n<h3><span style=\"color: #ff6600;\">Storno podm\u00ednky <\/span><\/h3>\n<p>Zru\u0161en\u00ed je zdarma a\u017e 24 hodin p\u0159edem<\/p>\n<p>Rann\u00ed zru\u0161en\u00ed je 50 % z ceny<\/p>\n","protected":false},"excerpt":{"rendered":"<p>Za\u017eijte nezapomenuteln\u00fd v\u00fdlet na ostrov Bianca z Hurghady! U\u017eijte si all inclusive \u0161norchlov\u00e1n\u00ed, b\u00edl\u00e9 pl\u00e1\u017ee a tyrkysovou vodu. Ide\u00e1ln\u00ed pro rodiny a p\u00e1ry.<\/p>\n","protected":false},"featured_media":3691,"comment_status":"open","ping_status":"closed","template":"","meta":[],"product_brand":[],"product_cat":[1466],"product_tag":[1470,1469],"class_list":{"0":"post-4550","1":"product","2":"type-product","3":"status-publish","4":"has-post-thumbnail","6":"product_cat-vylety","7":"product_tag-jednodenni-vylety-po-egypte","8":"product_tag-vylety-v-hurgade","9":"tour_category-jednodenni-vylety-po-egypte-cs","10":"tour_category-snorchlovaci-vylety-v-hurghade","11":"tour_category-vylety-v-hurgade","13":"first","14":"instock","15":"sale","16":"shipping-taxable","17":"purchasable","18":"product-type-tour","19":"has-default-attributes"},"yoast_head":"<!-- This site is optimized with the Yoast SEO Premium plugin v27.2 (Yoast SEO v27.2) - https:\/\/yoast.com\/product\/yoast-seo-premium-wordpress\/ -->\n<title>V\u00fdlet na ostrov Bianca z Hurghady | All inclusive<\/title>\n<meta name=\"description\" content=\"Za\u017eijte nezapomenuteln\u00fd v\u00fdlet na ostrov Bianca z Hurghady! U\u017eijte si all inclusive \u0161norchlov\u00e1n\u00ed, b\u00edl\u00e9 pl\u00e1\u017ee a tyrkysovou vodu. Ide\u00e1ln\u00ed pro rodiny a p\u00e1ry.\" \/>\n<meta name=\"robots\" content=\"index, follow, max-snippet:-1, max-image-preview:large, max-video-preview:-1\" \/>\n<link rel=\"canonical\" href=\"https:\/\/egytourpackages.com\/cs\/prohlidky\/vylet-na-ostrov-bianca-z-hurghady\/\" \/>\n<meta property=\"og:locale\" content=\"cs_CZ\" \/>\n<meta property=\"og:type\" content=\"article\" \/>\n<meta property=\"og:title\" content=\"V\u00fdlet na ostrov Bianca z Hurghady | All inclusive\" \/>\n<meta property=\"og:description\" content=\"Za\u017eijte nezapomenuteln\u00fd v\u00fdlet na ostrov Bianca z Hurghady! U\u017eijte si all inclusive \u0161norchlov\u00e1n\u00ed, b\u00edl\u00e9 pl\u00e1\u017ee a tyrkysovou vodu. Ide\u00e1ln\u00ed pro rodiny a p\u00e1ry.\" \/>\n<meta property=\"og:url\" content=\"https:\/\/egytourpackages.com\/cs\/prohlidky\/vylet-na-ostrov-bianca-z-hurghady\/\" \/>\n<meta property=\"og:site_name\" content=\"Z\u00e1jezdy po Egypt\u011b\" \/>\n<meta property=\"article:publisher\" content=\"https:\/\/www.facebook.com\/egytourpackages\" \/>\n<meta property=\"article:modified_time\" content=\"2026-01-28T02:59:52+00:00\" \/>\n<meta property=\"og:image\" content=\"https:\/\/egytourpackages.com\/wp-content\/uploads\/2025\/05\/Bianca-Island-Utopia-1024x619.jpg\" \/>\n<meta name=\"twitter:card\" content=\"summary_large_image\" \/>\n<meta name=\"twitter:title\" content=\"V\u00fdlet na ostrov Bianca z Hurghady\" \/>\n<meta name=\"twitter:label1\" content=\"Cena\" \/>\n\t<meta name=\"twitter:data1\" content=\"&euro;0\" \/>\n\t<meta name=\"twitter:label2\" content=\"Dostupnost\" \/>\n\t<meta name=\"twitter:data2\" content=\"Skladem\" \/>\n<script type=\"application\/ld+json\" class=\"yoast-schema-graph\">{\"@context\":\"https:\/\/schema.org\",\"@graph\":[{\"@type\":\"WebPage\",\"@id\":\"https:\/\/egytourpackages.com\/cs\/prohlidky\/vylet-na-ostrov-bianca-z-hurghady\/\",\"url\":\"https:\/\/egytourpackages.com\/cs\/prohlidky\/vylet-na-ostrov-bianca-z-hurghady\/\",\"name\":\"V\u00fdlet na ostrov Bianca z Hurghady | All inclusive\",\"isPartOf\":{\"@id\":\"https:\/\/egytourpackages.com\/cs\/#website\"},\"primaryImageOfPage\":{\"@id\":\"https:\/\/egytourpackages.com\/cs\/prohlidky\/vylet-na-ostrov-bianca-z-hurghady\/#primaryimage\"},\"image\":{\"@id\":\"https:\/\/egytourpackages.com\/cs\/prohlidky\/vylet-na-ostrov-bianca-z-hurghady\/#primaryimage\"},\"thumbnailUrl\":\"https:\/\/egytourpackages.com\/wp-content\/uploads\/2025\/05\/Biance-Island.jpg\",\"datePublished\":\"2025-05-26T19:57:11+00:00\",\"dateModified\":\"2026-01-28T02:59:52+00:00\",\"description\":\"Za\u017eijte nezapomenuteln\u00fd v\u00fdlet na ostrov Bianca z Hurghady! U\u017eijte si all inclusive \u0161norchlov\u00e1n\u00ed, b\u00edl\u00e9 pl\u00e1\u017ee a tyrkysovou vodu. Ide\u00e1ln\u00ed pro rodiny a p\u00e1ry.\",\"breadcrumb\":{\"@id\":\"https:\/\/egytourpackages.com\/cs\/prohlidky\/vylet-na-ostrov-bianca-z-hurghady\/#breadcrumb\"},\"inLanguage\":\"cs\",\"potentialAction\":[{\"@type\":\"ReadAction\",\"target\":[\"https:\/\/egytourpackages.com\/cs\/prohlidky\/vylet-na-ostrov-bianca-z-hurghady\/\"]}]},{\"@type\":\"ImageObject\",\"inLanguage\":\"cs\",\"@id\":\"https:\/\/egytourpackages.com\/cs\/prohlidky\/vylet-na-ostrov-bianca-z-hurghady\/#primaryimage\",\"url\":\"https:\/\/egytourpackages.com\/wp-content\/uploads\/2025\/05\/Biance-Island.jpg\",\"contentUrl\":\"https:\/\/egytourpackages.com\/wp-content\/uploads\/2025\/05\/Biance-Island.jpg\",\"width\":1500,\"height\":898,\"caption\":\"V\u00fdlet na ostrov Bianca z Hurghady | All inclusive\"},{\"@type\":\"BreadcrumbList\",\"@id\":\"https:\/\/egytourpackages.com\/cs\/prohlidky\/vylet-na-ostrov-bianca-z-hurghady\/#breadcrumb\",\"itemListElement\":[{\"@type\":\"ListItem\",\"position\":1,\"name\":\"Dom\u016f\",\"item\":\"https:\/\/egytourpackages.com\/cs\/balicky-vyletu-po-egypte\/\"},{\"@type\":\"ListItem\",\"position\":2,\"name\":\"Shop\",\"item\":\"https:\/\/egytourpackages.com\/cs\/shop\/\"},{\"@type\":\"ListItem\",\"position\":3,\"name\":\"V\u00fdlet na ostrov Bianca z Hurghady\"}]},{\"@type\":\"WebSite\",\"@id\":\"https:\/\/egytourpackages.com\/cs\/#website\",\"url\":\"https:\/\/egytourpackages.com\/cs\/\",\"name\":\"Egy tour packages\",\"description\":\"\",\"publisher\":{\"@id\":\"https:\/\/egytourpackages.com\/cs\/#organization\"},\"potentialAction\":[{\"@type\":\"SearchAction\",\"target\":{\"@type\":\"EntryPoint\",\"urlTemplate\":\"https:\/\/egytourpackages.com\/cs\/?s={search_term_string}\"},\"query-input\":{\"@type\":\"PropertyValueSpecification\",\"valueRequired\":true,\"valueName\":\"search_term_string\"}}],\"inLanguage\":\"cs\"},{\"@type\":[\"Organization\",\"Place\",\"TravelAgency\"],\"@id\":\"https:\/\/egytourpackages.com\/cs\/#organization\",\"name\":\"egypt tour packages\",\"alternateName\":\"egypt tour packages\",\"url\":\"https:\/\/egytourpackages.com\/cs\/\",\"logo\":{\"@id\":\"https:\/\/egytourpackages.com\/cs\/prohlidky\/vylet-na-ostrov-bianca-z-hurghady\/#local-main-organization-logo\"},\"image\":{\"@id\":\"https:\/\/egytourpackages.com\/cs\/prohlidky\/vylet-na-ostrov-bianca-z-hurghady\/#local-main-organization-logo\"},\"sameAs\":[\"https:\/\/www.facebook.com\/egytourpackages\"],\"legalName\":\"Egy tour packages\",\"address\":{\"@id\":\"https:\/\/egytourpackages.com\/cs\/prohlidky\/vylet-na-ostrov-bianca-z-hurghady\/#local-main-place-address\"},\"telephone\":[\"00201000852186\",\"00201028685533\"],\"contactPoint\":{\"@type\":\"ContactPoint\",\"telephone\":\"00201000852186\"},\"openingHoursSpecification\":[{\"@type\":\"OpeningHoursSpecification\",\"dayOfWeek\":[\"Monday\",\"Tuesday\",\"Wednesday\",\"Thursday\",\"Friday\",\"Saturday\",\"Sunday\"],\"opens\":\"00:00\",\"closes\":\"23:59\"}],\"email\":\"info@egytourpackages.com\",\"areaServed\":\"Cairo, Hurghada, Luxor, Sharm El Sheikh, Marsa Alam, Aswan\",\"priceRange\":\"$\",\"currenciesAccepted\":\"euro\",\"paymentAccepted\":\"Payment links online\"},{\"@type\":\"PostalAddress\",\"@id\":\"https:\/\/egytourpackages.com\/cs\/prohlidky\/vylet-na-ostrov-bianca-z-hurghady\/#local-main-place-address\",\"streetAddress\":\"Mubarak 8, Al Kawthar District, Hurghada\",\"addressLocality\":\"Hurghada\",\"postalCode\":\"84511\",\"addressRegion\":\"Red Sea\",\"addressCountry\":\"EG\"},{\"@type\":\"ImageObject\",\"inLanguage\":\"cs\",\"@id\":\"https:\/\/egytourpackages.com\/cs\/prohlidky\/vylet-na-ostrov-bianca-z-hurghady\/#local-main-organization-logo\",\"url\":\"https:\/\/egytourpackages.com\/wp-content\/uploads\/2025\/12\/Turquoise-Dahabiya-Nile-Cruise-1.jpeg\",\"contentUrl\":\"https:\/\/egytourpackages.com\/wp-content\/uploads\/2025\/12\/Turquoise-Dahabiya-Nile-Cruise-1.jpeg\",\"width\":1040,\"height\":694,\"caption\":\"egypt tour packages\"}]}<\/script>\n<meta property=\"product:brand\" content=\"Jednodenn\u00ed v\u00fdlety po Egypt\u011b\" \/>\n<meta property=\"product:price:amount\" content=\"0\" \/>\n<meta property=\"product:price:currency\" content=\"EUR\" \/>\n<meta property=\"og:availability\" content=\"instock\" \/>\n<meta property=\"product:availability\" content=\"instock\" \/>\n<meta property=\"product:retailer_item_id\" content=\"HDT15\" \/>\n<meta property=\"product:condition\" content=\"new\" \/>\n<meta name=\"geo.placename\" content=\"Hurghada\" \/>\n<meta name=\"geo.region\" content=\"Egypt\" \/>\n<!-- \/ Yoast SEO Premium plugin. -->","yoast_head_json":{"title":"V\u00fdlet na ostrov Bianca z Hurghady | All inclusive","description":"Za\u017eijte nezapomenuteln\u00fd v\u00fdlet na ostrov Bianca z Hurghady! U\u017eijte si all inclusive \u0161norchlov\u00e1n\u00ed, b\u00edl\u00e9 pl\u00e1\u017ee a tyrkysovou vodu. Ide\u00e1ln\u00ed pro rodiny a p\u00e1ry.","robots":{"index":"index","follow":"follow","max-snippet":"max-snippet:-1","max-image-preview":"max-image-preview:large","max-video-preview":"max-video-preview:-1"},"canonical":"https:\/\/egytourpackages.com\/cs\/prohlidky\/vylet-na-ostrov-bianca-z-hurghady\/","og_locale":"cs_CZ","og_type":"article","og_title":"V\u00fdlet na ostrov Bianca z Hurghady | All inclusive","og_description":"Za\u017eijte nezapomenuteln\u00fd v\u00fdlet na ostrov Bianca z Hurghady! U\u017eijte si all inclusive \u0161norchlov\u00e1n\u00ed, b\u00edl\u00e9 pl\u00e1\u017ee a tyrkysovou vodu. Ide\u00e1ln\u00ed pro rodiny a p\u00e1ry.","og_url":"https:\/\/egytourpackages.com\/cs\/prohlidky\/vylet-na-ostrov-bianca-z-hurghady\/","og_site_name":"Z\u00e1jezdy po Egypt\u011b","article_publisher":"https:\/\/www.facebook.com\/egytourpackages","article_modified_time":"2026-01-28T02:59:52+00:00","og_image":[{"url":"https:\/\/egytourpackages.com\/wp-content\/uploads\/2025\/05\/Bianca-Island-Utopia-1024x619.jpg","type":"","width":"","height":""}],"twitter_card":"summary_large_image","twitter_title":"V\u00fdlet na ostrov Bianca z Hurghady","twitter_misc":{"Cena":"&euro;0","Dostupnost":"Skladem"},"schema":{"@context":"https:\/\/schema.org","@graph":[{"@type":"WebPage","@id":"https:\/\/egytourpackages.com\/cs\/prohlidky\/vylet-na-ostrov-bianca-z-hurghady\/","url":"https:\/\/egytourpackages.com\/cs\/prohlidky\/vylet-na-ostrov-bianca-z-hurghady\/","name":"V\u00fdlet na ostrov Bianca z Hurghady | All inclusive","isPartOf":{"@id":"https:\/\/egytourpackages.com\/cs\/#website"},"primaryImageOfPage":{"@id":"https:\/\/egytourpackages.com\/cs\/prohlidky\/vylet-na-ostrov-bianca-z-hurghady\/#primaryimage"},"image":{"@id":"https:\/\/egytourpackages.com\/cs\/prohlidky\/vylet-na-ostrov-bianca-z-hurghady\/#primaryimage"},"thumbnailUrl":"https:\/\/egytourpackages.com\/wp-content\/uploads\/2025\/05\/Biance-Island.jpg","datePublished":"2025-05-26T19:57:11+00:00","dateModified":"2026-01-28T02:59:52+00:00","description":"Za\u017eijte nezapomenuteln\u00fd v\u00fdlet na ostrov Bianca z Hurghady! U\u017eijte si all inclusive \u0161norchlov\u00e1n\u00ed, b\u00edl\u00e9 pl\u00e1\u017ee a tyrkysovou vodu. Ide\u00e1ln\u00ed pro rodiny a p\u00e1ry.","breadcrumb":{"@id":"https:\/\/egytourpackages.com\/cs\/prohlidky\/vylet-na-ostrov-bianca-z-hurghady\/#breadcrumb"},"inLanguage":"cs","potentialAction":[{"@type":"ReadAction","target":["https:\/\/egytourpackages.com\/cs\/prohlidky\/vylet-na-ostrov-bianca-z-hurghady\/"]}]},{"@type":"ImageObject","inLanguage":"cs","@id":"https:\/\/egytourpackages.com\/cs\/prohlidky\/vylet-na-ostrov-bianca-z-hurghady\/#primaryimage","url":"https:\/\/egytourpackages.com\/wp-content\/uploads\/2025\/05\/Biance-Island.jpg","contentUrl":"https:\/\/egytourpackages.com\/wp-content\/uploads\/2025\/05\/Biance-Island.jpg","width":1500,"height":898,"caption":"V\u00fdlet na ostrov Bianca z Hurghady | All inclusive"},{"@type":"BreadcrumbList","@id":"https:\/\/egytourpackages.com\/cs\/prohlidky\/vylet-na-ostrov-bianca-z-hurghady\/#breadcrumb","itemListElement":[{"@type":"ListItem","position":1,"name":"Dom\u016f","item":"https:\/\/egytourpackages.com\/cs\/balicky-vyletu-po-egypte\/"},{"@type":"ListItem","position":2,"name":"Shop","item":"https:\/\/egytourpackages.com\/cs\/shop\/"},{"@type":"ListItem","position":3,"name":"V\u00fdlet na ostrov Bianca z Hurghady"}]},{"@type":"WebSite","@id":"https:\/\/egytourpackages.com\/cs\/#website","url":"https:\/\/egytourpackages.com\/cs\/","name":"Egy tour packages","description":"","publisher":{"@id":"https:\/\/egytourpackages.com\/cs\/#organization"},"potentialAction":[{"@type":"SearchAction","target":{"@type":"EntryPoint","urlTemplate":"https:\/\/egytourpackages.com\/cs\/?s={search_term_string}"},"query-input":{"@type":"PropertyValueSpecification","valueRequired":true,"valueName":"search_term_string"}}],"inLanguage":"cs"},{"@type":["Organization","Place","TravelAgency"],"@id":"https:\/\/egytourpackages.com\/cs\/#organization","name":"egypt tour packages","alternateName":"egypt tour packages","url":"https:\/\/egytourpackages.com\/cs\/","logo":{"@id":"https:\/\/egytourpackages.com\/cs\/prohlidky\/vylet-na-ostrov-bianca-z-hurghady\/#local-main-organization-logo"},"image":{"@id":"https:\/\/egytourpackages.com\/cs\/prohlidky\/vylet-na-ostrov-bianca-z-hurghady\/#local-main-organization-logo"},"sameAs":["https:\/\/www.facebook.com\/egytourpackages"],"legalName":"Egy tour packages","address":{"@id":"https:\/\/egytourpackages.com\/cs\/prohlidky\/vylet-na-ostrov-bianca-z-hurghady\/#local-main-place-address"},"telephone":["00201000852186","00201028685533"],"contactPoint":{"@type":"ContactPoint","telephone":"00201000852186"},"openingHoursSpecification":[{"@type":"OpeningHoursSpecification","dayOfWeek":["Monday","Tuesday","Wednesday","Thursday","Friday","Saturday","Sunday"],"opens":"00:00","closes":"23:59"}],"email":"info@egytourpackages.com","areaServed":"Cairo, Hurghada, Luxor, Sharm El Sheikh, Marsa Alam, Aswan","priceRange":"$","currenciesAccepted":"euro","paymentAccepted":"Payment links online"},{"@type":"PostalAddress","@id":"https:\/\/egytourpackages.com\/cs\/prohlidky\/vylet-na-ostrov-bianca-z-hurghady\/#local-main-place-address","streetAddress":"Mubarak 8, Al Kawthar District, Hurghada","addressLocality":"Hurghada","postalCode":"84511","addressRegion":"Red Sea","addressCountry":"EG"},{"@type":"ImageObject","inLanguage":"cs","@id":"https:\/\/egytourpackages.com\/cs\/prohlidky\/vylet-na-ostrov-bianca-z-hurghady\/#local-main-organization-logo","url":"https:\/\/egytourpackages.com\/wp-content\/uploads\/2025\/12\/Turquoise-Dahabiya-Nile-Cruise-1.jpeg","contentUrl":"https:\/\/egytourpackages.com\/wp-content\/uploads\/2025\/12\/Turquoise-Dahabiya-Nile-Cruise-1.jpeg","width":1040,"height":694,"caption":"egypt tour packages"}]},"product_brand":"Jednodenn\u00ed v\u00fdlety po Egypt\u011b","product_price_currency":"EUR","og_availability":"instock","product_availability":"instock","product_retailer_item_id":"HDT15","product_condition":"new","geo.placename":"Hurghada","geo.region":"Egypt"},"_links":{"self":[{"href":"https:\/\/egytourpackages.com\/cs\/wp-json\/wp\/v2\/product\/4550","targetHints":{"allow":["GET"]}}],"collection":[{"href":"https:\/\/egytourpackages.com\/cs\/wp-json\/wp\/v2\/product"}],"about":[{"href":"https:\/\/egytourpackages.com\/cs\/wp-json\/wp\/v2\/types\/product"}],"replies":[{"embeddable":true,"href":"https:\/\/egytourpackages.com\/cs\/wp-json\/wp\/v2\/comments?post=4550"}],"wp:featuredmedia":[{"embeddable":true,"href":"https:\/\/egytourpackages.com\/cs\/wp-json\/wp\/v2\/media\/3691"}],"wp:attachment":[{"href":"https:\/\/egytourpackages.com\/cs\/wp-json\/wp\/v2\/media?parent=4550"}],"wp:term":[{"taxonomy":"product_brand","embeddable":true,"href":"https:\/\/egytourpackages.com\/cs\/wp-json\/wp\/v2\/product_brand?post=4550"},{"taxonomy":"product_cat","embeddable":true,"href":"https:\/\/egytourpackages.com\/cs\/wp-json\/wp\/v2\/product_cat?post=4550"},{"taxonomy":"product_tag","embeddable":true,"href":"https:\/\/egytourpackages.com\/cs\/wp-json\/wp\/v2\/product_tag?post=4550"}],"curies":[{"name":"wp","href":"https:\/\/api.w.org\/{rel}","templated":true}]}}