{"id":4551,"date":"2025-05-23T17:49:26","date_gmt":"2025-05-23T17:49:26","guid":{"rendered":"https:\/\/egytourpackages.com\/product\/piratska-lod-vylet-z-hurghady-na-orange-bay\/"},"modified":"2026-01-28T23:44:02","modified_gmt":"2026-01-28T23:44:02","slug":"piratska-lod-vylet-z-hurghady-na-orange-bay","status":"publish","type":"product","link":"https:\/\/egytourpackages.com\/cs\/prohlidky\/piratska-lod-vylet-z-hurghady-na-orange-bay\/","title":{"rendered":"Pir\u00e1tsk\u00e1 lo\u010f v\u00fdlet z Hurghady na Orange Bay"},"content":{"rendered":"<p><strong><span style=\"color: #ff6600;\">Pir\u00e1tsk\u00e1 lo\u010f v\u00fdlet z Hurghady na Orange Bay<\/span><\/strong><\/p>\n<p><strong>\u00da\u017easn\u00e1 Pir\u00e1tsk\u00e1 lo\u010f Hurghada na Orange Bay<\/strong> | <strong>V\u00fdlet se \u0161norchlov\u00e1n\u00edm<\/strong> <strong>Luxusn\u00ed jachta<\/strong> | <strong>Bufet s mo\u0159sk\u00fdmi plody a \u010derstv\u00e9 \u0161\u0165\u00e1vy<\/strong> | <strong>Pl\u00e1\u017e Orange Bay<\/strong> | <strong>Rezervace p\u0159es WhatsApp<\/strong> | <strong>\u0160norchlovac\u00ed vybaven\u00ed<\/strong> | <strong>Anima\u010dn\u00ed show<\/strong><\/p>\n<p>Pir\u00e1tsk\u00e1 lo\u010f v\u00fdlet z Hurghady na Orange Bay je ochutn\u00e1vkou p\u0159\u00edrodn\u00ed kr\u00e1sy Rud\u00e9ho mo\u0159e a z\u00e1rove\u0148 udr\u017euje vysokou energii <strong>Egyptsk\u00fdch z\u00e1jezd\u016f<\/strong>. Ve skute\u010dnosti je to jedna z <strong>nejlep\u0161\u00edch luxusn\u00edch rodinn\u00fdch dovolen\u00fdch<\/strong> na palub\u011b luxusn\u00ed mo\u0159sk\u00e9 jachty. Nav\u00edc <strong>v\u00fdlet pir\u00e1tskou lod\u00ed<\/strong> je tou nejlep\u0161\u00ed <strong>rodinnou dobrodru\u017enou dovolenou<\/strong>, <strong>co d\u011blat s p\u0159\u00e1teli k narozenin\u00e1m<\/strong>, <strong>letn\u00edmi pl\u00e1ny s p\u0159\u00e1teli<\/strong> a jednou z nejlep\u0161\u00edch voleb <strong>v\u00fdlet\u016f pro seniory<\/strong>.<\/p>\n<p>Tak\u00e9 <strong>pir\u00e1tsk\u00e1 lo\u010f Hurghada<\/strong> je ide\u00e1ln\u00edm v\u00fdletem pro <strong>seniory s omezenou pohyblivost\u00ed<\/strong>, <strong>milovn\u00edky vzru\u0161en\u00ed<\/strong>, <strong>dovolenou pro jednotlivce<\/strong> a <strong>\u00fa\u017easn\u00fdm z\u00e1\u017eitkem<\/strong>, kter\u00fd vydr\u017e\u00ed nav\u017edy. Pokud hled\u00e1te <strong>jedine\u010dn\u00e9 dobrodru\u017estv\u00ed<\/strong> se sv\u00fdmi d\u011btmi a <strong>letn\u00ed pl\u00e1\u017eov\u00e9 rodinn\u00e9 dovolen\u00e9<\/strong>, tento v\u00fdlet je pro v\u00e1s. U\u017eijte si jeden z nejlep\u0161\u00edch <strong>\u0161norchlovac\u00edch v\u00fdlet\u016f na kor\u00e1lov\u00fd \u00fates<\/strong> do <strong>Orange Bay Hurghada<\/strong> a \u0161norchlujte mezi <strong>kor\u00e1lov\u00fdmi \u00fatesy Rud\u00e9ho mo\u0159e<\/strong> a vz\u00e1cn\u00fdmi <strong>barevn\u00fdmi rybami<\/strong> p\u0159i plavb\u011b pir\u00e1tskou lod\u00ed.<\/p>\n<p><strong>Hlavn\u00ed body prohl\u00eddky<\/strong> Jedna dlouh\u00e1 zast\u00e1vka na <strong>\u0161norchlov\u00e1n\u00ed<\/strong> \u010cerstv\u011b p\u0159ipraven\u00fd ob\u011bd na palub\u011b <strong>Anima\u010dn\u00ed show<\/strong><\/p>\n<h3><span style=\"color: #ff6600;\">Detaily\u00a0<\/span><\/h3>\n<ul>\n<li>D\u00e9lka: 7 hodin<\/li>\n<li>M\u00edsto z\u00e1jezdu: <strong>Hurghada<\/strong> \u2013 <strong>Rud\u00e9 mo\u0159e<\/strong><\/li>\n<li>Dostupnost: Denn\u011b<\/li>\n<li>Typ z\u00e1jezdu: Skupinov\u00fd<\/li>\n<li>Vyzvednut\u00ed a odvoz: V\u00e1\u0161 hotel v <strong>Hurghad\u011b<\/strong><\/li>\n<li>Bezbari\u00e9rov\u00fd p\u0159\u00edstup: Ano<\/li>\n<\/ul>\n<h3><span style=\"color: #ff6600;\">Zahrnuto<\/span><\/h3>\n<ul>\n<li>Zp\u00e1te\u010dn\u00ed transfer z va\u0161eho hotelu v Hurghad\u011b<\/li>\n<li>\u0160norchlovac\u00ed vybaven\u00ed jako z\u00e1chrann\u00e1 vesta, maska,<\/li>\n<li>ploutve Pr\u016fvodce pro \u0161norchlov\u00e1n\u00ed<\/li>\n<li>\u010cerstv\u011b p\u0159ipraven\u00fd ob\u011bd na palub\u011b<\/li>\n<li>Miner\u00e1ln\u00ed voda<\/li>\n<li>tepl\u00e9 a studen\u00e9 n\u00e1poje po cel\u00fd den<\/li>\n<\/ul>\n<h3><span style=\"color: #ff6600;\">Nen\u00ed zahrnuto<\/span><\/h3>\n<ul>\n<li>DVD a fotografie od kameramana<\/li>\n<li>Spropitn\u00e9 Vstupn\u00e9 do n\u00e1rodn\u00edho parku<\/li>\n<li>Za transfery z oblast\u00ed mimo Hurghadu (Makadi Bay, Sahl Hasheesh, El Gouna) se \u00fa\u010dtuj\u00ed dodate\u010dn\u00e9 poplatky.<\/li>\n<\/ul>\n<h3><span style=\"color: #ff6600;\">Co si vz\u00edt s sebou <\/span><\/h3>\n<ul>\n<li>Vlastn\u00ed ru\u010dn\u00edk z hotelu<\/li>\n<li>Klobouk nebo \u0161\u00e1tek Opalovac\u00ed kr\u00e9m, ru\u010dn\u00edk, slune\u010dn\u00ed br\u00fdle<\/li>\n<li>Pohodln\u00e9 boty Plavky N\u011bjak\u00e1 hotovost na osobn\u00ed v\u00fddaje<\/li>\n<\/ul>\n<h2><span style=\"color: #ff6600;\">Itiner\u00e1\u0159 <\/span><\/h2>\n<p>\u010cas vyzvednut\u00ed z hotelu V z\u00e1vislosti na poloze va\u0161eho hotelu a podle \u010dasu vyzvednut\u00ed, kter\u00fd obdr\u017e\u00edte p\u0159i rezervaci, v\u00e1s vyzvedneme na recepci va\u0161eho hotelu a odvezeme do New Marine.<\/p>\n<p>09:00 Nalod\u011bn\u00ed na <strong>Pir\u00e1tskou lo\u010f<\/strong> a zah\u00e1jen\u00ed plavby Po p\u0159\u00edjezdu k <strong>Pir\u00e1tsk\u00e9 lodi<\/strong> v\u00e1s p\u0159iv\u00edt\u00e1 pos\u00e1dka a m\u016f\u017eete si za\u010d\u00edt u\u017e\u00edvat prostornou slune\u010dn\u00ed palubu nebo klimatizovan\u00e9 salony.<\/p>\n<p>10:00 Zast\u00e1vka na <strong>\u0161norchlov\u00e1n\u00ed<\/strong> Po p\u0159\u00edjezdu na prvn\u00ed m\u00edsto pro <strong>\u0161norchlov\u00e1n\u00ed<\/strong> si u\u017eijte hodinov\u00e9 nebo del\u0161\u00ed <strong>\u0161norchlov\u00e1n\u00ed<\/strong> s pr\u016fvodcem v k\u0159i\u0161\u0165\u00e1lov\u011b \u010dist\u00e9 vod\u011b a s mo\u0159sk\u00fdm \u017eivotem <strong>Rud\u00e9ho mo\u0159e<\/strong>. Str\u00e1vte tolik \u010dasu, kolik se v\u00e1m l\u00edb\u00ed, ne\u017e se p\u0159esunete na dal\u0161\u00ed zast\u00e1vku.<\/p>\n<p>11:15 <strong>Pl\u00e1\u017e Orange Bay<\/strong> Jakmile lo\u010f zakotv\u00ed u <strong>Orange Bay<\/strong>, budete m\u00edt asi dv\u011b hodiny voln\u00e9ho \u010dasu, abyste si u\u017eili p\u00eds\u010dit\u00e9 pl\u00e1\u017ee a tyrkysov\u00e9 vody. Tak\u00e9 m\u016f\u017eete pou\u017e\u00edt pohovku a slune\u010dn\u00edk k relaxaci a opalov\u00e1n\u00ed nebo sko\u010dit do vody a plavat.<\/p>\n<p>13:00 Ob\u011bd Zp\u011bt na <strong>Pir\u00e1tskou lo\u010f<\/strong> na \u010derstv\u011b p\u0159ipraven\u00fd ob\u011bd, kter\u00fd se skl\u00e1d\u00e1 z pol\u00e9vky z mo\u0159sk\u00fdch plod\u016f, r\u016fzn\u00fdch sal\u00e1t\u016f, r\u00fd\u017ee, t\u011bstovin, brambor, grilovan\u00fdch mo\u0159sk\u00fdch plod\u016f (krevety, kalam\u00e1ry, ryby), ku\u0159ete, kofty a sez\u00f3nn\u00edho \u010derstv\u00e9ho ovoce.<\/p>\n<p>15:00 Zp\u011bt do Mariny Po ob\u011bd\u011b si m\u016f\u017eete odpo\u010dinout na slune\u010dn\u00ed palub\u011b, u\u017e\u00edt si mo\u0159sk\u00fd v\u00e1nek nebo si vychutnat osv\u011b\u017euj\u00edc\u00ed n\u00e1poj, zat\u00edmco se lo\u010f vrac\u00ed do mariny.<\/p>\n<p>15:30 Jakmile doraz\u00edte do New Marine, budete p\u0159evezeni zp\u011bt do va\u0161eho hotelu.<\/p>\n<h3><span style=\"color: #ff6600;\">PC<\/span><\/h3>\n<p>Ned\u011ble, \u00fater\u00fd, \u010dtvrtek a p\u00e1tek od 09:00 do 15:30.<\/p>\n<p>Sobota, pond\u011bl\u00ed a st\u0159eda od 12:30 do 18:00.<\/p>\n<h3><span style=\"color: #ff6600;\">Cena Pir\u00e1tsk\u00e1 lo\u010f v\u00fdlet z Hurghady na Orange Bay<\/span><\/h3>\n<p>Cena pro dosp\u011bl\u00e9ho = 70 $<\/p>\n<p>D\u011bti 0-5 let = zdarma<\/p>\n<p>D\u011bti 5-11 let = 50 % ceny dosp\u011bl\u00e9ho<\/p>\n<h3><span style=\"color: #ff6600;\">Rezervace<\/span><\/h3>\n<p>Sv\u016fj v\u00fdlet si m\u016f\u017eete rezervovat p\u0159es <strong>WhatsApp<\/strong> nebo n\u00e1m poslat <strong>E-mail<\/strong> a potvrzen\u00ed obdr\u017e\u00edte na m\u00edst\u011b. Pros\u00edm, za\u0161lete n\u00e1m n\u00e1zev va\u0161eho hotelu, \u010d\u00edslo pokoje, kopie pas\u016f.<\/p>\n<p><strong>WhatsApp \u010d\u00edslo<\/strong>: +201000852186<\/p>\n<p>info@egytourpackages.com<\/p>\n<h3><span style=\"color: #ff6600;\">Rezervovat hned a zaplatit na m\u00edst\u011b<\/span><\/h3>\n<p>Rezervujte si sv\u016fj obl\u00edben\u00fd v\u00fdlet a zapla\u0165te v den v\u00fdletu.<\/p>\n<h3><span style=\"color: #ff6600;\">Platba<\/span><\/h3>\n<p>M\u016f\u017eete platit egyptsk\u00fdmi librami, $, \u20ac nebo \u00a3.<\/p>\n<h3><span style=\"color: #ff6600;\">Storno podm\u00ednky <\/span><\/h3>\n<ul>\n<li>Zru\u0161en\u00ed je zdarma a\u017e 24 hodin p\u0159edem<\/li>\n<li>Rann\u00ed zru\u0161en\u00ed je 50 % z ceny<\/li>\n<\/ul>\n","protected":false},"excerpt":{"rendered":"<p>Vzdejte se Pir\u00e1tsk\u00e1 lo\u010f v\u00fdlet z Hurghady na Orange Bay! U\u017eijte si \u0161norchlov\u00e1n\u00ed, luxusn\u00ed jachtu, mo\u0159sk\u00e9 plody a anima\u010dn\u00ed show. Ide\u00e1ln\u00ed pro rodiny i p\u0159\u00e1tele.<\/p>\n","protected":false},"featured_media":3623,"comment_status":"open","ping_status":"closed","template":"","meta":[],"product_brand":[],"product_cat":[1466],"product_tag":[1470,1469],"class_list":{"0":"post-4551","1":"product","2":"type-product","3":"status-publish","4":"has-post-thumbnail","6":"product_cat-vylety","7":"product_tag-jednodenni-vylety-po-egypte","8":"product_tag-vylety-v-hurgade","9":"tour_category-jednodenni-vylety-po-egypte-cs","10":"tour_category-snorchlovaci-vylety-v-hurghade","11":"tour_category-vylety-v-hurgade","13":"first","14":"instock","15":"sale","16":"shipping-taxable","17":"purchasable","18":"product-type-tour","19":"has-default-attributes"},"yoast_head":"<!-- This site is optimized with the Yoast SEO Premium plugin v27.4 (Yoast SEO v27.4) - https:\/\/yoast.com\/product\/yoast-seo-premium-wordpress\/ -->\n<title>Pir\u00e1tsk\u00e1 lo\u010f v\u00fdlet z Hurghady<\/title>\n<meta name=\"description\" content=\"Vzdejte se Pir\u00e1tsk\u00e1 lo\u010f v\u00fdlet z Hurghady na Orange Bay! U\u017eijte si \u0161norchlov\u00e1n\u00ed, luxusn\u00ed jachtu, mo\u0159sk\u00e9 plody a anima\u010dn\u00ed show. Ide\u00e1ln\u00ed pro rodiny i p\u0159\u00e1tele.\" \/>\n<meta name=\"robots\" content=\"index, follow, max-snippet:-1, max-image-preview:large, max-video-preview:-1\" \/>\n<link rel=\"canonical\" href=\"https:\/\/egytourpackages.com\/cs\/prohlidky\/piratska-lod-vylet-z-hurghady-na-orange-bay\/\" \/>\n<meta property=\"og:locale\" content=\"cs_CZ\" \/>\n<meta property=\"og:type\" content=\"article\" \/>\n<meta property=\"og:title\" content=\"Pir\u00e1tsk\u00e1 lo\u010f v\u00fdlet z Hurghady na Orange Bay\" \/>\n<meta property=\"og:description\" content=\"Vzdejte se Pir\u00e1tsk\u00e1 lo\u010f v\u00fdlet z Hurghady na Orange Bay! U\u017eijte si \u0161norchlov\u00e1n\u00ed, luxusn\u00ed jachtu, mo\u0159sk\u00e9 plody a anima\u010dn\u00ed show. Ide\u00e1ln\u00ed pro rodiny i p\u0159\u00e1tele.\" \/>\n<meta property=\"og:url\" content=\"https:\/\/egytourpackages.com\/cs\/prohlidky\/piratska-lod-vylet-z-hurghady-na-orange-bay\/\" \/>\n<meta property=\"og:site_name\" content=\"Z\u00e1jezdy po Egypt\u011b\" \/>\n<meta property=\"article:publisher\" content=\"https:\/\/www.facebook.com\/egytourpackages\" \/>\n<meta property=\"article:modified_time\" content=\"2026-01-28T23:44:02+00:00\" \/>\n<meta property=\"og:image\" content=\"https:\/\/egytourpackages.com\/wp-content\/uploads\/2025\/05\/Orange-Bay-beach-Giftun-Island-1024x768.jpeg\" \/>\n<meta name=\"twitter:card\" content=\"summary_large_image\" \/>\n<meta name=\"twitter:title\" content=\"Pir\u00e1tsk\u00e1 lo\u010f v\u00fdlet z Hurghady na Orange Bay\" \/>\n<meta name=\"twitter:label1\" content=\"Cena\" \/>\n\t<meta name=\"twitter:data1\" content=\"&euro;70\" \/>\n\t<meta name=\"twitter:label2\" content=\"Dostupnost\" \/>\n\t<meta name=\"twitter:data2\" content=\"Skladem\" \/>\n<script type=\"application\/ld+json\" class=\"yoast-schema-graph\">{\"@context\":\"https:\\\/\\\/schema.org\",\"@graph\":[{\"@type\":\"WebPage\",\"@id\":\"https:\\\/\\\/egytourpackages.com\\\/cs\\\/prohlidky\\\/piratska-lod-vylet-z-hurghady-na-orange-bay\\\/\",\"url\":\"https:\\\/\\\/egytourpackages.com\\\/cs\\\/prohlidky\\\/piratska-lod-vylet-z-hurghady-na-orange-bay\\\/\",\"name\":\"Pir\u00e1tsk\u00e1 lo\u010f v\u00fdlet z Hurghady\",\"isPartOf\":{\"@id\":\"https:\\\/\\\/egytourpackages.com\\\/cs\\\/#website\"},\"primaryImageOfPage\":{\"@id\":\"https:\\\/\\\/egytourpackages.com\\\/cs\\\/prohlidky\\\/piratska-lod-vylet-z-hurghady-na-orange-bay\\\/#primaryimage\"},\"image\":{\"@id\":\"https:\\\/\\\/egytourpackages.com\\\/cs\\\/prohlidky\\\/piratska-lod-vylet-z-hurghady-na-orange-bay\\\/#primaryimage\"},\"thumbnailUrl\":\"https:\\\/\\\/egytourpackages.com\\\/wp-content\\\/uploads\\\/2025\\\/05\\\/Pirate-boat-Hurghada.jpeg\",\"datePublished\":\"2025-05-23T17:49:26+00:00\",\"dateModified\":\"2026-01-28T23:44:02+00:00\",\"description\":\"Vzdejte se Pir\u00e1tsk\u00e1 lo\u010f v\u00fdlet z Hurghady na Orange Bay! U\u017eijte si \u0161norchlov\u00e1n\u00ed, luxusn\u00ed jachtu, mo\u0159sk\u00e9 plody a anima\u010dn\u00ed show. Ide\u00e1ln\u00ed pro rodiny i p\u0159\u00e1tele.\",\"breadcrumb\":{\"@id\":\"https:\\\/\\\/egytourpackages.com\\\/cs\\\/prohlidky\\\/piratska-lod-vylet-z-hurghady-na-orange-bay\\\/#breadcrumb\"},\"inLanguage\":\"cs\",\"potentialAction\":[{\"@type\":\"ReadAction\",\"target\":[\"https:\\\/\\\/egytourpackages.com\\\/cs\\\/prohlidky\\\/piratska-lod-vylet-z-hurghady-na-orange-bay\\\/\"]}]},{\"@type\":\"ImageObject\",\"inLanguage\":\"cs\",\"@id\":\"https:\\\/\\\/egytourpackages.com\\\/cs\\\/prohlidky\\\/piratska-lod-vylet-z-hurghady-na-orange-bay\\\/#primaryimage\",\"url\":\"https:\\\/\\\/egytourpackages.com\\\/wp-content\\\/uploads\\\/2025\\\/05\\\/Pirate-boat-Hurghada.jpeg\",\"contentUrl\":\"https:\\\/\\\/egytourpackages.com\\\/wp-content\\\/uploads\\\/2025\\\/05\\\/Pirate-boat-Hurghada.jpeg\",\"width\":1100,\"height\":849,\"caption\":\"Pir\u00e1tsk\u00e1 lo\u010f v\u00fdlet z Hurghady na Orange Bay\"},{\"@type\":\"BreadcrumbList\",\"@id\":\"https:\\\/\\\/egytourpackages.com\\\/cs\\\/prohlidky\\\/piratska-lod-vylet-z-hurghady-na-orange-bay\\\/#breadcrumb\",\"itemListElement\":[{\"@type\":\"ListItem\",\"position\":1,\"name\":\"Dom\u016f\",\"item\":\"https:\\\/\\\/egytourpackages.com\\\/cs\\\/balicky-vyletu-po-egypte\\\/\"},{\"@type\":\"ListItem\",\"position\":2,\"name\":\"Shop\",\"item\":\"https:\\\/\\\/egytourpackages.com\\\/cs\\\/shop\\\/\"},{\"@type\":\"ListItem\",\"position\":3,\"name\":\"Pir\u00e1tsk\u00e1 lo\u010f v\u00fdlet z Hurghady na Orange Bay\"}]},{\"@type\":\"WebSite\",\"@id\":\"https:\\\/\\\/egytourpackages.com\\\/cs\\\/#website\",\"url\":\"https:\\\/\\\/egytourpackages.com\\\/cs\\\/\",\"name\":\"Egy tour packages\",\"description\":\"\",\"publisher\":{\"@id\":\"https:\\\/\\\/egytourpackages.com\\\/cs\\\/#organization\"},\"potentialAction\":[{\"@type\":\"SearchAction\",\"target\":{\"@type\":\"EntryPoint\",\"urlTemplate\":\"https:\\\/\\\/egytourpackages.com\\\/cs\\\/?s={search_term_string}\"},\"query-input\":{\"@type\":\"PropertyValueSpecification\",\"valueRequired\":true,\"valueName\":\"search_term_string\"}}],\"inLanguage\":\"cs\"},{\"@type\":[\"Organization\",\"Place\",\"TravelAgency\"],\"@id\":\"https:\\\/\\\/egytourpackages.com\\\/cs\\\/#organization\",\"name\":\"egypt tour packages\",\"alternateName\":\"egypt tour packages\",\"url\":\"https:\\\/\\\/egytourpackages.com\\\/cs\\\/\",\"logo\":{\"@id\":\"https:\\\/\\\/egytourpackages.com\\\/cs\\\/prohlidky\\\/piratska-lod-vylet-z-hurghady-na-orange-bay\\\/#local-main-organization-logo\"},\"image\":{\"@id\":\"https:\\\/\\\/egytourpackages.com\\\/cs\\\/prohlidky\\\/piratska-lod-vylet-z-hurghady-na-orange-bay\\\/#local-main-organization-logo\"},\"sameAs\":[\"https:\\\/\\\/www.facebook.com\\\/egytourpackages\"],\"legalName\":\"Egy tour packages\",\"address\":{\"@id\":\"https:\\\/\\\/egytourpackages.com\\\/cs\\\/prohlidky\\\/piratska-lod-vylet-z-hurghady-na-orange-bay\\\/#local-main-place-address\"},\"telephone\":[\"00201000852186\",\"00201028685533\"],\"contactPoint\":{\"@type\":\"ContactPoint\",\"telephone\":\"00201000852186\"},\"openingHoursSpecification\":[{\"@type\":\"OpeningHoursSpecification\",\"dayOfWeek\":[\"Monday\",\"Tuesday\",\"Wednesday\",\"Thursday\",\"Friday\",\"Saturday\",\"Sunday\"],\"opens\":\"00:00\",\"closes\":\"23:59\"}],\"email\":\"info@egytourpackages.com\",\"areaServed\":\"Cairo, Hurghada, Luxor, Sharm El Sheikh, Marsa Alam, Aswan\",\"priceRange\":\"$\",\"currenciesAccepted\":\"euro\",\"paymentAccepted\":\"Payment links online\"},{\"@type\":\"PostalAddress\",\"@id\":\"https:\\\/\\\/egytourpackages.com\\\/cs\\\/prohlidky\\\/piratska-lod-vylet-z-hurghady-na-orange-bay\\\/#local-main-place-address\",\"streetAddress\":\"Mubarak 8, Al Kawthar District, Hurghada\",\"addressLocality\":\"Hurghada\",\"postalCode\":\"84511\",\"addressRegion\":\"Red Sea\",\"addressCountry\":\"EG\"},{\"@type\":\"ImageObject\",\"inLanguage\":\"cs\",\"@id\":\"https:\\\/\\\/egytourpackages.com\\\/cs\\\/prohlidky\\\/piratska-lod-vylet-z-hurghady-na-orange-bay\\\/#local-main-organization-logo\",\"url\":\"https:\\\/\\\/egytourpackages.com\\\/wp-content\\\/uploads\\\/2025\\\/12\\\/Turquoise-Dahabiya-Nile-Cruise-1.jpeg\",\"contentUrl\":\"https:\\\/\\\/egytourpackages.com\\\/wp-content\\\/uploads\\\/2025\\\/12\\\/Turquoise-Dahabiya-Nile-Cruise-1.jpeg\",\"width\":1040,\"height\":694,\"caption\":\"egypt tour packages\"}]}<\/script>\n<meta property=\"product:brand\" content=\"Jednodenn\u00ed v\u00fdlety po Egypt\u011b\" \/>\n<meta property=\"product:price:amount\" content=\"70\" \/>\n<meta property=\"product:price:currency\" content=\"EUR\" \/>\n<meta property=\"og:availability\" content=\"instock\" \/>\n<meta property=\"product:availability\" content=\"instock\" \/>\n<meta property=\"product:retailer_item_id\" content=\"HDT13\" \/>\n<meta property=\"product:condition\" content=\"new\" \/>\n<meta name=\"geo.placename\" content=\"Hurghada\" \/>\n<meta name=\"geo.region\" content=\"Egypt\" \/>\n<!-- \/ Yoast SEO Premium plugin. -->","yoast_head_json":{"title":"Pir\u00e1tsk\u00e1 lo\u010f v\u00fdlet z Hurghady","description":"Vzdejte se Pir\u00e1tsk\u00e1 lo\u010f v\u00fdlet z Hurghady na Orange Bay! U\u017eijte si \u0161norchlov\u00e1n\u00ed, luxusn\u00ed jachtu, mo\u0159sk\u00e9 plody a anima\u010dn\u00ed show. Ide\u00e1ln\u00ed pro rodiny i p\u0159\u00e1tele.","robots":{"index":"index","follow":"follow","max-snippet":"max-snippet:-1","max-image-preview":"max-image-preview:large","max-video-preview":"max-video-preview:-1"},"canonical":"https:\/\/egytourpackages.com\/cs\/prohlidky\/piratska-lod-vylet-z-hurghady-na-orange-bay\/","og_locale":"cs_CZ","og_type":"article","og_title":"Pir\u00e1tsk\u00e1 lo\u010f v\u00fdlet z Hurghady na Orange Bay","og_description":"Vzdejte se Pir\u00e1tsk\u00e1 lo\u010f v\u00fdlet z Hurghady na Orange Bay! U\u017eijte si \u0161norchlov\u00e1n\u00ed, luxusn\u00ed jachtu, mo\u0159sk\u00e9 plody a anima\u010dn\u00ed show. Ide\u00e1ln\u00ed pro rodiny i p\u0159\u00e1tele.","og_url":"https:\/\/egytourpackages.com\/cs\/prohlidky\/piratska-lod-vylet-z-hurghady-na-orange-bay\/","og_site_name":"Z\u00e1jezdy po Egypt\u011b","article_publisher":"https:\/\/www.facebook.com\/egytourpackages","article_modified_time":"2026-01-28T23:44:02+00:00","og_image":[{"url":"https:\/\/egytourpackages.com\/wp-content\/uploads\/2025\/05\/Orange-Bay-beach-Giftun-Island-1024x768.jpeg","type":"","width":"","height":""}],"twitter_card":"summary_large_image","twitter_title":"Pir\u00e1tsk\u00e1 lo\u010f v\u00fdlet z Hurghady na Orange Bay","twitter_misc":{"Cena":"&euro;70","Dostupnost":"Skladem"},"schema":{"@context":"https:\/\/schema.org","@graph":[{"@type":"WebPage","@id":"https:\/\/egytourpackages.com\/cs\/prohlidky\/piratska-lod-vylet-z-hurghady-na-orange-bay\/","url":"https:\/\/egytourpackages.com\/cs\/prohlidky\/piratska-lod-vylet-z-hurghady-na-orange-bay\/","name":"Pir\u00e1tsk\u00e1 lo\u010f v\u00fdlet z Hurghady","isPartOf":{"@id":"https:\/\/egytourpackages.com\/cs\/#website"},"primaryImageOfPage":{"@id":"https:\/\/egytourpackages.com\/cs\/prohlidky\/piratska-lod-vylet-z-hurghady-na-orange-bay\/#primaryimage"},"image":{"@id":"https:\/\/egytourpackages.com\/cs\/prohlidky\/piratska-lod-vylet-z-hurghady-na-orange-bay\/#primaryimage"},"thumbnailUrl":"https:\/\/egytourpackages.com\/wp-content\/uploads\/2025\/05\/Pirate-boat-Hurghada.jpeg","datePublished":"2025-05-23T17:49:26+00:00","dateModified":"2026-01-28T23:44:02+00:00","description":"Vzdejte se Pir\u00e1tsk\u00e1 lo\u010f v\u00fdlet z Hurghady na Orange Bay! U\u017eijte si \u0161norchlov\u00e1n\u00ed, luxusn\u00ed jachtu, mo\u0159sk\u00e9 plody a anima\u010dn\u00ed show. Ide\u00e1ln\u00ed pro rodiny i p\u0159\u00e1tele.","breadcrumb":{"@id":"https:\/\/egytourpackages.com\/cs\/prohlidky\/piratska-lod-vylet-z-hurghady-na-orange-bay\/#breadcrumb"},"inLanguage":"cs","potentialAction":[{"@type":"ReadAction","target":["https:\/\/egytourpackages.com\/cs\/prohlidky\/piratska-lod-vylet-z-hurghady-na-orange-bay\/"]}]},{"@type":"ImageObject","inLanguage":"cs","@id":"https:\/\/egytourpackages.com\/cs\/prohlidky\/piratska-lod-vylet-z-hurghady-na-orange-bay\/#primaryimage","url":"https:\/\/egytourpackages.com\/wp-content\/uploads\/2025\/05\/Pirate-boat-Hurghada.jpeg","contentUrl":"https:\/\/egytourpackages.com\/wp-content\/uploads\/2025\/05\/Pirate-boat-Hurghada.jpeg","width":1100,"height":849,"caption":"Pir\u00e1tsk\u00e1 lo\u010f v\u00fdlet z Hurghady na Orange Bay"},{"@type":"BreadcrumbList","@id":"https:\/\/egytourpackages.com\/cs\/prohlidky\/piratska-lod-vylet-z-hurghady-na-orange-bay\/#breadcrumb","itemListElement":[{"@type":"ListItem","position":1,"name":"Dom\u016f","item":"https:\/\/egytourpackages.com\/cs\/balicky-vyletu-po-egypte\/"},{"@type":"ListItem","position":2,"name":"Shop","item":"https:\/\/egytourpackages.com\/cs\/shop\/"},{"@type":"ListItem","position":3,"name":"Pir\u00e1tsk\u00e1 lo\u010f v\u00fdlet z Hurghady na Orange Bay"}]},{"@type":"WebSite","@id":"https:\/\/egytourpackages.com\/cs\/#website","url":"https:\/\/egytourpackages.com\/cs\/","name":"Egy tour packages","description":"","publisher":{"@id":"https:\/\/egytourpackages.com\/cs\/#organization"},"potentialAction":[{"@type":"SearchAction","target":{"@type":"EntryPoint","urlTemplate":"https:\/\/egytourpackages.com\/cs\/?s={search_term_string}"},"query-input":{"@type":"PropertyValueSpecification","valueRequired":true,"valueName":"search_term_string"}}],"inLanguage":"cs"},{"@type":["Organization","Place","TravelAgency"],"@id":"https:\/\/egytourpackages.com\/cs\/#organization","name":"egypt tour packages","alternateName":"egypt tour packages","url":"https:\/\/egytourpackages.com\/cs\/","logo":{"@id":"https:\/\/egytourpackages.com\/cs\/prohlidky\/piratska-lod-vylet-z-hurghady-na-orange-bay\/#local-main-organization-logo"},"image":{"@id":"https:\/\/egytourpackages.com\/cs\/prohlidky\/piratska-lod-vylet-z-hurghady-na-orange-bay\/#local-main-organization-logo"},"sameAs":["https:\/\/www.facebook.com\/egytourpackages"],"legalName":"Egy tour packages","address":{"@id":"https:\/\/egytourpackages.com\/cs\/prohlidky\/piratska-lod-vylet-z-hurghady-na-orange-bay\/#local-main-place-address"},"telephone":["00201000852186","00201028685533"],"contactPoint":{"@type":"ContactPoint","telephone":"00201000852186"},"openingHoursSpecification":[{"@type":"OpeningHoursSpecification","dayOfWeek":["Monday","Tuesday","Wednesday","Thursday","Friday","Saturday","Sunday"],"opens":"00:00","closes":"23:59"}],"email":"info@egytourpackages.com","areaServed":"Cairo, Hurghada, Luxor, Sharm El Sheikh, Marsa Alam, Aswan","priceRange":"$","currenciesAccepted":"euro","paymentAccepted":"Payment links online"},{"@type":"PostalAddress","@id":"https:\/\/egytourpackages.com\/cs\/prohlidky\/piratska-lod-vylet-z-hurghady-na-orange-bay\/#local-main-place-address","streetAddress":"Mubarak 8, Al Kawthar District, Hurghada","addressLocality":"Hurghada","postalCode":"84511","addressRegion":"Red Sea","addressCountry":"EG"},{"@type":"ImageObject","inLanguage":"cs","@id":"https:\/\/egytourpackages.com\/cs\/prohlidky\/piratska-lod-vylet-z-hurghady-na-orange-bay\/#local-main-organization-logo","url":"https:\/\/egytourpackages.com\/wp-content\/uploads\/2025\/12\/Turquoise-Dahabiya-Nile-Cruise-1.jpeg","contentUrl":"https:\/\/egytourpackages.com\/wp-content\/uploads\/2025\/12\/Turquoise-Dahabiya-Nile-Cruise-1.jpeg","width":1040,"height":694,"caption":"egypt tour packages"}]},"product_brand":"Jednodenn\u00ed v\u00fdlety po Egypt\u011b","product_price_amount":"70","product_price_currency":"EUR","og_availability":"instock","product_availability":"instock","product_retailer_item_id":"HDT13","product_condition":"new","geo.placename":"Hurghada","geo.region":"Egypt"},"_links":{"self":[{"href":"https:\/\/egytourpackages.com\/cs\/wp-json\/wp\/v2\/product\/4551","targetHints":{"allow":["GET"]}}],"collection":[{"href":"https:\/\/egytourpackages.com\/cs\/wp-json\/wp\/v2\/product"}],"about":[{"href":"https:\/\/egytourpackages.com\/cs\/wp-json\/wp\/v2\/types\/product"}],"replies":[{"embeddable":true,"href":"https:\/\/egytourpackages.com\/cs\/wp-json\/wp\/v2\/comments?post=4551"}],"wp:featuredmedia":[{"embeddable":true,"href":"https:\/\/egytourpackages.com\/cs\/wp-json\/wp\/v2\/media\/3623"}],"wp:attachment":[{"href":"https:\/\/egytourpackages.com\/cs\/wp-json\/wp\/v2\/media?parent=4551"}],"wp:term":[{"taxonomy":"product_brand","embeddable":true,"href":"https:\/\/egytourpackages.com\/cs\/wp-json\/wp\/v2\/product_brand?post=4551"},{"taxonomy":"product_cat","embeddable":true,"href":"https:\/\/egytourpackages.com\/cs\/wp-json\/wp\/v2\/product_cat?post=4551"},{"taxonomy":"product_tag","embeddable":true,"href":"https:\/\/egytourpackages.com\/cs\/wp-json\/wp\/v2\/product_tag?post=4551"}],"curies":[{"name":"wp","href":"https:\/\/api.w.org\/{rel}","templated":true}]}}