{"id":4559,"date":"2025-05-23T18:46:29","date_gmt":"2025-05-23T18:46:29","guid":{"rendered":"https:\/\/egytourpackages.com\/product\/vylet-velkeho-egyptskeho-muzea-a-pyramida-v-gize-z-el-gouny\/"},"modified":"2026-01-04T19:48:30","modified_gmt":"2026-01-04T19:48:30","slug":"vylet-velkeho-egyptskeho-muzea-a-pyramida-v-gize-z-el-gouny","status":"publish","type":"product","link":"https:\/\/egytourpackages.com\/cs\/prohlidky\/vylet-velkeho-egyptskeho-muzea-a-pyramida-v-gize-z-el-gouny\/","title":{"rendered":"V\u00fdlet Velk\u00e9ho egyptsk\u00e9ho muzea a pyramida v G\u00edze z El Gouny"},"content":{"rendered":"<p><span style=\"color: #ff6600;\"><strong>V\u00fdlet Velk\u00e9ho egyptsk\u00e9ho muzea a pyramida v G\u00edze z El Gouny<\/strong><\/span><\/p>\n<h2><span style=\"color: #ff6600;\">P\u0159ehled<\/span><\/h2>\n<p><strong>Soukrom\u00fd celodenn\u00ed v\u00fdlet do K\u00e1hiry z El Gouny<\/strong> | <strong>Nejlep\u0161\u00ed Velk\u00e9 egyptsk\u00e9 muzeum z El Gouny<\/strong> | <a href=\"https:\/\/egytourpackages.com\/cs\/Kategorie vylety\/vylety-do-el-gouny\/\">V\u00fdlety z El Gouny<\/a> | <strong>Turistick\u00e9 atrakce K\u00e1hiry<\/strong> jako <strong>pyramidy v G\u00edze<\/strong>, <strong>Velk\u00e1 sfinga<\/strong>, <strong>Tutanchamonovy poklady<\/strong>, <strong>Vis\u00edc\u00ed obelisk<\/strong> | <strong>Online rezervace WhatsApp<\/strong><\/p>\n<p>Va\u0161e <strong>prohl\u00eddka Velk\u00e9ho egyptsk\u00e9ho muzea a pyramid v G\u00edze z El Gouny<\/strong> je jedine\u010dn\u00e9 dobrodru\u017estv\u00ed a nezapomenuteln\u00fd z\u00e1\u017eitek, p\u0159i kter\u00e9m pozn\u00e1te starov\u011bkou egyptskou civilizaci. Ve skute\u010dnosti jsou tyto <strong>z\u00e1jezdy do Egypta do Velk\u00e9ho egyptsk\u00e9ho muzea<\/strong> jakousi <strong>kulturn\u00ed a historickou prohl\u00eddkou<\/strong> s <strong>odborn\u00fdm archeologick\u00fdm pr\u016fvodcem<\/strong>. Dozv\u00edte se mnoho tajemstv\u00ed o <strong>pyramid\u00e1ch v G\u00edze<\/strong>, <strong>Sfinze<\/strong>, <strong>faraonov\u011b kletb\u011b<\/strong> a mnohem v\u00edce. Jedn\u00e1 se o nejlep\u0161\u00ed <strong>pozn\u00e1vac\u00ed z\u00e1jezdy pro d\u011bti<\/strong> i dosp\u011bl\u00e9 a <strong>vzd\u011bl\u00e1vac\u00ed z\u00e1jezdy pro seniory<\/strong> z El Gouny. Rovn\u011b\u017e je to pova\u017eov\u00e1no za jednu z <strong>nejlep\u0161\u00edch aktivit pro rodiny<\/strong> a nejkr\u00e1sn\u011bj\u0161\u00edch <strong>aktivit s p\u0159\u00e1teli<\/strong>.<\/p>\n<p>Rezervace t\u00e9to V\u00fdlet Velk\u00e9ho egyptsk\u00e9ho muzea a pyramida v G\u00edze z El Gouny\u00a0v\u00e1m umo\u017en\u00ed prozkoumat egyptsk\u00e9 artefakty od prehistorick\u00e9 doby a\u017e po \u0159ecko-\u0159\u00edmskou \u00e9ru. Krom\u011b toho uvid\u00edte <strong>Tutanchamonovy poklady<\/strong> nalezen\u00e9 v jeho hrobce KV 62 v <strong>\u00dadol\u00ed kr\u00e1l\u016f<\/strong> v Luxoru v roce 1922. Nakonec z\u00edsk\u00e1te podrobn\u00e9 informace o <strong>pyramid\u00e1ch v G\u00edze<\/strong>, <strong>kr\u00e1lovnin\u00fdch pyramid\u00e1ch<\/strong>, <strong>hrobk\u00e1ch stavitel\u016f pyramid<\/strong> a <strong>Velk\u00e9 sfing\u011b<\/strong>. Egy tour packages nab\u00edz\u00ed tyto <strong>v\u00fdlety z El Gouny<\/strong> s odborn\u00fdm pr\u016fvodcem, nov\u00fdmi vozidly, nejlep\u0161\u00edmi slu\u017ebami a velmi p\u0159\u00edznivou cenou.<\/p>\n<h3><span style=\"color: #ff6600;\">Detaily z\u00e1jezdu<\/span><\/h3>\n<ul>\n<li><strong>D\u00e9lka trv\u00e1n\u00ed:<\/strong> 18 hodin<\/li>\n<li><strong>M\u00edsto z\u00e1jezdu:<\/strong> G\u00edza<\/li>\n<li><strong>Dostupnost z\u00e1jezdu:<\/strong> Ka\u017ed\u00fd den<\/li>\n<li><strong>Vyzvednut\u00ed a odvoz:<\/strong> V\u00e1\u0161 hotel v El Goun\u011b<\/li>\n<li><strong>Typ z\u00e1jezdu:<\/strong> Soukrom\u00fd<\/li>\n<li><strong>Vhodn\u00e9 pro:<\/strong> P\u00e1ry, rodiny, seniory<\/li>\n<li><strong>P\u0159\u00edstupnost pro voz\u00ed\u010dk\u00e1\u0159e:<\/strong> Ano<\/li>\n<\/ul>\n<h3><span style=\"color: #ff6600;\">Hlavn\u00ed body z\u00e1jezdu<\/span><\/h3>\n<ul>\n<li>Velk\u00e9 egyptsk\u00e9 muzeum<\/li>\n<li>Pyramidy v G\u00edze<\/li>\n<li>Velk\u00e1 sfinga<\/li>\n<li>\u00dadoln\u00ed chr\u00e1m<\/li>\n<\/ul>\n<h3><span style=\"color: #ff6600;\">Zahrnuto v tomto z\u00e1jezdu<\/span><\/h3>\n<ul>\n<li>Zp\u00e1te\u010dn\u00ed transfer klimatizovan\u00fdm vozidlem<\/li>\n<li>Vstupn\u00e9 na v\u0161echny pam\u00e1tky v k\u00e1hirsk\u00e9m programu<\/li>\n<li>Egyptologick\u00fd pr\u016fvodce<\/li>\n<li>Ob\u011bd<\/li>\n<li>Voda b\u011bhem prohl\u00eddky<\/li>\n<\/ul>\n<h3><span style=\"color: #ff6600;\">Nen\u00ed zahrnuto v tomto programu<\/span><\/h3>\n<ul>\n<li>N\u00e1poje b\u011bhem ob\u011bda<\/li>\n<li>Vstupn\u00e9 do Cheopsovy pyramidy (40 $)<\/li>\n<li>Vstupn\u00e9 do Chafreho pyramidy (7,5 $)<\/li>\n<li>Spropitn\u00e9<\/li>\n<\/ul>\n<h3><span style=\"color: #ff6600;\">Co si zabalit<\/span><\/h3>\n<ul>\n<li>Pohodln\u00e9 boty a oble\u010den\u00ed, zejm\u00e9na v l\u00e9t\u011b<\/li>\n<li>Tepl\u00e9 oble\u010den\u00ed v zim\u011b<\/li>\n<li>Slune\u010dn\u00ed br\u00fdle, klobouk nebo \u0161\u00e1tek<\/li>\n<li>Opalovac\u00ed kr\u00e9m v l\u00e9t\u011b<\/li>\n<\/ul>\n<h2><span style=\"color: #ff6600;\">Itiner\u00e1\u0159<\/span><\/h2>\n<p>Za\u010dn\u011bte sv\u016fj den s balen\u00fdmi sn\u00eddan\u011bmi, kter\u00e9 jste si objednali den p\u0159edt\u00edm, ne\u017e se vyd\u00e1te do K\u00e1hiry ve sv\u00e9m nov\u00e9m vozidle. Vezm\u011bte si s sebou tak\u00e9 pol\u0161t\u00e1\u0159, pokud to v\u00e1\u0161 hotel dovol\u00ed, a knihu na \u010dten\u00ed b\u011bhem dlouh\u00e9 cesty. Po cest\u011b si ud\u011bl\u00e1te p\u0159est\u00e1vku na k\u00e1vu, abyste si sn\u011bdli sn\u00eddani, pou\u017eili toaletu nebo si jednodu\u0161e prot\u00e1hli nohy. Po p\u0159\u00edjezdu do K\u00e1hiry za\u010dnete s prohl\u00eddkou k\u00e1hirsk\u00fdch atrakc\u00ed.<\/p>\n<h3><span style=\"color: #ff6600;\">Velk\u00e9 egyptsk\u00e9 muzeum<\/span><\/h3>\n<p>Prozkoumejte se sv\u00fdm pr\u016fvodcem nejv\u011bt\u0161\u00ed muzeum na sv\u011bt\u011b pro starov\u011bk\u00e9 egyptsk\u00e9 artefakty od prehistorick\u00e9 \u00e9ry a\u017e po <strong>\u0159ecko-\u0159\u00edmskou \u00e9ru<\/strong>. Obdivujte <strong>Vis\u00edc\u00ed obelisk<\/strong>, obrovsk\u00e9 kolosy <strong>Ramesse Velik\u00e9ho<\/strong> a <strong>v\u00edt\u011bznou st\u00e9lu Merenptaha<\/strong>.<\/p>\n<p>Pot\u00e9 pojedete v\u00fdtahem k panoramatick\u00e9mu oknu, abyste si prohl\u00e9dli pyramidy p\u0159ed sebou, ne\u017e za\u010dnete prohl\u00eddku muzejn\u00edch galeri\u00ed. Otev\u0159en\u00fdch galeri\u00ed je zat\u00edm 12 a velmi p\u011bkn\u011b vysv\u011btluj\u00ed <strong>starov\u011bkou egyptskou civilizaci<\/strong>. Hovo\u0159\u00ed o kr\u00e1lovsk\u00e9 moci, spole\u010dnosti a n\u00e1bo\u017eenstv\u00ed od po\u010d\u00e1tku historie a\u017e do konce. Uvid\u00edte sochy slavn\u00fdch faraon\u016f jako <strong>Hat\u0161epsut, Ramesse, Senusreta, Aje, Tutanchamona, Thutmose, D\u017eosera, Chafreho, Menkaureho<\/strong> a <strong>Merenptaha<\/strong>. Tak\u00e9 figurky boh\u016f a bohy\u0148 jako <strong>Sekhmet, Isis, Hathor, Seshat, Amun, Chnum<\/strong> a <strong>Ptah<\/strong>. Krom\u011b toho denn\u00ed \u010dluny, paruky, dopl\u0148ky, oleje, mumie a barevn\u00e9 d\u0159ev\u011bn\u00e9 sarkof\u00e1gy.<\/p>\n<p>Na konci prohl\u00eddky budete m\u00edt voln\u00fd \u010das na prozkoum\u00e1n\u00ed velk\u00e9ho schodi\u0161t\u011b sami, ne\u017e p\u016fjdete na ob\u011bd.<\/p>\n<h3><span style=\"color: #ff6600;\">Ob\u011bd<\/span><\/h3>\n<p>Vychutnejte si \u010derstv\u011b p\u0159ipraven\u00fd ob\u011bd s mo\u017enost\u00ed vegetari\u00e1nsk\u00fdch j\u00eddel.<\/p>\n<h3><span style=\"color: #ff6600;\">Komplex pyramid v G\u00edze<\/span><\/h3>\n<p>Pokra\u010dujte se sv\u00fdm pr\u016fvodcem k n\u00e1v\u0161t\u011bv\u011b <strong>pyramid v G\u00edze<\/strong> a u\u017eijte si b\u00fdt tak bl\u00edzko sv\u00e9mu \u017eivotn\u00edmu snu. Prozkoum\u00e1te <strong>Cheopsovy pyramidy<\/strong>, <strong>kr\u00e1lovniny pyramidy<\/strong>, <strong>lodn\u00ed j\u00e1my<\/strong> a <strong>hrobky stavitel\u016f pyramid<\/strong>. Tak\u00e9 objev\u00edte slavnou <strong>Sfinu<\/strong>, <strong>mumifika\u010dn\u00ed chr\u00e1m<\/strong>, <strong>Menkaureho pyramidu<\/strong> a <strong>Chafreho pyramidu<\/strong>.<\/p>\n<p>V\u00e1\u0161 pr\u016fvodce v\u00e1m vysv\u011btl\u00ed n\u011bkter\u00e1 tajemstv\u00ed <strong>egyptsk\u00e9 historie<\/strong> a <strong>starov\u011bk\u00e9 egyptsk\u00e9 civilizace<\/strong>.<\/p>\n<p><strong>J\u00eddlo:<\/strong> Sn\u00eddan\u011b, ob\u011bd<\/p>\n<h3><span style=\"color: #ff6600;\">Pozn\u00e1mka:<\/span><\/h3>\n<p><strong>Velk\u00e9 egyptsk\u00e9 muzeum<\/strong> je otev\u0159eno od 9:00 do 21:00 v sobotu a ve st\u0159edu a od 8:30 do 18:00 po zbytek t\u00fddne.<\/p>\n<h3><span style=\"color: #ff6600;\">Cena prohl\u00eddky Velk\u00e9ho egyptsk\u00e9ho muzea a pyramid v G\u00edze z El Gouny<\/span><\/h3>\n<p>Celkov\u00e1 cena 150 $ na osobu<\/p>\n<h3><span style=\"color: #ff6600;\">Rezervace<\/span><\/h3>\n<p>Svou prohl\u00eddku si m\u016f\u017eete rezervovat p\u0159es WhatsApp nebo n\u00e1m poslat e-mail a potvrzen\u00ed obdr\u017e\u00edte na m\u00edst\u011b.<\/p>\n<p>Pros\u00edme, za\u0161lete n\u00e1m n\u00e1zev va\u0161eho hotelu, \u010d\u00edslo pokoje, kopie pas\u016f.<\/p>\n<p><strong>WhatsApp \u010d\u00edslo:<\/strong> +201000852186<\/p>\n<p><strong>E-mail:<\/strong> info@egytourpackages.com<\/p>\n<h3><span style=\"color: #ff6600;\">Rezervujte hned a zapla\u0165te na m\u00edst\u011b<\/span><\/h3>\n<p>Zarezervujte si svou obl\u00edbenou prohl\u00eddku a zapla\u0165te v den v\u00fdletu.<\/p>\n<h3><span style=\"color: #ff6600;\">Platba<\/span><\/h3>\n<p>M\u016f\u017eete platit egyptsk\u00fdmi librami, $, \u20ac nebo \u00a3.<\/p>\n<h3><span style=\"color: #ff6600;\">Storno podm\u00ednky<\/span><\/h3>\n<p>Zru\u0161en\u00ed je zdarma a\u017e 24 hodin p\u0159edem. Zru\u0161en\u00ed r\u00e1no v den z\u00e1jezdu je 50 % z ceny.<\/p>\n","protected":false},"excerpt":{"rendered":"<p>Prozkoumejte V\u00fdlet Velk\u00e9ho egyptsk\u00e9ho muzea a pyramida v G\u00edze z El Gouny | Objevte poklady starov\u011bk\u00e9ho Egypta s pr\u016fvodcem.<\/p>\n","protected":false},"featured_media":3635,"comment_status":"open","ping_status":"closed","template":"","meta":[],"product_brand":[],"product_cat":[1466],"product_tag":[1470,2371],"class_list":{"0":"post-4559","1":"product","2":"type-product","3":"status-publish","4":"has-post-thumbnail","6":"product_cat-vylety","7":"product_tag-jednodenni-vylety-po-egypte","8":"product_tag-vylety-z-el-gouny","9":"tour_category-jednodenni-vylety-po-egypte-cs","10":"tour_category-vylety-do-el-gouny","12":"first","13":"instock","14":"sale","15":"shipping-taxable","16":"purchasable","17":"product-type-tour","18":"has-default-attributes"},"yoast_head":"<!-- This site is optimized with the Yoast SEO Premium plugin v27.4 (Yoast SEO v27.4) - https:\/\/yoast.com\/product\/yoast-seo-premium-wordpress\/ -->\n<title>V\u00fdlet Velk\u00e9ho egyptsk\u00e9ho muzea a pyramida v G\u00edze z El Gouny<\/title>\n<meta name=\"description\" content=\"Prozkoumejte V\u00fdlet Velk\u00e9ho egyptsk\u00e9ho muzea a pyramida v G\u00edze z El Gouny | Objevte poklady starov\u011bk\u00e9ho Egypta s pr\u016fvodcem.\" \/>\n<meta name=\"robots\" content=\"index, follow, max-snippet:-1, max-image-preview:large, max-video-preview:-1\" \/>\n<link rel=\"canonical\" href=\"https:\/\/egytourpackages.com\/cs\/prohlidky\/vylet-velkeho-egyptskeho-muzea-a-pyramida-v-gize-z-el-gouny\/\" \/>\n<meta property=\"og:locale\" content=\"cs_CZ\" \/>\n<meta property=\"og:type\" content=\"article\" \/>\n<meta property=\"og:title\" content=\"V\u00fdlet Velk\u00e9ho egyptsk\u00e9ho muzea a pyramida v G\u00edze z El Gouny\" \/>\n<meta property=\"og:description\" content=\"Prozkoumejte V\u00fdlet Velk\u00e9ho egyptsk\u00e9ho muzea a pyramida v G\u00edze z El Gouny.Objevte poklady starov\u011bk\u00e9ho Egypta s pr\u016fvodcem.\" \/>\n<meta property=\"og:url\" content=\"https:\/\/egytourpackages.com\/cs\/prohlidky\/vylet-velkeho-egyptskeho-muzea-a-pyramida-v-gize-z-el-gouny\/\" \/>\n<meta property=\"og:site_name\" content=\"Z\u00e1jezdy po Egypt\u011b\" \/>\n<meta property=\"article:publisher\" content=\"https:\/\/www.facebook.com\/egytourpackages\" \/>\n<meta property=\"article:modified_time\" content=\"2026-01-04T19:48:30+00:00\" \/>\n<meta property=\"og:image\" content=\"https:\/\/egytourpackages.com\/wp-content\/uploads\/2025\/05\/Soldiers-from-GEM-1024x473.jpeg\" \/>\n<meta name=\"twitter:card\" content=\"summary_large_image\" \/>\n<meta name=\"twitter:title\" content=\"V\u00fdlet Velk\u00e9ho egyptsk\u00e9ho muzea a pyramida v G\u00edze z El Gouny\" \/>\n<meta name=\"twitter:label1\" content=\"Cena\" \/>\n\t<meta name=\"twitter:data1\" content=\"&euro;150\" \/>\n\t<meta name=\"twitter:label2\" content=\"Dostupnost\" \/>\n\t<meta name=\"twitter:data2\" content=\"Skladem\" \/>\n<script type=\"application\/ld+json\" class=\"yoast-schema-graph\">{\"@context\":\"https:\\\/\\\/schema.org\",\"@graph\":[{\"@type\":\"WebPage\",\"@id\":\"https:\\\/\\\/egytourpackages.com\\\/cs\\\/prohlidky\\\/vylet-velkeho-egyptskeho-muzea-a-pyramida-v-gize-z-el-gouny\\\/\",\"url\":\"https:\\\/\\\/egytourpackages.com\\\/cs\\\/prohlidky\\\/vylet-velkeho-egyptskeho-muzea-a-pyramida-v-gize-z-el-gouny\\\/\",\"name\":\"V\u00fdlet Velk\u00e9ho egyptsk\u00e9ho muzea a pyramida v G\u00edze z El Gouny\",\"isPartOf\":{\"@id\":\"https:\\\/\\\/egytourpackages.com\\\/cs\\\/#website\"},\"primaryImageOfPage\":{\"@id\":\"https:\\\/\\\/egytourpackages.com\\\/cs\\\/prohlidky\\\/vylet-velkeho-egyptskeho-muzea-a-pyramida-v-gize-z-el-gouny\\\/#primaryimage\"},\"image\":{\"@id\":\"https:\\\/\\\/egytourpackages.com\\\/cs\\\/prohlidky\\\/vylet-velkeho-egyptskeho-muzea-a-pyramida-v-gize-z-el-gouny\\\/#primaryimage\"},\"thumbnailUrl\":\"https:\\\/\\\/egytourpackages.com\\\/wp-content\\\/uploads\\\/2025\\\/05\\\/Soldiers-from-GEM.jpeg\",\"datePublished\":\"2025-05-23T18:46:29+00:00\",\"dateModified\":\"2026-01-04T19:48:30+00:00\",\"description\":\"Prozkoumejte V\u00fdlet Velk\u00e9ho egyptsk\u00e9ho muzea a pyramida v G\u00edze z El Gouny | Objevte poklady starov\u011bk\u00e9ho Egypta s pr\u016fvodcem.\",\"breadcrumb\":{\"@id\":\"https:\\\/\\\/egytourpackages.com\\\/cs\\\/prohlidky\\\/vylet-velkeho-egyptskeho-muzea-a-pyramida-v-gize-z-el-gouny\\\/#breadcrumb\"},\"inLanguage\":\"cs\",\"potentialAction\":[{\"@type\":\"ReadAction\",\"target\":[\"https:\\\/\\\/egytourpackages.com\\\/cs\\\/prohlidky\\\/vylet-velkeho-egyptskeho-muzea-a-pyramida-v-gize-z-el-gouny\\\/\"]}]},{\"@type\":\"ImageObject\",\"inLanguage\":\"cs\",\"@id\":\"https:\\\/\\\/egytourpackages.com\\\/cs\\\/prohlidky\\\/vylet-velkeho-egyptskeho-muzea-a-pyramida-v-gize-z-el-gouny\\\/#primaryimage\",\"url\":\"https:\\\/\\\/egytourpackages.com\\\/wp-content\\\/uploads\\\/2025\\\/05\\\/Soldiers-from-GEM.jpeg\",\"contentUrl\":\"https:\\\/\\\/egytourpackages.com\\\/wp-content\\\/uploads\\\/2025\\\/05\\\/Soldiers-from-GEM.jpeg\",\"width\":1800,\"height\":831,\"caption\":\"V\u00fdlet Velk\u00e9ho egyptsk\u00e9ho muzea a pyramida v G\u00edze z El Gouny\"},{\"@type\":\"BreadcrumbList\",\"@id\":\"https:\\\/\\\/egytourpackages.com\\\/cs\\\/prohlidky\\\/vylet-velkeho-egyptskeho-muzea-a-pyramida-v-gize-z-el-gouny\\\/#breadcrumb\",\"itemListElement\":[{\"@type\":\"ListItem\",\"position\":1,\"name\":\"Dom\u016f\",\"item\":\"https:\\\/\\\/egytourpackages.com\\\/cs\\\/balicky-vyletu-po-egypte\\\/\"},{\"@type\":\"ListItem\",\"position\":2,\"name\":\"Shop\",\"item\":\"https:\\\/\\\/egytourpackages.com\\\/cs\\\/shop\\\/\"},{\"@type\":\"ListItem\",\"position\":3,\"name\":\"V\u00fdlet Velk\u00e9ho egyptsk\u00e9ho muzea a pyramida v G\u00edze z El Gouny\"}]},{\"@type\":\"WebSite\",\"@id\":\"https:\\\/\\\/egytourpackages.com\\\/cs\\\/#website\",\"url\":\"https:\\\/\\\/egytourpackages.com\\\/cs\\\/\",\"name\":\"Egy tour packages\",\"description\":\"\",\"publisher\":{\"@id\":\"https:\\\/\\\/egytourpackages.com\\\/cs\\\/#organization\"},\"potentialAction\":[{\"@type\":\"SearchAction\",\"target\":{\"@type\":\"EntryPoint\",\"urlTemplate\":\"https:\\\/\\\/egytourpackages.com\\\/cs\\\/?s={search_term_string}\"},\"query-input\":{\"@type\":\"PropertyValueSpecification\",\"valueRequired\":true,\"valueName\":\"search_term_string\"}}],\"inLanguage\":\"cs\"},{\"@type\":[\"Organization\",\"Place\",\"TravelAgency\"],\"@id\":\"https:\\\/\\\/egytourpackages.com\\\/cs\\\/#organization\",\"name\":\"egypt tour packages\",\"alternateName\":\"egypt tour packages\",\"url\":\"https:\\\/\\\/egytourpackages.com\\\/cs\\\/\",\"logo\":{\"@id\":\"https:\\\/\\\/egytourpackages.com\\\/cs\\\/prohlidky\\\/vylet-velkeho-egyptskeho-muzea-a-pyramida-v-gize-z-el-gouny\\\/#local-main-organization-logo\"},\"image\":{\"@id\":\"https:\\\/\\\/egytourpackages.com\\\/cs\\\/prohlidky\\\/vylet-velkeho-egyptskeho-muzea-a-pyramida-v-gize-z-el-gouny\\\/#local-main-organization-logo\"},\"sameAs\":[\"https:\\\/\\\/www.facebook.com\\\/egytourpackages\"],\"legalName\":\"Egy tour packages\",\"address\":{\"@id\":\"https:\\\/\\\/egytourpackages.com\\\/cs\\\/prohlidky\\\/vylet-velkeho-egyptskeho-muzea-a-pyramida-v-gize-z-el-gouny\\\/#local-main-place-address\"},\"telephone\":[\"00201000852186\",\"00201028685533\"],\"contactPoint\":{\"@type\":\"ContactPoint\",\"telephone\":\"00201000852186\"},\"openingHoursSpecification\":[{\"@type\":\"OpeningHoursSpecification\",\"dayOfWeek\":[\"Monday\",\"Tuesday\",\"Wednesday\",\"Thursday\",\"Friday\",\"Saturday\",\"Sunday\"],\"opens\":\"00:00\",\"closes\":\"23:59\"}],\"email\":\"info@egytourpackages.com\",\"areaServed\":\"Cairo, Hurghada, Luxor, Sharm El Sheikh, Marsa Alam, Aswan\",\"priceRange\":\"$\",\"currenciesAccepted\":\"euro\",\"paymentAccepted\":\"Payment links online\"},{\"@type\":\"PostalAddress\",\"@id\":\"https:\\\/\\\/egytourpackages.com\\\/cs\\\/prohlidky\\\/vylet-velkeho-egyptskeho-muzea-a-pyramida-v-gize-z-el-gouny\\\/#local-main-place-address\",\"streetAddress\":\"Mubarak 8, Al Kawthar District, Hurghada\",\"addressLocality\":\"Hurghada\",\"postalCode\":\"84511\",\"addressRegion\":\"Red Sea\",\"addressCountry\":\"EG\"},{\"@type\":\"ImageObject\",\"inLanguage\":\"cs\",\"@id\":\"https:\\\/\\\/egytourpackages.com\\\/cs\\\/prohlidky\\\/vylet-velkeho-egyptskeho-muzea-a-pyramida-v-gize-z-el-gouny\\\/#local-main-organization-logo\",\"url\":\"https:\\\/\\\/egytourpackages.com\\\/wp-content\\\/uploads\\\/2025\\\/12\\\/Turquoise-Dahabiya-Nile-Cruise-1.jpeg\",\"contentUrl\":\"https:\\\/\\\/egytourpackages.com\\\/wp-content\\\/uploads\\\/2025\\\/12\\\/Turquoise-Dahabiya-Nile-Cruise-1.jpeg\",\"width\":1040,\"height\":694,\"caption\":\"egypt tour packages\"}]}<\/script>\n<meta property=\"product:brand\" content=\"Jednodenn\u00ed v\u00fdlety po Egypt\u011b\" \/>\n<meta property=\"product:price:amount\" content=\"150\" \/>\n<meta property=\"product:price:currency\" content=\"EUR\" \/>\n<meta property=\"og:availability\" content=\"instock\" \/>\n<meta property=\"product:availability\" content=\"instock\" \/>\n<meta property=\"product:retailer_item_id\" content=\"GDT07\" \/>\n<meta property=\"product:condition\" content=\"new\" \/>\n<meta name=\"geo.placename\" content=\"Hurghada\" \/>\n<meta name=\"geo.region\" content=\"Egypt\" \/>\n<!-- \/ Yoast SEO Premium plugin. -->","yoast_head_json":{"title":"V\u00fdlet Velk\u00e9ho egyptsk\u00e9ho muzea a pyramida v G\u00edze z El Gouny","description":"Prozkoumejte V\u00fdlet Velk\u00e9ho egyptsk\u00e9ho muzea a pyramida v G\u00edze z El Gouny | Objevte poklady starov\u011bk\u00e9ho Egypta s pr\u016fvodcem.","robots":{"index":"index","follow":"follow","max-snippet":"max-snippet:-1","max-image-preview":"max-image-preview:large","max-video-preview":"max-video-preview:-1"},"canonical":"https:\/\/egytourpackages.com\/cs\/prohlidky\/vylet-velkeho-egyptskeho-muzea-a-pyramida-v-gize-z-el-gouny\/","og_locale":"cs_CZ","og_type":"article","og_title":"V\u00fdlet Velk\u00e9ho egyptsk\u00e9ho muzea a pyramida v G\u00edze z El Gouny","og_description":"Prozkoumejte V\u00fdlet Velk\u00e9ho egyptsk\u00e9ho muzea a pyramida v G\u00edze z El Gouny.Objevte poklady starov\u011bk\u00e9ho Egypta s pr\u016fvodcem.","og_url":"https:\/\/egytourpackages.com\/cs\/prohlidky\/vylet-velkeho-egyptskeho-muzea-a-pyramida-v-gize-z-el-gouny\/","og_site_name":"Z\u00e1jezdy po Egypt\u011b","article_publisher":"https:\/\/www.facebook.com\/egytourpackages","article_modified_time":"2026-01-04T19:48:30+00:00","og_image":[{"url":"https:\/\/egytourpackages.com\/wp-content\/uploads\/2025\/05\/Soldiers-from-GEM-1024x473.jpeg","type":"","width":"","height":""}],"twitter_card":"summary_large_image","twitter_title":"V\u00fdlet Velk\u00e9ho egyptsk\u00e9ho muzea a pyramida v G\u00edze z El Gouny","twitter_misc":{"Cena":"&euro;150","Dostupnost":"Skladem"},"schema":{"@context":"https:\/\/schema.org","@graph":[{"@type":"WebPage","@id":"https:\/\/egytourpackages.com\/cs\/prohlidky\/vylet-velkeho-egyptskeho-muzea-a-pyramida-v-gize-z-el-gouny\/","url":"https:\/\/egytourpackages.com\/cs\/prohlidky\/vylet-velkeho-egyptskeho-muzea-a-pyramida-v-gize-z-el-gouny\/","name":"V\u00fdlet Velk\u00e9ho egyptsk\u00e9ho muzea a pyramida v G\u00edze z El Gouny","isPartOf":{"@id":"https:\/\/egytourpackages.com\/cs\/#website"},"primaryImageOfPage":{"@id":"https:\/\/egytourpackages.com\/cs\/prohlidky\/vylet-velkeho-egyptskeho-muzea-a-pyramida-v-gize-z-el-gouny\/#primaryimage"},"image":{"@id":"https:\/\/egytourpackages.com\/cs\/prohlidky\/vylet-velkeho-egyptskeho-muzea-a-pyramida-v-gize-z-el-gouny\/#primaryimage"},"thumbnailUrl":"https:\/\/egytourpackages.com\/wp-content\/uploads\/2025\/05\/Soldiers-from-GEM.jpeg","datePublished":"2025-05-23T18:46:29+00:00","dateModified":"2026-01-04T19:48:30+00:00","description":"Prozkoumejte V\u00fdlet Velk\u00e9ho egyptsk\u00e9ho muzea a pyramida v G\u00edze z El Gouny | Objevte poklady starov\u011bk\u00e9ho Egypta s pr\u016fvodcem.","breadcrumb":{"@id":"https:\/\/egytourpackages.com\/cs\/prohlidky\/vylet-velkeho-egyptskeho-muzea-a-pyramida-v-gize-z-el-gouny\/#breadcrumb"},"inLanguage":"cs","potentialAction":[{"@type":"ReadAction","target":["https:\/\/egytourpackages.com\/cs\/prohlidky\/vylet-velkeho-egyptskeho-muzea-a-pyramida-v-gize-z-el-gouny\/"]}]},{"@type":"ImageObject","inLanguage":"cs","@id":"https:\/\/egytourpackages.com\/cs\/prohlidky\/vylet-velkeho-egyptskeho-muzea-a-pyramida-v-gize-z-el-gouny\/#primaryimage","url":"https:\/\/egytourpackages.com\/wp-content\/uploads\/2025\/05\/Soldiers-from-GEM.jpeg","contentUrl":"https:\/\/egytourpackages.com\/wp-content\/uploads\/2025\/05\/Soldiers-from-GEM.jpeg","width":1800,"height":831,"caption":"V\u00fdlet Velk\u00e9ho egyptsk\u00e9ho muzea a pyramida v G\u00edze z El Gouny"},{"@type":"BreadcrumbList","@id":"https:\/\/egytourpackages.com\/cs\/prohlidky\/vylet-velkeho-egyptskeho-muzea-a-pyramida-v-gize-z-el-gouny\/#breadcrumb","itemListElement":[{"@type":"ListItem","position":1,"name":"Dom\u016f","item":"https:\/\/egytourpackages.com\/cs\/balicky-vyletu-po-egypte\/"},{"@type":"ListItem","position":2,"name":"Shop","item":"https:\/\/egytourpackages.com\/cs\/shop\/"},{"@type":"ListItem","position":3,"name":"V\u00fdlet Velk\u00e9ho egyptsk\u00e9ho muzea a pyramida v G\u00edze z El Gouny"}]},{"@type":"WebSite","@id":"https:\/\/egytourpackages.com\/cs\/#website","url":"https:\/\/egytourpackages.com\/cs\/","name":"Egy tour packages","description":"","publisher":{"@id":"https:\/\/egytourpackages.com\/cs\/#organization"},"potentialAction":[{"@type":"SearchAction","target":{"@type":"EntryPoint","urlTemplate":"https:\/\/egytourpackages.com\/cs\/?s={search_term_string}"},"query-input":{"@type":"PropertyValueSpecification","valueRequired":true,"valueName":"search_term_string"}}],"inLanguage":"cs"},{"@type":["Organization","Place","TravelAgency"],"@id":"https:\/\/egytourpackages.com\/cs\/#organization","name":"egypt tour packages","alternateName":"egypt tour packages","url":"https:\/\/egytourpackages.com\/cs\/","logo":{"@id":"https:\/\/egytourpackages.com\/cs\/prohlidky\/vylet-velkeho-egyptskeho-muzea-a-pyramida-v-gize-z-el-gouny\/#local-main-organization-logo"},"image":{"@id":"https:\/\/egytourpackages.com\/cs\/prohlidky\/vylet-velkeho-egyptskeho-muzea-a-pyramida-v-gize-z-el-gouny\/#local-main-organization-logo"},"sameAs":["https:\/\/www.facebook.com\/egytourpackages"],"legalName":"Egy tour packages","address":{"@id":"https:\/\/egytourpackages.com\/cs\/prohlidky\/vylet-velkeho-egyptskeho-muzea-a-pyramida-v-gize-z-el-gouny\/#local-main-place-address"},"telephone":["00201000852186","00201028685533"],"contactPoint":{"@type":"ContactPoint","telephone":"00201000852186"},"openingHoursSpecification":[{"@type":"OpeningHoursSpecification","dayOfWeek":["Monday","Tuesday","Wednesday","Thursday","Friday","Saturday","Sunday"],"opens":"00:00","closes":"23:59"}],"email":"info@egytourpackages.com","areaServed":"Cairo, Hurghada, Luxor, Sharm El Sheikh, Marsa Alam, Aswan","priceRange":"$","currenciesAccepted":"euro","paymentAccepted":"Payment links online"},{"@type":"PostalAddress","@id":"https:\/\/egytourpackages.com\/cs\/prohlidky\/vylet-velkeho-egyptskeho-muzea-a-pyramida-v-gize-z-el-gouny\/#local-main-place-address","streetAddress":"Mubarak 8, Al Kawthar District, Hurghada","addressLocality":"Hurghada","postalCode":"84511","addressRegion":"Red Sea","addressCountry":"EG"},{"@type":"ImageObject","inLanguage":"cs","@id":"https:\/\/egytourpackages.com\/cs\/prohlidky\/vylet-velkeho-egyptskeho-muzea-a-pyramida-v-gize-z-el-gouny\/#local-main-organization-logo","url":"https:\/\/egytourpackages.com\/wp-content\/uploads\/2025\/12\/Turquoise-Dahabiya-Nile-Cruise-1.jpeg","contentUrl":"https:\/\/egytourpackages.com\/wp-content\/uploads\/2025\/12\/Turquoise-Dahabiya-Nile-Cruise-1.jpeg","width":1040,"height":694,"caption":"egypt tour packages"}]},"product_brand":"Jednodenn\u00ed v\u00fdlety po Egypt\u011b","product_price_amount":"150","product_price_currency":"EUR","og_availability":"instock","product_availability":"instock","product_retailer_item_id":"GDT07","product_condition":"new","geo.placename":"Hurghada","geo.region":"Egypt"},"_links":{"self":[{"href":"https:\/\/egytourpackages.com\/cs\/wp-json\/wp\/v2\/product\/4559","targetHints":{"allow":["GET"]}}],"collection":[{"href":"https:\/\/egytourpackages.com\/cs\/wp-json\/wp\/v2\/product"}],"about":[{"href":"https:\/\/egytourpackages.com\/cs\/wp-json\/wp\/v2\/types\/product"}],"replies":[{"embeddable":true,"href":"https:\/\/egytourpackages.com\/cs\/wp-json\/wp\/v2\/comments?post=4559"}],"wp:featuredmedia":[{"embeddable":true,"href":"https:\/\/egytourpackages.com\/cs\/wp-json\/wp\/v2\/media\/3635"}],"wp:attachment":[{"href":"https:\/\/egytourpackages.com\/cs\/wp-json\/wp\/v2\/media?parent=4559"}],"wp:term":[{"taxonomy":"product_brand","embeddable":true,"href":"https:\/\/egytourpackages.com\/cs\/wp-json\/wp\/v2\/product_brand?post=4559"},{"taxonomy":"product_cat","embeddable":true,"href":"https:\/\/egytourpackages.com\/cs\/wp-json\/wp\/v2\/product_cat?post=4559"},{"taxonomy":"product_tag","embeddable":true,"href":"https:\/\/egytourpackages.com\/cs\/wp-json\/wp\/v2\/product_tag?post=4559"}],"curies":[{"name":"wp","href":"https:\/\/api.w.org\/{rel}","templated":true}]}}