{"id":4560,"date":"2023-08-25T17:32:41","date_gmt":"2023-08-25T17:32:41","guid":{"rendered":"https:\/\/egytourpackages.com\/product\/vychodni-a-zapadni-breh-soukroma-celodenni\/"},"modified":"2026-01-09T12:05:57","modified_gmt":"2026-01-09T12:05:57","slug":"vychodni-a-zapadni-breh-soukroma-celodenni","status":"publish","type":"product","link":"https:\/\/egytourpackages.com\/cs\/prohlidky\/vychodni-a-zapadni-breh-soukroma-celodenni\/","title":{"rendered":"V\u00fdchodn\u00ed a z\u00e1padn\u00ed b\u0159eh Soukrom\u00e1 celodenn\u00ed"},"content":{"rendered":"<p><span style=\"color: #ff6600;\"><strong>V\u00fdchodn\u00ed a z\u00e1padn\u00ed b\u0159eh Soukrom\u00e1 celodenn\u00ed | Nejlep\u0161\u00ed z\u00e1jezdy do Egypta<\/strong><\/span><\/p>\n<p>Rezervujte si sv\u016fj V\u00fdchodn\u00ed a z\u00e1padn\u00ed b\u0159eh Soukrom\u00e1 celodenn\u00ed\u00a0a objevte \u00fa\u017easnou <strong>starov\u011bkou egyptskou civilizaci<\/strong> s <strong>Egypt tour packages<\/strong>. Prozkoumejte <strong>\u00dadol\u00ed kr\u00e1l\u016f<\/strong> v\u010detn\u011b <strong>Tutanchamonovy hrobky<\/strong>, <strong>z\u00e1du\u0161n\u00edho chr\u00e1mu Hat\u0161epsut<\/strong>, <strong>Memnonov\u00fdch kolos\u016f<\/strong> a zakon\u010dete <strong>Karnaksk\u00fdm chr\u00e1mem<\/strong>. B\u011bhem va\u0161ich <strong>jednodenn\u00edch z\u00e1jezd\u016f po Egypt\u011b<\/strong> se dozv\u00edte o <strong>starov\u011bk\u00e9m egyptsk\u00e9m n\u00e1bo\u017eenstv\u00ed<\/strong> z reli\u00e9f\u016f na st\u011bn\u00e1ch chr\u00e1m\u016f a hrobek. Tak\u00e9 o <strong>zem\u011bd\u011blstv\u00ed ve starov\u011bk\u00e9m Egypt\u011b<\/strong>, <strong>hudb\u011b a tanci<\/strong> a obchodov\u00e1n\u00ed se zahrani\u010dn\u00edmi zem\u011bmi. B\u011bhem va\u0161ich <strong>jednodenn\u00edch z\u00e1jezd\u016f po Luxoru<\/strong> projdete kolem n\u011bkter\u00fdch zaj\u00edmavost\u00ed, kter\u00e9 stoj\u00ed za n\u00e1v\u0161t\u011bvu, jako jsou <strong>hrobky \u0161lechtic\u016f<\/strong>, <strong>Ramesseum<\/strong>, <strong>chr\u00e1m Habu<\/strong> a <strong>\u00dadol\u00ed kr\u00e1loven<\/strong>.<\/p>\n<h3><span style=\"color: #ff6600;\">Detaily z\u00e1jezdu<\/span><\/h3>\n<ul>\n<li><strong>D\u00e9lka trv\u00e1n\u00ed:<\/strong> 1 den<\/li>\n<li><strong>M\u00edsto z\u00e1jezdu:<\/strong> Luxor, v\u00fdchodn\u00ed b\u0159eh \/ Luxor, z\u00e1padn\u00ed b\u0159eh<\/li>\n<li><strong>Dostupnost z\u00e1jezdu:<\/strong> Ka\u017ed\u00fd den<\/li>\n<li><strong>Vyzvednut\u00ed a odvoz:<\/strong> V\u00e1\u0161 hotel v Luxoru \/ plavba po Nilu<\/li>\n<li><strong>Typ z\u00e1jezdu:<\/strong> Soukrom\u00fd<\/li>\n<li><strong>Bezbari\u00e9rov\u00fd p\u0159\u00edstup:<\/strong> Ano<\/li>\n<\/ul>\n<h3><span style=\"color: #ff6600;\">Hlavn\u00ed body z\u00e1jezdu<\/span><\/h3>\n<ul>\n<li>Karnaksk\u00fd chr\u00e1m boha Amona<\/li>\n<li>Posv\u00e1tn\u00e1 lo\u010f (bark) Ramesse III.<\/li>\n<li>\u00dadol\u00ed kr\u00e1l\u016f<\/li>\n<li>Z\u00e1du\u0161n\u00ed chr\u00e1m Hat\u0161epsut<\/li>\n<li>Memnonovy kolosy<\/li>\n<\/ul>\n<h3><span style=\"color: #ff6600;\">Zahrnuto v cen\u011b<\/span><\/h3>\n<ul>\n<li>Zp\u00e1te\u010dn\u00ed transfer soukrom\u00fdm, nov\u00fdm vozidlem<\/li>\n<li>Odborn\u00fd pr\u016fvodce &#8211; egyptolog<\/li>\n<li>Vstupn\u00e9 na v\u0161echny pam\u00e1tky<\/li>\n<li>Ob\u011bd v m\u00edstn\u00ed restauraci<\/li>\n<\/ul>\n<h3><span style=\"color: #ff6600;\">Nen\u00ed zahrnuto v cen\u011b<\/span><\/h3>\n<ul>\n<li>N\u00e1poje b\u011bhem ob\u011bda<\/li>\n<li>Vstupn\u00e9 do <strong>Tutanchamonovy hrobky<\/strong>, <strong>hrobky Ramesse VI.<\/strong>, <strong>hrobky Seta I.<\/strong><\/li>\n<li>Spropitn\u00e9<\/li>\n<\/ul>\n<h3><span style=\"color: #ff6600;\">Co si zabalit<\/span><\/h3>\n<ul>\n<li>Klobouk, slune\u010dn\u00ed br\u00fdle a opalovac\u00ed kr\u00e9m<\/li>\n<li>Pohodln\u00e9 boty a oble\u010den\u00ed<\/li>\n<\/ul>\n<h2><span style=\"color: #ff6600;\">Itiner\u00e1\u0159<\/span><\/h2>\n<p>Va\u0161e <strong>prohl\u00eddka Luxoru: V\u00fdchodn\u00ed a Z\u00e1padn\u00ed b\u0159eh<\/strong> za\u010d\u00edn\u00e1 po sn\u00eddani ve va\u0161em hotelu, odkud se vyd\u00e1te k n\u011bkter\u00fdm z nejlep\u0161\u00edch <strong>turistick\u00fdch atrakc\u00ed Luxoru<\/strong>. Va\u0161e <strong>jednodenn\u00ed z\u00e1jezdy po Luxoru<\/strong> za\u010dnete na z\u00e1padn\u00edm b\u0159ehu Luxoru, kde nav\u0161t\u00edv\u00edte \u00fa\u017easn\u00e9 <strong>\u00dadol\u00ed kr\u00e1l\u016f<\/strong>.<\/p>\n<h3><span style=\"color: #ff6600;\">\u00dadol\u00ed kr\u00e1l\u016f<\/span><\/h3>\n<p>Vlastn\u011b, \u00dadol\u00ed kr\u00e1l\u016f je m\u00edstem, kde byli poh\u0159beni faraoni Osmn\u00e1ct\u00e9, Devaten\u00e1ct\u00e9 a Dvac\u00e1t\u00e9 dynastie. \u00dadol\u00ed m\u00e1 tak\u00e9 hrobku slavn\u00e9ho <strong>Tutanchamona<\/strong>. B\u011bhem prohl\u00eddky si m\u016f\u017eete vybrat 3 hrobky k n\u00e1v\u0161t\u011bv\u011b, nap\u0159\u00edklad hrobku kr\u00e1le Ramesse V., hrobku kr\u00e1le Ramesse I., hrobku kr\u00e1le Ramesse X., hrobku kr\u00e1le Ramesse XI. a hrobku kr\u00e1le Ramesse III. Krom\u011b toho m\u016f\u017eete na st\u011bn\u00e1ch hrobek vid\u011bt n\u00e1bo\u017eensk\u00e9 knihy jako <strong>Knihu mrtv\u00fdch<\/strong>, <strong>Knihu dne<\/strong>, <strong>Knihu noci<\/strong>, <strong>Knihu nebesk\u00e9 kr\u00e1vy<\/strong>, <strong>Knihu jeskyn\u00ed<\/strong> a <strong>Knihu Imyduatu<\/strong>.<\/p>\n<h3><span style=\"color: #ff6600;\">Z\u00e1du\u0161n\u00ed chr\u00e1m Hat\u0161epsut<\/span><\/h3>\n<p>N\u00e1v\u0161t\u011bva <strong>chr\u00e1mu Hat\u0161epsut<\/strong> v\u00e1m uk\u00e1\u017ee roli \u017een ve starov\u011bk\u00e9m Egypt\u011b a ka\u017edodenn\u00ed \u017eivot zobrazen\u00fd na st\u011bn\u00e1ch. Krom\u011b toho se dozv\u00edte zaj\u00edmav\u00e9 p\u0159\u00edb\u011bhy, jako je <strong>expedice do Puntu<\/strong>, <strong>bo\u017esk\u00e9 zrozen\u00ed<\/strong> a <strong>\u0159ez\u00e1n\u00ed obelisk\u016f<\/strong>. Mezi hlavn\u00ed body chr\u00e1mu v Deir El Bahari pat\u0159\u00ed tak\u00e9 <strong>kaple Hathor<\/strong>, <strong>kaple Anubise<\/strong> a <strong>kaple Amona<\/strong>.<\/p>\n<h3><span style=\"color: #ff6600;\">Memnonovy kolosy<\/span><\/h3>\n<p>Dv\u011b obrovsk\u00e9 sochy Amenhotepa III. zdobily jeho z\u00e1du\u0161n\u00ed chr\u00e1m na z\u00e1padn\u00edm b\u0159ehu Luxoru.<\/p>\n<h3><span style=\"color: #ff6600;\">Karnaksk\u00fd chr\u00e1m<\/span><\/h3>\n<p><strong>Karnaksk\u00fd chr\u00e1m<\/strong> byl zasv\u011bcen bohu Amonovi, jeho man\u017eelce bohyni Mut a jejich synovi bohu Khonsuovi. Karnak obsahuje \u00fa\u017easn\u00e9 informace o faraonech starov\u011bk\u00e9ho Egypta z <strong>Karnack\u00e9ho ka\u0148onu<\/strong>. N\u00e1st\u011bnn\u00e9 reli\u00e9fy tak\u00e9 vysv\u011btluj\u00ed ka\u017edodenn\u00ed ritu\u00e1ly v egyptsk\u00fdch chr\u00e1mech, v\u00e1lky ve starov\u011bk\u00e9m Egypt\u011b a <strong>starov\u011bk\u00e9 egyptsk\u00e9 n\u00e1bo\u017eenstv\u00ed<\/strong>. Ve skute\u010dnosti je v Karnaku mnoho k n\u00e1v\u0161t\u011bv\u011b, jako je <strong>Hypostylov\u00e1 s\u00ed\u0148<\/strong>, <strong>Posv\u00e1tn\u00e9 jezero<\/strong>, <strong>Obelisk<\/strong>, <strong>chr\u00e1m Ptaha<\/strong>, <strong>\u010cerven\u00e1 kaple<\/strong>, <strong>B\u00edl\u00e1 kaple<\/strong> a <strong>Botanick\u00e1 zahrada<\/strong>.<\/p>\n<p>Na konci va\u0161\u00ed <strong>prohl\u00eddky Luxoru: V\u00fdchodn\u00ed a Z\u00e1padn\u00ed b\u0159eh<\/strong> v\u00e1s odvezeme zp\u011bt do va\u0161eho hotelu jako sou\u010d\u00e1st <strong>jednodenn\u00edch z\u00e1jezd\u016f po Luxoru<\/strong>.<\/p>\n<h3><span style=\"color: #ff6600;\">Cena V\u00fdchodn\u00ed a z\u00e1padn\u00ed b\u0159eh Soukrom\u00e1 celodenn\u00ed<\/span><\/h3>\n<ul>\n<li><strong>Cena pro dosp\u011bl\u00e9:<\/strong> 90 \u20ac<\/li>\n<li><strong>D\u011bti 0-5 let:<\/strong> zdarma<\/li>\n<li><strong>D\u011bti 5-11 let:<\/strong> 50 % z ceny pro dosp\u011bl\u00e9<\/li>\n<\/ul>\n<h3><span style=\"color: #ff6600;\">Rezervace<\/span><\/h3>\n<p>Svou prohl\u00eddku si m\u016f\u017eete rezervovat p\u0159es WhatsApp nebo n\u00e1m poslat e-mail a potvrzen\u00ed obdr\u017e\u00edte na m\u00edst\u011b.<\/p>\n<p>Pros\u00edm, za\u0161lete n\u00e1m n\u00e1zev va\u0161eho hotelu, \u010d\u00edslo pokoje, kopie pas\u016f.<\/p>\n<p><strong>WhatsApp:<\/strong> +201126482446<\/p>\n<p><strong>E-mail:<\/strong> info@egytourpackages.com<\/p>\n<h3><span style=\"color: #ff6600;\">Rezervujte hned a zapla\u0165te na m\u00edst\u011b<\/span><\/h3>\n<p>Zarezervujte si svou obl\u00edbenou prohl\u00eddku a zapla\u0165te v den v\u00fdletu.<\/p>\n<h3><span style=\"color: #ff6600;\">Platba<\/span><\/h3>\n<p>M\u016f\u017eete platit egyptsk\u00fdmi librami, $, \u20ac nebo \u00a3.<\/p>\n<h3><span style=\"color: #ff6600;\">Storno podm\u00ednky<\/span><\/h3>\n<p>Zru\u0161en\u00ed je zdarma a\u017e 24 hodin p\u0159edem. Zru\u0161en\u00ed r\u00e1no v den z\u00e1jezdu je 50 % z ceny.<\/p>\n","protected":false},"excerpt":{"rendered":"<p>Objevte V\u00fdchodn\u00ed a z\u00e1padn\u00ed b\u0159eh Soukrom\u00e1 celodenn\u00ed. Prozkoumejte \u00dadol\u00ed kr\u00e1l\u016f, chr\u00e1my a kolosy s egyptologem.Rezervujte si sv\u016fj z\u00e1jezd hned te\u010f!<\/p>\n","protected":false},"featured_media":2962,"comment_status":"open","ping_status":"closed","template":"","meta":[],"product_brand":[],"product_cat":[1466],"product_tag":[1467,2395],"class_list":{"0":"post-4560","1":"product","2":"type-product","3":"status-publish","4":"has-post-thumbnail","6":"product_cat-vylety","7":"product_tag-chram-v-karnaku","8":"product_tag-luxor-vychodni-breh","9":"tour_category-jednodenni-vylet-do-luxoru","10":"tour_category-jednodenni-vylety-po-egypte-cs","12":"first","13":"instock","14":"sale","15":"shipping-taxable","16":"purchasable","17":"product-type-tour","18":"has-default-attributes"},"yoast_head":"<!-- This site is optimized with the Yoast SEO Premium plugin v27.4 (Yoast SEO v27.4) - https:\/\/yoast.com\/product\/yoast-seo-premium-wordpress\/ -->\n<title>V\u00fdchodn\u00ed a z\u00e1padn\u00ed b\u0159eh Soukrom\u00e1 celodenn\u00ed<\/title>\n<meta name=\"description\" content=\"Objevte V\u00fdchodn\u00ed a z\u00e1padn\u00ed b\u0159eh Soukrom\u00e1 celodenn\u00ed. Prozkoumejte \u00dadol\u00ed kr\u00e1l\u016f, chr\u00e1my a kolosy s egyptologem.Rezervujte si sv\u016fj z\u00e1jezd hned te\u010f!\" \/>\n<meta name=\"robots\" content=\"index, follow, max-snippet:-1, max-image-preview:large, max-video-preview:-1\" \/>\n<link rel=\"canonical\" href=\"https:\/\/egytourpackages.com\/cs\/prohlidky\/vychodni-a-zapadni-breh-soukroma-celodenni\/\" \/>\n<meta property=\"og:locale\" content=\"cs_CZ\" \/>\n<meta property=\"og:type\" content=\"article\" \/>\n<meta property=\"og:title\" content=\"V\u00fdchodn\u00ed a z\u00e1padn\u00ed b\u0159eh Soukrom\u00e1 celodenn\u00ed\" \/>\n<meta property=\"og:description\" content=\"Objevte V\u00fdchodn\u00ed a z\u00e1padn\u00ed b\u0159eh Soukrom\u00e1 celodenn\u00ed. Prozkoumejte \u00dadol\u00ed kr\u00e1l\u016f, chr\u00e1my a kolosy s egyptologem.Rezervujte si sv\u016fj z\u00e1jezd hned te\u010f!\" \/>\n<meta property=\"og:url\" content=\"https:\/\/egytourpackages.com\/cs\/prohlidky\/vychodni-a-zapadni-breh-soukroma-celodenni\/\" \/>\n<meta property=\"og:site_name\" content=\"Z\u00e1jezdy po Egypt\u011b\" \/>\n<meta property=\"article:publisher\" content=\"https:\/\/www.facebook.com\/egytourpackages\" \/>\n<meta property=\"article:modified_time\" content=\"2026-01-09T12:05:57+00:00\" \/>\n<meta property=\"og:image\" content=\"https:\/\/egytourpackages.com\/wp-content\/uploads\/2023\/08\/Valley-of-the-Kings-Luxor-1024x682.jpg\" \/>\n<meta name=\"twitter:card\" content=\"summary_large_image\" \/>\n<meta name=\"twitter:title\" content=\"V\u00fdchodn\u00ed a z\u00e1padn\u00ed b\u0159eh Soukrom\u00e1 celodenn\u00ed\" \/>\n<meta name=\"twitter:description\" content=\"Objevte V\u00fdchodn\u00ed a z\u00e1padn\u00ed b\u0159eh Soukrom\u00e1 celodenn\u00ed. Prozkoumejte \u00dadol\u00ed kr\u00e1l\u016f, chr\u00e1my a kolosy s egyptologem.Rezervujte si sv\u016fj z\u00e1jezd hned te\u010f!\" \/>\n<meta name=\"twitter:image\" content=\"https:\/\/egytourpackages.com\/wp-content\/uploads\/2023\/08\/Valley-of-the-Kings-Luxor-1024x682.jpg\" \/>\n<meta name=\"twitter:label1\" content=\"Cena\" \/>\n\t<meta name=\"twitter:data1\" content=\"&euro;90\" \/>\n\t<meta name=\"twitter:label2\" content=\"Dostupnost\" \/>\n\t<meta name=\"twitter:data2\" content=\"Skladem\" \/>\n<script type=\"application\/ld+json\" class=\"yoast-schema-graph\">{\"@context\":\"https:\\\/\\\/schema.org\",\"@graph\":[{\"@type\":\"WebPage\",\"@id\":\"https:\\\/\\\/egytourpackages.com\\\/cs\\\/prohlidky\\\/vychodni-a-zapadni-breh-soukroma-celodenni\\\/\",\"url\":\"https:\\\/\\\/egytourpackages.com\\\/cs\\\/prohlidky\\\/vychodni-a-zapadni-breh-soukroma-celodenni\\\/\",\"name\":\"V\u00fdchodn\u00ed a z\u00e1padn\u00ed b\u0159eh Soukrom\u00e1 celodenn\u00ed\",\"isPartOf\":{\"@id\":\"https:\\\/\\\/egytourpackages.com\\\/cs\\\/#website\"},\"primaryImageOfPage\":{\"@id\":\"https:\\\/\\\/egytourpackages.com\\\/cs\\\/prohlidky\\\/vychodni-a-zapadni-breh-soukroma-celodenni\\\/#primaryimage\"},\"image\":{\"@id\":\"https:\\\/\\\/egytourpackages.com\\\/cs\\\/prohlidky\\\/vychodni-a-zapadni-breh-soukroma-celodenni\\\/#primaryimage\"},\"thumbnailUrl\":\"https:\\\/\\\/egytourpackages.com\\\/wp-content\\\/uploads\\\/2023\\\/08\\\/Valley-of-the-Kings-Luxor.jpg\",\"datePublished\":\"2023-08-25T17:32:41+00:00\",\"dateModified\":\"2026-01-09T12:05:57+00:00\",\"description\":\"Objevte V\u00fdchodn\u00ed a z\u00e1padn\u00ed b\u0159eh Soukrom\u00e1 celodenn\u00ed. Prozkoumejte \u00dadol\u00ed kr\u00e1l\u016f, chr\u00e1my a kolosy s egyptologem.Rezervujte si sv\u016fj z\u00e1jezd hned te\u010f!\",\"breadcrumb\":{\"@id\":\"https:\\\/\\\/egytourpackages.com\\\/cs\\\/prohlidky\\\/vychodni-a-zapadni-breh-soukroma-celodenni\\\/#breadcrumb\"},\"inLanguage\":\"cs\",\"potentialAction\":[{\"@type\":\"ReadAction\",\"target\":[\"https:\\\/\\\/egytourpackages.com\\\/cs\\\/prohlidky\\\/vychodni-a-zapadni-breh-soukroma-celodenni\\\/\"]}]},{\"@type\":\"ImageObject\",\"inLanguage\":\"cs\",\"@id\":\"https:\\\/\\\/egytourpackages.com\\\/cs\\\/prohlidky\\\/vychodni-a-zapadni-breh-soukroma-celodenni\\\/#primaryimage\",\"url\":\"https:\\\/\\\/egytourpackages.com\\\/wp-content\\\/uploads\\\/2023\\\/08\\\/Valley-of-the-Kings-Luxor.jpg\",\"contentUrl\":\"https:\\\/\\\/egytourpackages.com\\\/wp-content\\\/uploads\\\/2023\\\/08\\\/Valley-of-the-Kings-Luxor.jpg\",\"width\":2000,\"height\":1333,\"caption\":\"V\u00fdchodn\u00ed a z\u00e1padn\u00ed b\u0159eh Soukrom\u00e1 celodenn\u00ed\"},{\"@type\":\"BreadcrumbList\",\"@id\":\"https:\\\/\\\/egytourpackages.com\\\/cs\\\/prohlidky\\\/vychodni-a-zapadni-breh-soukroma-celodenni\\\/#breadcrumb\",\"itemListElement\":[{\"@type\":\"ListItem\",\"position\":1,\"name\":\"Dom\u016f\",\"item\":\"https:\\\/\\\/egytourpackages.com\\\/cs\\\/balicky-vyletu-po-egypte\\\/\"},{\"@type\":\"ListItem\",\"position\":2,\"name\":\"Shop\",\"item\":\"https:\\\/\\\/egytourpackages.com\\\/cs\\\/shop\\\/\"},{\"@type\":\"ListItem\",\"position\":3,\"name\":\"V\u00fdchodn\u00ed a z\u00e1padn\u00ed b\u0159eh Soukrom\u00e1 celodenn\u00ed\"}]},{\"@type\":\"WebSite\",\"@id\":\"https:\\\/\\\/egytourpackages.com\\\/cs\\\/#website\",\"url\":\"https:\\\/\\\/egytourpackages.com\\\/cs\\\/\",\"name\":\"Egy tour packages\",\"description\":\"\",\"publisher\":{\"@id\":\"https:\\\/\\\/egytourpackages.com\\\/cs\\\/#organization\"},\"potentialAction\":[{\"@type\":\"SearchAction\",\"target\":{\"@type\":\"EntryPoint\",\"urlTemplate\":\"https:\\\/\\\/egytourpackages.com\\\/cs\\\/?s={search_term_string}\"},\"query-input\":{\"@type\":\"PropertyValueSpecification\",\"valueRequired\":true,\"valueName\":\"search_term_string\"}}],\"inLanguage\":\"cs\"},{\"@type\":[\"Organization\",\"Place\",\"TravelAgency\"],\"@id\":\"https:\\\/\\\/egytourpackages.com\\\/cs\\\/#organization\",\"name\":\"egypt tour packages\",\"alternateName\":\"egypt tour packages\",\"url\":\"https:\\\/\\\/egytourpackages.com\\\/cs\\\/\",\"logo\":{\"@id\":\"https:\\\/\\\/egytourpackages.com\\\/cs\\\/prohlidky\\\/vychodni-a-zapadni-breh-soukroma-celodenni\\\/#local-main-organization-logo\"},\"image\":{\"@id\":\"https:\\\/\\\/egytourpackages.com\\\/cs\\\/prohlidky\\\/vychodni-a-zapadni-breh-soukroma-celodenni\\\/#local-main-organization-logo\"},\"sameAs\":[\"https:\\\/\\\/www.facebook.com\\\/egytourpackages\"],\"legalName\":\"Egy tour packages\",\"address\":{\"@id\":\"https:\\\/\\\/egytourpackages.com\\\/cs\\\/prohlidky\\\/vychodni-a-zapadni-breh-soukroma-celodenni\\\/#local-main-place-address\"},\"telephone\":[\"00201000852186\",\"00201028685533\"],\"contactPoint\":{\"@type\":\"ContactPoint\",\"telephone\":\"00201000852186\"},\"openingHoursSpecification\":[{\"@type\":\"OpeningHoursSpecification\",\"dayOfWeek\":[\"Monday\",\"Tuesday\",\"Wednesday\",\"Thursday\",\"Friday\",\"Saturday\",\"Sunday\"],\"opens\":\"00:00\",\"closes\":\"23:59\"}],\"email\":\"info@egytourpackages.com\",\"areaServed\":\"Cairo, Hurghada, Luxor, Sharm El Sheikh, Marsa Alam, Aswan\",\"priceRange\":\"$\",\"currenciesAccepted\":\"euro\",\"paymentAccepted\":\"Payment links online\"},{\"@type\":\"PostalAddress\",\"@id\":\"https:\\\/\\\/egytourpackages.com\\\/cs\\\/prohlidky\\\/vychodni-a-zapadni-breh-soukroma-celodenni\\\/#local-main-place-address\",\"streetAddress\":\"Mubarak 8, Al Kawthar District, Hurghada\",\"addressLocality\":\"Hurghada\",\"postalCode\":\"84511\",\"addressRegion\":\"Red Sea\",\"addressCountry\":\"EG\"},{\"@type\":\"ImageObject\",\"inLanguage\":\"cs\",\"@id\":\"https:\\\/\\\/egytourpackages.com\\\/cs\\\/prohlidky\\\/vychodni-a-zapadni-breh-soukroma-celodenni\\\/#local-main-organization-logo\",\"url\":\"https:\\\/\\\/egytourpackages.com\\\/wp-content\\\/uploads\\\/2025\\\/12\\\/Turquoise-Dahabiya-Nile-Cruise-1.jpeg\",\"contentUrl\":\"https:\\\/\\\/egytourpackages.com\\\/wp-content\\\/uploads\\\/2025\\\/12\\\/Turquoise-Dahabiya-Nile-Cruise-1.jpeg\",\"width\":1040,\"height\":694,\"caption\":\"egypt tour packages\"}]}<\/script>\n<meta property=\"product:brand\" content=\"Jednodenn\u00ed v\u00fdlet do Luxoru\" \/>\n<meta property=\"product:price:amount\" content=\"90\" \/>\n<meta property=\"product:price:currency\" content=\"EUR\" \/>\n<meta property=\"og:availability\" content=\"instock\" \/>\n<meta property=\"product:availability\" content=\"instock\" \/>\n<meta property=\"product:retailer_item_id\" content=\"LDT03\" \/>\n<meta property=\"product:condition\" content=\"new\" \/>\n<meta name=\"geo.placename\" content=\"Hurghada\" \/>\n<meta name=\"geo.region\" content=\"Egypt\" \/>\n<!-- \/ Yoast SEO Premium plugin. -->","yoast_head_json":{"title":"V\u00fdchodn\u00ed a z\u00e1padn\u00ed b\u0159eh Soukrom\u00e1 celodenn\u00ed","description":"Objevte V\u00fdchodn\u00ed a z\u00e1padn\u00ed b\u0159eh Soukrom\u00e1 celodenn\u00ed. Prozkoumejte \u00dadol\u00ed kr\u00e1l\u016f, chr\u00e1my a kolosy s egyptologem.Rezervujte si sv\u016fj z\u00e1jezd hned te\u010f!","robots":{"index":"index","follow":"follow","max-snippet":"max-snippet:-1","max-image-preview":"max-image-preview:large","max-video-preview":"max-video-preview:-1"},"canonical":"https:\/\/egytourpackages.com\/cs\/prohlidky\/vychodni-a-zapadni-breh-soukroma-celodenni\/","og_locale":"cs_CZ","og_type":"article","og_title":"V\u00fdchodn\u00ed a z\u00e1padn\u00ed b\u0159eh Soukrom\u00e1 celodenn\u00ed","og_description":"Objevte V\u00fdchodn\u00ed a z\u00e1padn\u00ed b\u0159eh Soukrom\u00e1 celodenn\u00ed. Prozkoumejte \u00dadol\u00ed kr\u00e1l\u016f, chr\u00e1my a kolosy s egyptologem.Rezervujte si sv\u016fj z\u00e1jezd hned te\u010f!","og_url":"https:\/\/egytourpackages.com\/cs\/prohlidky\/vychodni-a-zapadni-breh-soukroma-celodenni\/","og_site_name":"Z\u00e1jezdy po Egypt\u011b","article_publisher":"https:\/\/www.facebook.com\/egytourpackages","article_modified_time":"2026-01-09T12:05:57+00:00","og_image":[{"url":"https:\/\/egytourpackages.com\/wp-content\/uploads\/2023\/08\/Valley-of-the-Kings-Luxor-1024x682.jpg","type":"","width":"","height":""}],"twitter_card":"summary_large_image","twitter_title":"V\u00fdchodn\u00ed a z\u00e1padn\u00ed b\u0159eh Soukrom\u00e1 celodenn\u00ed","twitter_description":"Objevte V\u00fdchodn\u00ed a z\u00e1padn\u00ed b\u0159eh Soukrom\u00e1 celodenn\u00ed. Prozkoumejte \u00dadol\u00ed kr\u00e1l\u016f, chr\u00e1my a kolosy s egyptologem.Rezervujte si sv\u016fj z\u00e1jezd hned te\u010f!","twitter_image":"https:\/\/egytourpackages.com\/wp-content\/uploads\/2023\/08\/Valley-of-the-Kings-Luxor-1024x682.jpg","twitter_misc":{"Cena":"&euro;90","Dostupnost":"Skladem"},"schema":{"@context":"https:\/\/schema.org","@graph":[{"@type":"WebPage","@id":"https:\/\/egytourpackages.com\/cs\/prohlidky\/vychodni-a-zapadni-breh-soukroma-celodenni\/","url":"https:\/\/egytourpackages.com\/cs\/prohlidky\/vychodni-a-zapadni-breh-soukroma-celodenni\/","name":"V\u00fdchodn\u00ed a z\u00e1padn\u00ed b\u0159eh Soukrom\u00e1 celodenn\u00ed","isPartOf":{"@id":"https:\/\/egytourpackages.com\/cs\/#website"},"primaryImageOfPage":{"@id":"https:\/\/egytourpackages.com\/cs\/prohlidky\/vychodni-a-zapadni-breh-soukroma-celodenni\/#primaryimage"},"image":{"@id":"https:\/\/egytourpackages.com\/cs\/prohlidky\/vychodni-a-zapadni-breh-soukroma-celodenni\/#primaryimage"},"thumbnailUrl":"https:\/\/egytourpackages.com\/wp-content\/uploads\/2023\/08\/Valley-of-the-Kings-Luxor.jpg","datePublished":"2023-08-25T17:32:41+00:00","dateModified":"2026-01-09T12:05:57+00:00","description":"Objevte V\u00fdchodn\u00ed a z\u00e1padn\u00ed b\u0159eh Soukrom\u00e1 celodenn\u00ed. Prozkoumejte \u00dadol\u00ed kr\u00e1l\u016f, chr\u00e1my a kolosy s egyptologem.Rezervujte si sv\u016fj z\u00e1jezd hned te\u010f!","breadcrumb":{"@id":"https:\/\/egytourpackages.com\/cs\/prohlidky\/vychodni-a-zapadni-breh-soukroma-celodenni\/#breadcrumb"},"inLanguage":"cs","potentialAction":[{"@type":"ReadAction","target":["https:\/\/egytourpackages.com\/cs\/prohlidky\/vychodni-a-zapadni-breh-soukroma-celodenni\/"]}]},{"@type":"ImageObject","inLanguage":"cs","@id":"https:\/\/egytourpackages.com\/cs\/prohlidky\/vychodni-a-zapadni-breh-soukroma-celodenni\/#primaryimage","url":"https:\/\/egytourpackages.com\/wp-content\/uploads\/2023\/08\/Valley-of-the-Kings-Luxor.jpg","contentUrl":"https:\/\/egytourpackages.com\/wp-content\/uploads\/2023\/08\/Valley-of-the-Kings-Luxor.jpg","width":2000,"height":1333,"caption":"V\u00fdchodn\u00ed a z\u00e1padn\u00ed b\u0159eh Soukrom\u00e1 celodenn\u00ed"},{"@type":"BreadcrumbList","@id":"https:\/\/egytourpackages.com\/cs\/prohlidky\/vychodni-a-zapadni-breh-soukroma-celodenni\/#breadcrumb","itemListElement":[{"@type":"ListItem","position":1,"name":"Dom\u016f","item":"https:\/\/egytourpackages.com\/cs\/balicky-vyletu-po-egypte\/"},{"@type":"ListItem","position":2,"name":"Shop","item":"https:\/\/egytourpackages.com\/cs\/shop\/"},{"@type":"ListItem","position":3,"name":"V\u00fdchodn\u00ed a z\u00e1padn\u00ed b\u0159eh Soukrom\u00e1 celodenn\u00ed"}]},{"@type":"WebSite","@id":"https:\/\/egytourpackages.com\/cs\/#website","url":"https:\/\/egytourpackages.com\/cs\/","name":"Egy tour packages","description":"","publisher":{"@id":"https:\/\/egytourpackages.com\/cs\/#organization"},"potentialAction":[{"@type":"SearchAction","target":{"@type":"EntryPoint","urlTemplate":"https:\/\/egytourpackages.com\/cs\/?s={search_term_string}"},"query-input":{"@type":"PropertyValueSpecification","valueRequired":true,"valueName":"search_term_string"}}],"inLanguage":"cs"},{"@type":["Organization","Place","TravelAgency"],"@id":"https:\/\/egytourpackages.com\/cs\/#organization","name":"egypt tour packages","alternateName":"egypt tour packages","url":"https:\/\/egytourpackages.com\/cs\/","logo":{"@id":"https:\/\/egytourpackages.com\/cs\/prohlidky\/vychodni-a-zapadni-breh-soukroma-celodenni\/#local-main-organization-logo"},"image":{"@id":"https:\/\/egytourpackages.com\/cs\/prohlidky\/vychodni-a-zapadni-breh-soukroma-celodenni\/#local-main-organization-logo"},"sameAs":["https:\/\/www.facebook.com\/egytourpackages"],"legalName":"Egy tour packages","address":{"@id":"https:\/\/egytourpackages.com\/cs\/prohlidky\/vychodni-a-zapadni-breh-soukroma-celodenni\/#local-main-place-address"},"telephone":["00201000852186","00201028685533"],"contactPoint":{"@type":"ContactPoint","telephone":"00201000852186"},"openingHoursSpecification":[{"@type":"OpeningHoursSpecification","dayOfWeek":["Monday","Tuesday","Wednesday","Thursday","Friday","Saturday","Sunday"],"opens":"00:00","closes":"23:59"}],"email":"info@egytourpackages.com","areaServed":"Cairo, Hurghada, Luxor, Sharm El Sheikh, Marsa Alam, Aswan","priceRange":"$","currenciesAccepted":"euro","paymentAccepted":"Payment links online"},{"@type":"PostalAddress","@id":"https:\/\/egytourpackages.com\/cs\/prohlidky\/vychodni-a-zapadni-breh-soukroma-celodenni\/#local-main-place-address","streetAddress":"Mubarak 8, Al Kawthar District, Hurghada","addressLocality":"Hurghada","postalCode":"84511","addressRegion":"Red Sea","addressCountry":"EG"},{"@type":"ImageObject","inLanguage":"cs","@id":"https:\/\/egytourpackages.com\/cs\/prohlidky\/vychodni-a-zapadni-breh-soukroma-celodenni\/#local-main-organization-logo","url":"https:\/\/egytourpackages.com\/wp-content\/uploads\/2025\/12\/Turquoise-Dahabiya-Nile-Cruise-1.jpeg","contentUrl":"https:\/\/egytourpackages.com\/wp-content\/uploads\/2025\/12\/Turquoise-Dahabiya-Nile-Cruise-1.jpeg","width":1040,"height":694,"caption":"egypt tour packages"}]},"product_brand":"Jednodenn\u00ed v\u00fdlet do Luxoru","product_price_amount":"90","product_price_currency":"EUR","og_availability":"instock","product_availability":"instock","product_retailer_item_id":"LDT03","product_condition":"new","geo.placename":"Hurghada","geo.region":"Egypt"},"_links":{"self":[{"href":"https:\/\/egytourpackages.com\/cs\/wp-json\/wp\/v2\/product\/4560","targetHints":{"allow":["GET"]}}],"collection":[{"href":"https:\/\/egytourpackages.com\/cs\/wp-json\/wp\/v2\/product"}],"about":[{"href":"https:\/\/egytourpackages.com\/cs\/wp-json\/wp\/v2\/types\/product"}],"replies":[{"embeddable":true,"href":"https:\/\/egytourpackages.com\/cs\/wp-json\/wp\/v2\/comments?post=4560"}],"wp:featuredmedia":[{"embeddable":true,"href":"https:\/\/egytourpackages.com\/cs\/wp-json\/wp\/v2\/media\/2962"}],"wp:attachment":[{"href":"https:\/\/egytourpackages.com\/cs\/wp-json\/wp\/v2\/media?parent=4560"}],"wp:term":[{"taxonomy":"product_brand","embeddable":true,"href":"https:\/\/egytourpackages.com\/cs\/wp-json\/wp\/v2\/product_brand?post=4560"},{"taxonomy":"product_cat","embeddable":true,"href":"https:\/\/egytourpackages.com\/cs\/wp-json\/wp\/v2\/product_cat?post=4560"},{"taxonomy":"product_tag","embeddable":true,"href":"https:\/\/egytourpackages.com\/cs\/wp-json\/wp\/v2\/product_tag?post=4560"}],"curies":[{"name":"wp","href":"https:\/\/api.w.org\/{rel}","templated":true}]}}