{"id":4562,"date":"2023-08-30T13:19:49","date_gmt":"2023-08-30T13:19:49","guid":{"rendered":"https:\/\/egytourpackages.com\/product\/vylet-do-nubijske-vesnice-v-asuanu-lodi\/"},"modified":"2026-01-09T11:50:41","modified_gmt":"2026-01-09T11:50:41","slug":"vylet-do-nubijske-vesnice-v-asuanu-lodi","status":"publish","type":"product","link":"https:\/\/egytourpackages.com\/cs\/prohlidky\/vylet-do-nubijske-vesnice-v-asuanu-lodi\/","title":{"rendered":"V\u00fdlet do n\u00fabijsk\u00e9 vesnice v Asu\u00e1nu lod\u00ed"},"content":{"rendered":"<p><strong><span style=\"color: #ff6600;\">V\u00fdlet do n\u00fabijsk\u00e9 vesnice v Asu\u00e1nu lod\u00ed<\/span><\/strong><\/p>\n<p>V\u00e1\u0161 <strong>v\u00fdlet do n\u00fabijsk\u00e9 vesnice v Asu\u00e1nu lod\u00ed<\/strong> je naprosto odli\u0161n\u00fd od jak\u00fdchkoli jin\u00fdch z\u00e1jezd\u016f, kter\u00e9 podniknete v <strong>Egypt\u011b<\/strong> s <a href=\"https:\/\/egytourpackages.com\/cs\/Kategorie vylety\/balicky-vyletu-po-egypte\/\">Egypt tour packages.<\/a> Va\u0161e <strong>jednodenn\u00ed v\u00fdlety po Egypt\u011b<\/strong> do n\u00fabijsk\u00e9 vesnice jsou jedine\u010dn\u00e9, nebo\u0165 budete m\u00edt tu \u010dest poznat trochu n\u00fabijsk\u00fdch tradic, historie a jazyka. Jejich kamenn\u00e9 a hlin\u011bn\u00e9 domy s klenut\u00fdmi st\u0159echami jsou v Egypt\u011b velmi unik\u00e1tn\u00ed a jejich p\u0159\u00edrodn\u00ed r\u00e1je mezi horami a <strong>\u0159ekou Nil<\/strong>.<\/p>\n<p>Va\u0161e <strong>jednodenn\u00ed v\u00fdlety po Asu\u00e1nu<\/strong> do n\u00fabijsk\u00e9 vesnice v\u00e1m umo\u017en\u00ed plavbu pod\u00e9l n\u011bkter\u00fdch <strong>asw\u00e1nsk\u00fdch atrakc\u00ed<\/strong> jako <strong>Botanick\u00e1 zahrada<\/strong> a <strong>hrobky \u0161lechtic\u016f<\/strong> na vrcholu hory. Krom\u011b toho proplujete kolem <strong>Mauzolea \u00c1gha Ch\u00e1na<\/strong> a n\u011bkter\u00fdch chr\u00e1n\u011bn\u00fdch ostrov\u016f.<\/p>\n<p>Nakonec je <strong>v\u00fdlet do n\u00fabijsk\u00e9 vesnice v Asu\u00e1nu lod\u00ed<\/strong> povinnost\u00ed, pokud jste v Asu\u00e1nu, a jedna z <strong>nejlep\u0161\u00edch aktivit v Asu\u00e1nu<\/strong>.<\/p>\n<h3><span style=\"color: #ff6600;\">Detaily z\u00e1jezdu<\/span><\/h3>\n<ul>\n<li>D\u00e9lka trv\u00e1n\u00ed: 1\/2 dne<\/li>\n<li>M\u00edsto z\u00e1jezdu: Asu\u00e1n, Gharb Sohail<\/li>\n<li>Dostupnost z\u00e1jezdu: Ka\u017ed\u00fd den<\/li>\n<li>Vyzvednut\u00ed a odvoz: V\u00e1\u0161 hotel v Asu\u00e1nu \/ plavba po Nilu<\/li>\n<li>Typ z\u00e1jezdu: Soukrom\u00fd<\/li>\n<li>Bezbari\u00e9rov\u00fd p\u0159\u00edstup: Ano<\/li>\n<\/ul>\n<h3><span style=\"color: #ff6600;\">Hlavn\u00ed body z\u00e1jezdu<\/span><\/h3>\n<ul>\n<li>N\u00fabijsk\u00e1 vesnice Gharb Sohail<\/li>\n<li>N\u00fabijsk\u00fd trh<\/li>\n<li>M\u00edstn\u00ed d\u016fm a henna tetov\u00e1n\u00ed<\/li>\n<\/ul>\n<h3><span style=\"color: #ff6600;\">Zahrnuto v cen\u011b<\/span><\/h3>\n<ul>\n<li>Zp\u00e1te\u010dn\u00ed transfer motorov\u00fdm \u010dlunem<\/li>\n<li>Odborn\u00fd pr\u016fvodce &#8211; egyptolog<\/li>\n<li>\u010caj a ibi\u0161ek<\/li>\n<\/ul>\n<h3><span style=\"color: #ff6600;\">Nen\u00ed zahrnuto v cen\u011b<\/span><\/h3>\n<ul>\n<li>Henna tetov\u00e1n\u00ed<\/li>\n<li>Spropitn\u00e9<\/li>\n<\/ul>\n<h3><span style=\"color: #ff6600;\">Co si zabalit<\/span><\/h3>\n<ul>\n<li>Klobouk, slune\u010dn\u00ed br\u00fdle a opalovac\u00ed kr\u00e9m<\/li>\n<li>Pohodln\u00e1 obuv a oble\u010den\u00ed<\/li>\n<\/ul>\n<h2><span style=\"color: #ff6600;\">Itiner\u00e1\u0159<\/span><\/h2>\n<p><strong>V\u00fdlet do n\u00fabijsk\u00e9 vesnice v Asu\u00e1nu lod\u00ed<\/strong> je \u00fa\u017easn\u00fdm odpolednem, zejm\u00e9na po n\u00e1v\u0161t\u011bv\u011b <strong>asw\u00e1nsk\u00fdch atrakc\u00ed<\/strong>, ob\u011bd\u011b a p\u0159\u00edprav\u011b na n\u00fabijskou kulturu a p\u0159\u00edrodn\u00ed kr\u00e1sy Asu\u00e1nu. V\u00e1\u0161 pr\u016fvodce v\u00e1s vyzvedne ve vstupn\u00ed hale hotelu nebo na lodi na Nilu, abyste zah\u00e1jili sv\u00e9 <strong>jednodenn\u00ed v\u00fdlety po Asu\u00e1nu<\/strong> do n\u00fabijsk\u00e9 vesnice z nejbli\u017e\u0161\u00edho m\u00edsta k va\u0161\u00ed plavb\u011b po Nilu. Jakmile se nalod\u00edte na motorov\u00fd \u010dlun, za\u010dnete sv\u00e9 <strong>egyptsk\u00e9 v\u00fdlety<\/strong> do n\u00fabijsk\u00e9 vesnice. B\u011bhem plavby si u\u017e\u00edvejte kr\u00e1snou scen\u00e9rii Nilu celou cestu a\u017e do n\u00fabijsk\u00e9 vesnice. Tak\u00e9 si u\u017eijte n\u011bkter\u00e9 z <strong>asw\u00e1nsk\u00fdch dominant<\/strong> po cest\u011b, jako je <strong>ostrov El Nabatat<\/strong> neboli <strong>Kitchener\u016fv ostrov<\/strong>, <strong>Qubbet el-Hawa<\/strong> neboli <strong>hrobky \u0161lechtic\u016f<\/strong> v Asu\u00e1nu a <strong>Mauzoleum \u00c1gha Ch\u00e1na<\/strong>.<\/p>\n<p>Cestou si u\u017e\u00edvejte barevn\u00e9 st\u011bny, domy, kopule a m\u016f\u017eete si tak\u00e9 u\u017e\u00edt n\u011bkter\u00e9 aktivity, jako je sandboarding, pou\u0161tn\u00ed turistika nebo j\u00edzda na velbloudu. Jakmile doraz\u00edte do n\u00fabijsk\u00e9 vesnice, projdete se se sv\u00fdm pr\u016fvodcem \u00fa\u017easn\u00fdmi barevn\u00fdmi ulicemi s mnoha obchody, dokud nedoraz\u00edte do m\u00edstn\u00edho n\u00fabijsk\u00e9ho domu, kde si vychutn\u00e1te n\u00e1poj, uvid\u00edte krokod\u00fdla a dozv\u00edte se o jejich tradic\u00edch. Pokud se v\u00e1m to l\u00edb\u00ed, m\u016f\u017eete si vybrat tetov\u00e1n\u00ed a n\u00fabijsk\u00e9 d\u00e1my v\u00e1m ho ud\u011blaj\u00ed.<\/p>\n<p>Pozd\u011bji, pokud budete cht\u00edt, budete m\u00edt voln\u00fd \u010das na n\u00e1kupy, ne\u017e se vr\u00e1t\u00edte zp\u011bt na svou lo\u010f na Nilu nebo do hotelu v Asu\u00e1nu.<\/p>\n<h3><span style=\"color: #ff6600;\">Cena v\u00fdletu do n\u00fabijsk\u00e9 vesnice v Asu\u00e1nu lod\u00ed<\/span><\/h3>\n<ul>\n<li><strong>Cena pro dosp\u011bl\u00e9:<\/strong> 40 \u20ac<\/li>\n<li><strong>D\u011bti 0-5 let:<\/strong> zdarma<\/li>\n<li><strong>D\u011bti 5-11 let:<\/strong> 50 % z ceny pro dosp\u011bl\u00e9<\/li>\n<\/ul>\n<h3><span style=\"color: #ff6600;\">Rezervace<\/span><\/h3>\n<p>Svou prohl\u00eddku si m\u016f\u017eete rezervovat p\u0159es WhatsApp nebo n\u00e1m poslat e-mail a potvrzen\u00ed obdr\u017e\u00edte na m\u00edst\u011b.<\/p>\n<p>Pros\u00edme, za\u0161lete n\u00e1m n\u00e1zev va\u0161eho hotelu, \u010d\u00edslo pokoje, kopie pas\u016f.<\/p>\n<p><strong>WhatsApp:<\/strong> +201000852186<\/p>\n<p><strong>E-mail:<\/strong> info@egytourpackages.com<\/p>\n<h3><span style=\"color: #ff6600;\">Rezervujte hned a zapla\u0165te na m\u00edst\u011b!<\/span><\/h3>\n<p>Zarezervujte si sv\u016fj obl\u00edben\u00fd z\u00e1jezd a zapla\u0165te v den v\u00fdletu.<\/p>\n<h3><span style=\"color: #ff6600;\">Platba<\/span><\/h3>\n<p>M\u016f\u017eete platit egyptsk\u00fdmi librami, $, \u20ac nebo \u00a3.<\/p>\n<h3><span style=\"color: #ff6600;\">Storno podm\u00ednky<\/span><\/h3>\n<p>Zru\u0161en\u00ed je zdarma a\u017e 24 hodin p\u0159edem. Rann\u00ed zru\u0161en\u00ed je 50 % z ceny.<\/p>\n","protected":false},"excerpt":{"rendered":"<p>V\u00fdlet do n\u00fabijsk\u00e9 vesnice v Asu\u00e1nu lod\u00ed | Prozkoumejte n\u00fabijskou kulturu, tradice a jazyky b\u011bhem va\u0161ich z\u00e1jezd\u016f do Egypta do n\u00fabijsk\u00e9 vesnice z Asu\u00e1nu.<\/p>\n","protected":false},"featured_media":2974,"comment_status":"open","ping_status":"closed","template":"","meta":[],"product_brand":[],"product_cat":[1466],"product_tag":[2397,2398],"class_list":{"0":"post-4562","1":"product","2":"type-product","3":"status-publish","4":"has-post-thumbnail","6":"product_cat-vylety","7":"product_tag-jednodenni-vylety-po-asuanu","8":"product_tag-nejlepsi-aktivity-v-asuanu","9":"tour_category-jednodenni-vylet-do-asuanu","10":"tour_category-jednodenni-vylety-po-egypte-cs","12":"first","13":"instock","14":"sale","15":"shipping-taxable","16":"purchasable","17":"product-type-tour","18":"has-default-attributes"},"yoast_head":"<!-- This site is optimized with the Yoast SEO Premium plugin v27.2 (Yoast SEO v27.2) - https:\/\/yoast.com\/product\/yoast-seo-premium-wordpress\/ -->\n<title>V\u00fdlet do n\u00fabijsk\u00e9 vesnice v Asu\u00e1nu lod\u00ed<\/title>\n<meta name=\"description\" content=\"V\u00fdlet do n\u00fabijsk\u00e9 vesnice v Asu\u00e1nu lod\u00ed | Prozkoumejte n\u00fabijskou kulturu, tradice a jazyky b\u011bhem va\u0161ich z\u00e1jezd\u016f do Egypta do n\u00fabijsk\u00e9 vesnice z Asu\u00e1nu.\" \/>\n<meta name=\"robots\" content=\"index, follow, max-snippet:-1, max-image-preview:large, max-video-preview:-1\" \/>\n<link rel=\"canonical\" href=\"https:\/\/egytourpackages.com\/cs\/prohlidky\/vylet-do-nubijske-vesnice-v-asuanu-lodi\/\" \/>\n<meta property=\"og:locale\" content=\"cs_CZ\" \/>\n<meta property=\"og:type\" content=\"article\" \/>\n<meta property=\"og:title\" content=\"V\u00fdlet do n\u00fabijsk\u00e9 vesnice v Asu\u00e1nu lod\u00ed\" \/>\n<meta property=\"og:description\" content=\"V\u00fdlet do n\u00fabijsk\u00e9 vesnice v Asu\u00e1nu lod\u00ed | Prozkoumejte n\u00fabijskou kulturu, tradice a jazyky b\u011bhem va\u0161ich z\u00e1jezd\u016f do Egypta do n\u00fabijsk\u00e9 vesnice z Asu\u00e1nu.\" \/>\n<meta property=\"og:url\" content=\"https:\/\/egytourpackages.com\/cs\/prohlidky\/vylet-do-nubijske-vesnice-v-asuanu-lodi\/\" \/>\n<meta property=\"og:site_name\" content=\"Z\u00e1jezdy po Egypt\u011b\" \/>\n<meta property=\"article:publisher\" content=\"https:\/\/www.facebook.com\/egytourpackages\" \/>\n<meta property=\"article:modified_time\" content=\"2026-01-09T11:50:41+00:00\" \/>\n<meta property=\"og:image\" content=\"https:\/\/egytourpackages.com\/wp-content\/uploads\/2023\/08\/Nubian-Village-1024x682.jpeg\" \/>\n<meta name=\"twitter:card\" content=\"summary_large_image\" \/>\n<meta name=\"twitter:title\" content=\"V\u00fdlet do n\u00fabijsk\u00e9 vesnice v Asu\u00e1nu lod\u00ed\" \/>\n<meta name=\"twitter:description\" content=\"V\u00fdlet do n\u00fabijsk\u00e9 vesnice v Asu\u00e1nu lod\u00ed | Prozkoumejte n\u00fabijskou kulturu, tradice a jazyky b\u011bhem va\u0161ich z\u00e1jezd\u016f do Egypta do n\u00fabijsk\u00e9 vesnice z Asu\u00e1nu.\" \/>\n<meta name=\"twitter:image\" content=\"https:\/\/egytourpackages.com\/wp-content\/uploads\/2023\/08\/Nubian-Village-1024x682.jpeg\" \/>\n<meta name=\"twitter:label1\" content=\"Cena\" \/>\n\t<meta name=\"twitter:data1\" content=\"&euro;40\" \/>\n\t<meta name=\"twitter:label2\" content=\"Dostupnost\" \/>\n\t<meta name=\"twitter:data2\" content=\"Skladem\" \/>\n<script type=\"application\/ld+json\" class=\"yoast-schema-graph\">{\"@context\":\"https:\/\/schema.org\",\"@graph\":[{\"@type\":\"WebPage\",\"@id\":\"https:\/\/egytourpackages.com\/cs\/prohlidky\/vylet-do-nubijske-vesnice-v-asuanu-lodi\/\",\"url\":\"https:\/\/egytourpackages.com\/cs\/prohlidky\/vylet-do-nubijske-vesnice-v-asuanu-lodi\/\",\"name\":\"V\u00fdlet do n\u00fabijsk\u00e9 vesnice v Asu\u00e1nu lod\u00ed\",\"isPartOf\":{\"@id\":\"https:\/\/egytourpackages.com\/cs\/#website\"},\"primaryImageOfPage\":{\"@id\":\"https:\/\/egytourpackages.com\/cs\/prohlidky\/vylet-do-nubijske-vesnice-v-asuanu-lodi\/#primaryimage\"},\"image\":{\"@id\":\"https:\/\/egytourpackages.com\/cs\/prohlidky\/vylet-do-nubijske-vesnice-v-asuanu-lodi\/#primaryimage\"},\"thumbnailUrl\":\"https:\/\/egytourpackages.com\/wp-content\/uploads\/2023\/08\/Nubian-Village.jpeg\",\"datePublished\":\"2023-08-30T13:19:49+00:00\",\"dateModified\":\"2026-01-09T11:50:41+00:00\",\"description\":\"V\u00fdlet do n\u00fabijsk\u00e9 vesnice v Asu\u00e1nu lod\u00ed | Prozkoumejte n\u00fabijskou kulturu, tradice a jazyky b\u011bhem va\u0161ich z\u00e1jezd\u016f do Egypta do n\u00fabijsk\u00e9 vesnice z Asu\u00e1nu.\",\"breadcrumb\":{\"@id\":\"https:\/\/egytourpackages.com\/cs\/prohlidky\/vylet-do-nubijske-vesnice-v-asuanu-lodi\/#breadcrumb\"},\"inLanguage\":\"cs\",\"potentialAction\":[{\"@type\":\"ReadAction\",\"target\":[\"https:\/\/egytourpackages.com\/cs\/prohlidky\/vylet-do-nubijske-vesnice-v-asuanu-lodi\/\"]}]},{\"@type\":\"ImageObject\",\"inLanguage\":\"cs\",\"@id\":\"https:\/\/egytourpackages.com\/cs\/prohlidky\/vylet-do-nubijske-vesnice-v-asuanu-lodi\/#primaryimage\",\"url\":\"https:\/\/egytourpackages.com\/wp-content\/uploads\/2023\/08\/Nubian-Village.jpeg\",\"contentUrl\":\"https:\/\/egytourpackages.com\/wp-content\/uploads\/2023\/08\/Nubian-Village.jpeg\",\"width\":1280,\"height\":853,\"caption\":\"N\u00fabijsk\u00e1 vesnice\"},{\"@type\":\"BreadcrumbList\",\"@id\":\"https:\/\/egytourpackages.com\/cs\/prohlidky\/vylet-do-nubijske-vesnice-v-asuanu-lodi\/#breadcrumb\",\"itemListElement\":[{\"@type\":\"ListItem\",\"position\":1,\"name\":\"Dom\u016f\",\"item\":\"https:\/\/egytourpackages.com\/cs\/balicky-vyletu-po-egypte\/\"},{\"@type\":\"ListItem\",\"position\":2,\"name\":\"Shop\",\"item\":\"https:\/\/egytourpackages.com\/cs\/shop\/\"},{\"@type\":\"ListItem\",\"position\":3,\"name\":\"V\u00fdlet do n\u00fabijsk\u00e9 vesnice v Asu\u00e1nu lod\u00ed\"}]},{\"@type\":\"WebSite\",\"@id\":\"https:\/\/egytourpackages.com\/cs\/#website\",\"url\":\"https:\/\/egytourpackages.com\/cs\/\",\"name\":\"Egy tour packages\",\"description\":\"\",\"publisher\":{\"@id\":\"https:\/\/egytourpackages.com\/cs\/#organization\"},\"potentialAction\":[{\"@type\":\"SearchAction\",\"target\":{\"@type\":\"EntryPoint\",\"urlTemplate\":\"https:\/\/egytourpackages.com\/cs\/?s={search_term_string}\"},\"query-input\":{\"@type\":\"PropertyValueSpecification\",\"valueRequired\":true,\"valueName\":\"search_term_string\"}}],\"inLanguage\":\"cs\"},{\"@type\":[\"Organization\",\"Place\",\"TravelAgency\"],\"@id\":\"https:\/\/egytourpackages.com\/cs\/#organization\",\"name\":\"egypt tour packages\",\"alternateName\":\"egypt tour packages\",\"url\":\"https:\/\/egytourpackages.com\/cs\/\",\"logo\":{\"@id\":\"https:\/\/egytourpackages.com\/cs\/prohlidky\/vylet-do-nubijske-vesnice-v-asuanu-lodi\/#local-main-organization-logo\"},\"image\":{\"@id\":\"https:\/\/egytourpackages.com\/cs\/prohlidky\/vylet-do-nubijske-vesnice-v-asuanu-lodi\/#local-main-organization-logo\"},\"sameAs\":[\"https:\/\/www.facebook.com\/egytourpackages\"],\"legalName\":\"Egy tour packages\",\"address\":{\"@id\":\"https:\/\/egytourpackages.com\/cs\/prohlidky\/vylet-do-nubijske-vesnice-v-asuanu-lodi\/#local-main-place-address\"},\"telephone\":[\"00201000852186\",\"00201028685533\"],\"contactPoint\":{\"@type\":\"ContactPoint\",\"telephone\":\"00201000852186\"},\"openingHoursSpecification\":[{\"@type\":\"OpeningHoursSpecification\",\"dayOfWeek\":[\"Monday\",\"Tuesday\",\"Wednesday\",\"Thursday\",\"Friday\",\"Saturday\",\"Sunday\"],\"opens\":\"00:00\",\"closes\":\"23:59\"}],\"email\":\"info@egytourpackages.com\",\"areaServed\":\"Cairo, Hurghada, Luxor, Sharm El Sheikh, Marsa Alam, Aswan\",\"priceRange\":\"$\",\"currenciesAccepted\":\"euro\",\"paymentAccepted\":\"Payment links online\"},{\"@type\":\"PostalAddress\",\"@id\":\"https:\/\/egytourpackages.com\/cs\/prohlidky\/vylet-do-nubijske-vesnice-v-asuanu-lodi\/#local-main-place-address\",\"streetAddress\":\"Mubarak 8, Al Kawthar District, Hurghada\",\"addressLocality\":\"Hurghada\",\"postalCode\":\"84511\",\"addressRegion\":\"Red Sea\",\"addressCountry\":\"EG\"},{\"@type\":\"ImageObject\",\"inLanguage\":\"cs\",\"@id\":\"https:\/\/egytourpackages.com\/cs\/prohlidky\/vylet-do-nubijske-vesnice-v-asuanu-lodi\/#local-main-organization-logo\",\"url\":\"https:\/\/egytourpackages.com\/wp-content\/uploads\/2025\/12\/Turquoise-Dahabiya-Nile-Cruise-1.jpeg\",\"contentUrl\":\"https:\/\/egytourpackages.com\/wp-content\/uploads\/2025\/12\/Turquoise-Dahabiya-Nile-Cruise-1.jpeg\",\"width\":1040,\"height\":694,\"caption\":\"egypt tour packages\"}]}<\/script>\n<meta property=\"product:brand\" content=\"Jednodenn\u00ed v\u00fdlet do Asu\u00e1nu\" \/>\n<meta property=\"product:price:amount\" content=\"40\" \/>\n<meta property=\"product:price:currency\" content=\"EUR\" \/>\n<meta property=\"og:availability\" content=\"instock\" \/>\n<meta property=\"product:availability\" content=\"instock\" \/>\n<meta property=\"product:retailer_item_id\" content=\"ADT02\" \/>\n<meta property=\"product:condition\" content=\"new\" \/>\n<meta name=\"geo.placename\" content=\"Hurghada\" \/>\n<meta name=\"geo.region\" content=\"Egypt\" \/>\n<!-- \/ Yoast SEO Premium plugin. -->","yoast_head_json":{"title":"V\u00fdlet do n\u00fabijsk\u00e9 vesnice v Asu\u00e1nu lod\u00ed","description":"V\u00fdlet do n\u00fabijsk\u00e9 vesnice v Asu\u00e1nu lod\u00ed | Prozkoumejte n\u00fabijskou kulturu, tradice a jazyky b\u011bhem va\u0161ich z\u00e1jezd\u016f do Egypta do n\u00fabijsk\u00e9 vesnice z Asu\u00e1nu.","robots":{"index":"index","follow":"follow","max-snippet":"max-snippet:-1","max-image-preview":"max-image-preview:large","max-video-preview":"max-video-preview:-1"},"canonical":"https:\/\/egytourpackages.com\/cs\/prohlidky\/vylet-do-nubijske-vesnice-v-asuanu-lodi\/","og_locale":"cs_CZ","og_type":"article","og_title":"V\u00fdlet do n\u00fabijsk\u00e9 vesnice v Asu\u00e1nu lod\u00ed","og_description":"V\u00fdlet do n\u00fabijsk\u00e9 vesnice v Asu\u00e1nu lod\u00ed | Prozkoumejte n\u00fabijskou kulturu, tradice a jazyky b\u011bhem va\u0161ich z\u00e1jezd\u016f do Egypta do n\u00fabijsk\u00e9 vesnice z Asu\u00e1nu.","og_url":"https:\/\/egytourpackages.com\/cs\/prohlidky\/vylet-do-nubijske-vesnice-v-asuanu-lodi\/","og_site_name":"Z\u00e1jezdy po Egypt\u011b","article_publisher":"https:\/\/www.facebook.com\/egytourpackages","article_modified_time":"2026-01-09T11:50:41+00:00","og_image":[{"url":"https:\/\/egytourpackages.com\/wp-content\/uploads\/2023\/08\/Nubian-Village-1024x682.jpeg","type":"","width":"","height":""}],"twitter_card":"summary_large_image","twitter_title":"V\u00fdlet do n\u00fabijsk\u00e9 vesnice v Asu\u00e1nu lod\u00ed","twitter_description":"V\u00fdlet do n\u00fabijsk\u00e9 vesnice v Asu\u00e1nu lod\u00ed | Prozkoumejte n\u00fabijskou kulturu, tradice a jazyky b\u011bhem va\u0161ich z\u00e1jezd\u016f do Egypta do n\u00fabijsk\u00e9 vesnice z Asu\u00e1nu.","twitter_image":"https:\/\/egytourpackages.com\/wp-content\/uploads\/2023\/08\/Nubian-Village-1024x682.jpeg","twitter_misc":{"Cena":"&euro;40","Dostupnost":"Skladem"},"schema":{"@context":"https:\/\/schema.org","@graph":[{"@type":"WebPage","@id":"https:\/\/egytourpackages.com\/cs\/prohlidky\/vylet-do-nubijske-vesnice-v-asuanu-lodi\/","url":"https:\/\/egytourpackages.com\/cs\/prohlidky\/vylet-do-nubijske-vesnice-v-asuanu-lodi\/","name":"V\u00fdlet do n\u00fabijsk\u00e9 vesnice v Asu\u00e1nu lod\u00ed","isPartOf":{"@id":"https:\/\/egytourpackages.com\/cs\/#website"},"primaryImageOfPage":{"@id":"https:\/\/egytourpackages.com\/cs\/prohlidky\/vylet-do-nubijske-vesnice-v-asuanu-lodi\/#primaryimage"},"image":{"@id":"https:\/\/egytourpackages.com\/cs\/prohlidky\/vylet-do-nubijske-vesnice-v-asuanu-lodi\/#primaryimage"},"thumbnailUrl":"https:\/\/egytourpackages.com\/wp-content\/uploads\/2023\/08\/Nubian-Village.jpeg","datePublished":"2023-08-30T13:19:49+00:00","dateModified":"2026-01-09T11:50:41+00:00","description":"V\u00fdlet do n\u00fabijsk\u00e9 vesnice v Asu\u00e1nu lod\u00ed | Prozkoumejte n\u00fabijskou kulturu, tradice a jazyky b\u011bhem va\u0161ich z\u00e1jezd\u016f do Egypta do n\u00fabijsk\u00e9 vesnice z Asu\u00e1nu.","breadcrumb":{"@id":"https:\/\/egytourpackages.com\/cs\/prohlidky\/vylet-do-nubijske-vesnice-v-asuanu-lodi\/#breadcrumb"},"inLanguage":"cs","potentialAction":[{"@type":"ReadAction","target":["https:\/\/egytourpackages.com\/cs\/prohlidky\/vylet-do-nubijske-vesnice-v-asuanu-lodi\/"]}]},{"@type":"ImageObject","inLanguage":"cs","@id":"https:\/\/egytourpackages.com\/cs\/prohlidky\/vylet-do-nubijske-vesnice-v-asuanu-lodi\/#primaryimage","url":"https:\/\/egytourpackages.com\/wp-content\/uploads\/2023\/08\/Nubian-Village.jpeg","contentUrl":"https:\/\/egytourpackages.com\/wp-content\/uploads\/2023\/08\/Nubian-Village.jpeg","width":1280,"height":853,"caption":"N\u00fabijsk\u00e1 vesnice"},{"@type":"BreadcrumbList","@id":"https:\/\/egytourpackages.com\/cs\/prohlidky\/vylet-do-nubijske-vesnice-v-asuanu-lodi\/#breadcrumb","itemListElement":[{"@type":"ListItem","position":1,"name":"Dom\u016f","item":"https:\/\/egytourpackages.com\/cs\/balicky-vyletu-po-egypte\/"},{"@type":"ListItem","position":2,"name":"Shop","item":"https:\/\/egytourpackages.com\/cs\/shop\/"},{"@type":"ListItem","position":3,"name":"V\u00fdlet do n\u00fabijsk\u00e9 vesnice v Asu\u00e1nu lod\u00ed"}]},{"@type":"WebSite","@id":"https:\/\/egytourpackages.com\/cs\/#website","url":"https:\/\/egytourpackages.com\/cs\/","name":"Egy tour packages","description":"","publisher":{"@id":"https:\/\/egytourpackages.com\/cs\/#organization"},"potentialAction":[{"@type":"SearchAction","target":{"@type":"EntryPoint","urlTemplate":"https:\/\/egytourpackages.com\/cs\/?s={search_term_string}"},"query-input":{"@type":"PropertyValueSpecification","valueRequired":true,"valueName":"search_term_string"}}],"inLanguage":"cs"},{"@type":["Organization","Place","TravelAgency"],"@id":"https:\/\/egytourpackages.com\/cs\/#organization","name":"egypt tour packages","alternateName":"egypt tour packages","url":"https:\/\/egytourpackages.com\/cs\/","logo":{"@id":"https:\/\/egytourpackages.com\/cs\/prohlidky\/vylet-do-nubijske-vesnice-v-asuanu-lodi\/#local-main-organization-logo"},"image":{"@id":"https:\/\/egytourpackages.com\/cs\/prohlidky\/vylet-do-nubijske-vesnice-v-asuanu-lodi\/#local-main-organization-logo"},"sameAs":["https:\/\/www.facebook.com\/egytourpackages"],"legalName":"Egy tour packages","address":{"@id":"https:\/\/egytourpackages.com\/cs\/prohlidky\/vylet-do-nubijske-vesnice-v-asuanu-lodi\/#local-main-place-address"},"telephone":["00201000852186","00201028685533"],"contactPoint":{"@type":"ContactPoint","telephone":"00201000852186"},"openingHoursSpecification":[{"@type":"OpeningHoursSpecification","dayOfWeek":["Monday","Tuesday","Wednesday","Thursday","Friday","Saturday","Sunday"],"opens":"00:00","closes":"23:59"}],"email":"info@egytourpackages.com","areaServed":"Cairo, Hurghada, Luxor, Sharm El Sheikh, Marsa Alam, Aswan","priceRange":"$","currenciesAccepted":"euro","paymentAccepted":"Payment links online"},{"@type":"PostalAddress","@id":"https:\/\/egytourpackages.com\/cs\/prohlidky\/vylet-do-nubijske-vesnice-v-asuanu-lodi\/#local-main-place-address","streetAddress":"Mubarak 8, Al Kawthar District, Hurghada","addressLocality":"Hurghada","postalCode":"84511","addressRegion":"Red Sea","addressCountry":"EG"},{"@type":"ImageObject","inLanguage":"cs","@id":"https:\/\/egytourpackages.com\/cs\/prohlidky\/vylet-do-nubijske-vesnice-v-asuanu-lodi\/#local-main-organization-logo","url":"https:\/\/egytourpackages.com\/wp-content\/uploads\/2025\/12\/Turquoise-Dahabiya-Nile-Cruise-1.jpeg","contentUrl":"https:\/\/egytourpackages.com\/wp-content\/uploads\/2025\/12\/Turquoise-Dahabiya-Nile-Cruise-1.jpeg","width":1040,"height":694,"caption":"egypt tour packages"}]},"product_brand":"Jednodenn\u00ed v\u00fdlet do Asu\u00e1nu","product_price_amount":"40","product_price_currency":"EUR","og_availability":"instock","product_availability":"instock","product_retailer_item_id":"ADT02","product_condition":"new","geo.placename":"Hurghada","geo.region":"Egypt"},"_links":{"self":[{"href":"https:\/\/egytourpackages.com\/cs\/wp-json\/wp\/v2\/product\/4562","targetHints":{"allow":["GET"]}}],"collection":[{"href":"https:\/\/egytourpackages.com\/cs\/wp-json\/wp\/v2\/product"}],"about":[{"href":"https:\/\/egytourpackages.com\/cs\/wp-json\/wp\/v2\/types\/product"}],"replies":[{"embeddable":true,"href":"https:\/\/egytourpackages.com\/cs\/wp-json\/wp\/v2\/comments?post=4562"}],"wp:featuredmedia":[{"embeddable":true,"href":"https:\/\/egytourpackages.com\/cs\/wp-json\/wp\/v2\/media\/2974"}],"wp:attachment":[{"href":"https:\/\/egytourpackages.com\/cs\/wp-json\/wp\/v2\/media?parent=4562"}],"wp:term":[{"taxonomy":"product_brand","embeddable":true,"href":"https:\/\/egytourpackages.com\/cs\/wp-json\/wp\/v2\/product_brand?post=4562"},{"taxonomy":"product_cat","embeddable":true,"href":"https:\/\/egytourpackages.com\/cs\/wp-json\/wp\/v2\/product_cat?post=4562"},{"taxonomy":"product_tag","embeddable":true,"href":"https:\/\/egytourpackages.com\/cs\/wp-json\/wp\/v2\/product_tag?post=4562"}],"curies":[{"name":"wp","href":"https:\/\/api.w.org\/{rel}","templated":true}]}}