{"id":4593,"date":"2025-05-25T13:58:33","date_gmt":"2025-05-25T13:58:33","guid":{"rendered":"https:\/\/egytourpackages.com\/product\/soukromy-transfer-z-letiste-hurghada-do-oberoi-sahl-hasheesh\/"},"modified":"2026-01-04T11:06:53","modified_gmt":"2026-01-04T11:06:53","slug":"soukromy-transfer-z-letiste-hurghada-do-oberoi-sahl-hasheesh","status":"publish","type":"product","link":"https:\/\/egytourpackages.com\/cs\/prohlidky\/soukromy-transfer-z-letiste-hurghada-do-oberoi-sahl-hasheesh\/","title":{"rendered":"Soukrom\u00fd transfer z leti\u0161t\u011b Hurghada do Oberoi Sahl Hasheesh"},"content":{"rendered":"<p><span style=\"color: #ff6600;\"><strong>Soukrom\u00fd transfer z leti\u0161t\u011b Hurghada do Oberoi Sahl Hasheesh <\/strong><\/span><\/p>\n<p><strong>| Rezervace luxusn\u00edho soukrom\u00e9ho transferu | Slu\u017eby Mercedes-Benz<\/strong><\/p>\n<p><strong>Soukrom\u00fd transfer z leti\u0161t\u011b Hurghada<\/strong> do hotelu <strong>Oberoi Sahl Hasheesh<\/strong> je nejrychlej\u0161\u00ed zp\u016fsob, jak se dostat z <strong>leti\u0161t\u011b Hurghada<\/strong> do hotel\u016f v Sahl Hasheesh. <strong>Egy tour packages<\/strong> nab\u00edz\u00ed soukrom\u00e9 <strong>Taxi Hurghada transfers<\/strong> s luxusn\u00edm, bezstresov\u00fdm transferem z leti\u0161t\u011b v pr\u00e9miov\u00e9m vozidle <strong>Mercedes-Benz<\/strong>.<\/p>\n<p>Rezervujte si <strong>transfer do resortu Oberoi Sahl Hasheesh<\/strong> p\u0159es WhatsApp, e-mail nebo telefon. P\u0159i rezervaci <strong>Taxi Hurghada airport transferu<\/strong> jednodu\u0161e uve\u010fte \u010d\u00edslo letu, \u010das p\u0159\u00edletu a my se postar\u00e1me o zbytek. Ve skute\u010dnosti fungujeme 24 hodin denn\u011b se skupinou modern\u00edch a klimatizovan\u00fdch vozidel a vyzvedneme v\u00e1s kdykoli z <strong>leti\u0161t\u011b Hurghada<\/strong>. Tento <strong>leti\u0161tn\u00ed transfer<\/strong> je ide\u00e1ln\u00ed pro p\u00e1ry, rodiny nebo s\u00f3lov\u00e9 cestovatele hledaj\u00edc\u00ed pohodl\u00ed a komfort, tato exkluzivn\u00ed slu\u017eba zaru\u010duje.<\/p>\n<p>V\u00e1\u0161 \u0159idi\u010d na v\u00e1s bude \u010dekat p\u0159ed p\u0159\u00edletovou halou s cedul\u00ed s va\u0161\u00edm jm\u00e9nem, aby v\u00e1m pomohl se zavazadly. V d\u016fsledku toho zapome\u0148te na stres a u\u017eijte si sv\u016fj transfer na cest\u011b z <strong>leti\u0161t\u011b Hurghada<\/strong> do va\u0161eho hotelu v <strong>Sahl Hasheesh<\/strong>.<\/p>\n<ul>\n<li>Soukrom\u00fd transfer od dve\u0159\u00ed ke dve\u0159\u00edm<\/li>\n<li>Luxusn\u00ed vozidlo Mercedes-Benz<\/li>\n<li>V\u010dasn\u00e9 vyzvednut\u00ed se sledov\u00e1n\u00edm letu<\/li>\n<li>\u017d\u00e1dn\u00e9 skryt\u00e9 poplatky ani zpo\u017ed\u011bn\u00ed<\/li>\n<\/ul>\n<h3><span style=\"color: #ff6600;\">PC<\/span><\/h3>\n<p>Upozor\u0148ujeme, \u017ee na\u0161e cena za <strong>transfery z leti\u0161t\u011b Hurghada<\/strong> do <strong>Oberoi Sahl Hasheesh<\/strong> je za vozidlo a nejsou zde \u017e\u00e1dn\u00e1 skryt\u00e1 p\u0159ekvapen\u00ed. Pro v\u00edce informac\u00ed o <strong>taxi transferech z leti\u0161t\u011b Hurghada<\/strong> pros\u00edm zkontrolujte na\u0161i sekci <strong>leti\u0161tn\u00ed transfery<\/strong>.<\/p>\n<h3><span style=\"color: #ff6600;\">Cena luxusn\u00edho transferu z leti\u0161t\u011b Hurghada do hotel\u016f Soma Bay<\/span><\/h3>\n<p>Za vozidlo 120 \u20ac<\/p>\n<h3><span style=\"color: #ff6600;\">Rezervace<\/span><\/h3>\n<p>Svou prohl\u00eddku si m\u016f\u017eete rezervovat p\u0159es WhatsApp nebo n\u00e1m poslat e-mail a obdr\u017e\u00edte potvrzen\u00ed na m\u00edst\u011b. Pros\u00edm, za\u0161lete n\u00e1m n\u00e1zev va\u0161eho hotelu, \u010d\u00edslo pokoje, kopie pas\u016f.<\/p>\n<p><strong>WhatsApp \u010d\u00edslo<\/strong> +201000852186<\/p>\n<p>info@ehytourpackages.com<\/p>\n<h3><span style=\"color: #ff6600;\">Rezervujte hned &amp; Pla\u0165te na m\u00edst\u011b<\/span><\/h3>\n<p>Zarezervujte si svou obl\u00edbenou prohl\u00eddku a zapla\u0165te v den v\u00fdletu.<\/p>\n<h3><span style=\"color: #ff6600;\">Platba<\/span><\/h3>\n<p>M\u016f\u017eete platit egyptsk\u00fdmi librami, $, \u20ac\u200e nebo \u00a3.<\/p>\n<h3><span style=\"color: #ff6600;\">Storno podm\u00ednky<\/span><\/h3>\n<p>Zru\u0161en\u00ed je zdarma a\u017e 24 hodin p\u0159edem.<\/p>\n","protected":false},"excerpt":{"rendered":"<p>Soukrom\u00fd transfer z leti\u0161t\u011b Hurghada do Oberoi Sahl Hasheesh | U\u017eijte si cestu bez stresu v luxusn\u00edm vozidle Mercedes s pohodl\u00edm a eleganc\u00ed.<\/p>\n","protected":false},"featured_media":3644,"comment_status":"open","ping_status":"closed","template":"","meta":[],"product_brand":[],"product_cat":[1466],"product_tag":[1470,2392],"class_list":{"0":"post-4593","1":"product","2":"type-product","3":"status-publish","4":"has-post-thumbnail","6":"product_cat-vylety","7":"product_tag-jednodenni-vylety-po-egypte","8":"product_tag-letistni-transfery","9":"tour_category-jednodenni-vylety-po-egypte-cs","10":"tour_category-transfery-z-letiste-a-na-letiste","12":"first","13":"instock","14":"sale","15":"shipping-taxable","16":"purchasable","17":"product-type-tour","18":"has-default-attributes"},"yoast_head":"<!-- This site is optimized with the Yoast SEO Premium plugin v27.2 (Yoast SEO v27.2) - https:\/\/yoast.com\/product\/yoast-seo-premium-wordpress\/ -->\n<title>Soukrom\u00fd transfer z leti\u0161t\u011b Hurghada do Oberoi Sahl Hasheesh<\/title>\n<meta name=\"description\" content=\"Soukrom\u00fd transfer z leti\u0161t\u011b Hurghada do Oberoi Sahl Hasheesh | U\u017eijte si cestu bez stresu v luxusn\u00edm vozidle Mercedes s pohodl\u00edm a eleganc\u00ed.\" \/>\n<meta name=\"robots\" content=\"index, follow, max-snippet:-1, max-image-preview:large, max-video-preview:-1\" \/>\n<link rel=\"canonical\" href=\"https:\/\/egytourpackages.com\/cs\/prohlidky\/soukromy-transfer-z-letiste-hurghada-do-oberoi-sahl-hasheesh\/\" \/>\n<meta property=\"og:locale\" content=\"cs_CZ\" \/>\n<meta property=\"og:type\" content=\"article\" \/>\n<meta property=\"og:title\" content=\"Soukrom\u00fd transfer z leti\u0161t\u011b Hurghada do Oberoi Sahl Hasheesh\" \/>\n<meta property=\"og:description\" content=\"Soukrom\u00fd transfer z leti\u0161t\u011b Hurghada do Oberoi Sahl Hasheesh | U\u017eijte si cestu bez stresu v luxusn\u00edm vozidle Mercedes s pohodl\u00edm a eleganc\u00ed.\" \/>\n<meta property=\"og:url\" content=\"https:\/\/egytourpackages.com\/cs\/prohlidky\/soukromy-transfer-z-letiste-hurghada-do-oberoi-sahl-hasheesh\/\" \/>\n<meta property=\"og:site_name\" content=\"Z\u00e1jezdy po Egypt\u011b\" \/>\n<meta property=\"article:publisher\" content=\"https:\/\/www.facebook.com\/egytourpackages\" \/>\n<meta property=\"article:modified_time\" content=\"2026-01-04T11:06:53+00:00\" \/>\n<meta property=\"og:image\" content=\"https:\/\/egytourpackages.com\/wp-content\/uploads\/2025\/05\/AIRPORT-TRANSFERS-1024x768.jpg\" \/>\n<meta name=\"twitter:card\" content=\"summary_large_image\" \/>\n<meta name=\"twitter:title\" content=\"Soukrom\u00fd transfer z leti\u0161t\u011b Hurghada do Oberoi Sahl Hasheesh\" \/>\n<meta name=\"twitter:label1\" content=\"Cena\" \/>\n\t<meta name=\"twitter:data1\" content=\"&euro;0\" \/>\n\t<meta name=\"twitter:label2\" content=\"Dostupnost\" \/>\n\t<meta name=\"twitter:data2\" content=\"Skladem\" \/>\n<script type=\"application\/ld+json\" class=\"yoast-schema-graph\">{\"@context\":\"https:\/\/schema.org\",\"@graph\":[{\"@type\":\"WebPage\",\"@id\":\"https:\/\/egytourpackages.com\/cs\/prohlidky\/soukromy-transfer-z-letiste-hurghada-do-oberoi-sahl-hasheesh\/\",\"url\":\"https:\/\/egytourpackages.com\/cs\/prohlidky\/soukromy-transfer-z-letiste-hurghada-do-oberoi-sahl-hasheesh\/\",\"name\":\"Soukrom\u00fd transfer z leti\u0161t\u011b Hurghada do Oberoi Sahl Hasheesh\",\"isPartOf\":{\"@id\":\"https:\/\/egytourpackages.com\/cs\/#website\"},\"primaryImageOfPage\":{\"@id\":\"https:\/\/egytourpackages.com\/cs\/prohlidky\/soukromy-transfer-z-letiste-hurghada-do-oberoi-sahl-hasheesh\/#primaryimage\"},\"image\":{\"@id\":\"https:\/\/egytourpackages.com\/cs\/prohlidky\/soukromy-transfer-z-letiste-hurghada-do-oberoi-sahl-hasheesh\/#primaryimage\"},\"thumbnailUrl\":\"https:\/\/egytourpackages.com\/wp-content\/uploads\/2025\/05\/AIRPORT-TRANSFERS.jpg\",\"datePublished\":\"2025-05-25T13:58:33+00:00\",\"dateModified\":\"2026-01-04T11:06:53+00:00\",\"description\":\"Soukrom\u00fd transfer z leti\u0161t\u011b Hurghada do Oberoi Sahl Hasheesh | U\u017eijte si cestu bez stresu v luxusn\u00edm vozidle Mercedes s pohodl\u00edm a eleganc\u00ed.\",\"breadcrumb\":{\"@id\":\"https:\/\/egytourpackages.com\/cs\/prohlidky\/soukromy-transfer-z-letiste-hurghada-do-oberoi-sahl-hasheesh\/#breadcrumb\"},\"inLanguage\":\"cs\",\"potentialAction\":[{\"@type\":\"ReadAction\",\"target\":[\"https:\/\/egytourpackages.com\/cs\/prohlidky\/soukromy-transfer-z-letiste-hurghada-do-oberoi-sahl-hasheesh\/\"]}]},{\"@type\":\"ImageObject\",\"inLanguage\":\"cs\",\"@id\":\"https:\/\/egytourpackages.com\/cs\/prohlidky\/soukromy-transfer-z-letiste-hurghada-do-oberoi-sahl-hasheesh\/#primaryimage\",\"url\":\"https:\/\/egytourpackages.com\/wp-content\/uploads\/2025\/05\/AIRPORT-TRANSFERS.jpg\",\"contentUrl\":\"https:\/\/egytourpackages.com\/wp-content\/uploads\/2025\/05\/AIRPORT-TRANSFERS.jpg\",\"width\":2000,\"height\":1500,\"caption\":\"Soukrom\u00fd transfer z leti\u0161t\u011b Hurghada do Oberoi Sahl Hasheesh\"},{\"@type\":\"BreadcrumbList\",\"@id\":\"https:\/\/egytourpackages.com\/cs\/prohlidky\/soukromy-transfer-z-letiste-hurghada-do-oberoi-sahl-hasheesh\/#breadcrumb\",\"itemListElement\":[{\"@type\":\"ListItem\",\"position\":1,\"name\":\"Dom\u016f\",\"item\":\"https:\/\/egytourpackages.com\/cs\/balicky-vyletu-po-egypte\/\"},{\"@type\":\"ListItem\",\"position\":2,\"name\":\"Shop\",\"item\":\"https:\/\/egytourpackages.com\/cs\/shop\/\"},{\"@type\":\"ListItem\",\"position\":3,\"name\":\"Soukrom\u00fd transfer z leti\u0161t\u011b Hurghada do Oberoi Sahl Hasheesh\"}]},{\"@type\":\"WebSite\",\"@id\":\"https:\/\/egytourpackages.com\/cs\/#website\",\"url\":\"https:\/\/egytourpackages.com\/cs\/\",\"name\":\"Egy tour packages\",\"description\":\"\",\"publisher\":{\"@id\":\"https:\/\/egytourpackages.com\/cs\/#organization\"},\"potentialAction\":[{\"@type\":\"SearchAction\",\"target\":{\"@type\":\"EntryPoint\",\"urlTemplate\":\"https:\/\/egytourpackages.com\/cs\/?s={search_term_string}\"},\"query-input\":{\"@type\":\"PropertyValueSpecification\",\"valueRequired\":true,\"valueName\":\"search_term_string\"}}],\"inLanguage\":\"cs\"},{\"@type\":[\"Organization\",\"Place\",\"TravelAgency\"],\"@id\":\"https:\/\/egytourpackages.com\/cs\/#organization\",\"name\":\"egypt tour packages\",\"alternateName\":\"egypt tour packages\",\"url\":\"https:\/\/egytourpackages.com\/cs\/\",\"logo\":{\"@id\":\"https:\/\/egytourpackages.com\/cs\/prohlidky\/soukromy-transfer-z-letiste-hurghada-do-oberoi-sahl-hasheesh\/#local-main-organization-logo\"},\"image\":{\"@id\":\"https:\/\/egytourpackages.com\/cs\/prohlidky\/soukromy-transfer-z-letiste-hurghada-do-oberoi-sahl-hasheesh\/#local-main-organization-logo\"},\"sameAs\":[\"https:\/\/www.facebook.com\/egytourpackages\"],\"legalName\":\"Egy tour packages\",\"address\":{\"@id\":\"https:\/\/egytourpackages.com\/cs\/prohlidky\/soukromy-transfer-z-letiste-hurghada-do-oberoi-sahl-hasheesh\/#local-main-place-address\"},\"telephone\":[\"00201000852186\",\"00201028685533\"],\"contactPoint\":{\"@type\":\"ContactPoint\",\"telephone\":\"00201000852186\"},\"openingHoursSpecification\":[{\"@type\":\"OpeningHoursSpecification\",\"dayOfWeek\":[\"Monday\",\"Tuesday\",\"Wednesday\",\"Thursday\",\"Friday\",\"Saturday\",\"Sunday\"],\"opens\":\"00:00\",\"closes\":\"23:59\"}],\"email\":\"info@egytourpackages.com\",\"areaServed\":\"Cairo, Hurghada, Luxor, Sharm El Sheikh, Marsa Alam, Aswan\",\"priceRange\":\"$\",\"currenciesAccepted\":\"euro\",\"paymentAccepted\":\"Payment links online\"},{\"@type\":\"PostalAddress\",\"@id\":\"https:\/\/egytourpackages.com\/cs\/prohlidky\/soukromy-transfer-z-letiste-hurghada-do-oberoi-sahl-hasheesh\/#local-main-place-address\",\"streetAddress\":\"Mubarak 8, Al Kawthar District, Hurghada\",\"addressLocality\":\"Hurghada\",\"postalCode\":\"84511\",\"addressRegion\":\"Red Sea\",\"addressCountry\":\"EG\"},{\"@type\":\"ImageObject\",\"inLanguage\":\"cs\",\"@id\":\"https:\/\/egytourpackages.com\/cs\/prohlidky\/soukromy-transfer-z-letiste-hurghada-do-oberoi-sahl-hasheesh\/#local-main-organization-logo\",\"url\":\"https:\/\/egytourpackages.com\/wp-content\/uploads\/2025\/12\/Turquoise-Dahabiya-Nile-Cruise-1.jpeg\",\"contentUrl\":\"https:\/\/egytourpackages.com\/wp-content\/uploads\/2025\/12\/Turquoise-Dahabiya-Nile-Cruise-1.jpeg\",\"width\":1040,\"height\":694,\"caption\":\"egypt tour packages\"}]}<\/script>\n<meta property=\"product:brand\" content=\"Jednodenn\u00ed v\u00fdlety po Egypt\u011b\" \/>\n<meta property=\"product:price:amount\" content=\"0\" \/>\n<meta property=\"product:price:currency\" content=\"EUR\" \/>\n<meta property=\"og:availability\" content=\"instock\" \/>\n<meta property=\"product:availability\" content=\"instock\" \/>\n<meta property=\"product:retailer_item_id\" content=\"AT 03\" \/>\n<meta property=\"product:condition\" content=\"new\" \/>\n<meta name=\"geo.placename\" content=\"Hurghada\" \/>\n<meta name=\"geo.region\" content=\"Egypt\" \/>\n<!-- \/ Yoast SEO Premium plugin. -->","yoast_head_json":{"title":"Soukrom\u00fd transfer z leti\u0161t\u011b Hurghada do Oberoi Sahl Hasheesh","description":"Soukrom\u00fd transfer z leti\u0161t\u011b Hurghada do Oberoi Sahl Hasheesh | U\u017eijte si cestu bez stresu v luxusn\u00edm vozidle Mercedes s pohodl\u00edm a eleganc\u00ed.","robots":{"index":"index","follow":"follow","max-snippet":"max-snippet:-1","max-image-preview":"max-image-preview:large","max-video-preview":"max-video-preview:-1"},"canonical":"https:\/\/egytourpackages.com\/cs\/prohlidky\/soukromy-transfer-z-letiste-hurghada-do-oberoi-sahl-hasheesh\/","og_locale":"cs_CZ","og_type":"article","og_title":"Soukrom\u00fd transfer z leti\u0161t\u011b Hurghada do Oberoi Sahl Hasheesh","og_description":"Soukrom\u00fd transfer z leti\u0161t\u011b Hurghada do Oberoi Sahl Hasheesh | U\u017eijte si cestu bez stresu v luxusn\u00edm vozidle Mercedes s pohodl\u00edm a eleganc\u00ed.","og_url":"https:\/\/egytourpackages.com\/cs\/prohlidky\/soukromy-transfer-z-letiste-hurghada-do-oberoi-sahl-hasheesh\/","og_site_name":"Z\u00e1jezdy po Egypt\u011b","article_publisher":"https:\/\/www.facebook.com\/egytourpackages","article_modified_time":"2026-01-04T11:06:53+00:00","og_image":[{"url":"https:\/\/egytourpackages.com\/wp-content\/uploads\/2025\/05\/AIRPORT-TRANSFERS-1024x768.jpg","type":"","width":"","height":""}],"twitter_card":"summary_large_image","twitter_title":"Soukrom\u00fd transfer z leti\u0161t\u011b Hurghada do Oberoi Sahl Hasheesh","twitter_misc":{"Cena":"&euro;0","Dostupnost":"Skladem"},"schema":{"@context":"https:\/\/schema.org","@graph":[{"@type":"WebPage","@id":"https:\/\/egytourpackages.com\/cs\/prohlidky\/soukromy-transfer-z-letiste-hurghada-do-oberoi-sahl-hasheesh\/","url":"https:\/\/egytourpackages.com\/cs\/prohlidky\/soukromy-transfer-z-letiste-hurghada-do-oberoi-sahl-hasheesh\/","name":"Soukrom\u00fd transfer z leti\u0161t\u011b Hurghada do Oberoi Sahl Hasheesh","isPartOf":{"@id":"https:\/\/egytourpackages.com\/cs\/#website"},"primaryImageOfPage":{"@id":"https:\/\/egytourpackages.com\/cs\/prohlidky\/soukromy-transfer-z-letiste-hurghada-do-oberoi-sahl-hasheesh\/#primaryimage"},"image":{"@id":"https:\/\/egytourpackages.com\/cs\/prohlidky\/soukromy-transfer-z-letiste-hurghada-do-oberoi-sahl-hasheesh\/#primaryimage"},"thumbnailUrl":"https:\/\/egytourpackages.com\/wp-content\/uploads\/2025\/05\/AIRPORT-TRANSFERS.jpg","datePublished":"2025-05-25T13:58:33+00:00","dateModified":"2026-01-04T11:06:53+00:00","description":"Soukrom\u00fd transfer z leti\u0161t\u011b Hurghada do Oberoi Sahl Hasheesh | U\u017eijte si cestu bez stresu v luxusn\u00edm vozidle Mercedes s pohodl\u00edm a eleganc\u00ed.","breadcrumb":{"@id":"https:\/\/egytourpackages.com\/cs\/prohlidky\/soukromy-transfer-z-letiste-hurghada-do-oberoi-sahl-hasheesh\/#breadcrumb"},"inLanguage":"cs","potentialAction":[{"@type":"ReadAction","target":["https:\/\/egytourpackages.com\/cs\/prohlidky\/soukromy-transfer-z-letiste-hurghada-do-oberoi-sahl-hasheesh\/"]}]},{"@type":"ImageObject","inLanguage":"cs","@id":"https:\/\/egytourpackages.com\/cs\/prohlidky\/soukromy-transfer-z-letiste-hurghada-do-oberoi-sahl-hasheesh\/#primaryimage","url":"https:\/\/egytourpackages.com\/wp-content\/uploads\/2025\/05\/AIRPORT-TRANSFERS.jpg","contentUrl":"https:\/\/egytourpackages.com\/wp-content\/uploads\/2025\/05\/AIRPORT-TRANSFERS.jpg","width":2000,"height":1500,"caption":"Soukrom\u00fd transfer z leti\u0161t\u011b Hurghada do Oberoi Sahl Hasheesh"},{"@type":"BreadcrumbList","@id":"https:\/\/egytourpackages.com\/cs\/prohlidky\/soukromy-transfer-z-letiste-hurghada-do-oberoi-sahl-hasheesh\/#breadcrumb","itemListElement":[{"@type":"ListItem","position":1,"name":"Dom\u016f","item":"https:\/\/egytourpackages.com\/cs\/balicky-vyletu-po-egypte\/"},{"@type":"ListItem","position":2,"name":"Shop","item":"https:\/\/egytourpackages.com\/cs\/shop\/"},{"@type":"ListItem","position":3,"name":"Soukrom\u00fd transfer z leti\u0161t\u011b Hurghada do Oberoi Sahl Hasheesh"}]},{"@type":"WebSite","@id":"https:\/\/egytourpackages.com\/cs\/#website","url":"https:\/\/egytourpackages.com\/cs\/","name":"Egy tour packages","description":"","publisher":{"@id":"https:\/\/egytourpackages.com\/cs\/#organization"},"potentialAction":[{"@type":"SearchAction","target":{"@type":"EntryPoint","urlTemplate":"https:\/\/egytourpackages.com\/cs\/?s={search_term_string}"},"query-input":{"@type":"PropertyValueSpecification","valueRequired":true,"valueName":"search_term_string"}}],"inLanguage":"cs"},{"@type":["Organization","Place","TravelAgency"],"@id":"https:\/\/egytourpackages.com\/cs\/#organization","name":"egypt tour packages","alternateName":"egypt tour packages","url":"https:\/\/egytourpackages.com\/cs\/","logo":{"@id":"https:\/\/egytourpackages.com\/cs\/prohlidky\/soukromy-transfer-z-letiste-hurghada-do-oberoi-sahl-hasheesh\/#local-main-organization-logo"},"image":{"@id":"https:\/\/egytourpackages.com\/cs\/prohlidky\/soukromy-transfer-z-letiste-hurghada-do-oberoi-sahl-hasheesh\/#local-main-organization-logo"},"sameAs":["https:\/\/www.facebook.com\/egytourpackages"],"legalName":"Egy tour packages","address":{"@id":"https:\/\/egytourpackages.com\/cs\/prohlidky\/soukromy-transfer-z-letiste-hurghada-do-oberoi-sahl-hasheesh\/#local-main-place-address"},"telephone":["00201000852186","00201028685533"],"contactPoint":{"@type":"ContactPoint","telephone":"00201000852186"},"openingHoursSpecification":[{"@type":"OpeningHoursSpecification","dayOfWeek":["Monday","Tuesday","Wednesday","Thursday","Friday","Saturday","Sunday"],"opens":"00:00","closes":"23:59"}],"email":"info@egytourpackages.com","areaServed":"Cairo, Hurghada, Luxor, Sharm El Sheikh, Marsa Alam, Aswan","priceRange":"$","currenciesAccepted":"euro","paymentAccepted":"Payment links online"},{"@type":"PostalAddress","@id":"https:\/\/egytourpackages.com\/cs\/prohlidky\/soukromy-transfer-z-letiste-hurghada-do-oberoi-sahl-hasheesh\/#local-main-place-address","streetAddress":"Mubarak 8, Al Kawthar District, Hurghada","addressLocality":"Hurghada","postalCode":"84511","addressRegion":"Red Sea","addressCountry":"EG"},{"@type":"ImageObject","inLanguage":"cs","@id":"https:\/\/egytourpackages.com\/cs\/prohlidky\/soukromy-transfer-z-letiste-hurghada-do-oberoi-sahl-hasheesh\/#local-main-organization-logo","url":"https:\/\/egytourpackages.com\/wp-content\/uploads\/2025\/12\/Turquoise-Dahabiya-Nile-Cruise-1.jpeg","contentUrl":"https:\/\/egytourpackages.com\/wp-content\/uploads\/2025\/12\/Turquoise-Dahabiya-Nile-Cruise-1.jpeg","width":1040,"height":694,"caption":"egypt tour packages"}]},"product_brand":"Jednodenn\u00ed v\u00fdlety po Egypt\u011b","product_price_currency":"EUR","og_availability":"instock","product_availability":"instock","product_retailer_item_id":"AT 03","product_condition":"new","geo.placename":"Hurghada","geo.region":"Egypt"},"_links":{"self":[{"href":"https:\/\/egytourpackages.com\/cs\/wp-json\/wp\/v2\/product\/4593","targetHints":{"allow":["GET"]}}],"collection":[{"href":"https:\/\/egytourpackages.com\/cs\/wp-json\/wp\/v2\/product"}],"about":[{"href":"https:\/\/egytourpackages.com\/cs\/wp-json\/wp\/v2\/types\/product"}],"replies":[{"embeddable":true,"href":"https:\/\/egytourpackages.com\/cs\/wp-json\/wp\/v2\/comments?post=4593"}],"wp:featuredmedia":[{"embeddable":true,"href":"https:\/\/egytourpackages.com\/cs\/wp-json\/wp\/v2\/media\/3644"}],"wp:attachment":[{"href":"https:\/\/egytourpackages.com\/cs\/wp-json\/wp\/v2\/media?parent=4593"}],"wp:term":[{"taxonomy":"product_brand","embeddable":true,"href":"https:\/\/egytourpackages.com\/cs\/wp-json\/wp\/v2\/product_brand?post=4593"},{"taxonomy":"product_cat","embeddable":true,"href":"https:\/\/egytourpackages.com\/cs\/wp-json\/wp\/v2\/product_cat?post=4593"},{"taxonomy":"product_tag","embeddable":true,"href":"https:\/\/egytourpackages.com\/cs\/wp-json\/wp\/v2\/product_tag?post=4593"}],"curies":[{"name":"wp","href":"https:\/\/api.w.org\/{rel}","templated":true}]}}