{"id":4692,"date":"2023-09-30T17:58:24","date_gmt":"2023-09-30T17:58:24","guid":{"rendered":"https:\/\/egytourpackages.com\/product\/3-dny-kahira-a-oaza-bahariya-z-hurghady\/"},"modified":"2026-01-27T01:03:05","modified_gmt":"2026-01-27T01:03:05","slug":"3-dny-kahira-a-oaza-bahariya-z-hurghady","status":"publish","type":"product","link":"https:\/\/egytourpackages.com\/cs\/prohlidky\/3-dny-kahira-a-oaza-bahariya-z-hurghady\/","title":{"rendered":"3 dny K\u00e1hira a o\u00e1za Bahariya z Hurghady"},"content":{"rendered":"<p><span style=\"color: #ff6600;\"><strong>3 dny K\u00e1hira a o\u00e1za Bahariya z Hurghady | Nejlep\u0161\u00ed v\u00fdlety z Hurghady<\/strong><\/span><\/p>\n<p><strong>3 dny K\u00e1hira a o\u00e1za Bahariya z Hurghady<\/strong> je jeden z nejlep\u0161\u00edch <strong>jednodenn\u00edch v\u00fdlet\u016f z Hurghady<\/strong> pro ty, kte\u0159\u00ed se cht\u011bj\u00ed dozv\u011bd\u011bt v\u00edce o <strong>starov\u011bk\u00e9 egyptsk\u00e9 historii<\/strong> a <strong>starov\u011bk\u00e9 egyptsk\u00e9 civilizaci<\/strong>. U\u017eijte si soukrom\u00e9 auto a soukrom\u00e9ho pr\u016fvodce k prozkoum\u00e1n\u00ed <strong>turistick\u00fdch atrakc\u00ed K\u00e1hiry<\/strong> b\u011bhem va\u0161ich <strong>jednodenn\u00edch v\u00fdlet\u016f do K\u00e1hiry<\/strong>. Krom\u011b <strong>k\u00e1hirsk\u00fdch pam\u00e1tek<\/strong>, jako je <strong>Velk\u00e9 egyptsk\u00e9 muzeum<\/strong>, <strong>Cheopsova pyramida<\/strong>, <strong>Velk\u00e1 sfinga<\/strong> a <strong>pyramidy v G\u00edze<\/strong>, si u\u017eijete tak\u00e9 <strong>egyptsk\u00e9 o\u00e1zy<\/strong>. Nap\u0159\u00edklad objev\u00edte <strong>\u010cernou pou\u0161\u0165<\/strong>, <strong>B\u00edlou pou\u0161\u0165<\/strong>, <strong>K\u0159i\u0161\u0165\u00e1lovou horu<\/strong> a vesnici El Heiz jako sou\u010d\u00e1st va\u0161ich <strong>pozn\u00e1vac\u00edch z\u00e1jezd\u016f do Egypta<\/strong>. Egy Tour Packages nab\u00edz\u00ed <strong>rodinn\u00e9 bal\u00ed\u010dky<\/strong>, <strong>klasick\u00e9 z\u00e1jezdy<\/strong>, <strong>pou\u0161tn\u00ed safari z\u00e1jezdy<\/strong> a <strong>luxusn\u00ed z\u00e1jezdy<\/strong>, abyste si z <strong>egyptsk\u00fdch z\u00e1jezd\u016f<\/strong> odnesli to nejlep\u0161\u00ed.<\/p>\n<h3><span style=\"color: #ff6600;\">Detaily z\u00e1jezdu<\/span><\/h3>\n<ul>\n<li><strong>D\u00e9lka<\/strong>: 3 dny \/ 2 noci<\/li>\n<li><strong>M\u00edsto z\u00e1jezdu<\/strong>: <strong>K\u00e1hira<\/strong> \/ <strong>Bahariya<\/strong> \/ <strong>Farafra<\/strong><\/li>\n<li><strong>Dostupnost z\u00e1jezdu<\/strong>: Denn\u011b na vy\u017e\u00e1d\u00e1n\u00ed<\/li>\n<li><strong>Vyzvednut\u00ed a odvoz<\/strong>: Hotely v <strong>Hurghad\u011b<\/strong>, Makadi Bay, Soma Bay, El Gouna, Sahl Hasheesh<\/li>\n<li><strong>Typ z\u00e1jezdu<\/strong>: Soukrom\u00fd<\/li>\n<\/ul>\n<h3><span style=\"color: #ff6600;\">Hlavn\u00ed body z\u00e1jezdu<\/span><\/h3>\n<ul>\n<li>K\u00e1hirsk\u00e9 pam\u00e1tky<\/li>\n<li>Pam\u00e1tky o\u00e1z Bahariya a Farafra<\/li>\n<\/ul>\n<h2><span style=\"color: #ff6600;\">Itiner\u00e1\u0159<\/span><\/h2>\n<h3><span style=\"color: #ff6600;\">Den 1 Hurghada \u2013 K\u00e1hira<\/span><\/h3>\n<p>V\u00e1\u0161 egyptologick\u00fd pr\u016fvodce se s v\u00e1mi setk\u00e1 v hotelov\u00e9 hale, abyste zah\u00e1jili dobrodru\u017estv\u00ed va\u0161ich <strong>pozn\u00e1vac\u00edch z\u00e1jezd\u016f do Egypta<\/strong>. Vyzvedn\u011bte si sn\u00edda\u0148ov\u00e9 bal\u00ed\u010dky, kter\u00e9 jste si objednali den p\u0159edem v hotelov\u00e9 hale, a pot\u00e9 nastupte do sv\u00e9ho klimatizovan\u00e9ho auta, abyste se vydali na cestu do <strong>K\u00e1hiry<\/strong>. P\u0159ekro\u010d\u00edte kontroln\u00ed bod od 03:00 a po cest\u011b si ud\u011bl\u00e1te k\u00e1vovou p\u0159est\u00e1vku kolem 06:00. Po p\u0159\u00edjezdu do K\u00e1hiry za\u010dnete s <strong>k\u00e1hirsk\u00fdmi pam\u00e1tkami<\/strong>, a to jednou z nejv\u011bt\u0161\u00edch atrakc\u00ed.<\/p>\n<p><strong>Egyptsk\u00e9 muzeum<\/strong><\/p>\n<p>U\u017eijte si p\u0159ibli\u017en\u011b dv\u011b hodiny obdivov\u00e1n\u00ed <strong>egyptsk\u00fdch artefakt\u016f<\/strong> z r\u016fzn\u00fdch obdob\u00ed, jako je prehistorick\u00e1 doba, <strong>Star\u00e1 \u0159\u00ed\u0161e<\/strong>, <strong>St\u0159edn\u00ed \u0159\u00ed\u0161e<\/strong>, <strong>Nov\u00e1 \u0159\u00ed\u0161e<\/strong> a pozd\u011bj\u0161\u00ed obdob\u00ed. Prohl\u00e9dn\u011bte si \u010d\u00e1st <strong>Tutanchamonov\u00fdch poklad\u016f<\/strong>, zv\u00ed\u0159ec\u00ed mumie, sochy <strong>Hat\u0161epsut<\/strong> a n\u011bkter\u00e9 st\u00e9ly. P\u0159esu\u0148te se s pr\u016fvodcem, abyste vid\u011bli sarkof\u00e1gy, ryb\u00e1\u0159sk\u00e9 lod\u011b, \u0161perky, papyry a <strong>galerii Achnatona<\/strong>. Na konci prohl\u00eddky p\u016fjdete na ob\u011bd do m\u00edstn\u00ed restaurace, ne\u017e se vyd\u00e1te na dal\u0161\u00ed zast\u00e1vku.<\/p>\n<p><strong>Pyramidy v G\u00edze<\/strong><\/p>\n<p>Otev\u0159ete sv\u00e9 srdce a mysl a poslouchejte od sv\u00e9ho pr\u016fvodce nejd\u016fle\u017eit\u011bj\u0161\u00ed \u010dty\u0159i ot\u00e1zky, kter\u00e9 v\u00e1s mohou napadnout p\u0159i n\u00e1v\u0161t\u011bv\u011b pyramid. Jak byly pyramidy postaveny? Kdo pyramidy postavil? Pro\u010d je postavili? A kdo je postavil? Za\u010dn\u011bte svou prohl\u00eddku <strong>pyramid v G\u00edze<\/strong> s <strong>Cheopsovou pyramidou<\/strong>, pot\u00e9 nav\u0161tivte <strong>kr\u00e1lovniny pyramidy<\/strong>, <strong>Chefrenovu pyramidu<\/strong> a zakon\u010dete <strong>Menkaureovou pyramidou<\/strong>. Pozd\u011bji se vyd\u00e1te do mumifika\u010dn\u00edho chr\u00e1mu a k <strong>Velk\u00e9 sfinze<\/strong>.<\/p>\n<p>Na konci prohl\u00eddky se p\u0159ipojte ke sv\u00e9mu pr\u016fvodci a odje\u010fte do va\u0161eho hotelu v <strong>K\u00e1hi\u0159e<\/strong>, abyste m\u011bli hladk\u00e9 ubytov\u00e1n\u00ed a p\u0159enocovali v hotelu.<\/p>\n<p><strong>J\u00eddla<\/strong>: Ob\u011bd<\/p>\n<h3><span style=\"color: #ff6600;\">Den 2 K\u00e1hira \u2013 Bahariya<\/span><\/h3>\n<p>Dop\u0159ejte si chutnou sn\u00eddani v hotelu a pot\u00e9 se vyd\u00e1te na cestu do <strong>o\u00e1zy Bahariya<\/strong>, co\u017e je p\u0159ibli\u017en\u011b \u010dty\u0159hodinov\u00e1 j\u00edzda s kr\u00e1tkou p\u0159est\u00e1vkou na k\u00e1vu a toaletu. Po p\u0159\u00edjezdu do Bahariye v\u00e1s pr\u016fvodce pou\u0161tn\u00edho safari z Egy Tour Packages p\u0159iv\u00edt\u00e1 ve sv\u00e9m dom\u011b, abyste zah\u00e1jili prohl\u00eddku velmi chutn\u00fdm dom\u00e1c\u00edm ob\u011bdem s tepl\u00fdmi a nealkoholick\u00fdmi n\u00e1poji. Pot\u00e9 nastoup\u00edte do sv\u00e9ho d\u017e\u00edpu 4&#215;4, abyste zah\u00e1jili sv\u00e9 pou\u0161tn\u00ed dobrodru\u017estv\u00ed.<\/p>\n<p>Svou prohl\u00eddku <strong>Bahariya<\/strong> za\u010dnete v <strong>\u010cern\u00e9 pou\u0161ti<\/strong>, kde uvid\u00edte <strong>horu El Marsos<\/strong> a dal\u0161\u00ed vrcholy pokryt\u00e9 vrstvami \u010dern\u00e9ho prachu a kamen\u016f. Jakmile se projdete, vylezete nebo po\u0159\u00edd\u00edte p\u011bkn\u00e9 fotografie, zam\u00ed\u0159\u00edme k na\u0161\u00ed dal\u0161\u00ed zast\u00e1vce, <strong>studen\u00e9mu prameni El Heiz<\/strong>. Obl\u00e9kn\u011bte si bikiny a u\u017eijte si sv\u011b\u017e\u00ed sprchu s typick\u00fdm \u010dajem s m\u00e1tou, ne\u017e se vyd\u00e1me k <strong>K\u0159i\u0161\u0165\u00e1lov\u00e9 ho\u0159e<\/strong>. Je to \u00fa\u017easn\u00e9 m\u00edsto z k\u0159emenn\u00e9ho krystalu a n\u011bjak\u00fdm zp\u016fsobem velmi energetick\u00e9 m\u00edsto.<\/p>\n<p>Dal\u0161\u00ed zast\u00e1vka na cest\u011b do <strong>B\u00edl\u00e9 pou\u0161t\u011b<\/strong> se naz\u00fdv\u00e1 oblast Aqabat neboli <strong>\u00dadol\u00ed Aqabat<\/strong> s \u00fa\u017easn\u00fdmi kamenn\u00fdmi \u00fatvary, kter\u00e9 vedou k p\u00edse\u010dn\u00fdm dun\u00e1m, kde si m\u016f\u017eete u\u017e\u00edt <strong>sandboarding<\/strong>. Po spoust\u011b z\u00e1bavy p\u0159i sandboardingu projedeme <strong>starou B\u00edlou pou\u0161\u0165<\/strong> na cest\u011b do <strong>Nov\u00e9 B\u00edl\u00e9 pou\u0161t\u011b<\/strong>. Noc str\u00e1v\u00edte kempov\u00e1n\u00edm v nov\u00e9 B\u00edl\u00e9 pou\u0161ti, u\u017eijete si BBQ ve\u010de\u0159i pod hv\u011bzdami a budete sp\u00e1t v jednol\u016f\u017ekov\u00e9m nebo dvoul\u016f\u017ekov\u00e9m stanu.<\/p>\n<p><strong>J\u00eddla<\/strong>: Sn\u00eddan\u011b, ob\u011bd, ve\u010de\u0159e<\/p>\n<h3><span style=\"color: #ff6600;\">Den 3 O\u00e1za Bahariya \u2013 K\u00e1hira \u2013 Hurghada<\/span><\/h3>\n<p>U\u017eijte si sn\u00eddani v kempu, ne\u017e se vyd\u00e1me prozkoumat <strong>Novou B\u00edlou pou\u0161\u0165<\/strong>, <strong>strom \u017eivota<\/strong>, <strong>\u00dadol\u00ed stol\u016f<\/strong> a \u00fa\u017easn\u00fd <strong>kr\u00e1li\u010d\u00ed k\u00e1men<\/strong>, <strong>ku\u0159ec\u00ed k\u00e1men<\/strong>, <strong>ku\u017eelov\u00fd k\u00e1men<\/strong>, ne\u017e se vyd\u00e1me zp\u011bt do Bahariye. Vychutnejte si dom\u00e1c\u00ed ob\u011bd, ne\u017e se vyd\u00e1te zp\u011bt do K\u00e1hiry a pojedete do Hurghady.<\/p>\n<p><strong>J\u00eddla<\/strong>: Sn\u00eddan\u011b, ob\u011bd<\/p>\n<h3><span style=\"color: #ff6600;\">Cena 3 dny K\u00e1hira a o\u00e1za Bahariya z Hurghady<\/span><\/h3>\n<ul>\n<li>Cena pro dosp\u011bl\u00e9ho = 500 \u20ac<\/li>\n<li>D\u011bti 0-5 let = zdarma<\/li>\n<li>D\u011bti 5-11 let = 50 % z ceny pro dosp\u011bl\u00e9ho<\/li>\n<\/ul>\n<h3><span style=\"color: #ff6600;\">Rezervace<\/span><\/h3>\n<p>Svou prohl\u00eddku si m\u016f\u017eete zarezervovat p\u0159es <strong>WhatsApp<\/strong> nebo n\u00e1m poslat <strong>e-mail<\/strong> a potvrzen\u00ed obdr\u017e\u00edte ihned.<\/p>\n<p>Pros\u00edm, za\u0161lete n\u00e1m n\u00e1zev va\u0161eho hotelu, \u010d\u00edslo pokoje, kopie pas\u016f.<\/p>\n<p><strong>WhatsApp<\/strong>: +201000852186<\/p>\n<p>info@egytourpackages.com<\/p>\n<h3><span style=\"color: #ff6600;\">Rezervujte ihned a zapla\u0165te na m\u00edst\u011b <\/span><\/h3>\n<p>Zarezervujte si sv\u016fj obl\u00edben\u00fd z\u00e1jezd a zapla\u0165te v den v\u00fdletu.<\/p>\n<h3><span style=\"color: #ff6600;\">Platba<\/span><\/h3>\n<p>M\u016f\u017eete platit v <strong>egyptsk\u00fdch libr\u00e1ch<\/strong>, $, \u20ac nebo \u00a3.<\/p>\n<h3><span style=\"color: #ff6600;\">Storno podm\u00ednky<\/span><\/h3>\n<p>Zru\u0161en\u00ed je zdarma do 24 hodin p\u0159edem. Rann\u00ed zru\u0161en\u00ed je 50 % z ceny.<\/p>\n","protected":false},"excerpt":{"rendered":"<p>Pro\u017eijte <b>3 dny K\u00e1hira a o\u00e1za Bahariya z Hurghady<\/b>! Poznejte pyramidy, sfingu, pou\u0161tn\u00ed kr\u00e1sy. Nezvykl\u00fd z\u00e1jezd do srdce Egypta \u010dek\u00e1!<\/p>\n","protected":false},"featured_media":3007,"comment_status":"open","ping_status":"closed","template":"","meta":[],"product_brand":[],"product_cat":[1466],"product_tag":[2499,2386,2344,2028],"class_list":{"0":"post-4692","1":"product","2":"type-product","3":"status-publish","4":"has-post-thumbnail","6":"product_cat-vylety","7":"product_tag-hurghada-cs","8":"product_tag-oaza-bahariya","9":"product_tag-pyramidy-v-gize","10":"product_tag-velke-egyptske-muzeum","11":"tour_category-3denni-zajezdy-do-egypta","12":"tour_category-jednodenni-vylety-po-egypte-cs","13":"tour_category-vylety-v-hurgade","15":"first","16":"instock","17":"sale","18":"shipping-taxable","19":"purchasable","20":"product-type-tour","21":"has-default-attributes"},"yoast_head":"<!-- This site is optimized with the Yoast SEO Premium plugin v27.4 (Yoast SEO v27.4) - https:\/\/yoast.com\/product\/yoast-seo-premium-wordpress\/ -->\n<title>3 dny K\u00e1hira a o\u00e1za Bahariya z Hurghady<\/title>\n<meta name=\"description\" content=\"Pro\u017eijte 3 dny K\u00e1hira a o\u00e1za Bahariya z Hurghady! Poznejte pyramidy, sfingu, pou\u0161tn\u00ed kr\u00e1sy. Nezvykl\u00fd z\u00e1jezd do srdce Egypta \u010dek\u00e1!\" \/>\n<meta name=\"robots\" content=\"index, follow, max-snippet:-1, max-image-preview:large, max-video-preview:-1\" \/>\n<link rel=\"canonical\" href=\"https:\/\/egytourpackages.com\/cs\/prohlidky\/3-dny-kahira-a-oaza-bahariya-z-hurghady\/\" \/>\n<meta property=\"og:locale\" content=\"cs_CZ\" \/>\n<meta property=\"og:type\" content=\"article\" \/>\n<meta property=\"og:title\" content=\"3 dny K\u00e1hira a o\u00e1za Bahariya z Hurghady\" \/>\n<meta property=\"og:description\" content=\"Pro\u017eijte 3 dny K\u00e1hira a o\u00e1za Bahariya z Hurghady! Poznejte pyramidy, sfingu, pou\u0161tn\u00ed kr\u00e1sy. Nezvykl\u00fd z\u00e1jezd do srdce Egypta \u010dek\u00e1!\" \/>\n<meta property=\"og:url\" content=\"https:\/\/egytourpackages.com\/cs\/prohlidky\/3-dny-kahira-a-oaza-bahariya-z-hurghady\/\" \/>\n<meta property=\"og:site_name\" content=\"Z\u00e1jezdy po Egypt\u011b\" \/>\n<meta property=\"article:publisher\" content=\"https:\/\/www.facebook.com\/egytourpackages\" \/>\n<meta property=\"article:modified_time\" content=\"2026-01-27T01:03:05+00:00\" \/>\n<meta property=\"og:image\" content=\"https:\/\/egytourpackages.com\/wp-content\/uploads\/2023\/09\/Camping-site-white-desert.jpg\" \/>\n\t<meta property=\"og:image:width\" content=\"2000\" \/>\n\t<meta property=\"og:image:height\" content=\"1500\" \/>\n\t<meta property=\"og:image:type\" content=\"image\/jpeg\" \/>\n<meta name=\"twitter:card\" content=\"summary_large_image\" \/>\n<meta name=\"twitter:title\" content=\"3 dny K\u00e1hira a o\u00e1za Bahariya z Hurghady\" \/>\n<meta name=\"twitter:description\" content=\"Pro\u017eijte 3 dny K\u00e1hira a o\u00e1za Bahariya z Hurghady! Poznejte pyramidy, sfingu, pou\u0161tn\u00ed kr\u00e1sy. Nezvykl\u00fd z\u00e1jezd do srdce Egypta \u010dek\u00e1!\" \/>\n<meta name=\"twitter:label1\" content=\"Cena\" \/>\n\t<meta name=\"twitter:data1\" content=\"&euro;490\" \/>\n\t<meta name=\"twitter:label2\" content=\"Dostupnost\" \/>\n\t<meta name=\"twitter:data2\" content=\"Skladem\" \/>\n<script type=\"application\/ld+json\" class=\"yoast-schema-graph\">{\"@context\":\"https:\\\/\\\/schema.org\",\"@graph\":[{\"@type\":\"WebPage\",\"@id\":\"https:\\\/\\\/egytourpackages.com\\\/cs\\\/prohlidky\\\/3-dny-kahira-a-oaza-bahariya-z-hurghady\\\/\",\"url\":\"https:\\\/\\\/egytourpackages.com\\\/cs\\\/prohlidky\\\/3-dny-kahira-a-oaza-bahariya-z-hurghady\\\/\",\"name\":\"3 dny K\u00e1hira a o\u00e1za Bahariya z Hurghady\",\"isPartOf\":{\"@id\":\"https:\\\/\\\/egytourpackages.com\\\/cs\\\/#website\"},\"primaryImageOfPage\":{\"@id\":\"https:\\\/\\\/egytourpackages.com\\\/cs\\\/prohlidky\\\/3-dny-kahira-a-oaza-bahariya-z-hurghady\\\/#primaryimage\"},\"image\":{\"@id\":\"https:\\\/\\\/egytourpackages.com\\\/cs\\\/prohlidky\\\/3-dny-kahira-a-oaza-bahariya-z-hurghady\\\/#primaryimage\"},\"thumbnailUrl\":\"https:\\\/\\\/egytourpackages.com\\\/wp-content\\\/uploads\\\/2023\\\/09\\\/Camping-site-white-desert.jpg\",\"datePublished\":\"2023-09-30T17:58:24+00:00\",\"dateModified\":\"2026-01-27T01:03:05+00:00\",\"description\":\"Pro\u017eijte 3 dny K\u00e1hira a o\u00e1za Bahariya z Hurghady! Poznejte pyramidy, sfingu, pou\u0161tn\u00ed kr\u00e1sy. Nezvykl\u00fd z\u00e1jezd do srdce Egypta \u010dek\u00e1!\",\"breadcrumb\":{\"@id\":\"https:\\\/\\\/egytourpackages.com\\\/cs\\\/prohlidky\\\/3-dny-kahira-a-oaza-bahariya-z-hurghady\\\/#breadcrumb\"},\"inLanguage\":\"cs\",\"potentialAction\":[{\"@type\":\"ReadAction\",\"target\":[\"https:\\\/\\\/egytourpackages.com\\\/cs\\\/prohlidky\\\/3-dny-kahira-a-oaza-bahariya-z-hurghady\\\/\"]}]},{\"@type\":\"ImageObject\",\"inLanguage\":\"cs\",\"@id\":\"https:\\\/\\\/egytourpackages.com\\\/cs\\\/prohlidky\\\/3-dny-kahira-a-oaza-bahariya-z-hurghady\\\/#primaryimage\",\"url\":\"https:\\\/\\\/egytourpackages.com\\\/wp-content\\\/uploads\\\/2023\\\/09\\\/Camping-site-white-desert.jpg\",\"contentUrl\":\"https:\\\/\\\/egytourpackages.com\\\/wp-content\\\/uploads\\\/2023\\\/09\\\/Camping-site-white-desert.jpg\",\"width\":2000,\"height\":1500,\"caption\":\"3 dny K\u00e1hira a o\u00e1za Bahariya z Hurghady\"},{\"@type\":\"BreadcrumbList\",\"@id\":\"https:\\\/\\\/egytourpackages.com\\\/cs\\\/prohlidky\\\/3-dny-kahira-a-oaza-bahariya-z-hurghady\\\/#breadcrumb\",\"itemListElement\":[{\"@type\":\"ListItem\",\"position\":1,\"name\":\"Dom\u016f\",\"item\":\"https:\\\/\\\/egytourpackages.com\\\/cs\\\/balicky-vyletu-po-egypte\\\/\"},{\"@type\":\"ListItem\",\"position\":2,\"name\":\"Shop\",\"item\":\"https:\\\/\\\/egytourpackages.com\\\/cs\\\/shop\\\/\"},{\"@type\":\"ListItem\",\"position\":3,\"name\":\"3 dny K\u00e1hira a o\u00e1za Bahariya z Hurghady\"}]},{\"@type\":\"WebSite\",\"@id\":\"https:\\\/\\\/egytourpackages.com\\\/cs\\\/#website\",\"url\":\"https:\\\/\\\/egytourpackages.com\\\/cs\\\/\",\"name\":\"Egy tour packages\",\"description\":\"\",\"publisher\":{\"@id\":\"https:\\\/\\\/egytourpackages.com\\\/cs\\\/#organization\"},\"potentialAction\":[{\"@type\":\"SearchAction\",\"target\":{\"@type\":\"EntryPoint\",\"urlTemplate\":\"https:\\\/\\\/egytourpackages.com\\\/cs\\\/?s={search_term_string}\"},\"query-input\":{\"@type\":\"PropertyValueSpecification\",\"valueRequired\":true,\"valueName\":\"search_term_string\"}}],\"inLanguage\":\"cs\"},{\"@type\":[\"Organization\",\"Place\",\"TravelAgency\"],\"@id\":\"https:\\\/\\\/egytourpackages.com\\\/cs\\\/#organization\",\"name\":\"egypt tour packages\",\"alternateName\":\"egypt tour packages\",\"url\":\"https:\\\/\\\/egytourpackages.com\\\/cs\\\/\",\"logo\":{\"@id\":\"https:\\\/\\\/egytourpackages.com\\\/cs\\\/prohlidky\\\/3-dny-kahira-a-oaza-bahariya-z-hurghady\\\/#local-main-organization-logo\"},\"image\":{\"@id\":\"https:\\\/\\\/egytourpackages.com\\\/cs\\\/prohlidky\\\/3-dny-kahira-a-oaza-bahariya-z-hurghady\\\/#local-main-organization-logo\"},\"sameAs\":[\"https:\\\/\\\/www.facebook.com\\\/egytourpackages\"],\"legalName\":\"Egy tour packages\",\"address\":{\"@id\":\"https:\\\/\\\/egytourpackages.com\\\/cs\\\/prohlidky\\\/3-dny-kahira-a-oaza-bahariya-z-hurghady\\\/#local-main-place-address\"},\"telephone\":[\"00201000852186\",\"00201028685533\"],\"contactPoint\":{\"@type\":\"ContactPoint\",\"telephone\":\"00201000852186\"},\"openingHoursSpecification\":[{\"@type\":\"OpeningHoursSpecification\",\"dayOfWeek\":[\"Monday\",\"Tuesday\",\"Wednesday\",\"Thursday\",\"Friday\",\"Saturday\",\"Sunday\"],\"opens\":\"00:00\",\"closes\":\"23:59\"}],\"email\":\"info@egytourpackages.com\",\"areaServed\":\"Cairo, Hurghada, Luxor, Sharm El Sheikh, Marsa Alam, Aswan\",\"priceRange\":\"$\",\"currenciesAccepted\":\"euro\",\"paymentAccepted\":\"Payment links online\"},{\"@type\":\"PostalAddress\",\"@id\":\"https:\\\/\\\/egytourpackages.com\\\/cs\\\/prohlidky\\\/3-dny-kahira-a-oaza-bahariya-z-hurghady\\\/#local-main-place-address\",\"streetAddress\":\"Mubarak 8, Al Kawthar District, Hurghada\",\"addressLocality\":\"Hurghada\",\"postalCode\":\"84511\",\"addressRegion\":\"Red Sea\",\"addressCountry\":\"EG\"},{\"@type\":\"ImageObject\",\"inLanguage\":\"cs\",\"@id\":\"https:\\\/\\\/egytourpackages.com\\\/cs\\\/prohlidky\\\/3-dny-kahira-a-oaza-bahariya-z-hurghady\\\/#local-main-organization-logo\",\"url\":\"https:\\\/\\\/egytourpackages.com\\\/wp-content\\\/uploads\\\/2025\\\/12\\\/Turquoise-Dahabiya-Nile-Cruise-1.jpeg\",\"contentUrl\":\"https:\\\/\\\/egytourpackages.com\\\/wp-content\\\/uploads\\\/2025\\\/12\\\/Turquoise-Dahabiya-Nile-Cruise-1.jpeg\",\"width\":1040,\"height\":694,\"caption\":\"egypt tour packages\"}]}<\/script>\n<meta property=\"product:brand\" content=\"3denn\u00ed z\u00e1jezdy do Egypta\" \/>\n<meta property=\"product:price:amount\" content=\"490\" \/>\n<meta property=\"product:price:currency\" content=\"EUR\" \/>\n<meta property=\"og:availability\" content=\"instock\" \/>\n<meta property=\"product:availability\" content=\"instock\" \/>\n<meta property=\"product:retailer_item_id\" content=\"HDT05\" \/>\n<meta property=\"product:condition\" content=\"new\" \/>\n<meta name=\"geo.placename\" content=\"Hurghada\" \/>\n<meta name=\"geo.region\" content=\"Egypt\" \/>\n<!-- \/ Yoast SEO Premium plugin. -->","yoast_head_json":{"title":"3 dny K\u00e1hira a o\u00e1za Bahariya z Hurghady","description":"Pro\u017eijte 3 dny K\u00e1hira a o\u00e1za Bahariya z Hurghady! Poznejte pyramidy, sfingu, pou\u0161tn\u00ed kr\u00e1sy. Nezvykl\u00fd z\u00e1jezd do srdce Egypta \u010dek\u00e1!","robots":{"index":"index","follow":"follow","max-snippet":"max-snippet:-1","max-image-preview":"max-image-preview:large","max-video-preview":"max-video-preview:-1"},"canonical":"https:\/\/egytourpackages.com\/cs\/prohlidky\/3-dny-kahira-a-oaza-bahariya-z-hurghady\/","og_locale":"cs_CZ","og_type":"article","og_title":"3 dny K\u00e1hira a o\u00e1za Bahariya z Hurghady","og_description":"Pro\u017eijte 3 dny K\u00e1hira a o\u00e1za Bahariya z Hurghady! Poznejte pyramidy, sfingu, pou\u0161tn\u00ed kr\u00e1sy. Nezvykl\u00fd z\u00e1jezd do srdce Egypta \u010dek\u00e1!","og_url":"https:\/\/egytourpackages.com\/cs\/prohlidky\/3-dny-kahira-a-oaza-bahariya-z-hurghady\/","og_site_name":"Z\u00e1jezdy po Egypt\u011b","article_publisher":"https:\/\/www.facebook.com\/egytourpackages","article_modified_time":"2026-01-27T01:03:05+00:00","og_image":[{"width":2000,"height":1500,"url":"https:\/\/egytourpackages.com\/wp-content\/uploads\/2023\/09\/Camping-site-white-desert.jpg","type":"image\/jpeg"}],"twitter_card":"summary_large_image","twitter_title":"3 dny K\u00e1hira a o\u00e1za Bahariya z Hurghady","twitter_description":"Pro\u017eijte 3 dny K\u00e1hira a o\u00e1za Bahariya z Hurghady! Poznejte pyramidy, sfingu, pou\u0161tn\u00ed kr\u00e1sy. Nezvykl\u00fd z\u00e1jezd do srdce Egypta \u010dek\u00e1!","twitter_misc":{"Cena":"&euro;490","Dostupnost":"Skladem"},"schema":{"@context":"https:\/\/schema.org","@graph":[{"@type":"WebPage","@id":"https:\/\/egytourpackages.com\/cs\/prohlidky\/3-dny-kahira-a-oaza-bahariya-z-hurghady\/","url":"https:\/\/egytourpackages.com\/cs\/prohlidky\/3-dny-kahira-a-oaza-bahariya-z-hurghady\/","name":"3 dny K\u00e1hira a o\u00e1za Bahariya z Hurghady","isPartOf":{"@id":"https:\/\/egytourpackages.com\/cs\/#website"},"primaryImageOfPage":{"@id":"https:\/\/egytourpackages.com\/cs\/prohlidky\/3-dny-kahira-a-oaza-bahariya-z-hurghady\/#primaryimage"},"image":{"@id":"https:\/\/egytourpackages.com\/cs\/prohlidky\/3-dny-kahira-a-oaza-bahariya-z-hurghady\/#primaryimage"},"thumbnailUrl":"https:\/\/egytourpackages.com\/wp-content\/uploads\/2023\/09\/Camping-site-white-desert.jpg","datePublished":"2023-09-30T17:58:24+00:00","dateModified":"2026-01-27T01:03:05+00:00","description":"Pro\u017eijte 3 dny K\u00e1hira a o\u00e1za Bahariya z Hurghady! Poznejte pyramidy, sfingu, pou\u0161tn\u00ed kr\u00e1sy. Nezvykl\u00fd z\u00e1jezd do srdce Egypta \u010dek\u00e1!","breadcrumb":{"@id":"https:\/\/egytourpackages.com\/cs\/prohlidky\/3-dny-kahira-a-oaza-bahariya-z-hurghady\/#breadcrumb"},"inLanguage":"cs","potentialAction":[{"@type":"ReadAction","target":["https:\/\/egytourpackages.com\/cs\/prohlidky\/3-dny-kahira-a-oaza-bahariya-z-hurghady\/"]}]},{"@type":"ImageObject","inLanguage":"cs","@id":"https:\/\/egytourpackages.com\/cs\/prohlidky\/3-dny-kahira-a-oaza-bahariya-z-hurghady\/#primaryimage","url":"https:\/\/egytourpackages.com\/wp-content\/uploads\/2023\/09\/Camping-site-white-desert.jpg","contentUrl":"https:\/\/egytourpackages.com\/wp-content\/uploads\/2023\/09\/Camping-site-white-desert.jpg","width":2000,"height":1500,"caption":"3 dny K\u00e1hira a o\u00e1za Bahariya z Hurghady"},{"@type":"BreadcrumbList","@id":"https:\/\/egytourpackages.com\/cs\/prohlidky\/3-dny-kahira-a-oaza-bahariya-z-hurghady\/#breadcrumb","itemListElement":[{"@type":"ListItem","position":1,"name":"Dom\u016f","item":"https:\/\/egytourpackages.com\/cs\/balicky-vyletu-po-egypte\/"},{"@type":"ListItem","position":2,"name":"Shop","item":"https:\/\/egytourpackages.com\/cs\/shop\/"},{"@type":"ListItem","position":3,"name":"3 dny K\u00e1hira a o\u00e1za Bahariya z Hurghady"}]},{"@type":"WebSite","@id":"https:\/\/egytourpackages.com\/cs\/#website","url":"https:\/\/egytourpackages.com\/cs\/","name":"Egy tour packages","description":"","publisher":{"@id":"https:\/\/egytourpackages.com\/cs\/#organization"},"potentialAction":[{"@type":"SearchAction","target":{"@type":"EntryPoint","urlTemplate":"https:\/\/egytourpackages.com\/cs\/?s={search_term_string}"},"query-input":{"@type":"PropertyValueSpecification","valueRequired":true,"valueName":"search_term_string"}}],"inLanguage":"cs"},{"@type":["Organization","Place","TravelAgency"],"@id":"https:\/\/egytourpackages.com\/cs\/#organization","name":"egypt tour packages","alternateName":"egypt tour packages","url":"https:\/\/egytourpackages.com\/cs\/","logo":{"@id":"https:\/\/egytourpackages.com\/cs\/prohlidky\/3-dny-kahira-a-oaza-bahariya-z-hurghady\/#local-main-organization-logo"},"image":{"@id":"https:\/\/egytourpackages.com\/cs\/prohlidky\/3-dny-kahira-a-oaza-bahariya-z-hurghady\/#local-main-organization-logo"},"sameAs":["https:\/\/www.facebook.com\/egytourpackages"],"legalName":"Egy tour packages","address":{"@id":"https:\/\/egytourpackages.com\/cs\/prohlidky\/3-dny-kahira-a-oaza-bahariya-z-hurghady\/#local-main-place-address"},"telephone":["00201000852186","00201028685533"],"contactPoint":{"@type":"ContactPoint","telephone":"00201000852186"},"openingHoursSpecification":[{"@type":"OpeningHoursSpecification","dayOfWeek":["Monday","Tuesday","Wednesday","Thursday","Friday","Saturday","Sunday"],"opens":"00:00","closes":"23:59"}],"email":"info@egytourpackages.com","areaServed":"Cairo, Hurghada, Luxor, Sharm El Sheikh, Marsa Alam, Aswan","priceRange":"$","currenciesAccepted":"euro","paymentAccepted":"Payment links online"},{"@type":"PostalAddress","@id":"https:\/\/egytourpackages.com\/cs\/prohlidky\/3-dny-kahira-a-oaza-bahariya-z-hurghady\/#local-main-place-address","streetAddress":"Mubarak 8, Al Kawthar District, Hurghada","addressLocality":"Hurghada","postalCode":"84511","addressRegion":"Red Sea","addressCountry":"EG"},{"@type":"ImageObject","inLanguage":"cs","@id":"https:\/\/egytourpackages.com\/cs\/prohlidky\/3-dny-kahira-a-oaza-bahariya-z-hurghady\/#local-main-organization-logo","url":"https:\/\/egytourpackages.com\/wp-content\/uploads\/2025\/12\/Turquoise-Dahabiya-Nile-Cruise-1.jpeg","contentUrl":"https:\/\/egytourpackages.com\/wp-content\/uploads\/2025\/12\/Turquoise-Dahabiya-Nile-Cruise-1.jpeg","width":1040,"height":694,"caption":"egypt tour packages"}]},"product_brand":"3denn\u00ed z\u00e1jezdy do Egypta","product_price_amount":"490","product_price_currency":"EUR","og_availability":"instock","product_availability":"instock","product_retailer_item_id":"HDT05","product_condition":"new","geo.placename":"Hurghada","geo.region":"Egypt"},"_links":{"self":[{"href":"https:\/\/egytourpackages.com\/cs\/wp-json\/wp\/v2\/product\/4692","targetHints":{"allow":["GET"]}}],"collection":[{"href":"https:\/\/egytourpackages.com\/cs\/wp-json\/wp\/v2\/product"}],"about":[{"href":"https:\/\/egytourpackages.com\/cs\/wp-json\/wp\/v2\/types\/product"}],"replies":[{"embeddable":true,"href":"https:\/\/egytourpackages.com\/cs\/wp-json\/wp\/v2\/comments?post=4692"}],"wp:featuredmedia":[{"embeddable":true,"href":"https:\/\/egytourpackages.com\/cs\/wp-json\/wp\/v2\/media\/3007"}],"wp:attachment":[{"href":"https:\/\/egytourpackages.com\/cs\/wp-json\/wp\/v2\/media?parent=4692"}],"wp:term":[{"taxonomy":"product_brand","embeddable":true,"href":"https:\/\/egytourpackages.com\/cs\/wp-json\/wp\/v2\/product_brand?post=4692"},{"taxonomy":"product_cat","embeddable":true,"href":"https:\/\/egytourpackages.com\/cs\/wp-json\/wp\/v2\/product_cat?post=4692"},{"taxonomy":"product_tag","embeddable":true,"href":"https:\/\/egytourpackages.com\/cs\/wp-json\/wp\/v2\/product_tag?post=4692"}],"curies":[{"name":"wp","href":"https:\/\/api.w.org\/{rel}","templated":true}]}}