{"id":4799,"date":"2024-07-23T17:28:16","date_gmt":"2024-07-23T17:28:16","guid":{"rendered":"https:\/\/egytourpackages.com\/product\/ranni-safari-na-ctyrkolkach-v-pousti-z-marsa-alam\/"},"modified":"2026-01-05T22:06:27","modified_gmt":"2026-01-05T22:06:27","slug":"ranni-safari-na-ctyrkolkach-v-pousti-z-marsa-alam","status":"publish","type":"product","link":"https:\/\/egytourpackages.com\/cs\/prohlidky\/ranni-safari-na-ctyrkolkach-v-pousti-z-marsa-alam\/","title":{"rendered":"Rann\u00ed safari na \u010dty\u0159kolk\u00e1ch v pou\u0161ti z Marsa Alam"},"content":{"rendered":"<p><strong><span style=\"color: #ff6600;\">Rann\u00ed safari na \u010dty\u0159kolk\u00e1ch v pou\u0161ti z Marsa Alam<\/span><\/strong><\/p>\n<p>P\u0159ipravte se na sv\u00e9 rann\u00ed <strong>safari na \u010dty\u0159kolk\u00e1ch v pou\u0161ti z Marsa Alam<\/strong> a poznejte bedu\u00ednsk\u00e9 tradice s na\u0161imi <strong>z\u00e1jezdy do Egypta<\/strong>. Rozpoutejte sv\u00e9ho dobrodru\u017en\u00e9ho ducha s \u00fa\u017easn\u00fdm <strong>rann\u00edm safari na \u010dty\u0159kolk\u00e1ch v pou\u0161ti z Marsa Alam<\/strong>! Ve skute\u010dnosti <strong>z\u00e1jezdy do Marsa Alam<\/strong> nab\u00edzej\u00ed dokonalou kombinaci adrenalinu, ohromuj\u00edc\u00ed p\u0159\u00edrodn\u00ed kr\u00e1sy a ochutn\u00e1vky <strong>egyptsk\u00e9ho pou\u0161tn\u00edho dobrodru\u017estv\u00ed<\/strong>. Uprchn\u011bte z resortu a pono\u0159te se hluboko do zlat\u00e9ho p\u00edsku pro nezapomenuteln\u00fd z\u00e1\u017eitek. B\u011bhem <strong>jednodenn\u00edch v\u00fdlet\u016f v Egypt\u011b<\/strong> si u\u017eijete <strong>j\u00edzdu na \u010dty\u0159kolk\u00e1ch<\/strong> po p\u00edse\u010dn\u00fdch dun\u00e1ch v\u00fdchodn\u00ed pou\u0161t\u011b. Nakonec <strong>z\u00e1jezdy do Marsa Alam<\/strong> nab\u00edzej\u00ed tyto pou\u0161tn\u00ed safari jako jednu z <strong>nejlep\u0161\u00edch aktivit v Marsa Alam<\/strong>. Kontaktujte n\u00e1s a bu\u010fte p\u0159ipraveni na nezapomenuteln\u00e9 rann\u00ed dobrodru\u017estv\u00ed.<\/p>\n<h3><span style=\"color: #ff6600;\">Detaily<\/span><\/h3>\n<ul>\n<li>D\u00e9lka trv\u00e1n\u00ed: 6 hodin<\/li>\n<li>M\u00edsto kon\u00e1n\u00ed prohl\u00eddky: V\u00fdchodn\u00ed pou\u0161\u0165 Marsa Alam<\/li>\n<li>Dostupnost prohl\u00eddky: Na vy\u017e\u00e1d\u00e1n\u00ed<\/li>\n<li>Vyzvednut\u00ed a odvoz: Hotely v Marsa Alam<\/li>\n<li>Typ prohl\u00eddky: Skupinov\u00e1 \/ Soukrom\u00e1<\/li>\n<li>Invalidn\u00ed voz\u00edk: P\u0159\u00edstupn\u00e9<\/li>\n<\/ul>\n<h3><span style=\"color: #ff6600;\">Nejd\u016fle\u017eit\u011bj\u0161\u00ed body<\/span><\/h3>\n<ul>\n<li>J\u00edzda na \u010dty\u0159kolce cca 35 km<\/li>\n<li>J\u00edzda na velbloudu<\/li>\n<li>Prozkoumejte bedu\u00ednsk\u00fd \u017eivotn\u00ed styl<\/li>\n<\/ul>\n<h3><span style=\"color: #ff6600;\">Zahrnuje<\/span><\/h3>\n<ul>\n<li>Vyzvednut\u00ed a odvoz z hotel\u016f v Marsa Alam<\/li>\n<li>Profesion\u00e1ln\u00ed pou\u0161tn\u00ed pr\u016fvodce<\/li>\n<li>J\u00edzda na velbloudu v pou\u0161ti Marsa Alam<\/li>\n<li>Prohl\u00eddka bedu\u00ednsk\u00e9 vesnice s bedu\u00ednsk\u00fdm \u010dajem<\/li>\n<li>Zku\u0161ebn\u00ed j\u00edzda p\u0159ed zah\u00e1jen\u00edm prohl\u00eddky<\/li>\n<li>Jednom\u00edstn\u00e1 nebo dvoum\u00edstn\u00e1 \u010dty\u0159kolka (Beach Buggy)<\/li>\n<li>V\u0161echny servisn\u00ed poplatky a dan\u011b jsou zahrnuty v cen\u011b<\/li>\n<\/ul>\n<h3><span style=\"color: #ff6600;\">Nezahrnuje<\/span><\/h3>\n<ul>\n<li>DVD a fotografie od kameramana<\/li>\n<li>Spropitn\u00e9<\/li>\n<li>Cokoli, co nen\u00ed uvedeno v programu<\/li>\n<\/ul>\n<h3><span style=\"color: #ff6600;\">Co si vz\u00edt s sebou<\/span><\/h3>\n<ul>\n<li>Kopie pasu<\/li>\n<li>Klobouk, slune\u010dn\u00ed br\u00fdle a opalovac\u00ed kr\u00e9m<\/li>\n<li>Pohodln\u00e1 obuv a oble\u010den\u00ed<\/li>\n<\/ul>\n<h3><span style=\"color: #ff6600;\">Pros\u00edm, vezm\u011bte na v\u011bdom\u00ed<\/span><\/h3>\n<ul>\n<li>\u0158\u00edzen\u00ed \u010dty\u0159kolek je povoleno od 16 let<\/li>\n<li>V\u0161echny na\u0161e exkurze jsou pln\u011b poji\u0161t\u011bny<\/li>\n<li>Helmy jsou doporu\u010deny<\/li>\n<li>Dodate\u010dn\u00e9 poplatky:<\/li>\n<li>\u0160\u00e1tky (5 euro)<\/li>\n<li>Ochrann\u00e9 br\u00fdle k pron\u00e1jmu (2 euro za kus)<\/li>\n<\/ul>\n<h3><span style=\"color: #ff6600;\">Itiner\u00e1\u0159 Itiner\u00e1\u0159 rann\u00edho safari na \u010dty\u0159kolk\u00e1ch v pou\u0161ti z Marsa Alam<\/span><\/h3>\n<p>Vydejte se na vzru\u0161uj\u00edc\u00ed <strong>rann\u00ed safari na \u010dty\u0159kolk\u00e1ch v pou\u0161ti z Marsa Alam<\/strong>, nap\u00ednav\u00e9 3\u20134hodinov\u00e9 dobrodru\u017estv\u00ed. V\u00e1\u0161 <strong>v\u00fdlet na \u010dty\u0159kolk\u00e1ch v Marsa Alam<\/strong> za\u010d\u00edn\u00e1 pohodln\u00fdm vyzvednut\u00edm v hotelu, odkud se p\u0159esunete na stanici \u010dty\u0159kolek hluboko v <strong>pou\u0161ti Marsa Alam<\/strong>. Po d\u016fkladn\u00e9 bezpe\u010dnostn\u00ed instrukt\u00e1\u017ei a poskytnut\u00ed vybaven\u00ed rozpoutejte sv\u00e9ho dobrodru\u017en\u00e9ho ducha na 1 a\u017e 1,5hodinov\u00e9 <strong>j\u00edzd\u011b na \u010dty\u0159kolk\u00e1ch<\/strong>, b\u011bhem n\u00ed\u017e se budete pohybovat po <strong>p\u00edse\u010dn\u00fdch dun\u00e1ch<\/strong> a rozs\u00e1hl\u00fdch <strong>pou\u0161tn\u00edch krajin\u00e1ch<\/strong>.<\/p>\n<p>Tato adrenalinov\u00e1 j\u00edzda nab\u00edz\u00ed neuv\u011b\u0159iteln\u00e9 <strong>v\u00fdhledy na pou\u0161\u0165<\/strong>. Safari zahrnuje kulturn\u00ed zast\u00e1vku v autentick\u00e9 <strong>bedu\u00ednsk\u00e9 vesnici<\/strong>, kde si vychutn\u00e1te tradi\u010dn\u00ed \u010daj a pozn\u00e1te m\u00edstn\u00ed \u017eivot, s volitelnou <strong>j\u00edzdou na velbloudu<\/strong>. B\u011bhem cel\u00e9 <strong>pou\u0161tn\u00ed exkurze<\/strong> po\u0159izujte \u00fa\u017easn\u00e9 fotografie jedine\u010dn\u00e9 krajiny. Prohl\u00eddka kon\u010d\u00ed pohodln\u00fdm transferem zp\u011bt do va\u0161eho <strong>hotelu v Marsa Alam<\/strong>, co\u017e z n\u00ed \u010din\u00ed jednu z <strong>nejlep\u0161\u00edch aktivit v Marsa Alam<\/strong> pro milovn\u00edky dobrodru\u017estv\u00ed. Zarezervujte si sv\u00e9 <strong>safari na \u010dty\u0159kolk\u00e1ch v pou\u0161ti z Marsa Alam<\/strong> je\u0161t\u011b dnes a vytvo\u0159te si nezapomenuteln\u00e9 vzpom\u00ednky v srdci egyptsk\u00e9 pou\u0161t\u011b! To je nepochybn\u011b jedna z <strong>nejlep\u0161\u00edch aktivit v Marsa Alam<\/strong> pro nad\u0161ence do dobrodru\u017estv\u00ed.<\/p>\n<h3><span style=\"color: #ff6600;\">Cena Rann\u00ed safari na \u010dty\u0159kolk\u00e1ch v pou\u0161ti z Marsa Alam\u00a0<\/span><\/h3>\n<ul>\n<li>Cena pro dosp\u011bl\u00e9 = 35 \u20ac<\/li>\n<li>D\u011bti 0-5 let = zdarma<\/li>\n<li>D\u011bti 5-11 let = 50 % ceny pro dosp\u011b<\/li>\n<\/ul>\n<h3><span style=\"color: #ff6600;\">Rezervace<\/span><\/h3>\n<p>Svou prohl\u00eddku si m\u016f\u017eete zarezervovat p\u0159es WhatsApp nebo n\u00e1m poslat e-mail a potvrzen\u00ed obdr\u017e\u00edte na m\u00edst\u011b. Pros\u00edme, za\u0161lete n\u00e1m n\u00e1zev va\u0161eho hotelu, \u010d\u00edslo pokoje, kopie pas\u016f.<\/p>\n<p>WhatsApp: +201000852186<\/p>\n<p>info@egytourpackages.com<\/p>\n<h3><span style=\"color: #ff6600;\">Rezervujte nyn\u00ed a zapla\u0165te na m\u00edst\u011b <\/span><\/h3>\n<p>Zarezervujte si svou obl\u00edbenou prohl\u00eddku a zapla\u0165te v den v\u00fdletu<\/p>\n<h3>Platba<\/h3>\n<p>M\u016f\u017eete platit egyptsk\u00fdmi librami, $, \u20ac nebo \u00a3.<\/p>\n<h3>Storno podm\u00ednky<\/h3>\n<ul>\n<li>Zru\u0161en\u00ed je zdarma a\u017e 24 hodin p\u0159edem<\/li>\n<li>Rann\u00ed zru\u0161en\u00ed je 50 % z ceny<\/li>\n<\/ul>\n","protected":false},"excerpt":{"rendered":"<p>Vzru\u0161uj\u00edc\u00ed Rann\u00ed safari na \u010dty\u0159kolk\u00e1ch v pou\u0161ti z Marsa Alam. Je\u010fte p\u0159es duny, nav\u0161tivte bedu\u00ednskou vesnici a za\u017eijte nezapomenuteln\u00e9 pou\u0161tn\u00ed dobrodru\u017estv\u00ed.<\/p>\n","protected":false},"featured_media":3458,"comment_status":"open","ping_status":"closed","template":"","meta":[],"product_brand":[],"product_cat":[1466],"product_tag":[1470,2629,2341],"class_list":{"0":"post-4799","1":"product","2":"type-product","3":"status-publish","4":"has-post-thumbnail","6":"product_cat-vylety","7":"product_tag-jednodenni-vylety-po-egypte","8":"product_tag-jizda-na-ctyrkolce","9":"product_tag-zajezdy-marsa-alam","10":"tour_category-jednodenni-vylety-po-egypte-cs","11":"tour_category-vylety-do-marsa-alam","13":"first","14":"instock","15":"sale","16":"shipping-taxable","17":"purchasable","18":"product-type-tour","19":"has-default-attributes"},"yoast_head":"<!-- This site is optimized with the Yoast SEO Premium plugin v27.4 (Yoast SEO v27.4) - https:\/\/yoast.com\/product\/yoast-seo-premium-wordpress\/ -->\n<title>Rann\u00ed safari na \u010dty\u0159kolk\u00e1ch v pou\u0161ti z Marsa Alam<\/title>\n<meta name=\"description\" content=\"Vzru\u0161uj\u00edc\u00ed Rann\u00ed safari na \u010dty\u0159kolk\u00e1ch v pou\u0161ti z Marsa Alam. Je\u010fte p\u0159es duny, nav\u0161tivte bedu\u00ednskou vesnici a za\u017eijte nezapomenuteln\u00e9 pou\u0161tn\u00ed dobrodru\u017estv\u00ed.\" \/>\n<meta name=\"robots\" content=\"index, follow, max-snippet:-1, max-image-preview:large, max-video-preview:-1\" \/>\n<link rel=\"canonical\" href=\"https:\/\/egytourpackages.com\/cs\/prohlidky\/ranni-safari-na-ctyrkolkach-v-pousti-z-marsa-alam\/\" \/>\n<meta property=\"og:locale\" content=\"cs_CZ\" \/>\n<meta property=\"og:type\" content=\"article\" \/>\n<meta property=\"og:title\" content=\"Rann\u00ed safari na \u010dty\u0159kolk\u00e1ch v pou\u0161ti z Marsa Alam\" \/>\n<meta property=\"og:description\" content=\"Vzru\u0161uj\u00edc\u00ed Rann\u00ed safari na \u010dty\u0159kolk\u00e1ch v pou\u0161ti z Marsa Alam. Je\u010fte p\u0159es duny, nav\u0161tivte bedu\u00ednskou vesnici a za\u017eijte nezapomenuteln\u00e9 pou\u0161tn\u00ed dobrodru\u017estv\u00ed.\" \/>\n<meta property=\"og:url\" content=\"https:\/\/egytourpackages.com\/cs\/prohlidky\/ranni-safari-na-ctyrkolkach-v-pousti-z-marsa-alam\/\" \/>\n<meta property=\"og:site_name\" content=\"Z\u00e1jezdy po Egypt\u011b\" \/>\n<meta property=\"article:publisher\" content=\"https:\/\/www.facebook.com\/egytourpackages\" \/>\n<meta property=\"article:modified_time\" content=\"2026-01-05T22:06:27+00:00\" \/>\n<meta property=\"og:image\" content=\"https:\/\/egytourpackages.com\/wp-content\/uploads\/2024\/07\/Quad-Bike-desert-Safari-1024x682.jpeg\" \/>\n<meta name=\"twitter:card\" content=\"summary_large_image\" \/>\n<meta name=\"twitter:title\" content=\"Rann\u00ed safari na \u010dty\u0159kolk\u00e1ch v pou\u0161ti z Marsa Alam\" \/>\n<meta name=\"twitter:label1\" content=\"Cena\" \/>\n\t<meta name=\"twitter:data1\" content=\"&euro;35\" \/>\n\t<meta name=\"twitter:label2\" content=\"Dostupnost\" \/>\n\t<meta name=\"twitter:data2\" content=\"Skladem\" \/>\n<script type=\"application\/ld+json\" class=\"yoast-schema-graph\">{\"@context\":\"https:\\\/\\\/schema.org\",\"@graph\":[{\"@type\":\"WebPage\",\"@id\":\"https:\\\/\\\/egytourpackages.com\\\/cs\\\/prohlidky\\\/ranni-safari-na-ctyrkolkach-v-pousti-z-marsa-alam\\\/\",\"url\":\"https:\\\/\\\/egytourpackages.com\\\/cs\\\/prohlidky\\\/ranni-safari-na-ctyrkolkach-v-pousti-z-marsa-alam\\\/\",\"name\":\"Rann\u00ed safari na \u010dty\u0159kolk\u00e1ch v pou\u0161ti z Marsa Alam\",\"isPartOf\":{\"@id\":\"https:\\\/\\\/egytourpackages.com\\\/cs\\\/#website\"},\"primaryImageOfPage\":{\"@id\":\"https:\\\/\\\/egytourpackages.com\\\/cs\\\/prohlidky\\\/ranni-safari-na-ctyrkolkach-v-pousti-z-marsa-alam\\\/#primaryimage\"},\"image\":{\"@id\":\"https:\\\/\\\/egytourpackages.com\\\/cs\\\/prohlidky\\\/ranni-safari-na-ctyrkolkach-v-pousti-z-marsa-alam\\\/#primaryimage\"},\"thumbnailUrl\":\"https:\\\/\\\/egytourpackages.com\\\/wp-content\\\/uploads\\\/2024\\\/07\\\/Quad-Bike-desert-Safari.jpeg\",\"datePublished\":\"2024-07-23T17:28:16+00:00\",\"dateModified\":\"2026-01-05T22:06:27+00:00\",\"description\":\"Vzru\u0161uj\u00edc\u00ed Rann\u00ed safari na \u010dty\u0159kolk\u00e1ch v pou\u0161ti z Marsa Alam. Je\u010fte p\u0159es duny, nav\u0161tivte bedu\u00ednskou vesnici a za\u017eijte nezapomenuteln\u00e9 pou\u0161tn\u00ed dobrodru\u017estv\u00ed.\",\"breadcrumb\":{\"@id\":\"https:\\\/\\\/egytourpackages.com\\\/cs\\\/prohlidky\\\/ranni-safari-na-ctyrkolkach-v-pousti-z-marsa-alam\\\/#breadcrumb\"},\"inLanguage\":\"cs\",\"potentialAction\":[{\"@type\":\"ReadAction\",\"target\":[\"https:\\\/\\\/egytourpackages.com\\\/cs\\\/prohlidky\\\/ranni-safari-na-ctyrkolkach-v-pousti-z-marsa-alam\\\/\"]}]},{\"@type\":\"ImageObject\",\"inLanguage\":\"cs\",\"@id\":\"https:\\\/\\\/egytourpackages.com\\\/cs\\\/prohlidky\\\/ranni-safari-na-ctyrkolkach-v-pousti-z-marsa-alam\\\/#primaryimage\",\"url\":\"https:\\\/\\\/egytourpackages.com\\\/wp-content\\\/uploads\\\/2024\\\/07\\\/Quad-Bike-desert-Safari.jpeg\",\"contentUrl\":\"https:\\\/\\\/egytourpackages.com\\\/wp-content\\\/uploads\\\/2024\\\/07\\\/Quad-Bike-desert-Safari.jpeg\",\"width\":1280,\"height\":853,\"caption\":\"Rann\u00ed safari na \u010dty\u0159kolk\u00e1ch v pou\u0161ti z Marsa Alam\"},{\"@type\":\"BreadcrumbList\",\"@id\":\"https:\\\/\\\/egytourpackages.com\\\/cs\\\/prohlidky\\\/ranni-safari-na-ctyrkolkach-v-pousti-z-marsa-alam\\\/#breadcrumb\",\"itemListElement\":[{\"@type\":\"ListItem\",\"position\":1,\"name\":\"Dom\u016f\",\"item\":\"https:\\\/\\\/egytourpackages.com\\\/cs\\\/balicky-vyletu-po-egypte\\\/\"},{\"@type\":\"ListItem\",\"position\":2,\"name\":\"Shop\",\"item\":\"https:\\\/\\\/egytourpackages.com\\\/cs\\\/shop\\\/\"},{\"@type\":\"ListItem\",\"position\":3,\"name\":\"Rann\u00ed safari na \u010dty\u0159kolk\u00e1ch v pou\u0161ti z Marsa Alam\"}]},{\"@type\":\"WebSite\",\"@id\":\"https:\\\/\\\/egytourpackages.com\\\/cs\\\/#website\",\"url\":\"https:\\\/\\\/egytourpackages.com\\\/cs\\\/\",\"name\":\"Egy tour packages\",\"description\":\"\",\"publisher\":{\"@id\":\"https:\\\/\\\/egytourpackages.com\\\/cs\\\/#organization\"},\"potentialAction\":[{\"@type\":\"SearchAction\",\"target\":{\"@type\":\"EntryPoint\",\"urlTemplate\":\"https:\\\/\\\/egytourpackages.com\\\/cs\\\/?s={search_term_string}\"},\"query-input\":{\"@type\":\"PropertyValueSpecification\",\"valueRequired\":true,\"valueName\":\"search_term_string\"}}],\"inLanguage\":\"cs\"},{\"@type\":[\"Organization\",\"Place\",\"TravelAgency\"],\"@id\":\"https:\\\/\\\/egytourpackages.com\\\/cs\\\/#organization\",\"name\":\"egypt tour packages\",\"alternateName\":\"egypt tour packages\",\"url\":\"https:\\\/\\\/egytourpackages.com\\\/cs\\\/\",\"logo\":{\"@id\":\"https:\\\/\\\/egytourpackages.com\\\/cs\\\/prohlidky\\\/ranni-safari-na-ctyrkolkach-v-pousti-z-marsa-alam\\\/#local-main-organization-logo\"},\"image\":{\"@id\":\"https:\\\/\\\/egytourpackages.com\\\/cs\\\/prohlidky\\\/ranni-safari-na-ctyrkolkach-v-pousti-z-marsa-alam\\\/#local-main-organization-logo\"},\"sameAs\":[\"https:\\\/\\\/www.facebook.com\\\/egytourpackages\"],\"legalName\":\"Egy tour packages\",\"address\":{\"@id\":\"https:\\\/\\\/egytourpackages.com\\\/cs\\\/prohlidky\\\/ranni-safari-na-ctyrkolkach-v-pousti-z-marsa-alam\\\/#local-main-place-address\"},\"telephone\":[\"00201000852186\",\"00201028685533\"],\"contactPoint\":{\"@type\":\"ContactPoint\",\"telephone\":\"00201000852186\"},\"openingHoursSpecification\":[{\"@type\":\"OpeningHoursSpecification\",\"dayOfWeek\":[\"Monday\",\"Tuesday\",\"Wednesday\",\"Thursday\",\"Friday\",\"Saturday\",\"Sunday\"],\"opens\":\"00:00\",\"closes\":\"23:59\"}],\"email\":\"info@egytourpackages.com\",\"areaServed\":\"Cairo, Hurghada, Luxor, Sharm El Sheikh, Marsa Alam, Aswan\",\"priceRange\":\"$\",\"currenciesAccepted\":\"euro\",\"paymentAccepted\":\"Payment links online\"},{\"@type\":\"PostalAddress\",\"@id\":\"https:\\\/\\\/egytourpackages.com\\\/cs\\\/prohlidky\\\/ranni-safari-na-ctyrkolkach-v-pousti-z-marsa-alam\\\/#local-main-place-address\",\"streetAddress\":\"Mubarak 8, Al Kawthar District, Hurghada\",\"addressLocality\":\"Hurghada\",\"postalCode\":\"84511\",\"addressRegion\":\"Red Sea\",\"addressCountry\":\"EG\"},{\"@type\":\"ImageObject\",\"inLanguage\":\"cs\",\"@id\":\"https:\\\/\\\/egytourpackages.com\\\/cs\\\/prohlidky\\\/ranni-safari-na-ctyrkolkach-v-pousti-z-marsa-alam\\\/#local-main-organization-logo\",\"url\":\"https:\\\/\\\/egytourpackages.com\\\/wp-content\\\/uploads\\\/2025\\\/12\\\/Turquoise-Dahabiya-Nile-Cruise-1.jpeg\",\"contentUrl\":\"https:\\\/\\\/egytourpackages.com\\\/wp-content\\\/uploads\\\/2025\\\/12\\\/Turquoise-Dahabiya-Nile-Cruise-1.jpeg\",\"width\":1040,\"height\":694,\"caption\":\"egypt tour packages\"}]}<\/script>\n<meta property=\"product:brand\" content=\"Jednodenn\u00ed v\u00fdlety po Egypt\u011b\" \/>\n<meta property=\"product:price:amount\" content=\"35\" \/>\n<meta property=\"product:price:currency\" content=\"EUR\" \/>\n<meta property=\"og:availability\" content=\"instock\" \/>\n<meta property=\"product:availability\" content=\"instock\" \/>\n<meta property=\"product:retailer_item_id\" content=\"MAT06\" \/>\n<meta property=\"product:condition\" content=\"new\" \/>\n<meta name=\"geo.placename\" content=\"Hurghada\" \/>\n<meta name=\"geo.region\" content=\"Egypt\" \/>\n<!-- \/ Yoast SEO Premium plugin. -->","yoast_head_json":{"title":"Rann\u00ed safari na \u010dty\u0159kolk\u00e1ch v pou\u0161ti z Marsa Alam","description":"Vzru\u0161uj\u00edc\u00ed Rann\u00ed safari na \u010dty\u0159kolk\u00e1ch v pou\u0161ti z Marsa Alam. Je\u010fte p\u0159es duny, nav\u0161tivte bedu\u00ednskou vesnici a za\u017eijte nezapomenuteln\u00e9 pou\u0161tn\u00ed dobrodru\u017estv\u00ed.","robots":{"index":"index","follow":"follow","max-snippet":"max-snippet:-1","max-image-preview":"max-image-preview:large","max-video-preview":"max-video-preview:-1"},"canonical":"https:\/\/egytourpackages.com\/cs\/prohlidky\/ranni-safari-na-ctyrkolkach-v-pousti-z-marsa-alam\/","og_locale":"cs_CZ","og_type":"article","og_title":"Rann\u00ed safari na \u010dty\u0159kolk\u00e1ch v pou\u0161ti z Marsa Alam","og_description":"Vzru\u0161uj\u00edc\u00ed Rann\u00ed safari na \u010dty\u0159kolk\u00e1ch v pou\u0161ti z Marsa Alam. Je\u010fte p\u0159es duny, nav\u0161tivte bedu\u00ednskou vesnici a za\u017eijte nezapomenuteln\u00e9 pou\u0161tn\u00ed dobrodru\u017estv\u00ed.","og_url":"https:\/\/egytourpackages.com\/cs\/prohlidky\/ranni-safari-na-ctyrkolkach-v-pousti-z-marsa-alam\/","og_site_name":"Z\u00e1jezdy po Egypt\u011b","article_publisher":"https:\/\/www.facebook.com\/egytourpackages","article_modified_time":"2026-01-05T22:06:27+00:00","og_image":[{"url":"https:\/\/egytourpackages.com\/wp-content\/uploads\/2024\/07\/Quad-Bike-desert-Safari-1024x682.jpeg","type":"","width":"","height":""}],"twitter_card":"summary_large_image","twitter_title":"Rann\u00ed safari na \u010dty\u0159kolk\u00e1ch v pou\u0161ti z Marsa Alam","twitter_misc":{"Cena":"&euro;35","Dostupnost":"Skladem"},"schema":{"@context":"https:\/\/schema.org","@graph":[{"@type":"WebPage","@id":"https:\/\/egytourpackages.com\/cs\/prohlidky\/ranni-safari-na-ctyrkolkach-v-pousti-z-marsa-alam\/","url":"https:\/\/egytourpackages.com\/cs\/prohlidky\/ranni-safari-na-ctyrkolkach-v-pousti-z-marsa-alam\/","name":"Rann\u00ed safari na \u010dty\u0159kolk\u00e1ch v pou\u0161ti z Marsa Alam","isPartOf":{"@id":"https:\/\/egytourpackages.com\/cs\/#website"},"primaryImageOfPage":{"@id":"https:\/\/egytourpackages.com\/cs\/prohlidky\/ranni-safari-na-ctyrkolkach-v-pousti-z-marsa-alam\/#primaryimage"},"image":{"@id":"https:\/\/egytourpackages.com\/cs\/prohlidky\/ranni-safari-na-ctyrkolkach-v-pousti-z-marsa-alam\/#primaryimage"},"thumbnailUrl":"https:\/\/egytourpackages.com\/wp-content\/uploads\/2024\/07\/Quad-Bike-desert-Safari.jpeg","datePublished":"2024-07-23T17:28:16+00:00","dateModified":"2026-01-05T22:06:27+00:00","description":"Vzru\u0161uj\u00edc\u00ed Rann\u00ed safari na \u010dty\u0159kolk\u00e1ch v pou\u0161ti z Marsa Alam. Je\u010fte p\u0159es duny, nav\u0161tivte bedu\u00ednskou vesnici a za\u017eijte nezapomenuteln\u00e9 pou\u0161tn\u00ed dobrodru\u017estv\u00ed.","breadcrumb":{"@id":"https:\/\/egytourpackages.com\/cs\/prohlidky\/ranni-safari-na-ctyrkolkach-v-pousti-z-marsa-alam\/#breadcrumb"},"inLanguage":"cs","potentialAction":[{"@type":"ReadAction","target":["https:\/\/egytourpackages.com\/cs\/prohlidky\/ranni-safari-na-ctyrkolkach-v-pousti-z-marsa-alam\/"]}]},{"@type":"ImageObject","inLanguage":"cs","@id":"https:\/\/egytourpackages.com\/cs\/prohlidky\/ranni-safari-na-ctyrkolkach-v-pousti-z-marsa-alam\/#primaryimage","url":"https:\/\/egytourpackages.com\/wp-content\/uploads\/2024\/07\/Quad-Bike-desert-Safari.jpeg","contentUrl":"https:\/\/egytourpackages.com\/wp-content\/uploads\/2024\/07\/Quad-Bike-desert-Safari.jpeg","width":1280,"height":853,"caption":"Rann\u00ed safari na \u010dty\u0159kolk\u00e1ch v pou\u0161ti z Marsa Alam"},{"@type":"BreadcrumbList","@id":"https:\/\/egytourpackages.com\/cs\/prohlidky\/ranni-safari-na-ctyrkolkach-v-pousti-z-marsa-alam\/#breadcrumb","itemListElement":[{"@type":"ListItem","position":1,"name":"Dom\u016f","item":"https:\/\/egytourpackages.com\/cs\/balicky-vyletu-po-egypte\/"},{"@type":"ListItem","position":2,"name":"Shop","item":"https:\/\/egytourpackages.com\/cs\/shop\/"},{"@type":"ListItem","position":3,"name":"Rann\u00ed safari na \u010dty\u0159kolk\u00e1ch v pou\u0161ti z Marsa Alam"}]},{"@type":"WebSite","@id":"https:\/\/egytourpackages.com\/cs\/#website","url":"https:\/\/egytourpackages.com\/cs\/","name":"Egy tour packages","description":"","publisher":{"@id":"https:\/\/egytourpackages.com\/cs\/#organization"},"potentialAction":[{"@type":"SearchAction","target":{"@type":"EntryPoint","urlTemplate":"https:\/\/egytourpackages.com\/cs\/?s={search_term_string}"},"query-input":{"@type":"PropertyValueSpecification","valueRequired":true,"valueName":"search_term_string"}}],"inLanguage":"cs"},{"@type":["Organization","Place","TravelAgency"],"@id":"https:\/\/egytourpackages.com\/cs\/#organization","name":"egypt tour packages","alternateName":"egypt tour packages","url":"https:\/\/egytourpackages.com\/cs\/","logo":{"@id":"https:\/\/egytourpackages.com\/cs\/prohlidky\/ranni-safari-na-ctyrkolkach-v-pousti-z-marsa-alam\/#local-main-organization-logo"},"image":{"@id":"https:\/\/egytourpackages.com\/cs\/prohlidky\/ranni-safari-na-ctyrkolkach-v-pousti-z-marsa-alam\/#local-main-organization-logo"},"sameAs":["https:\/\/www.facebook.com\/egytourpackages"],"legalName":"Egy tour packages","address":{"@id":"https:\/\/egytourpackages.com\/cs\/prohlidky\/ranni-safari-na-ctyrkolkach-v-pousti-z-marsa-alam\/#local-main-place-address"},"telephone":["00201000852186","00201028685533"],"contactPoint":{"@type":"ContactPoint","telephone":"00201000852186"},"openingHoursSpecification":[{"@type":"OpeningHoursSpecification","dayOfWeek":["Monday","Tuesday","Wednesday","Thursday","Friday","Saturday","Sunday"],"opens":"00:00","closes":"23:59"}],"email":"info@egytourpackages.com","areaServed":"Cairo, Hurghada, Luxor, Sharm El Sheikh, Marsa Alam, Aswan","priceRange":"$","currenciesAccepted":"euro","paymentAccepted":"Payment links online"},{"@type":"PostalAddress","@id":"https:\/\/egytourpackages.com\/cs\/prohlidky\/ranni-safari-na-ctyrkolkach-v-pousti-z-marsa-alam\/#local-main-place-address","streetAddress":"Mubarak 8, Al Kawthar District, Hurghada","addressLocality":"Hurghada","postalCode":"84511","addressRegion":"Red Sea","addressCountry":"EG"},{"@type":"ImageObject","inLanguage":"cs","@id":"https:\/\/egytourpackages.com\/cs\/prohlidky\/ranni-safari-na-ctyrkolkach-v-pousti-z-marsa-alam\/#local-main-organization-logo","url":"https:\/\/egytourpackages.com\/wp-content\/uploads\/2025\/12\/Turquoise-Dahabiya-Nile-Cruise-1.jpeg","contentUrl":"https:\/\/egytourpackages.com\/wp-content\/uploads\/2025\/12\/Turquoise-Dahabiya-Nile-Cruise-1.jpeg","width":1040,"height":694,"caption":"egypt tour packages"}]},"product_brand":"Jednodenn\u00ed v\u00fdlety po Egypt\u011b","product_price_amount":"35","product_price_currency":"EUR","og_availability":"instock","product_availability":"instock","product_retailer_item_id":"MAT06","product_condition":"new","geo.placename":"Hurghada","geo.region":"Egypt"},"_links":{"self":[{"href":"https:\/\/egytourpackages.com\/cs\/wp-json\/wp\/v2\/product\/4799","targetHints":{"allow":["GET"]}}],"collection":[{"href":"https:\/\/egytourpackages.com\/cs\/wp-json\/wp\/v2\/product"}],"about":[{"href":"https:\/\/egytourpackages.com\/cs\/wp-json\/wp\/v2\/types\/product"}],"replies":[{"embeddable":true,"href":"https:\/\/egytourpackages.com\/cs\/wp-json\/wp\/v2\/comments?post=4799"}],"wp:featuredmedia":[{"embeddable":true,"href":"https:\/\/egytourpackages.com\/cs\/wp-json\/wp\/v2\/media\/3458"}],"wp:attachment":[{"href":"https:\/\/egytourpackages.com\/cs\/wp-json\/wp\/v2\/media?parent=4799"}],"wp:term":[{"taxonomy":"product_brand","embeddable":true,"href":"https:\/\/egytourpackages.com\/cs\/wp-json\/wp\/v2\/product_brand?post=4799"},{"taxonomy":"product_cat","embeddable":true,"href":"https:\/\/egytourpackages.com\/cs\/wp-json\/wp\/v2\/product_cat?post=4799"},{"taxonomy":"product_tag","embeddable":true,"href":"https:\/\/egytourpackages.com\/cs\/wp-json\/wp\/v2\/product_tag?post=4799"}],"curies":[{"name":"wp","href":"https:\/\/api.w.org\/{rel}","templated":true}]}}