{"id":4831,"date":"2023-07-13T02:26:31","date_gmt":"2023-07-13T02:26:31","guid":{"rendered":"https:\/\/egytourpackages.com\/product\/vylet-snorchlovani-marsa-mubarak-z-marsa-alam\/"},"modified":"2026-01-07T21:23:48","modified_gmt":"2026-01-07T21:23:48","slug":"vylet-snorchlovani-marsa-mubarak-z-marsa-alam","status":"publish","type":"product","link":"https:\/\/egytourpackages.com\/cs\/prohlidky\/vylet-snorchlovani-marsa-mubarak-z-marsa-alam\/","title":{"rendered":"V\u00fdlet \u0161norchlov\u00e1n\u00ed Marsa Mubarak z Marsa Alam"},"content":{"rendered":"<p><strong><span style=\"color: #ff6600;\">V\u00fdlet \u0161norchlov\u00e1n\u00ed Marsa Mubarak z Marsa Alam<\/span><\/strong><\/p>\n<h2><span style=\"color: #ff6600;\">P\u0159ehled<\/span><\/h2>\n<p>P\u0159ipravte se na <strong>v\u00fdlet \u0161norchlov\u00e1n\u00ed do Marsa Mubarak z Marsa Alam<\/strong> a pono\u0159te se do nedot\u010den\u00e9 kr\u00e1sy podmo\u0159sk\u00e9ho sv\u011bta Egypta. Tato <strong>\u0161norchlovac\u00ed t\u00fara Rud\u00fdm mo\u0159em<\/strong> nab\u00edz\u00ed jedine\u010dnou p\u0159\u00edle\u017eitost pozorovat zbl\u00edzka \u017eiv\u00fd, nedot\u010den\u00fd mo\u0159sk\u00fd \u017eivot, co\u017e z n\u00ed \u010din\u00ed vrchol v\u0161ech <strong>v\u00fdlet\u016f z Marsa Alam<\/strong>.<\/p>\n<p><strong>Marsa Mubarak<\/strong>, \u010dasto naz\u00fdvan\u00e1 &#8222;\u017delv\u00ed z\u00e1toka&#8220;, je panensk\u00e1 mo\u0159sk\u00e1 chr\u00e1n\u011bn\u00e1 oblast a ide\u00e1ln\u00ed destinace pro \u0161norchla\u0159e i pot\u00e1p\u011b\u010de. Je proslul\u00e1 jako jedno z <strong>nejlep\u0161\u00edch \u0161norchlovac\u00edch m\u00edst v Marsa Alam<\/strong>, py\u0161n\u00edc\u00ed se mimo\u0159\u00e1dn\u00fdm mo\u0159sk\u00fdm ekosyst\u00e9mem.<\/p>\n<p>Na tomto fantastick\u00e9m <strong>jednodenn\u00edm v\u00fdletu v Egypt\u011b<\/strong> budete m\u00edt jedine\u010dnou p\u0159\u00edle\u017eitost <strong>plavat s delf\u00edny v Marsa Alam<\/strong>, pozorovat majest\u00e1tn\u00ed <strong>zelen\u00e9 mo\u0159sk\u00e9 \u017eelvy<\/strong>, jak se ladn\u011b klou\u017eou, a pokud budete m\u00edt \u0161t\u011bst\u00ed, spat\u0159it i plach\u00e9ho dugonga (mo\u0159skou kr\u00e1vu) v jeho p\u0159irozen\u00e9m prost\u0159ed\u00ed.<\/p>\n<p>Znovu se spojte s p\u0159\u00edrodou a objevte rozmanitou \u0161k\u00e1lu nov\u00fdch mo\u0159sk\u00fdch druh\u016f v k\u0159i\u0161\u0165\u00e1lov\u011b \u010dist\u00fdch vod\u00e1ch Rud\u00e9ho mo\u0159e. Tato <strong>exkurze z Marsa Alam<\/strong> je d\u016fsledn\u011b hodnocena jako jedna z <strong>nejlep\u0161\u00edch aktivit v Marsa Alam<\/strong>, slibuj\u00edc\u00ed nezapomenuteln\u00e9 dobrodru\u017estv\u00ed pro v\u0161echny v\u011bkov\u00e9 kategorie. Nenechte si uj\u00edt tento \u0161pi\u010dkov\u00fd <strong>\u0161norchlovac\u00ed z\u00e1\u017eitek v Egypt\u011b<\/strong>!<\/p>\n<h3><span style=\"color: #ff6600;\">Detaily z\u00e1jezdu<\/span><\/h3>\n<ul>\n<li><strong>D\u00e9lka<\/strong>: 8 hodin<\/li>\n<li><strong>M\u00edsto kon\u00e1n\u00ed<\/strong>: Port Ghalib, Marsa Alam<\/li>\n<li><strong>Dostupnost z\u00e1jezdu<\/strong>: Ka\u017ed\u00fd den<\/li>\n<li><strong>Vyzvednut\u00ed a odvoz<\/strong>: V\u00e1\u0161 hotel v Marsa Alam<\/li>\n<li><strong>Typ z\u00e1jezdu<\/strong>: Rekrea\u010dn\u00ed z\u00e1jezd<\/li>\n<li><strong>Invalidn\u00ed voz\u00edk<\/strong>: Nen\u00ed p\u0159\u00edstupn\u00e9<\/li>\n<\/ul>\n<h3><span style=\"color: #ff6600;\">Zahrnuto v tomto v\u00fdletu<\/span><\/h3>\n<ul>\n<li>Zp\u00e1te\u010dn\u00ed transfer<\/li>\n<li>Ob\u011bd na palub\u011b luxusn\u00ed jachty<\/li>\n<li>Vybaven\u00ed na \u0161norchlov\u00e1n\u00ed<\/li>\n<li>Pr\u016fvodce pro \u0161norchlov\u00e1n\u00ed<\/li>\n<li>Hork\u00e9 a nealkoholick\u00e9 n\u00e1poje<\/li>\n<\/ul>\n<h3><span style=\"color: #ff6600;\">Nen\u00ed zahrnuto ve v\u00fdletu Marsa Mubarak<\/span><\/h3>\n<ul>\n<li>DVD a fotografie od kameramana<\/li>\n<li>Pot\u00e1p\u011bn\u00ed (Scuba Diving)<\/li>\n<li>Spropitn\u00e9<\/li>\n<li>Poplatek za p\u0159\u00edrodn\u00ed rezervaci 5 USD na osobu<\/li>\n<\/ul>\n<h3><span style=\"color: #ff6600;\">Co si zabalit<\/span><\/h3>\n<ul>\n<li>Pl\u00e1\u017eov\u00fd ru\u010dn\u00edk z hotelu<\/li>\n<li>Klobouk nebo \u0161\u00e1tek<\/li>\n<li>Opalovac\u00ed kr\u00e9m<\/li>\n<li>Plavky<\/li>\n<li>Kopie va\u0161eho pasu<\/li>\n<\/ul>\n<h2><span style=\"color: #ff6600;\">Itiner\u00e1\u0159<\/span><\/h2>\n<p>Za\u010dn\u011bte nezapomenuteln\u00fd <strong>celodenn\u00ed v\u00fdlet \u0161norchlov\u00e1n\u00ed do Marsa Mubarak z Marsa Alam<\/strong>, skute\u010dn\u011b v\u00fdjime\u010dn\u00fd <strong>\u0161norchlovac\u00ed z\u00e1\u017eitek v Rud\u00e9m mo\u0159i<\/strong>. Va\u0161e dobrodru\u017estv\u00ed za\u010d\u00edn\u00e1 pohodln\u00fdm vyzvednut\u00edm z hotelu v Marsa Alam a transferem na molo, kde na v\u00e1s \u010dek\u00e1 lo\u010f.<\/p>\n<p>Pos\u00e1dka v\u00e1s p\u0159iv\u00edt\u00e1 na palub\u011b a pot\u00e9 obdr\u017e\u00edte komplexn\u00ed instrukt\u00e1\u017e od va\u0161eho zku\u0161en\u00e9ho <strong>\u0161norchlovac\u00edho pr\u016fvodce<\/strong> o bezpe\u010dnostn\u00edch postupech a pl\u00e1nu dne. Pot\u00e9 se poplav\u00edte k va\u0161\u00ed prvn\u00ed \u0161norchlovac\u00ed zast\u00e1vce, \u010dasto kr\u00e1sn\u00e9 kor\u00e1lov\u00e9 \u00fatesov\u00e9 lokalit\u011b, jako je Marsa El Shouna, zn\u00e1m\u00e1 pro sv\u00e9 rozmanit\u00e9 tvrd\u00e9 a m\u011bkk\u00e9 kor\u00e1ly a hojn\u00e9 \u00fatesov\u00e9 ryby.<\/p>\n<p>Po \u010derstv\u011b uva\u0159en\u00e9m ob\u011bd\u011b na palub\u011b jachty poplav\u00edte k nedot\u010den\u00fdm vod\u00e1m <strong>z\u00e1toky Marsa Mubarak<\/strong>, proslul\u00e9 svou neuv\u011b\u0159itelnou mo\u0159skou biodiverzitou.<\/p>\n<p>B\u011bhem dne si u\u017eijete n\u011bkolik zast\u00e1vek na <strong>\u0161norchlov\u00e1n\u00ed<\/strong>, veden\u00fdch zku\u0161en\u00fdmi instruktory, kte\u0159\u00ed v\u00e1s zavedou na nejlep\u0161\u00ed m\u00edsta. Pono\u0159te se do k\u0159i\u0161\u0165\u00e1lov\u011b \u010dist\u00fdch tyrkysov\u00fdch vod a objevte \u017eiv\u00e9 <strong>kor\u00e1lov\u00e9 \u00fatesy<\/strong> hem\u017e\u00edc\u00ed se barevn\u00fdmi rybami. Vrcholem t\u00e9to <strong>exkurze z Marsa Alam<\/strong> je mo\u017enost <strong>plavat s dugongy<\/strong> a setkat se s majest\u00e1tn\u00edmi <strong>zelen\u00fdmi mo\u0159sk\u00fdmi \u017eelvami<\/strong> v jejich p\u0159irozen\u00e9m prost\u0159ed\u00ed.<\/p>\n<p>Tak\u017ee je to \u00fa\u017easn\u00e9 m\u00edsto pro <strong>pot\u00e1p\u011bn\u00ed<\/strong> pro za\u010d\u00e1te\u010dn\u00edky i profesion\u00e1ly. Po celodenn\u00edm vodn\u00edm pr\u016fzkumu se vr\u00e1t\u00edte na molo a budete p\u0159evezeni zp\u011bt do va\u0161eho hotelu v Marsa Alam, pot\u00e9 co jste za\u017eili to nejlep\u0161\u00ed z <strong>mo\u0159sk\u00e9ho \u017eivota Marsa Mubarak<\/strong>.<\/p>\n<h3><span style=\"color: #ff6600;\">Cena v\u00fdletu \u0161norchlov\u00e1n\u00ed Marsa Mubarak z Marsa Alam<\/span><\/h3>\n<ul>\n<li>Cena pro dosp\u011bl\u00e9 = 60 \u20ac<\/li>\n<li>D\u011bti 0-5 let = zdarma<\/li>\n<li>D\u011bti 5-11 let = 50 % z ceny pro dosp\u011bl\u00e9<\/li>\n<\/ul>\n<h3><span style=\"color: #ff6600;\">Rezervace<\/span><\/h3>\n<p>Sv\u016fj v\u00fdlet si m\u016f\u017eete zarezervovat p\u0159es WhatsApp nebo n\u00e1m poslat e-mail a obdr\u017e\u00edte potvrzen\u00ed na m\u00edst\u011b.<\/p>\n<p>Pros\u00edme, za\u0161lete n\u00e1m n\u00e1zev va\u0161eho hotelu, \u010d\u00edslo pokoje a kopie pas\u016f.<\/p>\n<p><strong>WhatsApp<\/strong>: +201000852186<\/p>\n<p><strong>E-mail<\/strong>: info@egytourpackages.com<\/p>\n<h3><span style=\"color: #ff6600;\">Rezervujte hned a zapla\u0165te na m\u00edst\u011b<\/span><\/h3>\n<p>Zarezervujte si sv\u016fj obl\u00edben\u00fd v\u00fdlet a zapla\u0165te v den v\u00fdletu.<\/p>\n<p><strong>Platba<\/strong><\/p>\n<p>M\u016f\u017eete platit egyptsk\u00fdmi librami, $, \u20ac nebo \u00a3.<\/p>\n<h3><span style=\"color: #ff6600;\">Storno podm\u00ednky<\/span><\/h3>\n<ul>\n<li>Zru\u0161en\u00ed zdarma a\u017e 24 hodin p\u0159edem<\/li>\n<li>Rann\u00ed zru\u0161en\u00ed (v den v\u00fdletu) je 50 % z ceny<\/li>\n<\/ul>\n<h3><span style=\"color: #ff6600;\">Pozn\u00e1mka:<\/span><\/h3>\n<p><strong>Po\u010das\u00ed<\/strong> hraje velkou roli v dostupnosti tohoto v\u00fdletu, proto\u017ee tento v\u00fdlet m\u016f\u017ee b\u00fdt zru\u0161en kv\u016fli \u0161patn\u00fdm pov\u011btrnostn\u00edm podm\u00ednk\u00e1m.<\/p>\n","protected":false},"excerpt":{"rendered":"<p>V\u00fdlet \u0161norchlov\u00e1n\u00ed Marsa Mubarak z Marsa Alam! Plavte s dugongy, \u017eelvami a objevte kor\u00e1lov\u00e9 \u00fatesy Rud\u00e9ho mo\u0159e. Rezervujte si sv\u00e9 dobrodru\u017estv\u00ed!<\/p>\n","protected":false},"featured_media":2860,"comment_status":"open","ping_status":"closed","template":"","meta":[],"product_brand":[],"product_cat":[1466],"product_tag":[1470,2633,2341],"class_list":{"0":"post-4831","1":"product","2":"type-product","3":"status-publish","4":"has-post-thumbnail","6":"product_cat-vylety","7":"product_tag-jednodenni-vylety-po-egypte","8":"product_tag-marsa-mubarak-cs","9":"product_tag-zajezdy-marsa-alam","10":"tour_category-jednodenni-vylety-po-egypte-cs","11":"tour_category-vylety-do-marsa-alam","13":"first","14":"instock","15":"sale","16":"shipping-taxable","17":"purchasable","18":"product-type-tour","19":"has-default-attributes"},"yoast_head":"<!-- This site is optimized with the Yoast SEO Premium plugin v27.4 (Yoast SEO v27.4) - https:\/\/yoast.com\/product\/yoast-seo-premium-wordpress\/ -->\n<title>V\u00fdlet \u0161norchlov\u00e1n\u00ed Marsa Mubarak z Marsa Alam<\/title>\n<meta name=\"description\" content=\"V\u00fdlet \u0161norchlov\u00e1n\u00ed Marsa Mubarak z Marsa Alam! Plavte s dugongy, \u017eelvami a objevte kor\u00e1lov\u00e9 \u00fatesy Rud\u00e9ho mo\u0159e. Rezervujte si sv\u00e9 dobrodru\u017estv\u00ed!\" \/>\n<meta name=\"robots\" content=\"index, follow, max-snippet:-1, max-image-preview:large, max-video-preview:-1\" \/>\n<link rel=\"canonical\" href=\"https:\/\/egytourpackages.com\/cs\/prohlidky\/vylet-snorchlovani-marsa-mubarak-z-marsa-alam\/\" \/>\n<meta property=\"og:locale\" content=\"cs_CZ\" \/>\n<meta property=\"og:type\" content=\"article\" \/>\n<meta property=\"og:title\" content=\"V\u00fdlet \u0161norchlov\u00e1n\u00ed Marsa Mubarak z Marsa Alam\" \/>\n<meta property=\"og:description\" content=\"V\u00fdlet \u0161norchlov\u00e1n\u00ed Marsa Mubarak z Marsa Alam! Plavte s dugongy, \u017eelvami a objevte kor\u00e1lov\u00e9 \u00fatesy Rud\u00e9ho mo\u0159e. Rezervujte si sv\u00e9 dobrodru\u017estv\u00ed!\" \/>\n<meta property=\"og:url\" content=\"https:\/\/egytourpackages.com\/cs\/prohlidky\/vylet-snorchlovani-marsa-mubarak-z-marsa-alam\/\" \/>\n<meta property=\"og:site_name\" content=\"Z\u00e1jezdy po Egypt\u011b\" \/>\n<meta property=\"article:publisher\" content=\"https:\/\/www.facebook.com\/egytourpackages\" \/>\n<meta property=\"article:modified_time\" content=\"2026-01-07T21:23:48+00:00\" \/>\n<meta property=\"og:image\" content=\"https:\/\/egytourpackages.com\/wp-content\/uploads\/2023\/07\/Marsa-Mubarak-Snorkeling-trip.jpeg\" \/>\n<meta name=\"twitter:card\" content=\"summary_large_image\" \/>\n<meta name=\"twitter:title\" content=\"V\u00fdlet \u0161norchlov\u00e1n\u00ed Marsa Mubarak z Marsa Alam\" \/>\n<meta name=\"twitter:description\" content=\"V\u00fdlet \u0161norchlov\u00e1n\u00ed Marsa Mubarak z Marsa Alam! Plavte s dugongy, \u017eelvami a objevte kor\u00e1lov\u00e9 \u00fatesy Rud\u00e9ho mo\u0159e. Rezervujte si sv\u00e9 dobrodru\u017estv\u00ed!\" \/>\n<meta name=\"twitter:image\" content=\"https:\/\/egytourpackages.com\/wp-content\/uploads\/2023\/07\/Marsa-Mubarak-Snorkeling-trip.jpeg\" \/>\n<meta name=\"twitter:label1\" content=\"Cena\" \/>\n\t<meta name=\"twitter:data1\" content=\"&euro;50\" \/>\n\t<meta name=\"twitter:label2\" content=\"Dostupnost\" \/>\n\t<meta name=\"twitter:data2\" content=\"Skladem\" \/>\n<script type=\"application\/ld+json\" class=\"yoast-schema-graph\">{\"@context\":\"https:\\\/\\\/schema.org\",\"@graph\":[{\"@type\":\"WebPage\",\"@id\":\"https:\\\/\\\/egytourpackages.com\\\/cs\\\/prohlidky\\\/vylet-snorchlovani-marsa-mubarak-z-marsa-alam\\\/\",\"url\":\"https:\\\/\\\/egytourpackages.com\\\/cs\\\/prohlidky\\\/vylet-snorchlovani-marsa-mubarak-z-marsa-alam\\\/\",\"name\":\"V\u00fdlet \u0161norchlov\u00e1n\u00ed Marsa Mubarak z Marsa Alam\",\"isPartOf\":{\"@id\":\"https:\\\/\\\/egytourpackages.com\\\/cs\\\/#website\"},\"primaryImageOfPage\":{\"@id\":\"https:\\\/\\\/egytourpackages.com\\\/cs\\\/prohlidky\\\/vylet-snorchlovani-marsa-mubarak-z-marsa-alam\\\/#primaryimage\"},\"image\":{\"@id\":\"https:\\\/\\\/egytourpackages.com\\\/cs\\\/prohlidky\\\/vylet-snorchlovani-marsa-mubarak-z-marsa-alam\\\/#primaryimage\"},\"thumbnailUrl\":\"https:\\\/\\\/egytourpackages.com\\\/wp-content\\\/uploads\\\/2023\\\/07\\\/Marsa-Mubarak-Snorkeling-trip.jpeg\",\"datePublished\":\"2023-07-13T02:26:31+00:00\",\"dateModified\":\"2026-01-07T21:23:48+00:00\",\"description\":\"V\u00fdlet \u0161norchlov\u00e1n\u00ed Marsa Mubarak z Marsa Alam! Plavte s dugongy, \u017eelvami a objevte kor\u00e1lov\u00e9 \u00fatesy Rud\u00e9ho mo\u0159e. Rezervujte si sv\u00e9 dobrodru\u017estv\u00ed!\",\"breadcrumb\":{\"@id\":\"https:\\\/\\\/egytourpackages.com\\\/cs\\\/prohlidky\\\/vylet-snorchlovani-marsa-mubarak-z-marsa-alam\\\/#breadcrumb\"},\"inLanguage\":\"cs\",\"potentialAction\":[{\"@type\":\"ReadAction\",\"target\":[\"https:\\\/\\\/egytourpackages.com\\\/cs\\\/prohlidky\\\/vylet-snorchlovani-marsa-mubarak-z-marsa-alam\\\/\"]}]},{\"@type\":\"ImageObject\",\"inLanguage\":\"cs\",\"@id\":\"https:\\\/\\\/egytourpackages.com\\\/cs\\\/prohlidky\\\/vylet-snorchlovani-marsa-mubarak-z-marsa-alam\\\/#primaryimage\",\"url\":\"https:\\\/\\\/egytourpackages.com\\\/wp-content\\\/uploads\\\/2023\\\/07\\\/Marsa-Mubarak-Snorkeling-trip.jpeg\",\"contentUrl\":\"https:\\\/\\\/egytourpackages.com\\\/wp-content\\\/uploads\\\/2023\\\/07\\\/Marsa-Mubarak-Snorkeling-trip.jpeg\",\"width\":960,\"height\":864,\"caption\":\"\u0160norchlovac\u00ed v\u00fdlet Marsa Mubarak\"},{\"@type\":\"BreadcrumbList\",\"@id\":\"https:\\\/\\\/egytourpackages.com\\\/cs\\\/prohlidky\\\/vylet-snorchlovani-marsa-mubarak-z-marsa-alam\\\/#breadcrumb\",\"itemListElement\":[{\"@type\":\"ListItem\",\"position\":1,\"name\":\"Dom\u016f\",\"item\":\"https:\\\/\\\/egytourpackages.com\\\/cs\\\/balicky-vyletu-po-egypte\\\/\"},{\"@type\":\"ListItem\",\"position\":2,\"name\":\"Shop\",\"item\":\"https:\\\/\\\/egytourpackages.com\\\/cs\\\/shop\\\/\"},{\"@type\":\"ListItem\",\"position\":3,\"name\":\"V\u00fdlet \u0161norchlov\u00e1n\u00ed Marsa Mubarak z Marsa Alam\"}]},{\"@type\":\"WebSite\",\"@id\":\"https:\\\/\\\/egytourpackages.com\\\/cs\\\/#website\",\"url\":\"https:\\\/\\\/egytourpackages.com\\\/cs\\\/\",\"name\":\"Egy tour packages\",\"description\":\"\",\"publisher\":{\"@id\":\"https:\\\/\\\/egytourpackages.com\\\/cs\\\/#organization\"},\"potentialAction\":[{\"@type\":\"SearchAction\",\"target\":{\"@type\":\"EntryPoint\",\"urlTemplate\":\"https:\\\/\\\/egytourpackages.com\\\/cs\\\/?s={search_term_string}\"},\"query-input\":{\"@type\":\"PropertyValueSpecification\",\"valueRequired\":true,\"valueName\":\"search_term_string\"}}],\"inLanguage\":\"cs\"},{\"@type\":[\"Organization\",\"Place\",\"TravelAgency\"],\"@id\":\"https:\\\/\\\/egytourpackages.com\\\/cs\\\/#organization\",\"name\":\"egypt tour packages\",\"alternateName\":\"egypt tour packages\",\"url\":\"https:\\\/\\\/egytourpackages.com\\\/cs\\\/\",\"logo\":{\"@id\":\"https:\\\/\\\/egytourpackages.com\\\/cs\\\/prohlidky\\\/vylet-snorchlovani-marsa-mubarak-z-marsa-alam\\\/#local-main-organization-logo\"},\"image\":{\"@id\":\"https:\\\/\\\/egytourpackages.com\\\/cs\\\/prohlidky\\\/vylet-snorchlovani-marsa-mubarak-z-marsa-alam\\\/#local-main-organization-logo\"},\"sameAs\":[\"https:\\\/\\\/www.facebook.com\\\/egytourpackages\"],\"legalName\":\"Egy tour packages\",\"address\":{\"@id\":\"https:\\\/\\\/egytourpackages.com\\\/cs\\\/prohlidky\\\/vylet-snorchlovani-marsa-mubarak-z-marsa-alam\\\/#local-main-place-address\"},\"telephone\":[\"00201000852186\",\"00201028685533\"],\"contactPoint\":{\"@type\":\"ContactPoint\",\"telephone\":\"00201000852186\"},\"openingHoursSpecification\":[{\"@type\":\"OpeningHoursSpecification\",\"dayOfWeek\":[\"Monday\",\"Tuesday\",\"Wednesday\",\"Thursday\",\"Friday\",\"Saturday\",\"Sunday\"],\"opens\":\"00:00\",\"closes\":\"23:59\"}],\"email\":\"info@egytourpackages.com\",\"areaServed\":\"Cairo, Hurghada, Luxor, Sharm El Sheikh, Marsa Alam, Aswan\",\"priceRange\":\"$\",\"currenciesAccepted\":\"euro\",\"paymentAccepted\":\"Payment links online\"},{\"@type\":\"PostalAddress\",\"@id\":\"https:\\\/\\\/egytourpackages.com\\\/cs\\\/prohlidky\\\/vylet-snorchlovani-marsa-mubarak-z-marsa-alam\\\/#local-main-place-address\",\"streetAddress\":\"Mubarak 8, Al Kawthar District, Hurghada\",\"addressLocality\":\"Hurghada\",\"postalCode\":\"84511\",\"addressRegion\":\"Red Sea\",\"addressCountry\":\"EG\"},{\"@type\":\"ImageObject\",\"inLanguage\":\"cs\",\"@id\":\"https:\\\/\\\/egytourpackages.com\\\/cs\\\/prohlidky\\\/vylet-snorchlovani-marsa-mubarak-z-marsa-alam\\\/#local-main-organization-logo\",\"url\":\"https:\\\/\\\/egytourpackages.com\\\/wp-content\\\/uploads\\\/2025\\\/12\\\/Turquoise-Dahabiya-Nile-Cruise-1.jpeg\",\"contentUrl\":\"https:\\\/\\\/egytourpackages.com\\\/wp-content\\\/uploads\\\/2025\\\/12\\\/Turquoise-Dahabiya-Nile-Cruise-1.jpeg\",\"width\":1040,\"height\":694,\"caption\":\"egypt tour packages\"}]}<\/script>\n<meta property=\"product:brand\" content=\"Jednodenn\u00ed v\u00fdlety po Egypt\u011b\" \/>\n<meta property=\"product:price:amount\" content=\"50\" \/>\n<meta property=\"product:price:currency\" content=\"EUR\" \/>\n<meta property=\"og:availability\" content=\"instock\" \/>\n<meta property=\"product:availability\" content=\"instock\" \/>\n<meta property=\"product:retailer_item_id\" content=\"MAT10\" \/>\n<meta property=\"product:condition\" content=\"new\" \/>\n<meta name=\"geo.placename\" content=\"Hurghada\" \/>\n<meta name=\"geo.region\" content=\"Egypt\" \/>\n<!-- \/ Yoast SEO Premium plugin. -->","yoast_head_json":{"title":"V\u00fdlet \u0161norchlov\u00e1n\u00ed Marsa Mubarak z Marsa Alam","description":"V\u00fdlet \u0161norchlov\u00e1n\u00ed Marsa Mubarak z Marsa Alam! Plavte s dugongy, \u017eelvami a objevte kor\u00e1lov\u00e9 \u00fatesy Rud\u00e9ho mo\u0159e. Rezervujte si sv\u00e9 dobrodru\u017estv\u00ed!","robots":{"index":"index","follow":"follow","max-snippet":"max-snippet:-1","max-image-preview":"max-image-preview:large","max-video-preview":"max-video-preview:-1"},"canonical":"https:\/\/egytourpackages.com\/cs\/prohlidky\/vylet-snorchlovani-marsa-mubarak-z-marsa-alam\/","og_locale":"cs_CZ","og_type":"article","og_title":"V\u00fdlet \u0161norchlov\u00e1n\u00ed Marsa Mubarak z Marsa Alam","og_description":"V\u00fdlet \u0161norchlov\u00e1n\u00ed Marsa Mubarak z Marsa Alam! Plavte s dugongy, \u017eelvami a objevte kor\u00e1lov\u00e9 \u00fatesy Rud\u00e9ho mo\u0159e. Rezervujte si sv\u00e9 dobrodru\u017estv\u00ed!","og_url":"https:\/\/egytourpackages.com\/cs\/prohlidky\/vylet-snorchlovani-marsa-mubarak-z-marsa-alam\/","og_site_name":"Z\u00e1jezdy po Egypt\u011b","article_publisher":"https:\/\/www.facebook.com\/egytourpackages","article_modified_time":"2026-01-07T21:23:48+00:00","og_image":[{"url":"https:\/\/egytourpackages.com\/wp-content\/uploads\/2023\/07\/Marsa-Mubarak-Snorkeling-trip.jpeg","type":"","width":"","height":""}],"twitter_card":"summary_large_image","twitter_title":"V\u00fdlet \u0161norchlov\u00e1n\u00ed Marsa Mubarak z Marsa Alam","twitter_description":"V\u00fdlet \u0161norchlov\u00e1n\u00ed Marsa Mubarak z Marsa Alam! Plavte s dugongy, \u017eelvami a objevte kor\u00e1lov\u00e9 \u00fatesy Rud\u00e9ho mo\u0159e. Rezervujte si sv\u00e9 dobrodru\u017estv\u00ed!","twitter_image":"https:\/\/egytourpackages.com\/wp-content\/uploads\/2023\/07\/Marsa-Mubarak-Snorkeling-trip.jpeg","twitter_misc":{"Cena":"&euro;50","Dostupnost":"Skladem"},"schema":{"@context":"https:\/\/schema.org","@graph":[{"@type":"WebPage","@id":"https:\/\/egytourpackages.com\/cs\/prohlidky\/vylet-snorchlovani-marsa-mubarak-z-marsa-alam\/","url":"https:\/\/egytourpackages.com\/cs\/prohlidky\/vylet-snorchlovani-marsa-mubarak-z-marsa-alam\/","name":"V\u00fdlet \u0161norchlov\u00e1n\u00ed Marsa Mubarak z Marsa Alam","isPartOf":{"@id":"https:\/\/egytourpackages.com\/cs\/#website"},"primaryImageOfPage":{"@id":"https:\/\/egytourpackages.com\/cs\/prohlidky\/vylet-snorchlovani-marsa-mubarak-z-marsa-alam\/#primaryimage"},"image":{"@id":"https:\/\/egytourpackages.com\/cs\/prohlidky\/vylet-snorchlovani-marsa-mubarak-z-marsa-alam\/#primaryimage"},"thumbnailUrl":"https:\/\/egytourpackages.com\/wp-content\/uploads\/2023\/07\/Marsa-Mubarak-Snorkeling-trip.jpeg","datePublished":"2023-07-13T02:26:31+00:00","dateModified":"2026-01-07T21:23:48+00:00","description":"V\u00fdlet \u0161norchlov\u00e1n\u00ed Marsa Mubarak z Marsa Alam! Plavte s dugongy, \u017eelvami a objevte kor\u00e1lov\u00e9 \u00fatesy Rud\u00e9ho mo\u0159e. Rezervujte si sv\u00e9 dobrodru\u017estv\u00ed!","breadcrumb":{"@id":"https:\/\/egytourpackages.com\/cs\/prohlidky\/vylet-snorchlovani-marsa-mubarak-z-marsa-alam\/#breadcrumb"},"inLanguage":"cs","potentialAction":[{"@type":"ReadAction","target":["https:\/\/egytourpackages.com\/cs\/prohlidky\/vylet-snorchlovani-marsa-mubarak-z-marsa-alam\/"]}]},{"@type":"ImageObject","inLanguage":"cs","@id":"https:\/\/egytourpackages.com\/cs\/prohlidky\/vylet-snorchlovani-marsa-mubarak-z-marsa-alam\/#primaryimage","url":"https:\/\/egytourpackages.com\/wp-content\/uploads\/2023\/07\/Marsa-Mubarak-Snorkeling-trip.jpeg","contentUrl":"https:\/\/egytourpackages.com\/wp-content\/uploads\/2023\/07\/Marsa-Mubarak-Snorkeling-trip.jpeg","width":960,"height":864,"caption":"\u0160norchlovac\u00ed v\u00fdlet Marsa Mubarak"},{"@type":"BreadcrumbList","@id":"https:\/\/egytourpackages.com\/cs\/prohlidky\/vylet-snorchlovani-marsa-mubarak-z-marsa-alam\/#breadcrumb","itemListElement":[{"@type":"ListItem","position":1,"name":"Dom\u016f","item":"https:\/\/egytourpackages.com\/cs\/balicky-vyletu-po-egypte\/"},{"@type":"ListItem","position":2,"name":"Shop","item":"https:\/\/egytourpackages.com\/cs\/shop\/"},{"@type":"ListItem","position":3,"name":"V\u00fdlet \u0161norchlov\u00e1n\u00ed Marsa Mubarak z Marsa Alam"}]},{"@type":"WebSite","@id":"https:\/\/egytourpackages.com\/cs\/#website","url":"https:\/\/egytourpackages.com\/cs\/","name":"Egy tour packages","description":"","publisher":{"@id":"https:\/\/egytourpackages.com\/cs\/#organization"},"potentialAction":[{"@type":"SearchAction","target":{"@type":"EntryPoint","urlTemplate":"https:\/\/egytourpackages.com\/cs\/?s={search_term_string}"},"query-input":{"@type":"PropertyValueSpecification","valueRequired":true,"valueName":"search_term_string"}}],"inLanguage":"cs"},{"@type":["Organization","Place","TravelAgency"],"@id":"https:\/\/egytourpackages.com\/cs\/#organization","name":"egypt tour packages","alternateName":"egypt tour packages","url":"https:\/\/egytourpackages.com\/cs\/","logo":{"@id":"https:\/\/egytourpackages.com\/cs\/prohlidky\/vylet-snorchlovani-marsa-mubarak-z-marsa-alam\/#local-main-organization-logo"},"image":{"@id":"https:\/\/egytourpackages.com\/cs\/prohlidky\/vylet-snorchlovani-marsa-mubarak-z-marsa-alam\/#local-main-organization-logo"},"sameAs":["https:\/\/www.facebook.com\/egytourpackages"],"legalName":"Egy tour packages","address":{"@id":"https:\/\/egytourpackages.com\/cs\/prohlidky\/vylet-snorchlovani-marsa-mubarak-z-marsa-alam\/#local-main-place-address"},"telephone":["00201000852186","00201028685533"],"contactPoint":{"@type":"ContactPoint","telephone":"00201000852186"},"openingHoursSpecification":[{"@type":"OpeningHoursSpecification","dayOfWeek":["Monday","Tuesday","Wednesday","Thursday","Friday","Saturday","Sunday"],"opens":"00:00","closes":"23:59"}],"email":"info@egytourpackages.com","areaServed":"Cairo, Hurghada, Luxor, Sharm El Sheikh, Marsa Alam, Aswan","priceRange":"$","currenciesAccepted":"euro","paymentAccepted":"Payment links online"},{"@type":"PostalAddress","@id":"https:\/\/egytourpackages.com\/cs\/prohlidky\/vylet-snorchlovani-marsa-mubarak-z-marsa-alam\/#local-main-place-address","streetAddress":"Mubarak 8, Al Kawthar District, Hurghada","addressLocality":"Hurghada","postalCode":"84511","addressRegion":"Red Sea","addressCountry":"EG"},{"@type":"ImageObject","inLanguage":"cs","@id":"https:\/\/egytourpackages.com\/cs\/prohlidky\/vylet-snorchlovani-marsa-mubarak-z-marsa-alam\/#local-main-organization-logo","url":"https:\/\/egytourpackages.com\/wp-content\/uploads\/2025\/12\/Turquoise-Dahabiya-Nile-Cruise-1.jpeg","contentUrl":"https:\/\/egytourpackages.com\/wp-content\/uploads\/2025\/12\/Turquoise-Dahabiya-Nile-Cruise-1.jpeg","width":1040,"height":694,"caption":"egypt tour packages"}]},"product_brand":"Jednodenn\u00ed v\u00fdlety po Egypt\u011b","product_price_amount":"50","product_price_currency":"EUR","og_availability":"instock","product_availability":"instock","product_retailer_item_id":"MAT10","product_condition":"new","geo.placename":"Hurghada","geo.region":"Egypt"},"_links":{"self":[{"href":"https:\/\/egytourpackages.com\/cs\/wp-json\/wp\/v2\/product\/4831","targetHints":{"allow":["GET"]}}],"collection":[{"href":"https:\/\/egytourpackages.com\/cs\/wp-json\/wp\/v2\/product"}],"about":[{"href":"https:\/\/egytourpackages.com\/cs\/wp-json\/wp\/v2\/types\/product"}],"replies":[{"embeddable":true,"href":"https:\/\/egytourpackages.com\/cs\/wp-json\/wp\/v2\/comments?post=4831"}],"wp:featuredmedia":[{"embeddable":true,"href":"https:\/\/egytourpackages.com\/cs\/wp-json\/wp\/v2\/media\/2860"}],"wp:attachment":[{"href":"https:\/\/egytourpackages.com\/cs\/wp-json\/wp\/v2\/media?parent=4831"}],"wp:term":[{"taxonomy":"product_brand","embeddable":true,"href":"https:\/\/egytourpackages.com\/cs\/wp-json\/wp\/v2\/product_brand?post=4831"},{"taxonomy":"product_cat","embeddable":true,"href":"https:\/\/egytourpackages.com\/cs\/wp-json\/wp\/v2\/product_cat?post=4831"},{"taxonomy":"product_tag","embeddable":true,"href":"https:\/\/egytourpackages.com\/cs\/wp-json\/wp\/v2\/product_tag?post=4831"}],"curies":[{"name":"wp","href":"https:\/\/api.w.org\/{rel}","templated":true}]}}