{"id":4836,"date":"2023-07-12T20:20:51","date_gmt":"2023-07-12T20:20:51","guid":{"rendered":"https:\/\/egytourpackages.com\/product\/plavani-s-delfiny-u-utesu-sataya\/"},"modified":"2026-01-07T18:19:01","modified_gmt":"2026-01-07T18:19:01","slug":"plavani-s-delfiny-u-utesu-sataya","status":"publish","type":"product","link":"https:\/\/egytourpackages.com\/cs\/prohlidky\/plavani-s-delfiny-u-utesu-sataya\/","title":{"rendered":"Plav\u00e1n\u00ed s delf\u00edny u \u00fatesu Sataya"},"content":{"rendered":"<p><strong><span style=\"color: #ff6600;\">Plav\u00e1n\u00ed s delf\u00edny u \u00fatesu Sataya<\/span><\/strong><\/p>\n<p>Pono\u0159te se do jedine\u010dn\u00e9ho <strong>plav\u00e1n\u00ed s delf\u00edny u \u00fatesu Sataya<\/strong> z Marsa Alam, skute\u010dn\u011b kouzeln\u00e9ho z\u00e1\u017eitku z <strong>Rud\u00e9ho mo\u0159e<\/strong>. Ve skute\u010dnosti je \u201e<strong>Delf\u00edn\u00ed d\u016fm<\/strong>\u201c neboli \u00fates Sataya jedn\u00edm z nejzn\u00e1m\u011bj\u0161\u00edch p\u0159\u00edrodn\u00edch stanovi\u0161\u0165 na sv\u011bt\u011b pro velk\u00e9 skupiny divok\u00fdch <strong>delf\u00edn\u016f dlouholeb\u00fdch<\/strong>, nab\u00edzej\u00edc\u00ed etick\u00e9 a nezapomenuteln\u00e9 <strong>setk\u00e1n\u00ed s delf\u00edny<\/strong> z <strong>Marsa Alam<\/strong>. Tento celodenn\u00ed <strong>lodn\u00ed v\u00fdlet z Marsa Alam<\/strong> poskytuje neuv\u011b\u0159itelnou p\u0159\u00edle\u017eitost <strong>plavat s divok\u00fdmi delf\u00edny v Egypt\u011b<\/strong> a pozorovat tato n\u00e1dhern\u00e1 stvo\u0159en\u00ed v jejich p\u0159irozen\u00e9m prost\u0159ed\u00ed. Krom\u011b vzru\u0161uj\u00edc\u00edho <strong>plav\u00e1n\u00ed s delf\u00edny<\/strong> si host\u00e9 mohou u\u017e\u00edt v\u00fdjime\u010dn\u00e9 <strong>\u0161norchlov\u00e1n\u00ed u \u00fatesu Sataya<\/strong> uprost\u0159ed \u017eiv\u00fdch kor\u00e1lov\u00fdch zahrad a rozmanit\u00e9ho mo\u0159sk\u00e9ho \u017eivota.<\/p>\n<p>Ide\u00e1ln\u00ed pro milovn\u00edky p\u0159\u00edrody a dobrodru\u017estv\u00ed, <strong>delf\u00edn\u00ed v\u00fdlet k \u00fatesu Sataya<\/strong> z Marsa Alam slibuje celo\u017eivotn\u00ed vzpom\u00ednku na interakci s delf\u00edny v nedot\u010den\u00fdch vod\u00e1ch egyptsk\u00e9ho Rud\u00e9ho mo\u0159e, co\u017e z n\u011bj \u010din\u00ed \u0161pi\u010dkov\u00fd <strong>v\u00fdlet z Marsa Alam<\/strong>.<\/p>\n<h3><span style=\"color: #ff6600;\">Podrobnosti<\/span><\/h3>\n<ul>\n<li><strong>D\u00e9lka<\/strong>: 1 den<\/li>\n<li><strong>M\u00edsto tour<\/strong>: Marsa Alam<\/li>\n<li><strong>Dostupnost tour<\/strong>: Sobota \u2013 Pond\u011bl\u00ed \u2013 St\u0159eda<\/li>\n<li><strong>Vyzvednut\u00ed a odvoz<\/strong>: V\u00e1\u0161 hotel v Marsa Alam<\/li>\n<li><strong>Typ tour<\/strong>: Rekrea\u010dn\u00ed tour<\/li>\n<li><strong>Bezbari\u00e9rov\u00fd p\u0159\u00edstup<\/strong>: Ano<\/li>\n<\/ul>\n<h3><span style=\"color: #ff6600;\">Zahrnuje<\/span><\/h3>\n<ul>\n<li>Zp\u00e1te\u010dn\u00ed transfer z va\u0161eho hotelu<\/li>\n<li>Ob\u011bd na palub\u011b<\/li>\n<li>Vybaven\u00ed na \u0161norchlov\u00e1n\u00ed<\/li>\n<li>Pr\u016fvodce \u0161norchlov\u00e1n\u00ed<\/li>\n<\/ul>\n<h3><span style=\"color: #ff6600;\">Nezahrnuje<\/span><\/h3>\n<ul>\n<li>Spropitn\u00e9<\/li>\n<li>DVD a fotografie od kameramana<\/li>\n<li>Pot\u00e1p\u011bn\u00ed<\/li>\n<\/ul>\n<h3><span style=\"color: #ff6600;\">Co si sbalit<\/span><\/h3>\n<ul>\n<li>Pl\u00e1\u017eov\u00fd ru\u010dn\u00edk z hotelu<\/li>\n<li>Klobouk nebo \u0161\u00e1tek<\/li>\n<li>Opalovac\u00ed kr\u00e9m<\/li>\n<li>Plavky<\/li>\n<li>N\u011bjak\u00e9 drobn\u00e9<\/li>\n<\/ul>\n<h2><span style=\"color: #ff6600;\">Itiner\u00e1\u0159<\/span><\/h2>\n<p><strong>Plav\u00e1n\u00ed s delf\u00edny u \u00fatesu Sataya v Egypt\u011b<\/strong> je celo\u017eivotn\u00ed z\u00e1\u017eitek, na kter\u00fd nikdy nezapomenete. Ve skute\u010dnosti je <strong>delf\u00edn\u00ed d\u016fm u \u00fatesu Sataya<\/strong> proslul\u00fd <strong>delf\u00edny dlouholeb\u00fdmi<\/strong>, kte\u0159\u00ed pova\u017euj\u00ed lagunu Sataya za sv\u016fj domov. Tento <strong>\u0161norchlovac\u00ed v\u00fdlet do delf\u00edn\u00edho domu Sataya<\/strong> je skute\u010dn\u011b jednou z nejlep\u0161\u00edch <strong>turistick\u00fdch atrakc\u00ed v Marsa Alam<\/strong>. P\u0159edstavte si, \u017ee cel\u00fd den str\u00e1v\u00edte <strong>plav\u00e1n\u00edm s delf\u00edny<\/strong> v jejich domov\u011b a hrajete si s t\u011bmito savci.<\/p>\n<p>Prozkoumejte <strong>mo\u0159sk\u00fd \u017eivot v Rud\u00e9m mo\u0159i<\/strong>, <strong>kor\u00e1ly Rud\u00e9ho mo\u0159e<\/strong>, <strong>ryby Rud\u00e9ho mo\u0159e<\/strong> a plavte s <strong>delf\u00edny<\/strong>. Zjist\u00edte v\u00edce o <strong>delf\u00ednech v Egypt\u011b<\/strong>, ne\u017e kdykoli p\u0159edt\u00edm. Nav\u00edc, pokud si p\u0159ejete vyzkou\u0161et <strong>pot\u00e1p\u011bn\u00ed v Rud\u00e9m mo\u0159i<\/strong>, m\u016f\u017eete tak u\u010dinit za poplatek.<\/p>\n<h3><span style=\"color: #ff6600;\">Plav\u00e1n\u00ed s delf\u00edny u \u00fatesu Sataya Egypt Cena<\/span><\/h3>\n<p>Celkov\u00e1 cena <strong>60 \u20ac na osobu<\/strong><\/p>\n<h3><span style=\"color: #ff6600;\">Rezervace<\/span><\/h3>\n<ul>\n<li>Sv\u016fj v\u00fdlet si m\u016f\u017eete zarezervovat p\u0159es WhatsApp nebo n\u00e1m poslat e-mail, a potvrzen\u00ed obdr\u017e\u00edte ihned.<\/li>\n<li>Pros\u00edm, za\u0161lete n\u00e1m n\u00e1zev va\u0161eho hotelu, \u010d\u00edslo pokoje a kopie pasu.<\/li>\n<\/ul>\n<p><strong>WhatsApp<\/strong>: +201000852186<\/p>\n<p><strong>info@egytourpackages.com<\/strong><\/p>\n<h3><span style=\"color: #ff6600;\">Rezervujte hned a pla\u0165te na m\u00edst\u011b<\/span><\/h3>\n<p>Zarezervujte si sv\u016fj obl\u00edben\u00fd v\u00fdlet a zapla\u0165te v den v\u00fdletu.<\/p>\n<h3><span style=\"color: #ff6600;\">Platba<\/span><\/h3>\n<p>M\u016f\u017eete platit v Egyptsk\u00fdch libr\u00e1ch, $, \u20ac nebo \u00a3.<\/p>\n<h3><span style=\"color: #ff6600;\">Storno podm\u00ednky<\/span><\/h3>\n<ul>\n<li>Zru\u0161en\u00ed je zdarma a\u017e 24 hodin p\u0159edem.<\/li>\n<li>Zru\u0161en\u00ed r\u00e1no je 50 % z ceny.<\/li>\n<\/ul>\n","protected":false},"excerpt":{"rendered":"<p>Plav\u00e1n\u00ed s delf\u00edny u \u00fatesu Sataya! Za\u017eijte nezapomenuteln\u00e9 \u0161norchlovac\u00ed nebo pot\u00e1p\u011b\u010dsk\u00e9 dobrodru\u017estv\u00ed. Zarezervujte si sv\u016fj v\u00fdlet do Sataya Reef je\u0161t\u011b dnes!<\/p>\n","protected":false},"featured_media":2848,"comment_status":"open","ping_status":"closed","template":"","meta":[],"product_brand":[],"product_cat":[1466],"product_tag":[2641,1470,2640,2341],"class_list":{"0":"post-4836","1":"product","2":"type-product","3":"status-publish","4":"has-post-thumbnail","6":"product_cat-vylety","7":"product_tag-dovolena-marsa-alam","8":"product_tag-jednodenni-vylety-po-egypte","9":"product_tag-potapeni-rude-more","10":"product_tag-zajezdy-marsa-alam","11":"tour_category-jednodenni-vylety-po-egypte-cs","12":"tour_category-vylety-do-marsa-alam","14":"first","15":"instock","16":"sale","17":"shipping-taxable","18":"purchasable","19":"product-type-tour","20":"has-default-attributes"},"yoast_head":"<!-- This site is optimized with the Yoast SEO Premium plugin v27.4 (Yoast SEO v27.4) - https:\/\/yoast.com\/product\/yoast-seo-premium-wordpress\/ -->\n<title>Plav\u00e1n\u00ed s delf\u00edny u \u00fatesu Sataya<\/title>\n<meta name=\"description\" content=\"Plav\u00e1n\u00ed s delf\u00edny u \u00fatesu Sataya! Za\u017eijte nezapomenuteln\u00e9 \u0161norchlovac\u00ed nebo pot\u00e1p\u011b\u010dsk\u00e9 dobrodru\u017estv\u00ed. Zarezervujte si sv\u016fj v\u00fdlet do Sataya Reef je\u0161t\u011b dnes!\" \/>\n<meta name=\"robots\" content=\"index, follow, max-snippet:-1, max-image-preview:large, max-video-preview:-1\" \/>\n<link rel=\"canonical\" href=\"https:\/\/egytourpackages.com\/cs\/prohlidky\/plavani-s-delfiny-u-utesu-sataya\/\" \/>\n<meta property=\"og:locale\" content=\"cs_CZ\" \/>\n<meta property=\"og:type\" content=\"article\" \/>\n<meta property=\"og:title\" content=\"Plav\u00e1n\u00ed s delf\u00edny u \u00fatesu Sataya\" \/>\n<meta property=\"og:description\" content=\"Plav\u00e1n\u00ed s delf\u00edny u \u00fatesu Sataya! Za\u017eijte nezapomenuteln\u00e9 \u0161norchlovac\u00ed nebo pot\u00e1p\u011b\u010dsk\u00e9 dobrodru\u017estv\u00ed. Zarezervujte si sv\u016fj v\u00fdlet do Sataya Reef je\u0161t\u011b dnes!\" \/>\n<meta property=\"og:url\" content=\"https:\/\/egytourpackages.com\/cs\/prohlidky\/plavani-s-delfiny-u-utesu-sataya\/\" \/>\n<meta property=\"og:site_name\" content=\"Z\u00e1jezdy po Egypt\u011b\" \/>\n<meta property=\"article:publisher\" content=\"https:\/\/www.facebook.com\/egytourpackages\" \/>\n<meta property=\"article:modified_time\" content=\"2026-01-07T18:19:01+00:00\" \/>\n<meta property=\"og:image\" content=\"https:\/\/egytourpackages.com\/wp-content\/uploads\/2023\/07\/Dolphins-in-Sataya-Reef.jpg\" \/>\n<meta name=\"twitter:card\" content=\"summary_large_image\" \/>\n<meta name=\"twitter:title\" content=\"Plav\u00e1n\u00ed s delf\u00edny u \u00fatesu Sataya\" \/>\n<meta name=\"twitter:description\" content=\"Plav\u00e1n\u00ed s delf\u00edny u \u00fatesu Sataya! Za\u017eijte nezapomenuteln\u00e9 \u0161norchlovac\u00ed nebo pot\u00e1p\u011b\u010dsk\u00e9 dobrodru\u017estv\u00ed. Zarezervujte si sv\u016fj v\u00fdlet do Sataya Reef je\u0161t\u011b dnes!\" \/>\n<meta name=\"twitter:image\" content=\"https:\/\/egytourpackages.com\/wp-content\/uploads\/2023\/07\/Dolphins-in-Sataya-Reef.jpg\" \/>\n<meta name=\"twitter:label1\" content=\"Cena\" \/>\n\t<meta name=\"twitter:data1\" content=\"&euro;60\" \/>\n\t<meta name=\"twitter:label2\" content=\"Dostupnost\" \/>\n\t<meta name=\"twitter:data2\" content=\"Skladem\" \/>\n<script type=\"application\/ld+json\" class=\"yoast-schema-graph\">{\"@context\":\"https:\\\/\\\/schema.org\",\"@graph\":[{\"@type\":\"WebPage\",\"@id\":\"https:\\\/\\\/egytourpackages.com\\\/cs\\\/prohlidky\\\/plavani-s-delfiny-u-utesu-sataya\\\/\",\"url\":\"https:\\\/\\\/egytourpackages.com\\\/cs\\\/prohlidky\\\/plavani-s-delfiny-u-utesu-sataya\\\/\",\"name\":\"Plav\u00e1n\u00ed s delf\u00edny u \u00fatesu Sataya\",\"isPartOf\":{\"@id\":\"https:\\\/\\\/egytourpackages.com\\\/cs\\\/#website\"},\"primaryImageOfPage\":{\"@id\":\"https:\\\/\\\/egytourpackages.com\\\/cs\\\/prohlidky\\\/plavani-s-delfiny-u-utesu-sataya\\\/#primaryimage\"},\"image\":{\"@id\":\"https:\\\/\\\/egytourpackages.com\\\/cs\\\/prohlidky\\\/plavani-s-delfiny-u-utesu-sataya\\\/#primaryimage\"},\"thumbnailUrl\":\"https:\\\/\\\/egytourpackages.com\\\/wp-content\\\/uploads\\\/2023\\\/07\\\/Sataya-Dolphin-House.jpg\",\"datePublished\":\"2023-07-12T20:20:51+00:00\",\"dateModified\":\"2026-01-07T18:19:01+00:00\",\"description\":\"Plav\u00e1n\u00ed s delf\u00edny u \u00fatesu Sataya! Za\u017eijte nezapomenuteln\u00e9 \u0161norchlovac\u00ed nebo pot\u00e1p\u011b\u010dsk\u00e9 dobrodru\u017estv\u00ed. Zarezervujte si sv\u016fj v\u00fdlet do Sataya Reef je\u0161t\u011b dnes!\",\"breadcrumb\":{\"@id\":\"https:\\\/\\\/egytourpackages.com\\\/cs\\\/prohlidky\\\/plavani-s-delfiny-u-utesu-sataya\\\/#breadcrumb\"},\"inLanguage\":\"cs\",\"potentialAction\":[{\"@type\":\"ReadAction\",\"target\":[\"https:\\\/\\\/egytourpackages.com\\\/cs\\\/prohlidky\\\/plavani-s-delfiny-u-utesu-sataya\\\/\"]}]},{\"@type\":\"ImageObject\",\"inLanguage\":\"cs\",\"@id\":\"https:\\\/\\\/egytourpackages.com\\\/cs\\\/prohlidky\\\/plavani-s-delfiny-u-utesu-sataya\\\/#primaryimage\",\"url\":\"https:\\\/\\\/egytourpackages.com\\\/wp-content\\\/uploads\\\/2023\\\/07\\\/Sataya-Dolphin-House.jpg\",\"contentUrl\":\"https:\\\/\\\/egytourpackages.com\\\/wp-content\\\/uploads\\\/2023\\\/07\\\/Sataya-Dolphin-House.jpg\",\"width\":1000,\"height\":659,\"caption\":\"Sataya Dolphin House\"},{\"@type\":\"BreadcrumbList\",\"@id\":\"https:\\\/\\\/egytourpackages.com\\\/cs\\\/prohlidky\\\/plavani-s-delfiny-u-utesu-sataya\\\/#breadcrumb\",\"itemListElement\":[{\"@type\":\"ListItem\",\"position\":1,\"name\":\"Dom\u016f\",\"item\":\"https:\\\/\\\/egytourpackages.com\\\/cs\\\/balicky-vyletu-po-egypte\\\/\"},{\"@type\":\"ListItem\",\"position\":2,\"name\":\"Shop\",\"item\":\"https:\\\/\\\/egytourpackages.com\\\/cs\\\/shop\\\/\"},{\"@type\":\"ListItem\",\"position\":3,\"name\":\"Plav\u00e1n\u00ed s delf\u00edny u \u00fatesu Sataya\"}]},{\"@type\":\"WebSite\",\"@id\":\"https:\\\/\\\/egytourpackages.com\\\/cs\\\/#website\",\"url\":\"https:\\\/\\\/egytourpackages.com\\\/cs\\\/\",\"name\":\"Egy tour packages\",\"description\":\"\",\"publisher\":{\"@id\":\"https:\\\/\\\/egytourpackages.com\\\/cs\\\/#organization\"},\"potentialAction\":[{\"@type\":\"SearchAction\",\"target\":{\"@type\":\"EntryPoint\",\"urlTemplate\":\"https:\\\/\\\/egytourpackages.com\\\/cs\\\/?s={search_term_string}\"},\"query-input\":{\"@type\":\"PropertyValueSpecification\",\"valueRequired\":true,\"valueName\":\"search_term_string\"}}],\"inLanguage\":\"cs\"},{\"@type\":[\"Organization\",\"Place\",\"TravelAgency\"],\"@id\":\"https:\\\/\\\/egytourpackages.com\\\/cs\\\/#organization\",\"name\":\"egypt tour packages\",\"alternateName\":\"egypt tour packages\",\"url\":\"https:\\\/\\\/egytourpackages.com\\\/cs\\\/\",\"logo\":{\"@id\":\"https:\\\/\\\/egytourpackages.com\\\/cs\\\/prohlidky\\\/plavani-s-delfiny-u-utesu-sataya\\\/#local-main-organization-logo\"},\"image\":{\"@id\":\"https:\\\/\\\/egytourpackages.com\\\/cs\\\/prohlidky\\\/plavani-s-delfiny-u-utesu-sataya\\\/#local-main-organization-logo\"},\"sameAs\":[\"https:\\\/\\\/www.facebook.com\\\/egytourpackages\"],\"legalName\":\"Egy tour packages\",\"address\":{\"@id\":\"https:\\\/\\\/egytourpackages.com\\\/cs\\\/prohlidky\\\/plavani-s-delfiny-u-utesu-sataya\\\/#local-main-place-address\"},\"telephone\":[\"00201000852186\",\"00201028685533\"],\"contactPoint\":{\"@type\":\"ContactPoint\",\"telephone\":\"00201000852186\"},\"openingHoursSpecification\":[{\"@type\":\"OpeningHoursSpecification\",\"dayOfWeek\":[\"Monday\",\"Tuesday\",\"Wednesday\",\"Thursday\",\"Friday\",\"Saturday\",\"Sunday\"],\"opens\":\"00:00\",\"closes\":\"23:59\"}],\"email\":\"info@egytourpackages.com\",\"areaServed\":\"Cairo, Hurghada, Luxor, Sharm El Sheikh, Marsa Alam, Aswan\",\"priceRange\":\"$\",\"currenciesAccepted\":\"euro\",\"paymentAccepted\":\"Payment links online\"},{\"@type\":\"PostalAddress\",\"@id\":\"https:\\\/\\\/egytourpackages.com\\\/cs\\\/prohlidky\\\/plavani-s-delfiny-u-utesu-sataya\\\/#local-main-place-address\",\"streetAddress\":\"Mubarak 8, Al Kawthar District, Hurghada\",\"addressLocality\":\"Hurghada\",\"postalCode\":\"84511\",\"addressRegion\":\"Red Sea\",\"addressCountry\":\"EG\"},{\"@type\":\"ImageObject\",\"inLanguage\":\"cs\",\"@id\":\"https:\\\/\\\/egytourpackages.com\\\/cs\\\/prohlidky\\\/plavani-s-delfiny-u-utesu-sataya\\\/#local-main-organization-logo\",\"url\":\"https:\\\/\\\/egytourpackages.com\\\/wp-content\\\/uploads\\\/2025\\\/12\\\/Turquoise-Dahabiya-Nile-Cruise-1.jpeg\",\"contentUrl\":\"https:\\\/\\\/egytourpackages.com\\\/wp-content\\\/uploads\\\/2025\\\/12\\\/Turquoise-Dahabiya-Nile-Cruise-1.jpeg\",\"width\":1040,\"height\":694,\"caption\":\"egypt tour packages\"}]}<\/script>\n<meta property=\"product:brand\" content=\"Jednodenn\u00ed v\u00fdlety po Egypt\u011b\" \/>\n<meta property=\"product:price:amount\" content=\"60\" \/>\n<meta property=\"product:price:currency\" content=\"EUR\" \/>\n<meta property=\"og:availability\" content=\"instock\" \/>\n<meta property=\"product:availability\" content=\"instock\" \/>\n<meta property=\"product:retailer_item_id\" content=\"MAT14\" \/>\n<meta property=\"product:condition\" content=\"new\" \/>\n<meta name=\"geo.placename\" content=\"Hurghada\" \/>\n<meta name=\"geo.region\" content=\"Egypt\" \/>\n<!-- \/ Yoast SEO Premium plugin. -->","yoast_head_json":{"title":"Plav\u00e1n\u00ed s delf\u00edny u \u00fatesu Sataya","description":"Plav\u00e1n\u00ed s delf\u00edny u \u00fatesu Sataya! Za\u017eijte nezapomenuteln\u00e9 \u0161norchlovac\u00ed nebo pot\u00e1p\u011b\u010dsk\u00e9 dobrodru\u017estv\u00ed. Zarezervujte si sv\u016fj v\u00fdlet do Sataya Reef je\u0161t\u011b dnes!","robots":{"index":"index","follow":"follow","max-snippet":"max-snippet:-1","max-image-preview":"max-image-preview:large","max-video-preview":"max-video-preview:-1"},"canonical":"https:\/\/egytourpackages.com\/cs\/prohlidky\/plavani-s-delfiny-u-utesu-sataya\/","og_locale":"cs_CZ","og_type":"article","og_title":"Plav\u00e1n\u00ed s delf\u00edny u \u00fatesu Sataya","og_description":"Plav\u00e1n\u00ed s delf\u00edny u \u00fatesu Sataya! Za\u017eijte nezapomenuteln\u00e9 \u0161norchlovac\u00ed nebo pot\u00e1p\u011b\u010dsk\u00e9 dobrodru\u017estv\u00ed. Zarezervujte si sv\u016fj v\u00fdlet do Sataya Reef je\u0161t\u011b dnes!","og_url":"https:\/\/egytourpackages.com\/cs\/prohlidky\/plavani-s-delfiny-u-utesu-sataya\/","og_site_name":"Z\u00e1jezdy po Egypt\u011b","article_publisher":"https:\/\/www.facebook.com\/egytourpackages","article_modified_time":"2026-01-07T18:19:01+00:00","og_image":[{"url":"https:\/\/egytourpackages.com\/wp-content\/uploads\/2023\/07\/Dolphins-in-Sataya-Reef.jpg","type":"","width":"","height":""}],"twitter_card":"summary_large_image","twitter_title":"Plav\u00e1n\u00ed s delf\u00edny u \u00fatesu Sataya","twitter_description":"Plav\u00e1n\u00ed s delf\u00edny u \u00fatesu Sataya! Za\u017eijte nezapomenuteln\u00e9 \u0161norchlovac\u00ed nebo pot\u00e1p\u011b\u010dsk\u00e9 dobrodru\u017estv\u00ed. Zarezervujte si sv\u016fj v\u00fdlet do Sataya Reef je\u0161t\u011b dnes!","twitter_image":"https:\/\/egytourpackages.com\/wp-content\/uploads\/2023\/07\/Dolphins-in-Sataya-Reef.jpg","twitter_misc":{"Cena":"&euro;60","Dostupnost":"Skladem"},"schema":{"@context":"https:\/\/schema.org","@graph":[{"@type":"WebPage","@id":"https:\/\/egytourpackages.com\/cs\/prohlidky\/plavani-s-delfiny-u-utesu-sataya\/","url":"https:\/\/egytourpackages.com\/cs\/prohlidky\/plavani-s-delfiny-u-utesu-sataya\/","name":"Plav\u00e1n\u00ed s delf\u00edny u \u00fatesu Sataya","isPartOf":{"@id":"https:\/\/egytourpackages.com\/cs\/#website"},"primaryImageOfPage":{"@id":"https:\/\/egytourpackages.com\/cs\/prohlidky\/plavani-s-delfiny-u-utesu-sataya\/#primaryimage"},"image":{"@id":"https:\/\/egytourpackages.com\/cs\/prohlidky\/plavani-s-delfiny-u-utesu-sataya\/#primaryimage"},"thumbnailUrl":"https:\/\/egytourpackages.com\/wp-content\/uploads\/2023\/07\/Sataya-Dolphin-House.jpg","datePublished":"2023-07-12T20:20:51+00:00","dateModified":"2026-01-07T18:19:01+00:00","description":"Plav\u00e1n\u00ed s delf\u00edny u \u00fatesu Sataya! Za\u017eijte nezapomenuteln\u00e9 \u0161norchlovac\u00ed nebo pot\u00e1p\u011b\u010dsk\u00e9 dobrodru\u017estv\u00ed. Zarezervujte si sv\u016fj v\u00fdlet do Sataya Reef je\u0161t\u011b dnes!","breadcrumb":{"@id":"https:\/\/egytourpackages.com\/cs\/prohlidky\/plavani-s-delfiny-u-utesu-sataya\/#breadcrumb"},"inLanguage":"cs","potentialAction":[{"@type":"ReadAction","target":["https:\/\/egytourpackages.com\/cs\/prohlidky\/plavani-s-delfiny-u-utesu-sataya\/"]}]},{"@type":"ImageObject","inLanguage":"cs","@id":"https:\/\/egytourpackages.com\/cs\/prohlidky\/plavani-s-delfiny-u-utesu-sataya\/#primaryimage","url":"https:\/\/egytourpackages.com\/wp-content\/uploads\/2023\/07\/Sataya-Dolphin-House.jpg","contentUrl":"https:\/\/egytourpackages.com\/wp-content\/uploads\/2023\/07\/Sataya-Dolphin-House.jpg","width":1000,"height":659,"caption":"Sataya Dolphin House"},{"@type":"BreadcrumbList","@id":"https:\/\/egytourpackages.com\/cs\/prohlidky\/plavani-s-delfiny-u-utesu-sataya\/#breadcrumb","itemListElement":[{"@type":"ListItem","position":1,"name":"Dom\u016f","item":"https:\/\/egytourpackages.com\/cs\/balicky-vyletu-po-egypte\/"},{"@type":"ListItem","position":2,"name":"Shop","item":"https:\/\/egytourpackages.com\/cs\/shop\/"},{"@type":"ListItem","position":3,"name":"Plav\u00e1n\u00ed s delf\u00edny u \u00fatesu Sataya"}]},{"@type":"WebSite","@id":"https:\/\/egytourpackages.com\/cs\/#website","url":"https:\/\/egytourpackages.com\/cs\/","name":"Egy tour packages","description":"","publisher":{"@id":"https:\/\/egytourpackages.com\/cs\/#organization"},"potentialAction":[{"@type":"SearchAction","target":{"@type":"EntryPoint","urlTemplate":"https:\/\/egytourpackages.com\/cs\/?s={search_term_string}"},"query-input":{"@type":"PropertyValueSpecification","valueRequired":true,"valueName":"search_term_string"}}],"inLanguage":"cs"},{"@type":["Organization","Place","TravelAgency"],"@id":"https:\/\/egytourpackages.com\/cs\/#organization","name":"egypt tour packages","alternateName":"egypt tour packages","url":"https:\/\/egytourpackages.com\/cs\/","logo":{"@id":"https:\/\/egytourpackages.com\/cs\/prohlidky\/plavani-s-delfiny-u-utesu-sataya\/#local-main-organization-logo"},"image":{"@id":"https:\/\/egytourpackages.com\/cs\/prohlidky\/plavani-s-delfiny-u-utesu-sataya\/#local-main-organization-logo"},"sameAs":["https:\/\/www.facebook.com\/egytourpackages"],"legalName":"Egy tour packages","address":{"@id":"https:\/\/egytourpackages.com\/cs\/prohlidky\/plavani-s-delfiny-u-utesu-sataya\/#local-main-place-address"},"telephone":["00201000852186","00201028685533"],"contactPoint":{"@type":"ContactPoint","telephone":"00201000852186"},"openingHoursSpecification":[{"@type":"OpeningHoursSpecification","dayOfWeek":["Monday","Tuesday","Wednesday","Thursday","Friday","Saturday","Sunday"],"opens":"00:00","closes":"23:59"}],"email":"info@egytourpackages.com","areaServed":"Cairo, Hurghada, Luxor, Sharm El Sheikh, Marsa Alam, Aswan","priceRange":"$","currenciesAccepted":"euro","paymentAccepted":"Payment links online"},{"@type":"PostalAddress","@id":"https:\/\/egytourpackages.com\/cs\/prohlidky\/plavani-s-delfiny-u-utesu-sataya\/#local-main-place-address","streetAddress":"Mubarak 8, Al Kawthar District, Hurghada","addressLocality":"Hurghada","postalCode":"84511","addressRegion":"Red Sea","addressCountry":"EG"},{"@type":"ImageObject","inLanguage":"cs","@id":"https:\/\/egytourpackages.com\/cs\/prohlidky\/plavani-s-delfiny-u-utesu-sataya\/#local-main-organization-logo","url":"https:\/\/egytourpackages.com\/wp-content\/uploads\/2025\/12\/Turquoise-Dahabiya-Nile-Cruise-1.jpeg","contentUrl":"https:\/\/egytourpackages.com\/wp-content\/uploads\/2025\/12\/Turquoise-Dahabiya-Nile-Cruise-1.jpeg","width":1040,"height":694,"caption":"egypt tour packages"}]},"product_brand":"Jednodenn\u00ed v\u00fdlety po Egypt\u011b","product_price_amount":"60","product_price_currency":"EUR","og_availability":"instock","product_availability":"instock","product_retailer_item_id":"MAT14","product_condition":"new","geo.placename":"Hurghada","geo.region":"Egypt"},"_links":{"self":[{"href":"https:\/\/egytourpackages.com\/cs\/wp-json\/wp\/v2\/product\/4836","targetHints":{"allow":["GET"]}}],"collection":[{"href":"https:\/\/egytourpackages.com\/cs\/wp-json\/wp\/v2\/product"}],"about":[{"href":"https:\/\/egytourpackages.com\/cs\/wp-json\/wp\/v2\/types\/product"}],"replies":[{"embeddable":true,"href":"https:\/\/egytourpackages.com\/cs\/wp-json\/wp\/v2\/comments?post=4836"}],"wp:featuredmedia":[{"embeddable":true,"href":"https:\/\/egytourpackages.com\/cs\/wp-json\/wp\/v2\/media\/2848"}],"wp:attachment":[{"href":"https:\/\/egytourpackages.com\/cs\/wp-json\/wp\/v2\/media?parent=4836"}],"wp:term":[{"taxonomy":"product_brand","embeddable":true,"href":"https:\/\/egytourpackages.com\/cs\/wp-json\/wp\/v2\/product_brand?post=4836"},{"taxonomy":"product_cat","embeddable":true,"href":"https:\/\/egytourpackages.com\/cs\/wp-json\/wp\/v2\/product_cat?post=4836"},{"taxonomy":"product_tag","embeddable":true,"href":"https:\/\/egytourpackages.com\/cs\/wp-json\/wp\/v2\/product_tag?post=4836"}],"curies":[{"name":"wp","href":"https:\/\/api.w.org\/{rel}","templated":true}]}}