{"id":4845,"date":"2023-08-29T23:30:52","date_gmt":"2023-08-29T23:30:52","guid":{"rendered":"https:\/\/egytourpackages.com\/product\/abu-simbel-z-asuanu-autobusem\/"},"modified":"2026-01-28T20:15:45","modified_gmt":"2026-01-28T20:15:45","slug":"abu-simbel-z-asuanu-autobusem","status":"publish","type":"product","link":"https:\/\/egytourpackages.com\/cs\/prohlidky\/abu-simbel-z-asuanu-autobusem\/","title":{"rendered":"Abu Simbel z Asu\u00e1nu autobusem"},"content":{"rendered":"<p><strong><span style=\"color: #ff6600;\">Abu Simbel z Asu\u00e1nu autobusem<\/span><\/strong><\/p>\n<p>Zarezervujte si sv\u016fj pozoruhodn\u00fd <strong>v\u00fdlet do Abu Simbel z Asu\u00e1nu autobusem<\/strong> a objevte dva z nejvelkolep\u011bj\u0161\u00edch <strong>starov\u011bk\u00fdch chr\u00e1m\u016f<\/strong> Egypta, hn\u00edzd\u00edc\u00edch u klidn\u00e9ho <strong>N\u00e1sirova jezera<\/strong>. Tato <strong>jednodenn\u00ed t\u00fara z Asu\u00e1nu<\/strong> je va\u0161\u00ed \u0161anc\u00ed na vlastn\u00ed o\u010di spat\u0159it majest\u00e1tnost <strong>Abu Simbelu<\/strong>.<\/p>\n<p>Prozkoum\u00e1te monument\u00e1ln\u00ed <strong>Velk\u00fd chr\u00e1m Ramesse II.<\/strong>, okam\u017eit\u011b rozpoznateln\u00fd podle \u010dty\u0159 kolos\u00e1ln\u00edch soch faraona st\u0159e\u017e\u00edc\u00edch vchod. Hned vedle objev\u00edte elegantn\u00ed <strong>chr\u00e1m Nefertari<\/strong>, zasv\u011bcen\u00fd kr\u00e1lovn\u011b Nefertari a postaven\u00fd v charakteristick\u00e9m tvaru <strong>bohyn\u011b Hathor<\/strong>.<\/p>\n<p>Tato <strong>vyhl\u00eddkov\u00e1 t\u00fara z Asu\u00e1nu<\/strong> nen\u00ed jen o prohl\u00eddce chr\u00e1m\u016f; je to pohlcuj\u00edc\u00ed cesta do srdce <strong>starov\u011bk\u00e9 egyptsk\u00e9 civilizace<\/strong>. Ve skute\u010dnosti se dozv\u00edte o <strong>Ramesse II.<\/strong>, jednom z nejzn\u00e1m\u011bj\u0161\u00edch faraon\u016f Egypta, a milovan\u00e9 <strong>kr\u00e1lovn\u011b Nefertari<\/strong>. Pono\u0159te se do <strong>starov\u011bk\u00e9 egyptsk\u00e9 historie<\/strong> a fascinuj\u00edc\u00edho obdob\u00ed <strong>Nov\u00e9 \u0159\u00ed\u0161e<\/strong>, zat\u00edmco budete obdivovat tyto architektonick\u00e9 divy. P\u0159ipravte se na dobrodru\u017estv\u00ed, kter\u00e9 o\u017eiv\u00ed minulost<\/p>\n<h3><span style=\"color: #ff6600;\">Detaily z\u00e1jezdu<\/span><\/h3>\n<ul>\n<li><strong>D\u00e9lka<\/strong>: 1 Den<\/li>\n<li><strong>M\u00edsto kon\u00e1n\u00ed<\/strong>: Abu Simbel<\/li>\n<li><strong>Dostupnost z\u00e1jezdu<\/strong>: Ka\u017ed\u00fd den<\/li>\n<li><strong>Vyzvednut\u00ed a odvoz<\/strong>: V\u00e1\u0161 hotel v Asu\u00e1nu \/ plavba po Nilu<\/li>\n<li><strong>Typ z\u00e1jezdu<\/strong>: Soukrom\u00fd<\/li>\n<li><strong>Invalidn\u00ed voz\u00edk<\/strong>: P\u0159\u00edstupn\u00e9<\/li>\n<\/ul>\n<h3><span style=\"color: #ff6600;\">Hlavn\u00ed body<\/span><\/h3>\n<ul>\n<li>N\u00e1sirovo jezero<\/li>\n<li>Velk\u00fd chr\u00e1m Abu Simbel<\/li>\n<li>Hathor\u016fv chr\u00e1m<\/li>\n<\/ul>\n<h3><span style=\"color: #ff6600;\">Zahrnuto<\/span><\/h3>\n<ul>\n<li>Zp\u00e1te\u010dn\u00ed transfer modern\u00edm vozidlem s klimatizac\u00ed<\/li>\n<li>Expertn\u00ed egyptologick\u00fd pr\u016fvodce<\/li>\n<li>Vstupn\u00e9 na v\u0161echny pam\u00e1tky<\/li>\n<\/ul>\n<h3><span style=\"color: #ff6600;\">Nen\u00ed zahrnuto<\/span><\/h3>\n<ul>\n<li>Spropitn\u00e9<\/li>\n<\/ul>\n<h3><span style=\"color: #ff6600;\">Co si zabalit<\/span><\/h3>\n<ul>\n<li>Klobouk, slune\u010dn\u00ed br\u00fdle a opalovac\u00ed kr\u00e9m<\/li>\n<li>Pohodln\u00e9 boty a oble\u010den\u00ed<\/li>\n<\/ul>\n<h2><span style=\"color: #ff6600;\">Itiner\u00e1\u0159<\/span><\/h2>\n<h3><span style=\"color: #ff6600;\">Autobusov\u00e1 t\u00fara do Abu Simbelu z Asu\u00e1nu<\/span><\/h3>\n<p>Se sv\u00fdm odborn\u00fdm pr\u016fvodcem se setk\u00e1te ve vstupn\u00ed hale hotelu nebo na va\u0161\u00ed <strong>plavb\u011b po Nilu<\/strong>. Odtud se vyd\u00e1te na pohodlnou, p\u0159ibli\u017en\u011b <strong>3,5hodinovou cestu autobusem<\/strong> na jih, kter\u00e1 pokryje asi 300 km z Asu\u00e1nu do Abu Simbelu, s kr\u00e1tkou p\u0159est\u00e1vkou na odpo\u010dinek po cest\u011b.<\/p>\n<h3><span style=\"color: #ff6600;\">Prozkoum\u00e1n\u00ed chr\u00e1m\u016f Abu Simbel<\/span><\/h3>\n<p>Po p\u0159\u00edjezdu za\u010d\u00edn\u00e1 va\u0161e <strong>jednodenn\u00ed t\u00fara z Asu\u00e1nu do Abu Simbelu<\/strong>. U\u017eijete si malebnou <strong>10minutovou proch\u00e1zku<\/strong> pod\u00e9l klidn\u00fdch b\u0159eh\u016f <strong>N\u00e1sirova jezera<\/strong>, kter\u00e1 v\u00e1s dovede p\u0159\u00edmo k n\u00e1dhern\u00e9mu komplexu Abu Simbel. Budete m\u00edt p\u0159ibli\u017en\u011b <strong>dv\u011b hodiny<\/strong> na prozkoum\u00e1n\u00ed a obdivov\u00e1n\u00ed t\u011bchto dvou neuv\u011b\u0159iteln\u00fdch chr\u00e1m\u016f na jejich \u00fa\u017easn\u00e9m nov\u00e9m m\u00edst\u011b.<\/p>\n<h3><span style=\"color: #ff6600;\">Velk\u00fd chr\u00e1m Ramesse II.<\/span><\/h3>\n<p>P\u0159ipravte se b\u00fdt ohromeni <strong>Velk\u00fdm chr\u00e1mem Ramesse II.<\/strong>, monument\u00e1ln\u00edm sv\u011bdectv\u00edm starov\u011bk\u00e9 egyptsk\u00e9 moci a um\u011bn\u00ed. Tento grandi\u00f3zn\u00ed chr\u00e1m, vytesan\u00fd do p\u00edskovcov\u00fdch \u00fates\u016f, byl zasv\u011bcen boh\u016fm <strong>Amonovi<\/strong>, <strong>Ra-Horachtymu<\/strong> a <strong>Ptahovi<\/strong> a hrd\u011b p\u0159ipom\u00edn\u00e1 v\u00edt\u011bzstv\u00ed Ramesse Velik\u00e9ho v <strong>bitv\u011b u Kade\u0161e<\/strong>. Uvnit\u0159 objev\u00edte podmaniv\u00e9 ob\u011btn\u00ed sc\u00e9ny zobrazuj\u00edc\u00ed kr\u00e1le p\u0159ed r\u016fzn\u00fdmi <strong>starov\u011bk\u00fdmi egyptsk\u00fdmi bohy a bohyn\u011bmi<\/strong>, v\u010detn\u011b <strong>Osirise<\/strong>.<\/p>\n<h3><span style=\"color: #ff6600;\">Chr\u00e1m Hathor a Nefertari<\/span><\/h3>\n<p>Po prozkoum\u00e1n\u00ed Velk\u00e9ho chr\u00e1mu se p\u0159esunete k stejn\u011b p\u016fsobiv\u00e9mu <strong>chr\u00e1mu Hathor a Nefertari<\/strong>. Tento men\u0161\u00ed, ale n\u00e1dhern\u011b detailn\u00ed chr\u00e1m je zasv\u011bcen <strong>bohyni Hathor<\/strong> a milovan\u00e9 Velk\u00e9 kr\u00e1lovsk\u00e9 man\u017eelce Ramesse II., Nefertari. Zde budete obdivovat kr\u00e1sn\u00e9 sc\u00e9ny Nefertari v oddanosti p\u0159ed bo\u017estvy jako <strong>Hathor<\/strong>, <strong>Seshat<\/strong>, <strong>Amon<\/strong> a <strong>Ra<\/strong>.<\/p>\n<h3><span style=\"color: #ff6600;\">Cesta zp\u011bt do Asu\u00e1nu<\/span><\/h3>\n<p>Po skon\u010den\u00ed va\u0161\u00ed pozoruhodn\u00e9 <strong>egyptsk\u00e9 t\u00fary do Abu Simbelu<\/strong> nastoup\u00edte do autobusu na zp\u00e1te\u010dn\u00ed cestu do Asu\u00e1nu.<\/p>\n<p>Tento <strong>egyptsk\u00fd itiner\u00e1\u0159<\/strong> nab\u00edz\u00ed komplexn\u00ed a nezapomenuteln\u00fd zp\u016fsob, jak za\u017e\u00edt majest\u00e1tnost Abu Simbelu.<\/p>\n<h3><span style=\"color: #ff6600;\">Cena Abu Simbel z Asu\u00e1nu autobusem<\/span><\/h3>\n<ul>\n<li>Cena pro dosp\u011bl\u00e9 = 70 \u20ac<\/li>\n<li>D\u011bti 0-5 let = zdarma<\/li>\n<li>D\u011bti 5-11 let = 50 % z ceny pro dosp\u011bl\u00e9<\/li>\n<\/ul>\n<h3><span style=\"color: #ff6600;\">Rezervace<\/span><\/h3>\n<p>Sv\u016fj z\u00e1jezd si m\u016f\u017eete zarezervovat p\u0159es WhatsApp nebo n\u00e1m poslat e-mail a potvrzen\u00ed obdr\u017e\u00edte na m\u00edst\u011b.<\/p>\n<p>Pros\u00edme, za\u0161lete n\u00e1m n\u00e1zev va\u0161eho hotelu, \u010d\u00edslo pokoje a kopie pas\u016f.<\/p>\n<p><strong>WhatsApp<\/strong>: +201000852186<\/p>\n<p><strong>E-mail<\/strong>: info@egytourpackages.com<\/p>\n<h3><span style=\"color: #ff6600;\">Rezervujte hned a zapla\u0165te na m\u00edst\u011b<\/span><\/h3>\n<p>Zarezervujte si sv\u016fj obl\u00edben\u00fd z\u00e1jezd a zapla\u0165te v den v\u00fdletu.<\/p>\n<h3><span style=\"color: #ff6600;\">Platba<\/span><\/h3>\n<p>M\u016f\u017eete platit egyptsk\u00fdmi librami, $, \u20ac nebo \u00a3.<\/p>\n<h3><span style=\"color: #ff6600;\">Storno podm\u00ednky<\/span><\/h3>\n<ul>\n<li>Zru\u0161en\u00ed zdarma a\u017e 24 hodin p\u0159edem<\/li>\n<li>Rann\u00ed zru\u0161en\u00ed (v den v\u00fdletu) je 50 % z ceny<\/li>\n<\/ul>\n","protected":false},"excerpt":{"rendered":"<p>Objevte Abu Simbel z Asu\u00e1nu autobusem! Prozkoumejte chr\u00e1my Ramsesse II. a Nefertari. Historie Egypta na dosah.<\/p>\n","protected":false},"featured_media":2971,"comment_status":"open","ping_status":"closed","template":"","meta":[],"product_brand":[],"product_cat":[1466],"product_tag":[2397,1470,1992],"class_list":{"0":"post-4845","1":"product","2":"type-product","3":"status-publish","4":"has-post-thumbnail","6":"product_cat-vylety","7":"product_tag-jednodenni-vylety-po-asuanu","8":"product_tag-jednodenni-vylety-po-egypte","9":"product_tag-prohlidka-chramu-abu-simbel","10":"tour_category-jednodenni-vylet-do-asuanu","11":"tour_category-jednodenni-vylety-po-egypte-cs","13":"first","14":"instock","15":"sale","16":"shipping-taxable","17":"purchasable","18":"product-type-tour","19":"has-default-attributes"},"yoast_head":"<!-- This site is optimized with the Yoast SEO Premium plugin v27.2 (Yoast SEO v27.2) - https:\/\/yoast.com\/product\/yoast-seo-premium-wordpress\/ -->\n<title>Abu Simbel z Asu\u00e1nu autobusem | Nejlep\u0161\u00ed z\u00e1jezdy do Egypta<\/title>\n<meta name=\"description\" content=\"Objevte Abu Simbel z Asu\u00e1nu autobusem! Prozkoumejte chr\u00e1my Ramsesse II. a Nefertari. Historie Egypta na dosah. Rezervovat hned\" \/>\n<meta name=\"robots\" content=\"index, follow, max-snippet:-1, max-image-preview:large, max-video-preview:-1\" \/>\n<link rel=\"canonical\" href=\"https:\/\/egytourpackages.com\/cs\/prohlidky\/abu-simbel-z-asuanu-autobusem\/\" \/>\n<meta property=\"og:locale\" content=\"cs_CZ\" \/>\n<meta property=\"og:type\" content=\"article\" \/>\n<meta property=\"og:title\" content=\"Abu Simbel z Asu\u00e1nu autobusem\" \/>\n<meta property=\"og:description\" content=\"Objevte Abu Simbel z Asu\u00e1nu autobusem! Prozkoumejte chr\u00e1my Ramsesse II. a Nefertari. Historie Egypta na dosah.\" \/>\n<meta property=\"og:url\" content=\"https:\/\/egytourpackages.com\/cs\/prohlidky\/abu-simbel-z-asuanu-autobusem\/\" \/>\n<meta property=\"og:site_name\" content=\"Z\u00e1jezdy po Egypt\u011b\" \/>\n<meta property=\"article:publisher\" content=\"https:\/\/www.facebook.com\/egytourpackages\" \/>\n<meta property=\"article:modified_time\" content=\"2026-01-28T20:15:45+00:00\" \/>\n<meta property=\"og:image\" content=\"https:\/\/egytourpackages.com\/wp-content\/uploads\/2023\/08\/Abu-Simbel-from-Aswan-1024x682.jpg\" \/>\n<meta name=\"twitter:card\" content=\"summary_large_image\" \/>\n<meta name=\"twitter:title\" content=\"Abu Simbel z Asu\u00e1nu autobusem\" \/>\n<meta name=\"twitter:description\" content=\"Objevte Abu Simbel z Asu\u00e1nu autobusem! Prozkoumejte chr\u00e1my Ramsesse II. a Nefertari. Historie Egypta na dosah.\" \/>\n<meta name=\"twitter:image\" content=\"https:\/\/egytourpackages.com\/wp-content\/uploads\/2023\/08\/Abu-Simbel-from-Aswan-1024x682.jpg\" \/>\n<meta name=\"twitter:label1\" content=\"Cena\" \/>\n\t<meta name=\"twitter:data1\" content=\"&euro;0\" \/>\n\t<meta name=\"twitter:label2\" content=\"Dostupnost\" \/>\n\t<meta name=\"twitter:data2\" content=\"Skladem\" \/>\n<script type=\"application\/ld+json\" class=\"yoast-schema-graph\">{\"@context\":\"https:\/\/schema.org\",\"@graph\":[{\"@type\":\"WebPage\",\"@id\":\"https:\/\/egytourpackages.com\/cs\/prohlidky\/abu-simbel-z-asuanu-autobusem\/\",\"url\":\"https:\/\/egytourpackages.com\/cs\/prohlidky\/abu-simbel-z-asuanu-autobusem\/\",\"name\":\"Abu Simbel z Asu\u00e1nu autobusem | Nejlep\u0161\u00ed z\u00e1jezdy do Egypta\",\"isPartOf\":{\"@id\":\"https:\/\/egytourpackages.com\/cs\/#website\"},\"primaryImageOfPage\":{\"@id\":\"https:\/\/egytourpackages.com\/cs\/prohlidky\/abu-simbel-z-asuanu-autobusem\/#primaryimage\"},\"image\":{\"@id\":\"https:\/\/egytourpackages.com\/cs\/prohlidky\/abu-simbel-z-asuanu-autobusem\/#primaryimage\"},\"thumbnailUrl\":\"https:\/\/egytourpackages.com\/wp-content\/uploads\/2023\/08\/Abu-Simbel-from-Aswan.jpg\",\"datePublished\":\"2023-08-29T23:30:52+00:00\",\"dateModified\":\"2026-01-28T20:15:45+00:00\",\"description\":\"Objevte Abu Simbel z Asu\u00e1nu autobusem! Prozkoumejte chr\u00e1my Ramsesse II. a Nefertari. Historie Egypta na dosah. Rezervovat hned\",\"breadcrumb\":{\"@id\":\"https:\/\/egytourpackages.com\/cs\/prohlidky\/abu-simbel-z-asuanu-autobusem\/#breadcrumb\"},\"inLanguage\":\"cs\",\"potentialAction\":[{\"@type\":\"ReadAction\",\"target\":[\"https:\/\/egytourpackages.com\/cs\/prohlidky\/abu-simbel-z-asuanu-autobusem\/\"]}]},{\"@type\":\"ImageObject\",\"inLanguage\":\"cs\",\"@id\":\"https:\/\/egytourpackages.com\/cs\/prohlidky\/abu-simbel-z-asuanu-autobusem\/#primaryimage\",\"url\":\"https:\/\/egytourpackages.com\/wp-content\/uploads\/2023\/08\/Abu-Simbel-from-Aswan.jpg\",\"contentUrl\":\"https:\/\/egytourpackages.com\/wp-content\/uploads\/2023\/08\/Abu-Simbel-from-Aswan.jpg\",\"width\":2000,\"height\":1333,\"caption\":\"Abu Simbel z Asu\u00e1nu autobusem\"},{\"@type\":\"BreadcrumbList\",\"@id\":\"https:\/\/egytourpackages.com\/cs\/prohlidky\/abu-simbel-z-asuanu-autobusem\/#breadcrumb\",\"itemListElement\":[{\"@type\":\"ListItem\",\"position\":1,\"name\":\"Dom\u016f\",\"item\":\"https:\/\/egytourpackages.com\/cs\/balicky-vyletu-po-egypte\/\"},{\"@type\":\"ListItem\",\"position\":2,\"name\":\"Shop\",\"item\":\"https:\/\/egytourpackages.com\/cs\/shop\/\"},{\"@type\":\"ListItem\",\"position\":3,\"name\":\"Abu Simbel z Asu\u00e1nu autobusem\"}]},{\"@type\":\"WebSite\",\"@id\":\"https:\/\/egytourpackages.com\/cs\/#website\",\"url\":\"https:\/\/egytourpackages.com\/cs\/\",\"name\":\"Egy tour packages\",\"description\":\"\",\"publisher\":{\"@id\":\"https:\/\/egytourpackages.com\/cs\/#organization\"},\"potentialAction\":[{\"@type\":\"SearchAction\",\"target\":{\"@type\":\"EntryPoint\",\"urlTemplate\":\"https:\/\/egytourpackages.com\/cs\/?s={search_term_string}\"},\"query-input\":{\"@type\":\"PropertyValueSpecification\",\"valueRequired\":true,\"valueName\":\"search_term_string\"}}],\"inLanguage\":\"cs\"},{\"@type\":[\"Organization\",\"Place\",\"TravelAgency\"],\"@id\":\"https:\/\/egytourpackages.com\/cs\/#organization\",\"name\":\"egypt tour packages\",\"alternateName\":\"egypt tour packages\",\"url\":\"https:\/\/egytourpackages.com\/cs\/\",\"logo\":{\"@id\":\"https:\/\/egytourpackages.com\/cs\/prohlidky\/abu-simbel-z-asuanu-autobusem\/#local-main-organization-logo\"},\"image\":{\"@id\":\"https:\/\/egytourpackages.com\/cs\/prohlidky\/abu-simbel-z-asuanu-autobusem\/#local-main-organization-logo\"},\"sameAs\":[\"https:\/\/www.facebook.com\/egytourpackages\"],\"legalName\":\"Egy tour packages\",\"address\":{\"@id\":\"https:\/\/egytourpackages.com\/cs\/prohlidky\/abu-simbel-z-asuanu-autobusem\/#local-main-place-address\"},\"telephone\":[\"00201000852186\",\"00201028685533\"],\"contactPoint\":{\"@type\":\"ContactPoint\",\"telephone\":\"00201000852186\"},\"openingHoursSpecification\":[{\"@type\":\"OpeningHoursSpecification\",\"dayOfWeek\":[\"Monday\",\"Tuesday\",\"Wednesday\",\"Thursday\",\"Friday\",\"Saturday\",\"Sunday\"],\"opens\":\"00:00\",\"closes\":\"23:59\"}],\"email\":\"info@egytourpackages.com\",\"areaServed\":\"Cairo, Hurghada, Luxor, Sharm El Sheikh, Marsa Alam, Aswan\",\"priceRange\":\"$\",\"currenciesAccepted\":\"euro\",\"paymentAccepted\":\"Payment links online\"},{\"@type\":\"PostalAddress\",\"@id\":\"https:\/\/egytourpackages.com\/cs\/prohlidky\/abu-simbel-z-asuanu-autobusem\/#local-main-place-address\",\"streetAddress\":\"Mubarak 8, Al Kawthar District, Hurghada\",\"addressLocality\":\"Hurghada\",\"postalCode\":\"84511\",\"addressRegion\":\"Red Sea\",\"addressCountry\":\"EG\"},{\"@type\":\"ImageObject\",\"inLanguage\":\"cs\",\"@id\":\"https:\/\/egytourpackages.com\/cs\/prohlidky\/abu-simbel-z-asuanu-autobusem\/#local-main-organization-logo\",\"url\":\"https:\/\/egytourpackages.com\/wp-content\/uploads\/2025\/12\/Turquoise-Dahabiya-Nile-Cruise-1.jpeg\",\"contentUrl\":\"https:\/\/egytourpackages.com\/wp-content\/uploads\/2025\/12\/Turquoise-Dahabiya-Nile-Cruise-1.jpeg\",\"width\":1040,\"height\":694,\"caption\":\"egypt tour packages\"}]}<\/script>\n<meta property=\"product:brand\" content=\"Jednodenn\u00ed v\u00fdlet do Asu\u00e1nu\" \/>\n<meta property=\"product:price:amount\" content=\"0\" \/>\n<meta property=\"product:price:currency\" content=\"EUR\" \/>\n<meta property=\"og:availability\" content=\"instock\" \/>\n<meta property=\"product:availability\" content=\"instock\" \/>\n<meta property=\"product:retailer_item_id\" content=\"ADT01\" \/>\n<meta property=\"product:condition\" content=\"new\" \/>\n<meta name=\"geo.placename\" content=\"Hurghada\" \/>\n<meta name=\"geo.region\" content=\"Egypt\" \/>\n<!-- \/ Yoast SEO Premium plugin. -->","yoast_head_json":{"title":"Abu Simbel z Asu\u00e1nu autobusem | Nejlep\u0161\u00ed z\u00e1jezdy do Egypta","description":"Objevte Abu Simbel z Asu\u00e1nu autobusem! Prozkoumejte chr\u00e1my Ramsesse II. a Nefertari. Historie Egypta na dosah. Rezervovat hned","robots":{"index":"index","follow":"follow","max-snippet":"max-snippet:-1","max-image-preview":"max-image-preview:large","max-video-preview":"max-video-preview:-1"},"canonical":"https:\/\/egytourpackages.com\/cs\/prohlidky\/abu-simbel-z-asuanu-autobusem\/","og_locale":"cs_CZ","og_type":"article","og_title":"Abu Simbel z Asu\u00e1nu autobusem","og_description":"Objevte Abu Simbel z Asu\u00e1nu autobusem! Prozkoumejte chr\u00e1my Ramsesse II. a Nefertari. Historie Egypta na dosah.","og_url":"https:\/\/egytourpackages.com\/cs\/prohlidky\/abu-simbel-z-asuanu-autobusem\/","og_site_name":"Z\u00e1jezdy po Egypt\u011b","article_publisher":"https:\/\/www.facebook.com\/egytourpackages","article_modified_time":"2026-01-28T20:15:45+00:00","og_image":[{"url":"https:\/\/egytourpackages.com\/wp-content\/uploads\/2023\/08\/Abu-Simbel-from-Aswan-1024x682.jpg","type":"","width":"","height":""}],"twitter_card":"summary_large_image","twitter_title":"Abu Simbel z Asu\u00e1nu autobusem","twitter_description":"Objevte Abu Simbel z Asu\u00e1nu autobusem! Prozkoumejte chr\u00e1my Ramsesse II. a Nefertari. Historie Egypta na dosah.","twitter_image":"https:\/\/egytourpackages.com\/wp-content\/uploads\/2023\/08\/Abu-Simbel-from-Aswan-1024x682.jpg","twitter_misc":{"Cena":"&euro;0","Dostupnost":"Skladem"},"schema":{"@context":"https:\/\/schema.org","@graph":[{"@type":"WebPage","@id":"https:\/\/egytourpackages.com\/cs\/prohlidky\/abu-simbel-z-asuanu-autobusem\/","url":"https:\/\/egytourpackages.com\/cs\/prohlidky\/abu-simbel-z-asuanu-autobusem\/","name":"Abu Simbel z Asu\u00e1nu autobusem | Nejlep\u0161\u00ed z\u00e1jezdy do Egypta","isPartOf":{"@id":"https:\/\/egytourpackages.com\/cs\/#website"},"primaryImageOfPage":{"@id":"https:\/\/egytourpackages.com\/cs\/prohlidky\/abu-simbel-z-asuanu-autobusem\/#primaryimage"},"image":{"@id":"https:\/\/egytourpackages.com\/cs\/prohlidky\/abu-simbel-z-asuanu-autobusem\/#primaryimage"},"thumbnailUrl":"https:\/\/egytourpackages.com\/wp-content\/uploads\/2023\/08\/Abu-Simbel-from-Aswan.jpg","datePublished":"2023-08-29T23:30:52+00:00","dateModified":"2026-01-28T20:15:45+00:00","description":"Objevte Abu Simbel z Asu\u00e1nu autobusem! Prozkoumejte chr\u00e1my Ramsesse II. a Nefertari. Historie Egypta na dosah. Rezervovat hned","breadcrumb":{"@id":"https:\/\/egytourpackages.com\/cs\/prohlidky\/abu-simbel-z-asuanu-autobusem\/#breadcrumb"},"inLanguage":"cs","potentialAction":[{"@type":"ReadAction","target":["https:\/\/egytourpackages.com\/cs\/prohlidky\/abu-simbel-z-asuanu-autobusem\/"]}]},{"@type":"ImageObject","inLanguage":"cs","@id":"https:\/\/egytourpackages.com\/cs\/prohlidky\/abu-simbel-z-asuanu-autobusem\/#primaryimage","url":"https:\/\/egytourpackages.com\/wp-content\/uploads\/2023\/08\/Abu-Simbel-from-Aswan.jpg","contentUrl":"https:\/\/egytourpackages.com\/wp-content\/uploads\/2023\/08\/Abu-Simbel-from-Aswan.jpg","width":2000,"height":1333,"caption":"Abu Simbel z Asu\u00e1nu autobusem"},{"@type":"BreadcrumbList","@id":"https:\/\/egytourpackages.com\/cs\/prohlidky\/abu-simbel-z-asuanu-autobusem\/#breadcrumb","itemListElement":[{"@type":"ListItem","position":1,"name":"Dom\u016f","item":"https:\/\/egytourpackages.com\/cs\/balicky-vyletu-po-egypte\/"},{"@type":"ListItem","position":2,"name":"Shop","item":"https:\/\/egytourpackages.com\/cs\/shop\/"},{"@type":"ListItem","position":3,"name":"Abu Simbel z Asu\u00e1nu autobusem"}]},{"@type":"WebSite","@id":"https:\/\/egytourpackages.com\/cs\/#website","url":"https:\/\/egytourpackages.com\/cs\/","name":"Egy tour packages","description":"","publisher":{"@id":"https:\/\/egytourpackages.com\/cs\/#organization"},"potentialAction":[{"@type":"SearchAction","target":{"@type":"EntryPoint","urlTemplate":"https:\/\/egytourpackages.com\/cs\/?s={search_term_string}"},"query-input":{"@type":"PropertyValueSpecification","valueRequired":true,"valueName":"search_term_string"}}],"inLanguage":"cs"},{"@type":["Organization","Place","TravelAgency"],"@id":"https:\/\/egytourpackages.com\/cs\/#organization","name":"egypt tour packages","alternateName":"egypt tour packages","url":"https:\/\/egytourpackages.com\/cs\/","logo":{"@id":"https:\/\/egytourpackages.com\/cs\/prohlidky\/abu-simbel-z-asuanu-autobusem\/#local-main-organization-logo"},"image":{"@id":"https:\/\/egytourpackages.com\/cs\/prohlidky\/abu-simbel-z-asuanu-autobusem\/#local-main-organization-logo"},"sameAs":["https:\/\/www.facebook.com\/egytourpackages"],"legalName":"Egy tour packages","address":{"@id":"https:\/\/egytourpackages.com\/cs\/prohlidky\/abu-simbel-z-asuanu-autobusem\/#local-main-place-address"},"telephone":["00201000852186","00201028685533"],"contactPoint":{"@type":"ContactPoint","telephone":"00201000852186"},"openingHoursSpecification":[{"@type":"OpeningHoursSpecification","dayOfWeek":["Monday","Tuesday","Wednesday","Thursday","Friday","Saturday","Sunday"],"opens":"00:00","closes":"23:59"}],"email":"info@egytourpackages.com","areaServed":"Cairo, Hurghada, Luxor, Sharm El Sheikh, Marsa Alam, Aswan","priceRange":"$","currenciesAccepted":"euro","paymentAccepted":"Payment links online"},{"@type":"PostalAddress","@id":"https:\/\/egytourpackages.com\/cs\/prohlidky\/abu-simbel-z-asuanu-autobusem\/#local-main-place-address","streetAddress":"Mubarak 8, Al Kawthar District, Hurghada","addressLocality":"Hurghada","postalCode":"84511","addressRegion":"Red Sea","addressCountry":"EG"},{"@type":"ImageObject","inLanguage":"cs","@id":"https:\/\/egytourpackages.com\/cs\/prohlidky\/abu-simbel-z-asuanu-autobusem\/#local-main-organization-logo","url":"https:\/\/egytourpackages.com\/wp-content\/uploads\/2025\/12\/Turquoise-Dahabiya-Nile-Cruise-1.jpeg","contentUrl":"https:\/\/egytourpackages.com\/wp-content\/uploads\/2025\/12\/Turquoise-Dahabiya-Nile-Cruise-1.jpeg","width":1040,"height":694,"caption":"egypt tour packages"}]},"product_brand":"Jednodenn\u00ed v\u00fdlet do Asu\u00e1nu","product_price_currency":"EUR","og_availability":"instock","product_availability":"instock","product_retailer_item_id":"ADT01","product_condition":"new","geo.placename":"Hurghada","geo.region":"Egypt"},"_links":{"self":[{"href":"https:\/\/egytourpackages.com\/cs\/wp-json\/wp\/v2\/product\/4845","targetHints":{"allow":["GET"]}}],"collection":[{"href":"https:\/\/egytourpackages.com\/cs\/wp-json\/wp\/v2\/product"}],"about":[{"href":"https:\/\/egytourpackages.com\/cs\/wp-json\/wp\/v2\/types\/product"}],"replies":[{"embeddable":true,"href":"https:\/\/egytourpackages.com\/cs\/wp-json\/wp\/v2\/comments?post=4845"}],"wp:featuredmedia":[{"embeddable":true,"href":"https:\/\/egytourpackages.com\/cs\/wp-json\/wp\/v2\/media\/2971"}],"wp:attachment":[{"href":"https:\/\/egytourpackages.com\/cs\/wp-json\/wp\/v2\/media?parent=4845"}],"wp:term":[{"taxonomy":"product_brand","embeddable":true,"href":"https:\/\/egytourpackages.com\/cs\/wp-json\/wp\/v2\/product_brand?post=4845"},{"taxonomy":"product_cat","embeddable":true,"href":"https:\/\/egytourpackages.com\/cs\/wp-json\/wp\/v2\/product_cat?post=4845"},{"taxonomy":"product_tag","embeddable":true,"href":"https:\/\/egytourpackages.com\/cs\/wp-json\/wp\/v2\/product_tag?post=4845"}],"curies":[{"name":"wp","href":"https:\/\/api.w.org\/{rel}","templated":true}]}}