{"id":4876,"date":"2023-08-25T15:34:23","date_gmt":"2023-08-25T15:34:23","guid":{"rendered":"https:\/\/egytourpackages.com\/product\/soukroma-prohlidka-karnaku-z-luxoru\/"},"modified":"2026-01-09T12:07:49","modified_gmt":"2026-01-09T12:07:49","slug":"soukroma-prohlidka-karnaku-z-luxoru","status":"publish","type":"product","link":"https:\/\/egytourpackages.com\/cs\/prohlidky\/soukroma-prohlidka-karnaku-z-luxoru\/","title":{"rendered":"Soukrom\u00e1 prohl\u00eddka Karnaku z Luxoru"},"content":{"rendered":"<p><strong><span style=\"color: #ff6600;\">Soukrom\u00e1 prohl\u00eddka Karnaku z Luxoru<\/span><\/strong><\/p>\n<p><strong>Soukrom\u00e1 prohl\u00eddka Karnaku z Luxoru<\/strong> je skv\u011bl\u00fd zp\u016fsob, jak za\u017e\u00edt <strong>starov\u011bkou egyptskou architekturu<\/strong> b\u011bhem <strong>jednodenn\u00edch v\u00fdlet\u016f z Luxoru<\/strong>. Tak\u00e9 se dozv\u00edte o <strong>starov\u011bk\u00fdch egyptsk\u00fdch boz\u00edch<\/strong>, <strong>mytologii<\/strong> a <strong>starov\u011bk\u00e9m egyptsk\u00e9m n\u00e1bo\u017eenstv\u00ed<\/strong> s <strong>egyptsk\u00fdmi z\u00e1jezdy<\/strong>. Mezit\u00edm se sezn\u00e1m\u00edte s velk\u00fdmi <strong>starov\u011bk\u00fdmi egyptsk\u00fdmi faraony<\/strong>, jako jsou Ramesse Velik\u00fd, Thutmose III., <strong>Tutanchamon<\/strong>, Sety I., Hat\u0161epsut a Amenhotep III. Chr\u00e1m byl nav\u00edc zasv\u011bcen <strong>Amonovi<\/strong>, jeho man\u017eelce Mut a jejich synovi Khonsu v r\u00e1mci na\u0161ich <strong>jednodenn\u00edch egyptsk\u00fdch z\u00e1jezd\u016f<\/strong>.<\/p>\n<h3><span style=\"color: #ff6600;\">Detaily prohl\u00eddky<\/span><\/h3>\n<ul>\n<li><strong>D\u00e9lka trv\u00e1n\u00ed:<\/strong> P\u016fl dne<\/li>\n<li><strong>M\u00edsto prohl\u00eddky:<\/strong> V\u00fdchodn\u00ed b\u0159eh Luxoru<\/li>\n<li><strong>Dostupnost prohl\u00eddky:<\/strong> Ka\u017ed\u00fd den<\/li>\n<li><strong>Vyzvednut\u00ed a odvoz:<\/strong> V\u00e1\u0161 hotel v Luxoru nebo plavba po Nilu<\/li>\n<li><strong>Typ prohl\u00eddky:<\/strong> Soukrom\u00e1<\/li>\n<li><strong>P\u0159\u00edstup pro voz\u00ed\u010dk\u00e1\u0159e:<\/strong> P\u0159\u00edstupn\u00e9<\/li>\n<\/ul>\n<h3><span style=\"color: #ff6600;\">Hlavn\u00ed body prohl\u00eddky<\/span><\/h3>\n<ul>\n<li>Chr\u00e1mov\u00fd komplex Karnak<\/li>\n<\/ul>\n<h3><span style=\"color: #ff6600;\">Zahrnuto<\/span><\/h3>\n<ul>\n<li>Zp\u00e1te\u010dn\u00ed transfer soukrom\u00fdm nov\u00fdm vozidlem<\/li>\n<li>Expertn\u00ed egyptologick\u00fd pr\u016fvodce<\/li>\n<li>Vstupn\u00ed poplatek do chr\u00e1mu Karnak<\/li>\n<\/ul>\n<h3><span style=\"color: #ff6600;\">Vylou\u010deno<\/span><\/h3>\n<ul>\n<li>Spropitn\u00e9<\/li>\n<\/ul>\n<h3><span style=\"color: #ff6600;\">Co si zabalit<\/span><\/h3>\n<ul>\n<li>Klobouk, slune\u010dn\u00ed br\u00fdle a opalovac\u00ed kr\u00e9m<\/li>\n<li>Pohodln\u00e9 boty a oble\u010den\u00ed<\/li>\n<\/ul>\n<h2><span style=\"color: #ff6600;\">Itiner\u00e1\u0159<\/span><\/h2>\n<p>V dohodnut\u00fd \u010das v\u00e1s v\u00e1\u0161 soukrom\u00fd <strong>egyptologick\u00fd pr\u016fvodce<\/strong> p\u0159iv\u00edt\u00e1 v hale va\u0161eho hotelu v Luxoru, p\u0159ipraven zah\u00e1jit va\u0161i nezapomenutelnou <strong>jednodenn\u00ed prohl\u00eddku Luxoru<\/strong> do <strong>chr\u00e1mov\u00e9ho komplexu Karnak<\/strong>, jedn\u00e9 z <strong>nejlep\u0161\u00edch v\u011bc\u00ed, co d\u011blat v Luxoru<\/strong>.<\/p>\n<p>Tento rozs\u00e1hl\u00fd <strong>starov\u011bk\u00fd egyptsk\u00fd chr\u00e1m<\/strong>, \u010dasto ozna\u010dovan\u00fd jako nejv\u011bt\u0161\u00ed n\u00e1bo\u017eensk\u00e9 m\u00edsto na sv\u011bt\u011b, nab\u00edz\u00ed bezkonkuren\u010dn\u00ed pohled do <strong>starov\u011bk\u00e9 egyptsk\u00e9 civilizace<\/strong> a <strong>starov\u011bk\u00e9 egyptsk\u00e9 historie<\/strong>. V\u00e1\u0161 odborn\u00fd pr\u016fvodce v\u00e1s provede komplexn\u00ed <strong>prohl\u00eddkou chr\u00e1mu Karnak<\/strong> a upozorn\u00ed na kl\u00ed\u010dov\u00e9 oblasti v r\u00e1mci t\u00e9to monument\u00e1ln\u00ed <strong>lokality sv\u011btov\u00e9ho d\u011bdictv\u00ed UNESCO<\/strong>.<\/p>\n<p>Projdete se historickou <strong>Aven\u00ed sfing<\/strong>, budete obdivovat ty\u010d\u00edc\u00ed se <strong>Pylon Nectanebo I.<\/strong> a prozkoum\u00e1te n\u00e1dhern\u011b zachovalou <strong>Kapli b\u00e1rky Setyho II.<\/strong><\/p>\n<p>D\u00e1le objev\u00edte jedine\u010dnou <strong>\u010cervenou kapli Hat\u0161epsuty<\/strong> a elegantn\u00ed <strong>B\u00edlou kapli Senusreta I.<\/strong> Pono\u0159\u00edte se do velkoleposti <strong>chr\u00e1mu Ramesse III.<\/strong> a impozantn\u00ed <strong>Festivalov\u00e9 s\u00edn\u011b Thutmose III.<\/strong> P\u0159ipravte se na \u00fa\u017eas nad obrovsk\u00fdm rozsahem <strong>Velk\u00e9 hypostylov\u00e9 s\u00edn\u011b<\/strong> s jej\u00edm lesem kolos\u00e1ln\u00edch sloup\u016f.<\/p>\n<p>Nav\u00edc va\u0161e <strong>soukrom\u00e1 prohl\u00eddka<\/strong> bude zahrnovat n\u00e1v\u0161t\u011bvy posv\u00e1tn\u00e9ho <strong>chr\u00e1mu Ptah<\/strong>, <strong>kaple Sekhmet<\/strong> a klidn\u00e9ho <strong>chr\u00e1mu Khonsu<\/strong>. Dozv\u00edte se o v\u00fdznamn\u00fdch <strong>starov\u011bk\u00fdch egyptsk\u00fdch festivalech<\/strong>, v\u010detn\u011b slavn\u00e9ho <strong>Opetova festivalu<\/strong>.<\/p>\n<p>Budete sv\u011bdky majest\u00e1tn\u00edho <strong>obelisku Hat\u0161epsuty<\/strong>, zamysl\u00edte se u mystick\u00e9ho <strong>Posv\u00e1tn\u00e9ho jezera<\/strong> a pro \u0161t\u011bst\u00ed se dotknete uct\u00edvan\u00e9 <strong>sochy Velk\u00e9ho skarabea<\/strong>. Prozkoum\u00e1te tak\u00e9 starov\u011bkou <strong>Osirisovu kapli<\/strong> a fascinuj\u00edc\u00ed <strong>Botanickou zahradu Thutmose III.<\/strong><\/p>\n<p>Na z\u00e1v\u011br va\u0161\u00ed poutav\u00e9 <strong>prohl\u00eddky Karnaku<\/strong> v\u00e1s va\u0161e soukrom\u00e9 vozidlo pohodln\u011b p\u0159eprav\u00ed zp\u011bt do va\u0161eho hotelu v Luxoru, co\u017e znamen\u00e1 konec va\u0161\u00ed neuv\u011b\u0159iteln\u00e9 cesty <strong>starov\u011bk\u00fdmi Th\u00e9by<\/strong>.<\/p>\n<h3><span style=\"color: #ff6600;\">Cena soukrom\u00e9 prohl\u00eddky Karnaku z Luxoru<\/span><\/h3>\n<ul>\n<li>Cena pro dosp\u011bl\u00e9ho = 40 $<\/li>\n<li>D\u011bti 0-5 let = zdarma<\/li>\n<li>D\u011bti 5-11 let = 50 % z ceny pro dosp\u011bl\u00e9ho<\/li>\n<\/ul>\n<h3><span style=\"color: #ff6600;\">Rezervace<\/span><\/h3>\n<p>Prohl\u00eddku si m\u016f\u017eete rezervovat p\u0159es WhatsApp nebo n\u00e1m poslat e-mail a potvrzen\u00ed obdr\u017e\u00edte ihned.<\/p>\n<p>Pros\u00edm, za\u0161lete n\u00e1m n\u00e1zev va\u0161eho hotelu, \u010d\u00edslo pokoje a kopie pas\u016f.<\/p>\n<p><strong>WhatsApp:<\/strong> +201000852186<\/p>\n<p><strong>E-mail:<\/strong> info@egytourpackages.com<\/p>\n<h3><span style=\"color: #ff6600;\">Rezervujte hned a pla\u0165te na m\u00edst\u011b<\/span><\/h3>\n<p>Zarezervujte si svou obl\u00edbenou prohl\u00eddku a zapla\u0165te v den v\u00fdletu.<\/p>\n<h3><span style=\"color: #ff6600;\">Platba<\/span><\/h3>\n<p>M\u016f\u017eete platit egyptsk\u00fdmi librami, $, \u20ac nebo \u00a3.<\/p>\n<h3><span style=\"color: #ff6600;\">Storno podm\u00ednky<\/span><\/h3>\n<ul>\n<li>Zru\u0161en\u00ed je zdarma do 24 hodin p\u0159edem<\/li>\n<li>Rann\u00ed zru\u0161en\u00ed je zpoplatn\u011bno 50 % z ceny<\/li>\n<\/ul>\n","protected":false},"excerpt":{"rendered":"<p>Prozkoumejte Soukrom\u00e1 prohl\u00eddka Karnaku z Luxoru! Soukrom\u00e1 prohl\u00eddka nejv\u011bt\u0161\u00edho chr\u00e1mu starov\u011bk\u00e9ho Egypta s egyptologem. Objevte faraony, bohy a historii.<\/p>\n","protected":false},"featured_media":2959,"comment_status":"open","ping_status":"closed","template":"","meta":[],"product_brand":[],"product_cat":[1466],"product_tag":[1467,1470,2654],"class_list":{"0":"post-4876","1":"product","2":"type-product","3":"status-publish","4":"has-post-thumbnail","6":"product_cat-vylety","7":"product_tag-chram-v-karnaku","8":"product_tag-jednodenni-vylety-po-egypte","9":"product_tag-jednodenni-vylety-z-luxoru","10":"tour_category-jednodenni-vylet-do-luxoru","11":"tour_category-jednodenni-vylety-po-egypte-cs","13":"first","14":"instock","15":"sale","16":"shipping-taxable","17":"purchasable","18":"product-type-tour","19":"has-default-attributes"},"yoast_head":"<!-- This site is optimized with the Yoast SEO Premium plugin v27.4 (Yoast SEO v27.4) - https:\/\/yoast.com\/product\/yoast-seo-premium-wordpress\/ -->\n<title>Soukrom\u00e1 prohl\u00eddka Karnaku z Luxoru | v\u00fdlety z Luxoru<\/title>\n<meta name=\"description\" content=\"Prozkoumejte Soukrom\u00e1 prohl\u00eddka Karnaku z Luxoru! Soukrom\u00e1 prohl\u00eddka nejv\u011bt\u0161\u00edho chr\u00e1mu starov\u011bk\u00e9ho Egypta s egyptologem. Objevte faraony, bohy a historii.\" \/>\n<meta name=\"robots\" content=\"index, follow, max-snippet:-1, max-image-preview:large, max-video-preview:-1\" \/>\n<link rel=\"canonical\" href=\"https:\/\/egytourpackages.com\/cs\/prohlidky\/soukroma-prohlidka-karnaku-z-luxoru\/\" \/>\n<meta property=\"og:locale\" content=\"cs_CZ\" \/>\n<meta property=\"og:type\" content=\"article\" \/>\n<meta property=\"og:title\" content=\"Soukrom\u00e1 prohl\u00eddka Karnaku z Luxoru\" \/>\n<meta property=\"og:description\" content=\"Prozkoumejte Soukrom\u00e1 prohl\u00eddka Karnaku z Luxoru! Soukrom\u00e1 prohl\u00eddka nejv\u011bt\u0161\u00edho chr\u00e1mu starov\u011bk\u00e9ho Egypta s egyptologem. Objevte faraony, bohy a historii.\" \/>\n<meta property=\"og:url\" content=\"https:\/\/egytourpackages.com\/cs\/prohlidky\/soukroma-prohlidka-karnaku-z-luxoru\/\" \/>\n<meta property=\"og:site_name\" content=\"Z\u00e1jezdy po Egypt\u011b\" \/>\n<meta property=\"article:publisher\" content=\"https:\/\/www.facebook.com\/egytourpackages\" \/>\n<meta property=\"article:modified_time\" content=\"2026-01-09T12:07:49+00:00\" \/>\n<meta property=\"og:image\" content=\"https:\/\/egytourpackages.com\/wp-content\/uploads\/2023\/08\/Karnak-Temple-Complex-1024x682.jpg\" \/>\n<meta name=\"twitter:card\" content=\"summary_large_image\" \/>\n<meta name=\"twitter:title\" content=\"Soukrom\u00e1 prohl\u00eddka Karnaku z Luxoru\" \/>\n<meta name=\"twitter:description\" content=\"Prozkoumejte Soukrom\u00e1 prohl\u00eddka Karnaku z Luxoru! Soukrom\u00e1 prohl\u00eddka nejv\u011bt\u0161\u00edho chr\u00e1mu starov\u011bk\u00e9ho Egypta s egyptologem. Objevte faraony, bohy a historii.\" \/>\n<meta name=\"twitter:image\" content=\"https:\/\/egytourpackages.com\/wp-content\/uploads\/2023\/08\/Karnak-Temple-Complex-1024x682.jpg\" \/>\n<meta name=\"twitter:label1\" content=\"Cena\" \/>\n\t<meta name=\"twitter:data1\" content=\"&euro;40\" \/>\n\t<meta name=\"twitter:label2\" content=\"Dostupnost\" \/>\n\t<meta name=\"twitter:data2\" content=\"Skladem\" \/>\n<script type=\"application\/ld+json\" class=\"yoast-schema-graph\">{\"@context\":\"https:\\\/\\\/schema.org\",\"@graph\":[{\"@type\":\"WebPage\",\"@id\":\"https:\\\/\\\/egytourpackages.com\\\/cs\\\/prohlidky\\\/soukroma-prohlidka-karnaku-z-luxoru\\\/\",\"url\":\"https:\\\/\\\/egytourpackages.com\\\/cs\\\/prohlidky\\\/soukroma-prohlidka-karnaku-z-luxoru\\\/\",\"name\":\"Soukrom\u00e1 prohl\u00eddka Karnaku z Luxoru | v\u00fdlety z Luxoru\",\"isPartOf\":{\"@id\":\"https:\\\/\\\/egytourpackages.com\\\/cs\\\/#website\"},\"primaryImageOfPage\":{\"@id\":\"https:\\\/\\\/egytourpackages.com\\\/cs\\\/prohlidky\\\/soukroma-prohlidka-karnaku-z-luxoru\\\/#primaryimage\"},\"image\":{\"@id\":\"https:\\\/\\\/egytourpackages.com\\\/cs\\\/prohlidky\\\/soukroma-prohlidka-karnaku-z-luxoru\\\/#primaryimage\"},\"thumbnailUrl\":\"https:\\\/\\\/egytourpackages.com\\\/wp-content\\\/uploads\\\/2023\\\/08\\\/Karnak-Temple-Complex.jpg\",\"datePublished\":\"2023-08-25T15:34:23+00:00\",\"dateModified\":\"2026-01-09T12:07:49+00:00\",\"description\":\"Prozkoumejte Soukrom\u00e1 prohl\u00eddka Karnaku z Luxoru! Soukrom\u00e1 prohl\u00eddka nejv\u011bt\u0161\u00edho chr\u00e1mu starov\u011bk\u00e9ho Egypta s egyptologem. Objevte faraony, bohy a historii.\",\"breadcrumb\":{\"@id\":\"https:\\\/\\\/egytourpackages.com\\\/cs\\\/prohlidky\\\/soukroma-prohlidka-karnaku-z-luxoru\\\/#breadcrumb\"},\"inLanguage\":\"cs\",\"potentialAction\":[{\"@type\":\"ReadAction\",\"target\":[\"https:\\\/\\\/egytourpackages.com\\\/cs\\\/prohlidky\\\/soukroma-prohlidka-karnaku-z-luxoru\\\/\"]}]},{\"@type\":\"ImageObject\",\"inLanguage\":\"cs\",\"@id\":\"https:\\\/\\\/egytourpackages.com\\\/cs\\\/prohlidky\\\/soukroma-prohlidka-karnaku-z-luxoru\\\/#primaryimage\",\"url\":\"https:\\\/\\\/egytourpackages.com\\\/wp-content\\\/uploads\\\/2023\\\/08\\\/Karnak-Temple-Complex.jpg\",\"contentUrl\":\"https:\\\/\\\/egytourpackages.com\\\/wp-content\\\/uploads\\\/2023\\\/08\\\/Karnak-Temple-Complex.jpg\",\"width\":2000,\"height\":1333,\"caption\":\"Chr\u00e1mov\u00fd komplex Karnak\"},{\"@type\":\"BreadcrumbList\",\"@id\":\"https:\\\/\\\/egytourpackages.com\\\/cs\\\/prohlidky\\\/soukroma-prohlidka-karnaku-z-luxoru\\\/#breadcrumb\",\"itemListElement\":[{\"@type\":\"ListItem\",\"position\":1,\"name\":\"Dom\u016f\",\"item\":\"https:\\\/\\\/egytourpackages.com\\\/cs\\\/balicky-vyletu-po-egypte\\\/\"},{\"@type\":\"ListItem\",\"position\":2,\"name\":\"Shop\",\"item\":\"https:\\\/\\\/egytourpackages.com\\\/cs\\\/shop\\\/\"},{\"@type\":\"ListItem\",\"position\":3,\"name\":\"Soukrom\u00e1 prohl\u00eddka Karnaku z Luxoru\"}]},{\"@type\":\"WebSite\",\"@id\":\"https:\\\/\\\/egytourpackages.com\\\/cs\\\/#website\",\"url\":\"https:\\\/\\\/egytourpackages.com\\\/cs\\\/\",\"name\":\"Egy tour packages\",\"description\":\"\",\"publisher\":{\"@id\":\"https:\\\/\\\/egytourpackages.com\\\/cs\\\/#organization\"},\"potentialAction\":[{\"@type\":\"SearchAction\",\"target\":{\"@type\":\"EntryPoint\",\"urlTemplate\":\"https:\\\/\\\/egytourpackages.com\\\/cs\\\/?s={search_term_string}\"},\"query-input\":{\"@type\":\"PropertyValueSpecification\",\"valueRequired\":true,\"valueName\":\"search_term_string\"}}],\"inLanguage\":\"cs\"},{\"@type\":[\"Organization\",\"Place\",\"TravelAgency\"],\"@id\":\"https:\\\/\\\/egytourpackages.com\\\/cs\\\/#organization\",\"name\":\"egypt tour packages\",\"alternateName\":\"egypt tour packages\",\"url\":\"https:\\\/\\\/egytourpackages.com\\\/cs\\\/\",\"logo\":{\"@id\":\"https:\\\/\\\/egytourpackages.com\\\/cs\\\/prohlidky\\\/soukroma-prohlidka-karnaku-z-luxoru\\\/#local-main-organization-logo\"},\"image\":{\"@id\":\"https:\\\/\\\/egytourpackages.com\\\/cs\\\/prohlidky\\\/soukroma-prohlidka-karnaku-z-luxoru\\\/#local-main-organization-logo\"},\"sameAs\":[\"https:\\\/\\\/www.facebook.com\\\/egytourpackages\"],\"legalName\":\"Egy tour packages\",\"address\":{\"@id\":\"https:\\\/\\\/egytourpackages.com\\\/cs\\\/prohlidky\\\/soukroma-prohlidka-karnaku-z-luxoru\\\/#local-main-place-address\"},\"telephone\":[\"00201000852186\",\"00201028685533\"],\"contactPoint\":{\"@type\":\"ContactPoint\",\"telephone\":\"00201000852186\"},\"openingHoursSpecification\":[{\"@type\":\"OpeningHoursSpecification\",\"dayOfWeek\":[\"Monday\",\"Tuesday\",\"Wednesday\",\"Thursday\",\"Friday\",\"Saturday\",\"Sunday\"],\"opens\":\"00:00\",\"closes\":\"23:59\"}],\"email\":\"info@egytourpackages.com\",\"areaServed\":\"Cairo, Hurghada, Luxor, Sharm El Sheikh, Marsa Alam, Aswan\",\"priceRange\":\"$\",\"currenciesAccepted\":\"euro\",\"paymentAccepted\":\"Payment links online\"},{\"@type\":\"PostalAddress\",\"@id\":\"https:\\\/\\\/egytourpackages.com\\\/cs\\\/prohlidky\\\/soukroma-prohlidka-karnaku-z-luxoru\\\/#local-main-place-address\",\"streetAddress\":\"Mubarak 8, Al Kawthar District, Hurghada\",\"addressLocality\":\"Hurghada\",\"postalCode\":\"84511\",\"addressRegion\":\"Red Sea\",\"addressCountry\":\"EG\"},{\"@type\":\"ImageObject\",\"inLanguage\":\"cs\",\"@id\":\"https:\\\/\\\/egytourpackages.com\\\/cs\\\/prohlidky\\\/soukroma-prohlidka-karnaku-z-luxoru\\\/#local-main-organization-logo\",\"url\":\"https:\\\/\\\/egytourpackages.com\\\/wp-content\\\/uploads\\\/2025\\\/12\\\/Turquoise-Dahabiya-Nile-Cruise-1.jpeg\",\"contentUrl\":\"https:\\\/\\\/egytourpackages.com\\\/wp-content\\\/uploads\\\/2025\\\/12\\\/Turquoise-Dahabiya-Nile-Cruise-1.jpeg\",\"width\":1040,\"height\":694,\"caption\":\"egypt tour packages\"}]}<\/script>\n<meta property=\"product:brand\" content=\"Jednodenn\u00ed v\u00fdlet do Luxoru\" \/>\n<meta property=\"product:price:amount\" content=\"40\" \/>\n<meta property=\"product:price:currency\" content=\"EUR\" \/>\n<meta property=\"og:availability\" content=\"instock\" \/>\n<meta property=\"product:availability\" content=\"instock\" \/>\n<meta property=\"product:retailer_item_id\" content=\"LDT02\" \/>\n<meta property=\"product:condition\" content=\"new\" \/>\n<meta name=\"geo.placename\" content=\"Hurghada\" \/>\n<meta name=\"geo.region\" content=\"Egypt\" \/>\n<!-- \/ Yoast SEO Premium plugin. -->","yoast_head_json":{"title":"Soukrom\u00e1 prohl\u00eddka Karnaku z Luxoru | v\u00fdlety z Luxoru","description":"Prozkoumejte Soukrom\u00e1 prohl\u00eddka Karnaku z Luxoru! Soukrom\u00e1 prohl\u00eddka nejv\u011bt\u0161\u00edho chr\u00e1mu starov\u011bk\u00e9ho Egypta s egyptologem. Objevte faraony, bohy a historii.","robots":{"index":"index","follow":"follow","max-snippet":"max-snippet:-1","max-image-preview":"max-image-preview:large","max-video-preview":"max-video-preview:-1"},"canonical":"https:\/\/egytourpackages.com\/cs\/prohlidky\/soukroma-prohlidka-karnaku-z-luxoru\/","og_locale":"cs_CZ","og_type":"article","og_title":"Soukrom\u00e1 prohl\u00eddka Karnaku z Luxoru","og_description":"Prozkoumejte Soukrom\u00e1 prohl\u00eddka Karnaku z Luxoru! Soukrom\u00e1 prohl\u00eddka nejv\u011bt\u0161\u00edho chr\u00e1mu starov\u011bk\u00e9ho Egypta s egyptologem. Objevte faraony, bohy a historii.","og_url":"https:\/\/egytourpackages.com\/cs\/prohlidky\/soukroma-prohlidka-karnaku-z-luxoru\/","og_site_name":"Z\u00e1jezdy po Egypt\u011b","article_publisher":"https:\/\/www.facebook.com\/egytourpackages","article_modified_time":"2026-01-09T12:07:49+00:00","og_image":[{"url":"https:\/\/egytourpackages.com\/wp-content\/uploads\/2023\/08\/Karnak-Temple-Complex-1024x682.jpg","type":"","width":"","height":""}],"twitter_card":"summary_large_image","twitter_title":"Soukrom\u00e1 prohl\u00eddka Karnaku z Luxoru","twitter_description":"Prozkoumejte Soukrom\u00e1 prohl\u00eddka Karnaku z Luxoru! Soukrom\u00e1 prohl\u00eddka nejv\u011bt\u0161\u00edho chr\u00e1mu starov\u011bk\u00e9ho Egypta s egyptologem. Objevte faraony, bohy a historii.","twitter_image":"https:\/\/egytourpackages.com\/wp-content\/uploads\/2023\/08\/Karnak-Temple-Complex-1024x682.jpg","twitter_misc":{"Cena":"&euro;40","Dostupnost":"Skladem"},"schema":{"@context":"https:\/\/schema.org","@graph":[{"@type":"WebPage","@id":"https:\/\/egytourpackages.com\/cs\/prohlidky\/soukroma-prohlidka-karnaku-z-luxoru\/","url":"https:\/\/egytourpackages.com\/cs\/prohlidky\/soukroma-prohlidka-karnaku-z-luxoru\/","name":"Soukrom\u00e1 prohl\u00eddka Karnaku z Luxoru | v\u00fdlety z Luxoru","isPartOf":{"@id":"https:\/\/egytourpackages.com\/cs\/#website"},"primaryImageOfPage":{"@id":"https:\/\/egytourpackages.com\/cs\/prohlidky\/soukroma-prohlidka-karnaku-z-luxoru\/#primaryimage"},"image":{"@id":"https:\/\/egytourpackages.com\/cs\/prohlidky\/soukroma-prohlidka-karnaku-z-luxoru\/#primaryimage"},"thumbnailUrl":"https:\/\/egytourpackages.com\/wp-content\/uploads\/2023\/08\/Karnak-Temple-Complex.jpg","datePublished":"2023-08-25T15:34:23+00:00","dateModified":"2026-01-09T12:07:49+00:00","description":"Prozkoumejte Soukrom\u00e1 prohl\u00eddka Karnaku z Luxoru! Soukrom\u00e1 prohl\u00eddka nejv\u011bt\u0161\u00edho chr\u00e1mu starov\u011bk\u00e9ho Egypta s egyptologem. Objevte faraony, bohy a historii.","breadcrumb":{"@id":"https:\/\/egytourpackages.com\/cs\/prohlidky\/soukroma-prohlidka-karnaku-z-luxoru\/#breadcrumb"},"inLanguage":"cs","potentialAction":[{"@type":"ReadAction","target":["https:\/\/egytourpackages.com\/cs\/prohlidky\/soukroma-prohlidka-karnaku-z-luxoru\/"]}]},{"@type":"ImageObject","inLanguage":"cs","@id":"https:\/\/egytourpackages.com\/cs\/prohlidky\/soukroma-prohlidka-karnaku-z-luxoru\/#primaryimage","url":"https:\/\/egytourpackages.com\/wp-content\/uploads\/2023\/08\/Karnak-Temple-Complex.jpg","contentUrl":"https:\/\/egytourpackages.com\/wp-content\/uploads\/2023\/08\/Karnak-Temple-Complex.jpg","width":2000,"height":1333,"caption":"Chr\u00e1mov\u00fd komplex Karnak"},{"@type":"BreadcrumbList","@id":"https:\/\/egytourpackages.com\/cs\/prohlidky\/soukroma-prohlidka-karnaku-z-luxoru\/#breadcrumb","itemListElement":[{"@type":"ListItem","position":1,"name":"Dom\u016f","item":"https:\/\/egytourpackages.com\/cs\/balicky-vyletu-po-egypte\/"},{"@type":"ListItem","position":2,"name":"Shop","item":"https:\/\/egytourpackages.com\/cs\/shop\/"},{"@type":"ListItem","position":3,"name":"Soukrom\u00e1 prohl\u00eddka Karnaku z Luxoru"}]},{"@type":"WebSite","@id":"https:\/\/egytourpackages.com\/cs\/#website","url":"https:\/\/egytourpackages.com\/cs\/","name":"Egy tour packages","description":"","publisher":{"@id":"https:\/\/egytourpackages.com\/cs\/#organization"},"potentialAction":[{"@type":"SearchAction","target":{"@type":"EntryPoint","urlTemplate":"https:\/\/egytourpackages.com\/cs\/?s={search_term_string}"},"query-input":{"@type":"PropertyValueSpecification","valueRequired":true,"valueName":"search_term_string"}}],"inLanguage":"cs"},{"@type":["Organization","Place","TravelAgency"],"@id":"https:\/\/egytourpackages.com\/cs\/#organization","name":"egypt tour packages","alternateName":"egypt tour packages","url":"https:\/\/egytourpackages.com\/cs\/","logo":{"@id":"https:\/\/egytourpackages.com\/cs\/prohlidky\/soukroma-prohlidka-karnaku-z-luxoru\/#local-main-organization-logo"},"image":{"@id":"https:\/\/egytourpackages.com\/cs\/prohlidky\/soukroma-prohlidka-karnaku-z-luxoru\/#local-main-organization-logo"},"sameAs":["https:\/\/www.facebook.com\/egytourpackages"],"legalName":"Egy tour packages","address":{"@id":"https:\/\/egytourpackages.com\/cs\/prohlidky\/soukroma-prohlidka-karnaku-z-luxoru\/#local-main-place-address"},"telephone":["00201000852186","00201028685533"],"contactPoint":{"@type":"ContactPoint","telephone":"00201000852186"},"openingHoursSpecification":[{"@type":"OpeningHoursSpecification","dayOfWeek":["Monday","Tuesday","Wednesday","Thursday","Friday","Saturday","Sunday"],"opens":"00:00","closes":"23:59"}],"email":"info@egytourpackages.com","areaServed":"Cairo, Hurghada, Luxor, Sharm El Sheikh, Marsa Alam, Aswan","priceRange":"$","currenciesAccepted":"euro","paymentAccepted":"Payment links online"},{"@type":"PostalAddress","@id":"https:\/\/egytourpackages.com\/cs\/prohlidky\/soukroma-prohlidka-karnaku-z-luxoru\/#local-main-place-address","streetAddress":"Mubarak 8, Al Kawthar District, Hurghada","addressLocality":"Hurghada","postalCode":"84511","addressRegion":"Red Sea","addressCountry":"EG"},{"@type":"ImageObject","inLanguage":"cs","@id":"https:\/\/egytourpackages.com\/cs\/prohlidky\/soukroma-prohlidka-karnaku-z-luxoru\/#local-main-organization-logo","url":"https:\/\/egytourpackages.com\/wp-content\/uploads\/2025\/12\/Turquoise-Dahabiya-Nile-Cruise-1.jpeg","contentUrl":"https:\/\/egytourpackages.com\/wp-content\/uploads\/2025\/12\/Turquoise-Dahabiya-Nile-Cruise-1.jpeg","width":1040,"height":694,"caption":"egypt tour packages"}]},"product_brand":"Jednodenn\u00ed v\u00fdlet do Luxoru","product_price_amount":"40","product_price_currency":"EUR","og_availability":"instock","product_availability":"instock","product_retailer_item_id":"LDT02","product_condition":"new","geo.placename":"Hurghada","geo.region":"Egypt"},"_links":{"self":[{"href":"https:\/\/egytourpackages.com\/cs\/wp-json\/wp\/v2\/product\/4876","targetHints":{"allow":["GET"]}}],"collection":[{"href":"https:\/\/egytourpackages.com\/cs\/wp-json\/wp\/v2\/product"}],"about":[{"href":"https:\/\/egytourpackages.com\/cs\/wp-json\/wp\/v2\/types\/product"}],"replies":[{"embeddable":true,"href":"https:\/\/egytourpackages.com\/cs\/wp-json\/wp\/v2\/comments?post=4876"}],"wp:featuredmedia":[{"embeddable":true,"href":"https:\/\/egytourpackages.com\/cs\/wp-json\/wp\/v2\/media\/2959"}],"wp:attachment":[{"href":"https:\/\/egytourpackages.com\/cs\/wp-json\/wp\/v2\/media?parent=4876"}],"wp:term":[{"taxonomy":"product_brand","embeddable":true,"href":"https:\/\/egytourpackages.com\/cs\/wp-json\/wp\/v2\/product_brand?post=4876"},{"taxonomy":"product_cat","embeddable":true,"href":"https:\/\/egytourpackages.com\/cs\/wp-json\/wp\/v2\/product_cat?post=4876"},{"taxonomy":"product_tag","embeddable":true,"href":"https:\/\/egytourpackages.com\/cs\/wp-json\/wp\/v2\/product_tag?post=4876"}],"curies":[{"name":"wp","href":"https:\/\/api.w.org\/{rel}","templated":true}]}}