{"id":4965,"date":"2023-07-15T00:02:49","date_gmt":"2023-07-15T00:02:49","guid":{"rendered":"https:\/\/egytourpackages.com\/product\/dendera-a-abydos-z-makadi-bay\/"},"modified":"2026-01-28T17:39:11","modified_gmt":"2026-01-28T17:39:11","slug":"dendera-a-abydos-z-makadi-bay","status":"publish","type":"product","link":"https:\/\/egytourpackages.com\/cs\/prohlidky\/dendera-a-abydos-z-makadi-bay\/","title":{"rendered":"Dendera a Abydos z Makadi Bay"},"content":{"rendered":"<p><strong><span style=\"color: #ff6600;\">Dendera a Abydos z Makadi Bay | Nejlep\u0161\u00ed v\u00fdlety Makadi Bay<\/span><\/strong><\/p>\n<p>Prozkoumejte to nejlep\u0161\u00ed z <strong>starov\u011bk\u00e9 egyptsk\u00e9 historie<\/strong> s na\u0161\u00edm exkluzivn\u00edm v\u00fdletem <strong>Dendera a Abydos z Makadi Bay<\/strong>. Tato podmaniv\u00e1 <strong>soukrom\u00e1 prohl\u00eddka<\/strong> nab\u00edz\u00ed jedine\u010dnou p\u0159\u00edle\u017eitost objevit dva z <strong>nejzachovalej\u0161\u00edch chr\u00e1m\u016f Egypta<\/strong>, kter\u00e9 se nach\u00e1zej\u00ed mimo hlavn\u00ed turistick\u00e9 trasy, co\u017e zaji\u0161\u0165uje intimn\u011bj\u0161\u00ed a klidn\u011bj\u0161\u00ed z\u00e1\u017eitek.<\/p>\n<p>V\u00e1\u0161 <strong>v\u00fdlet z Makadi Bay<\/strong> za\u010d\u00edn\u00e1 pohodln\u00fdm <strong>soukrom\u00fdm transferem<\/strong> p\u0159es malebn\u00e9 \u00fadol\u00ed Nilu, kter\u00e9 nab\u00edz\u00ed sc\u00e9nick\u00e9 v\u00fdhledy, zat\u00edmco cestujete k t\u011bmto posv\u00e1tn\u00fdm m\u00edst\u016fm. Nejprve doraz\u00edte do velkolep\u00e9ho <strong>chr\u00e1mov\u00e9ho komplexu Dendera<\/strong>, zasv\u011bcen\u00e9ho <strong>bohyni Hathor<\/strong>. Zde se m\u016f\u017eete obdivovat jeho \u017eiv\u00fdm, dob\u0159e zachoval\u00fdm reli\u00e9f\u016fm, slavn\u00e9mu <strong>Zv\u011brokruhu z Dendery<\/strong>, <strong>krypt\u00e1m<\/strong> a dokonce i p\u0159\u00edstupu na st\u0159echu chr\u00e1mu pro dechberouc\u00ed panoramatick\u00e9 v\u00fdhledy.<\/p>\n<p>Pokra\u010dujte ve sv\u00e9m <strong>egyptsk\u00e9m z\u00e1jezdu<\/strong> do posv\u00e1tn\u00e9ho m\u011bsta Abydos, domova uct\u00edvan\u00e9ho <strong>chr\u00e1mu Setiho I<\/strong>. Toto m\u00edsto je kl\u00ed\u010dov\u00e9 pro <strong>starov\u011bkou egyptskou mytologii<\/strong> jako kultovn\u00ed centrum Osirise. Bu\u010fte sv\u011bdky \u00fa\u017easn\u011b detailn\u00ed <strong>Abydosk\u00e9 kr\u00e1lovsk\u00e9 listiny<\/strong> a slo\u017eit\u00fdch, vyv\u00fd\u0161en\u00fdch reli\u00e9f\u016f, kter\u00e9 jsou pova\u017eov\u00e1ny za jedny z nejlep\u0161\u00edch v <strong>Egypt\u011b<\/strong>.<\/p>\n<p>Tato <strong>celodenn\u00ed prohl\u00eddka<\/strong> z va\u0161eho <strong>hotelu v Makadi Bay<\/strong> v\u00e1s spoj\u00ed s tis\u00edcilet\u00edmi historie a duchovn\u00edho v\u00fdznamu a poskytne <strong>nezapomenuteln\u00fd kulturn\u00ed z\u00e1\u017eitek<\/strong> daleko od dav\u016f. Zajist\u011bte si svou <strong>prohl\u00eddku Dendera a Abydos<\/strong> pro skute\u010dn\u011b jedine\u010dn\u00fd pohled na <strong>skryt\u00e9 poklady Egypta<\/strong>.<\/p>\n<h3><span style=\"color: #ff6600;\">Detaily z\u00e1jezdu<\/span><\/h3>\n<ul>\n<li>D\u00e9lka: 1 den<\/li>\n<li>M\u00edsto z\u00e1jezdu: Dendera \/ Abydos<\/li>\n<li>Dostupnost z\u00e1jezdu: Ka\u017ed\u00fd den<\/li>\n<li>Vyzvednut\u00ed a vysazen\u00ed: V\u00e1\u0161 hotel v Marsa Alam<\/li>\n<li>Typ z\u00e1jezdu: Soukrom\u00fd<\/li>\n<li>Vhodn\u00e9 pro: P\u00e1ry, rodiny, seniory<\/li>\n<li>Bezbari\u00e9rov\u00fd p\u0159\u00edstup: Ano<\/li>\n<\/ul>\n<h3><span style=\"color: #ff6600;\">Zahrnuto<\/span><\/h3>\n<ul>\n<li>Zp\u00e1te\u010dn\u00ed transfer soukrom\u00fdm nov\u00fdm vozidlem<\/li>\n<li>Expertn\u00ed egyptologick\u00fd pr\u016fvodce<\/li>\n<li>Vstupn\u00e9 na v\u0161echny pam\u00e1tky<\/li>\n<li>Ob\u011bdy v m\u00edstn\u00ed restauraci<\/li>\n<li>Voda b\u011bhem dne<\/li>\n<\/ul>\n<h3><span style=\"color: #ff6600;\">Vylou\u010deno<\/span><\/h3>\n<ul>\n<li>N\u00e1poje b\u011bhem ob\u011bda<\/li>\n<li>Spropitn\u00e9<\/li>\n<\/ul>\n<h3><span style=\"color: #ff6600;\">Co si vz\u00edt s sebou<\/span><\/h3>\n<ul>\n<li>Klobouk, slune\u010dn\u00ed br\u00fdle a opalovac\u00ed kr\u00e9m<\/li>\n<li>Pohodln\u00e9 boty a oble\u010den\u00ed<\/li>\n<\/ul>\n<h2><span style=\"color: #ff6600;\">Itiner\u00e1\u0159<\/span><\/h2>\n<p>Sejd\u011bte se s pr\u016fvodcem v hale va\u0161eho hotelu kolem 05:00 r\u00e1no, abyste zah\u00e1jili celodenn\u00ed prohl\u00eddku <strong>chr\u00e1mu Dendera<\/strong> a <strong>chr\u00e1mu Abydos<\/strong>. Vzd\u00e1lenost mezi Makadi Bay a chr\u00e1mem Dendera je asi 200 km a trv\u00e1 asi 3 hodiny s kr\u00e1tkou p\u0159est\u00e1vkou po cest\u011b. Ve skute\u010dnosti sv\u016fj <strong>v\u00fdlet z Hurghady<\/strong> zah\u00e1j\u00edte u jednoho z nejl\u00e9pe zachoval\u00fdch chr\u00e1m\u016f v Egypt\u011b, spolu s Horov\u00fdm chr\u00e1mem v <strong>Edfu<\/strong>, chr\u00e1mem Dendera.<\/p>\n<h3><span style=\"color: #ff6600;\">Chr\u00e1m Dendera (Hathorin chr\u00e1m)<\/span><\/h3>\n<p>Prozkoumejte <strong>starov\u011bkou egyptskou historii<\/strong>, bohatou <strong>starov\u011bkou egyptskou civilizaci<\/strong> a <strong>starov\u011bk\u00e9 egyptsk\u00e9 n\u00e1bo\u017eenstv\u00ed<\/strong> b\u011bhem <strong>\u0159ecko-\u0159\u00edmsk\u00e9ho obdob\u00ed<\/strong>. Objevte <strong>\u0159\u00edmsk\u00e9 mammisi<\/strong>, <strong>faraonsk\u00e9 mammisi<\/strong>, <strong>sanatorium<\/strong>, <strong>kapli Isis<\/strong>, <strong>kapli Osirise<\/strong>, <strong>kapli Hathor<\/strong>. Nav\u00edc nav\u0161tivte <strong>krypty Dendera<\/strong>, prohl\u00e9dn\u011bte si <strong>Denderskou \u017e\u00e1rovku<\/strong> a dozv\u00edte se o <strong>festivalech ve starov\u011bk\u00e9m Egypt\u011b<\/strong>, zejm\u00e9na o <strong>Dobr\u00e9 unii<\/strong> mezi Hathor a Horusem z Edfu.<\/p>\n<p>Na konci prohl\u00eddky chr\u00e1mu Dendera se vyd\u00e1te do chr\u00e1mu Abydos v guvernor\u00e1tu Sohag.<\/p>\n<h3><span style=\"color: #ff6600;\">Chr\u00e1m Abydos<\/span><\/h3>\n<p>Chr\u00e1m Abydos je dal\u0161\u00edm \u00fa\u017easn\u00fdm <strong>faraonsk\u00fdm chr\u00e1mem<\/strong> v Egypt\u011b a jedn\u00edm z nejbarevn\u011bj\u0161\u00edch chr\u00e1m\u016f. Ve skute\u010dnosti kr\u00e1l <strong>Seti I<\/strong> zasv\u011btil chr\u00e1m hlavn\u011b <strong>boh\u016fm Osirisovi, Isis, Horovi, Rahorachtymu, Ptahovi<\/strong>. Pozd\u011bji jeho synov\u00e9 <strong>Ramesse II<\/strong> a <strong>Merenptah<\/strong> chr\u00e1m dokon\u010dili. Abydosk\u00e9 chr\u00e1my jsou jedn\u00edm z na\u0161ich zdroj\u016f o <strong>starov\u011bk\u00fdch egyptsk\u00fdch legend\u00e1ch<\/strong>, jako je slavn\u00e1 <strong>legenda o Isis a Osirisovi<\/strong>.<\/p>\n<p>Chr\u00e1m m\u00e1 tak\u00e9 jednu ze slavn\u00fdch <strong>kr\u00e1lovsk\u00fdch seznam\u016f<\/strong>, kter\u00e1 obsahuje 64 jmen p\u0159edk\u016f Setiho I, po\u010d\u00ednaje <strong>Menesem<\/strong> a kon\u010de samotn\u00fdm Setim. Zat\u00edmco jste v oblasti, nenechte si uj\u00edt <strong>Osireion, Shunet El Zebib, hrobku Om Seti<\/strong>, hrobky z <strong>ran\u00e9ho dynastick\u00e9ho obdob\u00ed, Kom El Sultan<\/strong> a <strong>chr\u00e1m Ramesse Velik\u00e9ho<\/strong>.<\/p>\n<p>Na konci va\u0161\u00ed prohl\u00eddky v\u00e1s odvezeme zp\u011bt do va\u0161eho hotelu v Hurghad\u011b.<\/p>\n<h3><span style=\"color: #ff6600;\">Dendera a Abydos z Makadi Bay Cena<\/span><\/h3>\n<ul>\n<li>Cena pro dosp\u011bl\u00e9 = 140 $<\/li>\n<li>D\u011bti 0-5 let = zdarma<\/li>\n<li>D\u011bti 5-11 let = 50% z ceny pro dosp\u011bl\u00e9<\/li>\n<\/ul>\n<h3><span style=\"color: #ff6600;\">Rezervace<\/span><\/h3>\n<p>Sv\u016fj <strong>v\u00fdlet z Makadi Bay<\/strong> si m\u016f\u017eete rezervovat p\u0159es WhatsApp nebo n\u00e1m poslat e-mail a obdr\u017e\u00edte potvrzen\u00ed na m\u00edst\u011b.<\/p>\n<p>Pros\u00edm, za\u0161lete n\u00e1m n\u00e1zev va\u0161eho hotelu, \u010d\u00edslo pokoje, kopie pas\u016f.<\/p>\n<p><strong>WhatsApp<\/strong>: +201000852186<\/p>\n<p><strong>info@egytourpackages.com<\/strong><\/p>\n<h3><span style=\"color: #ff6600;\">Rezervujte nyn\u00ed a zapla\u0165te na m\u00edst\u011b<\/span><\/h3>\n<p>Zarezervujte si sv\u016fj obl\u00edben\u00fd z\u00e1jezd a zapla\u0165te v den v\u00fdletu<\/p>\n<h3><span style=\"color: #ff6600;\">Platba<\/span><\/h3>\n<p>M\u016f\u017eete platit egyptsk\u00fdmi librami, $, \u20ac nebo \u00a3.<\/p>\n<h3><span style=\"color: #ff6600;\">Storno podm\u00ednky<\/span><\/h3>\n<p>Zru\u0161en\u00ed je zdarma a\u017e 24 hodin p\u0159edem. Rann\u00ed zru\u0161en\u00ed je 50% z ceny.<\/p>\n","protected":false},"excerpt":{"rendered":"<p>Objevte Dendera a Abydos z Makadi Bay ! Soukrom\u00e9 v\u00fdlety k nejzachovalej\u0161\u00edm chr\u00e1m\u016fm Egypta. Ponorte se do historie a mystiky. Rezervujte nyn\u00ed!<\/p>\n","protected":false},"featured_media":2872,"comment_status":"open","ping_status":"closed","template":"","meta":[],"product_brand":[],"product_cat":[1466],"product_tag":[2342,2343],"class_list":{"0":"post-4965","1":"product","2":"type-product","3":"status-publish","4":"has-post-thumbnail","6":"product_cat-vylety","7":"product_tag-chram-abydos","8":"product_tag-chram-dendera","9":"tour_category-jednodenni-vylety-po-egypte-cs","10":"tour_category-vylety-do-makadi-bay","11":"tour_category-zajezdy-do-luxoru-z-hurghady","13":"first","14":"instock","15":"sale","16":"shipping-taxable","17":"purchasable","18":"product-type-tour","19":"has-default-attributes"},"yoast_head":"<!-- This site is optimized with the Yoast SEO Premium plugin v27.2 (Yoast SEO v27.2) - https:\/\/yoast.com\/product\/yoast-seo-premium-wordpress\/ -->\n<title>Dendera a Abydos z Makadi Bay<\/title>\n<meta name=\"description\" content=\"Objevte Dendera a Abydos z Makadi Bay ! Soukrom\u00e9 v\u00fdlety k nejzachovalej\u0161\u00edm chr\u00e1m\u016fm Egypta. Ponorte se do historie a mystiky. Rezervujte nyn\u00ed!\" \/>\n<meta name=\"robots\" content=\"index, follow, max-snippet:-1, max-image-preview:large, max-video-preview:-1\" \/>\n<link rel=\"canonical\" href=\"https:\/\/egytourpackages.com\/cs\/prohlidky\/dendera-a-abydos-z-makadi-bay\/\" \/>\n<meta property=\"og:locale\" content=\"cs_CZ\" \/>\n<meta property=\"og:type\" content=\"article\" \/>\n<meta property=\"og:title\" content=\"Dendera a Abydos z Makadi Bay\" \/>\n<meta property=\"og:description\" content=\"Objevte Dendera a Abydos z Makadi Bay ! Soukrom\u00e9 v\u00fdlety k nejzachovalej\u0161\u00edm chr\u00e1m\u016fm Egypta. Ponorte se do historie a mystiky. Rezervujte nyn\u00ed!\" \/>\n<meta property=\"og:url\" content=\"https:\/\/egytourpackages.com\/cs\/prohlidky\/dendera-a-abydos-z-makadi-bay\/\" \/>\n<meta property=\"og:site_name\" content=\"Z\u00e1jezdy po Egypt\u011b\" \/>\n<meta property=\"article:publisher\" content=\"https:\/\/www.facebook.com\/egytourpackages\" \/>\n<meta property=\"article:modified_time\" content=\"2026-01-28T17:39:11+00:00\" \/>\n<meta property=\"og:image\" content=\"https:\/\/egytourpackages.com\/wp-content\/uploads\/2023\/07\/Dendera-temple-1024x682.jpg\" \/>\n<meta name=\"twitter:card\" content=\"summary_large_image\" \/>\n<meta name=\"twitter:title\" content=\"Dendera a Abydos z Makadi Bay\" \/>\n<meta name=\"twitter:description\" content=\"Objevte Dendera a Abydos z Makadi Bay ! Soukrom\u00e9 v\u00fdlety k nejzachovalej\u0161\u00edm chr\u00e1m\u016fm Egypta. Ponorte se do historie a mystiky. Rezervujte nyn\u00ed!\" \/>\n<meta name=\"twitter:image\" content=\"https:\/\/egytourpackages.com\/wp-content\/uploads\/2023\/07\/Dendera-Mammisi-1024x682.jpg\" \/>\n<meta name=\"twitter:label1\" content=\"Cena\" \/>\n\t<meta name=\"twitter:data1\" content=\"&euro;140\" \/>\n\t<meta name=\"twitter:label2\" content=\"Dostupnost\" \/>\n\t<meta name=\"twitter:data2\" content=\"Skladem\" \/>\n<script type=\"application\/ld+json\" class=\"yoast-schema-graph\">{\"@context\":\"https:\/\/schema.org\",\"@graph\":[{\"@type\":\"WebPage\",\"@id\":\"https:\/\/egytourpackages.com\/cs\/prohlidky\/dendera-a-abydos-z-makadi-bay\/\",\"url\":\"https:\/\/egytourpackages.com\/cs\/prohlidky\/dendera-a-abydos-z-makadi-bay\/\",\"name\":\"Dendera a Abydos z Makadi Bay\",\"isPartOf\":{\"@id\":\"https:\/\/egytourpackages.com\/cs\/#website\"},\"primaryImageOfPage\":{\"@id\":\"https:\/\/egytourpackages.com\/cs\/prohlidky\/dendera-a-abydos-z-makadi-bay\/#primaryimage\"},\"image\":{\"@id\":\"https:\/\/egytourpackages.com\/cs\/prohlidky\/dendera-a-abydos-z-makadi-bay\/#primaryimage\"},\"thumbnailUrl\":\"https:\/\/egytourpackages.com\/wp-content\/uploads\/2023\/07\/Dendera-temple.jpg\",\"datePublished\":\"2023-07-15T00:02:49+00:00\",\"dateModified\":\"2026-01-28T17:39:11+00:00\",\"description\":\"Objevte Dendera a Abydos z Makadi Bay ! Soukrom\u00e9 v\u00fdlety k nejzachovalej\u0161\u00edm chr\u00e1m\u016fm Egypta. Ponorte se do historie a mystiky. Rezervujte nyn\u00ed!\",\"breadcrumb\":{\"@id\":\"https:\/\/egytourpackages.com\/cs\/prohlidky\/dendera-a-abydos-z-makadi-bay\/#breadcrumb\"},\"inLanguage\":\"cs\",\"potentialAction\":[{\"@type\":\"ReadAction\",\"target\":[\"https:\/\/egytourpackages.com\/cs\/prohlidky\/dendera-a-abydos-z-makadi-bay\/\"]}]},{\"@type\":\"ImageObject\",\"inLanguage\":\"cs\",\"@id\":\"https:\/\/egytourpackages.com\/cs\/prohlidky\/dendera-a-abydos-z-makadi-bay\/#primaryimage\",\"url\":\"https:\/\/egytourpackages.com\/wp-content\/uploads\/2023\/07\/Dendera-temple.jpg\",\"contentUrl\":\"https:\/\/egytourpackages.com\/wp-content\/uploads\/2023\/07\/Dendera-temple.jpg\",\"width\":2000,\"height\":1333,\"caption\":\"Dendera a Abydos z Makadi Bay\"},{\"@type\":\"BreadcrumbList\",\"@id\":\"https:\/\/egytourpackages.com\/cs\/prohlidky\/dendera-a-abydos-z-makadi-bay\/#breadcrumb\",\"itemListElement\":[{\"@type\":\"ListItem\",\"position\":1,\"name\":\"Dom\u016f\",\"item\":\"https:\/\/egytourpackages.com\/cs\/balicky-vyletu-po-egypte\/\"},{\"@type\":\"ListItem\",\"position\":2,\"name\":\"Shop\",\"item\":\"https:\/\/egytourpackages.com\/cs\/shop\/\"},{\"@type\":\"ListItem\",\"position\":3,\"name\":\"Dendera a Abydos z Makadi Bay\"}]},{\"@type\":\"WebSite\",\"@id\":\"https:\/\/egytourpackages.com\/cs\/#website\",\"url\":\"https:\/\/egytourpackages.com\/cs\/\",\"name\":\"Egy tour packages\",\"description\":\"\",\"publisher\":{\"@id\":\"https:\/\/egytourpackages.com\/cs\/#organization\"},\"potentialAction\":[{\"@type\":\"SearchAction\",\"target\":{\"@type\":\"EntryPoint\",\"urlTemplate\":\"https:\/\/egytourpackages.com\/cs\/?s={search_term_string}\"},\"query-input\":{\"@type\":\"PropertyValueSpecification\",\"valueRequired\":true,\"valueName\":\"search_term_string\"}}],\"inLanguage\":\"cs\"},{\"@type\":[\"Organization\",\"Place\",\"TravelAgency\"],\"@id\":\"https:\/\/egytourpackages.com\/cs\/#organization\",\"name\":\"egypt tour packages\",\"alternateName\":\"egypt tour packages\",\"url\":\"https:\/\/egytourpackages.com\/cs\/\",\"logo\":{\"@id\":\"https:\/\/egytourpackages.com\/cs\/prohlidky\/dendera-a-abydos-z-makadi-bay\/#local-main-organization-logo\"},\"image\":{\"@id\":\"https:\/\/egytourpackages.com\/cs\/prohlidky\/dendera-a-abydos-z-makadi-bay\/#local-main-organization-logo\"},\"sameAs\":[\"https:\/\/www.facebook.com\/egytourpackages\"],\"legalName\":\"Egy tour packages\",\"address\":{\"@id\":\"https:\/\/egytourpackages.com\/cs\/prohlidky\/dendera-a-abydos-z-makadi-bay\/#local-main-place-address\"},\"telephone\":[\"00201000852186\",\"00201028685533\"],\"contactPoint\":{\"@type\":\"ContactPoint\",\"telephone\":\"00201000852186\"},\"openingHoursSpecification\":[{\"@type\":\"OpeningHoursSpecification\",\"dayOfWeek\":[\"Monday\",\"Tuesday\",\"Wednesday\",\"Thursday\",\"Friday\",\"Saturday\",\"Sunday\"],\"opens\":\"00:00\",\"closes\":\"23:59\"}],\"email\":\"info@egytourpackages.com\",\"areaServed\":\"Cairo, Hurghada, Luxor, Sharm El Sheikh, Marsa Alam, Aswan\",\"priceRange\":\"$\",\"currenciesAccepted\":\"euro\",\"paymentAccepted\":\"Payment links online\"},{\"@type\":\"PostalAddress\",\"@id\":\"https:\/\/egytourpackages.com\/cs\/prohlidky\/dendera-a-abydos-z-makadi-bay\/#local-main-place-address\",\"streetAddress\":\"Mubarak 8, Al Kawthar District, Hurghada\",\"addressLocality\":\"Hurghada\",\"postalCode\":\"84511\",\"addressRegion\":\"Red Sea\",\"addressCountry\":\"EG\"},{\"@type\":\"ImageObject\",\"inLanguage\":\"cs\",\"@id\":\"https:\/\/egytourpackages.com\/cs\/prohlidky\/dendera-a-abydos-z-makadi-bay\/#local-main-organization-logo\",\"url\":\"https:\/\/egytourpackages.com\/wp-content\/uploads\/2025\/12\/Turquoise-Dahabiya-Nile-Cruise-1.jpeg\",\"contentUrl\":\"https:\/\/egytourpackages.com\/wp-content\/uploads\/2025\/12\/Turquoise-Dahabiya-Nile-Cruise-1.jpeg\",\"width\":1040,\"height\":694,\"caption\":\"egypt tour packages\"}]}<\/script>\n<meta property=\"product:brand\" content=\"Jednodenn\u00ed v\u00fdlety po Egypt\u011b\" \/>\n<meta property=\"product:price:amount\" content=\"140\" \/>\n<meta property=\"product:price:currency\" content=\"EUR\" \/>\n<meta property=\"og:availability\" content=\"instock\" \/>\n<meta property=\"product:availability\" content=\"instock\" \/>\n<meta property=\"product:retailer_item_id\" content=\"MBE04\" \/>\n<meta property=\"product:condition\" content=\"new\" \/>\n<meta name=\"geo.placename\" content=\"Hurghada\" \/>\n<meta name=\"geo.region\" content=\"Egypt\" \/>\n<!-- \/ Yoast SEO Premium plugin. -->","yoast_head_json":{"title":"Dendera a Abydos z Makadi Bay","description":"Objevte Dendera a Abydos z Makadi Bay ! Soukrom\u00e9 v\u00fdlety k nejzachovalej\u0161\u00edm chr\u00e1m\u016fm Egypta. Ponorte se do historie a mystiky. Rezervujte nyn\u00ed!","robots":{"index":"index","follow":"follow","max-snippet":"max-snippet:-1","max-image-preview":"max-image-preview:large","max-video-preview":"max-video-preview:-1"},"canonical":"https:\/\/egytourpackages.com\/cs\/prohlidky\/dendera-a-abydos-z-makadi-bay\/","og_locale":"cs_CZ","og_type":"article","og_title":"Dendera a Abydos z Makadi Bay","og_description":"Objevte Dendera a Abydos z Makadi Bay ! Soukrom\u00e9 v\u00fdlety k nejzachovalej\u0161\u00edm chr\u00e1m\u016fm Egypta. Ponorte se do historie a mystiky. Rezervujte nyn\u00ed!","og_url":"https:\/\/egytourpackages.com\/cs\/prohlidky\/dendera-a-abydos-z-makadi-bay\/","og_site_name":"Z\u00e1jezdy po Egypt\u011b","article_publisher":"https:\/\/www.facebook.com\/egytourpackages","article_modified_time":"2026-01-28T17:39:11+00:00","og_image":[{"url":"https:\/\/egytourpackages.com\/wp-content\/uploads\/2023\/07\/Dendera-temple-1024x682.jpg","type":"","width":"","height":""}],"twitter_card":"summary_large_image","twitter_title":"Dendera a Abydos z Makadi Bay","twitter_description":"Objevte Dendera a Abydos z Makadi Bay ! Soukrom\u00e9 v\u00fdlety k nejzachovalej\u0161\u00edm chr\u00e1m\u016fm Egypta. Ponorte se do historie a mystiky. Rezervujte nyn\u00ed!","twitter_image":"https:\/\/egytourpackages.com\/wp-content\/uploads\/2023\/07\/Dendera-Mammisi-1024x682.jpg","twitter_misc":{"Cena":"&euro;140","Dostupnost":"Skladem"},"schema":{"@context":"https:\/\/schema.org","@graph":[{"@type":"WebPage","@id":"https:\/\/egytourpackages.com\/cs\/prohlidky\/dendera-a-abydos-z-makadi-bay\/","url":"https:\/\/egytourpackages.com\/cs\/prohlidky\/dendera-a-abydos-z-makadi-bay\/","name":"Dendera a Abydos z Makadi Bay","isPartOf":{"@id":"https:\/\/egytourpackages.com\/cs\/#website"},"primaryImageOfPage":{"@id":"https:\/\/egytourpackages.com\/cs\/prohlidky\/dendera-a-abydos-z-makadi-bay\/#primaryimage"},"image":{"@id":"https:\/\/egytourpackages.com\/cs\/prohlidky\/dendera-a-abydos-z-makadi-bay\/#primaryimage"},"thumbnailUrl":"https:\/\/egytourpackages.com\/wp-content\/uploads\/2023\/07\/Dendera-temple.jpg","datePublished":"2023-07-15T00:02:49+00:00","dateModified":"2026-01-28T17:39:11+00:00","description":"Objevte Dendera a Abydos z Makadi Bay ! Soukrom\u00e9 v\u00fdlety k nejzachovalej\u0161\u00edm chr\u00e1m\u016fm Egypta. Ponorte se do historie a mystiky. Rezervujte nyn\u00ed!","breadcrumb":{"@id":"https:\/\/egytourpackages.com\/cs\/prohlidky\/dendera-a-abydos-z-makadi-bay\/#breadcrumb"},"inLanguage":"cs","potentialAction":[{"@type":"ReadAction","target":["https:\/\/egytourpackages.com\/cs\/prohlidky\/dendera-a-abydos-z-makadi-bay\/"]}]},{"@type":"ImageObject","inLanguage":"cs","@id":"https:\/\/egytourpackages.com\/cs\/prohlidky\/dendera-a-abydos-z-makadi-bay\/#primaryimage","url":"https:\/\/egytourpackages.com\/wp-content\/uploads\/2023\/07\/Dendera-temple.jpg","contentUrl":"https:\/\/egytourpackages.com\/wp-content\/uploads\/2023\/07\/Dendera-temple.jpg","width":2000,"height":1333,"caption":"Dendera a Abydos z Makadi Bay"},{"@type":"BreadcrumbList","@id":"https:\/\/egytourpackages.com\/cs\/prohlidky\/dendera-a-abydos-z-makadi-bay\/#breadcrumb","itemListElement":[{"@type":"ListItem","position":1,"name":"Dom\u016f","item":"https:\/\/egytourpackages.com\/cs\/balicky-vyletu-po-egypte\/"},{"@type":"ListItem","position":2,"name":"Shop","item":"https:\/\/egytourpackages.com\/cs\/shop\/"},{"@type":"ListItem","position":3,"name":"Dendera a Abydos z Makadi Bay"}]},{"@type":"WebSite","@id":"https:\/\/egytourpackages.com\/cs\/#website","url":"https:\/\/egytourpackages.com\/cs\/","name":"Egy tour packages","description":"","publisher":{"@id":"https:\/\/egytourpackages.com\/cs\/#organization"},"potentialAction":[{"@type":"SearchAction","target":{"@type":"EntryPoint","urlTemplate":"https:\/\/egytourpackages.com\/cs\/?s={search_term_string}"},"query-input":{"@type":"PropertyValueSpecification","valueRequired":true,"valueName":"search_term_string"}}],"inLanguage":"cs"},{"@type":["Organization","Place","TravelAgency"],"@id":"https:\/\/egytourpackages.com\/cs\/#organization","name":"egypt tour packages","alternateName":"egypt tour packages","url":"https:\/\/egytourpackages.com\/cs\/","logo":{"@id":"https:\/\/egytourpackages.com\/cs\/prohlidky\/dendera-a-abydos-z-makadi-bay\/#local-main-organization-logo"},"image":{"@id":"https:\/\/egytourpackages.com\/cs\/prohlidky\/dendera-a-abydos-z-makadi-bay\/#local-main-organization-logo"},"sameAs":["https:\/\/www.facebook.com\/egytourpackages"],"legalName":"Egy tour packages","address":{"@id":"https:\/\/egytourpackages.com\/cs\/prohlidky\/dendera-a-abydos-z-makadi-bay\/#local-main-place-address"},"telephone":["00201000852186","00201028685533"],"contactPoint":{"@type":"ContactPoint","telephone":"00201000852186"},"openingHoursSpecification":[{"@type":"OpeningHoursSpecification","dayOfWeek":["Monday","Tuesday","Wednesday","Thursday","Friday","Saturday","Sunday"],"opens":"00:00","closes":"23:59"}],"email":"info@egytourpackages.com","areaServed":"Cairo, Hurghada, Luxor, Sharm El Sheikh, Marsa Alam, Aswan","priceRange":"$","currenciesAccepted":"euro","paymentAccepted":"Payment links online"},{"@type":"PostalAddress","@id":"https:\/\/egytourpackages.com\/cs\/prohlidky\/dendera-a-abydos-z-makadi-bay\/#local-main-place-address","streetAddress":"Mubarak 8, Al Kawthar District, Hurghada","addressLocality":"Hurghada","postalCode":"84511","addressRegion":"Red Sea","addressCountry":"EG"},{"@type":"ImageObject","inLanguage":"cs","@id":"https:\/\/egytourpackages.com\/cs\/prohlidky\/dendera-a-abydos-z-makadi-bay\/#local-main-organization-logo","url":"https:\/\/egytourpackages.com\/wp-content\/uploads\/2025\/12\/Turquoise-Dahabiya-Nile-Cruise-1.jpeg","contentUrl":"https:\/\/egytourpackages.com\/wp-content\/uploads\/2025\/12\/Turquoise-Dahabiya-Nile-Cruise-1.jpeg","width":1040,"height":694,"caption":"egypt tour packages"}]},"product_brand":"Jednodenn\u00ed v\u00fdlety po Egypt\u011b","product_price_amount":"140","product_price_currency":"EUR","og_availability":"instock","product_availability":"instock","product_retailer_item_id":"MBE04","product_condition":"new","geo.placename":"Hurghada","geo.region":"Egypt"},"_links":{"self":[{"href":"https:\/\/egytourpackages.com\/cs\/wp-json\/wp\/v2\/product\/4965","targetHints":{"allow":["GET"]}}],"collection":[{"href":"https:\/\/egytourpackages.com\/cs\/wp-json\/wp\/v2\/product"}],"about":[{"href":"https:\/\/egytourpackages.com\/cs\/wp-json\/wp\/v2\/types\/product"}],"replies":[{"embeddable":true,"href":"https:\/\/egytourpackages.com\/cs\/wp-json\/wp\/v2\/comments?post=4965"}],"wp:featuredmedia":[{"embeddable":true,"href":"https:\/\/egytourpackages.com\/cs\/wp-json\/wp\/v2\/media\/2872"}],"wp:attachment":[{"href":"https:\/\/egytourpackages.com\/cs\/wp-json\/wp\/v2\/media?parent=4965"}],"wp:term":[{"taxonomy":"product_brand","embeddable":true,"href":"https:\/\/egytourpackages.com\/cs\/wp-json\/wp\/v2\/product_brand?post=4965"},{"taxonomy":"product_cat","embeddable":true,"href":"https:\/\/egytourpackages.com\/cs\/wp-json\/wp\/v2\/product_cat?post=4965"},{"taxonomy":"product_tag","embeddable":true,"href":"https:\/\/egytourpackages.com\/cs\/wp-json\/wp\/v2\/product_tag?post=4965"}],"curies":[{"name":"wp","href":"https:\/\/api.w.org\/{rel}","templated":true}]}}