{"id":5074,"date":"2023-08-22T16:55:59","date_gmt":"2023-08-22T16:55:59","guid":{"rendered":"https:\/\/egytourpackages.com\/product\/vylet-lodi-za-snorchlovanim-ze-soma-bay\/"},"modified":"2026-01-28T20:39:20","modified_gmt":"2026-01-28T20:39:20","slug":"vylet-lodi-za-snorchlovanim-ze-soma-bay","status":"publish","type":"product","link":"https:\/\/egytourpackages.com\/cs\/prohlidky\/vylet-lodi-za-snorchlovanim-ze-soma-bay\/","title":{"rendered":"V\u00fdlet lod\u00ed za \u0161norchlov\u00e1n\u00edm ze Soma Bay"},"content":{"rendered":"<p><strong><span style=\"color: #ff6600;\">V\u00fdlet lod\u00ed za \u0161norchlov\u00e1n\u00edm ze Soma Bay<\/span><\/strong><\/p>\n<p>Zarezervujte si sv\u016fj <strong>v\u00fdlet lod\u00ed za \u0161norchlov\u00e1n\u00edm ze Soma Bay<\/strong> a prozkoumejte <strong>kor\u00e1lov\u00e9 \u00fatesy Rud\u00e9ho mo\u0159e<\/strong> s egyptsk\u00fdmi z\u00e1jezdy. Vyberte si mezi <strong>ostrovem Giftun Caribbean<\/strong> nebo <strong>ostrovem Orange Bay<\/strong>, kde str\u00e1v\u00edte hodinu a p\u016fl. Egy tour packages nab\u00edz\u00ed tento <strong>\u0161norchlovac\u00ed v\u00fdlet ze Soma Bay<\/strong>, abyste si mohli u\u017e\u00edt <strong>mo\u0159sk\u00fd \u017eivot Rud\u00e9ho mo\u0159e<\/strong> a prozkoumat n\u011bkter\u00e1 z <strong>nejlep\u0161\u00edch m\u00edst pro \u0161norchlov\u00e1n\u00ed v Hurghad\u011b<\/strong> s pr\u016fvodcem a luxusn\u00ed jachtou b\u011bhem va\u0161ich <strong>denn\u00edch v\u00fdlet\u016f v Egypt\u011b<\/strong>. Mezit\u00edm, <strong>v\u00fdlety ze Soma Bay<\/strong> na Paradise Island nebo Orange Bay Island lze podniknout <strong>soukrom\u00fdm rychlostn\u00edm \u010dlunem<\/strong> nebo <strong>soukromou jachtou<\/strong>.<\/p>\n<p><strong>Rodinn\u00e1 dobrodru\u017estv\u00ed v Rud\u00e9m mo\u0159i<\/strong><\/p>\n<p>Vytvo\u0159te si vz\u00e1cn\u00e9 <strong>rodinn\u00e9 vzpom\u00ednky z dovolen\u00e9<\/strong> s na\u0161imi <strong>rodinn\u00fdmi exkurzemi<\/strong>. D\u011bti i dosp\u011bl\u00ed budou uchv\u00e1ceni okouzluj\u00edc\u00edm <strong>mo\u0159sk\u00fdm \u017eivotem<\/strong>, barevn\u00fdmi rybami a slo\u017eit\u00fdmi <strong>kor\u00e1lov\u00fdmi \u00fatesy<\/strong> hned pod hladinou.<\/p>\n<p><strong>Vzru\u0161uj\u00edc\u00ed pobyty pro skupiny a p\u0159\u00e1tele:<\/strong><\/p>\n<p>Pro \u00fa\u017easn\u00e9 a <strong>vzru\u0161uj\u00edc\u00ed dobrodru\u017estv\u00ed<\/strong> s va\u0161imi nejbli\u017e\u0161\u00edmi spole\u010dn\u00edky jsou na\u0161e <strong>luxusn\u00ed jachtov\u00e9 v\u00fdlety<\/strong> z hotel\u016f v Soma Bay <strong>nejlep\u0161\u00edmi aktivitami, kter\u00e9 m\u016f\u017eete d\u011blat s p\u0159\u00e1teli<\/strong>. Tyto <strong>all-inclusive luxusn\u00ed \u0161norchlovac\u00ed v\u00fdlety<\/strong> zahrnuj\u00ed osv\u011b\u017euj\u00edc\u00ed n\u00e1poje a 5hv\u011bzdi\u010dkov\u00fd servis po celou dobu va\u0161\u00ed cesty.<\/p>\n<p><strong>Romantick\u00e9 \u00fat\u011bky pro p\u00e1ry:<\/strong><\/p>\n<p>A\u0165 u\u017e pl\u00e1nujete <strong>romantick\u00fd v\u00edkend na Valent\u00fdna<\/strong>, slav\u00edte <strong>v\u00fdro\u010d\u00ed<\/strong> nebo jednodu\u0161e hled\u00e1te <strong>kr\u00e1snou dovolenou pro p\u00e1ry<\/strong>, na\u0161e kr\u00e1tk\u00e9 p\u016fldenn\u00ed nebo celodenn\u00ed v\u00fdlety poskytuj\u00ed perfektn\u00ed kulisu pro romantick\u00e9 chv\u00edle pod kr\u00e1sn\u00fdm sluncem.<\/p>\n<p><strong>Bezbari\u00e9rov\u00e9 a pro seniory p\u0159\u00edv\u011btiv\u00e9 z\u00e1jezdy:<\/strong><\/p>\n<p>Na\u0161e celodenn\u00ed jachtov\u00e9 v\u00fdlety jsou promy\u0161len\u011b navr\u017eeny tak, aby pat\u0159ily mezi <strong>nejlep\u0161\u00ed bezbari\u00e9rov\u00e9 cestov\u00e1n\u00ed<\/strong>, nab\u00edzej\u00edc\u00ed inkluzivn\u00ed z\u00e1\u017eitek pro osoby se speci\u00e1ln\u00edmi pot\u0159ebami.<\/p>\n<h3><span style=\"color: #ff6600;\">Detaily z\u00e1jezdu<\/span><\/h3>\n<ul>\n<li>Doba trv\u00e1n\u00ed: 8 hodin<\/li>\n<li>M\u00edsto: Rud\u00e9 mo\u0159e<\/li>\n<li>Dostupnost: Denn\u011b<\/li>\n<li>Typ z\u00e1jezdu: Skupinov\u00fd<\/li>\n<li>Vyzvednut\u00ed a odvoz: V\u00e1\u0161 hotel v Soma Bay<\/li>\n<li>Invalidn\u00ed voz\u00edk: P\u0159\u00edstupn\u00e9<\/li>\n<\/ul>\n<h3><span style=\"color: #ff6600;\">zahrnut\u00ed<\/span><\/h3>\n<ul>\n<li>Zp\u00e1te\u010dn\u00ed transfer z va\u0161eho hotelu v Soma Bay<\/li>\n<li>\u0160norchlovac\u00ed vybaven\u00ed jako z\u00e1chrann\u00e1 vesta, maska, ploutve<\/li>\n<li>Pr\u016fvodce \u0161norchlov\u00e1n\u00edm<\/li>\n<li>\u010cerstv\u011b uva\u0159en\u00fd ob\u011bd na palub\u011b<\/li>\n<li>Miner\u00e1ln\u00ed voda, tepl\u00e9 a studen\u00e9 n\u00e1poje po cel\u00fd den<\/li>\n<\/ul>\n<h3><span style=\"color: #ff6600;\">Ne<\/span><span style=\"color: #ff6600;\">zahrnut\u00ed<\/span><\/h3>\n<ul>\n<li>DVD a fotografie od kameramana<\/li>\n<li>Spropitn\u00e9<\/li>\n<li>Pot\u00e1p\u011bn\u00ed<\/li>\n<\/ul>\n<h3><span style=\"color: #ff6600;\">Co si vz\u00edt s sebou<\/span><\/h3>\n<ul>\n<li>Vlastn\u00ed ru\u010dn\u00edk z hotelu<\/li>\n<li>Klobouk nebo \u0161\u00e1tek<\/li>\n<li>Opalovac\u00ed kr\u00e9m<\/li>\n<li>Slune\u010dn\u00ed br\u00fdle<\/li>\n<li>Pohodln\u00e1 obuv<\/li>\n<li>Plavky<\/li>\n<li>N\u011bjak\u00e9 pen\u00edze na osobn\u00ed v\u00fddaje<\/li>\n<\/ul>\n<h2><span style=\"color: #ff6600;\">Itiner\u00e1\u0159<\/span><\/h2>\n<p>V\u00e1\u0161 vzru\u0161uj\u00edc\u00ed <strong>\u0161norchlovac\u00ed v\u00fdlet ze Soma Bay<\/strong> za\u010d\u00edn\u00e1 pohodln\u00fdm <strong>vyzvednut\u00edm<\/strong> z va\u0161eho hotelu v Soma Bay nebo Safaze. U\u017eijte si malebn\u00fd transfer do \u017eiv\u00e9 mariny v Hurghad\u011b, kde na v\u00e1s \u010dek\u00e1 va\u0161e luxusn\u00ed lo\u010f.<\/p>\n<p>Jakmile se nalod\u00edme, <strong>za\u010dneme plout<\/strong> k nej\u00fachvatn\u011bj\u0161\u00edm \u0161norchlovac\u00edm lokalit\u00e1m Rud\u00e9ho mo\u0159e. Na\u0161e prvn\u00ed zast\u00e1vka n\u00e1s zavede na neuv\u011b\u0159iteln\u00e9 <strong>\u0161norchlovac\u00ed m\u00edsto<\/strong>, kde se pono\u0159\u00edte do k\u0159i\u0161\u0165\u00e1lov\u011b \u010dist\u00fdch vod pln\u00fdch pulzuj\u00edc\u00edho mo\u0159sk\u00e9ho \u017eivota a \u00fa\u017easn\u00fdch kor\u00e1lov\u00fdch \u00fates\u016f.<\/p>\n<p>Pot\u00e9 se p\u0159esuneme na <strong>druh\u00e9 fantastick\u00e9 m\u00edsto pro \u0161norchlov\u00e1n\u00ed<\/strong>, nab\u00edzej\u00edc\u00ed v\u00edce p\u0159\u00edle\u017eitost\u00ed k prozkoum\u00e1n\u00ed podmo\u0159sk\u00fdch div\u016f.<\/p>\n<p>Po vzru\u0161uj\u00edc\u00edm \u010dase ve vod\u011b bude p\u0159\u00edmo na palub\u011b pod\u00e1v\u00e1n lahodn\u00fd <strong>ob\u011bd formou otev\u0159en\u00e9ho bufetu<\/strong>, kter\u00fd v\u00e1m umo\u017en\u00ed na\u010derpat s\u00edly a z\u00e1rove\u0148 si u\u017e\u00edvat panoramatick\u00e9 v\u00fdhledy na mo\u0159e. Z\u00e1bava pokra\u010duje vzru\u0161uj\u00edc\u00edmi <strong>vodn\u00edmi sporty<\/strong>, v\u010detn\u011b nap\u00ednav\u00fdch j\u00edzd na pohovce a ban\u00e1nu.<\/p>\n<p>Jak se den ch\u00fdl\u00ed ke konci, zah\u00e1j\u00edme na\u0161i zp\u00e1te\u010dn\u00ed cestu a doraz\u00edme zp\u011bt do mariny v Hurghad\u011b. Odtud budete p\u0159\u00edmo p\u0159evezeni zp\u011bt do va\u0161eho hotelu v Soma Bay nebo Safaze, \u010d\u00edm\u017e skon\u010d\u00ed den nezapomenuteln\u00fdch <strong>dobrodru\u017estv\u00ed v Rud\u00e9m mo\u0159i<\/strong>.<\/p>\n<h3><span style=\"color: #ff6600;\">Nejlep\u0161\u00ed doporu\u010den\u00e9 v\u00fdlety lod\u00ed za \u0161norchlov\u00e1n\u00edm ze Soma Bay<\/span><\/h3>\n<ul>\n<li>Celodenn\u00ed v\u00fdlet za \u0161norchlov\u00e1n\u00edm k Delf\u00edn\u00edmu domu v Soma Bay<\/li>\n<li>\u0160norchlovac\u00ed v\u00fdlet na ostrov Paradise ze Soma Bay<\/li>\n<li>\u0160norchlovac\u00ed v\u00fdlet na ostrov Orange Bay ze Soma Bay<\/li>\n<li>Piratsk\u00fd plachetnicov\u00fd v\u00fdlet ze Soma Bay<\/li>\n<li>Celodenn\u00ed vyu\u017eit\u00ed ostrova Eden ze Soma Bay<\/li>\n<li>\u0160norchlov\u00e1n\u00ed na ostrov\u011b Mahmya Soma Bay<\/li>\n<\/ul>\n<h3><span style=\"color: #ff6600;\">Praktick\u00e1 rada<\/span><\/h3>\n<h3><span style=\"color: #ff6600;\">Rezervujte si p\u0159edem<\/span><\/h3>\n<p>Zejm\u00e9na v hlavn\u00ed sez\u00f3n\u011b je vhodn\u00e9 si <strong>v\u00fdlet lod\u00ed ze Soma Bay<\/strong> rezervovat p\u0159edem, abyste si zajistili sv\u00e9 m\u00edsto.<\/p>\n<h3><span style=\"color: #ff6600;\">Cena \u0161norchlovac\u00edho v\u00fdletu<\/span><\/h3>\n<ul>\n<li>Cena pro dosp\u011bl\u00e9 = 35 \u20ac<\/li>\n<li>Kojenci 0-5 let = zdarma<\/li>\n<li>D\u011bti 5-11 let = 50% ceny pro dosp\u011bl\u00e9<\/li>\n<\/ul>\n<h3><span style=\"color: #ff6600;\">Rezervace<\/span><\/h3>\n<p>Sv\u016fj z\u00e1jezd si m\u016f\u017eete zarezervovat p\u0159es WhatsApp nebo n\u00e1m poslat e-mail a potvrzen\u00ed obdr\u017e\u00edte na m\u00edst\u011b.<\/p>\n<p>Pros\u00edme, za\u0161lete n\u00e1m n\u00e1zev va\u0161eho hotelu, \u010d\u00edslo pokoje, kopie pas\u016f.<\/p>\n<p>WhatsApp: +201000852186<\/p>\n<p>info@egytourpackages.com<\/p>\n<h3><span style=\"color: #ff6600;\">Rezervujte nyn\u00ed &amp; zapla\u0165te na m\u00edst\u011b<\/span><\/h3>\n<p>Zarezervujte si sv\u016fj obl\u00edben\u00fd z\u00e1jezd a zapla\u0165te v den v\u00fdletu.<\/p>\n<h3><span style=\"color: #ff6600;\">Platba<\/span><\/h3>\n<p>M\u016f\u017eete platit egyptsk\u00fdmi librami, $, \u20ac nebo \u00a3.<\/p>\n<h3><span style=\"color: #ff6600;\">Storno podm\u00ednky<\/span><\/h3>\n<ul>\n<li>Zru\u0161en\u00ed zdarma a\u017e 24 hodin p\u0159edem<\/li>\n<li>Rann\u00ed zru\u0161en\u00ed (ve stejn\u00fd den) = 50% ceny<\/li>\n<\/ul>\n","protected":false},"excerpt":{"rendered":"<p>Pot\u00e1p\u011bn\u00ed v Rud\u00e9m mo\u0159i! Rezervujte si v\u00fdlet lod\u00ed za \u0161norchlov\u00e1n\u00edm ze Soma Bay a objevte podmo\u0159sk\u00fd sv\u011bt Egypta. Za\u010dn\u011bte sv\u00e9 dobrodru\u017estv\u00ed hned!<\/p>\n","protected":false},"featured_media":2950,"comment_status":"open","ping_status":"closed","template":"","meta":[],"product_brand":[],"product_cat":[1466],"product_tag":[1470,2795,1469,1981],"class_list":{"0":"post-5074","1":"product","2":"type-product","3":"status-publish","4":"has-post-thumbnail","6":"product_cat-vylety","7":"product_tag-jednodenni-vylety-po-egypte","8":"product_tag-nejlepsi-vylet-lodi-za-snorchlovanim","9":"product_tag-vylety-v-hurgade","10":"product_tag-vylety-ze-soma-bay","11":"tour_category-jednodenni-vylety-po-egypte-cs","12":"tour_category-snorchlovaci-vylety-v-hurghade","13":"tour_category-vylety-do-soma-bay","15":"first","16":"instock","17":"sale","18":"shipping-taxable","19":"purchasable","20":"product-type-tour","21":"has-default-attributes"},"yoast_head":"<!-- This site is optimized with the Yoast SEO Premium plugin v27.4 (Yoast SEO v27.4) - https:\/\/yoast.com\/product\/yoast-seo-premium-wordpress\/ -->\n<title>V\u00fdlet lod\u00ed za \u0161norchlov\u00e1n\u00edm ze Soma Bay<\/title>\n<meta name=\"description\" content=\"Pot\u00e1p\u011bn\u00ed v Rud\u00e9m mo\u0159i! Rezervujte si v\u00fdlet lod\u00ed za \u0161norchlov\u00e1n\u00edm ze Soma Bay a objevte podmo\u0159sk\u00fd sv\u011bt Egypta. Za\u010dn\u011bte sv\u00e9 dobrodru\u017estv\u00ed hned!\" \/>\n<meta name=\"robots\" content=\"index, follow, max-snippet:-1, max-image-preview:large, max-video-preview:-1\" \/>\n<link rel=\"canonical\" href=\"https:\/\/egytourpackages.com\/cs\/prohlidky\/vylet-lodi-za-snorchlovanim-ze-soma-bay\/\" \/>\n<meta property=\"og:locale\" content=\"cs_CZ\" \/>\n<meta property=\"og:type\" content=\"article\" \/>\n<meta property=\"og:title\" content=\"V\u00fdlet lod\u00ed za \u0161norchlov\u00e1n\u00edm ze Soma Bay\" \/>\n<meta property=\"og:description\" content=\"Pot\u00e1p\u011bn\u00ed v Rud\u00e9m mo\u0159i! Rezervujte si v\u00fdlet lod\u00ed za \u0161norchlov\u00e1n\u00edm ze Soma Bay a objevte podmo\u0159sk\u00fd sv\u011bt Egypta. Za\u010dn\u011bte sv\u00e9 dobrodru\u017estv\u00ed hned!\" \/>\n<meta property=\"og:url\" content=\"https:\/\/egytourpackages.com\/cs\/prohlidky\/vylet-lodi-za-snorchlovanim-ze-soma-bay\/\" \/>\n<meta property=\"og:site_name\" content=\"Z\u00e1jezdy po Egypt\u011b\" \/>\n<meta property=\"article:publisher\" content=\"https:\/\/www.facebook.com\/egytourpackages\" \/>\n<meta property=\"article:modified_time\" content=\"2026-01-28T20:39:20+00:00\" \/>\n<meta property=\"og:image\" content=\"https:\/\/egytourpackages.com\/wp-content\/uploads\/2023\/08\/Snorkeling-Boat-Trip-from-Soma-Bay-1024x682.jpg\" \/>\n<meta name=\"twitter:card\" content=\"summary_large_image\" \/>\n<meta name=\"twitter:title\" content=\"V\u00fdlet lod\u00ed za \u0161norchlov\u00e1n\u00edm ze Soma Bay\" \/>\n<meta name=\"twitter:description\" content=\"Pot\u00e1p\u011bn\u00ed v Rud\u00e9m mo\u0159i! Rezervujte si v\u00fdlet lod\u00ed za \u0161norchlov\u00e1n\u00edm ze Soma Bay a objevte podmo\u0159sk\u00fd sv\u011bt Egypta. Za\u010dn\u011bte sv\u00e9 dobrodru\u017estv\u00ed hned!\" \/>\n<meta name=\"twitter:image\" content=\"https:\/\/egytourpackages.com\/wp-content\/uploads\/2023\/08\/Snorkeling-Boat-Trip-from-Soma-Bay-1024x682.jpg\" \/>\n<meta name=\"twitter:label1\" content=\"Cena\" \/>\n\t<meta name=\"twitter:data1\" content=\"&euro;35\" \/>\n\t<meta name=\"twitter:label2\" content=\"Dostupnost\" \/>\n\t<meta name=\"twitter:data2\" content=\"Skladem\" \/>\n<script type=\"application\/ld+json\" class=\"yoast-schema-graph\">{\"@context\":\"https:\\\/\\\/schema.org\",\"@graph\":[{\"@type\":\"WebPage\",\"@id\":\"https:\\\/\\\/egytourpackages.com\\\/cs\\\/prohlidky\\\/vylet-lodi-za-snorchlovanim-ze-soma-bay\\\/\",\"url\":\"https:\\\/\\\/egytourpackages.com\\\/cs\\\/prohlidky\\\/vylet-lodi-za-snorchlovanim-ze-soma-bay\\\/\",\"name\":\"V\u00fdlet lod\u00ed za \u0161norchlov\u00e1n\u00edm ze Soma Bay\",\"isPartOf\":{\"@id\":\"https:\\\/\\\/egytourpackages.com\\\/cs\\\/#website\"},\"primaryImageOfPage\":{\"@id\":\"https:\\\/\\\/egytourpackages.com\\\/cs\\\/prohlidky\\\/vylet-lodi-za-snorchlovanim-ze-soma-bay\\\/#primaryimage\"},\"image\":{\"@id\":\"https:\\\/\\\/egytourpackages.com\\\/cs\\\/prohlidky\\\/vylet-lodi-za-snorchlovanim-ze-soma-bay\\\/#primaryimage\"},\"thumbnailUrl\":\"https:\\\/\\\/egytourpackages.com\\\/wp-content\\\/uploads\\\/2023\\\/08\\\/Snorkeling-Boat-Trip-from-Soma-Bay.jpg\",\"datePublished\":\"2023-08-22T16:55:59+00:00\",\"dateModified\":\"2026-01-28T20:39:20+00:00\",\"description\":\"Pot\u00e1p\u011bn\u00ed v Rud\u00e9m mo\u0159i! Rezervujte si v\u00fdlet lod\u00ed za \u0161norchlov\u00e1n\u00edm ze Soma Bay a objevte podmo\u0159sk\u00fd sv\u011bt Egypta. Za\u010dn\u011bte sv\u00e9 dobrodru\u017estv\u00ed hned!\",\"breadcrumb\":{\"@id\":\"https:\\\/\\\/egytourpackages.com\\\/cs\\\/prohlidky\\\/vylet-lodi-za-snorchlovanim-ze-soma-bay\\\/#breadcrumb\"},\"inLanguage\":\"cs\",\"potentialAction\":[{\"@type\":\"ReadAction\",\"target\":[\"https:\\\/\\\/egytourpackages.com\\\/cs\\\/prohlidky\\\/vylet-lodi-za-snorchlovanim-ze-soma-bay\\\/\"]}]},{\"@type\":\"ImageObject\",\"inLanguage\":\"cs\",\"@id\":\"https:\\\/\\\/egytourpackages.com\\\/cs\\\/prohlidky\\\/vylet-lodi-za-snorchlovanim-ze-soma-bay\\\/#primaryimage\",\"url\":\"https:\\\/\\\/egytourpackages.com\\\/wp-content\\\/uploads\\\/2023\\\/08\\\/Snorkeling-Boat-Trip-from-Soma-Bay.jpg\",\"contentUrl\":\"https:\\\/\\\/egytourpackages.com\\\/wp-content\\\/uploads\\\/2023\\\/08\\\/Snorkeling-Boat-Trip-from-Soma-Bay.jpg\",\"width\":2000,\"height\":1333,\"caption\":\"V\u00fdlet lod\u00ed za \u0161norchlov\u00e1n\u00edm ze Soma Bay\"},{\"@type\":\"BreadcrumbList\",\"@id\":\"https:\\\/\\\/egytourpackages.com\\\/cs\\\/prohlidky\\\/vylet-lodi-za-snorchlovanim-ze-soma-bay\\\/#breadcrumb\",\"itemListElement\":[{\"@type\":\"ListItem\",\"position\":1,\"name\":\"Dom\u016f\",\"item\":\"https:\\\/\\\/egytourpackages.com\\\/cs\\\/balicky-vyletu-po-egypte\\\/\"},{\"@type\":\"ListItem\",\"position\":2,\"name\":\"Shop\",\"item\":\"https:\\\/\\\/egytourpackages.com\\\/cs\\\/shop\\\/\"},{\"@type\":\"ListItem\",\"position\":3,\"name\":\"V\u00fdlet lod\u00ed za \u0161norchlov\u00e1n\u00edm ze Soma Bay\"}]},{\"@type\":\"WebSite\",\"@id\":\"https:\\\/\\\/egytourpackages.com\\\/cs\\\/#website\",\"url\":\"https:\\\/\\\/egytourpackages.com\\\/cs\\\/\",\"name\":\"Egy tour packages\",\"description\":\"\",\"publisher\":{\"@id\":\"https:\\\/\\\/egytourpackages.com\\\/cs\\\/#organization\"},\"potentialAction\":[{\"@type\":\"SearchAction\",\"target\":{\"@type\":\"EntryPoint\",\"urlTemplate\":\"https:\\\/\\\/egytourpackages.com\\\/cs\\\/?s={search_term_string}\"},\"query-input\":{\"@type\":\"PropertyValueSpecification\",\"valueRequired\":true,\"valueName\":\"search_term_string\"}}],\"inLanguage\":\"cs\"},{\"@type\":[\"Organization\",\"Place\",\"TravelAgency\"],\"@id\":\"https:\\\/\\\/egytourpackages.com\\\/cs\\\/#organization\",\"name\":\"egypt tour packages\",\"alternateName\":\"egypt tour packages\",\"url\":\"https:\\\/\\\/egytourpackages.com\\\/cs\\\/\",\"logo\":{\"@id\":\"https:\\\/\\\/egytourpackages.com\\\/cs\\\/prohlidky\\\/vylet-lodi-za-snorchlovanim-ze-soma-bay\\\/#local-main-organization-logo\"},\"image\":{\"@id\":\"https:\\\/\\\/egytourpackages.com\\\/cs\\\/prohlidky\\\/vylet-lodi-za-snorchlovanim-ze-soma-bay\\\/#local-main-organization-logo\"},\"sameAs\":[\"https:\\\/\\\/www.facebook.com\\\/egytourpackages\"],\"legalName\":\"Egy tour packages\",\"address\":{\"@id\":\"https:\\\/\\\/egytourpackages.com\\\/cs\\\/prohlidky\\\/vylet-lodi-za-snorchlovanim-ze-soma-bay\\\/#local-main-place-address\"},\"telephone\":[\"00201000852186\",\"00201028685533\"],\"contactPoint\":{\"@type\":\"ContactPoint\",\"telephone\":\"00201000852186\"},\"openingHoursSpecification\":[{\"@type\":\"OpeningHoursSpecification\",\"dayOfWeek\":[\"Monday\",\"Tuesday\",\"Wednesday\",\"Thursday\",\"Friday\",\"Saturday\",\"Sunday\"],\"opens\":\"00:00\",\"closes\":\"23:59\"}],\"email\":\"info@egytourpackages.com\",\"areaServed\":\"Cairo, Hurghada, Luxor, Sharm El Sheikh, Marsa Alam, Aswan\",\"priceRange\":\"$\",\"currenciesAccepted\":\"euro\",\"paymentAccepted\":\"Payment links online\"},{\"@type\":\"PostalAddress\",\"@id\":\"https:\\\/\\\/egytourpackages.com\\\/cs\\\/prohlidky\\\/vylet-lodi-za-snorchlovanim-ze-soma-bay\\\/#local-main-place-address\",\"streetAddress\":\"Mubarak 8, Al Kawthar District, Hurghada\",\"addressLocality\":\"Hurghada\",\"postalCode\":\"84511\",\"addressRegion\":\"Red Sea\",\"addressCountry\":\"EG\"},{\"@type\":\"ImageObject\",\"inLanguage\":\"cs\",\"@id\":\"https:\\\/\\\/egytourpackages.com\\\/cs\\\/prohlidky\\\/vylet-lodi-za-snorchlovanim-ze-soma-bay\\\/#local-main-organization-logo\",\"url\":\"https:\\\/\\\/egytourpackages.com\\\/wp-content\\\/uploads\\\/2025\\\/12\\\/Turquoise-Dahabiya-Nile-Cruise-1.jpeg\",\"contentUrl\":\"https:\\\/\\\/egytourpackages.com\\\/wp-content\\\/uploads\\\/2025\\\/12\\\/Turquoise-Dahabiya-Nile-Cruise-1.jpeg\",\"width\":1040,\"height\":694,\"caption\":\"egypt tour packages\"}]}<\/script>\n<meta property=\"product:brand\" content=\"Jednodenn\u00ed v\u00fdlety po Egypt\u011b\" \/>\n<meta property=\"product:price:amount\" content=\"35\" \/>\n<meta property=\"product:price:currency\" content=\"EUR\" \/>\n<meta property=\"og:availability\" content=\"instock\" \/>\n<meta property=\"product:availability\" content=\"instock\" \/>\n<meta property=\"product:retailer_item_id\" content=\"SBE03\" \/>\n<meta property=\"product:condition\" content=\"new\" \/>\n<meta name=\"geo.placename\" content=\"Hurghada\" \/>\n<meta name=\"geo.region\" content=\"Egypt\" \/>\n<!-- \/ Yoast SEO Premium plugin. -->","yoast_head_json":{"title":"V\u00fdlet lod\u00ed za \u0161norchlov\u00e1n\u00edm ze Soma Bay","description":"Pot\u00e1p\u011bn\u00ed v Rud\u00e9m mo\u0159i! Rezervujte si v\u00fdlet lod\u00ed za \u0161norchlov\u00e1n\u00edm ze Soma Bay a objevte podmo\u0159sk\u00fd sv\u011bt Egypta. Za\u010dn\u011bte sv\u00e9 dobrodru\u017estv\u00ed hned!","robots":{"index":"index","follow":"follow","max-snippet":"max-snippet:-1","max-image-preview":"max-image-preview:large","max-video-preview":"max-video-preview:-1"},"canonical":"https:\/\/egytourpackages.com\/cs\/prohlidky\/vylet-lodi-za-snorchlovanim-ze-soma-bay\/","og_locale":"cs_CZ","og_type":"article","og_title":"V\u00fdlet lod\u00ed za \u0161norchlov\u00e1n\u00edm ze Soma Bay","og_description":"Pot\u00e1p\u011bn\u00ed v Rud\u00e9m mo\u0159i! Rezervujte si v\u00fdlet lod\u00ed za \u0161norchlov\u00e1n\u00edm ze Soma Bay a objevte podmo\u0159sk\u00fd sv\u011bt Egypta. Za\u010dn\u011bte sv\u00e9 dobrodru\u017estv\u00ed hned!","og_url":"https:\/\/egytourpackages.com\/cs\/prohlidky\/vylet-lodi-za-snorchlovanim-ze-soma-bay\/","og_site_name":"Z\u00e1jezdy po Egypt\u011b","article_publisher":"https:\/\/www.facebook.com\/egytourpackages","article_modified_time":"2026-01-28T20:39:20+00:00","og_image":[{"url":"https:\/\/egytourpackages.com\/wp-content\/uploads\/2023\/08\/Snorkeling-Boat-Trip-from-Soma-Bay-1024x682.jpg","type":"","width":"","height":""}],"twitter_card":"summary_large_image","twitter_title":"V\u00fdlet lod\u00ed za \u0161norchlov\u00e1n\u00edm ze Soma Bay","twitter_description":"Pot\u00e1p\u011bn\u00ed v Rud\u00e9m mo\u0159i! Rezervujte si v\u00fdlet lod\u00ed za \u0161norchlov\u00e1n\u00edm ze Soma Bay a objevte podmo\u0159sk\u00fd sv\u011bt Egypta. Za\u010dn\u011bte sv\u00e9 dobrodru\u017estv\u00ed hned!","twitter_image":"https:\/\/egytourpackages.com\/wp-content\/uploads\/2023\/08\/Snorkeling-Boat-Trip-from-Soma-Bay-1024x682.jpg","twitter_misc":{"Cena":"&euro;35","Dostupnost":"Skladem"},"schema":{"@context":"https:\/\/schema.org","@graph":[{"@type":"WebPage","@id":"https:\/\/egytourpackages.com\/cs\/prohlidky\/vylet-lodi-za-snorchlovanim-ze-soma-bay\/","url":"https:\/\/egytourpackages.com\/cs\/prohlidky\/vylet-lodi-za-snorchlovanim-ze-soma-bay\/","name":"V\u00fdlet lod\u00ed za \u0161norchlov\u00e1n\u00edm ze Soma Bay","isPartOf":{"@id":"https:\/\/egytourpackages.com\/cs\/#website"},"primaryImageOfPage":{"@id":"https:\/\/egytourpackages.com\/cs\/prohlidky\/vylet-lodi-za-snorchlovanim-ze-soma-bay\/#primaryimage"},"image":{"@id":"https:\/\/egytourpackages.com\/cs\/prohlidky\/vylet-lodi-za-snorchlovanim-ze-soma-bay\/#primaryimage"},"thumbnailUrl":"https:\/\/egytourpackages.com\/wp-content\/uploads\/2023\/08\/Snorkeling-Boat-Trip-from-Soma-Bay.jpg","datePublished":"2023-08-22T16:55:59+00:00","dateModified":"2026-01-28T20:39:20+00:00","description":"Pot\u00e1p\u011bn\u00ed v Rud\u00e9m mo\u0159i! Rezervujte si v\u00fdlet lod\u00ed za \u0161norchlov\u00e1n\u00edm ze Soma Bay a objevte podmo\u0159sk\u00fd sv\u011bt Egypta. Za\u010dn\u011bte sv\u00e9 dobrodru\u017estv\u00ed hned!","breadcrumb":{"@id":"https:\/\/egytourpackages.com\/cs\/prohlidky\/vylet-lodi-za-snorchlovanim-ze-soma-bay\/#breadcrumb"},"inLanguage":"cs","potentialAction":[{"@type":"ReadAction","target":["https:\/\/egytourpackages.com\/cs\/prohlidky\/vylet-lodi-za-snorchlovanim-ze-soma-bay\/"]}]},{"@type":"ImageObject","inLanguage":"cs","@id":"https:\/\/egytourpackages.com\/cs\/prohlidky\/vylet-lodi-za-snorchlovanim-ze-soma-bay\/#primaryimage","url":"https:\/\/egytourpackages.com\/wp-content\/uploads\/2023\/08\/Snorkeling-Boat-Trip-from-Soma-Bay.jpg","contentUrl":"https:\/\/egytourpackages.com\/wp-content\/uploads\/2023\/08\/Snorkeling-Boat-Trip-from-Soma-Bay.jpg","width":2000,"height":1333,"caption":"V\u00fdlet lod\u00ed za \u0161norchlov\u00e1n\u00edm ze Soma Bay"},{"@type":"BreadcrumbList","@id":"https:\/\/egytourpackages.com\/cs\/prohlidky\/vylet-lodi-za-snorchlovanim-ze-soma-bay\/#breadcrumb","itemListElement":[{"@type":"ListItem","position":1,"name":"Dom\u016f","item":"https:\/\/egytourpackages.com\/cs\/balicky-vyletu-po-egypte\/"},{"@type":"ListItem","position":2,"name":"Shop","item":"https:\/\/egytourpackages.com\/cs\/shop\/"},{"@type":"ListItem","position":3,"name":"V\u00fdlet lod\u00ed za \u0161norchlov\u00e1n\u00edm ze Soma Bay"}]},{"@type":"WebSite","@id":"https:\/\/egytourpackages.com\/cs\/#website","url":"https:\/\/egytourpackages.com\/cs\/","name":"Egy tour packages","description":"","publisher":{"@id":"https:\/\/egytourpackages.com\/cs\/#organization"},"potentialAction":[{"@type":"SearchAction","target":{"@type":"EntryPoint","urlTemplate":"https:\/\/egytourpackages.com\/cs\/?s={search_term_string}"},"query-input":{"@type":"PropertyValueSpecification","valueRequired":true,"valueName":"search_term_string"}}],"inLanguage":"cs"},{"@type":["Organization","Place","TravelAgency"],"@id":"https:\/\/egytourpackages.com\/cs\/#organization","name":"egypt tour packages","alternateName":"egypt tour packages","url":"https:\/\/egytourpackages.com\/cs\/","logo":{"@id":"https:\/\/egytourpackages.com\/cs\/prohlidky\/vylet-lodi-za-snorchlovanim-ze-soma-bay\/#local-main-organization-logo"},"image":{"@id":"https:\/\/egytourpackages.com\/cs\/prohlidky\/vylet-lodi-za-snorchlovanim-ze-soma-bay\/#local-main-organization-logo"},"sameAs":["https:\/\/www.facebook.com\/egytourpackages"],"legalName":"Egy tour packages","address":{"@id":"https:\/\/egytourpackages.com\/cs\/prohlidky\/vylet-lodi-za-snorchlovanim-ze-soma-bay\/#local-main-place-address"},"telephone":["00201000852186","00201028685533"],"contactPoint":{"@type":"ContactPoint","telephone":"00201000852186"},"openingHoursSpecification":[{"@type":"OpeningHoursSpecification","dayOfWeek":["Monday","Tuesday","Wednesday","Thursday","Friday","Saturday","Sunday"],"opens":"00:00","closes":"23:59"}],"email":"info@egytourpackages.com","areaServed":"Cairo, Hurghada, Luxor, Sharm El Sheikh, Marsa Alam, Aswan","priceRange":"$","currenciesAccepted":"euro","paymentAccepted":"Payment links online"},{"@type":"PostalAddress","@id":"https:\/\/egytourpackages.com\/cs\/prohlidky\/vylet-lodi-za-snorchlovanim-ze-soma-bay\/#local-main-place-address","streetAddress":"Mubarak 8, Al Kawthar District, Hurghada","addressLocality":"Hurghada","postalCode":"84511","addressRegion":"Red Sea","addressCountry":"EG"},{"@type":"ImageObject","inLanguage":"cs","@id":"https:\/\/egytourpackages.com\/cs\/prohlidky\/vylet-lodi-za-snorchlovanim-ze-soma-bay\/#local-main-organization-logo","url":"https:\/\/egytourpackages.com\/wp-content\/uploads\/2025\/12\/Turquoise-Dahabiya-Nile-Cruise-1.jpeg","contentUrl":"https:\/\/egytourpackages.com\/wp-content\/uploads\/2025\/12\/Turquoise-Dahabiya-Nile-Cruise-1.jpeg","width":1040,"height":694,"caption":"egypt tour packages"}]},"product_brand":"Jednodenn\u00ed v\u00fdlety po Egypt\u011b","product_price_amount":"35","product_price_currency":"EUR","og_availability":"instock","product_availability":"instock","product_retailer_item_id":"SBE03","product_condition":"new","geo.placename":"Hurghada","geo.region":"Egypt"},"_links":{"self":[{"href":"https:\/\/egytourpackages.com\/cs\/wp-json\/wp\/v2\/product\/5074","targetHints":{"allow":["GET"]}}],"collection":[{"href":"https:\/\/egytourpackages.com\/cs\/wp-json\/wp\/v2\/product"}],"about":[{"href":"https:\/\/egytourpackages.com\/cs\/wp-json\/wp\/v2\/types\/product"}],"replies":[{"embeddable":true,"href":"https:\/\/egytourpackages.com\/cs\/wp-json\/wp\/v2\/comments?post=5074"}],"wp:featuredmedia":[{"embeddable":true,"href":"https:\/\/egytourpackages.com\/cs\/wp-json\/wp\/v2\/media\/2950"}],"wp:attachment":[{"href":"https:\/\/egytourpackages.com\/cs\/wp-json\/wp\/v2\/media?parent=5074"}],"wp:term":[{"taxonomy":"product_brand","embeddable":true,"href":"https:\/\/egytourpackages.com\/cs\/wp-json\/wp\/v2\/product_brand?post=5074"},{"taxonomy":"product_cat","embeddable":true,"href":"https:\/\/egytourpackages.com\/cs\/wp-json\/wp\/v2\/product_cat?post=5074"},{"taxonomy":"product_tag","embeddable":true,"href":"https:\/\/egytourpackages.com\/cs\/wp-json\/wp\/v2\/product_tag?post=5074"}],"curies":[{"name":"wp","href":"https:\/\/api.w.org\/{rel}","templated":true}]}}