{"id":5077,"date":"2023-08-22T12:03:48","date_gmt":"2023-08-22T12:03:48","guid":{"rendered":"https:\/\/egytourpackages.com\/product\/nejlepsi-el-gouna-snorchlovaci-vylet-lodi\/"},"modified":"2026-01-28T20:33:38","modified_gmt":"2026-01-28T20:33:38","slug":"nejlepsi-el-gouna-snorchlovaci-vylet-lodi","status":"publish","type":"product","link":"https:\/\/egytourpackages.com\/cs\/prohlidky\/nejlepsi-el-gouna-snorchlovaci-vylet-lodi\/","title":{"rendered":"Nejlep\u0161\u00ed El Gouna \u0161norchlovac\u00ed v\u00fdlet lod\u00ed"},"content":{"rendered":"<p><span style=\"color: #ff6600;\"><strong>Nejlep\u0161\u00ed El Gouna \u0161norchlovac\u00ed v\u00fdlet lod\u00ed\u00a0<\/strong>\u00a0<\/span><\/p>\n<p>Zarezervujte si sv\u00e9 ultimativn\u00ed <strong>dobrodru\u017estv\u00ed v Rud\u00e9m mo\u0159i<\/strong> s na\u0161imi bezkonkuren\u010dn\u00edmi <strong>\u0161norchlovac\u00edmi v\u00fdlety z El Gouny<\/strong>. Navr\u017eeno pro <strong>rodinnou z\u00e1bavu<\/strong>, <strong>romantick\u00e9 pobyty<\/strong> a vzru\u0161uj\u00edc\u00ed <strong>skupinov\u00e9 exkurze<\/strong>, na\u0161e <strong>z\u00e1jezdy z El Gouny<\/strong> nab\u00edzej\u00ed pohlcuj\u00edc\u00ed z\u00e1\u017eitek v pulzuj\u00edc\u00edm podmo\u0159sk\u00e9m sv\u011bt\u011b a zajist\u00ed nezapomenuteln\u00e9 okam\u017eiky pro ka\u017ed\u00e9ho.<\/p>\n<p>Objevte <strong>nejlep\u0161\u00ed m\u00edsta pro \u0161norchlov\u00e1n\u00ed<\/strong> v Rud\u00e9m mo\u0159i, proslul\u00e1 sv\u00fdmi k\u0159i\u0161\u0165\u00e1lov\u011b \u010dist\u00fdmi vodami a prosperuj\u00edc\u00edmi mo\u0159sk\u00fdmi ekosyst\u00e9my. Poskytujeme vysoce kvalitn\u00ed <strong>\u0161norchlovac\u00ed vybaven\u00ed<\/strong> pro v\u0161echny v\u011bkov\u00e9 kategorie a velikosti a <strong>profesion\u00e1ln\u00ed pr\u016fvodce \u0161norchlov\u00e1n\u00edm<\/strong> je v\u017edy k dispozici, aby pomohl neplavc\u016fm a zajistil bezpe\u010dnost a radost pro v\u0161echny.<\/p>\n<p><strong>Exkurze z El Gouny<\/strong> jsou perfektn\u00ed pro <strong>skupiny p\u0159\u00e1tel<\/strong>. Ve skute\u010dnosti na\u0161e <strong>v\u00fdlety pro p\u0159\u00e1tele<\/strong> nab\u00edzej\u00ed jedine\u010dn\u00e9 <strong>aktivity pro p\u0159\u00e1tele<\/strong>, jako je plav\u00e1n\u00ed vedle kr\u00e1sn\u00fdch barevn\u00fdch ryb a n\u00e1dhern\u00fdch kor\u00e1lov\u00fdch \u00fates\u016f, po\u0159izov\u00e1n\u00ed \u00fa\u017easn\u00fdch <strong>podvodn\u00edch fotografi\u00ed<\/strong>, a dokonce i mo\u017enost pot\u00e1p\u011bt se do v\u011bt\u0161\u00edch hloubek pro nov\u00fd <strong>vzru\u0161uj\u00edc\u00ed z\u00e1\u017eitek<\/strong> pln\u00fd <strong>vzru\u0161en\u00ed a nap\u011bt\u00ed<\/strong>.<\/p>\n<p>Tak\u00e9 se zam\u011b\u0159ujeme na <strong>dovolen\u00e9 pro star\u0161\u00ed nezadan\u00e9<\/strong> a poskytujeme obohacuj\u00edc\u00ed <strong>vzd\u011bl\u00e1vac\u00ed dovolen\u00e9 pro seniory<\/strong>. S oddan\u00fdm profesion\u00e1ln\u00edm t\u00fdmem zaji\u0161\u0165ujeme pohodln\u00e9 a p\u0159\u00edjemn\u00e9 <strong>jednodenn\u00ed v\u00fdlety pro seniory<\/strong> a hosty na invalidn\u00edm voz\u00edku, poskytujeme pozorn\u00fd servis po celou dobu cesty.<\/p>\n<p>Na\u0161e <strong>p\u0159\u00edjemn\u00e9 dovolen\u00e9 pro p\u00e1ry<\/strong> dod\u00e1vaj\u00ed dal\u0161\u00ed vzru\u0161en\u00ed s adrenalinovou j\u00edzdou na ban\u00e1nov\u00e9m \u010dlunu, co\u017e z nich d\u011bl\u00e1 jedny z <strong>nejlep\u0161\u00edch kr\u00e1tk\u00fdch pobyt\u016f pro p\u00e1ry<\/strong>. Kone\u010dn\u011b, na\u0161e <strong>rodinn\u00e9 exkurze<\/strong> nab\u00edzej\u00ed d\u011btem i dosp\u011bl\u00fdm \u00fa\u017easnou \u0161anci nechat se okouzlit fascinuj\u00edc\u00edm mo\u0159sk\u00fdm \u017eivotem, barevn\u00fdmi rybami a slo\u017eit\u00fdmi kor\u00e1lov\u00fdmi \u00fatesy hned pod hladinou.<\/p>\n<h3><span style=\"color: #ff6600;\">Detaily z\u00e1jezdu<\/span><\/h3>\n<ul>\n<li>Doba trv\u00e1n\u00ed: 8 hodin<\/li>\n<li>M\u00edsto z\u00e1jezdu: Rud\u00e9 mo\u0159e<\/li>\n<li>Dostupnost: Denn\u011b<\/li>\n<li>Typ z\u00e1jezdu: Skupinov\u00fd<\/li>\n<li>Vyzvednut\u00ed a odvoz: V\u00e1\u0161 hotel v El Goun\u011b<\/li>\n<li>Invalidn\u00ed voz\u00edk: P\u0159\u00edstupn\u00e9<\/li>\n<\/ul>\n<h3><span style=\"color: #ff6600;\">Zahrnuto v tomto z\u00e1jezdu<\/span><\/h3>\n<ul>\n<li>Zp\u00e1te\u010dn\u00ed transfer z va\u0161eho hotelu v El Goun\u011b<\/li>\n<li>\u0160norchlovac\u00ed vybaven\u00ed jako z\u00e1chrann\u00e1 vesta, maska, ploutve<\/li>\n<li>\u0160norchlovac\u00ed pr\u016fvodce<\/li>\n<li>\u010cerstv\u011b uva\u0159en\u00fd ob\u011bd na palub\u011b<\/li>\n<li>Miner\u00e1ln\u00ed voda, tepl\u00e9 a studen\u00e9 n\u00e1poje po cel\u00fd den<\/li>\n<\/ul>\n<h3><span style=\"color: #ff6600;\">Nezahrnuto v tomto z\u00e1jezdu<\/span><\/h3>\n<ul>\n<li>DVD a fotografie od kameramana<\/li>\n<li>Spropitn\u00e9<\/li>\n<li>Pot\u00e1p\u011bn\u00ed<\/li>\n<\/ul>\n<h3><span style=\"color: #ff6600;\">Co si vz\u00edt s sebou<\/span><\/h3>\n<ul>\n<li>Vlastn\u00ed ru\u010dn\u00edk z hotelu<\/li>\n<li>Klobouk nebo \u0161\u00e1tek<\/li>\n<li>Opalovac\u00ed kr\u00e9m<\/li>\n<li>Slune\u010dn\u00ed br\u00fdle<\/li>\n<li>Pohodln\u00e1 obuv<\/li>\n<li>Plavky<\/li>\n<li>N\u011bjak\u00e9 pen\u00edze na osobn\u00ed v\u00fddaje<\/li>\n<\/ul>\n<h2><span style=\"color: #ff6600;\">Itiner\u00e1\u0159<\/span><\/h2>\n<p>V\u00e1\u0161 vzru\u0161uj\u00edc\u00ed <strong>\u0161norchlovac\u00ed v\u00fdlet z El Gouny<\/strong> za\u010d\u00edn\u00e1 pohodln\u00fdm <strong>vyzvednut\u00edm<\/strong> z va\u0161eho hotelu v El Goun\u011b. U\u017eijte si malebn\u00fd transfer do \u017eiv\u00e9 mariny v Hurghad\u011b, kde na v\u00e1s \u010dek\u00e1 va\u0161e luxusn\u00ed lo\u010f.<\/p>\n<p>Jakmile se nalod\u00edme, <strong>za\u010dneme plout<\/strong> k nej\u00fachvatn\u011bj\u0161\u00edm \u0161norchlovac\u00edm lokalit\u00e1m Rud\u00e9ho mo\u0159e. Na\u0161e prvn\u00ed zast\u00e1vka n\u00e1s zavede na neuv\u011b\u0159iteln\u00e9 <strong>\u0161norchlovac\u00ed m\u00edsto<\/strong>, kde se pono\u0159\u00edte do k\u0159i\u0161\u0165\u00e1lov\u011b \u010dist\u00fdch vod pln\u00fdch pulzuj\u00edc\u00edho mo\u0159sk\u00e9ho \u017eivota a \u00fa\u017easn\u00fdch kor\u00e1lov\u00fdch \u00fates\u016f.<\/p>\n<p>Pot\u00e9 se p\u0159esuneme na <strong>druh\u00e9 fantastick\u00e9 m\u00edsto pro \u0161norchlov\u00e1n\u00ed<\/strong>, nab\u00edzej\u00edc\u00ed v\u00edce p\u0159\u00edle\u017eitost\u00ed k prozkoum\u00e1n\u00ed podmo\u0159sk\u00fdch div\u016f.<\/p>\n<p>Po vzru\u0161uj\u00edc\u00edm \u010dase ve vod\u011b bude p\u0159\u00edmo na palub\u011b pod\u00e1v\u00e1n lahodn\u00fd <strong>ob\u011bd formou otev\u0159en\u00e9ho bufetu<\/strong>, kter\u00fd v\u00e1m umo\u017en\u00ed na\u010derpat s\u00edly a z\u00e1rove\u0148 si u\u017e\u00edvat panoramatick\u00e9 v\u00fdhledy na mo\u0159e. Z\u00e1bava pokra\u010duje vzru\u0161uj\u00edc\u00edmi <strong>vodn\u00edmi sporty<\/strong>, v\u010detn\u011b nap\u00ednav\u00fdch j\u00edzd na pohovce a ban\u00e1nu.<\/p>\n<p>Jak se den ch\u00fdl\u00ed ke konci, zah\u00e1j\u00edme na\u0161i zp\u00e1te\u010dn\u00ed cestu a doraz\u00edme zp\u011bt do mariny v Hurghad\u011b. Odtud budete p\u0159\u00edmo p\u0159evezeni zp\u011bt do va\u0161eho hotelu v El Goun\u011b, \u010d\u00edm\u017e skon\u010d\u00ed den nezapomenuteln\u00fdch <strong>dobrodru\u017estv\u00ed v Rud\u00e9m mo\u0159i<\/strong>.<\/p>\n<h3><span style=\"color: #ff6600;\">Nejlep\u0161\u00ed doporu\u010den\u00e9 v\u00fdlety lod\u00ed za \u0161norchlov\u00e1n\u00edm z El Gouny<\/span><\/h3>\n<ul>\n<li>Celodenn\u00ed v\u00fdlet za \u0161norchlov\u00e1n\u00edm k Delf\u00edn\u00edmu domu z El Gouny<\/li>\n<li>\u0160norchlovac\u00ed v\u00fdlet na ostrov Paradise z El Gouny<\/li>\n<li>\u0160norchlovac\u00ed v\u00fdlet na ostrov Orange Bay z El Gouny<\/li>\n<li>Piratsk\u00fd plachetnicov\u00fd v\u00fdlet z El Gouny<\/li>\n<li>Celodenn\u00ed vyu\u017eit\u00ed ostrova Eden z El Gouny<\/li>\n<li>\u0160norchlov\u00e1n\u00ed na ostrov\u011b Mahmya El Gouna<\/li>\n<\/ul>\n<h2><span style=\"color: #ff6600;\">Praktick\u00e1 rada<\/span><\/h2>\n<h3><span style=\"color: #ff6600;\">Rezervujte si p\u0159edem<\/span><\/h3>\n<p>Zejm\u00e9na v hlavn\u00ed sez\u00f3n\u011b je vhodn\u00e9 si <strong>v\u00fdlet lod\u00ed z El Gouny<\/strong> rezervovat p\u0159edem, abyste si zajistili sv\u00e9 m\u00edsto.<\/p>\n<h3><span style=\"color: #ff6600;\">Cena \u0161norchlovac\u00edho v\u00fdletu lod\u00ed z El Gouny<\/span><\/h3>\n<ul>\n<li>Cena pro dosp\u011bl\u00e9 = 35 \u20ac<\/li>\n<li>Kojenci 0-5 let = zdarma<\/li>\n<li>D\u011bti 5-11 let = 50% ceny pro dosp\u011bl\u00e9<\/li>\n<\/ul>\n<h3><span style=\"color: #ff6600;\">Rezervace<\/span><\/h3>\n<p>Sv\u016fj z\u00e1jezd si m\u016f\u017eete zarezervovat p\u0159es WhatsApp nebo n\u00e1m poslat e-mail a potvrzen\u00ed obdr\u017e\u00edte na m\u00edst\u011b.<\/p>\n<p>Pros\u00edme, za\u0161lete n\u00e1m n\u00e1zev va\u0161eho hotelu, \u010d\u00edslo pokoje, kopie pas\u016f.<\/p>\n<p>WhatsApp: +201000852186<\/p>\n<p>info@ehytourpackages.com<\/p>\n<h3><span style=\"color: #ff6600;\">Rezervujte nyn\u00ed &amp; zapla\u0165te na m\u00edst\u011b<\/span><\/h3>\n<p>Zarezervujte si sv\u016fj obl\u00edben\u00fd z\u00e1jezd a zapla\u0165te v den v\u00fdletu.<\/p>\n<h3><span style=\"color: #ff6600;\">Platba<\/span><\/h3>\n<p>M\u016f\u017eete platit egyptsk\u00fdmi librami, $, \u20ac nebo \u00a3.<\/p>\n<h3><span style=\"color: #ff6600;\">Storno podm\u00ednky<\/span><\/h3>\n<ul>\n<li>Zru\u0161en\u00ed zdarma a\u017e 24 hodin p\u0159edem<\/li>\n<li>Rann\u00ed zru\u0161en\u00ed (ve stejn\u00fd den) = 50% ceny<\/li>\n<\/ul>\n","protected":false},"excerpt":{"rendered":"<p>Objevte Rud\u00e9 mo\u0159e! N\u00e1\u0161 Nejlep\u0161\u00ed El Gouna \u0161norchlovac\u00ed v\u00fdlet lod\u00ed v\u00e1s zavede k \u00fa\u017easn\u00fdm kor\u00e1l\u016fm. Rezervujte si \u0161norchlov\u00e1n\u00ed v El Goun\u011b hned!<\/p>\n","protected":false},"featured_media":2947,"comment_status":"open","ping_status":"closed","template":"","meta":[],"product_brand":[],"product_cat":[1466],"product_tag":[1470,1988,2798,2371],"class_list":{"0":"post-5077","1":"product","2":"type-product","3":"status-publish","4":"has-post-thumbnail","6":"product_cat-vylety","7":"product_tag-jednodenni-vylety-po-egypte","8":"product_tag-lodni-vylet-na-snorchlovani","9":"product_tag-nejlepsi-aktivity-v-el-goune","10":"product_tag-vylety-z-el-gouny","11":"tour_category-jednodenni-vylety-po-egypte-cs","12":"tour_category-snorchlovaci-vylety-v-hurghade","13":"tour_category-vylety-do-el-gouny","15":"first","16":"instock","17":"sale","18":"shipping-taxable","19":"purchasable","20":"product-type-tour","21":"has-default-attributes"},"yoast_head":"<!-- This site is optimized with the Yoast SEO Premium plugin v27.4 (Yoast SEO v27.4) - https:\/\/yoast.com\/product\/yoast-seo-premium-wordpress\/ -->\n<title>Nejlep\u0161\u00ed El Gouna \u0161norchlovac\u00ed v\u00fdlet lod\u00ed<\/title>\n<meta name=\"description\" content=\"Objevte Rud\u00e9 mo\u0159e! N\u00e1\u0161 Nejlep\u0161\u00ed El Gouna \u0161norchlovac\u00ed v\u00fdlet lod\u00ed v\u00e1s zavede k \u00fa\u017easn\u00fdm kor\u00e1l\u016fm. Rezervujte si \u0161norchlov\u00e1n\u00ed v El Goun\u011b hned!\" \/>\n<meta name=\"robots\" content=\"index, follow, max-snippet:-1, max-image-preview:large, max-video-preview:-1\" \/>\n<link rel=\"canonical\" href=\"https:\/\/egytourpackages.com\/cs\/prohlidky\/nejlepsi-el-gouna-snorchlovaci-vylet-lodi\/\" \/>\n<meta property=\"og:locale\" content=\"cs_CZ\" \/>\n<meta property=\"og:type\" content=\"article\" \/>\n<meta property=\"og:title\" content=\"Nejlep\u0161\u00ed El Gouna \u0161norchlovac\u00ed v\u00fdlet lod\u00ed\" \/>\n<meta property=\"og:description\" content=\"Objevte Rud\u00e9 mo\u0159e! N\u00e1\u0161 Nejlep\u0161\u00ed El Gouna \u0161norchlovac\u00ed v\u00fdlet lod\u00ed v\u00e1s zavede k \u00fa\u017easn\u00fdm kor\u00e1l\u016fm. Rezervujte si \u0161norchlov\u00e1n\u00ed v El Goun\u011b hned!\" \/>\n<meta property=\"og:url\" content=\"https:\/\/egytourpackages.com\/cs\/prohlidky\/nejlepsi-el-gouna-snorchlovaci-vylet-lodi\/\" \/>\n<meta property=\"og:site_name\" content=\"Z\u00e1jezdy po Egypt\u011b\" \/>\n<meta property=\"article:publisher\" content=\"https:\/\/www.facebook.com\/egytourpackages\" \/>\n<meta property=\"article:modified_time\" content=\"2026-01-28T20:33:38+00:00\" \/>\n<meta property=\"og:image\" content=\"https:\/\/egytourpackages.com\/wp-content\/uploads\/2023\/08\/El-Gouna-Best-Snorkeling-Trip-1024x682.jpg\" \/>\n<meta name=\"twitter:card\" content=\"summary_large_image\" \/>\n<meta name=\"twitter:title\" content=\"Nejlep\u0161\u00ed El Gouna \u0161norchlovac\u00ed v\u00fdlet lod\u00ed\" \/>\n<meta name=\"twitter:description\" content=\"Objevte Rud\u00e9 mo\u0159e! N\u00e1\u0161 Nejlep\u0161\u00ed El Gouna \u0161norchlovac\u00ed v\u00fdlet lod\u00ed v\u00e1s zavede k \u00fa\u017easn\u00fdm kor\u00e1l\u016fm. Rezervujte si \u0161norchlov\u00e1n\u00ed v El Goun\u011b hned!\" \/>\n<meta name=\"twitter:image\" content=\"https:\/\/egytourpackages.com\/wp-content\/uploads\/2023\/08\/El-Gouna-Best-Snorkeling-Trip-1024x682.jpg\" \/>\n<meta name=\"twitter:label1\" content=\"Cena\" \/>\n\t<meta name=\"twitter:data1\" content=\"&euro;35\" \/>\n\t<meta name=\"twitter:label2\" content=\"Dostupnost\" \/>\n\t<meta name=\"twitter:data2\" content=\"Skladem\" \/>\n<script type=\"application\/ld+json\" class=\"yoast-schema-graph\">{\"@context\":\"https:\\\/\\\/schema.org\",\"@graph\":[{\"@type\":\"WebPage\",\"@id\":\"https:\\\/\\\/egytourpackages.com\\\/cs\\\/prohlidky\\\/nejlepsi-el-gouna-snorchlovaci-vylet-lodi\\\/\",\"url\":\"https:\\\/\\\/egytourpackages.com\\\/cs\\\/prohlidky\\\/nejlepsi-el-gouna-snorchlovaci-vylet-lodi\\\/\",\"name\":\"Nejlep\u0161\u00ed El Gouna \u0161norchlovac\u00ed v\u00fdlet lod\u00ed\",\"isPartOf\":{\"@id\":\"https:\\\/\\\/egytourpackages.com\\\/cs\\\/#website\"},\"primaryImageOfPage\":{\"@id\":\"https:\\\/\\\/egytourpackages.com\\\/cs\\\/prohlidky\\\/nejlepsi-el-gouna-snorchlovaci-vylet-lodi\\\/#primaryimage\"},\"image\":{\"@id\":\"https:\\\/\\\/egytourpackages.com\\\/cs\\\/prohlidky\\\/nejlepsi-el-gouna-snorchlovaci-vylet-lodi\\\/#primaryimage\"},\"thumbnailUrl\":\"https:\\\/\\\/egytourpackages.com\\\/wp-content\\\/uploads\\\/2023\\\/08\\\/El-Gouna-Best-Snorkeling-Trip.jpg\",\"datePublished\":\"2023-08-22T12:03:48+00:00\",\"dateModified\":\"2026-01-28T20:33:38+00:00\",\"description\":\"Objevte Rud\u00e9 mo\u0159e! N\u00e1\u0161 Nejlep\u0161\u00ed El Gouna \u0161norchlovac\u00ed v\u00fdlet lod\u00ed v\u00e1s zavede k \u00fa\u017easn\u00fdm kor\u00e1l\u016fm. Rezervujte si \u0161norchlov\u00e1n\u00ed v El Goun\u011b hned!\",\"breadcrumb\":{\"@id\":\"https:\\\/\\\/egytourpackages.com\\\/cs\\\/prohlidky\\\/nejlepsi-el-gouna-snorchlovaci-vylet-lodi\\\/#breadcrumb\"},\"inLanguage\":\"cs\",\"potentialAction\":[{\"@type\":\"ReadAction\",\"target\":[\"https:\\\/\\\/egytourpackages.com\\\/cs\\\/prohlidky\\\/nejlepsi-el-gouna-snorchlovaci-vylet-lodi\\\/\"]}]},{\"@type\":\"ImageObject\",\"inLanguage\":\"cs\",\"@id\":\"https:\\\/\\\/egytourpackages.com\\\/cs\\\/prohlidky\\\/nejlepsi-el-gouna-snorchlovaci-vylet-lodi\\\/#primaryimage\",\"url\":\"https:\\\/\\\/egytourpackages.com\\\/wp-content\\\/uploads\\\/2023\\\/08\\\/El-Gouna-Best-Snorkeling-Trip.jpg\",\"contentUrl\":\"https:\\\/\\\/egytourpackages.com\\\/wp-content\\\/uploads\\\/2023\\\/08\\\/El-Gouna-Best-Snorkeling-Trip.jpg\",\"width\":2000,\"height\":1333,\"caption\":\"Nejlep\u0161\u00ed El Gouna \u0161norchlovac\u00ed v\u00fdlet lod\u00ed\"},{\"@type\":\"BreadcrumbList\",\"@id\":\"https:\\\/\\\/egytourpackages.com\\\/cs\\\/prohlidky\\\/nejlepsi-el-gouna-snorchlovaci-vylet-lodi\\\/#breadcrumb\",\"itemListElement\":[{\"@type\":\"ListItem\",\"position\":1,\"name\":\"Dom\u016f\",\"item\":\"https:\\\/\\\/egytourpackages.com\\\/cs\\\/balicky-vyletu-po-egypte\\\/\"},{\"@type\":\"ListItem\",\"position\":2,\"name\":\"Shop\",\"item\":\"https:\\\/\\\/egytourpackages.com\\\/cs\\\/shop\\\/\"},{\"@type\":\"ListItem\",\"position\":3,\"name\":\"Nejlep\u0161\u00ed El Gouna \u0161norchlovac\u00ed v\u00fdlet lod\u00ed\"}]},{\"@type\":\"WebSite\",\"@id\":\"https:\\\/\\\/egytourpackages.com\\\/cs\\\/#website\",\"url\":\"https:\\\/\\\/egytourpackages.com\\\/cs\\\/\",\"name\":\"Egy tour packages\",\"description\":\"\",\"publisher\":{\"@id\":\"https:\\\/\\\/egytourpackages.com\\\/cs\\\/#organization\"},\"potentialAction\":[{\"@type\":\"SearchAction\",\"target\":{\"@type\":\"EntryPoint\",\"urlTemplate\":\"https:\\\/\\\/egytourpackages.com\\\/cs\\\/?s={search_term_string}\"},\"query-input\":{\"@type\":\"PropertyValueSpecification\",\"valueRequired\":true,\"valueName\":\"search_term_string\"}}],\"inLanguage\":\"cs\"},{\"@type\":[\"Organization\",\"Place\",\"TravelAgency\"],\"@id\":\"https:\\\/\\\/egytourpackages.com\\\/cs\\\/#organization\",\"name\":\"egypt tour packages\",\"alternateName\":\"egypt tour packages\",\"url\":\"https:\\\/\\\/egytourpackages.com\\\/cs\\\/\",\"logo\":{\"@id\":\"https:\\\/\\\/egytourpackages.com\\\/cs\\\/prohlidky\\\/nejlepsi-el-gouna-snorchlovaci-vylet-lodi\\\/#local-main-organization-logo\"},\"image\":{\"@id\":\"https:\\\/\\\/egytourpackages.com\\\/cs\\\/prohlidky\\\/nejlepsi-el-gouna-snorchlovaci-vylet-lodi\\\/#local-main-organization-logo\"},\"sameAs\":[\"https:\\\/\\\/www.facebook.com\\\/egytourpackages\"],\"legalName\":\"Egy tour packages\",\"address\":{\"@id\":\"https:\\\/\\\/egytourpackages.com\\\/cs\\\/prohlidky\\\/nejlepsi-el-gouna-snorchlovaci-vylet-lodi\\\/#local-main-place-address\"},\"telephone\":[\"00201000852186\",\"00201028685533\"],\"contactPoint\":{\"@type\":\"ContactPoint\",\"telephone\":\"00201000852186\"},\"openingHoursSpecification\":[{\"@type\":\"OpeningHoursSpecification\",\"dayOfWeek\":[\"Monday\",\"Tuesday\",\"Wednesday\",\"Thursday\",\"Friday\",\"Saturday\",\"Sunday\"],\"opens\":\"00:00\",\"closes\":\"23:59\"}],\"email\":\"info@egytourpackages.com\",\"areaServed\":\"Cairo, Hurghada, Luxor, Sharm El Sheikh, Marsa Alam, Aswan\",\"priceRange\":\"$\",\"currenciesAccepted\":\"euro\",\"paymentAccepted\":\"Payment links online\"},{\"@type\":\"PostalAddress\",\"@id\":\"https:\\\/\\\/egytourpackages.com\\\/cs\\\/prohlidky\\\/nejlepsi-el-gouna-snorchlovaci-vylet-lodi\\\/#local-main-place-address\",\"streetAddress\":\"Mubarak 8, Al Kawthar District, Hurghada\",\"addressLocality\":\"Hurghada\",\"postalCode\":\"84511\",\"addressRegion\":\"Red Sea\",\"addressCountry\":\"EG\"},{\"@type\":\"ImageObject\",\"inLanguage\":\"cs\",\"@id\":\"https:\\\/\\\/egytourpackages.com\\\/cs\\\/prohlidky\\\/nejlepsi-el-gouna-snorchlovaci-vylet-lodi\\\/#local-main-organization-logo\",\"url\":\"https:\\\/\\\/egytourpackages.com\\\/wp-content\\\/uploads\\\/2025\\\/12\\\/Turquoise-Dahabiya-Nile-Cruise-1.jpeg\",\"contentUrl\":\"https:\\\/\\\/egytourpackages.com\\\/wp-content\\\/uploads\\\/2025\\\/12\\\/Turquoise-Dahabiya-Nile-Cruise-1.jpeg\",\"width\":1040,\"height\":694,\"caption\":\"egypt tour packages\"}]}<\/script>\n<meta property=\"product:brand\" content=\"Jednodenn\u00ed v\u00fdlety po Egypt\u011b\" \/>\n<meta property=\"product:price:amount\" content=\"35\" \/>\n<meta property=\"product:price:currency\" content=\"EUR\" \/>\n<meta property=\"og:availability\" content=\"instock\" \/>\n<meta property=\"product:availability\" content=\"instock\" \/>\n<meta property=\"product:retailer_item_id\" content=\"GDT06\" \/>\n<meta property=\"product:condition\" content=\"new\" \/>\n<meta name=\"geo.placename\" content=\"Hurghada\" \/>\n<meta name=\"geo.region\" content=\"Egypt\" \/>\n<!-- \/ Yoast SEO Premium plugin. -->","yoast_head_json":{"title":"Nejlep\u0161\u00ed El Gouna \u0161norchlovac\u00ed v\u00fdlet lod\u00ed","description":"Objevte Rud\u00e9 mo\u0159e! N\u00e1\u0161 Nejlep\u0161\u00ed El Gouna \u0161norchlovac\u00ed v\u00fdlet lod\u00ed v\u00e1s zavede k \u00fa\u017easn\u00fdm kor\u00e1l\u016fm. Rezervujte si \u0161norchlov\u00e1n\u00ed v El Goun\u011b hned!","robots":{"index":"index","follow":"follow","max-snippet":"max-snippet:-1","max-image-preview":"max-image-preview:large","max-video-preview":"max-video-preview:-1"},"canonical":"https:\/\/egytourpackages.com\/cs\/prohlidky\/nejlepsi-el-gouna-snorchlovaci-vylet-lodi\/","og_locale":"cs_CZ","og_type":"article","og_title":"Nejlep\u0161\u00ed El Gouna \u0161norchlovac\u00ed v\u00fdlet lod\u00ed","og_description":"Objevte Rud\u00e9 mo\u0159e! N\u00e1\u0161 Nejlep\u0161\u00ed El Gouna \u0161norchlovac\u00ed v\u00fdlet lod\u00ed v\u00e1s zavede k \u00fa\u017easn\u00fdm kor\u00e1l\u016fm. Rezervujte si \u0161norchlov\u00e1n\u00ed v El Goun\u011b hned!","og_url":"https:\/\/egytourpackages.com\/cs\/prohlidky\/nejlepsi-el-gouna-snorchlovaci-vylet-lodi\/","og_site_name":"Z\u00e1jezdy po Egypt\u011b","article_publisher":"https:\/\/www.facebook.com\/egytourpackages","article_modified_time":"2026-01-28T20:33:38+00:00","og_image":[{"url":"https:\/\/egytourpackages.com\/wp-content\/uploads\/2023\/08\/El-Gouna-Best-Snorkeling-Trip-1024x682.jpg","type":"","width":"","height":""}],"twitter_card":"summary_large_image","twitter_title":"Nejlep\u0161\u00ed El Gouna \u0161norchlovac\u00ed v\u00fdlet lod\u00ed","twitter_description":"Objevte Rud\u00e9 mo\u0159e! N\u00e1\u0161 Nejlep\u0161\u00ed El Gouna \u0161norchlovac\u00ed v\u00fdlet lod\u00ed v\u00e1s zavede k \u00fa\u017easn\u00fdm kor\u00e1l\u016fm. Rezervujte si \u0161norchlov\u00e1n\u00ed v El Goun\u011b hned!","twitter_image":"https:\/\/egytourpackages.com\/wp-content\/uploads\/2023\/08\/El-Gouna-Best-Snorkeling-Trip-1024x682.jpg","twitter_misc":{"Cena":"&euro;35","Dostupnost":"Skladem"},"schema":{"@context":"https:\/\/schema.org","@graph":[{"@type":"WebPage","@id":"https:\/\/egytourpackages.com\/cs\/prohlidky\/nejlepsi-el-gouna-snorchlovaci-vylet-lodi\/","url":"https:\/\/egytourpackages.com\/cs\/prohlidky\/nejlepsi-el-gouna-snorchlovaci-vylet-lodi\/","name":"Nejlep\u0161\u00ed El Gouna \u0161norchlovac\u00ed v\u00fdlet lod\u00ed","isPartOf":{"@id":"https:\/\/egytourpackages.com\/cs\/#website"},"primaryImageOfPage":{"@id":"https:\/\/egytourpackages.com\/cs\/prohlidky\/nejlepsi-el-gouna-snorchlovaci-vylet-lodi\/#primaryimage"},"image":{"@id":"https:\/\/egytourpackages.com\/cs\/prohlidky\/nejlepsi-el-gouna-snorchlovaci-vylet-lodi\/#primaryimage"},"thumbnailUrl":"https:\/\/egytourpackages.com\/wp-content\/uploads\/2023\/08\/El-Gouna-Best-Snorkeling-Trip.jpg","datePublished":"2023-08-22T12:03:48+00:00","dateModified":"2026-01-28T20:33:38+00:00","description":"Objevte Rud\u00e9 mo\u0159e! N\u00e1\u0161 Nejlep\u0161\u00ed El Gouna \u0161norchlovac\u00ed v\u00fdlet lod\u00ed v\u00e1s zavede k \u00fa\u017easn\u00fdm kor\u00e1l\u016fm. Rezervujte si \u0161norchlov\u00e1n\u00ed v El Goun\u011b hned!","breadcrumb":{"@id":"https:\/\/egytourpackages.com\/cs\/prohlidky\/nejlepsi-el-gouna-snorchlovaci-vylet-lodi\/#breadcrumb"},"inLanguage":"cs","potentialAction":[{"@type":"ReadAction","target":["https:\/\/egytourpackages.com\/cs\/prohlidky\/nejlepsi-el-gouna-snorchlovaci-vylet-lodi\/"]}]},{"@type":"ImageObject","inLanguage":"cs","@id":"https:\/\/egytourpackages.com\/cs\/prohlidky\/nejlepsi-el-gouna-snorchlovaci-vylet-lodi\/#primaryimage","url":"https:\/\/egytourpackages.com\/wp-content\/uploads\/2023\/08\/El-Gouna-Best-Snorkeling-Trip.jpg","contentUrl":"https:\/\/egytourpackages.com\/wp-content\/uploads\/2023\/08\/El-Gouna-Best-Snorkeling-Trip.jpg","width":2000,"height":1333,"caption":"Nejlep\u0161\u00ed El Gouna \u0161norchlovac\u00ed v\u00fdlet lod\u00ed"},{"@type":"BreadcrumbList","@id":"https:\/\/egytourpackages.com\/cs\/prohlidky\/nejlepsi-el-gouna-snorchlovaci-vylet-lodi\/#breadcrumb","itemListElement":[{"@type":"ListItem","position":1,"name":"Dom\u016f","item":"https:\/\/egytourpackages.com\/cs\/balicky-vyletu-po-egypte\/"},{"@type":"ListItem","position":2,"name":"Shop","item":"https:\/\/egytourpackages.com\/cs\/shop\/"},{"@type":"ListItem","position":3,"name":"Nejlep\u0161\u00ed El Gouna \u0161norchlovac\u00ed v\u00fdlet lod\u00ed"}]},{"@type":"WebSite","@id":"https:\/\/egytourpackages.com\/cs\/#website","url":"https:\/\/egytourpackages.com\/cs\/","name":"Egy tour packages","description":"","publisher":{"@id":"https:\/\/egytourpackages.com\/cs\/#organization"},"potentialAction":[{"@type":"SearchAction","target":{"@type":"EntryPoint","urlTemplate":"https:\/\/egytourpackages.com\/cs\/?s={search_term_string}"},"query-input":{"@type":"PropertyValueSpecification","valueRequired":true,"valueName":"search_term_string"}}],"inLanguage":"cs"},{"@type":["Organization","Place","TravelAgency"],"@id":"https:\/\/egytourpackages.com\/cs\/#organization","name":"egypt tour packages","alternateName":"egypt tour packages","url":"https:\/\/egytourpackages.com\/cs\/","logo":{"@id":"https:\/\/egytourpackages.com\/cs\/prohlidky\/nejlepsi-el-gouna-snorchlovaci-vylet-lodi\/#local-main-organization-logo"},"image":{"@id":"https:\/\/egytourpackages.com\/cs\/prohlidky\/nejlepsi-el-gouna-snorchlovaci-vylet-lodi\/#local-main-organization-logo"},"sameAs":["https:\/\/www.facebook.com\/egytourpackages"],"legalName":"Egy tour packages","address":{"@id":"https:\/\/egytourpackages.com\/cs\/prohlidky\/nejlepsi-el-gouna-snorchlovaci-vylet-lodi\/#local-main-place-address"},"telephone":["00201000852186","00201028685533"],"contactPoint":{"@type":"ContactPoint","telephone":"00201000852186"},"openingHoursSpecification":[{"@type":"OpeningHoursSpecification","dayOfWeek":["Monday","Tuesday","Wednesday","Thursday","Friday","Saturday","Sunday"],"opens":"00:00","closes":"23:59"}],"email":"info@egytourpackages.com","areaServed":"Cairo, Hurghada, Luxor, Sharm El Sheikh, Marsa Alam, Aswan","priceRange":"$","currenciesAccepted":"euro","paymentAccepted":"Payment links online"},{"@type":"PostalAddress","@id":"https:\/\/egytourpackages.com\/cs\/prohlidky\/nejlepsi-el-gouna-snorchlovaci-vylet-lodi\/#local-main-place-address","streetAddress":"Mubarak 8, Al Kawthar District, Hurghada","addressLocality":"Hurghada","postalCode":"84511","addressRegion":"Red Sea","addressCountry":"EG"},{"@type":"ImageObject","inLanguage":"cs","@id":"https:\/\/egytourpackages.com\/cs\/prohlidky\/nejlepsi-el-gouna-snorchlovaci-vylet-lodi\/#local-main-organization-logo","url":"https:\/\/egytourpackages.com\/wp-content\/uploads\/2025\/12\/Turquoise-Dahabiya-Nile-Cruise-1.jpeg","contentUrl":"https:\/\/egytourpackages.com\/wp-content\/uploads\/2025\/12\/Turquoise-Dahabiya-Nile-Cruise-1.jpeg","width":1040,"height":694,"caption":"egypt tour packages"}]},"product_brand":"Jednodenn\u00ed v\u00fdlety po Egypt\u011b","product_price_amount":"35","product_price_currency":"EUR","og_availability":"instock","product_availability":"instock","product_retailer_item_id":"GDT06","product_condition":"new","geo.placename":"Hurghada","geo.region":"Egypt"},"_links":{"self":[{"href":"https:\/\/egytourpackages.com\/cs\/wp-json\/wp\/v2\/product\/5077","targetHints":{"allow":["GET"]}}],"collection":[{"href":"https:\/\/egytourpackages.com\/cs\/wp-json\/wp\/v2\/product"}],"about":[{"href":"https:\/\/egytourpackages.com\/cs\/wp-json\/wp\/v2\/types\/product"}],"replies":[{"embeddable":true,"href":"https:\/\/egytourpackages.com\/cs\/wp-json\/wp\/v2\/comments?post=5077"}],"wp:featuredmedia":[{"embeddable":true,"href":"https:\/\/egytourpackages.com\/cs\/wp-json\/wp\/v2\/media\/2947"}],"wp:attachment":[{"href":"https:\/\/egytourpackages.com\/cs\/wp-json\/wp\/v2\/media?parent=5077"}],"wp:term":[{"taxonomy":"product_brand","embeddable":true,"href":"https:\/\/egytourpackages.com\/cs\/wp-json\/wp\/v2\/product_brand?post=5077"},{"taxonomy":"product_cat","embeddable":true,"href":"https:\/\/egytourpackages.com\/cs\/wp-json\/wp\/v2\/product_cat?post=5077"},{"taxonomy":"product_tag","embeddable":true,"href":"https:\/\/egytourpackages.com\/cs\/wp-json\/wp\/v2\/product_tag?post=5077"}],"curies":[{"name":"wp","href":"https:\/\/api.w.org\/{rel}","templated":true}]}}