{"id":5121,"date":"2023-07-13T16:37:24","date_gmt":"2023-07-13T16:37:24","guid":{"rendered":"https:\/\/egytourpackages.com\/product\/soukromy-denni-vylet-do-kahiry-z-makadi-bay\/"},"modified":"2026-01-28T23:27:36","modified_gmt":"2026-01-28T23:27:36","slug":"soukromy-denni-vylet-do-kahiry-z-makadi-bay","status":"publish","type":"product","link":"https:\/\/egytourpackages.com\/cs\/prohlidky\/soukromy-denni-vylet-do-kahiry-z-makadi-bay\/","title":{"rendered":"Soukrom\u00fd denn\u00ed v\u00fdlet do K\u00e1hiry z Makadi Bay"},"content":{"rendered":"<p><strong><span style=\"color: #ff6600;\">Soukrom\u00fd denn\u00ed v\u00fdlet do K\u00e1hiry z Makadi Bay | Nejlep\u0161\u00ed Pyramidy Tour z Makadi Bay<\/span><\/strong><\/p>\n<p><strong>Soukrom\u00fd denn\u00ed v\u00fdlet do K\u00e1hiry z Makadi Bay<\/strong> je <strong>nejlep\u0161\u00ed zp\u016fsob<\/strong>, jak <strong>prozkoumat G\u00edzsk\u00e9 pyramidy<\/strong> a <strong>Velk\u00e9 egyptsk\u00e9 muzeum<\/strong> v soukrom\u00ed. Va\u0161e dobrodru\u017estv\u00ed za\u010d\u00edn\u00e1 soukrom\u00fdm, <strong>klimatizovan\u00fdm transferem<\/strong> z va\u0161eho hotelu v Makadi Bay, kter\u00fd zaji\u0161\u0165uje pohodlnou <strong>p\u0159ibli\u017en\u011b 5-6hodinovou j\u00edzdu<\/strong> do K\u00e1hiry. Po p\u0159\u00edjezdu v\u00e1s v\u00e1\u0161 <strong>specializovan\u00fd egyptologick\u00fd pr\u016fvodce<\/strong> zavede k n\u00e1dhern\u00e9mu <strong>komplexu pyramid v G\u00edze<\/strong>. Uvid\u00edte ikonickou <strong>Velkou pyramidu v G\u00edze<\/strong>, <strong>Sfingu<\/strong> a <strong>pyramidy Rachefa<\/strong> a <strong>Menkaureho<\/strong>, skute\u010dn\u00e9 <strong>starov\u011bk\u00e9 divy<\/strong>.<\/p>\n<p>D\u00e1le se pono\u0159te do rozs\u00e1hl\u00e9 sb\u00edrky artefakt\u016f ve <strong>Velk\u00e9m egyptsk\u00e9m muzeu (GEM)<\/strong>, kde objev\u00edte <strong>Tutanchamonovy poklady<\/strong> a tis\u00edcilet\u00ed historie. Vychutnejte si <strong>lahodn\u00fd ob\u011bd v m\u00edstn\u00ed restauraci<\/strong> pobl\u00ed\u017e pyramid, ne\u017e se vr\u00e1t\u00edte zp\u011bt do Makadi Bay. Tato <strong>soukrom\u00e1 prohl\u00eddka<\/strong> zaru\u010duje v\u00fdjime\u010dn\u00fd a obohacuj\u00edc\u00ed z\u00e1\u017eitek, kter\u00fd zd\u016fraz\u0148uje nejv\u00fdznamn\u011bj\u0161\u00ed <strong>historick\u00e9 pam\u00e1tky K\u00e1hiry<\/strong>.<\/p>\n<h3><span style=\"color: #ff6600;\">Detaily z\u00e1jezdu<\/span><\/h3>\n<ul>\n<li>D\u00e9lka trv\u00e1n\u00ed: 18 hodin<\/li>\n<li>M\u00edsto z\u00e1jezdu: G\u00edza a K\u00e1hira<\/li>\n<li>Dostupnost z\u00e1jezdu: Ka\u017ed\u00fd den<\/li>\n<li>Vyzvednut\u00ed a odvoz: Hotel v Makadi Bay<\/li>\n<li>Typ z\u00e1jezdu: Soukrom\u00fd<\/li>\n<li>Vhodn\u00e9 pro: P\u00e1ry, rodiny, seniory<\/li>\n<li>Bezbari\u00e9rov\u00fd p\u0159\u00edstup: Ano<\/li>\n<\/ul>\n<h3><span style=\"color: #ff6600;\">Hlavn\u00ed body z\u00e1jezdu<\/span><\/h3>\n<ul>\n<li>G\u00edzsk\u00e9 pyramidy<\/li>\n<li>Velk\u00e1 Sfinga<\/li>\n<li>\u00dadoln\u00ed chr\u00e1m<\/li>\n<li>Hrobky stavitel\u016f pyramid<\/li>\n<li>Velk\u00e9 egyptsk\u00e9 muzeum (GEM)<\/li>\n<\/ul>\n<h3><span style=\"color: #ff6600;\">Zahrnut\u00e9 slu\u017eby<\/span><\/h3>\n<ul>\n<li>Zp\u00e1te\u010dn\u00ed transfer klimatizovan\u00fdm vozidlem<\/li>\n<li>Vstupn\u00ed poplatky za v\u0161echny pam\u00e1tky v programu K\u00e1hira<\/li>\n<li>Egyptologick\u00fd pr\u016fvodce<\/li>\n<li>Ob\u011bd<\/li>\n<\/ul>\n<h3><span style=\"color: #ff6600;\">Nezahrnut\u00e9 slu\u017eby<\/span><\/h3>\n<ul>\n<li>N\u00e1poje b\u011bhem ob\u011bda<\/li>\n<li>Vstupn\u00ed poplatek do pyramidy Cheopse a pyramidy Rachefa (dovnit\u0159)<\/li>\n<li>Spropitn\u00e9<\/li>\n<\/ul>\n<h3><span style=\"color: #ff6600;\">Co si vz\u00edt s sebou<\/span><\/h3>\n<ul>\n<li>Pohodln\u00e9 boty a oble\u010den\u00ed, zejm\u00e9na v l\u00e9t\u011b<\/li>\n<li>Tepl\u00e9 oble\u010den\u00ed v zim\u011b<\/li>\n<li>Slune\u010dn\u00ed br\u00fdle, klobouk nebo \u0161\u00e1tek<\/li>\n<li>Opalovac\u00ed kr\u00e9m v l\u00e9t\u011b<\/li>\n<\/ul>\n<h2><span style=\"color: #ff6600;\">Itiner\u00e1\u0159<\/span><\/h2>\n<p>Objevte exkluzivn\u00ed soukromou cestu z Makadi Bay do K\u00e1hiry, navr\u017eenou pro cestovatele, kte\u0159\u00ed hledaj\u00ed podrobn\u00e9 prozkoum\u00e1n\u00ed <strong>ikonick\u00fdch pam\u00e1tek<\/strong> starov\u011bk\u00e9ho Egypta.<\/p>\n<h3><span style=\"color: #ff6600;\">GEM (Velk\u00e9 egyptsk\u00e9 muzeum)<\/span><\/h3>\n<p>Za\u017eijte skute\u010dn\u011b <strong>jedine\u010dnou n\u00e1v\u0161t\u011bvu<\/strong> <strong>Velk\u00e9ho egyptsk\u00e9ho muzea (GEM)<\/strong>, <strong>nejv\u011bt\u0161\u00edho archeologick\u00e9ho muzea na sv\u011bt\u011b<\/strong> v\u011bnovan\u00e9ho jedn\u00e9 civilizaci. Nach\u00e1z\u00ed se pouh\u00e9 <strong>2 kilometry od pyramid v G\u00edze<\/strong>. GEM se py\u0161n\u00ed v\u00edce ne\u017e <strong>100 000 artefakty<\/strong>, kter\u00e9 pokr\u00fdvaj\u00ed bohatou historii Egypta, od <strong>prav\u011bku<\/strong> po <strong>\u0159ecko-\u0159\u00edmsk\u00e9 obdob\u00ed<\/strong>. Projd\u011bte se rozs\u00e1hl\u00fdmi v\u00fdstavn\u00edmi s\u00e1ly, vystoupejte po impozantn\u00edm <strong>Velk\u00e9m schodi\u0161ti<\/strong> zdoben\u00e9m monument\u00e1ln\u00edmi sochami.<\/p>\n<p>GEM slibuje, \u017ee bude \u017eiv\u00fdm kulturn\u00edm centrem a skute\u010dnou br\u00e1nou do <strong>starov\u011bk\u00e9ho Egypta<\/strong> s \u00fachvatn\u00fdm <strong>panoramatick\u00fdm v\u00fdhledem na pyramidy<\/strong>. P\u0159ipravte se tak\u00e9 na to, \u017ee v\u00e1s uchv\u00e1t\u00ed <strong>kompletn\u00ed sb\u00edrka Tutanchamona<\/strong>, s mnoha z jej\u00edch <strong>5 000 neoceniteln\u00fdch artefakt\u016f<\/strong> vystaven\u00fdch poprv\u00e9 pohromad\u011b. Od ikonick\u00e9 <strong>zlat\u00e9 masky<\/strong> po vozy a osobn\u00ed v\u011bci chlapeck\u00e9ho kr\u00e1le. Spole\u010dn\u011b s fascinuj\u00edc\u00edm <strong>Muzeem slune\u010dn\u00ed lodi<\/strong>, kter\u00e9 ukr\u00fdv\u00e1 4 600 let star\u00e9 plavidlo kr\u00e1le Chufua (za poplatek).<\/p>\n<h3><span style=\"color: #ff6600;\">Ob\u011bd<\/span><\/h3>\n<p>Ob\u011bd si d\u00e1te v <strong>m\u00edstn\u00ed restauraci pobl\u00ed\u017e pyramid<\/strong>.<\/p>\n<h3><span style=\"color: #ff6600;\">Komplex pyramid v G\u00edze<\/span><\/h3>\n<p>Va\u0161e pozn\u00e1v\u00e1n\u00ed za\u010d\u00edn\u00e1 \u00fachvatnou <strong>Cheopsovou pyramidou<\/strong>, zn\u00e1mou tak\u00e9 jako Velk\u00e1 pyramida v G\u00edze. Jako nejv\u011bt\u0161\u00ed a nejstar\u0161\u00ed ze t\u0159\u00ed je jedin\u00fdm dochovan\u00fdm divem starov\u011bk\u00e9ho sv\u011bta. Budete \u017easnout nad jej\u00ed obrovskou velikost\u00ed a p\u0159em\u00fd\u0161let o z\u00e1had\u00e1ch jej\u00ed stavby.<\/p>\n<p>Jen na jihoz\u00e1pad\u011b stoj\u00ed <strong>pyramida Rachefa<\/strong>, kter\u00e1 se zd\u00e1 t\u00e9m\u011b\u0159 stejn\u011b vysok\u00e1 jako Cheopsova d\u00edky sv\u00e9mu vyv\u00fd\u0161en\u00e9mu z\u00e1kladu a zbytk\u016fm p\u016fvodn\u00edho v\u00e1pencov\u00e9ho oblo\u017een\u00ed na vrcholu. Jej\u00ed okoln\u00ed komplex, v\u010detn\u011b dob\u0159e zachovan\u00e9ho \u00dadoln\u00edho chr\u00e1mu, nab\u00edz\u00ed jedine\u010dn\u00e9 pohledy na kr\u00e1lovsk\u00e9 poh\u0159ebn\u00ed ritu\u00e1ly.<\/p>\n<p>D\u00e1le na plo\u0161in\u011b le\u017e\u00ed <strong>pyramida Menkaureho<\/strong>, nejmen\u0161\u00ed ze t\u0159\u00ed, vyzna\u010duj\u00edc\u00ed se p\u016fvodn\u00edmi \u017eulov\u00fdmi obkladov\u00fdmi kameny u z\u00e1kladny.<\/p>\n<p>Vedle hlavn\u00edch pyramid objev\u00edte <strong>kr\u00e1lovsk\u00e9 pyramidy<\/strong>, men\u0161\u00ed satelitn\u00ed stavby, o nich\u017e se v\u011b\u0159\u00ed, \u017ee jsou poh\u0159ebi\u0161ti man\u017eelek faraon\u016f a vysoce postaven\u00fdch \u017eensk\u00fdch \u010dlen\u016f kr\u00e1lovsk\u00e9 rodiny. Tyto poskytuj\u00ed fascinuj\u00edc\u00ed pohled na \u017eivoty a role kr\u00e1lovsk\u00fdch \u017een ve starov\u011bk\u00e9m Egypt\u011b.<\/p>\n<p>Pro hlub\u0161\u00ed lidsk\u00fd pohled je nezbytn\u00e1 n\u00e1v\u0161t\u011bva <strong>hrobek stavitel\u016f pyramid<\/strong>. Tyto skromn\u00e9 hlin\u011bn\u00e9 a kamenn\u00e9 hrobky, objeven\u00e9 v d\u011blnick\u00e9 vesnici, odhaluj\u00ed ka\u017edodenn\u00ed \u017eivot, l\u00e9ka\u0159skou p\u00e9\u010di a soci\u00e1ln\u00ed organizaci kvalifikovan\u00fdch \u0159emesln\u00edk\u016f a d\u011bln\u00edk\u016f, kte\u0159\u00ed tyto monument\u00e1ln\u00ed stavby postavili.<\/p>\n<p>Kone\u010dn\u011b, str\u00e1\u017e\u00edc\u00ed cel\u00fd komplex je majest\u00e1tn\u00ed <strong>Velk\u00e1 Sfinga<\/strong>, kolos\u00e1ln\u00ed v\u00e1pencov\u00e1 socha s t\u011blem lva a hlavou \u010dlov\u011bka, o n\u00ed\u017e se v\u011b\u0159\u00ed, \u017ee p\u0159edstavuje <strong>faraona Rachefa<\/strong>.<\/p>\n<p>Na konci va\u0161eho dne v\u00e1s \u0159idi\u010d odveze zp\u011bt do va\u0161eho hotelu v Makadi Bay. <strong>J\u00eddla:<\/strong> Sn\u00eddan\u011b, ob\u011bd<\/p>\n<h3><span style=\"color: #ff6600;\">Cena Soukrom\u00fd denn\u00ed v\u00fdlet do K\u00e1hiry z Makadi Bay<\/span><\/h3>\n<ul>\n<li>Cena pro dosp\u011bl\u00e9 = 150 \u20ac<\/li>\n<li>D\u011bti 0-5 let = zdarma<\/li>\n<li>D\u011bti 5-11 let = 50 % z ceny pro dosp\u011bl\u00e9<\/li>\n<\/ul>\n<h3><span style=\"color: #ff6600;\">Rezervace<\/span><\/h3>\n<p>Svou prohl\u00eddku v\u00fdlety z Makadi Bay si m\u016f\u017eete rezervovat p\u0159es WhatsApp nebo n\u00e1m poslat e-mail a potvrzen\u00ed obdr\u017e\u00edte na m\u00edst\u011b. Pros\u00edm, za\u0161lete n\u00e1m n\u00e1zev hotelu, \u010d\u00edslo pokoje, kopie pas\u016f.<\/p>\n<p>WhatsApp: +201000852186<\/p>\n<p>info@egytourpackages.com<\/p>\n<h3><span style=\"color: #ff6600;\">Rezervujte nyn\u00ed a zapla\u0165te na m\u00edst\u011b<\/span><\/h3>\n<p>Zarezervujte si svou obl\u00edbenou prohl\u00eddku a zapla\u0165te v den v\u00fdletu.<\/p>\n<h3><span style=\"color: #ff6600;\">Platba<\/span><\/h3>\n<p>M\u016f\u017eete platit egyptsk\u00fdmi librami, $, \u20ac nebo \u00a3.<\/p>\n<h3><span style=\"color: #ff6600;\">Storno podm\u00ednky<\/span><\/h3>\n<ul>\n<li>Zru\u0161en\u00ed zdarma a\u017e 24 hodin p\u0159edem<\/li>\n<li>Rann\u00ed zru\u0161en\u00ed je 50 % z ceny<\/li>\n<\/ul>\n","protected":false},"excerpt":{"rendered":"<p>Soukrom\u00fd denn\u00ed v\u00fdlet do K\u00e1hiry z Makadi Bay<br \/>\nProzkoumejte G\u00edzsk\u00e9 pyramidy a Egyptsk\u00e9 muzeum soukrom\u011b z Makadi Bay. V\u010detn\u011b transferu, pr\u016fvodce a ob\u011bda.<\/p>\n","protected":false},"featured_media":2869,"comment_status":"open","ping_status":"closed","template":"","meta":[],"product_brand":[],"product_cat":[1466],"product_tag":[2344,1969],"class_list":{"0":"post-5121","1":"product","2":"type-product","3":"status-publish","4":"has-post-thumbnail","6":"product_cat-vylety","7":"product_tag-pyramidy-v-gize","8":"product_tag-vylety-z-makadi-bay","9":"tour_category-jednodenni-vylety-po-egypte-cs","10":"tour_category-vylety-do-kahiry-z-hurghady","11":"tour_category-vylety-do-makadi-bay","13":"first","14":"instock","15":"sale","16":"shipping-taxable","17":"purchasable","18":"product-type-tour","19":"has-default-attributes"},"yoast_head":"<!-- This site is optimized with the Yoast SEO Premium plugin v27.2 (Yoast SEO v27.2) - https:\/\/yoast.com\/product\/yoast-seo-premium-wordpress\/ -->\n<title>Soukrom\u00fd denn\u00ed v\u00fdlet do K\u00e1hiry z Makadi Bay<\/title>\n<meta name=\"description\" content=\"Soukrom\u00fd denn\u00ed v\u00fdlet do K\u00e1hiry z Makadi Bay Prozkoumejte G\u00edzsk\u00e9 pyramidy a Egyptsk\u00e9 muzeum soukrom\u011b z Makadi Bay. V\u010detn\u011b transferu, pr\u016fvodce a ob\u011bda.\" \/>\n<meta name=\"robots\" content=\"index, follow, max-snippet:-1, max-image-preview:large, max-video-preview:-1\" \/>\n<link rel=\"canonical\" href=\"https:\/\/egytourpackages.com\/cs\/prohlidky\/soukromy-denni-vylet-do-kahiry-z-makadi-bay\/\" \/>\n<meta property=\"og:locale\" content=\"cs_CZ\" \/>\n<meta property=\"og:type\" content=\"article\" \/>\n<meta property=\"og:title\" content=\"Soukrom\u00fd denn\u00ed v\u00fdlet do K\u00e1hiry z Makadi Bay\" \/>\n<meta property=\"og:description\" content=\"Soukrom\u00fd denn\u00ed v\u00fdlet do K\u00e1hiry z Makadi Bay Prozkoumejte G\u00edzsk\u00e9 pyramidy a Egyptsk\u00e9 muzeum soukrom\u011b z Makadi Bay. V\u010detn\u011b transferu, pr\u016fvodce a ob\u011bda.\" \/>\n<meta property=\"og:url\" content=\"https:\/\/egytourpackages.com\/cs\/prohlidky\/soukromy-denni-vylet-do-kahiry-z-makadi-bay\/\" \/>\n<meta property=\"og:site_name\" content=\"Z\u00e1jezdy po Egypt\u011b\" \/>\n<meta property=\"article:publisher\" content=\"https:\/\/www.facebook.com\/egytourpackages\" \/>\n<meta property=\"article:modified_time\" content=\"2026-01-28T23:27:36+00:00\" \/>\n<meta property=\"og:image\" content=\"https:\/\/egytourpackages.com\/wp-content\/uploads\/2023\/07\/Cheops-Pyramid.jpg\" \/>\n\t<meta property=\"og:image:width\" content=\"2000\" \/>\n\t<meta property=\"og:image:height\" content=\"1333\" \/>\n\t<meta property=\"og:image:type\" content=\"image\/jpeg\" \/>\n<meta name=\"twitter:card\" content=\"summary_large_image\" \/>\n<meta name=\"twitter:description\" content=\"Soukrom\u00fd denn\u00ed v\u00fdlet do K\u00e1hiry z Makadi Bay Prozkoumejte G\u00edzsk\u00e9 pyramidy a Egyptsk\u00e9 muzeum soukrom\u011b z Makadi Bay. V\u010detn\u011b transferu, pr\u016fvodce a ob\u011bda.\" \/>\n<meta name=\"twitter:label1\" content=\"Cena\" \/>\n\t<meta name=\"twitter:data1\" content=\"&euro;150\" \/>\n\t<meta name=\"twitter:label2\" content=\"Dostupnost\" \/>\n\t<meta name=\"twitter:data2\" content=\"Skladem\" \/>\n<script type=\"application\/ld+json\" class=\"yoast-schema-graph\">{\"@context\":\"https:\/\/schema.org\",\"@graph\":[{\"@type\":\"WebPage\",\"@id\":\"https:\/\/egytourpackages.com\/cs\/prohlidky\/soukromy-denni-vylet-do-kahiry-z-makadi-bay\/\",\"url\":\"https:\/\/egytourpackages.com\/cs\/prohlidky\/soukromy-denni-vylet-do-kahiry-z-makadi-bay\/\",\"name\":\"Soukrom\u00fd denn\u00ed v\u00fdlet do K\u00e1hiry z Makadi Bay\",\"isPartOf\":{\"@id\":\"https:\/\/egytourpackages.com\/cs\/#website\"},\"primaryImageOfPage\":{\"@id\":\"https:\/\/egytourpackages.com\/cs\/prohlidky\/soukromy-denni-vylet-do-kahiry-z-makadi-bay\/#primaryimage\"},\"image\":{\"@id\":\"https:\/\/egytourpackages.com\/cs\/prohlidky\/soukromy-denni-vylet-do-kahiry-z-makadi-bay\/#primaryimage\"},\"thumbnailUrl\":\"https:\/\/egytourpackages.com\/wp-content\/uploads\/2023\/07\/Cheops-Pyramid.jpg\",\"datePublished\":\"2023-07-13T16:37:24+00:00\",\"dateModified\":\"2026-01-28T23:27:36+00:00\",\"description\":\"Soukrom\u00fd denn\u00ed v\u00fdlet do K\u00e1hiry z Makadi Bay Prozkoumejte G\u00edzsk\u00e9 pyramidy a Egyptsk\u00e9 muzeum soukrom\u011b z Makadi Bay. V\u010detn\u011b transferu, pr\u016fvodce a ob\u011bda.\",\"breadcrumb\":{\"@id\":\"https:\/\/egytourpackages.com\/cs\/prohlidky\/soukromy-denni-vylet-do-kahiry-z-makadi-bay\/#breadcrumb\"},\"inLanguage\":\"cs\",\"potentialAction\":[{\"@type\":\"ReadAction\",\"target\":[\"https:\/\/egytourpackages.com\/cs\/prohlidky\/soukromy-denni-vylet-do-kahiry-z-makadi-bay\/\"]}]},{\"@type\":\"ImageObject\",\"inLanguage\":\"cs\",\"@id\":\"https:\/\/egytourpackages.com\/cs\/prohlidky\/soukromy-denni-vylet-do-kahiry-z-makadi-bay\/#primaryimage\",\"url\":\"https:\/\/egytourpackages.com\/wp-content\/uploads\/2023\/07\/Cheops-Pyramid.jpg\",\"contentUrl\":\"https:\/\/egytourpackages.com\/wp-content\/uploads\/2023\/07\/Cheops-Pyramid.jpg\",\"width\":2000,\"height\":1333,\"caption\":\"Cheopsova pyramida\"},{\"@type\":\"BreadcrumbList\",\"@id\":\"https:\/\/egytourpackages.com\/cs\/prohlidky\/soukromy-denni-vylet-do-kahiry-z-makadi-bay\/#breadcrumb\",\"itemListElement\":[{\"@type\":\"ListItem\",\"position\":1,\"name\":\"Dom\u016f\",\"item\":\"https:\/\/egytourpackages.com\/cs\/balicky-vyletu-po-egypte\/\"},{\"@type\":\"ListItem\",\"position\":2,\"name\":\"Shop\",\"item\":\"https:\/\/egytourpackages.com\/cs\/shop\/\"},{\"@type\":\"ListItem\",\"position\":3,\"name\":\"Soukrom\u00fd denn\u00ed v\u00fdlet do K\u00e1hiry z Makadi Bay\"}]},{\"@type\":\"WebSite\",\"@id\":\"https:\/\/egytourpackages.com\/cs\/#website\",\"url\":\"https:\/\/egytourpackages.com\/cs\/\",\"name\":\"Egy tour packages\",\"description\":\"\",\"publisher\":{\"@id\":\"https:\/\/egytourpackages.com\/cs\/#organization\"},\"potentialAction\":[{\"@type\":\"SearchAction\",\"target\":{\"@type\":\"EntryPoint\",\"urlTemplate\":\"https:\/\/egytourpackages.com\/cs\/?s={search_term_string}\"},\"query-input\":{\"@type\":\"PropertyValueSpecification\",\"valueRequired\":true,\"valueName\":\"search_term_string\"}}],\"inLanguage\":\"cs\"},{\"@type\":[\"Organization\",\"Place\",\"TravelAgency\"],\"@id\":\"https:\/\/egytourpackages.com\/cs\/#organization\",\"name\":\"egypt tour packages\",\"alternateName\":\"egypt tour packages\",\"url\":\"https:\/\/egytourpackages.com\/cs\/\",\"logo\":{\"@id\":\"https:\/\/egytourpackages.com\/cs\/prohlidky\/soukromy-denni-vylet-do-kahiry-z-makadi-bay\/#local-main-organization-logo\"},\"image\":{\"@id\":\"https:\/\/egytourpackages.com\/cs\/prohlidky\/soukromy-denni-vylet-do-kahiry-z-makadi-bay\/#local-main-organization-logo\"},\"sameAs\":[\"https:\/\/www.facebook.com\/egytourpackages\"],\"legalName\":\"Egy tour packages\",\"address\":{\"@id\":\"https:\/\/egytourpackages.com\/cs\/prohlidky\/soukromy-denni-vylet-do-kahiry-z-makadi-bay\/#local-main-place-address\"},\"telephone\":[\"00201000852186\",\"00201028685533\"],\"contactPoint\":{\"@type\":\"ContactPoint\",\"telephone\":\"00201000852186\"},\"openingHoursSpecification\":[{\"@type\":\"OpeningHoursSpecification\",\"dayOfWeek\":[\"Monday\",\"Tuesday\",\"Wednesday\",\"Thursday\",\"Friday\",\"Saturday\",\"Sunday\"],\"opens\":\"00:00\",\"closes\":\"23:59\"}],\"email\":\"info@egytourpackages.com\",\"areaServed\":\"Cairo, Hurghada, Luxor, Sharm El Sheikh, Marsa Alam, Aswan\",\"priceRange\":\"$\",\"currenciesAccepted\":\"euro\",\"paymentAccepted\":\"Payment links online\"},{\"@type\":\"PostalAddress\",\"@id\":\"https:\/\/egytourpackages.com\/cs\/prohlidky\/soukromy-denni-vylet-do-kahiry-z-makadi-bay\/#local-main-place-address\",\"streetAddress\":\"Mubarak 8, Al Kawthar District, Hurghada\",\"addressLocality\":\"Hurghada\",\"postalCode\":\"84511\",\"addressRegion\":\"Red Sea\",\"addressCountry\":\"EG\"},{\"@type\":\"ImageObject\",\"inLanguage\":\"cs\",\"@id\":\"https:\/\/egytourpackages.com\/cs\/prohlidky\/soukromy-denni-vylet-do-kahiry-z-makadi-bay\/#local-main-organization-logo\",\"url\":\"https:\/\/egytourpackages.com\/wp-content\/uploads\/2025\/12\/Turquoise-Dahabiya-Nile-Cruise-1.jpeg\",\"contentUrl\":\"https:\/\/egytourpackages.com\/wp-content\/uploads\/2025\/12\/Turquoise-Dahabiya-Nile-Cruise-1.jpeg\",\"width\":1040,\"height\":694,\"caption\":\"egypt tour packages\"}]}<\/script>\n<meta property=\"product:brand\" content=\"Jednodenn\u00ed v\u00fdlety po Egypt\u011b\" \/>\n<meta property=\"product:price:amount\" content=\"150\" \/>\n<meta property=\"product:price:currency\" content=\"EUR\" \/>\n<meta property=\"og:availability\" content=\"instock\" \/>\n<meta property=\"product:availability\" content=\"instock\" \/>\n<meta property=\"product:retailer_item_id\" content=\"MBE06\" \/>\n<meta property=\"product:condition\" content=\"new\" \/>\n<meta name=\"geo.placename\" content=\"Hurghada\" \/>\n<meta name=\"geo.region\" content=\"Egypt\" \/>\n<!-- \/ Yoast SEO Premium plugin. -->","yoast_head_json":{"title":"Soukrom\u00fd denn\u00ed v\u00fdlet do K\u00e1hiry z Makadi Bay","description":"Soukrom\u00fd denn\u00ed v\u00fdlet do K\u00e1hiry z Makadi Bay Prozkoumejte G\u00edzsk\u00e9 pyramidy a Egyptsk\u00e9 muzeum soukrom\u011b z Makadi Bay. V\u010detn\u011b transferu, pr\u016fvodce a ob\u011bda.","robots":{"index":"index","follow":"follow","max-snippet":"max-snippet:-1","max-image-preview":"max-image-preview:large","max-video-preview":"max-video-preview:-1"},"canonical":"https:\/\/egytourpackages.com\/cs\/prohlidky\/soukromy-denni-vylet-do-kahiry-z-makadi-bay\/","og_locale":"cs_CZ","og_type":"article","og_title":"Soukrom\u00fd denn\u00ed v\u00fdlet do K\u00e1hiry z Makadi Bay","og_description":"Soukrom\u00fd denn\u00ed v\u00fdlet do K\u00e1hiry z Makadi Bay Prozkoumejte G\u00edzsk\u00e9 pyramidy a Egyptsk\u00e9 muzeum soukrom\u011b z Makadi Bay. V\u010detn\u011b transferu, pr\u016fvodce a ob\u011bda.","og_url":"https:\/\/egytourpackages.com\/cs\/prohlidky\/soukromy-denni-vylet-do-kahiry-z-makadi-bay\/","og_site_name":"Z\u00e1jezdy po Egypt\u011b","article_publisher":"https:\/\/www.facebook.com\/egytourpackages","article_modified_time":"2026-01-28T23:27:36+00:00","og_image":[{"width":2000,"height":1333,"url":"https:\/\/egytourpackages.com\/wp-content\/uploads\/2023\/07\/Cheops-Pyramid.jpg","type":"image\/jpeg"}],"twitter_card":"summary_large_image","twitter_description":"Soukrom\u00fd denn\u00ed v\u00fdlet do K\u00e1hiry z Makadi Bay Prozkoumejte G\u00edzsk\u00e9 pyramidy a Egyptsk\u00e9 muzeum soukrom\u011b z Makadi Bay. V\u010detn\u011b transferu, pr\u016fvodce a ob\u011bda.","twitter_misc":{"Cena":"&euro;150","Dostupnost":"Skladem"},"schema":{"@context":"https:\/\/schema.org","@graph":[{"@type":"WebPage","@id":"https:\/\/egytourpackages.com\/cs\/prohlidky\/soukromy-denni-vylet-do-kahiry-z-makadi-bay\/","url":"https:\/\/egytourpackages.com\/cs\/prohlidky\/soukromy-denni-vylet-do-kahiry-z-makadi-bay\/","name":"Soukrom\u00fd denn\u00ed v\u00fdlet do K\u00e1hiry z Makadi Bay","isPartOf":{"@id":"https:\/\/egytourpackages.com\/cs\/#website"},"primaryImageOfPage":{"@id":"https:\/\/egytourpackages.com\/cs\/prohlidky\/soukromy-denni-vylet-do-kahiry-z-makadi-bay\/#primaryimage"},"image":{"@id":"https:\/\/egytourpackages.com\/cs\/prohlidky\/soukromy-denni-vylet-do-kahiry-z-makadi-bay\/#primaryimage"},"thumbnailUrl":"https:\/\/egytourpackages.com\/wp-content\/uploads\/2023\/07\/Cheops-Pyramid.jpg","datePublished":"2023-07-13T16:37:24+00:00","dateModified":"2026-01-28T23:27:36+00:00","description":"Soukrom\u00fd denn\u00ed v\u00fdlet do K\u00e1hiry z Makadi Bay Prozkoumejte G\u00edzsk\u00e9 pyramidy a Egyptsk\u00e9 muzeum soukrom\u011b z Makadi Bay. V\u010detn\u011b transferu, pr\u016fvodce a ob\u011bda.","breadcrumb":{"@id":"https:\/\/egytourpackages.com\/cs\/prohlidky\/soukromy-denni-vylet-do-kahiry-z-makadi-bay\/#breadcrumb"},"inLanguage":"cs","potentialAction":[{"@type":"ReadAction","target":["https:\/\/egytourpackages.com\/cs\/prohlidky\/soukromy-denni-vylet-do-kahiry-z-makadi-bay\/"]}]},{"@type":"ImageObject","inLanguage":"cs","@id":"https:\/\/egytourpackages.com\/cs\/prohlidky\/soukromy-denni-vylet-do-kahiry-z-makadi-bay\/#primaryimage","url":"https:\/\/egytourpackages.com\/wp-content\/uploads\/2023\/07\/Cheops-Pyramid.jpg","contentUrl":"https:\/\/egytourpackages.com\/wp-content\/uploads\/2023\/07\/Cheops-Pyramid.jpg","width":2000,"height":1333,"caption":"Cheopsova pyramida"},{"@type":"BreadcrumbList","@id":"https:\/\/egytourpackages.com\/cs\/prohlidky\/soukromy-denni-vylet-do-kahiry-z-makadi-bay\/#breadcrumb","itemListElement":[{"@type":"ListItem","position":1,"name":"Dom\u016f","item":"https:\/\/egytourpackages.com\/cs\/balicky-vyletu-po-egypte\/"},{"@type":"ListItem","position":2,"name":"Shop","item":"https:\/\/egytourpackages.com\/cs\/shop\/"},{"@type":"ListItem","position":3,"name":"Soukrom\u00fd denn\u00ed v\u00fdlet do K\u00e1hiry z Makadi Bay"}]},{"@type":"WebSite","@id":"https:\/\/egytourpackages.com\/cs\/#website","url":"https:\/\/egytourpackages.com\/cs\/","name":"Egy tour packages","description":"","publisher":{"@id":"https:\/\/egytourpackages.com\/cs\/#organization"},"potentialAction":[{"@type":"SearchAction","target":{"@type":"EntryPoint","urlTemplate":"https:\/\/egytourpackages.com\/cs\/?s={search_term_string}"},"query-input":{"@type":"PropertyValueSpecification","valueRequired":true,"valueName":"search_term_string"}}],"inLanguage":"cs"},{"@type":["Organization","Place","TravelAgency"],"@id":"https:\/\/egytourpackages.com\/cs\/#organization","name":"egypt tour packages","alternateName":"egypt tour packages","url":"https:\/\/egytourpackages.com\/cs\/","logo":{"@id":"https:\/\/egytourpackages.com\/cs\/prohlidky\/soukromy-denni-vylet-do-kahiry-z-makadi-bay\/#local-main-organization-logo"},"image":{"@id":"https:\/\/egytourpackages.com\/cs\/prohlidky\/soukromy-denni-vylet-do-kahiry-z-makadi-bay\/#local-main-organization-logo"},"sameAs":["https:\/\/www.facebook.com\/egytourpackages"],"legalName":"Egy tour packages","address":{"@id":"https:\/\/egytourpackages.com\/cs\/prohlidky\/soukromy-denni-vylet-do-kahiry-z-makadi-bay\/#local-main-place-address"},"telephone":["00201000852186","00201028685533"],"contactPoint":{"@type":"ContactPoint","telephone":"00201000852186"},"openingHoursSpecification":[{"@type":"OpeningHoursSpecification","dayOfWeek":["Monday","Tuesday","Wednesday","Thursday","Friday","Saturday","Sunday"],"opens":"00:00","closes":"23:59"}],"email":"info@egytourpackages.com","areaServed":"Cairo, Hurghada, Luxor, Sharm El Sheikh, Marsa Alam, Aswan","priceRange":"$","currenciesAccepted":"euro","paymentAccepted":"Payment links online"},{"@type":"PostalAddress","@id":"https:\/\/egytourpackages.com\/cs\/prohlidky\/soukromy-denni-vylet-do-kahiry-z-makadi-bay\/#local-main-place-address","streetAddress":"Mubarak 8, Al Kawthar District, Hurghada","addressLocality":"Hurghada","postalCode":"84511","addressRegion":"Red Sea","addressCountry":"EG"},{"@type":"ImageObject","inLanguage":"cs","@id":"https:\/\/egytourpackages.com\/cs\/prohlidky\/soukromy-denni-vylet-do-kahiry-z-makadi-bay\/#local-main-organization-logo","url":"https:\/\/egytourpackages.com\/wp-content\/uploads\/2025\/12\/Turquoise-Dahabiya-Nile-Cruise-1.jpeg","contentUrl":"https:\/\/egytourpackages.com\/wp-content\/uploads\/2025\/12\/Turquoise-Dahabiya-Nile-Cruise-1.jpeg","width":1040,"height":694,"caption":"egypt tour packages"}]},"product_brand":"Jednodenn\u00ed v\u00fdlety po Egypt\u011b","product_price_amount":"150","product_price_currency":"EUR","og_availability":"instock","product_availability":"instock","product_retailer_item_id":"MBE06","product_condition":"new","geo.placename":"Hurghada","geo.region":"Egypt"},"_links":{"self":[{"href":"https:\/\/egytourpackages.com\/cs\/wp-json\/wp\/v2\/product\/5121","targetHints":{"allow":["GET"]}}],"collection":[{"href":"https:\/\/egytourpackages.com\/cs\/wp-json\/wp\/v2\/product"}],"about":[{"href":"https:\/\/egytourpackages.com\/cs\/wp-json\/wp\/v2\/types\/product"}],"replies":[{"embeddable":true,"href":"https:\/\/egytourpackages.com\/cs\/wp-json\/wp\/v2\/comments?post=5121"}],"wp:featuredmedia":[{"embeddable":true,"href":"https:\/\/egytourpackages.com\/cs\/wp-json\/wp\/v2\/media\/2869"}],"wp:attachment":[{"href":"https:\/\/egytourpackages.com\/cs\/wp-json\/wp\/v2\/media?parent=5121"}],"wp:term":[{"taxonomy":"product_brand","embeddable":true,"href":"https:\/\/egytourpackages.com\/cs\/wp-json\/wp\/v2\/product_brand?post=5121"},{"taxonomy":"product_cat","embeddable":true,"href":"https:\/\/egytourpackages.com\/cs\/wp-json\/wp\/v2\/product_cat?post=5121"},{"taxonomy":"product_tag","embeddable":true,"href":"https:\/\/egytourpackages.com\/cs\/wp-json\/wp\/v2\/product_tag?post=5121"}],"curies":[{"name":"wp","href":"https:\/\/api.w.org\/{rel}","templated":true}]}}